{"id":3045,"date":"2025-08-18T13:16:48","date_gmt":"2025-08-18T11:16:48","guid":{"rendered":"https:\/\/strangercam.com\/?page_id=3045"},"modified":"2025-08-18T14:11:55","modified_gmt":"2025-08-18T12:11:55","slug":"kizlarla-goruntulu-sohbet","status":"publish","type":"page","link":"https:\/\/strangercam.com\/tr\/video-chat-with-girls\/","title":{"rendered":"K\u0131zlarla G\u00f6r\u00fcnt\u00fcl\u00fc Sohbet"},"content":{"rendered":"<p>Video \u00e7ekmek i\u00e7in en iyi yeri mi ar\u0131yorsunuz? <a href=\"https:\/\/strangercam.com\/tr\/chathub\/\">sohbet<\/a> K\u0131zlarla m\u0131? Yaln\u0131z de\u011filsiniz. Her g\u00fcn binlerce insan d\u00fcnyan\u0131n d\u00f6rt bir yan\u0131ndaki ger\u00e7ek kad\u0131nlarla ger\u00e7ek, spontane sohbetler i\u00e7in internete giriyor. Profiller aras\u0131nda durmaks\u0131z\u0131n gezindi\u011finiz arkada\u015fl\u0131k uygulamalar\u0131n\u0131n veya her \u015feyin sahnelenmi\u015f gibi geldi\u011fi sosyal medyan\u0131n aksine, k\u0131zlarla canl\u0131 g\u00f6r\u00fcnt\u00fcl\u00fc sohbet an\u0131nda, ger\u00e7ek ve \u00f6zg\u00fcnd\u00fcr.<\/p>\n<p>StrangerCam gibi platformlar sayesinde art\u0131k bir hesap olu\u015fturma, gizli \u00fccretler \u00f6deme veya bir uygulama indirme zahmetine girmeden istedi\u011finiz zaman k\u0131zlarla \u00fccretsiz g\u00f6r\u00fcnt\u00fcl\u00fc sohbetin keyfini \u00e7\u0131karmak m\u00fcmk\u00fcn. \u0130ster arkada\u015f edinmek, ister fl\u00f6rt etmek veya sadece zaman ge\u00e7irmek isteyin, k\u0131zlarla \u00e7evrimi\u00e7i g\u00f6r\u00fcnt\u00fcl\u00fc sohbet etmek hi\u00e7 bu kadar kolay veya eri\u015filebilir olmam\u0131\u015ft\u0131.<\/p>\n<p>Bu k\u0131lavuz size bilmeniz gereken her \u015feyi g\u00f6sterecek: nas\u0131l \u00e7al\u0131\u015ft\u0131\u011f\u0131, insanlar\u0131n neden onu sevdi\u011fi, en \u00f6nemli \u00f6zellikler, g\u00fcvenlik ipu\u00e7lar\u0131 ve StrangerCam'in neden 2025'teki k\u0131zlarla g\u00f6r\u00fcnt\u00fcl\u00fc sohbet i\u00e7in en iyi platformlardan biri oldu\u011fu.<\/p>\n<h2>K\u0131zlarla G\u00f6r\u00fcnt\u00fcl\u00fc Sohbet Nedir?<\/h2>\n<p>K\u0131zlarla g\u00f6r\u00fcnt\u00fcl\u00fc sohbet, web kameran\u0131z\u0131 ve mikrofonunuzu kullanarak kad\u0131n kullan\u0131c\u0131larla an\u0131nda ba\u011flant\u0131 kurdu\u011funuz canl\u0131, y\u00fcz y\u00fcze \u00e7evrimi\u00e7i bir etkile\u015fimdir. Konu\u015ftu\u011funuz ki\u015fiyi ger\u00e7ekten g\u00f6rebilmeniz ve duyabilmeniz d\u0131\u015f\u0131nda, metin sohbet odalar\u0131n\u0131n modern bir y\u00fckseltmesi gibidir.<\/p>\n<p>Konu\u015fmalar\u0131n ba\u015flamas\u0131n\u0131n zaman ald\u0131\u011f\u0131 sosyal a\u011flar veya arkada\u015fl\u0131k sitelerinin aksine, g\u00f6r\u00fcnt\u00fcl\u00fc sohbet do\u011frudan ger\u00e7ek etkile\u015fimlere ge\u00e7menizi sa\u011flar. Kayd\u0131rma yok, yan\u0131t beklemek yok - sadece an\u0131nda ba\u011flant\u0131.<\/p>\n<h2>\u0130nsanlar Neden K\u0131zlarla \u00dccretsiz G\u00f6r\u00fcnt\u00fcl\u00fc Sohbeti Seviyor?<\/h2>\n<p>K\u0131zlarla \u00fccretsiz g\u00f6r\u00fcnt\u00fcl\u00fc sohbetin artan pop\u00fclaritesi birka\u00e7 basit nedenle a\u00e7\u0131klanabilir:<\/p>\n<ul>\n<li>\u00d6zg\u00fcnl\u00fck: Metnin aksine, video kim oldu\u011funuzu taklit etmeyi imkans\u0131z hale getirir. Ger\u00e7ek bir ki\u015fiyle konu\u015ftu\u011funuzu bilirsiniz.<\/li>\n<li>An\u0131nda Ba\u011flant\u0131: Uzun kay\u0131tlar yok, zaman kayb\u0131 yok; an\u0131nda ba\u011flan\u0131yorsunuz.<\/li>\n<li>Bilinmeyenin Heyecan\u0131: Her sohbet benzersizdir ve her seferinde farkl\u0131 bir \u015fey sunar.<\/li>\n<li>Arkada\u015fl\u0131k ve Fl\u00f6rt: Baz\u0131lar\u0131 yeni arkada\u015flar bulmak i\u00e7in, baz\u0131lar\u0131 ise zarars\u0131z e\u011flence ve fl\u00f6rt i\u00e7in kullan\u0131r.<\/li>\n<li>\u00c7e\u015fitlilik: D\u00fcnyan\u0131n d\u00f6rt bir yan\u0131ndan gelen k\u0131zlarla sohbet edin, yeni k\u00fclt\u00fcrleri deneyimleyin ve bak\u0131\u015f a\u00e7\u0131n\u0131z\u0131 geni\u015fletin.<\/li>\n<li>Eri\u015filebilirlik: StrangerCam gibi platformlar 100%'yi hem mobil hem de masa\u00fcst\u00fcnde \u00fccretsiz ve kullan\u0131m\u0131 kolay hale getirir.<\/li>\n<\/ul>\n<h2>K\u0131zlarla G\u00f6r\u00fcnt\u00fcl\u00fc Sohbet Nas\u0131l \u00c7al\u0131\u015f\u0131r?<\/h2>\n<p>K\u0131zlarla g\u00f6r\u00fcnt\u00fcl\u00fc sohbet ba\u015flatmak yeni ba\u015flayanlar i\u00e7in bile basittir:<\/p>\n<ol>\n<li>Telefonunuzda veya bilgisayar\u0131n\u0131zda bir g\u00f6r\u00fcnt\u00fcl\u00fc sohbet platformu (StrangerCam gibi) a\u00e7\u0131n.<\/li>\n<li>\u0130stendi\u011finde web kameran\u0131z\u0131 ve mikrofonunuzu etkinle\u015ftirin.<\/li>\n<li>Varsa tercihleri se\u00e7in (\u00f6rne\u011fin, yaln\u0131zca kad\u0131n kullan\u0131c\u0131larla e\u015fle\u015fmeyi se\u00e7in).<\/li>\n<li>\"Sohbeti Ba\u015flat \"a t\u0131klay\u0131n. An\u0131nda rastgele bir k\u0131zla ba\u011flant\u0131 kuracaks\u0131n\u0131z.<\/li>\n<li>Sohbetinizin tad\u0131n\u0131 \u00e7\u0131kar\u0131n! E\u011fer sohbeti sevmediyseniz, yeni biriyle tan\u0131\u015fmak i\u00e7in \"\u0130leri \"ye t\u0131klay\u0131n.<\/li>\n<\/ol>\n<p>T\u00fcm s\u00fcre\u00e7 bir dakikadan k\u0131sa s\u00fcrer.<\/p>\n<h2>Aranacak En \u00d6nemli \u00d6zellikler<\/h2>\n<p>K\u0131zlarla g\u00f6r\u00fcnt\u00fcl\u00fc sohbetin reklam\u0131n\u0131 yapan her platform zaman ay\u0131rmaya de\u011fmez. Bir\u00e7o\u011fu \u00f6zellikleri \u00f6deme duvarlar\u0131n\u0131n arkas\u0131na gizler veya vaatlerini yerine getirmez. \u0130\u015fte araman\u0131z gerekenler:<\/p>\n<h3>1. \u00dccretsiz Cinsiyet Filtreleri<\/h3>\n<p>\u00d6zellikle k\u0131zlarla tan\u0131\u015fmak istiyorsan\u0131z \u00e7al\u0131\u015fan bir cinsiyet filtresi \u015fartt\u0131r. Bunun reklam\u0131n\u0131 yapan ancak yaln\u0131zca \u00f6deme yap\u0131ld\u0131ktan sonra kilidini a\u00e7an sitelere dikkat edin.<\/p>\n<h3>2. Kay\u0131t Gerektirmez<\/h3>\n<p>Sohbet etmeye ba\u015flamak i\u00e7in bir hesap olu\u015fturman\u0131z veya ki\u015fisel bilgilerinizi vermeniz gerekmez.<\/p>\n<h3>3. G\u00fc\u00e7l\u00fc Moderasyon<\/h3>\n<p>\u0130yi platformlar, ortam\u0131 g\u00fcvenli ve dostane tutmak i\u00e7in aktif moderat\u00f6rlere ve raporlama ara\u00e7lar\u0131na sahiptir.<\/p>\n<h3>4. Y\u00fcksek Kaliteli Video<\/h3>\n<p>Ak\u0131c\u0131, g\u00fcvenilir video ve ses, konu\u015fmalar\u0131 do\u011fal ve keyifli hale getirir.<\/p>\n<h3>5. Mobil Uyumlu Tasar\u0131m<\/h3>\n<p>K\u0131zlarla sadece bir bilgisayardan de\u011fil, telefonunuzdan veya tabletinizden kolayca g\u00f6r\u00fcnt\u00fcl\u00fc sohbet edebilmelisiniz.<\/p>\n<h3>6. K\u00fcresel Topluluk<\/h3>\n<p>Daha geni\u015f bir kullan\u0131c\u0131 taban\u0131, daha fazla \u00e7e\u015fitlilik ve ilgin\u00e7 insanlarla ba\u011flant\u0131 kurma \u015fans\u0131 anlam\u0131na gelir.<\/p>\n<h2>2025'te K\u0131zlarla G\u00f6r\u00fcnt\u00fcl\u00fc Sohbet Etmek \u0130\u00e7in En \u0130yi Platformlar<\/h2>\n<p>\u0130\u015fte insanlar\u0131n k\u0131zlarla g\u00f6r\u00fcnt\u00fcl\u00fc sohbet etmek i\u00e7in kulland\u0131klar\u0131 pop\u00fcler platformlar\u0131n bir kar\u015f\u0131la\u015ft\u0131rmas\u0131:<\/p>\n<table>\n<thead>\n<tr>\n<th>Platform<\/th>\n<th align=\"center\">\u00dccretsiz Cinsiyet Filtresi<\/th>\n<th align=\"center\">Kay\u0131t Gerekli<\/th>\n<th align=\"center\">Mobil Destek<\/th>\n<th align=\"center\">Moderasyon<\/th>\n<th>Notlar<\/th>\n<\/tr>\n<\/thead>\n<tbody>\n<tr>\n<td>StrangerCam<\/td>\n<td align=\"center\">\u2705<\/td>\n<td align=\"center\">\u274c<\/td>\n<td align=\"center\">\u2705<\/td>\n<td align=\"center\">\u2705<\/td>\n<td>100% \u00fccretsiz, \u00e7al\u0131\u015fan cinsiyet filtresi<\/td>\n<\/tr>\n<tr>\n<td><a href=\"https:\/\/strangercam.com\/tr\/chatroulette\/\">Chatroulette<\/a><\/td>\n<td align=\"center\">\u274c (\u00dccretli)<\/td>\n<td align=\"center\">\u274c<\/td>\n<td align=\"center\">\u2705<\/td>\n<td align=\"center\">\u2705<\/td>\n<td>Klasik, ancak cinsiyet filtresi maliyetleri<\/td>\n<\/tr>\n<tr>\n<td>Chatrandom<\/td>\n<td align=\"center\">\u274c (\u00dccretli)<\/td>\n<td align=\"center\">\u274c<\/td>\n<td align=\"center\">\u2705<\/td>\n<td align=\"center\">\u2705<\/td>\n<td>Pop\u00fcler, ancak bir\u00e7ok \u00f6deme duvar\u0131 var<\/td>\n<\/tr>\n<tr>\n<td><a href=\"https:\/\/strangercam.com\/tr\/ometv\/\">OmeTV<\/a><\/td>\n<td align=\"center\">\u274c<\/td>\n<td align=\"center\">\u274c<\/td>\n<td align=\"center\">\u2705<\/td>\n<td align=\"center\">\u2705<\/td>\n<td>Mobil uygulama, sadece rastgele<\/td>\n<\/tr>\n<tr>\n<td>Shagle<\/td>\n<td align=\"center\">\u274c (\u00dccretli)<\/td>\n<td align=\"center\">\u274c<\/td>\n<td align=\"center\">\u2705<\/td>\n<td align=\"center\">\u2705<\/td>\n<td>Y\u00fckseltmeleri yo\u011fun bir \u015fekilde zorlar<\/td>\n<\/tr>\n<tr>\n<td><a href=\"https:\/\/strangercam.com\/tr\/coomeet\/\">CooMeet<\/a><\/td>\n<td align=\"center\">\u2705 (Yaln\u0131zca Deneme)<\/td>\n<td align=\"center\">\u2705<\/td>\n<td align=\"center\">\u2705<\/td>\n<td align=\"center\">\u2705<\/td>\n<td>Birka\u00e7 \u00fccretsiz sohbetten sonra \u00f6dendi<\/td>\n<\/tr>\n<tr>\n<td>LuckyCrush<\/td>\n<td align=\"center\">\u2705 (\u00dccretli)<\/td>\n<td align=\"center\">\u2705<\/td>\n<td align=\"center\">\u2705<\/td>\n<td align=\"center\">\u2705<\/td>\n<td>Cinsiyete dayal\u0131 e\u015fle\u015ftirme, her zaman \u00fccretli<\/td>\n<\/tr>\n<\/tbody>\n<\/table>\n<p>StrangerCam, ger\u00e7ek, \u00fccretsiz bir cinsiyet filtresi ve k\u0131zlarla s\u0131n\u0131rs\u0131z g\u00f6r\u00fcnt\u00fcl\u00fc sohbet sunan tek platformlardan biridir - hile yok, gizli \u00fccret yok.<\/p>\n<h2>StrangerCam Neden K\u0131zlarla G\u00f6r\u00fcnt\u00fcl\u00fc Sohbet Etmek \u0130\u00e7in En \u0130yi Yer<\/h2>\n<p>K\u0131zlarla g\u00f6r\u00fcnt\u00fcl\u00fc sohbet s\u00f6z konusu oldu\u011funda, StrangerCam'in birka\u00e7 g\u00f6ze \u00e7arpan avantaj\u0131 vard\u0131r:<\/p>\n<h3>1. Ger\u00e7ekten \u00dccretsiz ve S\u0131n\u0131rs\u0131z<\/h3>\n<p>Krediler, limitler veya gizli \u00fccretler hakk\u0131nda endi\u015felenmeden istedi\u011finiz kadar sohbet edin.<\/p>\n<h3>2. \u0130\u015fe Yarayan \u00dccretsiz Cinsiyet Filtresi<\/h3>\n<p>\u00c7o\u011fu sitenin aksine, StrangerCam k\u0131zlar\u0131 \u00fccretsiz se\u00e7menize izin veriyor-\u00f6deme duvar\u0131 yok.<\/p>\n<h3>3. Kay\u0131t veya \u0130ndirme Gerekmez<\/h3>\n<p>Bir hesaba, e-postaya veya telefon numaras\u0131na ihtiyac\u0131n\u0131z yok. Sadece t\u0131klay\u0131n ve sohbete ba\u015flay\u0131n.<\/p>\n<h3>4. G\u00fcvenli ve Moderat\u00f6rl\u00fc<\/h3>\n<p>Yerle\u015fik raporlama ve aktif moderat\u00f6rler olumlu bir toplulu\u011fun korunmas\u0131na yard\u0131mc\u0131 olur.<\/p>\n<h3>5. K\u00fcresel Kad\u0131n Kullan\u0131c\u0131 Taban\u0131<\/h3>\n<p>G\u00fcn\u00fcn herhangi bir saatinde d\u00fczinelerce \u00fclkeden k\u0131zlarla tan\u0131\u015f\u0131n.<\/p>\n<h3>6. Mobil ve Masa\u00fcst\u00fc Optimize Edilmi\u015f<\/h3>\n<p>\u0130ster telefonda, ister tablette veya bilgisayarda olun, StrangerCam her yerde sorunsuz \u00e7al\u0131\u015f\u0131r.<\/p>\n<h2>Ger\u00e7ek Kullan\u0131c\u0131 G\u00f6r\u00fc\u015fleri<\/h2>\n<blockquote><p><em>\"\u00c7o\u011fu site k\u0131zlarla \u00fccretsiz g\u00f6r\u00fcnt\u00fcl\u00fc sohbet edebilece\u011fimi s\u00f6yledi ama sonra benden \u00fccret almaya \u00e7al\u0131\u015ft\u0131. StrangerCam, cinsiyet filtresinin ger\u00e7ekten para \u00f6demeden \u00e7al\u0131\u015ft\u0131\u011f\u0131 ilk siteydi.\"<\/em><br \/>\n- Ethan, 28 ya\u015f\u0131nda.<\/p><\/blockquote>\n<blockquote><p><em>\"Bir kad\u0131n olarak burada kendimi di\u011fer platformlara k\u0131yasla daha g\u00fcvende hissediyorum. An\u0131nda atlayabiliyor, engelleyebiliyor ve raporlayabiliyorum, bu da beni daha rahat hissettiriyor.\"<\/em><br \/>\n- Laura, 24 ya\u015f\u0131nda.<\/p><\/blockquote>\n<blockquote><p><em>\"Bir ak\u015fam i\u00e7inde Brezilya, \u0130spanya ve ABD'den k\u0131zlarla tan\u0131\u015ft\u0131m. Ba\u011f\u0131ml\u0131l\u0131k yap\u0131c\u0131 ama e\u011flenceli.\"<\/em><br \/>\n- David, 30 ya\u015f\u0131nda.<\/p><\/blockquote>\n<blockquote><p><em>\"H\u0131zl\u0131, kolay ve asl\u0131nda \u00fccretsiz. K\u0131zlarla \u00e7evrimi\u00e7i sohbet etmek istedi\u011fimde StrangerCam benim tercihim.\"<\/em><br \/>\n- Chris, 21 ya\u015f\u0131nda.<\/p><\/blockquote>\n<h2>K\u0131zlarla G\u00f6r\u00fcnt\u00fcl\u00fc Sohbet \u0130\u00e7in G\u00fcvenlik \u0130pu\u00e7lar\u0131<\/h2>\n<p>T\u00fcm \u00e7evrimi\u00e7i platformlarda oldu\u011fu gibi, g\u00fcvenli\u011finiz her zaman \u00f6nce gelmelidir. \u0130\u015fte uyulmas\u0131 gereken baz\u0131 kurallar:<\/p>\n<ul>\n<li>Ki\u015fisel Bilgilerinizi Payla\u015fmay\u0131n: Ad\u0131n\u0131z\u0131, adresinizi, telefonunuzu ve e-postan\u0131z\u0131 gizli tutun.<\/li>\n<li>Rahats\u0131zsan\u0131z Atlay\u0131n: Bir konu\u015fma do\u011fru gelmiyorsa \"\u0130leri \"ye t\u0131klay\u0131n.<\/li>\n<li>Ba\u011flant\u0131lara T\u0131klamaktan Ka\u00e7\u0131n\u0131n: Yabanc\u0131lar taraf\u0131ndan payla\u015f\u0131lan harici ba\u011flant\u0131lar\u0131 a\u00e7may\u0131n.<\/li>\n<li>Arka Plan\u0131n\u0131z\u0131 Kontrol Edin: Arkan\u0131zda \u00f6zel hi\u00e7bir \u015feyin g\u00f6r\u00fcnmedi\u011finden emin olun.<\/li>\n<li>Anonim Kal\u0131n: G\u00f6r\u00fcn\u00fcr bir ad istenirse bir takma ad kullan\u0131n.<\/li>\n<li>18 Ya\u015f\u0131ndan K\u00fc\u00e7\u00fckseniz Kullanmay\u0131n: Platformun ya\u015f s\u0131n\u0131rlamalar\u0131na her zaman sayg\u0131 g\u00f6sterin.<\/li>\n<\/ul>\n<h2>Nas\u0131l Ba\u015flan\u0131r - Ad\u0131m Ad\u0131m<\/h2>\n<p>K\u0131zlarla g\u00f6r\u00fcnt\u00fcl\u00fc sohbete ba\u015flamak bir dakikadan az s\u00fcrer:<\/p>\n<ol>\n<li>Cihaz\u0131n\u0131zda StrangerCam'i a\u00e7\u0131n.<\/li>\n<li>Kamera ve mikrofon eri\u015fimine izin verin.<\/li>\n<li>Cinsiyet filtresini se\u00e7in (\"k\u0131zlar \"\u0131 se\u00e7in).<\/li>\n<li>An\u0131nda e\u015fle\u015fmek i\u00e7in Sohbeti Ba\u015flat'a t\u0131klay\u0131n.<\/li>\n<li>Konu\u015fman\u0131z\u0131n tad\u0131n\u0131 \u00e7\u0131kar\u0131n. \u0130stedi\u011finiz zaman devam etmek i\u00e7in \u0130leri'ye t\u0131klay\u0131n.<\/li>\n<\/ol>\n<p>Tek gereken bu - h\u0131zl\u0131, basit ve \u00fccretsiz.<\/p>\n<h2>Son D\u00fc\u015f\u00fcnceler - K\u0131zlarla \u00dccretsiz G\u00f6r\u00fcnt\u00fcl\u00fc Sohbeti \u015eimdi Deneyin<\/h2>\n<p>K\u0131zlarla g\u00f6r\u00fcnt\u00fcl\u00fc sohbet etmek i\u00e7in bir yer ar\u0131yorsan\u0131z, iyi haber \u015fu ki, 2025'te her zamankinden daha kolay. StrangerCam ihtiyac\u0131n\u0131z olan her \u015feyi sunuyor: \u00fccretsiz bir cinsiyet filtresi, an\u0131nda e\u015fle\u015ftirme, g\u00fcvenli moderasyon ve 7\/24 hizmet veren k\u00fcresel bir kad\u0131n toplulu\u011fu.<\/p>\n<p>\u00dccretsiz g\u00f6r\u00fcnt\u00fcl\u00fc sohbet vaat eden ancak her \u015feyi aboneliklerin arkas\u0131na saklayan platformlarda zaman\u0131n\u0131z\u0131 bo\u015fa harcamay\u0131n. Ger\u00e7ekten \u00fccretsiz, g\u00fcvenli ve e\u011flenceli bir site se\u00e7in.<\/p>\n<p>Yeni biriyle tan\u0131\u015fmaya haz\u0131r m\u0131s\u0131n\u0131z? Bug\u00fcn k\u0131zlarla \u00fccretsiz bir g\u00f6r\u00fcnt\u00fcl\u00fc sohbet ba\u015flat\u0131n ve spontane ba\u011flant\u0131lar\u0131n heyecan\u0131n\u0131 ke\u015ffedin.<\/p>","protected":false},"excerpt":{"rendered":"<p>Are you searching for the best place to video chat with girls? You\u2019re not alone. Every day, thousands of people go online looking for genuine, spontaneous conversations with real women around the world. Unlike dating apps, where you scroll through profiles endlessly, or social media, where everything feels staged, live video chat with girls is [&hellip;]<\/p>\n","protected":false},"author":8,"featured_media":0,"parent":0,"menu_order":0,"comment_status":"closed","ping_status":"closed","template":"","meta":{"footnotes":""},"class_list":["post-3045","page","type-page","status-publish","hentry"],"yoast_head":"<!-- This site is optimized with the Yoast SEO plugin v27.4 - https:\/\/yoast.com\/product\/yoast-seo-wordpress\/ -->\n<title>Video Chat With Girls with Random Chat on Strangercam.com<\/title>\n<meta name=\"description\" content=\"Liking Video Chat With Girls? Join millions on StrangerCam.com! Start a random video chat, turn on your cam, and meet strangers instantly.\" \/>\n<meta name=\"robots\" content=\"index, follow, max-snippet:-1, max-image-preview:large, max-video-preview:-1\" \/>\n<link rel=\"canonical\" href=\"https:\/\/strangercam.com\/tr\/kizlarla-goruntulu-sohbet\/\" \/>\n<meta property=\"og:locale\" content=\"tr_TR\" \/>\n<meta property=\"og:type\" content=\"article\" \/>\n<meta property=\"og:title\" content=\"Video Chat With Girls with Random Chat on Strangercam.com\" \/>\n<meta property=\"og:description\" content=\"Liking Video Chat With Girls? Join millions on StrangerCam.com! Start a random video chat, turn on your cam, and meet strangers instantly.\" \/>\n<meta property=\"og:url\" content=\"https:\/\/strangercam.com\/tr\/kizlarla-goruntulu-sohbet\/\" \/>\n<meta property=\"og:site_name\" content=\"Strangercam\" \/>\n<meta property=\"article:publisher\" content=\"https:\/\/www.facebook.com\/strangercam\" \/>\n<meta property=\"article:modified_time\" content=\"2025-08-18T12:11:55+00:00\" \/>\n<meta property=\"og:image\" content=\"https:\/\/strangercam.com\/wp-content\/uploads\/2021\/10\/Untitled-2.png\" \/>\n\t<meta property=\"og:image:width\" content=\"800\" \/>\n\t<meta property=\"og:image:height\" content=\"532\" \/>\n\t<meta property=\"og:image:type\" content=\"image\/png\" \/>\n<meta name=\"twitter:card\" content=\"summary_large_image\" \/>\n<meta name=\"twitter:site\" content=\"@strangercamapp\" \/>\n<meta name=\"twitter:label1\" content=\"Tahmini okuma s\u00fcresi\" \/>\n\t<meta name=\"twitter:data1\" content=\"5 dakika\" \/>\n<script type=\"application\/ld+json\" class=\"yoast-schema-graph\">{\"@context\":\"https:\\\/\\\/schema.org\",\"@graph\":[{\"@type\":\"WebPage\",\"@id\":\"https:\\\/\\\/strangercam.com\\\/video-chat-with-girls\\\/\",\"url\":\"https:\\\/\\\/strangercam.com\\\/video-chat-with-girls\\\/\",\"name\":\"Video Chat With Girls with Random Chat on Strangercam.com\",\"isPartOf\":{\"@id\":\"https:\\\/\\\/strangercam.com\\\/#website\"},\"datePublished\":\"2025-08-18T11:16:48+00:00\",\"dateModified\":\"2025-08-18T12:11:55+00:00\",\"description\":\"Liking Video Chat With Girls? Join millions on StrangerCam.com! Start a random video chat, turn on your cam, and meet strangers instantly.\",\"breadcrumb\":{\"@id\":\"https:\\\/\\\/strangercam.com\\\/video-chat-with-girls\\\/#breadcrumb\"},\"inLanguage\":\"tr\",\"potentialAction\":[{\"@type\":\"ReadAction\",\"target\":[\"https:\\\/\\\/strangercam.com\\\/video-chat-with-girls\\\/\"]}]},{\"@type\":\"BreadcrumbList\",\"@id\":\"https:\\\/\\\/strangercam.com\\\/video-chat-with-girls\\\/#breadcrumb\",\"itemListElement\":[{\"@type\":\"ListItem\",\"position\":1,\"name\":\"Home\",\"item\":\"https:\\\/\\\/strangercam.com\\\/\"},{\"@type\":\"ListItem\",\"position\":2,\"name\":\"Video Chat With Girls\"}]},{\"@type\":\"WebSite\",\"@id\":\"https:\\\/\\\/strangercam.com\\\/#website\",\"url\":\"https:\\\/\\\/strangercam.com\\\/\",\"name\":\"Strangercam\",\"description\":\"Random Video Chat with Strangers\",\"publisher\":{\"@id\":\"https:\\\/\\\/strangercam.com\\\/#organization\"},\"alternateName\":\"Strangercam.com\",\"potentialAction\":[{\"@type\":\"SearchAction\",\"target\":{\"@type\":\"EntryPoint\",\"urlTemplate\":\"https:\\\/\\\/strangercam.com\\\/?s={search_term_string}\"},\"query-input\":{\"@type\":\"PropertyValueSpecification\",\"valueRequired\":true,\"valueName\":\"search_term_string\"}}],\"inLanguage\":\"tr\"},{\"@type\":\"Organization\",\"@id\":\"https:\\\/\\\/strangercam.com\\\/#organization\",\"name\":\"Strangercam\",\"alternateName\":\"Strangercam.com\",\"url\":\"https:\\\/\\\/strangercam.com\\\/\",\"logo\":{\"@type\":\"ImageObject\",\"inLanguage\":\"tr\",\"@id\":\"https:\\\/\\\/strangercam.com\\\/#\\\/schema\\\/logo\\\/image\\\/\",\"url\":\"https:\\\/\\\/strangercam.com\\\/wp-content\\\/uploads\\\/2020\\\/11\\\/cropped-new-favicon-black.png\",\"contentUrl\":\"https:\\\/\\\/strangercam.com\\\/wp-content\\\/uploads\\\/2020\\\/11\\\/cropped-new-favicon-black.png\",\"width\":512,\"height\":512,\"caption\":\"Strangercam\"},\"image\":{\"@id\":\"https:\\\/\\\/strangercam.com\\\/#\\\/schema\\\/logo\\\/image\\\/\"},\"sameAs\":[\"https:\\\/\\\/www.facebook.com\\\/strangercam\",\"https:\\\/\\\/x.com\\\/strangercamapp\"]}]}<\/script>\n<!-- \/ Yoast SEO plugin. -->","yoast_head_json":{"title":"Strangercam.com'da Rastgele Sohbet ile K\u0131zlarla G\u00f6r\u00fcnt\u00fcl\u00fc Sohbet","description":"K\u0131zlarla G\u00f6r\u00fcnt\u00fcl\u00fc Sohbetten Ho\u015flan\u0131yor musunuz? StrangerCam.com'da Join milyonlarca! Rastgele bir g\u00f6r\u00fcnt\u00fcl\u00fc sohbet ba\u015flat\u0131n, kameran\u0131z\u0131 a\u00e7\u0131n ve yabanc\u0131larla an\u0131nda tan\u0131\u015f\u0131n.","robots":{"index":"index","follow":"follow","max-snippet":"max-snippet:-1","max-image-preview":"max-image-preview:large","max-video-preview":"max-video-preview:-1"},"canonical":"https:\/\/strangercam.com\/tr\/kizlarla-goruntulu-sohbet\/","og_locale":"tr_TR","og_type":"article","og_title":"Video Chat With Girls with Random Chat on Strangercam.com","og_description":"Liking Video Chat With Girls? Join millions on StrangerCam.com! Start a random video chat, turn on your cam, and meet strangers instantly.","og_url":"https:\/\/strangercam.com\/tr\/kizlarla-goruntulu-sohbet\/","og_site_name":"Strangercam","article_publisher":"https:\/\/www.facebook.com\/strangercam","article_modified_time":"2025-08-18T12:11:55+00:00","og_image":[{"width":800,"height":532,"url":"https:\/\/strangercam.com\/wp-content\/uploads\/2021\/10\/Untitled-2.png","type":"image\/png"}],"twitter_card":"summary_large_image","twitter_site":"@strangercamapp","twitter_misc":{"Tahmini okuma s\u00fcresi":"5 dakika"},"schema":{"@context":"https:\/\/schema.org","@graph":[{"@type":"WebPage","@id":"https:\/\/strangercam.com\/video-chat-with-girls\/","url":"https:\/\/strangercam.com\/video-chat-with-girls\/","name":"Strangercam.com'da Rastgele Sohbet ile K\u0131zlarla G\u00f6r\u00fcnt\u00fcl\u00fc Sohbet","isPartOf":{"@id":"https:\/\/strangercam.com\/#website"},"datePublished":"2025-08-18T11:16:48+00:00","dateModified":"2025-08-18T12:11:55+00:00","description":"K\u0131zlarla G\u00f6r\u00fcnt\u00fcl\u00fc Sohbetten Ho\u015flan\u0131yor musunuz? StrangerCam.com'da Join milyonlarca! Rastgele bir g\u00f6r\u00fcnt\u00fcl\u00fc sohbet ba\u015flat\u0131n, kameran\u0131z\u0131 a\u00e7\u0131n ve yabanc\u0131larla an\u0131nda tan\u0131\u015f\u0131n.","breadcrumb":{"@id":"https:\/\/strangercam.com\/video-chat-with-girls\/#breadcrumb"},"inLanguage":"tr","potentialAction":[{"@type":"ReadAction","target":["https:\/\/strangercam.com\/video-chat-with-girls\/"]}]},{"@type":"BreadcrumbList","@id":"https:\/\/strangercam.com\/video-chat-with-girls\/#breadcrumb","itemListElement":[{"@type":"ListItem","position":1,"name":"Home","item":"https:\/\/strangercam.com\/"},{"@type":"ListItem","position":2,"name":"Video Chat With Girls"}]},{"@type":"WebSite","@id":"https:\/\/strangercam.com\/#website","url":"https:\/\/strangercam.com\/","name":"Strangercam","description":"Yabanc\u0131larla Rastgele G\u00f6r\u00fcnt\u00fcl\u00fc Sohbet","publisher":{"@id":"https:\/\/strangercam.com\/#organization"},"alternateName":"Strangercam.com","potentialAction":[{"@type":"SearchAction","target":{"@type":"EntryPoint","urlTemplate":"https:\/\/strangercam.com\/?s={search_term_string}"},"query-input":{"@type":"PropertyValueSpecification","valueRequired":true,"valueName":"search_term_string"}}],"inLanguage":"tr"},{"@type":"Organization","@id":"https:\/\/strangercam.com\/#organization","name":"Strangercam","alternateName":"Strangercam.com","url":"https:\/\/strangercam.com\/","logo":{"@type":"ImageObject","inLanguage":"tr","@id":"https:\/\/strangercam.com\/#\/schema\/logo\/image\/","url":"https:\/\/strangercam.com\/wp-content\/uploads\/2020\/11\/cropped-new-favicon-black.png","contentUrl":"https:\/\/strangercam.com\/wp-content\/uploads\/2020\/11\/cropped-new-favicon-black.png","width":512,"height":512,"caption":"Strangercam"},"image":{"@id":"https:\/\/strangercam.com\/#\/schema\/logo\/image\/"},"sameAs":["https:\/\/www.facebook.com\/strangercam","https:\/\/x.com\/strangercamapp"]}]}},"_links":{"self":[{"href":"https:\/\/strangercam.com\/tr\/wp-json\/wp\/v2\/pages\/3045","targetHints":{"allow":["GET"]}}],"collection":[{"href":"https:\/\/strangercam.com\/tr\/wp-json\/wp\/v2\/pages"}],"about":[{"href":"https:\/\/strangercam.com\/tr\/wp-json\/wp\/v2\/types\/page"}],"author":[{"embeddable":true,"href":"https:\/\/strangercam.com\/tr\/wp-json\/wp\/v2\/users\/8"}],"replies":[{"embeddable":true,"href":"https:\/\/strangercam.com\/tr\/wp-json\/wp\/v2\/comments?post=3045"}],"version-history":[{"count":2,"href":"https:\/\/strangercam.com\/tr\/wp-json\/wp\/v2\/pages\/3045\/revisions"}],"predecessor-version":[{"id":12968,"href":"https:\/\/strangercam.com\/tr\/wp-json\/wp\/v2\/pages\/3045\/revisions\/12968"}],"wp:attachment":[{"href":"https:\/\/strangercam.com\/tr\/wp-json\/wp\/v2\/media?parent=3045"}],"curies":[{"name":"wp","href":"https:\/\/api.w.org\/{rel}","templated":true}]}}