{"id":148,"date":"2025-08-18T12:34:38","date_gmt":"2025-08-18T10:34:38","guid":{"rendered":"https:\/\/strangercam.com\/?page_id=148"},"modified":"2025-08-18T14:02:52","modified_gmt":"2025-08-18T12:02:52","slug":"kameradan-kameraya-sohbet","status":"publish","type":"page","link":"https:\/\/strangercam.com\/tr\/cam-to-cam-chat\/","title":{"rendered":"\u00dccretsiz Kameradan Kameraya Sohbet"},"content":{"rendered":"<p>Evinizden \u00e7\u0131kmadan yeni biriyle y\u00fcz y\u00fcze tan\u0131\u015fmak istediyseniz, <a href=\"https:\/\/strangercam.com\/tr\/bazoocam\/\">cam<\/a> kameraya <a href=\"https:\/\/strangercam.com\/tr\/chathub\/\">sohbet<\/a> bunu yapman\u0131n en heyecan verici yollar\u0131ndan biridir. Kar\u015f\u0131 tarafta ger\u00e7ekten kimin oldu\u011fundan asla emin olamayaca\u011f\u0131n\u0131z metin sohbetinin aksine, kameradan kameraya g\u00f6r\u00fcnt\u00fcl\u00fc sohbet sizi do\u011frudan ger\u00e7ek insanlar\u0131n \u00f6n\u00fcne koyar - an\u0131nda. Ve en iyi k\u0131sm\u0131? StrangerCam gibi platformlarla, kay\u0131t olmak, \u00f6deme yapmak veya bir uygulama indirmek zorunda kalmadan \u00fccretsiz kameradan kameraya sohbetin keyfini \u00e7\u0131karabilirsiniz.<\/p>\n<p>Bu k\u0131lavuzda, kameradan kameraya sohbetin nas\u0131l \u00e7al\u0131\u015ft\u0131\u011f\u0131n\u0131, neden bu kadar pop\u00fcler oldu\u011funu, hangi \u00f6zelliklerin en \u00f6nemli oldu\u011funu ve 2025'teki en iyi platformlar\u0131 nas\u0131l se\u00e7ece\u011finizi ke\u015ffedece\u011fiz. \u0130ster yeni arkada\u015flar edinmek, ister k\u0131zlarla tan\u0131\u015fmak, fl\u00f6rt etmek ya da sadece can s\u0131k\u0131nt\u0131n\u0131z\u0131 gidermek i\u00e7in burada olun, bu makale size bilmeniz gereken her \u015feyi verecektir.<\/p>\n<h2>Kameradan Kameraya Sohbet Nedir?<\/h2>\n<p>Kameradan kameraya sohbet, iki ki\u015finin web kameralar\u0131n\u0131 kullanarak y\u00fcz y\u00fcze ba\u011fland\u0131\u011f\u0131 canl\u0131 bir g\u00f6r\u00fcnt\u00fcl\u00fc sohbet sistemidir. Ak\u0131\u015f sitelerinin veya sosyal a\u011flar\u0131n aksine, kameradan kameraya ger\u00e7ek zamanl\u0131 etkile\u015fimle ilgilidir - di\u011fer ki\u015fiyi an\u0131nda g\u00f6r\u00fcr ve duyars\u0131n\u0131z, onlar da sizi g\u00f6r\u00fcr ve duyar.<\/p>\n<p>Grup g\u00f6r\u00fc\u015fmeleri veya konferanslar\u0131n aksine, kameradan kameraya genellikle bire birdir, bu da onu daha ki\u015fisel, \u00f6zel ve spontane hale getirir.<\/p>\n<h2>\u0130nsanlar Neden \u00dccretsiz Kameradan Kameraya Sohbeti Seviyor?<\/h2>\n<p>\u0130nsanlar\u0131n \u00fccretsiz kameradan kameraya sohbet platformlar\u0131na ak\u0131n etmesinin say\u0131s\u0131z nedeni vard\u0131r:<\/p>\n<ul>\n<li>An\u0131nda Ba\u011flant\u0131 - D\u00fcnyan\u0131n d\u00f6rt bir yan\u0131ndan ger\u00e7ek insanlarla saniyeler i\u00e7inde tan\u0131\u015f\u0131n.<\/li>\n<li>Sahte Profil Yok - Canl\u0131 videoda oldu\u011funuz i\u00e7in kar\u015f\u0131n\u0131zdaki ki\u015finin ger\u00e7ek oldu\u011funu bilirsiniz.<\/li>\n<li>Spontanl\u0131k - Her sohbet bir s\u00fcrprizdir; bir sonraki sohbette kiminle kar\u015f\u0131la\u015faca\u011f\u0131n\u0131z\u0131 asla bilemezsiniz.<\/li>\n<li>E\u011flence ve E\u011flence - Can s\u0131k\u0131nt\u0131s\u0131n\u0131 gidermek, sosyal becerileri geli\u015ftirmek veya fl\u00f6rt etmek i\u00e7in m\u00fckemmeldir.<\/li>\n<li>Anonimlik - Bir\u00e7ok site anonim kalman\u0131za izin verir - hesap gerekmez.<\/li>\n<li>S\u0131f\u0131r Maliyet - Do\u011fru platformla, yabanc\u0131larla g\u00f6r\u00fcnt\u00fcl\u00fc sohbet etmek i\u00e7in \u00f6deme yapman\u0131z gerekmez.<\/li>\n<\/ul>\n<h2>Kameradan Kameraya Sohbet Nas\u0131l \u00c7al\u0131\u015f\u0131r?<\/h2>\n<p>S\u00fcre\u00e7 son derece basittir:<\/p>\n<ol>\n<li>Masa\u00fcst\u00fcn\u00fczde veya mobil cihaz\u0131n\u0131zda sohbet sitesini a\u00e7\u0131n.<\/li>\n<li>\u0130stendi\u011finde kamera ve mikrofon eri\u015fimine izin verin.<\/li>\n<li>\"Ba\u015flat\" veya \"\u0130leri \"ye t\u0131klay\u0131n. An\u0131nda rastgele bir yabanc\u0131ya ba\u011flanacaks\u0131n\u0131z.<\/li>\n<li>Kamerada canl\u0131 sohbet edin. E\u011fer ki\u015fiyle aran\u0131zda bir elektrik yoksa, \"\u0130leri \"ye bas\u0131n ve devam edin.<\/li>\n<li>\u0130stedi\u011finiz kadar tekrarlay\u0131n - sohbet \u00fccretsiz ve s\u0131n\u0131rs\u0131zd\u0131r.<\/li>\n<\/ol>\n<p>Baz\u0131 platformlarda, e\u015fle\u015fmelerinizi iyile\u015ftirmek i\u00e7in cinsiyet veya \u00fclke filtreleri uygulayabilirsiniz.<\/p>\n<h2>Aranacak En \u00d6nemli \u00d6zellikler<\/h2>\n<p>Bir kameradan kameraya sohbet sitesi se\u00e7erken, i\u015fte en \u00f6nemli \u015fey:<\/p>\n<ul>\n<li>\u00dccretsiz Eri\u015fim - \u00d6deme duvarlar\u0131 olmadan s\u0131n\u0131rs\u0131z sohbet.<\/li>\n<li>Cinsiyet ve Konum Filtreleri - Kiminle sohbet etmek istedi\u011finizi se\u00e7ebilme.<\/li>\n<li>Tek T\u0131kla Ba\u011flant\u0131lar - Karma\u015f\u0131k kurulum yok.<\/li>\n<li>Mobil Uyumluluk - Hem telefonlarda hem de bilgisayarlarda sorunsuz \u00e7al\u0131\u015f\u0131r.<\/li>\n<li>Moderasyon ve G\u00fcvenlik - Botlara, doland\u0131r\u0131c\u0131lara ve uygunsuz i\u00e7eri\u011fe kar\u015f\u0131 aktif koruma.<\/li>\n<li>Kay\u0131t Gerekmez - Ger\u00e7ek anonimlik ve gizlilik.<\/li>\n<\/ul>\n<h2>\u00dccretsiz Kameradan Kameraya Sohbet vs \u00dccretli Kameradan Kameraya Sohbet<\/h2>\n<p>T\u00fcm kameradan kameraya sohbet platformlar\u0131 e\u015fit de\u011fildir. Baz\u0131lar\u0131 ger\u00e7ek rastgele ba\u011flant\u0131larla \u00fccretsiz eri\u015fim sunarken, di\u011ferleri \u00f6deme duvarlar\u0131n\u0131n arkas\u0131ndaki \u00f6zellikleri k\u0131s\u0131tlar.<\/p>\n<p>\u0130\u015fte kar\u015f\u0131la\u015ft\u0131rmalar\u0131:<\/p>\n<table>\n<thead>\n<tr>\n<th>\u00d6zellik<\/th>\n<th>\u00dccretsiz Kameradan Kameraya Sohbet<\/th>\n<th>\u00dccretli Kameradan Kameraya Sohbet<\/th>\n<\/tr>\n<\/thead>\n<tbody>\n<tr>\n<td>Maliyet<\/td>\n<td>Sonsuza kadar \u00f6zg\u00fcr<\/td>\n<td>Abonelik veya krediler<\/td>\n<\/tr>\n<tr>\n<td>Anonimlik<\/td>\n<td>Kay\u0131t gerekmiyor<\/td>\n<td>Hesap\/\u00f6deme gerektirir<\/td>\n<\/tr>\n<tr>\n<td>Cinsiyet Filtresi<\/td>\n<td>Baz\u0131 \u00fccretsiz platformlarda mevcuttur (StrangerCam gibi)<\/td>\n<td>Her zaman dahil<\/td>\n<\/tr>\n<tr>\n<td>Moderasyon<\/td>\n<td>Evet (g\u00fcvenilir \u00fccretsiz platformlarda)<\/td>\n<td>Evet<\/td>\n<\/tr>\n<tr>\n<td>\u0130\u00e7in En \u0130yisi<\/td>\n<td>Rahat, spontane e\u011flence<\/td>\n<td>Ciddi bulu\u015fmalar, ni\u015f ilgi alanlar\u0131<\/td>\n<\/tr>\n<\/tbody>\n<\/table>\n<p>\u00c7o\u011fu kullan\u0131c\u0131 i\u00e7in \u00fccretsiz kameradan kameraya sohbet en iyi se\u00e7imdir - spontane, anonim ve kullan\u0131m\u0131 kolayd\u0131r.<\/p>\n<h2>Kar\u015f\u0131la\u015ft\u0131rma Tablosu: 2025'in En \u0130yi Kameradan Kameraya Sohbet Siteleri<\/h2>\n<table>\n<thead>\n<tr>\n<th>Platform<\/th>\n<th align=\"center\">\u00dccretsiz Eri\u015fim<\/th>\n<th align=\"center\">Cinsiyet Filtresi<\/th>\n<th align=\"center\">Kay\u0131t Gerekli<\/th>\n<th align=\"center\">Mobil Dostu<\/th>\n<th>Notlar<\/th>\n<\/tr>\n<\/thead>\n<tbody>\n<tr>\n<td>StrangerCam<\/td>\n<td align=\"center\">\u2705<\/td>\n<td align=\"center\">\u2705 (\u00dccretsiz)<\/td>\n<td align=\"center\">\u274c<\/td>\n<td align=\"center\">\u2705<\/td>\n<td>En iyi \u00e7ok y\u00f6nl\u00fc \u00fccretsiz kameradan kameraya sohbet<\/td>\n<\/tr>\n<tr>\n<td><a href=\"https:\/\/strangercam.com\/tr\/chatroulette\/\">Chatroulette<\/a><\/td>\n<td align=\"center\">\u2705<\/td>\n<td align=\"center\">\u274c (\u00dccretli)<\/td>\n<td align=\"center\">\u274c<\/td>\n<td align=\"center\">\u2705<\/td>\n<td>Klasik, ancak cinsiyet filtresi kilitli<\/td>\n<\/tr>\n<tr>\n<td>Chatrandom<\/td>\n<td align=\"center\">\u2705<\/td>\n<td align=\"center\">\u274c (\u00dccretli)<\/td>\n<td align=\"center\">\u274c<\/td>\n<td align=\"center\">\u2705<\/td>\n<td>Pop\u00fcler, ancak filtreler maliyetli<\/td>\n<\/tr>\n<tr>\n<td><a href=\"https:\/\/strangercam.com\/tr\/ometv\/\">OmeTV<\/a><\/td>\n<td align=\"center\">\u2705<\/td>\n<td align=\"center\">\u274c<\/td>\n<td align=\"center\">\u274c<\/td>\n<td align=\"center\">\u2705<\/td>\n<td>\u0130yi uygulama, sadece rastgele<\/td>\n<\/tr>\n<tr>\n<td>Shagle<\/td>\n<td align=\"center\">\u2705<\/td>\n<td align=\"center\">\u274c (\u00dccretli)<\/td>\n<td align=\"center\">\u274c<\/td>\n<td align=\"center\">\u2705<\/td>\n<td>Daha iyi e\u015fle\u015ftirme i\u00e7in \u00f6deme duvarlar\u0131<\/td>\n<\/tr>\n<tr>\n<td><a href=\"https:\/\/strangercam.com\/tr\/coomeet\/\">CooMeet<\/a><\/td>\n<td align=\"center\">\u274c (Deneme)<\/td>\n<td align=\"center\">\u2705<\/td>\n<td align=\"center\">\u2705<\/td>\n<td align=\"center\">\u2705<\/td>\n<td>\u00c7o\u011funlukla \u00fccretli hizmet<\/td>\n<\/tr>\n<tr>\n<td>LuckyCrush<\/td>\n<td align=\"center\">\u274c<\/td>\n<td align=\"center\">\u2705<\/td>\n<td align=\"center\">\u2705<\/td>\n<td align=\"center\">\u2705<\/td>\n<td>Cinsiyete dayal\u0131 ama her zaman \u00fccretli<\/td>\n<\/tr>\n<\/tbody>\n<\/table>\n<p>StrangerCam, ger\u00e7ek cinsiyet filtreleriyle \u00fccretsiz kameradan kameraya sohbet sunan tek platformlardan biridir - \u00e7o\u011fu rakibin \u00f6deme duvarlar\u0131n\u0131n arkas\u0131na saklad\u0131\u011f\u0131 bir \u015fey.<\/p>\n<h2>StrangerCam Neden \u00dccretsiz Kameradan Kameraya Sohbet \u0130\u00e7in En \u0130yi Yerdir?<\/h2>\n<p>\u0130\u015fte StrangerCam'in 2025'te en iyi se\u00e7enek olarak \u00f6ne \u00e7\u0131kmas\u0131n\u0131n nedeni:<\/p>\n<h3>1. Ger\u00e7ekten \u00dccretsiz, Kay\u0131t Yok<\/h3>\n<p>Gizli \u00fccret yok, limit yok, giri\u015f yok. Sadece a\u00e7\u0131n ve sohbete ba\u015flay\u0131n.<\/p>\n<h3>2. Ger\u00e7ekten \u0130\u015fe Yarayan Cinsiyet Filtresi<\/h3>\n<p>Di\u011fer \"\u00fccretsiz\" sitelerin aksine, StrangerCam k\u0131zlar\u0131, erkekleri veya her ikisini de \u00fccret \u00f6demeden filtrelemenize izin verir.<\/p>\n<h3>3. Aktif Moderasyon<\/h3>\n<p>Ger\u00e7ek moderat\u00f6rler ve yapay zeka filtreleri botlar\u0131 ve k\u00f6t\u00fc niyetli kullan\u0131c\u0131lar\u0131 uzak tutar.<\/p>\n<h3>4. Mobil Optimize Edilmi\u015f Tasar\u0131m<\/h3>\n<p>\u0130ster iPhone, ister Android veya masa\u00fcst\u00fcnde olun, sohbet sorunsuz ve y\u00fcksek kalitede.<\/p>\n<h3>5. K\u00fcresel Topluluk<\/h3>\n<p>100'den fazla \u00fclkeden kullan\u0131c\u0131 7\/24 sohbet edebilece\u011finiz anlam\u0131na gelir.<\/p>\n<h3>6. Anonimlik ve Gizlilik<\/h3>\n<p>Kay\u0131t yok, izleme yok, g\u00f6r\u00fcnt\u00fcl\u00fc sohbetlerin depolanmas\u0131 yok.<\/p>\n<h2>Ger\u00e7ek Kullan\u0131c\u0131 G\u00f6r\u00fc\u015fleri<\/h2>\n<blockquote><p><em>\"Birka\u00e7 kameradan kameraya siteyi denedim ama StrangerCam beni \u00f6deme yapmaya zorlamadan \u00fccretsiz, s\u0131n\u0131rs\u0131z sohbet imkan\u0131 veren tek site. Cinsiyet filtresi b\u00fcy\u00fck bir art\u0131.\"<\/em><br \/>\n- Kevin, 29 ya\u015f\u0131nda.<\/p><\/blockquote>\n<blockquote><p><em>\"Bir k\u0131z olarak burada kendimi daha g\u00fcvende hissediyorum \u00e7\u00fcnk\u00fc uygun bir denetim var. Biri kaba davran\u0131rsa an\u0131nda atlayabiliyorum.\"<\/em><br \/>\n- Anna, 22 ya\u015f\u0131nda.<\/p><\/blockquote>\n<blockquote><p><em>\"Telefonumda m\u00fckemmel \u00e7al\u0131\u015f\u0131yor. Birka\u00e7 dakika i\u00e7inde \u0130talya'dan biriyle konu\u015fuyordum. \u00dccretsiz kameradan kameraya sohbet bundan daha iyi olamaz.\"<\/em><br \/>\n- David, 24 ya\u015f\u0131nda.<\/p><\/blockquote>\n<h2>Kameradan Kameraya Sohbet i\u00e7in G\u00fcvenlik \u0130pu\u00e7lar\u0131<\/h2>\n<p>G\u00fcvenli bir \u015fekilde kameradan kameraya sohbetin tad\u0131n\u0131 \u00e7\u0131karmak i\u00e7in:<\/p>\n<ul>\n<li>Ki\u015fisel bilgilerinizi (ger\u00e7ek ad, adres, telefon numaras\u0131) payla\u015fmay\u0131n.<\/li>\n<li>Yabanc\u0131lar\u0131n g\u00f6nderdi\u011fi ba\u011flant\u0131lara t\u0131klamaktan ka\u00e7\u0131n\u0131n.<\/li>\n<li>\"\u0130leri\" d\u00fc\u011fmesini \u00f6zg\u00fcrce kullan\u0131n - kendinizi rahats\u0131z hissetti\u011finiz sohbetlerde kalmay\u0131n.<\/li>\n<li>Ki\u015fisel ayr\u0131nt\u0131lar\u0131n a\u00e7\u0131\u011fa \u00e7\u0131kmas\u0131n\u0131 \u00f6nlemek i\u00e7in arka plan\u0131n\u0131z\u0131 n\u00f6tr tutun.<\/li>\n<li>K\u00f6t\u00fc davran\u0131\u015flar\u0131 derhal bildirin.<\/li>\n<\/ul>\n<h2>Saniyeler \u0130\u00e7inde \u00dccretsiz Kameradan Kameraya Sohbet Nas\u0131l Ba\u015flat\u0131l\u0131r<\/h2>\n<ol>\n<li>Platformu a\u00e7\u0131n.<\/li>\n<li>Kamera ve mikrofon eri\u015fimine izin verin.<\/li>\n<li>Tercihlerinizi se\u00e7in (cinsiyet filtresi gibi).<\/li>\n<li>\"Sohbeti Ba\u015flat \"a t\u0131klay\u0131n.<\/li>\n<li>Canl\u0131 kameradan kameraya ba\u011flant\u0131n\u0131z\u0131n keyfini \u00e7\u0131kar\u0131n.<\/li>\n<\/ol>\n<p>S\u0131k\u0131nt\u0131dan bir yabanc\u0131yla canl\u0131 sohbet etmeye ge\u00e7mek bir dakikadan az s\u00fcrer.<\/p>\n<h2>Son D\u00fc\u015f\u00fcnceler - \u00dccretsiz Kameradan Kameraya Sohbeti Bug\u00fcn Deneyin<\/h2>\n<p>2025 y\u0131l\u0131nda, kameradan kameraya sohbet, yeni insanlarla tan\u0131\u015fman\u0131n, arkada\u015f edinmenin ve spontane sohbetlerin tad\u0131n\u0131 \u00e7\u0131karman\u0131n en iyi yollar\u0131ndan biri olmaya devam ediyor. Ancak t\u00fcm platformlar e\u015fit de\u011fil. Bir\u00e7o\u011fu para talep ediyor, \u00f6zellikleri k\u0131s\u0131tl\u0131yor veya kullan\u0131c\u0131lar\u0131 botlardan ve spam'den koruyam\u0131yor.<\/p>\n<p>Bu y\u00fczden StrangerCam'de \u00fccretsiz kameradan kameraya sohbet \u00f6ne \u00e7\u0131k\u0131yor. Ger\u00e7ek cinsiyet filtreleri, an\u0131nda eri\u015fim, k\u00fcresel kullan\u0131c\u0131lar ve s\u0131k\u0131 denetim ile, \u00e7evrimi\u00e7i yabanc\u0131larla tan\u0131\u015fmak i\u00e7in en g\u00fcvenli ve en keyifli yerlerden biridir.<\/p>\n<p>Denemeye haz\u0131r m\u0131s\u0131n\u0131z? \u015eimdi \u00fccretsiz bir kameradan kameraya sohbete atlay\u0131n ve s\u0131rada kiminle tan\u0131\u015faca\u011f\u0131n\u0131z\u0131 g\u00f6r\u00fcn!<\/p>","protected":false},"excerpt":{"rendered":"<p>If you\u2019ve ever wanted to meet someone new face-to-face without leaving your home, cam to cam chat is one of the most exciting ways to do it. Unlike text chat, where you can never be sure who\u2019s really on the other side, cam to cam video chat puts you directly in front of real people\u2014instantly. [&hellip;]<\/p>\n","protected":false},"author":8,"featured_media":0,"parent":0,"menu_order":0,"comment_status":"closed","ping_status":"closed","template":"","meta":{"footnotes":""},"class_list":["post-148","page","type-page","status-publish","hentry"],"yoast_head":"<!-- This site is optimized with the Yoast SEO plugin v27.4 - https:\/\/yoast.com\/product\/yoast-seo-wordpress\/ -->\n<title>Free Cam to Cam Chat with Random Chat on Strangercam.com<\/title>\n<meta name=\"description\" content=\"Liking Free Cam to Cam Chat? Join millions on StrangerCam.com! Start a random video chat, turn on your cam, and meet strangers instantly.\" \/>\n<meta name=\"robots\" content=\"index, follow, max-snippet:-1, max-image-preview:large, max-video-preview:-1\" \/>\n<link rel=\"canonical\" href=\"https:\/\/strangercam.com\/tr\/kameradan-kameraya-sohbet\/\" \/>\n<meta property=\"og:locale\" content=\"tr_TR\" \/>\n<meta property=\"og:type\" content=\"article\" \/>\n<meta property=\"og:title\" content=\"Free Cam to Cam Chat with Random Chat on Strangercam.com\" \/>\n<meta property=\"og:description\" content=\"Liking Free Cam to Cam Chat? Join millions on StrangerCam.com! Start a random video chat, turn on your cam, and meet strangers instantly.\" \/>\n<meta property=\"og:url\" content=\"https:\/\/strangercam.com\/tr\/kameradan-kameraya-sohbet\/\" \/>\n<meta property=\"og:site_name\" content=\"Strangercam\" \/>\n<meta property=\"article:publisher\" content=\"https:\/\/www.facebook.com\/strangercam\" \/>\n<meta property=\"article:modified_time\" content=\"2025-08-18T12:02:52+00:00\" \/>\n<meta property=\"og:image\" content=\"https:\/\/strangercam.com\/wp-content\/uploads\/2021\/10\/Untitled-2.png\" \/>\n\t<meta property=\"og:image:width\" content=\"800\" \/>\n\t<meta property=\"og:image:height\" content=\"532\" \/>\n\t<meta property=\"og:image:type\" content=\"image\/png\" \/>\n<meta name=\"twitter:card\" content=\"summary_large_image\" \/>\n<meta name=\"twitter:site\" content=\"@strangercamapp\" \/>\n<meta name=\"twitter:label1\" content=\"Tahmini okuma s\u00fcresi\" \/>\n\t<meta name=\"twitter:data1\" content=\"5 dakika\" \/>\n<script type=\"application\/ld+json\" class=\"yoast-schema-graph\">{\"@context\":\"https:\\\/\\\/schema.org\",\"@graph\":[{\"@type\":\"WebPage\",\"@id\":\"https:\\\/\\\/strangercam.com\\\/cam-to-cam-chat\\\/\",\"url\":\"https:\\\/\\\/strangercam.com\\\/cam-to-cam-chat\\\/\",\"name\":\"Free Cam to Cam Chat with Random Chat on Strangercam.com\",\"isPartOf\":{\"@id\":\"https:\\\/\\\/strangercam.com\\\/#website\"},\"datePublished\":\"2025-08-18T10:34:38+00:00\",\"dateModified\":\"2025-08-18T12:02:52+00:00\",\"description\":\"Liking Free Cam to Cam Chat? Join millions on StrangerCam.com! Start a random video chat, turn on your cam, and meet strangers instantly.\",\"breadcrumb\":{\"@id\":\"https:\\\/\\\/strangercam.com\\\/cam-to-cam-chat\\\/#breadcrumb\"},\"inLanguage\":\"tr\",\"potentialAction\":[{\"@type\":\"ReadAction\",\"target\":[\"https:\\\/\\\/strangercam.com\\\/cam-to-cam-chat\\\/\"]}]},{\"@type\":\"BreadcrumbList\",\"@id\":\"https:\\\/\\\/strangercam.com\\\/cam-to-cam-chat\\\/#breadcrumb\",\"itemListElement\":[{\"@type\":\"ListItem\",\"position\":1,\"name\":\"Home\",\"item\":\"https:\\\/\\\/strangercam.com\\\/\"},{\"@type\":\"ListItem\",\"position\":2,\"name\":\"Free Cam to Cam Chat\"}]},{\"@type\":\"WebSite\",\"@id\":\"https:\\\/\\\/strangercam.com\\\/#website\",\"url\":\"https:\\\/\\\/strangercam.com\\\/\",\"name\":\"Strangercam\",\"description\":\"Random Video Chat with Strangers\",\"publisher\":{\"@id\":\"https:\\\/\\\/strangercam.com\\\/#organization\"},\"alternateName\":\"Strangercam.com\",\"potentialAction\":[{\"@type\":\"SearchAction\",\"target\":{\"@type\":\"EntryPoint\",\"urlTemplate\":\"https:\\\/\\\/strangercam.com\\\/?s={search_term_string}\"},\"query-input\":{\"@type\":\"PropertyValueSpecification\",\"valueRequired\":true,\"valueName\":\"search_term_string\"}}],\"inLanguage\":\"tr\"},{\"@type\":\"Organization\",\"@id\":\"https:\\\/\\\/strangercam.com\\\/#organization\",\"name\":\"Strangercam\",\"alternateName\":\"Strangercam.com\",\"url\":\"https:\\\/\\\/strangercam.com\\\/\",\"logo\":{\"@type\":\"ImageObject\",\"inLanguage\":\"tr\",\"@id\":\"https:\\\/\\\/strangercam.com\\\/#\\\/schema\\\/logo\\\/image\\\/\",\"url\":\"https:\\\/\\\/strangercam.com\\\/wp-content\\\/uploads\\\/2020\\\/11\\\/cropped-new-favicon-black.png\",\"contentUrl\":\"https:\\\/\\\/strangercam.com\\\/wp-content\\\/uploads\\\/2020\\\/11\\\/cropped-new-favicon-black.png\",\"width\":512,\"height\":512,\"caption\":\"Strangercam\"},\"image\":{\"@id\":\"https:\\\/\\\/strangercam.com\\\/#\\\/schema\\\/logo\\\/image\\\/\"},\"sameAs\":[\"https:\\\/\\\/www.facebook.com\\\/strangercam\",\"https:\\\/\\\/x.com\\\/strangercamapp\"]}]}<\/script>\n<!-- \/ Yoast SEO plugin. -->","yoast_head_json":{"title":"Strangercam.com'da Rastgele Sohbet ile \u00dccretsiz Kameradan Kameraya Sohbet","description":"\u00dccretsiz Kameradan Kameraya Sohbeti Seviyor musunuz? StrangerCam.com'da Join milyonlarca! Rastgele bir g\u00f6r\u00fcnt\u00fcl\u00fc sohbet ba\u015flat\u0131n, kameran\u0131z\u0131 a\u00e7\u0131n ve yabanc\u0131larla an\u0131nda tan\u0131\u015f\u0131n.","robots":{"index":"index","follow":"follow","max-snippet":"max-snippet:-1","max-image-preview":"max-image-preview:large","max-video-preview":"max-video-preview:-1"},"canonical":"https:\/\/strangercam.com\/tr\/kameradan-kameraya-sohbet\/","og_locale":"tr_TR","og_type":"article","og_title":"Free Cam to Cam Chat with Random Chat on Strangercam.com","og_description":"Liking Free Cam to Cam Chat? Join millions on StrangerCam.com! Start a random video chat, turn on your cam, and meet strangers instantly.","og_url":"https:\/\/strangercam.com\/tr\/kameradan-kameraya-sohbet\/","og_site_name":"Strangercam","article_publisher":"https:\/\/www.facebook.com\/strangercam","article_modified_time":"2025-08-18T12:02:52+00:00","og_image":[{"width":800,"height":532,"url":"https:\/\/strangercam.com\/wp-content\/uploads\/2021\/10\/Untitled-2.png","type":"image\/png"}],"twitter_card":"summary_large_image","twitter_site":"@strangercamapp","twitter_misc":{"Tahmini okuma s\u00fcresi":"5 dakika"},"schema":{"@context":"https:\/\/schema.org","@graph":[{"@type":"WebPage","@id":"https:\/\/strangercam.com\/cam-to-cam-chat\/","url":"https:\/\/strangercam.com\/cam-to-cam-chat\/","name":"Strangercam.com'da Rastgele Sohbet ile \u00dccretsiz Kameradan Kameraya Sohbet","isPartOf":{"@id":"https:\/\/strangercam.com\/#website"},"datePublished":"2025-08-18T10:34:38+00:00","dateModified":"2025-08-18T12:02:52+00:00","description":"\u00dccretsiz Kameradan Kameraya Sohbeti Seviyor musunuz? StrangerCam.com'da Join milyonlarca! Rastgele bir g\u00f6r\u00fcnt\u00fcl\u00fc sohbet ba\u015flat\u0131n, kameran\u0131z\u0131 a\u00e7\u0131n ve yabanc\u0131larla an\u0131nda tan\u0131\u015f\u0131n.","breadcrumb":{"@id":"https:\/\/strangercam.com\/cam-to-cam-chat\/#breadcrumb"},"inLanguage":"tr","potentialAction":[{"@type":"ReadAction","target":["https:\/\/strangercam.com\/cam-to-cam-chat\/"]}]},{"@type":"BreadcrumbList","@id":"https:\/\/strangercam.com\/cam-to-cam-chat\/#breadcrumb","itemListElement":[{"@type":"ListItem","position":1,"name":"Home","item":"https:\/\/strangercam.com\/"},{"@type":"ListItem","position":2,"name":"Free Cam to Cam Chat"}]},{"@type":"WebSite","@id":"https:\/\/strangercam.com\/#website","url":"https:\/\/strangercam.com\/","name":"Strangercam","description":"Yabanc\u0131larla Rastgele G\u00f6r\u00fcnt\u00fcl\u00fc Sohbet","publisher":{"@id":"https:\/\/strangercam.com\/#organization"},"alternateName":"Strangercam.com","potentialAction":[{"@type":"SearchAction","target":{"@type":"EntryPoint","urlTemplate":"https:\/\/strangercam.com\/?s={search_term_string}"},"query-input":{"@type":"PropertyValueSpecification","valueRequired":true,"valueName":"search_term_string"}}],"inLanguage":"tr"},{"@type":"Organization","@id":"https:\/\/strangercam.com\/#organization","name":"Strangercam","alternateName":"Strangercam.com","url":"https:\/\/strangercam.com\/","logo":{"@type":"ImageObject","inLanguage":"tr","@id":"https:\/\/strangercam.com\/#\/schema\/logo\/image\/","url":"https:\/\/strangercam.com\/wp-content\/uploads\/2020\/11\/cropped-new-favicon-black.png","contentUrl":"https:\/\/strangercam.com\/wp-content\/uploads\/2020\/11\/cropped-new-favicon-black.png","width":512,"height":512,"caption":"Strangercam"},"image":{"@id":"https:\/\/strangercam.com\/#\/schema\/logo\/image\/"},"sameAs":["https:\/\/www.facebook.com\/strangercam","https:\/\/x.com\/strangercamapp"]}]}},"_links":{"self":[{"href":"https:\/\/strangercam.com\/tr\/wp-json\/wp\/v2\/pages\/148","targetHints":{"allow":["GET"]}}],"collection":[{"href":"https:\/\/strangercam.com\/tr\/wp-json\/wp\/v2\/pages"}],"about":[{"href":"https:\/\/strangercam.com\/tr\/wp-json\/wp\/v2\/types\/page"}],"author":[{"embeddable":true,"href":"https:\/\/strangercam.com\/tr\/wp-json\/wp\/v2\/users\/8"}],"replies":[{"embeddable":true,"href":"https:\/\/strangercam.com\/tr\/wp-json\/wp\/v2\/comments?post=148"}],"version-history":[{"count":2,"href":"https:\/\/strangercam.com\/tr\/wp-json\/wp\/v2\/pages\/148\/revisions"}],"predecessor-version":[{"id":12962,"href":"https:\/\/strangercam.com\/tr\/wp-json\/wp\/v2\/pages\/148\/revisions\/12962"}],"wp:attachment":[{"href":"https:\/\/strangercam.com\/tr\/wp-json\/wp\/v2\/media?parent=148"}],"curies":[{"name":"wp","href":"https:\/\/api.w.org\/{rel}","templated":true}]}}