{"id":1327,"date":"2021-04-06T11:24:02","date_gmt":"2021-04-06T09:24:02","guid":{"rendered":"https:\/\/strangercam.com\/?page_id=1327"},"modified":"2023-08-21T12:24:41","modified_gmt":"2023-08-21T10:24:41","slug":"chatrad","status":"publish","type":"page","link":"https:\/\/strangercam.com\/tr\/chatrad\/","title":{"rendered":"Chatrad"},"content":{"rendered":"<p>\u0130stiyorum <a href=\"https:\/\/strangercam.com\/tr\/coomeet\/\">tan\u0131\u015fmak<\/a> her g\u00fcn yeni ve ilgin\u00e7 insanlar m\u0131? ChatRad'i \u00e7evrimi\u00e7i deneyin <a href=\"https:\/\/strangercam.com\/tr\/rabbit-video-chat\/\">Video<\/a> <a href=\"https:\/\/strangercam.com\/tr\/chatroulette\/\">sohbet<\/a> platform. Bu, web kameran\u0131z arac\u0131l\u0131\u011f\u0131yla her g\u00fcn d\u00fczinelerce insanla tan\u0131\u015fman\u0131za yard\u0131mc\u0131 olan bir sitedir. D\u00fcnyan\u0131n d\u00f6rt bir yan\u0131ndan rastgele yabanc\u0131larla ba\u011flant\u0131 kurmak kolay ve anl\u0131kt\u0131r. Bu nedenle, yeni arkada\u015flar edinmek veya fl\u00f6rt etmek istiyorsan\u0131z, ChatRad sizin i\u00e7in ideal bir platformdur.<\/p>\n<p>Ayr\u0131ca ChatRad, yeni bir fl\u00f6rt partneri bulman\u0131za veya sosyalle\u015fmek i\u00e7in iyi vakit ge\u00e7irmenize de olanak tan\u0131r.<\/p>\n<h2>ChatRad nedir?<\/h2>\n<p>ChatRad 2013 y\u0131l\u0131nda piyasaya s\u00fcr\u00fcld\u00fc. <a href=\"https:\/\/strangercam.com\/tr\/chatingly\/\">Sohbet<\/a> web kameras\u0131 teknolojisi arac\u0131l\u0131\u011f\u0131yla hi\u00e7 bu kadar kolay olmam\u0131\u015ft\u0131. Ancak, ChatRad platformunun yard\u0131m\u0131yla, web kameras\u0131ndan sohbet etmek, y\u0131llarca s\u00fcren yenilik ve s\u0131k\u0131 \u00e7al\u0131\u015fma sayesinde kullan\u0131c\u0131lar\u0131 i\u00e7in kolayla\u015ft\u0131r\u0131lm\u0131\u015ft\u0131r.<\/p>\n<p>ChatRad, kullan\u0131c\u0131lar\u0131na bir video platformu arac\u0131l\u0131\u011f\u0131yla web kameras\u0131n\u0131 kullanarak rastgele yabanc\u0131larla ileti\u015fim kurmalar\u0131n\u0131 sa\u011flayan sohbet yaz\u0131l\u0131m\u0131d\u0131r. ChatRad ayr\u0131ca zevkinize ve tercihlerinize g\u00f6re sohbet etmenizi sa\u011flar.<\/p>\n<h3>ChatRad'i Bu Kadar \u00d6zel K\u0131lan Nedir?<\/h3>\n<p>ChatRad ile ilgili en \u00f6zel \u015fey <a href=\"https:\/\/strangercam.com\/tr\/chat4free\/\">\u00fccretsiz<\/a>. D\u00fcnyan\u0131n d\u00f6rt bir yan\u0131ndaki yabanc\u0131larla sohbet etmek i\u00e7in yaln\u0131zca web kameran\u0131z\u0131 kullanman\u0131z gerekir. ChatRad'in birka\u00e7 \u00f6zel \u00f6zelli\u011fini kontrol edelim.<\/p>\n<ul>\n<li>Yeni \u0130nsanlarla Tan\u0131\u015f\u0131n - ChatRad ile yeni insanlarla tan\u0131\u015fmak basit ve kolayd\u0131r. Web kameran\u0131z\u0131 etkinle\u015ftirmek i\u00e7in yaln\u0131zca \"ba\u015flat\" d\u00fc\u011fmesine basman\u0131z yeterlidir ve i\u015finiz bitmi\u015ftir.<\/li>\n<li>Dahas\u0131, sadece \u00fccretsiz sosyalle\u015fme sunan bir platformdur, ayn\u0131 zamanda yetene\u011finizi d\u00fcnyaya sergilemenizi sa\u011flar. Harika bir gitaristseniz veya harika bir sesiniz varsa, bunu ChatRad ile kolayca yapabilirsiniz. Ayr\u0131ca, yabanc\u0131larla yemek, politika, k\u00fclt\u00fcr ve \u00e7ok daha fazlas\u0131 gibi \u00e7e\u015fitli konular\u0131 tart\u0131\u015fabilirsiniz. ChatRad'de d\u00fcnyan\u0131n d\u00f6rt bir yan\u0131ndan yabanc\u0131larla bir web kameras\u0131 arac\u0131l\u0131\u011f\u0131yla ba\u011flant\u0131 kurmak da ilgin\u00e7 ve e\u011flencelidir. ChatRad'in web sitesinde yabanc\u0131larla sohbet etmek i\u00e7in web kameran\u0131z\u0131 kullanmak \u00fccretsiz ve heyecan vericidir.<\/li>\n<li>H\u0131z - ChatRad hakk\u0131nda bahsedilmesi gereken bir di\u011fer \u00f6zel \u015fey de ayd\u0131nlatma h\u0131z\u0131d\u0131r. ChatRad, rastgele yabanc\u0131larla \u0131\u015f\u0131k h\u0131z\u0131nda ba\u011flant\u0131 kurman\u0131za olanak tan\u0131r, b\u00f6ylece konu\u015fmalar\u0131n\u0131z\u0131 herhangi bir aksakl\u0131k olmadan ve sorunsuz hale getirir.<\/li>\n<\/ul>\n<p>ChatRad ekibi, d\u00fcnyaya g\u00fcvenli\u011finizi sa\u011flamak i\u00e7in \u00e7ok \u00e7al\u0131\u015f\u0131yor. Herhangi bir bilginin herhangi bir \u00fc\u00e7\u00fcnc\u00fc tarafa veya bu konuda ba\u015fka bir kullan\u0131c\u0131ya s\u0131zmas\u0131na asla izin vermez. Bu ama\u00e7la, herhangi bir ki\u015fisel bilgiyi asla yabanc\u0131lara aktarmamal\u0131s\u0131n\u0131z. Teknenin di\u011fer taraf\u0131 olmaktansa g\u00fcvende kalmak daha iyidir.<\/p>\n<p>Bilgilerinizin bilinmeyen yabanc\u0131lar, ki\u015filer veya kurumlar taraf\u0131ndan tan\u0131mlanmamas\u0131n\u0131 sa\u011flamak i\u00e7in g\u00fcvenlik ipu\u00e7lar\u0131n\u0131 takip etmeye devam edin.<\/p>","protected":false},"excerpt":{"rendered":"<p>Want to meet new and interesting people every day? Try ChatRad online video chat platform. This is a site that helps you to meet dozens of people every day through your webcam. Connecting with random strangers from across the globe is easy and instant. Thus, if you want to make new friends, or go for [&hellip;]<\/p>\n","protected":false},"author":6,"featured_media":559,"parent":0,"menu_order":0,"comment_status":"closed","ping_status":"closed","template":"","meta":{"footnotes":""},"class_list":["post-1327","page","type-page","status-publish","has-post-thumbnail","hentry"],"yoast_head":"<!-- This site is optimized with the Yoast SEO plugin v26.9 - https:\/\/yoast.com\/product\/yoast-seo-wordpress\/ -->\n<title>Chatrad - Talk To Strangers - Cam on StrangerCam.com<\/title>\n<meta name=\"description\" content=\"Like Chatrad? Come chat with more than 5.000.000 strangers on Stranger Cam for Free! Turn on your cam and find new friends &amp; maby a match!\" \/>\n<meta name=\"robots\" content=\"index, follow, max-snippet:-1, max-image-preview:large, max-video-preview:-1\" \/>\n<link rel=\"canonical\" href=\"https:\/\/strangercam.com\/tr\/chatrad\/\" \/>\n<meta property=\"og:locale\" content=\"tr_TR\" \/>\n<meta property=\"og:type\" content=\"article\" \/>\n<meta property=\"og:title\" content=\"Chatrad - Talk To Strangers - Cam on StrangerCam.com\" \/>\n<meta property=\"og:description\" content=\"Like Chatrad? Come chat with more than 5.000.000 strangers on Stranger Cam for Free! Turn on your cam and find new friends &amp; maby a match!\" \/>\n<meta property=\"og:url\" content=\"https:\/\/strangercam.com\/tr\/chatrad\/\" \/>\n<meta property=\"og:site_name\" content=\"Strangercam\" \/>\n<meta property=\"article:publisher\" content=\"https:\/\/www.facebook.com\/strangercam\" \/>\n<meta property=\"article:modified_time\" content=\"2023-08-21T10:24:41+00:00\" \/>\n<meta property=\"og:image\" content=\"https:\/\/strangercam.com\/wp-content\/uploads\/2020\/11\/stranger-cam-1.png\" \/>\n\t<meta property=\"og:image:width\" content=\"800\" \/>\n\t<meta property=\"og:image:height\" content=\"800\" \/>\n\t<meta property=\"og:image:type\" content=\"image\/png\" \/>\n<meta name=\"twitter:card\" content=\"summary_large_image\" \/>\n<meta name=\"twitter:site\" content=\"@strangercamapp\" \/>\n<meta name=\"twitter:label1\" content=\"Tahmini okuma s\u00fcresi\" \/>\n\t<meta name=\"twitter:data1\" content=\"2 dakika\" \/>\n<script type=\"application\/ld+json\" class=\"yoast-schema-graph\">{\"@context\":\"https:\/\/schema.org\",\"@graph\":[{\"@type\":\"WebPage\",\"@id\":\"https:\/\/strangercam.com\/chatrad\/\",\"url\":\"https:\/\/strangercam.com\/chatrad\/\",\"name\":\"Chatrad - Talk To Strangers - Cam on StrangerCam.com\",\"isPartOf\":{\"@id\":\"https:\/\/strangercam.com\/#website\"},\"primaryImageOfPage\":{\"@id\":\"https:\/\/strangercam.com\/chatrad\/#primaryimage\"},\"image\":{\"@id\":\"https:\/\/strangercam.com\/chatrad\/#primaryimage\"},\"thumbnailUrl\":\"https:\/\/strangercam.com\/wp-content\/uploads\/2020\/11\/stranger-cam-1.png\",\"datePublished\":\"2021-04-06T09:24:02+00:00\",\"dateModified\":\"2023-08-21T10:24:41+00:00\",\"description\":\"Like Chatrad? Come chat with more than 5.000.000 strangers on Stranger Cam for Free! Turn on your cam and find new friends & maby a match!\",\"breadcrumb\":{\"@id\":\"https:\/\/strangercam.com\/chatrad\/#breadcrumb\"},\"inLanguage\":\"tr\",\"potentialAction\":[{\"@type\":\"ReadAction\",\"target\":[\"https:\/\/strangercam.com\/chatrad\/\"]}]},{\"@type\":\"ImageObject\",\"inLanguage\":\"tr\",\"@id\":\"https:\/\/strangercam.com\/chatrad\/#primaryimage\",\"url\":\"https:\/\/strangercam.com\/wp-content\/uploads\/2020\/11\/stranger-cam-1.png\",\"contentUrl\":\"https:\/\/strangercam.com\/wp-content\/uploads\/2020\/11\/stranger-cam-1.png\",\"width\":800,\"height\":800,\"caption\":\"stranger cam random video chat\"},{\"@type\":\"BreadcrumbList\",\"@id\":\"https:\/\/strangercam.com\/chatrad\/#breadcrumb\",\"itemListElement\":[{\"@type\":\"ListItem\",\"position\":1,\"name\":\"Home\",\"item\":\"https:\/\/strangercam.com\/\"},{\"@type\":\"ListItem\",\"position\":2,\"name\":\"Chatrad\"}]},{\"@type\":\"WebSite\",\"@id\":\"https:\/\/strangercam.com\/#website\",\"url\":\"https:\/\/strangercam.com\/\",\"name\":\"Strangercam\",\"description\":\"Random Video Chat with Strangers\",\"publisher\":{\"@id\":\"https:\/\/strangercam.com\/#organization\"},\"alternateName\":\"Strangercam.com\",\"potentialAction\":[{\"@type\":\"SearchAction\",\"target\":{\"@type\":\"EntryPoint\",\"urlTemplate\":\"https:\/\/strangercam.com\/?s={search_term_string}\"},\"query-input\":{\"@type\":\"PropertyValueSpecification\",\"valueRequired\":true,\"valueName\":\"search_term_string\"}}],\"inLanguage\":\"tr\"},{\"@type\":\"Organization\",\"@id\":\"https:\/\/strangercam.com\/#organization\",\"name\":\"Strangercam\",\"alternateName\":\"Strangercam.com\",\"url\":\"https:\/\/strangercam.com\/\",\"logo\":{\"@type\":\"ImageObject\",\"inLanguage\":\"tr\",\"@id\":\"https:\/\/strangercam.com\/#\/schema\/logo\/image\/\",\"url\":\"https:\/\/strangercam.com\/wp-content\/uploads\/2020\/11\/cropped-new-favicon-black.png\",\"contentUrl\":\"https:\/\/strangercam.com\/wp-content\/uploads\/2020\/11\/cropped-new-favicon-black.png\",\"width\":512,\"height\":512,\"caption\":\"Strangercam\"},\"image\":{\"@id\":\"https:\/\/strangercam.com\/#\/schema\/logo\/image\/\"},\"sameAs\":[\"https:\/\/www.facebook.com\/strangercam\",\"https:\/\/x.com\/strangercamapp\"]}]}<\/script>\n<!-- \/ Yoast SEO plugin. -->","yoast_head_json":{"title":"Chatrad - Yabanc\u0131larla Konu\u015fun - StrangerCam.com'da Kamera","description":"Chatrad'yi be\u011fendiniz mi? Gelin Stranger Cam'de 5.000.000'dan fazla yabanc\u0131yla \u00dccretsiz sohbet edin! Kameran\u0131z\u0131 a\u00e7\u0131n ve yeni arkada\u015flar ve belki bir e\u015fle\u015fme bulun!","robots":{"index":"index","follow":"follow","max-snippet":"max-snippet:-1","max-image-preview":"max-image-preview:large","max-video-preview":"max-video-preview:-1"},"canonical":"https:\/\/strangercam.com\/tr\/chatrad\/","og_locale":"tr_TR","og_type":"article","og_title":"Chatrad - Talk To Strangers - Cam on StrangerCam.com","og_description":"Like Chatrad? Come chat with more than 5.000.000 strangers on Stranger Cam for Free! Turn on your cam and find new friends & maby a match!","og_url":"https:\/\/strangercam.com\/tr\/chatrad\/","og_site_name":"Strangercam","article_publisher":"https:\/\/www.facebook.com\/strangercam","article_modified_time":"2023-08-21T10:24:41+00:00","og_image":[{"width":800,"height":800,"url":"https:\/\/strangercam.com\/wp-content\/uploads\/2020\/11\/stranger-cam-1.png","type":"image\/png"}],"twitter_card":"summary_large_image","twitter_site":"@strangercamapp","twitter_misc":{"Tahmini okuma s\u00fcresi":"2 dakika"},"schema":{"@context":"https:\/\/schema.org","@graph":[{"@type":"WebPage","@id":"https:\/\/strangercam.com\/chatrad\/","url":"https:\/\/strangercam.com\/chatrad\/","name":"Chatrad - Yabanc\u0131larla Konu\u015fun - StrangerCam.com'da Kamera","isPartOf":{"@id":"https:\/\/strangercam.com\/#website"},"primaryImageOfPage":{"@id":"https:\/\/strangercam.com\/chatrad\/#primaryimage"},"image":{"@id":"https:\/\/strangercam.com\/chatrad\/#primaryimage"},"thumbnailUrl":"https:\/\/strangercam.com\/wp-content\/uploads\/2020\/11\/stranger-cam-1.png","datePublished":"2021-04-06T09:24:02+00:00","dateModified":"2023-08-21T10:24:41+00:00","description":"Chatrad'yi be\u011fendiniz mi? Gelin Stranger Cam'de 5.000.000'dan fazla yabanc\u0131yla \u00dccretsiz sohbet edin! Kameran\u0131z\u0131 a\u00e7\u0131n ve yeni arkada\u015flar ve belki bir e\u015fle\u015fme bulun!","breadcrumb":{"@id":"https:\/\/strangercam.com\/chatrad\/#breadcrumb"},"inLanguage":"tr","potentialAction":[{"@type":"ReadAction","target":["https:\/\/strangercam.com\/chatrad\/"]}]},{"@type":"ImageObject","inLanguage":"tr","@id":"https:\/\/strangercam.com\/chatrad\/#primaryimage","url":"https:\/\/strangercam.com\/wp-content\/uploads\/2020\/11\/stranger-cam-1.png","contentUrl":"https:\/\/strangercam.com\/wp-content\/uploads\/2020\/11\/stranger-cam-1.png","width":800,"height":800,"caption":"stranger cam random video chat"},{"@type":"BreadcrumbList","@id":"https:\/\/strangercam.com\/chatrad\/#breadcrumb","itemListElement":[{"@type":"ListItem","position":1,"name":"Home","item":"https:\/\/strangercam.com\/"},{"@type":"ListItem","position":2,"name":"Chatrad"}]},{"@type":"WebSite","@id":"https:\/\/strangercam.com\/#website","url":"https:\/\/strangercam.com\/","name":"Strangercam","description":"Yabanc\u0131larla Rastgele G\u00f6r\u00fcnt\u00fcl\u00fc Sohbet","publisher":{"@id":"https:\/\/strangercam.com\/#organization"},"alternateName":"Strangercam.com","potentialAction":[{"@type":"SearchAction","target":{"@type":"EntryPoint","urlTemplate":"https:\/\/strangercam.com\/?s={search_term_string}"},"query-input":{"@type":"PropertyValueSpecification","valueRequired":true,"valueName":"search_term_string"}}],"inLanguage":"tr"},{"@type":"Organization","@id":"https:\/\/strangercam.com\/#organization","name":"Strangercam","alternateName":"Strangercam.com","url":"https:\/\/strangercam.com\/","logo":{"@type":"ImageObject","inLanguage":"tr","@id":"https:\/\/strangercam.com\/#\/schema\/logo\/image\/","url":"https:\/\/strangercam.com\/wp-content\/uploads\/2020\/11\/cropped-new-favicon-black.png","contentUrl":"https:\/\/strangercam.com\/wp-content\/uploads\/2020\/11\/cropped-new-favicon-black.png","width":512,"height":512,"caption":"Strangercam"},"image":{"@id":"https:\/\/strangercam.com\/#\/schema\/logo\/image\/"},"sameAs":["https:\/\/www.facebook.com\/strangercam","https:\/\/x.com\/strangercamapp"]}]}},"_links":{"self":[{"href":"https:\/\/strangercam.com\/tr\/wp-json\/wp\/v2\/pages\/1327","targetHints":{"allow":["GET"]}}],"collection":[{"href":"https:\/\/strangercam.com\/tr\/wp-json\/wp\/v2\/pages"}],"about":[{"href":"https:\/\/strangercam.com\/tr\/wp-json\/wp\/v2\/types\/page"}],"author":[{"embeddable":true,"href":"https:\/\/strangercam.com\/tr\/wp-json\/wp\/v2\/users\/6"}],"replies":[{"embeddable":true,"href":"https:\/\/strangercam.com\/tr\/wp-json\/wp\/v2\/comments?post=1327"}],"version-history":[{"count":0,"href":"https:\/\/strangercam.com\/tr\/wp-json\/wp\/v2\/pages\/1327\/revisions"}],"wp:featuredmedia":[{"embeddable":true,"href":"https:\/\/strangercam.com\/tr\/wp-json\/wp\/v2\/media\/559"}],"wp:attachment":[{"href":"https:\/\/strangercam.com\/tr\/wp-json\/wp\/v2\/media?parent=1327"}],"curies":[{"name":"wp","href":"https:\/\/api.w.org\/{rel}","templated":true}]}}