{"id":1319,"date":"2021-04-06T11:11:22","date_gmt":"2021-04-06T09:11:22","guid":{"rendered":"https:\/\/strangercam.com\/?page_id=1319"},"modified":"2023-08-21T11:40:39","modified_gmt":"2023-08-21T09:40:39","slug":"camloo","status":"publish","type":"page","link":"https:\/\/strangercam.com\/tr\/camloo\/","title":{"rendered":"Camloo"},"content":{"rendered":"<p>Camloo canl\u0131 bir video <a href=\"https:\/\/strangercam.com\/tr\/chatroulette\/\">sohbet<\/a> size yard\u0131mc\u0131 olan yaz\u0131l\u0131m <a href=\"https:\/\/strangercam.com\/tr\/coomeet\/\">tan\u0131\u015fmak<\/a> internet \u00fczerinden rastgele insanlar. Camloo kullanman\u0131n avantaj\u0131, parma\u011f\u0131n\u0131z\u0131 t\u0131klayarak d\u00fcnyan\u0131n d\u00f6rt bir yan\u0131ndaki farkl\u0131 insanlarla ba\u011flant\u0131 kurman\u0131z\u0131 sa\u011flamas\u0131d\u0131r. En son g\u00f6r\u00fcnt\u00fcl\u00fc arama \u00f6zelli\u011fi ile rastgele sohbetler, \u00e7evrimi\u00e7i bulu\u015fmalar, sohbetler ve elinizin ucundaki di\u011ferleri arac\u0131l\u0131\u011f\u0131yla kolayca arkada\u015f edinebilirsiniz.<\/p>\n<p>Camloo, rastgele sohbetler yoluyla d\u00fcnyan\u0131n d\u00f6rt bir yan\u0131ndan ilgin\u00e7 insanlarla tan\u0131\u015fman\u0131za yard\u0131mc\u0131 olur. Ayr\u0131ca, bu uygulama enerjik konu\u015fmalarla an\u0131nda ba\u011flant\u0131 kurmak i\u00e7in yabanc\u0131larla ileti\u015fim kurman\u0131za olanak tan\u0131r.<\/p>\n<p>Ne bekliyorsunuz, gelin ve Camloo'nin bu ilgin\u00e7 toplulu\u011funa kat\u0131l\u0131n?<\/p>\n<h2>Camloo'nin \u00d6zellikleri<\/h2>\n<p>Camloo ile d\u00fcnyan\u0131n d\u00f6rt bir yan\u0131ndan farkl\u0131 insanlar\u0131 tan\u0131mak sadece kolay de\u011fil, ayn\u0131 zamanda basittir. Bug\u00fcne kadar hevesle bekleyenlerden biriyseniz, Camloo sizin i\u00e7in ideal bir platformdur. Ak\u0131ll\u0131 telefon cihaz\u0131n\u0131zdaki Camloo ile her g\u00fcn yeni ke\u015fifler yapabilirsiniz.<\/p>\n<p>Dahas\u0131, duygular\u0131n\u0131z\u0131, fikirlerinizi ve hatta ki\u015fisel tart\u0131\u015fmalar\u0131n\u0131z\u0131 biriyle payla\u015fmak i\u00e7in ideal bir platformdur.<br \/>\nCamloo, internet d\u00fcnyas\u0131 arac\u0131l\u0131\u011f\u0131yla her insan\u0131 bir araya getirmeye yard\u0131mc\u0131 olabilir. Elinizde Camloo ile kendinizi asla yaln\u0131z hissetmeyeceksiniz. Camloo'nin \u00f6zellikleri partnerinizle an\u0131nda ba\u011flant\u0131 kurman\u0131za yard\u0131mc\u0131 olacak.<\/p>\n<p>Art\u0131k d\u00fcnyan\u0131n d\u00f6rt bir yan\u0131ndan yabanc\u0131larla kolayca ve herhangi bir kesinti olmadan daha anlaml\u0131 konu\u015fmalar yap\u0131n.<\/p>\n<h2>Rastgele G\u00f6r\u00fcnt\u00fcl\u00fc Sohbetin \u00d6zellikleri<\/h2>\n<ul>\n<li>Kolay Sohbet - Camloo'de yabanc\u0131larla ba\u011flant\u0131 kurmak basit ve kolayd\u0131r. Ayr\u0131ca, hi\u00e7bir \u00fccret \u00f6demeden g\u00f6r\u00fcnt\u00fcl\u00fc sohbet de sa\u011flar. Bu platformun daha ilgin\u00e7 i\u015flevlerini ke\u015ffetmenize yard\u0131mc\u0131 olacak Camloo'nin daha \u00f6zelle\u015ftirilmi\u015f bir s\u00fcr\u00fcm\u00fcn\u00fc bile kullanabilirsiniz.<\/li>\n<li>Harika E\u015fle\u015fme Bulma - Camloo'de ba\u015fka bir aramaya ge\u00e7mek istiyorsan\u0131z, bunu \u00e7ocuk oyunca\u011f\u0131 gibi yapabilirsiniz. Tek yapman\u0131z gereken sonraki oka basarak <a href=\"https:\/\/strangercam.com\/tr\/amerikan-rastgele-goruntulu-arama\/\">g\u00f6r\u00fcnt\u00fcl\u00fc arama<\/a> Bir \u00f6nceki aramay\u0131 bitirdikten sonra ba\u015fka bir ki\u015fiye. Kolay, de\u011fil mi?<\/li>\n<li>Yeni Arkada\u015flar Edinme - Camloo toplulu\u011fu sizi her g\u00fcn yeni ve ilgin\u00e7 insanlarla tan\u0131\u015ft\u0131rmak i\u00e7in bekliyor. Onlar\u0131 sizin i\u00e7in bekletmemek daha iyi. Bu harika platformda yeni arkada\u015flar edinmek ve sosyalle\u015fmek sadece en iyisi de\u011fil, ayn\u0131 zamanda sizin i\u00e7in m\u00fckemmel.<\/li>\n<li>Yetene\u011finizi Sergileyin - Harika bir sesiniz mi var? Dans\u0131n\u0131z d\u00fcnyay\u0131 dans ettiriyor mu? O zaman Camloo kendiniz i\u00e7in ihtiyac\u0131n\u0131z olan en iyi platformdur. Camloo, yetene\u011finizin en iyisini alabilir ve bir s\u00fcperstar olman\u0131za yard\u0131mc\u0131 olabilir.<\/li>\n<li>Tamamen G\u00fcvenli - Camloo ekibi, sohbet etmenizi kolay ve g\u00fcvenli hale getirmek i\u00e7in \u00e7ok \u00e7al\u0131\u015f\u0131yor. Sizi sadece endi\u015fesiz k\u0131lmakla kalmaz, ayn\u0131 zamanda bilgisayar korsanl\u0131\u011f\u0131 ve di\u011fer g\u00fcvenlik sorunlar\u0131ndan da kurtar\u0131r. \u0130\u00e7inizin tamamen rahat olmas\u0131 i\u00e7in gizlilik ipu\u00e7lar\u0131n\u0131 kontrol etmeyi asla unutmay\u0131n.<\/li>\n<\/ul>\n<h2>Camloo'nin Art\u0131lar\u0131 ve Eksileri<\/h2>\n<p>D\u0131\u015far\u0131da pek \u00e7ok arkada\u015fl\u0131k uygulamas\u0131 var, ancak Camloo farkl\u0131. Bu sadece rastgele insanlarla tan\u0131\u015fman\u0131n bir yolu de\u011fil, rastgele insanlarla tan\u0131\u015fman\u0131n ve biraz e\u011flenmenin bir yolu. Ama ger\u00e7ekten zaman ay\u0131rmaya de\u011fer mi? Camloo'nin art\u0131lar\u0131na ve eksilerine bir g\u00f6z atal\u0131m.<\/p>\n<h4>ARTILARI:<\/h4>\n<ul>\n<li style=\"font-weight: 400;\" aria-level=\"1\">\u00dccretsiz! Uygulamay\u0131 kullanmak i\u00e7in hi\u00e7bir \u015fey \u00f6demenize gerek yok.<\/li>\n<li style=\"font-weight: 400;\" aria-level=\"1\">Kullan\u0131m\u0131 kolayd\u0131r. Aray\u00fcz basit ve anla\u015f\u0131l\u0131rd\u0131r.<\/li>\n<li style=\"font-weight: 400;\" aria-level=\"1\">Anonimdir. Ger\u00e7ek ad\u0131n\u0131z\u0131 veya herhangi bir ki\u015fisel bilginizi kullanmak zorunda de\u011filsiniz.<\/li>\n<li style=\"font-weight: 400;\" aria-level=\"1\">H\u0131zl\u0131d\u0131r. Profillere h\u0131zl\u0131ca g\u00f6z atabilir ve sohbet edecek birini bulabilirsiniz.<\/li>\n<\/ul>\n<h4>CONS:<\/h4>\n<ul>\n<li style=\"font-weight: 400;\" aria-level=\"1\">\u00c7ok pop\u00fcler de\u011fil. Uygulamada hen\u00fcz \u00e7ok fazla kullan\u0131c\u0131 yok, bu nedenle se\u00e7enekleriniz s\u0131n\u0131rl\u0131 olabilir.<\/li>\n<li style=\"font-weight: 400;\" aria-level=\"1\">\u00c7ok iyi bilinmiyor. Camloo, di\u011fer baz\u0131 arkada\u015fl\u0131k uygulamalar\u0131 kadar iyi bilinmemektedir, bu nedenle e\u015fle\u015fme bulmak daha zor olabilir.<\/li>\n<\/ul>\n<h2>Camloo Nas\u0131l Kullan\u0131l\u0131r?<\/h2>\n<p>Rastgele insanlarla tan\u0131\u015fmak i\u00e7in yeni bir yol ar\u0131yorsan\u0131z, Camloo harika bir se\u00e7enektir. \u0130\u015fte nas\u0131l kullan\u0131laca\u011f\u0131:<\/p>\n<ol>\n<li style=\"font-weight: 400;\" aria-level=\"1\">Bir hesap i\u00e7in kaydolun. Ad\u0131n\u0131z ve e-posta adresiniz gibi baz\u0131 temel bilgileri vermeniz gerekecektir.<\/li>\n<li style=\"font-weight: 400;\" aria-level=\"1\">Giri\u015f yapt\u0131ktan sonra, mevcut t\u00fcm kullan\u0131c\u0131lar\u0131n bir listesini g\u00f6rebileceksiniz. Bunlara g\u00f6z atabilir veya belirli birini bulmak i\u00e7in arama i\u015flevini kullanabilirsiniz.<\/li>\n<li style=\"font-weight: 400;\" aria-level=\"1\">Konu\u015fmak istedi\u011finiz birini buldu\u011funuzda, sadece ismine t\u0131klay\u0131n ve profil sayfas\u0131na y\u00f6nlendirileceksiniz. Buradan, sayfan\u0131n alt\u0131ndaki metin kutusuna yazarak bir konu\u015fma ba\u015flatabilirsiniz.<\/li>\n<li style=\"font-weight: 400;\" aria-level=\"1\">\u0130\u015fte bu kadar! \u0130stedi\u011finiz kadar sohbet etmeye devam edebilir veya istedi\u011finiz zaman ba\u015fka birine ge\u00e7ebilirsiniz.<\/li>\n<\/ol>\n<h2>Camloo neden bu kadar pop\u00fcler rastgele g\u00f6r\u00fcnt\u00fcl\u00fc sohbet platformudur?<\/h2>\n<p>Camloo, interneti kas\u0131p kavuran yeni bir rastgele g\u00f6r\u00fcnt\u00fcl\u00fc sohbet platformudur. Camloo'nin bu kadar pop\u00fcler olmas\u0131n\u0131n bir\u00e7ok nedeni var, ancak ana nedenlerden biri, kullan\u0131c\u0131lar\u0131n d\u00fcnyan\u0131n her yerinden yeni insanlarla e\u011flenceli ve etkile\u015fimli bir \u015fekilde tan\u0131\u015fmalar\u0131na izin vermesidir.<\/p>\n<p>Camloo'nin bu kadar pop\u00fcler olmas\u0131n\u0131n bir ba\u015fka nedeni de yabanc\u0131larla sohbet etmenin \u00e7ok g\u00fcvenli ve emniyetli bir yolu olmas\u0131d\u0131r. T\u00fcm konu\u015fmalar \u015fifrelenir ve Camloo ayr\u0131ca uygunsuz davranan kullan\u0131c\u0131lar\u0131 bildirme yetene\u011fi gibi bir dizi g\u00fcvenlik \u00f6zelli\u011fi sunar.<\/p>\n<p>E\u011fer d\u00fcnyan\u0131n her yerinden rastgele insanlarla tan\u0131\u015fmak i\u00e7in yeni ve heyecan verici bir yol ar\u0131yorsan\u0131z, Camloo'ye mutlaka g\u00f6z at\u0131n!<\/p>\n<h2>Camloo'den maksimum d\u00fczeyde nas\u0131l yararlan\u0131l\u0131r?<\/h2>\n<p>Yeni insanlarla tan\u0131\u015fmay\u0131 ve arkada\u015f edinmeyi seven biriyseniz, Camloo sizin i\u00e7in m\u00fckemmel bir platformdur. Camloo, d\u00fcnyan\u0131n her yerinden rastgele insanlarla ba\u011flant\u0131 kurman\u0131za yard\u0131mc\u0131 olan yeni bir sosyal a\u011f sitesidir. Camloo'yi yeni arkada\u015flarla sohbet etmek, yeni insanlarla tan\u0131\u015fmak ve hatta a\u015fk\u0131 bulmak i\u00e7in kullanabilirsiniz. Peki Camloo'den en iyi \u015fekilde nas\u0131l yararlanabilirsiniz? \u0130\u015fte baz\u0131 ipu\u00e7lar\u0131:<\/p>\n<ol>\n<li style=\"font-weight: 400;\" aria-level=\"1\">\u00a0\u0130lgi alanlar\u0131n\u0131z\u0131 payla\u015fan ki\u015fileri bulmak i\u00e7in arama i\u015flevini kullan\u0131n. Bu \u015fekilde, daha kolay bir sohbet ba\u015flatabilirsiniz.<\/li>\n<li style=\"font-weight: 400;\" aria-level=\"1\">\u00a0Gruplara kat\u0131l\u0131n ve tart\u0131\u015fmalara kat\u0131l\u0131n. Bu, yeni insanlarla tan\u0131\u015fmak ve arkada\u015f edinmek i\u00e7in harika bir yoldur.<\/li>\n<li style=\"font-weight: 400;\" aria-level=\"1\">Sitede aktif olun. Ne kadar aktif olursan\u0131z, insanlar\u0131n arkada\u015f\u0131n\u0131z olmak isteme olas\u0131l\u0131\u011f\u0131 o kadar artar.<\/li>\n<li style=\"font-weight: 400;\" aria-level=\"1\">Kendiniz olun! Camloo'de ki\u015fili\u011finizi g\u00f6stermekten korkmay\u0131n. Bu, arkada\u015f edinmek ve yeni insanlarla tan\u0131\u015fmak i\u00e7in harika bir yoldur.<\/li>\n<\/ol>\n<h2>Camloo G\u00fcvenli mi?<\/h2>\n<p>\u00c7evrimi\u00e7i bulu\u015fma s\u00f6z konusu oldu\u011funda, g\u00fcvenlik her zaman b\u00fcy\u00fck bir endi\u015fe kayna\u011f\u0131d\u0131r. Peki Camloo g\u00fcvenli mi? K\u0131sa cevap evet, Camloo \u00e7evrimi\u00e7i yeni insanlarla tan\u0131\u015fmak i\u00e7in g\u00fcvenli ve emniyetli bir yoldur. \u0130\u015fte \u00fcyelerimizi g\u00fcvende tutmak i\u00e7in yapt\u0131\u011f\u0131m\u0131z \u015feylerden baz\u0131lar\u0131:<\/p>\n<p>\u00dcyelerin yaln\u0131zca ge\u00e7erli bir e-posta adresiyle kaydolmas\u0131na izin veriyoruz. Bu, her \u00fcyeyi do\u011frulamam\u0131za ve s\u00f6yledikleri ki\u015fi olduklar\u0131ndan emin olmam\u0131za yard\u0131mc\u0131 olur.<\/p>\n<p>S\u0131k\u0131 bir anti-spam politikam\u0131z var. Bu, \u00fcyelerin yaln\u0131zca kar\u015f\u0131l\u0131kl\u0131 olarak sohbet etmeyi kabul eden di\u011fer \u00fcyelere mesaj g\u00f6nderebilece\u011fi anlam\u0131na gelir. Bu, istenmeyen mesajlar\u0131n ve spam'in azalt\u0131lmas\u0131na yard\u0131mc\u0131 olur.<\/p>\n<p>T\u00fcm profilleri ve foto\u011fraflar\u0131 sitede yay\u0131nlanmadan \u00f6nce denetliyoruz. Bu, t\u00fcm \u00fcyelerin ger\u00e7ek olmas\u0131n\u0131 ve sahte profil veya foto\u011fraf olmamas\u0131n\u0131 sa\u011flamaya yard\u0131mc\u0131 olur.<\/p>\n<p>Herhangi bir endi\u015feniz veya sorunuz oldu\u011funda size yard\u0131mc\u0131 olmak i\u00e7in 7\/24 hizmet veren m\u00fc\u015fteri hizmetleri temsilcilerinden olu\u015fan \u00f6zel bir ekibimiz bulunmaktad\u0131r.<\/p>\n<p>Bu y\u00fczden i\u00e7iniz rahat olsun, Camloo \u00e7evrimi\u00e7i yeni insanlarla tan\u0131\u015fman\u0131n g\u00fcvenli ve emniyetli bir yoludur.<\/p>\n<h2>Rastgele g\u00f6r\u00fcnt\u00fcl\u00fc sohbet platformunu kullan\u0131rken al\u0131nmas\u0131 gereken \u00f6nleyici tedbirler:<\/h2>\n<p>Herhangi birini kullan\u0131rken <a href=\"https:\/\/strangercam.com\/tr\/chathub\/\">rastgele g\u00f6r\u00fcnt\u00fcl\u00fc sohbet<\/a> platformunda g\u00fcvenli\u011finizi sa\u011flamak i\u00e7in baz\u0131 \u00f6nleyici tedbirler alman\u0131z \u00f6nemlidir. \u0130\u015fte size birka\u00e7 ipucu:<\/p>\n<ul>\n<li style=\"font-weight: 400;\" aria-level=\"1\">Ad\u0131n\u0131z, adresiniz veya telefon numaran\u0131z gibi ki\u015fisel bilgilerinizi asla vermeyin.<\/li>\n<li style=\"font-weight: 400;\" aria-level=\"1\">Sohbet etti\u011finiz biri ki\u015fisel bilgilerinizi isterse, kibarca reddedin ve sohbeti sonland\u0131r\u0131n.<\/li>\n<li style=\"font-weight: 400;\" aria-level=\"1\">Tan\u0131mad\u0131\u011f\u0131n\u0131z birinden herhangi bir dosya g\u00f6ndermekten veya kabul etmekten ka\u00e7\u0131n\u0131n. Bu dosyalar bilgisayar\u0131n\u0131za zarar verebilecek vir\u00fcsler veya k\u00f6t\u00fc ama\u00e7l\u0131 yaz\u0131l\u0131mlar i\u00e7erebilir.<\/li>\n<li style=\"font-weight: 400;\" aria-level=\"1\">Bir sohbet s\u0131ras\u0131nda kendinizi rahats\u0131z veya tehdit alt\u0131nda hissederseniz, sohbeti derhal sonland\u0131r\u0131n ve kullan\u0131c\u0131y\u0131 platform y\u00f6neticilerine bildirin.<\/li>\n<\/ul>\n<h2>Sonu\u00e7<\/h2>\n<p>Camloo, ister a\u015fk\u0131 ar\u0131yor olun ister sadece yeni arkada\u015flar edinmek istiyor olun, yeni insanlarla tan\u0131\u015fmak i\u00e7in harika bir yoldur. Camloo'nin en iyi yan\u0131, kullan\u0131m\u0131n\u0131n tamamen \u00fccretsiz olmas\u0131d\u0131r, bu y\u00fczden deneyerek kaybedecek hi\u00e7bir \u015feyiniz yoktur. Neden bug\u00fcn kaydolmuyorsunuz ve kiminle tan\u0131\u015ft\u0131\u011f\u0131n\u0131z\u0131 g\u00f6rm\u00fcyorsunuz?<\/p>","protected":false},"excerpt":{"rendered":"<p>Camloo is a live video chat software that helps you to meet random people over the internet. The benefit of using Camloo is that enables you to connect with different people around the world with the click of your finger. With its latest video-enabled calling, you can make friends easily through random chit-chats, online dating, [&hellip;]<\/p>\n","protected":false},"author":6,"featured_media":559,"parent":0,"menu_order":0,"comment_status":"closed","ping_status":"closed","template":"","meta":{"footnotes":""},"class_list":["post-1319","page","type-page","status-publish","has-post-thumbnail","hentry"],"yoast_head":"<!-- This site is optimized with the Yoast SEO plugin v26.9 - https:\/\/yoast.com\/product\/yoast-seo-wordpress\/ -->\n<title>Camloo - Free Random Video Chat - Cam on StrangerCam.com<\/title>\n<meta name=\"description\" content=\"Like Camloo? Come chat with more than 5.000.000 strangers on Stranger Cam for Free! Turn on your cam and find new friends &amp; maby a match!\" \/>\n<meta name=\"robots\" content=\"index, follow, max-snippet:-1, max-image-preview:large, max-video-preview:-1\" \/>\n<link rel=\"canonical\" href=\"https:\/\/strangercam.com\/tr\/camloo\/\" \/>\n<meta property=\"og:locale\" content=\"tr_TR\" \/>\n<meta property=\"og:type\" content=\"article\" \/>\n<meta property=\"og:title\" content=\"Camloo - Free Random Video Chat - Cam on StrangerCam.com\" \/>\n<meta property=\"og:description\" content=\"Like Camloo? Come chat with more than 5.000.000 strangers on Stranger Cam for Free! Turn on your cam and find new friends &amp; maby a match!\" \/>\n<meta property=\"og:url\" content=\"https:\/\/strangercam.com\/tr\/camloo\/\" \/>\n<meta property=\"og:site_name\" content=\"Strangercam\" \/>\n<meta property=\"article:publisher\" content=\"https:\/\/www.facebook.com\/strangercam\" \/>\n<meta property=\"article:modified_time\" content=\"2023-08-21T09:40:39+00:00\" \/>\n<meta property=\"og:image\" content=\"https:\/\/strangercam.com\/wp-content\/uploads\/2020\/11\/stranger-cam-1.png\" \/>\n\t<meta property=\"og:image:width\" content=\"800\" \/>\n\t<meta property=\"og:image:height\" content=\"800\" \/>\n\t<meta property=\"og:image:type\" content=\"image\/png\" \/>\n<meta name=\"twitter:card\" content=\"summary_large_image\" \/>\n<meta name=\"twitter:site\" content=\"@strangercamapp\" \/>\n<meta name=\"twitter:label1\" content=\"Tahmini okuma s\u00fcresi\" \/>\n\t<meta name=\"twitter:data1\" content=\"7 dakika\" \/>\n<script type=\"application\/ld+json\" class=\"yoast-schema-graph\">{\"@context\":\"https:\/\/schema.org\",\"@graph\":[{\"@type\":\"WebPage\",\"@id\":\"https:\/\/strangercam.com\/camloo\/\",\"url\":\"https:\/\/strangercam.com\/camloo\/\",\"name\":\"Camloo - Free Random Video Chat - Cam on StrangerCam.com\",\"isPartOf\":{\"@id\":\"https:\/\/strangercam.com\/#website\"},\"primaryImageOfPage\":{\"@id\":\"https:\/\/strangercam.com\/camloo\/#primaryimage\"},\"image\":{\"@id\":\"https:\/\/strangercam.com\/camloo\/#primaryimage\"},\"thumbnailUrl\":\"https:\/\/strangercam.com\/wp-content\/uploads\/2020\/11\/stranger-cam-1.png\",\"datePublished\":\"2021-04-06T09:11:22+00:00\",\"dateModified\":\"2023-08-21T09:40:39+00:00\",\"description\":\"Like Camloo? Come chat with more than 5.000.000 strangers on Stranger Cam for Free! Turn on your cam and find new friends & maby a match!\",\"breadcrumb\":{\"@id\":\"https:\/\/strangercam.com\/camloo\/#breadcrumb\"},\"inLanguage\":\"tr\",\"potentialAction\":[{\"@type\":\"ReadAction\",\"target\":[\"https:\/\/strangercam.com\/camloo\/\"]}]},{\"@type\":\"ImageObject\",\"inLanguage\":\"tr\",\"@id\":\"https:\/\/strangercam.com\/camloo\/#primaryimage\",\"url\":\"https:\/\/strangercam.com\/wp-content\/uploads\/2020\/11\/stranger-cam-1.png\",\"contentUrl\":\"https:\/\/strangercam.com\/wp-content\/uploads\/2020\/11\/stranger-cam-1.png\",\"width\":800,\"height\":800,\"caption\":\"stranger cam random video chat\"},{\"@type\":\"BreadcrumbList\",\"@id\":\"https:\/\/strangercam.com\/camloo\/#breadcrumb\",\"itemListElement\":[{\"@type\":\"ListItem\",\"position\":1,\"name\":\"Home\",\"item\":\"https:\/\/strangercam.com\/\"},{\"@type\":\"ListItem\",\"position\":2,\"name\":\"Camloo\"}]},{\"@type\":\"WebSite\",\"@id\":\"https:\/\/strangercam.com\/#website\",\"url\":\"https:\/\/strangercam.com\/\",\"name\":\"Strangercam\",\"description\":\"Random Video Chat with Strangers\",\"publisher\":{\"@id\":\"https:\/\/strangercam.com\/#organization\"},\"alternateName\":\"Strangercam.com\",\"potentialAction\":[{\"@type\":\"SearchAction\",\"target\":{\"@type\":\"EntryPoint\",\"urlTemplate\":\"https:\/\/strangercam.com\/?s={search_term_string}\"},\"query-input\":{\"@type\":\"PropertyValueSpecification\",\"valueRequired\":true,\"valueName\":\"search_term_string\"}}],\"inLanguage\":\"tr\"},{\"@type\":\"Organization\",\"@id\":\"https:\/\/strangercam.com\/#organization\",\"name\":\"Strangercam\",\"alternateName\":\"Strangercam.com\",\"url\":\"https:\/\/strangercam.com\/\",\"logo\":{\"@type\":\"ImageObject\",\"inLanguage\":\"tr\",\"@id\":\"https:\/\/strangercam.com\/#\/schema\/logo\/image\/\",\"url\":\"https:\/\/strangercam.com\/wp-content\/uploads\/2020\/11\/cropped-new-favicon-black.png\",\"contentUrl\":\"https:\/\/strangercam.com\/wp-content\/uploads\/2020\/11\/cropped-new-favicon-black.png\",\"width\":512,\"height\":512,\"caption\":\"Strangercam\"},\"image\":{\"@id\":\"https:\/\/strangercam.com\/#\/schema\/logo\/image\/\"},\"sameAs\":[\"https:\/\/www.facebook.com\/strangercam\",\"https:\/\/x.com\/strangercamapp\"]}]}<\/script>\n<!-- \/ Yoast SEO plugin. -->","yoast_head_json":{"title":"Camloo - \u00dccretsiz Rastgele G\u00f6r\u00fcnt\u00fcl\u00fc Sohbet - StrangerCam.com'da Kamera","description":"Camloo'yi be\u011fendiniz mi? Gelin Stranger Cam'de 5.000.000'dan fazla yabanc\u0131yla \u00dccretsiz sohbet edin! Kameran\u0131z\u0131 a\u00e7\u0131n ve yeni arkada\u015flar ve belki bir e\u015fle\u015fme bulun!","robots":{"index":"index","follow":"follow","max-snippet":"max-snippet:-1","max-image-preview":"max-image-preview:large","max-video-preview":"max-video-preview:-1"},"canonical":"https:\/\/strangercam.com\/tr\/camloo\/","og_locale":"tr_TR","og_type":"article","og_title":"Camloo - Free Random Video Chat - Cam on StrangerCam.com","og_description":"Like Camloo? Come chat with more than 5.000.000 strangers on Stranger Cam for Free! Turn on your cam and find new friends & maby a match!","og_url":"https:\/\/strangercam.com\/tr\/camloo\/","og_site_name":"Strangercam","article_publisher":"https:\/\/www.facebook.com\/strangercam","article_modified_time":"2023-08-21T09:40:39+00:00","og_image":[{"width":800,"height":800,"url":"https:\/\/strangercam.com\/wp-content\/uploads\/2020\/11\/stranger-cam-1.png","type":"image\/png"}],"twitter_card":"summary_large_image","twitter_site":"@strangercamapp","twitter_misc":{"Tahmini okuma s\u00fcresi":"7 dakika"},"schema":{"@context":"https:\/\/schema.org","@graph":[{"@type":"WebPage","@id":"https:\/\/strangercam.com\/camloo\/","url":"https:\/\/strangercam.com\/camloo\/","name":"Camloo - \u00dccretsiz Rastgele G\u00f6r\u00fcnt\u00fcl\u00fc Sohbet - StrangerCam.com'da Kamera","isPartOf":{"@id":"https:\/\/strangercam.com\/#website"},"primaryImageOfPage":{"@id":"https:\/\/strangercam.com\/camloo\/#primaryimage"},"image":{"@id":"https:\/\/strangercam.com\/camloo\/#primaryimage"},"thumbnailUrl":"https:\/\/strangercam.com\/wp-content\/uploads\/2020\/11\/stranger-cam-1.png","datePublished":"2021-04-06T09:11:22+00:00","dateModified":"2023-08-21T09:40:39+00:00","description":"Camloo'yi be\u011fendiniz mi? Gelin Stranger Cam'de 5.000.000'dan fazla yabanc\u0131yla \u00dccretsiz sohbet edin! Kameran\u0131z\u0131 a\u00e7\u0131n ve yeni arkada\u015flar ve belki bir e\u015fle\u015fme bulun!","breadcrumb":{"@id":"https:\/\/strangercam.com\/camloo\/#breadcrumb"},"inLanguage":"tr","potentialAction":[{"@type":"ReadAction","target":["https:\/\/strangercam.com\/camloo\/"]}]},{"@type":"ImageObject","inLanguage":"tr","@id":"https:\/\/strangercam.com\/camloo\/#primaryimage","url":"https:\/\/strangercam.com\/wp-content\/uploads\/2020\/11\/stranger-cam-1.png","contentUrl":"https:\/\/strangercam.com\/wp-content\/uploads\/2020\/11\/stranger-cam-1.png","width":800,"height":800,"caption":"stranger cam random video chat"},{"@type":"BreadcrumbList","@id":"https:\/\/strangercam.com\/camloo\/#breadcrumb","itemListElement":[{"@type":"ListItem","position":1,"name":"Home","item":"https:\/\/strangercam.com\/"},{"@type":"ListItem","position":2,"name":"Camloo"}]},{"@type":"WebSite","@id":"https:\/\/strangercam.com\/#website","url":"https:\/\/strangercam.com\/","name":"Strangercam","description":"Yabanc\u0131larla Rastgele G\u00f6r\u00fcnt\u00fcl\u00fc Sohbet","publisher":{"@id":"https:\/\/strangercam.com\/#organization"},"alternateName":"Strangercam.com","potentialAction":[{"@type":"SearchAction","target":{"@type":"EntryPoint","urlTemplate":"https:\/\/strangercam.com\/?s={search_term_string}"},"query-input":{"@type":"PropertyValueSpecification","valueRequired":true,"valueName":"search_term_string"}}],"inLanguage":"tr"},{"@type":"Organization","@id":"https:\/\/strangercam.com\/#organization","name":"Strangercam","alternateName":"Strangercam.com","url":"https:\/\/strangercam.com\/","logo":{"@type":"ImageObject","inLanguage":"tr","@id":"https:\/\/strangercam.com\/#\/schema\/logo\/image\/","url":"https:\/\/strangercam.com\/wp-content\/uploads\/2020\/11\/cropped-new-favicon-black.png","contentUrl":"https:\/\/strangercam.com\/wp-content\/uploads\/2020\/11\/cropped-new-favicon-black.png","width":512,"height":512,"caption":"Strangercam"},"image":{"@id":"https:\/\/strangercam.com\/#\/schema\/logo\/image\/"},"sameAs":["https:\/\/www.facebook.com\/strangercam","https:\/\/x.com\/strangercamapp"]}]}},"_links":{"self":[{"href":"https:\/\/strangercam.com\/tr\/wp-json\/wp\/v2\/pages\/1319","targetHints":{"allow":["GET"]}}],"collection":[{"href":"https:\/\/strangercam.com\/tr\/wp-json\/wp\/v2\/pages"}],"about":[{"href":"https:\/\/strangercam.com\/tr\/wp-json\/wp\/v2\/types\/page"}],"author":[{"embeddable":true,"href":"https:\/\/strangercam.com\/tr\/wp-json\/wp\/v2\/users\/6"}],"replies":[{"embeddable":true,"href":"https:\/\/strangercam.com\/tr\/wp-json\/wp\/v2\/comments?post=1319"}],"version-history":[{"count":0,"href":"https:\/\/strangercam.com\/tr\/wp-json\/wp\/v2\/pages\/1319\/revisions"}],"wp:featuredmedia":[{"embeddable":true,"href":"https:\/\/strangercam.com\/tr\/wp-json\/wp\/v2\/media\/559"}],"wp:attachment":[{"href":"https:\/\/strangercam.com\/tr\/wp-json\/wp\/v2\/media?parent=1319"}],"curies":[{"name":"wp","href":"https:\/\/api.w.org\/{rel}","templated":true}]}}