{"id":1311,"date":"2021-04-06T10:56:49","date_gmt":"2021-04-06T08:56:49","guid":{"rendered":"https:\/\/strangercam.com\/?page_id=1311"},"modified":"2023-08-21T12:24:41","modified_gmt":"2023-08-21T10:24:41","slug":"holla","status":"publish","type":"page","link":"https:\/\/strangercam.com\/tr\/holla\/","title":{"rendered":"Holla"},"content":{"rendered":"<p>Fiziksel olarak bire bir ba\u011flant\u0131 kurmak ve konu\u015fmak hi\u00e7bir zaman kolay olmad\u0131. <a href=\"https:\/\/strangercam.com\/tr\/mili\/\">canl\u0131<\/a> Video <a href=\"https:\/\/strangercam.com\/tr\/chatroulette\/\">sohbet<\/a> uzaktaki akraban\u0131zla ya da arkada\u015flar\u0131n\u0131zla daha \u00f6nceki g\u00fcnlerde. Bug\u00fcn, g\u00f6r\u00fcnt\u00fcl\u00fc sohbet bu engeli ortadan kald\u0131rd\u0131 ve binlerce kilometrelik mesafeyi evinize getirdi. Art\u0131k kolayca bir <a href=\"https:\/\/strangercam.com\/tr\/rabbit-video-chat\/\">g\u00f6r\u00fcnt\u00fcl\u00fc sohbet<\/a> Holla arac\u0131l\u0131\u011f\u0131yla uzak \u00fclkelerdeki arkada\u015flar\u0131n\u0131zla veya ailenizle.<\/p>\n<p>40'tan fazla \u00fclkede kolayca kullan\u0131labilen Holla, 2020'deki en iyi g\u00f6r\u00fcnt\u00fcl\u00fc sohbet olarak kabul edilir. Canl\u0131 bir sohbete sahip olabilirsiniz <a href=\"https:\/\/strangercam.com\/tr\/american-random-video-call\/\">g\u00f6r\u00fcnt\u00fcl\u00fc arama<\/a> d\u00fcnyan\u0131n d\u00f6rt bir yan\u0131ndan herhangi bir yabanc\u0131ya. Bu platform 190 farkl\u0131 \u00fclkeden 30 milyondan fazla kay\u0131tl\u0131 kullan\u0131c\u0131dan olu\u015fmaktad\u0131r.<\/p>\n<h2>Avantajlar<\/h2>\n<ul>\n<li>En \u0130yi Video Yaz\u0131l\u0131m\u0131 - Bu yaz\u0131l\u0131m 2020'nin en iyi video yaz\u0131l\u0131m\u0131 olarak \u00f6d\u00fcllendirilmi\u015ftir. Bunun nedeni, bu yaz\u0131l\u0131m\u0131n g\u00f6r\u00fcnt\u00fcl\u00fc sohbet, sesli sohbet ve hatta metin sohbeti yoluyla rastgele bir yabanc\u0131yla ileti\u015fim kurman\u0131za izin vermesidir. T\u00fcm bu \u00f6zellikler hi\u00e7bir \u00fccret \u00f6demeden gelir. Dahas\u0131, sadece parma\u011f\u0131n\u0131z\u0131 kayd\u0131rarak d\u00fcnyan\u0131n her yerinden arkada\u015f edinmenize ve binlerce se\u00e7enek aras\u0131ndan se\u00e7im yapman\u0131za olanak tan\u0131r.<br \/>\nE\u015fsiz Ses ve<\/li>\n<li>Kalite - Holla size arkada\u015flar\u0131n\u0131zla, yabanc\u0131larla ve hatta binlerce kilometre uzakta ya\u015fayan aile \u00fcyelerinizle rahat\u00e7a konu\u015fabilece\u011finiz bir platform sa\u011flar. Bunun nedeni, size benzersiz ses ve kalite ile se\u00e7me ve ileti\u015fim kurma \u00f6zg\u00fcrl\u00fc\u011f\u00fc vermesidir, b\u00f6ylece araman\u0131z zay\u0131f a\u011f veya ses kalitesi nedeniyle kesintiye u\u011framaz.<\/li>\n<li>\u00c7e\u015fitli \u00d6zellikler - Dahas\u0131, bu yaz\u0131l\u0131m 3G, 4G ve hatta Wi-Fi a\u011f ba\u011flant\u0131s\u0131 gibi herhangi bir a\u011fda kullan\u0131labilir. Ayr\u0131ca \u00fccretsiz canl\u0131 g\u00f6r\u00fcnt\u00fcl\u00fc sohbet, \u00fccretsiz canl\u0131 sesli sohbet ve \u00fccretsiz metin sohbeti kullanman\u0131za olanak tan\u0131r. Holla, kullan\u0131c\u0131lar\u0131na bire bir do\u011frudan canl\u0131 g\u00f6r\u00fcnt\u00fcl\u00fc arama \u00f6zelli\u011fi sa\u011flar. Yaln\u0131zca tercih etti\u011finiz cinsiyeti ve b\u00f6lgeyi se\u00e7meniz yeterlidir. G\u00fcvenli ve sa\u011flam kullan\u0131m, kolayca yapabilirsiniz <a href=\"https:\/\/strangercam.com\/tr\/coomeet\/\">tan\u0131\u015fmak<\/a> d\u00fcnyan\u0131n her yerinden yeni insanlarla sorunsuz bir \u015fekilde tan\u0131\u015fabilirsiniz.<\/li>\n<\/ul>\n<h3>Holla'nin Temel \u0130\u015flevleri<\/h3>\n<p>Holla kullanarak bir\u00e7ok s\u00fcrpriz bekleyebilirsiniz. Yani, g\u00f6r\u00fcnt\u00fcl\u00fc sohbet etti\u011finizde veya bilinmeyen bir yabanc\u0131yla sohbet etti\u011finizde bile s\u00fcrprizlerle dolu olacaks\u0131n\u0131z. Dahas\u0131, \u00f6n\u00fcm\u00fczdeki dakika i\u00e7inde kiminle tan\u0131\u015faca\u011f\u0131n\u0131z\u0131n fark\u0131nda de\u011filsiniz. T\u00fcm yetenekli gen\u00e7ler, ger\u00e7ek zamanl\u0131 sohbetler yoluyla \u00e7evrimi\u00e7i olarak tan\u0131\u015fmak ve yeni arkada\u015flar edinmek i\u00e7in bu platforma geliyor.<\/p>\n<p>\u00dccretsiz canl\u0131 g\u00f6r\u00fcnt\u00fcl\u00fc sohbetin t\u00fcm tan\u0131m\u0131, sizin i\u00e7in \u00e7arp\u0131c\u0131 bir deneyim yaratan video filtreleri ve \u00e7\u0131kartmalarla sizi bekliyor. Holla'nin kullan\u0131m\u0131 \u00fccretsizdir, \u00f6zelle\u015ftirilmi\u015f video ak\u0131\u015f\u0131 ve e\u015fle\u015ftirme ile yaln\u0131zca canl\u0131 g\u00f6r\u00fcnt\u00fcl\u00fc sohbette bulunan bonus premium \u00f6zellikleri alabilirsiniz.<\/p>","protected":false},"excerpt":{"rendered":"<p>It was never easy to connect and talk one-on-one physically through a live video chat with your distant relative, or friends in earlier days. Today, video chatting has eliminated that barrier and brought a thousand kilometres of distance to your home. You can now easily hold a video chat with your friends, or family in [&hellip;]<\/p>\n","protected":false},"author":6,"featured_media":559,"parent":0,"menu_order":0,"comment_status":"closed","ping_status":"closed","template":"","meta":{"footnotes":""},"class_list":["post-1311","page","type-page","status-publish","has-post-thumbnail","hentry"],"yoast_head":"<!-- This site is optimized with the Yoast SEO plugin v27.4 - https:\/\/yoast.com\/product\/yoast-seo-wordpress\/ -->\n<title>Holla - Best Random Video Chat - Cam on StrangerCam.com<\/title>\n<meta name=\"description\" content=\"Like Holla? Come chat with more than 5.000.000 strangers on Stranger Cam for Free! Turn on your cam and find new friends &amp; maby a match!\" \/>\n<meta name=\"robots\" content=\"index, follow, max-snippet:-1, max-image-preview:large, max-video-preview:-1\" \/>\n<link rel=\"canonical\" href=\"https:\/\/strangercam.com\/tr\/holla\/\" \/>\n<meta property=\"og:locale\" content=\"tr_TR\" \/>\n<meta property=\"og:type\" content=\"article\" \/>\n<meta property=\"og:title\" content=\"Holla - Best Random Video Chat - Cam on StrangerCam.com\" \/>\n<meta property=\"og:description\" content=\"Like Holla? Come chat with more than 5.000.000 strangers on Stranger Cam for Free! Turn on your cam and find new friends &amp; maby a match!\" \/>\n<meta property=\"og:url\" content=\"https:\/\/strangercam.com\/tr\/holla\/\" \/>\n<meta property=\"og:site_name\" content=\"Strangercam\" \/>\n<meta property=\"article:publisher\" content=\"https:\/\/www.facebook.com\/strangercam\" \/>\n<meta property=\"article:modified_time\" content=\"2023-08-21T10:24:41+00:00\" \/>\n<meta property=\"og:image\" content=\"https:\/\/strangercam.com\/wp-content\/uploads\/2020\/11\/stranger-cam-1.png\" \/>\n\t<meta property=\"og:image:width\" content=\"800\" \/>\n\t<meta property=\"og:image:height\" content=\"800\" \/>\n\t<meta property=\"og:image:type\" content=\"image\/png\" \/>\n<meta name=\"twitter:card\" content=\"summary_large_image\" \/>\n<meta name=\"twitter:site\" content=\"@strangercamapp\" \/>\n<meta name=\"twitter:label1\" content=\"Tahmini okuma s\u00fcresi\" \/>\n\t<meta name=\"twitter:data1\" content=\"2 dakika\" \/>\n<script type=\"application\/ld+json\" class=\"yoast-schema-graph\">{\"@context\":\"https:\\\/\\\/schema.org\",\"@graph\":[{\"@type\":\"WebPage\",\"@id\":\"https:\\\/\\\/strangercam.com\\\/holla\\\/\",\"url\":\"https:\\\/\\\/strangercam.com\\\/holla\\\/\",\"name\":\"Holla - Best Random Video Chat - Cam on StrangerCam.com\",\"isPartOf\":{\"@id\":\"https:\\\/\\\/strangercam.com\\\/#website\"},\"primaryImageOfPage\":{\"@id\":\"https:\\\/\\\/strangercam.com\\\/holla\\\/#primaryimage\"},\"image\":{\"@id\":\"https:\\\/\\\/strangercam.com\\\/holla\\\/#primaryimage\"},\"thumbnailUrl\":\"https:\\\/\\\/strangercam.com\\\/wp-content\\\/uploads\\\/2020\\\/11\\\/stranger-cam-1.png\",\"datePublished\":\"2021-04-06T08:56:49+00:00\",\"dateModified\":\"2023-08-21T10:24:41+00:00\",\"description\":\"Like Holla? Come chat with more than 5.000.000 strangers on Stranger Cam for Free! Turn on your cam and find new friends & maby a match!\",\"breadcrumb\":{\"@id\":\"https:\\\/\\\/strangercam.com\\\/holla\\\/#breadcrumb\"},\"inLanguage\":\"tr\",\"potentialAction\":[{\"@type\":\"ReadAction\",\"target\":[\"https:\\\/\\\/strangercam.com\\\/holla\\\/\"]}]},{\"@type\":\"ImageObject\",\"inLanguage\":\"tr\",\"@id\":\"https:\\\/\\\/strangercam.com\\\/holla\\\/#primaryimage\",\"url\":\"https:\\\/\\\/strangercam.com\\\/wp-content\\\/uploads\\\/2020\\\/11\\\/stranger-cam-1.png\",\"contentUrl\":\"https:\\\/\\\/strangercam.com\\\/wp-content\\\/uploads\\\/2020\\\/11\\\/stranger-cam-1.png\",\"width\":800,\"height\":800,\"caption\":\"stranger cam random video chat\"},{\"@type\":\"BreadcrumbList\",\"@id\":\"https:\\\/\\\/strangercam.com\\\/holla\\\/#breadcrumb\",\"itemListElement\":[{\"@type\":\"ListItem\",\"position\":1,\"name\":\"Home\",\"item\":\"https:\\\/\\\/strangercam.com\\\/\"},{\"@type\":\"ListItem\",\"position\":2,\"name\":\"Holla\"}]},{\"@type\":\"WebSite\",\"@id\":\"https:\\\/\\\/strangercam.com\\\/#website\",\"url\":\"https:\\\/\\\/strangercam.com\\\/\",\"name\":\"Strangercam\",\"description\":\"Random Video Chat with Strangers\",\"publisher\":{\"@id\":\"https:\\\/\\\/strangercam.com\\\/#organization\"},\"alternateName\":\"Strangercam.com\",\"potentialAction\":[{\"@type\":\"SearchAction\",\"target\":{\"@type\":\"EntryPoint\",\"urlTemplate\":\"https:\\\/\\\/strangercam.com\\\/?s={search_term_string}\"},\"query-input\":{\"@type\":\"PropertyValueSpecification\",\"valueRequired\":true,\"valueName\":\"search_term_string\"}}],\"inLanguage\":\"tr\"},{\"@type\":\"Organization\",\"@id\":\"https:\\\/\\\/strangercam.com\\\/#organization\",\"name\":\"Strangercam\",\"alternateName\":\"Strangercam.com\",\"url\":\"https:\\\/\\\/strangercam.com\\\/\",\"logo\":{\"@type\":\"ImageObject\",\"inLanguage\":\"tr\",\"@id\":\"https:\\\/\\\/strangercam.com\\\/#\\\/schema\\\/logo\\\/image\\\/\",\"url\":\"https:\\\/\\\/strangercam.com\\\/wp-content\\\/uploads\\\/2020\\\/11\\\/cropped-new-favicon-black.png\",\"contentUrl\":\"https:\\\/\\\/strangercam.com\\\/wp-content\\\/uploads\\\/2020\\\/11\\\/cropped-new-favicon-black.png\",\"width\":512,\"height\":512,\"caption\":\"Strangercam\"},\"image\":{\"@id\":\"https:\\\/\\\/strangercam.com\\\/#\\\/schema\\\/logo\\\/image\\\/\"},\"sameAs\":[\"https:\\\/\\\/www.facebook.com\\\/strangercam\",\"https:\\\/\\\/x.com\\\/strangercamapp\"]}]}<\/script>\n<!-- \/ Yoast SEO plugin. -->","yoast_head_json":{"title":"Holla - En \u0130yi Rastgele G\u00f6r\u00fcnt\u00fcl\u00fc Sohbet - StrangerCam.com'da Kamera","description":"Holla'yi be\u011fendiniz mi? Gelin Stranger Cam'de 5.000.000'dan fazla yabanc\u0131yla \u00dccretsiz sohbet edin! Kameran\u0131z\u0131 a\u00e7\u0131n ve yeni arkada\u015flar ve belki bir e\u015fle\u015fme bulun!","robots":{"index":"index","follow":"follow","max-snippet":"max-snippet:-1","max-image-preview":"max-image-preview:large","max-video-preview":"max-video-preview:-1"},"canonical":"https:\/\/strangercam.com\/tr\/holla\/","og_locale":"tr_TR","og_type":"article","og_title":"Holla - Best Random Video Chat - Cam on StrangerCam.com","og_description":"Like Holla? Come chat with more than 5.000.000 strangers on Stranger Cam for Free! Turn on your cam and find new friends & maby a match!","og_url":"https:\/\/strangercam.com\/tr\/holla\/","og_site_name":"Strangercam","article_publisher":"https:\/\/www.facebook.com\/strangercam","article_modified_time":"2023-08-21T10:24:41+00:00","og_image":[{"width":800,"height":800,"url":"https:\/\/strangercam.com\/wp-content\/uploads\/2020\/11\/stranger-cam-1.png","type":"image\/png"}],"twitter_card":"summary_large_image","twitter_site":"@strangercamapp","twitter_misc":{"Tahmini okuma s\u00fcresi":"2 dakika"},"schema":{"@context":"https:\/\/schema.org","@graph":[{"@type":"WebPage","@id":"https:\/\/strangercam.com\/holla\/","url":"https:\/\/strangercam.com\/holla\/","name":"Holla - En \u0130yi Rastgele G\u00f6r\u00fcnt\u00fcl\u00fc Sohbet - StrangerCam.com'da Kamera","isPartOf":{"@id":"https:\/\/strangercam.com\/#website"},"primaryImageOfPage":{"@id":"https:\/\/strangercam.com\/holla\/#primaryimage"},"image":{"@id":"https:\/\/strangercam.com\/holla\/#primaryimage"},"thumbnailUrl":"https:\/\/strangercam.com\/wp-content\/uploads\/2020\/11\/stranger-cam-1.png","datePublished":"2021-04-06T08:56:49+00:00","dateModified":"2023-08-21T10:24:41+00:00","description":"Holla'yi be\u011fendiniz mi? Gelin Stranger Cam'de 5.000.000'dan fazla yabanc\u0131yla \u00dccretsiz sohbet edin! Kameran\u0131z\u0131 a\u00e7\u0131n ve yeni arkada\u015flar ve belki bir e\u015fle\u015fme bulun!","breadcrumb":{"@id":"https:\/\/strangercam.com\/holla\/#breadcrumb"},"inLanguage":"tr","potentialAction":[{"@type":"ReadAction","target":["https:\/\/strangercam.com\/holla\/"]}]},{"@type":"ImageObject","inLanguage":"tr","@id":"https:\/\/strangercam.com\/holla\/#primaryimage","url":"https:\/\/strangercam.com\/wp-content\/uploads\/2020\/11\/stranger-cam-1.png","contentUrl":"https:\/\/strangercam.com\/wp-content\/uploads\/2020\/11\/stranger-cam-1.png","width":800,"height":800,"caption":"stranger cam random video chat"},{"@type":"BreadcrumbList","@id":"https:\/\/strangercam.com\/holla\/#breadcrumb","itemListElement":[{"@type":"ListItem","position":1,"name":"Home","item":"https:\/\/strangercam.com\/"},{"@type":"ListItem","position":2,"name":"Holla"}]},{"@type":"WebSite","@id":"https:\/\/strangercam.com\/#website","url":"https:\/\/strangercam.com\/","name":"Strangercam","description":"Yabanc\u0131larla Rastgele G\u00f6r\u00fcnt\u00fcl\u00fc Sohbet","publisher":{"@id":"https:\/\/strangercam.com\/#organization"},"alternateName":"Strangercam.com","potentialAction":[{"@type":"SearchAction","target":{"@type":"EntryPoint","urlTemplate":"https:\/\/strangercam.com\/?s={search_term_string}"},"query-input":{"@type":"PropertyValueSpecification","valueRequired":true,"valueName":"search_term_string"}}],"inLanguage":"tr"},{"@type":"Organization","@id":"https:\/\/strangercam.com\/#organization","name":"Strangercam","alternateName":"Strangercam.com","url":"https:\/\/strangercam.com\/","logo":{"@type":"ImageObject","inLanguage":"tr","@id":"https:\/\/strangercam.com\/#\/schema\/logo\/image\/","url":"https:\/\/strangercam.com\/wp-content\/uploads\/2020\/11\/cropped-new-favicon-black.png","contentUrl":"https:\/\/strangercam.com\/wp-content\/uploads\/2020\/11\/cropped-new-favicon-black.png","width":512,"height":512,"caption":"Strangercam"},"image":{"@id":"https:\/\/strangercam.com\/#\/schema\/logo\/image\/"},"sameAs":["https:\/\/www.facebook.com\/strangercam","https:\/\/x.com\/strangercamapp"]}]}},"_links":{"self":[{"href":"https:\/\/strangercam.com\/tr\/wp-json\/wp\/v2\/pages\/1311","targetHints":{"allow":["GET"]}}],"collection":[{"href":"https:\/\/strangercam.com\/tr\/wp-json\/wp\/v2\/pages"}],"about":[{"href":"https:\/\/strangercam.com\/tr\/wp-json\/wp\/v2\/types\/page"}],"author":[{"embeddable":true,"href":"https:\/\/strangercam.com\/tr\/wp-json\/wp\/v2\/users\/6"}],"replies":[{"embeddable":true,"href":"https:\/\/strangercam.com\/tr\/wp-json\/wp\/v2\/comments?post=1311"}],"version-history":[{"count":0,"href":"https:\/\/strangercam.com\/tr\/wp-json\/wp\/v2\/pages\/1311\/revisions"}],"wp:featuredmedia":[{"embeddable":true,"href":"https:\/\/strangercam.com\/tr\/wp-json\/wp\/v2\/media\/559"}],"wp:attachment":[{"href":"https:\/\/strangercam.com\/tr\/wp-json\/wp\/v2\/media?parent=1311"}],"curies":[{"name":"wp","href":"https:\/\/api.w.org\/{rel}","templated":true}]}}