{"id":13057,"date":"2025-10-24T10:20:35","date_gmt":"2025-10-24T08:20:35","guid":{"rendered":"https:\/\/strangercam.com\/?page_id=13057"},"modified":"2025-10-24T10:20:35","modified_gmt":"2025-10-24T08:20:35","slug":"umingle","status":"publish","type":"page","link":"https:\/\/strangercam.com\/tr\/umingle\/","title":{"rendered":"Umingle"},"content":{"rendered":"<p>Omegle sonras\u0131 d\u00f6nemde, d\u00fczinelerce rastgele video <a href=\"https:\/\/strangercam.com\/tr\/chathub\/\">sohbet<\/a> Hepsi de spontane \u00e7evrimi\u00e7i sohbetlerin heyecan\u0131n\u0131 yakalamaya \u00e7al\u0131\u015fan platformlar ortaya \u00e7\u0131kt\u0131. Ancak \u00e7ok az\u0131 basitlik, h\u0131z ve g\u00fcvenli\u011fi ger\u00e7ekten i\u015fe yarayacak \u015fekilde bir araya getirmeyi ba\u015far\u0131yor. Umingle, bu alandaki en yeni kat\u0131l\u0131mc\u0131lardan biri - sohbet etmek isteyen insanlar i\u00e7in olu\u015fturulmu\u015f k\u00fcresel bir rastgele g\u00f6r\u00fcnt\u00fcl\u00fc sohbet platformu <a href=\"https:\/\/strangercam.com\/tr\/coomeet\/\">tan\u0131\u015fmak<\/a> Yabanc\u0131lar an\u0131nda, kaydolmadan veya karma\u015f\u0131k \u00f6zellikler olmadan.<\/p>\n<p>H\u0131zl\u0131 ve \u00f6zg\u00fcn etkile\u015fimlere de\u011fer veren bir nesil i\u00e7in tasarlanan Umingle, klasik \"yabanc\u0131larla konu\u015fma\" deneyimine modern bir dokunu\u015f getiriyor. Peki ama Ohmegle, Lotta ve ChatRT gibi k\u00f6kl\u00fc isimler kar\u015f\u0131s\u0131nda nas\u0131l bir duru\u015f sergiliyor? Gelin daha yak\u0131ndan bakal\u0131m.<\/p>\n<h2>Umingle nedir?<\/h2>\n<p>Umingle, d\u00fcnyan\u0131n d\u00f6rt bir yan\u0131ndaki kullan\u0131c\u0131lar\u0131 ger\u00e7ek zamanl\u0131, y\u00fcz y\u00fcze sohbetler i\u00e7in birbirine ba\u011flayan \u00fccretsiz bir rastgele g\u00f6r\u00fcnt\u00fcl\u00fc sohbet platformudur. Bir hesap olu\u015fturman\u0131za, foto\u011fraf y\u00fcklemenize veya kimli\u011finizi do\u011frulaman\u0131za gerek yok - sadece \"Sohbete Ba\u015fla \"y\u0131 t\u0131klay\u0131n ve an\u0131nda bir yabanc\u0131yla e\u015fle\u015feceksiniz.<\/p>\n<p>Sitenin ad\u0131 amac\u0131n\u0131 m\u00fckemmel bir \u015fekilde yans\u0131t\u0131yor: \u00c7evrimi\u00e7i olarak, rahat\u00e7a ve \u00f6zg\u00fcrce \"kayna\u015fmak\". Biyografi, kayd\u0131rma ve sonsuz bekleme gerektiren arkada\u015fl\u0131k uygulamalar\u0131n\u0131n aksine, Umingle size geldi\u011finiz andan itibaren do\u011frudan, spontane etkile\u015fim sa\u011flar.<\/p>\n<h2>Umingle'\u0131n Amac\u0131 Nedir?<\/h2>\n<p>Umingle'\u0131n misyonu basit: \u00e7evrimi\u00e7i insanlarla tan\u0131\u015fmay\u0131 e\u011flenceli, h\u0131zl\u0131 ve s\u00fcrt\u00fcnmesiz hale getirmek.<\/p>\n<p>Kullan\u0131c\u0131lar i\u00e7in tasarlanm\u0131\u015ft\u0131r:<\/p>\n<ul>\n<li>Omegle tarz\u0131 g\u00f6r\u00fcnt\u00fcl\u00fc sohbetin basitli\u011fini \u00f6zleyin<\/li>\n<li>Yeni insanlarla tan\u0131\u015fmak i\u00e7in anonim, bask\u0131s\u0131z bir yol istiyorsan\u0131z<\/li>\n<li>D\u00fczenlenmi\u015f profiller yerine h\u0131zl\u0131 tempolu, spontane sohbetleri tercih edin<\/li>\n<li>K\u00fclt\u00fcrel de\u011fi\u015fimin ve k\u00fcresel ba\u011flant\u0131n\u0131n keyfini \u00e7\u0131kar\u0131n<\/li>\n<\/ul>\n<p>Arkada\u015f edinmek, dil prati\u011fi yapmak, geli\u015fig\u00fczel fl\u00f6rt etmek veya sadece zaman ge\u00e7irmek istiyorsan\u0131z, Umingle otantik bire bir etkile\u015fim i\u00e7in samimi bir dijital alan yarat\u0131r.<\/p>\n<h2>Temel \u00d6zellikler<\/h2>\n<p>1. An\u0131nda Rastgele G\u00f6r\u00fcnt\u00fcl\u00fc Sohbet<br \/>\nUmingle'\u0131n temel \u00f6zelli\u011fi canl\u0131 bire bir g\u00f6r\u00fcnt\u00fcl\u00fc sohbet sistemidir. Tek bir t\u0131klamayla, an\u0131nda yeni biriyle e\u015fle\u015firsiniz. S\u0131ra yok, bekleme s\u00fcresi yok ve kay\u0131t yok.<\/p>\n<p>2. Atla\/Sonraki D\u00fc\u011fmesi<br \/>\nMevcut sohbetinizden keyif alm\u0131yor musunuz? Atlamak ve ba\u015fka biriyle e\u015fle\u015fmek i\u00e7in \"\u0130leri\" ye t\u0131klaman\u0131z yeterlidir. H\u0131zl\u0131 ve ak\u0131c\u0131d\u0131r, dakikalar i\u00e7inde d\u00fczinelerce yeni insanla tan\u0131\u015fman\u0131z\u0131 sa\u011flar.<\/p>\n<p>3. Metin Sohbeti Se\u00e7ene\u011fi<br \/>\nUmingle, videonun yan\u0131 s\u0131ra, buzlar\u0131 k\u0131rmak veya mikrofonunuzu kullanmak istemedi\u011finizde sessizce sohbet etmek i\u00e7in ideal olan bir metin sohbeti i\u015flevi sunar.<\/p>\n<p>4. 100% Anonim Deneyim<br \/>\nUmingle ad\u0131n\u0131z\u0131, e-postan\u0131z\u0131 veya telefon numaran\u0131z\u0131 istemez. Gizlili\u011finize en ba\u015f\u0131ndan itibaren sayg\u0131 duyulur ve sohbetleriniz boyunca tamamen anonim kal\u0131rs\u0131n\u0131z.<\/p>\n<p>5. Mobil ve Masa\u00fcst\u00fc Dostu<br \/>\nPlatform, hem masa\u00fcst\u00fc taray\u0131c\u0131larda hem de mobil cihazlarda m\u00fckemmel \u00e7al\u0131\u015facak \u015fekilde tasarlanm\u0131\u015ft\u0131r. \u0130ster telefonunuzu ister diz\u00fcst\u00fc bilgisayar\u0131n\u0131z\u0131 kullan\u0131yor olun, aray\u00fcz sorunsuz video ve metin sohbeti i\u00e7in sorunsuz bir \u015fekilde ayarlan\u0131r.<\/p>\n<p>6. Hafif, Modern Aray\u00fcz<br \/>\nUmingle temiz, minimalist bir tasar\u0131ma sahiptir. Dikkat da\u011f\u0131t\u0131c\u0131 pop-up'lar veya a\u015f\u0131r\u0131 reklamlar yok - sadece b\u00fcy\u00fck bir video penceresi, sezgisel d\u00fc\u011fmeler ve h\u0131zl\u0131 ba\u011flant\u0131lar var.<\/p>\n<p>7. Rapor ve Moderasyon Ara\u00e7lar\u0131<br \/>\nKullan\u0131c\u0131 g\u00fcvenli\u011fi en \u00f6nemli \u00f6nceli\u011fimizdir. Uygunsuz bir davran\u0131\u015fla kar\u015f\u0131la\u015f\u0131rsan\u0131z, rapor d\u00fc\u011fmesi sohbeti an\u0131nda i\u015faretlemenizi sa\u011flar. Umingle, g\u00fcvenli bir ortam sa\u011flamak i\u00e7in yapay zeka filtreleri ve insan moderasyonunun bir kar\u0131\u015f\u0131m\u0131n\u0131 kullan\u0131r.<\/p>\n<h2>Umingle \u00dccretsiz mi?<\/h2>\n<p>Evet - Umingle'\u0131 kullanmak 100% \u00fccretsizdir.<\/p>\n<p>T\u00fcm temel \u00f6zellikler \u00fccretsiz olarak kullan\u0131labilir:<\/p>\n<ul>\n<li>S\u0131n\u0131rs\u0131z rastgele g\u00f6r\u00fcnt\u00fcl\u00fc ve yaz\u0131l\u0131 sohbet<\/li>\n<li>An\u0131nda atlama\/sonraki i\u015flevselli\u011fi<\/li>\n<li>Mobil ve masa\u00fcst\u00fc uyumlulu\u011fu<\/li>\n<\/ul>\n<p>Abonelik, jeton veya \u00fccretli y\u00fckseltme yoktur. Platform, sohbet deneyimine m\u00fcdahale etmeyen hafif reklamlarla desteklenen herkes i\u00e7in tamamen eri\u015filebilirdir.<\/p>\n<h2>Umingle'\u0131 Kimler Kullan\u0131yor?<\/h2>\n<p>Umingle, \u00e7evrimi\u00e7i sosyalle\u015fmekten ho\u015flanan \u00e7e\u015fitli ve uluslararas\u0131 bir kitleyi kendine \u00e7ekmektedir:<\/p>\n<ul>\n<li>Ya\u015f Aral\u0131\u011f\u0131: \u00c7o\u011funlukla 18-35 (kesinlikle yeti\u015fkinler i\u00e7in, sadece 18+)<\/li>\n<li>Kullan\u0131c\u0131 Taban\u0131: \u00d6\u011frenciler, gezginler, gen\u00e7 profesyoneller ve s\u0131radan sohbet\u00e7iler<\/li>\n<li>\u00dclkeler: ABD, \u0130ngiltere, Fransa, Hindistan, Brezilya ve Filipinler'de pop\u00fcler<\/li>\n<li>Motivasyonlar: Yeni arkada\u015flarla tan\u0131\u015fmak, g\u00fcndelik fl\u00f6rt, k\u00fclt\u00fcrel de\u011fi\u015fim, dil prati\u011fi veya sadece can s\u0131k\u0131nt\u0131s\u0131n\u0131 gidermek<\/li>\n<\/ul>\n<p>Umingle'\u0131 \u00e7ekici k\u0131lan \u015fey dengeli, arkada\u015f canl\u0131s\u0131 toplulu\u011fudur. K\u00fcresel eri\u015fime sahip olsa da, aray\u00fcz ve moderasyon, bir\u00e7ok eski rastgele sohbet platformundan daha olumlu ve sayg\u0131l\u0131 bir ortam\u0131n korunmas\u0131na yard\u0131mc\u0131 olur.<\/p>\n<h2>G\u00fcvenlik, Gizlilik ve Moderasyon<\/h2>\n<p>Umingle, anonimli\u011fin \u00e7evrimi\u00e7i davran\u0131\u015flar\u0131n hem en iyisini hem de en k\u00f6t\u00fcs\u00fcn\u00fc \u00e7ekebilece\u011finin fark\u0131ndad\u0131r. Buna kar\u015f\u0131 koymak i\u00e7in g\u00fc\u00e7l\u00fc g\u00fcvenlik \u00f6nlemleri ve topluluk moderasyonu kullan\u0131r.<\/p>\n<h3>Gizlilik<\/h3>\n<ul>\n<li>Kay\u0131t veya ki\u015fisel bilgi gerekmez<\/li>\n<li>Sohbetler kaydedilmez veya saklanmaz<\/li>\n<li>Web kameras\u0131 ve mikrofon eri\u015fimi tamamen kullan\u0131c\u0131 taraf\u0131ndan kontrol edilir<\/li>\n<li>HTTPS \u015fifreleme g\u00fcvenli ba\u011flant\u0131lar sa\u011flar<\/li>\n<\/ul>\n<h3>Moderasyon<\/h3>\n<ul>\n<li>Yapay zeka tabanl\u0131 i\u00e7erik tespiti uygunsuz davran\u0131\u015flar\u0131n belirlenmesine yard\u0131mc\u0131 olur<\/li>\n<li>Kullan\u0131c\u0131 raporlama ara\u00e7lar\u0131 ihlallerin h\u0131zl\u0131 bir \u015fekilde i\u015faretlenmesini sa\u011flar<\/li>\n<li>\u0130nsan moderat\u00f6rler raporlar\u0131 g\u00f6zden ge\u00e7irir ve tekrar eden su\u00e7lular\u0131 kald\u0131r\u0131r<\/li>\n<\/ul>\n<h3>G\u00fcvenlik \u0130pu\u00e7lar\u0131<\/h3>\n<ul>\n<li>Tam ad, adres veya sosyal medya hesaplar\u0131 gibi ki\u015fisel bilgileri asla payla\u015fmay\u0131n<\/li>\n<li>Sizi rahats\u0131z eden her t\u00fcrl\u00fc sohbeti sonland\u0131r\u0131n<\/li>\n<li>Gerekti\u011finde \"Atla\" ve \"Raporla\" se\u00e7eneklerini kullan\u0131n<\/li>\n<li>Her etkile\u015fimi anonim ve ge\u00e7ici olarak de\u011ferlendirin<\/li>\n<\/ul>\n<h2>Kullan\u0131c\u0131 Deneyimi ve Tasar\u0131m<\/h2>\n<p>Umingle, modern ve sezgisel hissettiren p\u00fcr\u00fczs\u00fcz, h\u0131zl\u0131 ve karma\u015fas\u0131z bir deneyim sunar:<\/p>\n<ul>\n<li>Ana sayfa: Belirgin bir \"Sohbeti Ba\u015flat\" d\u00fc\u011fmesi ve net y\u00f6nergeler i\u00e7eren basit d\u00fczen<\/li>\n<li>Video Aray\u00fcz\u00fc: B\u00fcy\u00fck video panelleri ve atlama, metin ve rapor i\u00e7in eri\u015fimi kolay kontroller<\/li>\n<li>Performans: H\u0131zl\u0131 ba\u011flant\u0131lar, minimum gecikme ve sohbetler aras\u0131nda h\u0131zl\u0131 yeniden ba\u011flant\u0131lar<\/li>\n<li>Mobil Optimizasyon: Ak\u0131ll\u0131 telefonlarda ve tabletlerde m\u00fckemmel yan\u0131t verir<\/li>\n<li>G\u00f6rsel Stil: Dikkat da\u011f\u0131t\u0131c\u0131 unsurlara de\u011fil, \u00f6nce videoya odaklanan temiz, minimal tasar\u0131m<\/li>\n<\/ul>\n<p>Genel olarak, Umingle profesyonel ve hafif bir his veriyor - eski rastgele sohbet sitelerinin modas\u0131 ge\u00e7mi\u015f g\u00f6r\u00fcn\u00fcm\u00fcnden ka\u00e7\u0131n\u0131yor.<\/p>\n<h2>Umingle vs Di\u011fer Rastgele Sohbet Platformlar\u0131<\/h2>\n<p>Umingle, di\u011fer Omegle tarz\u0131 alternatiflerle kar\u015f\u0131la\u015ft\u0131r\u0131ld\u0131\u011f\u0131nda nas\u0131l?<\/p>\n<table>\n<thead>\n<tr>\n<th>\u00d6zellik<\/th>\n<th>Umingle<\/th>\n<th><a href=\"https:\/\/strangercam.com\/tr\/omegle\/\">Omegle<\/a> (kapal\u0131)<\/th>\n<th>Ohmegle<\/th>\n<th>Lotta<\/th>\n<th>ChatRT<\/th>\n<th>MatchPub<\/th>\n<th><a href=\"https:\/\/strangercam.com\/tr\/ometv\/\">OmeTV<\/a><\/th>\n<\/tr>\n<\/thead>\n<tbody>\n<tr>\n<td>Rastgele G\u00f6r\u00fcnt\u00fcl\u00fc Sohbet<\/td>\n<td>Evet<\/td>\n<td>Evet<\/td>\n<td>Evet<\/td>\n<td>Evet<\/td>\n<td>Evet<\/td>\n<td>Evet<\/td>\n<td>Evet<\/td>\n<\/tr>\n<tr>\n<td>Metin Sohbeti Se\u00e7ene\u011fi<\/td>\n<td>Evet<\/td>\n<td>Evet<\/td>\n<td>Evet<\/td>\n<td>Evet<\/td>\n<td>Evet<\/td>\n<td>Evet<\/td>\n<td>Evet<\/td>\n<\/tr>\n<tr>\n<td>Kay\u0131t Gerekli<\/td>\n<td>Hay\u0131r<\/td>\n<td>Hay\u0131r<\/td>\n<td>Hay\u0131r<\/td>\n<td>Hay\u0131r<\/td>\n<td>Hay\u0131r<\/td>\n<td>Hay\u0131r<\/td>\n<td>Hay\u0131r<\/td>\n<\/tr>\n<tr>\n<td>Mobil Dostu<\/td>\n<td>M\u00fckemmel<\/td>\n<td>Zay\u0131f<\/td>\n<td>M\u00fckemmel<\/td>\n<td>M\u00fckemmel<\/td>\n<td>M\u00fckemmel<\/td>\n<td>M\u00fckemmel<\/td>\n<td>\u0130yi<\/td>\n<\/tr>\n<tr>\n<td>Cinsiyet\/B\u00f6lge Filtreleri<\/td>\n<td>Hay\u0131r<\/td>\n<td>Hay\u0131r<\/td>\n<td>Hay\u0131r<\/td>\n<td>Hay\u0131r<\/td>\n<td>Hay\u0131r<\/td>\n<td>Hay\u0131r<\/td>\n<td>\u00dccretli<\/td>\n<\/tr>\n<tr>\n<td>Moderasyon Ara\u00e7lar\u0131<\/td>\n<td>G\u00fc\u00e7l\u00fc<\/td>\n<td>Zay\u0131f<\/td>\n<td>Orta d\u00fczeyde<\/td>\n<td>\u0130yi<\/td>\n<td>G\u00fc\u00e7l\u00fc<\/td>\n<td>\u0130yi<\/td>\n<td>G\u00fc\u00e7l\u00fc<\/td>\n<\/tr>\n<tr>\n<td>\u00dccretsiz Kullan\u0131m<\/td>\n<td>Evet<\/td>\n<td>Evet<\/td>\n<td>Evet<\/td>\n<td>Evet<\/td>\n<td>Evet<\/td>\n<td>Evet<\/td>\n<td>Evet\/\u00d6dendi<\/td>\n<\/tr>\n<\/tbody>\n<\/table>\n<p>\u00d6zet: Umingle en \u00e7ok ChatRT ve Lotta ile kar\u015f\u0131la\u015ft\u0131r\u0131labilir - hepsi \u00fccretsiz, anonim ve h\u0131zl\u0131 - ancak daha temiz aray\u00fcz\u00fc ve daha sorunsuz mobil deneyimi ile \u00f6ne \u00e7\u0131k\u0131yor. Hen\u00fcz geli\u015fmi\u015f filtreler sunmasa da, basitli\u011fi cazibesinin bir par\u00e7as\u0131d\u0131r.<\/p>\n<h2>Art\u0131lar\u0131 ve Eksileri<\/h2>\n<p>Art\u0131lar\u0131:<\/p>\n<ul>\n<li>100% kay\u0131t olmadan \u00fccretsiz<\/li>\n<li>H\u0131zl\u0131 ve anonim rastgele g\u00f6r\u00fcnt\u00fcl\u00fc sohbet<\/li>\n<li>P\u00fcr\u00fczs\u00fcz performansa sahip temiz, modern tasar\u0131m<\/li>\n<li>Mobil ve masa\u00fcst\u00fcnde m\u00fckemmel \u00e7al\u0131\u015f\u0131r<\/li>\n<li>An\u0131nda atlama ve yaz\u0131l\u0131 sohbet se\u00e7enekleri<\/li>\n<li>G\u00fc\u00e7l\u00fc moderasyon ve raporlama ara\u00e7lar\u0131<\/li>\n<\/ul>\n<p>Eksiler:<\/p>\n<ul>\n<li>Cinsiyet veya \u00fclke filtresi yok<\/li>\n<li>Ara s\u0131ra uygunsuz kullan\u0131c\u0131lar (t\u00fcm anonim sohbet sitelerinde ortakt\u0131r)<\/li>\n<li>Kad\u0131n kullan\u0131c\u0131lardan daha fazla erkek kullan\u0131c\u0131<\/li>\n<li>Profil veya arkada\u015f sistemi yok<\/li>\n<li>Eski alternatiflerine k\u0131yasla kullan\u0131c\u0131 taban\u0131n\u0131 hala b\u00fcy\u00fct\u00fcyor<\/li>\n<\/ul>\n<h2>\u0130deal Kullan\u0131m \u00d6rnekleri<\/h2>\n<p>Umingle i\u00e7in m\u00fckemmeldir:<\/p>\n<ul>\n<li>Omegle fanlar\u0131 ve <a href=\"https:\/\/strangercam.com\/tr\/chatroulette\/\">Chatroulette<\/a> modern bir de\u011fi\u015fim isteyen<\/li>\n<li>Anonim, bire bir sohbetlerden ho\u015flanan ki\u015filer<\/li>\n<li>Dil \u00f6\u011frenenler veya k\u00fcresel ba\u011flant\u0131lar\u0131 ke\u015ffeden gezginler<\/li>\n<li>Rahat\u00e7a sosyalle\u015fmek isteyen \u00f6\u011frenciler ve gen\u00e7 yeti\u015fkinler<\/li>\n<li>H\u0131zl\u0131, \u00fccretsiz rastgele g\u00f6r\u00fcnt\u00fcl\u00fc sohbet arayan mobil kullan\u0131c\u0131lar<\/li>\n<\/ul>\n<p>Daha az ideal:<\/p>\n<ul>\n<li>Re\u015fit olmayan kullan\u0131c\u0131lar (kesinlikle 18+)<\/li>\n<li>Fl\u00f6rt filtreleri veya yeniden e\u015fle\u015ftirme se\u00e7enekleri isteyenler<\/li>\n<li>Uzun vadeli ba\u011flant\u0131lar veya sosyal profiller arayan ki\u015filer<\/li>\n<\/ul>\n<p>Umingle, 2025'teki en umut verici Omegle tarz\u0131 rastgele g\u00f6r\u00fcnt\u00fcl\u00fc sohbet platformlar\u0131ndan biridir. Spontane \u00e7evrimi\u00e7i sohbeti e\u011flenceli k\u0131lan her \u015feyi - basitlik, h\u0131z ve k\u00fcresel eri\u015fim - yakalarken, modern, mobil uyumlu bir tasar\u0131m ve g\u00fc\u00e7l\u00fc g\u00fcvenlik ara\u00e7lar\u0131yla g\u00fcncelliyor.<\/p>\n<p>\u00c7evrimi\u00e7i yabanc\u0131larla tan\u0131\u015fmak i\u00e7in h\u0131zl\u0131, \u00fccretsiz ve anonim bir yol ar\u0131yorsan\u0131z, Umingle tam olarak bunu sunar. Sorunsuz performans, kolay raporlama ve misafirperver bir kullan\u0131c\u0131 taban\u0131 ile h\u0131zla y\u0131l\u0131n en iyi yeni rastgele sohbet sitelerinden biri haline geliyor.<\/p>\n<p>\u0130ster arkada\u015f edinmek, ister fl\u00f6rt etmek ya da sadece zaman ge\u00e7irmek isteyin, Umingle kesinlikle denemeye de\u011fer.<\/p>","protected":false},"excerpt":{"rendered":"<p>In the post-Omegle era, dozens of random video chat platforms have emerged, all trying to capture the excitement of spontaneous online conversations. Few, however, manage to combine simplicity, speed, and safety in a way that actually works. Umingle is one of the newest entrants in this space \u2014 a global random video chat platform built [&hellip;]<\/p>\n","protected":false},"author":6,"featured_media":0,"parent":0,"menu_order":0,"comment_status":"closed","ping_status":"closed","template":"","meta":{"footnotes":""},"class_list":["post-13057","page","type-page","status-publish","hentry"],"yoast_head":"<!-- This site is optimized with the Yoast SEO plugin v26.9 - https:\/\/yoast.com\/product\/yoast-seo-wordpress\/ -->\n<title>Umingle - Chat with Strangers - StrangerCam.com<\/title>\n<meta name=\"description\" content=\"Like Umingle? Come chat with more than 5.000.000 strangers on Strangercam for Free! Turn on your cam and find new friends &amp; maby a match!\" \/>\n<meta name=\"robots\" content=\"index, follow, max-snippet:-1, max-image-preview:large, max-video-preview:-1\" \/>\n<link rel=\"canonical\" href=\"https:\/\/strangercam.com\/tr\/umingle\/\" \/>\n<meta property=\"og:locale\" content=\"tr_TR\" \/>\n<meta property=\"og:type\" content=\"article\" \/>\n<meta property=\"og:title\" content=\"Umingle - Chat with Strangers - StrangerCam.com\" \/>\n<meta property=\"og:description\" content=\"Like Umingle? Come chat with more than 5.000.000 strangers on Strangercam for Free! Turn on your cam and find new friends &amp; maby a match!\" \/>\n<meta property=\"og:url\" content=\"https:\/\/strangercam.com\/tr\/umingle\/\" \/>\n<meta property=\"og:site_name\" content=\"Strangercam\" \/>\n<meta property=\"article:publisher\" content=\"https:\/\/www.facebook.com\/strangercam\" \/>\n<meta property=\"og:image\" content=\"https:\/\/strangercam.com\/wp-content\/uploads\/2021\/10\/Untitled-2.png\" \/>\n\t<meta property=\"og:image:width\" content=\"800\" \/>\n\t<meta property=\"og:image:height\" content=\"532\" \/>\n\t<meta property=\"og:image:type\" content=\"image\/png\" \/>\n<meta name=\"twitter:card\" content=\"summary_large_image\" \/>\n<meta name=\"twitter:site\" content=\"@strangercamapp\" \/>\n<meta name=\"twitter:label1\" content=\"Tahmini okuma s\u00fcresi\" \/>\n\t<meta name=\"twitter:data1\" content=\"6 dakika\" \/>\n<script type=\"application\/ld+json\" class=\"yoast-schema-graph\">{\"@context\":\"https:\/\/schema.org\",\"@graph\":[{\"@type\":\"WebPage\",\"@id\":\"https:\/\/strangercam.com\/umingle\/\",\"url\":\"https:\/\/strangercam.com\/umingle\/\",\"name\":\"Umingle - Chat with Strangers - StrangerCam.com\",\"isPartOf\":{\"@id\":\"https:\/\/strangercam.com\/#website\"},\"datePublished\":\"2025-10-24T08:20:35+00:00\",\"description\":\"Like Umingle? Come chat with more than 5.000.000 strangers on Strangercam for Free! Turn on your cam and find new friends & maby a match!\",\"breadcrumb\":{\"@id\":\"https:\/\/strangercam.com\/umingle\/#breadcrumb\"},\"inLanguage\":\"tr\",\"potentialAction\":[{\"@type\":\"ReadAction\",\"target\":[\"https:\/\/strangercam.com\/umingle\/\"]}]},{\"@type\":\"BreadcrumbList\",\"@id\":\"https:\/\/strangercam.com\/umingle\/#breadcrumb\",\"itemListElement\":[{\"@type\":\"ListItem\",\"position\":1,\"name\":\"Home\",\"item\":\"https:\/\/strangercam.com\/\"},{\"@type\":\"ListItem\",\"position\":2,\"name\":\"Umingle\"}]},{\"@type\":\"WebSite\",\"@id\":\"https:\/\/strangercam.com\/#website\",\"url\":\"https:\/\/strangercam.com\/\",\"name\":\"Strangercam\",\"description\":\"Random Video Chat with Strangers\",\"publisher\":{\"@id\":\"https:\/\/strangercam.com\/#organization\"},\"alternateName\":\"Strangercam.com\",\"potentialAction\":[{\"@type\":\"SearchAction\",\"target\":{\"@type\":\"EntryPoint\",\"urlTemplate\":\"https:\/\/strangercam.com\/?s={search_term_string}\"},\"query-input\":{\"@type\":\"PropertyValueSpecification\",\"valueRequired\":true,\"valueName\":\"search_term_string\"}}],\"inLanguage\":\"tr\"},{\"@type\":\"Organization\",\"@id\":\"https:\/\/strangercam.com\/#organization\",\"name\":\"Strangercam\",\"alternateName\":\"Strangercam.com\",\"url\":\"https:\/\/strangercam.com\/\",\"logo\":{\"@type\":\"ImageObject\",\"inLanguage\":\"tr\",\"@id\":\"https:\/\/strangercam.com\/#\/schema\/logo\/image\/\",\"url\":\"https:\/\/strangercam.com\/wp-content\/uploads\/2020\/11\/cropped-new-favicon-black.png\",\"contentUrl\":\"https:\/\/strangercam.com\/wp-content\/uploads\/2020\/11\/cropped-new-favicon-black.png\",\"width\":512,\"height\":512,\"caption\":\"Strangercam\"},\"image\":{\"@id\":\"https:\/\/strangercam.com\/#\/schema\/logo\/image\/\"},\"sameAs\":[\"https:\/\/www.facebook.com\/strangercam\",\"https:\/\/x.com\/strangercamapp\"]}]}<\/script>\n<!-- \/ Yoast SEO plugin. -->","yoast_head_json":{"title":"Umingle - Yabanc\u0131larla Sohbet - StrangerCam.com","description":"Umingle'\u0131 be\u011fendin mi? Gelin Strangercam'de 5.000.000'dan fazla yabanc\u0131yla \u00dccretsiz sohbet edin! Kameran\u0131z\u0131 a\u00e7\u0131n ve yeni arkada\u015flar ve belki bir e\u015fle\u015fme bulun!","robots":{"index":"index","follow":"follow","max-snippet":"max-snippet:-1","max-image-preview":"max-image-preview:large","max-video-preview":"max-video-preview:-1"},"canonical":"https:\/\/strangercam.com\/tr\/umingle\/","og_locale":"tr_TR","og_type":"article","og_title":"Umingle - Chat with Strangers - StrangerCam.com","og_description":"Like Umingle? Come chat with more than 5.000.000 strangers on Strangercam for Free! Turn on your cam and find new friends & maby a match!","og_url":"https:\/\/strangercam.com\/tr\/umingle\/","og_site_name":"Strangercam","article_publisher":"https:\/\/www.facebook.com\/strangercam","og_image":[{"width":800,"height":532,"url":"https:\/\/strangercam.com\/wp-content\/uploads\/2021\/10\/Untitled-2.png","type":"image\/png"}],"twitter_card":"summary_large_image","twitter_site":"@strangercamapp","twitter_misc":{"Tahmini okuma s\u00fcresi":"6 dakika"},"schema":{"@context":"https:\/\/schema.org","@graph":[{"@type":"WebPage","@id":"https:\/\/strangercam.com\/umingle\/","url":"https:\/\/strangercam.com\/umingle\/","name":"Umingle - Yabanc\u0131larla Sohbet - StrangerCam.com","isPartOf":{"@id":"https:\/\/strangercam.com\/#website"},"datePublished":"2025-10-24T08:20:35+00:00","description":"Umingle'\u0131 be\u011fendin mi? Gelin Strangercam'de 5.000.000'dan fazla yabanc\u0131yla \u00dccretsiz sohbet edin! Kameran\u0131z\u0131 a\u00e7\u0131n ve yeni arkada\u015flar ve belki bir e\u015fle\u015fme bulun!","breadcrumb":{"@id":"https:\/\/strangercam.com\/umingle\/#breadcrumb"},"inLanguage":"tr","potentialAction":[{"@type":"ReadAction","target":["https:\/\/strangercam.com\/umingle\/"]}]},{"@type":"BreadcrumbList","@id":"https:\/\/strangercam.com\/umingle\/#breadcrumb","itemListElement":[{"@type":"ListItem","position":1,"name":"Home","item":"https:\/\/strangercam.com\/"},{"@type":"ListItem","position":2,"name":"Umingle"}]},{"@type":"WebSite","@id":"https:\/\/strangercam.com\/#website","url":"https:\/\/strangercam.com\/","name":"Strangercam","description":"Yabanc\u0131larla Rastgele G\u00f6r\u00fcnt\u00fcl\u00fc Sohbet","publisher":{"@id":"https:\/\/strangercam.com\/#organization"},"alternateName":"Strangercam.com","potentialAction":[{"@type":"SearchAction","target":{"@type":"EntryPoint","urlTemplate":"https:\/\/strangercam.com\/?s={search_term_string}"},"query-input":{"@type":"PropertyValueSpecification","valueRequired":true,"valueName":"search_term_string"}}],"inLanguage":"tr"},{"@type":"Organization","@id":"https:\/\/strangercam.com\/#organization","name":"Strangercam","alternateName":"Strangercam.com","url":"https:\/\/strangercam.com\/","logo":{"@type":"ImageObject","inLanguage":"tr","@id":"https:\/\/strangercam.com\/#\/schema\/logo\/image\/","url":"https:\/\/strangercam.com\/wp-content\/uploads\/2020\/11\/cropped-new-favicon-black.png","contentUrl":"https:\/\/strangercam.com\/wp-content\/uploads\/2020\/11\/cropped-new-favicon-black.png","width":512,"height":512,"caption":"Strangercam"},"image":{"@id":"https:\/\/strangercam.com\/#\/schema\/logo\/image\/"},"sameAs":["https:\/\/www.facebook.com\/strangercam","https:\/\/x.com\/strangercamapp"]}]}},"_links":{"self":[{"href":"https:\/\/strangercam.com\/tr\/wp-json\/wp\/v2\/pages\/13057","targetHints":{"allow":["GET"]}}],"collection":[{"href":"https:\/\/strangercam.com\/tr\/wp-json\/wp\/v2\/pages"}],"about":[{"href":"https:\/\/strangercam.com\/tr\/wp-json\/wp\/v2\/types\/page"}],"author":[{"embeddable":true,"href":"https:\/\/strangercam.com\/tr\/wp-json\/wp\/v2\/users\/6"}],"replies":[{"embeddable":true,"href":"https:\/\/strangercam.com\/tr\/wp-json\/wp\/v2\/comments?post=13057"}],"version-history":[{"count":1,"href":"https:\/\/strangercam.com\/tr\/wp-json\/wp\/v2\/pages\/13057\/revisions"}],"predecessor-version":[{"id":13058,"href":"https:\/\/strangercam.com\/tr\/wp-json\/wp\/v2\/pages\/13057\/revisions\/13058"}],"wp:attachment":[{"href":"https:\/\/strangercam.com\/tr\/wp-json\/wp\/v2\/media?parent=13057"}],"curies":[{"name":"wp","href":"https:\/\/api.w.org\/{rel}","templated":true}]}}