{"id":1303,"date":"2025-08-05T10:30:38","date_gmt":"2025-08-05T08:30:38","guid":{"rendered":"https:\/\/strangercam.com\/?page_id=1303"},"modified":"2025-08-05T10:41:12","modified_gmt":"2025-08-05T08:41:12","slug":"maymun-uygulamasi","status":"publish","type":"page","link":"https:\/\/strangercam.com\/tr\/monkey-app\/","title":{"rendered":"Monkey App"},"content":{"rendered":"<p>\u00c7evrimi\u00e7i video d\u00fcnyas\u0131 <a href=\"https:\/\/strangercam.com\/tr\/chatroulette\/\">sohbet<\/a> ve sosyal a\u011flar geli\u015ftik\u00e7e, daha gen\u00e7, daha mobil \u00f6ncelikli bir kitlenin ihtiya\u00e7lar\u0131n\u0131 kar\u015f\u0131lamak i\u00e7in s\u00fcrekli olarak yeni uygulamalar ortaya \u00e7\u0131k\u0131yor. Monkey App de bu platformlardan biri olup, oyun heyecan\u0131n\u0131 <a href=\"https:\/\/strangercam.com\/tr\/chathub\/\">rastgele g\u00f6r\u00fcnt\u00fcl\u00fc sohbet<\/a> sosyal ke\u015fif ve k\u0131sa bi\u00e7imli video ile bir par\u00e7as\u0131 gibi hissettiren benzersiz bir alan yarat\u0131yor. <a href=\"https:\/\/strangercam.com\/tr\/omegle\/\">Omegle<\/a>, K\u0131smen TikTok, k\u0131smen de grup bulu\u015fmas\u0131.<\/p>\n<p>Peki Monkey App \u00f6ne \u00e7\u0131k\u0131yor mu? G\u00fcvenli, ilgi \u00e7ekici ve zaman ay\u0131rmaya de\u011fer mi? Bu derinlemesine incelemede, Monkey hakk\u0131nda bilmeniz gereken her \u015feyi ele al\u0131yoruz: nas\u0131l \u00e7al\u0131\u015f\u0131r, hangi \u00f6zellikleri sunar, kimler i\u00e7indir ve di\u011fer \u00f6nde gelen g\u00f6r\u00fcnt\u00fcl\u00fc sohbet ve sosyal platformlarla nas\u0131l kar\u015f\u0131la\u015ft\u0131r\u0131l\u0131r.<\/p>\n<h2>Monkey App nedir?<\/h2>\n<p>Monkey App, kullan\u0131c\u0131lar\u0131 canl\u0131, bire bir g\u00f6r\u00fcnt\u00fcl\u00fc konu\u015fmalar ve etkile\u015fimli grup odalar\u0131 i\u00e7in birbirine ba\u011flayan mobil tabanl\u0131 rastgele g\u00f6r\u00fcnt\u00fcl\u00fc sohbet ve sosyal ke\u015fif platformudur. 2016 y\u0131l\u0131nda ba\u015flat\u0131lan ve o zamandan beri birka\u00e7 kez yeniden ba\u015flat\u0131lan Monkey, \u00f6zellikle Z Ku\u015fa\u011f\u0131 ve gen\u00e7 Y ku\u015fa\u011f\u0131 aras\u0131nda pop\u00fclerdir ve yeni insanlarla tan\u0131\u015fmak kadar e\u011flence ve yarat\u0131c\u0131l\u0131kla ilgili bir deneyim sunar.<\/p>\n<p>Sadece anonimli\u011fe odaklanan klasik rastgele sohbet sitelerinin aksine Monkey, kullan\u0131c\u0131 profilleri, k\u0131sa video klipler ve trend i\u00e7eriklerle sosyal medya unsurlar\u0131n\u0131 bir araya getirerek mevcut en canl\u0131 g\u00f6r\u00fcnt\u00fcl\u00fc sohbet topluluklar\u0131ndan biri haline geliyor.<\/p>\n<h2>Monkey App'nin Kullan\u0131m Amac\u0131 Nedir?<\/h2>\n<p>Monkey App'nin misyonu, \u00e7evrimi\u00e7i sosyalle\u015fmeyi spontane, yarat\u0131c\u0131 ve e\u011flenceli hale getirmektir. Uygulama \u015funlar\u0131 ama\u00e7lamaktad\u0131r:<\/p>\n<ul>\n<li>Canl\u0131 video ve grup sohbeti arac\u0131l\u0131\u011f\u0131yla insanlar\u0131 an\u0131nda ba\u011flay\u0131n<\/li>\n<li>Video tan\u0131t\u0131mlar\u0131, klipler ve trend i\u00e7erikler arac\u0131l\u0131\u011f\u0131yla yarat\u0131c\u0131 ifadeyi te\u015fvik edin<\/li>\n<li>Ger\u00e7ek etkile\u015fim ve dostluk i\u00e7in g\u00fcvenli, gen\u00e7 dostu bir alan\u0131 te\u015fvik etmek<\/li>\n<\/ul>\n<p>Monkey sadece rastgele bir sohbet uygulamas\u0131 de\u011fildir; TikTok nesli i\u00e7in tam bir sosyal ke\u015fif deneyimidir - ki\u015fili\u011finizi sergileyebilece\u011finiz, yeni trendleri ke\u015ffedebilece\u011finiz ve ger\u00e7ek zamanl\u0131 olarak k\u00fcresel bir arkada\u015f a\u011f\u0131 olu\u015fturabilece\u011finiz bir deneyim.<\/p>\n<h2>Temel \u00d6zellikler<\/h2>\n<p>1. Bire Bir Rastgele G\u00f6r\u00fcnt\u00fcl\u00fc Sohbet<br \/>\nMonkey'in \u00f6z\u00fc anl\u0131k, canl\u0131 video e\u015fle\u015fmesidir. \"Ba\u015flat \"a dokundu\u011funuzda, kameradan kameraya h\u0131zl\u0131 bir sohbet i\u00e7in ba\u015fka bir kullan\u0131c\u0131yla e\u015fle\u015ftirilirsiniz - genellikle 15 saniye s\u00fcrer, ancak daha uzun bir konu\u015fma i\u00e7in oturumu kar\u015f\u0131l\u0131kl\u0131 olarak uzatmay\u0131 kabul edebilirsiniz.<\/p>\n<p>2. Grup Video Odalar\u0131 (\"Hublar\")<br \/>\nMonkey, kullan\u0131c\u0131lar\u0131n ilgi alanlar\u0131na, m\u00fczi\u011fe, oyunlara veya trendlere dayal\u0131 sanal grup odalar\u0131 olan temal\u0131 \"hub \"lara kat\u0131lmas\u0131na veya olu\u015fturmas\u0131na olanak tan\u0131r. Burada, birden fazla kullan\u0131c\u0131 g\u00f6r\u00fcnt\u00fcl\u00fc sohbet edebilir, metin yoluyla etkile\u015fime girebilir ve canl\u0131, parti benzeri bir atmosferde tepkiler g\u00f6nderebilir.<\/p>\n<p>3. Sosyal Profiller ve Video Klipler<br \/>\nEski tip sohbet uygulamalar\u0131n\u0131n aksine, Monkey foto\u011fraf, ya\u015f ve ilgi alanlar\u0131 i\u00e7eren bir profil olu\u015fturman\u0131za olanak tan\u0131r. K\u0131sa video tan\u0131t\u0131mlar\u0131 veya klipler (TikTok'a benzer) y\u00fckleyebilir, b\u00f6ylece ba\u015fkalar\u0131n\u0131n ki\u015fili\u011finize g\u00f6re sizi ke\u015ffetmesini ve sizinle ba\u011flant\u0131 kurmas\u0131n\u0131 kolayla\u015ft\u0131rabilirsiniz.<\/p>\n<p>4. Trend \u0130\u00e7erik ve Liderlik Tablolar\u0131<br \/>\nMonkey, pop\u00fcler profilleri ve yarat\u0131c\u0131 video klipleri sergileyen \"trend\" ve \"\u00f6ne \u00e7\u0131kan\" kullan\u0131c\u0131 b\u00f6l\u00fcmlerine sahiptir. Kullan\u0131c\u0131lar etkinlik yoluyla s\u0131ralamada y\u00fckselebilir, bu da platformu rekabet\u00e7i ve etkile\u015fimli hale getirir.<\/p>\n<p>5. Metin Sohbeti ve Anl\u0131k Mesajla\u015fma<br \/>\nVideo i\u00e7in haz\u0131r de\u011filseniz, Monkey ayr\u0131ca metin sohbeti de sunar. Do\u011frudan mesajlar, emojiler g\u00f6nderebilir veya hub'larda devam eden metin konular\u0131na kat\u0131labilirsiniz.<\/p>\n<p>6. E\u015fle\u015fen Filtreler<br \/>\nPremium kullan\u0131c\u0131lar daha \u00f6zel bir deneyim i\u00e7in cinsiyet ve b\u00f6lge filtrelerini kullanabilirken, \u00fccretsiz kullan\u0131c\u0131lar rastgele k\u00fcresel ba\u011flant\u0131lar\u0131n keyfini \u00e7\u0131kar\u0131yor.<\/p>\n<p>7. Raporlama ve G\u00fcvenlik Ara\u00e7lar\u0131<br \/>\nMonkey, uygulama i\u00e7i raporlama, engelleme ve moderasyon ara\u00e7lar\u0131 sa\u011flar. Platform ayr\u0131ca sohbetleri olumlu ve k\u00fcf\u00fcrl\u00fc veya uygunsuz i\u00e7erikten uzak tutmaya yard\u0131mc\u0131 olmak i\u00e7in AI moderasyonu kullan\u0131r.<\/p>\n<h2>Monkey App \u00dccretsiz mi?<\/h2>\n<p>Monkey'i indirmek ve kullanmak \u00fccretsizdir, temel rastgele g\u00f6r\u00fcnt\u00fcl\u00fc sohbet, hub'lar ve temel mesajla\u015fmaya eri\u015fim sa\u011flar. Bununla birlikte, geli\u015fmi\u015f e\u015fle\u015ftirme filtreleri, geni\u015fletilmi\u015f g\u00f6r\u00fcnt\u00fcl\u00fc sohbetler veya profil g\u00fc\u00e7lendirmeleri gibi baz\u0131 premium \u00f6zellikler uygulama i\u00e7i sat\u0131n al\u0131mlar veya abonelik gerektirebilir.<\/p>\n<p>T\u00fcm kullan\u0131c\u0131lar yapabilir:<\/p>\n<ul>\n<li>Join canl\u0131 g\u00f6r\u00fcnt\u00fcl\u00fc sohbetler ve grup hub'lar\u0131<\/li>\n<li>Trend profillere g\u00f6z at\u0131n ve onlarla ba\u011flant\u0131 kurun<\/li>\n<li>Ki\u015fisel bir profil olu\u015fturun ve klipler y\u00fckleyin<\/li>\n<li>G\u00fcvenlik ve moderasyon ara\u00e7lar\u0131n\u0131 kullan\u0131n<\/li>\n<\/ul>\n<p>Premium (\u00fccretli) \u00f6zellikler \u015funlar\u0131 i\u00e7erir:<\/p>\n<ul>\n<li>Cinsiyet ve b\u00f6lge e\u015fle\u015ftirmesi<\/li>\n<li>Sohbetlerde s\u0131n\u0131rs\u0131z \"zaman ekle\"<\/li>\n<li>Trend b\u00f6l\u00fcmlerinde \u00f6ncelikli g\u00f6sterim<\/li>\n<\/ul>\n<p>Fiyatland\u0131rma di\u011fer sosyal uygulamalarla rekabet\u00e7idir ve uygulaman\u0131n ma\u011faza sayfas\u0131nda a\u00e7\u0131k\u00e7a belirtilmi\u015ftir.<\/p>\n<h2>Monkey App'yi Kimler Kullan\u0131r?<\/h2>\n<p>Monkey gen\u00e7, uluslararas\u0131 ve sosyal olarak aktif bir kitle i\u00e7in tasarlanm\u0131\u015ft\u0131r:<\/p>\n<ul>\n<li>Ya\u015f aral\u0131\u011f\u0131: 18-25 \u00e7ekirdek demografik gruptur (Monkey kesinlikle 18+'d\u0131r)<\/li>\n<li>Konumlar: Amerika Birle\u015fik Devletleri, Kanada, \u0130ngiltere, Avrupa, Brezilya, Hindistan, G\u00fcneydo\u011fu Asya ve daha fazlas\u0131<\/li>\n<li>Kullan\u0131c\u0131lar: \u00d6\u011frenciler, yarat\u0131c\u0131lar, m\u00fczisyenler, influencerlar ve spontane, yarat\u0131c\u0131 etkile\u015fim arayanlar<\/li>\n<\/ul>\n<p>Platform, TikTok tarz\u0131 i\u00e7eri\u011fi seven, yeni arkada\u015flarla tan\u0131\u015fmaktan ho\u015flanan veya sadece zaman ge\u00e7irmek ve ki\u015filiklerini d\u00fcnyayla payla\u015fmak i\u00e7in e\u011flenceli bir yol isteyen insanlar\u0131 \u00e7ekiyor.<\/p>\n<h2>G\u00fcvenlik, Gizlilik ve Moderasyon<\/h2>\n<p>Monkey App, \u00f6zellikle gen\u00e7 kitlesi i\u00e7in g\u00fcvenli\u011fin \u00f6nemini kabul etmekte ve \u00e7e\u015fitli \u00f6nlemler almaktad\u0131r:<\/p>\n<h3>Gizlilik<\/h3>\n<ul>\n<li>Kullan\u0131c\u0131lar profillerinde ne payla\u015facaklar\u0131n\u0131 kontrol edebilirler<\/li>\n<li>Sohbetler herkese a\u00e7\u0131k olarak ar\u015fivlenmez veya aranamaz<\/li>\n<li>Herkese a\u00e7\u0131k sohbetlerde ki\u015fisel ileti\u015fim bilgilerinin payla\u015f\u0131lmas\u0131na izin verilmez<\/li>\n<\/ul>\n<h3>Moderasyon<\/h3>\n<ul>\n<li>Yapay zeka destekli i\u00e7erik filtreleme: \u00c7\u0131plakl\u0131k, istismar veya kural ihlallerini alg\u0131lar<\/li>\n<li>Manuel raporlama ve engelleme: Kullan\u0131c\u0131lar uygunsuz davran\u0131\u015flar\u0131 an\u0131nda i\u015faretleyebilir<\/li>\n<li>Topluluk kurallar\u0131: Zorbal\u0131k, taciz ve i\u00e7erik payla\u015f\u0131m\u0131 ile ilgili kat\u0131 kurallar<\/li>\n<\/ul>\n<p>Monkey olumlu, gen\u00e7 dostu bir platform olarak tasarlanm\u0131\u015ft\u0131r, ancak t\u00fcm canl\u0131 sohbet uygulamalar\u0131nda oldu\u011fu gibi, kullan\u0131c\u0131lar dikkatli olmal\u0131 ve ki\u015fisel bilgilerini yabanc\u0131larla payla\u015fmaktan ka\u00e7\u0131nmal\u0131d\u0131r.<\/p>\n<h2>Kullan\u0131c\u0131 Deneyimi ve Tasar\u0131m<\/h2>\n<p>Monkey'in tasar\u0131m\u0131 gen\u00e7, sezgisel ve mobil cihazlar i\u00e7in optimize edilmi\u015ftir:<\/p>\n<ul>\n<li>Uygulama, sohbet etmek, hub'lara kat\u0131lmak veya trend i\u00e7eriklere g\u00f6z atmak i\u00e7in net se\u00e7enekler i\u00e7eren temiz, kayd\u0131r\u0131labilir bir aray\u00fczle ba\u015flar<\/li>\n<li>Profiller ve video pencereleri b\u00fcy\u00fckt\u00fcr ve gezinmesi kolayd\u0131r<\/li>\n<li>Renkli simgeler, animasyonlar ve m\u00fczik entegrasyonu uygulamaya e\u011flenceli, parti benzeri bir his verir<\/li>\n<li>Bildirimler ve mesajlar basittir ve m\u00fcdahaleci de\u011fildir<\/li>\n<\/ul>\n<p>Performans hem Android hem de iOS cihazlarda sorunsuzdur, s\u0131k s\u0131k yap\u0131lan g\u00fcncellemeler ve eklenen yeni \u00f6zellikler her \u015feyi taze tutar.<\/p>\n<h2>Monkey App vs Di\u011fer G\u00f6r\u00fcnt\u00fcl\u00fc Sohbet ve Sosyal Ke\u015fif Uygulamalar\u0131<\/h2>\n<p>Monkey di\u011fer \u00f6nde gelen g\u00f6r\u00fcnt\u00fcl\u00fc sohbet platformlar\u0131na k\u0131yasla nas\u0131l?<\/p>\n<table>\n<thead>\n<tr>\n<th>\u00d6zellik<\/th>\n<th>Maymun<\/th>\n<th><a href=\"https:\/\/strangercam.com\/tr\/ometv\/\">OmeTV<\/a><\/th>\n<th>Azar<\/th>\n<th>ChitChatTV<\/th>\n<th>Yubo<\/th>\n<\/tr>\n<\/thead>\n<tbody>\n<tr>\n<td>Bire Bir G\u00f6r\u00fcnt\u00fcl\u00fc Sohbet<\/td>\n<td>Evet<\/td>\n<td>Evet<\/td>\n<td>Evet<\/td>\n<td>Evet<\/td>\n<td>Evet<\/td>\n<\/tr>\n<tr>\n<td>Grup Video Odalar\u0131<\/td>\n<td>Evet<\/td>\n<td>Hay\u0131r<\/td>\n<td>Hay\u0131r<\/td>\n<td>Hay\u0131r<\/td>\n<td>Evet<\/td>\n<\/tr>\n<tr>\n<td>Sosyal Profiller\/Klipler<\/td>\n<td>Evet<\/td>\n<td>Hay\u0131r<\/td>\n<td>Evet<\/td>\n<td>Hay\u0131r<\/td>\n<td>Evet<\/td>\n<\/tr>\n<tr>\n<td>E\u015fle\u015fen Filtreler<\/td>\n<td>\u00dccretli<\/td>\n<td>\u00dccretli<\/td>\n<td>\u00dccretli<\/td>\n<td>Hay\u0131r<\/td>\n<td>S\u0131n\u0131rl\u0131<\/td>\n<\/tr>\n<tr>\n<td>\u00dccretsiz Kullan\u0131m<\/td>\n<td>Evet<\/td>\n<td>Evet<\/td>\n<td>Evet<\/td>\n<td>Evet<\/td>\n<td>Evet<\/td>\n<\/tr>\n<tr>\n<td>Trend \u0130\u00e7erik<\/td>\n<td>Evet<\/td>\n<td>Hay\u0131r<\/td>\n<td>Hay\u0131r<\/td>\n<td>Hay\u0131r<\/td>\n<td>Evet<\/td>\n<\/tr>\n<tr>\n<td>Ya\u015f Oda\u011f\u0131<\/td>\n<td>18-25<\/td>\n<td>18+<\/td>\n<td>18+<\/td>\n<td>18+<\/td>\n<td>18-25<\/td>\n<\/tr>\n<tr>\n<td>Mobil \u00d6ncelikli Tasar\u0131m<\/td>\n<td>Evet<\/td>\n<td>Evet<\/td>\n<td>Evet<\/td>\n<td>Evet<\/td>\n<td>Evet<\/td>\n<\/tr>\n<\/tbody>\n<\/table>\n<p>\u00d6zet: Monkey, canl\u0131 g\u00f6r\u00fcnt\u00fcl\u00fc sohbet, yarat\u0131c\u0131 i\u00e7erik, grup odalar\u0131 ve e\u011flenceli, rekabet\u00e7i bir sosyal unsurun kar\u0131\u015f\u0131m\u0131yla \u00f6ne \u00e7\u0131k\u0131yor. Saf anonimlikten ziyade ger\u00e7ek zamanl\u0131 olarak ki\u015fili\u011fi ke\u015ffetmek ve ifade etmekle ilgilidir.<\/p>\n<h2>Art\u0131lar\u0131 ve Eksileri<\/h2>\n<p>Art\u0131lar\u0131:<\/p>\n<ul>\n<li>D\u00fcnya \u00e7ap\u0131nda yabanc\u0131larla \u00fccretsiz, an\u0131nda g\u00f6r\u00fcnt\u00fcl\u00fc sohbet<\/li>\n<li>Temal\u0131 video bulu\u015fmalar\u0131 i\u00e7in benzersiz grup merkezleri<\/li>\n<li>E\u011flenceli, yarat\u0131c\u0131 sosyal \u00f6zellikler ve profil \u00f6zelle\u015ftirme<\/li>\n<li>Gen\u00e7, canl\u0131 bir topluluk<\/li>\n<li>Premium e\u015fle\u015ftirme filtreleri ve geni\u015fletilmi\u015f sohbet se\u00e7enekleri<\/li>\n<li>G\u00fc\u00e7l\u00fc g\u00fcvenlik ve moderasyon ara\u00e7lar\u0131<\/li>\n<\/ul>\n<p>Eksiler:<\/p>\n<ul>\n<li>18-25 ya\u015f i\u00e7in tasarlanm\u0131\u015ft\u0131r, bu nedenle daha ya\u015fl\u0131 kullan\u0131c\u0131lar kendilerini yerinde hissetmeyebilir<\/li>\n<li>Baz\u0131 filtreler ve \u00f6zellikler i\u00e7in uygulama i\u00e7i sat\u0131n al\u0131mlar<\/li>\n<li>Moderasyona ra\u011fmen baz\u0131 kullan\u0131c\u0131lar platformu k\u00f6t\u00fcye kullanabilir<\/li>\n<li>Mobil uygulama gerekli - masa\u00fcst\u00fc kullan\u0131c\u0131lar\u0131 i\u00e7in taray\u0131c\u0131 s\u00fcr\u00fcm\u00fc yok<\/li>\n<li>H\u0131zl\u0131 tempo herkese uygun olmayabilir<\/li>\n<\/ul>\n<h2>\u0130deal Kullan\u0131m \u00d6rnekleri<\/h2>\n<p>Maymun i\u00e7in m\u00fckemmeldir:<\/p>\n<ul>\n<li>Gen\u00e7 yeti\u015fkinler <a href=\"https:\/\/strangercam.com\/tr\/coomeet\/\">tan\u0131\u015fmak<\/a> canl\u0131, yarat\u0131c\u0131 bir \u00e7evrimi\u00e7i ortamda yeni insanlar<\/li>\n<li>Canl\u0131 sohbetten de ho\u015flanan TikTok veya Instagram Reels hayranlar\u0131<\/li>\n<li>Grup video bulu\u015fmalar\u0131na veya temal\u0131 sosyal odalara kat\u0131lmak isteyen kullan\u0131c\u0131lar<\/li>\n<li>G\u00f6r\u00fcn\u00fcrl\u00fck ve izleyici kat\u0131l\u0131m\u0131 arayan i\u00e7erik olu\u015fturucular, m\u00fczisyenler veya influencer'lar<\/li>\n<\/ul>\n<p>Daha az ideal:<\/p>\n<ul>\n<li>Tamamen anonim veya yaln\u0131zca metin sohbeti arayan kullan\u0131c\u0131lar<\/li>\n<li>30 ya\u015f \u00fcst\u00fc yeti\u015fkinler (ortam \u00e7ok Z ku\u015fa\u011f\u0131 havas\u0131nda)<\/li>\n<li>Uyumlu bir mobil cihaza eri\u015fimi olmayanlar<\/li>\n<\/ul>\n<p>Monkey App, 2025 y\u0131l\u0131nda Z ku\u015fa\u011f\u0131 i\u00e7in \u00f6nde gelen g\u00f6r\u00fcnt\u00fcl\u00fc sohbet ve sosyal ke\u015fif platformudur. Klasik rastgele sohbetin spontanl\u0131\u011f\u0131n\u0131 modern sosyal uygulamalar\u0131n yarat\u0131c\u0131l\u0131\u011f\u0131 ve toplulu\u011fuyla birle\u015ftirerek d\u00fcnya \u00e7ap\u0131ndaki gen\u00e7 yeti\u015fkinler i\u00e7in e\u011flenceli, g\u00fcvenli ve son derece ilgi \u00e7ekici hale getirir.<\/p>\n<p>\u0130ster bire bir sohbet etmek, ister bir grup bulu\u015fmas\u0131na kat\u0131lmak ya da kendi videolar\u0131n\u0131z\u0131 ve ilgi alanlar\u0131n\u0131z\u0131 payla\u015fmak isteyin, Monkey ba\u011flant\u0131 kurmak i\u00e7in e\u011flenceli ve benzersiz bir alan sunuyor. Yeni arkada\u015flar edinmek ve kendinizi ifade etmek i\u00e7in h\u0131zl\u0131, g\u00f6rsel ve sosyal bir yol ar\u0131yorsan\u0131z, Monkey App kesinlikle denemeye de\u011fer.<\/p>","protected":false},"excerpt":{"rendered":"<p>As the world of online video chat and social networking evolves, new apps are constantly emerging to cater to the needs of a younger, more mobile-first audience. Monkey App is one such platform, blending the thrill of random video chat with social discovery and short-form video\u2014creating a unique space that feels part Omegle, part TikTok, [&hellip;]<\/p>\n","protected":false},"author":6,"featured_media":0,"parent":0,"menu_order":0,"comment_status":"closed","ping_status":"closed","template":"","meta":{"footnotes":""},"class_list":["post-1303","page","type-page","status-publish","hentry"],"yoast_head":"<!-- This site is optimized with the Yoast SEO plugin v27.4 - https:\/\/yoast.com\/product\/yoast-seo-wordpress\/ -->\n<title>Monkey App - Random Video Chat Omegle - StrangerCam.com<\/title>\n<meta name=\"description\" content=\"Like Monkey App? Come chat with more than 5.000.000 strangers on Strangercam for Free! Turn on your cam and find new friends &amp; maby a match!\" \/>\n<meta name=\"robots\" content=\"index, follow, max-snippet:-1, max-image-preview:large, max-video-preview:-1\" \/>\n<link rel=\"canonical\" href=\"https:\/\/strangercam.com\/tr\/maymun-uygulamasi\/\" \/>\n<meta property=\"og:locale\" content=\"tr_TR\" \/>\n<meta property=\"og:type\" content=\"article\" \/>\n<meta property=\"og:title\" content=\"Monkey App - Random Video Chat Omegle - StrangerCam.com\" \/>\n<meta property=\"og:description\" content=\"Like Monkey App? Come chat with more than 5.000.000 strangers on Strangercam for Free! Turn on your cam and find new friends &amp; maby a match!\" \/>\n<meta property=\"og:url\" content=\"https:\/\/strangercam.com\/tr\/maymun-uygulamasi\/\" \/>\n<meta property=\"og:site_name\" content=\"Strangercam\" \/>\n<meta property=\"article:publisher\" content=\"https:\/\/www.facebook.com\/strangercam\" \/>\n<meta property=\"article:modified_time\" content=\"2025-08-05T08:41:12+00:00\" \/>\n<meta property=\"og:image\" content=\"https:\/\/strangercam.com\/wp-content\/uploads\/2021\/10\/Untitled-2.png\" \/>\n\t<meta property=\"og:image:width\" content=\"800\" \/>\n\t<meta property=\"og:image:height\" content=\"532\" \/>\n\t<meta property=\"og:image:type\" content=\"image\/png\" \/>\n<meta name=\"twitter:card\" content=\"summary_large_image\" \/>\n<meta name=\"twitter:site\" content=\"@strangercamapp\" \/>\n<meta name=\"twitter:label1\" content=\"Tahmini okuma s\u00fcresi\" \/>\n\t<meta name=\"twitter:data1\" content=\"6 dakika\" \/>\n<script type=\"application\/ld+json\" class=\"yoast-schema-graph\">{\"@context\":\"https:\\\/\\\/schema.org\",\"@graph\":[{\"@type\":\"WebPage\",\"@id\":\"https:\\\/\\\/strangercam.com\\\/monkey-app\\\/\",\"url\":\"https:\\\/\\\/strangercam.com\\\/monkey-app\\\/\",\"name\":\"Monkey App - Random Video Chat Omegle - StrangerCam.com\",\"isPartOf\":{\"@id\":\"https:\\\/\\\/strangercam.com\\\/#website\"},\"datePublished\":\"2025-08-05T08:30:38+00:00\",\"dateModified\":\"2025-08-05T08:41:12+00:00\",\"description\":\"Like Monkey App? Come chat with more than 5.000.000 strangers on Strangercam for Free! Turn on your cam and find new friends & maby a match!\",\"breadcrumb\":{\"@id\":\"https:\\\/\\\/strangercam.com\\\/monkey-app\\\/#breadcrumb\"},\"inLanguage\":\"tr\",\"potentialAction\":[{\"@type\":\"ReadAction\",\"target\":[\"https:\\\/\\\/strangercam.com\\\/monkey-app\\\/\"]}]},{\"@type\":\"BreadcrumbList\",\"@id\":\"https:\\\/\\\/strangercam.com\\\/monkey-app\\\/#breadcrumb\",\"itemListElement\":[{\"@type\":\"ListItem\",\"position\":1,\"name\":\"Home\",\"item\":\"https:\\\/\\\/strangercam.com\\\/\"},{\"@type\":\"ListItem\",\"position\":2,\"name\":\"Monkey App\"}]},{\"@type\":\"WebSite\",\"@id\":\"https:\\\/\\\/strangercam.com\\\/#website\",\"url\":\"https:\\\/\\\/strangercam.com\\\/\",\"name\":\"Strangercam\",\"description\":\"Random Video Chat with Strangers\",\"publisher\":{\"@id\":\"https:\\\/\\\/strangercam.com\\\/#organization\"},\"alternateName\":\"Strangercam.com\",\"potentialAction\":[{\"@type\":\"SearchAction\",\"target\":{\"@type\":\"EntryPoint\",\"urlTemplate\":\"https:\\\/\\\/strangercam.com\\\/?s={search_term_string}\"},\"query-input\":{\"@type\":\"PropertyValueSpecification\",\"valueRequired\":true,\"valueName\":\"search_term_string\"}}],\"inLanguage\":\"tr\"},{\"@type\":\"Organization\",\"@id\":\"https:\\\/\\\/strangercam.com\\\/#organization\",\"name\":\"Strangercam\",\"alternateName\":\"Strangercam.com\",\"url\":\"https:\\\/\\\/strangercam.com\\\/\",\"logo\":{\"@type\":\"ImageObject\",\"inLanguage\":\"tr\",\"@id\":\"https:\\\/\\\/strangercam.com\\\/#\\\/schema\\\/logo\\\/image\\\/\",\"url\":\"https:\\\/\\\/strangercam.com\\\/wp-content\\\/uploads\\\/2020\\\/11\\\/cropped-new-favicon-black.png\",\"contentUrl\":\"https:\\\/\\\/strangercam.com\\\/wp-content\\\/uploads\\\/2020\\\/11\\\/cropped-new-favicon-black.png\",\"width\":512,\"height\":512,\"caption\":\"Strangercam\"},\"image\":{\"@id\":\"https:\\\/\\\/strangercam.com\\\/#\\\/schema\\\/logo\\\/image\\\/\"},\"sameAs\":[\"https:\\\/\\\/www.facebook.com\\\/strangercam\",\"https:\\\/\\\/x.com\\\/strangercamapp\"]}]}<\/script>\n<!-- \/ Yoast SEO plugin. -->","yoast_head_json":{"title":"Monkey App - Rastgele G\u00f6r\u00fcnt\u00fcl\u00fc Sohbet Omegle - StrangerCam.com","description":"Monkey App'yi be\u011fendiniz mi? Gelin Strangercam'de 5.000.000'dan fazla yabanc\u0131yla \u00dccretsiz sohbet edin! Kameran\u0131z\u0131 a\u00e7\u0131n ve yeni arkada\u015flar ve belki bir e\u015fle\u015fme bulun!","robots":{"index":"index","follow":"follow","max-snippet":"max-snippet:-1","max-image-preview":"max-image-preview:large","max-video-preview":"max-video-preview:-1"},"canonical":"https:\/\/strangercam.com\/tr\/maymun-uygulamasi\/","og_locale":"tr_TR","og_type":"article","og_title":"Monkey App - Random Video Chat Omegle - StrangerCam.com","og_description":"Like Monkey App? Come chat with more than 5.000.000 strangers on Strangercam for Free! Turn on your cam and find new friends & maby a match!","og_url":"https:\/\/strangercam.com\/tr\/maymun-uygulamasi\/","og_site_name":"Strangercam","article_publisher":"https:\/\/www.facebook.com\/strangercam","article_modified_time":"2025-08-05T08:41:12+00:00","og_image":[{"width":800,"height":532,"url":"https:\/\/strangercam.com\/wp-content\/uploads\/2021\/10\/Untitled-2.png","type":"image\/png"}],"twitter_card":"summary_large_image","twitter_site":"@strangercamapp","twitter_misc":{"Tahmini okuma s\u00fcresi":"6 dakika"},"schema":{"@context":"https:\/\/schema.org","@graph":[{"@type":"WebPage","@id":"https:\/\/strangercam.com\/monkey-app\/","url":"https:\/\/strangercam.com\/monkey-app\/","name":"Monkey App - Rastgele G\u00f6r\u00fcnt\u00fcl\u00fc Sohbet Omegle - StrangerCam.com","isPartOf":{"@id":"https:\/\/strangercam.com\/#website"},"datePublished":"2025-08-05T08:30:38+00:00","dateModified":"2025-08-05T08:41:12+00:00","description":"Monkey App'yi be\u011fendiniz mi? Gelin Strangercam'de 5.000.000'dan fazla yabanc\u0131yla \u00dccretsiz sohbet edin! Kameran\u0131z\u0131 a\u00e7\u0131n ve yeni arkada\u015flar ve belki bir e\u015fle\u015fme bulun!","breadcrumb":{"@id":"https:\/\/strangercam.com\/monkey-app\/#breadcrumb"},"inLanguage":"tr","potentialAction":[{"@type":"ReadAction","target":["https:\/\/strangercam.com\/monkey-app\/"]}]},{"@type":"BreadcrumbList","@id":"https:\/\/strangercam.com\/monkey-app\/#breadcrumb","itemListElement":[{"@type":"ListItem","position":1,"name":"Home","item":"https:\/\/strangercam.com\/"},{"@type":"ListItem","position":2,"name":"Monkey App"}]},{"@type":"WebSite","@id":"https:\/\/strangercam.com\/#website","url":"https:\/\/strangercam.com\/","name":"Strangercam","description":"Yabanc\u0131larla Rastgele G\u00f6r\u00fcnt\u00fcl\u00fc Sohbet","publisher":{"@id":"https:\/\/strangercam.com\/#organization"},"alternateName":"Strangercam.com","potentialAction":[{"@type":"SearchAction","target":{"@type":"EntryPoint","urlTemplate":"https:\/\/strangercam.com\/?s={search_term_string}"},"query-input":{"@type":"PropertyValueSpecification","valueRequired":true,"valueName":"search_term_string"}}],"inLanguage":"tr"},{"@type":"Organization","@id":"https:\/\/strangercam.com\/#organization","name":"Strangercam","alternateName":"Strangercam.com","url":"https:\/\/strangercam.com\/","logo":{"@type":"ImageObject","inLanguage":"tr","@id":"https:\/\/strangercam.com\/#\/schema\/logo\/image\/","url":"https:\/\/strangercam.com\/wp-content\/uploads\/2020\/11\/cropped-new-favicon-black.png","contentUrl":"https:\/\/strangercam.com\/wp-content\/uploads\/2020\/11\/cropped-new-favicon-black.png","width":512,"height":512,"caption":"Strangercam"},"image":{"@id":"https:\/\/strangercam.com\/#\/schema\/logo\/image\/"},"sameAs":["https:\/\/www.facebook.com\/strangercam","https:\/\/x.com\/strangercamapp"]}]}},"_links":{"self":[{"href":"https:\/\/strangercam.com\/tr\/wp-json\/wp\/v2\/pages\/1303","targetHints":{"allow":["GET"]}}],"collection":[{"href":"https:\/\/strangercam.com\/tr\/wp-json\/wp\/v2\/pages"}],"about":[{"href":"https:\/\/strangercam.com\/tr\/wp-json\/wp\/v2\/types\/page"}],"author":[{"embeddable":true,"href":"https:\/\/strangercam.com\/tr\/wp-json\/wp\/v2\/users\/6"}],"replies":[{"embeddable":true,"href":"https:\/\/strangercam.com\/tr\/wp-json\/wp\/v2\/comments?post=1303"}],"version-history":[{"count":1,"href":"https:\/\/strangercam.com\/tr\/wp-json\/wp\/v2\/pages\/1303\/revisions"}],"predecessor-version":[{"id":12953,"href":"https:\/\/strangercam.com\/tr\/wp-json\/wp\/v2\/pages\/1303\/revisions\/12953"}],"wp:attachment":[{"href":"https:\/\/strangercam.com\/tr\/wp-json\/wp\/v2\/media?parent=1303"}],"curies":[{"name":"wp","href":"https:\/\/api.w.org\/{rel}","templated":true}]}}