{"id":13020,"date":"2025-09-10T11:53:09","date_gmt":"2025-09-10T09:53:09","guid":{"rendered":"https:\/\/strangercam.com\/?page_id=13020"},"modified":"2025-09-10T11:53:09","modified_gmt":"2025-09-10T09:53:09","slug":"chato","status":"publish","type":"page","link":"https:\/\/strangercam.com\/tr\/chato\/","title":{"rendered":"Chato"},"content":{"rendered":"<p>ile <a href=\"https:\/\/strangercam.com\/tr\/omegle\/\">Omegle<\/a> gitti, hala anonim, yabanc\u0131larla \u00e7evrimi\u00e7i rastgele konu\u015fmalar yapmak isteyen insanlar i\u00e7in bo\u015flu\u011fu doldurmak i\u00e7in yeni bir platform dalgas\u0131 ortaya \u00e7\u0131kt\u0131. Chato, 2025'in yeni yar\u0131\u015fmac\u0131lar\u0131ndan biri ve kendisini h\u0131zl\u0131, \u00fccretsiz ve mobil uyumlu bir Omegle alternatifi olarak konumland\u0131r\u0131yor. Odak noktas\u0131 basit: bire bir video <a href=\"https:\/\/strangercam.com\/tr\/chathub\/\">sohbet<\/a> yabanc\u0131larla, kay\u0131t, indirme veya karma\u015f\u0131k \u00f6zelliklere ihtiya\u00e7 duymadan.<\/p>\n<p>Peki Chato en iyi rastgele sohbet sitesi olma vaadini yerine getiriyor mu? Ne kadar g\u00fcvenli, kimler kullan\u0131yor ve Lotta, Ohmegle ve MatchPub gibi di\u011fer alternatiflerle kar\u015f\u0131la\u015ft\u0131r\u0131ld\u0131\u011f\u0131nda nas\u0131l? Bu incelemede, dalmadan \u00f6nce Chato hakk\u0131nda bilmeniz gereken her \u015feyi a\u00e7\u0131kl\u0131yoruz.<\/p>\n<h2>Chato nedir?<\/h2>\n<p>Chato, \u00f6zel, canl\u0131, y\u00fcz y\u00fcze konu\u015fmalar i\u00e7in d\u00fcnya \u00e7ap\u0131nda yabanc\u0131lar\u0131 birbirine ba\u011flayan taray\u0131c\u0131 tabanl\u0131 rastgele bir g\u00f6r\u00fcnt\u00fcl\u00fc sohbet web sitesidir. Omegle gibi, kay\u0131t gerektirmez; sadece \"Ba\u015flat \"a t\u0131klar, kameran\u0131za ve mikrofonunuza izin verir ve an\u0131nda yeni biriyle e\u015fle\u015firsiniz.<\/p>\n<p>Platform, \u00f6zelliklerden ziyade konu\u015fmalara odaklanarak basitlik ve h\u0131z\u0131 vurguluyor. Chato'nun modern tasar\u0131m\u0131 ve sorunsuz mobil performans\u0131, onu hantal, modas\u0131 ge\u00e7mi\u015f sitelerden b\u0131km\u0131\u015f kullan\u0131c\u0131lar i\u00e7in cazip bir se\u00e7enek haline getiriyor.<\/p>\n<h2>Chato'nun Amac\u0131 Nedir?<\/h2>\n<p>Chato'nun misyonu, Omegle'yi \u00fcnl\u00fc yapan anonim \u00e7evrimi\u00e7i sohbetlerin heyecan\u0131n\u0131 yeniden yaratmak ve ayn\u0131 zamanda kullan\u0131labilirlik ve g\u00fcvenli\u011fi geli\u015ftirmektir. Hedefleri \u015funlard\u0131r:<\/p>\n<ul>\n<li>Ki\u015fisel bilgi gerektirmeden spontane bire bir sohbetler sa\u011flamak<\/li>\n<li>Masa\u00fcst\u00fc veya mobil cihazlarda an\u0131nda \u00e7al\u0131\u015fan \u00fccretsiz, eri\u015fimi kolay bir platform sunmak<\/li>\n<li>K\u00fcresel kullan\u0131c\u0131lar i\u00e7in samimi ve g\u00fcvenli bir ortam yaratmak <a href=\"https:\/\/strangercam.com\/tr\/coomeet\/\">tan\u0131\u015fmak<\/a> yeni insanlar<\/li>\n<li>Kullan\u0131c\u0131lara atlama, devam etme veya istedikleri kadar kalma \u00f6zg\u00fcrl\u00fc\u011f\u00fc vermek<\/li>\n<\/ul>\n<p>\u0130ster arkada\u015f edinmek, ister dil prati\u011fi yapmak, ister geli\u015fig\u00fczel fl\u00f6rt etmek ya da sadece can s\u0131k\u0131nt\u0131n\u0131z\u0131 gidermek isteyin, Chato yabanc\u0131larla ba\u011flant\u0131 kurmak i\u00e7in hafif bir alan sunuyor.<\/p>\n<h2>Temel \u00d6zellikler<\/h2>\n<p>1. An\u0131nda Rastgele G\u00f6r\u00fcnt\u00fcl\u00fc Sohbet<br \/>\nChato'nun kalbi \u00f6zel, bire bir kameradan kameraya konu\u015fmalard\u0131r. E\u015fle\u015fmeler anl\u0131kt\u0131r, s\u0131ra veya gecikme yoktur, h\u0131zl\u0131 tempolu sosyalle\u015fmeye izin verir.<\/p>\n<p>2. Atla\/Sonraki D\u00fc\u011fmesi<br \/>\nSohbetten keyif almad\u0131n\u0131z m\u0131? An\u0131nda ba\u015fka bir kullan\u0131c\u0131ya ge\u00e7mek i\u00e7in \"Sonraki\" d\u00fc\u011fmesine bas\u0131n. Bu h\u0131zl\u0131 d\u00f6ng\u00fc mekani\u011fi i\u015fleri e\u011flenceli ve dinamik tutar.<\/p>\n<p>3. Metin Sohbeti Se\u00e7ene\u011fi<br \/>\nChato, videonun yan\u0131 s\u0131ra oturumlar s\u0131ras\u0131nda metin mesajla\u015fmas\u0131n\u0131 da i\u00e7eriyor. Buzlar\u0131 k\u0131rmak, dil engellerini a\u015fmak veya ses olmadan sessizce sohbet etmek i\u00e7in kullan\u0131\u015fl\u0131d\u0131r.<\/p>\n<p>4. Kay\u0131t Gerekmiyor<br \/>\nChato bir hesap, e-posta veya telefon numaras\u0131 gerektirmez. Bu, deneyimi tamamen anonim ve sorunsuz tutar.<\/p>\n<p>5. Mobil ve Masa\u00fcst\u00fc Uyumlulu\u011fu<br \/>\nPlatform t\u00fcm cihazlar i\u00e7in optimize edilmi\u015ftir. \u0130ster diz\u00fcst\u00fc bilgisayarda ister ak\u0131ll\u0131 telefonda olun, Chato h\u0131zl\u0131 y\u00fcklenir ve sorunsuz \u00e7al\u0131\u015f\u0131r.<\/p>\n<p>6. Rapor ve Blok Ara\u00e7lar\u0131<br \/>\nChato, her sohbette kullan\u0131c\u0131lar\u0131n k\u00fcf\u00fcrl\u00fc veya uygunsuz davran\u0131\u015flar\u0131 i\u015faretlemelerini sa\u011flayan bir rapor d\u00fc\u011fmesi i\u00e7erir. Engelleme ara\u00e7lar\u0131, rahats\u0131z edici kullan\u0131c\u0131larla tekrar kar\u015f\u0131la\u015fmay\u0131 \u00f6nlemeye yard\u0131mc\u0131 olur.<\/p>\n<p>7. Hafif, Minimal Tasar\u0131m<br \/>\nAray\u00fcz modern ve dikkat da\u011f\u0131t\u0131c\u0131 de\u011fil. B\u00fcy\u00fck video pencereleri ve basit kontrollerle odak noktas\u0131 konu\u015fmada kal\u0131r.<\/p>\n<h2>Chato \u00f6zg\u00fcr m\u00fc?<\/h2>\n<p>Evet, Chato'nun kullan\u0131m\u0131 100% \u00fccretsizdir. Baz\u0131 rakiplerinin aksine, \u00f6zellikleri aboneliklerin veya jetonlar\u0131n arkas\u0131na gizlemez.<\/p>\n<p>Yapabilirsin:<\/p>\n<ul>\n<li>Yabanc\u0131larla s\u0131n\u0131rs\u0131z sohbet ba\u015flat\u0131n<\/li>\n<li>G\u00f6r\u00fcnt\u00fcl\u00fc sohbetin yan\u0131 s\u0131ra metin sohbeti kullan\u0131n<\/li>\n<li>Gerekti\u011fi s\u0131kl\u0131kta atlay\u0131n ve raporlay\u0131n<\/li>\n<li>Platforma mobil veya masa\u00fcst\u00fcnden eri\u015fin<\/li>\n<\/ul>\n<p>Site, operasyonlar\u0131 desteklemek i\u00e7in hafif reklamlar i\u00e7erebilir, ancak gizli \u00fccretler veya yaln\u0131zca premium \u00f6zellikler yoktur.<\/p>\n<h2>Chato'yu Kim Kullan\u0131yor?<\/h2>\n<p>Chato'nun kitlesi, d\u00fcnyan\u0131n d\u00f6rt bir yan\u0131ndan giri\u015f yapan kullan\u0131c\u0131larla \u00e7e\u015fitlilik g\u00f6steriyor:<\/p>\n<ul>\n<li>Ya\u015f aral\u0131\u011f\u0131 \u00d6ncelikli olarak 18-35 (sadece 18+)<\/li>\n<li>Konumlar: ABD, \u0130ngiltere, Avrupa, Hindistan, Brezilya ve G\u00fcneydo\u011fu Asya'dan aktif kullan\u0131c\u0131lar<\/li>\n<li>Motivasyonlar: Yeni arkada\u015flarla tan\u0131\u015fmak, g\u00fcndelik fl\u00f6rt, dil prati\u011fi veya sadece zaman ge\u00e7irmek<\/li>\n<\/ul>\n<p>Eri\u015filebilirli\u011fi ve \u00fccretsiz modeli nedeniyle, Chato \u00e7ok \u00e7e\u015fitli ki\u015filikleri \u00e7ekme e\u011filimindedir. \u00c7o\u011fu rastgele sohbet sitesinde oldu\u011fu gibi, kullan\u0131c\u0131 taban\u0131 erkeklerden olu\u015fuyor, ancak moderasyon geli\u015ftik\u00e7e kad\u0131nlar\u0131n kat\u0131l\u0131m\u0131 da art\u0131yor.<\/p>\n<h2>G\u00fcvenlik, Gizlilik ve Moderasyon<\/h2>\n<p>Chato, kullan\u0131c\u0131lara g\u00fcvenli bir ortam sa\u011flamak i\u00e7in anonimli\u011fi g\u00fcvenlik \u00f6zellikleriyle dengeler:<\/p>\n<h3>Gizlilik<\/h3>\n<ul>\n<li>Kay\u0131t veya ki\u015fisel bilgi gerekmez<\/li>\n<li>Sohbetler kaydedilmez veya kaydedilmez<\/li>\n<li>Web kameras\u0131 ve mikrofon eri\u015fimi ge\u00e7icidir ve her zaman kullan\u0131c\u0131 kontrol\u00fc alt\u0131ndad\u0131r<\/li>\n<\/ul>\n<h3>Moderasyon<\/h3>\n<ul>\n<li>Tacizci veya sald\u0131rgan kullan\u0131c\u0131lar\u0131 i\u015faretlemek i\u00e7in sohbet i\u00e7i raporlama<\/li>\n<li>A\u00e7\u0131k veya zararl\u0131 i\u00e7erikleri azaltmak i\u00e7in yapay zeka destekli i\u00e7erik izleme<\/li>\n<li>Kural ihlali yapanlara y\u00f6nelik yasaklar\u0131 uygulamak i\u00e7in insan moderasyonu<\/li>\n<\/ul>\n<h3>G\u00fcvenli Kullan\u0131m i\u00e7in \u0130pu\u00e7lar\u0131<\/h3>\n<ul>\n<li>Ki\u015fisel bilgileri (isim, adres, sosyal medya) payla\u015fmaktan ka\u00e7\u0131n\u0131n<\/li>\n<li>Kendinizi rahats\u0131z hissetti\u011finizde \"Atla\" ve \"Rapor Et\" se\u00e7eneklerini kullan\u0131n<\/li>\n<li>Etkile\u015fimleri ge\u00e7ici ve anonim olarak ele al\u0131n<\/li>\n<\/ul>\n<h2>Kullan\u0131c\u0131 Deneyimi ve Tasar\u0131m<\/h2>\n<p>Chato basitlik ve h\u0131z i\u00e7in tasarlanm\u0131\u015ft\u0131r:<\/p>\n<ul>\n<li>Ana sayfa: Kal\u0131n bir \"Sohbeti Ba\u015flat\" d\u00fc\u011fmesi ve kurallar ve gizlilik hakk\u0131nda h\u0131zl\u0131 bilgi i\u00e7erir<\/li>\n<li>Video Aray\u00fcz\u00fc: Atlama, sessize alma ve raporlama i\u00e7in sezgisel kontrollere sahip b\u00fcy\u00fck, net video pencereleri<\/li>\n<li>Performans: Sohbetler aras\u0131nda minimum gecikme ile sorunsuz ge\u00e7i\u015fler<\/li>\n<li>Mobil Deneyim: K\u00fc\u00e7\u00fck ekranlar i\u00e7in optimize edilmi\u015f, dokunma dostu ve h\u0131zl\u0131 y\u00fckleme<\/li>\n<\/ul>\n<p>Eski sitelerin aksine, Chato da\u011f\u0131n\u0131kl\u0131ktan, a\u015f\u0131r\u0131 reklamlardan veya kafa kar\u0131\u015ft\u0131r\u0131c\u0131 men\u00fclerden ka\u00e7\u0131narak deneyimi hafif ve keyifli tutuyor.<\/p>\n<h2>Chato vs Di\u011fer Rastgele G\u00f6r\u00fcnt\u00fcl\u00fc Sohbet Platformlar\u0131<\/h2>\n<p>Chato di\u011fer Omegle tarz\u0131 sitelere k\u0131yasla nas\u0131l?<\/p>\n<table>\n<thead>\n<tr>\n<th>\u00d6zellik<\/th>\n<th>Chato<\/th>\n<th>Omegle (kapal\u0131)<\/th>\n<th>Ohmegle<\/th>\n<th>Lotta<\/th>\n<th>MatchPub<\/th>\n<th><a href=\"https:\/\/strangercam.com\/tr\/ometv\/\">OmeTV<\/a><\/th>\n<\/tr>\n<\/thead>\n<tbody>\n<tr>\n<td>G\u00f6r\u00fcnt\u00fcl\u00fc Sohbet<\/td>\n<td>Evet<\/td>\n<td>Evet<\/td>\n<td>Evet<\/td>\n<td>Evet<\/td>\n<td>Evet<\/td>\n<td>Evet<\/td>\n<\/tr>\n<tr>\n<td>Metin Sohbeti<\/td>\n<td>Evet<\/td>\n<td>Evet<\/td>\n<td>Evet<\/td>\n<td>Evet<\/td>\n<td>Evet<\/td>\n<td>Evet<\/td>\n<\/tr>\n<tr>\n<td>Kay\u0131t Gerekli<\/td>\n<td>Hay\u0131r<\/td>\n<td>Hay\u0131r<\/td>\n<td>Hay\u0131r<\/td>\n<td>Hay\u0131r<\/td>\n<td>Hay\u0131r<\/td>\n<td>Hay\u0131r<\/td>\n<\/tr>\n<tr>\n<td>Mobil Destek<\/td>\n<td>M\u00fckemmel<\/td>\n<td>Zay\u0131f<\/td>\n<td>M\u00fckemmel<\/td>\n<td>M\u00fckemmel<\/td>\n<td>M\u00fckemmel<\/td>\n<td>\u0130yi<\/td>\n<\/tr>\n<tr>\n<td>Cinsiyet\/B\u00f6lge Filtreleri<\/td>\n<td>Hay\u0131r<\/td>\n<td>Hay\u0131r<\/td>\n<td>Hay\u0131r<\/td>\n<td>Hay\u0131r<\/td>\n<td>Hay\u0131r<\/td>\n<td>\u00dccretli<\/td>\n<\/tr>\n<tr>\n<td>Moderasyon Ara\u00e7lar\u0131<\/td>\n<td>\u0130yi<\/td>\n<td>Zay\u0131f<\/td>\n<td>Orta d\u00fczeyde<\/td>\n<td>\u0130yi<\/td>\n<td>\u0130yi<\/td>\n<td>G\u00fc\u00e7l\u00fc<\/td>\n<\/tr>\n<tr>\n<td>\u00dccretsiz Kullan\u0131m<\/td>\n<td>Evet<\/td>\n<td>Evet<\/td>\n<td>Evet<\/td>\n<td>Evet<\/td>\n<td>Evet<\/td>\n<td>Evet\/\u00d6dendi<\/td>\n<\/tr>\n<\/tbody>\n<\/table>\n<p>\u00d6zet: Chato, ruh olarak Lotta ve MatchPub'a en yak\u0131n olan\u0131d\u0131r - h\u0131zl\u0131, \u00fccretsiz, anonim ve hafif. OmeTV gibi geli\u015fmi\u015f filtreler sunmasa da, kullan\u0131m kolayl\u0131\u011f\u0131 ve mobil performans a\u00e7\u0131s\u0131ndan \u00fcst\u00fcnd\u00fcr.<\/p>\n<h2>Art\u0131lar\u0131 ve Eksileri<\/h2>\n<p>Art\u0131lar\u0131:<\/p>\n<ul>\n<li>100% \u00fccretsiz, kay\u0131t gerekmez<\/li>\n<li>Tamamen anonim sohbet deneyimi<\/li>\n<li>H\u0131zl\u0131, sorunsuz e\u015fle\u015ftirme ve ge\u00e7i\u015fler<\/li>\n<li>Mobil cihazlar i\u00e7in optimize edilmi\u015f, modern aray\u00fcz<\/li>\n<li>Basit atlama ve rapor ara\u00e7lar\u0131<\/li>\n<li>Uluslararas\u0131, \u00e7e\u015fitli kullan\u0131c\u0131 taban\u0131<\/li>\n<\/ul>\n<p>Eksiler:<\/p>\n<ul>\n<li>Cinsiyet veya konum filtresi yok<\/li>\n<li>Ara s\u0131ra uygunsuz davran\u0131\u015flara maruz kalma (t\u00fcm anonim platformlarda ortakt\u0131r)<\/li>\n<li>Kad\u0131n kullan\u0131c\u0131lardan daha fazla erkek kullan\u0131c\u0131<\/li>\n<li>Profil, arkada\u015f listesi veya yeniden e\u015fle\u015ftirme \u00f6zelli\u011fi yok<\/li>\n<li>Eski alternatiflerine k\u0131yasla hala kullan\u0131c\u0131 taban\u0131n\u0131 olu\u015fturuyor<\/li>\n<\/ul>\n<h2>\u0130deal Kullan\u0131m \u00d6rnekleri<\/h2>\n<p>Chato bunun i\u00e7in m\u00fckemmel:<\/p>\n<ul>\n<li>Omegle fanlar\u0131 ve <a href=\"https:\/\/strangercam.com\/tr\/chatroulette\/\">Chatroulette<\/a> modern bir yedek aran\u0131yor<\/li>\n<li>Kay\u0131t olmadan h\u0131zl\u0131, anonim sohbetler yapmak isteyen ki\u015filer<\/li>\n<li>K\u00fclt\u00fcrel de\u011fi\u015fimle ilgilenen \u00f6\u011frenciler, gezginler ve dil \u00f6\u011frenenler<\/li>\n<li>D\u00fcnya \u00e7ap\u0131nda g\u00fcndelik, spontane etkile\u015fim arayan yeti\u015fkinler<\/li>\n<li>Hareket halindeyken sorunsuz ve g\u00fcvenilir bir deneyim isteyen mobil \u00f6ncelikli kullan\u0131c\u0131lar<\/li>\n<\/ul>\n<p>Daha az ideal:<\/p>\n<ul>\n<li>18 ya\u015f\u0131ndan k\u00fc\u00e7\u00fck kullan\u0131c\u0131lar (sadece yeti\u015fkinler)<\/li>\n<li>Fl\u00f6rt veya e\u015fle\u015ftirme i\u00e7in geli\u015fmi\u015f filtreler isteyenler<\/li>\n<li>Uzun vadeli profiller veya ba\u011flant\u0131lar arayan ki\u015filer<\/li>\n<\/ul>\n<p>Chato, modern, mobil dostu bir pakette h\u0131zl\u0131, anonim g\u00f6r\u00fcnt\u00fcl\u00fc sohbetler sunan, 2025'teki en umut verici yeni Omegle alternatiflerinden biridir. \u00dccretsiz, kay\u0131t gerektirmeyen modeli her \u015feyi eri\u015filebilir k\u0131larken, g\u00fc\u00e7l\u00fc gizlilik ve raporlama ara\u00e7lar\u0131 eski sitelere g\u00f6re daha g\u00fcvenli bir ortam yaratmaya yard\u0131mc\u0131 oluyor.<\/p>\n<p>\u0130ster e\u011flence, ister arkada\u015fl\u0131k ya da g\u00fcndelik fl\u00f6rt i\u00e7in olsun, d\u00fcnya \u00e7ap\u0131nda yabanc\u0131larla tan\u0131\u015fmak i\u00e7in hafif, kullan\u0131m\u0131 kolay bir platform ar\u0131yorsan\u0131z, Chato kesinlikle denemeye de\u011fer. G\u00fcn\u00fcm\u00fcz kullan\u0131c\u0131lar\u0131 i\u00e7in deneyimi g\u00fcncellerken Omegle'nin spontanl\u0131\u011f\u0131n\u0131 geri getiriyor.<\/p>","protected":false},"excerpt":{"rendered":"<p>With Omegle gone, a wave of new platforms has appeared to fill the gap for people who still want anonymous, random conversations with strangers online. Chato is one of the newer contenders in 2025, positioning itself as a fast, free, and mobile-friendly Omegle alternative. Its focus is simple: one-on-one video chat with strangers, without the [&hellip;]<\/p>\n","protected":false},"author":6,"featured_media":0,"parent":0,"menu_order":0,"comment_status":"closed","ping_status":"closed","template":"","meta":{"footnotes":""},"class_list":["post-13020","page","type-page","status-publish","hentry"],"yoast_head":"<!-- This site is optimized with the Yoast SEO plugin v27.4 - https:\/\/yoast.com\/product\/yoast-seo-wordpress\/ -->\n<title>Chato - Video Chat &amp; Have Fun - StrangerCam.com<\/title>\n<meta name=\"description\" content=\"Like Chato? Come chat with more than 5.000.000 strangers on Strangercam for Free! Turn on your cam and find new friends &amp; maby a match!\" \/>\n<meta name=\"robots\" content=\"index, follow, max-snippet:-1, max-image-preview:large, max-video-preview:-1\" \/>\n<link rel=\"canonical\" href=\"https:\/\/strangercam.com\/tr\/chato\/\" \/>\n<meta property=\"og:locale\" content=\"tr_TR\" \/>\n<meta property=\"og:type\" content=\"article\" \/>\n<meta property=\"og:title\" content=\"Chato - Video Chat &amp; Have Fun - StrangerCam.com\" \/>\n<meta property=\"og:description\" content=\"Like Chato? Come chat with more than 5.000.000 strangers on Strangercam for Free! Turn on your cam and find new friends &amp; maby a match!\" \/>\n<meta property=\"og:url\" content=\"https:\/\/strangercam.com\/tr\/chato\/\" \/>\n<meta property=\"og:site_name\" content=\"Strangercam\" \/>\n<meta property=\"article:publisher\" content=\"https:\/\/www.facebook.com\/strangercam\" \/>\n<meta property=\"og:image\" content=\"https:\/\/strangercam.com\/wp-content\/uploads\/2021\/10\/Untitled-2.png\" \/>\n\t<meta property=\"og:image:width\" content=\"800\" \/>\n\t<meta property=\"og:image:height\" content=\"532\" \/>\n\t<meta property=\"og:image:type\" content=\"image\/png\" \/>\n<meta name=\"twitter:card\" content=\"summary_large_image\" \/>\n<meta name=\"twitter:site\" content=\"@strangercamapp\" \/>\n<meta name=\"twitter:label1\" content=\"Tahmini okuma s\u00fcresi\" \/>\n\t<meta name=\"twitter:data1\" content=\"5 dakika\" \/>\n<script type=\"application\/ld+json\" class=\"yoast-schema-graph\">{\"@context\":\"https:\\\/\\\/schema.org\",\"@graph\":[{\"@type\":\"WebPage\",\"@id\":\"https:\\\/\\\/strangercam.com\\\/chato\\\/\",\"url\":\"https:\\\/\\\/strangercam.com\\\/chato\\\/\",\"name\":\"Chato - Video Chat & Have Fun - StrangerCam.com\",\"isPartOf\":{\"@id\":\"https:\\\/\\\/strangercam.com\\\/#website\"},\"datePublished\":\"2025-09-10T09:53:09+00:00\",\"description\":\"Like Chato? Come chat with more than 5.000.000 strangers on Strangercam for Free! Turn on your cam and find new friends & maby a match!\",\"breadcrumb\":{\"@id\":\"https:\\\/\\\/strangercam.com\\\/chato\\\/#breadcrumb\"},\"inLanguage\":\"tr\",\"potentialAction\":[{\"@type\":\"ReadAction\",\"target\":[\"https:\\\/\\\/strangercam.com\\\/chato\\\/\"]}]},{\"@type\":\"BreadcrumbList\",\"@id\":\"https:\\\/\\\/strangercam.com\\\/chato\\\/#breadcrumb\",\"itemListElement\":[{\"@type\":\"ListItem\",\"position\":1,\"name\":\"Home\",\"item\":\"https:\\\/\\\/strangercam.com\\\/\"},{\"@type\":\"ListItem\",\"position\":2,\"name\":\"Chato\"}]},{\"@type\":\"WebSite\",\"@id\":\"https:\\\/\\\/strangercam.com\\\/#website\",\"url\":\"https:\\\/\\\/strangercam.com\\\/\",\"name\":\"Strangercam\",\"description\":\"Random Video Chat with Strangers\",\"publisher\":{\"@id\":\"https:\\\/\\\/strangercam.com\\\/#organization\"},\"alternateName\":\"Strangercam.com\",\"potentialAction\":[{\"@type\":\"SearchAction\",\"target\":{\"@type\":\"EntryPoint\",\"urlTemplate\":\"https:\\\/\\\/strangercam.com\\\/?s={search_term_string}\"},\"query-input\":{\"@type\":\"PropertyValueSpecification\",\"valueRequired\":true,\"valueName\":\"search_term_string\"}}],\"inLanguage\":\"tr\"},{\"@type\":\"Organization\",\"@id\":\"https:\\\/\\\/strangercam.com\\\/#organization\",\"name\":\"Strangercam\",\"alternateName\":\"Strangercam.com\",\"url\":\"https:\\\/\\\/strangercam.com\\\/\",\"logo\":{\"@type\":\"ImageObject\",\"inLanguage\":\"tr\",\"@id\":\"https:\\\/\\\/strangercam.com\\\/#\\\/schema\\\/logo\\\/image\\\/\",\"url\":\"https:\\\/\\\/strangercam.com\\\/wp-content\\\/uploads\\\/2020\\\/11\\\/cropped-new-favicon-black.png\",\"contentUrl\":\"https:\\\/\\\/strangercam.com\\\/wp-content\\\/uploads\\\/2020\\\/11\\\/cropped-new-favicon-black.png\",\"width\":512,\"height\":512,\"caption\":\"Strangercam\"},\"image\":{\"@id\":\"https:\\\/\\\/strangercam.com\\\/#\\\/schema\\\/logo\\\/image\\\/\"},\"sameAs\":[\"https:\\\/\\\/www.facebook.com\\\/strangercam\",\"https:\\\/\\\/x.com\\\/strangercamapp\"]}]}<\/script>\n<!-- \/ Yoast SEO plugin. -->","yoast_head_json":{"title":"Chato - G\u00f6r\u00fcnt\u00fcl\u00fc Sohbet ve E\u011flence - StrangerCam.com","description":"Chato'yu seviyor musun? Gelin Strangercam'de 5.000.000'dan fazla yabanc\u0131yla \u00dccretsiz sohbet edin! Kameran\u0131z\u0131 a\u00e7\u0131n ve yeni arkada\u015flar ve belki bir e\u015fle\u015fme bulun!","robots":{"index":"index","follow":"follow","max-snippet":"max-snippet:-1","max-image-preview":"max-image-preview:large","max-video-preview":"max-video-preview:-1"},"canonical":"https:\/\/strangercam.com\/tr\/chato\/","og_locale":"tr_TR","og_type":"article","og_title":"Chato - Video Chat & Have Fun - StrangerCam.com","og_description":"Like Chato? Come chat with more than 5.000.000 strangers on Strangercam for Free! Turn on your cam and find new friends & maby a match!","og_url":"https:\/\/strangercam.com\/tr\/chato\/","og_site_name":"Strangercam","article_publisher":"https:\/\/www.facebook.com\/strangercam","og_image":[{"width":800,"height":532,"url":"https:\/\/strangercam.com\/wp-content\/uploads\/2021\/10\/Untitled-2.png","type":"image\/png"}],"twitter_card":"summary_large_image","twitter_site":"@strangercamapp","twitter_misc":{"Tahmini okuma s\u00fcresi":"5 dakika"},"schema":{"@context":"https:\/\/schema.org","@graph":[{"@type":"WebPage","@id":"https:\/\/strangercam.com\/chato\/","url":"https:\/\/strangercam.com\/chato\/","name":"Chato - G\u00f6r\u00fcnt\u00fcl\u00fc Sohbet ve E\u011flence - StrangerCam.com","isPartOf":{"@id":"https:\/\/strangercam.com\/#website"},"datePublished":"2025-09-10T09:53:09+00:00","description":"Chato'yu seviyor musun? Gelin Strangercam'de 5.000.000'dan fazla yabanc\u0131yla \u00dccretsiz sohbet edin! Kameran\u0131z\u0131 a\u00e7\u0131n ve yeni arkada\u015flar ve belki bir e\u015fle\u015fme bulun!","breadcrumb":{"@id":"https:\/\/strangercam.com\/chato\/#breadcrumb"},"inLanguage":"tr","potentialAction":[{"@type":"ReadAction","target":["https:\/\/strangercam.com\/chato\/"]}]},{"@type":"BreadcrumbList","@id":"https:\/\/strangercam.com\/chato\/#breadcrumb","itemListElement":[{"@type":"ListItem","position":1,"name":"Home","item":"https:\/\/strangercam.com\/"},{"@type":"ListItem","position":2,"name":"Chato"}]},{"@type":"WebSite","@id":"https:\/\/strangercam.com\/#website","url":"https:\/\/strangercam.com\/","name":"Strangercam","description":"Yabanc\u0131larla Rastgele G\u00f6r\u00fcnt\u00fcl\u00fc Sohbet","publisher":{"@id":"https:\/\/strangercam.com\/#organization"},"alternateName":"Strangercam.com","potentialAction":[{"@type":"SearchAction","target":{"@type":"EntryPoint","urlTemplate":"https:\/\/strangercam.com\/?s={search_term_string}"},"query-input":{"@type":"PropertyValueSpecification","valueRequired":true,"valueName":"search_term_string"}}],"inLanguage":"tr"},{"@type":"Organization","@id":"https:\/\/strangercam.com\/#organization","name":"Strangercam","alternateName":"Strangercam.com","url":"https:\/\/strangercam.com\/","logo":{"@type":"ImageObject","inLanguage":"tr","@id":"https:\/\/strangercam.com\/#\/schema\/logo\/image\/","url":"https:\/\/strangercam.com\/wp-content\/uploads\/2020\/11\/cropped-new-favicon-black.png","contentUrl":"https:\/\/strangercam.com\/wp-content\/uploads\/2020\/11\/cropped-new-favicon-black.png","width":512,"height":512,"caption":"Strangercam"},"image":{"@id":"https:\/\/strangercam.com\/#\/schema\/logo\/image\/"},"sameAs":["https:\/\/www.facebook.com\/strangercam","https:\/\/x.com\/strangercamapp"]}]}},"_links":{"self":[{"href":"https:\/\/strangercam.com\/tr\/wp-json\/wp\/v2\/pages\/13020","targetHints":{"allow":["GET"]}}],"collection":[{"href":"https:\/\/strangercam.com\/tr\/wp-json\/wp\/v2\/pages"}],"about":[{"href":"https:\/\/strangercam.com\/tr\/wp-json\/wp\/v2\/types\/page"}],"author":[{"embeddable":true,"href":"https:\/\/strangercam.com\/tr\/wp-json\/wp\/v2\/users\/6"}],"replies":[{"embeddable":true,"href":"https:\/\/strangercam.com\/tr\/wp-json\/wp\/v2\/comments?post=13020"}],"version-history":[{"count":1,"href":"https:\/\/strangercam.com\/tr\/wp-json\/wp\/v2\/pages\/13020\/revisions"}],"predecessor-version":[{"id":13021,"href":"https:\/\/strangercam.com\/tr\/wp-json\/wp\/v2\/pages\/13020\/revisions\/13021"}],"wp:attachment":[{"href":"https:\/\/strangercam.com\/tr\/wp-json\/wp\/v2\/media?parent=13020"}],"curies":[{"name":"wp","href":"https:\/\/api.w.org\/{rel}","templated":true}]}}