{"id":12944,"date":"2025-07-28T11:56:56","date_gmt":"2025-07-28T09:56:56","guid":{"rendered":"https:\/\/strangercam.com\/?page_id=12944"},"modified":"2025-07-28T11:56:56","modified_gmt":"2025-07-28T09:56:56","slug":"lotta","status":"publish","type":"page","link":"https:\/\/strangercam.com\/tr\/lotta\/","title":{"rendered":"Lotta"},"content":{"rendered":"<p>gibi klasik rastgele g\u00f6r\u00fcnt\u00fcl\u00fc sohbet platformlar\u0131 gibi <a href=\"https:\/\/strangercam.com\/tr\/omegle\/\">Omegle<\/a> Spot \u0131\u015f\u0131klar\u0131ndan kaybolan yeni bir site dalgas\u0131, kullan\u0131c\u0131lara modern bir dokunu\u015fla ayn\u0131 spontane, anonim deneyimi sunmak i\u00e7in ad\u0131m at\u0131yor. Lotta, 2025'teki en yeni ve en h\u0131zl\u0131 b\u00fcy\u00fcyen alternatiflerden biridir ve rastgele kameradan kameraya sohbetin temel heyecan\u0131n\u0131 geli\u015fmi\u015f h\u0131z, g\u00fcvenlik ve \u015f\u0131k, mobil kullan\u0131ma haz\u0131r bir aray\u00fczle birle\u015ftirir.<\/p>\n<p>Peki Lotta zaman ay\u0131rmaya de\u011fer mi? Di\u011fer yeni Omegle tarz\u0131 g\u00f6r\u00fcnt\u00fcl\u00fc sohbet sitelerinden ayr\u0131l\u0131yor mu? Bu kapsaml\u0131 incelemede, bilmeniz gereken her \u015feyi ele alaca\u011f\u0131z: Lotta'nin nas\u0131l \u00e7al\u0131\u015ft\u0131\u011f\u0131, hangi \u00f6zellikleri sundu\u011fu, kimlerin kulland\u0131\u011f\u0131 ve 2025'teki di\u011fer b\u00fcy\u00fck rastgele sohbet platformlar\u0131yla nas\u0131l kar\u015f\u0131la\u015ft\u0131r\u0131ld\u0131\u011f\u0131.<\/p>\n<h2>Lotta nedir?<\/h2>\n<p>Lotta, d\u00fcnyan\u0131n d\u00f6rt bir yan\u0131ndan yabanc\u0131larla anl\u0131k, anonim ba\u011flant\u0131lar i\u00e7in tasarlanm\u0131\u015f taray\u0131c\u0131 tabanl\u0131, rastgele bir g\u00f6r\u00fcnt\u00fcl\u00fc sohbet platformudur. Kullan\u0131c\u0131lar sadece bir t\u0131klama ile kat\u0131labilir; kay\u0131t, profil veya uygulama indirme gerekmez. Site, saniyeler i\u00e7inde canl\u0131 g\u00f6r\u00fcnt\u00fcl\u00fc sohbetler ba\u015flatman\u0131za olanak tan\u0131yan h\u0131z ve basitlik i\u00e7in olu\u015fturulmu\u015ftur.<\/p>\n<p>Orijinal Omegle gibi, Lotta de kullan\u0131c\u0131lar\u0131 \u00f6zel g\u00f6r\u00fcnt\u00fcl\u00fc konu\u015fmalar i\u00e7in bire bir e\u015fle\u015ftirir. Ancak Omegle'nin aray\u00fcz\u00fc art\u0131k eskimi\u015f ve moderasyonu tutars\u0131z hissettirirken, Lotta daha modern, g\u00fcvenli ve kullan\u0131c\u0131 dostu bir deneyim sunuyor ve t\u00fcm bunlar 100% \u00fccretsiz kal\u0131yor.<\/p>\n<h2>Lotta'nin Kullan\u0131m Amac\u0131 Nedir?<\/h2>\n<p>Lotta, Omegle'yi k\u00fclt\u00fcrel bir fenomen haline getiren anonim, rastgele g\u00f6r\u00fcnt\u00fcl\u00fc sohbetin b\u00fcy\u00fcs\u00fcn\u00fc yeniden canland\u0131rmak i\u00e7in olu\u015fturuldu, ancak g\u00fcn\u00fcm\u00fcz kullan\u0131c\u0131lar\u0131 i\u00e7in \u00f6nemli iyile\u015ftirmeler yap\u0131ld\u0131:<\/p>\n<ul>\n<li>Spontane, y\u00fcz y\u00fcze kar\u015f\u0131la\u015fmalar: <a href=\"https:\/\/strangercam.com\/tr\/coomeet\/\">Tan\u0131\u015f\u0131n<\/a> Yeni biri, her zaman, her yerden.<\/li>\n<li>Ger\u00e7ek anonimlik: Profil yok, kay\u0131t yok, sosyal medya yok.<\/li>\n<li>Modern g\u00fcvenlik ve \u00f6l\u00e7\u00fcl\u00fcl\u00fck: Sohbetleri g\u00fcvenli ve s\u0131cak tutun.<\/li>\n<li>H\u0131zl\u0131, sorunsuz eri\u015fim: Masa\u00fcst\u00fc veya mobil cihazlarda an\u0131nda sohbete ba\u015flay\u0131n.<\/li>\n<\/ul>\n<p>\u0130ster yeni arkada\u015flar edinmek, ister dil prati\u011fi yapmak, fl\u00f6rt etmek ya da sadece bir yabanc\u0131yla e\u011flenceli bir sohbet etmek isteyin, Lotta sizin i\u00e7in tasarland\u0131.<\/p>\n<h2>Temel \u00d6zellikler<\/h2>\n<p>1. Bire Bir Rastgele G\u00f6r\u00fcnt\u00fcl\u00fc Sohbet<br \/>\nLotta'nin temel \u00f6zelli\u011fi anl\u0131k, \u00f6zel kameradan kameraya sohbettir. \"Ba\u015flat \"a t\u0131klay\u0131n, web kameran\u0131z\u0131 ve mikrofonunuzu etkinle\u015ftirin ve saniyeler i\u00e7inde e\u015fle\u015fin. Kullan\u0131c\u0131 ad\u0131 veya biyografi yok - sadece siz ve bir yabanc\u0131, y\u00fcz y\u00fcze.<\/p>\n<p>2. Metin Sohbeti Se\u00e7ene\u011fi<br \/>\nLotta, videonun yan\u0131 s\u0131ra kullan\u0131c\u0131lar\u0131n sohbet i\u00e7inde metin mesajlar\u0131 g\u00f6ndermesine de olanak tan\u0131r. Bu, buzlar\u0131 k\u0131rmak, dil engelleriyle ba\u015fa \u00e7\u0131kmak veya y\u00fcksek sesle konu\u015fmak istemiyorsan\u0131z yararl\u0131d\u0131r.<\/p>\n<p>3. \u0130leri\/Skip D\u00fc\u011fmesi<br \/>\nE\u011fer arad\u0131\u011f\u0131n\u0131z havay\u0131 bulamazsan\u0131z, an\u0131nda yeni biriyle e\u015fle\u015fmek i\u00e7in \"Sonraki\" d\u00fc\u011fmesine basman\u0131z yeterli. Ne kadar s\u0131k atlayabilece\u011finiz konusunda herhangi bir ceza veya s\u0131n\u0131rlama yoktur.<\/p>\n<p>4. 100% Anonim, Kay\u0131t Yok<br \/>\nKaydolman\u0131za, bir profil olu\u015fturman\u0131za veya herhangi bir ki\u015fisel bilgi payla\u015fman\u0131za gerek yoktur. T\u00fcm oturumlar ge\u00e7ici ve \u00f6zeldir, bu da Lotta'yi \u00e7evrimi\u00e7i en anonim sohbet deneyimlerinden biri yapar.<\/p>\n<p>5. Modern, Mobil Cihazlar \u0130\u00e7in Optimize Edilmi\u015f Tasar\u0131m<br \/>\nLotta hem masa\u00fcst\u00fc hem de mobil taray\u0131c\u0131larda sorunsuz \u00e7al\u0131\u015f\u0131r. Aray\u00fcz temiz ve duyarl\u0131 oldu\u011fundan telefonunuzda, tabletinizde veya diz\u00fcst\u00fc bilgisayar\u0131n\u0131zda sohbet etmeyi kolayla\u015ft\u0131r\u0131r; indirme gerektirmez.<\/p>\n<p>6. Moderasyon ve Raporlama Ara\u00e7lar\u0131<br \/>\nPlatformu g\u00fcvende tutmak i\u00e7in Lotta bir sohbet i\u00e7i rapor d\u00fc\u011fmesi sa\u011flar ve otomatik (AI destekli) ve insan moderasyonunun bir kar\u0131\u015f\u0131m\u0131n\u0131 kullan\u0131r. Kullan\u0131c\u0131lar uygunsuz i\u00e7erik veya davran\u0131\u015flar\u0131 an\u0131nda i\u015faretleyebiliyor.<\/p>\n<p>7. H\u0131zl\u0131 E\u015fle\u015ftirme ve D\u00fc\u015f\u00fck Gecikme<br \/>\nLotta'nin e\u015fle\u015ftirme motoru h\u0131z i\u00e7in \u00fcretilmi\u015ftir. Video ba\u011flant\u0131lar\u0131, yo\u011fun saatlerde veya mobil cihazlarda bile minimum gecikme ile h\u0131zl\u0131 ve istikrarl\u0131d\u0131r.<\/p>\n<h2>Lotta \u00dccretsiz mi?<\/h2>\n<p>Evet, Lotta'nin kullan\u0131m\u0131 tamamen \u00fccretsizdir. T\u00fcm temel \u00f6zellikler - g\u00f6r\u00fcnt\u00fcl\u00fc sohbet, yaz\u0131l\u0131 sohbet ve s\u0131n\u0131rs\u0131z atlama - gizli \u00f6deme duvarlar\u0131 veya abonelik kademeleri olmadan herkes taraf\u0131ndan kullan\u0131labilir.<\/p>\n<p>Site, operasyonlar\u0131 desteklemek i\u00e7in hafif, rahats\u0131z edici olmayan reklamlar i\u00e7erebilir, ancak bunlar asla sohbet deneyimini kesintiye u\u011fratmaz veya eri\u015fimi s\u0131n\u0131rlamaz.<\/p>\n<h2>Lotta'yi Kimler Kullan\u0131r?<\/h2>\n<p>Lotta, h\u0131zla a\u015fa\u011f\u0131dakiler de dahil olmak \u00fczere \u00e7e\u015fitli, k\u00fcresel bir kullan\u0131c\u0131 taban\u0131 olu\u015fturuyor:<\/p>\n<ul>\n<li>Ya\u015f grubu: \u00d6ncelikle 18-35 (kesinlikle yeti\u015fkinler)<\/li>\n<li>Konumlar: Amerika Birle\u015fik Devletleri, Kanada, \u0130ngiltere, Almanya, Hindistan, Brezilya, G\u00fcneydo\u011fu Asya ve daha bir\u00e7ok \u00fclkeden kullan\u0131c\u0131lar<\/li>\n<li>\u0130lgi alanlar\u0131: Fl\u00f6rt etmek, arkada\u015f edinmek, dil de\u011fi\u015fimi, g\u00fcndelik sohbet, k\u00fclt\u00fcrel ke\u015fif<\/li>\n<\/ul>\n<p>Yeni oldu\u011fu i\u00e7in Lotta, teknoloji merakl\u0131s\u0131 kullan\u0131c\u0131lar\u0131, \u00f6\u011frencileri ve klasik Omegle'nin senaryosuz enerjisini \u00f6zleyenleri cezbetme e\u011filimindedir. Cinsiyet da\u011f\u0131l\u0131m\u0131 di\u011ferlerine benzer <a href=\"https:\/\/strangercam.com\/tr\/bazoocam\/\">cam<\/a> sohbet siteleri, kad\u0131n kullan\u0131c\u0131lardan daha fazla erkek kullan\u0131c\u0131ya sahiptir, ancak site pop\u00fclerlik ve itibar kazand\u0131k\u00e7a kad\u0131nlar\u0131n kat\u0131l\u0131m\u0131 artmaktad\u0131r.<\/p>\n<h2>G\u00fcvenlik, Gizlilik ve Moderasyon<\/h2>\n<p>Lotta, anonimli\u011fin hem \u00f6zg\u00fcrl\u00fck hem de risk getirdi\u011finin fark\u0131ndad\u0131r. Platform, kullan\u0131c\u0131 g\u00fcvenli\u011fi ve gizlili\u011fi i\u00e7in proaktif bir yakla\u015f\u0131m benimsemektedir:<\/p>\n<h3>Gizlilik<\/h3>\n<ul>\n<li>Kay\u0131t veya ki\u015fisel veri gerekmez<\/li>\n<li>Sohbetler kaydedilmez veya saklanmaz<\/li>\n<li>Web kameran\u0131z\u0131\/mikrofonunuzu her zaman siz kontrol edersiniz<\/li>\n<li>Sohbet ortaklar\u0131yla IP payla\u015f\u0131m\u0131 yok<\/li>\n<\/ul>\n<h3>Moderasyon<\/h3>\n<ul>\n<li>Sohbet i\u00e7i rapor d\u00fc\u011fmesi: Uygunsuz veya taciz edici davran\u0131\u015flar\u0131 an\u0131nda i\u015faretleyin<\/li>\n<li>Yapay zeka destekli i\u00e7erik filtreleme: Belirli ihlalleri ger\u00e7ek zamanl\u0131 olarak alg\u0131lar ve engeller<\/li>\n<li>\u0130nsan moderat\u00f6rler: Raporlar\u0131 inceleyin ve platform kurallar\u0131n\u0131 uygulay\u0131n<\/li>\n<\/ul>\n<h3>En \u0130yi Uygulamalar<\/h3>\n<ul>\n<li>Sohbette asla ki\u015fisel bilgilerinizi payla\u015fmay\u0131n<\/li>\n<li>Kendinizi rahats\u0131z hissetti\u011finizde \"\u0130leri\" ve \"Rapor Et\" d\u00fc\u011fmelerini kullan\u0131n<\/li>\n<li>T\u00fcm etkile\u015fimlerin yabanc\u0131larla oldu\u011funu unutmay\u0131n; normal internet dikkatini uygulay\u0131n<\/li>\n<\/ul>\n<h2>Kullan\u0131c\u0131 Deneyimi ve Tasar\u0131m<\/h2>\n<p>Lotta'nin kullan\u0131c\u0131 aray\u00fcz\u00fc en iyi \u00f6zelliklerinden biridir. Modern, minimal ve dikkat da\u011f\u0131tmayan bir yap\u0131ya sahip:<\/p>\n<ul>\n<li>Ana sayfa, a\u00e7\u0131k gizlilik bilgileri ve kurallar\u0131yla birlikte cesur bir \"Sohbeti Ba\u015flat\" d\u00fc\u011fmesi sunar<\/li>\n<li>Saniyeler i\u00e7inde e\u015fle\u015fiyor ve canl\u0131 sohbet ediyorsunuz<\/li>\n<li>Video pencereleri b\u00fcy\u00fckt\u00fcr ve susturma, atlama ve raporlama i\u00e7in yumu\u015fak kontrollere sahiptir<\/li>\n<li>Mobil aray\u00fcz, masa\u00fcst\u00fc versiyonu kadar temiz ve kullan\u0131\u015fl\u0131<\/li>\n<\/ul>\n<p>Lotta a\u00e7\u0131l\u0131r pencereleri, a\u015f\u0131r\u0131 reklamlar\u0131 ve kay\u0131t istemlerini \u00f6nleyerek her seferinde sorunsuz ve keyifli bir sohbet deneyimi sunar.<\/p>\n<h2>Lotta vs Di\u011fer Rastgele G\u00f6r\u00fcnt\u00fcl\u00fc Sohbet Platformlar\u0131<\/h2>\n<p>Lotta, 2025'teki Omegle alternatiflerine k\u0131yasla nas\u0131l?<\/p>\n<table>\n<thead>\n<tr>\n<th>\u00d6zellik<\/th>\n<th>Lotta<\/th>\n<th>Omegle (kapal\u0131)<\/th>\n<th>Ohmegle<\/th>\n<th><a href=\"https:\/\/strangercam.com\/tr\/ometv\/\">OmeTV<\/a><\/th>\n<th>Chaty<\/th>\n<th>ChitChatTV<\/th>\n<\/tr>\n<\/thead>\n<tbody>\n<tr>\n<td>G\u00f6r\u00fcnt\u00fcl\u00fc Sohbet<\/td>\n<td>Evet<\/td>\n<td>Evet<\/td>\n<td>Evet<\/td>\n<td>Evet<\/td>\n<td>Evet<\/td>\n<td>Evet<\/td>\n<\/tr>\n<tr>\n<td>Metin Sohbeti<\/td>\n<td>Evet<\/td>\n<td>Evet<\/td>\n<td>Evet<\/td>\n<td>Evet<\/td>\n<td>Evet<\/td>\n<td>Evet<\/td>\n<\/tr>\n<tr>\n<td>Kay\u0131t Gerekli<\/td>\n<td>Hay\u0131r<\/td>\n<td>Hay\u0131r<\/td>\n<td>Hay\u0131r<\/td>\n<td>Hay\u0131r<\/td>\n<td>Hay\u0131r<\/td>\n<td>Hay\u0131r<\/td>\n<\/tr>\n<tr>\n<td>Mobil Destek<\/td>\n<td>M\u00fckemmel<\/td>\n<td>Zay\u0131f<\/td>\n<td>M\u00fckemmel<\/td>\n<td>\u0130yi<\/td>\n<td>M\u00fckemmel<\/td>\n<td>M\u00fckemmel<\/td>\n<\/tr>\n<tr>\n<td>Cinsiyet\/B\u00f6lge Filtresi<\/td>\n<td>Hay\u0131r<\/td>\n<td>Hay\u0131r<\/td>\n<td>Hay\u0131r<\/td>\n<td>\u00dccretli<\/td>\n<td>Hay\u0131r<\/td>\n<td>Hay\u0131r<\/td>\n<\/tr>\n<tr>\n<td>Moderasyon\/Raporlama<\/td>\n<td>\u0130yi<\/td>\n<td>Zay\u0131f<\/td>\n<td>Orta d\u00fczeyde<\/td>\n<td>G\u00fc\u00e7l\u00fc<\/td>\n<td>Orta d\u00fczeyde<\/td>\n<td>\u0130yi<\/td>\n<\/tr>\n<tr>\n<td>\u00dccretsiz Kullan\u0131m<\/td>\n<td>Evet<\/td>\n<td>Evet<\/td>\n<td>Evet<\/td>\n<td>Evet\/\u00d6dendi<\/td>\n<td>Evet<\/td>\n<td>Evet<\/td>\n<\/tr>\n<\/tbody>\n<\/table>\n<p>\u00d6zet: Lotta, h\u0131z ve kullan\u0131m kolayl\u0131\u011f\u0131 a\u00e7\u0131s\u0131ndan Ohmegle, Chaty ve ChitChatTV'ye rakip olmakla birlikte, \u00f6zellikle yeni kullan\u0131c\u0131lar ve mobil cihaz kullananlar i\u00e7in yeni tasar\u0131m\u0131 ve sorunsuz deneyimi ile \u00f6ne \u00e7\u0131k\u0131yor.<\/p>\n<h2>Art\u0131lar\u0131 ve Eksileri<\/h2>\n<p>Art\u0131lar\u0131:<\/p>\n<ul>\n<li>100% \u00fccretsiz, an\u0131nda eri\u015fim - kay\u0131t gerekmez<\/li>\n<li>Tamamen anonim ve \u00f6zel<\/li>\n<li>H\u0131zl\u0131, istikrarl\u0131 g\u00f6r\u00fcnt\u00fcl\u00fc ve yaz\u0131l\u0131 sohbet ba\u011flant\u0131lar\u0131<\/li>\n<li>\u015e\u0131k, modern ve mobil cihazlar i\u00e7in optimize edilmi\u015f aray\u00fcz<\/li>\n<li>Sa\u011flam raporlama ve moderasyon ara\u00e7lar\u0131<\/li>\n<li>D\u00fcnya \u00e7ap\u0131nda g\u00fcndelik, senaryosuz konu\u015fmalar i\u00e7in harika<\/li>\n<\/ul>\n<p>Eksiler:<\/p>\n<ul>\n<li>Cinsiyet veya konum filtresi yok (e\u015fle\u015fmeler rastgele)<\/li>\n<li>Ara s\u0131ra uygunsuz davran\u0131\u015flara maruz kalma (\u00f6l\u00e7\u00fcl\u00fc olmas\u0131na ra\u011fmen)<\/li>\n<li>Kullan\u0131c\u0131 profilleri, arkada\u015f listeleri veya yeniden ba\u011flanma yetene\u011fi yok<\/li>\n<li>Kad\u0131n kullan\u0131c\u0131lardan daha fazla erkek kullan\u0131c\u0131 (bu alanda yayg\u0131n)<\/li>\n<li>Platform eski devlere k\u0131yasla kullan\u0131c\u0131 taban\u0131n\u0131 b\u00fcy\u00fctmeye devam ediyor<\/li>\n<\/ul>\n<h2>\u0130deal Kullan\u0131m \u00d6rnekleri<\/h2>\n<p>Lotta a\u015fa\u011f\u0131dakiler i\u00e7in idealdir:<\/p>\n<p>Omegle hayranlar\u0131, <a href=\"https:\/\/strangercam.com\/tr\/chatroulette\/\">Chatroulette<\/a>, veya yeni bir platform arayan Ohmegle<\/p>\n<p>Kay\u0131t olmadan h\u0131zl\u0131, anonim, video \u00f6ncelikli sohbet isteyen kullan\u0131c\u0131lar<\/p>\n<p>Dil \u00f6\u011frenenler, gurbet\u00e7iler ve k\u00fcresel sohbetler isteyen gezginler<\/p>\n<p>Spontane sosyalle\u015fme, e\u011flence veya can s\u0131k\u0131nt\u0131s\u0131 giderici bir \u015feyler arayan ki\u015filer<\/p>\n<p>Daha az ideal:<\/p>\n<ul>\n<li>Randevuya \u00f6zel \u00f6zellikler veya kullan\u0131c\u0131 filtreleri arayanlar<\/li>\n<li>18 ya\u015f\u0131ndan k\u00fc\u00e7\u00fck kullan\u0131c\u0131lar (kat\u0131 ya\u015f \u015fart\u0131)<\/li>\n<li>Belirli kullan\u0131c\u0131larla yeniden ba\u011flant\u0131 kurmak veya uzun s\u00fcreli sohbetler olu\u015fturmak isteyen ki\u015filer<\/li>\n<\/ul>\n<p>Lotta, 2025'teki en iyi yeni Omegle tarz\u0131 g\u00f6r\u00fcnt\u00fcl\u00fc sohbet sitelerinden biridir ve modern, kullan\u0131c\u0131 dostu bir pakette yabanc\u0131larla an\u0131nda, anonim ba\u011flant\u0131lar sunar. Kay\u0131t olmadan, h\u0131zl\u0131 e\u015fle\u015ftirme ve gizlilik ve g\u00fcvenli\u011fe g\u00fc\u00e7l\u00fc bir odaklanma ile klasik rastgele g\u00f6r\u00fcnt\u00fcl\u00fc sohbet deneyiminin de\u011ferli bir halefidir.<\/p>\n<p>Yeni insanlarla tan\u0131\u015fmak, arkada\u015f edinmek, fl\u00f6rt etmek veya sadece d\u00fcnyan\u0131n her yerinden biriyle ger\u00e7ek zamanl\u0131 sohbet etmek istiyorsan\u0131z-Lotta kesinlikle denemeye de\u011fer. Yeni tasar\u0131m\u0131, g\u00fcvenilir performans\u0131 ve eri\u015filebilir \u00f6zellikleri, onu yeni nesil rastgele sohbet\u00e7iler i\u00e7in en iyi se\u00e7im haline getiriyor.<\/p>","protected":false},"excerpt":{"rendered":"<p>As classic random video chat platforms like Omegle fade from the spotlight, a new wave of sites is stepping up to offer users the same spontaneous, anonymous experience\u2014with a modern twist. Lotta is one of the newest and fastest-growing alternatives in 2025, combining the core excitement of random cam-to-cam chat with improved speed, security, and [&hellip;]<\/p>\n","protected":false},"author":6,"featured_media":0,"parent":0,"menu_order":0,"comment_status":"closed","ping_status":"closed","template":"","meta":{"footnotes":""},"class_list":["post-12944","page","type-page","status-publish","hentry"],"yoast_head":"<!-- This site is optimized with the Yoast SEO plugin v27.4 - https:\/\/yoast.com\/product\/yoast-seo-wordpress\/ -->\n<title>Lotta - Meet Strangers &amp; Video Chat Online - StrangerCam<\/title>\n<meta name=\"description\" content=\"Like Lotta? Come chat with more than 5.000.000 strangers on Stranger Cam for Free! Turn on your cam and find new friends &amp; maby a match!\" \/>\n<meta name=\"robots\" content=\"index, follow, max-snippet:-1, max-image-preview:large, max-video-preview:-1\" \/>\n<link rel=\"canonical\" href=\"https:\/\/strangercam.com\/tr\/lotta\/\" \/>\n<meta property=\"og:locale\" content=\"tr_TR\" \/>\n<meta property=\"og:type\" content=\"article\" \/>\n<meta property=\"og:title\" content=\"Lotta - Meet Strangers &amp; Video Chat Online - StrangerCam\" \/>\n<meta property=\"og:description\" content=\"Like Lotta? Come chat with more than 5.000.000 strangers on Stranger Cam for Free! Turn on your cam and find new friends &amp; maby a match!\" \/>\n<meta property=\"og:url\" content=\"https:\/\/strangercam.com\/tr\/lotta\/\" \/>\n<meta property=\"og:site_name\" content=\"Strangercam\" \/>\n<meta property=\"article:publisher\" content=\"https:\/\/www.facebook.com\/strangercam\" \/>\n<meta property=\"og:image\" content=\"https:\/\/strangercam.com\/wp-content\/uploads\/2021\/10\/Untitled-2.png\" \/>\n\t<meta property=\"og:image:width\" content=\"800\" \/>\n\t<meta property=\"og:image:height\" content=\"532\" \/>\n\t<meta property=\"og:image:type\" content=\"image\/png\" \/>\n<meta name=\"twitter:card\" content=\"summary_large_image\" \/>\n<meta name=\"twitter:site\" content=\"@strangercamapp\" \/>\n<meta name=\"twitter:label1\" content=\"Tahmini okuma s\u00fcresi\" \/>\n\t<meta name=\"twitter:data1\" content=\"6 dakika\" \/>\n<script type=\"application\/ld+json\" class=\"yoast-schema-graph\">{\"@context\":\"https:\\\/\\\/schema.org\",\"@graph\":[{\"@type\":\"WebPage\",\"@id\":\"https:\\\/\\\/strangercam.com\\\/lotta\\\/\",\"url\":\"https:\\\/\\\/strangercam.com\\\/lotta\\\/\",\"name\":\"Lotta - Meet Strangers & Video Chat Online - StrangerCam\",\"isPartOf\":{\"@id\":\"https:\\\/\\\/strangercam.com\\\/#website\"},\"datePublished\":\"2025-07-28T09:56:56+00:00\",\"description\":\"Like Lotta? Come chat with more than 5.000.000 strangers on Stranger Cam for Free! Turn on your cam and find new friends & maby a match!\",\"breadcrumb\":{\"@id\":\"https:\\\/\\\/strangercam.com\\\/lotta\\\/#breadcrumb\"},\"inLanguage\":\"tr\",\"potentialAction\":[{\"@type\":\"ReadAction\",\"target\":[\"https:\\\/\\\/strangercam.com\\\/lotta\\\/\"]}]},{\"@type\":\"BreadcrumbList\",\"@id\":\"https:\\\/\\\/strangercam.com\\\/lotta\\\/#breadcrumb\",\"itemListElement\":[{\"@type\":\"ListItem\",\"position\":1,\"name\":\"Home\",\"item\":\"https:\\\/\\\/strangercam.com\\\/\"},{\"@type\":\"ListItem\",\"position\":2,\"name\":\"Lotta\"}]},{\"@type\":\"WebSite\",\"@id\":\"https:\\\/\\\/strangercam.com\\\/#website\",\"url\":\"https:\\\/\\\/strangercam.com\\\/\",\"name\":\"Strangercam\",\"description\":\"Random Video Chat with Strangers\",\"publisher\":{\"@id\":\"https:\\\/\\\/strangercam.com\\\/#organization\"},\"alternateName\":\"Strangercam.com\",\"potentialAction\":[{\"@type\":\"SearchAction\",\"target\":{\"@type\":\"EntryPoint\",\"urlTemplate\":\"https:\\\/\\\/strangercam.com\\\/?s={search_term_string}\"},\"query-input\":{\"@type\":\"PropertyValueSpecification\",\"valueRequired\":true,\"valueName\":\"search_term_string\"}}],\"inLanguage\":\"tr\"},{\"@type\":\"Organization\",\"@id\":\"https:\\\/\\\/strangercam.com\\\/#organization\",\"name\":\"Strangercam\",\"alternateName\":\"Strangercam.com\",\"url\":\"https:\\\/\\\/strangercam.com\\\/\",\"logo\":{\"@type\":\"ImageObject\",\"inLanguage\":\"tr\",\"@id\":\"https:\\\/\\\/strangercam.com\\\/#\\\/schema\\\/logo\\\/image\\\/\",\"url\":\"https:\\\/\\\/strangercam.com\\\/wp-content\\\/uploads\\\/2020\\\/11\\\/cropped-new-favicon-black.png\",\"contentUrl\":\"https:\\\/\\\/strangercam.com\\\/wp-content\\\/uploads\\\/2020\\\/11\\\/cropped-new-favicon-black.png\",\"width\":512,\"height\":512,\"caption\":\"Strangercam\"},\"image\":{\"@id\":\"https:\\\/\\\/strangercam.com\\\/#\\\/schema\\\/logo\\\/image\\\/\"},\"sameAs\":[\"https:\\\/\\\/www.facebook.com\\\/strangercam\",\"https:\\\/\\\/x.com\\\/strangercamapp\"]}]}<\/script>\n<!-- \/ Yoast SEO plugin. -->","yoast_head_json":{"title":"Lotta - Yabanc\u0131larla Tan\u0131\u015f\u0131n ve \u00c7evrimi\u00e7i G\u00f6r\u00fcnt\u00fcl\u00fc Sohbet Edin - StrangerCam","description":"Lotta'yi be\u011fendiniz mi? Gelin Stranger Cam'de 5.000.000'dan fazla yabanc\u0131yla \u00dccretsiz sohbet edin! Kameran\u0131z\u0131 a\u00e7\u0131n ve yeni arkada\u015flar ve belki bir e\u015fle\u015fme bulun!","robots":{"index":"index","follow":"follow","max-snippet":"max-snippet:-1","max-image-preview":"max-image-preview:large","max-video-preview":"max-video-preview:-1"},"canonical":"https:\/\/strangercam.com\/tr\/lotta\/","og_locale":"tr_TR","og_type":"article","og_title":"Lotta - Meet Strangers & Video Chat Online - StrangerCam","og_description":"Like Lotta? Come chat with more than 5.000.000 strangers on Stranger Cam for Free! Turn on your cam and find new friends & maby a match!","og_url":"https:\/\/strangercam.com\/tr\/lotta\/","og_site_name":"Strangercam","article_publisher":"https:\/\/www.facebook.com\/strangercam","og_image":[{"width":800,"height":532,"url":"https:\/\/strangercam.com\/wp-content\/uploads\/2021\/10\/Untitled-2.png","type":"image\/png"}],"twitter_card":"summary_large_image","twitter_site":"@strangercamapp","twitter_misc":{"Tahmini okuma s\u00fcresi":"6 dakika"},"schema":{"@context":"https:\/\/schema.org","@graph":[{"@type":"WebPage","@id":"https:\/\/strangercam.com\/lotta\/","url":"https:\/\/strangercam.com\/lotta\/","name":"Lotta - Yabanc\u0131larla Tan\u0131\u015f\u0131n ve \u00c7evrimi\u00e7i G\u00f6r\u00fcnt\u00fcl\u00fc Sohbet Edin - StrangerCam","isPartOf":{"@id":"https:\/\/strangercam.com\/#website"},"datePublished":"2025-07-28T09:56:56+00:00","description":"Lotta'yi be\u011fendiniz mi? Gelin Stranger Cam'de 5.000.000'dan fazla yabanc\u0131yla \u00dccretsiz sohbet edin! Kameran\u0131z\u0131 a\u00e7\u0131n ve yeni arkada\u015flar ve belki bir e\u015fle\u015fme bulun!","breadcrumb":{"@id":"https:\/\/strangercam.com\/lotta\/#breadcrumb"},"inLanguage":"tr","potentialAction":[{"@type":"ReadAction","target":["https:\/\/strangercam.com\/lotta\/"]}]},{"@type":"BreadcrumbList","@id":"https:\/\/strangercam.com\/lotta\/#breadcrumb","itemListElement":[{"@type":"ListItem","position":1,"name":"Home","item":"https:\/\/strangercam.com\/"},{"@type":"ListItem","position":2,"name":"Lotta"}]},{"@type":"WebSite","@id":"https:\/\/strangercam.com\/#website","url":"https:\/\/strangercam.com\/","name":"Strangercam","description":"Yabanc\u0131larla Rastgele G\u00f6r\u00fcnt\u00fcl\u00fc Sohbet","publisher":{"@id":"https:\/\/strangercam.com\/#organization"},"alternateName":"Strangercam.com","potentialAction":[{"@type":"SearchAction","target":{"@type":"EntryPoint","urlTemplate":"https:\/\/strangercam.com\/?s={search_term_string}"},"query-input":{"@type":"PropertyValueSpecification","valueRequired":true,"valueName":"search_term_string"}}],"inLanguage":"tr"},{"@type":"Organization","@id":"https:\/\/strangercam.com\/#organization","name":"Strangercam","alternateName":"Strangercam.com","url":"https:\/\/strangercam.com\/","logo":{"@type":"ImageObject","inLanguage":"tr","@id":"https:\/\/strangercam.com\/#\/schema\/logo\/image\/","url":"https:\/\/strangercam.com\/wp-content\/uploads\/2020\/11\/cropped-new-favicon-black.png","contentUrl":"https:\/\/strangercam.com\/wp-content\/uploads\/2020\/11\/cropped-new-favicon-black.png","width":512,"height":512,"caption":"Strangercam"},"image":{"@id":"https:\/\/strangercam.com\/#\/schema\/logo\/image\/"},"sameAs":["https:\/\/www.facebook.com\/strangercam","https:\/\/x.com\/strangercamapp"]}]}},"_links":{"self":[{"href":"https:\/\/strangercam.com\/tr\/wp-json\/wp\/v2\/pages\/12944","targetHints":{"allow":["GET"]}}],"collection":[{"href":"https:\/\/strangercam.com\/tr\/wp-json\/wp\/v2\/pages"}],"about":[{"href":"https:\/\/strangercam.com\/tr\/wp-json\/wp\/v2\/types\/page"}],"author":[{"embeddable":true,"href":"https:\/\/strangercam.com\/tr\/wp-json\/wp\/v2\/users\/6"}],"replies":[{"embeddable":true,"href":"https:\/\/strangercam.com\/tr\/wp-json\/wp\/v2\/comments?post=12944"}],"version-history":[{"count":1,"href":"https:\/\/strangercam.com\/tr\/wp-json\/wp\/v2\/pages\/12944\/revisions"}],"predecessor-version":[{"id":12945,"href":"https:\/\/strangercam.com\/tr\/wp-json\/wp\/v2\/pages\/12944\/revisions\/12945"}],"wp:attachment":[{"href":"https:\/\/strangercam.com\/tr\/wp-json\/wp\/v2\/media?parent=12944"}],"curies":[{"name":"wp","href":"https:\/\/api.w.org\/{rel}","templated":true}]}}