{"id":12942,"date":"2025-07-28T11:02:46","date_gmt":"2025-07-28T09:02:46","guid":{"rendered":"https:\/\/strangercam.com\/?page_id=12942"},"modified":"2025-07-28T11:02:46","modified_gmt":"2025-07-28T09:02:46","slug":"chatiwi","status":"publish","type":"page","link":"https:\/\/strangercam.com\/tr\/chatiwi\/","title":{"rendered":"Chatiwi"},"content":{"rendered":"<p>\u00c7evrimi\u00e7i d\u00fcnya <a href=\"https:\/\/strangercam.com\/tr\/chatroulette\/\">sohbet<\/a> Odalar h\u0131zla geli\u015fti, ancak basit, anl\u0131k ve anonim sosyal platformlara olan talep her zamankinden daha g\u00fc\u00e7l\u00fc. Eski siteler gibi <a href=\"https:\/\/strangercam.com\/tr\/chatiw\/\">Chatiw<\/a> ve <a href=\"https:\/\/strangercam.com\/tr\/chatib\/\">Chatib<\/a> Modern kullan\u0131c\u0131 beklentilerine ayak uydurmakta zorlanan Chatiwi, klasik canl\u0131 sohbet odalar\u0131, \u00f6zel mesajla\u015fma ve samimi, k\u00fcresel bir toplulu\u011fu \u00fccretsiz, eri\u015fimi kolay tek bir platformda sunan yeni bir alternatif olarak devreye giriyor.<\/p>\n<p>Peki, Chatiwi kendisine ilham veren devlere k\u0131yasla nas\u0131l? Ger\u00e7ekten \u00fccretsiz, g\u00fcvenli ve kullan\u0131c\u0131 dostu mu? Bu derinlemesine incelemede, Chatiwi'nin neler sundu\u011funu, kimlerin kulland\u0131\u011f\u0131n\u0131 ve 2025'teki di\u011fer \u00f6nde gelen sohbet platformlar\u0131na kar\u015f\u0131 nas\u0131l y\u0131\u011f\u0131ld\u0131\u011f\u0131n\u0131 ke\u015ffedece\u011fiz.<\/p>\n<h2>Chatiwi nedir?<\/h2>\n<p>Chatiwi, Chatiw ve Chatib gibi klasik platformlar\u0131n basitli\u011fi ve eri\u015filebilirli\u011finden ilham alan modern, taray\u0131c\u0131 tabanl\u0131 bir sohbet odas\u0131 web sitesidir. Temel vaadi, d\u00fcnyan\u0131n d\u00f6rt bir yan\u0131ndan insanlar\u0131 an\u0131nda birbirine ba\u011flamakt\u0131r - kay\u0131t veya indirme gerekmez. \u0130ster herkese a\u00e7\u0131k sohbet odalar\u0131yla ister bire bir \u00f6zel sohbetlerle ilgileniyor olun, Chatiwi sizi sadece bir takma ad ve bir t\u0131klama ile aksiyonun i\u00e7ine sokar.<\/p>\n<p>Temiz tasar\u0131ma, duyarl\u0131 mobil uyumlulu\u011fa ve g\u00fcvenli bir sohbet ortam\u0131na vurgu yapan Chatiwi, ger\u00e7ek sohbetler ve yeni \u00e7evrimi\u00e7i arkada\u015flar arayan kullan\u0131c\u0131lar aras\u0131nda h\u0131zla favori haline geliyor.<\/p>\n<h2>Chatiwi'nin Kullan\u0131m Amac\u0131 Nedir?<\/h2>\n<p>Chatiwi'nin misyonu, \u00e7evrimi\u00e7i sosyalle\u015fmeyi e\u011flenceli, h\u0131zl\u0131 ve herkes i\u00e7in ger\u00e7ekten eri\u015filebilir k\u0131lmakt\u0131r. Kapsaml\u0131 kay\u0131t, profil olu\u015fturma veya uygulama y\u00fckleme gerektiren uygulamalar\u0131n aksine, Chatiwi her \u015feyi temel unsurlara indirgiyor - ger\u00e7ek insanlar\u0131 \u00f6nemsedikleri konularda canl\u0131 sohbet i\u00e7in birbirine ba\u011fl\u0131yor.<\/p>\n<p>Temel hedefler \u015funlard\u0131r:<\/p>\n<ul>\n<li>Grup tart\u0131\u015fmalar\u0131 i\u00e7in a\u00e7\u0131k, temal\u0131 sohbet odalar\u0131 sa\u011flamak<\/li>\n<li>Daha ki\u015fisel ba\u011flant\u0131lar i\u00e7in sorunsuz \u00f6zel sohbetlere olanak tan\u0131ma<\/li>\n<li>T\u00fcm ge\u00e7mi\u015flerden, ya\u015flardan ve ilgi alanlar\u0131ndan gelen insanlar i\u00e7in s\u0131cak bir ortam yaratmak<\/li>\n<li>Herkesin an\u0131nda, engelsiz bir \u015fekilde sohbete kat\u0131labilmesini sa\u011flamak<\/li>\n<\/ul>\n<p>M\u00fczik, hobiler, d\u00fcnya olaylar\u0131 hakk\u0131nda sohbet etmek veya sadece yeni birine merhaba demek istiyorsan\u0131z, Chatiwi bunu yapmak i\u00e7in esnek bir alan sunar.<\/p>\n<h2>Temel \u00d6zellikler<\/h2>\n<p>1. Canl\u0131 Genel Sohbet Odalar\u0131<br \/>\nChatiwi'nin ana cazibesi, \u00e7e\u015fitli a\u00e7\u0131k, temal\u0131 sohbet odalar\u0131d\u0131r. \u201cGenel Sohbet \u201dten \u00f6zel ilgi alanlar\u0131na y\u00f6nelik odalara kadar, kullan\u0131c\u0131lar tek bir t\u0131klamayla herhangi bir tart\u0131\u015fmaya kat\u0131labilir, ger\u00e7ek zamanl\u0131 sohbet edebilir ve <a href=\"https:\/\/strangercam.com\/tr\/coomeet\/\">tan\u0131\u015fmak<\/a> d\u00fcnyan\u0131n her yerinden insanlar.<\/p>\n<p>2. Bire Bir \u00d6zel Sohbet<br \/>\nDaha ki\u015fisel bir sohbet mi istiyorsunuz? Chatiwi, kullan\u0131c\u0131lar\u0131n genel odalardan \u00f6zel mesajla\u015fmaya ge\u00e7mesini sa\u011flayarak daha derin ba\u011flant\u0131lara, dost\u00e7a tavsiyelere veya gizli tart\u0131\u015fmalara olanak tan\u0131r.<\/p>\n<p>3. Kay\u0131t Gerektirmez<br \/>\nEn iyi eski usul sohbet siteleri gibi, Chatiwi de hemen sohbete ba\u015flaman\u0131z\u0131 sa\u011flar. Sadece bir takma ad se\u00e7in; e-posta, telefon numaras\u0131 veya sosyal medya gerekmez.<\/p>\n<p>4. \u00c7oklu Cihaz ve Mobil Dostu<br \/>\nChatiwi tamamen duyarl\u0131d\u0131r ve hem masa\u00fcst\u00fc hem de mobil taray\u0131c\u0131larda sorunsuz \u00e7al\u0131\u015f\u0131r, bu da onu hareket halindeyken sohbet etmek i\u00e7in m\u00fckemmel hale getirir.<\/p>\n<p>5. Basit, Modern Aray\u00fcz<br \/>\nSitenin temiz tasar\u0131m\u0131 dikkat da\u011f\u0131t\u0131c\u0131 unsurlar\u0131 minimumda tutuyor. Mesajlar net, odalarda gezinmek kolay ve temel kontroller (sessize alma, engelleme, raporlama) her zaman elinizin alt\u0131nda.<\/p>\n<p>6. Kullan\u0131c\u0131 G\u00fcvenli\u011fi ve Moderasyon Ara\u00e7lar\u0131<br \/>\nChatiwi, g\u00fcvenli ve sayg\u0131l\u0131 bir ortam\u0131n korunmas\u0131na yard\u0131mc\u0131 olmak i\u00e7in canl\u0131 moderat\u00f6rler ve oda i\u00e7i raporlama \u00f6zelliklerinin bir kombinasyonunu kullan\u0131r.<\/p>\n<p>7. Geni\u015f Konu Yelpazesi<br \/>\nB\u00f6lgesel sohbet odalar\u0131ndan \u00f6zel ilgi gruplar\u0131na kadar, ister m\u00fczik, spor, ya\u015fam hakk\u0131nda tart\u0131\u015fmak ister sadece tak\u0131lmak isteyin, herkes i\u00e7in bir alan vard\u0131r.<\/p>\n<h2>Chatiwi \u00dccretsiz mi?<\/h2>\n<p>Chatiwi'nin kullan\u0131m\u0131 100% \u00fccretsizdir. Gizli \u00fccretler, abonelikler veya \u00f6deme duvarlar\u0131 yoktur. T\u00fcm \u00f6zelliklere (genel odalar, \u00f6zel mesajla\u015fma ve moderasyon ara\u00e7lar\u0131) herkes eri\u015febilir.<\/p>\n<p>Platform, siteyi desteklemek i\u00e7in hafif, rahats\u0131z edici olmayan reklamlar g\u00f6r\u00fcnt\u00fcleyebilir, ancak bunlar asla sohbet deneyimine m\u00fcdahale etmez.<\/p>\n<h2>Chatiwi'yi Kimler Kullan\u0131r?<\/h2>\n<p>Chatiwi, Chatiw ve Chatib gibi k\u00fcresel ve \u00e7e\u015fitli bir kullan\u0131c\u0131 taban\u0131na sahiptir. Tipik kullan\u0131c\u0131lar \u015funlard\u0131r:<\/p>\n<ul>\n<li>18-40 ya\u015f aras\u0131 yeti\u015fkinler, ancak ya\u015fl\u0131 ve gen\u00e7 kat\u0131l\u0131mc\u0131lar\u0131n bir kar\u0131\u015f\u0131m\u0131 var<\/li>\n<li>Kuzey Amerika, Avrupa, G\u00fcney Amerika, Hindistan ve Orta Do\u011fu'dan insanlar<\/li>\n<li>\u00d6\u011frenciler, profesyoneller, gezginler, gurbet\u00e7iler ve arkada\u015fl\u0131k ya da g\u00fcndelik sohbet arayan herkes<\/li>\n<\/ul>\n<p>Chatiwi'ye kat\u0131lmak i\u00e7in yayg\u0131n nedenler:<\/p>\n<ul>\n<li>Yeni arkada\u015flar edinmek ve sosyal \u00e7evreyi geni\u015fletmek<\/li>\n<li>Zaman ge\u00e7irmek, rahatlamak veya g\u00fcnl\u00fck stresten ka\u00e7mak<\/li>\n<li>Hobiler, m\u00fczik, k\u00fclt\u00fcr veya d\u00fcnya olaylar\u0131n\u0131 tart\u0131\u015fmak<\/li>\n<li>Tavsiye aramak, hikayeler payla\u015fmak veya sadece e\u011flenmek i\u00e7in sohbet etmek<\/li>\n<\/ul>\n<p>Sohbet odalar\u0131n\u0131n \u00e7e\u015fitlili\u011fi, herkesin kendini rahat ve dahil hissedece\u011fi bir alan bulabilmesini sa\u011flar.<\/p>\n<h2>G\u00fcvenlik, Gizlilik ve Moderasyon<\/h2>\n<p>Chatiwi kullan\u0131c\u0131 gizlili\u011fine ve g\u00fcvenli sohbete \u00f6nem verir. \u0130\u015fte platformu nas\u0131l g\u00fcvenli ve misafirperver tuttu\u011fu:<\/p>\n<h3>Gizlilik<\/h3>\n<ul>\n<li>Hesap olu\u015fturma veya ki\u015fisel bilgi gerekmez<\/li>\n<li>Sohbetler herkese a\u00e7\u0131k olarak ar\u015fivlenmez veya aranamaz<\/li>\n<li>Kullan\u0131c\u0131lar se\u00e7ilen takma adlar arac\u0131l\u0131\u011f\u0131yla etkile\u015fim kurar<\/li>\n<\/ul>\n<h3>Moderasyon<\/h3>\n<ul>\n<li>Canl\u0131 moderat\u00f6rler yo\u011fun saatlerde genel odalar\u0131 denetler<\/li>\n<li>Sohbet i\u00e7i raporlama ve engelleme, kullan\u0131c\u0131lar\u0131n uygunsuz davran\u0131\u015flar\u0131 veya spam'leri i\u015faretlemesine olanak tan\u0131r<\/li>\n<li>Zorbal\u0131k, taciz ve y\u0131k\u0131c\u0131 davran\u0131\u015flara kar\u015f\u0131 a\u00e7\u0131k topluluk kurallar\u0131<\/li>\n<\/ul>\n<h3>Kullan\u0131c\u0131 Kontrol\u00fc<\/h3>\n<ul>\n<li>Rahats\u0131z edici kullan\u0131c\u0131lar\u0131 an\u0131nda engelleyin veya sessize al\u0131n<\/li>\n<li>\u0130stedi\u011finiz zaman kolayca oda de\u011fi\u015ftirin veya takma ad\u0131n\u0131z\u0131 de\u011fi\u015ftirin<\/li>\n<li>Yaln\u0131zca g\u00fcvendi\u011finiz kullan\u0131c\u0131larla \u00f6zel sohbetlere ge\u00e7in<\/li>\n<\/ul>\n<p>Hi\u00e7bir sohbet odas\u0131 m\u00fckemmel bir deneyimi garanti edemese de, Chatiwi'nin aktif moderasyonu ve kullan\u0131c\u0131 odakl\u0131 g\u00fcvenlik ara\u00e7lar\u0131, onu sayg\u0131l\u0131 ve arkada\u015f\u00e7a sohbet i\u00e7in \u00e7o\u011fundan daha iyi bir se\u00e7im haline getirir.<\/p>\n<h2>Kullan\u0131c\u0131 Deneyimi ve Tasar\u0131m<\/h2>\n<p>Chatiwi ak\u0131c\u0131 ve sezgisel bir sohbet deneyimi sunar:<\/p>\n<ul>\n<li>Ana sayfa kolay oda se\u00e7imi ve takma ad giri\u015fi sunar<\/li>\n<li>Sohbet odalar\u0131 mobil cihazlarda bile an\u0131nda y\u00fcklenir<\/li>\n<li>Yo\u011fun zamanlarda bile mesaj iletimi h\u0131zl\u0131 ve g\u00fcvenilirdir<\/li>\n<li>Bildirimleri ve \u00f6zel sohbet davetlerini y\u00f6netmek kolayd\u0131r<\/li>\n<li>Engelleme, sessize alma veya raporlama i\u00e7in kontroller belirgin ve kullan\u0131m\u0131 kolayd\u0131r<\/li>\n<\/ul>\n<p>Chatiwi karma\u015fadan, a\u00e7\u0131l\u0131r pencerelerden ve kafa kar\u0131\u015ft\u0131r\u0131c\u0131 men\u00fclerden ka\u00e7\u0131n\u0131r; b\u00f6ylece her ya\u015ftan ve teknoloji ge\u00e7mi\u015finden kullan\u0131c\u0131 i\u00e7in eri\u015filebilir hale gelir.<\/p>\n<h2>Chatiwi vs Di\u011fer Sohbet Odas\u0131 Platformlar\u0131<\/h2>\n<p>Chatiwi \u00f6nc\u00fclleri ve benzerleri kar\u015f\u0131s\u0131nda nas\u0131l bir performans sergiliyor?<\/p>\n<table>\n<thead>\n<tr>\n<th>\u00d6zellik<\/th>\n<th>Chatiwi<\/th>\n<th>Chatiw<\/th>\n<th>Chatib<\/th>\n<th>OnlineFreeChat<\/th>\n<th><a href=\"https:\/\/strangercam.com\/tr\/wireclub\/\">Wireclub<\/a><\/th>\n<\/tr>\n<\/thead>\n<tbody>\n<tr>\n<td>\u00dccretsiz Eri\u015fim<\/td>\n<td>Evet<\/td>\n<td>Evet<\/td>\n<td>Evet<\/td>\n<td>Evet<\/td>\n<td>Evet<\/td>\n<\/tr>\n<tr>\n<td>Kay\u0131t Gerekmiyor<\/td>\n<td>Evet<\/td>\n<td>Evet<\/td>\n<td>Evet<\/td>\n<td>Evet<\/td>\n<td>Hay\u0131r<\/td>\n<\/tr>\n<tr>\n<td>Temal\u0131 Sohbet Odalar\u0131<\/td>\n<td>Evet<\/td>\n<td>Evet<\/td>\n<td>Evet<\/td>\n<td>Evet<\/td>\n<td>Evet<\/td>\n<\/tr>\n<tr>\n<td>\u00d6zel Mesajla\u015fma<\/td>\n<td>Evet<\/td>\n<td>Evet<\/td>\n<td>Evet<\/td>\n<td>Evet<\/td>\n<td>Evet<\/td>\n<\/tr>\n<tr>\n<td>Mobil Destek<\/td>\n<td>M\u00fckemmel<\/td>\n<td>\u0130yi<\/td>\n<td>\u0130yi<\/td>\n<td>M\u00fckemmel<\/td>\n<td>\u0130yi<\/td>\n<\/tr>\n<tr>\n<td>Moderasyon Ara\u00e7lar\u0131<\/td>\n<td>G\u00fc\u00e7l\u00fc<\/td>\n<td>Orta d\u00fczeyde<\/td>\n<td>Orta d\u00fczeyde<\/td>\n<td>G\u00fc\u00e7l\u00fc<\/td>\n<td>G\u00fc\u00e7l\u00fc<\/td>\n<\/tr>\n<tr>\n<td>Reklamlar<\/td>\n<td>Minimal<\/td>\n<td>Evet<\/td>\n<td>Evet<\/td>\n<td>Minimal<\/td>\n<td>Evet<\/td>\n<\/tr>\n<\/tbody>\n<\/table>\n<p>\u00d6zet: Chatiwi, daha iyi mobil destek ve daha s\u0131cak bir topluluk havas\u0131 ile an\u0131nda, \u00fccretsiz eri\u015fim, modern tasar\u0131m ve etkili moderasyon sunarak her \u00f6nemli alanda rakipleriyle e\u015fle\u015fiyor veya onlar\u0131 a\u015f\u0131yor.<\/p>\n<h2>Art\u0131lar\u0131 ve Eksileri<\/h2>\n<p>Art\u0131lar\u0131:<\/p>\n<ul>\n<li>100% \u00fccretsiz ve anonim sohbet<\/li>\n<li>Kay\u0131t veya indirme gerekmez<\/li>\n<li>Dost canl\u0131s\u0131, aktif k\u00fcresel kullan\u0131c\u0131 taban\u0131<\/li>\n<li>Grup ve \u00f6zel sohbet se\u00e7enekleri<\/li>\n<li>G\u00fc\u00e7l\u00fc mobil deste\u011fe sahip h\u0131zl\u0131, modern aray\u00fcz<\/li>\n<li>Aktif moderasyon ve sa\u011flam g\u00fcvenlik ara\u00e7lar\u0131<\/li>\n<\/ul>\n<p>Eksiler:<\/p>\n<ul>\n<li>G\u00f6r\u00fcnt\u00fcl\u00fc sohbet yok (yaln\u0131zca metin tabanl\u0131)<\/li>\n<li>Ara s\u0131ra rahats\u0131z edici kullan\u0131c\u0131lar, ancak genellikle h\u0131zl\u0131 bir \u015fekilde halledilir<\/li>\n<li>Uzun vadeli profiller veya kullan\u0131c\u0131 ge\u00e7mi\u015fi yok<\/li>\n<li>Oda pop\u00fclerli\u011fi yo\u011fun olmayan zamanlarda dalgalanabilir<\/li>\n<\/ul>\n<h2>\u0130deal Kullan\u0131m \u00d6rnekleri<\/h2>\n<p>Chatiwi a\u015fa\u011f\u0131dakiler i\u00e7in m\u00fckemmeldir:<\/p>\n<ul>\n<li>Klasik Chatiw veya Chatib'yi be\u011fenen ancak daha modern, mobil uyumlu bir deneyim isteyen herkes<\/li>\n<li>Yabanc\u0131larla sohbet etmek i\u00e7in h\u0131zl\u0131, \u00fccretsiz ve kolay bir yol arayan insanlar<\/li>\n<li>D\u00fcnya \u00e7ap\u0131nda ba\u011flant\u0131 kurmak isteyen gurbet\u00e7iler, gezginler veya dil \u00f6\u011frenenler<\/li>\n<li>\u00c7evrimi\u00e7i sosyalle\u015fmede gizlili\u011fe ve sadeli\u011fe \u00f6nem veren kullan\u0131c\u0131lar<\/li>\n<\/ul>\n<p>Daha az ideal:<\/p>\n<ul>\n<li>\u00d6zellikle g\u00f6r\u00fcnt\u00fcl\u00fc sohbet platformlar\u0131 arayanlar<\/li>\n<li>18 ya\u015f\u0131n alt\u0131ndaki kullan\u0131c\u0131lar (platform yaln\u0131zca yeti\u015fkinlere y\u00f6neliktir)<\/li>\n<li>Geli\u015fmi\u015f e\u015fle\u015ftirme veya fl\u00f6rt \u00f6zellikleri isteyen ki\u015filer<\/li>\n<\/ul>\n<p>Chatiwi, Chatiw ve Chatib'nin en \u00fcst d\u00fczey alternatifidir ve klasik \u00e7evrimi\u00e7i sohbet odalar\u0131n\u0131n en iyisini modern bir dokunu\u015fla sunar. H\u0131zl\u0131, \u00fccretsiz, anonim ve mobil kullan\u0131ma haz\u0131r olan Chatiwi, yeni insanlarla tan\u0131\u015fman\u0131n, arkada\u015f edinmenin veya 2025'te canl\u0131 bir grup sohbetinin keyfini \u00e7\u0131karman\u0131n en kolay yollar\u0131ndan biridir.<\/p>\n<p>Etkili moderasyon, kullan\u0131c\u0131 dostu bir tasar\u0131m ve s\u0131cak bir k\u00fcresel topluluk ile Chatiwi, kullan\u0131c\u0131lar\u0131n bir sohbet odas\u0131 platformundan tam olarak istediklerini sunar - her zaman ve her yerde spontane, ger\u00e7ek ve g\u00fcvenli sohbet.<\/p>\n<p>Bug\u00fcn kat\u0131lmak i\u00e7in basit, eri\u015filebilir bir sohbet odas\u0131 ar\u0131yorsan\u0131z, Chatiwi kesinlikle denemeye de\u011fer.<\/p>","protected":false},"excerpt":{"rendered":"<p>The world of online chat rooms has evolved rapidly, but the demand for simple, instant, and anonymous social platforms is stronger than ever. As older sites like Chatiw and Chatib struggle to keep up with modern user expectations, Chatiwi steps in as a new alternative\u2014offering classic live chat rooms, private messaging, and a friendly, global [&hellip;]<\/p>\n","protected":false},"author":6,"featured_media":0,"parent":0,"menu_order":0,"comment_status":"closed","ping_status":"closed","template":"","meta":{"footnotes":""},"class_list":["post-12942","page","type-page","status-publish","hentry"],"yoast_head":"<!-- This site is optimized with the Yoast SEO plugin v27.4 - https:\/\/yoast.com\/product\/yoast-seo-wordpress\/ -->\n<title>Chatiwi - Your Anonymous Encrypted Chat - StrangerCam<\/title>\n<meta name=\"description\" content=\"Like Chatiwi? Come chat with more than 5.000.000 strangers on Stranger Cam for Free! Turn on your cam and find new friends &amp; maby a match!\" \/>\n<meta name=\"robots\" content=\"index, follow, max-snippet:-1, max-image-preview:large, max-video-preview:-1\" \/>\n<link rel=\"canonical\" href=\"https:\/\/strangercam.com\/tr\/chatiwi\/\" \/>\n<meta property=\"og:locale\" content=\"tr_TR\" \/>\n<meta property=\"og:type\" content=\"article\" \/>\n<meta property=\"og:title\" content=\"Chatiwi - Your Anonymous Encrypted Chat - StrangerCam\" \/>\n<meta property=\"og:description\" content=\"Like Chatiwi? Come chat with more than 5.000.000 strangers on Stranger Cam for Free! Turn on your cam and find new friends &amp; maby a match!\" \/>\n<meta property=\"og:url\" content=\"https:\/\/strangercam.com\/tr\/chatiwi\/\" \/>\n<meta property=\"og:site_name\" content=\"Strangercam\" \/>\n<meta property=\"article:publisher\" content=\"https:\/\/www.facebook.com\/strangercam\" \/>\n<meta property=\"og:image\" content=\"https:\/\/strangercam.com\/wp-content\/uploads\/2021\/10\/Untitled-2.png\" \/>\n\t<meta property=\"og:image:width\" content=\"800\" \/>\n\t<meta property=\"og:image:height\" content=\"532\" \/>\n\t<meta property=\"og:image:type\" content=\"image\/png\" \/>\n<meta name=\"twitter:card\" content=\"summary_large_image\" \/>\n<meta name=\"twitter:site\" content=\"@strangercamapp\" \/>\n<meta name=\"twitter:label1\" content=\"Tahmini okuma s\u00fcresi\" \/>\n\t<meta name=\"twitter:data1\" content=\"6 dakika\" \/>\n<script type=\"application\/ld+json\" class=\"yoast-schema-graph\">{\"@context\":\"https:\\\/\\\/schema.org\",\"@graph\":[{\"@type\":\"WebPage\",\"@id\":\"https:\\\/\\\/strangercam.com\\\/chatiwi\\\/\",\"url\":\"https:\\\/\\\/strangercam.com\\\/chatiwi\\\/\",\"name\":\"Chatiwi - Your Anonymous Encrypted Chat - StrangerCam\",\"isPartOf\":{\"@id\":\"https:\\\/\\\/strangercam.com\\\/#website\"},\"datePublished\":\"2025-07-28T09:02:46+00:00\",\"description\":\"Like Chatiwi? Come chat with more than 5.000.000 strangers on Stranger Cam for Free! Turn on your cam and find new friends & maby a match!\",\"breadcrumb\":{\"@id\":\"https:\\\/\\\/strangercam.com\\\/chatiwi\\\/#breadcrumb\"},\"inLanguage\":\"tr\",\"potentialAction\":[{\"@type\":\"ReadAction\",\"target\":[\"https:\\\/\\\/strangercam.com\\\/chatiwi\\\/\"]}]},{\"@type\":\"BreadcrumbList\",\"@id\":\"https:\\\/\\\/strangercam.com\\\/chatiwi\\\/#breadcrumb\",\"itemListElement\":[{\"@type\":\"ListItem\",\"position\":1,\"name\":\"Home\",\"item\":\"https:\\\/\\\/strangercam.com\\\/\"},{\"@type\":\"ListItem\",\"position\":2,\"name\":\"Chatiwi\"}]},{\"@type\":\"WebSite\",\"@id\":\"https:\\\/\\\/strangercam.com\\\/#website\",\"url\":\"https:\\\/\\\/strangercam.com\\\/\",\"name\":\"Strangercam\",\"description\":\"Random Video Chat with Strangers\",\"publisher\":{\"@id\":\"https:\\\/\\\/strangercam.com\\\/#organization\"},\"alternateName\":\"Strangercam.com\",\"potentialAction\":[{\"@type\":\"SearchAction\",\"target\":{\"@type\":\"EntryPoint\",\"urlTemplate\":\"https:\\\/\\\/strangercam.com\\\/?s={search_term_string}\"},\"query-input\":{\"@type\":\"PropertyValueSpecification\",\"valueRequired\":true,\"valueName\":\"search_term_string\"}}],\"inLanguage\":\"tr\"},{\"@type\":\"Organization\",\"@id\":\"https:\\\/\\\/strangercam.com\\\/#organization\",\"name\":\"Strangercam\",\"alternateName\":\"Strangercam.com\",\"url\":\"https:\\\/\\\/strangercam.com\\\/\",\"logo\":{\"@type\":\"ImageObject\",\"inLanguage\":\"tr\",\"@id\":\"https:\\\/\\\/strangercam.com\\\/#\\\/schema\\\/logo\\\/image\\\/\",\"url\":\"https:\\\/\\\/strangercam.com\\\/wp-content\\\/uploads\\\/2020\\\/11\\\/cropped-new-favicon-black.png\",\"contentUrl\":\"https:\\\/\\\/strangercam.com\\\/wp-content\\\/uploads\\\/2020\\\/11\\\/cropped-new-favicon-black.png\",\"width\":512,\"height\":512,\"caption\":\"Strangercam\"},\"image\":{\"@id\":\"https:\\\/\\\/strangercam.com\\\/#\\\/schema\\\/logo\\\/image\\\/\"},\"sameAs\":[\"https:\\\/\\\/www.facebook.com\\\/strangercam\",\"https:\\\/\\\/x.com\\\/strangercamapp\"]}]}<\/script>\n<!-- \/ Yoast SEO plugin. -->","yoast_head_json":{"title":"Chatiwi - Anonim \u015eifreli Sohbetiniz - StrangerCam","description":"Chatiwi'yi be\u011fendiniz mi? Gelin Stranger Cam'de 5.000.000'dan fazla yabanc\u0131yla \u00dccretsiz sohbet edin! Kameran\u0131z\u0131 a\u00e7\u0131n ve yeni arkada\u015flar ve belki bir e\u015fle\u015fme bulun!","robots":{"index":"index","follow":"follow","max-snippet":"max-snippet:-1","max-image-preview":"max-image-preview:large","max-video-preview":"max-video-preview:-1"},"canonical":"https:\/\/strangercam.com\/tr\/chatiwi\/","og_locale":"tr_TR","og_type":"article","og_title":"Chatiwi - Your Anonymous Encrypted Chat - StrangerCam","og_description":"Like Chatiwi? Come chat with more than 5.000.000 strangers on Stranger Cam for Free! Turn on your cam and find new friends & maby a match!","og_url":"https:\/\/strangercam.com\/tr\/chatiwi\/","og_site_name":"Strangercam","article_publisher":"https:\/\/www.facebook.com\/strangercam","og_image":[{"width":800,"height":532,"url":"https:\/\/strangercam.com\/wp-content\/uploads\/2021\/10\/Untitled-2.png","type":"image\/png"}],"twitter_card":"summary_large_image","twitter_site":"@strangercamapp","twitter_misc":{"Tahmini okuma s\u00fcresi":"6 dakika"},"schema":{"@context":"https:\/\/schema.org","@graph":[{"@type":"WebPage","@id":"https:\/\/strangercam.com\/chatiwi\/","url":"https:\/\/strangercam.com\/chatiwi\/","name":"Chatiwi - Anonim \u015eifreli Sohbetiniz - StrangerCam","isPartOf":{"@id":"https:\/\/strangercam.com\/#website"},"datePublished":"2025-07-28T09:02:46+00:00","description":"Chatiwi'yi be\u011fendiniz mi? Gelin Stranger Cam'de 5.000.000'dan fazla yabanc\u0131yla \u00dccretsiz sohbet edin! Kameran\u0131z\u0131 a\u00e7\u0131n ve yeni arkada\u015flar ve belki bir e\u015fle\u015fme bulun!","breadcrumb":{"@id":"https:\/\/strangercam.com\/chatiwi\/#breadcrumb"},"inLanguage":"tr","potentialAction":[{"@type":"ReadAction","target":["https:\/\/strangercam.com\/chatiwi\/"]}]},{"@type":"BreadcrumbList","@id":"https:\/\/strangercam.com\/chatiwi\/#breadcrumb","itemListElement":[{"@type":"ListItem","position":1,"name":"Home","item":"https:\/\/strangercam.com\/"},{"@type":"ListItem","position":2,"name":"Chatiwi"}]},{"@type":"WebSite","@id":"https:\/\/strangercam.com\/#website","url":"https:\/\/strangercam.com\/","name":"Strangercam","description":"Yabanc\u0131larla Rastgele G\u00f6r\u00fcnt\u00fcl\u00fc Sohbet","publisher":{"@id":"https:\/\/strangercam.com\/#organization"},"alternateName":"Strangercam.com","potentialAction":[{"@type":"SearchAction","target":{"@type":"EntryPoint","urlTemplate":"https:\/\/strangercam.com\/?s={search_term_string}"},"query-input":{"@type":"PropertyValueSpecification","valueRequired":true,"valueName":"search_term_string"}}],"inLanguage":"tr"},{"@type":"Organization","@id":"https:\/\/strangercam.com\/#organization","name":"Strangercam","alternateName":"Strangercam.com","url":"https:\/\/strangercam.com\/","logo":{"@type":"ImageObject","inLanguage":"tr","@id":"https:\/\/strangercam.com\/#\/schema\/logo\/image\/","url":"https:\/\/strangercam.com\/wp-content\/uploads\/2020\/11\/cropped-new-favicon-black.png","contentUrl":"https:\/\/strangercam.com\/wp-content\/uploads\/2020\/11\/cropped-new-favicon-black.png","width":512,"height":512,"caption":"Strangercam"},"image":{"@id":"https:\/\/strangercam.com\/#\/schema\/logo\/image\/"},"sameAs":["https:\/\/www.facebook.com\/strangercam","https:\/\/x.com\/strangercamapp"]}]}},"_links":{"self":[{"href":"https:\/\/strangercam.com\/tr\/wp-json\/wp\/v2\/pages\/12942","targetHints":{"allow":["GET"]}}],"collection":[{"href":"https:\/\/strangercam.com\/tr\/wp-json\/wp\/v2\/pages"}],"about":[{"href":"https:\/\/strangercam.com\/tr\/wp-json\/wp\/v2\/types\/page"}],"author":[{"embeddable":true,"href":"https:\/\/strangercam.com\/tr\/wp-json\/wp\/v2\/users\/6"}],"replies":[{"embeddable":true,"href":"https:\/\/strangercam.com\/tr\/wp-json\/wp\/v2\/comments?post=12942"}],"version-history":[{"count":1,"href":"https:\/\/strangercam.com\/tr\/wp-json\/wp\/v2\/pages\/12942\/revisions"}],"predecessor-version":[{"id":12943,"href":"https:\/\/strangercam.com\/tr\/wp-json\/wp\/v2\/pages\/12942\/revisions\/12943"}],"wp:attachment":[{"href":"https:\/\/strangercam.com\/tr\/wp-json\/wp\/v2\/media?parent=12942"}],"curies":[{"name":"wp","href":"https:\/\/api.w.org\/{rel}","templated":true}]}}