{"id":12939,"date":"2025-07-28T11:00:18","date_gmt":"2025-07-28T09:00:18","guid":{"rendered":"https:\/\/strangercam.com\/?page_id=12939"},"modified":"2025-07-28T11:00:18","modified_gmt":"2025-07-28T09:00:18","slug":"chitchattv","status":"publish","type":"page","link":"https:\/\/strangercam.com\/tr\/chitchattv\/","title":{"rendered":"ChitChatTV"},"content":{"rendered":"<p>Pop\u00fcler videolar\u0131n y\u00fckseli\u015fi (ve bazen d\u00fc\u015f\u00fc\u015f\u00fc) ile <a href=\"https:\/\/strangercam.com\/tr\/chathub\/\">sohbet<\/a> Monkey, Azar gibi uygulamalar ve <a href=\"https:\/\/strangercam.com\/tr\/ometv\/\">OmeTV<\/a>, \u00e7evrimi\u00e7i sohbet sahnesi hi\u00e7 bu kadar rekabet\u00e7i ya da yenilik\u00e7i olmam\u0131\u015ft\u0131. ChitChatTV, TikTok nesline ve \u00f6tesine hitap eden anl\u0131k, k\u00fcresel, bire bir ba\u011flant\u0131lar ve canl\u0131, mobil dostu bir deneyim vaat eden rastgele g\u00f6r\u00fcnt\u00fcl\u00fc sohbet alan\u0131nda yeni bir rakiptir.<\/p>\n<p>ChitChatTV \u00f6ncekilerin b\u0131rakt\u0131\u011f\u0131 yerden devam ediyor mu? Nas\u0131l \u00e7al\u0131\u015f\u0131yor, kimler i\u00e7in ve ger\u00e7ekten en iyi yeni yol mu? <a href=\"https:\/\/strangercam.com\/tr\/coomeet\/\">tan\u0131\u015fmak<\/a> \u00c7evrimi\u00e7i yabanc\u0131lar m\u0131? Bu derinlemesine incelemede, ChitChatTV hakk\u0131nda bilmeniz gereken her \u015feyi ke\u015ffediyoruz: \u00f6zellikleri, kullan\u0131c\u0131 deneyimi, g\u00fcvenlik standartlar\u0131 ve 2025 i\u00e7in g\u00f6r\u00fcnt\u00fcl\u00fc sohbetteki en b\u00fcy\u00fck isimlere kar\u015f\u0131 nas\u0131l y\u0131\u011f\u0131ld\u0131\u011f\u0131.<\/p>\n<h2>ChitChatTV nedir?<\/h2>\n<p>ChitChatTV, \u00f6zel, canl\u0131, y\u00fcz y\u00fcze sohbetler i\u00e7in sizi d\u00fcnyan\u0131n d\u00f6rt bir yan\u0131ndan yabanc\u0131lara an\u0131nda ba\u011flayan modern, taray\u0131c\u0131 tabanl\u0131 rastgele bir g\u00f6r\u00fcnt\u00fcl\u00fc sohbet platformudur. Monkey ve OmeTV gibi, ChitChatTV de spontane, ger\u00e7ek zamanl\u0131 ba\u011flant\u0131lar i\u00e7in tasarlanm\u0131\u015ft\u0131r, kay\u0131t gerektirmez ve h\u0131z, basitlik ve e\u011flenceye odaklan\u0131r.<\/p>\n<p>Platform, arkada\u015f edinmek, dil prati\u011fi yapmak, fl\u00f6rt etmek veya sadece g\u00fcvenli, sosyal bir ortamda zaman ge\u00e7irmek isteyen \u00e7e\u015fitli, uluslararas\u0131 bir kitleye hitap ediyor. G\u00fc\u00e7l\u00fc bir mobil \u00f6ncelikli tasar\u0131ma sahip olan ChitChatTV'nin hem telefonlarda hem de masa\u00fcst\u00fc bilgisayarlarda kullan\u0131m\u0131 kolayd\u0131r ve kullan\u0131c\u0131lar nerede olurlarsa olsunlar eri\u015filebilir olmas\u0131n\u0131 sa\u011flar.<\/p>\n<h2>ChitChatTV'nin Kullan\u0131m Amac\u0131 Nedir?<\/h2>\n<p>ChitChatTV'nin misyonu, g\u00fcvenli, kullan\u0131c\u0131 dostu ve modern bir ortamda \u00e7evrimi\u00e7i olarak yeni insanlarla tan\u0131\u015fman\u0131n heyecan\u0131n\u0131 yeniden canland\u0131rmakt\u0131r. Vurgulayarak \u00f6ne \u00e7\u0131k\u0131yor:<\/p>\n<ul>\n<li>H\u0131zl\u0131, s\u00fcrt\u00fcnmesiz eri\u015fim - indirme yok, profil yok, sosyal medya gerekmiyor<\/li>\n<li>D\u00fczenlenmi\u015f veya algoritmik i\u00e7erik yerine ger\u00e7ek, senaryosuz insan etkile\u015fimi<\/li>\n<li>Hem Z ku\u015fa\u011f\u0131n\u0131 hem de daha \u00f6zg\u00fcn dijital sosyal deneyimler arayan Y ku\u015fa\u011f\u0131n\u0131 cezbeden taze, gen\u00e7 bir hava<\/li>\n<\/ul>\n<p>\u0130ster h\u0131zl\u0131 bir kahkaha, ister uluslararas\u0131 bir arkada\u015f ya da can s\u0131k\u0131nt\u0131s\u0131ndan ka\u00e7mak i\u00e7in e\u011flenceli bir yol isteyin, ChitChatTV k\u00fcresel sohbetlerin ba\u015flad\u0131\u011f\u0131 yer olmak \u00fczere tasarlanm\u0131\u015ft\u0131r.<\/p>\n<h2>Temel \u00d6zellikler<\/h2>\n<p>1. An\u0131nda Rastgele G\u00f6r\u00fcnt\u00fcl\u00fc Sohbet<br \/>\nChitChatTV'nin birincil \u00f6zelli\u011fi bire bir g\u00f6r\u00fcnt\u00fcl\u00fc sohbettir: Ba\u015flamak i\u00e7in t\u0131klay\u0131n ve \u00f6zel, canl\u0131 bir sohbet i\u00e7in an\u0131nda ba\u015fka bir \u00e7evrimi\u00e7i kullan\u0131c\u0131yla e\u015fle\u015fin. Onay, e\u015fle\u015fme veya oda s\u0131ras\u0131 beklemek yok; sadece siz ve sohbet partneriniz y\u00fcz y\u00fcze.<\/p>\n<p>2. H\u0131zl\u0131 E\u015fle\u015ftirme i\u00e7in Sonraki\/Skip D\u00fc\u011fmesi<br \/>\nBelirli bir konu\u015fmay\u0131 hissetmiyorsan\u0131z, an\u0131nda bir sonraki kullan\u0131c\u0131ya ge\u00e7ebilirsiniz. Bu h\u0131zl\u0131 d\u00f6ng\u00fc deneyimi, Monkey ve Monkey'i bir oyun haline getiren ba\u011f\u0131ml\u0131l\u0131k yap\u0131c\u0131, h\u0131zl\u0131 stili taklit ediyor. <a href=\"https:\/\/strangercam.com\/tr\/omegle\/\">Omegle<\/a> pop\u00fcler.<\/p>\n<p>3. Metin Sohbeti ve Emojiler<br \/>\nVideonun yan\u0131 s\u0131ra, sohbet i\u00e7inde metin mesajlar\u0131 ve emojiler g\u00f6nderebilirsiniz. Bu, buzlar\u0131 k\u0131rmak, \u015fakalar\u0131 payla\u015fmak veya dil engelleri oldu\u011funda ileti\u015fim kurmak i\u00e7in m\u00fckemmeldir.<\/p>\n<p>4. Kay\u0131t veya Hesap Olu\u015fturma Yok<br \/>\nChitChatTV tamamen gizlilik ve h\u0131z ile ilgilidir. Kullan\u0131c\u0131lar\u0131n sohbete ba\u015flamak i\u00e7in kay\u0131t olmalar\u0131 veya ki\u015fisel bilgilerini vermeleri gerekmez, bu da deneyimi anonim ve sorunsuz tutar.<\/p>\n<p>5. Mobil \u00d6ncelikli, Duyarl\u0131 Tasar\u0131m<br \/>\nPlatform hem mobil hem de masa\u00fcst\u00fc taray\u0131c\u0131larda sorunsuz \u00e7al\u0131\u015f\u0131r. Kullan\u0131c\u0131 aray\u00fcz\u00fc dokunmatik olarak optimize edilmi\u015ftir, h\u0131zl\u0131 y\u00fcklenir ve gezinmesi kolayd\u0131r; bu da onu hareket halindeyken sohbet etmek i\u00e7in ideal hale getirir.<\/p>\n<p>6. K\u00fcresel Eri\u015fim ve \u00c7ok Dilli Topluluk<br \/>\nChitChatTV d\u00fcnyan\u0131n her yerinden insanlar\u0131 birbirine ba\u011flayarak yeni arkada\u015flarla tan\u0131\u015fmay\u0131, farkl\u0131 dilleri pratik etmeyi ve \u00e7e\u015fitli k\u00fclt\u00fcrleri ger\u00e7ek zamanl\u0131 olarak deneyimlemeyi kolayla\u015ft\u0131r\u0131r.<\/p>\n<p>7. G\u00fcvenlik ve Moderasyon Ara\u00e7lar\u0131<br \/>\nKullan\u0131c\u0131 g\u00fcvenli\u011fi, uygunsuz davran\u0131\u015flar\u0131 s\u0131n\u0131rlamay\u0131 ve platformu herkes i\u00e7in s\u0131cak tutmay\u0131 ama\u00e7layan sohbet i\u00e7i rapor d\u00fc\u011fmesi ve moderasyon sistemleri (hem yapay zeka destekli hem de insan incelemeli) ile desteklenmektedir.<\/p>\n<h2>ChitChatTV \u00dccretsiz mi?<\/h2>\n<p>Evet, ChitChatTV'nin kullan\u0131m\u0131 tamamen \u00fccretsizdir. Bunlar var:<\/p>\n<ul>\n<li>\u00d6deme duvar\u0131, abonelik veya jeton yok<\/li>\n<li>G\u00f6r\u00fcnt\u00fcl\u00fc ve yaz\u0131l\u0131 sohbete s\u0131n\u0131rs\u0131z eri\u015fim<\/li>\n<li>\u00d6zelliklerin kilidini a\u00e7mak i\u00e7in premium hesaplara gerek yok<\/li>\n<\/ul>\n<p>Platformu desteklemek i\u00e7in ara s\u0131ra m\u00fcdahaleci olmayan reklamlar olsa da, t\u00fcm kullan\u0131c\u0131lar temel sohbet deneyimine e\u015fit eri\u015fime sahiptir.<\/p>\n<h2>ChitChatTV'yi Kimler Kullan\u0131r?<\/h2>\n<p>ChitChatTV'nin tasar\u0131m\u0131 ve havas\u0131 geni\u015f bir uluslararas\u0131 kitlenin ilgisini \u00e7ekmektedir:<\/p>\n<ul>\n<li>Ya\u015f Aral\u0131\u011f\u0131: \u00d6ncelikli olarak 18-30, ancak her ya\u015ftan yeti\u015fkin kat\u0131labilir<\/li>\n<li>Kullan\u0131c\u0131 Taban\u0131: \u00d6\u011frenciler, gen\u00e7 profesyoneller, gezginler, dijital g\u00f6\u00e7ebeler, dil \u00f6\u011frenenler ve s\u0131radan sohbet\u00e7iler<\/li>\n<li>Konumlar: Amerika Birle\u015fik Devletleri, \u0130ngiltere, Avrupa, Brezilya, Hindistan, G\u00fcneydo\u011fu Asya ve daha bir\u00e7ok \u00fclkede aktif kullan\u0131c\u0131 taban\u0131<\/li>\n<\/ul>\n<p>\u0130nsanlar ChitChatTV'ye \u00e7e\u015fitli nedenlerle kat\u0131lmaktad\u0131r:<\/p>\n<ul>\n<li>Yeni arkada\u015flar edinmek ve k\u00fcresel sosyal \u00e7evrelerini geni\u015fletmek<\/li>\n<li>G\u00fcvenli, d\u00fc\u015f\u00fck bas\u0131n\u00e7l\u0131 bir alanda fl\u00f6rt etmek veya benzer d\u00fc\u015f\u00fcnen bekarlar\u0131 bulmak<\/li>\n<li>Dil prati\u011fi yapmak veya farkl\u0131 k\u00fclt\u00fcrler hakk\u0131nda bilgi edinmek<\/li>\n<li>Zaman ge\u00e7irmek, can s\u0131k\u0131nt\u0131s\u0131ndan ka\u00e7mak veya ger\u00e7ek sohbetler aramak<\/li>\n<\/ul>\n<h2>G\u00fcvenlik, Gizlilik ve Moderasyon<\/h2>\n<p>ChitChatTV, gizlilik ve g\u00fcvenli\u011fin g\u00f6r\u00fcnt\u00fcl\u00fc sohbet platformlar\u0131 i\u00e7in \u00e7ok \u00f6nemli oldu\u011funu bilir ve kullan\u0131c\u0131lar\u0131 korumak i\u00e7in \u00e7e\u015fitli \u00f6nlemler al\u0131r:<\/p>\n<h3>Gizlilik<\/h3>\n<ul>\n<li>Hesap, kay\u0131t veya ki\u015fisel bilgi gerekmez<\/li>\n<li>Sohbetler kaydedilmez veya herkese a\u00e7\u0131k hale getirilmez<\/li>\n<li>Web kameran\u0131z\u0131 ve mikrofon eri\u015fiminizi her zaman kontrol edersiniz<\/li>\n<\/ul>\n<h3>Moderasyon<\/h3>\n<ul>\n<li>Ger\u00e7ek zamanl\u0131 sohbet i\u00e7i raporlama: Uygunsuz davran\u0131\u015flar\u0131 kolayca bildirin<\/li>\n<li>Yapay zeka tabanl\u0131 alg\u0131lama: Belirli m\u00fcstehcen i\u00e7erikleri filtreler ve engeller<\/li>\n<li>\u0130nsan moderat\u00f6rler: \u0130\u015faretlenmi\u015f kullan\u0131c\u0131lar\u0131 g\u00f6zden ge\u00e7irin ve topluluk kurallar\u0131n\u0131 uygulay\u0131n<\/li>\n<li>H\u0131zl\u0131 engelleme: Sizi rahats\u0131z eden ki\u015fileri an\u0131nda atlay\u0131n veya engelleyin<\/li>\n<\/ul>\n<h3>Kullan\u0131c\u0131 \u0130pu\u00e7lar\u0131<\/h3>\n<ul>\n<li>Tam ad, adres veya sosyal medya ba\u011flant\u0131lar\u0131 gibi ki\u015fisel bilgileri asla payla\u015fmay\u0131n<\/li>\n<li>Gerekti\u011finde \"\u0130leri\" ve \"Raporla\" d\u00fc\u011fmelerini kullan\u0131n<\/li>\n<li>Rahats\u0131z edici veya \u015f\u00fcpheli hissettiren her t\u00fcrl\u00fc sohbeti sonland\u0131r\u0131n<\/li>\n<\/ul>\n<p>ChitChatTV yaln\u0131zca yeti\u015fkinler i\u00e7indir (18+) ve kullan\u0131c\u0131lar\u0131n etkile\u015fimleri sayg\u0131l\u0131 ve ne\u015feli tutmalar\u0131 te\u015fvik edilir.<\/p>\n<h2>Kullan\u0131c\u0131 Deneyimi ve Tasar\u0131m<\/h2>\n<p>ChitChatTV modern, basit ve sezgisel bir aray\u00fcz sunar. Ana sayfada kal\u0131n bir \"Sohbeti Ba\u015flat\" d\u00fc\u011fmesi ve gizlilik ve kurallar hakk\u0131nda net bilgiler bulunur. Sadece iki t\u0131klama ile \u00f6zel bir sohbette canl\u0131 yay\u0131ndas\u0131n\u0131z.<\/p>\n<p>\u00d6nemli noktalar:<\/p>\n<ul>\n<li>H\u0131zl\u0131 y\u00fckleme ve neredeyse an\u0131nda e\u015fle\u015ftirme<\/li>\n<li>Kolay y\u00fcz y\u00fcze g\u00f6r\u00fc\u015fmeler i\u00e7in geni\u015f, net video pencereleri<\/li>\n<li>Sohbetleri sessize almak, atlamak, raporlamak ve sonland\u0131rmak i\u00e7in ak\u0131c\u0131 kontroller<\/li>\n<li>Pop-up veya karma\u015fa i\u00e7ermeyen temiz, reklams\u0131z d\u00fczen<\/li>\n<li>Her yerde, her zaman sohbet i\u00e7in g\u00fc\u00e7l\u00fc mobil uyumluluk<\/li>\n<\/ul>\n<p>Eski sohbet sitelerine k\u0131yasla, ChitChatTV daha hafif, daha h\u0131zl\u0131 ve daha ilgi \u00e7ekici bir his veriyor - \u00f6zellikle daha gen\u00e7, mobil merakl\u0131s\u0131 kitleler i\u00e7in.<\/p>\n<h2>ChitChatTV vs Di\u011fer G\u00f6r\u00fcnt\u00fcl\u00fc Sohbet Platformlar\u0131<\/h2>\n<p>ChitChatTV, 2025'teki \u00f6nde gelen g\u00f6r\u00fcnt\u00fcl\u00fc sohbet uygulamalar\u0131yla nas\u0131l kar\u015f\u0131la\u015ft\u0131r\u0131l\u0131r?<\/p>\n<table>\n<thead>\n<tr>\n<th>\u00d6zellik<\/th>\n<th>ChitChatTV<\/th>\n<th>Maymun<\/th>\n<th>Azar<\/th>\n<th>OmeTV<\/th>\n<th>Chaty<\/th>\n<\/tr>\n<\/thead>\n<tbody>\n<tr>\n<td>Rastgele G\u00f6r\u00fcnt\u00fcl\u00fc Sohbet<\/td>\n<td>Evet<\/td>\n<td>Evet<\/td>\n<td>Evet<\/td>\n<td>Evet<\/td>\n<td>Evet<\/td>\n<\/tr>\n<tr>\n<td>Metin Sohbeti Se\u00e7ene\u011fi<\/td>\n<td>Evet<\/td>\n<td>Evet<\/td>\n<td>Evet<\/td>\n<td>Evet<\/td>\n<td>Evet<\/td>\n<\/tr>\n<tr>\n<td>Kay\u0131t Gerekli<\/td>\n<td>Hay\u0131r<\/td>\n<td>Evet<\/td>\n<td>Evet<\/td>\n<td>Hay\u0131r<\/td>\n<td>Hay\u0131r<\/td>\n<\/tr>\n<tr>\n<td>Mobil Dostu<\/td>\n<td>M\u00fckemmel<\/td>\n<td>M\u00fckemmel<\/td>\n<td>M\u00fckemmel<\/td>\n<td>\u0130yi<\/td>\n<td>M\u00fckemmel<\/td>\n<\/tr>\n<tr>\n<td>Cinsiyet\/B\u00f6lge Filtreleri<\/td>\n<td>Hay\u0131r<\/td>\n<td>Hay\u0131r<\/td>\n<td>\u00dccretli<\/td>\n<td>\u00dccretli<\/td>\n<td>Hay\u0131r<\/td>\n<\/tr>\n<tr>\n<td>\u00dccretsiz Kullan\u0131m<\/td>\n<td>Evet<\/td>\n<td>Evet<\/td>\n<td>Evet\/\u00d6dendi<\/td>\n<td>Evet\/\u00d6dendi<\/td>\n<td>Evet<\/td>\n<\/tr>\n<tr>\n<td>Moderasyon\/Raporlama<\/td>\n<td>\u0130yi<\/td>\n<td>Orta d\u00fczeyde<\/td>\n<td>\u0130yi<\/td>\n<td>G\u00fc\u00e7l\u00fc<\/td>\n<td>Orta d\u00fczeyde<\/td>\n<\/tr>\n<\/tbody>\n<\/table>\n<p>\u00d6zet: ChitChatTV, Monkey ve Azar'\u0131n spontane, h\u0131zl\u0131 ate\u015f eden havas\u0131na yak\u0131ndan uyuyor, ancak ger\u00e7ekten anonim, kay\u0131t gerektirmeyen yakla\u015f\u0131m\u0131 ve m\u00fckemmel mobil deste\u011fi ile \u00f6ne \u00e7\u0131k\u0131yor.<\/p>\n<h2>Art\u0131lar\u0131 ve Eksileri<\/h2>\n<p>Art\u0131lar\u0131:<\/p>\n<ul>\n<li>100% \u00fccretsiz ve eri\u015filebilir - kay\u0131t veya uygulama gerekmez<\/li>\n<li>K\u00fcresel bire bir g\u00f6r\u00fcnt\u00fcl\u00fc sohbet i\u00e7in h\u0131zl\u0131, anonim e\u015fle\u015ftirme<\/li>\n<li>Modern, mobil cihazlar i\u00e7in optimize edilmi\u015f aray\u00fcz<\/li>\n<li>Basit metin sohbeti ve emoji deste\u011fi<\/li>\n<li>Sa\u011flam g\u00fcvenlik, raporlama ve moderasyon ara\u00e7lar\u0131<\/li>\n<li>D\u00fcnyan\u0131n d\u00f6rt bir yan\u0131ndan gelen kullan\u0131c\u0131lar\u0131 a\u011f\u0131rlamak<\/li>\n<\/ul>\n<p>Eksiler:<\/p>\n<ul>\n<li>Cinsiyet veya b\u00f6lge filtresi yok (e\u015fle\u015fmeler tamamen rastgele)<\/li>\n<li>Il\u0131ml\u0131l\u0131\u011fa ra\u011fmen ara s\u0131ra uygunsuz davran\u0131\u015flar<\/li>\n<li>Kad\u0131n kullan\u0131c\u0131lardan daha fazla erkek kullan\u0131c\u0131 (bu alanda yayg\u0131n)<\/li>\n<li>Profil, arkada\u015f listesi veya yeniden ba\u011flanma olana\u011f\u0131 yok<\/li>\n<li>Sadece yeti\u015fkinler i\u00e7in (18+)<\/li>\n<\/ul>\n<h2>\u0130deal Kullan\u0131m \u00d6rnekleri<\/h2>\n<p>ChitChatTV a\u015fa\u011f\u0131dakiler i\u00e7in m\u00fckemmeldir:<\/p>\n<ul>\n<li>Yeni ve anonim bir g\u00f6r\u00fcnt\u00fcl\u00fc sohbet deneyimi arayan Monkey, OmeTV ve Azar hayranlar\u0131<\/li>\n<li>K\u00fcresel sosyal a\u011flar\u0131n\u0131 geni\u015fletmek isteyen gen\u00e7 yeti\u015fkinler ve \u00f6\u011frenciler<\/li>\n<li>Dil \u00f6\u011frenenler, gezginler ve spontane k\u00fclt\u00fcrel de\u011fi\u015fim arayan gurbet\u00e7iler<\/li>\n<li>G\u00fcvenli bir ortamda zaman ge\u00e7irmek, arkada\u015f edinmek veya fl\u00f6rt\u00f6z bir sohbet partneri bulmak isteyen herkes<\/li>\n<\/ul>\n<p>Daha az ideal:<\/p>\n<ul>\n<li>18 ya\u015f\u0131ndan k\u00fc\u00e7\u00fck kullan\u0131c\u0131lar (kat\u0131 ya\u015f \u015fart\u0131)<\/li>\n<li>Arkada\u015fl\u0131\u011fa \u00f6zel filtreler, e\u015fle\u015fmeler veya uzun s\u00fcreli ili\u015fkiler arayanlar<\/li>\n<li>\u0130nsanlar senaryosuz, canl\u0131 video etkile\u015fiminden rahats\u0131z<\/li>\n<\/ul>\n<p>ChitChatTV, en pop\u00fcler rastgele g\u00f6r\u00fcnt\u00fcl\u00fc sohbet platformlar\u0131na modern, kullan\u0131c\u0131 dostu bir alternatiftir ve yeni nesil \u00e7evrimi\u00e7i sohbet\u00e7ilere h\u0131zl\u0131, anonim ve k\u00fcresel ba\u011flant\u0131lar getirir. Temiz aray\u00fcz\u00fc, mobil \u00f6ncelikli tasar\u0131m\u0131 ve kullan\u0131c\u0131 gizlili\u011fine olan ba\u011fl\u0131l\u0131\u011f\u0131 ile ChitChatTV, klasik sohbetin heyecan\u0131n\u0131 yakalar <a href=\"https:\/\/strangercam.com\/tr\/chatroulette\/\">rulet<\/a> ancak 2025 i\u00e7in daha g\u00fcvenli, daha taze bir hisle.<\/p>\n<p>Yeni y\u00fczler ke\u015ffetmeye, arkada\u015f edinmeye veya d\u00fcnyan\u0131n d\u00f6rt bir yan\u0131ndaki yabanc\u0131larla konu\u015farak e\u011flenmeye haz\u0131rsan\u0131z, ChitChatTV kesinlikle denemeye de\u011fer - kay\u0131t yok, g\u00fc\u00e7l\u00fck yok, sadece canl\u0131 sohbet.<\/p>","protected":false},"excerpt":{"rendered":"<p>With the rise (and sometimes fall) of popular video chat apps like Monkey, Azar, and OmeTV, the online chat scene has never been more competitive\u2014or more innovative. ChitChatTV is a new contender in the random video chat space, promising instant, global, one-on-one connections and a lively, mobile-friendly experience that appeals to the TikTok generation and [&hellip;]<\/p>\n","protected":false},"author":6,"featured_media":0,"parent":0,"menu_order":0,"comment_status":"closed","ping_status":"closed","template":"","meta":{"footnotes":""},"class_list":["post-12939","page","type-page","status-publish","hentry"],"yoast_head":"<!-- This site is optimized with the Yoast SEO plugin v27.4 - https:\/\/yoast.com\/product\/yoast-seo-wordpress\/ -->\n<title>ChitChatTV - ChitChat Video Chat - StrangerCam<\/title>\n<meta name=\"description\" content=\"Like ChitChatTV? Come chat with more than 5.000.000 strangers on Stranger Cam for Free! Turn on your cam and find new friends &amp; maby a match!\" \/>\n<meta name=\"robots\" content=\"index, follow, max-snippet:-1, max-image-preview:large, max-video-preview:-1\" \/>\n<link rel=\"canonical\" href=\"https:\/\/strangercam.com\/tr\/chitchattv\/\" \/>\n<meta property=\"og:locale\" content=\"tr_TR\" \/>\n<meta property=\"og:type\" content=\"article\" \/>\n<meta property=\"og:title\" content=\"ChitChatTV - ChitChat Video Chat - StrangerCam\" \/>\n<meta property=\"og:description\" content=\"Like ChitChatTV? Come chat with more than 5.000.000 strangers on Stranger Cam for Free! Turn on your cam and find new friends &amp; maby a match!\" \/>\n<meta property=\"og:url\" content=\"https:\/\/strangercam.com\/tr\/chitchattv\/\" \/>\n<meta property=\"og:site_name\" content=\"Strangercam\" \/>\n<meta property=\"article:publisher\" content=\"https:\/\/www.facebook.com\/strangercam\" \/>\n<meta property=\"og:image\" content=\"https:\/\/strangercam.com\/wp-content\/uploads\/2021\/10\/Untitled-2.png\" \/>\n\t<meta property=\"og:image:width\" content=\"800\" \/>\n\t<meta property=\"og:image:height\" content=\"532\" \/>\n\t<meta property=\"og:image:type\" content=\"image\/png\" \/>\n<meta name=\"twitter:card\" content=\"summary_large_image\" \/>\n<meta name=\"twitter:site\" content=\"@strangercamapp\" \/>\n<meta name=\"twitter:label1\" content=\"Tahmini okuma s\u00fcresi\" \/>\n\t<meta name=\"twitter:data1\" content=\"6 dakika\" \/>\n<script type=\"application\/ld+json\" class=\"yoast-schema-graph\">{\"@context\":\"https:\\\/\\\/schema.org\",\"@graph\":[{\"@type\":\"WebPage\",\"@id\":\"https:\\\/\\\/strangercam.com\\\/chitchattv\\\/\",\"url\":\"https:\\\/\\\/strangercam.com\\\/chitchattv\\\/\",\"name\":\"ChitChatTV - ChitChat Video Chat - StrangerCam\",\"isPartOf\":{\"@id\":\"https:\\\/\\\/strangercam.com\\\/#website\"},\"datePublished\":\"2025-07-28T09:00:18+00:00\",\"description\":\"Like ChitChatTV? Come chat with more than 5.000.000 strangers on Stranger Cam for Free! Turn on your cam and find new friends & maby a match!\",\"breadcrumb\":{\"@id\":\"https:\\\/\\\/strangercam.com\\\/chitchattv\\\/#breadcrumb\"},\"inLanguage\":\"tr\",\"potentialAction\":[{\"@type\":\"ReadAction\",\"target\":[\"https:\\\/\\\/strangercam.com\\\/chitchattv\\\/\"]}]},{\"@type\":\"BreadcrumbList\",\"@id\":\"https:\\\/\\\/strangercam.com\\\/chitchattv\\\/#breadcrumb\",\"itemListElement\":[{\"@type\":\"ListItem\",\"position\":1,\"name\":\"Home\",\"item\":\"https:\\\/\\\/strangercam.com\\\/\"},{\"@type\":\"ListItem\",\"position\":2,\"name\":\"ChitChatTV\"}]},{\"@type\":\"WebSite\",\"@id\":\"https:\\\/\\\/strangercam.com\\\/#website\",\"url\":\"https:\\\/\\\/strangercam.com\\\/\",\"name\":\"Strangercam\",\"description\":\"Random Video Chat with Strangers\",\"publisher\":{\"@id\":\"https:\\\/\\\/strangercam.com\\\/#organization\"},\"alternateName\":\"Strangercam.com\",\"potentialAction\":[{\"@type\":\"SearchAction\",\"target\":{\"@type\":\"EntryPoint\",\"urlTemplate\":\"https:\\\/\\\/strangercam.com\\\/?s={search_term_string}\"},\"query-input\":{\"@type\":\"PropertyValueSpecification\",\"valueRequired\":true,\"valueName\":\"search_term_string\"}}],\"inLanguage\":\"tr\"},{\"@type\":\"Organization\",\"@id\":\"https:\\\/\\\/strangercam.com\\\/#organization\",\"name\":\"Strangercam\",\"alternateName\":\"Strangercam.com\",\"url\":\"https:\\\/\\\/strangercam.com\\\/\",\"logo\":{\"@type\":\"ImageObject\",\"inLanguage\":\"tr\",\"@id\":\"https:\\\/\\\/strangercam.com\\\/#\\\/schema\\\/logo\\\/image\\\/\",\"url\":\"https:\\\/\\\/strangercam.com\\\/wp-content\\\/uploads\\\/2020\\\/11\\\/cropped-new-favicon-black.png\",\"contentUrl\":\"https:\\\/\\\/strangercam.com\\\/wp-content\\\/uploads\\\/2020\\\/11\\\/cropped-new-favicon-black.png\",\"width\":512,\"height\":512,\"caption\":\"Strangercam\"},\"image\":{\"@id\":\"https:\\\/\\\/strangercam.com\\\/#\\\/schema\\\/logo\\\/image\\\/\"},\"sameAs\":[\"https:\\\/\\\/www.facebook.com\\\/strangercam\",\"https:\\\/\\\/x.com\\\/strangercamapp\"]}]}<\/script>\n<!-- \/ Yoast SEO plugin. -->","yoast_head_json":{"title":"ChitChatTV - ChitChat G\u00f6r\u00fcnt\u00fcl\u00fc Sohbet - StrangerCam","description":"ChitChatTV'yi be\u011fendiniz mi? Gelin Stranger Cam'de 5.000.000'dan fazla yabanc\u0131yla \u00dccretsiz sohbet edin! Kameran\u0131z\u0131 a\u00e7\u0131n ve yeni arkada\u015flar ve belki bir e\u015fle\u015fme bulun!","robots":{"index":"index","follow":"follow","max-snippet":"max-snippet:-1","max-image-preview":"max-image-preview:large","max-video-preview":"max-video-preview:-1"},"canonical":"https:\/\/strangercam.com\/tr\/chitchattv\/","og_locale":"tr_TR","og_type":"article","og_title":"ChitChatTV - ChitChat Video Chat - StrangerCam","og_description":"Like ChitChatTV? Come chat with more than 5.000.000 strangers on Stranger Cam for Free! Turn on your cam and find new friends & maby a match!","og_url":"https:\/\/strangercam.com\/tr\/chitchattv\/","og_site_name":"Strangercam","article_publisher":"https:\/\/www.facebook.com\/strangercam","og_image":[{"width":800,"height":532,"url":"https:\/\/strangercam.com\/wp-content\/uploads\/2021\/10\/Untitled-2.png","type":"image\/png"}],"twitter_card":"summary_large_image","twitter_site":"@strangercamapp","twitter_misc":{"Tahmini okuma s\u00fcresi":"6 dakika"},"schema":{"@context":"https:\/\/schema.org","@graph":[{"@type":"WebPage","@id":"https:\/\/strangercam.com\/chitchattv\/","url":"https:\/\/strangercam.com\/chitchattv\/","name":"ChitChatTV - ChitChat G\u00f6r\u00fcnt\u00fcl\u00fc Sohbet - StrangerCam","isPartOf":{"@id":"https:\/\/strangercam.com\/#website"},"datePublished":"2025-07-28T09:00:18+00:00","description":"ChitChatTV'yi be\u011fendiniz mi? Gelin Stranger Cam'de 5.000.000'dan fazla yabanc\u0131yla \u00dccretsiz sohbet edin! Kameran\u0131z\u0131 a\u00e7\u0131n ve yeni arkada\u015flar ve belki bir e\u015fle\u015fme bulun!","breadcrumb":{"@id":"https:\/\/strangercam.com\/chitchattv\/#breadcrumb"},"inLanguage":"tr","potentialAction":[{"@type":"ReadAction","target":["https:\/\/strangercam.com\/chitchattv\/"]}]},{"@type":"BreadcrumbList","@id":"https:\/\/strangercam.com\/chitchattv\/#breadcrumb","itemListElement":[{"@type":"ListItem","position":1,"name":"Home","item":"https:\/\/strangercam.com\/"},{"@type":"ListItem","position":2,"name":"ChitChatTV"}]},{"@type":"WebSite","@id":"https:\/\/strangercam.com\/#website","url":"https:\/\/strangercam.com\/","name":"Strangercam","description":"Yabanc\u0131larla Rastgele G\u00f6r\u00fcnt\u00fcl\u00fc Sohbet","publisher":{"@id":"https:\/\/strangercam.com\/#organization"},"alternateName":"Strangercam.com","potentialAction":[{"@type":"SearchAction","target":{"@type":"EntryPoint","urlTemplate":"https:\/\/strangercam.com\/?s={search_term_string}"},"query-input":{"@type":"PropertyValueSpecification","valueRequired":true,"valueName":"search_term_string"}}],"inLanguage":"tr"},{"@type":"Organization","@id":"https:\/\/strangercam.com\/#organization","name":"Strangercam","alternateName":"Strangercam.com","url":"https:\/\/strangercam.com\/","logo":{"@type":"ImageObject","inLanguage":"tr","@id":"https:\/\/strangercam.com\/#\/schema\/logo\/image\/","url":"https:\/\/strangercam.com\/wp-content\/uploads\/2020\/11\/cropped-new-favicon-black.png","contentUrl":"https:\/\/strangercam.com\/wp-content\/uploads\/2020\/11\/cropped-new-favicon-black.png","width":512,"height":512,"caption":"Strangercam"},"image":{"@id":"https:\/\/strangercam.com\/#\/schema\/logo\/image\/"},"sameAs":["https:\/\/www.facebook.com\/strangercam","https:\/\/x.com\/strangercamapp"]}]}},"_links":{"self":[{"href":"https:\/\/strangercam.com\/tr\/wp-json\/wp\/v2\/pages\/12939","targetHints":{"allow":["GET"]}}],"collection":[{"href":"https:\/\/strangercam.com\/tr\/wp-json\/wp\/v2\/pages"}],"about":[{"href":"https:\/\/strangercam.com\/tr\/wp-json\/wp\/v2\/types\/page"}],"author":[{"embeddable":true,"href":"https:\/\/strangercam.com\/tr\/wp-json\/wp\/v2\/users\/6"}],"replies":[{"embeddable":true,"href":"https:\/\/strangercam.com\/tr\/wp-json\/wp\/v2\/comments?post=12939"}],"version-history":[{"count":2,"href":"https:\/\/strangercam.com\/tr\/wp-json\/wp\/v2\/pages\/12939\/revisions"}],"predecessor-version":[{"id":12941,"href":"https:\/\/strangercam.com\/tr\/wp-json\/wp\/v2\/pages\/12939\/revisions\/12941"}],"wp:attachment":[{"href":"https:\/\/strangercam.com\/tr\/wp-json\/wp\/v2\/media?parent=12939"}],"curies":[{"name":"wp","href":"https:\/\/api.w.org\/{rel}","templated":true}]}}