{"id":12911,"date":"2025-07-14T13:50:19","date_gmt":"2025-07-14T11:50:19","guid":{"rendered":"https:\/\/strangercam.com\/?page_id=12911"},"modified":"2025-07-14T13:50:34","modified_gmt":"2025-07-14T11:50:34","slug":"onlinefreechat","status":"publish","type":"page","link":"https:\/\/strangercam.com\/tr\/onlinefreechat\/","title":{"rendered":"OnlineFreeChat"},"content":{"rendered":"<p>Sosyal a\u011flar\u0131n ve anl\u0131k mesajla\u015fma uygulamalar\u0131n\u0131n hakim oldu\u011fu dijital \u00e7a\u011fda, geleneksel <a href=\"https:\/\/strangercam.com\/tr\/chatroulette\/\">sohbet<\/a> odalar\u0131 \u015fa\u015f\u0131rt\u0131c\u0131 bir geri d\u00f6n\u00fc\u015f yapt\u0131. Bu r\u00f6nesansa \u00f6nc\u00fcl\u00fck eden OnlineFreeChat, sohbet etmek isteyen herkes i\u00e7in \u00fccretsiz, eri\u015fimi kolay canl\u0131 sohbet odalar\u0131na adanm\u0131\u015f modern bir sohbet platformudur. <a href=\"https:\/\/strangercam.com\/tr\/coomeet\/\">tan\u0131\u015fmak<\/a> yeni insanlar, arkada\u015flar edinin veya spontane \u00e7evrimi\u00e7i sohbetlerin tad\u0131n\u0131 \u00e7\u0131kar\u0131n - kay\u0131t veya indirme olmadan.<\/p>\n<p>Peki OnlineFreeChat rakiplerinden nas\u0131l ayr\u0131l\u0131yor? Ger\u00e7ekten \u00fccretsiz mi, g\u00fcvenli mi ve kimler i\u00e7in en iyisi? Bu ayr\u0131nt\u0131l\u0131 incelemede OnlineFreeChat'nin \u00f6zelliklerini, kullan\u0131c\u0131 deneyimini ve toplulu\u011funu ke\u015ffediyoruz, b\u00f6ylece bir sonraki \u00e7evrimi\u00e7i sohbetinize ba\u015flamak i\u00e7in do\u011fru yer olup olmad\u0131\u011f\u0131na karar verebilirsiniz.<\/p>\n<h2>OnlineFreeChat nedir?<\/h2>\n<p>OnlineFreeChat, \u00e7ok \u00e7e\u015fitli temal\u0131 canl\u0131 sohbet odalar\u0131 ve bire bir sohbet se\u00e7enekleri sunan taray\u0131c\u0131 tabanl\u0131 bir sohbet platformudur. Kay\u0131t olmay\u0131 veya uygulama y\u00fcklemeyi gerektiren bir\u00e7ok modern uygulaman\u0131n aksine, OnlineFreeChat an\u0131nda eri\u015fim sa\u011flar; siteyi ziyaret edin, bir oda se\u00e7in ve d\u00fcnyan\u0131n her yerinden insanlarla sohbet etmeye ba\u015flay\u0131n.<\/p>\n<p>Platform, klasik sohbet odalar\u0131n\u0131n alt\u0131n \u00e7a\u011f\u0131na geri d\u00f6n\u00fcyor, ancak 2025 deneyimini modern, temiz bir aray\u00fcz ve kullan\u0131c\u0131 g\u00fcvenli\u011fi ve dostlu\u011funa odaklanarak g\u00fcncelliyor. \u0130ster yo\u011fun bir genel odaya kat\u0131lmak ister \u00f6zel bir sohbet ba\u015flatmak isteyin, OnlineFreeChat bunu kolay ve eri\u015filebilir hale getirir.<\/p>\n<h2>OnlineFreeChat'nin Amac\u0131 Nedir?<\/h2>\n<p>OnlineFreeChat, a\u00e7\u0131k sohbet odas\u0131 deneyimini yeniden canland\u0131rmay\u0131 ve modernle\u015ftirmeyi ama\u00e7lamaktad\u0131r - herkesin \u00e7e\u015fitli konularda sohbetlere kat\u0131labilece\u011fi, arkada\u015f edinebilece\u011fi ve engelsiz canl\u0131 etkile\u015fimin tad\u0131n\u0131 \u00e7\u0131karabilece\u011fi bir alan yaratmaktad\u0131r.<\/p>\n<p>Ana hedefler \u015funlard\u0131r:<\/p>\n<ul>\n<li>Ger\u00e7ek zamanl\u0131 grup sohbet odalar\u0131nda insanlar\u0131 k\u00fcresel olarak birbirine ba\u011flay\u0131n<\/li>\n<li>Sohbet ve sosyalle\u015fme i\u00e7in g\u00fcvenli, moderat\u00f6rl\u00fc alanlar sunun<\/li>\n<li>T\u00fcm kullan\u0131c\u0131lar i\u00e7in an\u0131nda, kay\u0131t gerektirmeyen sohbet deneyimlerine izin verin<\/li>\n<li>Sosyal medya ve anl\u0131k mesajla\u015fmaya esnek bir alternatif sa\u011flay\u0131n<\/li>\n<\/ul>\n<p>\u0130ster hobiler, ya\u015fam, ili\u015fkiler, seyahat hakk\u0131nda sohbet etmek istiyor olun, ister sadece e\u011flenmek ve yeni insanlarla tan\u0131\u015fmak istiyor olun, OnlineFreeChat bunu yapmak i\u00e7in basit ve samimi bir yol sunar.<\/p>\n<h2>Temel \u00d6zellikler<\/h2>\n<p>1. Canl\u0131 Genel Sohbet Odalar\u0131<br \/>\nOnlineFreeChat'nin temel \u00f6zelli\u011fi canl\u0131 grup sohbet odalar\u0131 yelpazesidir. Bu odalar genel sohbet, arkada\u015fl\u0131k, oyun, yerel sohbet, m\u00fczik ve daha fazlas\u0131 gibi konulara veya ilgi alanlar\u0131na g\u00f6re d\u00fczenlenmi\u015ftir. Kullan\u0131c\u0131lar herhangi bir odaya kat\u0131labilir, devam eden konu\u015fmalara kat\u0131labilir veya kat\u0131lmaya haz\u0131r olana kadar sadece g\u00f6zlemleyebilirler.<\/p>\n<p>2. Bire Bir \u00d6zel Sohbetler<br \/>\nGenel odalar\u0131n yan\u0131 s\u0131ra, kullan\u0131c\u0131lar di\u011fer \u00fcyelerle \u00f6zel sohbetler ba\u015flatabilir. Bu \u00f6zellik, grup tart\u0131\u015fmalar\u0131ndan do\u011frudan sohbetlere sorunsuz bir \u015fekilde ge\u00e7menizi sa\u011flayarak daha ki\u015fisel etkile\u015fime olanak tan\u0131r.<\/p>\n<p>3. Kay\u0131t Gerektirmez<br \/>\nOnlineFreeChat'nin en \u00e7ekici y\u00f6nlerinden biri, bir hesap olu\u015fturmadan sohbete ba\u015flayabilmenizdir. Bir takma ad se\u00e7in, bir oda se\u00e7in ve an\u0131nda sohbetin bir par\u00e7as\u0131 olun.<\/p>\n<p>4. \u00c7oklu Cihaz Uyumlulu\u011fu<br \/>\nPlatform hem masa\u00fcst\u00fc hem de mobil taray\u0131c\u0131larda sorunsuz \u00e7al\u0131\u015f\u0131r. Duyarl\u0131 tasar\u0131m, hi\u00e7bir \u015fey y\u00fcklemeden telefonunuzda, tabletinizde veya diz\u00fcst\u00fc bilgisayar\u0131n\u0131zda sohbet odalar\u0131na kat\u0131labilmenizi sa\u011flar.<\/p>\n<p>5. Kullan\u0131c\u0131 Dostu, Modern Aray\u00fcz<br \/>\nOnlineFreeChat basit, kullan\u0131c\u0131 dostu bir aray\u00fcze sahiptir. Mesajlar nettir, sohbet odalar\u0131na g\u00f6z atmak kolayd\u0131r ve kullan\u0131c\u0131lar\u0131 sessize alma, engelleme veya raporlama kontrollerine her zaman eri\u015filebilir.<\/p>\n<p>6. Kullan\u0131c\u0131 Moderasyonu ve G\u00fcvenlik Ara\u00e7lar\u0131<br \/>\nSite, olumlu bir ortam\u0131n korunmas\u0131na yard\u0131mc\u0131 olmak i\u00e7in moderat\u00f6rler ve raporlama \u00f6zellikleri kullanmaktad\u0131r. Kullan\u0131c\u0131lar, sohbet kurallar\u0131n\u0131 ihlal eden ki\u015fileri h\u0131zl\u0131 bir \u015fekilde engelleyebilir veya bildirebilir, bu da sohbetlerin sayg\u0131l\u0131 ve e\u011flenceli kalmas\u0131na yard\u0131mc\u0131 olur.<\/p>\n<p>7. Geni\u015f Sohbet Konular\u0131 Yelpazesi<br \/>\nD\u00fczinelerce temal\u0131 oda ve d\u00fczenli g\u00fcncellemelerle, hemen hemen her konuya adanm\u0131\u015f alanlar bulacaks\u0131n\u0131z; bu da benzer d\u00fc\u015f\u00fcnen sohbet ortaklar\u0131 bulmay\u0131 veya yeni ilgi alanlar\u0131 ke\u015ffetmeyi kolayla\u015ft\u0131r\u0131yor.<\/p>\n<h2>OnlineFreeChat \u00dccretsiz mi?<\/h2>\n<p>Evet, OnlineFreeChat'nin kullan\u0131m\u0131 100% \u00fccretsizdir. Genel odalara kat\u0131lma, \u00f6zel mesajla\u015fma ve g\u00fcvenlik ara\u00e7lar\u0131n\u0131 kullanma dahil olmak \u00fczere t\u00fcm temel \u00f6zelliklere \u00f6deme yapmadan eri\u015filebilir. \u015eunlar vard\u0131r:<\/p>\n<ul>\n<li>Abonelik \u00fccreti yok<\/li>\n<li>Premium hesap yok<\/li>\n<li>Gizli maliyet yok<\/li>\n<\/ul>\n<p>Platformu desteklemek i\u00e7in baz\u0131 hafif reklamlar mevcut olabilir, ancak bunlar rahats\u0131z edici de\u011fildir ve sohbet deneyimini etkilemez.<\/p>\n<h2>OnlineFreeChat'yi Kimler Kullan\u0131yor?<\/h2>\n<p>OnlineFreeChat \u00e7ok \u00e7e\u015fitli ve uluslararas\u0131 bir kitleye hitap etmektedir. Kullan\u0131c\u0131lar \u015funlar\u0131 i\u00e7erir:<\/p>\n<ul>\n<li>Her ya\u015ftan yeti\u015fkinler, tipik olarak 18-40<\/li>\n<li>Kuzey Amerika, Avrupa, Hindistan, G\u00fcneydo\u011fu Asya ve Latin Amerika'dan insanlar<\/li>\n<li>\u00d6\u011frenciler, profesyoneller, gezginler ve g\u00fcndelik \u00e7evrimi\u00e7i sohbet arayan herkes<\/li>\n<\/ul>\n<p>\u0130nsanlar\u0131n OnlineFreeChat'yi kullanmas\u0131n\u0131n yayg\u0131n nedenleri \u015funlard\u0131r:<\/p>\n<ul>\n<li>Yeni arkada\u015flar edinmek veya sosyal \u00e7evrelerini geni\u015fletmek<\/li>\n<li>Zaman ge\u00e7irmek ve can s\u0131k\u0131nt\u0131s\u0131ndan ka\u00e7mak<\/li>\n<li>Hobiler, m\u00fczik, filmler ve g\u00fcnl\u00fck ya\u015fam hakk\u0131nda konu\u015fmak<\/li>\n<li>Destekleyici bir grupta dost\u00e7a tavsiye aramak veya deneyimlerini payla\u015fmak<\/li>\n<\/ul>\n<p>Platformun \u00e7e\u015fitli sohbet odalar\u0131, utanga\u00e7 yeni gelenlerden deneyimli sohbet\u00e7ilere kadar herkesin kendini rahat hissedebilece\u011fi bir alan bulmas\u0131n\u0131 sa\u011flar.<\/p>\n<h2>G\u00fcvenlik, Gizlilik ve Moderasyon<\/h2>\n<p>OnlineFreeChat, t\u00fcm kullan\u0131c\u0131lar i\u00e7in g\u00fcvenli ve sayg\u0131l\u0131 bir ortam sa\u011flamay\u0131 taahh\u00fct eder. \u0130\u015fte gizlili\u011finizi nas\u0131l korudu\u011fu ve kullan\u0131c\u0131 g\u00fcvenli\u011fini nas\u0131l destekledi\u011fi:<\/p>\n<h3>Gizlilik<\/h3>\n<ul>\n<li>Kay\u0131t veya ki\u015fisel bilgi gerekmez<\/li>\n<li>Kullan\u0131c\u0131lar takma ad se\u00e7er; ger\u00e7ek adlar gerekli de\u011fildir<\/li>\n<li>Sohbetler herkese a\u00e7\u0131k olarak ar\u015fivlenmez veya aranamaz<\/li>\n<\/ul>\n<h3>Moderasyon<\/h3>\n<ul>\n<li>Aktif insan moderat\u00f6rler en yo\u011fun odalar\u0131 denetliyor<\/li>\n<li>Oda i\u00e7i raporlama ve engelleme \u00f6zellikleri 7\/24 kullan\u0131labilir<\/li>\n<li>Y\u00f6nergeler taciz, spam ve uygunsuz davran\u0131\u015flar\u0131 yasaklar<\/li>\n<li>Tekrar eden su\u00e7lular platformdan men edilir<\/li>\n<\/ul>\n<h3>Kullan\u0131c\u0131 Kontrol\u00fc<\/h3>\n<ul>\n<li>Sohbeti bozan kullan\u0131c\u0131lar\u0131 an\u0131nda engelleyin veya sessize al\u0131n<\/li>\n<li>Genel odalarda kalmay\u0131 veya \u00f6zel g\u00f6r\u00fc\u015fmelere ge\u00e7meyi se\u00e7in<\/li>\n<li>\u0130stedi\u011finiz zaman takma adlar\u0131 de\u011fi\u015ftirin veya oda de\u011fi\u015ftirin<\/li>\n<\/ul>\n<p>Hi\u00e7bir a\u00e7\u0131k sohbet odas\u0131 m\u00fckemmel bir deneyimi garanti edemezken, OnlineFreeChat'nin moderasyon ve kullan\u0131c\u0131 ara\u00e7lar\u0131 kombinasyonu, onu \u00e7o\u011fu klasik sohbet platformundan daha g\u00fcvenli hale getirir.<\/p>\n<h2>Kullan\u0131c\u0131 Deneyimi ve Tasar\u0131m<\/h2>\n<p>OnlineFreeChat h\u0131zl\u0131, s\u00fcrt\u00fcnmesiz sohbet i\u00e7in tasarlanm\u0131\u015ft\u0131r:<\/p>\n<ul>\n<li>Ana sayfa, net oda kategorileriyle h\u0131zl\u0131 bir \u015fekilde y\u00fcklenir<\/li>\n<li>Tek t\u0131kla bir odaya kat\u0131l\u0131n ve hemen sohbete ba\u015flay\u0131n<\/li>\n<li>Mesajlar, yo\u011fun odalarda bile gecikme olmadan an\u0131nda g\u00f6r\u00fcn\u00fcr<\/li>\n<li>Mobil uyumlu d\u00fczen, hareket halindeyken sohbet etmek i\u00e7in daha k\u00fc\u00e7\u00fck ekranlara uyum sa\u011flar<\/li>\n<li>Bildirimler, engelleme ve raporlama i\u00e7in kontroller sezgiseldir<\/li>\n<\/ul>\n<p>Sitenin tasar\u0131m\u0131 topluluk ve eri\u015filebilirli\u011fi vurguluyor; b\u00f6ylece teknoloji deneyimi ne olursa olsun herkesin kat\u0131l\u0131m\u0131 kolayla\u015f\u0131yor.<\/p>\n<h2>OnlineFreeChat vs Di\u011fer Sohbet Odas\u0131 Platformlar\u0131<\/h2>\n<p>OnlineFreeChat di\u011fer \u00f6nde gelen canl\u0131 sohbet odas\u0131 web sitelerine k\u0131yasla nas\u0131ld\u0131r?<\/p>\n<table>\n<thead>\n<tr>\n<th>\u00d6zellik<\/th>\n<th>OnlineFreeChat<\/th>\n<th><a href=\"https:\/\/strangercam.com\/tr\/chat-avenue\/\">Chat Avenue<\/a><\/th>\n<th>Chatib<\/th>\n<th><a href=\"https:\/\/strangercam.com\/tr\/chatzy\/\">Chatzy<\/a><\/th>\n<th>Wireclub<\/th>\n<\/tr>\n<\/thead>\n<tbody>\n<tr>\n<td>\u00dccretsiz Eri\u015fim<\/td>\n<td>Evet<\/td>\n<td>Evet<\/td>\n<td>Evet<\/td>\n<td>Evet<\/td>\n<td>Evet<\/td>\n<\/tr>\n<tr>\n<td>Kay\u0131t Gerekmiyor<\/td>\n<td>Evet<\/td>\n<td>Hay\u0131r<\/td>\n<td>Evet<\/td>\n<td>Evet<\/td>\n<td>Hay\u0131r<\/td>\n<\/tr>\n<tr>\n<td>Temal\u0131 Sohbet Odalar\u0131<\/td>\n<td>Evet<\/td>\n<td>Evet<\/td>\n<td>Evet<\/td>\n<td>Hay\u0131r<\/td>\n<td>Evet<\/td>\n<\/tr>\n<tr>\n<td>\u00d6zel Mesajla\u015fma<\/td>\n<td>Evet<\/td>\n<td>Evet<\/td>\n<td>Evet<\/td>\n<td>Evet<\/td>\n<td>Evet<\/td>\n<\/tr>\n<tr>\n<td>Mobil Destek<\/td>\n<td>M\u00fckemmel<\/td>\n<td>\u0130yi<\/td>\n<td>\u0130yi<\/td>\n<td>\u0130yi<\/td>\n<td>\u0130yi<\/td>\n<\/tr>\n<tr>\n<td>Moderasyon Ara\u00e7lar\u0131<\/td>\n<td>G\u00fc\u00e7l\u00fc<\/td>\n<td>Orta d\u00fczeyde<\/td>\n<td>Orta d\u00fczeyde<\/td>\n<td>Orta d\u00fczeyde<\/td>\n<td>G\u00fc\u00e7l\u00fc<\/td>\n<\/tr>\n<tr>\n<td>Reklamlar<\/td>\n<td>Minimal<\/td>\n<td>Evet<\/td>\n<td>Evet<\/td>\n<td>Minimal<\/td>\n<td>Evet<\/td>\n<\/tr>\n<\/tbody>\n<\/table>\n<p>\u00d6zet: OnlineFreeChat temiz aray\u00fcz\u00fc, an\u0131nda eri\u015fimi ve \u00e7ok \u00e7e\u015fitli temal\u0131 sohbet odalar\u0131yla \u00f6ne \u00e7\u0131k\u0131yor. Kullan\u0131c\u0131 g\u00fcvenli\u011fi ve mobil uyumluluk a\u00e7\u0131s\u0131ndan rakipleriyle e\u015fle\u015fir veya onlar\u0131 ge\u00e7er, ayr\u0131ca kaydolmaya gerek olmamas\u0131 da ek bir avantajd\u0131r.<\/p>\n<h2>Art\u0131lar\u0131 ve Eksileri<\/h2>\n<p>Art\u0131lar\u0131:<\/p>\n<ul>\n<li>100% an\u0131nda eri\u015fim ile \u00fccretsiz<\/li>\n<li>Kay\u0131t veya indirme gerekmez<\/li>\n<li>\u00c7ok \u00e7e\u015fitli canl\u0131, temal\u0131 sohbet odalar\u0131<\/li>\n<li>Hem masa\u00fcst\u00fc hem de mobil cihazlarda kullan\u0131c\u0131 dostu<\/li>\n<li>Aktif moderasyon ve kullan\u0131m\u0131 kolay raporlama ara\u00e7lar\u0131<\/li>\n<li>Bire bir g\u00f6r\u00fc\u015fmeler i\u00e7in \u00f6zel sohbet se\u00e7enekleri<\/li>\n<\/ul>\n<p>Eksiler:<\/p>\n<ul>\n<li>G\u00f6r\u00fcnt\u00fcl\u00fc sohbet veya <a href=\"https:\/\/strangercam.com\/tr\/bazoocam\/\">cam<\/a> \u00f6zellikler (yaln\u0131zca metin tabanl\u0131)<\/li>\n<li>Baz\u0131 kullan\u0131c\u0131lar ba\u011flant\u0131y\u0131 kesebilir veya odalardan h\u0131zla ayr\u0131labilir<\/li>\n<li>Moderasyona ra\u011fmen ara s\u0131ra rahats\u0131z edici kullan\u0131c\u0131lar<\/li>\n<li>Uzun s\u00fcreli profiller veya arkada\u015f listeleri yok<\/li>\n<\/ul>\n<h2>\u0130deal Kullan\u0131m \u00d6rnekleri<\/h2>\n<p>OnlineFreeChat a\u015fa\u011f\u0131dakiler i\u00e7in idealdir:<\/p>\n<ul>\n<li>\u00c7evrimi\u00e7i sohbet etmek i\u00e7in g\u00fcvenli, \u00fccretsiz ve kolay bir yol arayan herkes<\/li>\n<li>Temal\u0131 grup tart\u0131\u015fmalar\u0131ndan veya yeni insanlarla tan\u0131\u015fmaktan ho\u015flanan kullan\u0131c\u0131lar<\/li>\n<li>Sosyal medya ve anl\u0131k mesajla\u015fma uygulamalar\u0131na alternatif arayanlar<\/li>\n<li>Ger\u00e7ek zamanl\u0131 etkile\u015fim isteyen gezginler, gurbet\u00e7iler ve dil \u00f6\u011frenenler<\/li>\n<li>\u00c7evrimi\u00e7i konu\u015fmalarda anonimlik ve gizlili\u011fi tercih eden bireyler<\/li>\n<\/ul>\n<p>\u015eunlar i\u00e7in daha az ideal olabilir:<\/p>\n<ul>\n<li>\u00d6zellikle g\u00f6r\u00fcnt\u00fcl\u00fc sohbet deneyimi arayanlar<\/li>\n<li>18 ya\u015f\u0131ndan k\u00fc\u00e7\u00fck kullan\u0131c\u0131lar (platform yeti\u015fkinler i\u00e7indir)<\/li>\n<li>Geli\u015fmi\u015f tan\u0131\u015fma veya e\u015fle\u015ftirme \u00f6zellikleri arayan ki\u015filer<\/li>\n<\/ul>\n<h2>Nihai Karar<\/h2>\n<p>OnlineFreeChat, klasik sohbet odalar\u0131n\u0131n eri\u015filebilirli\u011fini modern g\u00fcvenlik ve kullan\u0131labilirlik \u00f6zellikleriyle birle\u015ftiren, 2025 y\u0131l\u0131nda mevcut olan en iyi canl\u0131 sohbet odas\u0131 platformlar\u0131ndan biridir. An\u0131nda eri\u015fim, geni\u015f konu yelpazesi ve samimi, denetlenen ortam\u0131, sohbet etmek, arkada\u015f edinmek veya sadece \u00e7evrimi\u00e7i e\u011flenmek isteyen herkes i\u00e7in en iyi se\u00e7imdir.<\/p>\n<p>D\u00fcnyan\u0131n d\u00f6rt bir yan\u0131ndaki di\u011fer ki\u015filerle ba\u011flant\u0131 kurman\u0131n basit, g\u00fcvenli ve ger\u00e7ekten \u00fccretsiz bir yolunu ar\u0131yorsan\u0131z, ister canl\u0131 bir grup sohbeti ister sessiz bir \u00f6zel sohbet isteyin, OnlineFreeChat kesinlikle denemeye de\u011fer.<\/p>","protected":false},"excerpt":{"rendered":"<p>In a digital age dominated by social networks and instant messaging apps, traditional chat rooms have made a surprising comeback. Leading this renaissance is OnlineFreeChat, a modern chat platform dedicated to free, easy-to-access live chat rooms for anyone looking to meet new people, make friends, or enjoy spontaneous online conversations\u2014without registration or downloads. But how [&hellip;]<\/p>\n","protected":false},"author":6,"featured_media":0,"parent":0,"menu_order":0,"comment_status":"closed","ping_status":"closed","template":"","meta":{"footnotes":""},"class_list":["post-12911","page","type-page","status-publish","hentry"],"yoast_head":"<!-- This site is optimized with the Yoast SEO plugin v27.4 - https:\/\/yoast.com\/product\/yoast-seo-wordpress\/ -->\n<title>OnlineFreeChat - Live Online Chat Rooms on StrangerCam.com<\/title>\n<meta name=\"description\" content=\"Like OnlineFreeChat? Come chat with more than 5.000.000 strangers on Stranger Cam for Free! Turn on your cam and find new friends &amp; maby a match!\" \/>\n<meta name=\"robots\" content=\"index, follow, max-snippet:-1, max-image-preview:large, max-video-preview:-1\" \/>\n<link rel=\"canonical\" href=\"https:\/\/strangercam.com\/tr\/onlinefreechat\/\" \/>\n<meta property=\"og:locale\" content=\"tr_TR\" \/>\n<meta property=\"og:type\" content=\"article\" \/>\n<meta property=\"og:title\" content=\"OnlineFreeChat - Live Online Chat Rooms on StrangerCam.com\" \/>\n<meta property=\"og:description\" content=\"Like OnlineFreeChat? Come chat with more than 5.000.000 strangers on Stranger Cam for Free! Turn on your cam and find new friends &amp; maby a match!\" \/>\n<meta property=\"og:url\" content=\"https:\/\/strangercam.com\/tr\/onlinefreechat\/\" \/>\n<meta property=\"og:site_name\" content=\"Strangercam\" \/>\n<meta property=\"article:publisher\" content=\"https:\/\/www.facebook.com\/strangercam\" \/>\n<meta property=\"article:modified_time\" content=\"2025-07-14T11:50:34+00:00\" \/>\n<meta property=\"og:image\" content=\"https:\/\/strangercam.com\/wp-content\/uploads\/2021\/10\/Untitled-2.png\" \/>\n\t<meta property=\"og:image:width\" content=\"800\" \/>\n\t<meta property=\"og:image:height\" content=\"532\" \/>\n\t<meta property=\"og:image:type\" content=\"image\/png\" \/>\n<meta name=\"twitter:card\" content=\"summary_large_image\" \/>\n<meta name=\"twitter:site\" content=\"@strangercamapp\" \/>\n<meta name=\"twitter:label1\" content=\"Tahmini okuma s\u00fcresi\" \/>\n\t<meta name=\"twitter:data1\" content=\"6 dakika\" \/>\n<script type=\"application\/ld+json\" class=\"yoast-schema-graph\">{\"@context\":\"https:\\\/\\\/schema.org\",\"@graph\":[{\"@type\":\"WebPage\",\"@id\":\"https:\\\/\\\/strangercam.com\\\/onlinefreechat\\\/\",\"url\":\"https:\\\/\\\/strangercam.com\\\/onlinefreechat\\\/\",\"name\":\"OnlineFreeChat - Live Online Chat Rooms on StrangerCam.com\",\"isPartOf\":{\"@id\":\"https:\\\/\\\/strangercam.com\\\/#website\"},\"datePublished\":\"2025-07-14T11:50:19+00:00\",\"dateModified\":\"2025-07-14T11:50:34+00:00\",\"description\":\"Like OnlineFreeChat? Come chat with more than 5.000.000 strangers on Stranger Cam for Free! Turn on your cam and find new friends & maby a match!\",\"breadcrumb\":{\"@id\":\"https:\\\/\\\/strangercam.com\\\/onlinefreechat\\\/#breadcrumb\"},\"inLanguage\":\"tr\",\"potentialAction\":[{\"@type\":\"ReadAction\",\"target\":[\"https:\\\/\\\/strangercam.com\\\/onlinefreechat\\\/\"]}]},{\"@type\":\"BreadcrumbList\",\"@id\":\"https:\\\/\\\/strangercam.com\\\/onlinefreechat\\\/#breadcrumb\",\"itemListElement\":[{\"@type\":\"ListItem\",\"position\":1,\"name\":\"Home\",\"item\":\"https:\\\/\\\/strangercam.com\\\/\"},{\"@type\":\"ListItem\",\"position\":2,\"name\":\"OnlineFreeChat\"}]},{\"@type\":\"WebSite\",\"@id\":\"https:\\\/\\\/strangercam.com\\\/#website\",\"url\":\"https:\\\/\\\/strangercam.com\\\/\",\"name\":\"Strangercam\",\"description\":\"Random Video Chat with Strangers\",\"publisher\":{\"@id\":\"https:\\\/\\\/strangercam.com\\\/#organization\"},\"alternateName\":\"Strangercam.com\",\"potentialAction\":[{\"@type\":\"SearchAction\",\"target\":{\"@type\":\"EntryPoint\",\"urlTemplate\":\"https:\\\/\\\/strangercam.com\\\/?s={search_term_string}\"},\"query-input\":{\"@type\":\"PropertyValueSpecification\",\"valueRequired\":true,\"valueName\":\"search_term_string\"}}],\"inLanguage\":\"tr\"},{\"@type\":\"Organization\",\"@id\":\"https:\\\/\\\/strangercam.com\\\/#organization\",\"name\":\"Strangercam\",\"alternateName\":\"Strangercam.com\",\"url\":\"https:\\\/\\\/strangercam.com\\\/\",\"logo\":{\"@type\":\"ImageObject\",\"inLanguage\":\"tr\",\"@id\":\"https:\\\/\\\/strangercam.com\\\/#\\\/schema\\\/logo\\\/image\\\/\",\"url\":\"https:\\\/\\\/strangercam.com\\\/wp-content\\\/uploads\\\/2020\\\/11\\\/cropped-new-favicon-black.png\",\"contentUrl\":\"https:\\\/\\\/strangercam.com\\\/wp-content\\\/uploads\\\/2020\\\/11\\\/cropped-new-favicon-black.png\",\"width\":512,\"height\":512,\"caption\":\"Strangercam\"},\"image\":{\"@id\":\"https:\\\/\\\/strangercam.com\\\/#\\\/schema\\\/logo\\\/image\\\/\"},\"sameAs\":[\"https:\\\/\\\/www.facebook.com\\\/strangercam\",\"https:\\\/\\\/x.com\\\/strangercamapp\"]}]}<\/script>\n<!-- \/ Yoast SEO plugin. -->","yoast_head_json":{"title":"OnlineFreeChat - StrangerCam.com'da Canl\u0131 \u00c7evrimi\u00e7i Sohbet Odalar\u0131","description":"OnlineFreeChat gibi mi? Gelin Stranger Cam'de 5.000.000'dan fazla yabanc\u0131yla \u00dccretsiz sohbet edin! Kameran\u0131z\u0131 a\u00e7\u0131n ve yeni arkada\u015flar ve belki bir e\u015fle\u015fme bulun!","robots":{"index":"index","follow":"follow","max-snippet":"max-snippet:-1","max-image-preview":"max-image-preview:large","max-video-preview":"max-video-preview:-1"},"canonical":"https:\/\/strangercam.com\/tr\/onlinefreechat\/","og_locale":"tr_TR","og_type":"article","og_title":"OnlineFreeChat - Live Online Chat Rooms on StrangerCam.com","og_description":"Like OnlineFreeChat? Come chat with more than 5.000.000 strangers on Stranger Cam for Free! Turn on your cam and find new friends & maby a match!","og_url":"https:\/\/strangercam.com\/tr\/onlinefreechat\/","og_site_name":"Strangercam","article_publisher":"https:\/\/www.facebook.com\/strangercam","article_modified_time":"2025-07-14T11:50:34+00:00","og_image":[{"width":800,"height":532,"url":"https:\/\/strangercam.com\/wp-content\/uploads\/2021\/10\/Untitled-2.png","type":"image\/png"}],"twitter_card":"summary_large_image","twitter_site":"@strangercamapp","twitter_misc":{"Tahmini okuma s\u00fcresi":"6 dakika"},"schema":{"@context":"https:\/\/schema.org","@graph":[{"@type":"WebPage","@id":"https:\/\/strangercam.com\/onlinefreechat\/","url":"https:\/\/strangercam.com\/onlinefreechat\/","name":"OnlineFreeChat - StrangerCam.com'da Canl\u0131 \u00c7evrimi\u00e7i Sohbet Odalar\u0131","isPartOf":{"@id":"https:\/\/strangercam.com\/#website"},"datePublished":"2025-07-14T11:50:19+00:00","dateModified":"2025-07-14T11:50:34+00:00","description":"OnlineFreeChat gibi mi? Gelin Stranger Cam'de 5.000.000'dan fazla yabanc\u0131yla \u00dccretsiz sohbet edin! Kameran\u0131z\u0131 a\u00e7\u0131n ve yeni arkada\u015flar ve belki bir e\u015fle\u015fme bulun!","breadcrumb":{"@id":"https:\/\/strangercam.com\/onlinefreechat\/#breadcrumb"},"inLanguage":"tr","potentialAction":[{"@type":"ReadAction","target":["https:\/\/strangercam.com\/onlinefreechat\/"]}]},{"@type":"BreadcrumbList","@id":"https:\/\/strangercam.com\/onlinefreechat\/#breadcrumb","itemListElement":[{"@type":"ListItem","position":1,"name":"Home","item":"https:\/\/strangercam.com\/"},{"@type":"ListItem","position":2,"name":"OnlineFreeChat"}]},{"@type":"WebSite","@id":"https:\/\/strangercam.com\/#website","url":"https:\/\/strangercam.com\/","name":"Strangercam","description":"Yabanc\u0131larla Rastgele G\u00f6r\u00fcnt\u00fcl\u00fc Sohbet","publisher":{"@id":"https:\/\/strangercam.com\/#organization"},"alternateName":"Strangercam.com","potentialAction":[{"@type":"SearchAction","target":{"@type":"EntryPoint","urlTemplate":"https:\/\/strangercam.com\/?s={search_term_string}"},"query-input":{"@type":"PropertyValueSpecification","valueRequired":true,"valueName":"search_term_string"}}],"inLanguage":"tr"},{"@type":"Organization","@id":"https:\/\/strangercam.com\/#organization","name":"Strangercam","alternateName":"Strangercam.com","url":"https:\/\/strangercam.com\/","logo":{"@type":"ImageObject","inLanguage":"tr","@id":"https:\/\/strangercam.com\/#\/schema\/logo\/image\/","url":"https:\/\/strangercam.com\/wp-content\/uploads\/2020\/11\/cropped-new-favicon-black.png","contentUrl":"https:\/\/strangercam.com\/wp-content\/uploads\/2020\/11\/cropped-new-favicon-black.png","width":512,"height":512,"caption":"Strangercam"},"image":{"@id":"https:\/\/strangercam.com\/#\/schema\/logo\/image\/"},"sameAs":["https:\/\/www.facebook.com\/strangercam","https:\/\/x.com\/strangercamapp"]}]}},"_links":{"self":[{"href":"https:\/\/strangercam.com\/tr\/wp-json\/wp\/v2\/pages\/12911","targetHints":{"allow":["GET"]}}],"collection":[{"href":"https:\/\/strangercam.com\/tr\/wp-json\/wp\/v2\/pages"}],"about":[{"href":"https:\/\/strangercam.com\/tr\/wp-json\/wp\/v2\/types\/page"}],"author":[{"embeddable":true,"href":"https:\/\/strangercam.com\/tr\/wp-json\/wp\/v2\/users\/6"}],"replies":[{"embeddable":true,"href":"https:\/\/strangercam.com\/tr\/wp-json\/wp\/v2\/comments?post=12911"}],"version-history":[{"count":1,"href":"https:\/\/strangercam.com\/tr\/wp-json\/wp\/v2\/pages\/12911\/revisions"}],"predecessor-version":[{"id":12912,"href":"https:\/\/strangercam.com\/tr\/wp-json\/wp\/v2\/pages\/12911\/revisions\/12912"}],"wp:attachment":[{"href":"https:\/\/strangercam.com\/tr\/wp-json\/wp\/v2\/media?parent=12911"}],"curies":[{"name":"wp","href":"https:\/\/api.w.org\/{rel}","templated":true}]}}