{"id":12909,"date":"2025-07-14T13:45:54","date_gmt":"2025-07-14T11:45:54","guid":{"rendered":"https:\/\/strangercam.com\/?page_id=12909"},"modified":"2025-07-14T13:46:15","modified_gmt":"2025-07-14T11:46:15","slug":"fox-video-chat","status":"publish","type":"page","link":"https:\/\/strangercam.com\/tr\/fox-video-chat\/","title":{"rendered":"Fox G\u00f6r\u00fcnt\u00fcl\u00fc Sohbet"},"content":{"rendered":"<p>M\u00fckemmel rastgele video aray\u0131\u015f\u0131 <a href=\"https:\/\/strangercam.com\/tr\/chathub\/\">sohbet<\/a> gibi klasiklere g\u00fcvenli, anonim ve e\u011flenceli alternatifler aramaya devam ediyor. <a href=\"https:\/\/strangercam.com\/tr\/omegle\/\">Omegle<\/a> ve <a href=\"https:\/\/strangercam.com\/tr\/chatroulette\/\">Chatroulette<\/a>. Fox Video Chat, h\u0131zl\u0131 ba\u011flant\u0131lar, kolay kullan\u0131m ve yabanc\u0131larla \u00e7evrimi\u00e7i bulu\u015fmak i\u00e7in samimi bir ortam vaat ederek k\u00fcresel sohbet toplulu\u011funun dikkatini \u00e7eken en yeni platformlardan biridir.<\/p>\n<p>Peki Fox Video Chat vaatlerini yerine getiriyor mu? 2025'teki di\u011fer platformlarla kar\u015f\u0131la\u015ft\u0131r\u0131ld\u0131\u011f\u0131nda nas\u0131l? Bu ayr\u0131nt\u0131l\u0131 incelemede, Fox Video Chat hakk\u0131nda bilmeniz gereken her \u015feyi ke\u015ffedece\u011fiz - \u00f6zellikleri, kullan\u0131c\u0131 taban\u0131, g\u00fcvenlik ara\u00e7lar\u0131 ve spontane \u00e7evrimi\u00e7i sohbetler i\u00e7in neden yeni favori yeriniz olabilece\u011fi.<\/p>\n<h2>Fox G\u00f6r\u00fcnt\u00fcl\u00fc Sohbet nedir?<\/h2>\n<p>Fox Video Chat, d\u00fcnyan\u0131n her yerinden yabanc\u0131larla an\u0131nda ba\u011flant\u0131 kurmak isteyen kullan\u0131c\u0131lar i\u00e7in tasarlanm\u0131\u015f taray\u0131c\u0131 tabanl\u0131, rastgele bire bir g\u00f6r\u00fcnt\u00fcl\u00fc sohbet sitesidir. Kay\u0131t veya indirme gerektirmeyen Fox Video Chat, kullan\u0131c\u0131 deneyiminin merkezine basitlik ve h\u0131z\u0131 koyar.<\/p>\n<p>Ruhani \u00f6nc\u00fclleri gibi, Fox G\u00f6r\u00fcnt\u00fcl\u00fc Sohbet de web kameras\u0131 ve mikrofon arac\u0131l\u0131\u011f\u0131yla \u00f6zel bir sohbet i\u00e7in sizi rastgele ba\u015fka bir kullan\u0131c\u0131yla e\u015fle\u015ftirir. \u0130ster arkada\u015f edinmek, ister fl\u00f6rt etmek, ister yeni bir dil prati\u011fi yapmak ya da sadece zaman ge\u00e7irmek isteyin, Fox Video Chat ger\u00e7ek zamanl\u0131 g\u00f6r\u00fcnt\u00fcl\u00fc sohbetlere kat\u0131lmak i\u00e7in kolay ve sorunsuz bir yol sunar.<\/p>\n<h2>Fox G\u00f6r\u00fcnt\u00fcl\u00fc Sohbetin Amac\u0131 Nedir?<\/h2>\n<p>Fox Video Chat'in misyonu, \u00e7evrimi\u00e7i yeni insanlarla tan\u0131\u015fmay\u0131 basit, e\u011flenceli ve g\u00fcvenli hale getirmektir. Platform \u015fu ki\u015filere hitap ediyor:<\/p>\n<ul>\n<li>Anonim, senaryosuz, y\u00fcz y\u00fcze etkile\u015fim isteyen<\/li>\n<li>Klasik Omegle deneyimini \u00f6zl\u00fcyor ancak modern \u00f6zellikler ve daha temiz bir ortam istiyor<\/li>\n<li>Sosyal ba\u011flant\u0131, e\u011flence veya k\u00fclt\u00fcrel de\u011fi\u015fim aray\u0131\u015f\u0131nda olanlar<\/li>\n<li>Gizlili\u011fe \u00f6nem veren ve kay\u0131t olmak veya herkese a\u00e7\u0131k bir profil olu\u015fturmak istemeyen<\/li>\n<\/ul>\n<p>Fox Video Chat, rastgele, ger\u00e7ek zamanl\u0131 kar\u015f\u0131la\u015fmalar\u0131n ham heyecan\u0131na odaklanmak i\u00e7in sosyal beslemeleri, k\u00fcrat\u00f6rl\u00fc profilleri ve e\u015fle\u015ftirme algoritmalar\u0131n\u0131 ortadan kald\u0131r\u0131r.<\/p>\n<h2>Temel \u00d6zellikler<\/h2>\n<p>1. Bire Bir Rastgele G\u00f6r\u00fcnt\u00fcl\u00fc Sohbet<br \/>\nFox Video Chat'in kalbi h\u0131zl\u0131, anonim, kameradan kameraya konu\u015fmalard\u0131r. Kullan\u0131c\u0131lar, istedikleri zaman atlama veya devam etme \u00f6zg\u00fcrl\u00fc\u011f\u00fc ile \u00f6zel g\u00f6r\u00fcnt\u00fcl\u00fc sohbetler i\u00e7in an\u0131nda e\u015fle\u015ftirilir.<\/p>\n<p>2. Atla\/Sonraki D\u00fc\u011fmesi<br \/>\nSohbet uygun de\u011filse, Sonraki d\u00fc\u011fmesiyle h\u0131zl\u0131 bir \u015fekilde devam edebilirsiniz. Kullan\u0131c\u0131lar aras\u0131ndaki ge\u00e7i\u015fler sorunsuzdur, etkile\u015fimleri dinamik ve heyecan verici tutar.<\/p>\n<p>3. Metin Sohbeti Se\u00e7ene\u011fi<br \/>\nFox G\u00f6r\u00fcnt\u00fcl\u00fc Sohbet ayr\u0131ca salt metin modu da sunar. Bu, kameradan \u00e7ekinen, s\u0131n\u0131rl\u0131 bant geni\u015fli\u011fine sahip olan veya sadece yazmay\u0131 konu\u015fmaya tercih eden kullan\u0131c\u0131lar i\u00e7in idealdir.<\/p>\n<p>4. Kay\u0131t Gerekmiyor<br \/>\nEn b\u00fcy\u00fck avantajlar\u0131ndan biri tam anonimlik; hesap yok, kullan\u0131c\u0131 ad\u0131 yok, e-posta adresi gerekmiyor. Sadece kamera ve mikrofon eri\u015fimine izin veriyorsunuz ve ba\u015flamaya haz\u0131rs\u0131n\u0131z.<\/p>\n<p>5. Mobil ve Masa\u00fcst\u00fc Uyumlulu\u011fu<br \/>\nPlatform hem masa\u00fcst\u00fc hem de mobil taray\u0131c\u0131lar i\u00e7in tamamen optimize edilmi\u015ftir. \u0130ster telefon, ister tablet veya diz\u00fcst\u00fc bilgisayar kullan\u0131yor olun, Fox Video Chat'in aray\u00fcz\u00fc sorunsuz bir deneyim i\u00e7in uyum sa\u011flar.<\/p>\n<p>6. Temiz, Modern Aray\u00fcz<br \/>\nFox Video Chat minimal ve sezgisel bir kullan\u0131c\u0131 aray\u00fcz\u00fc sunar. Odak noktas\u0131 b\u00fcy\u00fck video pencereleri, basit kontroller ve dikkat da\u011f\u0131tmayan bir d\u00fczen. Her \u015feyi bulmak ve kullanmak kolayd\u0131r.<\/p>\n<p>7. Raporlama ve Moderasyon Ara\u00e7lar\u0131<br \/>\nKullan\u0131c\u0131 g\u00fcvenli\u011fi, g\u00f6ze \u00e7arpan bir rapor d\u00fc\u011fmesi ile desteklenir. Uygunsuz kullan\u0131c\u0131lar i\u015faretlenebilir ve Fox Video Chat, ortam\u0131 dost\u00e7a ve g\u00fcvenli tutmaya yard\u0131mc\u0131 olmak i\u00e7in hem insan moderat\u00f6rleri hem de temel yapay zeka kullan\u0131r.<\/p>\n<h2>Fox G\u00f6r\u00fcnt\u00fcl\u00fc Sohbet \u00dccretsiz mi?<\/h2>\n<p>Evet, kullan\u0131m\u0131 tamamen \u00fccretsizdir. G\u00f6r\u00fcnt\u00fcl\u00fc ve yaz\u0131l\u0131 sohbet, atlama ve raporlama dahil olmak \u00fczere t\u00fcm \u00f6zellikler, \u00f6deme duvarlar\u0131, abonelikler veya uygulama i\u00e7i sat\u0131n al\u0131mlar olmadan t\u00fcm kullan\u0131c\u0131lar taraf\u0131ndan kullan\u0131labilir.<\/p>\n<p>Fox Video Chat, faaliyetlerini desteklemek i\u00e7in ara s\u0131ra m\u00fcdahaleci olmayan reklamlar g\u00f6r\u00fcnt\u00fcleyebilir, ancak gizli maliyetler veya kilitli \u00f6zellikler yoktur.<\/p>\n<h2>Fox G\u00f6r\u00fcnt\u00fcl\u00fc Sohbeti Kimler Kullan\u0131yor?<\/h2>\n<p>Fox Video Chat, k\u0131sa s\u00fcrede \u00e7ok \u00e7e\u015fitli ve uluslararas\u0131 bir kullan\u0131c\u0131 taban\u0131na sahip oldu:<\/p>\n<ul>\n<li>Ya\u015f aral\u0131\u011f\u0131 \u00d6ncelikli olarak 18-35, ancak t\u00fcm yeti\u015fkinlere a\u00e7\u0131k (18+)<\/li>\n<li>Konumlar: ABD, \u0130ngiltere, Hindistan, Almanya, Brezilya, Filipinler ve daha bir\u00e7ok \u00fclkeden kullan\u0131c\u0131lar<\/li>\n<li>\u0130lgi alanlar\u0131: Sosyalle\u015fmek, fl\u00f6rt etmek, dil prati\u011fi yapmak, arkada\u015f edinmek veya g\u00fcndelik e\u011flence<\/li>\n<\/ul>\n<p>Hem erkek hem de kad\u0131n kullan\u0131c\u0131lar aktiftir, ancak - rastgele sohbet platformlar\u0131nda tipik oldu\u011fu gibi - daha b\u00fcy\u00fck bir erkek varl\u0131\u011f\u0131 vard\u0131r. Cazibesi spontanl\u0131kta yat\u0131yor: kiminle sohbet edece\u011finizi asla bilemezsiniz. <a href=\"https:\/\/strangercam.com\/tr\/coomeet\/\">tan\u0131\u015fmak<\/a> Sonraki.<\/p>\n<h2>G\u00fcvenlik, Gizlilik ve Moderasyon<\/h2>\n<p>Fox Video Chat, rastgele g\u00f6r\u00fcnt\u00fcl\u00fc sohbette gizlilik ve kullan\u0131c\u0131 g\u00fcvenli\u011fi ihtiyac\u0131n\u0131 kabul eder ve \u00e7e\u015fitli g\u00fcvenlik \u00f6nlemleri uygular:<\/p>\n<h3>Gizlilik<\/h3>\n<ul>\n<li>Kay\u0131t veya hesap olu\u015fturma yok: Kullan\u0131c\u0131lar her zaman anonim kal\u0131r.<\/li>\n<li>Veri toplama yok: \u0130sim, e-posta veya telefon numaras\u0131 gerekmez.<\/li>\n<li>Kay\u0131t yok: Sohbetler kaydedilmez veya saklanmaz.<\/li>\n<\/ul>\n<h3>Moderasyon<\/h3>\n<ul>\n<li>Sohbet i\u00e7i raporlama: Kullan\u0131c\u0131lar sald\u0131rgan veya taciz edici davran\u0131\u015flar\u0131 h\u0131zl\u0131 bir \u015fekilde bildirebilir.<\/li>\n<li>Yapay zeka alg\u0131lama: Temel filtreler \u00e7\u0131plakl\u0131\u011f\u0131 veya m\u00fcstehcen i\u00e7eri\u011fi tespit etmeye yard\u0131mc\u0131 olur.<\/li>\n<li>\u0130nsan moderasyonu: Raporlar incelenir ve tekrar eden su\u00e7lular yasaklan\u0131r.<\/li>\n<\/ul>\n<h3>En \u0130yi Uygulamalar<\/h3>\n<ul>\n<li>Sohbette asla ki\u015fisel bilgilerinizi payla\u015fmay\u0131n.<\/li>\n<li>Rahats\u0131z oluyorsan\u0131z \"\u0130leri\" ve \"Rapor Et\" d\u00fc\u011fmelerini bolca kullan\u0131n.<\/li>\n<li>\u015e\u00fcpheli kullan\u0131c\u0131larla etkile\u015fime girmekten ka\u00e7\u0131n\u0131n ve konu\u015fmalar\u0131 hafif ve sayg\u0131l\u0131 tutun.<\/li>\n<\/ul>\n<h2>Kullan\u0131c\u0131 Deneyimi ve Tasar\u0131m<\/h2>\n<p>Fox Video Chat'in modern, hafif aray\u00fcz\u00fc h\u0131zl\u0131 ve keyifli sohbet i\u00e7in tasarlanm\u0131\u015ft\u0131r:<\/p>\n<ul>\n<li>Ana sayfada b\u00fcy\u00fck bir \"Ba\u015flat\" d\u00fc\u011fmesi, gizlilik bilgileri ve kurallar yer al\u0131yor.<\/li>\n<li>Video ak\u0131\u015flar\u0131 b\u00fcy\u00fck ve nettir; ses kapatma, atlama ve raporlama kontrollerine kolay eri\u015fim sa\u011flan\u0131r.<\/li>\n<li>Sohbet ge\u00e7i\u015fleri h\u0131zl\u0131d\u0131r ve ma\u00e7lar aras\u0131nda minimum kesinti s\u00fcresi vard\u0131r.<\/li>\n<li>Site, h\u0131zl\u0131 y\u00fckleme s\u00fcreleri ve orta s\u0131n\u0131f cihazlarda bile sorunsuz \u00e7al\u0131\u015fma i\u00e7in optimize edilmi\u015ftir.<\/li>\n<\/ul>\n<p>Mobil deneyim \u00f6zellikle iyi, bu da Fox Video Chat'i hareket halindeyken sohbet etmek i\u00e7in harika bir se\u00e7enek haline getiriyor.<\/p>\n<h2>Fox G\u00f6r\u00fcnt\u00fcl\u00fc Sohbet vs Di\u011fer Rastgele Sohbet Platformlar\u0131<\/h2>\n<p>Fox Video Chat, 2025'teki di\u011fer en iyi g\u00f6r\u00fcnt\u00fcl\u00fc sohbet sitelerine k\u0131yasla nas\u0131l?<\/p>\n<table>\n<thead>\n<tr>\n<th>\u00d6zellik<\/th>\n<th>Fox G\u00f6r\u00fcnt\u00fcl\u00fc Sohbet<\/th>\n<th>Omegle (kapal\u0131)<\/th>\n<th>Chatroulette<\/th>\n<th>Chatrandom<\/th>\n<th>Ohmegle<\/th>\n<\/tr>\n<\/thead>\n<tbody>\n<tr>\n<td>Rastgele G\u00f6r\u00fcnt\u00fcl\u00fc Sohbet<\/td>\n<td>Evet<\/td>\n<td>Evet<\/td>\n<td>Evet<\/td>\n<td>Evet<\/td>\n<td>Evet<\/td>\n<\/tr>\n<tr>\n<td>Metin Sohbeti Se\u00e7ene\u011fi<\/td>\n<td>Evet<\/td>\n<td>Evet<\/td>\n<td>Hay\u0131r<\/td>\n<td>Evet<\/td>\n<td>Evet<\/td>\n<\/tr>\n<tr>\n<td>Kay\u0131t Gerekli<\/td>\n<td>Hay\u0131r<\/td>\n<td>Hay\u0131r<\/td>\n<td>Hay\u0131r<\/td>\n<td>Opsiyonel<\/td>\n<td>Hay\u0131r<\/td>\n<\/tr>\n<tr>\n<td>Mobil Destek<\/td>\n<td>M\u00fckemmel<\/td>\n<td>Zay\u0131f<\/td>\n<td>\u0130yi<\/td>\n<td>\u0130yi<\/td>\n<td>M\u00fckemmel<\/td>\n<\/tr>\n<tr>\n<td>Moderasyon Ara\u00e7lar\u0131<\/td>\n<td>Orta d\u00fczeyde<\/td>\n<td>Minimal<\/td>\n<td>Zay\u0131f<\/td>\n<td>Orta d\u00fczeyde<\/td>\n<td>Orta d\u00fczeyde<\/td>\n<\/tr>\n<tr>\n<td>\u00dccretsiz Kullan\u0131m<\/td>\n<td>Evet<\/td>\n<td>Evet<\/td>\n<td>Evet<\/td>\n<td>Evet\/\u00d6dendi<\/td>\n<td>Evet<\/td>\n<\/tr>\n<tr>\n<td>Cinsiyet\/B\u00f6lge Filtreleri<\/td>\n<td>Hay\u0131r<\/td>\n<td>Hay\u0131r<\/td>\n<td>Hay\u0131r<\/td>\n<td>\u00dccretli<\/td>\n<td>Hay\u0131r<\/td>\n<\/tr>\n<\/tbody>\n<\/table>\n<p>\u00d6zet: Bir\u00e7ok rakibinden daha temiz bir aray\u00fcz ve daha iyi mobil destek ile orijinal Omegle'ye en yak\u0131n deneyimi sunuyor. Moderasyon ara\u00e7lar\u0131 geli\u015fiyor, ancak as\u0131l cazibesi sitenin basitli\u011fi ve h\u0131z\u0131.<\/p>\n<h2>Art\u0131lar\u0131 ve Eksileri<\/h2>\n<p>Art\u0131lar\u0131:<\/p>\n<ul>\n<li>100% \u00fccretsiz ve anonim<\/li>\n<li>Kay\u0131t veya indirme gerekmez<\/li>\n<li>H\u0131zl\u0131, sorunsuz e\u015fle\u015ftirme ve sohbet ge\u00e7i\u015fleri<\/li>\n<li>Hem masa\u00fcst\u00fc hem de mobil cihazlar i\u00e7in temiz, sezgisel aray\u00fcz<\/li>\n<li>G\u00f6r\u00fcnt\u00fcl\u00fc ve yaz\u0131l\u0131 sohbet modlar\u0131 mevcuttur<\/li>\n<li>K\u00fcresel kullan\u0131c\u0131 taban\u0131<\/li>\n<\/ul>\n<p>Eksiler:<\/p>\n<ul>\n<li>Cinsiyet veya konum filtrelemesi yok<\/li>\n<li>Ara s\u0131ra uygunsuz davran\u0131\u015flara maruz kalma (t\u00fcm rastgele sohbet sitelerinde ortakt\u0131r)<\/li>\n<li>Kad\u0131n kullan\u0131c\u0131lardan daha fazla erkek kullan\u0131c\u0131<\/li>\n<li>Profil veya ge\u00e7mi\u015f kullan\u0131c\u0131larla yeniden ba\u011flant\u0131 kurma olana\u011f\u0131 yok<\/li>\n<\/ul>\n<h2>\u0130deal Kullan\u0131m \u00d6rnekleri<\/h2>\n<p>G\u00f6r\u00fcnt\u00fcl\u00fc Sohbet \u015funlar i\u00e7in m\u00fckemmeldir:<\/p>\n<ul>\n<li>Klasik rastgele sohbet platformlar\u0131na \u00f6zlem duyan kullan\u0131c\u0131lar<\/li>\n<li>Yabanc\u0131larla spontane sohbet aray\u0131\u015f\u0131nda olan ki\u015filer<\/li>\n<li>Ger\u00e7ek zamanl\u0131 pratik yapmak isteyen dil \u00f6\u011frencileri<\/li>\n<li>Uluslararas\u0131 ba\u011flant\u0131lar arayan gezginler ve gurbet\u00e7iler<\/li>\n<li>Herhangi bir taahh\u00fct veya kay\u0131t olmadan can s\u0131k\u0131nt\u0131s\u0131n\u0131 gidermek isteyen herkes<\/li>\n<\/ul>\n<p>Daha az ideal:<\/p>\n<ul>\n<li>Randevuya \u00f6zel \u00f6zellikler veya se\u00e7ilmi\u015f e\u015fle\u015fmeler arayanlar<\/li>\n<li>18 ya\u015f\u0131ndan k\u00fc\u00e7\u00fck kullan\u0131c\u0131lar (platform yaln\u0131zca yeti\u015fkinler i\u00e7indir)<\/li>\n<li>Ge\u00e7mi\u015f sohbet ortaklar\u0131yla yeniden ba\u011flant\u0131 kurmak veya onlar\u0131 takip etmek isteyen ki\u015filer<\/li>\n<\/ul>\n<h2>Nihai Karar<\/h2>\n<p>Fox Video Chat, 2025 y\u0131l\u0131nda rastgele \u00e7evrimi\u00e7i g\u00f6r\u00fcnt\u00fcl\u00fc sohbetin e\u011flencesini ve heyecan\u0131n\u0131 yeniden yakalamak isteyen herkes i\u00e7in g\u00f6ze \u00e7arpan bir se\u00e7imdir. Anonim, kay\u0131t gerektirmeyen yakla\u015f\u0131m\u0131, h\u0131zl\u0131 ve modern bir aray\u00fczle birle\u015fti\u011finde, onu bug\u00fcn mevcut olan en eri\u015filebilir ve keyifli sohbet ruleti platformlar\u0131ndan biri haline getiriyor.<\/p>\n<p>\u0130ster yeni arkada\u015flar, ister g\u00fcndelik fl\u00f6rt, ister sadece zaman ge\u00e7irmek i\u00e7in e\u011flenceli bir yol ar\u0131yor olun, spontane k\u00fcresel ba\u011flant\u0131lar i\u00e7in g\u00fcvenli, hafif ve tamamen \u00fccretsiz bir ortam sunar. Profillerle, \u00fcst sat\u0131\u015flarla veya m\u00fcdahaleci reklamlarla dolu de\u011fildir; sadece saf, h\u0131zl\u0131, anonim sohbet.<\/p>\n<p>Omegle deneyimine modern bir dokunu\u015f istiyorsan\u0131z, kesinlikle denemeye de\u011fer.<\/p>","protected":false},"excerpt":{"rendered":"<p>The search for the perfect random video chat site continues as users seek safe, anonymous, and fun alternatives to classics like Omegle and Chatroulette. Fox Video Chat is one of the latest platforms to catch the eye of the global chat community, promising fast connections, easy use, and a friendly environment for meeting strangers online. [&hellip;]<\/p>\n","protected":false},"author":6,"featured_media":0,"parent":0,"menu_order":0,"comment_status":"closed","ping_status":"closed","template":"","meta":{"footnotes":""},"class_list":["post-12909","page","type-page","status-publish","hentry"],"yoast_head":"<!-- This site is optimized with the Yoast SEO plugin v26.9 - https:\/\/yoast.com\/product\/yoast-seo-wordpress\/ -->\n<title>Fox Video Chat - Video Chat with Strangers on StrangerCam.com<\/title>\n<meta name=\"description\" content=\"Like Fox Video Chat? Come chat with more than 5.000.000 strangers on Stranger Cam for Free! Turn on your cam and find new friends &amp; maby a match!\" \/>\n<meta name=\"robots\" content=\"index, follow, max-snippet:-1, max-image-preview:large, max-video-preview:-1\" \/>\n<link rel=\"canonical\" href=\"https:\/\/strangercam.com\/tr\/fox-video-chat\/\" \/>\n<meta property=\"og:locale\" content=\"tr_TR\" \/>\n<meta property=\"og:type\" content=\"article\" \/>\n<meta property=\"og:title\" content=\"Fox Video Chat - Video Chat with Strangers on StrangerCam.com\" \/>\n<meta property=\"og:description\" content=\"Like Fox Video Chat? Come chat with more than 5.000.000 strangers on Stranger Cam for Free! Turn on your cam and find new friends &amp; maby a match!\" \/>\n<meta property=\"og:url\" content=\"https:\/\/strangercam.com\/tr\/fox-video-chat\/\" \/>\n<meta property=\"og:site_name\" content=\"Strangercam\" \/>\n<meta property=\"article:publisher\" content=\"https:\/\/www.facebook.com\/strangercam\" \/>\n<meta property=\"article:modified_time\" content=\"2025-07-14T11:46:15+00:00\" \/>\n<meta property=\"og:image\" content=\"https:\/\/strangercam.com\/wp-content\/uploads\/2021\/10\/Untitled-2.png\" \/>\n\t<meta property=\"og:image:width\" content=\"800\" \/>\n\t<meta property=\"og:image:height\" content=\"532\" \/>\n\t<meta property=\"og:image:type\" content=\"image\/png\" \/>\n<meta name=\"twitter:card\" content=\"summary_large_image\" \/>\n<meta name=\"twitter:site\" content=\"@strangercamapp\" \/>\n<meta name=\"twitter:label1\" content=\"Tahmini okuma s\u00fcresi\" \/>\n\t<meta name=\"twitter:data1\" content=\"6 dakika\" \/>\n<script type=\"application\/ld+json\" class=\"yoast-schema-graph\">{\"@context\":\"https:\/\/schema.org\",\"@graph\":[{\"@type\":\"WebPage\",\"@id\":\"https:\/\/strangercam.com\/fox-video-chat\/\",\"url\":\"https:\/\/strangercam.com\/fox-video-chat\/\",\"name\":\"Fox Video Chat - Video Chat with Strangers on StrangerCam.com\",\"isPartOf\":{\"@id\":\"https:\/\/strangercam.com\/#website\"},\"datePublished\":\"2025-07-14T11:45:54+00:00\",\"dateModified\":\"2025-07-14T11:46:15+00:00\",\"description\":\"Like Fox Video Chat? Come chat with more than 5.000.000 strangers on Stranger Cam for Free! Turn on your cam and find new friends & maby a match!\",\"breadcrumb\":{\"@id\":\"https:\/\/strangercam.com\/fox-video-chat\/#breadcrumb\"},\"inLanguage\":\"tr\",\"potentialAction\":[{\"@type\":\"ReadAction\",\"target\":[\"https:\/\/strangercam.com\/fox-video-chat\/\"]}]},{\"@type\":\"BreadcrumbList\",\"@id\":\"https:\/\/strangercam.com\/fox-video-chat\/#breadcrumb\",\"itemListElement\":[{\"@type\":\"ListItem\",\"position\":1,\"name\":\"Home\",\"item\":\"https:\/\/strangercam.com\/\"},{\"@type\":\"ListItem\",\"position\":2,\"name\":\"Fox Video Chat\"}]},{\"@type\":\"WebSite\",\"@id\":\"https:\/\/strangercam.com\/#website\",\"url\":\"https:\/\/strangercam.com\/\",\"name\":\"Strangercam\",\"description\":\"Random Video Chat with Strangers\",\"publisher\":{\"@id\":\"https:\/\/strangercam.com\/#organization\"},\"alternateName\":\"Strangercam.com\",\"potentialAction\":[{\"@type\":\"SearchAction\",\"target\":{\"@type\":\"EntryPoint\",\"urlTemplate\":\"https:\/\/strangercam.com\/?s={search_term_string}\"},\"query-input\":{\"@type\":\"PropertyValueSpecification\",\"valueRequired\":true,\"valueName\":\"search_term_string\"}}],\"inLanguage\":\"tr\"},{\"@type\":\"Organization\",\"@id\":\"https:\/\/strangercam.com\/#organization\",\"name\":\"Strangercam\",\"alternateName\":\"Strangercam.com\",\"url\":\"https:\/\/strangercam.com\/\",\"logo\":{\"@type\":\"ImageObject\",\"inLanguage\":\"tr\",\"@id\":\"https:\/\/strangercam.com\/#\/schema\/logo\/image\/\",\"url\":\"https:\/\/strangercam.com\/wp-content\/uploads\/2020\/11\/cropped-new-favicon-black.png\",\"contentUrl\":\"https:\/\/strangercam.com\/wp-content\/uploads\/2020\/11\/cropped-new-favicon-black.png\",\"width\":512,\"height\":512,\"caption\":\"Strangercam\"},\"image\":{\"@id\":\"https:\/\/strangercam.com\/#\/schema\/logo\/image\/\"},\"sameAs\":[\"https:\/\/www.facebook.com\/strangercam\",\"https:\/\/x.com\/strangercamapp\"]}]}<\/script>\n<!-- \/ Yoast SEO plugin. -->","yoast_head_json":{"title":"Fox G\u00f6r\u00fcnt\u00fcl\u00fc Sohbet - StrangerCam.com'da Yabanc\u0131larla G\u00f6r\u00fcnt\u00fcl\u00fc Sohbet","description":"Fox G\u00f6r\u00fcnt\u00fcl\u00fc Sohbet gibi mi? Gelin Stranger Cam'de 5.000.000'dan fazla yabanc\u0131yla \u00dccretsiz sohbet edin! Kameran\u0131z\u0131 a\u00e7\u0131n ve yeni arkada\u015flar ve belki bir e\u015fle\u015fme bulun!","robots":{"index":"index","follow":"follow","max-snippet":"max-snippet:-1","max-image-preview":"max-image-preview:large","max-video-preview":"max-video-preview:-1"},"canonical":"https:\/\/strangercam.com\/tr\/fox-video-chat\/","og_locale":"tr_TR","og_type":"article","og_title":"Fox Video Chat - Video Chat with Strangers on StrangerCam.com","og_description":"Like Fox Video Chat? Come chat with more than 5.000.000 strangers on Stranger Cam for Free! Turn on your cam and find new friends & maby a match!","og_url":"https:\/\/strangercam.com\/tr\/fox-video-chat\/","og_site_name":"Strangercam","article_publisher":"https:\/\/www.facebook.com\/strangercam","article_modified_time":"2025-07-14T11:46:15+00:00","og_image":[{"width":800,"height":532,"url":"https:\/\/strangercam.com\/wp-content\/uploads\/2021\/10\/Untitled-2.png","type":"image\/png"}],"twitter_card":"summary_large_image","twitter_site":"@strangercamapp","twitter_misc":{"Tahmini okuma s\u00fcresi":"6 dakika"},"schema":{"@context":"https:\/\/schema.org","@graph":[{"@type":"WebPage","@id":"https:\/\/strangercam.com\/fox-video-chat\/","url":"https:\/\/strangercam.com\/fox-video-chat\/","name":"Fox G\u00f6r\u00fcnt\u00fcl\u00fc Sohbet - StrangerCam.com'da Yabanc\u0131larla G\u00f6r\u00fcnt\u00fcl\u00fc Sohbet","isPartOf":{"@id":"https:\/\/strangercam.com\/#website"},"datePublished":"2025-07-14T11:45:54+00:00","dateModified":"2025-07-14T11:46:15+00:00","description":"Fox G\u00f6r\u00fcnt\u00fcl\u00fc Sohbet gibi mi? Gelin Stranger Cam'de 5.000.000'dan fazla yabanc\u0131yla \u00dccretsiz sohbet edin! Kameran\u0131z\u0131 a\u00e7\u0131n ve yeni arkada\u015flar ve belki bir e\u015fle\u015fme bulun!","breadcrumb":{"@id":"https:\/\/strangercam.com\/fox-video-chat\/#breadcrumb"},"inLanguage":"tr","potentialAction":[{"@type":"ReadAction","target":["https:\/\/strangercam.com\/fox-video-chat\/"]}]},{"@type":"BreadcrumbList","@id":"https:\/\/strangercam.com\/fox-video-chat\/#breadcrumb","itemListElement":[{"@type":"ListItem","position":1,"name":"Home","item":"https:\/\/strangercam.com\/"},{"@type":"ListItem","position":2,"name":"Fox Video Chat"}]},{"@type":"WebSite","@id":"https:\/\/strangercam.com\/#website","url":"https:\/\/strangercam.com\/","name":"Strangercam","description":"Yabanc\u0131larla Rastgele G\u00f6r\u00fcnt\u00fcl\u00fc Sohbet","publisher":{"@id":"https:\/\/strangercam.com\/#organization"},"alternateName":"Strangercam.com","potentialAction":[{"@type":"SearchAction","target":{"@type":"EntryPoint","urlTemplate":"https:\/\/strangercam.com\/?s={search_term_string}"},"query-input":{"@type":"PropertyValueSpecification","valueRequired":true,"valueName":"search_term_string"}}],"inLanguage":"tr"},{"@type":"Organization","@id":"https:\/\/strangercam.com\/#organization","name":"Strangercam","alternateName":"Strangercam.com","url":"https:\/\/strangercam.com\/","logo":{"@type":"ImageObject","inLanguage":"tr","@id":"https:\/\/strangercam.com\/#\/schema\/logo\/image\/","url":"https:\/\/strangercam.com\/wp-content\/uploads\/2020\/11\/cropped-new-favicon-black.png","contentUrl":"https:\/\/strangercam.com\/wp-content\/uploads\/2020\/11\/cropped-new-favicon-black.png","width":512,"height":512,"caption":"Strangercam"},"image":{"@id":"https:\/\/strangercam.com\/#\/schema\/logo\/image\/"},"sameAs":["https:\/\/www.facebook.com\/strangercam","https:\/\/x.com\/strangercamapp"]}]}},"_links":{"self":[{"href":"https:\/\/strangercam.com\/tr\/wp-json\/wp\/v2\/pages\/12909","targetHints":{"allow":["GET"]}}],"collection":[{"href":"https:\/\/strangercam.com\/tr\/wp-json\/wp\/v2\/pages"}],"about":[{"href":"https:\/\/strangercam.com\/tr\/wp-json\/wp\/v2\/types\/page"}],"author":[{"embeddable":true,"href":"https:\/\/strangercam.com\/tr\/wp-json\/wp\/v2\/users\/6"}],"replies":[{"embeddable":true,"href":"https:\/\/strangercam.com\/tr\/wp-json\/wp\/v2\/comments?post=12909"}],"version-history":[{"count":1,"href":"https:\/\/strangercam.com\/tr\/wp-json\/wp\/v2\/pages\/12909\/revisions"}],"predecessor-version":[{"id":12910,"href":"https:\/\/strangercam.com\/tr\/wp-json\/wp\/v2\/pages\/12909\/revisions\/12910"}],"wp:attachment":[{"href":"https:\/\/strangercam.com\/tr\/wp-json\/wp\/v2\/media?parent=12909"}],"curies":[{"name":"wp","href":"https:\/\/api.w.org\/{rel}","templated":true}]}}