{"id":12905,"date":"2025-07-14T13:38:21","date_gmt":"2025-07-14T11:38:21","guid":{"rendered":"https:\/\/strangercam.com\/?page_id=12905"},"modified":"2025-07-14T13:38:21","modified_gmt":"2025-07-14T11:38:21","slug":"stranger-space","status":"publish","type":"page","link":"https:\/\/strangercam.com\/tr\/stranger-space\/","title":{"rendered":"Yabanc\u0131 Uzay"},"content":{"rendered":"<p>Bu kadar \u00e7ok rastgele video ile <a href=\"https:\/\/strangercam.com\/tr\/chathub\/\">sohbet<\/a> 2025'te dikkat \u00e7ekmek i\u00e7in yar\u0131\u015fan platformlar aras\u0131nda anonimlik, g\u00fcvenlik ve modern bir kullan\u0131c\u0131 deneyimini Stranger Space kadar iyi dengeleyen bir site bulmak nadirdir. Spontane y\u00fcz y\u00fcze ba\u011flant\u0131lar kurmak isteyen kullan\u0131c\u0131lar i\u00e7in tasarland\u0131 - ancak eski platformlar\u0131 rahats\u0131z eden tuzaklar olmadan-Stranger Space, ak\u0131ll\u0131 tasar\u0131m se\u00e7imleri, yerle\u015fik moderasyon ve taze, s\u0131cak bir atmosfer ile kendini ay\u0131r\u0131yor.<\/p>\n<p>Peki Stranger Space yabanc\u0131larla g\u00f6r\u00fcnt\u00fcl\u00fc sohbet i\u00e7in en iyi yeni yer mi? G\u00fcvenli, kullan\u0131m\u0131 kolay ve ger\u00e7ekten e\u011flenceli mi? Bu ayr\u0131nt\u0131l\u0131 incelemede, bilmeniz gereken her \u015feyi ele alaca\u011f\u0131z: nas\u0131l \u00e7al\u0131\u015f\u0131r, kimler kullan\u0131r, onu farkl\u0131 k\u0131lan nedir ve 2025'teki di\u011fer en iyi g\u00f6r\u00fcnt\u00fcl\u00fc sohbet siteleriyle nas\u0131l kar\u015f\u0131la\u015ft\u0131r\u0131l\u0131r.<\/p>\n<h2>Stranger Space nedir?<\/h2>\n<p>Stranger Space, sizi d\u00fcnyan\u0131n her yerinden yabanc\u0131larla an\u0131nda bulu\u015fturan \u00fccretsiz, taray\u0131c\u0131 tabanl\u0131 rastgele bir g\u00f6r\u00fcnt\u00fcl\u00fc sohbet platformudur. Kullan\u0131c\u0131lar, bir hesap olu\u015fturmaya veya herhangi bir uygulama indirmeye gerek kalmadan \u00f6zel, bire bir video g\u00f6r\u00fc\u015fmeleri yapabilir veya metin sohbetine ge\u00e7ebilirler.<\/p>\n<p>Odak noktas\u0131 kolay, anonim ve ger\u00e7ek zamanl\u0131 ileti\u015fimdir. Siteyi a\u00e7man\u0131z, web kameran\u0131za ve mikrofonunuza izin vermeniz ve sohbete ba\u015flamak i\u00e7in t\u0131klaman\u0131z yeterlidir. Stranger Space'in temiz aray\u00fcz\u00fc ve modern tasar\u0131m\u0131, saniyeler i\u00e7inde yeni biriyle konu\u015fabilece\u011finiz anlam\u0131na gelir.<\/p>\n<h2>Stranger Space'in Amac\u0131 Nedir?<\/h2>\n<p>Stranger Space'nin misyonu, klasik rastgele sohbet platformlar\u0131n\u0131n heyecan\u0131n\u0131 ve sadeli\u011fini yeniden canland\u0131rmakt\u0131r - ayn\u0131 zamanda a\u015fa\u011f\u0131daki gibi siteleri yapan g\u00fcvenlik, gizlilik ve kullan\u0131labilirlik eksikliklerini gidermektir <a href=\"https:\/\/strangercam.com\/tr\/omegle\/\">Omegle<\/a> rezil.<\/p>\n<p>Stranger Space i\u00e7in in\u015fa edilmi\u015ftir:<\/p>\n<ul>\n<li>Spontane, senaryosuz y\u00fcz y\u00fcze etkile\u015fim isteyen ki\u015filer<\/li>\n<li>Anonimli\u011fe ve veri gizlili\u011fine \u00f6nem veren kullan\u0131c\u0131lar<\/li>\n<li>Sonsuz profillerden, sosyal ak\u0131\u015flardan ve kayd\u0131rmalardan b\u0131kan herkes<\/li>\n<li>Dil \u00f6\u011frenenler ve ufuklar\u0131n\u0131 geni\u015fletmek isteyen gezginler<\/li>\n<\/ul>\n<p>Her \u015feyden \u00f6nce, insanlar\u0131 h\u0131zl\u0131 ve g\u00fcvenli bir \u015fekilde birbirine ba\u011flayarak yeni k\u00fclt\u00fcrler, fikirler ve arkada\u015fl\u0131klar deneyimlemenize veya uzun bir g\u00fcn\u00fcn ard\u0131ndan biraz stres atman\u0131za olanak tan\u0131r.<\/p>\n<h2>Temel \u00d6zellikler<\/h2>\n<p>1. Anonim Bire Bir G\u00f6r\u00fcnt\u00fcl\u00fc Sohbet<br \/>\nStranger Space'in \u00f6z\u00fc \u00f6zel, rastgele g\u00f6r\u00fcnt\u00fcl\u00fc sohbettir. Ba\u015flamak i\u00e7in t\u0131klay\u0131n ve d\u00fcnyan\u0131n herhangi bir yerindeki ba\u015fka bir kullan\u0131c\u0131yla an\u0131nda e\u015fle\u015fin. Hesap yok, ki\u015fisel bilgi gerekmiyor ve her konu\u015fma benzersiz.<\/p>\n<p>2. Atla\/Sonraki D\u00fc\u011fmesi<br \/>\nKonu\u015fma iyi gitmiyorsa veya sadece bir de\u011fi\u015fikli\u011fe haz\u0131rsan\u0131z, \"\u0130leri\" d\u00fc\u011fmesine bas\u0131n. An\u0131nda ba\u015fka bir kullan\u0131c\u0131yla e\u015fle\u015ftirileceksiniz. Bu h\u0131zl\u0131 d\u00f6ng\u00fc, deneyimi taze ve dinamik tutar.<\/p>\n<p>3. Metin Sohbeti Se\u00e7ene\u011fi<br \/>\nKameradan \u00e7ekinen veya bant geni\u015fli\u011fi sorunu ya\u015fayanlar i\u00e7in Stranger Space sadece metin modu sunuyor. Metin ve video aras\u0131nda diledi\u011finiz gibi ge\u00e7i\u015f yapabilirsiniz, bu da onu her t\u00fcr kullan\u0131c\u0131 i\u00e7in \u00e7ok y\u00f6nl\u00fc hale getirir.<\/p>\n<p>4. Kay\u0131t veya \u0130ndirme Yok<br \/>\nAsla bir hesap olu\u015fturman\u0131z, profil olu\u015fturman\u0131z veya herhangi bir yaz\u0131l\u0131m indirmeniz gerekmez. Stranger Space hem masa\u00fcst\u00fc hem de mobil cihazlarda do\u011frudan taray\u0131c\u0131n\u0131zda \u00e7al\u0131\u015f\u0131r.<\/p>\n<p>5. Modern, Duyarl\u0131 Tasar\u0131m<br \/>\nStranger Space \u015f\u0131k ve minimal aray\u00fcz\u00fcyle \u00f6ne \u00e7\u0131k\u0131yor. Site h\u0131zl\u0131 y\u00fckleniyor, kontrolleri bulmak kolay ve video kalitesi mobil taray\u0131c\u0131larda bile m\u00fckemmel.<\/p>\n<p>6. G\u00fcvenlik ve Moderasyon Ara\u00e7lar\u0131<br \/>\nStranger Space, her sohbette g\u00f6r\u00fcn\u00fcr bir rapor d\u00fc\u011fmesi, temel yapay zeka destekli \u00e7\u0131plakl\u0131k ve k\u00f6t\u00fcye kullan\u0131m tespiti ve yo\u011fun saatlerde ger\u00e7ek zamanl\u0131 insan moderasyonu ile g\u00fcvenli\u011fe \u00f6ncelik verir.<\/p>\n<p>7. \u00c7ok Dilli ve Uluslararas\u0131 Kullan\u0131c\u0131 Taban\u0131<br \/>\nPlatform, d\u00fcnya \u00e7ap\u0131ndaki kullan\u0131c\u0131lar\u0131 destekleyerek dil prati\u011fi yapmak, yeni k\u00fclt\u00fcrler ke\u015ffetmek veya sadece uzaklardan arkada\u015flar edinmek i\u00e7in harika bir yer haline getiriyor.<\/p>\n<h2>Stranger Space \u00dccretsiz mi?<\/h2>\n<p>Evet-Stranger Space'i kullanmak tamamen \u00fccretsizdir. Hi\u00e7bir \u015fey yok:<\/p>\n<ul>\n<li>\u00d6deme duvarlar\u0131 veya abonelikler<\/li>\n<li>Madeni paralar, jetonlar veya uygulama i\u00e7i sat\u0131n al\u0131mlar<\/li>\n<li>Kilitli \u00f6zellikler<\/li>\n<\/ul>\n<p>T\u00fcm kullan\u0131c\u0131lar hem g\u00f6r\u00fcnt\u00fcl\u00fc hem de yaz\u0131l\u0131 sohbet, atlama i\u015flevi ve moderasyon \u00f6zelliklerine eri\u015febilir. Platform, maliyetleri kar\u015f\u0131lamaya yard\u0131mc\u0131 olmak i\u00e7in m\u00fcdahaleci olmayan reklamlar g\u00f6r\u00fcnt\u00fcleyebilir, ancak bunlar ana sohbet deneyimine m\u00fcdahale etmez.<\/p>\n<h2>Stranger Space'i Kim Kullan\u0131yor?<\/h2>\n<p>Platformun modern hissi ve g\u00fcvenlik \u00f6zellikleri, \u00e7e\u015fitli, k\u00fcresel bir kullan\u0131c\u0131 taban\u0131n\u0131 cezbetmektedir. \u00c7o\u011fu kullan\u0131c\u0131<\/p>\n<ul>\n<li>18 ila 35 ya\u015f aras\u0131 (platform sadece yeti\u015fkinler i\u00e7indir)<\/li>\n<li>Amerika Birle\u015fik Devletleri, \u0130ngiltere, Hindistan, Almanya, Brezilya, Kanada ve G\u00fcneydo\u011fu Asya'dan<\/li>\n<li>Dost\u00e7a sohbet, dil de\u011fi\u015fimi ve g\u00fcndelik fl\u00f6rt arayan ki\u015filer aras\u0131nda b\u00f6l\u00fcnm\u00fc\u015f<\/li>\n<\/ul>\n<p>Baz\u0131 g\u00f6r\u00fcnt\u00fcl\u00fc sohbet sitelerinin aksine, Stranger Space'in g\u00fcvenlik ve gizlili\u011fe olan ba\u011fl\u0131l\u0131\u011f\u0131, hem erkeklere hem de kad\u0131nlara hitap etti\u011fi ve bu ni\u015fte tipik olandan daha dengeli cinsiyet kat\u0131l\u0131m\u0131 oldu\u011fu anlam\u0131na gelir.<\/p>\n<h2>G\u00fcvenlik, Gizlilik ve Moderasyon<\/h2>\n<p>Stranger Space i\u00e7in g\u00fcvenlik ve gizlilik en \u00f6nemli \u00f6nceliklerdir ve bu birka\u00e7 \u00f6nemli \u015fekilde kendini g\u00f6sterir:<\/p>\n<h3>Gizlilik<\/h3>\n<ul>\n<li>Kay\u0131t veya profil olu\u015fturma yok<\/li>\n<li>G\u00f6r\u00fc\u015fmeler asla kaydedilmez veya saklanmaz<\/li>\n<li>Web kameran\u0131z ve mikrofonunuz yaln\u0131zca oturumunuz s\u0131ras\u0131nda etkindir<\/li>\n<li>Hi\u00e7bir ki\u015fisel veri toplanmaz veya di\u011fer kullan\u0131c\u0131larla payla\u015f\u0131lmaz<\/li>\n<\/ul>\n<h3>Moderasyon<\/h3>\n<ul>\n<li>K\u00f6t\u00fcye kullan\u0131m, \u00e7\u0131plakl\u0131k veya spam i\u00e7in sohbet i\u00e7i raporlama<\/li>\n<li>Uygunsuz i\u00e7eri\u011fi otomatik olarak i\u015faretlemek i\u00e7in yapay zeka destekli alg\u0131lama<\/li>\n<li>Yo\u011fun d\u00f6nemlerde manuel moderasyon<\/li>\n<li>Tekrarlanan su\u00e7lar i\u00e7in h\u0131zl\u0131 yasaklar<\/li>\n<\/ul>\n<h3>Kullan\u0131c\u0131 K\u0131lavuzlar\u0131<\/h3>\n<ul>\n<li>Platform sadece yeti\u015fkinler i\u00e7indir (18+)<\/li>\n<li>Kullan\u0131c\u0131lar\u0131n ki\u015fisel bilgilerini payla\u015fmamalar\u0131 \u015fiddetle tavsiye edilir<\/li>\n<li>Topluluk standartlar\u0131 \u00e7\u0131plakl\u0131k, taciz ve yasa d\u0131\u015f\u0131 faaliyetleri yasaklar<\/li>\n<\/ul>\n<p>Bu sistemler daha g\u00fcvenli, daha samimi bir sohbet ortam\u0131 yaratmak i\u00e7in birlikte \u00e7al\u0131\u015f\u0131r; ancak t\u00fcm anonim platformlarda oldu\u011fu gibi, baz\u0131 riskler devam eder ve kullan\u0131c\u0131lar her zaman dikkatli olmal\u0131d\u0131r.<\/p>\n<h2>Kullan\u0131c\u0131 Deneyimi ve Tasar\u0131m<\/h2>\n<p>Stranger Space modern, h\u0131zl\u0131 ve d\u00fczenli bir deneyim sunuyor:<\/p>\n<ul>\n<li>Ana sayfa basit bir \"Ba\u015flat\" d\u00fc\u011fmesi, k\u0131sa g\u00fcvenlik bilgileri ve sohbete do\u011frudan eri\u015fim sunar<\/li>\n<li>Video ak\u0131\u015flar\u0131 b\u00fcy\u00fck, net ve farkl\u0131 ekran boyutlar\u0131na g\u00f6re iyi ayarlan\u0131yor<\/li>\n<li>\"Sonraki\", \"Rapor\", sessize alma ve metin\/video aras\u0131nda ge\u00e7i\u015f yapma kontrolleri her zaman g\u00f6r\u00fcn\u00fcr ve kullan\u0131m\u0131 kolayd\u0131r<\/li>\n<\/ul>\n<p>Hem masa\u00fcst\u00fc hem de mobil cihazlarda y\u00fckleme s\u00fcreleri k\u0131sa ve platform sorunsuz \u00e7al\u0131\u015f\u0131yor. Eski sitelerin aksine, Stranger Space g\u00fcn\u00fcm\u00fcz\u00fcn internet h\u0131zlar\u0131 ve cihazlar\u0131 i\u00e7in \u00f6zel olarak tasarlanm\u0131\u015f hissi veriyor.<\/p>\n<h2>Stranger Space vs Di\u011fer Rastgele G\u00f6r\u00fcnt\u00fcl\u00fc Sohbet Platformlar\u0131<\/h2>\n<p>Stranger Space di\u011fer \u00f6nde gelen g\u00f6r\u00fcnt\u00fcl\u00fc sohbet siteleri ile nas\u0131l kar\u015f\u0131la\u015ft\u0131r\u0131l\u0131r?<\/p>\n<table>\n<thead>\n<tr>\n<th>\u00d6zellik<\/th>\n<th>Yabanc\u0131 Uzay<\/th>\n<th>Ohmegle<\/th>\n<th><a href=\"https:\/\/strangercam.com\/tr\/ometv\/\">OmeTV<\/a><\/th>\n<th>Chatrandom<\/th>\n<th>Chaty<\/th>\n<\/tr>\n<\/thead>\n<tbody>\n<tr>\n<td>G\u00f6r\u00fcnt\u00fcl\u00fc Sohbet<\/td>\n<td>Evet<\/td>\n<td>Evet<\/td>\n<td>Evet<\/td>\n<td>Evet<\/td>\n<td>Evet<\/td>\n<\/tr>\n<tr>\n<td>Metin Sohbeti Se\u00e7ene\u011fi<\/td>\n<td>Evet<\/td>\n<td>Evet<\/td>\n<td>Evet<\/td>\n<td>Evet<\/td>\n<td>Evet<\/td>\n<\/tr>\n<tr>\n<td>Kay\u0131t Gerekli<\/td>\n<td>Hay\u0131r<\/td>\n<td>Hay\u0131r<\/td>\n<td>Hay\u0131r<\/td>\n<td>Opsiyonel<\/td>\n<td>Hay\u0131r<\/td>\n<\/tr>\n<tr>\n<td>Mobil Dostu<\/td>\n<td>M\u00fckemmel<\/td>\n<td>M\u00fckemmel<\/td>\n<td>\u0130yi<\/td>\n<td>\u0130yi<\/td>\n<td>M\u00fckemmel<\/td>\n<\/tr>\n<tr>\n<td>Moderasyon\/Raporlama<\/td>\n<td>G\u00fc\u00e7l\u00fc<\/td>\n<td>Orta d\u00fczeyde<\/td>\n<td>G\u00fc\u00e7l\u00fc<\/td>\n<td>Orta d\u00fczeyde<\/td>\n<td>Orta d\u00fczeyde<\/td>\n<\/tr>\n<tr>\n<td>\u00dccretsiz Kullan\u0131m<\/td>\n<td>Evet<\/td>\n<td>Evet<\/td>\n<td>Evet<\/td>\n<td>Evet\/\u00d6dendi<\/td>\n<td>Evet<\/td>\n<\/tr>\n<tr>\n<td>Cinsiyet\/B\u00f6lge Filtreleri<\/td>\n<td>Hay\u0131r<\/td>\n<td>Hay\u0131r<\/td>\n<td>\u00dccretli<\/td>\n<td>\u00dccretli<\/td>\n<td>Hay\u0131r<\/td>\n<\/tr>\n<\/tbody>\n<\/table>\n<p>\u00d6zet: Stranger Space, Ohmegle ve Chaty'ye ruh olarak en yak\u0131n olan\u0131d\u0131r, ancak modern kullan\u0131c\u0131 aray\u00fcz\u00fc ve daha proaktif moderasyonu ile \u00f6ne \u00e7\u0131kmaktad\u0131r. OmeTV ve Chatrandom'un aksine, \u00f6zellikleri bir \u00f6deme duvar\u0131n\u0131n arkas\u0131na kilitlemiyor veya kaydolmay\u0131 gerektirmiyor.<\/p>\n<h2>Art\u0131lar\u0131 ve Eksileri<\/h2>\n<p>Art\u0131lar\u0131:<\/p>\n<ul>\n<li>Tamamen \u00fccretsiz ve anonim<\/li>\n<li>Kay\u0131t veya indirme gerekmez<\/li>\n<li>Modern, mobil uyumlu tasar\u0131m<\/li>\n<li>G\u00fc\u00e7l\u00fc moderasyon ve g\u00fcvenlik \u00f6zellikleri<\/li>\n<li>H\u0131zl\u0131, basit e\u015fle\u015ftirme ve atlama<\/li>\n<li>K\u00fcresel, \u00e7ok dilli kullan\u0131c\u0131 taban\u0131<\/li>\n<\/ul>\n<p>Eksiler:<\/p>\n<ul>\n<li>Cinsiyet veya b\u00f6lge filtresi yok (e\u015fle\u015fmeler tamamen rastgele)<\/li>\n<li>Moderasyona ra\u011fmen ara s\u0131ra uygunsuz i\u00e7erik<\/li>\n<li>Profil, kullan\u0131c\u0131 ge\u00e7mi\u015fi veya yeniden e\u015fle\u015ftirme se\u00e7ene\u011fi yok<\/li>\n<li>Baz\u0131 kullan\u0131c\u0131lar ba\u011flant\u0131y\u0131 h\u0131zla kesebilir veya s\u0131k s\u0131k atlayabilir<\/li>\n<\/ul>\n<h2>\u0130deal Kullan\u0131m \u00d6rnekleri<\/h2>\n<p>Stranger Space i\u00e7in m\u00fckemmel:<\/p>\n<ul>\n<li>Saf, spontane g\u00f6r\u00fcnt\u00fcl\u00fc veya yaz\u0131l\u0131 sohbet isteyen kullan\u0131c\u0131lar<\/li>\n<li>Gizlili\u011fe ve temiz, modern bir aray\u00fcze de\u011fer veren herkes<\/li>\n<li>Dil \u00f6\u011frenenler ve k\u00fclt\u00fcr ka\u015fifleri<\/li>\n<li>Can s\u0131k\u0131nt\u0131s\u0131n\u0131 gidermek veya dost\u00e7a bir sohbet arayan ki\u015filer<\/li>\n<li>Eski sohbetlere daha g\u00fcvenli bir alternatif arayan yeti\u015fkinler <a href=\"https:\/\/strangercam.com\/tr\/chatroulette\/\">rulet<\/a> siteler<\/li>\n<\/ul>\n<p>Daha az uygun:<\/p>\n<ul>\n<li>Se\u00e7ilmi\u015f tan\u0131\u015fma veya \u00e7\u00f6p\u00e7atanl\u0131k \u00f6zellikleri arayanlar<\/li>\n<li>Re\u015fit olmayan kullan\u0131c\u0131lar (kesinlikle 18+)<\/li>\n<li>Cinsiyet, \u00fclke veya ilgi alanlar\u0131 i\u00e7in filtre isteyen ki\u015filer<\/li>\n<\/ul>\n<h2>Nihai Karar<\/h2>\n<p>Stranger Space, 2025'te mevcut olan en iyi tasarlanm\u0131\u015f ve en g\u00fcvenli rastgele g\u00f6r\u00fcnt\u00fcl\u00fc sohbet platformlar\u0131ndan biridir. Anonimlik, modern kullan\u0131labilirlik ve kullan\u0131c\u0131 korumas\u0131na odaklanarak, klasik sohbet ruleti deneyimini yeni bir \u00e7a\u011fa ta\u015f\u0131yor - bir zamanlar t\u00fcr\u00fc tan\u0131mlayan karma\u015fa ve risk olmadan.<\/p>\n<p>E\u011fer bir yer ar\u0131yorsan\u0131z <a href=\"https:\/\/strangercam.com\/tr\/coomeet\/\">tan\u0131\u015fmak<\/a> D\u00fcnyan\u0131n d\u00f6rt bir yan\u0131ndan yabanc\u0131larla tan\u0131\u015fmak, senaryosuz konu\u015fmalar yapmak veya sadece anonim g\u00f6r\u00fcnt\u00fcl\u00fc sohbetin heyecan\u0131n\u0131 ya\u015famak i\u00e7in Stranger Space kesinlikle denemeye de\u011fer. Kolayla\u015ft\u0131r\u0131lm\u0131\u015f aray\u00fcz\u00fc, h\u0131zl\u0131 e\u015fle\u015ftirme ve proaktif moderasyonu, \u00e7evrimi\u00e7i ger\u00e7ek zamanl\u0131 insan ba\u011flant\u0131s\u0131 isteyen herkes i\u00e7in g\u00f6ze \u00e7arpan bir se\u00e7im haline getiriyor - kay\u0131t yok, indirme yok, \u015fart yok.<\/p>","protected":false},"excerpt":{"rendered":"<p>With so many random video chat platforms vying for attention in 2025, it\u2019s rare to find a site that balances anonymity, safety, and a modern user experience as well as Stranger Space. Designed for users who want spontaneous face-to-face connections\u2014but without the pitfalls that plagued older platforms\u2014Stranger Space sets itself apart through smart design choices, [&hellip;]<\/p>\n","protected":false},"author":6,"featured_media":0,"parent":0,"menu_order":0,"comment_status":"closed","ping_status":"closed","template":"","meta":{"footnotes":""},"class_list":["post-12905","page","type-page","status-publish","hentry"],"yoast_head":"<!-- This site is optimized with the Yoast SEO plugin v27.4 - https:\/\/yoast.com\/product\/yoast-seo-wordpress\/ -->\n<title>Stranger Space - Talk to Strangers for Free on StrangerCam.com<\/title>\n<meta name=\"description\" content=\"Like Stranger Space? Come chat with more than 5.000.000 strangers on Stranger Cam for Free! Turn on your cam and find new friends &amp; maby a match!\" \/>\n<meta name=\"robots\" content=\"index, follow, max-snippet:-1, max-image-preview:large, max-video-preview:-1\" \/>\n<link rel=\"canonical\" href=\"https:\/\/strangercam.com\/tr\/stranger-space\/\" \/>\n<meta property=\"og:locale\" content=\"tr_TR\" \/>\n<meta property=\"og:type\" content=\"article\" \/>\n<meta property=\"og:title\" content=\"Stranger Space - Talk to Strangers for Free on StrangerCam.com\" \/>\n<meta property=\"og:description\" content=\"Like Stranger Space? Come chat with more than 5.000.000 strangers on Stranger Cam for Free! Turn on your cam and find new friends &amp; maby a match!\" \/>\n<meta property=\"og:url\" content=\"https:\/\/strangercam.com\/tr\/stranger-space\/\" \/>\n<meta property=\"og:site_name\" content=\"Strangercam\" \/>\n<meta property=\"article:publisher\" content=\"https:\/\/www.facebook.com\/strangercam\" \/>\n<meta property=\"og:image\" content=\"https:\/\/strangercam.com\/wp-content\/uploads\/2021\/10\/Untitled-2.png\" \/>\n\t<meta property=\"og:image:width\" content=\"800\" \/>\n\t<meta property=\"og:image:height\" content=\"532\" \/>\n\t<meta property=\"og:image:type\" content=\"image\/png\" \/>\n<meta name=\"twitter:card\" content=\"summary_large_image\" \/>\n<meta name=\"twitter:site\" content=\"@strangercamapp\" \/>\n<meta name=\"twitter:label1\" content=\"Tahmini okuma s\u00fcresi\" \/>\n\t<meta name=\"twitter:data1\" content=\"6 dakika\" \/>\n<script type=\"application\/ld+json\" class=\"yoast-schema-graph\">{\"@context\":\"https:\\\/\\\/schema.org\",\"@graph\":[{\"@type\":\"WebPage\",\"@id\":\"https:\\\/\\\/strangercam.com\\\/stranger-space\\\/\",\"url\":\"https:\\\/\\\/strangercam.com\\\/stranger-space\\\/\",\"name\":\"Stranger Space - Talk to Strangers for Free on StrangerCam.com\",\"isPartOf\":{\"@id\":\"https:\\\/\\\/strangercam.com\\\/#website\"},\"datePublished\":\"2025-07-14T11:38:21+00:00\",\"description\":\"Like Stranger Space? Come chat with more than 5.000.000 strangers on Stranger Cam for Free! Turn on your cam and find new friends & maby a match!\",\"breadcrumb\":{\"@id\":\"https:\\\/\\\/strangercam.com\\\/stranger-space\\\/#breadcrumb\"},\"inLanguage\":\"tr\",\"potentialAction\":[{\"@type\":\"ReadAction\",\"target\":[\"https:\\\/\\\/strangercam.com\\\/stranger-space\\\/\"]}]},{\"@type\":\"BreadcrumbList\",\"@id\":\"https:\\\/\\\/strangercam.com\\\/stranger-space\\\/#breadcrumb\",\"itemListElement\":[{\"@type\":\"ListItem\",\"position\":1,\"name\":\"Home\",\"item\":\"https:\\\/\\\/strangercam.com\\\/\"},{\"@type\":\"ListItem\",\"position\":2,\"name\":\"Stranger Space\"}]},{\"@type\":\"WebSite\",\"@id\":\"https:\\\/\\\/strangercam.com\\\/#website\",\"url\":\"https:\\\/\\\/strangercam.com\\\/\",\"name\":\"Strangercam\",\"description\":\"Random Video Chat with Strangers\",\"publisher\":{\"@id\":\"https:\\\/\\\/strangercam.com\\\/#organization\"},\"alternateName\":\"Strangercam.com\",\"potentialAction\":[{\"@type\":\"SearchAction\",\"target\":{\"@type\":\"EntryPoint\",\"urlTemplate\":\"https:\\\/\\\/strangercam.com\\\/?s={search_term_string}\"},\"query-input\":{\"@type\":\"PropertyValueSpecification\",\"valueRequired\":true,\"valueName\":\"search_term_string\"}}],\"inLanguage\":\"tr\"},{\"@type\":\"Organization\",\"@id\":\"https:\\\/\\\/strangercam.com\\\/#organization\",\"name\":\"Strangercam\",\"alternateName\":\"Strangercam.com\",\"url\":\"https:\\\/\\\/strangercam.com\\\/\",\"logo\":{\"@type\":\"ImageObject\",\"inLanguage\":\"tr\",\"@id\":\"https:\\\/\\\/strangercam.com\\\/#\\\/schema\\\/logo\\\/image\\\/\",\"url\":\"https:\\\/\\\/strangercam.com\\\/wp-content\\\/uploads\\\/2020\\\/11\\\/cropped-new-favicon-black.png\",\"contentUrl\":\"https:\\\/\\\/strangercam.com\\\/wp-content\\\/uploads\\\/2020\\\/11\\\/cropped-new-favicon-black.png\",\"width\":512,\"height\":512,\"caption\":\"Strangercam\"},\"image\":{\"@id\":\"https:\\\/\\\/strangercam.com\\\/#\\\/schema\\\/logo\\\/image\\\/\"},\"sameAs\":[\"https:\\\/\\\/www.facebook.com\\\/strangercam\",\"https:\\\/\\\/x.com\\\/strangercamapp\"]}]}<\/script>\n<!-- \/ Yoast SEO plugin. -->","yoast_head_json":{"title":"Stranger Space - StrangerCam.com'da Yabanc\u0131larla \u00dccretsiz Konu\u015fun","description":"Stranger Space'i be\u011fendiniz mi? Gelin Stranger Cam'de 5.000.000'dan fazla yabanc\u0131yla \u00dccretsiz sohbet edin! Kameran\u0131z\u0131 a\u00e7\u0131n ve yeni arkada\u015flar ve belki de bir e\u015fle\u015fme bulun!","robots":{"index":"index","follow":"follow","max-snippet":"max-snippet:-1","max-image-preview":"max-image-preview:large","max-video-preview":"max-video-preview:-1"},"canonical":"https:\/\/strangercam.com\/tr\/stranger-space\/","og_locale":"tr_TR","og_type":"article","og_title":"Stranger Space - Talk to Strangers for Free on StrangerCam.com","og_description":"Like Stranger Space? Come chat with more than 5.000.000 strangers on Stranger Cam for Free! Turn on your cam and find new friends & maby a match!","og_url":"https:\/\/strangercam.com\/tr\/stranger-space\/","og_site_name":"Strangercam","article_publisher":"https:\/\/www.facebook.com\/strangercam","og_image":[{"width":800,"height":532,"url":"https:\/\/strangercam.com\/wp-content\/uploads\/2021\/10\/Untitled-2.png","type":"image\/png"}],"twitter_card":"summary_large_image","twitter_site":"@strangercamapp","twitter_misc":{"Tahmini okuma s\u00fcresi":"6 dakika"},"schema":{"@context":"https:\/\/schema.org","@graph":[{"@type":"WebPage","@id":"https:\/\/strangercam.com\/stranger-space\/","url":"https:\/\/strangercam.com\/stranger-space\/","name":"Stranger Space - StrangerCam.com'da Yabanc\u0131larla \u00dccretsiz Konu\u015fun","isPartOf":{"@id":"https:\/\/strangercam.com\/#website"},"datePublished":"2025-07-14T11:38:21+00:00","description":"Stranger Space'i be\u011fendiniz mi? Gelin Stranger Cam'de 5.000.000'dan fazla yabanc\u0131yla \u00dccretsiz sohbet edin! Kameran\u0131z\u0131 a\u00e7\u0131n ve yeni arkada\u015flar ve belki de bir e\u015fle\u015fme bulun!","breadcrumb":{"@id":"https:\/\/strangercam.com\/stranger-space\/#breadcrumb"},"inLanguage":"tr","potentialAction":[{"@type":"ReadAction","target":["https:\/\/strangercam.com\/stranger-space\/"]}]},{"@type":"BreadcrumbList","@id":"https:\/\/strangercam.com\/stranger-space\/#breadcrumb","itemListElement":[{"@type":"ListItem","position":1,"name":"Home","item":"https:\/\/strangercam.com\/"},{"@type":"ListItem","position":2,"name":"Stranger Space"}]},{"@type":"WebSite","@id":"https:\/\/strangercam.com\/#website","url":"https:\/\/strangercam.com\/","name":"Strangercam","description":"Yabanc\u0131larla Rastgele G\u00f6r\u00fcnt\u00fcl\u00fc Sohbet","publisher":{"@id":"https:\/\/strangercam.com\/#organization"},"alternateName":"Strangercam.com","potentialAction":[{"@type":"SearchAction","target":{"@type":"EntryPoint","urlTemplate":"https:\/\/strangercam.com\/?s={search_term_string}"},"query-input":{"@type":"PropertyValueSpecification","valueRequired":true,"valueName":"search_term_string"}}],"inLanguage":"tr"},{"@type":"Organization","@id":"https:\/\/strangercam.com\/#organization","name":"Strangercam","alternateName":"Strangercam.com","url":"https:\/\/strangercam.com\/","logo":{"@type":"ImageObject","inLanguage":"tr","@id":"https:\/\/strangercam.com\/#\/schema\/logo\/image\/","url":"https:\/\/strangercam.com\/wp-content\/uploads\/2020\/11\/cropped-new-favicon-black.png","contentUrl":"https:\/\/strangercam.com\/wp-content\/uploads\/2020\/11\/cropped-new-favicon-black.png","width":512,"height":512,"caption":"Strangercam"},"image":{"@id":"https:\/\/strangercam.com\/#\/schema\/logo\/image\/"},"sameAs":["https:\/\/www.facebook.com\/strangercam","https:\/\/x.com\/strangercamapp"]}]}},"_links":{"self":[{"href":"https:\/\/strangercam.com\/tr\/wp-json\/wp\/v2\/pages\/12905","targetHints":{"allow":["GET"]}}],"collection":[{"href":"https:\/\/strangercam.com\/tr\/wp-json\/wp\/v2\/pages"}],"about":[{"href":"https:\/\/strangercam.com\/tr\/wp-json\/wp\/v2\/types\/page"}],"author":[{"embeddable":true,"href":"https:\/\/strangercam.com\/tr\/wp-json\/wp\/v2\/users\/6"}],"replies":[{"embeddable":true,"href":"https:\/\/strangercam.com\/tr\/wp-json\/wp\/v2\/comments?post=12905"}],"version-history":[{"count":1,"href":"https:\/\/strangercam.com\/tr\/wp-json\/wp\/v2\/pages\/12905\/revisions"}],"predecessor-version":[{"id":12906,"href":"https:\/\/strangercam.com\/tr\/wp-json\/wp\/v2\/pages\/12905\/revisions\/12906"}],"wp:attachment":[{"href":"https:\/\/strangercam.com\/tr\/wp-json\/wp\/v2\/media?parent=12905"}],"curies":[{"name":"wp","href":"https:\/\/api.w.org\/{rel}","templated":true}]}}