{"id":12903,"date":"2025-07-14T13:33:31","date_gmt":"2025-07-14T11:33:31","guid":{"rendered":"https:\/\/strangercam.com\/?page_id=12903"},"modified":"2025-07-14T13:33:31","modified_gmt":"2025-07-14T11:33:31","slug":"chaty","status":"publish","type":"page","link":"https:\/\/strangercam.com\/tr\/chaty\/","title":{"rendered":"Chaty"},"content":{"rendered":"<p>Spontane, y\u00fcz y\u00fcze video \u00e7ekimi i\u00e7in i\u015ftah artt\u0131k\u00e7a <a href=\"https:\/\/strangercam.com\/tr\/chathub\/\">sohbet<\/a> taraf\u0131ndan b\u0131rak\u0131lan bo\u015flu\u011fu doldurmak i\u00e7in yeni nesil platformlar ortaya \u00e7\u0131kt\u0131. <a href=\"https:\/\/strangercam.com\/tr\/omegle\/\">Omegle<\/a> ve <a href=\"https:\/\/strangercam.com\/tr\/chatroulette\/\">Chatroulette<\/a>. Chaty, kaydolma, profil olu\u015fturma veya uygulama indirme zahmetine girmeden anl\u0131k, anonim g\u00f6r\u00fcnt\u00fcl\u00fc sohbetler isteyen kullan\u0131c\u0131lar i\u00e7in tasarlanm\u0131\u015f b\u00f6yle bir yar\u0131\u015fmac\u0131d\u0131r.<\/p>\n<p>\"D\u00fcnyan\u0131n d\u00f6rt bir yan\u0131ndan yabanc\u0131larla saniyeler i\u00e7inde tan\u0131\u015fma\" vaadiyle Chaty kendisini klasik rastgele sohbet format\u0131na kullan\u0131c\u0131 dostu, modern bir alternatif olarak konumland\u0131r\u0131yor. Ancak 2025'teki rekabete kar\u015f\u0131 nas\u0131l duruyor? G\u00fcvenli mi, kullan\u0131m\u0131 kolay m\u0131 ve zaman ay\u0131rmaya de\u011fer mi?<\/p>\n<p>Bu kapsaml\u0131 incelemede, Chaty'nin tam olarak ne oldu\u011funu, nas\u0131l \u00e7al\u0131\u015ft\u0131\u011f\u0131n\u0131, hangi \u00f6zellikleri sundu\u011funu, kimlerin kulland\u0131\u011f\u0131n\u0131 ve di\u011fer en iyi g\u00f6r\u00fcnt\u00fcl\u00fc sohbet siteleriyle nas\u0131l kar\u015f\u0131la\u015ft\u0131r\u0131ld\u0131\u011f\u0131n\u0131 ke\u015ffedece\u011fiz.<\/p>\n<h2>Chaty nedir?<\/h2>\n<p>Chaty, d\u00fcnyan\u0131n her yerinden kullan\u0131c\u0131lar\u0131 ger\u00e7ek zamanl\u0131, bire bir sohbetler i\u00e7in birbirine ba\u011flayan \u00fccretsiz, taray\u0131c\u0131 tabanl\u0131 rastgele bir g\u00f6r\u00fcnt\u00fcl\u00fc sohbet sitesidir. Deneyim basit ve anonimdir; ba\u015flamak i\u00e7in t\u0131klaman\u0131z, kameran\u0131za ve mikrofonunuza izin vermeniz ve an\u0131nda bir yabanc\u0131yla e\u015fle\u015fmeniz yeterlidir.<\/p>\n<p>Hesap olu\u015fturmaya, e-posta g\u00f6ndermeye veya uygulama indirmeye gerek yok. Chaty temel \u00f6zelliklere odaklan\u0131r: h\u0131zl\u0131 eri\u015fim, p\u00fcr\u00fczs\u00fcz video kalitesi ve saniyeler i\u00e7inde sohbet etmenizi sa\u011flayan basit bir aray\u00fcz.<\/p>\n<p>Site arayan herkese hitap ediyor:<\/p>\n<ul>\n<li>Rahat, ger\u00e7ek zamanl\u0131 etkile\u015fim<\/li>\n<li>Yabanc\u0131larla fl\u00f6rt\u00f6z veya arkada\u015f\u00e7a g\u00f6r\u00fcnt\u00fcl\u00fc sohbet<\/li>\n<li>Dil prati\u011fi veya k\u00fclt\u00fcrel de\u011fi\u015fim<\/li>\n<li>Zaman ge\u00e7irmenin bir yolu ya da <a href=\"https:\/\/strangercam.com\/tr\/coomeet\/\">tan\u0131\u015fmak<\/a> anonim olarak yeni insanlar<\/li>\n<\/ul>\n<h2>Chaty'nin Amac\u0131 Nedir?<\/h2>\n<p>Chaty'nin temel amac\u0131, klasik rastgele sohbet deneyimini daha iyi bir teknoloji ve daha g\u00fcvenli, daha kullan\u0131c\u0131 dostu bir aray\u00fczle geri getirmektir. Y\u00fcksek d\u00fczeyde k\u00fcrat\u00f6rl\u00fc tan\u0131\u015fma uygulamalar\u0131, sosyal beslemeler ve ak\u0131\u015f platformlar\u0131 \u00e7a\u011f\u0131nda Chaty, saf, filtrelenmemi\u015f insan ba\u011flant\u0131s\u0131na odaklanarak \u00f6ne \u00e7\u0131k\u0131yor - biyografiler, kayd\u0131rmalar veya sosyal medya entegrasyonlar\u0131 gerekmiyor.<\/p>\n<p>\u015eunun i\u00e7in \u00fcretildi:<\/p>\n<ul>\n<li>Kullan\u0131c\u0131lar arkada\u015fl\u0131k uygulamalar\u0131nda durmaks\u0131z\u0131n kayd\u0131rma ve e\u015fle\u015ftirme yapmaktan b\u0131kt\u0131<\/li>\n<li>Yeni insanlarla tan\u0131\u015fmak i\u00e7in an\u0131nda, bask\u0131s\u0131z bir yol arayan herkes<\/li>\n<li>\u00c7evrimi\u00e7i sohbetlerde gizlili\u011fe ve anonimli\u011fe \u00f6nem veren ki\u015filer<\/li>\n<li>Modern bir Omegle veya Chatroulette alternatifi arayan k\u00fcresel kullan\u0131c\u0131lar<\/li>\n<\/ul>\n<h2>Temel \u00d6zellikler<\/h2>\n<p>1. Bire Bir Rastgele G\u00f6r\u00fcnt\u00fcl\u00fc Sohbet<br \/>\nChaty'nin temel \u00f6zelli\u011fi anl\u0131k, anonim video ba\u011flant\u0131s\u0131d\u0131r. \u00d6zel, y\u00fcz y\u00fcze bir sohbet i\u00e7in ba\u015fka bir \u00e7evrimi\u00e7i kullan\u0131c\u0131yla rastgele e\u015fle\u015ftirilirsiniz. Sohbetten keyif alm\u0131yorsan\u0131z, devam etmek i\u00e7in \"\u0130leri\" d\u00fc\u011fmesine t\u0131klaman\u0131z yeterlidir.<\/p>\n<p>2. Kay\u0131t veya Uygulama \u0130ndirme Yok<br \/>\nT\u00fcm deneyim web taray\u0131c\u0131n\u0131zda ger\u00e7ekle\u015fir. Kaydolman\u0131za, profil olu\u015fturman\u0131za veya herhangi bir yaz\u0131l\u0131m y\u00fcklemenize gerek yoktur. Bu, ki\u015fisel verilerinizin gizli kalmas\u0131n\u0131 ve i\u015fe al\u0131m s\u00fcrecinin olabildi\u011fince h\u0131zl\u0131 olmas\u0131n\u0131 sa\u011flar.<\/p>\n<p>3. H\u0131zl\u0131 E\u015fle\u015ftirme ve Atlama<br \/>\nChaty'nin arka ucu h\u0131z i\u00e7in tasarlanm\u0131\u015ft\u0131r. Yeni e\u015fle\u015fmeler h\u0131zla y\u00fcklenir ve sohbetler aras\u0131ndaki ge\u00e7i\u015f mobil taray\u0131c\u0131larda bile sorunsuzdur.<\/p>\n<p>4. Metin Sohbeti Se\u00e7ene\u011fi<br \/>\nYazmay\u0131 tercih edenler, s\u0131n\u0131rl\u0131 bant geni\u015fli\u011fine sahip olanlar veya kameradan \u00e7ekinenler i\u00e7in Chaty, yaln\u0131zca metin sohbet modu da sunar. \u0130stedi\u011finiz zaman modlar\u0131 de\u011fi\u015ftirebilirsiniz.<\/p>\n<p>5. Mobil Uyumlu Tasar\u0131m<br \/>\nChaty hem masa\u00fcst\u00fc hem de mobil taray\u0131c\u0131larda kusursuz \u00e7al\u0131\u015f\u0131r. Aray\u00fcz duyarl\u0131 ve dokunmatik olarak optimize edilmi\u015ftir, ister diz\u00fcst\u00fc bilgisayarda, ister tablette veya ak\u0131ll\u0131 telefonda olun sorunsuz \u00e7al\u0131\u015fma sa\u011flar.<\/p>\n<p>6. Basit Kontroller<br \/>\nB\u00fcy\u00fck video pencereleri, net \"Sonraki\" ve \"Rapor Et\" d\u00fc\u011fmeleri ve sezgisel bir d\u00fczen, kullan\u0131c\u0131 deneyiminin sorunsuz olmas\u0131n\u0131 sa\u011flar. Tek bir dokunu\u015fla mikrofonunuzun sesini kapatabilir, bir kullan\u0131c\u0131y\u0131 atlayabilir veya uygunsuz davran\u0131\u015flar\u0131 bildirebilirsiniz.<\/p>\n<p>7. Raporlama ve Moderasyon Ara\u00e7lar\u0131<br \/>\nKullan\u0131c\u0131 g\u00fcvenli\u011fi sohbet i\u00e7i raporlama ile desteklenir. Sald\u0131rgan veya uygunsuz kullan\u0131c\u0131lar incelenmek \u00fczere i\u015faretlenebilir ve Chaty g\u00fcvenli bir ortam\u0131n korunmas\u0131na yard\u0131mc\u0131 olmak i\u00e7in insan moderasyonu ve temel yapay zekan\u0131n bir kombinasyonunu kullan\u0131r.<\/p>\n<h2>Chaty \u00dccretsiz mi?<\/h2>\n<p>Evet, Chaty'nin kullan\u0131m\u0131 tamamen \u00fccretsizdir. Hi\u00e7bir \u015fey yok:<\/p>\n<ul>\n<li>\u00d6deme Duvarlar\u0131<\/li>\n<li>Abonelikler<\/li>\n<li>Uygulama i\u00e7i sat\u0131n al\u0131mlar<\/li>\n<li>Krediler veya token sistemleri<\/li>\n<\/ul>\n<p>T\u00fcm kullan\u0131c\u0131lar platformun t\u00fcm i\u015flevlerine e\u015fit eri\u015fime sahiptir. Chaty, operasyonel maliyetleri kar\u015f\u0131lamak i\u00e7in hafif reklamlar g\u00f6r\u00fcnt\u00fcleyebilir, ancak bunlar sohbet deneyimine m\u00fcdahale etmez veya etkile\u015fim gerektirmez.<\/p>\n<h2>Chaty'yi Kimler Kullan\u0131yor?<\/h2>\n<p>Chaty geni\u015f bir uluslararas\u0131 kullan\u0131c\u0131 taban\u0131n\u0131 kendine \u00e7ekmektedir. Kullan\u0131c\u0131lar\u0131n \u00e7o\u011fu 18-35 ya\u015f grubundad\u0131r ve cinsiyet oran\u0131 di\u011fer rastgele sohbet sitelerine benzerdir (daha fazla erkek, ancak \u00f6zellikle yo\u011fun saatlerde aktif kad\u0131n kullan\u0131c\u0131lar).<\/p>\n<p>Yayg\u0131n kullan\u0131c\u0131 profilleri \u015funlard\u0131r:<\/p>\n<ul>\n<li>\u00dcniversite \u00f6\u011frencileri ve gen\u00e7 profesyoneller<\/li>\n<li>Gezginler ve dijital g\u00f6\u00e7ebeler<\/li>\n<li>Ger\u00e7ek konu\u015fma partnerleri arayan dil \u00f6\u011frencileri<\/li>\n<li>E\u011flenceli, fl\u00f6rt\u00f6z veya arkada\u015f\u00e7a etkile\u015fim arayan ki\u015filer<\/li>\n<li>Klasik Omegle'nin ham, spontane ba\u011flant\u0131lar\u0131n\u0131 \u00f6zleyen herkes<\/li>\n<\/ul>\n<p>Kay\u0131t olmad\u0131\u011f\u0131ndan, Chaty'nin kullan\u0131c\u0131 taban\u0131 ak\u0131\u015fkand\u0131r ve her zaman de\u011fi\u015fir. Amerika Birle\u015fik Devletleri, \u0130ngiltere, Hindistan, Almanya, Brezilya ve daha bir\u00e7ok \u00fclkeden kullan\u0131c\u0131larla kar\u015f\u0131la\u015facaks\u0131n\u0131z; bu da Chaty'yi ger\u00e7ek anlamda k\u00fcresel bir topluluk haline getiriyor.<\/p>\n<h2>G\u00fcvenlik, Gizlilik ve Moderasyon<\/h2>\n<p>Chaty gizlilik ve anonimli\u011fi vurgularken, kullan\u0131c\u0131lar\u0131 korumak i\u00e7in de \u00f6nlemler al\u0131yor:<\/p>\n<h3>Gizlilik<\/h3>\n<ul>\n<li>Kay\u0131t, e-posta veya ki\u015fisel veri gerekmez<\/li>\n<li>Sohbetler kaydedilmez veya saklanmaz<\/li>\n<li>Yaln\u0131zca web kameran\u0131z\/mikrofonunuz taraf\u0131ndan tan\u0131mlan\u0131rs\u0131n\u0131z (kullan\u0131c\u0131 ad\u0131 veya profil foto\u011fraf\u0131 yok)<\/li>\n<li>IP adresleri di\u011fer kullan\u0131c\u0131lara g\u00f6sterilmez<\/li>\n<\/ul>\n<h3>Moderasyon<\/h3>\n<ul>\n<li>Sohbet i\u00e7i raporlama: Herhangi bir sald\u0131rgan veya uygunsuz kullan\u0131c\u0131y\u0131 h\u0131zl\u0131ca i\u015faretleyin<\/li>\n<li>Temel yapay zeka denetimi: Kusursuz olmasa da \u00e7\u0131plakl\u0131k veya m\u00fcstehcen i\u00e7eri\u011fin otomatik tespiti<\/li>\n<li>Manuel inceleme: Raporlar insan moderat\u00f6rler taraf\u0131ndan incelenir ve tekrar eden su\u00e7lular yasaklan\u0131r<\/li>\n<\/ul>\n<h3>S\u0131n\u0131rlamalar<\/h3>\n<p>T\u00fcm anonim sohbet platformlar\u0131 gibi Chaty de k\u00f6t\u00fc akt\u00f6rlere kar\u015f\u0131 ba\u011f\u0131\u015f\u0131k de\u011fildir. Kullan\u0131c\u0131lar \u015funlar\u0131 yapmal\u0131d\u0131r:<\/p>\n<ul>\n<li>Ki\u015fisel bilgileri asla payla\u015fmay\u0131n (ger\u00e7ek isim, ileti\u015fim bilgileri, sosyal medya)<\/li>\n<li>Rahats\u0131z oldu\u011funuzda \"Rapor\" ve \"Sonraki\" \u00f6zelliklerini kullan\u0131n<\/li>\n<li>Baz\u0131 sohbetlerin aniden sona erebilece\u011fini veya uygunsuz davran\u0131\u015flar i\u00e7erebilece\u011fini unutmay\u0131n<\/li>\n<\/ul>\n<h2>Kullan\u0131c\u0131 Deneyimi ve Tasar\u0131m<\/h2>\n<p>Chaty'nin tasar\u0131m\u0131 netlik, h\u0131z ve kullan\u0131m kolayl\u0131\u011f\u0131na odaklanm\u0131\u015ft\u0131r. Ana sayfa minimaldir, genellikle sadece belirgin bir \"Ba\u015flat\" d\u00fc\u011fmesi ve gizlilik ve kurallar hakk\u0131nda net bilgiler i\u00e7erir. \u0130ki t\u0131klama i\u00e7inde bir yabanc\u0131yla y\u00fcz y\u00fcze geliyorsunuz.<\/p>\n<h3>\u00d6nemli noktalar:<\/h3>\n<ul>\n<li>H\u0131zl\u0131 y\u00fckleme ve neredeyse an\u0131nda e\u015fle\u015ftirme<\/li>\n<li>B\u00fcy\u00fck, y\u00fcksek kaliteli video yay\u0131nlar\u0131<\/li>\n<li>A\u00e7\u0131l\u0131r pencereler veya dikkat da\u011f\u0131t\u0131c\u0131 unsurlar i\u00e7ermeyen temiz d\u00fczen<\/li>\n<li>Susturma, atlama veya raporlama i\u00e7in basit kontroller<\/li>\n<li>Masa\u00fcst\u00fc ve mobil taray\u0131c\u0131larda tutarl\u0131 performans<\/li>\n<\/ul>\n<p>Di\u011fer rastgele sohbet sitelerine k\u0131yasla Chaty, \u00f6zellikle ak\u0131ll\u0131 telefonlarda daha modern ve kararl\u0131 bir his veriyor.<\/p>\n<h2>Chaty vs Di\u011fer G\u00f6r\u00fcnt\u00fcl\u00fc Sohbet Platformlar\u0131<\/h2>\n<p>Chaty, 2025'teki di\u011fer \u00f6nde gelen rastgele g\u00f6r\u00fcnt\u00fcl\u00fc sohbet platformlar\u0131yla nas\u0131l kar\u015f\u0131la\u015ft\u0131r\u0131l\u0131r?<\/p>\n<table>\n<thead>\n<tr>\n<th>\u00d6zellik<\/th>\n<th>Chaty<\/th>\n<th>Ohmegle<\/th>\n<th>Chatroulette<\/th>\n<th>Chatrandom<\/th>\n<th><a href=\"https:\/\/strangercam.com\/tr\/ometv\/\">OmeTV<\/a><\/th>\n<\/tr>\n<\/thead>\n<tbody>\n<tr>\n<td>Rastgele G\u00f6r\u00fcnt\u00fcl\u00fc Sohbet<\/td>\n<td>Evet<\/td>\n<td>Evet<\/td>\n<td>Evet<\/td>\n<td>Evet<\/td>\n<td>Evet<\/td>\n<\/tr>\n<tr>\n<td>Metin Sohbeti Se\u00e7ene\u011fi<\/td>\n<td>Evet<\/td>\n<td>Evet<\/td>\n<td>Hay\u0131r<\/td>\n<td>Evet<\/td>\n<td>Evet<\/td>\n<\/tr>\n<tr>\n<td>Kay\u0131t Gerekli<\/td>\n<td>Hay\u0131r<\/td>\n<td>Hay\u0131r<\/td>\n<td>Hay\u0131r<\/td>\n<td>Opsiyonel<\/td>\n<td>Hay\u0131r<\/td>\n<\/tr>\n<tr>\n<td>Mobil Destek<\/td>\n<td>M\u00fckemmel<\/td>\n<td>M\u00fckemmel<\/td>\n<td>\u0130yi<\/td>\n<td>\u0130yi<\/td>\n<td>\u0130yi<\/td>\n<\/tr>\n<tr>\n<td>Cinsiyet\/\u00dclke Filtresi<\/td>\n<td>Hay\u0131r<\/td>\n<td>Hay\u0131r<\/td>\n<td>\u00dccretli<\/td>\n<td>\u00dccretli<\/td>\n<td>\u00dccretli<\/td>\n<\/tr>\n<tr>\n<td>Moderasyon Ara\u00e7lar\u0131<\/td>\n<td>Orta d\u00fczeyde<\/td>\n<td>Orta d\u00fczeyde<\/td>\n<td>Zay\u0131f<\/td>\n<td>Orta d\u00fczeyde<\/td>\n<td>G\u00fc\u00e7l\u00fc<\/td>\n<\/tr>\n<tr>\n<td>\u00dccretsiz Kullan\u0131m<\/td>\n<td>Evet<\/td>\n<td>Evet<\/td>\n<td>Evet<\/td>\n<td>Evet\/\u00d6dendi<\/td>\n<td>Evet<\/td>\n<\/tr>\n<\/tbody>\n<\/table>\n<p>\u00d6zet: Chaty, ruh ve basitlik a\u00e7\u0131s\u0131ndan Ohmegle'a en yak\u0131n olan\u0131d\u0131r, ancak daha modern bir aray\u00fcze ve mobil taray\u0131c\u0131lar i\u00e7in daha iyi deste\u011fe sahiptir. Filtreler, profiller veya ek sat\u0131\u015flar olmadan saf, filtrelenmemi\u015f sohbet isteyen kullan\u0131c\u0131lar i\u00e7in idealdir.<\/p>\n<h2>Art\u0131lar\u0131 ve Eksileri<\/h2>\n<p>Art\u0131lar\u0131:<\/p>\n<ul>\n<li>100% \u00fccretsiz ve anonim<\/li>\n<li>Kay\u0131t veya indirme gerekmez<\/li>\n<li>H\u0131zl\u0131, kolay e\u015fle\u015ftirme ve atlama<\/li>\n<li>G\u00f6r\u00fcnt\u00fcl\u00fc ve yaz\u0131l\u0131 sohbet modlar\u0131<\/li>\n<li>G\u00fc\u00e7l\u00fc mobil uyumluluk<\/li>\n<li>Temiz, sezgisel kullan\u0131c\u0131 aray\u00fcz\u00fc<\/li>\n<\/ul>\n<p>Eksiler:<\/p>\n<ul>\n<li>Cinsiyet veya b\u00f6lge filtrelemesi yok<\/li>\n<li>Ara s\u0131ra uygunsuz i\u00e7erik (moderasyona ra\u011fmen)<\/li>\n<li>Profil, kullan\u0131c\u0131 ge\u00e7mi\u015fi veya takip \u00f6zelli\u011fi yok<\/li>\n<li>Kad\u0131n kullan\u0131c\u0131lardan daha fazla erkek kullan\u0131c\u0131<\/li>\n<li>Sohbetler ge\u00e7icidir - yeniden ba\u011flanman\u0131n yolu yoktur<\/li>\n<\/ul>\n<h2>\u0130deal Kullan\u0131m \u00d6rnekleri<\/h2>\n<p>Chaty a\u015fa\u011f\u0131dakiler i\u00e7in m\u00fckemmeldir:<\/p>\n<ul>\n<li>Omegle'yi \u00f6zleyen ve benzer bir deneyim ya\u015famak isteyen herkes<\/li>\n<li>Yeni arkada\u015flar veya spontane, ger\u00e7ek zamanl\u0131 etkile\u015fim arayan ki\u015filer<\/li>\n<li>Dil \u00f6\u011frencileri konu\u015fma becerilerini geli\u015ftiriyor<\/li>\n<li>\u00c7evrimi\u00e7i ortamda gizlili\u011fe ve anonimli\u011fe \u00f6nem verenler<\/li>\n<li>Zaman ge\u00e7irmek veya sosyal \u00e7evrelerinin d\u0131\u015f\u0131nda biriyle tan\u0131\u015fmak isteyen kullan\u0131c\u0131lar<\/li>\n<\/ul>\n<p>Daha az uygun:<\/p>\n<ul>\n<li>18 ya\u015f\u0131ndan k\u00fc\u00e7\u00fck kullan\u0131c\u0131lar (platform yaln\u0131zca yeti\u015fkinlere \u00f6zeldir)<\/li>\n<li>Arkada\u015fl\u0131k\/e\u015fle\u015fme filtreleri veya se\u00e7ilmi\u015f deneyimler arayanlar<\/li>\n<li>\u00d6ng\u00f6r\u00fclemeyen veya \u00e7i\u011f sohbet kar\u015f\u0131la\u015fmalar\u0131ndan rahats\u0131z olan ki\u015filer<\/li>\n<\/ul>\n<h2>Nihai Karar<\/h2>\n<p>Chaty, kullan\u0131c\u0131lar\u0131n klasik Omegle ve Chatroulette'de sevdi\u011fi \u015feyleri tam olarak sunan, 2025'te \u00f6ne \u00e7\u0131kan bir rastgele g\u00f6r\u00fcnt\u00fcl\u00fc sohbet platformudur - h\u0131zl\u0131, \u00fccretsiz, anonim, engelsiz veya dikkat da\u011f\u0131t\u0131c\u0131 olmayan insan ba\u011flant\u0131s\u0131. Temiz aray\u00fcz\u00fc, g\u00fcvenilir performans\u0131 ve gizlili\u011fe odaklanmas\u0131, onu \u00e7evrimi\u00e7i spontane y\u00fcz y\u00fcze g\u00f6r\u00fc\u015fmeler i\u00e7in en iyi se\u00e7eneklerden biri haline getiriyor.<\/p>\n<p>Moderasyon ve filtreleme geli\u015ftirilebilir olsa da, platformun g\u00fc\u00e7l\u00fc y\u00f6nleri basitli\u011fi ve kullan\u0131m kolayl\u0131\u011f\u0131nda yatmaktad\u0131r. D\u00fcnyan\u0131n d\u00f6rt bir yan\u0131ndan yabanc\u0131larla ger\u00e7ek, senaryosuz sohbet etmek istiyorsan\u0131z -e\u011flenmek, \u00f6\u011frenmek veya sadece can s\u0131k\u0131nt\u0131s\u0131ndan ka\u00e7mak i\u00e7in- Chaty kesinlikle g\u00f6z atmaya de\u011fer.<\/p>","protected":false},"excerpt":{"rendered":"<p>As the appetite for spontaneous, face-to-face video chat continues to grow, a new generation of platforms has emerged to fill the gap left by Omegle and Chatroulette. Chaty is one such contender, designed for users who crave instant, anonymous video chats without the hassle of sign-up, profile-building, or downloading apps. With a promise of \u201cmeeting [&hellip;]<\/p>\n","protected":false},"author":6,"featured_media":0,"parent":0,"menu_order":0,"comment_status":"closed","ping_status":"closed","template":"","meta":{"footnotes":""},"class_list":["post-12903","page","type-page","status-publish","hentry"],"yoast_head":"<!-- This site is optimized with the Yoast SEO plugin v27.4 - https:\/\/yoast.com\/product\/yoast-seo-wordpress\/ -->\n<title>Chaty - Chat with People Nearby on StrangerCam.com<\/title>\n<meta name=\"description\" content=\"Like Chaty? Come chat with more than 5.000.000 strangers on Stranger Cam for Free! Turn on your cam and find new friends &amp; maby a match!\" \/>\n<meta name=\"robots\" content=\"index, follow, max-snippet:-1, max-image-preview:large, max-video-preview:-1\" \/>\n<link rel=\"canonical\" href=\"https:\/\/strangercam.com\/tr\/chaty\/\" \/>\n<meta property=\"og:locale\" content=\"tr_TR\" \/>\n<meta property=\"og:type\" content=\"article\" \/>\n<meta property=\"og:title\" content=\"Chaty - Chat with People Nearby on StrangerCam.com\" \/>\n<meta property=\"og:description\" content=\"Like Chaty? Come chat with more than 5.000.000 strangers on Stranger Cam for Free! Turn on your cam and find new friends &amp; maby a match!\" \/>\n<meta property=\"og:url\" content=\"https:\/\/strangercam.com\/tr\/chaty\/\" \/>\n<meta property=\"og:site_name\" content=\"Strangercam\" \/>\n<meta property=\"article:publisher\" content=\"https:\/\/www.facebook.com\/strangercam\" \/>\n<meta property=\"og:image\" content=\"https:\/\/strangercam.com\/wp-content\/uploads\/2021\/10\/Untitled-2.png\" \/>\n\t<meta property=\"og:image:width\" content=\"800\" \/>\n\t<meta property=\"og:image:height\" content=\"532\" \/>\n\t<meta property=\"og:image:type\" content=\"image\/png\" \/>\n<meta name=\"twitter:card\" content=\"summary_large_image\" \/>\n<meta name=\"twitter:site\" content=\"@strangercamapp\" \/>\n<meta name=\"twitter:label1\" content=\"Tahmini okuma s\u00fcresi\" \/>\n\t<meta name=\"twitter:data1\" content=\"6 dakika\" \/>\n<script type=\"application\/ld+json\" class=\"yoast-schema-graph\">{\"@context\":\"https:\\\/\\\/schema.org\",\"@graph\":[{\"@type\":\"WebPage\",\"@id\":\"https:\\\/\\\/strangercam.com\\\/chaty\\\/\",\"url\":\"https:\\\/\\\/strangercam.com\\\/chaty\\\/\",\"name\":\"Chaty - Chat with People Nearby on StrangerCam.com\",\"isPartOf\":{\"@id\":\"https:\\\/\\\/strangercam.com\\\/#website\"},\"datePublished\":\"2025-07-14T11:33:31+00:00\",\"description\":\"Like Chaty? Come chat with more than 5.000.000 strangers on Stranger Cam for Free! Turn on your cam and find new friends & maby a match!\",\"breadcrumb\":{\"@id\":\"https:\\\/\\\/strangercam.com\\\/chaty\\\/#breadcrumb\"},\"inLanguage\":\"tr\",\"potentialAction\":[{\"@type\":\"ReadAction\",\"target\":[\"https:\\\/\\\/strangercam.com\\\/chaty\\\/\"]}]},{\"@type\":\"BreadcrumbList\",\"@id\":\"https:\\\/\\\/strangercam.com\\\/chaty\\\/#breadcrumb\",\"itemListElement\":[{\"@type\":\"ListItem\",\"position\":1,\"name\":\"Home\",\"item\":\"https:\\\/\\\/strangercam.com\\\/\"},{\"@type\":\"ListItem\",\"position\":2,\"name\":\"Chaty\"}]},{\"@type\":\"WebSite\",\"@id\":\"https:\\\/\\\/strangercam.com\\\/#website\",\"url\":\"https:\\\/\\\/strangercam.com\\\/\",\"name\":\"Strangercam\",\"description\":\"Random Video Chat with Strangers\",\"publisher\":{\"@id\":\"https:\\\/\\\/strangercam.com\\\/#organization\"},\"alternateName\":\"Strangercam.com\",\"potentialAction\":[{\"@type\":\"SearchAction\",\"target\":{\"@type\":\"EntryPoint\",\"urlTemplate\":\"https:\\\/\\\/strangercam.com\\\/?s={search_term_string}\"},\"query-input\":{\"@type\":\"PropertyValueSpecification\",\"valueRequired\":true,\"valueName\":\"search_term_string\"}}],\"inLanguage\":\"tr\"},{\"@type\":\"Organization\",\"@id\":\"https:\\\/\\\/strangercam.com\\\/#organization\",\"name\":\"Strangercam\",\"alternateName\":\"Strangercam.com\",\"url\":\"https:\\\/\\\/strangercam.com\\\/\",\"logo\":{\"@type\":\"ImageObject\",\"inLanguage\":\"tr\",\"@id\":\"https:\\\/\\\/strangercam.com\\\/#\\\/schema\\\/logo\\\/image\\\/\",\"url\":\"https:\\\/\\\/strangercam.com\\\/wp-content\\\/uploads\\\/2020\\\/11\\\/cropped-new-favicon-black.png\",\"contentUrl\":\"https:\\\/\\\/strangercam.com\\\/wp-content\\\/uploads\\\/2020\\\/11\\\/cropped-new-favicon-black.png\",\"width\":512,\"height\":512,\"caption\":\"Strangercam\"},\"image\":{\"@id\":\"https:\\\/\\\/strangercam.com\\\/#\\\/schema\\\/logo\\\/image\\\/\"},\"sameAs\":[\"https:\\\/\\\/www.facebook.com\\\/strangercam\",\"https:\\\/\\\/x.com\\\/strangercamapp\"]}]}<\/script>\n<!-- \/ Yoast SEO plugin. -->","yoast_head_json":{"title":"Chaty - StrangerCam.com'da Yak\u0131ndaki \u0130nsanlarla Sohbet Edin","description":"Chaty'yi seviyor musunuz? Gelin Stranger Cam'de 5.000.000'dan fazla yabanc\u0131yla \u00dccretsiz sohbet edin! Kameran\u0131z\u0131 a\u00e7\u0131n ve yeni arkada\u015flar ve belki bir e\u015fle\u015fme bulun!","robots":{"index":"index","follow":"follow","max-snippet":"max-snippet:-1","max-image-preview":"max-image-preview:large","max-video-preview":"max-video-preview:-1"},"canonical":"https:\/\/strangercam.com\/tr\/chaty\/","og_locale":"tr_TR","og_type":"article","og_title":"Chaty - Chat with People Nearby on StrangerCam.com","og_description":"Like Chaty? Come chat with more than 5.000.000 strangers on Stranger Cam for Free! Turn on your cam and find new friends & maby a match!","og_url":"https:\/\/strangercam.com\/tr\/chaty\/","og_site_name":"Strangercam","article_publisher":"https:\/\/www.facebook.com\/strangercam","og_image":[{"width":800,"height":532,"url":"https:\/\/strangercam.com\/wp-content\/uploads\/2021\/10\/Untitled-2.png","type":"image\/png"}],"twitter_card":"summary_large_image","twitter_site":"@strangercamapp","twitter_misc":{"Tahmini okuma s\u00fcresi":"6 dakika"},"schema":{"@context":"https:\/\/schema.org","@graph":[{"@type":"WebPage","@id":"https:\/\/strangercam.com\/chaty\/","url":"https:\/\/strangercam.com\/chaty\/","name":"Chaty - StrangerCam.com'da Yak\u0131ndaki \u0130nsanlarla Sohbet Edin","isPartOf":{"@id":"https:\/\/strangercam.com\/#website"},"datePublished":"2025-07-14T11:33:31+00:00","description":"Chaty'yi seviyor musunuz? Gelin Stranger Cam'de 5.000.000'dan fazla yabanc\u0131yla \u00dccretsiz sohbet edin! Kameran\u0131z\u0131 a\u00e7\u0131n ve yeni arkada\u015flar ve belki bir e\u015fle\u015fme bulun!","breadcrumb":{"@id":"https:\/\/strangercam.com\/chaty\/#breadcrumb"},"inLanguage":"tr","potentialAction":[{"@type":"ReadAction","target":["https:\/\/strangercam.com\/chaty\/"]}]},{"@type":"BreadcrumbList","@id":"https:\/\/strangercam.com\/chaty\/#breadcrumb","itemListElement":[{"@type":"ListItem","position":1,"name":"Home","item":"https:\/\/strangercam.com\/"},{"@type":"ListItem","position":2,"name":"Chaty"}]},{"@type":"WebSite","@id":"https:\/\/strangercam.com\/#website","url":"https:\/\/strangercam.com\/","name":"Strangercam","description":"Yabanc\u0131larla Rastgele G\u00f6r\u00fcnt\u00fcl\u00fc Sohbet","publisher":{"@id":"https:\/\/strangercam.com\/#organization"},"alternateName":"Strangercam.com","potentialAction":[{"@type":"SearchAction","target":{"@type":"EntryPoint","urlTemplate":"https:\/\/strangercam.com\/?s={search_term_string}"},"query-input":{"@type":"PropertyValueSpecification","valueRequired":true,"valueName":"search_term_string"}}],"inLanguage":"tr"},{"@type":"Organization","@id":"https:\/\/strangercam.com\/#organization","name":"Strangercam","alternateName":"Strangercam.com","url":"https:\/\/strangercam.com\/","logo":{"@type":"ImageObject","inLanguage":"tr","@id":"https:\/\/strangercam.com\/#\/schema\/logo\/image\/","url":"https:\/\/strangercam.com\/wp-content\/uploads\/2020\/11\/cropped-new-favicon-black.png","contentUrl":"https:\/\/strangercam.com\/wp-content\/uploads\/2020\/11\/cropped-new-favicon-black.png","width":512,"height":512,"caption":"Strangercam"},"image":{"@id":"https:\/\/strangercam.com\/#\/schema\/logo\/image\/"},"sameAs":["https:\/\/www.facebook.com\/strangercam","https:\/\/x.com\/strangercamapp"]}]}},"_links":{"self":[{"href":"https:\/\/strangercam.com\/tr\/wp-json\/wp\/v2\/pages\/12903","targetHints":{"allow":["GET"]}}],"collection":[{"href":"https:\/\/strangercam.com\/tr\/wp-json\/wp\/v2\/pages"}],"about":[{"href":"https:\/\/strangercam.com\/tr\/wp-json\/wp\/v2\/types\/page"}],"author":[{"embeddable":true,"href":"https:\/\/strangercam.com\/tr\/wp-json\/wp\/v2\/users\/6"}],"replies":[{"embeddable":true,"href":"https:\/\/strangercam.com\/tr\/wp-json\/wp\/v2\/comments?post=12903"}],"version-history":[{"count":1,"href":"https:\/\/strangercam.com\/tr\/wp-json\/wp\/v2\/pages\/12903\/revisions"}],"predecessor-version":[{"id":12904,"href":"https:\/\/strangercam.com\/tr\/wp-json\/wp\/v2\/pages\/12903\/revisions\/12904"}],"wp:attachment":[{"href":"https:\/\/strangercam.com\/tr\/wp-json\/wp\/v2\/media?parent=12903"}],"curies":[{"name":"wp","href":"https:\/\/api.w.org\/{rel}","templated":true}]}}