{"id":12846,"date":"2025-05-14T09:44:05","date_gmt":"2025-05-14T07:44:05","guid":{"rendered":"https:\/\/strangercam.com\/?page_id=12846"},"modified":"2025-05-14T09:44:05","modified_gmt":"2025-05-14T07:44:05","slug":"meetskip","status":"publish","type":"page","link":"https:\/\/strangercam.com\/tr\/meetskip\/","title":{"rendered":"MeetSkip"},"content":{"rendered":"<p>Daha fazla insan \u00e7evrimi\u00e7i ortamda spontane, y\u00fcz y\u00fcze etkile\u015fimler arad\u0131k\u00e7a, rastgele g\u00f6r\u00fcnt\u00fcl\u00fc sohbet platformlar\u0131 geli\u015fmeye devam ediyor - \u00f6zellikle de Omegle sonras\u0131 d\u00f6nemde. Ortaya \u00e7\u0131kan yeni isimlerden biri olan MeetSkip, taray\u0131c\u0131 tabanl\u0131 rastgele bir <a href=\"https:\/\/strangercam.com\/tr\/bazoocam\/\">cam<\/a> h\u0131zl\u0131 ba\u011flant\u0131lar, minimum kurulum ve ilk d\u00f6nemleri an\u0131msatan bir deneyim sunan sohbet sitesi <a href=\"https:\/\/strangercam.com\/tr\/omegle\/\">Omegle<\/a> g\u00fcnler.<\/p>\n<p>Ancak trafik i\u00e7in rekabet eden d\u00fczinelerce benzer siteyle MeetSkip nas\u0131l kar\u015f\u0131la\u015ft\u0131r\u0131l\u0131r? Sadece ba\u015fka bir klon mu, yoksa zaman ay\u0131rmaya de\u011fer bir \u015fey sunuyor mu?<\/p>\n<p>Bu incelemede MeetSkip'e detayl\u0131 bir bak\u0131\u015f at\u0131yoruz - ne oldu\u011fu, ne sundu\u011fu, kimin i\u00e7in oldu\u011fu ve rekabete kar\u015f\u0131 nas\u0131l durdu\u011fu.<\/p>\n<h2>MeetSkip nedir?<\/h2>\n<p>MeetSkip, kullan\u0131c\u0131lar\u0131 web kameras\u0131 ve mikrofon arac\u0131l\u0131\u011f\u0131yla bire bir ba\u011flayan \u00fccretsiz, anonim bir rastgele g\u00f6r\u00fcnt\u00fcl\u00fc sohbet web sitesidir. Kay\u0131t, indirme ve ki\u015fisel bilgi gerektirmez. Sadece \"Ba\u015flat \"a t\u0131klay\u0131n ve an\u0131nda yeni biriyle y\u00fcz y\u00fcze gelin.<\/p>\n<p>Konsept basit - Omegle gibi, <a href=\"https:\/\/strangercam.com\/tr\/chatroulette\/\">Chatroulette<\/a>, veya Chatrandom, ger\u00e7ek zamanl\u0131, rastgele kar\u015f\u0131la\u015fmalar\u0131 vurgular ve kullan\u0131c\u0131lara mevcut ma\u00e7 hakk\u0131nda nas\u0131l hissettiklerine ba\u011fl\u0131 olarak atlama veya kalma yetene\u011fi verir.<\/p>\n<p>Hesaplara, uygulamalara veya sosyal medyaya ihtiya\u00e7 duymadan h\u0131zl\u0131, spontane konu\u015fmalar yapmak isteyen kullan\u0131c\u0131lar i\u00e7in tasarlanm\u0131\u015ft\u0131r.<\/p>\n<h2>MeetSkip'in Amac\u0131 Nedir?<\/h2>\n<p>MeetSkip'in amac\u0131, Omegle'yi ilk etapta pop\u00fcler yapan saf, rastgele ve anonim g\u00f6r\u00fcnt\u00fcl\u00fc sohbet deneyimini yeniden yaratmakt\u0131r - ancak biraz daha p\u00fcr\u00fczs\u00fcz bir aray\u00fcz ve modern cihazlar i\u00e7in daha iyi destek ile.<\/p>\n<p>\u015eunun i\u00e7in \u00fcretildi:<\/p>\n<ul>\n<li>Spontane web kameras\u0131 konu\u015fmalar\u0131ndan ho\u015flanan ki\u015filer<\/li>\n<li>Kay\u0131t olmak veya profil olu\u015fturmak istemeyen kullan\u0131c\u0131lar<\/li>\n<li>G\u00fcndelik sohbetler, fl\u00f6rtler, gezginler ve dil \u00f6\u011frenenler<\/li>\n<li>Arkada\u015fl\u0131k uygulamalar\u0131ndan s\u0131k\u0131lan ve canl\u0131 etkile\u015fim arayan herkes<\/li>\n<\/ul>\n<p>Biyografiler, be\u011feniler veya mesajla\u015fma \u00f6zellikleri yoktur. Sen <a href=\"https:\/\/strangercam.com\/tr\/coomeet\/\">tan\u0131\u015fmak<\/a> Biriyle sohbet et, sonra ya yoluna devam et ya da konu\u015fmaya devam et. Bu kadar.<\/p>\n<h2>Temel \u00d6zellikler<\/h2>\n<p>1. Bire Bir G\u00f6r\u00fcnt\u00fcl\u00fc Sohbet<br \/>\nMeetSkip'in temel i\u015flevi h\u0131zl\u0131, anonim web kameras\u0131 sohbetidir. Kameran\u0131za ve mikrofonunuza izin verildi\u011finde, otomatik olarak ba\u015fka bir kullan\u0131c\u0131yla e\u015fle\u015ftirilirsiniz. Sohbet iyi gitmiyorsa, \"Sonraki\" d\u00fc\u011fmesine bas\u0131n ve an\u0131nda yeni biriyle yeniden ba\u011flanacaks\u0131n\u0131z.<\/p>\n<p>2. Metin Sohbeti Se\u00e7ene\u011fi<br \/>\nWeb kameras\u0131 kullanmak istemeyen veya d\u00fc\u015f\u00fck bant geni\u015fli\u011fine sahip bir ortamda bulunan kullan\u0131c\u0131lar i\u00e7in MeetSkip ayr\u0131ca salt metin sohbet modu da sunar. Bu kolayca de\u011fi\u015ftirilebilir ve daha s\u0131radan sohbetler i\u00e7in veya sadece sular\u0131 test ediyorsan\u0131z iyi \u00e7al\u0131\u015f\u0131r.<\/p>\n<p>3. Kay\u0131t Gerektirmez<br \/>\nMeetSkip'in t\u00fcm temel \u00f6zelliklerine bir hesap olu\u015fturmadan eri\u015febilirsiniz. Tamamen anonimdir - bir ad, e-posta veya sosyal tan\u0131t\u0131c\u0131 sa\u011flaman\u0131z gerekmez. Bu, giri\u015f engelini son derece d\u00fc\u015f\u00fck hale getirir.<\/p>\n<p>4. Cinsiyet ve Konum Filtreleri (S\u0131n\u0131rl\u0131)<br \/>\nCinsiyete veya \u00fclkeye g\u00f6re insanlarla e\u015fle\u015fmeyi denemenize olanak tan\u0131yan baz\u0131 filtrelemeler mevcuttur, ancak bu her zaman g\u00fcvenilir de\u011fildir ve ek izinler vermenizi gerektirebilir.<\/p>\n<p>5. An\u0131nda Atlama<br \/>\nAd\u0131na sad\u0131k kalan MeetSkip, bir saniyeden k\u0131sa s\u00fcrede yeni bir sohbet orta\u011f\u0131na ge\u00e7menizi sa\u011flayan h\u0131zl\u0131 bir \"Sonraki\" d\u00fc\u011fmesine sahiptir. Bu, h\u0131z ve \u00e7e\u015fitlilik isteyen kullan\u0131c\u0131lar i\u00e7in cazibenin \u00f6nemli bir par\u00e7as\u0131d\u0131r.<\/p>\n<p>6. Masa\u00fcst\u00fc ve Mobil Taray\u0131c\u0131larda \u00c7al\u0131\u015f\u0131r<br \/>\nMeetSkip tamamen taray\u0131c\u0131n\u0131zda \u00e7al\u0131\u015f\u0131r ve mobil uyumludur, yani bir uygulama y\u00fcklemeden telefonunuzdan veya tabletinizden kullanabilirsiniz. Kamera konumland\u0131rma ve d\u00fczen i\u00e7in masa\u00fcst\u00fcnde en iyisi olsa da, mobil deneyim sorunsuz ve i\u015flevseldir.<\/p>\n<p>7. Minimal Aray\u00fcz<br \/>\nKullan\u0131c\u0131 aray\u00fcz\u00fc sadele\u015ftirilmi\u015f ve basittir - b\u00fcy\u00fck video ak\u0131\u015f\u0131, temel sohbet kutusu, sessiz d\u00fc\u011fmesi, atlama d\u00fc\u011fmesi ve rapor se\u00e7ene\u011fi. G\u00f6steri\u015fli \u00f6zellikler veya sosyal hileler yok.<\/p>\n<h2>MeetSkip \u00dccretsiz mi?<\/h2>\n<p>Evet, MeetSkip'i kullanmak 100% \u00fccretsizdir. Hi\u00e7bir \u015fey yok:<\/p>\n<ul>\n<li>\u00d6deme Duvarlar\u0131<\/li>\n<li>Krediler veya madeni paralar<\/li>\n<li>VIP \u00fcyelikler<\/li>\n<li>\u0130stemleri indirin<\/li>\n<\/ul>\n<p>MeetSkip hizmeti desteklemek i\u00e7in reklam g\u00f6sterebilir, ancak bunlar \u015fu anda m\u00fcdahaleci de\u011fildir ve t\u00fcm sohbet \u00f6zellikleri herkes taraf\u0131ndan eri\u015filebilir olmaya devam etmektedir.<\/p>\n<h2>MeetSkip'i Kimler Kullan\u0131yor?<\/h2>\n<p>MeetSkip, \u00f6zellikle bir\u00e7ok b\u00f6lgede giderek b\u00fcy\u00fcyen bir kullan\u0131c\u0131 taban\u0131na sahip:<\/p>\n<ul>\n<li>Birle\u015fik Devletler<\/li>\n<li>Hindistan<\/li>\n<li>Almanya<\/li>\n<li>Brezilya<\/li>\n<li>BIRLE\u015eIK KRALLIK<\/li>\n<li>Kanada<\/li>\n<\/ul>\n<p>\u00c7o\u011fu kullan\u0131c\u0131 18-35 ya\u015f aral\u0131\u011f\u0131ndad\u0131r ve - \u00e7o\u011fu rastgele g\u00f6r\u00fcnt\u00fcl\u00fc sohbet platformunda oldu\u011fu gibi - kullan\u0131c\u0131 taban\u0131 erkek hakimiyetindedir. Kad\u0131n kullan\u0131c\u0131lar da mevcuttur, ancak genellikle \u00e7ok daha fazla say\u0131da sohbet iste\u011fi al\u0131rlar.<\/p>\n<p>Kullan\u0131c\u0131lar genellikle \u015funlar\u0131 ar\u0131yor:<\/p>\n<ul>\n<li>S\u0131radan sohbetler<\/li>\n<li>E\u011flenceli, fl\u00f6rt\u00f6z etkile\u015fimler<\/li>\n<li>Yabanc\u0131larla ger\u00e7ek zamanl\u0131 tan\u0131\u015fma<\/li>\n<li>Yap\u0131land\u0131r\u0131lm\u0131\u015f fl\u00f6rtten ziyade hafif sosyalle\u015fme<\/li>\n<\/ul>\n<p>MeetSkip uzun s\u00fcreli ileti\u015fim i\u00e7in tasarlanmam\u0131\u015ft\u0131r. Kullan\u0131c\u0131lar\u0131 favorilere eklemenin veya arkada\u015f eklemenin bir yolu yoktur - tamamen rastgelelik ve ge\u00e7icilik fikri \u00fczerine kurulmu\u015ftur.<\/p>\n<h2>G\u00fcvenlik, Gizlilik ve Moderasyon<\/h2>\n<p>MeetSkip anonim oldu\u011fu i\u00e7in gizlilik do\u011fas\u0131 gere\u011fi g\u00fc\u00e7l\u00fcd\u00fcr, ancak bu ayn\u0131 zamanda g\u00fcvenlik zorluklar\u0131n\u0131 da beraberinde getirir.<\/p>\n<h3>MeetSkip'in iyi yapt\u0131\u011f\u0131 \u015fey:<\/h3>\n<ul>\n<li>Hesap yok: Kullanmak i\u00e7in ki\u015fisel bilgilerinizi vermeniz gerekmez.<\/li>\n<li>Sadece bire bir sohbet: Herkese a\u00e7\u0131k odalar veya profiller yoktur.<\/li>\n<li>Kay\u0131tl\u0131 sohbet yok: Konu\u015fmalar kaydedilmez veya incelenmez (ancak davran\u0131\u015flar ger\u00e7ek zamanl\u0131 olarak izlenebilir).<\/li>\n<li>Rapor d\u00fc\u011fmesi: Kullan\u0131c\u0131lar uygunsuz i\u00e7eri\u011fi i\u015faretleyebilir.<\/li>\n<\/ul>\n<h3>S\u0131n\u0131rlamalar:<\/h3>\n<ul>\n<li>Moderasyon hafiftir: Bir\u00e7ok anonim sohbet platformunda oldu\u011fu gibi, k\u00f6t\u00fcye kullan\u0131m bildirilene kadar s\u0131n\u0131rl\u0131 yapt\u0131r\u0131m vard\u0131r.<\/li>\n<li>Uygunsuz i\u00e7erik m\u00fcmk\u00fcnd\u00fcr: Baz\u0131 kullan\u0131c\u0131lar, \u00f6zellikle gece ge\u00e7 saatlerde platformu k\u00f6t\u00fcye kullanmaktad\u0131r.<\/li>\n<li>Geli\u015fmi\u015f yapay zeka moderasyon ara\u00e7lar\u0131 yok (hen\u00fcz): \u00c7\u0131plakl\u0131k ve sald\u0131rgan hareketler k\u0131sa s\u00fcreli\u011fine fark edilmeyebilir.<\/li>\n<\/ul>\n<p>T\u00fcm a\u00e7\u0131k g\u00f6r\u00fcnt\u00fcl\u00fc sohbet platformlar\u0131nda oldu\u011fu gibi, kullan\u0131c\u0131lara a\u015fa\u011f\u0131dakileri yapmalar\u0131 tavsiye edilir:<\/p>\n<ul>\n<li>Ki\u015fisel bilgilerinizi payla\u015fmaktan ka\u00e7\u0131n\u0131n<\/li>\n<li>Daha iyi bir deneyim i\u00e7in platformu yo\u011fun saatlerde kullan\u0131n<\/li>\n<li>Kendilerini rahats\u0131z hissederlerse sohbetlerden hemen \u00e7\u0131k\u0131n<\/li>\n<\/ul>\n<h2>Kullan\u0131c\u0131 Deneyimi ve Tasar\u0131m<\/h2>\n<p>MeetSkip h\u0131z ve basitli\u011fe odaklan\u0131yor ve bunu g\u00f6steriyor. Siteyi y\u00fckledi\u011finiz andan itibaren, canl\u0131 bir web sitesine iki t\u0131k uzaktas\u0131n\u0131z. <a href=\"https:\/\/strangercam.com\/tr\/cam-to-cam-chat\/\">kameral\u0131 sohbet<\/a>. Aray\u00fcz minimaldir - koyu bir arka plan, video kutular\u0131 ve birka\u00e7 d\u00fc\u011fme. Hepsi bu kadar.<\/p>\n<h3>UX'in art\u0131lar\u0131:<\/h3>\n<ul>\n<li>Yava\u015f ba\u011flant\u0131larda bile h\u0131zl\u0131 y\u00fcklenir<\/li>\n<li>Dikkat da\u011f\u0131t\u0131c\u0131 veya da\u011f\u0131n\u0131kl\u0131k yok<\/li>\n<li>Y\u00fcz y\u00fcze etkile\u015fim i\u00e7in geni\u015f video penceresi<\/li>\n<li>Sonraki\/sonraki\/rapor d\u00fc\u011fmeleri a\u00e7\u0131k\u00e7a g\u00f6r\u00fclebilir<\/li>\n<li>Hem Chrome hem de Safari'de iyi \u00e7al\u0131\u015f\u0131r<\/li>\n<\/ul>\n<h3>\u0130yile\u015ftirmeye A\u00e7\u0131k Alan:<\/h3>\n<ul>\n<li>Profil se\u00e7ene\u011fi yok, iste\u011fe ba\u011fl\u0131 olanlar bile<\/li>\n<li>Filtreler s\u0131n\u0131rl\u0131 veya g\u00fcvenilmez<\/li>\n<li>\u00d6nceki kullan\u0131c\u0131larla yeniden ba\u011flant\u0131 kurma se\u00e7ene\u011fi yok<\/li>\n<li>Yerle\u015fik \u00e7eviri veya dil arac\u0131 yok<\/li>\n<\/ul>\n<p>Ancak genel olarak, olmaya \u00e7al\u0131\u015ft\u0131\u011f\u0131 \u015fey i\u00e7in - h\u0131zl\u0131, \u00fccretsiz, basit bir sohbet ruleti deneyimi - kullan\u0131c\u0131 deneyimi sa\u011flamd\u0131r.<\/p>\n<h2>MeetSkip vs Di\u011fer Sohbet Platformlar\u0131<\/h2>\n<p>MeetSkip bu alandaki en b\u00fcy\u00fck isimlerden baz\u0131lar\u0131yla nas\u0131l kar\u015f\u0131la\u015ft\u0131r\u0131l\u0131yor?<\/p>\n<table>\n<thead>\n<tr>\n<th>\u00d6zellik<\/th>\n<th>MeetSkip<\/th>\n<th>Omegle (kapal\u0131)<\/th>\n<th>Chatroulette<\/th>\n<th>Chatrandom<\/th>\n<th>Emerald Chat<\/th>\n<\/tr>\n<\/thead>\n<tbody>\n<tr>\n<td>Rastgele G\u00f6r\u00fcnt\u00fcl\u00fc Sohbet<\/td>\n<td>Evet<\/td>\n<td>Evet<\/td>\n<td>Evet<\/td>\n<td>Evet<\/td>\n<td>Evet<\/td>\n<\/tr>\n<tr>\n<td>Metin Sohbeti Se\u00e7ene\u011fi<\/td>\n<td>Evet<\/td>\n<td>Evet<\/td>\n<td>Hay\u0131r<\/td>\n<td>Evet<\/td>\n<td>Evet<\/td>\n<\/tr>\n<tr>\n<td>Cinsiyet Filtreleri<\/td>\n<td>Temel<\/td>\n<td>\u00dccretli (eskiden)<\/td>\n<td>Hay\u0131r<\/td>\n<td>\u00dccretli<\/td>\n<td>Evet<\/td>\n<\/tr>\n<tr>\n<td>Mobil Uyumluluk<\/td>\n<td>\u0130yi<\/td>\n<td>Zay\u0131f<\/td>\n<td>Zay\u0131f<\/td>\n<td>M\u00fckemmel<\/td>\n<td>\u0130yi<\/td>\n<\/tr>\n<tr>\n<td>Hesap Gerekli<\/td>\n<td>Hay\u0131r<\/td>\n<td>Hay\u0131r<\/td>\n<td>Hay\u0131r<\/td>\n<td>Opsiyonel<\/td>\n<td>Evet<\/td>\n<\/tr>\n<tr>\n<td>\u00d6zel Mesajla\u015fma<\/td>\n<td>Hay\u0131r<\/td>\n<td>Hay\u0131r<\/td>\n<td>Hay\u0131r<\/td>\n<td>Evet<\/td>\n<td>Evet<\/td>\n<\/tr>\n<tr>\n<td>Moderasyon Kalitesi<\/td>\n<td>I\u015f\u0131k<\/td>\n<td>Minimal<\/td>\n<td>Zay\u0131f<\/td>\n<td>Orta d\u00fczeyde<\/td>\n<td>G\u00fc\u00e7l\u00fc<\/td>\n<\/tr>\n<\/tbody>\n<\/table>\n<p>\u00d6zet: MeetSkip tekerle\u011fi yeniden icat etmiyor, ancak \u015fu anda mevcut olan daha temiz ve daha iyi optimize edilmi\u015f se\u00e7eneklerden biri - \u00f6zellikle daha kararl\u0131 bir kullan\u0131c\u0131 aray\u00fcz\u00fcne sahip Omegle tarz\u0131 bir platform ar\u0131yorsan\u0131z.<\/p>\n<h2>Art\u0131lar\u0131 ve Eksileri<\/h2>\n<p>Art\u0131lar\u0131:<\/p>\n<ul>\n<li>Tamamen \u00fccretsiz ve kay\u0131t gerekmiyor<\/li>\n<li>Yabanc\u0131larla an\u0131nda g\u00f6r\u00fcnt\u00fcl\u00fc sohbet<\/li>\n<li>Hem masa\u00fcst\u00fc hem de mobil cihazlarda iyi \u00e7al\u0131\u015f\u0131r<\/li>\n<li>Metin ve g\u00f6r\u00fcnt\u00fcl\u00fc sohbet modlar\u0131 mevcut<\/li>\n<li>Hafif, h\u0131zl\u0131 ve kullan\u0131m\u0131 kolay<\/li>\n<li>Ba\u015ftan sona anonimlik korunmu\u015ftur<\/li>\n<\/ul>\n<p>Eksiler:<\/p>\n<ul>\n<li>Temel veya g\u00fcvenilir olmayan filtreleme se\u00e7enekleri<\/li>\n<li>Baz\u0131 uygunsuz i\u00e7erikler g\u00f6r\u00fcnebilir<\/li>\n<li>Sosyal veya e\u015fle\u015ftirme \u00f6zelli\u011fi yok<\/li>\n<li>Kullan\u0131c\u0131 ge\u00e7mi\u015fi veya yeniden ba\u011flanma yetene\u011fi yok<\/li>\n<li>Erkek a\u011f\u0131rl\u0131kl\u0131 kullan\u0131c\u0131 taban\u0131<\/li>\n<\/ul>\n<h2>\u0130deal Kullan\u0131m \u00d6rnekleri<\/h2>\n<p>MeetSkip a\u015fa\u011f\u0131dakiler i\u00e7in harikad\u0131r:<\/p>\n<ul>\n<li>Orijinal Omegle gibi yabanc\u0131larla rastgele sohbet etmek isteyen ki\u015filer<\/li>\n<li>H\u0131zl\u0131 bir sosyal dikkat da\u011f\u0131t\u0131c\u0131 veya zaman ge\u00e7irmenin e\u011flenceli bir yolunu arayan kullan\u0131c\u0131lar<\/li>\n<li>Kay\u0131t olmak veya bir uygulama indirmek istemeyen herkes<\/li>\n<li>Di\u011fer \u00fclkelerden insanlarla tan\u0131\u015fmak isteyen uluslararas\u0131 kullan\u0131c\u0131lar<\/li>\n<\/ul>\n<p>Bunun i\u00e7in ideal de\u011fil:<\/p>\n<ul>\n<li>Se\u00e7ilmi\u015f bir tan\u0131\u015fma veya e\u015fle\u015fme deneyimi arayan kullan\u0131c\u0131lar<\/li>\n<li>Grup sohbet odalar\u0131n\u0131 veya temal\u0131 tart\u0131\u015fma konular\u0131n\u0131 tercih eden ki\u015filer<\/li>\n<li>Yeti\u015fkinlere y\u00f6nelik i\u00e7erikte gezinme konusunda kendilerini rahat hissetmeyebilecek daha gen\u00e7 kullan\u0131c\u0131lar<\/li>\n<li>Devam eden konu\u015fmalar veya arkada\u015f ekleme \u00f6zellikleri isteyen kullan\u0131c\u0131lar<\/li>\n<\/ul>\n<h2>Nihai Karar<\/h2>\n<p>MeetSkip, mevcut en iyi Omegle tarz\u0131 rastgele g\u00f6r\u00fcnt\u00fcl\u00fc sohbet platformlar\u0131ndan biridir. Geli\u015fmi\u015f \u00f6zellikler veya son teknoloji moderasyon sunmasa da, yapmak istedi\u011fi \u015feyi ba\u015far\u0131yor: d\u00fcnyan\u0131n d\u00f6rt bir yan\u0131ndaki yabanc\u0131larla \u00fccretsiz, anonim ve an\u0131nda y\u00fcz y\u00fcze sohbet sa\u011flamak.<\/p>\n<p>Minimum kar\u0131\u015f\u0131kl\u0131k ve h\u0131zl\u0131 e\u015fle\u015ftirme ile hafif, ba\u011flanma gerektirmeyen bir kameral\u0131 sohbet sitesi ar\u0131yorsan\u0131z, MeetSkip kesinlikle g\u00f6z atmaya de\u011fer. En g\u00f6steri\u015fli de\u011fil, ancak g\u00fcvenilir - ve bazen, rastgele sohbet merakl\u0131lar\u0131n\u0131n arad\u0131\u011f\u0131 \u015fey tam olarak budur.<\/p>","protected":false},"excerpt":{"rendered":"<p>As more people look for spontaneous, face-to-face interactions online, random video chat platforms continue to thrive \u2014 especially in the post-Omegle era. One of the newer names making the rounds is MeetSkip, a browser-based random cam chat site offering quick connections, minimal setup, and an experience reminiscent of the early Omegle days. But with dozens [&hellip;]<\/p>\n","protected":false},"author":6,"featured_media":0,"parent":0,"menu_order":0,"comment_status":"closed","ping_status":"closed","template":"","meta":{"footnotes":""},"class_list":["post-12846","page","type-page","status-publish","hentry"],"yoast_head":"<!-- This site is optimized with the Yoast SEO plugin v27.4 - https:\/\/yoast.com\/product\/yoast-seo-wordpress\/ -->\n<title>MeetSkip - Free Online Chat Rooms on StrangerCam.com<\/title>\n<meta name=\"description\" content=\"Like MeetSkip? Come chat with more than 5.000.000 strangers on Stranger Cam for Free! Turn on your cam and find new friends &amp; maby a match!\" \/>\n<meta name=\"robots\" content=\"index, follow, max-snippet:-1, max-image-preview:large, max-video-preview:-1\" \/>\n<link rel=\"canonical\" href=\"https:\/\/strangercam.com\/tr\/meetskip\/\" \/>\n<meta property=\"og:locale\" content=\"tr_TR\" \/>\n<meta property=\"og:type\" content=\"article\" \/>\n<meta property=\"og:title\" content=\"MeetSkip - Free Online Chat Rooms on StrangerCam.com\" \/>\n<meta property=\"og:description\" content=\"Like MeetSkip? Come chat with more than 5.000.000 strangers on Stranger Cam for Free! Turn on your cam and find new friends &amp; maby a match!\" \/>\n<meta property=\"og:url\" content=\"https:\/\/strangercam.com\/tr\/meetskip\/\" \/>\n<meta property=\"og:site_name\" content=\"Strangercam\" \/>\n<meta property=\"article:publisher\" content=\"https:\/\/www.facebook.com\/strangercam\" \/>\n<meta property=\"og:image\" content=\"https:\/\/strangercam.com\/wp-content\/uploads\/2021\/10\/Untitled-2.png\" \/>\n\t<meta property=\"og:image:width\" content=\"800\" \/>\n\t<meta property=\"og:image:height\" content=\"532\" \/>\n\t<meta property=\"og:image:type\" content=\"image\/png\" \/>\n<meta name=\"twitter:card\" content=\"summary_large_image\" \/>\n<meta name=\"twitter:site\" content=\"@strangercamapp\" \/>\n<meta name=\"twitter:label1\" content=\"Tahmini okuma s\u00fcresi\" \/>\n\t<meta name=\"twitter:data1\" content=\"6 dakika\" \/>\n<script type=\"application\/ld+json\" class=\"yoast-schema-graph\">{\"@context\":\"https:\\\/\\\/schema.org\",\"@graph\":[{\"@type\":\"WebPage\",\"@id\":\"https:\\\/\\\/strangercam.com\\\/meetskip\\\/\",\"url\":\"https:\\\/\\\/strangercam.com\\\/meetskip\\\/\",\"name\":\"MeetSkip - Free Online Chat Rooms on StrangerCam.com\",\"isPartOf\":{\"@id\":\"https:\\\/\\\/strangercam.com\\\/#website\"},\"datePublished\":\"2025-05-14T07:44:05+00:00\",\"description\":\"Like MeetSkip? Come chat with more than 5.000.000 strangers on Stranger Cam for Free! Turn on your cam and find new friends & maby a match!\",\"breadcrumb\":{\"@id\":\"https:\\\/\\\/strangercam.com\\\/meetskip\\\/#breadcrumb\"},\"inLanguage\":\"tr\",\"potentialAction\":[{\"@type\":\"ReadAction\",\"target\":[\"https:\\\/\\\/strangercam.com\\\/meetskip\\\/\"]}]},{\"@type\":\"BreadcrumbList\",\"@id\":\"https:\\\/\\\/strangercam.com\\\/meetskip\\\/#breadcrumb\",\"itemListElement\":[{\"@type\":\"ListItem\",\"position\":1,\"name\":\"Home\",\"item\":\"https:\\\/\\\/strangercam.com\\\/\"},{\"@type\":\"ListItem\",\"position\":2,\"name\":\"MeetSkip\"}]},{\"@type\":\"WebSite\",\"@id\":\"https:\\\/\\\/strangercam.com\\\/#website\",\"url\":\"https:\\\/\\\/strangercam.com\\\/\",\"name\":\"Strangercam\",\"description\":\"Random Video Chat with Strangers\",\"publisher\":{\"@id\":\"https:\\\/\\\/strangercam.com\\\/#organization\"},\"alternateName\":\"Strangercam.com\",\"potentialAction\":[{\"@type\":\"SearchAction\",\"target\":{\"@type\":\"EntryPoint\",\"urlTemplate\":\"https:\\\/\\\/strangercam.com\\\/?s={search_term_string}\"},\"query-input\":{\"@type\":\"PropertyValueSpecification\",\"valueRequired\":true,\"valueName\":\"search_term_string\"}}],\"inLanguage\":\"tr\"},{\"@type\":\"Organization\",\"@id\":\"https:\\\/\\\/strangercam.com\\\/#organization\",\"name\":\"Strangercam\",\"alternateName\":\"Strangercam.com\",\"url\":\"https:\\\/\\\/strangercam.com\\\/\",\"logo\":{\"@type\":\"ImageObject\",\"inLanguage\":\"tr\",\"@id\":\"https:\\\/\\\/strangercam.com\\\/#\\\/schema\\\/logo\\\/image\\\/\",\"url\":\"https:\\\/\\\/strangercam.com\\\/wp-content\\\/uploads\\\/2020\\\/11\\\/cropped-new-favicon-black.png\",\"contentUrl\":\"https:\\\/\\\/strangercam.com\\\/wp-content\\\/uploads\\\/2020\\\/11\\\/cropped-new-favicon-black.png\",\"width\":512,\"height\":512,\"caption\":\"Strangercam\"},\"image\":{\"@id\":\"https:\\\/\\\/strangercam.com\\\/#\\\/schema\\\/logo\\\/image\\\/\"},\"sameAs\":[\"https:\\\/\\\/www.facebook.com\\\/strangercam\",\"https:\\\/\\\/x.com\\\/strangercamapp\"]}]}<\/script>\n<!-- \/ Yoast SEO plugin. -->","yoast_head_json":{"title":"MeetSkip - StrangerCam.com'da \u00dccretsiz \u00c7evrimi\u00e7i Sohbet Odalar\u0131","description":"MeetSkip'i be\u011fendiniz mi? Gelin Stranger Cam'de 5.000.000'dan fazla yabanc\u0131yla \u00dccretsiz sohbet edin! Kameran\u0131z\u0131 a\u00e7\u0131n ve yeni arkada\u015flar ve belki bir e\u015fle\u015fme bulun!","robots":{"index":"index","follow":"follow","max-snippet":"max-snippet:-1","max-image-preview":"max-image-preview:large","max-video-preview":"max-video-preview:-1"},"canonical":"https:\/\/strangercam.com\/tr\/meetskip\/","og_locale":"tr_TR","og_type":"article","og_title":"MeetSkip - Free Online Chat Rooms on StrangerCam.com","og_description":"Like MeetSkip? Come chat with more than 5.000.000 strangers on Stranger Cam for Free! Turn on your cam and find new friends & maby a match!","og_url":"https:\/\/strangercam.com\/tr\/meetskip\/","og_site_name":"Strangercam","article_publisher":"https:\/\/www.facebook.com\/strangercam","og_image":[{"width":800,"height":532,"url":"https:\/\/strangercam.com\/wp-content\/uploads\/2021\/10\/Untitled-2.png","type":"image\/png"}],"twitter_card":"summary_large_image","twitter_site":"@strangercamapp","twitter_misc":{"Tahmini okuma s\u00fcresi":"6 dakika"},"schema":{"@context":"https:\/\/schema.org","@graph":[{"@type":"WebPage","@id":"https:\/\/strangercam.com\/meetskip\/","url":"https:\/\/strangercam.com\/meetskip\/","name":"MeetSkip - StrangerCam.com'da \u00dccretsiz \u00c7evrimi\u00e7i Sohbet Odalar\u0131","isPartOf":{"@id":"https:\/\/strangercam.com\/#website"},"datePublished":"2025-05-14T07:44:05+00:00","description":"MeetSkip'i be\u011fendiniz mi? Gelin Stranger Cam'de 5.000.000'dan fazla yabanc\u0131yla \u00dccretsiz sohbet edin! Kameran\u0131z\u0131 a\u00e7\u0131n ve yeni arkada\u015flar ve belki bir e\u015fle\u015fme bulun!","breadcrumb":{"@id":"https:\/\/strangercam.com\/meetskip\/#breadcrumb"},"inLanguage":"tr","potentialAction":[{"@type":"ReadAction","target":["https:\/\/strangercam.com\/meetskip\/"]}]},{"@type":"BreadcrumbList","@id":"https:\/\/strangercam.com\/meetskip\/#breadcrumb","itemListElement":[{"@type":"ListItem","position":1,"name":"Home","item":"https:\/\/strangercam.com\/"},{"@type":"ListItem","position":2,"name":"MeetSkip"}]},{"@type":"WebSite","@id":"https:\/\/strangercam.com\/#website","url":"https:\/\/strangercam.com\/","name":"Strangercam","description":"Yabanc\u0131larla Rastgele G\u00f6r\u00fcnt\u00fcl\u00fc Sohbet","publisher":{"@id":"https:\/\/strangercam.com\/#organization"},"alternateName":"Strangercam.com","potentialAction":[{"@type":"SearchAction","target":{"@type":"EntryPoint","urlTemplate":"https:\/\/strangercam.com\/?s={search_term_string}"},"query-input":{"@type":"PropertyValueSpecification","valueRequired":true,"valueName":"search_term_string"}}],"inLanguage":"tr"},{"@type":"Organization","@id":"https:\/\/strangercam.com\/#organization","name":"Strangercam","alternateName":"Strangercam.com","url":"https:\/\/strangercam.com\/","logo":{"@type":"ImageObject","inLanguage":"tr","@id":"https:\/\/strangercam.com\/#\/schema\/logo\/image\/","url":"https:\/\/strangercam.com\/wp-content\/uploads\/2020\/11\/cropped-new-favicon-black.png","contentUrl":"https:\/\/strangercam.com\/wp-content\/uploads\/2020\/11\/cropped-new-favicon-black.png","width":512,"height":512,"caption":"Strangercam"},"image":{"@id":"https:\/\/strangercam.com\/#\/schema\/logo\/image\/"},"sameAs":["https:\/\/www.facebook.com\/strangercam","https:\/\/x.com\/strangercamapp"]}]}},"_links":{"self":[{"href":"https:\/\/strangercam.com\/tr\/wp-json\/wp\/v2\/pages\/12846","targetHints":{"allow":["GET"]}}],"collection":[{"href":"https:\/\/strangercam.com\/tr\/wp-json\/wp\/v2\/pages"}],"about":[{"href":"https:\/\/strangercam.com\/tr\/wp-json\/wp\/v2\/types\/page"}],"author":[{"embeddable":true,"href":"https:\/\/strangercam.com\/tr\/wp-json\/wp\/v2\/users\/6"}],"replies":[{"embeddable":true,"href":"https:\/\/strangercam.com\/tr\/wp-json\/wp\/v2\/comments?post=12846"}],"version-history":[{"count":1,"href":"https:\/\/strangercam.com\/tr\/wp-json\/wp\/v2\/pages\/12846\/revisions"}],"predecessor-version":[{"id":12847,"href":"https:\/\/strangercam.com\/tr\/wp-json\/wp\/v2\/pages\/12846\/revisions\/12847"}],"wp:attachment":[{"href":"https:\/\/strangercam.com\/tr\/wp-json\/wp\/v2\/media?parent=12846"}],"curies":[{"name":"wp","href":"https:\/\/api.w.org\/{rel}","templated":true}]}}