{"id":12839,"date":"2025-05-14T09:36:44","date_gmt":"2025-05-14T07:36:44","guid":{"rendered":"https:\/\/strangercam.com\/?page_id=12839"},"modified":"2025-05-14T09:36:44","modified_gmt":"2025-05-14T07:36:44","slug":"joi","status":"publish","type":"page","link":"https:\/\/strangercam.com\/tr\/joi\/","title":{"rendered":"Joi"},"content":{"rendered":"<p>Son birka\u00e7 y\u0131lda video tabanl\u0131 sosyal uygulamalar\u0131n patlamas\u0131yla birlikte, ger\u00e7ek zamanl\u0131, y\u00fcz y\u00fcze kar\u015f\u0131la\u015fmalar\u0131 kolayla\u015ft\u0131rmak i\u00e7in yeni nesil platformlar\u0131n ortaya \u00e7\u0131kmas\u0131 \u015fa\u015f\u0131rt\u0131c\u0131 de\u011fil. Bunlar aras\u0131nda Joi, d\u00fcnyan\u0131n d\u00f6rt bir yan\u0131ndan yabanc\u0131larla h\u0131zl\u0131 tempolu, bire bir g\u00f6r\u00fcnt\u00fcl\u00fc sohbetler sunan mobil \u00f6ncelikli, kayd\u0131rma odakl\u0131 bir uygulama olarak \u00f6ne \u00e7\u0131k\u0131yor.<\/p>\n<p>\u201cE\u011flenceli bir yol\" olarak pazarland\u0131 <a href=\"https:\/\/strangercam.com\/tr\/coomeet\/\">tan\u0131\u015fmak<\/a> an\u0131nda yeni insanlar\u201d, Joi geleneksel rastgele video konseptini al\u0131r <a href=\"https:\/\/strangercam.com\/tr\/chatroulette\/\">sohbet<\/a> ve bunu modern, mobil \u00f6ncelikli kullan\u0131c\u0131lar i\u00e7in tasarlanm\u0131\u015f \u015f\u0131k, yaln\u0131zca uygulamaya \u00f6zel bir deneyim olarak paketliyor. Ancak Joi'yi Chatspin gibi rakiplerden farkl\u0131 k\u0131lan nedir?, <a href=\"https:\/\/strangercam.com\/tr\/monkey-app\/\">Maymun<\/a>, Ve daha da \u00f6nemlisi, g\u00fcvenli, e\u011flenceli ve zaman ay\u0131rmaya de\u011fer mi?<\/p>\n<p>Bu ayr\u0131nt\u0131l\u0131 incelemede, Joi hakk\u0131nda bilmeniz gereken her \u015feyi ke\u015ffedece\u011fiz - nas\u0131l \u00e7al\u0131\u015f\u0131r, kimler i\u00e7indir, hangi \u00f6zellikleri sunar, maliyeti nedir ve 2025'teki di\u011fer bire bir g\u00f6r\u00fcnt\u00fcl\u00fc sohbet uygulamalar\u0131yla nas\u0131l kar\u015f\u0131la\u015ft\u0131r\u0131l\u0131r.<\/p>\n<h2>Joi nedir?<\/h2>\n<p>Joi, iOS ve Android'de kullan\u0131labilen, yaln\u0131zca mobil cihazlara \u00f6zel, bire bir g\u00f6r\u00fcnt\u00fcl\u00fc sohbet uygulamas\u0131d\u0131r. Kullan\u0131c\u0131lar\u0131 ger\u00e7ek zamanl\u0131 g\u00f6r\u00fcnt\u00fcl\u00fc konu\u015fmalar i\u00e7in d\u00fcnyan\u0131n d\u00f6rt bir yan\u0131ndan yabanc\u0131larla an\u0131nda bulu\u015fturuyor. Ruh olarak a\u015fa\u011f\u0131daki gibi uygulamalara benzer <a href=\"https:\/\/strangercam.com\/tr\/azar-app\/\">Azar<\/a> veya <a href=\"https:\/\/strangercam.com\/tr\/livu\/\">LivU<\/a>, ancak daha g\u00f6steri\u015fli, kayd\u0131rma tarz\u0131 bir aray\u00fcz ve h\u0131zl\u0131 e\u015fle\u015ftirme, premium \u00f6zellikler ve kullan\u0131c\u0131 etkile\u015fimine g\u00fc\u00e7l\u00fc bir odaklanma ile.<\/p>\n<p>2010'lar\u0131n sonunda ba\u015flat\u0131lan Joi, \u00f6zellikle g\u00fcndelik ba\u011flant\u0131lar, fl\u00f6rt\u00f6z sohbetler veya sadece yeni insanlarla zaman ge\u00e7irmek isteyen kullan\u0131c\u0131lar aras\u0131nda rastgele sohbet kategorisinde en \u00e7ok be\u011fenilen g\u00f6r\u00fcnt\u00fcl\u00fc sohbet uygulamalar\u0131ndan biri haline geldi.<\/p>\n<p>Topluluk tabanl\u0131 yay\u0131n platformlar\u0131n\u0131n aksine, Joi kesinlikle bire birdir ve k\u0131sa, ki\u015fisel etkile\u015fimlere odaklan\u0131r - her iki kullan\u0131c\u0131 da kabul ederse konu\u015fmaya devam etme se\u00e7ene\u011fi vard\u0131r.<\/p>\n<h2>Joi'nin Amac\u0131 Nedir?<\/h2>\n<p>Joi'nin temel misyonu, kullan\u0131c\u0131lar\u0131 farkl\u0131 k\u00fclt\u00fcrlerden, dillerden ve ge\u00e7mi\u015flerden yeni insanlarla ger\u00e7ek zamanl\u0131 g\u00f6r\u00fcnt\u00fcl\u00fc sohbetlerde bulu\u015fturmakt\u0131r. A\u015fa\u011f\u0131dakiler i\u00e7in s\u00fcrt\u00fcnmesiz bir yol sunar:<\/p>\n<ul>\n<li>Yabanc\u0131larla an\u0131nda y\u00fcz y\u00fcze tan\u0131\u015f\u0131n<\/li>\n<li>\u00d6zel video odalar\u0131nda fl\u00f6rt edin veya rahat\u00e7a sohbet edin<\/li>\n<li>Farkl\u0131 \u00fclkelerden insanlar\u0131 ke\u015ffedin<\/li>\n<li>Spontane sosyal kar\u015f\u0131la\u015fmalar ya\u015fay\u0131n<\/li>\n<\/ul>\n<p>Bu bir fl\u00f6rt uygulamas\u0131, canl\u0131 yay\u0131n platformu ya da sosyal a\u011f de\u011fil. Bunun yerine, bir partide birine yakla\u015f\u0131p sohbet ba\u015flatma deneyimine benzer \u015fekilde, anl\u0131k, \u00f6zel etkile\u015fimler etraf\u0131nda in\u015fa edilmi\u015ftir.<\/p>\n<h2>Temel \u00d6zellikler<\/h2>\n<p>1. Bire Bir G\u00f6r\u00fcnt\u00fcl\u00fc Sohbet<br \/>\nBu, Joi uygulamas\u0131n\u0131n \u00f6z\u00fcd\u00fcr. Ba\u015flamak i\u00e7in dokundu\u011funuzda, \u00f6zel, canl\u0131 bir g\u00f6r\u00fcnt\u00fcl\u00fc konu\u015fma i\u00e7in an\u0131nda ba\u015fka bir kullan\u0131c\u0131ya ba\u011flanacaks\u0131n\u0131z. Her iki kullan\u0131c\u0131 da istedi\u011fi s\u00fcrece sohbet edebilir veya bir sonraki ki\u015fiye ge\u00e7mek i\u00e7in kayd\u0131rabilirsiniz.<\/p>\n<p>2. E\u015fle\u015ftirmek i\u00e7in kayd\u0131r\u0131n<br \/>\nMevcut e\u015fle\u015fmeyi hissetmiyorsan\u0131z, atlamak ve yeni biriyle ba\u011flant\u0131 kurmak i\u00e7in kayd\u0131r\u0131n. S\u00fcre\u00e7 h\u0131zl\u0131 ve sorunsuzdur ve uygulaman\u0131n e\u015fle\u015ftirme algoritmas\u0131 tercihlere, ge\u00e7mi\u015f etkile\u015fimlere ve kullan\u0131c\u0131 etkile\u015fimine g\u00f6re ayarlan\u0131r.<\/p>\n<p>3. Cinsiyet Filtreleri (Premium)<br \/>\nKullan\u0131c\u0131lar e\u015fle\u015fmeleri cinsiyete g\u00f6re filtreleyebilir, ancak bu \u00fccretli bir \u00f6zelliktir. \u00dccretsiz kullan\u0131c\u0131lar herhangi biriyle e\u015fle\u015firken, premium kullan\u0131c\u0131lar yaln\u0131zca kad\u0131nlarla veya erkeklerle ba\u011flant\u0131 kurmay\u0131 se\u00e7ebilir.<\/p>\n<p>4. \u00dclke Filtreleri<br \/>\nAyr\u0131ca belirli \u00fclkelerden insanlarla e\u015fle\u015fmeyi se\u00e7ebilir, b\u00f6ylece yerel halkla tan\u0131\u015fabilir veya tamamen farkl\u0131 k\u00fclt\u00fcrlerden insanlarla sohbet etmeyi ke\u015ffedebilirsiniz.<\/p>\n<p>5. Madeni Paralar ve Uygulama \u0130\u00e7i Sat\u0131n Al\u0131mlar<br \/>\nJoi, jeton tabanl\u0131 bir ekonomiyle \u00e7al\u0131\u015f\u0131r. Kullan\u0131c\u0131lar jeton sat\u0131n alabilir ve bunlar\u0131 harcayabilir:<\/p>\n<ul>\n<li>Cinsiyet filtreleri<\/li>\n<li>Sohbet s\u00fcresi uzatmalar\u0131<\/li>\n<li>\u00d6nceki bir e\u015fle\u015fme ile yeniden ba\u011flant\u0131 kurma<\/li>\n<li>Hediye g\u00f6nderme veya premium \u00f6zelliklerin kilidini a\u00e7ma<\/li>\n<\/ul>\n<p>Jetonlar, uygulama i\u00e7i sat\u0131n al\u0131mlar yoluyla paketler halinde sat\u0131n al\u0131n\u0131r ve yeni kullan\u0131c\u0131lar genellikle ba\u015flang\u0131\u00e7 i\u00e7in \u00fccretsiz jeton al\u0131rlar.<\/p>\n<p>6. Metin \u00c7evirisi<br \/>\nUluslararas\u0131 sohbetler i\u00e7in Joi, mesajlar i\u00e7in ger\u00e7ek zamanl\u0131 \u00e7eviri i\u00e7erir ve dil engellerini y\u0131kmaya yard\u0131mc\u0131 olur. Bu \u00f6zellik, \u00f6zellikle di\u011fer \u00fclkelerdeki kullan\u0131c\u0131larla ba\u011flant\u0131 kurmak istiyorsan\u0131z ancak ayn\u0131 dili konu\u015fmuyorsan\u0131z yararl\u0131d\u0131r.<\/p>\n<p>7. Profil \u00d6zelle\u015ftirme<br \/>\nKullan\u0131c\u0131lar bir profil resmi ekleyebilir, bir kullan\u0131c\u0131 ad\u0131 se\u00e7ebilir ve temel bilgileri doldurabilir. Bununla birlikte, Joi uzun vadeli profiller etraf\u0131nda in\u015fa edilmemi\u015ftir - sosyal takip veya mesajla\u015fma yerine spontane, ger\u00e7ek zamanl\u0131 ba\u011flant\u0131lara odaklanm\u0131\u015ft\u0131r.<\/p>\n<p>8. G\u00fcvenlik Ara\u00e7lar\u0131<br \/>\nUygulamada temel raporlama ara\u00e7lar\u0131, kullan\u0131c\u0131lar\u0131 engelleme \u00f6zelli\u011fi ve uygunsuz davran\u0131\u015flar\u0131 i\u015faretlemek i\u00e7in yapay zeka tabanl\u0131 moderasyon bulunuyor. M\u00fckemmel olmasa da, bu ara\u00e7lar benzer uygulamalarda genellikle eksik olan bir koruma d\u00fczeyi sunuyor.<\/p>\n<h2>Joi \u00f6zg\u00fcr m\u00fc?<\/h2>\n<p>Joi'yi indirmek \u00fccretsizdir ve \u00f6deme yapmadan kullanmaya ba\u015flayabilirsiniz. Ancak, \u00fccretsiz s\u00fcr\u00fcm s\u0131n\u0131rl\u0131d\u0131r. Birka\u00e7 sohbet veya kayd\u0131rmadan sonra jetonunuz bitecek ve beklemeniz, reklamlar\u0131 izlemeniz veya daha fazla sat\u0131n alman\u0131z gerekecek.<\/p>\n<p>Uygulaman\u0131n para kazanma modeli, a\u015fa\u011f\u0131dakiler de dahil olmak \u00fczere uygulama i\u00e7i sat\u0131n al\u0131mlar etraf\u0131nda olu\u015fturulmu\u015ftur:<\/p>\n<ul>\n<li>Para paketleri (sohbetlere ve filtrelere eri\u015fim i\u00e7in)<\/li>\n<li>VIP \u00fcyelik (cinsiyet filtrelerinin kilidini a\u00e7ar, s\u0131n\u0131rs\u0131z kayd\u0131rma, reklam kald\u0131rma)<\/li>\n<li>G\u00fcnl\u00fck bonus paketleri ve s\u0131n\u0131rl\u0131 s\u00fcreli teklifler<\/li>\n<\/ul>\n<p>Ba\u015fka bir deyi\u015fle: Joi freemium'dur. \u00dccretsiz olarak kullanabilirsiniz, ancak en iyi \u00f6zellikler - ve tutarl\u0131 eri\u015fim - \u00f6deme gerektirir.<\/p>\n<h2>Joi'yi Kim Kullan\u0131yor?<\/h2>\n<p>Joi'nin geni\u015f ve k\u00fcresel bir kullan\u0131c\u0131 taban\u0131 var, ancak \u00f6zellikle kullan\u0131c\u0131lar aras\u0131nda pop\u00fcler:<\/p>\n<ul>\n<li>18-35 ya\u015f aras\u0131 gen\u00e7 yeti\u015fkinler<\/li>\n<li>Amerika Birle\u015fik Devletleri, Hindistan, Orta Do\u011fu, G\u00fcneydo\u011fu Asya ve Latin Amerika'dan kullan\u0131c\u0131lar<\/li>\n<li>S\u0131radan video fl\u00f6rtleri veya uluslararas\u0131 arkada\u015flar edinmekle ilgilenen ki\u015filer<\/li>\n<li>Se\u00e7ilmi\u015f sosyal i\u00e7erik \u00fczerinden ger\u00e7ek zamanl\u0131 ba\u011flant\u0131 arayan kullan\u0131c\u0131lar<\/li>\n<\/ul>\n<p>Joi'nin mobil \u00f6ncelikli bir uygulama oldu\u011funu, bu nedenle kullan\u0131c\u0131 taban\u0131n\u0131n uygulama tabanl\u0131 sohbet ve uygulama i\u00e7i sat\u0131n al\u0131mlar konusunda rahat olan ak\u0131ll\u0131 telefon kullan\u0131c\u0131lar\u0131ndan olu\u015ftu\u011funu belirtmek \u00f6nemlidir.<\/p>\n<p>Cinsiyet oran\u0131, \u00f6zellikle rastgele sohbet uygulamalar\u0131n\u0131n pop\u00fcler oldu\u011fu b\u00f6lgelerde, erkek a\u011f\u0131rl\u0131kl\u0131 olma e\u011filimindedir. Platformdaki kad\u0131nlar genellikle \u00e7ok daha fazla e\u015fle\u015fme talebi al\u0131yor, bu nedenle cinsiyet filtreleri bir \u00f6deme duvar\u0131n\u0131n arkas\u0131na yerle\u015ftiriliyor.<\/p>\n<h2>G\u00fcvenlik, Gizlilik ve Moderasyon<\/h2>\n<p>Joi, g\u00fcvenli\u011fi art\u0131rmak ve k\u00f6t\u00fcye kullan\u0131m\u0131 azaltmak i\u00e7in bir dizi temel \u00f6zellik i\u00e7erir:<\/p>\n<ul>\n<li>Kullan\u0131c\u0131 raporlama: Sohbet s\u0131ras\u0131nda uygunsuz davran\u0131\u015flar\u0131 kolayca bildirin.<\/li>\n<li>Engelleme: Tekrar konu\u015fmak istemedi\u011finiz biriyle gelecekteki e\u015fle\u015fmeleri \u00f6nleyin.<\/li>\n<li>Yapay zeka denetimi: Uygulama, \u00e7\u0131plakl\u0131\u011f\u0131 veya rahats\u0131z edici hareketleri tespit etmek i\u00e7in yapay zeka kullan\u0131yor.<\/li>\n<li>Sadece \u00f6zel sohbet: Genel odalar yok, grup sohbetleri yok - sadece \u00f6zel, bire bir video g\u00f6r\u00fc\u015fmeleri.<\/li>\n<\/ul>\n<p>Ancak, her g\u00f6r\u00fcnt\u00fcl\u00fc sohbet uygulamas\u0131nda oldu\u011fu gibi, baz\u0131 kullan\u0131c\u0131lar platformu k\u00f6t\u00fcye kullanmaktad\u0131r. Joi, \u00e7\u0131plakl\u0131\u011f\u0131n veya uygunsuz davran\u0131\u015flar\u0131n tolere edilmedi\u011fini a\u00e7\u0131k\u00e7a ortaya koymaktad\u0131r, ancak denetim proaktif olmaktan ziyade reaktiftir.<\/p>\n<p>Kullan\u0131c\u0131lar i\u00e7in bu \u015fu anlama gelir:<\/p>\n<ul>\n<li>Ki\u015fisel bilgilerinizi payla\u015fmay\u0131n (e-posta, telefon, sosyal medya hesaplar\u0131)<\/li>\n<li>Kullan\u0131c\u0131lar\u0131 h\u0131zl\u0131 bir \u015fekilde atlamaya veya raporlamaya haz\u0131r olun<\/li>\n<li>Uygulama i\u00e7i \u00f6zellikleri sorumlu bir \u015fekilde kullan\u0131n, \u00f6zellikle de jeton harcarken<\/li>\n<\/ul>\n<h2>Kullan\u0131c\u0131 Deneyimi ve Tasar\u0131m<\/h2>\n<p>Joi kullan\u0131labilirlik ve aray\u00fcz tasar\u0131m\u0131 a\u00e7\u0131s\u0131ndan parl\u0131yor. Uygulama \u015f\u0131k, modern ve g\u00fcn\u00fcm\u00fcz\u00fcn mobil deneyimi i\u00e7in a\u00e7\u0131k\u00e7a in\u015fa edilmi\u015f. E\u015fle\u015ftirme h\u0131zl\u0131, video kalitesi sa\u011flam ve kullan\u0131c\u0131lar aras\u0131ndaki ge\u00e7i\u015f sorunsuz ve sezgisel.<\/p>\n<p>Tasar\u0131m \u00f6zellikleri:<\/p>\n<ul>\n<li>B\u00fcy\u00fck video pencereleri<\/li>\n<li>Kayd\u0131r\u0131labilir, TikTok tarz\u0131 aray\u00fcz<\/li>\n<li>Temiz men\u00fcler ve simgeler<\/li>\n<li>Para ve y\u00fckseltmeler i\u00e7in uygulama i\u00e7i ma\u011faza<\/li>\n<li>Gerekti\u011finde canl\u0131 \u00e7eviri<\/li>\n<\/ul>\n<p>Gereksiz dikkat da\u011f\u0131t\u0131c\u0131 unsurlar yoktur ve kat\u0131l\u0131m s\u00fcreci h\u0131zl\u0131d\u0131r. Kurulumun ard\u0131ndan 60 saniye i\u00e7inde g\u00f6r\u00fcnt\u00fcl\u00fc sohbete kat\u0131labilirsiniz - bekleme odalar\u0131 veya do\u011frulama kodlar\u0131 gerekmez.<\/p>\n<p>Uygulama i\u00e7in kullan\u0131labilir:<\/p>\n<ul>\n<li>iOS (iPhone ve iPad)<\/li>\n<li>Android ak\u0131ll\u0131 telefonlar ve tabletler<\/li>\n<\/ul>\n<p>\u015eu anda masa\u00fcst\u00fc veya taray\u0131c\u0131 s\u00fcr\u00fcm\u00fc bulunmamakta olup, yaln\u0131zca mobil bir deneyim olarak kimli\u011fini peki\u015ftirmektedir.<\/p>\n<h2>Joi vs Di\u011fer Bire Bir G\u00f6r\u00fcnt\u00fcl\u00fc Sohbet Uygulamalar\u0131<\/h2>\n<p>Joi'yi di\u011fer baz\u0131 pop\u00fcler bire bir g\u00f6r\u00fcnt\u00fcl\u00fc sohbet uygulamalar\u0131yla kar\u015f\u0131la\u015ft\u0131ral\u0131m:<\/p>\n<table>\n<thead>\n<tr>\n<th>\u00d6zellik<\/th>\n<th>Joi<\/th>\n<th>Azar<\/th>\n<th>LivU<\/th>\n<th>Chatspin<\/th>\n<th>Maymun<\/th>\n<\/tr>\n<\/thead>\n<tbody>\n<tr>\n<td>Bire Bir G\u00f6r\u00fcnt\u00fcl\u00fc Sohbet<\/td>\n<td>Evet<\/td>\n<td>Evet<\/td>\n<td>Evet<\/td>\n<td>Evet<\/td>\n<td>Evet<\/td>\n<\/tr>\n<tr>\n<td>Cinsiyet Filtresi<\/td>\n<td>\u00dccretli<\/td>\n<td>\u00dccretli<\/td>\n<td>\u00dccretli<\/td>\n<td>\u00dccretli<\/td>\n<td>S\u0131n\u0131rl\u0131<\/td>\n<\/tr>\n<tr>\n<td>\u00dclke Filtresi<\/td>\n<td>Evet<\/td>\n<td>Evet<\/td>\n<td>Evet<\/td>\n<td>\u00dccretli<\/td>\n<td>Hay\u0131r<\/td>\n<\/tr>\n<tr>\n<td>Sadece Mobil<\/td>\n<td>Evet<\/td>\n<td>Evet<\/td>\n<td>Evet<\/td>\n<td>Hay\u0131r<\/td>\n<td>Evet<\/td>\n<\/tr>\n<tr>\n<td>Madeni Paralar \/ Para Birimi<\/td>\n<td>Evet<\/td>\n<td>Evet<\/td>\n<td>Evet<\/td>\n<td>Hay\u0131r<\/td>\n<td>Hay\u0131r<\/td>\n<\/tr>\n<tr>\n<td>Metin \u00c7evirisi<\/td>\n<td>Evet<\/td>\n<td>Evet<\/td>\n<td>Evet<\/td>\n<td>Hay\u0131r<\/td>\n<td>Hay\u0131r<\/td>\n<\/tr>\n<tr>\n<td>Grup Sohbeti<\/td>\n<td>Hay\u0131r<\/td>\n<td>Hay\u0131r<\/td>\n<td>Hay\u0131r<\/td>\n<td>Hay\u0131r<\/td>\n<td>Evet<\/td>\n<\/tr>\n<tr>\n<td>Uygulamadan Para Kazanma<\/td>\n<td>Agresif<\/td>\n<td>Orta d\u00fczeyde<\/td>\n<td>Orta d\u00fczeyde<\/td>\n<td>Orta d\u00fczeyde<\/td>\n<td>D\u00fc\u015f\u00fck<\/td>\n<\/tr>\n<\/tbody>\n<\/table>\n<p>\u00d6zet: Joi, mobil \u00f6ncelikli, yaln\u0131zca video deneyimi isteyen ve premium filtreler ve daha iyi e\u015fle\u015ftirme kontrol\u00fc i\u00e7in biraz harcama yapmaktan \u00e7ekinmeyen kullan\u0131c\u0131lar i\u00e7in en iyisidir.<\/p>\n<h2>Art\u0131lar\u0131 ve Eksileri<\/h2>\n<p>Art\u0131lar\u0131:<\/p>\n<ul>\n<li>An\u0131nda, \u00f6zel bire bir g\u00f6r\u00fcnt\u00fcl\u00fc sohbet<\/li>\n<li>H\u0131zl\u0131 y\u00fckleme ile \u015f\u0131k, modern aray\u00fcz<\/li>\n<li>Ger\u00e7ek zamanl\u0131 \u00e7eviri k\u00fcresel sohbetlere yard\u0131mc\u0131 olur<\/li>\n<li>Aktif, uluslararas\u0131 kullan\u0131c\u0131 taban\u0131<\/li>\n<li>Opsiyonel profil ve kullan\u0131c\u0131 dostu tasar\u0131m<\/li>\n<li>Mobil cihazlar i\u00e7in optimize edilmi\u015f ve kullan\u0131m\u0131 kolay<\/li>\n<\/ul>\n<p>Eksiler:<\/p>\n<ul>\n<li>Bir\u00e7ok \u00f6zellik uygulama i\u00e7i sat\u0131n al\u0131mlar\u0131n arkas\u0131nda kilitli<\/li>\n<li>A\u011f\u0131r erkek-kad\u0131n oran\u0131<\/li>\n<li>Moderasyona ra\u011fmen uygunsuz davran\u0131\u015flarla kar\u015f\u0131la\u015fabilir<\/li>\n<li>Masa\u00fcst\u00fc eri\u015fimi yok<\/li>\n<li>Grup sohbeti veya topluluk \u00f6zelli\u011fi yok<\/li>\n<\/ul>\n<h2>\u0130deal Kullan\u0131m \u00d6rnekleri<\/h2>\n<p>Joi \u015funlar i\u00e7in idealdir:<\/p>\n<ul>\n<li>Spontane, \u00f6zel g\u00f6r\u00fcnt\u00fcl\u00fc sohbetler isteyen kullan\u0131c\u0131lar<\/li>\n<li>G\u00fcndelik fl\u00f6rtlere veya ger\u00e7ek zamanl\u0131 olarak yabanc\u0131larla tan\u0131\u015fmaya a\u00e7\u0131k ki\u015filer<\/li>\n<li>Ba\u015fka k\u00fclt\u00fcrlerden insanlarla ba\u011flant\u0131 kurmak isteyen gezginler veya gurbet\u00e7iler<\/li>\n<li>Metin yerine y\u00fcz y\u00fcze konu\u015fmay\u0131 seven herkes<\/li>\n<\/ul>\n<p>Bunun i\u00e7in ideal de\u011fil:<\/p>\n<ul>\n<li>\u00dccretsiz s\u0131n\u0131rs\u0131z eri\u015fim isteyen kullan\u0131c\u0131lar<\/li>\n<li>Uzun s\u00fcreli fl\u00f6rt veya ili\u015fki arayanlar<\/li>\n<li>Freemium fiyatland\u0131rma modellerinden rahats\u0131z olan insanlar<\/li>\n<li>Masa\u00fcst\u00fc platformlar\u0131 veya grup topluluklar\u0131n\u0131 tercih eden kullan\u0131c\u0131lar<\/li>\n<\/ul>\n<h2>Nihai Karar<\/h2>\n<p>Joi, 2025'te mevcut olan en iyi mobil ilk bire bir g\u00f6r\u00fcnt\u00fcl\u00fc sohbet uygulamalar\u0131ndan biridir. Temiz aray\u00fcz\u00fc, an\u0131nda e\u015fle\u015ftirme ve uluslararas\u0131 eri\u015fimiyle, ister e\u011flence, ister arkada\u015fl\u0131k veya ikisinin aras\u0131nda bir \u015fey ar\u0131yor olun, yabanc\u0131larla ba\u011flant\u0131 kurman\u0131n h\u0131zl\u0131, fl\u00f6rt\u00f6z ve esnek bir yolunu sunar.<\/p>\n<p>Jeton sistemi ve premium filtreler baz\u0131 kullan\u0131c\u0131lar\u0131, \u00f6zellikle de tamamen \u00fccretsiz platformlara al\u0131\u015fk\u0131n olanlar\u0131 hayal k\u0131r\u0131kl\u0131\u011f\u0131na u\u011fratabilir. Ancak daha iyi kontrol ve daha ak\u0131c\u0131 bir deneyim i\u00e7in birka\u00e7 dolar harcamaktan \u00e7ekinmeyenler i\u00e7in Joi kesinlikle denemeye de\u011fer.<\/p>\n<p>Avucunuzun i\u00e7inden spontane, ger\u00e7ek zamanl\u0131 g\u00f6r\u00fcnt\u00fcl\u00fc konu\u015fmalar ar\u0131yorsan\u0131z, Joi bu deneyimi h\u0131z, cila ve k\u00fcresel eri\u015fim ile sunar.<\/p>","protected":false},"excerpt":{"rendered":"<p>With the explosion of video-based social apps over the past few years, it\u2019s no surprise that a new generation of platforms has emerged to facilitate real-time, face-to-face encounters. Among these, Joi stands out as a mobile-first, swipe-driven app that delivers fast-paced, one-on-one video chats with strangers from around the world. Marketed as a \u201cfun way [&hellip;]<\/p>\n","protected":false},"author":6,"featured_media":0,"parent":0,"menu_order":0,"comment_status":"closed","ping_status":"closed","template":"","meta":{"footnotes":""},"class_list":["post-12839","page","type-page","status-publish","hentry"],"yoast_head":"<!-- This site is optimized with the Yoast SEO plugin v27.4 - https:\/\/yoast.com\/product\/yoast-seo-wordpress\/ -->\n<title>Joi - 1 on 1 Video Chat App on StrangerCam.com<\/title>\n<meta name=\"description\" content=\"Like Joi? Come chat with more than 5.000.000 strangers on Stranger Cam for Free! Turn on your cam and find new friends &amp; maby a match!\" \/>\n<meta name=\"robots\" content=\"index, follow, max-snippet:-1, max-image-preview:large, max-video-preview:-1\" \/>\n<link rel=\"canonical\" href=\"https:\/\/strangercam.com\/tr\/joi\/\" \/>\n<meta property=\"og:locale\" content=\"tr_TR\" \/>\n<meta property=\"og:type\" content=\"article\" \/>\n<meta property=\"og:title\" content=\"Joi - 1 on 1 Video Chat App on StrangerCam.com\" \/>\n<meta property=\"og:description\" content=\"Like Joi? Come chat with more than 5.000.000 strangers on Stranger Cam for Free! Turn on your cam and find new friends &amp; maby a match!\" \/>\n<meta property=\"og:url\" content=\"https:\/\/strangercam.com\/tr\/joi\/\" \/>\n<meta property=\"og:site_name\" content=\"Strangercam\" \/>\n<meta property=\"article:publisher\" content=\"https:\/\/www.facebook.com\/strangercam\" \/>\n<meta property=\"og:image\" content=\"https:\/\/strangercam.com\/wp-content\/uploads\/2021\/10\/Untitled-2.png\" \/>\n\t<meta property=\"og:image:width\" content=\"800\" \/>\n\t<meta property=\"og:image:height\" content=\"532\" \/>\n\t<meta property=\"og:image:type\" content=\"image\/png\" \/>\n<meta name=\"twitter:card\" content=\"summary_large_image\" \/>\n<meta name=\"twitter:site\" content=\"@strangercamapp\" \/>\n<meta name=\"twitter:label1\" content=\"Tahmini okuma s\u00fcresi\" \/>\n\t<meta name=\"twitter:data1\" content=\"7 dakika\" \/>\n<script type=\"application\/ld+json\" class=\"yoast-schema-graph\">{\"@context\":\"https:\\\/\\\/schema.org\",\"@graph\":[{\"@type\":\"WebPage\",\"@id\":\"https:\\\/\\\/strangercam.com\\\/joi\\\/\",\"url\":\"https:\\\/\\\/strangercam.com\\\/joi\\\/\",\"name\":\"Joi - 1 on 1 Video Chat App on StrangerCam.com\",\"isPartOf\":{\"@id\":\"https:\\\/\\\/strangercam.com\\\/#website\"},\"datePublished\":\"2025-05-14T07:36:44+00:00\",\"description\":\"Like Joi? Come chat with more than 5.000.000 strangers on Stranger Cam for Free! Turn on your cam and find new friends & maby a match!\",\"breadcrumb\":{\"@id\":\"https:\\\/\\\/strangercam.com\\\/joi\\\/#breadcrumb\"},\"inLanguage\":\"tr\",\"potentialAction\":[{\"@type\":\"ReadAction\",\"target\":[\"https:\\\/\\\/strangercam.com\\\/joi\\\/\"]}]},{\"@type\":\"BreadcrumbList\",\"@id\":\"https:\\\/\\\/strangercam.com\\\/joi\\\/#breadcrumb\",\"itemListElement\":[{\"@type\":\"ListItem\",\"position\":1,\"name\":\"Home\",\"item\":\"https:\\\/\\\/strangercam.com\\\/\"},{\"@type\":\"ListItem\",\"position\":2,\"name\":\"Joi\"}]},{\"@type\":\"WebSite\",\"@id\":\"https:\\\/\\\/strangercam.com\\\/#website\",\"url\":\"https:\\\/\\\/strangercam.com\\\/\",\"name\":\"Strangercam\",\"description\":\"Random Video Chat with Strangers\",\"publisher\":{\"@id\":\"https:\\\/\\\/strangercam.com\\\/#organization\"},\"alternateName\":\"Strangercam.com\",\"potentialAction\":[{\"@type\":\"SearchAction\",\"target\":{\"@type\":\"EntryPoint\",\"urlTemplate\":\"https:\\\/\\\/strangercam.com\\\/?s={search_term_string}\"},\"query-input\":{\"@type\":\"PropertyValueSpecification\",\"valueRequired\":true,\"valueName\":\"search_term_string\"}}],\"inLanguage\":\"tr\"},{\"@type\":\"Organization\",\"@id\":\"https:\\\/\\\/strangercam.com\\\/#organization\",\"name\":\"Strangercam\",\"alternateName\":\"Strangercam.com\",\"url\":\"https:\\\/\\\/strangercam.com\\\/\",\"logo\":{\"@type\":\"ImageObject\",\"inLanguage\":\"tr\",\"@id\":\"https:\\\/\\\/strangercam.com\\\/#\\\/schema\\\/logo\\\/image\\\/\",\"url\":\"https:\\\/\\\/strangercam.com\\\/wp-content\\\/uploads\\\/2020\\\/11\\\/cropped-new-favicon-black.png\",\"contentUrl\":\"https:\\\/\\\/strangercam.com\\\/wp-content\\\/uploads\\\/2020\\\/11\\\/cropped-new-favicon-black.png\",\"width\":512,\"height\":512,\"caption\":\"Strangercam\"},\"image\":{\"@id\":\"https:\\\/\\\/strangercam.com\\\/#\\\/schema\\\/logo\\\/image\\\/\"},\"sameAs\":[\"https:\\\/\\\/www.facebook.com\\\/strangercam\",\"https:\\\/\\\/x.com\\\/strangercamapp\"]}]}<\/script>\n<!-- \/ Yoast SEO plugin. -->","yoast_head_json":{"title":"Joi - StrangerCam.com'da 1'e 1 G\u00f6r\u00fcnt\u00fcl\u00fc Sohbet Uygulamas\u0131","description":"Joi'yi be\u011fendin mi? Gelin Stranger Cam'de 5.000.000'dan fazla yabanc\u0131yla \u00dccretsiz sohbet edin! Kameran\u0131z\u0131 a\u00e7\u0131n ve yeni arkada\u015flar ve belki bir e\u015fle\u015fme bulun!","robots":{"index":"index","follow":"follow","max-snippet":"max-snippet:-1","max-image-preview":"max-image-preview:large","max-video-preview":"max-video-preview:-1"},"canonical":"https:\/\/strangercam.com\/tr\/joi\/","og_locale":"tr_TR","og_type":"article","og_title":"Joi - 1 on 1 Video Chat App on StrangerCam.com","og_description":"Like Joi? Come chat with more than 5.000.000 strangers on Stranger Cam for Free! Turn on your cam and find new friends & maby a match!","og_url":"https:\/\/strangercam.com\/tr\/joi\/","og_site_name":"Strangercam","article_publisher":"https:\/\/www.facebook.com\/strangercam","og_image":[{"width":800,"height":532,"url":"https:\/\/strangercam.com\/wp-content\/uploads\/2021\/10\/Untitled-2.png","type":"image\/png"}],"twitter_card":"summary_large_image","twitter_site":"@strangercamapp","twitter_misc":{"Tahmini okuma s\u00fcresi":"7 dakika"},"schema":{"@context":"https:\/\/schema.org","@graph":[{"@type":"WebPage","@id":"https:\/\/strangercam.com\/joi\/","url":"https:\/\/strangercam.com\/joi\/","name":"Joi - StrangerCam.com'da 1'e 1 G\u00f6r\u00fcnt\u00fcl\u00fc Sohbet Uygulamas\u0131","isPartOf":{"@id":"https:\/\/strangercam.com\/#website"},"datePublished":"2025-05-14T07:36:44+00:00","description":"Joi'yi be\u011fendin mi? Gelin Stranger Cam'de 5.000.000'dan fazla yabanc\u0131yla \u00dccretsiz sohbet edin! Kameran\u0131z\u0131 a\u00e7\u0131n ve yeni arkada\u015flar ve belki bir e\u015fle\u015fme bulun!","breadcrumb":{"@id":"https:\/\/strangercam.com\/joi\/#breadcrumb"},"inLanguage":"tr","potentialAction":[{"@type":"ReadAction","target":["https:\/\/strangercam.com\/joi\/"]}]},{"@type":"BreadcrumbList","@id":"https:\/\/strangercam.com\/joi\/#breadcrumb","itemListElement":[{"@type":"ListItem","position":1,"name":"Home","item":"https:\/\/strangercam.com\/"},{"@type":"ListItem","position":2,"name":"Joi"}]},{"@type":"WebSite","@id":"https:\/\/strangercam.com\/#website","url":"https:\/\/strangercam.com\/","name":"Strangercam","description":"Yabanc\u0131larla Rastgele G\u00f6r\u00fcnt\u00fcl\u00fc Sohbet","publisher":{"@id":"https:\/\/strangercam.com\/#organization"},"alternateName":"Strangercam.com","potentialAction":[{"@type":"SearchAction","target":{"@type":"EntryPoint","urlTemplate":"https:\/\/strangercam.com\/?s={search_term_string}"},"query-input":{"@type":"PropertyValueSpecification","valueRequired":true,"valueName":"search_term_string"}}],"inLanguage":"tr"},{"@type":"Organization","@id":"https:\/\/strangercam.com\/#organization","name":"Strangercam","alternateName":"Strangercam.com","url":"https:\/\/strangercam.com\/","logo":{"@type":"ImageObject","inLanguage":"tr","@id":"https:\/\/strangercam.com\/#\/schema\/logo\/image\/","url":"https:\/\/strangercam.com\/wp-content\/uploads\/2020\/11\/cropped-new-favicon-black.png","contentUrl":"https:\/\/strangercam.com\/wp-content\/uploads\/2020\/11\/cropped-new-favicon-black.png","width":512,"height":512,"caption":"Strangercam"},"image":{"@id":"https:\/\/strangercam.com\/#\/schema\/logo\/image\/"},"sameAs":["https:\/\/www.facebook.com\/strangercam","https:\/\/x.com\/strangercamapp"]}]}},"_links":{"self":[{"href":"https:\/\/strangercam.com\/tr\/wp-json\/wp\/v2\/pages\/12839","targetHints":{"allow":["GET"]}}],"collection":[{"href":"https:\/\/strangercam.com\/tr\/wp-json\/wp\/v2\/pages"}],"about":[{"href":"https:\/\/strangercam.com\/tr\/wp-json\/wp\/v2\/types\/page"}],"author":[{"embeddable":true,"href":"https:\/\/strangercam.com\/tr\/wp-json\/wp\/v2\/users\/6"}],"replies":[{"embeddable":true,"href":"https:\/\/strangercam.com\/tr\/wp-json\/wp\/v2\/comments?post=12839"}],"version-history":[{"count":1,"href":"https:\/\/strangercam.com\/tr\/wp-json\/wp\/v2\/pages\/12839\/revisions"}],"predecessor-version":[{"id":12840,"href":"https:\/\/strangercam.com\/tr\/wp-json\/wp\/v2\/pages\/12839\/revisions\/12840"}],"wp:attachment":[{"href":"https:\/\/strangercam.com\/tr\/wp-json\/wp\/v2\/media?parent=12839"}],"curies":[{"name":"wp","href":"https:\/\/api.w.org\/{rel}","templated":true}]}}