{"id":12832,"date":"2025-05-14T09:23:52","date_gmt":"2025-05-14T07:23:52","guid":{"rendered":"https:\/\/strangercam.com\/?page_id=12832"},"modified":"2025-05-14T09:28:47","modified_gmt":"2025-05-14T07:28:47","slug":"hiyak","status":"publish","type":"page","link":"https:\/\/strangercam.com\/tr\/hiyak\/","title":{"rendered":"Hiyak"},"content":{"rendered":"<p>Rastgele video d\u00fcnyas\u0131 <a href=\"https:\/\/strangercam.com\/tr\/chathub\/\">sohbet<\/a> platformlar\u0131 s\u00fcrekli olarak geli\u015fmektedir. Erken d\u00f6nem vah\u015fi bat\u0131 g\u00fcnlerinden <a href=\"https:\/\/strangercam.com\/tr\/omegle\/\">Omegle<\/a> Chatspin ve Emerald Chat gibi uygulamalar\u0131n sundu\u011fu daha g\u00f6steri\u015fli deneyimlere kadar, kullan\u0131c\u0131lar her zaman spontanl\u0131k, kullan\u0131c\u0131 kontrol\u00fc ve g\u00fcvenlik aras\u0131nda do\u011fru dengeyi kuran bir \u015feyin pe\u015findedir.<\/p>\n<p>D\u00fcnyan\u0131n d\u00f6rt bir yan\u0131ndaki yabanc\u0131larla h\u0131zl\u0131, e\u011flenceli ve anonim g\u00f6r\u00fcnt\u00fcl\u00fc sohbetler vaat eden nispeten yeni bir isim olan Hiyak'a girin. Peki potansiyeline ula\u015fabiliyor mu? Ve 2025'teki di\u011fer g\u00f6r\u00fcnt\u00fcl\u00fc sohbet platformlar\u0131yla kar\u015f\u0131la\u015ft\u0131r\u0131ld\u0131\u011f\u0131nda nas\u0131l?<\/p>\n<p>Bu derinlemesine incelemede, Hiyak'\u0131n neler sundu\u011funu, nas\u0131l \u00e7al\u0131\u015ft\u0131\u011f\u0131n\u0131, kimler i\u00e7in oldu\u011funu ve canl\u0131 video arac\u0131l\u0131\u011f\u0131yla \u00e7evrimi\u00e7i yeni insanlarla tan\u0131\u015fmak istiyorsan\u0131z zaman ay\u0131rmaya de\u011fip de\u011fmeyece\u011fini ara\u015ft\u0131r\u0131yoruz.<\/p>\n<h2>Hiyak nedir?<\/h2>\n<p>Hiyak, kullan\u0131c\u0131lar\u0131 bire bir kameradan kameraya sohbetler i\u00e7in an\u0131nda yabanc\u0131lara ba\u011flayan \u00fccretsiz, taray\u0131c\u0131 tabanl\u0131 rastgele bir g\u00f6r\u00fcnt\u00fcl\u00fc sohbet platformudur. Omegle ile ayn\u0131 temel konsept \u00fczerine in\u015fa edilmi\u015ftir veya <a href=\"https:\/\/strangercam.com\/tr\/chatroulette\/\">Chatroulette<\/a> - bir d\u00fc\u011fmeye bas\u0131n ve yeni biriyle anonim olarak ve an\u0131nda ba\u011flant\u0131 kurun.<\/p>\n<p>Hiyak'\u0131 di\u011ferlerinden ay\u0131ran \u015fey temiz, minimal aray\u00fcz\u00fc, sa\u011flam mobil deste\u011fi ve moderasyon ve kullan\u0131c\u0131 g\u00fcvenli\u011fine y\u00f6nelik g\u00f6zle g\u00f6r\u00fcl\u00fcr \u00e7abas\u0131d\u0131r. Platform bir sosyal a\u011f veya arkada\u015fl\u0131k uygulamas\u0131 olmaya \u00e7al\u0131\u015fm\u0131yor; tamamen ge\u00e7ici, rastgele kar\u015f\u0131la\u015fmalarla ilgili - saf ve basit.<\/p>\n<p>\u0130ster sohbet etmek, ister fl\u00f6rt etmek, ister yeni bir dil prati\u011fi yapmak ya da sadece <a href=\"https:\/\/strangercam.com\/tr\/coomeet\/\">tan\u0131\u015fmak<\/a> Yeni biri olan Hiyak, bu anl\u0131k insan ba\u011flant\u0131s\u0131n\u0131 m\u00fcmk\u00fcn oldu\u011funca az s\u00fcrt\u00fcnmeyle sunmay\u0131 ama\u00e7l\u0131yor.<\/p>\n<h2>Hiyak'\u0131n Amac\u0131 Nedir?<\/h2>\n<p>Hiyak'\u0131n birincil amac\u0131, kay\u0131t, indirme veya ki\u015fisel bilgilere ihtiya\u00e7 duymadan yabanc\u0131lar aras\u0131nda h\u0131zl\u0131, anonim y\u00fcz y\u00fcze video etkile\u015fimleri olu\u015fturmakt\u0131r. Hafif, eri\u015filebilir ve filtresiz olacak \u015fekilde tasarlanm\u0131\u015ft\u0131r - eski rastgele sohbet platformlar\u0131n\u0131n kendili\u011findenli\u011fini \u00f6zleyen, ancak biraz daha modern ve daha g\u00fcvenli bir versiyon isteyen insanlara hitap eder.<\/p>\n<p>\u015eunun i\u00e7in \u00fcretildi:<\/p>\n<ul>\n<li>Yabanc\u0131larla k\u0131sa sohbetler arayan s\u0131radan kullan\u0131c\u0131lar<\/li>\n<li>Kimliklerini payla\u015fmadan fl\u00f6rt etmek veya arkada\u015f edinmek isteyen ki\u015filer<\/li>\n<li>Spontane, planlanmam\u0131\u015f sosyalle\u015fme hayranlar\u0131<\/li>\n<li>D\u00fczenli sosyal medyadan s\u0131k\u0131lan ve ger\u00e7ek zamanl\u0131 etkile\u015fim isteyen herkes<\/li>\n<\/ul>\n<h2>Temel \u00d6zellikler<\/h2>\n<p>1. Bire Bir Rastgele G\u00f6r\u00fcnt\u00fcl\u00fc Sohbet<br \/>\nHiyak'\u0131n temel \u00f6zelli\u011fi an\u0131nda e\u015fle\u015ftirme sistemidir. Ana sayfaya iner inmez, \"Ba\u015flat \"a tek bir dokunu\u015f sizi web kameras\u0131 arac\u0131l\u0131\u011f\u0131yla rastgele bir yabanc\u0131ya ba\u011flar. Her oturum \u00f6zeldir ve her iki taraf da yeni bir sohbet ba\u015flatmak i\u00e7in istedi\u011fi zaman ba\u011flant\u0131y\u0131 kesebilir.<\/p>\n<p>2. Kay\u0131t Gerekmiyor<br \/>\nHesap, kullan\u0131c\u0131 ad\u0131 veya e-posta kayd\u0131 yoktur. Sadece siteyi ziyaret eder ve sohbete ba\u015flars\u0131n\u0131z. Bu anonimlik, ki\u015fisel bilgilerini payla\u015fmak veya bir profil olu\u015fturmak istemeyen kullan\u0131c\u0131lar i\u00e7in b\u00fcy\u00fck bir \u00e7ekicidir.<\/p>\n<p>3. Metin Sohbeti Entegrasyonu<br \/>\nHiyak, videonun yan\u0131 s\u0131ra her oturum s\u0131ras\u0131nda metin sohbeti de sunuyor. Bu, \u00f6zellikle ba\u015flang\u0131\u00e7ta yazmay\u0131 tercih eden kullan\u0131c\u0131lar veya mikrofon veya kameralar\u0131yla dil engelleri veya teknik sorunlar ya\u015fayanlar i\u00e7in kullan\u0131\u015fl\u0131d\u0131r.<\/p>\n<p>4. Cinsiyet ve Konum Filtreleri (S\u0131n\u0131rl\u0131)<br \/>\nHiyak geli\u015fmi\u015f filtreleme sunmazken, tercih etti\u011finiz cinsiyeti ve \u00fclkeyi se\u00e7meniz i\u00e7in temel se\u00e7enekler sunar. Bu filtreler \u00fccretsiz s\u00fcr\u00fcmde mevcuttur, ancak platformun anonim yap\u0131s\u0131 nedeniyle her zaman do\u011fru veya tutarl\u0131 de\u011fildir.<\/p>\n<p>5. Mobil Taray\u0131c\u0131 Deste\u011fi<br \/>\nHiyak, mobil taray\u0131c\u0131larda sorunsuz \u00e7al\u0131\u015farak ak\u0131ll\u0131 telefonlarda ve tabletlerde tam bir g\u00f6r\u00fcnt\u00fcl\u00fc sohbet deneyimi sunar. Uygulama gerekmez, bu da \u00f6zellikle yeni kullan\u0131c\u0131lar i\u00e7in daha az s\u00fcrt\u00fcnme ve daha h\u0131zl\u0131 eri\u015fim anlam\u0131na gelir.<\/p>\n<p>6. Temiz ve Minimal Aray\u00fcz<br \/>\nAray\u00fcz temel unsurlara indirgenmi\u015ftir. B\u00fcy\u00fck bir video penceresi, temel kontroller (ba\u015flat, durdur, ileri, sessize al) ve k\u00fc\u00e7\u00fck bir metin sohbet alan\u0131. Ekran\u0131 kar\u0131\u015ft\u0131ran reklamlar, a\u00e7\u0131l\u0131r pencereler ve kafa kar\u0131\u015ft\u0131r\u0131c\u0131 men\u00fcler yok - sadece temel sohbet deneyimi.<\/p>\n<p>7. Raporlama ve Engelleme Ara\u00e7lar\u0131<br \/>\nKullan\u0131c\u0131lar uygunsuz davran\u0131\u015flar\u0131 bildirebilir veya tek bir t\u0131klamayla belirli kullan\u0131c\u0131lar\u0131 engelleyebilir. Moderasyon hala b\u00fcy\u00fck \u00f6l\u00e7\u00fcde topluluk odakl\u0131 olsa da, platform raporlar\u0131 ciddiye al\u0131yor ve ortam\u0131 Omegle gibi rakiplerden daha temiz tutmak i\u00e7in tekrar eden su\u00e7lular\u0131 yasakl\u0131yor.<\/p>\n<p>8. \u0130ndirme Yok, Giri\u015f Yok, Tela\u015f Yok<br \/>\nT\u00fcm platform taray\u0131c\u0131 tabanl\u0131d\u0131r ve herhangi bir \u015fey y\u00fcklemeye veya bir profil olu\u015fturmaya gerek kalmadan \u00e7al\u0131\u015f\u0131r. Bu basitlik \u00f6nemli bir sat\u0131\u015f noktas\u0131d\u0131r.<\/p>\n<h2>Hiyak Serbest mi?<\/h2>\n<p>Evet, Hiyak 100% kullan\u0131m\u0131 \u00fccretsizdir. Var:<\/p>\n<ul>\n<li>Kay\u0131t \u00fccreti yok<\/li>\n<li>\u00d6deme duvar\u0131 veya freemium modeli yok<\/li>\n<li>Kredi sistemi veya premium jeton yok<\/li>\n<\/ul>\n<p>G\u00f6r\u00fcnt\u00fcl\u00fc sohbet, metin sohbeti ve temel filtreler dahil olmak \u00fczere t\u00fcm \u00f6zellikler web sitesini a\u00e7t\u0131\u011f\u0131n\u0131z andan itibaren kullan\u0131labilir. Para kazanma modeli, e\u011fer varsa, hafiftir ve gelecekte g\u00f6ze batmayan reklamlar i\u00e7erebilir, ancak bu yaz\u0131n\u0131n yaz\u0131ld\u0131\u011f\u0131 s\u0131rada deneyim reklams\u0131zd\u0131r.<\/p>\n<h2>Hiyak'\u0131 Kimler Kullan\u0131yor?<\/h2>\n<p>Hiyak geni\u015f ve uluslararas\u0131 bir kullan\u0131c\u0131 taban\u0131na sahip olmakla birlikte, \u00f6zellikle kullan\u0131c\u0131lar aras\u0131nda pop\u00fcler:<\/p>\n<ul>\n<li>Rastgele g\u00f6r\u00fcnt\u00fcl\u00fc sohbetten ho\u015flanan gen\u00e7 yeti\u015fkinler (18-30)<\/li>\n<li>ABD, \u0130ngiltere, Hindistan, Brezilya ve Bat\u0131 Avrupa'dan insanlar<\/li>\n<li>S\u0131radan fl\u00f6rtler, \u00e7evrimi\u00e7i arkada\u015fl\u0131klar veya sadece yabanc\u0131larla e\u011flenceli sohbetler arayan kullan\u0131c\u0131lar<\/li>\n<\/ul>\n<p>Platform, rastgele g\u00f6r\u00fcnt\u00fcl\u00fc sohbet alan\u0131nda tipik olan erkek a\u011f\u0131rl\u0131kl\u0131 bir kitleye sahiptir. Bununla birlikte, daha fazla kullan\u0131c\u0131n\u0131n \u00e7evrimi\u00e7i oldu\u011fu yo\u011fun saatlerde cinsiyet dengesizli\u011fi daha az fark edilir.<\/p>\n<p>Hiyak'\u0131n yerle\u015fik bir sosyal katman\u0131 veya takip sistemi yoktur, bu nedenle etkileyiciler, yay\u0131nc\u0131lar veya i\u00e7erik olu\u015fturucular yoktur. Tamamen e\u015fler aras\u0131 ve anonimdir, bu da deneyimi spontane ve dikkat da\u011f\u0131t\u0131c\u0131 olmaktan uzak tutar.<\/p>\n<h2>G\u00fcvenlik, Gizlilik ve Moderasyon<\/h2>\n<p>Hiyak, kullan\u0131c\u0131lar\u0131 korumak ve k\u00f6t\u00fcye kullan\u0131m\u0131 en aza indirmek i\u00e7in temel ancak etkili \u00f6nlemler almaktad\u0131r:<\/p>\n<ul>\n<li>Tasar\u0131m gere\u011fi anonim: Kullan\u0131c\u0131 hesab\u0131 veya ki\u015fisel veri toplama yok.<\/li>\n<li>U\u00e7tan uca ba\u011flant\u0131 kesme: Bir sohbetten an\u0131nda ve a\u00e7\u0131klama yapmadan ayr\u0131labilirsiniz.<\/li>\n<li>Raporlama ve engelleme ara\u00e7lar\u0131: Kullan\u0131m\u0131 basit ve k\u00f6t\u00fc akt\u00f6rleri azaltmada etkili.<\/li>\n<li>\u0130\u00e7erik denetimi: Yapay zeka ara\u00e7lar\u0131 \u00e7\u0131plakl\u0131k ve sald\u0131rgan davran\u0131\u015flar\u0131 ger\u00e7ek zamanl\u0131 olarak i\u015faretlemek i\u00e7in kullan\u0131l\u0131r, ancak uygulama her zaman m\u00fckemmel de\u011fildir.<\/li>\n<li>Konu\u015fmalar\u0131n depolanmas\u0131 yok: Sohbetler platform taraf\u0131ndan kaydedilmez veya saklanmaz.<\/li>\n<\/ul>\n<p>Bununla birlikte, t\u00fcm a\u00e7\u0131k g\u00f6r\u00fcnt\u00fcl\u00fc sohbet platformlar\u0131nda oldu\u011fu gibi, \u00f6zellikle oturum a\u00e7ma gerekmedi\u011finde uygunsuz i\u00e7erik veya davran\u0131\u015f riskleri vard\u0131r. Kullan\u0131c\u0131lar \u015funlar\u0131 yapmal\u0131d\u0131r:<\/p>\n<ul>\n<li>Ki\u015fisel bilgilerinizi payla\u015fmaktan ka\u00e7\u0131n\u0131n<\/li>\n<li>Platformu halka a\u00e7\u0131k ortamlarda veya g\u00fcvenli saatlerde kullan\u0131n<\/li>\n<li>Rahats\u0131z hissetti\u011finiz her sohbeti b\u0131rak\u0131n<\/li>\n<\/ul>\n<p>Hiyak, anonim platformlar\u0131n art\u0131lar\u0131n\u0131 ve eksilerini anlayan olgun kullan\u0131c\u0131lar i\u00e7in en uygun olan\u0131d\u0131r.<\/p>\n<h2>Kullan\u0131c\u0131 Deneyimi ve Tasar\u0131m<\/h2>\n<p>Hiyak'\u0131n en g\u00fc\u00e7l\u00fc y\u00f6nlerinden biri basitlik ve h\u0131za odaklanmas\u0131d\u0131r. Kullan\u0131c\u0131 aray\u00fcz\u00fc modern, duyarl\u0131 ve hem masa\u00fcst\u00fc hem de mobil cihazlar i\u00e7in optimize edilmi\u015f. H\u0131zl\u0131 y\u00fckleniyor ve iyi bir ba\u011flant\u0131n\u0131z olmas\u0131 ko\u015fuluyla video kalitesi genellikle istikrarl\u0131.<\/p>\n<p>Minimalist tasar\u0131m, kullan\u0131c\u0131lar\u0131n dikkati da\u011f\u0131lmadan do\u011frudan sohbete ba\u015flamas\u0131na olanak tan\u0131r. Video pencereleri b\u00fcy\u00fck, kontroller sezgisel ve gecikme s\u00fcresi d\u00fc\u015f\u00fck. Platformun kullan\u0131labilirlik g\u00f6z \u00f6n\u00fcnde bulundurularak in\u015fa edildi\u011fini s\u00f6yleyebilirsiniz.<\/p>\n<p>Yok:<\/p>\n<ul>\n<li>Da\u011f\u0131n\u0131k men\u00fcler<\/li>\n<li>Tam ekran reklamlar<\/li>\n<li>Gereksiz a\u00e7\u0131l\u0131r pencereler<\/li>\n<li>Sosyal ak\u0131\u015f dikkat da\u011f\u0131t\u0131c\u0131lar\u0131<\/li>\n<\/ul>\n<p>Bunun yerine, deneyim temiz, an\u0131nda ve sohbet i\u00e7in \u00f6zel olarak \u00fcretilmi\u015f gibi hissettiriyor.<\/p>\n<h2>Hiyak vs Di\u011fer Sohbet Platformlar\u0131<\/h2>\n<p>Hiyak rakiplerine k\u0131yasla nas\u0131l? \u0130\u015fte bir d\u00f6k\u00fcm:<\/p>\n<table>\n<thead>\n<tr>\n<th>\u00d6zellik<\/th>\n<th>Hiyak<\/th>\n<th>Omegle<\/th>\n<th>Chatroulette<\/th>\n<th>Chatspin<\/th>\n<th>Emerald Chat<\/th>\n<\/tr>\n<\/thead>\n<tbody>\n<tr>\n<td>Rastgele G\u00f6r\u00fcnt\u00fcl\u00fc Sohbet<\/td>\n<td>Evet<\/td>\n<td>Evet<\/td>\n<td>Evet<\/td>\n<td>Evet<\/td>\n<td>Evet<\/td>\n<\/tr>\n<tr>\n<td>Metin Sohbeti Se\u00e7ene\u011fi<\/td>\n<td>Evet<\/td>\n<td>Evet<\/td>\n<td>Hay\u0131r<\/td>\n<td>Evet<\/td>\n<td>Evet<\/td>\n<\/tr>\n<tr>\n<td>Kay\u0131t Gerekli<\/td>\n<td>Hay\u0131r<\/td>\n<td>Hay\u0131r<\/td>\n<td>Hay\u0131r<\/td>\n<td>Opsiyonel<\/td>\n<td>Evet<\/td>\n<\/tr>\n<tr>\n<td>Mobil Dostu<\/td>\n<td>Evet<\/td>\n<td>Orta d\u00fczeyde<\/td>\n<td>Zay\u0131f<\/td>\n<td>M\u00fckemmel<\/td>\n<td>\u0130yi<\/td>\n<\/tr>\n<tr>\n<td>Filtreler (Cinsiyet\/B\u00f6lge)<\/td>\n<td>Temel<\/td>\n<td>\u00dccretli<\/td>\n<td>Hay\u0131r<\/td>\n<td>\u00dccretli<\/td>\n<td>Evet<\/td>\n<\/tr>\n<tr>\n<td>Moderasyon Ara\u00e7lar\u0131<\/td>\n<td>\u0130yi<\/td>\n<td>Minimal<\/td>\n<td>Minimal<\/td>\n<td>Orta d\u00fczeyde<\/td>\n<td>G\u00fc\u00e7l\u00fc<\/td>\n<\/tr>\n<tr>\n<td>Reklamlar veya Premium \u00dcst Sat\u0131\u015flar<\/td>\n<td>Hi\u00e7biri<\/td>\n<td>Hi\u00e7biri<\/td>\n<td>Hi\u00e7biri<\/td>\n<td>Evet<\/td>\n<td>Evet<\/td>\n<\/tr>\n<\/tbody>\n<\/table>\n<p>\u00d6zet: Hiyak, kullan\u0131c\u0131lar\u0131n sevdi\u011fi eri\u015fim kolayl\u0131\u011f\u0131n\u0131 korurken, Omegle veya Chatroulette'den daha sorunsuz, daha g\u00fcvenli ve daha temiz bir deneyim sunuyor. Emerald Chat'nin sosyal \u00f6zelliklerinden veya Chatspin Premium'un filtreleme g\u00fcc\u00fcnden yoksundur, ancak \u00f6nemli oldu\u011fu yerde sunar - h\u0131zl\u0131 ve e\u011flenceli g\u00f6r\u00fcnt\u00fcl\u00fc sohbet.<\/p>\n<h2>Art\u0131lar\u0131 ve Eksileri<\/h2>\n<p>Art\u0131lar\u0131:<\/p>\n<ul>\n<li>Tamamen \u00fccretsiz ve anonim<\/li>\n<li>Kay\u0131t olmadan h\u0131zl\u0131 ve kolay kullan\u0131m<\/li>\n<li>Temiz ve mobil dostu aray\u00fcz<\/li>\n<li>\u00c7o\u011fu anonim platformdan daha iyi moderasyon<\/li>\n<li>Taray\u0131c\u0131 i\u00e7inde an\u0131nda \u00e7al\u0131\u015f\u0131r<\/li>\n<\/ul>\n<p>Eksiler:<\/p>\n<ul>\n<li>Hala ara s\u0131ra uygunsuz i\u00e7erik<\/li>\n<li>Derin filtreleme veya geli\u015fmi\u015f e\u015fle\u015fme ayarlar\u0131 yok<\/li>\n<li>Grup sohbeti veya sosyal \u00f6zellikler yok<\/li>\n<li>\u00d6zellikle yo\u011fun olmayan saatlerde cinsiyet dengesizli\u011fi<\/li>\n<li>Hen\u00fcz uygulama s\u00fcr\u00fcm\u00fc yok (yaln\u0131zca taray\u0131c\u0131)<\/li>\n<\/ul>\n<h2>\u0130deal Kullan\u0131m \u00d6rnekleri<\/h2>\n<p>Hiyak i\u00e7in harika:<\/p>\n<ul>\n<li>Yabanc\u0131larla spontane sohbetler arayan ki\u015filer<\/li>\n<li>Omegle'ye hafif bir alternatif isteyen kullan\u0131c\u0131lar<\/li>\n<li>G\u00fcndelik sohbetler, fl\u00f6rtle\u015fme veya dil becerilerini geli\u015ftirme<\/li>\n<li>Anl\u0131k bilgi almak isteyen mobil kullan\u0131c\u0131lar <a href=\"https:\/\/strangercam.com\/tr\/bazoocam\/\">cam<\/a> uygulama y\u00fcklemeden sohbet<\/li>\n<\/ul>\n<p>Bunun i\u00e7in ideal de\u011fil:<\/p>\n<ul>\n<li>Uzun vadeli ba\u011flant\u0131lar veya fl\u00f6rt arayan kullan\u0131c\u0131lar<\/li>\n<li>Belirli kullan\u0131c\u0131lar\u0131 takip etmek veya izlemek isteyenler<\/li>\n<li>Kitle veya profil olu\u015fturma aray\u0131\u015f\u0131nda olan i\u00e7erik olu\u015fturucular<\/li>\n<li>Ara s\u0131ra olgun i\u00e7erikten rahats\u0131z olan ki\u015filer<\/li>\n<\/ul>\n<h2>Nihai Karar<\/h2>\n<p>Hiyak, tam olarak vaat etti\u011fi \u015feyi yapan basit, g\u00fcvenilir ve e\u011flenceli bir rastgele g\u00f6r\u00fcnt\u00fcl\u00fc sohbet platformudur - ve daha fazlas\u0131 de\u011fil. Hesaplar, profiller veya sosyal mekaniklerle deneyimi a\u015f\u0131r\u0131 karma\u015f\u0131kla\u015ft\u0131rmaz. Bunun yerine, kameradan kameraya sohbetin temel fikrine e\u011filiyor: d\u00fcnyan\u0131n d\u00f6rt bir yan\u0131ndaki insanlarla spontane, anonim, ger\u00e7ek zamanl\u0131 sohbetler.<\/p>\n<p>\u015ei\u015firilmi\u015f uygulamalar ve k\u00f6t\u00fc y\u00f6netilen taklitlerle dolu bir alanda, Hiyak netli\u011fi, h\u0131z\u0131 ve sa\u00e7ma olmayan uygulamas\u0131yla \u00f6ne \u00e7\u0131k\u0131yor. T\u00fcm zil ve \u0131sl\u0131klara sahip olmayabilir, ancak temel deneyimi do\u011fru bir \u015fekilde elde eder - ve bu da onu 2025'te kullanmaya de\u011fer k\u0131lan \u015feydir.<\/p>\n<p>E\u011fer Omegle'ye kolay, \u00fccretsiz ve modern bir alternatif ar\u0131yorsan\u0131z, Hiyak kesinlikle denemeye de\u011fer.<\/p>","protected":false},"excerpt":{"rendered":"<p>The world of random video chat platforms is constantly evolving. From the wild west days of early Omegle to the more polished experiences offered by apps like Chatspin and Emerald Chat, users are always on the hunt for something that strikes the right balance between spontaneity, user control, and safety. Enter Hiyak \u2014 a relatively [&hellip;]<\/p>\n","protected":false},"author":6,"featured_media":0,"parent":0,"menu_order":0,"comment_status":"closed","ping_status":"closed","template":"","meta":{"footnotes":""},"class_list":["post-12832","page","type-page","status-publish","hentry"],"yoast_head":"<!-- This site is optimized with the Yoast SEO plugin v27.4 - https:\/\/yoast.com\/product\/yoast-seo-wordpress\/ -->\n<title>Hiyak - Random Video Calls on StrangerCam.com<\/title>\n<meta name=\"description\" content=\"Like Hiyak? Come chat with more than 5.000.000 strangers on Stranger Cam for Free! Turn on your cam and find new friends &amp; maby a match!\" \/>\n<meta name=\"robots\" content=\"index, follow, max-snippet:-1, max-image-preview:large, max-video-preview:-1\" \/>\n<link rel=\"canonical\" href=\"https:\/\/strangercam.com\/tr\/hiyak\/\" \/>\n<meta property=\"og:locale\" content=\"tr_TR\" \/>\n<meta property=\"og:type\" content=\"article\" \/>\n<meta property=\"og:title\" content=\"Hiyak - Random Video Calls on StrangerCam.com\" \/>\n<meta property=\"og:description\" content=\"Like Hiyak? Come chat with more than 5.000.000 strangers on Stranger Cam for Free! Turn on your cam and find new friends &amp; maby a match!\" \/>\n<meta property=\"og:url\" content=\"https:\/\/strangercam.com\/tr\/hiyak\/\" \/>\n<meta property=\"og:site_name\" content=\"Strangercam\" \/>\n<meta property=\"article:publisher\" content=\"https:\/\/www.facebook.com\/strangercam\" \/>\n<meta property=\"article:modified_time\" content=\"2025-05-14T07:28:47+00:00\" \/>\n<meta property=\"og:image\" content=\"https:\/\/strangercam.com\/wp-content\/uploads\/2021\/10\/Untitled-2.png\" \/>\n\t<meta property=\"og:image:width\" content=\"800\" \/>\n\t<meta property=\"og:image:height\" content=\"532\" \/>\n\t<meta property=\"og:image:type\" content=\"image\/png\" \/>\n<meta name=\"twitter:card\" content=\"summary_large_image\" \/>\n<meta name=\"twitter:site\" content=\"@strangercamapp\" \/>\n<meta name=\"twitter:label1\" content=\"Tahmini okuma s\u00fcresi\" \/>\n\t<meta name=\"twitter:data1\" content=\"7 dakika\" \/>\n<script type=\"application\/ld+json\" class=\"yoast-schema-graph\">{\"@context\":\"https:\\\/\\\/schema.org\",\"@graph\":[{\"@type\":\"WebPage\",\"@id\":\"https:\\\/\\\/strangercam.com\\\/hiyak\\\/\",\"url\":\"https:\\\/\\\/strangercam.com\\\/hiyak\\\/\",\"name\":\"Hiyak - Random Video Calls on StrangerCam.com\",\"isPartOf\":{\"@id\":\"https:\\\/\\\/strangercam.com\\\/#website\"},\"datePublished\":\"2025-05-14T07:23:52+00:00\",\"dateModified\":\"2025-05-14T07:28:47+00:00\",\"description\":\"Like Hiyak? Come chat with more than 5.000.000 strangers on Stranger Cam for Free! Turn on your cam and find new friends & maby a match!\",\"breadcrumb\":{\"@id\":\"https:\\\/\\\/strangercam.com\\\/hiyak\\\/#breadcrumb\"},\"inLanguage\":\"tr\",\"potentialAction\":[{\"@type\":\"ReadAction\",\"target\":[\"https:\\\/\\\/strangercam.com\\\/hiyak\\\/\"]}]},{\"@type\":\"BreadcrumbList\",\"@id\":\"https:\\\/\\\/strangercam.com\\\/hiyak\\\/#breadcrumb\",\"itemListElement\":[{\"@type\":\"ListItem\",\"position\":1,\"name\":\"Home\",\"item\":\"https:\\\/\\\/strangercam.com\\\/\"},{\"@type\":\"ListItem\",\"position\":2,\"name\":\"Hiyak\"}]},{\"@type\":\"WebSite\",\"@id\":\"https:\\\/\\\/strangercam.com\\\/#website\",\"url\":\"https:\\\/\\\/strangercam.com\\\/\",\"name\":\"Strangercam\",\"description\":\"Random Video Chat with Strangers\",\"publisher\":{\"@id\":\"https:\\\/\\\/strangercam.com\\\/#organization\"},\"alternateName\":\"Strangercam.com\",\"potentialAction\":[{\"@type\":\"SearchAction\",\"target\":{\"@type\":\"EntryPoint\",\"urlTemplate\":\"https:\\\/\\\/strangercam.com\\\/?s={search_term_string}\"},\"query-input\":{\"@type\":\"PropertyValueSpecification\",\"valueRequired\":true,\"valueName\":\"search_term_string\"}}],\"inLanguage\":\"tr\"},{\"@type\":\"Organization\",\"@id\":\"https:\\\/\\\/strangercam.com\\\/#organization\",\"name\":\"Strangercam\",\"alternateName\":\"Strangercam.com\",\"url\":\"https:\\\/\\\/strangercam.com\\\/\",\"logo\":{\"@type\":\"ImageObject\",\"inLanguage\":\"tr\",\"@id\":\"https:\\\/\\\/strangercam.com\\\/#\\\/schema\\\/logo\\\/image\\\/\",\"url\":\"https:\\\/\\\/strangercam.com\\\/wp-content\\\/uploads\\\/2020\\\/11\\\/cropped-new-favicon-black.png\",\"contentUrl\":\"https:\\\/\\\/strangercam.com\\\/wp-content\\\/uploads\\\/2020\\\/11\\\/cropped-new-favicon-black.png\",\"width\":512,\"height\":512,\"caption\":\"Strangercam\"},\"image\":{\"@id\":\"https:\\\/\\\/strangercam.com\\\/#\\\/schema\\\/logo\\\/image\\\/\"},\"sameAs\":[\"https:\\\/\\\/www.facebook.com\\\/strangercam\",\"https:\\\/\\\/x.com\\\/strangercamapp\"]}]}<\/script>\n<!-- \/ Yoast SEO plugin. -->","yoast_head_json":{"title":"Hiyak - StrangerCam.com'da Rastgele G\u00f6r\u00fcnt\u00fcl\u00fc Aramalar","description":"Hiyak'\u0131 be\u011fendin mi? Gelin Stranger Cam'de 5.000.000'dan fazla yabanc\u0131yla \u00dccretsiz sohbet edin! Kameran\u0131z\u0131 a\u00e7\u0131n ve yeni arkada\u015flar ve belki bir e\u015fle\u015fme bulun!","robots":{"index":"index","follow":"follow","max-snippet":"max-snippet:-1","max-image-preview":"max-image-preview:large","max-video-preview":"max-video-preview:-1"},"canonical":"https:\/\/strangercam.com\/tr\/hiyak\/","og_locale":"tr_TR","og_type":"article","og_title":"Hiyak - Random Video Calls on StrangerCam.com","og_description":"Like Hiyak? Come chat with more than 5.000.000 strangers on Stranger Cam for Free! Turn on your cam and find new friends & maby a match!","og_url":"https:\/\/strangercam.com\/tr\/hiyak\/","og_site_name":"Strangercam","article_publisher":"https:\/\/www.facebook.com\/strangercam","article_modified_time":"2025-05-14T07:28:47+00:00","og_image":[{"width":800,"height":532,"url":"https:\/\/strangercam.com\/wp-content\/uploads\/2021\/10\/Untitled-2.png","type":"image\/png"}],"twitter_card":"summary_large_image","twitter_site":"@strangercamapp","twitter_misc":{"Tahmini okuma s\u00fcresi":"7 dakika"},"schema":{"@context":"https:\/\/schema.org","@graph":[{"@type":"WebPage","@id":"https:\/\/strangercam.com\/hiyak\/","url":"https:\/\/strangercam.com\/hiyak\/","name":"Hiyak - StrangerCam.com'da Rastgele G\u00f6r\u00fcnt\u00fcl\u00fc Aramalar","isPartOf":{"@id":"https:\/\/strangercam.com\/#website"},"datePublished":"2025-05-14T07:23:52+00:00","dateModified":"2025-05-14T07:28:47+00:00","description":"Hiyak'\u0131 be\u011fendin mi? Gelin Stranger Cam'de 5.000.000'dan fazla yabanc\u0131yla \u00dccretsiz sohbet edin! Kameran\u0131z\u0131 a\u00e7\u0131n ve yeni arkada\u015flar ve belki bir e\u015fle\u015fme bulun!","breadcrumb":{"@id":"https:\/\/strangercam.com\/hiyak\/#breadcrumb"},"inLanguage":"tr","potentialAction":[{"@type":"ReadAction","target":["https:\/\/strangercam.com\/hiyak\/"]}]},{"@type":"BreadcrumbList","@id":"https:\/\/strangercam.com\/hiyak\/#breadcrumb","itemListElement":[{"@type":"ListItem","position":1,"name":"Home","item":"https:\/\/strangercam.com\/"},{"@type":"ListItem","position":2,"name":"Hiyak"}]},{"@type":"WebSite","@id":"https:\/\/strangercam.com\/#website","url":"https:\/\/strangercam.com\/","name":"Strangercam","description":"Yabanc\u0131larla Rastgele G\u00f6r\u00fcnt\u00fcl\u00fc Sohbet","publisher":{"@id":"https:\/\/strangercam.com\/#organization"},"alternateName":"Strangercam.com","potentialAction":[{"@type":"SearchAction","target":{"@type":"EntryPoint","urlTemplate":"https:\/\/strangercam.com\/?s={search_term_string}"},"query-input":{"@type":"PropertyValueSpecification","valueRequired":true,"valueName":"search_term_string"}}],"inLanguage":"tr"},{"@type":"Organization","@id":"https:\/\/strangercam.com\/#organization","name":"Strangercam","alternateName":"Strangercam.com","url":"https:\/\/strangercam.com\/","logo":{"@type":"ImageObject","inLanguage":"tr","@id":"https:\/\/strangercam.com\/#\/schema\/logo\/image\/","url":"https:\/\/strangercam.com\/wp-content\/uploads\/2020\/11\/cropped-new-favicon-black.png","contentUrl":"https:\/\/strangercam.com\/wp-content\/uploads\/2020\/11\/cropped-new-favicon-black.png","width":512,"height":512,"caption":"Strangercam"},"image":{"@id":"https:\/\/strangercam.com\/#\/schema\/logo\/image\/"},"sameAs":["https:\/\/www.facebook.com\/strangercam","https:\/\/x.com\/strangercamapp"]}]}},"_links":{"self":[{"href":"https:\/\/strangercam.com\/tr\/wp-json\/wp\/v2\/pages\/12832","targetHints":{"allow":["GET"]}}],"collection":[{"href":"https:\/\/strangercam.com\/tr\/wp-json\/wp\/v2\/pages"}],"about":[{"href":"https:\/\/strangercam.com\/tr\/wp-json\/wp\/v2\/types\/page"}],"author":[{"embeddable":true,"href":"https:\/\/strangercam.com\/tr\/wp-json\/wp\/v2\/users\/6"}],"replies":[{"embeddable":true,"href":"https:\/\/strangercam.com\/tr\/wp-json\/wp\/v2\/comments?post=12832"}],"version-history":[{"count":1,"href":"https:\/\/strangercam.com\/tr\/wp-json\/wp\/v2\/pages\/12832\/revisions"}],"predecessor-version":[{"id":12834,"href":"https:\/\/strangercam.com\/tr\/wp-json\/wp\/v2\/pages\/12832\/revisions\/12834"}],"wp:attachment":[{"href":"https:\/\/strangercam.com\/tr\/wp-json\/wp\/v2\/media?parent=12832"}],"curies":[{"name":"wp","href":"https:\/\/api.w.org\/{rel}","templated":true}]}}