{"id":12830,"date":"2025-05-14T09:17:21","date_gmt":"2025-05-14T07:17:21","guid":{"rendered":"https:\/\/strangercam.com\/?page_id=12830"},"modified":"2025-05-14T09:17:21","modified_gmt":"2025-05-14T07:17:21","slug":"yubo","status":"publish","type":"page","link":"https:\/\/strangercam.com\/tr\/yubo\/","title":{"rendered":"Yubo"},"content":{"rendered":"<p>Bir\u00e7ok ki\u015fi taraf\u0131ndan \"Tinder'\u0131n Snapchat ile bulu\u015fmas\u0131\" olarak tan\u0131mlanan Yubo, d\u00fcnyan\u0131n d\u00f6rt bir yan\u0131ndan insanlarla ger\u00e7ek zamanl\u0131 olarak ba\u011flant\u0131 kurmak, yay\u0131n yapmak ve sosyalle\u015fmek isteyen gen\u00e7 kullan\u0131c\u0131lar - \u00f6zellikle de Z ku\u015fa\u011f\u0131 - i\u00e7in tasarlanm\u0131\u015ft\u0131r.<\/p>\n<p>\u0130ster Yubo, ister Yubo Live ya da yubo.live olarak bilin, platform h\u0131zla b\u00fcy\u00fcyerek d\u00fcnyan\u0131n \u00f6nde gelen sosyal ke\u015fif uygulamalar\u0131ndan biri haline geldi. Peki ama g\u00fcvenli mi? Ger\u00e7ekten kimler kullan\u0131yor? Ve videodaki di\u011fer platformlarla kar\u015f\u0131la\u015ft\u0131r\u0131ld\u0131\u011f\u0131nda nas\u0131l <a href=\"https:\/\/strangercam.com\/tr\/chathub\/\">sohbet<\/a> ve canl\u0131 yay\u0131n <a href=\"https:\/\/strangercam.com\/tr\/mocospace\/\">uzay<\/a>?<\/p>\n<p>Bu tam incelemede, Yubo'nun ne oldu\u011funu, hangi \u00f6zellikleri sundu\u011funu, nas\u0131l \u00e7al\u0131\u015ft\u0131\u011f\u0131n\u0131, kimin i\u00e7in oldu\u011funu ve 2025'te zaman ay\u0131rmaya de\u011fip de\u011fmeyece\u011fini inceleyece\u011fiz.<\/p>\n<h2>Yubo nedir?<\/h2>\n<p>Yubo, gen\u00e7ler (\u00f6ncelikle 13-25 ya\u015f aras\u0131) i\u00e7in tasarlanm\u0131\u015f bir sosyal ke\u015fif ve canl\u0131 yay\u0131n uygulamas\u0131d\u0131r. <a href=\"https:\/\/strangercam.com\/tr\/coomeet\/\">tan\u0131\u015fmak<\/a> yeni arkada\u015flar edinebilir, grup canl\u0131 yay\u0131nlar\u0131na kat\u0131labilir ve metin veya video yoluyla sohbet edebilirsiniz. 2015 y\u0131l\u0131nda Fransa'da piyasaya s\u00fcr\u00fcld\u00fc ve o zamandan beri 140'tan fazla \u00fclkede 60 milyondan fazla kullan\u0131c\u0131s\u0131yla k\u00fcresel bir hit haline geldi.<\/p>\n<p>Yubo'yu benzersiz k\u0131lan \u015fey, bir fl\u00f6rt uygulamas\u0131 gibi hissettirse de bir fl\u00f6rt uygulamas\u0131 olmamas\u0131d\u0131r. Bunun yerine, kendisini ger\u00e7ek zamanl\u0131 ba\u011flant\u0131 ve topluluk kat\u0131l\u0131m\u0131 i\u00e7in olu\u015fturulmu\u015f bir arkada\u015f edinme platformu olarak konumland\u0131r\u0131yor. Sosyal medya, canl\u0131 video ve rastgele e\u015fle\u015fme \u00f6zelliklerini, \u00f6zellikle Z ku\u015fa\u011f\u0131 i\u00e7in \u00f6zg\u00fcn ve e\u011flenceli hissettirecek \u015fekilde harmanl\u0131yor.<\/p>\n<h2>Yubo'nun Amac\u0131 Nedir?<\/h2>\n<p>Yubo'nun amac\u0131, be\u011fenme, takip etme veya se\u00e7ilmi\u015f profil bask\u0131s\u0131 olmadan \u00e7evrimi\u00e7i yeni insanlarla tan\u0131\u015fmay\u0131 do\u011fal, g\u00fcvenli ve e\u011flenceli hale getirmektir. Yubo, influencer stat\u00fcs\u00fc pe\u015finde ko\u015fmak yerine, kullan\u0131c\u0131lar\u0131 ger\u00e7ek zamanl\u0131 olarak sosyal olmaya te\u015fvik ediyor - grup video sohbetleri, g\u00fcndelik bulu\u015fmalar ve ba\u015fkalar\u0131n\u0131 ke\u015ffetmek i\u00e7in rastgele kayd\u0131rmay\u0131 d\u00fc\u015f\u00fcn\u00fcn.<\/p>\n<p>Temel odak noktas\u0131 arkada\u015fl\u0131k veya i\u00e7erik olu\u015fturma de\u011fil, arkada\u015fl\u0131k \u00f6ncelikli etkile\u015fimdir. Bu, performans ve g\u00f6r\u00fcn\u00fcrl\u00fc\u011fe odaklan\u0131lan TikTok veya Instagram gibi platformlardan \u00f6nemli bir farkt\u0131r. Yubo'da canl\u0131 olarak g\u00f6r\u00fcn\u00fcr, konu\u015fur ve ba\u011flant\u0131 kurars\u0131n\u0131z - filtre yok, takip\u00e7i yok, bask\u0131 yok.<\/p>\n<p>En \u00e7ok \u015funlar i\u00e7in uygundur:<\/p>\n<ul>\n<li>Sosyal \u00e7evrelerini geni\u015fletmek isteyen gen\u00e7ler ve gen\u00e7 yeti\u015fkinler<\/li>\n<li>Canl\u0131 yay\u0131n yapmaktan veya g\u00f6r\u00fcnt\u00fcl\u00fc grup sohbetlerine kat\u0131lmaktan ho\u015flanan ki\u015filer<\/li>\n<li>Pasif kayd\u0131rma yerine ger\u00e7ek sohbet isteyen kullan\u0131c\u0131lar<\/li>\n<\/ul>\n<h2>Temel \u00d6zellikler<\/h2>\n<p>1. Canl\u0131 Grup Ak\u0131\u015f\u0131<br \/>\nYubo'nun ana \u00f6zelli\u011fi grup canl\u0131 yay\u0131n\u0131d\u0131r. Kullan\u0131c\u0131lar ekranda 10 ki\u015fiye kadar canl\u0131 yay\u0131n yapabilirken, di\u011ferleri izleyebilir, yorum yapabilir ve kat\u0131lma talebinde bulunabilir. Bu yay\u0131nlar g\u00fcndeliktir - genellikle sadece sohbet eden, m\u00fczik \u00e7alan veya tak\u0131lan insanlar.<\/p>\n<p>2. Arkada\u015f Edinmek i\u00e7in Kayd\u0131r\u0131n<br \/>\nArkada\u015fl\u0131k uygulamalar\u0131na benzer \u015fekilde Yubo, kullan\u0131c\u0131lar\u0131n yeni insanlar ke\u015ffetmesine yard\u0131mc\u0131 olmak i\u00e7in bir kayd\u0131rma \u00f6zelli\u011fi kullan\u0131r. Ba\u011flanmak i\u00e7in sa\u011fa, ge\u00e7mek i\u00e7in sola kayd\u0131r\u0131n. Ancak Tinder'\u0131n aksine, fl\u00f6rt etmeye vurgu yap\u0131lm\u0131yor. Ama\u00e7 romantik bir profil olu\u015fturmak de\u011fil, bir sohbet ba\u015flatmak.<\/p>\n<p>3. Ger\u00e7ek Zamanl\u0131 Sohbet ve G\u00f6r\u00fcnt\u00fcl\u00fc Aramalar<br \/>\nBiriyle e\u015fle\u015fti\u011finizde, yaz\u0131l\u0131 sohbet veya \u00f6zel g\u00f6r\u00fcnt\u00fcl\u00fc arama ba\u015flatabilirsiniz. Bu sohbetler g\u00fcndeliktir ve genellikle daha uzun etkile\u015fimlere veya grup ak\u0131\u015f\u0131 davetlerine yol a\u00e7ar.<\/p>\n<p>4. \u0130lgi Alanlar\u0131 ve Etiket E\u015fle\u015ftirme<br \/>\nYubo, kullan\u0131c\u0131lar\u0131n ilgi alanlar\u0131n\u0131 (\u00f6r. moda, oyun, anime, fitness, seyahat) se\u00e7melerine olanak tan\u0131yarak kayd\u0131rma ak\u0131\u015flar\u0131n\u0131 ve \u00f6nerilerini uyarlamalar\u0131na yard\u0131mc\u0131 olur. Bu k\u00fc\u00e7\u00fck e\u015fle\u015ftirme katman\u0131, ba\u011flant\u0131lar\u0131n kalitesini art\u0131r\u0131yor ve kullan\u0131c\u0131lar\u0131n benzer d\u00fc\u015f\u00fcnen ki\u015fileri bulmas\u0131na yard\u0131mc\u0131 oluyor.<\/p>\n<p>5. Topluluklar ve Konu Ak\u0131\u015flar\u0131<br \/>\nKullan\u0131c\u0131lar konum veya ilgi alanlar\u0131na g\u00f6re topluluk canl\u0131 yay\u0131nlar\u0131na kat\u0131labilir. \"New York Gen\u00e7leri Sohbeti\", \"Anime Hayranlar\u0131\" veya \"\u00c7al\u0131\u015fma Odas\u0131 \"n\u0131 d\u00fc\u015f\u00fcn\u00fcn - bu alanlar ortak hobilere veya demografik \u00f6zelliklere sahip kullan\u0131c\u0131lar\u0131 temal\u0131 bulu\u015fmalar i\u00e7in bir araya getiriyor.<\/p>\n<p>6. Yubo G\u00fc\u00e7 Paketi (Premium \u00d6zellikler)<br \/>\nYubo, g\u00f6r\u00fcn\u00fcrl\u00fc\u011f\u00fc ve eri\u015fimi art\u0131ran bir dizi \u00fccretli \u00f6zellik sunar. Bunlar \u015funlar\u0131 i\u00e7erir:<\/p>\n<ul>\n<li>Profilinizi tan\u0131tmak i\u00e7in g\u00fc\u00e7lendirmeler<\/li>\n<li>Kayd\u0131rmay\u0131 geri almak i\u00e7in geri sarar<\/li>\n<li>Spotlight daha fazla beslemede g\u00f6r\u00fcnecek<\/li>\n<li>G\u00f6r\u00fcnmez bir \u015fekilde gezinmek i\u00e7in Hayalet Modu<\/li>\n<\/ul>\n<p>7. Ya\u015fa Dayal\u0131 Segmentasyon<br \/>\nYubo, re\u015fit olmayanlar\u0131 korumak ve ya\u015fa uygun etkile\u015fimler sa\u011flamak i\u00e7in kullan\u0131c\u0131lar\u0131 13-17 ve 18+ ya\u015f gruplar\u0131na g\u00f6re ay\u0131r\u0131r. Kullan\u0131c\u0131lar bu ya\u015f s\u0131n\u0131rlar\u0131n\u0131n \u00f6tesinde etkile\u015fime giremez ve re\u015fit olmayan gruplarda denetim daha s\u0131k\u0131d\u0131r.<\/p>\n<p>8. G\u00fcvenlik ve Moderasyon Ara\u00e7lar\u0131<br \/>\nYubo, g\u00fcvenli bir ortam sa\u011flamak i\u00e7in yapay zeka destekli moderasyon, ger\u00e7ek zamanl\u0131 i\u00e7erik tarama, ya\u015f do\u011frulama i\u00e7in y\u00fcz tan\u0131ma ve topluluk raporlama ara\u00e7lar\u0131 kullan\u0131yor. Ayr\u0131ca canl\u0131 yay\u0131nlar ve hassas durumlar i\u00e7in insan moderasyonu da mevcut.<\/p>\n<p>9. Profil \u00d6zelle\u015ftirme<br \/>\nKullan\u0131c\u0131lar foto\u011fraf y\u00fckleyebiliyor, biyografi ekleyebiliyor ve ilgi alanlar\u0131n\u0131 sergileyebiliyor. Ancak odak noktas\u0131, g\u00f6steri\u015fli bir \u00e7evrimi\u00e7i ki\u015filik olu\u015fturmaktan ziyade etkile\u015fim olmaya devam ediyor.<\/p>\n<h2>Yubo \u00dccretsiz mi?<\/h2>\n<p>Evet, Yubo'yu indirmek ve kullanmak \u00fccretsizdir ve kayd\u0131rma, canl\u0131 yay\u0131nlar ve sohbet gibi \u00e7o\u011fu temel \u00f6zellik \u00fccretsiz olarak kullan\u0131labilir. Ancak uygulama, a\u015fa\u011f\u0131daki gibi uygulama i\u00e7i sat\u0131n al\u0131mlar yoluyla para kazan\u0131yor:<\/p>\n<ul>\n<li>Yubo G\u00fc\u00e7 Paketi (haftal\u0131k, ayl\u0131k veya y\u0131ll\u0131k planlar)<\/li>\n<li>G\u00fc\u00e7lendirmeler ve Spot I\u015f\u0131klar<\/li>\n<li>Kayd\u0131rma paketleri ve profil \u00f6zelle\u015ftirme avantajlar\u0131<\/li>\n<\/ul>\n<p>Premium \u00f6zellikler iste\u011fe ba\u011fl\u0131d\u0131r ancak kullan\u0131c\u0131lar\u0131n yo\u011fun bir uygulama ortam\u0131nda \u00f6ne \u00e7\u0131kmas\u0131na yard\u0131mc\u0131 olabilir. \u00c7o\u011fu s\u0131radan kullan\u0131c\u0131n\u0131n para harcamas\u0131 gerekmez, ancak daha aktif veya h\u0131rsl\u0131 kullan\u0131c\u0131lar y\u00fckseltmeleri tercih edebilir.<\/p>\n<h2>Yubo'yu Kimler Kullan\u0131yor?<\/h2>\n<p>Yubo'nun hedef demografisi Z ku\u015fa\u011f\u0131, \u00f6zellikle de 13-25 ya\u015f aras\u0131 gen\u00e7ler ve gen\u00e7 yeti\u015fkinlerdir. Daha ya\u015fl\u0131 kitleler i\u00e7in tasarlanmam\u0131\u015ft\u0131r ve akran gruplar\u0131 i\u00e7inde g\u00fcvenli etkile\u015fimler sa\u011flamak i\u00e7in kat\u0131 ya\u015f segmentasyonu uygular.<\/p>\n<p>Temel demografik bilgiler:<\/p>\n<ul>\n<li>Ya\u015f: 13-25<\/li>\n<li>Cinsiyet: Olduk\u00e7a dengeli, ancak kayd\u0131rma yapanlar ve \u00f6zel sohbet edenler biraz erkek<\/li>\n<li>Lokasyonlar: ABD, \u0130ngiltere, Kanada, Fransa, Brezilya, Avustralya, Almanya ve G\u00fcneydo\u011fu Asya<\/li>\n<\/ul>\n<p>\u00d6zellikle pop\u00fclerdir:<\/p>\n<ul>\n<li>Okul veya yerel topluluklar d\u0131\u015f\u0131nda yeni arkada\u015fl\u0131klar arayan gen\u00e7ler<\/li>\n<li>Gen\u00e7 yeti\u015fkinler arkada\u015fl\u0131k uygulamalar\u0131na alternatif olarak sosyal videoyu ke\u015ffediyor<\/li>\n<li>Video yay\u0131nlamak yerine canl\u0131 etkile\u015fimi tercih eden i\u00e7erik olu\u015fturucular<\/li>\n<\/ul>\n<h2>G\u00fcvenlik, Gizlilik ve Moderasyon<\/h2>\n<p>Yubo ge\u00e7mi\u015fte k\u00fc\u00e7\u00fck \u00e7apl\u0131 g\u00fcvenlik ve i\u00e7erik denetimi konular\u0131nda ele\u015ftirilere maruz kalm\u0131\u015ft\u0131r. Buna kar\u015f\u0131l\u0131k, a\u015fa\u011f\u0131dakiler de dahil olmak \u00fczere kullan\u0131c\u0131 g\u00fcvenli\u011fine b\u00fcy\u00fck yat\u0131r\u0131m yapt\u0131:<\/p>\n<ul>\n<li>Canl\u0131 yapay zeka moderasyonu: Yubo, uygunsuz i\u00e7eri\u011fi tespit etmek i\u00e7in metin, video ve g\u00f6r\u00fcnt\u00fcleri ger\u00e7ek zamanl\u0131 olarak tarar.<\/li>\n<li>Y\u00fcz tan\u0131ma: Yeti\u015fkinlerin gen\u00e7lere \u00f6zel alanlara girmesini \u00f6nlemek amac\u0131yla ya\u015f do\u011frulamas\u0131 i\u00e7in gereklidir.<\/li>\n<li>Topluluk raporlama: Kullan\u0131c\u0131lar uygunsuz davran\u0131\u015flar\u0131, \u00e7\u0131plakl\u0131\u011f\u0131, tacizi veya sahte hesaplar\u0131 kolayca bildirebilir.<\/li>\n<li>Ayr\u0131 ya\u015f gruplar\u0131: 13-17 kullan\u0131c\u0131lar 18+ kullan\u0131c\u0131larla ileti\u015fime ge\u00e7emez.<\/li>\n<li>Do\u011frulanm\u0131\u015f hesaplar: Kullan\u0131c\u0131lar g\u00fcven olu\u015fturmak i\u00e7in kimliklerini do\u011frulayabilir.<\/li>\n<\/ul>\n<p>Hi\u00e7bir platform m\u00fckemmel olmasa da Yubo, proaktif moderasyonu ve \u015feffaf topluluk standartlar\u0131 sayesinde art\u0131k gen\u00e7 kullan\u0131c\u0131lar i\u00e7in daha g\u00fcvenli sosyal uygulamalardan biri olarak kabul ediliyor. Ebeveynler yine de platformu kullanan gen\u00e7leri izlemelidir, ancak 18 ya\u015f \u00fcst\u00fc kullan\u0131c\u0131lar i\u00e7in deneyim di\u011fer ana ak\u0131m sosyal uygulamalarla kar\u015f\u0131la\u015ft\u0131r\u0131labilir.<\/p>\n<h2>Kullan\u0131c\u0131 Deneyimi ve Aray\u00fcz<\/h2>\n<p>Yubo'nun aray\u00fcz\u00fc temiz, minimal ve a\u00e7\u0131k\u00e7a mobil kullan\u0131m i\u00e7in tasarlanm\u0131\u015f. Navigasyon sezgisel, kayd\u0131rma h\u0131zl\u0131 ve canl\u0131 yay\u0131na ge\u00e7mek sadece birka\u00e7 dokunu\u015f al\u0131yor. Uygulama, profil taramas\u0131 yerine ger\u00e7ek zamanl\u0131 ba\u011flant\u0131ya odaklan\u0131yor ve bu da Z ku\u015fa\u011f\u0131n\u0131n ileti\u015fim kurmay\u0131 tercih etti\u011fi y\u00f6ntemle uyumlu.<\/p>\n<p>Renkli g\u00f6rseller, yumu\u015fak ge\u00e7i\u015fler ve e\u011flenceli simgeler, deneyimi bunalt\u0131c\u0131 olmadan ilgi \u00e7ekici hale getiriyor. Kayd\u0131r\u0131lacak ak\u0131\u015flar, hikayeler veya sonsuz i\u00e7erik yok - her \u015fey canl\u0131 veya ger\u00e7ek zamanl\u0131 etkile\u015fime y\u00f6nlendiriyor.<\/p>\n<p>Daha yava\u015f cihazlarda veya a\u011flarda bile performans sa\u011flamd\u0131r, ancak grup ak\u0131\u015flar\u0131 bant geni\u015fli\u011fi a\u00e7\u0131s\u0131ndan zorlay\u0131c\u0131 olabilir. Uygulama iOS ve Android'de mevcut olup masa\u00fcst\u00fcnde s\u0131n\u0131rl\u0131 i\u015flevselli\u011fe sahiptir.<\/p>\n<h2>Yubo vs Di\u011fer Platformlar<\/h2>\n<p>Yubo'nun di\u011fer canl\u0131 sosyal ve g\u00f6r\u00fcnt\u00fcl\u00fc sohbet uygulamalar\u0131na kar\u015f\u0131 nas\u0131l durdu\u011funu g\u00f6relim:<\/p>\n<table>\n<thead>\n<tr>\n<th>\u00d6zellik<\/th>\n<th>Yubo<\/th>\n<th>Bigo Canl\u0131<\/th>\n<th>ChatMatch<\/th>\n<th><a href=\"https:\/\/strangercam.com\/tr\/omegle\/\">Omegle<\/a><\/th>\n<th>Snapchat<\/th>\n<\/tr>\n<\/thead>\n<tbody>\n<tr>\n<td>Canl\u0131 Yay\u0131n (Grup)<\/td>\n<td>Evet<\/td>\n<td>Evet<\/td>\n<td>Hay\u0131r<\/td>\n<td>Hay\u0131r<\/td>\n<td>Evet<\/td>\n<\/tr>\n<tr>\n<td>Ya\u015f Segmentasyonu<\/td>\n<td>Evet<\/td>\n<td>Hay\u0131r<\/td>\n<td>Hay\u0131r<\/td>\n<td>Hay\u0131r<\/td>\n<td>Hay\u0131r<\/td>\n<\/tr>\n<tr>\n<td>E\u015fle\u015ftirmek i\u00e7in kayd\u0131r\u0131n<\/td>\n<td>Evet<\/td>\n<td>Hay\u0131r<\/td>\n<td>Evet<\/td>\n<td>Hay\u0131r<\/td>\n<td>Hay\u0131r<\/td>\n<\/tr>\n<tr>\n<td>Bire Bir G\u00f6r\u00fcnt\u00fcl\u00fc Sohbet<\/td>\n<td>Evet<\/td>\n<td>Evet<\/td>\n<td>Evet<\/td>\n<td>Evet<\/td>\n<td>Evet<\/td>\n<\/tr>\n<tr>\n<td>Topluluklar ve \u0130lgi Alanlar\u0131<\/td>\n<td>Evet<\/td>\n<td>Hay\u0131r<\/td>\n<td>K\u0131smi<\/td>\n<td>Hay\u0131r<\/td>\n<td>Evet<\/td>\n<\/tr>\n<tr>\n<td>G\u00fcvenlik Moderasyonu<\/td>\n<td>G\u00fc\u00e7l\u00fc<\/td>\n<td>Orta d\u00fczeyde<\/td>\n<td>Orta d\u00fczeyde<\/td>\n<td>Zay\u0131f<\/td>\n<td>Orta d\u00fczeyde<\/td>\n<\/tr>\n<tr>\n<td>Para Kazanma Se\u00e7enekleri<\/td>\n<td>Evet<\/td>\n<td>Evet<\/td>\n<td>Evet<\/td>\n<td>Hay\u0131r<\/td>\n<td>Evet<\/td>\n<\/tr>\n<tr>\n<td>Hedef Kitle<\/td>\n<td>Z Ku\u015fa\u011f\u0131<\/td>\n<td>Genel<\/td>\n<td>18+ Bekarlar<\/td>\n<td>Genel<\/td>\n<td>Gen\u00e7ler &amp; Z Ku\u015fa\u011f\u0131<\/td>\n<\/tr>\n<\/tbody>\n<\/table>\n<h2>Art\u0131lar\u0131 ve Eksileri<\/h2>\n<p>Art\u0131lar\u0131:<\/p>\n<ul>\n<li>\u00d6zellikle Z ku\u015fa\u011f\u0131 ve gen\u00e7 yeti\u015fkinler i\u00e7in tasarland\u0131<\/li>\n<li>Canl\u0131 yay\u0131n kolay ve etkile\u015fimlidir<\/li>\n<li>E\u015fle\u015ftirmek i\u00e7in kayd\u0131r\u0131n, arkada\u015f ke\u015ffetmeyi e\u011flenceli hale getirir<\/li>\n<li>G\u00fc\u00e7l\u00fc moderasyon ve ya\u015f g\u00fcvenli\u011fi kontrolleri<\/li>\n<li>\u0130lgi alan\u0131 e\u015fle\u015ftirme sohbet kalitesini art\u0131rmaya yard\u0131mc\u0131 olur<\/li>\n<li>H\u0131zl\u0131, temiz, mobil \u00f6ncelikli deneyim<\/li>\n<\/ul>\n<p>Eksiler:<\/p>\n<ul>\n<li>25'in \u00fczerindeki kullan\u0131c\u0131lar i\u00e7in ideal de\u011fil<\/li>\n<li>Baz\u0131 uygulama i\u00e7i sat\u0131n al\u0131mlar agresif hissettirebilir<\/li>\n<li>Tam eri\u015fim i\u00e7in y\u00fcz tan\u0131ma gerektirir<\/li>\n<li>Masa\u00fcst\u00fcnde mevcut de\u011fil<\/li>\n<li>Halka a\u00e7\u0131k odalarda ara s\u0131ra olgunla\u015fmam\u0131\u015f davran\u0131\u015flar<\/li>\n<\/ul>\n<h2>\u0130deal Kullan\u0131m \u00d6rnekleri<\/h2>\n<p>Yubo \u015funun i\u00e7in harika:<\/p>\n<ul>\n<li>Yeni \u00e7evrimi\u00e7i arkada\u015fl\u0131klar arayan gen\u00e7ler ve gen\u00e7 yeti\u015fkinler<\/li>\n<li>S\u0131radan grup g\u00f6r\u00fcnt\u00fcl\u00fc sohbetleri ve d\u00fc\u015f\u00fck bas\u0131n\u00e7l\u0131 canl\u0131 yay\u0131n isteyen kullan\u0131c\u0131lar<\/li>\n<li>D\u00fcnyan\u0131n d\u00f6rt bir yan\u0131ndan insanlar\u0131 ke\u015ffetmekten ho\u015flanan sosyal ka\u015fifler<\/li>\n<li>\u0130\u00e7erik olu\u015fturma yerine ger\u00e7ek zamanl\u0131 etkile\u015fim hayranlar\u0131<\/li>\n<\/ul>\n<p>Yubo i\u00e7in ideal de\u011fildir:<\/p>\n<ul>\n<li>Z Ku\u015fa\u011f\u0131 demografisi d\u0131\u015f\u0131ndaki yeti\u015fkinler<\/li>\n<li>\u00d6zel, anonim g\u00f6r\u00fcnt\u00fcl\u00fc sohbet deneyimi arayan kullan\u0131c\u0131lar<\/li>\n<li>Uzun bi\u00e7imli i\u00e7erik veya derlenmi\u015f sosyal ak\u0131\u015flar arayan ki\u015filer<\/li>\n<\/ul>\n<h2>Nihai Karar<\/h2>\n<p>Yubo, 2025 y\u0131l\u0131nda Z ku\u015fa\u011f\u0131 i\u00e7in \u00f6ne \u00e7\u0131kan bir sosyal video uygulamas\u0131d\u0131r. Ger\u00e7ek zamanl\u0131 etkile\u015fim, arkada\u015fl\u0131k \u00f6ncelikli ba\u011flant\u0131lar ve canl\u0131 grup etkile\u015fimine odaklanarak geleneksel sosyal medyaya yeni bir alternatif sunuyor. G\u00fc\u00e7l\u00fc moderasyon, ya\u015f segmentasyonu ve e\u015fle\u015fmek i\u00e7in kayd\u0131rma sistemi ile Omegle veya Yubo gibi uygulamalar\u0131n modern, daha g\u00fcvenli bir evrimi gibi hissettiriyor. <a href=\"https:\/\/strangercam.com\/tr\/chatroulette\/\">Chatroulette<\/a>.<\/p>\n<p>Gen\u00e7, sosyal ve mobil \u00f6ncelikli hedef kitlesi i\u00e7in Yubo tam olarak vaat etti\u011fi \u015feyi sunuyor: yeni insanlarla tan\u0131\u015fmak ve ger\u00e7ek zamanl\u0131 olarak tak\u0131lmak i\u00e7in e\u011flenceli, canl\u0131, topluluk odakl\u0131 bir platform.<\/p>\n<p>E\u011fer 13-25 ya\u015f aras\u0131ndaysan\u0131z ve mevcut \u00e7evrenizin \u00f6tesinde sosyalle\u015fmek istiyorsan\u0131z, Yubo kesinlikle g\u00f6z atmaya de\u011fer.<\/p>","protected":false},"excerpt":{"rendered":"<p>Yubo is described by many as \u201cTinder meets Snapchat\u201d with a heavy dash of livestreaming, Yubo is tailored for younger users \u2014 specifically Gen Z \u2014 who want to connect, stream, and socialize in real time with people from around the world. Whether you know it as Yubo, Yubo Live, or yubo.live, the platform has [&hellip;]<\/p>\n","protected":false},"author":6,"featured_media":0,"parent":0,"menu_order":0,"comment_status":"closed","ping_status":"closed","template":"","meta":{"footnotes":""},"class_list":["post-12830","page","type-page","status-publish","hentry"],"yoast_head":"<!-- This site is optimized with the Yoast SEO plugin v27.4 - https:\/\/yoast.com\/product\/yoast-seo-wordpress\/ -->\n<title>Yubo - Make new friends with chat on StrangerCam.com<\/title>\n<meta name=\"description\" content=\"Like Yubo? Come chat with more than 5.000.000 strangers on Stranger Cam for Free! Turn on your cam and find new friends &amp; maby a match!\" \/>\n<meta name=\"robots\" content=\"index, follow, max-snippet:-1, max-image-preview:large, max-video-preview:-1\" \/>\n<link rel=\"canonical\" href=\"https:\/\/strangercam.com\/tr\/yubo\/\" \/>\n<meta property=\"og:locale\" content=\"tr_TR\" \/>\n<meta property=\"og:type\" content=\"article\" \/>\n<meta property=\"og:title\" content=\"Yubo - Make new friends with chat on StrangerCam.com\" \/>\n<meta property=\"og:description\" content=\"Like Yubo? Come chat with more than 5.000.000 strangers on Stranger Cam for Free! Turn on your cam and find new friends &amp; maby a match!\" \/>\n<meta property=\"og:url\" content=\"https:\/\/strangercam.com\/tr\/yubo\/\" \/>\n<meta property=\"og:site_name\" content=\"Strangercam\" \/>\n<meta property=\"article:publisher\" content=\"https:\/\/www.facebook.com\/strangercam\" \/>\n<meta property=\"og:image\" content=\"https:\/\/strangercam.com\/wp-content\/uploads\/2021\/10\/Untitled-2.png\" \/>\n\t<meta property=\"og:image:width\" content=\"800\" \/>\n\t<meta property=\"og:image:height\" content=\"532\" \/>\n\t<meta property=\"og:image:type\" content=\"image\/png\" \/>\n<meta name=\"twitter:card\" content=\"summary_large_image\" \/>\n<meta name=\"twitter:site\" content=\"@strangercamapp\" \/>\n<meta name=\"twitter:label1\" content=\"Tahmini okuma s\u00fcresi\" \/>\n\t<meta name=\"twitter:data1\" content=\"7 dakika\" \/>\n<script type=\"application\/ld+json\" class=\"yoast-schema-graph\">{\"@context\":\"https:\\\/\\\/schema.org\",\"@graph\":[{\"@type\":\"WebPage\",\"@id\":\"https:\\\/\\\/strangercam.com\\\/yubo\\\/\",\"url\":\"https:\\\/\\\/strangercam.com\\\/yubo\\\/\",\"name\":\"Yubo - Make new friends with chat on StrangerCam.com\",\"isPartOf\":{\"@id\":\"https:\\\/\\\/strangercam.com\\\/#website\"},\"datePublished\":\"2025-05-14T07:17:21+00:00\",\"description\":\"Like Yubo? Come chat with more than 5.000.000 strangers on Stranger Cam for Free! Turn on your cam and find new friends & maby a match!\",\"breadcrumb\":{\"@id\":\"https:\\\/\\\/strangercam.com\\\/yubo\\\/#breadcrumb\"},\"inLanguage\":\"tr\",\"potentialAction\":[{\"@type\":\"ReadAction\",\"target\":[\"https:\\\/\\\/strangercam.com\\\/yubo\\\/\"]}]},{\"@type\":\"BreadcrumbList\",\"@id\":\"https:\\\/\\\/strangercam.com\\\/yubo\\\/#breadcrumb\",\"itemListElement\":[{\"@type\":\"ListItem\",\"position\":1,\"name\":\"Home\",\"item\":\"https:\\\/\\\/strangercam.com\\\/\"},{\"@type\":\"ListItem\",\"position\":2,\"name\":\"Yubo\"}]},{\"@type\":\"WebSite\",\"@id\":\"https:\\\/\\\/strangercam.com\\\/#website\",\"url\":\"https:\\\/\\\/strangercam.com\\\/\",\"name\":\"Strangercam\",\"description\":\"Random Video Chat with Strangers\",\"publisher\":{\"@id\":\"https:\\\/\\\/strangercam.com\\\/#organization\"},\"alternateName\":\"Strangercam.com\",\"potentialAction\":[{\"@type\":\"SearchAction\",\"target\":{\"@type\":\"EntryPoint\",\"urlTemplate\":\"https:\\\/\\\/strangercam.com\\\/?s={search_term_string}\"},\"query-input\":{\"@type\":\"PropertyValueSpecification\",\"valueRequired\":true,\"valueName\":\"search_term_string\"}}],\"inLanguage\":\"tr\"},{\"@type\":\"Organization\",\"@id\":\"https:\\\/\\\/strangercam.com\\\/#organization\",\"name\":\"Strangercam\",\"alternateName\":\"Strangercam.com\",\"url\":\"https:\\\/\\\/strangercam.com\\\/\",\"logo\":{\"@type\":\"ImageObject\",\"inLanguage\":\"tr\",\"@id\":\"https:\\\/\\\/strangercam.com\\\/#\\\/schema\\\/logo\\\/image\\\/\",\"url\":\"https:\\\/\\\/strangercam.com\\\/wp-content\\\/uploads\\\/2020\\\/11\\\/cropped-new-favicon-black.png\",\"contentUrl\":\"https:\\\/\\\/strangercam.com\\\/wp-content\\\/uploads\\\/2020\\\/11\\\/cropped-new-favicon-black.png\",\"width\":512,\"height\":512,\"caption\":\"Strangercam\"},\"image\":{\"@id\":\"https:\\\/\\\/strangercam.com\\\/#\\\/schema\\\/logo\\\/image\\\/\"},\"sameAs\":[\"https:\\\/\\\/www.facebook.com\\\/strangercam\",\"https:\\\/\\\/x.com\\\/strangercamapp\"]}]}<\/script>\n<!-- \/ Yoast SEO plugin. -->","yoast_head_json":{"title":"Yubo - StrangerCam.com'da sohbet ederek yeni arkada\u015flar edinin","description":"Yubo'yu be\u011fendin mi? Gelin Stranger Cam'de 5.000.000'dan fazla yabanc\u0131yla \u00dccretsiz sohbet edin! Kameran\u0131z\u0131 a\u00e7\u0131n ve yeni arkada\u015flar ve belki bir e\u015fle\u015fme bulun!","robots":{"index":"index","follow":"follow","max-snippet":"max-snippet:-1","max-image-preview":"max-image-preview:large","max-video-preview":"max-video-preview:-1"},"canonical":"https:\/\/strangercam.com\/tr\/yubo\/","og_locale":"tr_TR","og_type":"article","og_title":"Yubo - Make new friends with chat on StrangerCam.com","og_description":"Like Yubo? Come chat with more than 5.000.000 strangers on Stranger Cam for Free! Turn on your cam and find new friends & maby a match!","og_url":"https:\/\/strangercam.com\/tr\/yubo\/","og_site_name":"Strangercam","article_publisher":"https:\/\/www.facebook.com\/strangercam","og_image":[{"width":800,"height":532,"url":"https:\/\/strangercam.com\/wp-content\/uploads\/2021\/10\/Untitled-2.png","type":"image\/png"}],"twitter_card":"summary_large_image","twitter_site":"@strangercamapp","twitter_misc":{"Tahmini okuma s\u00fcresi":"7 dakika"},"schema":{"@context":"https:\/\/schema.org","@graph":[{"@type":"WebPage","@id":"https:\/\/strangercam.com\/yubo\/","url":"https:\/\/strangercam.com\/yubo\/","name":"Yubo - StrangerCam.com'da sohbet ederek yeni arkada\u015flar edinin","isPartOf":{"@id":"https:\/\/strangercam.com\/#website"},"datePublished":"2025-05-14T07:17:21+00:00","description":"Yubo'yu be\u011fendin mi? Gelin Stranger Cam'de 5.000.000'dan fazla yabanc\u0131yla \u00dccretsiz sohbet edin! Kameran\u0131z\u0131 a\u00e7\u0131n ve yeni arkada\u015flar ve belki bir e\u015fle\u015fme bulun!","breadcrumb":{"@id":"https:\/\/strangercam.com\/yubo\/#breadcrumb"},"inLanguage":"tr","potentialAction":[{"@type":"ReadAction","target":["https:\/\/strangercam.com\/yubo\/"]}]},{"@type":"BreadcrumbList","@id":"https:\/\/strangercam.com\/yubo\/#breadcrumb","itemListElement":[{"@type":"ListItem","position":1,"name":"Home","item":"https:\/\/strangercam.com\/"},{"@type":"ListItem","position":2,"name":"Yubo"}]},{"@type":"WebSite","@id":"https:\/\/strangercam.com\/#website","url":"https:\/\/strangercam.com\/","name":"Strangercam","description":"Yabanc\u0131larla Rastgele G\u00f6r\u00fcnt\u00fcl\u00fc Sohbet","publisher":{"@id":"https:\/\/strangercam.com\/#organization"},"alternateName":"Strangercam.com","potentialAction":[{"@type":"SearchAction","target":{"@type":"EntryPoint","urlTemplate":"https:\/\/strangercam.com\/?s={search_term_string}"},"query-input":{"@type":"PropertyValueSpecification","valueRequired":true,"valueName":"search_term_string"}}],"inLanguage":"tr"},{"@type":"Organization","@id":"https:\/\/strangercam.com\/#organization","name":"Strangercam","alternateName":"Strangercam.com","url":"https:\/\/strangercam.com\/","logo":{"@type":"ImageObject","inLanguage":"tr","@id":"https:\/\/strangercam.com\/#\/schema\/logo\/image\/","url":"https:\/\/strangercam.com\/wp-content\/uploads\/2020\/11\/cropped-new-favicon-black.png","contentUrl":"https:\/\/strangercam.com\/wp-content\/uploads\/2020\/11\/cropped-new-favicon-black.png","width":512,"height":512,"caption":"Strangercam"},"image":{"@id":"https:\/\/strangercam.com\/#\/schema\/logo\/image\/"},"sameAs":["https:\/\/www.facebook.com\/strangercam","https:\/\/x.com\/strangercamapp"]}]}},"_links":{"self":[{"href":"https:\/\/strangercam.com\/tr\/wp-json\/wp\/v2\/pages\/12830","targetHints":{"allow":["GET"]}}],"collection":[{"href":"https:\/\/strangercam.com\/tr\/wp-json\/wp\/v2\/pages"}],"about":[{"href":"https:\/\/strangercam.com\/tr\/wp-json\/wp\/v2\/types\/page"}],"author":[{"embeddable":true,"href":"https:\/\/strangercam.com\/tr\/wp-json\/wp\/v2\/users\/6"}],"replies":[{"embeddable":true,"href":"https:\/\/strangercam.com\/tr\/wp-json\/wp\/v2\/comments?post=12830"}],"version-history":[{"count":1,"href":"https:\/\/strangercam.com\/tr\/wp-json\/wp\/v2\/pages\/12830\/revisions"}],"predecessor-version":[{"id":12831,"href":"https:\/\/strangercam.com\/tr\/wp-json\/wp\/v2\/pages\/12830\/revisions\/12831"}],"wp:attachment":[{"href":"https:\/\/strangercam.com\/tr\/wp-json\/wp\/v2\/media?parent=12830"}],"curies":[{"name":"wp","href":"https:\/\/api.w.org\/{rel}","templated":true}]}}