{"id":12815,"date":"2025-04-22T13:50:44","date_gmt":"2025-04-22T11:50:44","guid":{"rendered":"https:\/\/strangercam.com\/?page_id=12815"},"modified":"2025-04-22T13:50:44","modified_gmt":"2025-04-22T11:50:44","slug":"vanachat","status":"publish","type":"page","link":"https:\/\/strangercam.com\/tr\/vanachat\/","title":{"rendered":"VanaChat"},"content":{"rendered":"<p>Rastgele video d\u00fcnyas\u0131 <a href=\"https:\/\/strangercam.com\/tr\/chathub\/\">sohbet<\/a> gibi platformlar ile uygulamalar olduk\u00e7a rekabet\u00e7idir. <a href=\"https:\/\/strangercam.com\/tr\/omegle\/\">Omegle<\/a>, <a href=\"https:\/\/strangercam.com\/tr\/chatroulette\/\">Chatroulette<\/a>, ve ChatMatch gibi daha yeni isimler hakimiyet i\u00e7in sava\u015f\u0131yor. Ancak arada bir, yeni bir rakip benzersiz bir yakla\u015f\u0131mla alana giriyor. VanaChat de bu isimlerden biri. S\u0131radan bir model ile <a href=\"https:\/\/strangercam.com\/tr\/bazoocam\/\">cam<\/a> sohbet sitesi ve hafif bir sosyal uygulama olan VanaChat h\u0131zla dikkat \u00e7ekiyor - ama ger\u00e7ekten kullanmaya de\u011fer mi?<\/p>\n<p>Bu kapsaml\u0131 incelemede, VanaChat'in sundu\u011fu her \u015feyi ke\u015ffediyoruz: \u00f6zellikleri, kullan\u0131c\u0131 deneyimi, kitlesi, g\u00fcvenlik ara\u00e7lar\u0131 ve di\u011fer pop\u00fcler sohbet platformlar\u0131na kar\u015f\u0131 nas\u0131l durdu\u011fu.<\/p>\n<h2>VanaChat nedir?<\/h2>\n<p>VanaChat, geleneksel bire bir g\u00f6r\u00fcnt\u00fcl\u00fc konu\u015fmalar\u0131 hafif sosyal ke\u015fif \u00f6zellikleriyle harmanlayan taray\u0131c\u0131 tabanl\u0131 rastgele bir g\u00f6r\u00fcnt\u00fcl\u00fc sohbet platformudur. Yaln\u0131zca rastgeleli\u011fe odaklanan eski sitelerin aksine VanaChat, iste\u011fe ba\u011fl\u0131 profiller, ilgi alan\u0131na dayal\u0131 e\u015fle\u015ftirme ve hatta hafif bir itibar sistemi sunarak deneyime daha modern bir sosyal katman ekler.<\/p>\n<p>2020\u201clerin ortalar\u0131nda faaliyete ge\u00e7en VanaChat, kendisini \"g\u00fcvenli ve dostane bir alan\" olarak pazarl\u0131yor. <a href=\"https:\/\/strangercam.com\/tr\/coomeet\/\">tan\u0131\u015fmak<\/a> yeni insanlarla y\u00fcz y\u00fcze.\" Temel deneyim hala yabanc\u0131larla anl\u0131k web kameras\u0131 tabanl\u0131 etkile\u015fimler etraf\u0131nda d\u00f6nse de, platform daha sayg\u0131l\u0131 ve ilgi \u00e7ekici bir ortam\u0131 te\u015fvik etmek i\u00e7in \u00e7aba sarf ediyor.<\/p>\n<h2>VanaChat'in Amac\u0131<\/h2>\n<p>VanaChat'in temel amac\u0131, daha insani ve daha az kaotik hissettiren rastgele bir g\u00f6r\u00fcnt\u00fcl\u00fc sohbet deneyimi sa\u011flamakt\u0131r. E\u011flenceli ve spontane olacak \u015fekilde tasarlanm\u0131\u015ft\u0131r, ancak genellikle tamamen anonim platformlarda bulunan yayg\u0131n trolleme, \u00e7\u0131plakl\u0131k ve spam i\u00e7ermez.<\/p>\n<p>VanaChat \u015funlar i\u00e7in idealdir:<\/p>\n<ul>\n<li>Ba\u015fkalar\u0131yla ger\u00e7ek zamanl\u0131 olarak y\u00fcz y\u00fcze g\u00f6r\u00fc\u015fmek isteyen ki\u015filer<\/li>\n<li>G\u00fcndelik sohbetler veya yeni arkada\u015fl\u0131klar arayan kullan\u0131c\u0131lar<\/li>\n<li>Yabanc\u0131larla konu\u015fmay\u0131 seven ancak kiminle ba\u011flant\u0131 kuracaklar\u0131 konusunda biraz daha fazla kontrol sahibi olmay\u0131 tercih eden sosyal a\u00e7\u0131dan merakl\u0131 kullan\u0131c\u0131lar<\/li>\n<li>Denetimsiz kamera sitelerine daha g\u00fcvenli, daha modern bir alternatif arayan herkes<\/li>\n<\/ul>\n<p>Platform kendi ba\u015f\u0131na bir fl\u00f6rt uygulamas\u0131 de\u011fil, ancak \u00f6zellikle gen\u00e7 yeti\u015fkinler aras\u0131nda hafif fl\u00f6rt ve sosyal ke\u015fifleri memnuniyetle kar\u015f\u0131l\u0131yor.<\/p>\n<h2>Temel \u00d6zellikler<\/h2>\n<p>1. Bire Bir G\u00f6r\u00fcnt\u00fcl\u00fc Sohbet<br \/>\n\u00d6z\u00fcnde, VanaChat kullan\u0131c\u0131lar aras\u0131nda h\u0131zl\u0131, rastgele g\u00f6r\u00fcnt\u00fcl\u00fc sohbet sunar. Tek bir t\u0131klama ile yeni birine ba\u011flan\u0131yorsunuz. Video ak\u0131\u015flar\u0131 duyarl\u0131 ve d\u00fczen temiz, y\u00fcz y\u00fcze deneyime \u00f6ncelik veriyor.<\/p>\n<p>2. \u0130lgi Alan\u0131na Dayal\u0131 E\u015fle\u015ftirme<br \/>\nKullan\u0131c\u0131lar filmlerden oyunlara, dillerden ya\u015fam tarz\u0131na kadar uzanan bir ilgi alan\u0131 listesinden se\u00e7im yapabiliyor ve platform benzer tercihlere sahip ki\u015fileri e\u015fle\u015ftirmeye \u00e7al\u0131\u015f\u0131yor. Algoritma tabanl\u0131 arkada\u015fl\u0131k uygulamalar\u0131 kadar derin olmasa da, rastlant\u0131sall\u0131\u011f\u0131 azalt\u0131yor ve daha anlaml\u0131 sohbetler ba\u015flatmaya yard\u0131mc\u0131 oluyor.<\/p>\n<p>3. \u0130ste\u011fe Ba\u011fl\u0131 Kullan\u0131c\u0131 Profilleri<br \/>\nG\u00f6r\u00fcnen ad, ilgi alanlar\u0131 ve k\u0131sa bir biyografi i\u00e7eren temel bir profil olu\u015fturabilirsiniz. Ayr\u0131ca bir profil resmi de y\u00fckleyebilirsiniz. Profiller zorunlu olmamakla birlikte, eksiksiz profillere sahip kullan\u0131c\u0131lar daha uzun ve daha s\u0131k e\u015fle\u015fme elde etme e\u011filimindedir.<\/p>\n<p>4. \u0130tibar Sistemi<br \/>\nHer sohbetten sonra kullan\u0131c\u0131lar deneyimlerini de\u011ferlendirebilir. Zaman i\u00e7inde bu, daha kaliteli kullan\u0131c\u0131lar\u0131 ortaya \u00e7\u0131karmaya ve spam g\u00f6nderenleri veya trolleri a\u015fa\u011f\u0131 \u00e7ekmeye yard\u0131mc\u0131 olan yumu\u015fak bir itibar puan\u0131 olu\u015fturur. Hen\u00fcz beta a\u015famas\u0131nda olan bu sistem, platformun genel havas\u0131n\u0131 iyile\u015ftirme konusunda umut vaat ediyor.<\/p>\n<p>5. Sohbet Kontrolleri ve Moderasyon Ara\u00e7lar\u0131<br \/>\nKullan\u0131c\u0131lar\u0131 atlayabilir, sessize alabilir, uygunsuz davran\u0131\u015flar\u0131 bildirebilir ve tekrar konu\u015fmak istemedi\u011finiz ki\u015fileri engelleyebilirsiniz. Raporlar moderat\u00f6rler taraf\u0131ndan incelenir ve sistem \u00e7\u0131plakl\u0131k veya sald\u0131rgan davran\u0131\u015flar\u0131 tespit etmek i\u00e7in temel yapay zeka i\u00e7erik taramas\u0131 ile desteklenir.<\/p>\n<p>6. Masa\u00fcst\u00fc ve Mobil Optimizasyon<br \/>\nVanaChat hem masa\u00fcst\u00fc hem de mobil cihazlardaki modern taray\u0131c\u0131larda sorunsuz bir \u015fekilde \u00e7al\u0131\u015f\u0131r. Hen\u00fcz \u00f6zel bir mobil uygulama yok, ancak mobil taray\u0131c\u0131 deneyimi duyarl\u0131 ve sezgisel. \u0130ndirmeye gerek yok.<\/p>\n<p>7. Kay\u0131t Gerekmiyor (Ama Te\u015fvik Ediliyor)<br \/>\nBir hesap olu\u015fturmadan sohbet etmeye ba\u015flayabilirsiniz, ancak kay\u0131t ilgi filtreleme, profilinizi kaydetme ve itibar puan\u0131n\u0131za eri\u015fme gibi ek \u00f6zelliklerin kilidini a\u00e7ar.<\/p>\n<h2>VanaChat \u00dccretsiz mi?<\/h2>\n<p>Evet, VanaChat'i kullanmak \u00fccretsizdir ve tek kuru\u015f \u00f6demeden temel g\u00f6r\u00fcnt\u00fcl\u00fc sohbet i\u015flevlerine eri\u015febilirsiniz. Ancak, kilidi a\u00e7an bir premium plan mevcuttur:<\/p>\n<ul>\n<li>B\u00f6lge veya cinsiyete g\u00f6re geli\u015fmi\u015f e\u015fle\u015ftirme<\/li>\n<li>Sohbet kuyru\u011funda \u00f6ncelikli yerle\u015ftirme<\/li>\n<li>Reklams\u0131z bir deneyim<\/li>\n<li>Profil \u00f6zelle\u015ftirme se\u00e7enekleri<\/li>\n<\/ul>\n<p>Premium katman, abonelik plan\u0131na ba\u011fl\u0131 olarak genellikle ayl\u0131k $6-$10 aras\u0131nda rekabet\u00e7i bir \u015fekilde fiyatland\u0131r\u0131l\u0131r. \u00c7o\u011fu kullan\u0131c\u0131 i\u00e7in \u00fccretsiz s\u00fcr\u00fcm m\u00fckemmel bir \u015fekilde i\u015flevseldir, ancak premium s\u00fcr\u00fcm daha fazla kontrol ve daha sorunsuz kullan\u0131c\u0131 ak\u0131\u015f\u0131 arayanlar i\u00e7in iyi bir de\u011ferdir.<\/p>\n<h2>VanaChat'i Kimler Kullan\u0131yor?<\/h2>\n<p>VanaChat, bir\u00e7ok \u00f6nemli b\u00f6lgede b\u00fcy\u00fcyen bir kullan\u0131c\u0131 taban\u0131na sahiptir:<\/p>\n<ul>\n<li>Birle\u015fik Devletler<\/li>\n<li>Kanada<\/li>\n<li>Birle\u015fik Krall\u0131k<\/li>\n<li>Almanya<\/li>\n<li>Brezilya<\/li>\n<li>Hindistan<\/li>\n<\/ul>\n<p>Kullan\u0131c\u0131lar\u0131n \u00e7o\u011funlu\u011fu 18 ila 34 ya\u015flar\u0131 aras\u0131ndad\u0131r ve olduk\u00e7a \u00e7e\u015fitli cinsiyet ve ge\u00e7mi\u015f kar\u0131\u015f\u0131m\u0131na sahiptir. \u00c7o\u011fu ki\u015fi platformu e\u011flence ve g\u00fcndelik sohbetler i\u00e7in kullan\u0131rken, kullan\u0131c\u0131lar\u0131n dikkate de\u011fer bir k\u0131sm\u0131 arkada\u015f edinmek veya ortak ilgi alanlar\u0131na sahip ki\u015fileri bulmakla ger\u00e7ekten ilgileniyor gibi g\u00f6r\u00fcn\u00fcyor.<\/p>\n<p>VanaChat \u00f6zellikle a\u015fa\u011f\u0131dakiler aras\u0131nda pop\u00fclerdir:<\/p>\n<ul>\n<li>\u00dcniversite \u00f6\u011frencileri<\/li>\n<li>Gen\u00e7 profesyoneller<\/li>\n<li>Yeni yerlerde insanlarla tan\u0131\u015fmak isteyen dijital g\u00f6\u00e7ebeler ve gurbet\u00e7iler<\/li>\n<li>Ana dili \u0130ngilizce olan ki\u015filerle pratik yapmak isteyen dil \u00f6\u011frencileri<\/li>\n<\/ul>\n<h2>G\u00fcvenlik, Gizlilik ve Moderasyon<\/h2>\n<p>\u00c7evrimi\u00e7i sohbet platformlar\u0131 genellikle g\u00fcvenlik ve moderasyonla m\u00fccadele eder, ancak VanaChat konuyu ciddiye al\u0131yor. \u0130\u015fte nas\u0131l oldu\u011fu:<\/p>\n<ul>\n<li>Yapay Zeka Tabanl\u0131 \u0130zleme: Platform, video ak\u0131\u015flar\u0131ndaki \u00e7\u0131plakl\u0131\u011f\u0131 veya rahats\u0131z edici hareketleri otomatik olarak tespit etmek i\u00e7in makine \u00f6\u011frenimini kullan\u0131r. M\u00fckemmel olmasa da, m\u00fcstehcen i\u00e7eri\u011fe maruz kalmay\u0131 azalt\u0131r.<\/li>\n<li>Kullan\u0131c\u0131 Raporlar\u0131 ve Moderasyon: Her sohbet bir geri bildirim istemi ile sona erer ve raporlar 24 saat i\u00e7inde incelenir.<\/li>\n<li>\u0130tibar ve Derecelendirme Sistemi: Sorunlu kullan\u0131c\u0131lar\u0131 filtrelemeye ve zaman i\u00e7inde daha sayg\u0131l\u0131 davran\u0131\u015flar\u0131 te\u015fvik etmeye yard\u0131mc\u0131 olur.<\/li>\n<li>Ki\u015fisel Bilgi Gerekmez: Kay\u0131t olmad\u0131\u011f\u0131n\u0131z s\u00fcrece sizden telefon numaras\u0131 veya e-posta istenmez (ve o zaman bile iste\u011fe ba\u011fl\u0131d\u0131r).<\/li>\n<\/ul>\n<p>VanaChat a\u015f\u0131r\u0131 veri toplamaz ve kullan\u0131c\u0131lar\u0131n istedikleri kadar anonim kalmalar\u0131na izin verir. Yine de kullan\u0131c\u0131lar sa\u011fduyulu davranmal\u0131d\u0131r - ki\u015fisel bilgilerinizi payla\u015fmay\u0131n, ba\u011flant\u0131lara t\u0131klamay\u0131n veya sizi rahats\u0131z eden kullan\u0131c\u0131larla etkile\u015fime girmeyin.<\/p>\n<h2>Kullan\u0131c\u0131 Deneyimi ve Tasar\u0131m<\/h2>\n<p>VanaChat'in aray\u00fcz\u00fc canland\u0131r\u0131c\u0131 derecede modern. Platform g\u00f6rsel olarak temiz, sezgisel ve duyarl\u0131. Navigasyon basittir: b\u00fcy\u00fck bir video ekran\u0131 aray\u00fcze hakimdir, sohbet kontrolleri ve ayarlar\u0131 yan panellere d\u00fczg\u00fcn bir \u015fekilde yerle\u015ftirilmi\u015ftir. Da\u011f\u0131n\u0131k afi\u015fler, a\u00e7\u0131l\u0131r pencereler veya ak\u0131\u015f\u0131 kesintiye u\u011fratan rahats\u0131z edici reklamlar yok.<\/p>\n<p>Genel estetik, belirli bir demografiye hitap etmek i\u00e7in \u00e7ok fazla \u00e7aba sarf etmeden gen\u00e7 ve arkada\u015f canl\u0131s\u0131. Yeti\u015fkinlere y\u00f6nelik i\u00e7erik ve fl\u00f6rt i\u00e7in de\u011fil, g\u00fcndelik etkile\u015fim i\u00e7in \u00fcretilmi\u015f bir \u00fcr\u00fcn gibi hissettiriyor; bu da onu iyi bir orta yol haline getiriyor.<\/p>\n<p>Sayfa y\u00fckleme s\u00fcreleri h\u0131zl\u0131, video kalitesi sa\u011flam ve sohbetler aras\u0131ndaki ge\u00e7i\u015fler \u00e7o\u011fu durumda sorunsuz ve gecikmesiz. Mobil cihazlarda platform, taray\u0131c\u0131 tabanl\u0131 bir deneyim i\u00e7in etkileyici olan h\u0131z ve kullan\u0131labilirlik a\u00e7\u0131s\u0131ndan neredeyse uygulama gibi hissettiriyor.<\/p>\n<h2>VanaChat vs Di\u011fer Sohbet Platformlar\u0131<\/h2>\n<p>VanaChat'in di\u011fer baz\u0131 \u00f6nde gelen platformlarla nas\u0131l kar\u015f\u0131la\u015ft\u0131r\u0131ld\u0131\u011f\u0131na bir g\u00f6z atal\u0131m:<\/p>\n<table>\n<thead>\n<tr>\n<th>\u00d6zellik<\/th>\n<th>VanaChat<\/th>\n<th>Omegle<\/th>\n<th>ChatMatch<\/th>\n<th>Chatspin<\/th>\n<th>Emerald Chat<\/th>\n<\/tr>\n<\/thead>\n<tbody>\n<tr>\n<td>G\u00f6r\u00fcnt\u00fcl\u00fc Sohbet<\/td>\n<td>Evet<\/td>\n<td>Evet<\/td>\n<td>Evet<\/td>\n<td>Evet<\/td>\n<td>Evet<\/td>\n<\/tr>\n<tr>\n<td>Faiz E\u015fle\u015ftirme<\/td>\n<td>Evet<\/td>\n<td>Hay\u0131r<\/td>\n<td>Evet<\/td>\n<td>Evet<\/td>\n<td>Evet<\/td>\n<\/tr>\n<tr>\n<td>Profiller (\u0130ste\u011fe Ba\u011fl\u0131)<\/td>\n<td>Evet<\/td>\n<td>Hay\u0131r<\/td>\n<td>Opsiyonel<\/td>\n<td>Opsiyonel<\/td>\n<td>Evet<\/td>\n<\/tr>\n<tr>\n<td>\u0130tibar Sistemi<\/td>\n<td>Evet<\/td>\n<td>Hay\u0131r<\/td>\n<td>Hay\u0131r<\/td>\n<td>Hay\u0131r<\/td>\n<td>Evet<\/td>\n<\/tr>\n<tr>\n<td>Cinsiyet\/B\u00f6lge Filtreleri<\/td>\n<td>\u00dccretli<\/td>\n<td>\u00dccretli<\/td>\n<td>\u00dccretli<\/td>\n<td>\u00dccretsiz\/\u00dccretli<\/td>\n<td>Evet<\/td>\n<\/tr>\n<tr>\n<td>Mobil Optimize Edilmi\u015f<\/td>\n<td>Evet<\/td>\n<td>Orta d\u00fczeyde<\/td>\n<td>Evet<\/td>\n<td>M\u00fckemmel<\/td>\n<td>\u0130yi<\/td>\n<\/tr>\n<tr>\n<td>Moderasyon Ara\u00e7lar\u0131<\/td>\n<td>G\u00fc\u00e7l\u00fc<\/td>\n<td>Zay\u0131f<\/td>\n<td>Orta d\u00fczeyde<\/td>\n<td>\u0130yi<\/td>\n<td>G\u00fc\u00e7l\u00fc<\/td>\n<\/tr>\n<tr>\n<td>Kay\u0131t Gerekli<\/td>\n<td>Hay\u0131r<\/td>\n<td>Hay\u0131r<\/td>\n<td>Opsiyonel<\/td>\n<td>Opsiyonel<\/td>\n<td>Evet<\/td>\n<\/tr>\n<\/tbody>\n<\/table>\n<h2>Art\u0131lar\u0131 ve Eksileri<\/h2>\n<p>Art\u0131lar\u0131:<\/p>\n<ul>\n<li>Giri\u015f gerektirmeden \u00fccretsiz kullan\u0131m<\/li>\n<li>H\u0131zl\u0131 performansa sahip temiz, modern aray\u00fcz<\/li>\n<li>\u0130lgi alan\u0131na dayal\u0131 e\u015fle\u015ftirme g\u00f6r\u00fc\u015fme kalitesini art\u0131r\u0131r<\/li>\n<li>\u0130tibar sistemi iyi davran\u0131\u015flar\u0131 \u00f6d\u00fcllendirir<\/li>\n<li>M\u00fcdahaleci olmadan iste\u011fe ba\u011fl\u0131 profiller<\/li>\n<li>Aktif moderasyon ve i\u00e7erik taramas\u0131<\/li>\n<li>Bir uygulamaya ihtiya\u00e7 duymadan mobil uyumlu<\/li>\n<\/ul>\n<p>Eksiler:<\/p>\n<ul>\n<li>Omegle gibi platformlara g\u00f6re daha k\u00fc\u00e7\u00fck kullan\u0131c\u0131 taban\u0131<\/li>\n<li>Cinsiyet ve b\u00f6lge filtreleri prim gerektirir<\/li>\n<li>Hala ara s\u0131ra uygunsuz davran\u0131\u015flara maruz kalabilir<\/li>\n<li>Uluslararas\u0131 sohbetler i\u00e7in yerle\u015fik \u00e7evirmen yok<\/li>\n<li>Hen\u00fcz grup sohbeti veya \u00e7oklu kullan\u0131c\u0131 \u00f6zelli\u011fi yok<\/li>\n<\/ul>\n<h2>\u0130deal Kullan\u0131m \u00d6rnekleri<\/h2>\n<p>VanaChat a\u015fa\u011f\u0131dakiler i\u00e7in m\u00fckemmeldir:<\/p>\n<ul>\n<li>Biraz daha fazla yap\u0131ya sahip bire bir g\u00f6r\u00fcnt\u00fcl\u00fc sohbetten ho\u015flanan ki\u015filer<\/li>\n<li>Spontane ama sayg\u0131l\u0131 sohbetler arayan kullan\u0131c\u0131lar<\/li>\n<li>S\u0131radan sosyalle\u015fme, hafif fl\u00f6rtle\u015fme ve k\u00fcresel olarak yeni insanlarla tan\u0131\u015fma<\/li>\n<li>Omegle gibi moderasyonsuz platformlar\u0131n kaosundan ho\u015flanmayanlar<\/li>\n<\/ul>\n<p>Bunun i\u00e7in ideal de\u011fil:<\/p>\n<ul>\n<li>Arkada\u015fl\u0131k uygulamas\u0131 d\u00fczeyinde k\u00fcrat\u00f6rl\u00fck veya e\u015fle\u015ftirme bekleyen kullan\u0131c\u0131lar<\/li>\n<li>Grup sohbetleri veya konu tabanl\u0131 sohbet odalar\u0131 arayanlar<\/li>\n<li>Tamamen anonim, sadece metin etkile\u015fimlerini tercih eden ki\u015filer<\/li>\n<\/ul>\n<h2>Nihai Karar<\/h2>\n<p>VanaChat g\u00f6r\u00fcnt\u00fcl\u00fc sohbet ortam\u0131na ferahlat\u0131c\u0131 bir ektir. Rastgele sohbet platformlar\u0131n\u0131n yak\u0131nl\u0131\u011f\u0131n\u0131, deneyimi daha keyifli ve kullan\u0131c\u0131 dostu hale getiren birka\u00e7 modern geli\u015ftirmeyle (ilgi filtreleri, itibar sistemleri ve iste\u011fe ba\u011fl\u0131 profiller) birle\u015ftirir.<\/p>\n<p>Di\u011fer sitelerdeki botlardan, trollerden veya NSFW s\u00fcrprizlerinden b\u0131kanlar i\u00e7in VanaChat daha temiz, daha dostane ve daha insan \u00f6ncelikli bir deneyim sunuyor. B\u00fcy\u00fck platformlar kadar kullan\u0131c\u0131 hacmine sahip olmayabilir, ancak \u00f6l\u00e7ek olarak eksikli\u011fini kalite ile telafi ediyor.<\/p>\n<p>Yabanc\u0131larla sohbet etmek, arkada\u015f edinmek ya da daha sosyal bir \u015fekilde vakit ge\u00e7irmek istiyorsan\u0131z, VanaChat kesinlikle g\u00f6z atmaya de\u011fer.<\/p>","protected":false},"excerpt":{"rendered":"<p>The world of random video chat apps is highly competitive, with platforms like Omegle, Chatroulette, and newer names like ChatMatch fighting for dominance. But every now and then, a new contender enters the space with a unique approach. VanaChat is one of those names. Positioned somewhere between a casual cam chat site and a lightweight [&hellip;]<\/p>\n","protected":false},"author":6,"featured_media":0,"parent":0,"menu_order":0,"comment_status":"closed","ping_status":"closed","template":"","meta":{"footnotes":""},"class_list":["post-12815","page","type-page","status-publish","hentry"],"yoast_head":"<!-- This site is optimized with the Yoast SEO plugin v27.4 - https:\/\/yoast.com\/product\/yoast-seo-wordpress\/ -->\n<title>VanaChat - Live video chat with girls on StrangerCam.com<\/title>\n<meta name=\"description\" content=\"Like VanaChat? Come chat with more than 5.000.000 strangers on Stranger Cam for Free! Turn on your cam and find new friends &amp; maby a match!\" \/>\n<meta name=\"robots\" content=\"index, follow, max-snippet:-1, max-image-preview:large, max-video-preview:-1\" \/>\n<link rel=\"canonical\" href=\"https:\/\/strangercam.com\/tr\/vanachat\/\" \/>\n<meta property=\"og:locale\" content=\"tr_TR\" \/>\n<meta property=\"og:type\" content=\"article\" \/>\n<meta property=\"og:title\" content=\"VanaChat - Live video chat with girls on StrangerCam.com\" \/>\n<meta property=\"og:description\" content=\"Like VanaChat? Come chat with more than 5.000.000 strangers on Stranger Cam for Free! Turn on your cam and find new friends &amp; maby a match!\" \/>\n<meta property=\"og:url\" content=\"https:\/\/strangercam.com\/tr\/vanachat\/\" \/>\n<meta property=\"og:site_name\" content=\"Strangercam\" \/>\n<meta property=\"article:publisher\" content=\"https:\/\/www.facebook.com\/strangercam\" \/>\n<meta property=\"og:image\" content=\"https:\/\/strangercam.com\/wp-content\/uploads\/2021\/10\/Untitled-2.png\" \/>\n\t<meta property=\"og:image:width\" content=\"800\" \/>\n\t<meta property=\"og:image:height\" content=\"532\" \/>\n\t<meta property=\"og:image:type\" content=\"image\/png\" \/>\n<meta name=\"twitter:card\" content=\"summary_large_image\" \/>\n<meta name=\"twitter:site\" content=\"@strangercamapp\" \/>\n<meta name=\"twitter:label1\" content=\"Tahmini okuma s\u00fcresi\" \/>\n\t<meta name=\"twitter:data1\" content=\"7 dakika\" \/>\n<script type=\"application\/ld+json\" class=\"yoast-schema-graph\">{\"@context\":\"https:\\\/\\\/schema.org\",\"@graph\":[{\"@type\":\"WebPage\",\"@id\":\"https:\\\/\\\/strangercam.com\\\/vanachat\\\/\",\"url\":\"https:\\\/\\\/strangercam.com\\\/vanachat\\\/\",\"name\":\"VanaChat - Live video chat with girls on StrangerCam.com\",\"isPartOf\":{\"@id\":\"https:\\\/\\\/strangercam.com\\\/#website\"},\"datePublished\":\"2025-04-22T11:50:44+00:00\",\"description\":\"Like VanaChat? Come chat with more than 5.000.000 strangers on Stranger Cam for Free! Turn on your cam and find new friends & maby a match!\",\"breadcrumb\":{\"@id\":\"https:\\\/\\\/strangercam.com\\\/vanachat\\\/#breadcrumb\"},\"inLanguage\":\"tr\",\"potentialAction\":[{\"@type\":\"ReadAction\",\"target\":[\"https:\\\/\\\/strangercam.com\\\/vanachat\\\/\"]}]},{\"@type\":\"BreadcrumbList\",\"@id\":\"https:\\\/\\\/strangercam.com\\\/vanachat\\\/#breadcrumb\",\"itemListElement\":[{\"@type\":\"ListItem\",\"position\":1,\"name\":\"Home\",\"item\":\"https:\\\/\\\/strangercam.com\\\/\"},{\"@type\":\"ListItem\",\"position\":2,\"name\":\"VanaChat\"}]},{\"@type\":\"WebSite\",\"@id\":\"https:\\\/\\\/strangercam.com\\\/#website\",\"url\":\"https:\\\/\\\/strangercam.com\\\/\",\"name\":\"Strangercam\",\"description\":\"Random Video Chat with Strangers\",\"publisher\":{\"@id\":\"https:\\\/\\\/strangercam.com\\\/#organization\"},\"alternateName\":\"Strangercam.com\",\"potentialAction\":[{\"@type\":\"SearchAction\",\"target\":{\"@type\":\"EntryPoint\",\"urlTemplate\":\"https:\\\/\\\/strangercam.com\\\/?s={search_term_string}\"},\"query-input\":{\"@type\":\"PropertyValueSpecification\",\"valueRequired\":true,\"valueName\":\"search_term_string\"}}],\"inLanguage\":\"tr\"},{\"@type\":\"Organization\",\"@id\":\"https:\\\/\\\/strangercam.com\\\/#organization\",\"name\":\"Strangercam\",\"alternateName\":\"Strangercam.com\",\"url\":\"https:\\\/\\\/strangercam.com\\\/\",\"logo\":{\"@type\":\"ImageObject\",\"inLanguage\":\"tr\",\"@id\":\"https:\\\/\\\/strangercam.com\\\/#\\\/schema\\\/logo\\\/image\\\/\",\"url\":\"https:\\\/\\\/strangercam.com\\\/wp-content\\\/uploads\\\/2020\\\/11\\\/cropped-new-favicon-black.png\",\"contentUrl\":\"https:\\\/\\\/strangercam.com\\\/wp-content\\\/uploads\\\/2020\\\/11\\\/cropped-new-favicon-black.png\",\"width\":512,\"height\":512,\"caption\":\"Strangercam\"},\"image\":{\"@id\":\"https:\\\/\\\/strangercam.com\\\/#\\\/schema\\\/logo\\\/image\\\/\"},\"sameAs\":[\"https:\\\/\\\/www.facebook.com\\\/strangercam\",\"https:\\\/\\\/x.com\\\/strangercamapp\"]}]}<\/script>\n<!-- \/ Yoast SEO plugin. -->","yoast_head_json":{"title":"VanaChat - StrangerCam.com'da k\u0131zlarla canl\u0131 g\u00f6r\u00fcnt\u00fcl\u00fc sohbet","description":"VanaChat'i be\u011fendiniz mi? Gelin Stranger Cam'de 5.000.000'dan fazla yabanc\u0131yla \u00dccretsiz sohbet edin! Kameran\u0131z\u0131 a\u00e7\u0131n ve yeni arkada\u015flar ve belki bir e\u015fle\u015fme bulun!","robots":{"index":"index","follow":"follow","max-snippet":"max-snippet:-1","max-image-preview":"max-image-preview:large","max-video-preview":"max-video-preview:-1"},"canonical":"https:\/\/strangercam.com\/tr\/vanachat\/","og_locale":"tr_TR","og_type":"article","og_title":"VanaChat - Live video chat with girls on StrangerCam.com","og_description":"Like VanaChat? Come chat with more than 5.000.000 strangers on Stranger Cam for Free! Turn on your cam and find new friends & maby a match!","og_url":"https:\/\/strangercam.com\/tr\/vanachat\/","og_site_name":"Strangercam","article_publisher":"https:\/\/www.facebook.com\/strangercam","og_image":[{"width":800,"height":532,"url":"https:\/\/strangercam.com\/wp-content\/uploads\/2021\/10\/Untitled-2.png","type":"image\/png"}],"twitter_card":"summary_large_image","twitter_site":"@strangercamapp","twitter_misc":{"Tahmini okuma s\u00fcresi":"7 dakika"},"schema":{"@context":"https:\/\/schema.org","@graph":[{"@type":"WebPage","@id":"https:\/\/strangercam.com\/vanachat\/","url":"https:\/\/strangercam.com\/vanachat\/","name":"VanaChat - StrangerCam.com'da k\u0131zlarla canl\u0131 g\u00f6r\u00fcnt\u00fcl\u00fc sohbet","isPartOf":{"@id":"https:\/\/strangercam.com\/#website"},"datePublished":"2025-04-22T11:50:44+00:00","description":"VanaChat'i be\u011fendiniz mi? Gelin Stranger Cam'de 5.000.000'dan fazla yabanc\u0131yla \u00dccretsiz sohbet edin! Kameran\u0131z\u0131 a\u00e7\u0131n ve yeni arkada\u015flar ve belki bir e\u015fle\u015fme bulun!","breadcrumb":{"@id":"https:\/\/strangercam.com\/vanachat\/#breadcrumb"},"inLanguage":"tr","potentialAction":[{"@type":"ReadAction","target":["https:\/\/strangercam.com\/vanachat\/"]}]},{"@type":"BreadcrumbList","@id":"https:\/\/strangercam.com\/vanachat\/#breadcrumb","itemListElement":[{"@type":"ListItem","position":1,"name":"Home","item":"https:\/\/strangercam.com\/"},{"@type":"ListItem","position":2,"name":"VanaChat"}]},{"@type":"WebSite","@id":"https:\/\/strangercam.com\/#website","url":"https:\/\/strangercam.com\/","name":"Strangercam","description":"Yabanc\u0131larla Rastgele G\u00f6r\u00fcnt\u00fcl\u00fc Sohbet","publisher":{"@id":"https:\/\/strangercam.com\/#organization"},"alternateName":"Strangercam.com","potentialAction":[{"@type":"SearchAction","target":{"@type":"EntryPoint","urlTemplate":"https:\/\/strangercam.com\/?s={search_term_string}"},"query-input":{"@type":"PropertyValueSpecification","valueRequired":true,"valueName":"search_term_string"}}],"inLanguage":"tr"},{"@type":"Organization","@id":"https:\/\/strangercam.com\/#organization","name":"Strangercam","alternateName":"Strangercam.com","url":"https:\/\/strangercam.com\/","logo":{"@type":"ImageObject","inLanguage":"tr","@id":"https:\/\/strangercam.com\/#\/schema\/logo\/image\/","url":"https:\/\/strangercam.com\/wp-content\/uploads\/2020\/11\/cropped-new-favicon-black.png","contentUrl":"https:\/\/strangercam.com\/wp-content\/uploads\/2020\/11\/cropped-new-favicon-black.png","width":512,"height":512,"caption":"Strangercam"},"image":{"@id":"https:\/\/strangercam.com\/#\/schema\/logo\/image\/"},"sameAs":["https:\/\/www.facebook.com\/strangercam","https:\/\/x.com\/strangercamapp"]}]}},"_links":{"self":[{"href":"https:\/\/strangercam.com\/tr\/wp-json\/wp\/v2\/pages\/12815","targetHints":{"allow":["GET"]}}],"collection":[{"href":"https:\/\/strangercam.com\/tr\/wp-json\/wp\/v2\/pages"}],"about":[{"href":"https:\/\/strangercam.com\/tr\/wp-json\/wp\/v2\/types\/page"}],"author":[{"embeddable":true,"href":"https:\/\/strangercam.com\/tr\/wp-json\/wp\/v2\/users\/6"}],"replies":[{"embeddable":true,"href":"https:\/\/strangercam.com\/tr\/wp-json\/wp\/v2\/comments?post=12815"}],"version-history":[{"count":2,"href":"https:\/\/strangercam.com\/tr\/wp-json\/wp\/v2\/pages\/12815\/revisions"}],"predecessor-version":[{"id":12817,"href":"https:\/\/strangercam.com\/tr\/wp-json\/wp\/v2\/pages\/12815\/revisions\/12817"}],"wp:attachment":[{"href":"https:\/\/strangercam.com\/tr\/wp-json\/wp\/v2\/media?parent=12815"}],"curies":[{"name":"wp","href":"https:\/\/api.w.org\/{rel}","templated":true}]}}