{"id":12812,"date":"2025-04-22T13:45:21","date_gmt":"2025-04-22T11:45:21","guid":{"rendered":"https:\/\/strangercam.com\/?page_id=12812"},"modified":"2025-04-22T13:45:21","modified_gmt":"2025-04-22T11:45:21","slug":"chatmatch","status":"publish","type":"page","link":"https:\/\/strangercam.com\/tr\/chatmatch\/","title":{"rendered":"ChatMatch"},"content":{"rendered":"<p>\u00c7evrimi\u00e7i olarak <a href=\"https:\/\/strangercam.com\/tr\/chathub\/\">sohbet<\/a> platformlar daha ak\u0131ll\u0131 \u00f6zellikler, daha temiz tasar\u0131mlar ve daha iyi kullan\u0131c\u0131 deneyimleriyle \u00f6ne \u00e7\u0131kmak i\u00e7in yar\u0131\u015f\u0131yor. Ad\u0131ndan s\u00f6z ettirmeye ba\u015flayan platformlardan biri, basitlikten \u00f6d\u00fcn vermeden algoritmik e\u015fle\u015ftirme ve ger\u00e7ek zamanl\u0131 etkile\u015fime dayanan web tabanl\u0131 rastgele g\u00f6r\u00fcnt\u00fcl\u00fc sohbet hizmeti ChatMatch.<\/p>\n<p>Ancak ChatMatch kalabal\u0131\u011f\u0131n i\u00e7indeki ba\u015fka bir y\u00fcz m\u00fc, yoksa masaya yeni bir \u015fey mi getiriyor? Bu derinlemesine incelemede, ChatMatch hakk\u0131nda bilmeniz gereken her \u015feyi a\u00e7\u0131kl\u0131yoruz: nas\u0131l \u00e7al\u0131\u015ft\u0131\u011f\u0131, kimler i\u00e7in oldu\u011fu, neler sundu\u011fu ve rastgele g\u00f6r\u00fcnt\u00fcl\u00fc sohbet uygulamalar\u0131n\u0131n mevcut ortam\u0131nda zaman ay\u0131rmaya de\u011fip de\u011fmeyece\u011fi.<\/p>\n<h2>ChatMatch nedir?<\/h2>\n<p>ChatMatch, yabanc\u0131lar\u0131 g\u00f6r\u00fcnt\u00fcl\u00fc sohbet yoluyla birbirine ba\u011flayan \u00e7evrimi\u00e7i bir platformdur ve bir b\u00fck\u00fclme ile - tamamen rastgele olmak yerine <a href=\"https:\/\/strangercam.com\/tr\/omegle\/\">Omegle<\/a> veya <a href=\"https:\/\/strangercam.com\/tr\/chatroulette\/\">Chatroulette<\/a>ChatMatch, kullan\u0131c\u0131lar\u0131 ortak ilgi alanlar\u0131na, konuma veya cinsiyet tercihine g\u00f6re e\u015fle\u015ftirmeye \u00e7al\u0131\u015fan ak\u0131ll\u0131 e\u015fle\u015ftirme \u00f6zellikleri sunar.<\/p>\n<p>2020'lerin ba\u015f\u0131nda ba\u015flat\u0131lan ChatMatch, saf rastgelelikten biraz daha kas\u0131tl\u0131 bir \u015fey arayan sad\u0131k bir kullan\u0131c\u0131 taban\u0131n\u0131 yava\u015f yava\u015f b\u00fcy\u00fctt\u00fc. Arkada\u015fl\u0131k, g\u00fcndelik fl\u00f6rt veya hatta fl\u00f6rt i\u00e7in ger\u00e7ek ba\u011flant\u0131lar kurmak isteyen ki\u015filere y\u00f6nelik web kameras\u0131 \u00f6ncelikli bir deneyim sunuyor.<\/p>\n<p>Tam te\u015fekk\u00fcll\u00fc bir fl\u00f6rt uygulamas\u0131 olmasa da ChatMatch, anl\u0131k g\u00f6r\u00fcnt\u00fcl\u00fc sohbet ve hafif \u00e7\u00f6p\u00e7atanl\u0131k aras\u0131ndaki \u00e7izgide y\u00fcr\u00fcyor ve bu da onu anlams\u0131z k\u00fc\u00e7\u00fck konu\u015fmalar\u0131n \u00f6tesine ge\u00e7mek isteyen kullan\u0131c\u0131lar i\u00e7in ideal hale getiriyor.<\/p>\n<h2>ChatMatch'in Amac\u0131 Nedir?<\/h2>\n<p>ChatMatch'in birincil hedefi, \u00e7evrimi\u00e7i g\u00f6r\u00fcnt\u00fcl\u00fc sohbet d\u00fcnyas\u0131nda daha anlaml\u0131 etkile\u015fimler yaratmakt\u0131r. Kullan\u0131c\u0131lar\u0131n tamamen rastgele e\u015fle\u015ftirildi\u011fi geleneksel platformlar\u0131n aksine - genellikle yanl\u0131\u015f e\u015fle\u015fmelere veya k\u0131sa s\u00fcreli sohbetlere yol a\u00e7ar - ChatMatch, ger\u00e7ekten konu\u015fmak istedi\u011finiz birini bulma konusunda size daha iyi bir \u015fans vermeye \u00e7al\u0131\u015f\u0131r.<\/p>\n<p>\u015eunun i\u00e7in \u00fcretildi:<\/p>\n<ul>\n<li>\u0130nsan y\u00fcz\u00fc ile h\u0131zl\u0131, canl\u0131 ba\u011flant\u0131lar isteyen ki\u015filer<\/li>\n<li>Tam randevu profilleri olmadan yar\u0131 k\u00fcrat\u00f6rl\u00fc deneyimler arayan kullan\u0131c\u0131lar<\/li>\n<li>Trollerden, botlardan veya tamamen yeti\u015fkinlere y\u00f6nelik faaliyetlerden b\u0131kan bireyler <a href=\"https:\/\/strangercam.com\/tr\/bazoocam\/\">cam<\/a> siteler<\/li>\n<li>G\u00fcndelik sosyalle\u015fmeye, hafif fl\u00f6rtle\u015fmeye veya potansiyel bulu\u015fmaya a\u00e7\u0131k olan herkes<\/li>\n<\/ul>\n<h2>Temel \u00d6zellikler<\/h2>\n<p>1. An\u0131nda Video E\u015fle\u015ftirme<br \/>\nChatMatch'in \u00f6z\u00fc, an\u0131nda ba\u015fka bir kullan\u0131c\u0131yla e\u015fle\u015ftirildi\u011finiz rastgele g\u00f6r\u00fcnt\u00fcl\u00fc sohbetidir. Aray\u00fcz, HD video ve net ses deste\u011fi ile \u015f\u0131k ve moderndir. Eski platformlar\u0131n aksine, ChatMatch modas\u0131 ge\u00e7mi\u015f veya hantal hissettirmiyor.<\/p>\n<p>2. E\u015fle\u015fen Tercihler<br \/>\nChatMatch'in kendisini di\u011ferlerinden ay\u0131rd\u0131\u011f\u0131 yer buras\u0131d\u0131r. Kullan\u0131c\u0131lar tercihlerini a\u015fa\u011f\u0131dakilere g\u00f6re se\u00e7ebilir:<\/p>\n<ul>\n<li>Cinsiyet (erkek, kad\u0131n veya herkes)<\/li>\n<li>B\u00f6lge veya dil<\/li>\n<li>Payla\u015f\u0131lan ilgi alanlar\u0131 (bir etiket veya kategori listesinden se\u00e7ilir)<\/li>\n<\/ul>\n<p>Bu filtreler m\u00fckemmel de\u011fildir, ancak tamamen alakas\u0131z e\u015fle\u015fmeleri azaltmaya ve daha iyi konu\u015fmalara yol a\u00e7maya yard\u0131mc\u0131 olurlar.<\/p>\n<p>3. Metin Sohbeti Deste\u011fi<br \/>\nHemen kameraya \u00e7\u0131kmaya haz\u0131r de\u011fil misiniz? Hi\u00e7 sorun de\u011fil. ChatMatch, video ile birlikte \u00e7al\u0131\u015fan yerle\u015fik bir metin sohbeti se\u00e7ene\u011fi i\u00e7erir ve kullan\u0131c\u0131lar\u0131n y\u00fcz y\u00fcze tam olarak etkile\u015fime girmeden \u00f6nce mesajlar arac\u0131l\u0131\u011f\u0131yla buzlar\u0131 k\u0131rmas\u0131na olanak tan\u0131r.<\/p>\n<p>4. Hesap ve Profil Sistemi (Opsiyonel)<br \/>\nOmegle gibi platformlar\u0131n aksine, ChatMatch iste\u011fe ba\u011fl\u0131 olarak bir profil olu\u015fturman\u0131za izin verir. Bir ekran resmi y\u00fckleyebilir, ilgi alanlar\u0131n\u0131z\u0131 se\u00e7ebilir ve hatta Instagram'\u0131n\u0131z\u0131 ba\u011flayabilirsiniz (e\u011fer rahatsan\u0131z). Bir profil olu\u015fturmak iste\u011fe ba\u011fl\u0131d\u0131r, ancak bir profile sahip olmak benzer kullan\u0131c\u0131larla e\u015fle\u015fme \u015fans\u0131n\u0131z\u0131 art\u0131r\u0131r.<\/p>\n<p>5. Mobil Dostu Tasar\u0131m<br \/>\nChatMatch mobil cihazlar i\u00e7in tamamen optimize edilmi\u015ftir. H\u0131zl\u0131 y\u00fckleniyor, daha k\u00fc\u00e7\u00fck ekranlara uyum sa\u011fl\u0131yor ve \u00e7o\u011fu cihazda i\u015flevselli\u011fini koruyor. Hen\u00fcz ba\u011f\u0131ms\u0131z bir uygulama olmasa da, mobil taray\u0131c\u0131 deneyimi sorunsuz ve eri\u015filebilir.<\/p>\n<p>6. Kullan\u0131c\u0131 Moderasyonu ve Raporlama<br \/>\nPlatform, a\u015fa\u011f\u0131dakiler de dahil olmak \u00fczere yerle\u015fik moderasyon ara\u00e7lar\u0131na sahiptir:<\/p>\n<ul>\n<li>Uygunsuz davran\u0131\u015flar i\u00e7in bir rapor d\u00fc\u011fmesi<\/li>\n<li>Bir blok i\u015flevi<\/li>\n<li>Yapay zeka tabanl\u0131 \u00e7\u0131plakl\u0131k ve spam tespiti<\/li>\n<\/ul>\n<p>Hi\u00e7bir sistem m\u00fckemmel olmasa da, ChatMatch ortam\u0131 nispeten temiz ve sayg\u0131l\u0131 tutma konusunda \u00e7o\u011fundan daha iyi bir i\u015f \u00e7\u0131kar\u0131yor.<\/p>\n<h2>ChatMatch \u00dccretsiz mi?<\/h2>\n<p>ChatMatch \u00fccretsiz bir model sunar.<\/p>\n<p>\u00dccretsiz kullan\u0131c\u0131lar yapabilir:<\/p>\n<ul>\n<li>Rastgele g\u00f6r\u00fcnt\u00fcl\u00fc sohbetlere kat\u0131l\u0131n<\/li>\n<li>Temel e\u015fle\u015ftirme tercihlerini ayarlama<\/li>\n<li>Platformu zaman s\u0131n\u0131r\u0131 olmadan kullan\u0131n<\/li>\n<\/ul>\n<p>\u00dccretli kullan\u0131c\u0131lar \u015funlara eri\u015febilir:<\/p>\n<ul>\n<li>Daha rafine e\u015fle\u015ftirme (\u00fclke, dil veya ilgi alanlar\u0131na g\u00f6re geli\u015fmi\u015f filtreler dahil)<\/li>\n<li>Sizi s\u0131ran\u0131n \u00f6n\u00fcne ge\u00e7iren bir destek \u00f6zelli\u011fi<\/li>\n<li>Reklams\u0131z deneyim<\/li>\n<li>Premium rozet ve daha fazla g\u00f6r\u00fcn\u00fcrl\u00fck<\/li>\n<\/ul>\n<p>Premium plan uygun fiyatl\u0131d\u0131r (genellikle ayda $10'un alt\u0131ndad\u0131r) ve platformun keyfini \u00e7\u0131karmak i\u00e7in gerekli olmasa da, daha iyi e\u015fle\u015fmeler ve daha az kesinti isteyen kullan\u0131c\u0131lar i\u00e7in iyi bir y\u00fckseltmedir.<\/p>\n<h2>ChatMatch'i Kimler Kullan\u0131yor?<\/h2>\n<p>ChatMatch olduk\u00e7a dengeli ve uluslararas\u0131 bir kullan\u0131c\u0131 taban\u0131na sahiptir. Platform \u015fu \u00fclkelerde pop\u00fclerdir:<\/p>\n<ul>\n<li>Kuzey Amerika<\/li>\n<li>Bat\u0131 Avrupa<\/li>\n<li>G\u00fcneydo\u011fu Asya<\/li>\n<\/ul>\n<p>Demografik a\u00e7\u0131dan:<\/p>\n<ul>\n<li>Kullan\u0131c\u0131lar genellikle 18 ila 35 ya\u015f aras\u0131ndad\u0131r<\/li>\n<li>Nispeten dengeli bir erkek-kad\u0131n oran\u0131 (bir\u00e7ok rakipten daha iyi)<\/li>\n<li>Bir\u00e7ok kullan\u0131c\u0131 g\u00fcndelik bulu\u015fma veya fl\u00f6rt etmeye a\u00e7\u0131kken, di\u011ferleri sadece sohbet etmek i\u00e7in oradad\u0131r<\/li>\n<\/ul>\n<p>Bu \u00e7e\u015fitlilik ChatMatch'in cazibesinin bir par\u00e7as\u0131d\u0131r - site kalitesiz hissetmeden rahat ve a\u015f\u0131r\u0131 ciddi olmadan sosyal olmay\u0131 ba\u015far\u0131r.<\/p>\n<h2>G\u00fcvenlik ve \u00d6l\u00e7\u00fcl\u00fcl\u00fck<\/h2>\n<p>\u00c7evrimi\u00e7i sohbet platformlar\u0131 g\u00fcvenlik s\u00f6z konusu oldu\u011funda her zaman kar\u0131\u015f\u0131k bir \u00e7antad\u0131r, ancak ChatMatch bunu bir\u00e7ok ki\u015fiden daha iyi ele al\u0131r.<\/p>\n<p>\u0130\u015fte iyi yapt\u0131\u011f\u0131 \u015fey:<\/p>\n<ul>\n<li>\u00c7\u0131plakl\u0131k veya rahats\u0131z edici i\u00e7eri\u011fi tespit etmek i\u00e7in otomatik i\u00e7erik filtreleme<\/li>\n<li>Ger\u00e7ekten i\u015fe yarayan kullan\u0131c\u0131 raporlama ve engelleme ara\u00e7lar\u0131<\/li>\n<li>\u0130\u015faretlenmi\u015f kullan\u0131c\u0131lar\u0131 inceleyen aktif moderasyon ekibi<\/li>\n<li>\u0130stemedi\u011finiz s\u00fcrece ki\u015fisel bilgilerinizi payla\u015fman\u0131za veya sosyal hesaplar\u0131n\u0131z\u0131 ba\u011flaman\u0131za gerek yok<\/li>\n<\/ul>\n<p>Yine de, her sohbet platformunda oldu\u011fu gibi, kullan\u0131c\u0131lar standart \u00f6nlemleri almal\u0131d\u0131r:<\/p>\n<ul>\n<li>\u00d6zel bilgilerinizi payla\u015fmay\u0131n (e-posta, telefon numaras\u0131, konum)<\/li>\n<li>\u015e\u00fcpheli ba\u011flant\u0131lara t\u0131klamay\u0131n<\/li>\n<li>Blok ve rapor \u00f6zelliklerini bolca kullan\u0131n<\/li>\n<li>Re\u015fit de\u011filseniz platformdan uzak durun - kesinlikle 18 ya\u015f\u0131ndan b\u00fcy\u00fckler i\u00e7indir<\/li>\n<\/ul>\n<h2>Kullan\u0131c\u0131 Deneyimi ve Aray\u00fcz<\/h2>\n<p>ChatMatch'in tasar\u0131m\u0131 en iyi \u00f6zelliklerinden biridir. \u015e\u0131k, modern ve d\u00fczenli. Video ak\u0131\u015flar\u0131 b\u00fcy\u00fck, d\u00fc\u011fmeler sezgisel ve ayarlar\u0131 bulmak kolay. \u0130ster masa\u00fcst\u00fcnde ister mobil cihazlarda kullan\u0131yor olun, d\u00fczen iyi bir \u015fekilde uyum sa\u011fl\u0131yor ve dikkat da\u011f\u0131t\u0131c\u0131 \u015feylerden uzak durmaya odaklan\u0131yor.<\/p>\n<p>Y\u00fckleme s\u00fcreleri h\u0131zl\u0131, daha yava\u015f ba\u011flant\u0131larda bile \u00e7ok az gecikme var ve genel olarak platform istikrarl\u0131 ve profesyonelce in\u015fa edilmi\u015f hissediyor. Sizi a\u00e7\u0131l\u0131r pencereler, bildirimler veya spam reklamlarla bo\u011fmaz - di\u011fer bir\u00e7ok \u00fccretsiz sohbet platformundan ferahlat\u0131c\u0131 bir de\u011fi\u015fiklik.<\/p>\n<h2>ChatMatch vs Di\u011fer Sohbet Platformlar\u0131<\/h2>\n<p>ChatMatch'in baz\u0131 pop\u00fcler rakiplerine kar\u015f\u0131 nas\u0131l durdu\u011funu g\u00f6relim:<\/p>\n<table>\n<thead>\n<tr>\n<th>\u00d6zellik<\/th>\n<th>ChatMatch<\/th>\n<th>Omegle<\/th>\n<th>Chatroulette<\/th>\n<th>Chatspin<\/th>\n<th>Emerald Chat<\/th>\n<\/tr>\n<\/thead>\n<tbody>\n<tr>\n<td>G\u00f6r\u00fcnt\u00fcl\u00fc Sohbet<\/td>\n<td>Evet<\/td>\n<td>Evet<\/td>\n<td>Evet<\/td>\n<td>Evet<\/td>\n<td>Evet<\/td>\n<\/tr>\n<tr>\n<td>E\u015fle\u015fen Tercihler<\/td>\n<td>Evet<\/td>\n<td>S\u0131n\u0131rl\u0131<\/td>\n<td>Hay\u0131r<\/td>\n<td>Evet<\/td>\n<td>Evet<\/td>\n<\/tr>\n<tr>\n<td>Metin Sohbeti Se\u00e7ene\u011fi<\/td>\n<td>Evet<\/td>\n<td>Evet<\/td>\n<td>Hay\u0131r<\/td>\n<td>Evet<\/td>\n<td>Evet<\/td>\n<\/tr>\n<tr>\n<td>Kay\u0131t Gerekli<\/td>\n<td>Opsiyonel<\/td>\n<td>Hay\u0131r<\/td>\n<td>Hay\u0131r<\/td>\n<td>Opsiyonel<\/td>\n<td>Evet<\/td>\n<\/tr>\n<tr>\n<td>Mobil Optimize Edilmi\u015f<\/td>\n<td>Evet<\/td>\n<td>\u0130yi<\/td>\n<td>Adil<\/td>\n<td>M\u00fckemmel<\/td>\n<td>\u0130yi<\/td>\n<\/tr>\n<tr>\n<td>Moderasyon<\/td>\n<td>\u0130yi<\/td>\n<td>Zay\u0131f<\/td>\n<td>Minimal<\/td>\n<td>Orta d\u00fczeyde<\/td>\n<td>\u0130yi<\/td>\n<\/tr>\n<tr>\n<td>\u00dccretli \u00d6zellikler<\/td>\n<td>Opsiyonel<\/td>\n<td>Hay\u0131r<\/td>\n<td>Hay\u0131r<\/td>\n<td>Evet<\/td>\n<td>Evet<\/td>\n<\/tr>\n<\/tbody>\n<\/table>\n<p>Tabloda g\u00f6r\u00fcld\u00fc\u011f\u00fc gibi ChatMatch, Omegle'nin basitli\u011fi ile Emerald Chat gibi platformlar\u0131n karma\u015f\u0131kl\u0131\u011f\u0131n\u0131 dengeleyerek size her iki d\u00fcnyan\u0131n da en iyisini sunan hibrit bir deneyim sunuyor.<\/p>\n<h2>Art\u0131lar\u0131 ve Eksileri<\/h2>\n<p>Art\u0131lar\u0131<\/p>\n<ul>\n<li>Temiz ve modern aray\u00fcz<\/li>\n<li>E\u015fle\u015ftirme filtreleri g\u00f6r\u00fc\u015fme kalitesini art\u0131r\u0131r<\/li>\n<li>Kaydolmaya zorlamadan iste\u011fe ba\u011fl\u0131 profiller<\/li>\n<li>\u00c7o\u011fu \u00fccretsiz g\u00f6r\u00fcnt\u00fcl\u00fc sohbet platformundan daha g\u00fcvenli ortam<\/li>\n<li>Metin ve g\u00f6r\u00fcnt\u00fcl\u00fc sohbet se\u00e7enekleri mevcut<\/li>\n<li>Mobil ve masa\u00fcst\u00fcnde iyi \u00e7al\u0131\u015f\u0131r<\/li>\n<li>De\u011ferli premium y\u00fckseltmeler i\u00e7eren freemium model<\/li>\n<\/ul>\n<p>Eksiler<\/p>\n<ul>\n<li>Hala zaman zaman uygunsuz i\u00e7eri\u011fe maruz kalabilir<\/li>\n<li>Cinsiyet filtreleri ve ilgi alan\u0131 e\u015fle\u015ftirmesi m\u00fckemmel de\u011fil<\/li>\n<li>Hen\u00fcz ba\u011f\u0131ms\u0131z bir mobil uygulama yok<\/li>\n<li>Omegle veya Chatroulette'den daha k\u00fc\u00e7\u00fck kullan\u0131c\u0131 taban\u0131<\/li>\n<li>Uzun s\u00fcreli fl\u00f6rt veya ili\u015fki kurma i\u00e7in ideal de\u011fil<\/li>\n<\/ul>\n<h2>\u0130deal Kullan\u0131m \u00d6rnekleri<\/h2>\n<p>ChatMatch a\u015fa\u011f\u0131dakiler i\u00e7in m\u00fckemmeldir:<\/p>\n<ul>\n<li>Tamamen rastgelelikten ziyade daha iyi e\u015fle\u015ftirme ile s\u0131radan sosyal g\u00f6r\u00fcnt\u00fcl\u00fc sohbetler isteyen ki\u015filer<\/li>\n<li>Hafif fl\u00f6rt veya e\u011flenceli sohbet arayan kullan\u0131c\u0131lar<\/li>\n<li>Di\u011fer g\u00f6r\u00fcnt\u00fcl\u00fc sohbet platformlar\u0131na g\u00f6re daha g\u00fcvenli, daha sayg\u0131l\u0131 bir alternatif arayanlar<\/li>\n<li>Tam bir profil olu\u015fturmadan veya bir uygulama indirmeden sohbet etmek isteyen herkes<\/li>\n<\/ul>\n<p>Bunun i\u00e7in ideal de\u011fil:<\/p>\n<ul>\n<li>Derin ili\u015fkiler veya tan\u0131\u015fma uygulamas\u0131 d\u00fczeyinde uyumluluk bekleyen kullan\u0131c\u0131lar<\/li>\n<li>Yaln\u0131zca anonim metin sohbetlerini tercih eden ki\u015filer<\/li>\n<li>Omegle'deki gibi b\u00fcy\u00fck kullan\u0131c\u0131 hacimleri arayanlar<\/li>\n<\/ul>\n<h2>Nihai Karar<\/h2>\n<p>ChatMatch, mevcut en dengeli ve \u00f6zenle tasarlanm\u0131\u015f g\u00f6r\u00fcnt\u00fcl\u00fc sohbet platformlar\u0131ndan biridir. Spontanl\u0131\u011f\u0131 yap\u0131 duygusuyla birle\u015ftirerek iyi bir i\u015f \u00e7\u0131kar\u0131yor. \u0130ster orada olun <a href=\"https:\/\/strangercam.com\/tr\/coomeet\/\">tan\u0131\u015fmak<\/a> Yeni insanlarla tan\u0131\u015fmak, fl\u00f6rt etmek ya da her zamanki \u00e7evrenizin d\u0131\u015f\u0131nda biriyle konu\u015fmak i\u00e7in sorunsuz, g\u00fcvenli ve keyifli bir deneyim sunar.<\/p>\n<p>Faydal\u0131 (ancak iste\u011fe ba\u011fl\u0131) y\u00fckseltmelerle birlikte platformu \u00fccretsiz kullanma olana\u011f\u0131, onu her t\u00fcr kullan\u0131c\u0131 i\u00e7in eri\u015filebilir k\u0131l\u0131yor. Bir arkada\u015fl\u0131k sitesi ya da sosyal medya uygulamas\u0131 olmaya \u00e7al\u0131\u015fm\u0131yor - ve bu ama\u00e7 netli\u011fi onun lehine i\u015fliyor.<\/p>\n<h2>ChatMatch Denemeye De\u011fer mi?<\/h2>\n<p>Kesinlikle. Eski sohbet platformlar\u0131n\u0131n kaotik, moderasyonsuz havas\u0131ndan s\u0131k\u0131ld\u0131ysan\u0131z, ChatMatch daha iyi bir alternatif sunuyor. Modern, iyi in\u015fa edilmi\u015f ve do\u011fall\u0131\u011f\u0131 bozmadan kiminle sohbet etti\u011finiz \u00fczerinde biraz daha fazla kontrol sahibi olman\u0131z\u0131 sa\u011fl\u0131yor.<\/p>\n<p>Yabanc\u0131larla \u00e7evrimi\u00e7i sohbet etmek i\u00e7in daha ak\u0131ll\u0131 bir yol ar\u0131yorsan\u0131z, ChatMatch radar\u0131n\u0131zda bir yeri hak ediyor.<\/p>","protected":false},"excerpt":{"rendered":"<p>As the online chat space becomes more crowded, platforms are racing to stand out with smarter features, cleaner designs, and better user experiences. One platform that\u2019s starting to make a name for itself is ChatMatch \u2014 a web-based random video chat service that leans into algorithmic matching and real-time interaction without compromising on simplicity. But [&hellip;]<\/p>\n","protected":false},"author":6,"featured_media":0,"parent":0,"menu_order":0,"comment_status":"closed","ping_status":"closed","template":"","meta":{"footnotes":""},"class_list":["post-12812","page","type-page","status-publish","hentry"],"yoast_head":"<!-- This site is optimized with the Yoast SEO plugin v27.4 - https:\/\/yoast.com\/product\/yoast-seo-wordpress\/ -->\n<title>ChatMatch - Live video chat with girls on StrangerCam.com<\/title>\n<meta name=\"description\" content=\"Like ChatMatch? Come chat with more than 5.000.000 strangers on Stranger Cam for Free! Turn on your cam and find new friends &amp; maby a match!\" \/>\n<meta name=\"robots\" content=\"index, follow, max-snippet:-1, max-image-preview:large, max-video-preview:-1\" \/>\n<link rel=\"canonical\" href=\"https:\/\/strangercam.com\/tr\/chatmatch\/\" \/>\n<meta property=\"og:locale\" content=\"tr_TR\" \/>\n<meta property=\"og:type\" content=\"article\" \/>\n<meta property=\"og:title\" content=\"ChatMatch - Live video chat with girls on StrangerCam.com\" \/>\n<meta property=\"og:description\" content=\"Like ChatMatch? Come chat with more than 5.000.000 strangers on Stranger Cam for Free! Turn on your cam and find new friends &amp; maby a match!\" \/>\n<meta property=\"og:url\" content=\"https:\/\/strangercam.com\/tr\/chatmatch\/\" \/>\n<meta property=\"og:site_name\" content=\"Strangercam\" \/>\n<meta property=\"article:publisher\" content=\"https:\/\/www.facebook.com\/strangercam\" \/>\n<meta property=\"og:image\" content=\"https:\/\/strangercam.com\/wp-content\/uploads\/2021\/10\/Untitled-2.png\" \/>\n\t<meta property=\"og:image:width\" content=\"800\" \/>\n\t<meta property=\"og:image:height\" content=\"532\" \/>\n\t<meta property=\"og:image:type\" content=\"image\/png\" \/>\n<meta name=\"twitter:card\" content=\"summary_large_image\" \/>\n<meta name=\"twitter:site\" content=\"@strangercamapp\" \/>\n<meta name=\"twitter:label1\" content=\"Tahmini okuma s\u00fcresi\" \/>\n\t<meta name=\"twitter:data1\" content=\"7 dakika\" \/>\n<script type=\"application\/ld+json\" class=\"yoast-schema-graph\">{\"@context\":\"https:\\\/\\\/schema.org\",\"@graph\":[{\"@type\":\"WebPage\",\"@id\":\"https:\\\/\\\/strangercam.com\\\/chatmatch\\\/\",\"url\":\"https:\\\/\\\/strangercam.com\\\/chatmatch\\\/\",\"name\":\"ChatMatch - Live video chat with girls on StrangerCam.com\",\"isPartOf\":{\"@id\":\"https:\\\/\\\/strangercam.com\\\/#website\"},\"datePublished\":\"2025-04-22T11:45:21+00:00\",\"description\":\"Like ChatMatch? Come chat with more than 5.000.000 strangers on Stranger Cam for Free! Turn on your cam and find new friends & maby a match!\",\"breadcrumb\":{\"@id\":\"https:\\\/\\\/strangercam.com\\\/chatmatch\\\/#breadcrumb\"},\"inLanguage\":\"tr\",\"potentialAction\":[{\"@type\":\"ReadAction\",\"target\":[\"https:\\\/\\\/strangercam.com\\\/chatmatch\\\/\"]}]},{\"@type\":\"BreadcrumbList\",\"@id\":\"https:\\\/\\\/strangercam.com\\\/chatmatch\\\/#breadcrumb\",\"itemListElement\":[{\"@type\":\"ListItem\",\"position\":1,\"name\":\"Home\",\"item\":\"https:\\\/\\\/strangercam.com\\\/\"},{\"@type\":\"ListItem\",\"position\":2,\"name\":\"ChatMatch\"}]},{\"@type\":\"WebSite\",\"@id\":\"https:\\\/\\\/strangercam.com\\\/#website\",\"url\":\"https:\\\/\\\/strangercam.com\\\/\",\"name\":\"Strangercam\",\"description\":\"Random Video Chat with Strangers\",\"publisher\":{\"@id\":\"https:\\\/\\\/strangercam.com\\\/#organization\"},\"alternateName\":\"Strangercam.com\",\"potentialAction\":[{\"@type\":\"SearchAction\",\"target\":{\"@type\":\"EntryPoint\",\"urlTemplate\":\"https:\\\/\\\/strangercam.com\\\/?s={search_term_string}\"},\"query-input\":{\"@type\":\"PropertyValueSpecification\",\"valueRequired\":true,\"valueName\":\"search_term_string\"}}],\"inLanguage\":\"tr\"},{\"@type\":\"Organization\",\"@id\":\"https:\\\/\\\/strangercam.com\\\/#organization\",\"name\":\"Strangercam\",\"alternateName\":\"Strangercam.com\",\"url\":\"https:\\\/\\\/strangercam.com\\\/\",\"logo\":{\"@type\":\"ImageObject\",\"inLanguage\":\"tr\",\"@id\":\"https:\\\/\\\/strangercam.com\\\/#\\\/schema\\\/logo\\\/image\\\/\",\"url\":\"https:\\\/\\\/strangercam.com\\\/wp-content\\\/uploads\\\/2020\\\/11\\\/cropped-new-favicon-black.png\",\"contentUrl\":\"https:\\\/\\\/strangercam.com\\\/wp-content\\\/uploads\\\/2020\\\/11\\\/cropped-new-favicon-black.png\",\"width\":512,\"height\":512,\"caption\":\"Strangercam\"},\"image\":{\"@id\":\"https:\\\/\\\/strangercam.com\\\/#\\\/schema\\\/logo\\\/image\\\/\"},\"sameAs\":[\"https:\\\/\\\/www.facebook.com\\\/strangercam\",\"https:\\\/\\\/x.com\\\/strangercamapp\"]}]}<\/script>\n<!-- \/ Yoast SEO plugin. -->","yoast_head_json":{"title":"ChatMatch - StrangerCam.com'da k\u0131zlarla canl\u0131 g\u00f6r\u00fcnt\u00fcl\u00fc sohbet","description":"ChatMatch'i be\u011fendiniz mi? Gelin Stranger Cam'de 5.000.000'dan fazla yabanc\u0131yla \u00dccretsiz sohbet edin! Kameran\u0131z\u0131 a\u00e7\u0131n ve yeni arkada\u015flar ve belki bir e\u015fle\u015fme bulun!","robots":{"index":"index","follow":"follow","max-snippet":"max-snippet:-1","max-image-preview":"max-image-preview:large","max-video-preview":"max-video-preview:-1"},"canonical":"https:\/\/strangercam.com\/tr\/chatmatch\/","og_locale":"tr_TR","og_type":"article","og_title":"ChatMatch - Live video chat with girls on StrangerCam.com","og_description":"Like ChatMatch? Come chat with more than 5.000.000 strangers on Stranger Cam for Free! Turn on your cam and find new friends & maby a match!","og_url":"https:\/\/strangercam.com\/tr\/chatmatch\/","og_site_name":"Strangercam","article_publisher":"https:\/\/www.facebook.com\/strangercam","og_image":[{"width":800,"height":532,"url":"https:\/\/strangercam.com\/wp-content\/uploads\/2021\/10\/Untitled-2.png","type":"image\/png"}],"twitter_card":"summary_large_image","twitter_site":"@strangercamapp","twitter_misc":{"Tahmini okuma s\u00fcresi":"7 dakika"},"schema":{"@context":"https:\/\/schema.org","@graph":[{"@type":"WebPage","@id":"https:\/\/strangercam.com\/chatmatch\/","url":"https:\/\/strangercam.com\/chatmatch\/","name":"ChatMatch - StrangerCam.com'da k\u0131zlarla canl\u0131 g\u00f6r\u00fcnt\u00fcl\u00fc sohbet","isPartOf":{"@id":"https:\/\/strangercam.com\/#website"},"datePublished":"2025-04-22T11:45:21+00:00","description":"ChatMatch'i be\u011fendiniz mi? Gelin Stranger Cam'de 5.000.000'dan fazla yabanc\u0131yla \u00dccretsiz sohbet edin! Kameran\u0131z\u0131 a\u00e7\u0131n ve yeni arkada\u015flar ve belki bir e\u015fle\u015fme bulun!","breadcrumb":{"@id":"https:\/\/strangercam.com\/chatmatch\/#breadcrumb"},"inLanguage":"tr","potentialAction":[{"@type":"ReadAction","target":["https:\/\/strangercam.com\/chatmatch\/"]}]},{"@type":"BreadcrumbList","@id":"https:\/\/strangercam.com\/chatmatch\/#breadcrumb","itemListElement":[{"@type":"ListItem","position":1,"name":"Home","item":"https:\/\/strangercam.com\/"},{"@type":"ListItem","position":2,"name":"ChatMatch"}]},{"@type":"WebSite","@id":"https:\/\/strangercam.com\/#website","url":"https:\/\/strangercam.com\/","name":"Strangercam","description":"Yabanc\u0131larla Rastgele G\u00f6r\u00fcnt\u00fcl\u00fc Sohbet","publisher":{"@id":"https:\/\/strangercam.com\/#organization"},"alternateName":"Strangercam.com","potentialAction":[{"@type":"SearchAction","target":{"@type":"EntryPoint","urlTemplate":"https:\/\/strangercam.com\/?s={search_term_string}"},"query-input":{"@type":"PropertyValueSpecification","valueRequired":true,"valueName":"search_term_string"}}],"inLanguage":"tr"},{"@type":"Organization","@id":"https:\/\/strangercam.com\/#organization","name":"Strangercam","alternateName":"Strangercam.com","url":"https:\/\/strangercam.com\/","logo":{"@type":"ImageObject","inLanguage":"tr","@id":"https:\/\/strangercam.com\/#\/schema\/logo\/image\/","url":"https:\/\/strangercam.com\/wp-content\/uploads\/2020\/11\/cropped-new-favicon-black.png","contentUrl":"https:\/\/strangercam.com\/wp-content\/uploads\/2020\/11\/cropped-new-favicon-black.png","width":512,"height":512,"caption":"Strangercam"},"image":{"@id":"https:\/\/strangercam.com\/#\/schema\/logo\/image\/"},"sameAs":["https:\/\/www.facebook.com\/strangercam","https:\/\/x.com\/strangercamapp"]}]}},"_links":{"self":[{"href":"https:\/\/strangercam.com\/tr\/wp-json\/wp\/v2\/pages\/12812","targetHints":{"allow":["GET"]}}],"collection":[{"href":"https:\/\/strangercam.com\/tr\/wp-json\/wp\/v2\/pages"}],"about":[{"href":"https:\/\/strangercam.com\/tr\/wp-json\/wp\/v2\/types\/page"}],"author":[{"embeddable":true,"href":"https:\/\/strangercam.com\/tr\/wp-json\/wp\/v2\/users\/6"}],"replies":[{"embeddable":true,"href":"https:\/\/strangercam.com\/tr\/wp-json\/wp\/v2\/comments?post=12812"}],"version-history":[{"count":2,"href":"https:\/\/strangercam.com\/tr\/wp-json\/wp\/v2\/pages\/12812\/revisions"}],"predecessor-version":[{"id":12814,"href":"https:\/\/strangercam.com\/tr\/wp-json\/wp\/v2\/pages\/12812\/revisions\/12814"}],"wp:attachment":[{"href":"https:\/\/strangercam.com\/tr\/wp-json\/wp\/v2\/media?parent=12812"}],"curies":[{"name":"wp","href":"https:\/\/api.w.org\/{rel}","templated":true}]}}