{"id":12809,"date":"2025-04-22T13:35:56","date_gmt":"2025-04-22T11:35:56","guid":{"rendered":"https:\/\/strangercam.com\/?page_id=12809"},"modified":"2025-04-22T13:36:08","modified_gmt":"2025-04-22T11:36:08","slug":"camzap","status":"publish","type":"page","link":"https:\/\/strangercam.com\/tr\/camzap\/","title":{"rendered":"Camzap"},"content":{"rendered":"<p>Rastgele kameradan kameraya web siteleri s\u00f6z konusu oldu\u011funda, orada \u00e7ok say\u0131da se\u00e7enek var. Baz\u0131lar\u0131 kaygan, modern bir deneyim sunarken, di\u011ferleri daha minimal, g\u00f6steri\u015fsiz bir yakla\u015f\u0131ma ba\u011fl\u0131 kal\u0131yor. Camzap ikinci kategoriye giriyor - rastgele videoda uzun s\u00fcredir devam eden bir \u00fcne sahip basit bir platform <a href=\"https:\/\/strangercam.com\/tr\/chatroulette\/\">sohbet<\/a> uzay. Ancak 2025'te hala ge\u00e7erli mi ve zaman\u0131n\u0131z\u0131 buna harcamal\u0131 m\u0131s\u0131n\u0131z?<\/p>\n<p>Bu incelemede, Camzap'\u0131n neler sundu\u011funu, kimler i\u00e7in oldu\u011funu, hangi \u00f6zelliklere sahip oldu\u011funu ve rakipleriyle nas\u0131l kar\u015f\u0131la\u015ft\u0131r\u0131ld\u0131\u011f\u0131n\u0131 derinlemesine inceliyoruz.<\/p>\n<h2>Camzap nedir?<\/h2>\n<p>Camzap \u00fccretsiz bir <a href=\"https:\/\/strangercam.com\/tr\/rastgele-web-kamerasi-sohbeti\/\">rastgele web kameras\u0131 sohbeti<\/a> Kullan\u0131c\u0131lar\u0131 web kameras\u0131 ve mikrofon arac\u0131l\u0131\u011f\u0131yla an\u0131nda birbirine ba\u011flayan platform. D\u00fc\u015f\u00fcnmek <a href=\"https:\/\/strangercam.com\/tr\/omegle\/\">Omegle<\/a>ancak biraz daha eski okul g\u00f6r\u00fcn\u00fcm\u00fc ve hissi ile. \u0130lk olarak 2010'lar\u0131n ba\u015f\u0131nda piyasaya s\u00fcr\u00fcld\u00fc ve kay\u0131t gerektirmeyen ilk kullan\u0131m\u0131 kolay platformlardan biri olmas\u0131yla pop\u00fclerlik kazand\u0131. Bug\u00fcn, Camzap hemen hemen ayn\u0131 \u015fekilde \u00e7al\u0131\u015fmaya devam ediyor ve a\u015fa\u011f\u0131dakiler i\u00e7in h\u0131zl\u0131 ve do\u011frudan bir yol sunuyor <a href=\"https:\/\/strangercam.com\/tr\/coomeet\/\">g\u00f6r\u00fcnt\u00fcl\u00fc sohbet<\/a> d\u00fcnyan\u0131n d\u00f6rt bir yan\u0131ndan gelen yabanc\u0131larla.<\/p>\n<h2>Camzap'\u0131n Kullan\u0131m Amac\u0131 Nedir?<\/h2>\n<p>Camzap'nin amac\u0131 basittir: \u00e7evrimi\u00e7i insanlar aras\u0131nda an\u0131nda, anonim video ba\u011flant\u0131lar\u0131n\u0131 kolayla\u015ft\u0131rmak. Profil, biyografi veya karma\u015f\u0131k e\u015fle\u015ftirme sistemleri yoktur. Her \u015fey ger\u00e7ek zamanl\u0131, y\u00fcz y\u00fcze etkile\u015fimle ilgilidir - bu ister arkada\u015f edinmek, ister fl\u00f6rt etmek veya sadece yeni biriyle sohbet etmek anlam\u0131na gelsin.<\/p>\n<p>Platform, keyif alan kullan\u0131c\u0131lara hitap ediyor:<\/p>\n<ul>\n<li>G\u00fcndelik, spontane sosyal etkile\u015fimler<\/li>\n<li>Uzun kay\u0131t formlar\u0131ndan ve hesap olu\u015fturmadan ka\u00e7\u0131nma<\/li>\n<li>Farkl\u0131 \u00fclkelerden insanlarla tan\u0131\u015fmak<\/li>\n<li>D\u00fc\u015f\u00fck ba\u011fl\u0131l\u0131k gerektiren \u00e7evrimi\u00e7i sohbet ve fl\u00f6rt<\/li>\n<\/ul>\n<h2>Temel \u00d6zellikler<\/h2>\n<p><strong>An\u0131nda G\u00f6r\u00fcnt\u00fcl\u00fc Sohbet<\/strong><br \/>\nCamzap, web kameras\u0131 arac\u0131l\u0131\u011f\u0131yla rastgele bir yabanc\u0131yla sohbet etmeye ba\u015flamak i\u00e7in tek t\u0131klamayla bir ba\u015flang\u0131\u00e7 sunar. Bir hesap olu\u015fturman\u0131za veya e-postan\u0131z\u0131 do\u011frulaman\u0131za gerek yok - sadece \u201cBa\u015flat\u201d \u0131 t\u0131klay\u0131n ve i\u00e7eridesiniz. Ba\u011flant\u0131 s\u00fcreci h\u0131zl\u0131d\u0131r ve aray\u00fcz minimaldir, video etkile\u015fiminin kendisine odaklanmay\u0131 sa\u011flar.<\/p>\n<p><strong>Metin Sohbeti Se\u00e7ene\u011fi<\/strong><br \/>\nE\u011fer havan\u0131zda de\u011filseniz <a href=\"https:\/\/strangercam.com\/tr\/bazoocam\/\">cam<\/a> oturumunda de\u011filseniz veya web kameran\u0131z yoksa, yaln\u0131zca metin sohbet moduna ge\u00e7ebilirsiniz. Bu \u00f6zellik, video s\u00fcr\u00fcm\u00fcne benzer \u015fekilde \u00e7al\u0131\u015f\u0131r ve sizi metin tabanl\u0131 bir konu\u015fma i\u00e7in ba\u015fka bir kullan\u0131c\u0131ya rastgele ba\u011flar.<\/p>\n<p><strong>Cinsiyet Filtreleri (G\u00fcvenilmez)<\/strong><br \/>\nCamzap eskiden, kullan\u0131c\u0131lar\u0131n erkeklerle mi yoksa kad\u0131nlarla m\u0131 ba\u011flant\u0131 kurmak istediklerini belirtmelerine olanak tan\u0131yan bir cinsiyet filtresi i\u00e7eriyordu. Ancak, bu \u00f6zellik \u015fu anda g\u00fcvenilir bir \u015fekilde \u00e7al\u0131\u015fm\u0131yor ve e\u015fle\u015fmeleri do\u011fru bir \u015fekilde filtrelemeyebilir.<\/p>\n<p><strong>Mobil Uyumluluk<\/strong><br \/>\nCamzap teknik olarak mobil taray\u0131c\u0131larda \u00e7al\u0131\u015f\u0131yor, ancak deneyim sorunsuz olmaktan uzak. Site daha k\u00fc\u00e7\u00fck ekranlar i\u00e7in optimize edilmemi\u015ftir ve kontroller hantal gelebilir. Resmi bir uygulama yok, bu nedenle platform en iyi masa\u00fcst\u00fcnde kullan\u0131l\u0131yor.<\/p>\n<h2>Camzap \u00dccretsiz mi?<\/h2>\n<p>Evet, Camzap'nin kullan\u0131m\u0131 tamamen \u00fccretsizdir. Gizli \u00fccretler, VIP \u00fcyelikler veya \u00fcst sat\u0131\u015flar yoktur. Bununla birlikte, para kazanman\u0131n olmamas\u0131 ayn\u0131 zamanda minimum denetim ve \u00e7ok az ya\u015fam kalitesi \u00f6zelli\u011fi oldu\u011fu anlam\u0131na gelir. \u00dccretsiz oldu\u011fu i\u00e7in, kullan\u0131c\u0131lar hem tasar\u0131m hem de kar\u015f\u0131la\u015fabilece\u011finiz insan t\u00fcrleri a\u00e7\u0131s\u0131ndan ham, filtrelenmemi\u015f bir deneyim beklemelidir.<\/p>\n<h2>Camzap'\u0131 Kimler Kullan\u0131r?<\/h2>\n<p>Camzap, ba\u015fta Almanya ve Fransa olmak \u00fczere Avrupa'n\u0131n yan\u0131 s\u0131ra G\u00fcney Amerika ve Rusya'dan da dikkate de\u011fer say\u0131da kullan\u0131c\u0131 ile uluslararas\u0131 bir kullan\u0131c\u0131 taban\u0131na sahiptir. Cinsiyet oran\u0131 a\u011f\u0131rl\u0131kl\u0131 olarak erkeklerden olu\u015fuyor ve \u00e7o\u011fu kullan\u0131c\u0131 18-35 ya\u015f aral\u0131\u011f\u0131nda g\u00f6r\u00fcn\u00fcyor. Aktivite seviyesinin g\u00fcn\u00fcn saatine ba\u011fl\u0131 olarak de\u011fi\u015febildi\u011fini, en yo\u011fun kullan\u0131m\u0131n genellikle ak\u015fam veya gece ge\u00e7 saatlerde ger\u00e7ekle\u015fti\u011fini belirtmek gerekir.<\/p>\n<h2>G\u00fcvenlik ve \u00d6l\u00e7\u00fcl\u00fcl\u00fck<\/h2>\n<p>Camzap g\u00fc\u00e7l\u00fc g\u00fcvenlik \u00f6zellikleri veya moderasyon ara\u00e7lar\u0131 sunmuyor. Kay\u0131t yok, kimlik do\u011frulama yok ve uygunsuz kullan\u0131c\u0131lar\u0131 bildirmek veya engellemek i\u00e7in tutarl\u0131 bir yol yok. Sonu\u00e7 olarak, kullan\u0131c\u0131lar uyar\u0131 olmadan \u00e7\u0131plakl\u0131k veya yeti\u015fkinlere y\u00f6nelik i\u00e7erikle kar\u015f\u0131la\u015fabilir. Gizlilik veya \u00e7evrimi\u00e7i g\u00fcvenlik konusunda endi\u015fe duyanlar i\u00e7in bir VPN kullan\u0131lmas\u0131 \u00f6nerilir ve kullan\u0131c\u0131lar sohbetler s\u0131ras\u0131nda herhangi bir ki\u015fisel bilgiyi payla\u015fmaktan ka\u00e7\u0131nmal\u0131d\u0131r.<\/p>\n<h2>Camzap Di\u011fer G\u00f6r\u00fcnt\u00fcl\u00fc Sohbet Siteleriyle Nas\u0131l Kar\u015f\u0131la\u015ft\u0131r\u0131l\u0131r?<\/h2>\n<p>Chatspin veya Chatrandom gibi daha modern alternatiflerle kar\u015f\u0131la\u015ft\u0131r\u0131ld\u0131\u011f\u0131nda, Camzap eski bir his veriyor. Modern bir kullan\u0131c\u0131 aray\u00fcz\u00fc, mobil optimizasyon ve geli\u015fmi\u015f filtrelerden yoksundur. Bununla birlikte, basitli\u011fi ve eri\u015fim kolayl\u0131\u011f\u0131, \u00e7emberlerden atlamadan do\u011frudan bir sohbete atlamak isteyen kullan\u0131c\u0131lar i\u00e7in \u00e7ekici hale getirir.<\/p>\n<p>\u0130\u015fte h\u0131zl\u0131 bir kar\u015f\u0131la\u015ft\u0131rma:<\/p>\n<table>\n<thead>\n<tr>\n<th>\u00d6zellik<\/th>\n<th>Camzap<\/th>\n<th>Omegle<\/th>\n<th>Chatrandom<\/th>\n<th>Chatspin<\/th>\n<\/tr>\n<\/thead>\n<tbody>\n<tr>\n<td>G\u00f6r\u00fcnt\u00fcl\u00fc Sohbet<\/td>\n<td>Evet<\/td>\n<td>Evet<\/td>\n<td>Evet<\/td>\n<td>Evet<\/td>\n<\/tr>\n<tr>\n<td>Cinsiyet Filtreleri<\/td>\n<td>G\u00fcvenilmez<\/td>\n<td>\u00dccretli<\/td>\n<td>\u00dccretli<\/td>\n<td>\u00dccretsiz\/\u00dccretli<\/td>\n<\/tr>\n<tr>\n<td>Mobil Deneyim<\/td>\n<td>Zay\u0131f<\/td>\n<td>\u0130yi<\/td>\n<td>\u0130yi<\/td>\n<td>\u0130yi<\/td>\n<\/tr>\n<tr>\n<td>Kay\u0131t Gerekli<\/td>\n<td>Hay\u0131r<\/td>\n<td>Hay\u0131r<\/td>\n<td>Hay\u0131r<\/td>\n<td>Opsiyonel<\/td>\n<\/tr>\n<tr>\n<td>Moderasyon<\/td>\n<td>Minimal<\/td>\n<td>S\u0131n\u0131rl\u0131<\/td>\n<td>Orta d\u00fczeyde<\/td>\n<td>\u0130yi<\/td>\n<\/tr>\n<\/tbody>\n<\/table>\n<h2>Art\u0131lar\u0131 ve Eksileri<\/h2>\n<p><strong>Art\u0131lar\u0131<\/strong><\/p>\n<ul>\n<li>Kay\u0131t veya \u00fccret yok<\/li>\n<li>Kullanmaya ba\u015flamak kolay ve h\u0131zl\u0131<\/li>\n<li>Aktif uluslararas\u0131 kullan\u0131c\u0131 taban\u0131<\/li>\n<li>Spontane konu\u015fmalar i\u00e7in harika<\/li>\n<\/ul>\n<p><strong>Eksiler<\/strong><\/p>\n<ul>\n<li>Eski aray\u00fcz<\/li>\n<li>K\u00f6t\u00fc mobil deneyim<\/li>\n<li>\u00c7ok az veya hi\u00e7 \u0131l\u0131ml\u0131l\u0131k yok<\/li>\n<li>Cinsiyet filtresi iyi \u00e7al\u0131\u015fm\u0131yor<\/li>\n<li>Uygunsuz i\u00e7erikle kar\u015f\u0131la\u015fma riski<\/li>\n<\/ul>\n<h2>Nihai Karar<\/h2>\n<p>Camzap k\u00f6klerine sad\u0131k kalan bir platformdur - basit, ham ve an\u0131nda g\u00f6r\u00fcnt\u00fcl\u00fc sohbet. Yeni sitelerin zil ve \u0131sl\u0131klar\u0131n\u0131n \u00e7o\u011fundan yoksun olsa da, hala ni\u015f bir \u00e7ekicili\u011fi var. Filtrelenmemi\u015f ve spontane bir sohbet deneyimi ar\u0131yorsan\u0131z, ziyaret etmeye de\u011fer olabilir. Ancak, g\u00f6steri\u015fli, daha g\u00fcvenli ve zengin \u00f6zelliklere sahip bir platform tercih ediyorsan\u0131z, 2025'te daha iyi alternatifler mevcut.<\/p>\n<p>G\u00f6r\u00fcnt\u00fcl\u00fc sohbetin ilk g\u00fcnlerine \u00f6zlem duyuyorsan\u0131z veya farkl\u0131 bir \u015fey denemek istiyorsan\u0131z Camzap'yi kullan\u0131n. Sadece dikkatli olun, sa\u011fduyulu davran\u0131n ve temellerin \u00f6tesinde fazla bir \u015fey beklemeyin.<\/p>","protected":false},"excerpt":{"rendered":"<p>When it comes to random cam-to-cam websites, there are plenty of options out there. Some offer a slick, modern experience, while others stick to a more minimal, no-frills approach. Camzap falls into the latter category \u2014 a simple platform with a long-standing reputation in the random video chat space. But is it still relevant in [&hellip;]<\/p>\n","protected":false},"author":6,"featured_media":0,"parent":0,"menu_order":0,"comment_status":"closed","ping_status":"closed","template":"","meta":{"footnotes":""},"class_list":["post-12809","page","type-page","status-publish","hentry"],"yoast_head":"<!-- This site is optimized with the Yoast SEO plugin v26.9 - https:\/\/yoast.com\/product\/yoast-seo-wordpress\/ -->\n<title>Camzap - Free random chat with strangers on StrangerCam.com<\/title>\n<meta name=\"description\" content=\"Like Camzap? Come chat with more than 5.000.000 strangers on Stranger Cam for Free! Turn on your cam and find new friends &amp; maby a match!\" \/>\n<meta name=\"robots\" content=\"index, follow, max-snippet:-1, max-image-preview:large, max-video-preview:-1\" \/>\n<link rel=\"canonical\" href=\"https:\/\/strangercam.com\/tr\/camzap\/\" \/>\n<meta property=\"og:locale\" content=\"tr_TR\" \/>\n<meta property=\"og:type\" content=\"article\" \/>\n<meta property=\"og:title\" content=\"Camzap - Free random chat with strangers on StrangerCam.com\" \/>\n<meta property=\"og:description\" content=\"Like Camzap? Come chat with more than 5.000.000 strangers on Stranger Cam for Free! Turn on your cam and find new friends &amp; maby a match!\" \/>\n<meta property=\"og:url\" content=\"https:\/\/strangercam.com\/tr\/camzap\/\" \/>\n<meta property=\"og:site_name\" content=\"Strangercam\" \/>\n<meta property=\"article:publisher\" content=\"https:\/\/www.facebook.com\/strangercam\" \/>\n<meta property=\"article:modified_time\" content=\"2025-04-22T11:36:08+00:00\" \/>\n<meta property=\"og:image\" content=\"https:\/\/strangercam.com\/wp-content\/uploads\/2021\/10\/Untitled-2.png\" \/>\n\t<meta property=\"og:image:width\" content=\"800\" \/>\n\t<meta property=\"og:image:height\" content=\"532\" \/>\n\t<meta property=\"og:image:type\" content=\"image\/png\" \/>\n<meta name=\"twitter:card\" content=\"summary_large_image\" \/>\n<meta name=\"twitter:site\" content=\"@strangercamapp\" \/>\n<meta name=\"twitter:label1\" content=\"Tahmini okuma s\u00fcresi\" \/>\n\t<meta name=\"twitter:data1\" content=\"4 dakika\" \/>\n<script type=\"application\/ld+json\" class=\"yoast-schema-graph\">{\"@context\":\"https:\/\/schema.org\",\"@graph\":[{\"@type\":\"WebPage\",\"@id\":\"https:\/\/strangercam.com\/camzap\/\",\"url\":\"https:\/\/strangercam.com\/camzap\/\",\"name\":\"Camzap - Free random chat with strangers on StrangerCam.com\",\"isPartOf\":{\"@id\":\"https:\/\/strangercam.com\/#website\"},\"datePublished\":\"2025-04-22T11:35:56+00:00\",\"dateModified\":\"2025-04-22T11:36:08+00:00\",\"description\":\"Like Camzap? Come chat with more than 5.000.000 strangers on Stranger Cam for Free! Turn on your cam and find new friends & maby a match!\",\"breadcrumb\":{\"@id\":\"https:\/\/strangercam.com\/camzap\/#breadcrumb\"},\"inLanguage\":\"tr\",\"potentialAction\":[{\"@type\":\"ReadAction\",\"target\":[\"https:\/\/strangercam.com\/camzap\/\"]}]},{\"@type\":\"BreadcrumbList\",\"@id\":\"https:\/\/strangercam.com\/camzap\/#breadcrumb\",\"itemListElement\":[{\"@type\":\"ListItem\",\"position\":1,\"name\":\"Home\",\"item\":\"https:\/\/strangercam.com\/\"},{\"@type\":\"ListItem\",\"position\":2,\"name\":\"Camzap\"}]},{\"@type\":\"WebSite\",\"@id\":\"https:\/\/strangercam.com\/#website\",\"url\":\"https:\/\/strangercam.com\/\",\"name\":\"Strangercam\",\"description\":\"Random Video Chat with Strangers\",\"publisher\":{\"@id\":\"https:\/\/strangercam.com\/#organization\"},\"alternateName\":\"Strangercam.com\",\"potentialAction\":[{\"@type\":\"SearchAction\",\"target\":{\"@type\":\"EntryPoint\",\"urlTemplate\":\"https:\/\/strangercam.com\/?s={search_term_string}\"},\"query-input\":{\"@type\":\"PropertyValueSpecification\",\"valueRequired\":true,\"valueName\":\"search_term_string\"}}],\"inLanguage\":\"tr\"},{\"@type\":\"Organization\",\"@id\":\"https:\/\/strangercam.com\/#organization\",\"name\":\"Strangercam\",\"alternateName\":\"Strangercam.com\",\"url\":\"https:\/\/strangercam.com\/\",\"logo\":{\"@type\":\"ImageObject\",\"inLanguage\":\"tr\",\"@id\":\"https:\/\/strangercam.com\/#\/schema\/logo\/image\/\",\"url\":\"https:\/\/strangercam.com\/wp-content\/uploads\/2020\/11\/cropped-new-favicon-black.png\",\"contentUrl\":\"https:\/\/strangercam.com\/wp-content\/uploads\/2020\/11\/cropped-new-favicon-black.png\",\"width\":512,\"height\":512,\"caption\":\"Strangercam\"},\"image\":{\"@id\":\"https:\/\/strangercam.com\/#\/schema\/logo\/image\/\"},\"sameAs\":[\"https:\/\/www.facebook.com\/strangercam\",\"https:\/\/x.com\/strangercamapp\"]}]}<\/script>\n<!-- \/ Yoast SEO plugin. -->","yoast_head_json":{"title":"Camzap - StrangerCam.com'da yabanc\u0131larla \u00fccretsiz rastgele sohbet","description":"Camzap'\u0131 be\u011fendiniz mi? Gelin Stranger Cam'de 5.000.000'dan fazla yabanc\u0131yla \u00dccretsiz sohbet edin! Kameran\u0131z\u0131 a\u00e7\u0131n ve yeni arkada\u015flar ve belki bir e\u015fle\u015fme bulun!","robots":{"index":"index","follow":"follow","max-snippet":"max-snippet:-1","max-image-preview":"max-image-preview:large","max-video-preview":"max-video-preview:-1"},"canonical":"https:\/\/strangercam.com\/tr\/camzap\/","og_locale":"tr_TR","og_type":"article","og_title":"Camzap - Free random chat with strangers on StrangerCam.com","og_description":"Like Camzap? Come chat with more than 5.000.000 strangers on Stranger Cam for Free! Turn on your cam and find new friends & maby a match!","og_url":"https:\/\/strangercam.com\/tr\/camzap\/","og_site_name":"Strangercam","article_publisher":"https:\/\/www.facebook.com\/strangercam","article_modified_time":"2025-04-22T11:36:08+00:00","og_image":[{"width":800,"height":532,"url":"https:\/\/strangercam.com\/wp-content\/uploads\/2021\/10\/Untitled-2.png","type":"image\/png"}],"twitter_card":"summary_large_image","twitter_site":"@strangercamapp","twitter_misc":{"Tahmini okuma s\u00fcresi":"4 dakika"},"schema":{"@context":"https:\/\/schema.org","@graph":[{"@type":"WebPage","@id":"https:\/\/strangercam.com\/camzap\/","url":"https:\/\/strangercam.com\/camzap\/","name":"Camzap - StrangerCam.com'da yabanc\u0131larla \u00fccretsiz rastgele sohbet","isPartOf":{"@id":"https:\/\/strangercam.com\/#website"},"datePublished":"2025-04-22T11:35:56+00:00","dateModified":"2025-04-22T11:36:08+00:00","description":"Camzap'\u0131 be\u011fendiniz mi? Gelin Stranger Cam'de 5.000.000'dan fazla yabanc\u0131yla \u00dccretsiz sohbet edin! Kameran\u0131z\u0131 a\u00e7\u0131n ve yeni arkada\u015flar ve belki bir e\u015fle\u015fme bulun!","breadcrumb":{"@id":"https:\/\/strangercam.com\/camzap\/#breadcrumb"},"inLanguage":"tr","potentialAction":[{"@type":"ReadAction","target":["https:\/\/strangercam.com\/camzap\/"]}]},{"@type":"BreadcrumbList","@id":"https:\/\/strangercam.com\/camzap\/#breadcrumb","itemListElement":[{"@type":"ListItem","position":1,"name":"Home","item":"https:\/\/strangercam.com\/"},{"@type":"ListItem","position":2,"name":"Camzap"}]},{"@type":"WebSite","@id":"https:\/\/strangercam.com\/#website","url":"https:\/\/strangercam.com\/","name":"Strangercam","description":"Yabanc\u0131larla Rastgele G\u00f6r\u00fcnt\u00fcl\u00fc Sohbet","publisher":{"@id":"https:\/\/strangercam.com\/#organization"},"alternateName":"Strangercam.com","potentialAction":[{"@type":"SearchAction","target":{"@type":"EntryPoint","urlTemplate":"https:\/\/strangercam.com\/?s={search_term_string}"},"query-input":{"@type":"PropertyValueSpecification","valueRequired":true,"valueName":"search_term_string"}}],"inLanguage":"tr"},{"@type":"Organization","@id":"https:\/\/strangercam.com\/#organization","name":"Strangercam","alternateName":"Strangercam.com","url":"https:\/\/strangercam.com\/","logo":{"@type":"ImageObject","inLanguage":"tr","@id":"https:\/\/strangercam.com\/#\/schema\/logo\/image\/","url":"https:\/\/strangercam.com\/wp-content\/uploads\/2020\/11\/cropped-new-favicon-black.png","contentUrl":"https:\/\/strangercam.com\/wp-content\/uploads\/2020\/11\/cropped-new-favicon-black.png","width":512,"height":512,"caption":"Strangercam"},"image":{"@id":"https:\/\/strangercam.com\/#\/schema\/logo\/image\/"},"sameAs":["https:\/\/www.facebook.com\/strangercam","https:\/\/x.com\/strangercamapp"]}]}},"_links":{"self":[{"href":"https:\/\/strangercam.com\/tr\/wp-json\/wp\/v2\/pages\/12809","targetHints":{"allow":["GET"]}}],"collection":[{"href":"https:\/\/strangercam.com\/tr\/wp-json\/wp\/v2\/pages"}],"about":[{"href":"https:\/\/strangercam.com\/tr\/wp-json\/wp\/v2\/types\/page"}],"author":[{"embeddable":true,"href":"https:\/\/strangercam.com\/tr\/wp-json\/wp\/v2\/users\/6"}],"replies":[{"embeddable":true,"href":"https:\/\/strangercam.com\/tr\/wp-json\/wp\/v2\/comments?post=12809"}],"version-history":[{"count":1,"href":"https:\/\/strangercam.com\/tr\/wp-json\/wp\/v2\/pages\/12809\/revisions"}],"predecessor-version":[{"id":12810,"href":"https:\/\/strangercam.com\/tr\/wp-json\/wp\/v2\/pages\/12809\/revisions\/12810"}],"wp:attachment":[{"href":"https:\/\/strangercam.com\/tr\/wp-json\/wp\/v2\/media?parent=12809"}],"curies":[{"name":"wp","href":"https:\/\/api.w.org\/{rel}","templated":true}]}}