{"id":12808,"date":"2025-04-22T13:39:13","date_gmt":"2025-04-22T11:39:13","guid":{"rendered":"https:\/\/strangercam.com\/?page_id=12808"},"modified":"2025-04-22T13:39:25","modified_gmt":"2025-04-22T11:39:25","slug":"ifreechat","status":"publish","type":"page","link":"https:\/\/strangercam.com\/tr\/ifreechat\/","title":{"rendered":"iFreeChat"},"content":{"rendered":"<p>Videonun oldu\u011fu bir d\u00fcnyada <a href=\"https:\/\/strangercam.com\/tr\/chatroulette\/\">sohbet<\/a> uygulamalar giderek daha cilal\u0131, filtrelenmi\u015f ve paral\u0131 hale gelirken, daha ham ve minimalist bir \u015fey i\u00e7in k\u00fc\u00e7\u00fck ama \u0131srarl\u0131 bir talep var. \u0130\u015fte iFreeChat burada devreye giriyor. G\u00f6steri\u015fli de\u011fil, y\u00fcksek teknolojili \u00f6zelliklerle dolu de\u011fil ve size tek kuru\u015fa mal olmayacak. Ama ger\u00e7ek bir de\u011fer sunuyor mu? Ve daha da \u00f6nemlisi - zaman ay\u0131rmaya de\u011fer mi?<\/p>\n<p>Bu geni\u015fletilmi\u015f incelemede, iFreeChat hakk\u0131nda bilmeniz gereken her \u015feyi ele alaca\u011f\u0131z: ne oldu\u011fu, kimlerin kulland\u0131\u011f\u0131, nas\u0131l \u00e7al\u0131\u015ft\u0131\u011f\u0131, g\u00fcvenli olup olmad\u0131\u011f\u0131 ve rakiplerine kar\u015f\u0131 nas\u0131l bir duru\u015f sergiledi\u011fi.<\/p>\n<h2>iFreeChat nedir?<\/h2>\n<p>iFreeChat, kullan\u0131c\u0131lar\u0131n d\u00fcnyan\u0131n d\u00f6rt bir yan\u0131ndan yabanc\u0131larla bire bir metin tabanl\u0131 sohbetler yapmas\u0131na olanak tan\u0131yan tamamen \u00fccretsiz bir \u00e7evrimi\u00e7i sohbet platformudur. Video, filtreler veya oyunla\u015ft\u0131r\u0131lm\u0131\u015f deneyimleri vurgulayan daha modern platformlar\u0131n aksine, iFreeChat bunu basit tutar: oturum a\u00e7ma gerektirmeden ve hi\u00e7bir ko\u015ful olmadan yaln\u0131zca metin anonim sohbet.<\/p>\n<p>2010'lar\u0131n ba\u015f\u0131nda piyasaya s\u00fcr\u00fclen iFreeChat, \u00e7o\u011funlukla ultra hafif tasar\u0131m\u0131, h\u0131zl\u0131 y\u00fckleme s\u00fcreleri ve s\u0131f\u0131r bariyerli eri\u015fimi sayesinde sessiz bir \u015fekilde istikrarl\u0131 bir kullan\u0131c\u0131 ak\u0131\u015f\u0131n\u0131 s\u00fcrd\u00fcrd\u00fc. \u015eu platformlarla ayn\u0131 s\u0131n\u0131fa aittir <a href=\"https:\/\/strangercam.com\/tr\/omegle\/\">Omegle<\/a> (video \u00f6ncesi d\u00f6nem) ve <a href=\"https:\/\/strangercam.com\/tr\/chatib\/\">Chatib<\/a>, web kameras\u0131 etkile\u015fimi yerine eski usul sohbet odas\u0131 havas\u0131n\u0131 tercih edenlere hitap ediyor.<\/p>\n<h2>iFreeChat'nin Kullan\u0131m Amac\u0131 Nedir?<\/h2>\n<p>iFreeChat'nin temel amac\u0131, yabanc\u0131lar aras\u0131nda spontane, anonim konu\u015fmalar\u0131 kolayla\u015ft\u0131rmakt\u0131r. \u0130ster zaman \u00f6ld\u00fcrmek, ister yeni bir arkada\u015f edinmek, ister d\u00fcnyan\u0131n \u00f6b\u00fcr ucundaki biriyle fl\u00f6rt etmek ya da sadece ba\u011fl\u0131l\u0131k olmadan biraz insan etkile\u015fiminin tad\u0131n\u0131 \u00e7\u0131karmak isteyin, iFreeChat bunu m\u00fcmk\u00fcn olan en basit \u015fekilde sunar.<\/p>\n<p>Buras\u0131 uzun vadeli ili\u015fkiler, fl\u00f6rt profilleri veya se\u00e7ilmi\u015f sosyal medya ki\u015filikleri i\u00e7in bir platform de\u011fildir. S\u0131radan, ger\u00e7ek zamanl\u0131 sohbetler i\u00e7indir - daha fazlas\u0131 de\u011fil. Cazibesi, giri\u015f yapmadan, kaydolmadan veya reklamlar ve \u00f6deme duvarlar\u0131 aras\u0131nda gezinmeden bir sohbete atlayabilmesinde yat\u0131yor.<\/p>\n<h2>Temel \u00d6zellikler<\/h2>\n<p>iFreeChat kas\u0131tl\u0131 olarak az \u00f6zellik sunsa da, i\u015fte sunduklar\u0131:<\/p>\n<p>1. An\u0131nda Anonim Sohbet<br \/>\nAna sayfaya girer girmez, bir yabanc\u0131yla sohbet etmekten sadece bir t\u0131k uzaktas\u0131n\u0131z. Kay\u0131t olman\u0131za, hesap olu\u015fturman\u0131za ve e-posta do\u011frulamas\u0131 yapman\u0131za gerek yok. Sadece \u201cSohbete Ba\u015fla \u201dya t\u0131klars\u0131n\u0131z ve ger\u00e7ek zamanl\u0131 olarak ba\u015fka bir kullan\u0131c\u0131yla e\u015fle\u015firsiniz.<\/p>\n<p>2. Yaln\u0131zca Metin Tabanl\u0131 Sohbet<br \/>\nBir\u00e7ok modern rakibin aksine, iFreeChat g\u00f6r\u00fcnt\u00fcl\u00fc veya sesli sohbeti desteklemez. T\u00fcm ileti\u015fim d\u00fcz metin \u00fczerinden yap\u0131l\u0131r. Bunun hem faydalar\u0131 (daha fazla anonimlik, y\u00fcz\u00fcn\u00fcz\u00fc g\u00f6sterme konusunda daha az bask\u0131) hem de dezavantajlar\u0131 (daha az ki\u015fisel ba\u011flant\u0131, daha y\u00fcksek trol \u015fans\u0131) vard\u0131r.<\/p>\n<p>3. Konu Sohbet Odalar\u0131 (S\u0131n\u0131rl\u0131)<br \/>\nBire bir sohbetlere ek olarak, iFreeChat \u201cRastgele\u201d, \u201cGen\u00e7 Sohbet\u201d, \u201cFl\u00f6rt\u201d, \u201cYeti\u015fkin\u201d ve \u201cUluslararas\u0131\u201d gibi konulara g\u00f6re kategorize edilmi\u015f birka\u00e7 genel sohbet odas\u0131 sunar. Bu odalar modern grup sohbet odalar\u0131ndan \u00e7ok klasik IRC tarz\u0131 mesaj panolar\u0131na benziyor. \u00c7ok basittirler ancak kullan\u0131c\u0131lara grup tart\u0131\u015fmalar\u0131na kat\u0131lma se\u00e7ene\u011fi sunarlar.<\/p>\n<p>4. Filtre veya E\u015fle\u015ftirme Tercihi Yok<br \/>\nCinsiyet, konum veya ilgi alan\u0131 filtresi yoktur. Her \u015fey rastgele se\u00e7iliyor. Belirli bir t\u00fcr insanla konu\u015fmak istiyorsan\u0131z, bu platform bunun i\u00e7in uygun de\u011fil. Buradaki cazibe \u00f6ng\u00f6r\u00fclemezlikte yat\u0131yor.<\/p>\n<p>5. Mobil ve Masa\u00fcst\u00fc Uyumlu<br \/>\niFreeChat, taray\u0131c\u0131 arac\u0131l\u0131\u011f\u0131yla mobil cihazlarda olduk\u00e7a iyi \u00e7al\u0131\u015f\u0131r, ancak kullan\u0131c\u0131 deneyimi masa\u00fcst\u00fcnde daha iyidir. \u00d6zel bir mobil uygulama bulunmamaktad\u0131r.<\/p>\n<p>6. \u0130ndirme Gerekmez<br \/>\nWeb tabanl\u0131 oldu\u011fu i\u00e7in herhangi bir \u015fey y\u00fcklemenize gerek yoktur. Bu, iFreeChat'yi \u00f6zellikle ortak veya payla\u015f\u0131lan bilgisayarlardaki kullan\u0131c\u0131lar i\u00e7in \u00e7ok eri\u015filebilir hale getirir.<\/p>\n<h2>iFreeChat \u00dccretsiz mi?<\/h2>\n<p>Evet, iFreeChat'nin kullan\u0131m\u0131 100% \u00fccretsizdir. Gizli \u00fccretler, y\u00fckseltmeler veya \u00fcyelikler yoktur. Kay\u0131t olman\u0131za bile gerek yok. Site, m\u00fcdahaleci olmayan ve sohbet deneyimine m\u00fcdahale etmeyen reklamlar arac\u0131l\u0131\u011f\u0131yla hafif\u00e7e para kazanmaktad\u0131r. Bununla birlikte, para kazanman\u0131n olmamas\u0131, \u00f6zellikle denetleme ve g\u00fcvenlik \u00f6zellikleri s\u00f6z konusu oldu\u011funda baz\u0131 s\u0131n\u0131rlamalarla birlikte gelir.<\/p>\n<h2>iFreeChat'yi Kimler Kullan\u0131yor?<\/h2>\n<p>iFreeChat'nin kullan\u0131c\u0131 taban\u0131 olduk\u00e7a \u00e7e\u015fitlidir. G\u00f6zlemlerimize g\u00f6re, kullan\u0131c\u0131lar\u0131n \u00e7o\u011funlu\u011fu a\u015fa\u011f\u0131daki kategorilere girmektedir:<\/p>\n<ul>\n<li>15-30 ya\u015f aras\u0131 gen\u00e7ler ve gen\u00e7 yeti\u015fkinler<\/li>\n<li>Hafif fl\u00f6rt veya \u00e7evrimi\u00e7i arkada\u015fl\u0131k arayan ki\u015filer<\/li>\n<li>Modern sohbet uygulamalar\u0131na s\u0131n\u0131rl\u0131 eri\u015fimi olan b\u00f6lgelerdeki kullan\u0131c\u0131lar<\/li>\n<li>Eski usul, anonim sohbet hayranlar\u0131<\/li>\n<li>Utanga\u00e7 veya gizlilik bilincine sahip olan ve video kullanmay\u0131 tercih etmeyen kullan\u0131c\u0131lar<\/li>\n<\/ul>\n<p>Co\u011frafi olarak, kullan\u0131c\u0131lar d\u00fcnyan\u0131n her yerinden geliyor; Amerika Birle\u015fik Devletleri, Hindistan, \u0130ngiltere ve Avrupa ve G\u00fcneydo\u011fu Asya'n\u0131n baz\u0131 b\u00f6lgelerinden g\u00fc\u00e7l\u00fc bir temsiliyet var. Kullan\u0131c\u0131 profili veya oturum a\u00e7ma olmad\u0131\u011f\u0131ndan, kesin demografik bilgiler elde etmek zordur, ancak kalabal\u0131k olduk\u00e7a uluslararas\u0131 olma e\u011filimindedir ve \u00f6zellikle \u00f6zel sohbet modunda biraz erkektir.<\/p>\n<h2>G\u00fcvenlik ve Gizlilik<\/h2>\n<p>\u0130\u015flerin ciddile\u015fti\u011fi yer buras\u0131d\u0131r. iFreeChat'nin en b\u00fcy\u00fck dezavantaj\u0131 moderasyon eksikli\u011fidir. Kay\u0131t olmad\u0131\u011f\u0131 i\u00e7in hesap verebilirlik de yok, bu da uygunsuz i\u00e7erik, trolleme ve bazen sald\u0131rgan davran\u0131\u015flara yol a\u00e7abilir. Birka\u00e7 temel kural ve bir \"Kullan\u0131c\u0131 Bildir\" d\u00fc\u011fmesi var, ancak bunlar yo\u011fun bir \u015fekilde uygulanm\u0131yor veya izlenmiyor gibi g\u00f6r\u00fcn\u00fcyor.<\/p>\n<p>Gizlili\u011fe ve anonimli\u011fe \u00f6nem veren kullan\u0131c\u0131lar i\u00e7in bu hem bir art\u0131 hem de bir eksi olabilir. Bir yandan, herhangi bir ki\u015fisel bilgi vermiyorsunuz. \u00d6te yandan, anonimli\u011fi olumsuz davran\u0131\u015flar i\u00e7in k\u00f6t\u00fcye kullanan insanlarla kar\u015f\u0131la\u015fabilirsiniz.<\/p>\n<p>iFreeChat'yi kullanmak i\u00e7in baz\u0131 g\u00fcvenlik ipu\u00e7lar\u0131:<\/p>\n<ul>\n<li>Ki\u015fisel bilgilerinizi asla payla\u015fmay\u0131n<\/li>\n<li>Di\u011fer kullan\u0131c\u0131lar taraf\u0131ndan g\u00f6nderilen ba\u011flant\u0131lara t\u0131klamaktan ka\u00e7\u0131n\u0131n<\/li>\n<li>IP takibi konusunda endi\u015feleriniz varsa VPN kullan\u0131n<\/li>\n<li>Konu\u015fma uygunsuz hale gelirse h\u0131zla \u00e7\u0131kmaya haz\u0131rl\u0131kl\u0131 olun<\/li>\n<\/ul>\n<h2>Kullan\u0131c\u0131 Deneyimi ve Tasar\u0131m<\/h2>\n<p>iFreeChat son derece hafiftir. Tasar\u0131m \u00e7\u0131plak kemiklerdir - modern UI \u00f6\u011feleri, avatarlar, y\u00fckleme animasyonlar\u0131 yoktur. Aray\u00fcz bir sohbet kutusu, birka\u00e7 temel d\u00fc\u011fme ve ba\u015fka hi\u00e7bir \u015feyden olu\u015fmuyor. Bu, yava\u015f ba\u011flant\u0131larda bile \u00e7ok h\u0131zl\u0131 y\u00fcklenmesine yard\u0131mc\u0131 olur ve basitli\u011fine ra\u011fmen \u015fa\u015f\u0131rt\u0131c\u0131 derecede kararl\u0131d\u0131r.<\/p>\n<p>Minimalist tasar\u0131m\u0131n cazibesi olsa da, baz\u0131 kullan\u0131c\u0131lar \u00f6zellikle Chatspin veya <a href=\"https:\/\/strangercam.com\/tr\/emerald-chat\/\">Z\u00fcmr\u00fct<\/a> Sohbet. Yine de h\u0131z ve sadeli\u011fe \u00f6nem veren kullan\u0131c\u0131lar i\u00e7in dikkat da\u011f\u0131tmadan i\u015flerini hallediyor.<\/p>\n<h2>iFreeChat vs Di\u011fer Sohbet Platformlar\u0131<\/h2>\n<p>iFreeChat'nin \u00e7evrimi\u00e7i sohbet platformlar\u0131 ekosisteminde nereye oturdu\u011funu anlamak i\u00e7in, i\u015fte birka\u00e7 pop\u00fcler alternatifle h\u0131zl\u0131 bir kar\u015f\u0131la\u015ft\u0131rma:<\/p>\n<table>\n<thead>\n<tr>\n<th>\u00d6zellik<\/th>\n<th>iFreeChat<\/th>\n<th>Omegle<\/th>\n<th>Chatib<\/th>\n<th>Chatrandom<\/th>\n<th>Emerald Chat<\/th>\n<\/tr>\n<\/thead>\n<tbody>\n<tr>\n<td>Metin Sohbeti<\/td>\n<td>Evet<\/td>\n<td>Evet<\/td>\n<td>Evet<\/td>\n<td>Evet<\/td>\n<td>Evet<\/td>\n<\/tr>\n<tr>\n<td><a href=\"https:\/\/strangercam.com\/tr\/coomeet\/\">G\u00f6r\u00fcnt\u00fcl\u00fc Sohbet<\/a><\/td>\n<td>Hay\u0131r<\/td>\n<td>Evet<\/td>\n<td>Hay\u0131r<\/td>\n<td>Evet<\/td>\n<td>Evet<\/td>\n<\/tr>\n<tr>\n<td>Anonim Kullan\u0131m<\/td>\n<td>Evet<\/td>\n<td>Evet<\/td>\n<td>Evet<\/td>\n<td>Evet<\/td>\n<td>Opsiyonel<\/td>\n<\/tr>\n<tr>\n<td>Cinsiyet Filtresi<\/td>\n<td>Hay\u0131r<\/td>\n<td>\u00dccretli<\/td>\n<td>Hay\u0131r<\/td>\n<td>\u00dccretli<\/td>\n<td>Evet<\/td>\n<\/tr>\n<tr>\n<td>Konu Sohbet Odalar\u0131<\/td>\n<td>S\u0131n\u0131rl\u0131<\/td>\n<td>Hay\u0131r<\/td>\n<td>Evet<\/td>\n<td>Hay\u0131r<\/td>\n<td>Hay\u0131r<\/td>\n<\/tr>\n<tr>\n<td>Moderasyon<\/td>\n<td>Minimal<\/td>\n<td>Minimal<\/td>\n<td>Minimal<\/td>\n<td>Orta d\u00fczeyde<\/td>\n<td>\u0130yi<\/td>\n<\/tr>\n<tr>\n<td>Mobil Destek<\/td>\n<td>Tamam.<\/td>\n<td>\u0130yi<\/td>\n<td>Tamam.<\/td>\n<td>\u0130yi<\/td>\n<td>\u0130yi<\/td>\n<\/tr>\n<tr>\n<td>Kay\u0131t Gerekli<\/td>\n<td>Hay\u0131r<\/td>\n<td>Hay\u0131r<\/td>\n<td>Hay\u0131r<\/td>\n<td>Hay\u0131r<\/td>\n<td>Evet<\/td>\n<\/tr>\n<\/tbody>\n<\/table>\n<p>iFreeChat \u00f6zellikler a\u00e7\u0131s\u0131ndan rekabet etmiyor, ancak saf, h\u0131zl\u0131, anonim sohbet s\u00f6z konusu oldu\u011funda kendi ba\u015f\u0131na duruyor.<\/p>\n<h2>Art\u0131lar\u0131 ve Eksileri<\/h2>\n<p>Art\u0131lar\u0131:<\/p>\n<ul>\n<li>Tamamen \u00fccretsiz ve anonim<\/li>\n<li>Kay\u0131t veya kurulum gerekmez<\/li>\n<li>Bire bir veya grup sohbetine an\u0131nda eri\u015fim<\/li>\n<li>Yava\u015f a\u011flarda bile h\u0131zl\u0131 y\u00fckleme<\/li>\n<li>Hem masa\u00fcst\u00fc hem de mobil taray\u0131c\u0131larda \u00e7al\u0131\u015f\u0131r<\/li>\n<\/ul>\n<p>Eksiler:<\/p>\n<ul>\n<li>Eski kullan\u0131c\u0131 aray\u00fcz\u00fc<\/li>\n<li>Video veya ses se\u00e7ene\u011fi yok<\/li>\n<li>Filtreleme veya e\u015fle\u015ftirme kontrol\u00fc yok<\/li>\n<li>Minimum moderasyon ve uygunsuz i\u00e7erik potansiyeli<\/li>\n<li>S\u0131n\u0131rl\u0131 konu odas\u0131 etkinli\u011fi<\/li>\n<li>Zaman i\u00e7inde tekrarlay\u0131c\u0131 veya rastgele hissedebilir<\/li>\n<\/ul>\n<h2>\u0130deal Kullan\u0131m \u00d6rnekleri<\/h2>\n<p>iFreeChat a\u015fa\u011f\u0131dakiler i\u00e7in en uygunudur:<\/p>\n<ul>\n<li>Yaln\u0131zca metin etkile\u015fimini tercih eden kullan\u0131c\u0131lar<\/li>\n<li>Ki\u015fisel bilgilerini payla\u015fmadan sohbet etmek isteyen ki\u015filer<\/li>\n<li>G\u00fcndelik, k\u0131sa s\u00fcreli sosyal etkile\u015fim<\/li>\n<li>Eski internet sohbet odalar\u0131ndan ho\u015flanan ve nostaljik bir deneyim isteyen ya\u015fl\u0131 kullan\u0131c\u0131lar<\/li>\n<\/ul>\n<p>Bunun i\u00e7in ideal de\u011fil:<\/p>\n<ul>\n<li>G\u00f6r\u00fcnt\u00fcl\u00fc sohbet veya daha ilgi \u00e7ekici formatlar arayanlar<\/li>\n<li>Fl\u00f6rt \u00f6zellikleri veya e\u015fle\u015ftirme algoritmalar\u0131 isteyen kullan\u0131c\u0131lar<\/li>\n<li>K\u00fcrat\u00f6rl\u00fc veya g\u00fcvenli bir topluluk alan\u0131 arayan ki\u015filer<\/li>\n<\/ul>\n<h2>Nihai Karar<\/h2>\n<p>iFreeChat, internetin daha basit bir d\u00f6nemine, yabanc\u0131larla sohbet etmenin filtresiz, profilsiz ve zorunluluk olmadan do\u011frudan metin tabanl\u0131 konu\u015fmalara dalmak anlam\u0131na geldi\u011fi bir d\u00f6neme geri d\u00f6n\u00fc\u015f niteli\u011finde. Bu basitlik onun en b\u00fcy\u00fck g\u00fcc\u00fc ama ayn\u0131 zamanda en b\u00fcy\u00fck zay\u0131fl\u0131\u011f\u0131.<\/p>\n<p>E\u011fer g\u00f6steri\u015fli, sosyal ve topluluk odakl\u0131 bir \u015fey ar\u0131yorsan\u0131z, daha iyi se\u00e7enekler var. Ancak h\u0131za, anonimli\u011fe de\u011fer veriyorsan\u0131z ve birka\u00e7 p\u00fcr\u00fcze ald\u0131r\u0131\u015f etmiyorsan\u0131z, iFreeChat'nin \u00e7evrimi\u00e7i sohbet d\u00fcnyas\u0131nda hala bir yeri var.<\/p>\n<p>IRC tarz\u0131 sohbetlerin eski g\u00fcnlerini \u00f6zleyen veya sadece anonim olarak sohbet ederek birka\u00e7 dakika ge\u00e7irmek isteyen kullan\u0131c\u0131lar i\u00e7in, video \u00f6ncelikli uygulamalar \u00e7a\u011f\u0131nda hala ayakta kalan g\u00fcvenilir (basit olsa da) bir ara\u00e7t\u0131r.<\/p>\n<h2>Daha \u0130yi Bir Deneyim \u0130\u00e7in \u0130pu\u00e7lar\u0131<\/h2>\n<ul>\n<li>Daha kararl\u0131 ve kullan\u0131c\u0131 dostu bir d\u00fczen i\u00e7in masa\u00fcst\u00fcn\u00fc kullan\u0131n<\/li>\n<li>Daha aktif kullan\u0131c\u0131lar i\u00e7in gece ge\u00e7 saatlerde oturumlar\u0131 deneyin<\/li>\n<li>Derin veya kal\u0131c\u0131 ba\u011flant\u0131lar beklemeyin - daha \u00e7ok e\u011flence ve g\u00fcndelik sohbet i\u00e7indir<\/li>\n<li>\u00d6l\u00e7\u00fcl\u00fcl\u00fck veya g\u00fcvenlikle ilgili beklentileri d\u00fc\u015f\u00fck tutun<\/li>\n<\/ul>\n<h2>iFreeChat Buna De\u011fer mi?<\/h2>\n<p>K\u0131sacas\u0131: basitlik ve anonimlik pe\u015findeyseniz evet. Ancak daha geli\u015fmi\u015f, daha g\u00fcvenli veya zengin \u00f6zelliklere sahip bir sohbet platformu ar\u0131yorsan\u0131z hay\u0131r. Her \u015fey ne t\u00fcr bir \u00e7evrimi\u00e7i sohbet deneyiminin pe\u015finde oldu\u011funuza ba\u011fl\u0131.<\/p>","protected":false},"excerpt":{"rendered":"<p>In a world where video chat apps are becoming increasingly polished, filtered, and monetized, there\u2019s a small but persistent demand for something more raw and minimalist. That\u2019s where iFreeChat comes in. It\u2019s not flashy, it\u2019s not packed with high-tech features, and it won\u2019t cost you a cent. But does it offer real value? And more [&hellip;]<\/p>\n","protected":false},"author":6,"featured_media":0,"parent":0,"menu_order":0,"comment_status":"closed","ping_status":"closed","template":"","meta":{"footnotes":""},"class_list":["post-12808","page","type-page","status-publish","hentry"],"yoast_head":"<!-- This site is optimized with the Yoast SEO plugin v27.4 - https:\/\/yoast.com\/product\/yoast-seo-wordpress\/ -->\n<title>iFreeChat - Live video chat with girls on StrangerCam.com<\/title>\n<meta name=\"description\" content=\"Like iFreeChat? Come chat with more than 5.000.000 strangers on Stranger Cam for Free! Turn on your cam and find new friends &amp; maby a match!\" \/>\n<meta name=\"robots\" content=\"index, follow, max-snippet:-1, max-image-preview:large, max-video-preview:-1\" \/>\n<link rel=\"canonical\" href=\"https:\/\/strangercam.com\/tr\/ifreechat\/\" \/>\n<meta property=\"og:locale\" content=\"tr_TR\" \/>\n<meta property=\"og:type\" content=\"article\" \/>\n<meta property=\"og:title\" content=\"iFreeChat - Live video chat with girls on StrangerCam.com\" \/>\n<meta property=\"og:description\" content=\"Like iFreeChat? Come chat with more than 5.000.000 strangers on Stranger Cam for Free! Turn on your cam and find new friends &amp; maby a match!\" \/>\n<meta property=\"og:url\" content=\"https:\/\/strangercam.com\/tr\/ifreechat\/\" \/>\n<meta property=\"og:site_name\" content=\"Strangercam\" \/>\n<meta property=\"article:publisher\" content=\"https:\/\/www.facebook.com\/strangercam\" \/>\n<meta property=\"article:modified_time\" content=\"2025-04-22T11:39:25+00:00\" \/>\n<meta property=\"og:image\" content=\"https:\/\/strangercam.com\/wp-content\/uploads\/2021\/10\/Untitled-2.png\" \/>\n\t<meta property=\"og:image:width\" content=\"800\" \/>\n\t<meta property=\"og:image:height\" content=\"532\" \/>\n\t<meta property=\"og:image:type\" content=\"image\/png\" \/>\n<meta name=\"twitter:card\" content=\"summary_large_image\" \/>\n<meta name=\"twitter:site\" content=\"@strangercamapp\" \/>\n<meta name=\"twitter:label1\" content=\"Tahmini okuma s\u00fcresi\" \/>\n\t<meta name=\"twitter:data1\" content=\"7 dakika\" \/>\n<script type=\"application\/ld+json\" class=\"yoast-schema-graph\">{\"@context\":\"https:\\\/\\\/schema.org\",\"@graph\":[{\"@type\":\"WebPage\",\"@id\":\"https:\\\/\\\/strangercam.com\\\/ifreechat\\\/\",\"url\":\"https:\\\/\\\/strangercam.com\\\/ifreechat\\\/\",\"name\":\"iFreeChat - Live video chat with girls on StrangerCam.com\",\"isPartOf\":{\"@id\":\"https:\\\/\\\/strangercam.com\\\/#website\"},\"datePublished\":\"2025-04-22T11:39:13+00:00\",\"dateModified\":\"2025-04-22T11:39:25+00:00\",\"description\":\"Like iFreeChat? Come chat with more than 5.000.000 strangers on Stranger Cam for Free! Turn on your cam and find new friends & maby a match!\",\"breadcrumb\":{\"@id\":\"https:\\\/\\\/strangercam.com\\\/ifreechat\\\/#breadcrumb\"},\"inLanguage\":\"tr\",\"potentialAction\":[{\"@type\":\"ReadAction\",\"target\":[\"https:\\\/\\\/strangercam.com\\\/ifreechat\\\/\"]}]},{\"@type\":\"BreadcrumbList\",\"@id\":\"https:\\\/\\\/strangercam.com\\\/ifreechat\\\/#breadcrumb\",\"itemListElement\":[{\"@type\":\"ListItem\",\"position\":1,\"name\":\"Home\",\"item\":\"https:\\\/\\\/strangercam.com\\\/\"},{\"@type\":\"ListItem\",\"position\":2,\"name\":\"iFreeChat\"}]},{\"@type\":\"WebSite\",\"@id\":\"https:\\\/\\\/strangercam.com\\\/#website\",\"url\":\"https:\\\/\\\/strangercam.com\\\/\",\"name\":\"Strangercam\",\"description\":\"Random Video Chat with Strangers\",\"publisher\":{\"@id\":\"https:\\\/\\\/strangercam.com\\\/#organization\"},\"alternateName\":\"Strangercam.com\",\"potentialAction\":[{\"@type\":\"SearchAction\",\"target\":{\"@type\":\"EntryPoint\",\"urlTemplate\":\"https:\\\/\\\/strangercam.com\\\/?s={search_term_string}\"},\"query-input\":{\"@type\":\"PropertyValueSpecification\",\"valueRequired\":true,\"valueName\":\"search_term_string\"}}],\"inLanguage\":\"tr\"},{\"@type\":\"Organization\",\"@id\":\"https:\\\/\\\/strangercam.com\\\/#organization\",\"name\":\"Strangercam\",\"alternateName\":\"Strangercam.com\",\"url\":\"https:\\\/\\\/strangercam.com\\\/\",\"logo\":{\"@type\":\"ImageObject\",\"inLanguage\":\"tr\",\"@id\":\"https:\\\/\\\/strangercam.com\\\/#\\\/schema\\\/logo\\\/image\\\/\",\"url\":\"https:\\\/\\\/strangercam.com\\\/wp-content\\\/uploads\\\/2020\\\/11\\\/cropped-new-favicon-black.png\",\"contentUrl\":\"https:\\\/\\\/strangercam.com\\\/wp-content\\\/uploads\\\/2020\\\/11\\\/cropped-new-favicon-black.png\",\"width\":512,\"height\":512,\"caption\":\"Strangercam\"},\"image\":{\"@id\":\"https:\\\/\\\/strangercam.com\\\/#\\\/schema\\\/logo\\\/image\\\/\"},\"sameAs\":[\"https:\\\/\\\/www.facebook.com\\\/strangercam\",\"https:\\\/\\\/x.com\\\/strangercamapp\"]}]}<\/script>\n<!-- \/ Yoast SEO plugin. -->","yoast_head_json":{"title":"iFreeChat - StrangerCam.com'da k\u0131zlarla canl\u0131 g\u00f6r\u00fcnt\u00fcl\u00fc sohbet","description":"iFreeChat'yi be\u011fendiniz mi? Gelin Stranger Cam'de 5.000.000'dan fazla yabanc\u0131yla \u00dccretsiz sohbet edin! Kameran\u0131z\u0131 a\u00e7\u0131n ve yeni arkada\u015flar ve belki bir e\u015fle\u015fme bulun!","robots":{"index":"index","follow":"follow","max-snippet":"max-snippet:-1","max-image-preview":"max-image-preview:large","max-video-preview":"max-video-preview:-1"},"canonical":"https:\/\/strangercam.com\/tr\/ifreechat\/","og_locale":"tr_TR","og_type":"article","og_title":"iFreeChat - Live video chat with girls on StrangerCam.com","og_description":"Like iFreeChat? Come chat with more than 5.000.000 strangers on Stranger Cam for Free! Turn on your cam and find new friends & maby a match!","og_url":"https:\/\/strangercam.com\/tr\/ifreechat\/","og_site_name":"Strangercam","article_publisher":"https:\/\/www.facebook.com\/strangercam","article_modified_time":"2025-04-22T11:39:25+00:00","og_image":[{"width":800,"height":532,"url":"https:\/\/strangercam.com\/wp-content\/uploads\/2021\/10\/Untitled-2.png","type":"image\/png"}],"twitter_card":"summary_large_image","twitter_site":"@strangercamapp","twitter_misc":{"Tahmini okuma s\u00fcresi":"7 dakika"},"schema":{"@context":"https:\/\/schema.org","@graph":[{"@type":"WebPage","@id":"https:\/\/strangercam.com\/ifreechat\/","url":"https:\/\/strangercam.com\/ifreechat\/","name":"iFreeChat - StrangerCam.com'da k\u0131zlarla canl\u0131 g\u00f6r\u00fcnt\u00fcl\u00fc sohbet","isPartOf":{"@id":"https:\/\/strangercam.com\/#website"},"datePublished":"2025-04-22T11:39:13+00:00","dateModified":"2025-04-22T11:39:25+00:00","description":"iFreeChat'yi be\u011fendiniz mi? Gelin Stranger Cam'de 5.000.000'dan fazla yabanc\u0131yla \u00dccretsiz sohbet edin! Kameran\u0131z\u0131 a\u00e7\u0131n ve yeni arkada\u015flar ve belki bir e\u015fle\u015fme bulun!","breadcrumb":{"@id":"https:\/\/strangercam.com\/ifreechat\/#breadcrumb"},"inLanguage":"tr","potentialAction":[{"@type":"ReadAction","target":["https:\/\/strangercam.com\/ifreechat\/"]}]},{"@type":"BreadcrumbList","@id":"https:\/\/strangercam.com\/ifreechat\/#breadcrumb","itemListElement":[{"@type":"ListItem","position":1,"name":"Home","item":"https:\/\/strangercam.com\/"},{"@type":"ListItem","position":2,"name":"iFreeChat"}]},{"@type":"WebSite","@id":"https:\/\/strangercam.com\/#website","url":"https:\/\/strangercam.com\/","name":"Strangercam","description":"Yabanc\u0131larla Rastgele G\u00f6r\u00fcnt\u00fcl\u00fc Sohbet","publisher":{"@id":"https:\/\/strangercam.com\/#organization"},"alternateName":"Strangercam.com","potentialAction":[{"@type":"SearchAction","target":{"@type":"EntryPoint","urlTemplate":"https:\/\/strangercam.com\/?s={search_term_string}"},"query-input":{"@type":"PropertyValueSpecification","valueRequired":true,"valueName":"search_term_string"}}],"inLanguage":"tr"},{"@type":"Organization","@id":"https:\/\/strangercam.com\/#organization","name":"Strangercam","alternateName":"Strangercam.com","url":"https:\/\/strangercam.com\/","logo":{"@type":"ImageObject","inLanguage":"tr","@id":"https:\/\/strangercam.com\/#\/schema\/logo\/image\/","url":"https:\/\/strangercam.com\/wp-content\/uploads\/2020\/11\/cropped-new-favicon-black.png","contentUrl":"https:\/\/strangercam.com\/wp-content\/uploads\/2020\/11\/cropped-new-favicon-black.png","width":512,"height":512,"caption":"Strangercam"},"image":{"@id":"https:\/\/strangercam.com\/#\/schema\/logo\/image\/"},"sameAs":["https:\/\/www.facebook.com\/strangercam","https:\/\/x.com\/strangercamapp"]}]}},"_links":{"self":[{"href":"https:\/\/strangercam.com\/tr\/wp-json\/wp\/v2\/pages\/12808","targetHints":{"allow":["GET"]}}],"collection":[{"href":"https:\/\/strangercam.com\/tr\/wp-json\/wp\/v2\/pages"}],"about":[{"href":"https:\/\/strangercam.com\/tr\/wp-json\/wp\/v2\/types\/page"}],"author":[{"embeddable":true,"href":"https:\/\/strangercam.com\/tr\/wp-json\/wp\/v2\/users\/6"}],"replies":[{"embeddable":true,"href":"https:\/\/strangercam.com\/tr\/wp-json\/wp\/v2\/comments?post=12808"}],"version-history":[{"count":1,"href":"https:\/\/strangercam.com\/tr\/wp-json\/wp\/v2\/pages\/12808\/revisions"}],"predecessor-version":[{"id":12811,"href":"https:\/\/strangercam.com\/tr\/wp-json\/wp\/v2\/pages\/12808\/revisions\/12811"}],"wp:attachment":[{"href":"https:\/\/strangercam.com\/tr\/wp-json\/wp\/v2\/media?parent=12808"}],"curies":[{"name":"wp","href":"https:\/\/api.w.org\/{rel}","templated":true}]}}