{"id":12708,"date":"2025-02-07T13:30:21","date_gmt":"2025-02-07T11:30:21","guid":{"rendered":"https:\/\/strangercam.com\/?page_id=12708"},"modified":"2025-02-07T13:30:59","modified_gmt":"2025-02-07T11:30:59","slug":"tochato","status":"publish","type":"page","link":"https:\/\/strangercam.com\/tr\/tochato\/","title":{"rendered":"Tochato"},"content":{"rendered":"<p>S\u00fcrekli geli\u015fen \u00e7evrimi\u00e7i ileti\u015fim ortam\u0131nda Tochato, spontane, metin tabanl\u0131 ba\u011flant\u0131lar arayanlar i\u00e7in \u00f6ne \u00e7\u0131kan bir hedef olarak ortaya \u00e7\u0131kt\u0131. Anonimli\u011fe ve kullan\u0131c\u0131 dostu olmaya odaklanan Tochato, tamamen yabanc\u0131larla sohbet edebilece\u011finiz ve muhtemelen yeni bir veya iki arkada\u015fla uzakla\u015fabilece\u011finiz bir ortam sunuyor. G\u00f6r\u00fcnt\u00fcl\u00fc g\u00f6r\u00fc\u015fmeler yerine metin sohbetlerinin basitli\u011fini tercih eden biriyseniz, Tochato m\u00fckemmel bir dijital mek\u00e2n olabilir.<\/p>\n<h2>Tochato Nedir?<\/h2>\n<p>\u00d6z\u00fcnde, Tochato rastgele bir <a href=\"https:\/\/strangercam.com\/tr\/chathub\/\">sohbet<\/a> kullan\u0131c\u0131lar\u0131 ger\u00e7ek zamanl\u0131 metin sohbetleri i\u00e7in bir araya getiren bir platformdur. G\u00f6r\u00fcnt\u00fcl\u00fc etkile\u015fimlere \u00f6ncelik veren bir\u00e7ok modern sohbet sitesinin aksine Tochato, daha rahat ve d\u00fc\u015f\u00fck bas\u0131n\u00e7l\u0131 bir ortam yaratmak i\u00e7in metin sohbetlerini \u00f6ne \u00e7\u0131kararak temellere geri d\u00f6nen bir yakla\u015f\u0131m benimsiyor.<\/p>\n<ul>\n<li>Anonim Ba\u011flant\u0131lar: Video gereksinimi olmamas\u0131, ola\u011fan g\u00f6rsel beklentiler olmadan daha \u00f6zg\u00fcrce sohbet edebilece\u011finiz anlam\u0131na gelir.<\/li>\n<li>An\u0131nda E\u015fle\u015ftirme: Sadece birka\u00e7 t\u0131klamayla rastgele bir kullan\u0131c\u0131ya ba\u011flan\u0131n.<\/li>\n<li>Kullan\u0131c\u0131 Dostu Tasar\u0131m: Aray\u00fcz basit ve anla\u015f\u0131l\u0131rd\u0131r, bu da yeni ba\u015flayanlar\u0131n gezinmesini kolayla\u015ft\u0131r\u0131r.<\/li>\n<\/ul>\n<p>Tochato spontanl\u0131\u011fa g\u00fc\u00e7l\u00fc bir vurgu yapar. Her sohbet oturumu hi\u00e7bir \u00f6nyarg\u0131 olmadan ba\u015flar - kiminle sohbet edece\u011finizi asla bilemezsiniz. <a href=\"https:\/\/strangercam.com\/tr\/coomeet\/\">tan\u0131\u015fmak<\/a> ya da hangi hikayeleri payla\u015faca\u011f\u0131n\u0131z\u0131. Bu \u00f6ng\u00f6r\u00fclemezlik Tochato'nun cazibesinin merkezinde yer al\u0131yor ve uzun kay\u0131t s\u00fcre\u00e7leri veya karma\u015f\u0131k kurulumlar olmadan yeni biriyle tan\u0131\u015fman\u0131n heyecan\u0131n\u0131 sunuyor.<\/p>\n<h2>Tochato Kullan\u0131m\u0131 \u00dccretsiz mi?<\/h2>\n<p>Tochato'nun en b\u00fcy\u00fck cazibelerinden biri eri\u015filebilirli\u011fidir. Platform herkesin kullanmas\u0131 i\u00e7in \u00fccretsizdir. Genellikle abonelik \u00fccreti veya premium plan yoktur; sadece web sitesini a\u00e7ar ve sohbete ba\u015flars\u0131n\u0131z. Baz\u0131 rastgele sohbet platformlar\u0131 geli\u015fmi\u015f \u00f6zellikleri bir \u00f6deme duvar\u0131n\u0131n arkas\u0131na kilitlerken, Tochato her kullan\u0131c\u0131n\u0131n kullanmas\u0131na izin veren maliyetsiz bir yakla\u015f\u0131m s\u00fcrd\u00fcr\u00fcyor:<\/p>\n<ul>\n<li>Rastgele yabanc\u0131larla an\u0131nda ba\u011flant\u0131 kurun<\/li>\n<li>S\u0131n\u0131rs\u0131z metin g\u00f6r\u00fc\u015fmesi yap\u0131n<\/li>\n<li>\u00c7e\u015fitli sohbet odas\u0131 se\u00e7eneklerini ke\u015ffedin (varsa)<\/li>\n<\/ul>\n<p>Tochato \u00f6ncelikle metin tabanl\u0131 ileti\u015fime dayand\u0131\u011f\u0131ndan, \u00f6zelliklerin \u00e7o\u011fu y\u00fcksek bant geni\u015fli\u011fi veya \u00f6zel donan\u0131m gerektirmez; bu da i\u015fleri hem uygun maliyetli hem de sorunsuz tutan bir ba\u015fka avantajd\u0131r.<\/p>\n<h2>Tochato Nas\u0131l Kullan\u0131l\u0131r<\/h2>\n<p>Tochato'nun pop\u00fclerlik kazanmas\u0131n\u0131n nedenlerinden biri de zahmetsiz kurulumu. \u0130\u015fte ba\u015flang\u0131\u00e7 i\u00e7in h\u0131zl\u0131 bir \u00f6zet:<\/p>\n<ol>\n<li>Web Sitesini Ziyaret Edin<br \/>\nTochato ana sayfas\u0131na gitmeniz yeterlidir. Genellikle hemen \"Sohbet Ba\u015flat\" veya \"Ba\u011flan\" se\u00e7ene\u011fini g\u00f6receksiniz.<\/li>\n<li>Sohbete Girin<br \/>\nRastgele bir metin sohbeti ba\u015flatmak i\u00e7in d\u00fc\u011fmeye t\u0131klay\u0131n. Sistem sizi an\u0131nda ba\u015fka bir kullan\u0131c\u0131yla e\u015fle\u015ftirecektir.<\/li>\n<li>Anonim Kal\u0131n veya Bir Takma Ad Belirleyin<br \/>\nBir\u00e7ok kullan\u0131c\u0131 hi\u00e7 isim kullanmaman\u0131n getirdi\u011fi anonimli\u011fin tad\u0131n\u0131 \u00e7\u0131kar\u0131rken, baz\u0131 platformlar bir takma ad belirlemenize izin verir. Bu tamamen size kalm\u0131\u015f.<\/li>\n<li>Sohbete Ba\u015flay\u0131n<br \/>\nBa\u011fland\u0131ktan sonra dost\u00e7a bir selamlama g\u00f6nderin. Konu\u015fma uygun de\u011filse, genellikle ba\u015fka bir rastgele sohbet orta\u011f\u0131na ge\u00e7mek i\u00e7in \"\u0130leri\" yi t\u0131klayabilirsiniz.<\/li>\n<li>Topluluk Kurallar\u0131na Dikkat Edin<br \/>\nSohbeti herkes i\u00e7in keyifli k\u0131lmak i\u00e7in Tochato genellikle spam veya k\u00fcf\u00fcrl\u00fc dil kullanmama gibi temel kurallar\u0131 ana hatlar\u0131yla belirtir. Kendiniz ve ba\u015fkalar\u0131 i\u00e7in olumlu bir deneyim sa\u011flamak i\u00e7in bu kurallara uydu\u011funuzdan emin olun.<\/li>\n<\/ol>\n<h2>Tochato En \u0130yi Ne \u0130\u00e7in Kullan\u0131l\u0131r?<\/h2>\n<p>Tochato, spontane, d\u00fc\u015f\u00fck bas\u0131n\u00e7l\u0131 metin sohbetleri i\u00e7in bir platform olarak parl\u0131yor. \u0130\u015fte ger\u00e7ekten \u00f6ne \u00e7\u0131kt\u0131\u011f\u0131 yer:<\/p>\n<ul>\n<li>Anonimlik ve Rahatl\u0131k: Eklenen video katman\u0131 olmadan, anonim kalmak daha kolayd\u0131r, bu da insanlar\u0131n kendilerini daha \u00f6zg\u00fcrce a\u00e7malar\u0131na veya ifade etmelerine olanak tan\u0131r.<\/li>\n<li>An\u0131nda Ba\u011flant\u0131lar: Bir sonraki sohbete an\u0131nda ge\u00e7ebildi\u011finiz i\u00e7in, birinin odan\u0131za kat\u0131lmas\u0131n\u0131 beklemek i\u00e7in uzun s\u00fcreler harcamazs\u0131n\u0131z.<\/li>\n<li>Rahat ve Basit Aray\u00fcz: \u00c7anlar ve \u0131sl\u0131klar (veya komplikasyonlar) olmadan h\u0131zl\u0131 sosyal etkile\u015fim isteyen herkes i\u00e7in m\u00fckemmel <a href=\"https:\/\/strangercam.com\/tr\/rabbit-video-chat\/\">g\u00f6r\u00fcnt\u00fcl\u00fc sohbet<\/a>.<\/li>\n<li>Dil Becerilerini Pratik Edin: Metin tabanl\u0131 platformlar, d\u00fcnyan\u0131n d\u00f6rt bir yan\u0131ndan farkl\u0131 konu\u015fmac\u0131larla ger\u00e7ek zamanl\u0131 sohbet ederek yeni bir dil prati\u011fi yapmak i\u00e7in m\u00fckemmeldir.<\/li>\n<\/ul>\n<p>G\u00f6r\u00fcn\u00fc\u015f ve konumun odak noktas\u0131 olmad\u0131\u011f\u0131 daha rahat bir ortam\u0131 tercih eden biriyseniz, Tochato'nun yaln\u0131zca metin yakla\u015f\u0131m\u0131 tam olarak ihtiyac\u0131n\u0131z olan\u0131 sunabilir.<\/p>\n<h2>Tochato'nun Temel \u00d6zellikleri<\/h2>\n<p>Tochato basitli\u011fi ile bilinmesine ra\u011fmen, kullan\u0131c\u0131 deneyimini geli\u015ftirmek i\u00e7in tasarlanm\u0131\u015f \u00f6zelliklerle doludur:<\/p>\n<ul>\n<li>Rastgele E\u015fle\u015ftirme: D\u00fcnyan\u0131n farkl\u0131 yerlerinden insanlarla an\u0131nda e\u015fle\u015fin.<\/li>\n<li>Kullan\u0131c\u0131lar\u0131 'Sonraki' Se\u00e7ene\u011fi: Bir konu\u015fma iyi gitmiyorsa, h\u0131zl\u0131 bir \u015fekilde ba\u015fka bir kullan\u0131c\u0131ya ge\u00e7ebilirsiniz.<\/li>\n<li>Minimal Kurulum: Ek indirme veya karma\u015f\u0131k kurulum gerekmez; sadece siteyi a\u00e7\u0131n ve sohbete ba\u015flay\u0131n.<\/li>\n<li>Duyarl\u0131 Tasar\u0131m: Tochato genellikle hem masa\u00fcst\u00fc hem de mobil cihazlarda sorunsuz \u00e7al\u0131\u015f\u0131r ve hareket halindeyken sohbet etmenizi sa\u011flar.<\/li>\n<li>G\u00fcvenlik \u00d6nlemleri: Belirli \u00f6zellikler de\u011fi\u015febilirken, Tochato tipik olarak uygunsuz davran\u0131\u015flar\u0131 i\u015faretlemek i\u00e7in bir t\u00fcr denetleme veya raporlama arac\u0131 sa\u011flar.<\/li>\n<\/ul>\n<p>\u00dccretsiz ve basit oldu\u011fu i\u00e7in h\u0131zl\u0131, spontane etkile\u015fimler i\u00e7in harika bir platformdur - hesap olu\u015fturma veya ayr\u0131nt\u0131l\u0131 kullan\u0131c\u0131 profilleri gerekmez.<\/p>\n<h2>Tochato Alternatifleri Nelerdir?<\/h2>\n<p>Metin tabanl\u0131 rastgele sohbetlerden ho\u015flan\u0131yorsan\u0131z, ilginizi \u00e7ekebilecek birka\u00e7 alternatif platform var. Gibi siteler <a href=\"https:\/\/strangercam.com\/tr\/omegle\/\">Omegle<\/a> veya <a href=\"https:\/\/strangercam.com\/tr\/chatroulette\/\">Chatroulette<\/a> (video se\u00e7enekleri de var) yaln\u0131zca metin modlar\u0131 sa\u011flarken, daha topluluk odakl\u0131 siteler konu tabanl\u0131 sohbet odalar\u0131na kat\u0131lman\u0131za izin verir. Ancak Tochato'nin video yerine metne odaklanmas\u0131, \u00f6zellikle anonimli\u011fi ve basitli\u011fi tercih eden kullan\u0131c\u0131lar i\u00e7in onu di\u011ferlerinden ay\u0131r\u0131yor.<\/p>\n<p>Farkl\u0131 siteleri ke\u015ffetmek e\u011flenceli olabilir ve ideal sohbet toplulu\u011funuzu bulman\u0131za yard\u0131mc\u0131 olabilir, ancak Tochato karma\u015f\u0131k olmayan, rastgele metin sohbetlerini sevenler i\u00e7in en iyi se\u00e7im olmaya devam ediyor.<\/p>\n<h2>Sonu\u00e7<\/h2>\n<p>G\u00f6r\u00fcnt\u00fcl\u00fc sohbetin bask\u0131lar\u0131yla u\u011fra\u015fmadan tamamen yabanc\u0131larla spontane metin sohbetleri ba\u015flatabilece\u011finiz bir platform ar\u0131yorsan\u0131z,ochato ke\u015ffetmeye de\u011fer. \u00dccretsiz, sezgisel ve i\u015fleri ilgin\u00e7 k\u0131lmak i\u00e7in yeterli \u00f6zelliklerle dolu olan bu platform, rahat ve anonim ortam\u0131n\u0131 korurken yeni insanlarla tan\u0131\u015fman\u0131n heyecan\u0131n\u0131 da ya\u015fat\u0131yor. Tochato'yu deneyin ve anlaml\u0131 ba\u011flant\u0131lar\u0131n sadece bir k\u0131sa mesaj uzakl\u0131\u011f\u0131nda oldu\u011funu g\u00f6rebilirsiniz.<\/p>","protected":false},"excerpt":{"rendered":"<p>In the ever-evolving landscape of online communication, Tochato has emerged as a standout destination for those seeking spontaneous, text-based connections. With a focus on anonymity and user-friendliness, Tochato offers an environment where you can strike up a conversation with complete strangers\u2014and possibly walk away with a new friend or two. If you\u2019re someone who prefers [&hellip;]<\/p>\n","protected":false},"author":6,"featured_media":0,"parent":0,"menu_order":0,"comment_status":"closed","ping_status":"closed","template":"","meta":{"footnotes":""},"class_list":["post-12708","page","type-page","status-publish","hentry"],"yoast_head":"<!-- This site is optimized with the Yoast SEO plugin v27.4 - https:\/\/yoast.com\/product\/yoast-seo-wordpress\/ -->\n<title>Tochato - Free random chat with strangers on StrangerCam.com<\/title>\n<meta name=\"description\" content=\"Like Tochato? Come chat with more than 5.000.000 strangers on Stranger Cam for Free! Turn on your cam and find new friends &amp; maby a match!\" \/>\n<meta name=\"robots\" content=\"index, follow, max-snippet:-1, max-image-preview:large, max-video-preview:-1\" \/>\n<link rel=\"canonical\" href=\"https:\/\/strangercam.com\/tr\/tochato\/\" \/>\n<meta property=\"og:locale\" content=\"tr_TR\" \/>\n<meta property=\"og:type\" content=\"article\" \/>\n<meta property=\"og:title\" content=\"Tochato - Free random chat with strangers on StrangerCam.com\" \/>\n<meta property=\"og:description\" content=\"Like Tochato? Come chat with more than 5.000.000 strangers on Stranger Cam for Free! Turn on your cam and find new friends &amp; maby a match!\" \/>\n<meta property=\"og:url\" content=\"https:\/\/strangercam.com\/tr\/tochato\/\" \/>\n<meta property=\"og:site_name\" content=\"Strangercam\" \/>\n<meta property=\"article:publisher\" content=\"https:\/\/www.facebook.com\/strangercam\" \/>\n<meta property=\"article:modified_time\" content=\"2025-02-07T11:30:59+00:00\" \/>\n<meta property=\"og:image\" content=\"https:\/\/strangercam.com\/wp-content\/uploads\/2021\/10\/Untitled-2.png\" \/>\n\t<meta property=\"og:image:width\" content=\"800\" \/>\n\t<meta property=\"og:image:height\" content=\"532\" \/>\n\t<meta property=\"og:image:type\" content=\"image\/png\" \/>\n<meta name=\"twitter:card\" content=\"summary_large_image\" \/>\n<meta name=\"twitter:site\" content=\"@strangercamapp\" \/>\n<meta name=\"twitter:label1\" content=\"Tahmini okuma s\u00fcresi\" \/>\n\t<meta name=\"twitter:data1\" content=\"4 dakika\" \/>\n<script type=\"application\/ld+json\" class=\"yoast-schema-graph\">{\"@context\":\"https:\\\/\\\/schema.org\",\"@graph\":[{\"@type\":\"WebPage\",\"@id\":\"https:\\\/\\\/strangercam.com\\\/tochato\\\/\",\"url\":\"https:\\\/\\\/strangercam.com\\\/tochato\\\/\",\"name\":\"Tochato - Free random chat with strangers on StrangerCam.com\",\"isPartOf\":{\"@id\":\"https:\\\/\\\/strangercam.com\\\/#website\"},\"datePublished\":\"2025-02-07T11:30:21+00:00\",\"dateModified\":\"2025-02-07T11:30:59+00:00\",\"description\":\"Like Tochato? Come chat with more than 5.000.000 strangers on Stranger Cam for Free! Turn on your cam and find new friends & maby a match!\",\"breadcrumb\":{\"@id\":\"https:\\\/\\\/strangercam.com\\\/tochato\\\/#breadcrumb\"},\"inLanguage\":\"tr\",\"potentialAction\":[{\"@type\":\"ReadAction\",\"target\":[\"https:\\\/\\\/strangercam.com\\\/tochato\\\/\"]}]},{\"@type\":\"BreadcrumbList\",\"@id\":\"https:\\\/\\\/strangercam.com\\\/tochato\\\/#breadcrumb\",\"itemListElement\":[{\"@type\":\"ListItem\",\"position\":1,\"name\":\"Home\",\"item\":\"https:\\\/\\\/strangercam.com\\\/\"},{\"@type\":\"ListItem\",\"position\":2,\"name\":\"Tochato\"}]},{\"@type\":\"WebSite\",\"@id\":\"https:\\\/\\\/strangercam.com\\\/#website\",\"url\":\"https:\\\/\\\/strangercam.com\\\/\",\"name\":\"Strangercam\",\"description\":\"Random Video Chat with Strangers\",\"publisher\":{\"@id\":\"https:\\\/\\\/strangercam.com\\\/#organization\"},\"alternateName\":\"Strangercam.com\",\"potentialAction\":[{\"@type\":\"SearchAction\",\"target\":{\"@type\":\"EntryPoint\",\"urlTemplate\":\"https:\\\/\\\/strangercam.com\\\/?s={search_term_string}\"},\"query-input\":{\"@type\":\"PropertyValueSpecification\",\"valueRequired\":true,\"valueName\":\"search_term_string\"}}],\"inLanguage\":\"tr\"},{\"@type\":\"Organization\",\"@id\":\"https:\\\/\\\/strangercam.com\\\/#organization\",\"name\":\"Strangercam\",\"alternateName\":\"Strangercam.com\",\"url\":\"https:\\\/\\\/strangercam.com\\\/\",\"logo\":{\"@type\":\"ImageObject\",\"inLanguage\":\"tr\",\"@id\":\"https:\\\/\\\/strangercam.com\\\/#\\\/schema\\\/logo\\\/image\\\/\",\"url\":\"https:\\\/\\\/strangercam.com\\\/wp-content\\\/uploads\\\/2020\\\/11\\\/cropped-new-favicon-black.png\",\"contentUrl\":\"https:\\\/\\\/strangercam.com\\\/wp-content\\\/uploads\\\/2020\\\/11\\\/cropped-new-favicon-black.png\",\"width\":512,\"height\":512,\"caption\":\"Strangercam\"},\"image\":{\"@id\":\"https:\\\/\\\/strangercam.com\\\/#\\\/schema\\\/logo\\\/image\\\/\"},\"sameAs\":[\"https:\\\/\\\/www.facebook.com\\\/strangercam\",\"https:\\\/\\\/x.com\\\/strangercamapp\"]}]}<\/script>\n<!-- \/ Yoast SEO plugin. -->","yoast_head_json":{"title":"Tochato - StrangerCam.com'da yabanc\u0131larla \u00fccretsiz rastgele sohbet","description":"Tochato'yu seviyor musun? Gelin Stranger Cam'de 5.000.000'dan fazla yabanc\u0131yla \u00dccretsiz sohbet edin! Kameran\u0131z\u0131 a\u00e7\u0131n ve yeni arkada\u015flar ve belki bir e\u015fle\u015fme bulun!","robots":{"index":"index","follow":"follow","max-snippet":"max-snippet:-1","max-image-preview":"max-image-preview:large","max-video-preview":"max-video-preview:-1"},"canonical":"https:\/\/strangercam.com\/tr\/tochato\/","og_locale":"tr_TR","og_type":"article","og_title":"Tochato - Free random chat with strangers on StrangerCam.com","og_description":"Like Tochato? Come chat with more than 5.000.000 strangers on Stranger Cam for Free! Turn on your cam and find new friends & maby a match!","og_url":"https:\/\/strangercam.com\/tr\/tochato\/","og_site_name":"Strangercam","article_publisher":"https:\/\/www.facebook.com\/strangercam","article_modified_time":"2025-02-07T11:30:59+00:00","og_image":[{"width":800,"height":532,"url":"https:\/\/strangercam.com\/wp-content\/uploads\/2021\/10\/Untitled-2.png","type":"image\/png"}],"twitter_card":"summary_large_image","twitter_site":"@strangercamapp","twitter_misc":{"Tahmini okuma s\u00fcresi":"4 dakika"},"schema":{"@context":"https:\/\/schema.org","@graph":[{"@type":"WebPage","@id":"https:\/\/strangercam.com\/tochato\/","url":"https:\/\/strangercam.com\/tochato\/","name":"Tochato - StrangerCam.com'da yabanc\u0131larla \u00fccretsiz rastgele sohbet","isPartOf":{"@id":"https:\/\/strangercam.com\/#website"},"datePublished":"2025-02-07T11:30:21+00:00","dateModified":"2025-02-07T11:30:59+00:00","description":"Tochato'yu seviyor musun? Gelin Stranger Cam'de 5.000.000'dan fazla yabanc\u0131yla \u00dccretsiz sohbet edin! Kameran\u0131z\u0131 a\u00e7\u0131n ve yeni arkada\u015flar ve belki bir e\u015fle\u015fme bulun!","breadcrumb":{"@id":"https:\/\/strangercam.com\/tochato\/#breadcrumb"},"inLanguage":"tr","potentialAction":[{"@type":"ReadAction","target":["https:\/\/strangercam.com\/tochato\/"]}]},{"@type":"BreadcrumbList","@id":"https:\/\/strangercam.com\/tochato\/#breadcrumb","itemListElement":[{"@type":"ListItem","position":1,"name":"Home","item":"https:\/\/strangercam.com\/"},{"@type":"ListItem","position":2,"name":"Tochato"}]},{"@type":"WebSite","@id":"https:\/\/strangercam.com\/#website","url":"https:\/\/strangercam.com\/","name":"Strangercam","description":"Yabanc\u0131larla Rastgele G\u00f6r\u00fcnt\u00fcl\u00fc Sohbet","publisher":{"@id":"https:\/\/strangercam.com\/#organization"},"alternateName":"Strangercam.com","potentialAction":[{"@type":"SearchAction","target":{"@type":"EntryPoint","urlTemplate":"https:\/\/strangercam.com\/?s={search_term_string}"},"query-input":{"@type":"PropertyValueSpecification","valueRequired":true,"valueName":"search_term_string"}}],"inLanguage":"tr"},{"@type":"Organization","@id":"https:\/\/strangercam.com\/#organization","name":"Strangercam","alternateName":"Strangercam.com","url":"https:\/\/strangercam.com\/","logo":{"@type":"ImageObject","inLanguage":"tr","@id":"https:\/\/strangercam.com\/#\/schema\/logo\/image\/","url":"https:\/\/strangercam.com\/wp-content\/uploads\/2020\/11\/cropped-new-favicon-black.png","contentUrl":"https:\/\/strangercam.com\/wp-content\/uploads\/2020\/11\/cropped-new-favicon-black.png","width":512,"height":512,"caption":"Strangercam"},"image":{"@id":"https:\/\/strangercam.com\/#\/schema\/logo\/image\/"},"sameAs":["https:\/\/www.facebook.com\/strangercam","https:\/\/x.com\/strangercamapp"]}]}},"_links":{"self":[{"href":"https:\/\/strangercam.com\/tr\/wp-json\/wp\/v2\/pages\/12708","targetHints":{"allow":["GET"]}}],"collection":[{"href":"https:\/\/strangercam.com\/tr\/wp-json\/wp\/v2\/pages"}],"about":[{"href":"https:\/\/strangercam.com\/tr\/wp-json\/wp\/v2\/types\/page"}],"author":[{"embeddable":true,"href":"https:\/\/strangercam.com\/tr\/wp-json\/wp\/v2\/users\/6"}],"replies":[{"embeddable":true,"href":"https:\/\/strangercam.com\/tr\/wp-json\/wp\/v2\/comments?post=12708"}],"version-history":[{"count":1,"href":"https:\/\/strangercam.com\/tr\/wp-json\/wp\/v2\/pages\/12708\/revisions"}],"predecessor-version":[{"id":12709,"href":"https:\/\/strangercam.com\/tr\/wp-json\/wp\/v2\/pages\/12708\/revisions\/12709"}],"wp:attachment":[{"href":"https:\/\/strangercam.com\/tr\/wp-json\/wp\/v2\/media?parent=12708"}],"curies":[{"name":"wp","href":"https:\/\/api.w.org\/{rel}","templated":true}]}}