{"id":12702,"date":"2025-02-07T13:19:12","date_gmt":"2025-02-07T11:19:12","guid":{"rendered":"https:\/\/strangercam.com\/?page_id=12702"},"modified":"2025-02-07T13:21:09","modified_gmt":"2025-02-07T11:21:09","slug":"chattijd","status":"publish","type":"page","link":"https:\/\/strangercam.com\/tr\/chattijd\/","title":{"rendered":"Chattijd"},"content":{"rendered":"<p>\u00c7evrimi\u00e7i ileti\u015fimin h\u0131zl\u0131 d\u00fcnyas\u0131nda Chattijd, d\u00fcnyan\u0131n her k\u00f6\u015fesinden insanlar\u0131 birbirine ba\u011flayan canl\u0131 ve ilgi \u00e7ekici bir platform olarak kendini h\u0131zla kan\u0131tlad\u0131. \u0130ster g\u00fcndelik sohbet, ister anlaml\u0131 arkada\u015fl\u0131klar veya interaktif e\u011flence ar\u0131yor olun, Hollanda merkezli bu platform, benzer d\u00fc\u015f\u00fcnen bireylerle ba\u011flant\u0131 kurmak i\u00e7in bir dizi f\u0131rsat sunuyor.<\/p>\n<p>Join d\u00fcnyas\u0131na dalarken, Chattijd'nin \u00f6zelliklerini, avantajlar\u0131n\u0131 ve dinamik, ger\u00e7ek zamanl\u0131 konu\u015fmalar\u0131 takdir edenler i\u00e7in onu favori yapan \u015feyleri ke\u015ffediyoruz. Burada, her <a href=\"https:\/\/strangercam.com\/tr\/chatroulette\/\">sohbet<\/a> yeni bir ke\u015ffe yol a\u00e7abilir, bu da onu ba\u015fka bir \u00e7evrimi\u00e7i platformdan daha fazlas\u0131 yapar - ger\u00e7ek ba\u011flant\u0131lar ve heyecan verici etkile\u015fimler \u00fczerine kurulu k\u00fcresel bir topluluktur.<\/p>\n<h2>Chattijd Nedir?<\/h2>\n<p>S\u00fcrekli geni\u015fleyen \u00e7evrimi\u00e7i sohbet platformlar\u0131 evreninde gezinirken, Chattijd yeni ve heyecan verici bir yer olarak \u00f6ne \u00e7\u0131k\u0131yor. <a href=\"https:\/\/strangercam.com\/tr\/coomeet\/\">tan\u0131\u015fmak<\/a> ve yeni insanlarla etkile\u015fim kurun. Geleneksel mesajla\u015fma hizmetlerinin aksine, Chattijd otantik ba\u011flant\u0131lar kurmaya g\u00fc\u00e7l\u00fc bir vurgu yaparak her konu\u015fman\u0131n anlaml\u0131 ve ilgi \u00e7ekici olmas\u0131n\u0131 sa\u011flar.<\/p>\n<p>Chattijd, \u00f6z\u00fcnde bir sohbet portal\u0131ndan daha fazlas\u0131 olmay\u0131 hedefliyor. Bu bir sosyal <a href=\"https:\/\/strangercam.com\/tr\/chathub\/\">g\u00f6bek<\/a> arkada\u015fl\u0131klar\u0131n geli\u015febilece\u011fi ve her etkile\u015fimin unutulmaz bir deneyime d\u00f6n\u00fc\u015fme potansiyeline sahip oldu\u011fu bir yer. Platform, anl\u0131k canl\u0131 sohbetten e\u011flenceli interaktif unsurlara kadar sohbeti sorunsuz ve keyifli hale getiren son teknoloji \u00f6zellikleri entegre ediyor.<\/p>\n<ul>\n<li>Canl\u0131 Sohbet Se\u00e7enekleri: D\u00fcnyan\u0131n d\u00f6rt bir yan\u0131ndaki kullan\u0131c\u0131larla an\u0131nda ba\u011flant\u0131 kurun.<\/li>\n<li>\u00d6zelle\u015ftirilebilir Profiller: Profilinizi ki\u015fili\u011finizi ve ilgi alanlar\u0131n\u0131z\u0131 yans\u0131tacak \u015fekilde uyarlayarak kendinizi ifade edin.<\/li>\n<li>\u0130nteraktif Aktiviteler: Sohbeti ate\u015fleyen ve buzlar\u0131 eritmeye yard\u0131mc\u0131 olan e\u011flenceli oyunlara ve testlere kat\u0131l\u0131n.<\/li>\n<\/ul>\n<p>Chattijd'yi ger\u00e7ekten farkl\u0131 k\u0131lan \u015fey, g\u00fcvenli ve kapsay\u0131c\u0131 bir ortam\u0131 te\u015fvik etme taahh\u00fcd\u00fcd\u00fcr. Chattijd'nin arkas\u0131ndaki ekip, her kullan\u0131c\u0131n\u0131n \u00e7evrimi\u00e7i g\u00fcvenli\u011finin en \u00f6nemli \u00f6ncelik olmas\u0131n\u0131 sa\u011flamak i\u00e7in g\u00fcvenli teknolojilere ve moderasyon uygulamalar\u0131na b\u00fcy\u00fck yat\u0131r\u0131mlar yapmaktad\u0131r. Misafirperver bir ortam sa\u011flamaya y\u00f6nelik bu ba\u011fl\u0131l\u0131k <a href=\"https:\/\/strangercam.com\/tr\/mocospace\/\">uzay<\/a> Chattijd'yi Hollanda'da ve \u00f6tesinde \u00e7evrimi\u00e7i sohbet hizmetlerinin \u00f6n saflar\u0131na ta\u015f\u0131d\u0131.<\/p>\n<p>Platformu ke\u015ffettik\u00e7e, Chattijd'nin insanlar\u0131n \u00e7evrimi\u00e7i ileti\u015fim kurma bi\u00e7iminde devrim yaratmak i\u00e7in tasarland\u0131\u011f\u0131 ortaya \u00e7\u0131k\u0131yor. Sosyal ke\u015ffi interaktif e\u011flenceyle harmanlayarak, \u00e7evrimi\u00e7i sohbet kavram\u0131m\u0131z\u0131 yeniden \u015fekillendiriyor; basit sohbetleri \u00f6\u011frenmek, b\u00fcy\u00fcmek ve hayat\u0131n her kesiminden insanlarla ger\u00e7ek ba\u011flant\u0131lar kurmak i\u00e7in f\u0131rsatlara d\u00f6n\u00fc\u015ft\u00fcr\u00fcyor.<\/p>\n<h2>Chattijd Kullan\u0131m\u0131 \u00dccretsiz mi?<\/h2>\n<p>Herhangi bir \u00e7evrimi\u00e7i sohbet hizmeti hakk\u0131nda en s\u0131k sorulan sorulardan biri, \u00fccretsiz olup olmad\u0131\u011f\u0131d\u0131r. Chattijd, farkl\u0131 kullan\u0131c\u0131 tercihlerine ve b\u00fct\u00e7elerine uyacak \u015fekilde hem \u00fccretsiz hem de premium se\u00e7enekler sunarak esneklik sa\u011flar.<\/p>\n<ul>\n<li>\u00dccretsiz \u00dcyelik:\n<ul>\n<li>Mesaj g\u00f6nderme ve alma<\/li>\n<li>Join genel sohbet odalar\u0131<\/li>\n<li>Kullan\u0131c\u0131 profillerine g\u00f6z at\u0131n<\/li>\n<\/ul>\n<p>\u00dccretsiz bir hesapla, Chattijd'yi b\u00f6ylesine ilgi \u00e7ekici bir topluluk haline getiren temel \u00f6zelliklere eri\u015febilirsiniz. Herhangi bir finansal taahh\u00fctte bulunmadan platformu ke\u015ffetmenin harika bir yoludur.<\/li>\n<li>Premium \u00dcyelik:<br \/>\nDaha da zengin bir deneyim arayan kullan\u0131c\u0131lar i\u00e7in Chattijd'nin premium \u00fcyeli\u011fi, geli\u015fmi\u015f \u00f6zelliklerin ve avantajlar\u0131n kilidini a\u00e7ar:<\/p>\n<ul>\n<li>T\u00fcm sohbet odalar\u0131na s\u0131n\u0131rs\u0131z eri\u015fim<\/li>\n<li>Geli\u015fmi\u015f arama filtreleri<\/li>\n<li>Reklams\u0131z bir deneyim<\/li>\n<li>\u00d6ncelikli m\u00fc\u015fteri deste\u011fi<\/li>\n<\/ul>\n<\/li>\n<\/ul>\n<p>A\u015fa\u011f\u0131da \u00fcyelik maliyetlerine h\u0131zl\u0131 bir genel bak\u0131\u015f yer almaktad\u0131r:<\/p>\n<table>\n<thead>\n<tr>\n<th>\u00dcyelik<\/th>\n<th>Ayl\u0131k Maliyet<\/th>\n<th>Y\u0131ll\u0131k Maliyet<\/th>\n<\/tr>\n<\/thead>\n<tbody>\n<tr>\n<td>\u00dccretsiz<\/td>\n<td>$0<\/td>\n<td>$0<\/td>\n<\/tr>\n<tr>\n<td>Premium<\/td>\n<td>$9.99<\/td>\n<td>$99.90<\/td>\n<\/tr>\n<\/tbody>\n<\/table>\n<p>\u0130ster \u00fccretsiz plan\u0131 tercih edin ister ek \u00f6zellikler i\u00e7in y\u00fckseltmeye karar verin, Chattijd ayn\u0131 temel hedefi korur: ba\u015fkalar\u0131yla ba\u011flant\u0131 kurabilece\u011finiz, deneyimlerinizi payla\u015fabilece\u011finiz ve e\u011flenebilece\u011finiz canl\u0131 ve g\u00fcvenli bir ortam sa\u011flamak.<\/p>\n<h2>Chattijd Nas\u0131l Kullan\u0131l\u0131r<\/h2>\n<p>Chattijd'yi kullanmak basittir ve herkesin hemen sohbete ba\u015flamas\u0131n\u0131 kolayla\u015ft\u0131r\u0131r. \u0130\u015fte ba\u015flaman\u0131z i\u00e7in ad\u0131m ad\u0131m bir k\u0131lavuz:<\/p>\n<ol>\n<li>Profilinizi Olu\u015fturun<br \/>\n\u00dccretsiz bir hesap i\u00e7in kaydolarak ba\u015flay\u0131n. Profilinizi bir kullan\u0131c\u0131 ad\u0131, profil foto\u011fraf\u0131 ve kendiniz hakk\u0131nda k\u0131sa bir a\u00e7\u0131klama ile ki\u015fiselle\u015ftirin. \u00d6ne \u00e7\u0131kmak ve benzer d\u00fc\u015f\u00fcnen kullan\u0131c\u0131lar\u0131n sizi bulmas\u0131n\u0131 kolayla\u015ft\u0131rmak i\u00e7in ilgi alanlar\u0131n\u0131z\u0131 vurgulay\u0131n.<\/li>\n<li>Sohbet Odalar\u0131n\u0131 Ke\u015ffet<br \/>\nChattijd \u00e7e\u015fitli genel sohbet odalar\u0131na ev sahipli\u011fi yapar. Bu odalar m\u00fczik ve oyundan seyahat ve g\u00fcndelik sohbete kadar farkl\u0131 konu ve ilgi alanlar\u0131na hitap eder. Bu odalara girmek yeni insanlar ke\u015ffetmek ve ilgin\u00e7 tart\u0131\u015fmalar ba\u015flatmak i\u00e7in harika bir yol olabilir.<\/li>\n<li>\u00d6zel Sohbetler ve Direkt Mesajlar<br \/>\nDaha odakl\u0131 bire bir konu\u015fmalar\u0131 tercih ediyorsan\u0131z, Chattijd do\u011frudan mesajla\u015fma da sunar. \u0130lgi alanlar\u0131n\u0131z\u0131 payla\u015fan kullan\u0131c\u0131lar\u0131 bulmak i\u00e7in arama \u00f6zelli\u011fini kullan\u0131n veya genel odalarda dikkatinizi \u00e7eken biriyle \u00f6zel bir sohbet ba\u015flat\u0131n.<\/li>\n<li>\u0130nteraktif \u00d6zellikler<br \/>\nAradaki buzlar\u0131 eritmeye yard\u0131mc\u0131 olmak i\u00e7in interaktif oyunlar, testler ve di\u011fer e\u011flenceli \u00f6zelliklerden yararlan\u0131n. Bu etkinlikler, standart bir sohbeti unutulmaz bir ortak deneyime d\u00f6n\u00fc\u015ft\u00fcrebilir ve daha do\u011fal bir \u015fekilde ba\u011flant\u0131 kurman\u0131za yard\u0131mc\u0131 olabilir.<\/li>\n<li>Premium'a Y\u00fckseltme (\u0130ste\u011fe Ba\u011fl\u0131)<br \/>\nGeli\u015fmi\u015f arama filtreleri, reklams\u0131z gezinme ve \u00f6ncelikli destek gibi daha fazla \u00f6zellik istiyorsan\u0131z premium abonelik almay\u0131 d\u00fc\u015f\u00fcn\u00fcn. Bu, Chattijd'nin t\u00fcm potansiyelini ortaya \u00e7\u0131karman\u0131za olanak tan\u0131yarak daha sorunsuz ve daha ki\u015fiselle\u015ftirilmi\u015f bir sohbet deneyimi sa\u011flar.<\/li>\n<\/ol>\n<h2>Chattijd En \u0130yi Ne \u0130\u00e7in Kullan\u0131l\u0131r?<\/h2>\n<p>Chattijd \u00e7e\u015fitli alanlarda \u00fcst\u00fcnl\u00fck sa\u011flayarak geni\u015f bir kullan\u0131c\u0131 kitlesine hitap eder:<\/p>\n<ol>\n<li>Ger\u00e7ek Ba\u011flant\u0131lar\u0131 Te\u015fvik Etmek<br \/>\n\u00d6zg\u00fcnl\u00fc\u011fe odaklanan Chattijd, benzer tutkular\u0131 payla\u015fan ba\u015fkalar\u0131n\u0131 bulmay\u0131 kolayla\u015ft\u0131r\u0131r. \u0130ster arkada\u015fl\u0131k, ister destek, hatta daha fazlas\u0131n\u0131 ar\u0131yor olun, Chattijd'nin kullan\u0131c\u0131 dostu aray\u00fcz\u00fc ve destekleyici toplulu\u011fu anlaml\u0131 ili\u015fkiler geli\u015ftirmek i\u00e7in m\u00fckemmeldir.<\/li>\n<li>\u00c7e\u015fitli Sohbet Konular\u0131<br \/>\nPlatform, hobi odakl\u0131 sohbet odalar\u0131ndan g\u00fcncel olaylarla ilgili ger\u00e7ek zamanl\u0131 tart\u0131\u015fmalara kadar \u00e7ok \u00e7e\u015fitli sohbet ba\u015flat\u0131c\u0131lar\u0131 sunar. Bu \u00e7e\u015fitlilik, Chattijd'ye yap\u0131lan her ziyaretin benzersiz olmas\u0131n\u0131 ve yeni insanlarla tan\u0131\u015fma potansiyeli ile dolu olmas\u0131n\u0131 sa\u011flar.<\/li>\n<li>G\u00fcvenli ve Misafirperver Ortam<br \/>\nChattijd'de \u00e7evrimi\u00e7i g\u00fcvenlik her \u015feyden \u00f6nemlidir. S\u00fcrekli moderasyon ve geli\u015fmi\u015f g\u00fcvenlik \u00f6nlemleri, gizlilik veya istenmeyen etkile\u015fimler konusunda endi\u015felenmeden \u00f6zg\u00fcrce sohbet edebilece\u011finiz bir alan yaratmaya yard\u0131mc\u0131 olur.<\/li>\n<li>Etkile\u015fim Yoluyla E\u011flence<br \/>\nD\u00fcz metin al\u0131\u015fveri\u015flerinden s\u0131k\u0131ld\u0131n\u0131z m\u0131? Chattijd, oyunlar ve testler gibi e\u011flenceli \u00f6zellikleri entegre ederek konu\u015fmalar\u0131n\u0131za e\u011flenceli bir dokunu\u015f katar. Bu hafif y\u00fcrekli eklemeler, ba\u011flant\u0131 kurmay\u0131 kolayla\u015ft\u0131r\u0131r ve deneyimi taze tutar.<\/li>\n<\/ol>\n<p>Bu g\u00fc\u00e7l\u00fc y\u00f6nleri g\u00f6z \u00f6n\u00fcnde bulunduruldu\u011funda, Chattijd g\u00fcvenli bir \u00e7evrimi\u00e7i ortamda e\u011flenceli ve ger\u00e7ek etkile\u015fimler arayan herkes i\u00e7in idealdir.<\/p>\n<h2>Chattijd Hangi \u00d6zellikleri Sunuyor?<\/h2>\n<p>Chattijd, sohbet oturumlar\u0131n\u0131z\u0131 olabildi\u011fince keyifli ve \u00e7ok y\u00f6nl\u00fc hale getirmeyi ama\u00e7layan \u00e7e\u015fitli \u00f6zellikler i\u00e7erir. A\u015fa\u011f\u0131da baz\u0131 \u00f6nemli noktalar yer almaktad\u0131r:<\/p>\n<ul>\n<li>\u00d6zelle\u015ftirilebilir Profiller<br \/>\nKi\u015fisel ifade, \u00e7evrimi\u00e7i etkile\u015fimin b\u00fcy\u00fck bir par\u00e7as\u0131d\u0131r. Chattijd, profilinizi ger\u00e7ek benli\u011finizi yans\u0131tacak \u015fekilde olu\u015fturman\u0131za olanak tan\u0131yarak ba\u015fkalar\u0131n\u0131n neye tutkulu oldu\u011funuzu g\u00f6rmesine yard\u0131mc\u0131 olur.<\/li>\n<li>Canl\u0131 Sohbet \u0130\u015flevselli\u011fi<br \/>\nGer\u00e7ek zamanl\u0131 mesajla\u015fma ile d\u00fcnyan\u0131n her yerinden insanlarla an\u0131nda ba\u011flant\u0131 kurun. H\u0131zl\u0131, kullan\u0131c\u0131 dostudur ve g\u00f6n\u00fcls\u00fcz \u015fakala\u015fmalardan derinlemesine tart\u0131\u015fmalara kadar spontane sohbetler i\u00e7in m\u00fckemmeldir.<\/li>\n<li>\u0130nteraktif Oyunlar ve Testler<br \/>\nBiraz daha fazla e\u011flenceyi sevenler i\u00e7in bu \u00f6zellikler zahmetsizce buzlar\u0131 k\u0131rar. Yeni bir arkada\u015f\u0131n\u0131za h\u0131zl\u0131 bir oyun i\u00e7in meydan okuyun veya ortak ilgi alanlar\u0131n\u0131 bulmak i\u00e7in birlikte testleri yan\u0131tlay\u0131n.<\/li>\n<li>Geli\u015fmi\u015f G\u00fcvenlik \u00d6nlemleri<br \/>\nG\u00fcvenli\u011finiz \u00e7ok \u00f6nemlidir. Chattijd'nin gizlilik taahh\u00fcd\u00fc ve sa\u011flam moderasyon ara\u00e7lar\u0131, konu\u015fmalar\u0131n\u0131z\u0131n g\u00fcvende oldu\u011funu bilerek g\u00fcvenle etkile\u015fim kurabilmenizi sa\u011flar.<\/li>\n<li>Esnek \u00dcyelik Se\u00e7enekleri<br \/>\n\u0130ster \u00fccretsiz bir hesap ister premium abonelik tercih edin, Chattijd platformu deneyimlemek i\u00e7in birden fazla yol sunar. \u00dccretsiz kullan\u0131c\u0131lar temel \u00f6zelliklerin \u00e7o\u011funu ke\u015ffedebilirken, premium aboneler reklams\u0131z gezinme, \u00f6ncelikli destek ve geli\u015fmi\u015f arama \u00f6zelliklerinden yararlan\u0131r.<\/li>\n<\/ul>\n<p>B\u00f6ylesine kapsaml\u0131 bir ara\u00e7 setine sahip olan Chattijd, her g\u00f6r\u00fc\u015fmenin \u00f6d\u00fcllendirici ve sorunsuz olmas\u0131n\u0131 sa\u011flayarak farkl\u0131 zevklere ve gereksinimlere hitap etmek i\u00e7in iyi bir donan\u0131ma sahiptir.<\/p>\n<h2>Chattijd Alternatifleri Nelerdir?<\/h2>\n<p>Chattijd, \u00f6zellikle Hollandaca konu\u015fanlar i\u00e7in \u00f6nde gelen bir \u00e7evrimi\u00e7i sohbet hedefi olarak bir ni\u015f olu\u015fturmu\u015f olsa da, sosyalle\u015febilece\u011finiz ve ilgi \u00e7ekici topluluklar\u0131 ke\u015ffedebilece\u011finiz tek platform de\u011fildir. Di\u011fer sohbet hizmetleri, belirli \u00f6zelliklere veya demografik \u00f6zelliklere odaklanarak \u00e7evrimi\u00e7i etkile\u015fimde kendi benzersiz d\u00f6n\u00fc\u015flerini sunar.<\/p>\n<p>Baz\u0131 platformlar \u015funlar\u0131 vurgular <a href=\"https:\/\/strangercam.com\/tr\/rabbit-video-chat\/\">Video<\/a> arama yaparken, di\u011ferleri temal\u0131 sohbet odalar\u0131 veya fl\u00f6rt odakl\u0131 \u00f6zellikler konusunda uzmanla\u015fabilir. Bu alternatifleri ke\u015ffederek, ni\u015f konulara veya \u00f6zel etkile\u015fim bi\u00e7imlerine hitap eden siteler bulabilirsiniz. Bununla birlikte, Chattijd'nin g\u00fcvenli, ger\u00e7ek zamanl\u0131 etkile\u015fim, kullan\u0131c\u0131 dostu tasar\u0131m ve iste\u011fe ba\u011fl\u0131 premium \u00f6zelliklerin kar\u0131\u015f\u0131m\u0131, onu \u00e7ok y\u00f6nl\u00fc bir sohbet deneyimi arayan herkes i\u00e7in g\u00f6ze \u00e7arpan bir se\u00e7im haline getiriyor.<\/p>\n<h2>Sonu\u00e7<\/h2>\n<p>Sa\u011flam g\u00fcvenlik \u00f6nlemleri, kullan\u0131c\u0131 dostu \u00f6zellikler ve \u00e7e\u015fitli bir toplulu\u011fun birle\u015fimiyle Chattijd, \u00e7evrimi\u00e7i sohbetin hem e\u011flenceli hem de zenginle\u015ftirici olabilece\u011fini kan\u0131tl\u0131yor. \u0130ster \u00fccretsiz \u00fcyeli\u011fi se\u00e7in ister premium avantajlar\u0131 tercih edin, ba\u011flant\u0131 kurmak, payla\u015fmak ve yeni arkada\u015fl\u0131klar ke\u015ffetmek i\u00e7in sonsuz olanaklar bulacaks\u0131n\u0131z. Bug\u00fcn Chattijd'ye dal\u0131n ve canl\u0131, ger\u00e7ek zamanl\u0131 sohbetlerden olu\u015fan bir d\u00fcnyay\u0131 deneyimleyin - hepsi cihaz\u0131n\u0131z\u0131n rahatl\u0131\u011f\u0131nda.<\/p>","protected":false},"excerpt":{"rendered":"<p>In the fast-paced world of online communication, Chattijd has quickly established itself as a lively and engaging platform connecting people from all corners of the globe. Whether you\u2019re searching for casual conversation, meaningful friendships, or interactive entertainment, this Dutch-based platform offers an array of opportunities to connect with like-minded individuals. Join us as we dive [&hellip;]<\/p>\n","protected":false},"author":6,"featured_media":0,"parent":0,"menu_order":0,"comment_status":"closed","ping_status":"closed","template":"","meta":{"footnotes":""},"class_list":["post-12702","page","type-page","status-publish","hentry"],"yoast_head":"<!-- This site is optimized with the Yoast SEO plugin v27.4 - https:\/\/yoast.com\/product\/yoast-seo-wordpress\/ -->\n<title>Chattijd - Free video chat with girls on StrangerCam.com<\/title>\n<meta name=\"description\" content=\"Like Chattijd? Come chat with more than 5.000.000 strangers on Stranger Cam for Free! Turn on your cam and find new friends &amp; maby a match!\" \/>\n<meta name=\"robots\" content=\"index, follow, max-snippet:-1, max-image-preview:large, max-video-preview:-1\" \/>\n<link rel=\"canonical\" href=\"https:\/\/strangercam.com\/tr\/chattijd\/\" \/>\n<meta property=\"og:locale\" content=\"tr_TR\" \/>\n<meta property=\"og:type\" content=\"article\" \/>\n<meta property=\"og:title\" content=\"Chattijd - Free video chat with girls on StrangerCam.com\" \/>\n<meta property=\"og:description\" content=\"Like Chattijd? Come chat with more than 5.000.000 strangers on Stranger Cam for Free! Turn on your cam and find new friends &amp; maby a match!\" \/>\n<meta property=\"og:url\" content=\"https:\/\/strangercam.com\/tr\/chattijd\/\" \/>\n<meta property=\"og:site_name\" content=\"Strangercam\" \/>\n<meta property=\"article:publisher\" content=\"https:\/\/www.facebook.com\/strangercam\" \/>\n<meta property=\"article:modified_time\" content=\"2025-02-07T11:21:09+00:00\" \/>\n<meta property=\"og:image\" content=\"https:\/\/strangercam.com\/wp-content\/uploads\/2021\/10\/Untitled-2.png\" \/>\n\t<meta property=\"og:image:width\" content=\"800\" \/>\n\t<meta property=\"og:image:height\" content=\"532\" \/>\n\t<meta property=\"og:image:type\" content=\"image\/png\" \/>\n<meta name=\"twitter:card\" content=\"summary_large_image\" \/>\n<meta name=\"twitter:site\" content=\"@strangercamapp\" \/>\n<meta name=\"twitter:label1\" content=\"Tahmini okuma s\u00fcresi\" \/>\n\t<meta name=\"twitter:data1\" content=\"6 dakika\" \/>\n<script type=\"application\/ld+json\" class=\"yoast-schema-graph\">{\"@context\":\"https:\\\/\\\/schema.org\",\"@graph\":[{\"@type\":\"WebPage\",\"@id\":\"https:\\\/\\\/strangercam.com\\\/chattijd\\\/\",\"url\":\"https:\\\/\\\/strangercam.com\\\/chattijd\\\/\",\"name\":\"Chattijd - Free video chat with girls on StrangerCam.com\",\"isPartOf\":{\"@id\":\"https:\\\/\\\/strangercam.com\\\/#website\"},\"datePublished\":\"2025-02-07T11:19:12+00:00\",\"dateModified\":\"2025-02-07T11:21:09+00:00\",\"description\":\"Like Chattijd? Come chat with more than 5.000.000 strangers on Stranger Cam for Free! Turn on your cam and find new friends & maby a match!\",\"breadcrumb\":{\"@id\":\"https:\\\/\\\/strangercam.com\\\/chattijd\\\/#breadcrumb\"},\"inLanguage\":\"tr\",\"potentialAction\":[{\"@type\":\"ReadAction\",\"target\":[\"https:\\\/\\\/strangercam.com\\\/chattijd\\\/\"]}]},{\"@type\":\"BreadcrumbList\",\"@id\":\"https:\\\/\\\/strangercam.com\\\/chattijd\\\/#breadcrumb\",\"itemListElement\":[{\"@type\":\"ListItem\",\"position\":1,\"name\":\"Home\",\"item\":\"https:\\\/\\\/strangercam.com\\\/\"},{\"@type\":\"ListItem\",\"position\":2,\"name\":\"Chattijd\"}]},{\"@type\":\"WebSite\",\"@id\":\"https:\\\/\\\/strangercam.com\\\/#website\",\"url\":\"https:\\\/\\\/strangercam.com\\\/\",\"name\":\"Strangercam\",\"description\":\"Random Video Chat with Strangers\",\"publisher\":{\"@id\":\"https:\\\/\\\/strangercam.com\\\/#organization\"},\"alternateName\":\"Strangercam.com\",\"potentialAction\":[{\"@type\":\"SearchAction\",\"target\":{\"@type\":\"EntryPoint\",\"urlTemplate\":\"https:\\\/\\\/strangercam.com\\\/?s={search_term_string}\"},\"query-input\":{\"@type\":\"PropertyValueSpecification\",\"valueRequired\":true,\"valueName\":\"search_term_string\"}}],\"inLanguage\":\"tr\"},{\"@type\":\"Organization\",\"@id\":\"https:\\\/\\\/strangercam.com\\\/#organization\",\"name\":\"Strangercam\",\"alternateName\":\"Strangercam.com\",\"url\":\"https:\\\/\\\/strangercam.com\\\/\",\"logo\":{\"@type\":\"ImageObject\",\"inLanguage\":\"tr\",\"@id\":\"https:\\\/\\\/strangercam.com\\\/#\\\/schema\\\/logo\\\/image\\\/\",\"url\":\"https:\\\/\\\/strangercam.com\\\/wp-content\\\/uploads\\\/2020\\\/11\\\/cropped-new-favicon-black.png\",\"contentUrl\":\"https:\\\/\\\/strangercam.com\\\/wp-content\\\/uploads\\\/2020\\\/11\\\/cropped-new-favicon-black.png\",\"width\":512,\"height\":512,\"caption\":\"Strangercam\"},\"image\":{\"@id\":\"https:\\\/\\\/strangercam.com\\\/#\\\/schema\\\/logo\\\/image\\\/\"},\"sameAs\":[\"https:\\\/\\\/www.facebook.com\\\/strangercam\",\"https:\\\/\\\/x.com\\\/strangercamapp\"]}]}<\/script>\n<!-- \/ Yoast SEO plugin. -->","yoast_head_json":{"title":"Chattijd - StrangerCam.com'da k\u0131zlarla \u00fccretsiz g\u00f6r\u00fcnt\u00fcl\u00fc sohbet","description":"Chattijd'yi be\u011fendiniz mi? Gelin Stranger Cam'de 5.000.000'dan fazla yabanc\u0131yla \u00dccretsiz sohbet edin! Kameran\u0131z\u0131 a\u00e7\u0131n ve yeni arkada\u015flar ve belki bir e\u015fle\u015fme bulun!","robots":{"index":"index","follow":"follow","max-snippet":"max-snippet:-1","max-image-preview":"max-image-preview:large","max-video-preview":"max-video-preview:-1"},"canonical":"https:\/\/strangercam.com\/tr\/chattijd\/","og_locale":"tr_TR","og_type":"article","og_title":"Chattijd - Free video chat with girls on StrangerCam.com","og_description":"Like Chattijd? Come chat with more than 5.000.000 strangers on Stranger Cam for Free! Turn on your cam and find new friends & maby a match!","og_url":"https:\/\/strangercam.com\/tr\/chattijd\/","og_site_name":"Strangercam","article_publisher":"https:\/\/www.facebook.com\/strangercam","article_modified_time":"2025-02-07T11:21:09+00:00","og_image":[{"width":800,"height":532,"url":"https:\/\/strangercam.com\/wp-content\/uploads\/2021\/10\/Untitled-2.png","type":"image\/png"}],"twitter_card":"summary_large_image","twitter_site":"@strangercamapp","twitter_misc":{"Tahmini okuma s\u00fcresi":"6 dakika"},"schema":{"@context":"https:\/\/schema.org","@graph":[{"@type":"WebPage","@id":"https:\/\/strangercam.com\/chattijd\/","url":"https:\/\/strangercam.com\/chattijd\/","name":"Chattijd - StrangerCam.com'da k\u0131zlarla \u00fccretsiz g\u00f6r\u00fcnt\u00fcl\u00fc sohbet","isPartOf":{"@id":"https:\/\/strangercam.com\/#website"},"datePublished":"2025-02-07T11:19:12+00:00","dateModified":"2025-02-07T11:21:09+00:00","description":"Chattijd'yi be\u011fendiniz mi? Gelin Stranger Cam'de 5.000.000'dan fazla yabanc\u0131yla \u00dccretsiz sohbet edin! Kameran\u0131z\u0131 a\u00e7\u0131n ve yeni arkada\u015flar ve belki bir e\u015fle\u015fme bulun!","breadcrumb":{"@id":"https:\/\/strangercam.com\/chattijd\/#breadcrumb"},"inLanguage":"tr","potentialAction":[{"@type":"ReadAction","target":["https:\/\/strangercam.com\/chattijd\/"]}]},{"@type":"BreadcrumbList","@id":"https:\/\/strangercam.com\/chattijd\/#breadcrumb","itemListElement":[{"@type":"ListItem","position":1,"name":"Home","item":"https:\/\/strangercam.com\/"},{"@type":"ListItem","position":2,"name":"Chattijd"}]},{"@type":"WebSite","@id":"https:\/\/strangercam.com\/#website","url":"https:\/\/strangercam.com\/","name":"Strangercam","description":"Yabanc\u0131larla Rastgele G\u00f6r\u00fcnt\u00fcl\u00fc Sohbet","publisher":{"@id":"https:\/\/strangercam.com\/#organization"},"alternateName":"Strangercam.com","potentialAction":[{"@type":"SearchAction","target":{"@type":"EntryPoint","urlTemplate":"https:\/\/strangercam.com\/?s={search_term_string}"},"query-input":{"@type":"PropertyValueSpecification","valueRequired":true,"valueName":"search_term_string"}}],"inLanguage":"tr"},{"@type":"Organization","@id":"https:\/\/strangercam.com\/#organization","name":"Strangercam","alternateName":"Strangercam.com","url":"https:\/\/strangercam.com\/","logo":{"@type":"ImageObject","inLanguage":"tr","@id":"https:\/\/strangercam.com\/#\/schema\/logo\/image\/","url":"https:\/\/strangercam.com\/wp-content\/uploads\/2020\/11\/cropped-new-favicon-black.png","contentUrl":"https:\/\/strangercam.com\/wp-content\/uploads\/2020\/11\/cropped-new-favicon-black.png","width":512,"height":512,"caption":"Strangercam"},"image":{"@id":"https:\/\/strangercam.com\/#\/schema\/logo\/image\/"},"sameAs":["https:\/\/www.facebook.com\/strangercam","https:\/\/x.com\/strangercamapp"]}]}},"_links":{"self":[{"href":"https:\/\/strangercam.com\/tr\/wp-json\/wp\/v2\/pages\/12702","targetHints":{"allow":["GET"]}}],"collection":[{"href":"https:\/\/strangercam.com\/tr\/wp-json\/wp\/v2\/pages"}],"about":[{"href":"https:\/\/strangercam.com\/tr\/wp-json\/wp\/v2\/types\/page"}],"author":[{"embeddable":true,"href":"https:\/\/strangercam.com\/tr\/wp-json\/wp\/v2\/users\/6"}],"replies":[{"embeddable":true,"href":"https:\/\/strangercam.com\/tr\/wp-json\/wp\/v2\/comments?post=12702"}],"version-history":[{"count":3,"href":"https:\/\/strangercam.com\/tr\/wp-json\/wp\/v2\/pages\/12702\/revisions"}],"predecessor-version":[{"id":12707,"href":"https:\/\/strangercam.com\/tr\/wp-json\/wp\/v2\/pages\/12702\/revisions\/12707"}],"wp:attachment":[{"href":"https:\/\/strangercam.com\/tr\/wp-json\/wp\/v2\/media?parent=12702"}],"curies":[{"name":"wp","href":"https:\/\/api.w.org\/{rel}","templated":true}]}}