{"id":12700,"date":"2025-02-07T13:15:10","date_gmt":"2025-02-07T11:15:10","guid":{"rendered":"https:\/\/strangercam.com\/?page_id=12700"},"modified":"2025-02-07T13:15:40","modified_gmt":"2025-02-07T11:15:40","slug":"omegla","status":"publish","type":"page","link":"https:\/\/strangercam.com\/tr\/omegla\/","title":{"rendered":"Omegla"},"content":{"rendered":"<p>Omegle'nin ayr\u0131lmas\u0131yla birlikte, \u00e7e\u015fitli yeni <a href=\"https:\/\/strangercam.com\/tr\/rabbit-video-chat\/\">Video<\/a> <a href=\"https:\/\/strangercam.com\/tr\/chatroulette\/\">sohbet<\/a> hizmetleri bu bo\u015flu\u011fu doldurmak i\u00e7in ortaya \u00e7\u0131km\u0131\u015ft\u0131r. Omegla, Omegle'nin rastgele bire bir sohbete y\u00f6nelik basit yakla\u015f\u0131m\u0131ndan ilham alan b\u00f6yle bir platformdur. \u0130ster h\u0131zl\u0131 bir sohbet ar\u0131yor, ister d\u00fcnya \u00e7ap\u0131nda yeni arkada\u015flar ar\u0131yor ya da sadece Omegle'den ilham alan en son yenilikleri merak ediyor olun, Omegla e\u011flenceli ve kullan\u0131c\u0131 dostu bir video deneyimi sunmay\u0131 ama\u00e7lamaktad\u0131r. A\u015fa\u011f\u0131da Omegla'nin temel \u00f6zellikleri, kullan\u0131c\u0131 aray\u00fcz\u00fc, g\u00fcvenlik \u00f6nlemleri ve di\u011fer cihazlarla kar\u015f\u0131la\u015ft\u0131r\u0131lmas\u0131 gibi konulara kapsaml\u0131 bir bak\u0131\u015f sunulmaktad\u0131r. <a href=\"https:\/\/strangercam.com\/tr\/omegle\/\">Omegle<\/a> Uhmegle ve Omegleweg gibi alternatifler.<\/p>\n<h2>Omegla Hakk\u0131nda<\/h2>\n<p>Omegla klasik rastgele sohbet \u00e7er\u00e7evesini takip eder:<\/p>\n<ol>\n<li><strong>Acil Ba\u011flant\u0131lar<\/strong>\n<ul>\n<li>Siteyi h\u0131zl\u0131 bir \u015fekilde ziyaret ettikten sonra, tek bir t\u0131klama veya dokunma sizi d\u00fcnyan\u0131n herhangi bir k\u00f6\u015fesinden bir yabanc\u0131ya ba\u011flar.<\/li>\n<\/ul>\n<\/li>\n<li><strong>\u00d6nce Anonimlik<\/strong>\n<ul>\n<li>Zorunlu kay\u0131t olmamas\u0131, do\u011frudan sohbete ba\u015flayabilece\u011finiz anlam\u0131na gelir. \u0130sterseniz temel bir profil olu\u015fturabilirsiniz, ancak bu iste\u011fe ba\u011fl\u0131d\u0131r.<\/li>\n<\/ul>\n<\/li>\n<li><strong>Bire Bir Odaklanma<\/strong>\n<ul>\n<li>Omegla'n\u0131n hedefleri <em>bireysel<\/em> ba\u011flant\u0131lar - burada b\u00fcy\u00fck grup odalar\u0131 veya konferans \u00f6zellikleri yoktur, bu da Omegle'nin ay\u0131rt edici sadeli\u011fini yans\u0131t\u0131r.<\/li>\n<\/ul>\n<\/li>\n<\/ol>\n<p>Bu minimalist yakla\u015f\u0131m, sadece atlamak isteyen kullan\u0131c\u0131lara hitap ediyor, <a href=\"https:\/\/strangercam.com\/tr\/coomeet\/\">tan\u0131\u015fmak<\/a> Yeni biriyle tan\u0131\u015fabilir, sohbet etmeye devam edebilir ya da e\u015fle\u015fmezseniz yolunuza devam edebilirsiniz.<\/p>\n<h2>Bir Bak\u0131\u015fta Temel \u00d6zellikler<\/h2>\n<p>A\u015fa\u011f\u0131daki tabloda Omegla'n\u0131n kullan\u0131c\u0131 deneyimini tan\u0131mlayan ba\u015fl\u0131ca ara\u00e7lar ve i\u015flevler \u00f6zetlenmektedir:<\/p>\n<table>\n<thead>\n<tr>\n<th><strong>\u00d6zellik<\/strong><\/th>\n<th><strong>A\u00e7\u0131klama<\/strong><\/th>\n<\/tr>\n<\/thead>\n<tbody>\n<tr>\n<td><strong>Rastgele E\u015fle\u015ftirme<\/strong><\/td>\n<td>Spontane bir sohbet i\u00e7in rastgele bir kullan\u0131c\u0131yla an\u0131nda e\u015fle\u015fin.<\/td>\n<\/tr>\n<tr>\n<td><strong>Metin Sohbeti Se\u00e7ene\u011fi<\/strong><\/td>\n<td>Daha fazla netlik i\u00e7in canl\u0131 video ile birlikte h\u0131zl\u0131 mesajlar g\u00f6nderin.<\/td>\n<\/tr>\n<tr>\n<td><strong>\u0130lgi Etiketleri<\/strong><\/td>\n<td>Rastgele e\u015fle\u015fmelerinizi biraz y\u00f6nlendirmek i\u00e7in geni\u015f ilgi alanlar\u0131 ekleyin veya se\u00e7in.<\/td>\n<\/tr>\n<tr>\n<td><strong>Atla veya Sonraki<\/strong><\/td>\n<td>Mevcut ba\u011flant\u0131 uygun de\u011filse sorunsuz bir \u015fekilde yeni bir kullan\u0131c\u0131ya ge\u00e7in.<\/td>\n<\/tr>\n<tr>\n<td><strong>Minimal Kurulum<\/strong><\/td>\n<td>Zahmetli kay\u0131tlar veya karma\u015f\u0131k ayarlar gerekmez.<\/td>\n<\/tr>\n<tr>\n<td><strong>Kullan\u0131c\u0131 Geri Bildirim Ara\u00e7lar\u0131<\/strong><\/td>\n<td>Topluluk standartlar\u0131n\u0131n korunmas\u0131na yard\u0131mc\u0131 olmak i\u00e7in kullan\u0131c\u0131lar\u0131 de\u011ferlendirin veya bildirin.<\/td>\n<\/tr>\n<\/tbody>\n<\/table>\n<p>Tasar\u0131m gere\u011fi Omegla, \u00f6zellik setini sadele\u015ftirerek temel deneyimin (yabanc\u0131larla konu\u015fmak) \u00f6n planda kalmas\u0131n\u0131 sa\u011fl\u0131yor.<\/p>\n<h2>Kullan\u0131c\u0131 Aray\u00fcz\u00fc ve Deneyimi<\/h2>\n<h3>Temiz, Kolayla\u015ft\u0131r\u0131lm\u0131\u015f D\u00fczen<\/h3>\n<ul>\n<li><strong>B\u00fcy\u00fck Video Penceresi<\/strong>: Ekran\u0131n merkezinde, sohbet etti\u011finiz ki\u015fiyi fazla da\u011f\u0131n\u0131kl\u0131ktan ar\u0131nm\u0131\u015f bir \u015fekilde g\u00f6receksiniz.<\/li>\n<li><strong>K\u00fc\u00e7\u00fck Kenar \u00c7ubu\u011fu\/Panel<\/strong>: Temel kontroller-ba\u015flat, sonraki, metin sohbeti ve filtreler-yan tarafta d\u00fczg\u00fcn bir \u015fekilde d\u00fczenlenmi\u015ftir.<\/li>\n<li><strong>Tan\u0131d\u0131k Kontroller<\/strong>: Omegle veya di\u011fer benzer platformlar\u0131 kulland\u0131ysan\u0131z, Omegla'n\u0131n aray\u00fcz\u00fcne an\u0131nda uyum sa\u011flayacaks\u0131n\u0131z.<\/li>\n<\/ul>\n<h3>H\u0131zl\u0131 Ba\u011flant\u0131lar<\/h3>\n<ul>\n<li><strong>D\u00fc\u015f\u00fck Gecikme<\/strong>: Omegla'n\u0131n ana sayfas\u0131 h\u0131zl\u0131 bir \u015fekilde y\u00fcklenir ve bir e\u015fle\u015fme bulmak sadece bir dakika s\u00fcrer.<\/li>\n<li><strong>Uyarlanabilir Video Kalitesi<\/strong>: Sistem, s\u00fcrekli ara belle\u011fe alma olmadan m\u00fcmk\u00fcn olan en iyi videoyu sa\u011flamak i\u00e7in internet h\u0131z\u0131n\u0131z\u0131 alg\u0131lar.<\/li>\n<li><strong>Kolay 'Sonraki' Ge\u00e7i\u015f<\/strong>: Bir kullan\u0131c\u0131dan di\u011ferine ge\u00e7mek nadiren gecikmeye neden olur, bu da do\u011fru ki\u015fiyi bulana kadar sohbete devam etmeyi kolayla\u015ft\u0131r\u0131r.<\/li>\n<\/ul>\n<h2>G\u00fcvenlik ve \u00d6l\u00e7\u00fcl\u00fcl\u00fck<\/h2>\n<p>Rastgele sohbet \u00f6ng\u00f6r\u00fclemez olabilece\u011finden, Omegla daha sayg\u0131l\u0131 bir ortam sa\u011flamak i\u00e7in \u00e7e\u015fitli \u00f6nlemler almaktad\u0131r:<\/p>\n<ol>\n<li><strong>Rapor\/Blok Fonksiyonu<\/strong>\n<ul>\n<li>Tek bir t\u0131klamayla, topluluk standartlar\u0131n\u0131 ihlal eden herhangi bir kullan\u0131c\u0131y\u0131 bildirebilirsiniz. Moderasyon ekibi i\u015faretlenen oturumlar\u0131 inceler.<\/li>\n<\/ul>\n<\/li>\n<li><strong>Temel \u0130\u00e7erik Y\u00f6nergeleri<\/strong>\n<ul>\n<li>A\u00e7\u0131k kurallar hangi davran\u0131\u015flar\u0131n yasak oldu\u011funu belirleyerek kullan\u0131c\u0131 toplulu\u011funa \u00fczerinde anla\u015fmaya var\u0131lm\u0131\u015f bir \u00e7er\u00e7eve sunar.<\/li>\n<\/ul>\n<\/li>\n<li><strong>Kullan\u0131c\u0131 De\u011ferlendirmeleri<\/strong>\n<ul>\n<li>Baz\u0131 durumlarda, kar\u015f\u0131la\u015fmalar\u0131n\u0131z hakk\u0131nda geri bildirim b\u0131rakabilir, olumlu etkile\u015fimleri te\u015fvik etmeye ve sorunlu davran\u0131\u015flar\u0131 ay\u0131klamaya yard\u0131mc\u0131 olabilirsiniz.<\/li>\n<\/ul>\n<\/li>\n<\/ol>\n<p>Hi\u00e7bir platform m\u00fckemmelli\u011fi garanti edemese de, bu ara\u00e7lar daha g\u00fcvenli bir <a href=\"https:\/\/strangercam.com\/tr\/mocospace\/\">uzay<\/a> bazen eski rastgele sohbet platformlar\u0131n\u0131 rahats\u0131z eden herkes i\u00e7in serbest atmosferden daha iyidir.<\/p>\n<h2>Di\u011fer Omegle Alternatifleri ile Kar\u015f\u0131la\u015ft\u0131rmalar<\/h2>\n<p>Omegla, yeni ortaya \u00e7\u0131kan Omegle benzeri hizmetlerden sadece biridir, \u00f6rne\u011fin <strong>Uhmegle<\/strong> ve <strong>Omegleweg<\/strong>. A\u015fa\u011f\u0131da, temel y\u00f6nlerden nas\u0131l kar\u015f\u0131la\u015ft\u0131r\u0131ld\u0131klar\u0131na dair bir anl\u0131k g\u00f6r\u00fcnt\u00fc yer almaktad\u0131r:<\/p>\n<table>\n<thead>\n<tr>\n<th><strong>Platform<\/strong><\/th>\n<th><strong>Kullan\u0131m Kolayl\u0131\u011f\u0131<\/strong><\/th>\n<th><strong>Video Kalitesi<\/strong><\/th>\n<th><strong>Filtreler\/Etiketler<\/strong><\/th>\n<th><strong>Raporlama Ara\u00e7lar\u0131<\/strong><\/th>\n<th><strong>Kullan\u0131c\u0131 Taban\u0131 Boyutu<\/strong><\/th>\n<\/tr>\n<\/thead>\n<tbody>\n<tr>\n<td><strong>Omegla<\/strong><\/td>\n<td>\u00c7ok Basit<\/td>\n<td>Uyarlanabilir HD Ak\u0131\u015f\u0131<\/td>\n<td>Temel \u0130lgi Alanlar\u0131<\/td>\n<td>H\u0131zl\u0131 Rapor\/Blok<\/td>\n<td>H\u0131zla B\u00fcy\u00fcyor<\/td>\n<\/tr>\n<tr>\n<td>Uhmegle<\/td>\n<td>Basit<\/td>\n<td>Genel Olarak \u0130stikrarl\u0131<\/td>\n<td>Biraz Detayl\u0131<\/td>\n<td>K\u0131lavuz \u0130nceleme Ekibi<\/td>\n<td>Yerle\u015fik Kullan\u0131c\u0131lar<\/td>\n<\/tr>\n<tr>\n<td>Omegleweg<\/td>\n<td>Minimalist<\/td>\n<td>Kat\u0131 (biraz tamponlama)<\/td>\n<td>S\u0131n\u0131rl\u0131<\/td>\n<td>Temel Raporlama<\/td>\n<td>Orta d\u00fczeyde<\/td>\n<\/tr>\n<\/tbody>\n<\/table>\n<ul>\n<li><strong>Kullan\u0131m Kolayl\u0131\u011f\u0131<\/strong>: Her \u00fc\u00e7 platform da g\u00f6steri\u015fsiz bir yakla\u015f\u0131m\u0131 payla\u015f\u0131yor, ancak Omegla'n\u0131n aray\u00fcz\u00fc \u00f6zellikle temiz.<\/li>\n<li><strong>Video Kalitesi<\/strong>: Omegla uyarlanabilir ak\u0131\u015fa odaklan\u0131r ve olduk\u00e7a tutarl\u0131 bir performans sunar.<\/li>\n<li><strong>Filtreler\/Etiketler<\/strong>: Uhmegle daha fazla ayr\u0131nt\u0131 sunabilir, ancak Omegla'n\u0131n temel ilgi etiketleri i\u015fleri basit tutar.<\/li>\n<li><strong>Raporlama Ara\u00e7lar\u0131<\/strong>: Omegla, canl\u0131 oturumlar s\u0131ras\u0131nda minimum kesinti sa\u011flayan basit engelleme \/ raporlama d\u00fc\u011fmesiyle bilinir.<\/li>\n<\/ul>\n<h2>Kullan\u0131c\u0131 Demografisi ve Etkinli\u011fi<\/h2>\n<h3>Omegla'y\u0131 Kimler Kullan\u0131r?<\/h3>\n<ul>\n<li><strong>\u0130lk\u00f6\u011fretim Ya\u015f Aral\u0131\u011f\u0131<\/strong>: Gen\u00e7 yeti\u015fkinler (18-35) b\u00fcy\u00fck bir b\u00f6l\u00fcm\u00fc olu\u015fturuyor, ancak daha ya\u015fl\u0131 demografik gruplar da h\u0131zl\u0131 sohbetler i\u00e7in u\u011fruyor.<\/li>\n<li><strong>Diller<\/strong>: A\u011f\u0131rl\u0131kl\u0131 olarak \u0130ngilizce konu\u015fulmaktad\u0131r, ancak k\u00fcresel eri\u015filebilirlik nedeniyle di\u011fer dillerde de iyi bir \u00e7e\u015fitlilik bulacaks\u0131n\u0131z.<\/li>\n<li><strong>K\u00fcresel Topluluk<\/strong>: Kuzey Amerika ve Avrupa'da g\u00fc\u00e7l\u00fc varl\u0131k, Asya ve G\u00fcney Amerika'n\u0131n baz\u0131 b\u00f6lgelerinde b\u00fcy\u00fcyen kullan\u0131c\u0131 taban\u0131.<\/li>\n<\/ul>\n<h3>Kullan\u0131m E\u011filimleri<\/h3>\n<ul>\n<li><strong>Yo\u011fun Zamanlar<\/strong>: Ak\u015famlar\u0131 ve hafta sonlar\u0131, insanlar i\u015ften veya okuldan gev\u015ferken.<\/li>\n<li><strong>G\u00fcndelik Sohbetler<\/strong>: Bir\u00e7ok kullan\u0131c\u0131 sadece e\u011flence veya zaman ge\u00e7irmek i\u00e7in oradad\u0131r.<\/li>\n<li><strong>Ara S\u0131ra Derin Sohbetler<\/strong>: Baz\u0131 insanlar daha anlaml\u0131 sohbetler -hobiler, k\u00fcresel etkinlikler veya k\u00fclt\u00fcrel al\u0131\u015fveri\u015fler- i\u00e7in buralarda kal\u0131rlar.<\/li>\n<\/ul>\n<h2>Art\u0131lar\u0131 ve Eksileri<\/h2>\n<p>A\u015fa\u011f\u0131da Omegla'n\u0131n g\u00fc\u00e7l\u00fc y\u00f6nlerinin ve potansiyel geli\u015fim alanlar\u0131n\u0131n h\u0131zl\u0131 bir d\u00f6k\u00fcm\u00fc yer almaktad\u0131r:<\/p>\n<table>\n<thead>\n<tr>\n<th><strong>Art\u0131lar\u0131<\/strong><\/th>\n<th><strong>Eksiler<\/strong><\/th>\n<\/tr>\n<\/thead>\n<tbody>\n<tr>\n<td>\u2013 <strong>An\u0131nda Rastgele Sohbetler<\/strong>: H\u0131zl\u0131 ba\u015flat d\u00fc\u011fmesi h\u0131zl\u0131 sohbet etmenizi sa\u011flar.<\/td>\n<td>\u2013 <strong>Potansiyel Uygunsuz \u0130\u00e7erik<\/strong>: Rastgele do\u011fa s\u00fcrprizler demektir.<\/td>\n<\/tr>\n<tr>\n<td>\u2013 <strong>Kay\u0131t Gerekmiyor<\/strong>: Ki\u015fisel bilgilerinizi payla\u015fmadan kat\u0131l\u0131n.<\/td>\n<td>\u2013 <strong>S\u0131n\u0131rl\u0131 Filtreleme<\/strong>: Temel etiketler yaln\u0131zca geni\u015f konulara g\u00f6re daraltma yapman\u0131z\u0131 sa\u011flar.<\/td>\n<\/tr>\n<tr>\n<td>\u2013 <strong>H\u0131zl\u0131, \u0130stikrarl\u0131 Ba\u011flant\u0131lar<\/strong>: Uyarlanabilir ak\u0131\u015f, aramalar\u0131n sorunsuz olmas\u0131n\u0131 sa\u011flar.<\/td>\n<td>\u2013 <strong>Profil \u00d6zelle\u015ftirme Yok<\/strong>: Daha fazla ki\u015fiselle\u015ftirme arayanlar kendilerini s\u0131n\u0131rl\u0131 hissedebilir.<\/td>\n<\/tr>\n<tr>\n<td>\u2013 <strong>Basit Aray\u00fcz<\/strong>: Yeni gelenler i\u00e7in minimum \u00f6\u011frenme e\u011frisi.<\/td>\n<td>\u2013 <strong>Kullan\u0131c\u0131 Raporlar\u0131na G\u00fcven<\/strong>: Moderasyonun etkinli\u011fi toplumun uyan\u0131kl\u0131\u011f\u0131na ba\u011fl\u0131d\u0131r.<\/td>\n<\/tr>\n<\/tbody>\n<\/table>\n<h2>Gelecekte Yap\u0131lmas\u0131 \u00d6nerilen \u0130yile\u015ftirmeler<\/h2>\n<p>Omegla geli\u015fmeye devam ediyor ve kullan\u0131c\u0131lar s\u0131k s\u0131k geri bildirim payla\u015f\u0131yor. Baz\u0131 potansiyel iyile\u015ftirmeler \u015funlard\u0131r:<\/p>\n<ol>\n<li><strong>Geni\u015fletilmi\u015f \u0130lgi Alan\u0131 Kategorileri<\/strong>\n<ul>\n<li>Ba\u011flant\u0131lar\u0131 daha alakal\u0131 hale getirmek i\u00e7in kullan\u0131c\u0131lar\u0131n daha geni\u015f bir ilgi alan\u0131 k\u00fcmesinden se\u00e7im yapmas\u0131na izin verin.<\/li>\n<\/ul>\n<\/li>\n<li><strong>\u0130ste\u011fe Ba\u011fl\u0131 Kullan\u0131c\u0131 Ad\u0131 veya Profil<\/strong>\n<ul>\n<li>Dostluk ma\u00e7lar\u0131n\u0131 takip etmek isteyenler i\u00e7in biraz daha ki\u015fiselle\u015ftirme sunun.<\/li>\n<\/ul>\n<\/li>\n<li><strong>Yerle\u015fik \u00c7eviri<\/strong>\n<ul>\n<li>Daha da k\u00fcresel bir deneyim i\u00e7in diller aras\u0131 g\u00f6r\u00fc\u015fmeleri kolayla\u015ft\u0131r\u0131n.<\/li>\n<\/ul>\n<\/li>\n<li><strong>Uygunsuz \u0130\u00e7erik i\u00e7in An\u0131nda Filtreleme<\/strong>\n<ul>\n<li>Yapay zekaya dayal\u0131 tespit, a\u00e7\u0131k veya sald\u0131rgan davran\u0131\u015flar\u0131n daha h\u0131zl\u0131 engellenmesine yard\u0131mc\u0131 olabilir.<\/li>\n<\/ul>\n<\/li>\n<\/ol>\n<h2>Ba\u015flarken: H\u0131zl\u0131 Bir K\u0131lavuz<\/h2>\n<p>Omegla'y\u0131 denemeye haz\u0131r m\u0131s\u0131n\u0131z? \u0130\u015fte k\u0131sa bir yol haritas\u0131:<\/p>\n<ol>\n<li><strong>Omegla'y\u0131 ziyaret edin<\/strong>: Web sitesine do\u011frudan herhangi bir yayg\u0131n taray\u0131c\u0131dan girin.<\/li>\n<li><strong>Kamera ve Mikrofona \u0130zin Ver<\/strong>: Ses ve video i\u00e7in gerekli izinleri verin.<\/li>\n<li><strong>\u0130lgi Alanlar\u0131n\u0131 Se\u00e7in (\u0130ste\u011fe Ba\u011fl\u0131)<\/strong>: Rastgele e\u015fle\u015ftirmeyi y\u00f6nlendirmek i\u00e7in birka\u00e7 geni\u015f etiket se\u00e7in.<\/li>\n<li><strong>'Ba\u015flat'a t\u0131klay\u0131n<\/strong>: H\u0131zl\u0131 bir \u015fekilde ba\u015fka bir kullan\u0131c\u0131yla e\u015fle\u015ftirileceksiniz.<\/li>\n<li><strong>Sohbet Et veya Atla<\/strong>: E\u011fer uygun de\u011filse, devam etmek i\u00e7in \"\u0130leri \"ye t\u0131klay\u0131n.<\/li>\n<li><strong>Blok\/Rapor<\/strong>: Herhangi bir kullan\u0131c\u0131 y\u00f6nergeleri ihlal ederse, tek t\u0131klamayla raporlama se\u00e7ene\u011fi mevcuttur.<\/li>\n<\/ol>\n<p>\u00c7evrimi\u00e7i olursunuz ve saniyeler i\u00e7inde yeni insanlarla tan\u0131\u015f\u0131rs\u0131n\u0131z - s\u0131k\u0131c\u0131 kay\u0131tlar gerekmez.<\/p>\n<h2>Sonu\u00e7<\/h2>\n<p>Omegle'nin yoklu\u011funun spontane g\u00f6r\u00fcnt\u00fcl\u00fc sohbet hayranlar\u0131 i\u00e7in bir bo\u015fluk b\u0131rakt\u0131\u011f\u0131 bir d\u00fcnyada, Omegla kendisini basit, modern bir alternatif olarak konumland\u0131r\u0131yor. Minimal aray\u00fcz\u00fc, h\u0131zl\u0131 ba\u011flant\u0131lar\u0131 ve kullan\u0131c\u0131 dostu \u00f6zelliklere olan ba\u011fl\u0131l\u0131\u011f\u0131, orijinal Omegle'yi bu kadar \u00e7ekici k\u0131lan \u015feyin \u00f6z\u00fcn\u00fc yans\u0131t\u0131yor.<\/p>\n<p>Herhangi bir rastgele platformda moderasyon asla kusursuz olmasa da, Omegla'n\u0131n raporlama ve engelleme ara\u00e7lar\u0131 daha olumlu bir atmosferi s\u00fcrd\u00fcrmeyi ama\u00e7lamaktad\u0131r. Hesap olu\u015fturma veya say\u0131s\u0131z ayarda gezinme zahmetine girmeden rastgele, uluslararas\u0131 etkile\u015fimler isteyenler i\u00e7in Omegla ilgi \u00e7ekici, g\u00f6steri\u015fsiz bir deneyim sunuyor. S\u00fcrekli iyile\u015ftirme ve duyarl\u0131 moderasyon ile Uhmegle ve Omegleweg gibi pop\u00fcler Omegle halefleri aras\u0131nda istikrarl\u0131 bir yer edinme potansiyeline sahiptir.<\/p>\n<p>Klasik \"Bir d\u00fc\u011fmeye t\u0131klamayla yabanc\u0131\" havas\u0131n\u0131 ar\u0131yorsan\u0131z, Omegla d\u00fcnyan\u0131n d\u00f6rt bir yan\u0131ndan insanlarla tan\u0131\u015fmak i\u00e7in bir sonraki favori tercihiniz olabilir - her seferinde bir spontane sohbet.<\/p>","protected":false},"excerpt":{"rendered":"<p>With Omegle\u2019s departure, a variety of new video chat services have emerged to fill the gap. Omegla is one such platform, taking inspiration from Omegle\u2019s straightforward approach to random one-on-one chatting. Whether you\u2019re looking for a quick conversation, seeking new friends worldwide, or just curious about the latest Omegle-inspired innovations, Omegla aims to provide a [&hellip;]<\/p>\n","protected":false},"author":6,"featured_media":0,"parent":0,"menu_order":0,"comment_status":"closed","ping_status":"closed","template":"","meta":{"footnotes":""},"class_list":["post-12700","page","type-page","status-publish","hentry"],"yoast_head":"<!-- This site is optimized with the Yoast SEO plugin v27.4 - https:\/\/yoast.com\/product\/yoast-seo-wordpress\/ -->\n<title>Omegla - Free video chat with girls on StrangerCam.com<\/title>\n<meta name=\"description\" content=\"Like Omegla? Come chat with more than 5.000.000 strangers on Stranger Cam for Free! Turn on your cam and find new friends &amp; maby a match!\" \/>\n<meta name=\"robots\" content=\"index, follow, max-snippet:-1, max-image-preview:large, max-video-preview:-1\" \/>\n<link rel=\"canonical\" href=\"https:\/\/strangercam.com\/tr\/omegla\/\" \/>\n<meta property=\"og:locale\" content=\"tr_TR\" \/>\n<meta property=\"og:type\" content=\"article\" \/>\n<meta property=\"og:title\" content=\"Omegla - Free video chat with girls on StrangerCam.com\" \/>\n<meta property=\"og:description\" content=\"Like Omegla? Come chat with more than 5.000.000 strangers on Stranger Cam for Free! Turn on your cam and find new friends &amp; maby a match!\" \/>\n<meta property=\"og:url\" content=\"https:\/\/strangercam.com\/tr\/omegla\/\" \/>\n<meta property=\"og:site_name\" content=\"Strangercam\" \/>\n<meta property=\"article:publisher\" content=\"https:\/\/www.facebook.com\/strangercam\" \/>\n<meta property=\"article:modified_time\" content=\"2025-02-07T11:15:40+00:00\" \/>\n<meta property=\"og:image\" content=\"https:\/\/strangercam.com\/wp-content\/uploads\/2021\/10\/Untitled-2.png\" \/>\n\t<meta property=\"og:image:width\" content=\"800\" \/>\n\t<meta property=\"og:image:height\" content=\"532\" \/>\n\t<meta property=\"og:image:type\" content=\"image\/png\" \/>\n<meta name=\"twitter:card\" content=\"summary_large_image\" \/>\n<meta name=\"twitter:site\" content=\"@strangercamapp\" \/>\n<meta name=\"twitter:label1\" content=\"Tahmini okuma s\u00fcresi\" \/>\n\t<meta name=\"twitter:data1\" content=\"6 dakika\" \/>\n<script type=\"application\/ld+json\" class=\"yoast-schema-graph\">{\"@context\":\"https:\\\/\\\/schema.org\",\"@graph\":[{\"@type\":\"WebPage\",\"@id\":\"https:\\\/\\\/strangercam.com\\\/omegla\\\/\",\"url\":\"https:\\\/\\\/strangercam.com\\\/omegla\\\/\",\"name\":\"Omegla - Free video chat with girls on StrangerCam.com\",\"isPartOf\":{\"@id\":\"https:\\\/\\\/strangercam.com\\\/#website\"},\"datePublished\":\"2025-02-07T11:15:10+00:00\",\"dateModified\":\"2025-02-07T11:15:40+00:00\",\"description\":\"Like Omegla? Come chat with more than 5.000.000 strangers on Stranger Cam for Free! Turn on your cam and find new friends & maby a match!\",\"breadcrumb\":{\"@id\":\"https:\\\/\\\/strangercam.com\\\/omegla\\\/#breadcrumb\"},\"inLanguage\":\"tr\",\"potentialAction\":[{\"@type\":\"ReadAction\",\"target\":[\"https:\\\/\\\/strangercam.com\\\/omegla\\\/\"]}]},{\"@type\":\"BreadcrumbList\",\"@id\":\"https:\\\/\\\/strangercam.com\\\/omegla\\\/#breadcrumb\",\"itemListElement\":[{\"@type\":\"ListItem\",\"position\":1,\"name\":\"Home\",\"item\":\"https:\\\/\\\/strangercam.com\\\/\"},{\"@type\":\"ListItem\",\"position\":2,\"name\":\"Omegla\"}]},{\"@type\":\"WebSite\",\"@id\":\"https:\\\/\\\/strangercam.com\\\/#website\",\"url\":\"https:\\\/\\\/strangercam.com\\\/\",\"name\":\"Strangercam\",\"description\":\"Random Video Chat with Strangers\",\"publisher\":{\"@id\":\"https:\\\/\\\/strangercam.com\\\/#organization\"},\"alternateName\":\"Strangercam.com\",\"potentialAction\":[{\"@type\":\"SearchAction\",\"target\":{\"@type\":\"EntryPoint\",\"urlTemplate\":\"https:\\\/\\\/strangercam.com\\\/?s={search_term_string}\"},\"query-input\":{\"@type\":\"PropertyValueSpecification\",\"valueRequired\":true,\"valueName\":\"search_term_string\"}}],\"inLanguage\":\"tr\"},{\"@type\":\"Organization\",\"@id\":\"https:\\\/\\\/strangercam.com\\\/#organization\",\"name\":\"Strangercam\",\"alternateName\":\"Strangercam.com\",\"url\":\"https:\\\/\\\/strangercam.com\\\/\",\"logo\":{\"@type\":\"ImageObject\",\"inLanguage\":\"tr\",\"@id\":\"https:\\\/\\\/strangercam.com\\\/#\\\/schema\\\/logo\\\/image\\\/\",\"url\":\"https:\\\/\\\/strangercam.com\\\/wp-content\\\/uploads\\\/2020\\\/11\\\/cropped-new-favicon-black.png\",\"contentUrl\":\"https:\\\/\\\/strangercam.com\\\/wp-content\\\/uploads\\\/2020\\\/11\\\/cropped-new-favicon-black.png\",\"width\":512,\"height\":512,\"caption\":\"Strangercam\"},\"image\":{\"@id\":\"https:\\\/\\\/strangercam.com\\\/#\\\/schema\\\/logo\\\/image\\\/\"},\"sameAs\":[\"https:\\\/\\\/www.facebook.com\\\/strangercam\",\"https:\\\/\\\/x.com\\\/strangercamapp\"]}]}<\/script>\n<!-- \/ Yoast SEO plugin. -->","yoast_head_json":{"title":"Omegla - StrangerCam.com'da k\u0131zlarla \u00fccretsiz g\u00f6r\u00fcnt\u00fcl\u00fc sohbet","description":"Omegla'y\u0131 be\u011fendin mi? Gelin Stranger Cam'de 5.000.000'dan fazla yabanc\u0131yla \u00dccretsiz sohbet edin! Kameran\u0131z\u0131 a\u00e7\u0131n ve yeni arkada\u015flar ve belki bir e\u015fle\u015fme bulun!","robots":{"index":"index","follow":"follow","max-snippet":"max-snippet:-1","max-image-preview":"max-image-preview:large","max-video-preview":"max-video-preview:-1"},"canonical":"https:\/\/strangercam.com\/tr\/omegla\/","og_locale":"tr_TR","og_type":"article","og_title":"Omegla - Free video chat with girls on StrangerCam.com","og_description":"Like Omegla? Come chat with more than 5.000.000 strangers on Stranger Cam for Free! Turn on your cam and find new friends & maby a match!","og_url":"https:\/\/strangercam.com\/tr\/omegla\/","og_site_name":"Strangercam","article_publisher":"https:\/\/www.facebook.com\/strangercam","article_modified_time":"2025-02-07T11:15:40+00:00","og_image":[{"width":800,"height":532,"url":"https:\/\/strangercam.com\/wp-content\/uploads\/2021\/10\/Untitled-2.png","type":"image\/png"}],"twitter_card":"summary_large_image","twitter_site":"@strangercamapp","twitter_misc":{"Tahmini okuma s\u00fcresi":"6 dakika"},"schema":{"@context":"https:\/\/schema.org","@graph":[{"@type":"WebPage","@id":"https:\/\/strangercam.com\/omegla\/","url":"https:\/\/strangercam.com\/omegla\/","name":"Omegla - StrangerCam.com'da k\u0131zlarla \u00fccretsiz g\u00f6r\u00fcnt\u00fcl\u00fc sohbet","isPartOf":{"@id":"https:\/\/strangercam.com\/#website"},"datePublished":"2025-02-07T11:15:10+00:00","dateModified":"2025-02-07T11:15:40+00:00","description":"Omegla'y\u0131 be\u011fendin mi? Gelin Stranger Cam'de 5.000.000'dan fazla yabanc\u0131yla \u00dccretsiz sohbet edin! Kameran\u0131z\u0131 a\u00e7\u0131n ve yeni arkada\u015flar ve belki bir e\u015fle\u015fme bulun!","breadcrumb":{"@id":"https:\/\/strangercam.com\/omegla\/#breadcrumb"},"inLanguage":"tr","potentialAction":[{"@type":"ReadAction","target":["https:\/\/strangercam.com\/omegla\/"]}]},{"@type":"BreadcrumbList","@id":"https:\/\/strangercam.com\/omegla\/#breadcrumb","itemListElement":[{"@type":"ListItem","position":1,"name":"Home","item":"https:\/\/strangercam.com\/"},{"@type":"ListItem","position":2,"name":"Omegla"}]},{"@type":"WebSite","@id":"https:\/\/strangercam.com\/#website","url":"https:\/\/strangercam.com\/","name":"Strangercam","description":"Yabanc\u0131larla Rastgele G\u00f6r\u00fcnt\u00fcl\u00fc Sohbet","publisher":{"@id":"https:\/\/strangercam.com\/#organization"},"alternateName":"Strangercam.com","potentialAction":[{"@type":"SearchAction","target":{"@type":"EntryPoint","urlTemplate":"https:\/\/strangercam.com\/?s={search_term_string}"},"query-input":{"@type":"PropertyValueSpecification","valueRequired":true,"valueName":"search_term_string"}}],"inLanguage":"tr"},{"@type":"Organization","@id":"https:\/\/strangercam.com\/#organization","name":"Strangercam","alternateName":"Strangercam.com","url":"https:\/\/strangercam.com\/","logo":{"@type":"ImageObject","inLanguage":"tr","@id":"https:\/\/strangercam.com\/#\/schema\/logo\/image\/","url":"https:\/\/strangercam.com\/wp-content\/uploads\/2020\/11\/cropped-new-favicon-black.png","contentUrl":"https:\/\/strangercam.com\/wp-content\/uploads\/2020\/11\/cropped-new-favicon-black.png","width":512,"height":512,"caption":"Strangercam"},"image":{"@id":"https:\/\/strangercam.com\/#\/schema\/logo\/image\/"},"sameAs":["https:\/\/www.facebook.com\/strangercam","https:\/\/x.com\/strangercamapp"]}]}},"_links":{"self":[{"href":"https:\/\/strangercam.com\/tr\/wp-json\/wp\/v2\/pages\/12700","targetHints":{"allow":["GET"]}}],"collection":[{"href":"https:\/\/strangercam.com\/tr\/wp-json\/wp\/v2\/pages"}],"about":[{"href":"https:\/\/strangercam.com\/tr\/wp-json\/wp\/v2\/types\/page"}],"author":[{"embeddable":true,"href":"https:\/\/strangercam.com\/tr\/wp-json\/wp\/v2\/users\/6"}],"replies":[{"embeddable":true,"href":"https:\/\/strangercam.com\/tr\/wp-json\/wp\/v2\/comments?post=12700"}],"version-history":[{"count":1,"href":"https:\/\/strangercam.com\/tr\/wp-json\/wp\/v2\/pages\/12700\/revisions"}],"predecessor-version":[{"id":12701,"href":"https:\/\/strangercam.com\/tr\/wp-json\/wp\/v2\/pages\/12700\/revisions\/12701"}],"wp:attachment":[{"href":"https:\/\/strangercam.com\/tr\/wp-json\/wp\/v2\/media?parent=12700"}],"curies":[{"name":"wp","href":"https:\/\/api.w.org\/{rel}","templated":true}]}}