{"id":12683,"date":"2025-01-29T10:35:45","date_gmt":"2025-01-29T08:35:45","guid":{"rendered":"https:\/\/strangercam.com\/?page_id=12683"},"modified":"2025-02-04T09:27:22","modified_gmt":"2025-02-04T07:27:22","slug":"pink-video-chat","status":"publish","type":"page","link":"https:\/\/strangercam.com\/tr\/pink-video-chat\/","title":{"rendered":"Pembe G\u00f6r\u00fcnt\u00fcl\u00fc Sohbet"},"content":{"rendered":"<p>Canl\u0131, spontane bir yol mu ar\u0131yorsunuz? <a href=\"https:\/\/strangercam.com\/tr\/coomeet\/\">tan\u0131\u015fmak<\/a> yeni insanlar \u00e7evrimi\u00e7i mi? Pembe Video <a href=\"https:\/\/strangercam.com\/tr\/chatroulette\/\">Sohbet<\/a> Chatrandom gibi platformlara e\u011flenceli bir alternatif sunuyor ve d\u00fcnya \u00e7ap\u0131nda yeni sohbetler ba\u015flatan rastgele video ba\u011flant\u0131lar\u0131na odaklan\u0131yor. Bu k\u0131lavuzda, Pink Video Chat'nin temel \u00f6zelliklerini, di\u011fer rastgele sohbet sitelerinden nas\u0131l ayr\u0131ld\u0131\u011f\u0131n\u0131 ve h\u0131zl\u0131 sosyal kar\u015f\u0131la\u015fmalar\u0131 sevenler i\u00e7in onu g\u00fcvenli ve e\u011flenceli bir se\u00e7enek haline getiren \u015feyleri ke\u015ffedece\u011fiz.<\/p>\n<h2>Temel \u00d6zellikler<\/h2>\n<p>Pembe <a href=\"https:\/\/strangercam.com\/tr\/rabbit-video-chat\/\">G\u00f6r\u00fcnt\u00fcl\u00fc Sohbet<\/a> yabanc\u0131larla ger\u00e7ek zamanl\u0131 olarak ba\u011flant\u0131 kurmak i\u00e7in basit ama ilgi \u00e7ekici bir y\u00f6ntem sunmakla ilgilidir. Kullan\u0131c\u0131 dostu aray\u00fcz\u00fcnden yarat\u0131c\u0131 eklentilerine kadar, sohbetleri e\u011flenceli ve g\u00fcvenli tutmay\u0131 ama\u00e7l\u0131yor.<\/p>\n<ul>\n<li><strong>Rastgele Video E\u015fle\u015ftirme<\/strong>: Yabanc\u0131larla an\u0131nda e\u015fle\u015fin ve s\u0131radan g\u00f6r\u00fcnt\u00fcl\u00fc sohbetlere atlay\u0131n.<\/li>\n<li><strong>Buzk\u0131ran Etkileri<\/strong>: E\u011flenceli maskeler, filtreler ve di\u011fer g\u00f6rsel \u00f6\u011felerle konu\u015fmalar\u0131 renklendirin.<\/li>\n<li><strong>H\u0131zl\u0131 Navigasyon<\/strong>: Bir sohbetten di\u011ferine h\u0131zla ge\u00e7erek konu\u015fmaya daha fazla, beklemeye daha az zaman ay\u0131rman\u0131z\u0131 sa\u011flar.<\/li>\n<li><strong>Mobil-Optimize Edilmi\u015f<\/strong>: \u0130ster ak\u0131ll\u0131 telefonda ister masa\u00fcst\u00fcnde, kaliteden \u00f6d\u00fcn vermeden kesintisiz g\u00f6r\u00fcnt\u00fcl\u00fc sohbetlerin keyfini \u00e7\u0131kar\u0131n.<\/li>\n<\/ul>\n<h2>Rastgele G\u00f6r\u00fcnt\u00fcl\u00fc Sohbet Deneyimi<\/h2>\n<p>Pink Video Chat'nin birincil cazibesi, sizi bir d\u00fc\u011fmeye t\u0131klayarak yabanc\u0131larla bire bir bulu\u015fturabilmesinde yat\u0131yor.<\/p>\n<h3>Anl\u0131k Ba\u011flant\u0131lar<\/h3>\n<p>\u201cBa\u015flat\u201d d\u00fc\u011fmesine bast\u0131\u011f\u0131n\u0131z anda, Pink Video Chat'nin algoritmas\u0131 h\u0131zl\u0131 bir \u015fekilde g\u00f6r\u00fcnt\u00fcl\u00fc konu\u015fmaya haz\u0131r bir ortak bulur. Uzun profillere veya karma\u015f\u0131k filtrelere gerek yok - sadece spontane diyalog.<\/p>\n<h3>Otomatik Sonraki Se\u00e7ene\u011fi<\/h3>\n<p>Mevcut sohbet t\u0131klanmazsa, \"Sonraki\" \u00fczerine tek bir dokunu\u015f sizi yeni bir e\u015fle\u015fmeyle e\u015fle\u015ftirerek tempoyu canl\u0131 tutar ve daha fazla insan ke\u015ffetmenize yard\u0131mc\u0131 olur.<\/p>\n<h3>K\u00fcresel Topluluk<\/h3>\n<p>Pink Video Chat'nin kullan\u0131c\u0131 taban\u0131 d\u00fcnya \u00e7ap\u0131nda geni\u015fler ve size \u00e7e\u015fitli ge\u00e7mi\u015flere sahip bireylerle sohbet etme \u015fans\u0131 verir. Yeni diller \u00f6\u011frenmek veya uluslararas\u0131 k\u00fclt\u00fcrleri samimi, y\u00fcz y\u00fcze bir formatta ke\u015ffetmek i\u00e7in m\u00fckemmeldir.<\/p>\n<h2>E\u011flenceli Ekstralar<\/h2>\n<p>Pink Video Chat, temel rastgele sohbet i\u015flevinin \u00f6tesinde, etkile\u015fimi art\u0131rmak ve buzlar\u0131 k\u0131rmak i\u00e7in heyecan verici eklemeler sunar.<\/p>\n<table>\n<thead>\n<tr>\n<th>\u00d6zellik<\/th>\n<th>A\u00e7\u0131klama<\/th>\n<\/tr>\n<\/thead>\n<tbody>\n<tr>\n<td><strong>Dijital Maskeler ve Filtreler<\/strong><\/td>\n<td>\u0130lgin\u00e7 kaplamalar, komik \u015fapkalar veya animasyonlu efektlerle ekrandaki g\u00f6r\u00fcn\u00fcm\u00fcn\u00fcz\u00fc de\u011fi\u015ftirin.<\/td>\n<\/tr>\n<tr>\n<td><strong>Metin Sohbeti Entegrasyonu<\/strong><\/td>\n<td>\u0130lk ba\u015fta kamera kar\u015f\u0131s\u0131nda konu\u015fmak istemiyorsan\u0131z h\u0131zl\u0131 mesajlar yaz\u0131n veya ba\u011flant\u0131lar payla\u015f\u0131n.<\/td>\n<\/tr>\n<tr>\n<td><strong>Anl\u0131k G\u00f6r\u00fcnt\u00fc Arac\u0131<\/strong><\/td>\n<td>Seans\u0131n\u0131z sona erdikten sonra tekrar ziyaret etmek i\u00e7in unutulmaz anlar\u0131 (izin alarak) yakalay\u0131n.<\/td>\n<\/tr>\n<tr>\n<td><strong>\u0130lgi Etiketleri<\/strong><\/td>\n<td>Platformun daha alakal\u0131 e\u015fle\u015fmeler \u00f6nerebilmesi i\u00e7in anahtar kelimeler (m\u00fczik, spor, seyahat) ekleyin.<\/td>\n<\/tr>\n<\/tbody>\n<\/table>\n<h2>Kullan\u0131c\u0131 Aray\u00fcz\u00fc ve Deneyimi<\/h2>\n<p>Pink Video Chat'nin d\u00fczeni basit olmay\u0131, karma\u015fay\u0131 azaltmay\u0131 ve kolay etkile\u015fimlere \u00f6ncelik vermeyi ama\u00e7l\u0131yor.<\/p>\n<h3>Tasar\u0131m ve Navigasyon<\/h3>\n<ul>\n<li><strong>Minimalist Kurulum<\/strong>: \"Ba\u015flat\", \"Durdur\" ve \"Sonraki\" i\u00e7in a\u00e7\u0131k d\u00fc\u011fmeler, ba\u011flant\u0131lar\u0131n\u0131z\u0131n sorumlulu\u011funu alman\u0131za yard\u0131mc\u0131 olur.<\/li>\n<li><strong>Simge Tabanl\u0131 Men\u00fcler<\/strong>: Filtreler, metin sohbeti ve rapor \u00f6zellikleri gibi eklentileri h\u0131zl\u0131ca bulun.<\/li>\n<li><strong>Duyarl\u0131 D\u00fczen<\/strong>: Hem mobil cihazlarda hem de masa\u00fcst\u00fc bilgisayarlarda iyi \u00e7al\u0131\u015f\u0131r ve sohbetlerin her ekranda harika g\u00f6r\u00fcnmesini sa\u011flar.<\/li>\n<\/ul>\n<h3>Profil ve \u00d6zelle\u015ftirme<\/h3>\n<ul>\n<li><strong>\u0130ste\u011fe Ba\u011fl\u0131 Kullan\u0131c\u0131 Adlar\u0131<\/strong>: Yinelenen ziyaret\u00e7iler istiyorsan\u0131z k\u0131sa bir profil olu\u015fturun veya ekstra gizlilik i\u00e7in anonim kal\u0131n.<\/li>\n<li><strong>Bildirim Tercihleri<\/strong>: Arkada\u015fl\u0131k istekleri veya yeni \u00f6zellikler hakk\u0131ndaki uyar\u0131lar\u0131 kontrol edin.<\/li>\n<li><strong>Gizlilik Ayarlar\u0131<\/strong>: Konum payla\u015f\u0131m\u0131n\u0131 s\u0131n\u0131rlay\u0131n ve hangi bilgilerin ba\u015fkalar\u0131 taraf\u0131ndan g\u00f6r\u00fclebilece\u011fini ayarlay\u0131n.<\/li>\n<\/ul>\n<h2>Performans<\/h2>\n<p>Herhangi biri i\u00e7in <a href=\"https:\/\/strangercam.com\/tr\/chathub\/\">rastgele g\u00f6r\u00fcnt\u00fcl\u00fc sohbet<\/a> platform, h\u0131z ve g\u00fcvenilirlik \u00e7ok \u00f6nemlidir. Pink Video Chat, kaliteyi kullan\u0131c\u0131 dostu tasar\u0131mla dengeler.<\/p>\n<h3>Kararl\u0131 Ba\u011flant\u0131lar<\/h3>\n<ul>\n<li><strong>Optimize Edilmi\u015f Sunucular<\/strong>: Daha az gecikme ve do\u011fal hissettiren konu\u015fmalar i\u00e7in tasarlanm\u0131\u015ft\u0131r.<\/li>\n<li><strong>Uyarlanabilir Ak\u0131\u015f Kalitesi<\/strong>: \u00c7\u00f6z\u00fcn\u00fcrl\u00fc\u011f\u00fc internet bant geni\u015fli\u011finize g\u00f6re otomatik olarak ayarlar.<\/li>\n<li><strong>Veri Dostu Mobil Mod<\/strong>: Mobil a\u011flar i\u00e7in daha d\u00fc\u015f\u00fck veri kullan\u0131m\u0131 se\u00e7enekleri, videonun ak\u0131c\u0131 kalmas\u0131na yard\u0131mc\u0131 olur.<\/li>\n<\/ul>\n<h2>G\u00fcvenlik ve \u00d6l\u00e7\u00fcl\u00fcl\u00fck<\/h2>\n<p>Rastgele g\u00f6r\u00fcnt\u00fcl\u00fc sohbetler kullan\u0131c\u0131lar\u0131 uygunsuz etkile\u015fimlere maruz b\u0131rakabilir, bu nedenle Pink Video Chat moderasyona \u00f6ncelik verir.<\/p>\n<h3>Toplum \u0130zleme<\/h3>\n<ul>\n<li><strong>Rapor &amp; Blok<\/strong>: Kurallar\u0131 ihlal eden kullan\u0131c\u0131lar\u0131 an\u0131nda bildirin ve ho\u015f bir deneyim sa\u011flamak i\u00e7in gelecekteki ileti\u015fimi engelleyin.<\/li>\n<li><strong>Yapay Zeka Filtreleme<\/strong>: Otomatik sistemler m\u00fcstehcen veya k\u00fcf\u00fcrl\u00fc i\u00e7eri\u011fi erkenden tespit eder ve s\u0131n\u0131rlar.<\/li>\n<li><strong>\u0130nsan Moderasyonu<\/strong>: \u00d6zel bir destek ekibi, ek koruma i\u00e7in ciddi raporlar\u0131 ara\u015ft\u0131r\u0131r.<\/li>\n<\/ul>\n<h3>Gizlilik G\u00fcvencesi<\/h3>\n<ul>\n<li><strong>Anonim G\u00f6r\u00fcnt\u00fcl\u00fc Sohbetler<\/strong>: Ki\u015fisel bilgileri payla\u015fma veya sosyal medya profillerine ba\u011flant\u0131 verme zorunlulu\u011fu yoktur.<\/li>\n<li><strong>G\u00fcvenli Veri \u0130\u015fleme<\/strong>: Temel \u015fifreleme, hesap kimlik bilgilerinin ve oturum bilgilerinin korunmas\u0131na yard\u0131mc\u0131 olur.<\/li>\n<li><strong>Asgari Ya\u015f Politikas\u0131<\/strong>: 18 ya\u015f\u0131n alt\u0131ndaki kullan\u0131c\u0131lar, \u00e7ocuk g\u00fcvenli\u011fi uyumlulu\u011funu sa\u011flamak i\u00e7in k\u0131s\u0131tlanm\u0131\u015ft\u0131r.<\/li>\n<\/ul>\n<h2>Para Kazanma ve Y\u00fckseltmeler<\/h2>\n<p>Pink Video Chat, temel e\u015fle\u015ftirme \u00f6zelliklerini a\u015fa\u011f\u0131dakiler i\u00e7in sa\u011flar <a href=\"https:\/\/strangercam.com\/tr\/chat4free\/\">\u00fccretsiz<\/a>Ancak iste\u011fe ba\u011fl\u0131 \u00fccretli avantajlar deneyiminizi art\u0131rabilir.<\/p>\n<h3>Abonelik Se\u00e7enekleri<\/h3>\n<ul>\n<li><strong>Reklams\u0131z Mod<\/strong>: Kesintisiz bir sohbet ortam\u0131 i\u00e7in pop-up'lar\u0131 ve banner reklamlar\u0131 ortadan kald\u0131r\u0131n.<\/li>\n<li><strong>\u00d6zel Filtreler<\/strong>: Kamerada \u00f6ne \u00e7\u0131kmak i\u00e7in premium efektlerin ve arka planlar\u0131n kilidini a\u00e7\u0131n.<\/li>\n<li><strong>Geli\u015fmi\u015f E\u015fle\u015ftirme<\/strong>: Daha do\u011fru e\u015fle\u015ftirmeler i\u00e7in ilgi alan\u0131 etiketlerinizi daralt\u0131n.<\/li>\n<\/ul>\n<h3>\u00d6d\u00fcller ve Krediler<\/h3>\n<ul>\n<li><strong>Sadakat Kademeleri<\/strong>: S\u0131k kullan\u0131mla puan kazan\u0131n, uygulama i\u00e7i bonuslar veya indirimler i\u00e7in kullan\u0131labilir.<\/li>\n<li><strong>Y\u00f6nlendirme Te\u015fvikleri<\/strong>: Arkada\u015flar\u0131n\u0131z\u0131 Pink Video Chat'ye davet edin ve premium \u00f6zelliklerde harcamak i\u00e7in kredi kazan\u0131n.<\/li>\n<\/ul>\n<h2>Pazar Konumland\u0131rma<\/h2>\n<p>Pink Video Chat, Chatrandom gibi platformlara canl\u0131 bir alternatif olarak kendini ay\u0131r\u0131yor. Geni\u015f bir kitleyi memnun etmek i\u00e7in yeterli g\u00fcvenlik \u00f6nlemleri ve \u00f6zelle\u015ftirme sunarken s\u0131radan, \u00f6ng\u00f6r\u00fclemeyen kar\u015f\u0131la\u015fmalarla b\u00fcy\u00fcr.<\/p>\n<h3>Kullan\u0131c\u0131 Demografisi<\/h3>\n<ul>\n<li><strong>Ya\u015f Aral\u0131\u011f\u0131<\/strong>: \u00d6ncelikli olarak 18-35, ancak her ya\u015ftan yeti\u015fkine a\u00e7\u0131k.<\/li>\n<li><strong>\u0130lgi Alanlar\u0131<\/strong>: G\u00fcndelik sohbetler, k\u00fclt\u00fcrel al\u0131\u015fveri\u015f, dil prati\u011fi ve aradaki her \u015fey i\u00e7in idealdir.<\/li>\n<li><strong>Pik Kullan\u0131m<\/strong>: Ak\u015famlar\u0131 ve hafta sonlar\u0131, e\u011flenceli ve rahat sohbetler arayan en b\u00fcy\u00fck kalabal\u0131\u011f\u0131 \u00e7eker.<\/li>\n<\/ul>\n<h3>K\u00fcresel Eri\u015fim<\/h3>\n<ul>\n<li><strong>Uluslararas\u0131 Kullan\u0131c\u0131 Taban\u0131<\/strong>: Say\u0131s\u0131z \u00fclkeden yabanc\u0131larla tan\u0131\u015f\u0131n, d\u00fcnya g\u00f6r\u00fc\u015f\u00fcn\u00fcz\u00fc her seferinde bir sohbet geni\u015fletin.<\/li>\n<li><strong>\u00c7oklu Dil Aray\u00fcz\u00fc<\/strong>: Yerelle\u015ftirilmi\u015f bir deneyim i\u00e7in \u00e7e\u015fitli dil se\u00e7eneklerinden birini se\u00e7in.<\/li>\n<\/ul>\n<h2>Art\u0131lar\u0131 ve Eksileri<\/h2>\n<p>\u0130\u015fte Pink Video Chat'nin g\u00fc\u00e7l\u00fc noktalar\u0131 ve olas\u0131 dezavantajlar\u0131n\u0131n h\u0131zl\u0131 bir \u00f6zeti:<\/p>\n<table>\n<thead>\n<tr>\n<th>Art\u0131lar\u0131<\/th>\n<th>Eksiler<\/th>\n<\/tr>\n<\/thead>\n<tbody>\n<tr>\n<td>\n<ul>\n<li>An\u0131nda Rastgele Ba\u011flant\u0131lar<\/li>\n<li>Basit, Sezgisel D\u00fczen<\/li>\n<li>E\u011flenceli Filtreler ve Efektler<\/li>\n<li>Sa\u011flam Moderasyon Ara\u00e7lar\u0131<\/li>\n<li>Mobile Haz\u0131r Performans<\/li>\n<\/ul>\n<\/td>\n<td>\n<ul>\n<li>Uygunsuz \u0130\u00e7eri\u011fe Maruz Kalma Potansiyeli (denetlenmi\u015f olsa da)<\/li>\n<li>En \u0130yi Video Kalitesi i\u00e7in Y\u00fcksek \u0130nternet Talepleri<\/li>\n<li>\u00dccretsiz Katmanda S\u0131n\u0131rl\u0131 Profil ve \u0130lgi Alan\u0131 Se\u00e7enekleri<\/li>\n<li>Daha B\u00fcy\u00fck, Yerle\u015fik Platformlar\u0131n Rekabeti<\/li>\n<\/ul>\n<\/td>\n<\/tr>\n<\/tbody>\n<\/table>\n<h2>Sonu\u00e7<\/h2>\n<p>Pink Video Chat, spontane sosyal kar\u015f\u0131la\u015fmalar i\u00e7in can atan herkese uygun, e\u011flenceli ve rastgele bir g\u00f6r\u00fcnt\u00fcl\u00fc sohbet deneyimi sunar. Chatrandom'ye alternatif olarak, raporlama ve engelleme gibi temel g\u00fcvenlik \u00f6nlemlerinin yan\u0131 s\u0131ra dijital maskeler ve ilgi etiketleri gibi e\u011flenceli \u00f6zellikleri bir araya getirerek basitlik ve e\u011flenceyi dengeler. \u0130ster yeni arkada\u015flarla tan\u0131\u015fmak, ister ikinci bir dil prati\u011fi yapmak ya da sadece dinamik bir \u00e7evrimi\u00e7i toplulukta vakit ge\u00e7irmek isteyin, Pink Video Chat'nin size sunaca\u011f\u0131 \u00e7ok \u015fey var.<br \/>\nTemiz bir kullan\u0131c\u0131 aray\u00fcz\u00fc, mobil uyumluluk ve denetlenen sohbet ortam\u0131 ile Pink Video Chat, rastgele g\u00f6r\u00fcnt\u00fcl\u00fc sohbet siteleri d\u00fcnyas\u0131nda canl\u0131 bir rakip olarak \u00f6ne \u00e7\u0131k\u0131yor. Bir deneyin ve bir sonraki t\u0131klaman\u0131z\u0131n di\u011fer taraf\u0131nda kiminle tan\u0131\u015faca\u011f\u0131n\u0131z\u0131 ke\u015ffedin!<\/p>","protected":false},"excerpt":{"rendered":"<p>Are you looking for a lively, spontaneous way to meet new people online? Pink Video Chat offers a fun alternative to platforms like Chatrandom, focusing on random video connections that spark fresh conversations across the globe. In this guide, we\u2019ll explore Pink Video Chat\u2019s primary features, how it stands out from other random chat sites, [&hellip;]<\/p>\n","protected":false},"author":6,"featured_media":0,"parent":0,"menu_order":0,"comment_status":"closed","ping_status":"closed","template":"","meta":{"footnotes":""},"class_list":["post-12683","page","type-page","status-publish","hentry"],"yoast_head":"<!-- This site is optimized with the Yoast SEO plugin v26.9 - https:\/\/yoast.com\/product\/yoast-seo-wordpress\/ -->\n<title>Pink Video Chat - Chat with people on StrangerCam.com<\/title>\n<meta name=\"description\" content=\"Like Pink Video Chat? Come chat with more than 5.000.000 strangers on Stranger Cam for Free! Turn on your cam and find new friends &amp; maby a match!\" \/>\n<meta name=\"robots\" content=\"index, follow, max-snippet:-1, max-image-preview:large, max-video-preview:-1\" \/>\n<link rel=\"canonical\" href=\"https:\/\/strangercam.com\/tr\/pink-video-chat\/\" \/>\n<meta property=\"og:locale\" content=\"tr_TR\" \/>\n<meta property=\"og:type\" content=\"article\" \/>\n<meta property=\"og:title\" content=\"Pink Video Chat - Chat with people on StrangerCam.com\" \/>\n<meta property=\"og:description\" content=\"Like Pink Video Chat? Come chat with more than 5.000.000 strangers on Stranger Cam for Free! Turn on your cam and find new friends &amp; maby a match!\" \/>\n<meta property=\"og:url\" content=\"https:\/\/strangercam.com\/tr\/pink-video-chat\/\" \/>\n<meta property=\"og:site_name\" content=\"Strangercam\" \/>\n<meta property=\"article:publisher\" content=\"https:\/\/www.facebook.com\/strangercam\" \/>\n<meta property=\"article:modified_time\" content=\"2025-02-04T07:27:22+00:00\" \/>\n<meta property=\"og:image\" content=\"https:\/\/strangercam.com\/wp-content\/uploads\/2021\/10\/Untitled-2.png\" \/>\n\t<meta property=\"og:image:width\" content=\"800\" \/>\n\t<meta property=\"og:image:height\" content=\"532\" \/>\n\t<meta property=\"og:image:type\" content=\"image\/png\" \/>\n<meta name=\"twitter:card\" content=\"summary_large_image\" \/>\n<meta name=\"twitter:site\" content=\"@strangercamapp\" \/>\n<meta name=\"twitter:label1\" content=\"Tahmini okuma s\u00fcresi\" \/>\n\t<meta name=\"twitter:data1\" content=\"5 dakika\" \/>\n<script type=\"application\/ld+json\" class=\"yoast-schema-graph\">{\"@context\":\"https:\/\/schema.org\",\"@graph\":[{\"@type\":\"WebPage\",\"@id\":\"https:\/\/strangercam.com\/pink-video-chat\/\",\"url\":\"https:\/\/strangercam.com\/pink-video-chat\/\",\"name\":\"Pink Video Chat - Chat with people on StrangerCam.com\",\"isPartOf\":{\"@id\":\"https:\/\/strangercam.com\/#website\"},\"datePublished\":\"2025-01-29T08:35:45+00:00\",\"dateModified\":\"2025-02-04T07:27:22+00:00\",\"description\":\"Like Pink Video Chat? Come chat with more than 5.000.000 strangers on Stranger Cam for Free! Turn on your cam and find new friends & maby a match!\",\"breadcrumb\":{\"@id\":\"https:\/\/strangercam.com\/pink-video-chat\/#breadcrumb\"},\"inLanguage\":\"tr\",\"potentialAction\":[{\"@type\":\"ReadAction\",\"target\":[\"https:\/\/strangercam.com\/pink-video-chat\/\"]}]},{\"@type\":\"BreadcrumbList\",\"@id\":\"https:\/\/strangercam.com\/pink-video-chat\/#breadcrumb\",\"itemListElement\":[{\"@type\":\"ListItem\",\"position\":1,\"name\":\"Home\",\"item\":\"https:\/\/strangercam.com\/\"},{\"@type\":\"ListItem\",\"position\":2,\"name\":\"Pink Video Chat\"}]},{\"@type\":\"WebSite\",\"@id\":\"https:\/\/strangercam.com\/#website\",\"url\":\"https:\/\/strangercam.com\/\",\"name\":\"Strangercam\",\"description\":\"Random Video Chat with Strangers\",\"publisher\":{\"@id\":\"https:\/\/strangercam.com\/#organization\"},\"alternateName\":\"Strangercam.com\",\"potentialAction\":[{\"@type\":\"SearchAction\",\"target\":{\"@type\":\"EntryPoint\",\"urlTemplate\":\"https:\/\/strangercam.com\/?s={search_term_string}\"},\"query-input\":{\"@type\":\"PropertyValueSpecification\",\"valueRequired\":true,\"valueName\":\"search_term_string\"}}],\"inLanguage\":\"tr\"},{\"@type\":\"Organization\",\"@id\":\"https:\/\/strangercam.com\/#organization\",\"name\":\"Strangercam\",\"alternateName\":\"Strangercam.com\",\"url\":\"https:\/\/strangercam.com\/\",\"logo\":{\"@type\":\"ImageObject\",\"inLanguage\":\"tr\",\"@id\":\"https:\/\/strangercam.com\/#\/schema\/logo\/image\/\",\"url\":\"https:\/\/strangercam.com\/wp-content\/uploads\/2020\/11\/cropped-new-favicon-black.png\",\"contentUrl\":\"https:\/\/strangercam.com\/wp-content\/uploads\/2020\/11\/cropped-new-favicon-black.png\",\"width\":512,\"height\":512,\"caption\":\"Strangercam\"},\"image\":{\"@id\":\"https:\/\/strangercam.com\/#\/schema\/logo\/image\/\"},\"sameAs\":[\"https:\/\/www.facebook.com\/strangercam\",\"https:\/\/x.com\/strangercamapp\"]}]}<\/script>\n<!-- \/ Yoast SEO plugin. -->","yoast_head_json":{"title":"Pembe G\u00f6r\u00fcnt\u00fcl\u00fc Sohbet - StrangerCam.com'da insanlarla sohbet edin","description":"Pembe G\u00f6r\u00fcnt\u00fcl\u00fc Sohbet gibi mi? Gelin Stranger Cam'de 5.000.000'dan fazla yabanc\u0131yla \u00dccretsiz sohbet edin! Kameran\u0131z\u0131 a\u00e7\u0131n ve yeni arkada\u015flar ve belki bir e\u015fle\u015fme bulun!","robots":{"index":"index","follow":"follow","max-snippet":"max-snippet:-1","max-image-preview":"max-image-preview:large","max-video-preview":"max-video-preview:-1"},"canonical":"https:\/\/strangercam.com\/tr\/pink-video-chat\/","og_locale":"tr_TR","og_type":"article","og_title":"Pink Video Chat - Chat with people on StrangerCam.com","og_description":"Like Pink Video Chat? Come chat with more than 5.000.000 strangers on Stranger Cam for Free! Turn on your cam and find new friends & maby a match!","og_url":"https:\/\/strangercam.com\/tr\/pink-video-chat\/","og_site_name":"Strangercam","article_publisher":"https:\/\/www.facebook.com\/strangercam","article_modified_time":"2025-02-04T07:27:22+00:00","og_image":[{"width":800,"height":532,"url":"https:\/\/strangercam.com\/wp-content\/uploads\/2021\/10\/Untitled-2.png","type":"image\/png"}],"twitter_card":"summary_large_image","twitter_site":"@strangercamapp","twitter_misc":{"Tahmini okuma s\u00fcresi":"5 dakika"},"schema":{"@context":"https:\/\/schema.org","@graph":[{"@type":"WebPage","@id":"https:\/\/strangercam.com\/pink-video-chat\/","url":"https:\/\/strangercam.com\/pink-video-chat\/","name":"Pembe G\u00f6r\u00fcnt\u00fcl\u00fc Sohbet - StrangerCam.com'da insanlarla sohbet edin","isPartOf":{"@id":"https:\/\/strangercam.com\/#website"},"datePublished":"2025-01-29T08:35:45+00:00","dateModified":"2025-02-04T07:27:22+00:00","description":"Pembe G\u00f6r\u00fcnt\u00fcl\u00fc Sohbet gibi mi? Gelin Stranger Cam'de 5.000.000'dan fazla yabanc\u0131yla \u00dccretsiz sohbet edin! Kameran\u0131z\u0131 a\u00e7\u0131n ve yeni arkada\u015flar ve belki bir e\u015fle\u015fme bulun!","breadcrumb":{"@id":"https:\/\/strangercam.com\/pink-video-chat\/#breadcrumb"},"inLanguage":"tr","potentialAction":[{"@type":"ReadAction","target":["https:\/\/strangercam.com\/pink-video-chat\/"]}]},{"@type":"BreadcrumbList","@id":"https:\/\/strangercam.com\/pink-video-chat\/#breadcrumb","itemListElement":[{"@type":"ListItem","position":1,"name":"Home","item":"https:\/\/strangercam.com\/"},{"@type":"ListItem","position":2,"name":"Pink Video Chat"}]},{"@type":"WebSite","@id":"https:\/\/strangercam.com\/#website","url":"https:\/\/strangercam.com\/","name":"Strangercam","description":"Yabanc\u0131larla Rastgele G\u00f6r\u00fcnt\u00fcl\u00fc Sohbet","publisher":{"@id":"https:\/\/strangercam.com\/#organization"},"alternateName":"Strangercam.com","potentialAction":[{"@type":"SearchAction","target":{"@type":"EntryPoint","urlTemplate":"https:\/\/strangercam.com\/?s={search_term_string}"},"query-input":{"@type":"PropertyValueSpecification","valueRequired":true,"valueName":"search_term_string"}}],"inLanguage":"tr"},{"@type":"Organization","@id":"https:\/\/strangercam.com\/#organization","name":"Strangercam","alternateName":"Strangercam.com","url":"https:\/\/strangercam.com\/","logo":{"@type":"ImageObject","inLanguage":"tr","@id":"https:\/\/strangercam.com\/#\/schema\/logo\/image\/","url":"https:\/\/strangercam.com\/wp-content\/uploads\/2020\/11\/cropped-new-favicon-black.png","contentUrl":"https:\/\/strangercam.com\/wp-content\/uploads\/2020\/11\/cropped-new-favicon-black.png","width":512,"height":512,"caption":"Strangercam"},"image":{"@id":"https:\/\/strangercam.com\/#\/schema\/logo\/image\/"},"sameAs":["https:\/\/www.facebook.com\/strangercam","https:\/\/x.com\/strangercamapp"]}]}},"_links":{"self":[{"href":"https:\/\/strangercam.com\/tr\/wp-json\/wp\/v2\/pages\/12683","targetHints":{"allow":["GET"]}}],"collection":[{"href":"https:\/\/strangercam.com\/tr\/wp-json\/wp\/v2\/pages"}],"about":[{"href":"https:\/\/strangercam.com\/tr\/wp-json\/wp\/v2\/types\/page"}],"author":[{"embeddable":true,"href":"https:\/\/strangercam.com\/tr\/wp-json\/wp\/v2\/users\/6"}],"replies":[{"embeddable":true,"href":"https:\/\/strangercam.com\/tr\/wp-json\/wp\/v2\/comments?post=12683"}],"version-history":[{"count":1,"href":"https:\/\/strangercam.com\/tr\/wp-json\/wp\/v2\/pages\/12683\/revisions"}],"predecessor-version":[{"id":12684,"href":"https:\/\/strangercam.com\/tr\/wp-json\/wp\/v2\/pages\/12683\/revisions\/12684"}],"wp:attachment":[{"href":"https:\/\/strangercam.com\/tr\/wp-json\/wp\/v2\/media?parent=12683"}],"curies":[{"name":"wp","href":"https:\/\/api.w.org\/{rel}","templated":true}]}}