{"id":12678,"date":"2025-01-29T10:31:15","date_gmt":"2025-01-29T08:31:15","guid":{"rendered":"https:\/\/strangercam.com\/?page_id=12678"},"modified":"2025-01-29T10:31:15","modified_gmt":"2025-01-29T08:31:15","slug":"only2chat","status":"publish","type":"page","link":"https:\/\/strangercam.com\/tr\/only2chat\/","title":{"rendered":"Only2Chat"},"content":{"rendered":"<p>Spontane ba\u011flant\u0131lardan ve \u00e7evrimi\u00e7i yeni insanlarla tan\u0131\u015fmaktan ho\u015flan\u0131yorsan\u0131z, Only2Chat geleneksel chatroulette tarz\u0131 platformlara e\u011flenceli bir alternatiftir. Yabanc\u0131lar\u0131 bire bir video oturumlar\u0131nda e\u015fle\u015ftirmek i\u00e7in tasarlanan Only2Chat, g\u00fcvenli ve kullan\u0131c\u0131 dostu bir ortam\u0131 korurken h\u0131zl\u0131, sorunsuz etkile\u015fimleri ve e\u011flenceli \u00f6zellikleri vurgulamaktad\u0131r. Bu genel bak\u0131\u015fta, platformun ana cazibe merkezlerini ke\u015ffedecek, kullan\u0131c\u0131 deneyimini tart\u0131\u015facak ve di\u011fer rastgele platformlardan nas\u0131l ayr\u0131ld\u0131\u011f\u0131n\u0131 vurgulayaca\u011f\u0131z. <a href=\"https:\/\/strangercam.com\/tr\/coomeet\/\">g\u00f6r\u00fcnt\u00fcl\u00fc sohbet<\/a> web siteleri.<\/p>\n<h2>Temel \u00d6zellikler<\/h2>\n<p>Only2Chat, yabanc\u0131larla video arac\u0131l\u0131\u011f\u0131yla konu\u015fman\u0131n rahat ve e\u011flenceli bir yolunu sunmaya odaklan\u0131r. Temel \u00f6zellikleri, ilgi \u00e7ekici ve g\u00fcvenli bir <a href=\"https:\/\/strangercam.com\/tr\/mocospace\/\">uzay<\/a> D\u00fcnya \u00e7ap\u0131ndaki insanlarla ba\u011flant\u0131 kurabilece\u011finiz yer.<\/p>\n<ul>\n<li><strong>Rastgele Video E\u015fle\u015ftirme<\/strong>: Y\u00fcz y\u00fcze g\u00f6r\u00fc\u015fmede di\u011fer kullan\u0131c\u0131larla an\u0131nda e\u015fle\u015fin <a href=\"https:\/\/strangercam.com\/tr\/chathub\/\">sohbet<\/a> \u00e7evre.<\/li>\n<li><strong>E\u011flenceli Filtreler ve Efektler<\/strong>: E\u011flenceli filtreler ve ekran efektleriyle konu\u015fman\u0131za biraz daha fazla hava kat\u0131n.<\/li>\n<li><strong>Kolay Navigasyon<\/strong>: Basit bir aray\u00fcz, bir sohbetten di\u011ferine sorunsuzca atlaman\u0131za yard\u0131mc\u0131 olur.<\/li>\n<li><strong>Mobil Uyumlu Tasar\u0131m<\/strong>: Hareket halindeyken konu\u015fmak i\u00e7in telefonunuzda, tabletinizde veya masa\u00fcst\u00fcn\u00fczde Only2Chat'in keyfini \u00e7\u0131kar\u0131n.<\/li>\n<\/ul>\n<h2>Rastgele G\u00f6r\u00fcnt\u00fcl\u00fc Sohbet Deneyimi<\/h2>\n<p>\u00d6z\u00fcnde Only2Chat, yeni insanlarla g\u00f6r\u00fcnt\u00fcl\u00fc g\u00f6r\u00fc\u015fme yapmak i\u00e7in an\u0131nda, hi\u00e7bir k\u0131s\u0131tlama olmadan bir yol sunmakla ilgilidir.<\/p>\n<h3>Bire Bir Ba\u011flant\u0131lar<\/h3>\n<p>\"Ba\u015flat\" d\u00fc\u011fmesine bast\u0131\u011f\u0131n\u0131zda, platformun algoritmas\u0131 sizi rastgele sohbet etmek isteyen ba\u015fka bir kullan\u0131c\u0131yla h\u0131zl\u0131 bir \u015fekilde e\u015fle\u015ftirir. Sohbetler bire bir kal\u0131yor ve yo\u011fun grup odalar\u0131ndan daha ki\u015fisel bir deneyim sa\u011fl\u0131yor.<\/p>\n<h3>Otomatik Sonraki \u00d6zelli\u011fi<\/h3>\n<p>E\u011fer mevcut konu\u015fma size uygun de\u011filse -ya da bir kez doyduysan\u0131z- bir sonraki rastgele e\u015fle\u015fmeye ge\u00e7mek i\u00e7in \"\u0130leri \"ye t\u0131klaman\u0131z yeterlidir. Bu, h\u0131z\u0131 h\u0131zl\u0131 tutar ve konu\u015facak yeni birini h\u0131zla bulabilmenizi sa\u011flar.<\/p>\n<h3>K\u00fcresel Topluluk<\/h3>\n<p>Only2Chat d\u00fcnyan\u0131n farkl\u0131 k\u00f6\u015felerinden kullan\u0131c\u0131lar\u0131 kendine \u00e7ekerek size di\u011fer k\u00fclt\u00fcrleri, dilleri ve ge\u00e7mi\u015fleri ger\u00e7ek zamanl\u0131 olarak \u00f6\u011frenme \u015fans\u0131 sunar. \u0130ster yabanc\u0131 dil prati\u011fi yapmak ister sadece arkada\u015f\u00e7a sohbet etmek istiyor olun, ba\u011flant\u0131 kurmaya haz\u0131r birini bulabilirsiniz.<\/p>\n<h2>E\u011flenceli Eklentiler<\/h2>\n<p>Only2Chat sadece standart g\u00f6r\u00fcnt\u00fcl\u00fc aramalardan ibaret de\u011fildir. \u00c7e\u015fitli ekstralar deneyiminizi geli\u015ftirir ve buzlar\u0131 k\u0131rmaya yard\u0131mc\u0131 olur.<\/p>\n<table>\n<thead>\n<tr>\n<th>\u00d6zellik<\/th>\n<th>A\u00e7\u0131klama<\/th>\n<\/tr>\n<\/thead>\n<tbody>\n<tr>\n<td><strong>Sanal Maskeler<\/strong><\/td>\n<td>Kamerada komik dijital maskeler veya aksesuarlar takarak sohbet orta\u011f\u0131n\u0131z\u0131 e\u011flendirin.<\/td>\n<\/tr>\n<tr>\n<td><strong>Metin Sohbeti Entegrasyonu<\/strong><\/td>\n<td>Hen\u00fcz tam video etkile\u015fimi i\u00e7in haz\u0131r de\u011filseniz, noktalar\u0131 netle\u015ftirmek veya ba\u011flant\u0131lar\u0131 payla\u015fmak i\u00e7in h\u0131zl\u0131 mesajlar g\u00f6nderin.<\/td>\n<\/tr>\n<tr>\n<td><strong>Anl\u0131k G\u00f6r\u00fcnt\u00fc Se\u00e7enekleri<\/strong><\/td>\n<td>Daha sonra tekrar ziyaret etmek i\u00e7in unutulmaz anlar\u0131n foto\u011fraf\u0131n\u0131 \u00e7ekin (izin alarak).<\/td>\n<\/tr>\n<tr>\n<td><strong>\u0130lgi Etiketleri<\/strong><\/td>\n<td>Daha uyumlu e\u015fle\u015fmeler bulmak i\u00e7in sohbetlerinizi konularla (m\u00fczik, oyun, seyahat) etiketleyin.<\/td>\n<\/tr>\n<\/tbody>\n<\/table>\n<h2>Kullan\u0131c\u0131 Aray\u00fcz\u00fc ve Deneyimi<\/h2>\n<p>Basit, \u015f\u0131k tasar\u0131m, yeni kullan\u0131c\u0131lar\u0131n do\u011frudan sohbete dalmas\u0131na yard\u0131mc\u0131 olur. Only2Chat'in d\u00fczeni, ekranda dikkat da\u011f\u0131t\u0131c\u0131 unsurlar\u0131 en aza indirerek canl\u0131 video ak\u0131\u015f\u0131n\u0131za odaklanman\u0131z\u0131 sa\u011flar.<\/p>\n<h3>Tasar\u0131m ve Navigasyon<\/h3>\n<ul>\n<li><strong>Minimal Kontroller<\/strong>: A\u00e7\u0131k\u00e7a etiketlenmi\u015f \"Ba\u015flat\", \"Durdur\" ve \"Sonraki\" d\u00fc\u011fmeleri seanslar\u0131n\u0131z\u0131 zahmetsizce kontrol etmenizi sa\u011flar.<\/li>\n<li><strong>\u00d6zelliklere H\u0131zl\u0131 Eri\u015fim<\/strong>: Simge tabanl\u0131 men\u00fcler filtreleri, metin sohbeti se\u00e7eneklerini ve ses kontrollerini bir bak\u0131\u015fta g\u00f6sterir.<\/li>\n<li><strong>Mobil Uyumluluk<\/strong>: Duyarl\u0131 tasar\u0131m, farkl\u0131 ekran boyutlar\u0131na uyum sa\u011flayarak telefon tabanl\u0131 g\u00f6r\u00fcnt\u00fcl\u00fc sohbetleri sorunsuz ve sezgisel hale getirir.<\/li>\n<\/ul>\n<h3>\u00d6zelle\u015ftirme<\/h3>\n<ul>\n<li><strong>Profil Unsurlar\u0131<\/strong>: K\u0131sa bir profil olu\u015fturun, iste\u011fe ba\u011fl\u0131 bir kullan\u0131c\u0131 ad\u0131 ekleyin veya e\u015fle\u015ftirme algoritmas\u0131n\u0131 y\u00f6nlendirmek i\u00e7in ilgi alanlar\u0131n\u0131z\u0131 listeleyin.<\/li>\n<li><strong>Bildirim Kontrolleri<\/strong>: Arkada\u015fl\u0131k istekleri veya yeni e\u015fle\u015fmeler gibi bildirimleri ne zaman ve nas\u0131l alaca\u011f\u0131n\u0131za karar verin.<\/li>\n<li><strong>Gizlilik Ayarlar\u0131<\/strong>: Hangi ki\u015fisel bilgilerin ba\u015fkalar\u0131 taraf\u0131ndan g\u00f6r\u00fclebilece\u011fini ve konum payla\u015f\u0131m\u0131n\u0131 nas\u0131l ele alaca\u011f\u0131n\u0131z\u0131 s\u0131n\u0131rlay\u0131n.<\/li>\n<\/ul>\n<h2>Performans<\/h2>\n<p>Rastgele g\u00f6r\u00fcnt\u00fcl\u00fc sohbet ger\u00e7ek zamanl\u0131 ba\u011flant\u0131lara dayand\u0131\u011f\u0131ndan, Only2Chat h\u0131z ve kararl\u0131l\u0131\u011fa odaklan\u0131r:<\/p>\n<h3>H\u0131zl\u0131, \u0130stikrarl\u0131 Ba\u011flant\u0131lar<\/h3>\n<ul>\n<li><strong>Optimize Edilmi\u015f Sunucular<\/strong>: Minimum gecikme s\u00fcresi, konu\u015fmalar\u0131n do\u011fal ve kesintisiz olmas\u0131n\u0131 sa\u011flar.<\/li>\n<li><strong>Uyarlanabilir Video Kalitesi<\/strong>: \u00c7\u00f6z\u00fcn\u00fcrl\u00fck internet h\u0131z\u0131n\u0131za g\u00f6re ayarlan\u0131r ve hem g\u00fc\u00e7l\u00fc hem de zay\u0131f a\u011flarda sorunsuz bir deneyim sa\u011flar.<\/li>\n<li><strong>Mobil Veri Verimlili\u011fi<\/strong>: Hareket halindeki kullan\u0131c\u0131lar daha d\u00fc\u015f\u00fck veri kullan\u0131m modlar\u0131ndan yararlan\u0131r.<\/li>\n<\/ul>\n<h2>G\u00fcvenlik ve \u00d6l\u00e7\u00fcl\u00fcl\u00fck<\/h2>\n<p>Rastgele g\u00f6r\u00fcnt\u00fcl\u00fc sohbetler sa\u011flam g\u00fcvenlik \u00f6nlemleri gerektirir. Only2Chat, moderasyon ara\u00e7lar\u0131 ve kat\u0131 politikalar arac\u0131l\u0131\u011f\u0131yla kullan\u0131c\u0131 refah\u0131na \u00f6ncelik verir.<\/p>\n<h3>\u0130\u00e7erik \u0130zleme<\/h3>\n<ul>\n<li><strong>Rapor &amp; Blok<\/strong>: Bir kural ihlali tespit ettiniz veya tacizle mi kar\u015f\u0131la\u015ft\u0131n\u0131z? Onlar\u0131 rapor edin ve an\u0131nda \u00e7\u00f6z\u00fcm i\u00e7in engelleyin.<\/li>\n<li><strong>Yapay Zeka Taramas\u0131<\/strong>: Otomatik sistemler, uygunsuz i\u00e7eri\u011fin b\u00fcy\u00fcmeden \u00f6nce filtrelenmesine yard\u0131mc\u0131 olur.<\/li>\n<li><strong>\u0130nsan \u0130nceleme Ekibi<\/strong>: \u00d6zel bir moderasyon ekibi, i\u015faretlenen davran\u0131\u015flar\u0131 de\u011ferlendirerek daha g\u00fcvenli bir topluluk sa\u011flar.<\/li>\n<\/ul>\n<h3>Gizlilik Kontrolleri<\/h3>\n<ul>\n<li><strong>Anonim Etkile\u015fim<\/strong>: \u0130sterseniz ki\u015fisel bilgilerinizi veya profilinizi if\u015fa etmeden Only2Chat'i kullan\u0131n.<\/li>\n<li><strong>G\u00fcvenli Veri \u0130\u015fleme<\/strong>: Temel veri \u015fifreleme, hesap bilgilerinin korunmas\u0131na yard\u0131mc\u0131 olur.<\/li>\n<li><strong>Ya\u015f K\u0131s\u0131tlamalar\u0131<\/strong>: Platform, re\u015fit olmayanlar\u0131 korumak i\u00e7in asgari bir ya\u015f \u015fart\u0131 uygulamaktad\u0131r.<\/li>\n<\/ul>\n<h2>Para Kazanma ve Y\u00fckseltmeler<\/h2>\n<p>Only2Chat \u00f6ncelikle \u00fccretsiz bir hizmet olarak \u00e7al\u0131\u015f\u0131r, ancak iste\u011fe ba\u011fl\u0131 premium teklifler kullan\u0131c\u0131 deneyimini s\u00fcrd\u00fcrmeye ve geli\u015ftirmeye yard\u0131mc\u0131 olur.<\/p>\n<h3>Y\u00fckseltme Se\u00e7enekleri<\/h3>\n<ul>\n<li><strong>Reklams\u0131z Tarama<\/strong>: Daha temiz bir aray\u00fcz i\u00e7in m\u00fcdahaleci reklamlar\u0131 kald\u0131r\u0131n.<\/li>\n<li><strong>Premium Filtreler<\/strong>: \u00d6zel efektlerin, arka planlar\u0131n ve avatar animasyonlar\u0131n\u0131n kilidini a\u00e7\u0131n.<\/li>\n<li><strong>Geli\u015fmi\u015f \u0130lgi Alan\u0131 E\u015fle\u015ftirme<\/strong>: En uyumlu yabanc\u0131lar\u0131 bulmak i\u00e7in sohbet tercihlerinize ince ayar yap\u0131n.<\/li>\n<\/ul>\n<h3>\u00d6d\u00fcl Programlar\u0131<\/h3>\n<ul>\n<li><strong>Sadakat Avantajlar\u0131<\/strong>: S\u0131k kullan\u0131c\u0131lar premium \u00fcr\u00fcnlerde harcamak i\u00e7in kredi kazanabilir.<\/li>\n<li><strong>Y\u00f6nlendirme Avantajlar\u0131<\/strong>: Arkada\u015flar\u0131n\u0131z\u0131 Only2Chat'e davet edin ve uygulama i\u00e7i \u00f6d\u00fcller veya abonelik bonuslar\u0131 al\u0131n.<\/li>\n<\/ul>\n<h2>Pazar Konumland\u0131rma<\/h2>\n<p>Chatroulette tarz\u0131 bir hizmet olan Only2Chat, resmi bir tan\u0131\u015fma sitesi veya kurumsal toplant\u0131 arac\u0131n\u0131n karma\u015f\u0131kl\u0131\u011f\u0131 olmadan e\u011flenceli, anl\u0131k ba\u011flant\u0131lar isteyen kullan\u0131c\u0131lar\u0131 hedefliyor.<\/p>\n<h3>Kitle Demografisi<\/h3>\n<ul>\n<li><strong>Ya\u015f Aral\u0131\u011f\u0131<\/strong>: Gen\u00e7 yeti\u015fkinler ve \u00fcst\u00fc, ancak \u00e7o\u011funlukla 18-35 ya\u015f aras\u0131.<\/li>\n<li><strong>\u0130lgi Alanlar\u0131<\/strong>: G\u00fcnl\u00fck sohbetler, dil prati\u011fi, k\u00fclt\u00fcrel al\u0131\u015fveri\u015f veya sadece zaman ge\u00e7irmek.<\/li>\n<li><strong>Kullan\u0131m \u015eekilleri<\/strong>: Hafta sonlar\u0131 ve ak\u015famlar\u0131 daha fazla insan\u0131n e\u011flence aray\u0131\u015f\u0131yla \u00e7evrimi\u00e7i oldu\u011fu zamanlarda zirve yapar.<\/li>\n<\/ul>\n<h3>K\u00fcresel Eri\u015fim<\/h3>\n<ul>\n<li><strong>Uluslararas\u0131 Kullan\u0131c\u0131 Taban\u0131<\/strong>: \u00c7e\u015fitli \u00fclkelerden merakl\u0131lar spontane kar\u015f\u0131la\u015fmalar i\u00e7in oturum a\u00e7ar.<\/li>\n<li><strong>Esnek Dil Ayarlar\u0131<\/strong>: Aray\u00fcz, yerelle\u015ftirilmi\u015f deneyimler i\u00e7in birden fazla dile \u00e7evrilebilir.<\/li>\n<\/ul>\n<h2>Art\u0131lar\u0131 ve Eksileri<\/h2>\n<p>\u0130\u015fte Only2Chat'i \u00f6ne \u00e7\u0131karan \u015feylere ve geli\u015ftirebilece\u011fi baz\u0131 alanlara h\u0131zl\u0131 bir bak\u0131\u015f:<\/p>\n<table>\n<thead>\n<tr>\n<th>Art\u0131lar\u0131<\/th>\n<th>Eksiler<\/th>\n<\/tr>\n<\/thead>\n<tbody>\n<tr>\n<td>\n<ul>\n<li>An\u0131nda Rastgele E\u015fle\u015ftirme<\/li>\n<li>Kullan\u0131c\u0131 Dostu Aray\u00fcz<\/li>\n<li>E\u011flenceli Filtreler ve Efektler<\/li>\n<li>G\u00fcvenli Kar\u015f\u0131la\u015fmalar i\u00e7in \u00d6zel Moderasyon<\/li>\n<li>Hareket Halindeki Sohbetler i\u00e7in Mobil Uyumlu<\/li>\n<\/ul>\n<\/td>\n<td>\n<ul>\n<li>Baz\u0131 B\u00f6lgelerde Ara S\u0131ra Ya\u015fanan Ba\u011flant\u0131 Sorunlar\u0131<\/li>\n<li>Daha \u0130yi Video Kalitesi i\u00e7in Daha G\u00fc\u00e7l\u00fc \u0130nternete Ba\u011f\u0131ml\u0131<\/li>\n<li>Uygunsuz \u0130\u00e7eri\u011fe Maruz Kalma Potansiyeli (Moderasyon ile Azalt\u0131l\u0131r)<\/li>\n<li>Premium Se\u00e7eneklere K\u0131yasla S\u0131n\u0131rl\u0131 \u00dccretsiz \u00d6zellikler<\/li>\n<\/ul>\n<\/td>\n<\/tr>\n<\/tbody>\n<\/table>\n<h2>Sonu\u00e7<\/h2>\n<p>Only2Chat, \u00e7evrimi\u00e7i yeni insanlarla tan\u0131\u015fmak i\u00e7in basit ve e\u011flenceli bir yakla\u015f\u0131m sunar. Chatroulette tarz\u0131 bir platform olarak, kendili\u011finden geli\u015fir ve kullan\u0131c\u0131lar\u0131 k\u0131sa arkada\u015fl\u0131klar, dil prati\u011fi oturumlar\u0131 veya sadece zaman ge\u00e7irmenin ho\u015f bir yolunu ate\u015fleyebilecek rastgele y\u00fcz y\u00fcze etkile\u015fimler i\u00e7in e\u015fle\u015ftirir. Yerle\u015fik moderasyon \u00f6zellikleri, gizlilik kontrolleri ve filtreler gibi e\u011flenceli ekstralar ile Only2Chat, g\u00f6r\u00fcnt\u00fcl\u00fc sohbetleri canl\u0131 ve eri\u015filebilir tutmay\u0131 ba\u015far\u0131yor.<br \/>\n\u0130ster h\u0131zl\u0131 bir kahkaha ar\u0131yor, ister yeni k\u00fclt\u00fcrler ke\u015ffetmek istiyor ya da sadece rastgele bir sohbet i\u00e7in can at\u0131yor olun, Only2Chat di\u011ferlerine dinamik bir alternatif olarak \u00f6ne \u00e7\u0131k\u0131yor <a href=\"https:\/\/strangercam.com\/tr\/chatroulette\/\">chatroulette<\/a> platformlar. Rastgele g\u00f6r\u00fcnt\u00fcl\u00fc sohbetlerinizde sadeli\u011fe, g\u00fcvenli\u011fe ve yarat\u0131c\u0131l\u0131\u011fa de\u011fer veriyorsan\u0131z, Only2Chat'yi deneyin ve \u201c\u0130leri\u201d d\u00fc\u011fmesinin di\u011fer taraf\u0131nda kimin bekledi\u011fini g\u00f6r\u00fcn.<\/p>","protected":false},"excerpt":{"rendered":"<p>If you enjoy spontaneous connections and meeting new people online, Only2Chat is a fun alternative to traditional chatroulette-style platforms. Designed to pair strangers in one-on-one video sessions, Only2Chat emphasizes quick, hassle-free interactions and playful features\u2014all while maintaining a safe and user-friendly environment. In this overview, we\u2019ll explore the platform\u2019s main attractions, discuss the user experience, [&hellip;]<\/p>\n","protected":false},"author":6,"featured_media":0,"parent":0,"menu_order":0,"comment_status":"closed","ping_status":"closed","template":"","meta":{"footnotes":""},"class_list":["post-12678","page","type-page","status-publish","hentry"],"yoast_head":"<!-- This site is optimized with the Yoast SEO plugin v26.9 - https:\/\/yoast.com\/product\/yoast-seo-wordpress\/ -->\n<title>Only2Chat - Chatroulette random video chat on StrangerCam.com<\/title>\n<meta name=\"description\" content=\"Like Only2Chat? Come chat with more than 5.000.000 strangers on Stranger Cam for Free! Turn on your cam and find new friends &amp; maby a match!\" \/>\n<meta name=\"robots\" content=\"index, follow, max-snippet:-1, max-image-preview:large, max-video-preview:-1\" \/>\n<link rel=\"canonical\" href=\"https:\/\/strangercam.com\/tr\/only2chat\/\" \/>\n<meta property=\"og:locale\" content=\"tr_TR\" \/>\n<meta property=\"og:type\" content=\"article\" \/>\n<meta property=\"og:title\" content=\"Only2Chat - Chatroulette random video chat on StrangerCam.com\" \/>\n<meta property=\"og:description\" content=\"Like Only2Chat? Come chat with more than 5.000.000 strangers on Stranger Cam for Free! Turn on your cam and find new friends &amp; maby a match!\" \/>\n<meta property=\"og:url\" content=\"https:\/\/strangercam.com\/tr\/only2chat\/\" \/>\n<meta property=\"og:site_name\" content=\"Strangercam\" \/>\n<meta property=\"article:publisher\" content=\"https:\/\/www.facebook.com\/strangercam\" \/>\n<meta property=\"og:image\" content=\"https:\/\/strangercam.com\/wp-content\/uploads\/2021\/10\/Untitled-2.png\" \/>\n\t<meta property=\"og:image:width\" content=\"800\" \/>\n\t<meta property=\"og:image:height\" content=\"532\" \/>\n\t<meta property=\"og:image:type\" content=\"image\/png\" \/>\n<meta name=\"twitter:card\" content=\"summary_large_image\" \/>\n<meta name=\"twitter:site\" content=\"@strangercamapp\" \/>\n<meta name=\"twitter:label1\" content=\"Tahmini okuma s\u00fcresi\" \/>\n\t<meta name=\"twitter:data1\" content=\"5 dakika\" \/>\n<script type=\"application\/ld+json\" class=\"yoast-schema-graph\">{\"@context\":\"https:\/\/schema.org\",\"@graph\":[{\"@type\":\"WebPage\",\"@id\":\"https:\/\/strangercam.com\/only2chat\/\",\"url\":\"https:\/\/strangercam.com\/only2chat\/\",\"name\":\"Only2Chat - Chatroulette random video chat on StrangerCam.com\",\"isPartOf\":{\"@id\":\"https:\/\/strangercam.com\/#website\"},\"datePublished\":\"2025-01-29T08:31:15+00:00\",\"description\":\"Like Only2Chat? Come chat with more than 5.000.000 strangers on Stranger Cam for Free! Turn on your cam and find new friends & maby a match!\",\"breadcrumb\":{\"@id\":\"https:\/\/strangercam.com\/only2chat\/#breadcrumb\"},\"inLanguage\":\"tr\",\"potentialAction\":[{\"@type\":\"ReadAction\",\"target\":[\"https:\/\/strangercam.com\/only2chat\/\"]}]},{\"@type\":\"BreadcrumbList\",\"@id\":\"https:\/\/strangercam.com\/only2chat\/#breadcrumb\",\"itemListElement\":[{\"@type\":\"ListItem\",\"position\":1,\"name\":\"Home\",\"item\":\"https:\/\/strangercam.com\/\"},{\"@type\":\"ListItem\",\"position\":2,\"name\":\"Only2Chat\"}]},{\"@type\":\"WebSite\",\"@id\":\"https:\/\/strangercam.com\/#website\",\"url\":\"https:\/\/strangercam.com\/\",\"name\":\"Strangercam\",\"description\":\"Random Video Chat with Strangers\",\"publisher\":{\"@id\":\"https:\/\/strangercam.com\/#organization\"},\"alternateName\":\"Strangercam.com\",\"potentialAction\":[{\"@type\":\"SearchAction\",\"target\":{\"@type\":\"EntryPoint\",\"urlTemplate\":\"https:\/\/strangercam.com\/?s={search_term_string}\"},\"query-input\":{\"@type\":\"PropertyValueSpecification\",\"valueRequired\":true,\"valueName\":\"search_term_string\"}}],\"inLanguage\":\"tr\"},{\"@type\":\"Organization\",\"@id\":\"https:\/\/strangercam.com\/#organization\",\"name\":\"Strangercam\",\"alternateName\":\"Strangercam.com\",\"url\":\"https:\/\/strangercam.com\/\",\"logo\":{\"@type\":\"ImageObject\",\"inLanguage\":\"tr\",\"@id\":\"https:\/\/strangercam.com\/#\/schema\/logo\/image\/\",\"url\":\"https:\/\/strangercam.com\/wp-content\/uploads\/2020\/11\/cropped-new-favicon-black.png\",\"contentUrl\":\"https:\/\/strangercam.com\/wp-content\/uploads\/2020\/11\/cropped-new-favicon-black.png\",\"width\":512,\"height\":512,\"caption\":\"Strangercam\"},\"image\":{\"@id\":\"https:\/\/strangercam.com\/#\/schema\/logo\/image\/\"},\"sameAs\":[\"https:\/\/www.facebook.com\/strangercam\",\"https:\/\/x.com\/strangercamapp\"]}]}<\/script>\n<!-- \/ Yoast SEO plugin. -->","yoast_head_json":{"title":"Only2Chat - StrangerCam.com'da Chatroulette rastgele g\u00f6r\u00fcnt\u00fcl\u00fc sohbet","description":"Only2Chat'i be\u011fendiniz mi? Gelin Stranger Cam'de 5.000.000'dan fazla yabanc\u0131yla \u00dccretsiz sohbet edin! Kameran\u0131z\u0131 a\u00e7\u0131n ve yeni arkada\u015flar ve belki bir e\u015fle\u015fme bulun!","robots":{"index":"index","follow":"follow","max-snippet":"max-snippet:-1","max-image-preview":"max-image-preview:large","max-video-preview":"max-video-preview:-1"},"canonical":"https:\/\/strangercam.com\/tr\/only2chat\/","og_locale":"tr_TR","og_type":"article","og_title":"Only2Chat - Chatroulette random video chat on StrangerCam.com","og_description":"Like Only2Chat? Come chat with more than 5.000.000 strangers on Stranger Cam for Free! Turn on your cam and find new friends & maby a match!","og_url":"https:\/\/strangercam.com\/tr\/only2chat\/","og_site_name":"Strangercam","article_publisher":"https:\/\/www.facebook.com\/strangercam","og_image":[{"width":800,"height":532,"url":"https:\/\/strangercam.com\/wp-content\/uploads\/2021\/10\/Untitled-2.png","type":"image\/png"}],"twitter_card":"summary_large_image","twitter_site":"@strangercamapp","twitter_misc":{"Tahmini okuma s\u00fcresi":"5 dakika"},"schema":{"@context":"https:\/\/schema.org","@graph":[{"@type":"WebPage","@id":"https:\/\/strangercam.com\/only2chat\/","url":"https:\/\/strangercam.com\/only2chat\/","name":"Only2Chat - StrangerCam.com'da Chatroulette rastgele g\u00f6r\u00fcnt\u00fcl\u00fc sohbet","isPartOf":{"@id":"https:\/\/strangercam.com\/#website"},"datePublished":"2025-01-29T08:31:15+00:00","description":"Only2Chat'i be\u011fendiniz mi? Gelin Stranger Cam'de 5.000.000'dan fazla yabanc\u0131yla \u00dccretsiz sohbet edin! Kameran\u0131z\u0131 a\u00e7\u0131n ve yeni arkada\u015flar ve belki bir e\u015fle\u015fme bulun!","breadcrumb":{"@id":"https:\/\/strangercam.com\/only2chat\/#breadcrumb"},"inLanguage":"tr","potentialAction":[{"@type":"ReadAction","target":["https:\/\/strangercam.com\/only2chat\/"]}]},{"@type":"BreadcrumbList","@id":"https:\/\/strangercam.com\/only2chat\/#breadcrumb","itemListElement":[{"@type":"ListItem","position":1,"name":"Home","item":"https:\/\/strangercam.com\/"},{"@type":"ListItem","position":2,"name":"Only2Chat"}]},{"@type":"WebSite","@id":"https:\/\/strangercam.com\/#website","url":"https:\/\/strangercam.com\/","name":"Strangercam","description":"Yabanc\u0131larla Rastgele G\u00f6r\u00fcnt\u00fcl\u00fc Sohbet","publisher":{"@id":"https:\/\/strangercam.com\/#organization"},"alternateName":"Strangercam.com","potentialAction":[{"@type":"SearchAction","target":{"@type":"EntryPoint","urlTemplate":"https:\/\/strangercam.com\/?s={search_term_string}"},"query-input":{"@type":"PropertyValueSpecification","valueRequired":true,"valueName":"search_term_string"}}],"inLanguage":"tr"},{"@type":"Organization","@id":"https:\/\/strangercam.com\/#organization","name":"Strangercam","alternateName":"Strangercam.com","url":"https:\/\/strangercam.com\/","logo":{"@type":"ImageObject","inLanguage":"tr","@id":"https:\/\/strangercam.com\/#\/schema\/logo\/image\/","url":"https:\/\/strangercam.com\/wp-content\/uploads\/2020\/11\/cropped-new-favicon-black.png","contentUrl":"https:\/\/strangercam.com\/wp-content\/uploads\/2020\/11\/cropped-new-favicon-black.png","width":512,"height":512,"caption":"Strangercam"},"image":{"@id":"https:\/\/strangercam.com\/#\/schema\/logo\/image\/"},"sameAs":["https:\/\/www.facebook.com\/strangercam","https:\/\/x.com\/strangercamapp"]}]}},"_links":{"self":[{"href":"https:\/\/strangercam.com\/tr\/wp-json\/wp\/v2\/pages\/12678","targetHints":{"allow":["GET"]}}],"collection":[{"href":"https:\/\/strangercam.com\/tr\/wp-json\/wp\/v2\/pages"}],"about":[{"href":"https:\/\/strangercam.com\/tr\/wp-json\/wp\/v2\/types\/page"}],"author":[{"embeddable":true,"href":"https:\/\/strangercam.com\/tr\/wp-json\/wp\/v2\/users\/6"}],"replies":[{"embeddable":true,"href":"https:\/\/strangercam.com\/tr\/wp-json\/wp\/v2\/comments?post=12678"}],"version-history":[{"count":2,"href":"https:\/\/strangercam.com\/tr\/wp-json\/wp\/v2\/pages\/12678\/revisions"}],"predecessor-version":[{"id":12680,"href":"https:\/\/strangercam.com\/tr\/wp-json\/wp\/v2\/pages\/12678\/revisions\/12680"}],"wp:attachment":[{"href":"https:\/\/strangercam.com\/tr\/wp-json\/wp\/v2\/media?parent=12678"}],"curies":[{"name":"wp","href":"https:\/\/api.w.org\/{rel}","templated":true}]}}