{"id":1261,"date":"2021-02-21T14:58:36","date_gmt":"2021-02-21T12:58:36","guid":{"rendered":"https:\/\/strangercam.com\/?page_id=1261"},"modified":"2023-08-21T12:24:41","modified_gmt":"2023-08-21T10:24:41","slug":"chatruletka","status":"publish","type":"page","link":"https:\/\/strangercam.com\/tr\/chatruletka\/","title":{"rendered":"Chatruletka"},"content":{"rendered":"<p>Belki duymu\u015fsunuzdur <a href=\"https:\/\/strangercam.com\/tr\/chatroulette\/\">Chatroulette<\/a> - bir video i\u00e7in rastgele bir yabanc\u0131yla e\u015fle\u015ftirilebilece\u011finiz bir site <a href=\"https:\/\/strangercam.com\/tr\/chathub\/\">sohbet<\/a>. Ancak art\u0131k Chatroulette'nin 100% g\u00fcvenli bir s\u00fcr\u00fcm\u00fc oldu\u011funu biliyor muydunuz? Chatruletka, tam anonimlik ve g\u00fcvenlik sunan yeni bir g\u00f6r\u00fcnt\u00fcl\u00fc sohbet hizmetidir, b\u00f6ylece yabanc\u0131larla endi\u015felenmeden sohbet edebilirsiniz.<\/p>\n<h2>Chatruletka nedir?<\/h2>\n<p>Chatruletka, son y\u0131llarda pop\u00fclerlik kazanan rastgele bir g\u00f6r\u00fcnt\u00fcl\u00fc sohbet web sitesidir. Web sitesi, d\u00fcnyan\u0131n herhangi bir yerinden iki ki\u015fiyi sohbet i\u00e7in birbirine ba\u011flar. \u0130\u015fin p\u00fcf noktas\u0131, sohbet etti\u011finiz ki\u015finin rastgele se\u00e7ilmesidir. Bu, Chatruletka'yi a\u015fa\u011f\u0131dakileri yapmak isteyen ki\u015filer i\u00e7in pop\u00fcler bir se\u00e7im haline getirir <a href=\"https:\/\/strangercam.com\/tr\/coomeet\/\">tan\u0131\u015fmak<\/a> d\u00fcnyan\u0131n her yerinden yeni insanlar.<\/p>\n<p>Chatruletka \u00fccretsiz bir web sitesidir ve herhangi bir kay\u0131t gerektirmez. Bu, kullan\u0131m\u0131 \u00e7ok kolayla\u015ft\u0131r\u0131r. Tek yapman\u0131z gereken ad\u0131n\u0131z\u0131 girmek ve sohbete ba\u015flamak. \u0130sterseniz belirli \u00fclkelerden insanlarla sohbet etmeyi de se\u00e7ebilirsiniz.<\/p>\n<p>Web sitesi, 100% g\u00fcvenlik \u00f6zelli\u011fi nedeniyle pop\u00fclerlik kazanm\u0131\u015ft\u0131r. Bu \u00f6zellik, t\u00fcm sohbetlerin \u00f6zel olmas\u0131n\u0131 ve kaydedilememesini veya izlenememesini sa\u011flar. Bu, Chatruletka'yi yabanc\u0131larla sohbet etmek i\u00e7in g\u00fcvenli bir yer yapar.<\/p>\n<h2>Chatruletka nas\u0131l kullan\u0131l\u0131r<\/h2>\n<p>Chatruletka, d\u00fcnyan\u0131n her yerinden rastgele insanlarla ba\u011flant\u0131 kurman\u0131z\u0131 sa\u011flayan \u00fccretsiz bir \u00e7evrimi\u00e7i g\u00f6r\u00fcnt\u00fcl\u00fc sohbet hizmetidir. Chatruletka'yi kullanmaya ba\u015flamak i\u00e7in web sitesine gidin ve \u201cBa\u015flat\u201d d\u00fc\u011fmesine t\u0131klay\u0131n. Daha sonra d\u00fcnyan\u0131n herhangi bir yerinden rastgele bir ki\u015fiyle ba\u011flant\u0131 kuracaks\u0131n\u0131z.<\/p>\n<p>Ba\u011fland\u0131\u011f\u0131n\u0131z ki\u015fiyle metin, ses veya video arac\u0131l\u0131\u011f\u0131yla sohbet edebilirsiniz. Metin sohbeti ba\u015flatmak i\u00e7in ekran\u0131n alt\u0131ndaki kutuya mesaj\u0131n\u0131z\u0131 yaz\u0131p enter tu\u015funa basman\u0131z yeterlidir. Sesli sohbet ba\u015flatmak i\u00e7in \u201cSes\u201d d\u00fc\u011fmesine t\u0131klay\u0131n. Bu, mikrofonunuzu a\u00e7man\u0131z\u0131 ve ba\u011fl\u0131 oldu\u011funuz ki\u015fiyle konu\u015fmaya ba\u015flaman\u0131z\u0131 sa\u011flayacakt\u0131r. G\u00f6r\u00fcnt\u00fcl\u00fc sohbet ba\u015flatmak i\u00e7in \u201cVideo\u201d d\u00fc\u011fmesine t\u0131klay\u0131n. Bu, web kameran\u0131z\u0131 a\u00e7acak ve konu\u015ftu\u011funuz ki\u015fiyi g\u00f6rmenizi sa\u011flayacakt\u0131r.<\/p>\n<p>Ba\u011fland\u0131\u011f\u0131n\u0131z ki\u015fiyle konu\u015fmay\u0131 kesmek istiyorsan\u0131z, \"Aramay\u0131 Sonland\u0131r\" d\u00fc\u011fmesine t\u0131klaman\u0131z yeterlidir. Bu, mevcut aramay\u0131 sonland\u0131racak ve sizi rastgele ba\u015fka bir ki\u015fiye ba\u011flayacakt\u0131r.<\/p>\n<p>Chatruletka d\u00fcnyan\u0131n her yerinden yeni insanlarla tan\u0131\u015fmak i\u00e7in harika bir yoldur. Kullan\u0131m\u0131 tamamen \u00fccretsizdir ve % g\u00fcvenlidir.<\/p>\n<h2>Chatruletka kullanman\u0131n faydalar\u0131<\/h2>\n<p>Rastgele bir g\u00f6r\u00fcnt\u00fcl\u00fc sohbet hizmeti olan Chatruletka'yi kullanman\u0131n bir\u00e7ok faydas\u0131 vard\u0131r.<\/p>\n<ul>\n<li style=\"font-weight: 400;\" aria-level=\"1\">Birincisi, d\u00fcnyan\u0131n her yerinden yeni insanlarla tan\u0131\u015fmak i\u00e7in harika bir yoldur. Kiminle sohbet edece\u011finizi asla bilemezsiniz, bu da heyecan verici olabilir.<\/li>\n<li style=\"font-weight: 400;\" aria-level=\"1\">\u0130kincisi, Chatruletka'nin kullan\u0131m\u0131 tamamen \u00fccretsizdir. Herhangi bir \u00fccret veya abonelik \u00f6deme konusunda endi\u015felenmenize gerek yok.<\/li>\n<li style=\"font-weight: 400;\" aria-level=\"1\">\u00dc\u00e7\u00fcnc\u00fcs\u00fc, site 100% g\u00fcvenli ve emniyetlidir. Ki\u015fisel bilgilerinizin tehlikeye girmesi konusunda endi\u015felenmenize gerek kalmadan tamamen yabanc\u0131larla sohbet edebilirsiniz.<\/li>\n<li style=\"font-weight: 400;\" aria-level=\"1\">D\u00f6rd\u00fcnc\u00fc olarak, Chatruletka bir\u00e7ok farkl\u0131 dilde mevcuttur. Bu da onu d\u00fcnyan\u0131n her yerinden insanlar i\u00e7in eri\u015filebilir k\u0131lmaktad\u0131r.<\/li>\n<li style=\"font-weight: 400;\" aria-level=\"1\">Son olarak, Chatruletka insanlarla daha derin bir seviyede ba\u011flant\u0131 kurmak i\u00e7in harika bir yol sunar. \u0130nsanlarla ger\u00e7ek sohbetler yapabilir ve onlar\u0131 sadece yaz\u0131l\u0131 olarak sohbet ediyor olsayd\u0131n\u0131z yapamayaca\u011f\u0131n\u0131z bir \u015fekilde tan\u0131yabilirsiniz.<\/li>\n<\/ul>\n<h2>Chatruletka kullan\u0131rken ne beklemeliyim?<\/h2>\n<p>Chatruletka'yi kullan\u0131rken, d\u00fcnyan\u0131n herhangi bir yerinden rastgele bir ki\u015fiyle ba\u011flant\u0131 kurmay\u0131 bekleyebilirsiniz. Siz onlar\u0131 g\u00f6rebilecek ve duyabileceksiniz, onlar da sizi g\u00f6rebilecek ve duyabilecekler. Bu ki\u015fiyle istedi\u011finiz kadar sohbet edebilir veya istedi\u011finiz zaman ba\u015fka bir ki\u015fiye ge\u00e7ebilirsiniz.<\/p>\n<p>Chatruletka yabanc\u0131larla sohbet etmenin tamamen g\u00fcvenli ve emniyetli bir yoludur. Ki\u015fisel bilgileriniz asla ba\u015fkalar\u0131yla payla\u015f\u0131lmaz ve t\u00fcm konu\u015fmalar 100% gizlidir. \u0130sterseniz anonim olmay\u0131 da se\u00e7ebilirsiniz.<\/p>\n<p>Chatruletka d\u00fcnyan\u0131n her yerinden yeni insanlarla tan\u0131\u015fmak i\u00e7in harika bir yoldur. E\u011flenceli, kullan\u0131m\u0131 kolay ve tamamen g\u00fcvenlidir. \u00d6yleyse neden bug\u00fcn denemiyorsunuz?<\/p>\n<h2>Chatruletka'ye alternatifler:<\/h2>\n<p>Benzer bir hizmet sa\u011flayan Chatruletka'nin bir\u00e7ok alternatifi vard\u0131r.<\/p>\n<p><a href=\"https:\/\/strangercam.com\/tr\/omegle\/\">Omegle<\/a> pop\u00fcler bir alternatiftir. Omegle, kullan\u0131c\u0131lar\u0131n d\u00fcnyan\u0131n d\u00f6rt bir yan\u0131ndan yabanc\u0131larla ba\u011flant\u0131 kurmas\u0131na olanak tan\u0131yan \u00fccretsiz bir \u00e7evrimi\u00e7i sohbet sitesidir. Omegle, kullan\u0131c\u0131lar\u0131n bir hesap olu\u015fturmas\u0131n\u0131 gerektirmez, bu da ba\u015flamay\u0131 h\u0131zl\u0131 ve kolay hale getirir. Chatruletka gibi, Omegle de yeti\u015fkin sohbetleri i\u00e7in denetlenmeyen bir b\u00f6l\u00fcme sahiptir. Bununla birlikte, Omegle, kullan\u0131c\u0131lar\u0131 uygunsuz davran\u0131\u015flarda bulunduklar\u0131 i\u00e7in yasaklayabilen moderat\u00f6rlere sahiptir.<\/p>\n<p>Bir di\u011fer pop\u00fcler alternatif ise Camsurf'dir. Camsurf, kullan\u0131c\u0131lar\u0131 d\u00fcnyan\u0131n d\u00f6rt bir yan\u0131ndan yabanc\u0131larla bulu\u015fturan \u00fccretsiz bir \u00e7evrimi\u00e7i sohbet sitesidir. Camsurf'nin kat\u0131 bir \u00e7\u0131plakl\u0131k yasa\u011f\u0131 politikas\u0131 vard\u0131r, bu nedenle kullan\u0131c\u0131lar herhangi bir m\u00fcstehcen i\u00e7eri\u011fe maruz kalmayacaklar\u0131ndan emin olabilirler. Camsurf ayr\u0131ca konu\u015fmalar\u0131 izleyen ve uygunsuz davran\u0131\u015flarda bulunan kullan\u0131c\u0131lar\u0131 yasaklayabilen bir moderasyon ekibine sahiptir.<\/p>\n<p>Chatruletka'ye benzer hizmetler sa\u011flayan ba\u015fka bir\u00e7ok alternatif vard\u0131r. Bunlar a\u015fa\u011f\u0131daki gibi siteleri i\u00e7erir <a href=\"https:\/\/strangercam.com\/tr\/bazoocam\/\">Bazoocam<\/a>, Chatrandom ve Tinychat.<\/p>\n<h2>Kullan\u0131m\u0131 g\u00fcvenli mi?<\/h2>\n<p>Evet, Chatruletka d\u00fcnyan\u0131n her yerinden rastgele insanlarla g\u00f6r\u00fcnt\u00fcl\u00fc sohbet etmenin g\u00fcvenli ve emniyetli bir yoludur. Site, ki\u015fisel bilgilerinizi korumak i\u00e7in SSL \u015fifrelemesi kullan\u0131r ve t\u00fcm sohbetler bir moderat\u00f6r ekibi taraf\u0131ndan y\u00f6netilir. Ayr\u0131ca, sitenin hizmet \u015fartlar\u0131n\u0131 ihlal eden kullan\u0131c\u0131lar\u0131 bildirebilirsiniz.<\/p>\n<h2>Sonu\u00e7<\/h2>\n<p>Genel olarak, Chatruletka g\u00fcvenli ve emniyetli bir rastgele g\u00f6r\u00fcnt\u00fcl\u00fc sohbet sitesi arayanlar i\u00e7in harika bir se\u00e7enektir. Sitenin kullan\u0131m\u0131 \u00fccretsizdir ve hi\u00e7bir gizli \u00fccret veya masraf yoktur. D\u00fcnyan\u0131n her yerinden yabanc\u0131larla sohbet edebilir ve kolayca yeni arkada\u015flar edinebilirsiniz. \u00d6yleyse ne bekliyorsunuz? Chatruletka'yi bug\u00fcn deneyin!<\/p>","protected":false},"excerpt":{"rendered":"<p>You may have heard of Chatroulette &#8211; a site where you can be randomly matched with a stranger for a video chat. But did you know that there is now a version of Chatroulette that is 100% safe? Chatruletka is a new video-chat service that offers complete anonymity and security, so you can chat with [&hellip;]<\/p>\n","protected":false},"author":6,"featured_media":559,"parent":0,"menu_order":0,"comment_status":"closed","ping_status":"closed","template":"","meta":{"footnotes":""},"class_list":["post-1261","page","type-page","status-publish","has-post-thumbnail","hentry"],"yoast_head":"<!-- This site is optimized with the Yoast SEO plugin v26.9 - https:\/\/yoast.com\/product\/yoast-seo-wordpress\/ -->\n<title>Chatruletka - Free Cam Chat on StrangerCam<\/title>\n<meta name=\"description\" content=\"Like Chatruletka? Come chat with more than 5.000.000 strangers on Stranger Cam for Free! Turn on your cam and find new friends!\" \/>\n<meta name=\"robots\" content=\"index, follow, max-snippet:-1, max-image-preview:large, max-video-preview:-1\" \/>\n<link rel=\"canonical\" href=\"https:\/\/strangercam.com\/tr\/chatruletka\/\" \/>\n<meta property=\"og:locale\" content=\"tr_TR\" \/>\n<meta property=\"og:type\" content=\"article\" \/>\n<meta property=\"og:title\" content=\"Chatruletka - Free Cam Chat on StrangerCam\" \/>\n<meta property=\"og:description\" content=\"Like Chatruletka? Come chat with more than 5.000.000 strangers on Stranger Cam for Free! Turn on your cam and find new friends!\" \/>\n<meta property=\"og:url\" content=\"https:\/\/strangercam.com\/tr\/chatruletka\/\" \/>\n<meta property=\"og:site_name\" content=\"Strangercam\" \/>\n<meta property=\"article:publisher\" content=\"https:\/\/www.facebook.com\/strangercam\" \/>\n<meta property=\"article:modified_time\" content=\"2023-08-21T10:24:41+00:00\" \/>\n<meta property=\"og:image\" content=\"https:\/\/strangercam.com\/wp-content\/uploads\/2020\/11\/stranger-cam-1.png\" \/>\n\t<meta property=\"og:image:width\" content=\"800\" \/>\n\t<meta property=\"og:image:height\" content=\"800\" \/>\n\t<meta property=\"og:image:type\" content=\"image\/png\" \/>\n<meta name=\"twitter:card\" content=\"summary_large_image\" \/>\n<meta name=\"twitter:site\" content=\"@strangercamapp\" \/>\n<meta name=\"twitter:label1\" content=\"Tahmini okuma s\u00fcresi\" \/>\n\t<meta name=\"twitter:data1\" content=\"5 dakika\" \/>\n<script type=\"application\/ld+json\" class=\"yoast-schema-graph\">{\"@context\":\"https:\/\/schema.org\",\"@graph\":[{\"@type\":\"WebPage\",\"@id\":\"https:\/\/strangercam.com\/chatruletka\/\",\"url\":\"https:\/\/strangercam.com\/chatruletka\/\",\"name\":\"Chatruletka - Free Cam Chat on StrangerCam\",\"isPartOf\":{\"@id\":\"https:\/\/strangercam.com\/#website\"},\"primaryImageOfPage\":{\"@id\":\"https:\/\/strangercam.com\/chatruletka\/#primaryimage\"},\"image\":{\"@id\":\"https:\/\/strangercam.com\/chatruletka\/#primaryimage\"},\"thumbnailUrl\":\"https:\/\/strangercam.com\/wp-content\/uploads\/2020\/11\/stranger-cam-1.png\",\"datePublished\":\"2021-02-21T12:58:36+00:00\",\"dateModified\":\"2023-08-21T10:24:41+00:00\",\"description\":\"Like Chatruletka? Come chat with more than 5.000.000 strangers on Stranger Cam for Free! Turn on your cam and find new friends!\",\"breadcrumb\":{\"@id\":\"https:\/\/strangercam.com\/chatruletka\/#breadcrumb\"},\"inLanguage\":\"tr\",\"potentialAction\":[{\"@type\":\"ReadAction\",\"target\":[\"https:\/\/strangercam.com\/chatruletka\/\"]}]},{\"@type\":\"ImageObject\",\"inLanguage\":\"tr\",\"@id\":\"https:\/\/strangercam.com\/chatruletka\/#primaryimage\",\"url\":\"https:\/\/strangercam.com\/wp-content\/uploads\/2020\/11\/stranger-cam-1.png\",\"contentUrl\":\"https:\/\/strangercam.com\/wp-content\/uploads\/2020\/11\/stranger-cam-1.png\",\"width\":800,\"height\":800,\"caption\":\"stranger cam random video chat\"},{\"@type\":\"BreadcrumbList\",\"@id\":\"https:\/\/strangercam.com\/chatruletka\/#breadcrumb\",\"itemListElement\":[{\"@type\":\"ListItem\",\"position\":1,\"name\":\"Home\",\"item\":\"https:\/\/strangercam.com\/\"},{\"@type\":\"ListItem\",\"position\":2,\"name\":\"Chatruletka\"}]},{\"@type\":\"WebSite\",\"@id\":\"https:\/\/strangercam.com\/#website\",\"url\":\"https:\/\/strangercam.com\/\",\"name\":\"Strangercam\",\"description\":\"Random Video Chat with Strangers\",\"publisher\":{\"@id\":\"https:\/\/strangercam.com\/#organization\"},\"alternateName\":\"Strangercam.com\",\"potentialAction\":[{\"@type\":\"SearchAction\",\"target\":{\"@type\":\"EntryPoint\",\"urlTemplate\":\"https:\/\/strangercam.com\/?s={search_term_string}\"},\"query-input\":{\"@type\":\"PropertyValueSpecification\",\"valueRequired\":true,\"valueName\":\"search_term_string\"}}],\"inLanguage\":\"tr\"},{\"@type\":\"Organization\",\"@id\":\"https:\/\/strangercam.com\/#organization\",\"name\":\"Strangercam\",\"alternateName\":\"Strangercam.com\",\"url\":\"https:\/\/strangercam.com\/\",\"logo\":{\"@type\":\"ImageObject\",\"inLanguage\":\"tr\",\"@id\":\"https:\/\/strangercam.com\/#\/schema\/logo\/image\/\",\"url\":\"https:\/\/strangercam.com\/wp-content\/uploads\/2020\/11\/cropped-new-favicon-black.png\",\"contentUrl\":\"https:\/\/strangercam.com\/wp-content\/uploads\/2020\/11\/cropped-new-favicon-black.png\",\"width\":512,\"height\":512,\"caption\":\"Strangercam\"},\"image\":{\"@id\":\"https:\/\/strangercam.com\/#\/schema\/logo\/image\/\"},\"sameAs\":[\"https:\/\/www.facebook.com\/strangercam\",\"https:\/\/x.com\/strangercamapp\"]}]}<\/script>\n<!-- \/ Yoast SEO plugin. -->","yoast_head_json":{"title":"Chatruletka - StrangerCam'de \u00dccretsiz Kameral\u0131 Sohbet","description":"Chatruletka'yi be\u011fendiniz mi? Gelin Stranger Cam'de 5.000.000'dan fazla yabanc\u0131yla \u00dccretsiz sohbet edin! Kameran\u0131z\u0131 a\u00e7\u0131n ve yeni arkada\u015flar bulun!","robots":{"index":"index","follow":"follow","max-snippet":"max-snippet:-1","max-image-preview":"max-image-preview:large","max-video-preview":"max-video-preview:-1"},"canonical":"https:\/\/strangercam.com\/tr\/chatruletka\/","og_locale":"tr_TR","og_type":"article","og_title":"Chatruletka - Free Cam Chat on StrangerCam","og_description":"Like Chatruletka? Come chat with more than 5.000.000 strangers on Stranger Cam for Free! Turn on your cam and find new friends!","og_url":"https:\/\/strangercam.com\/tr\/chatruletka\/","og_site_name":"Strangercam","article_publisher":"https:\/\/www.facebook.com\/strangercam","article_modified_time":"2023-08-21T10:24:41+00:00","og_image":[{"width":800,"height":800,"url":"https:\/\/strangercam.com\/wp-content\/uploads\/2020\/11\/stranger-cam-1.png","type":"image\/png"}],"twitter_card":"summary_large_image","twitter_site":"@strangercamapp","twitter_misc":{"Tahmini okuma s\u00fcresi":"5 dakika"},"schema":{"@context":"https:\/\/schema.org","@graph":[{"@type":"WebPage","@id":"https:\/\/strangercam.com\/chatruletka\/","url":"https:\/\/strangercam.com\/chatruletka\/","name":"Chatruletka - StrangerCam'de \u00dccretsiz Kameral\u0131 Sohbet","isPartOf":{"@id":"https:\/\/strangercam.com\/#website"},"primaryImageOfPage":{"@id":"https:\/\/strangercam.com\/chatruletka\/#primaryimage"},"image":{"@id":"https:\/\/strangercam.com\/chatruletka\/#primaryimage"},"thumbnailUrl":"https:\/\/strangercam.com\/wp-content\/uploads\/2020\/11\/stranger-cam-1.png","datePublished":"2021-02-21T12:58:36+00:00","dateModified":"2023-08-21T10:24:41+00:00","description":"Chatruletka'yi be\u011fendiniz mi? Gelin Stranger Cam'de 5.000.000'dan fazla yabanc\u0131yla \u00dccretsiz sohbet edin! Kameran\u0131z\u0131 a\u00e7\u0131n ve yeni arkada\u015flar bulun!","breadcrumb":{"@id":"https:\/\/strangercam.com\/chatruletka\/#breadcrumb"},"inLanguage":"tr","potentialAction":[{"@type":"ReadAction","target":["https:\/\/strangercam.com\/chatruletka\/"]}]},{"@type":"ImageObject","inLanguage":"tr","@id":"https:\/\/strangercam.com\/chatruletka\/#primaryimage","url":"https:\/\/strangercam.com\/wp-content\/uploads\/2020\/11\/stranger-cam-1.png","contentUrl":"https:\/\/strangercam.com\/wp-content\/uploads\/2020\/11\/stranger-cam-1.png","width":800,"height":800,"caption":"stranger cam random video chat"},{"@type":"BreadcrumbList","@id":"https:\/\/strangercam.com\/chatruletka\/#breadcrumb","itemListElement":[{"@type":"ListItem","position":1,"name":"Home","item":"https:\/\/strangercam.com\/"},{"@type":"ListItem","position":2,"name":"Chatruletka"}]},{"@type":"WebSite","@id":"https:\/\/strangercam.com\/#website","url":"https:\/\/strangercam.com\/","name":"Strangercam","description":"Yabanc\u0131larla Rastgele G\u00f6r\u00fcnt\u00fcl\u00fc Sohbet","publisher":{"@id":"https:\/\/strangercam.com\/#organization"},"alternateName":"Strangercam.com","potentialAction":[{"@type":"SearchAction","target":{"@type":"EntryPoint","urlTemplate":"https:\/\/strangercam.com\/?s={search_term_string}"},"query-input":{"@type":"PropertyValueSpecification","valueRequired":true,"valueName":"search_term_string"}}],"inLanguage":"tr"},{"@type":"Organization","@id":"https:\/\/strangercam.com\/#organization","name":"Strangercam","alternateName":"Strangercam.com","url":"https:\/\/strangercam.com\/","logo":{"@type":"ImageObject","inLanguage":"tr","@id":"https:\/\/strangercam.com\/#\/schema\/logo\/image\/","url":"https:\/\/strangercam.com\/wp-content\/uploads\/2020\/11\/cropped-new-favicon-black.png","contentUrl":"https:\/\/strangercam.com\/wp-content\/uploads\/2020\/11\/cropped-new-favicon-black.png","width":512,"height":512,"caption":"Strangercam"},"image":{"@id":"https:\/\/strangercam.com\/#\/schema\/logo\/image\/"},"sameAs":["https:\/\/www.facebook.com\/strangercam","https:\/\/x.com\/strangercamapp"]}]}},"_links":{"self":[{"href":"https:\/\/strangercam.com\/tr\/wp-json\/wp\/v2\/pages\/1261","targetHints":{"allow":["GET"]}}],"collection":[{"href":"https:\/\/strangercam.com\/tr\/wp-json\/wp\/v2\/pages"}],"about":[{"href":"https:\/\/strangercam.com\/tr\/wp-json\/wp\/v2\/types\/page"}],"author":[{"embeddable":true,"href":"https:\/\/strangercam.com\/tr\/wp-json\/wp\/v2\/users\/6"}],"replies":[{"embeddable":true,"href":"https:\/\/strangercam.com\/tr\/wp-json\/wp\/v2\/comments?post=1261"}],"version-history":[{"count":0,"href":"https:\/\/strangercam.com\/tr\/wp-json\/wp\/v2\/pages\/1261\/revisions"}],"wp:featuredmedia":[{"embeddable":true,"href":"https:\/\/strangercam.com\/tr\/wp-json\/wp\/v2\/media\/559"}],"wp:attachment":[{"href":"https:\/\/strangercam.com\/tr\/wp-json\/wp\/v2\/media?parent=1261"}],"curies":[{"name":"wp","href":"https:\/\/api.w.org\/{rel}","templated":true}]}}