{"id":12587,"date":"2024-11-08T12:02:12","date_gmt":"2024-11-08T10:02:12","guid":{"rendered":"https:\/\/strangercam.com\/?page_id=12587"},"modified":"2025-02-04T09:36:39","modified_gmt":"2025-02-04T07:36:39","slug":"rabbit-video-chat","status":"publish","type":"page","link":"https:\/\/strangercam.com\/tr\/rabbit-video-chat\/","title":{"rendered":"Tav\u015fan G\u00f6r\u00fcnt\u00fcl\u00fc Sohbet"},"content":{"rendered":"<p>\u0130nternette yeni insanlarla ba\u011flant\u0131 kurman\u0131n canl\u0131 ve spontane bir yolunu mu ar\u0131yorsunuz? Tav\u015fan Videosu <a href=\"https:\/\/strangercam.com\/tr\/chatroulette\/\">Sohbet<\/a> chatroulette tarz\u0131 bir deneyim sunar ve e\u011flenceli y\u00fcz y\u00fcze kar\u015f\u0131la\u015fmalar i\u00e7in sizi d\u00fcnyan\u0131n d\u00f6rt bir yan\u0131ndan yabanc\u0131larla e\u015fle\u015ftirir. A\u015fa\u011f\u0131da, Rabbit Video Chat'nin \u00f6ne \u00e7\u0131kan \u00f6zelliklerini, di\u011fer rastgele sohbet sitelerinden nas\u0131l farkl\u0131 oldu\u011funu ve neden h\u0131zl\u0131 ve canl\u0131 sosyal ba\u011flant\u0131lar i\u00e7in tercih edildi\u011fini ke\u015ffediyoruz.<\/p>\n<h2>Temel \u00d6zellikler<\/h2>\n<p>Tav\u015fan <a href=\"https:\/\/strangercam.com\/tr\/coomeet\/\">G\u00f6r\u00fcnt\u00fcl\u00fc Sohbet<\/a> Basitlik ve e\u011flenceye odaklanarak, gereksiz engeller olmadan g\u00f6r\u00fcnt\u00fcl\u00fc konu\u015fmalara do\u011frudan atlaman\u0131za yard\u0131mc\u0131 olur. \u00d6zellikleri \u015funlar\u0131 i\u00e7erir:<\/p>\n<ul>\n<li><strong>Rastgele Video E\u015fle\u015ftirme<\/strong>: Ger\u00e7ek bire bir sohbetler i\u00e7in d\u00fcnya \u00e7ap\u0131nda yabanc\u0131larla an\u0131nda e\u015fle\u015fin.<\/li>\n<li><strong>E\u011flenceli Filtreler ve Efektler<\/strong>: \u0130lgin\u00e7 dijital maskeler ve e\u011flenceli kaplamalarla konu\u015fmalara heyecan kat\u0131n.<\/li>\n<li><strong>H\u0131zl\u0131 Navigasyon<\/strong>: Yeni insanlarla tan\u0131\u015fmaya devam etmek i\u00e7in ma\u00e7lar aras\u0131nda h\u0131zl\u0131ca hareket edin.<\/li>\n<li><strong>Mobil-Optimize Edilmi\u015f<\/strong>: Hem ak\u0131ll\u0131 telefonlarda hem de masa\u00fcst\u00fc bilgisayarlarda sorunsuz g\u00f6r\u00fcnt\u00fcl\u00fc sohbetlerin keyfini \u00e7\u0131kar\u0131n.<\/li>\n<\/ul>\n<h2>Rastgele G\u00f6r\u00fcnt\u00fcl\u00fc Sohbet Deneyimi<\/h2>\n<p>Rabbit Video Chat sizi an\u0131nda yeni ki\u015filerle e\u015fle\u015ftirerek konu\u015fmaya daha fazla, beklemeye daha az zaman ay\u0131rman\u0131z\u0131 sa\u011flar.<\/p>\n<h3>An\u0131nda E\u015fle\u015ftirme<\/h3>\n<p>\"Ba\u015flat\" d\u00fc\u011fmesine dokundu\u011funuzda, platformun algoritmas\u0131 sizi sohbet etmek isteyen ba\u015fka bir kullan\u0131c\u0131yla h\u0131zl\u0131 bir \u015fekilde bulu\u015fturacakt\u0131r. Her \u015fey spontanl\u0131kla ilgili - kapsaml\u0131 profiller veya karma\u015f\u0131k ad\u0131mlar gerekmiyor.<\/p>\n<h3>Otomatik Sonraki<\/h3>\n<p>Mevcut orta\u011f\u0131n\u0131zla uyu\u015fmuyor musunuz? Devam etmek i\u00e7in \"\u0130leri\" tu\u015funa basman\u0131z yeterli. Bu, sizin i\u00e7in do\u011fru e\u015fle\u015fmeyi bulabilece\u011finiz h\u0131zl\u0131 tempolu bir ortam sa\u011flar.<\/p>\n<h3>K\u00fcresel Topluluk<\/h3>\n<p>Rabbit Video Chat'nin k\u0131talara yay\u0131lan kullan\u0131c\u0131 taban\u0131, farkl\u0131 k\u00fclt\u00fcrler hakk\u0131nda bilgi edinmek ve hatta belki de yeni bir dil prati\u011fi yapmak i\u00e7in geni\u015f f\u0131rsatlar sunuyor.<\/p>\n<h2>E\u011flenceli Ekstralar<\/h2>\n<p>Bu platform, rastgele sohbet deneyimini renklendiren ek \u00f6zelliklerle standart aramalar\u0131n \u00f6tesine ge\u00e7iyor:<\/p>\n<table>\n<thead>\n<tr>\n<th>\u00d6zellik<\/th>\n<th>A\u00e7\u0131klama<\/th>\n<\/tr>\n<\/thead>\n<tbody>\n<tr>\n<td><strong>Dijital Filtreler ve Maskeler<\/strong><\/td>\n<td>E\u011flenceli g\u00f6rsel efektlerle konu\u015fmalara mizah veya yarat\u0131c\u0131l\u0131k kat\u0131n.<\/td>\n<\/tr>\n<tr>\n<td><strong>Metin Sohbeti Entegrasyonu<\/strong><\/td>\n<td>Konu\u015fmak ilk ba\u015fta \u00e7ok ki\u015fisel geliyorsa h\u0131zl\u0131 mesajlar yaz\u0131n veya ba\u011flant\u0131lar payla\u015f\u0131n.<\/td>\n<\/tr>\n<tr>\n<td><strong>Anl\u0131k G\u00f6r\u00fcnt\u00fc Arac\u0131<\/strong><\/td>\n<td>Daha sonra tekrar ziyaret etmek i\u00e7in unutulmaz anlar\u0131 (sohbet orta\u011f\u0131n\u0131z\u0131n izniyle) yakalay\u0131n.<\/td>\n<\/tr>\n<tr>\n<td><strong>\u0130lgi Etiketleri<\/strong><\/td>\n<td>Yeni e\u015fle\u015fmelerle daha iyi uyumluluk i\u00e7in sohbetleri konularla (m\u00fczik, seyahat, oyun) etiketleyin.<\/td>\n<\/tr>\n<\/tbody>\n<\/table>\n<h2>Kullan\u0131c\u0131 Aray\u00fcz\u00fc ve Deneyimi<\/h2>\n<p>Rabbit Video Chat a\u00e7\u0131k, anla\u015f\u0131l\u0131r bir aray\u00fcz sunarak spot \u0131\u015f\u0131klar\u0131n\u0131 sizin \u00fczerinizde tutmay\u0131 ama\u00e7lar <a href=\"https:\/\/strangercam.com\/tr\/mili\/\">canl\u0131<\/a> Video.<\/p>\n<h3>Tasar\u0131m ve Navigasyon<\/h3>\n<ul>\n<li><strong>Minimalist Kontroller<\/strong>: A\u00e7\u0131k\u00e7a i\u015faretlenmi\u015f \u201cBa\u015flat\u201d, \u201cDurdur\u201d ve \u201cSonraki\u201d d\u00fc\u011fmeleri sohbetleri y\u00f6netmeyi kolayla\u015ft\u0131r\u0131r.<\/li>\n<li><strong>Simge Tabanl\u0131 Men\u00fcler<\/strong>: Filtreler, metin sohbeti ve di\u011fer \u00f6zelliklere sezgisel simgeler arac\u0131l\u0131\u011f\u0131yla eri\u015filebilir.<\/li>\n<li><strong>Duyarl\u0131 D\u00fczen<\/strong>: Ak\u0131ll\u0131 telefonlardan b\u00fcy\u00fck monit\u00f6rlere kadar aray\u00fcz sorunsuz bir \u015fekilde uyum sa\u011flar.<\/li>\n<\/ul>\n<h3>\u00d6zelle\u015ftirme<\/h3>\n<ul>\n<li><strong>Opsiyonel Profiller<\/strong>: Gizlilik i\u00e7in bir takma ad kullan\u0131n veya anonim kal\u0131n.<\/li>\n<li><strong>Bildirim Tercihleri<\/strong>: Arkada\u015fl\u0131k isteklerini veya g\u00fcncellemeleri nas\u0131l alaca\u011f\u0131n\u0131z\u0131 se\u00e7in.<\/li>\n<li><strong>Gizlilik Ayarlar\u0131<\/strong>: Konum payla\u015f\u0131m\u0131n\u0131 kontrol edin ve hangi ayr\u0131nt\u0131lar\u0131n ba\u015fkalar\u0131 taraf\u0131ndan g\u00f6r\u00fclebilece\u011fini y\u00f6netin.<\/li>\n<\/ul>\n<h2>Performans<\/h2>\n<p>H\u0131zl\u0131, istikrarl\u0131 ba\u011flant\u0131lar her canl\u0131 video uygulamas\u0131 i\u00e7in gereklidir ve Rabbit Video Chat g\u00fcvenilir bir deneyim sunmak i\u00e7in \u00e7al\u0131\u015f\u0131r:<\/p>\n<h3>Optimize Edilmi\u015f Sunucular<\/h3>\n<ul>\n<li><strong>Azalt\u0131lm\u0131\u015f Gecikme<\/strong>: Verimli altyap\u0131, g\u00f6r\u00fcnt\u00fcl\u00fc aramalarda minimum gecikmeyi hedefler.<\/li>\n<li><strong>Uyarlanabilir Kalite<\/strong>: Kesintileri en aza indirmek i\u00e7in video \u00e7\u00f6z\u00fcn\u00fcrl\u00fc\u011f\u00fc internet h\u0131z\u0131n\u0131za g\u00f6re ayarlan\u0131r.<\/li>\n<li><strong>Veri Verimli Mod<\/strong>: Mobil kullan\u0131c\u0131lar daha d\u00fc\u015f\u00fck veri kullan\u0131m ayarlar\u0131n\u0131 etkinle\u015ftirebilir.<\/li>\n<\/ul>\n<h2>G\u00fcvenlik ve \u00d6l\u00e7\u00fcl\u00fcl\u00fck<\/h2>\n<p>Rastgele g\u00f6r\u00fcnt\u00fcl\u00fc sohbetler beklenmedik i\u00e7erikler getirebilir, bu nedenle Rabbit Video Chat \u00e7e\u015fitli g\u00fcvenlik \u00f6nlemleri i\u00e7erir:<\/p>\n<h3>Topluluk G\u00f6zetimi<\/h3>\n<ul>\n<li><strong>Rapor ve Blok Ara\u00e7lar\u0131<\/strong>: Uygunsuz kullan\u0131c\u0131lar\u0131 h\u0131zl\u0131ca i\u015faretleyin ve gelecekte kar\u015f\u0131la\u015fmalar\u0131n\u0131 engelleyin.<\/li>\n<li><strong>Yapay Zeka Moderasyonu<\/strong>: Otomatik sistemler a\u00e7\u0131k veya zararl\u0131 davran\u0131\u015flar\u0131 ger\u00e7ek zamanl\u0131 olarak izler.<\/li>\n<li><strong>\u0130nsan Moderasyon Ekibi<\/strong>: Personel \u00fcyeleri, platformu s\u0131cak tutmak i\u00e7in bildirilen sorunlar\u0131 g\u00f6zden ge\u00e7irir.<\/li>\n<\/ul>\n<h3>Gizlilik Kontrolleri<\/h3>\n<ul>\n<li><strong>Anonim Aray\u00fcz<\/strong>: Ki\u015fisel bilgilerinizi vermeden sohbet edin.<\/li>\n<li><strong>\u015eifrelenmi\u015f Veri Depolama<\/strong>: Temel \u015fifreleme hassas hesap bilgilerini korur.<\/li>\n<li><strong>Ya\u015f K\u0131s\u0131tlamalar\u0131<\/strong>: Ya\u015f do\u011frulamas\u0131 k\u00fc\u00e7\u00fcklerin g\u00fcvende kalmas\u0131na yard\u0131mc\u0131 olur.<\/li>\n<\/ul>\n<h2>Para Kazanma ve Y\u00fckseltmeler<\/h2>\n<p>Rabbit Video Chat b\u00fcy\u00fck \u00f6l\u00e7\u00fcde <a href=\"https:\/\/strangercam.com\/tr\/chat4free\/\">\u00fccretsiz<\/a> kullan\u0131m\u0131 kolayd\u0131r, ayr\u0131ca premium \u00f6zellikler de sunar:<\/p>\n<h3>Premium Avantajlar<\/h3>\n<ul>\n<li><strong>Reklams\u0131z Tarama<\/strong>: Kesintisiz sohbet i\u00e7in reklamlar\u0131 kald\u0131r\u0131n.<\/li>\n<li><strong>\u00d6zel Efektler<\/strong>: \u00d6zel filtrelerin ve arka planlar\u0131n kilidini a\u00e7\u0131n.<\/li>\n<li><strong>Geli\u015ftirilmi\u015f E\u015fle\u015ftirme<\/strong>: \u0130lgi alan\u0131 etiketlerinize ve konum filtrelerinize ince ayar yap\u0131n.<\/li>\n<\/ul>\n<h3>\u00d6d\u00fcl Sistemleri<\/h3>\n<ul>\n<li><strong>Sadakat Puanlar\u0131<\/strong>: S\u0131k kullan\u0131m sayesinde premium \u00fcr\u00fcnler i\u00e7in kullan\u0131labilecek krediler kazan\u0131n.<\/li>\n<li><strong>Y\u00f6nlendirme Avantajlar\u0131<\/strong>: Arkada\u015flar\u0131n\u0131z\u0131 davet edin ve her ba\u015far\u0131l\u0131 kay\u0131t i\u00e7in bonus avantajlar kazan\u0131n.<\/li>\n<\/ul>\n<h2>Pazar Konumland\u0131rma<\/h2>\n<p>Rabbit Video Chat, daha yerle\u015fik olanlara canl\u0131 bir alternatif olarak hizmet vermektedir <a href=\"https:\/\/strangercam.com\/tr\/chathub\/\">rastgele g\u00f6r\u00fcnt\u00fcl\u00fc sohbet<\/a> platformlar\u0131nda, kullan\u0131c\u0131 dostu aray\u00fcz\u00fcne ve sa\u011flam moderasyon yakla\u015f\u0131m\u0131na g\u00fcveniyor.<\/p>\n<h3>Kullan\u0131c\u0131 Demografisi<\/h3>\n<ul>\n<li><strong>Ya\u015f Aral\u0131\u011f\u0131<\/strong>: A\u011f\u0131rl\u0131kl\u0131 olarak 18-35 ya\u015f aras\u0131 olmakla birlikte her ya\u015ftan yeti\u015fkin kat\u0131lmaktad\u0131r.<\/li>\n<li><strong>Birincil \u0130lgi Alanlar\u0131<\/strong>: G\u00fcndelik sohbetler, k\u00fclt\u00fcrel al\u0131\u015fveri\u015f, dil prati\u011fi.<\/li>\n<li><strong>Yo\u011fun Zamanlar<\/strong>: Geceler ve hafta sonlar\u0131 en y\u00fcksek kullan\u0131c\u0131 trafi\u011fine sahiptir.<\/li>\n<\/ul>\n<h3>K\u00fcresel Eri\u015fim<\/h3>\n<ul>\n<li><strong>Uluslararas\u0131 Kullan\u0131c\u0131lar<\/strong>: \u00c7e\u015fitli \u00fclkelerden ve ge\u00e7mi\u015flerden gelen insanlarla etkile\u015fim kurun.<\/li>\n<li><strong>\u00c7oklu Dil Aray\u00fcz\u00fc<\/strong>: Yerelle\u015ftirilmi\u015f bir deneyim i\u00e7in farkl\u0131 dil se\u00e7eneklerine ge\u00e7in.<\/li>\n<\/ul>\n<h2>Art\u0131lar\u0131 ve Eksileri<\/h2>\n<p>\u0130\u015fte Rabbit Video Chat'nin avantajlar\u0131na ve potansiyel s\u0131n\u0131rlamalar\u0131na h\u0131zl\u0131 bir bak\u0131\u015f:<\/p>\n<table>\n<thead>\n<tr>\n<th>Art\u0131lar\u0131<\/th>\n<th>Eksiler<\/th>\n<\/tr>\n<\/thead>\n<tbody>\n<tr>\n<td>\n<ul>\n<li>H\u0131zl\u0131 Rastgele Ba\u011flant\u0131lar<\/li>\n<li>Basit Kullan\u0131c\u0131 Aray\u00fcz\u00fc<\/li>\n<li>E\u011flenceli Filtreler ve Efektler<\/li>\n<li>\u00d6zel Moderasyon ve G\u00fcvenlik Ara\u00e7lar\u0131<\/li>\n<li>Mobil Cihazlarda \u0130yi \u00c7al\u0131\u015f\u0131r<\/li>\n<\/ul>\n<\/td>\n<td>\n<ul>\n<li>\u0130stenmeyen \u0130\u00e7eri\u011fe Ara S\u0131ra Maruz Kalma<\/li>\n<li>En \u0130yi Kalite i\u00e7in Sabit \u0130nternet Gerektirir<\/li>\n<li>\u00dccretli Y\u00fckseltmelere K\u0131yasla Daha Az \u00dccretsiz \u00d6zellik<\/li>\n<li>Daha B\u00fcy\u00fck, Tan\u0131nm\u0131\u015f Platformlarla Rekabet Ediyor<\/li>\n<\/ul>\n<\/td>\n<\/tr>\n<\/tbody>\n<\/table>\n<h2>Sonu\u00e7<\/h2>\n<p>Rabbit Video Chat, rastgele g\u00f6r\u00fcnt\u00fcl\u00fc aramalar yoluyla yabanc\u0131larla tan\u0131\u015fmaktan ho\u015flan\u0131yorsan\u0131z, enerji verici, kullan\u0131c\u0131 dostu bir se\u00e7enektir. Basit tasar\u0131m\u0131, kapsay\u0131c\u0131 k\u00fcresel toplulu\u011fu ve sa\u011flam moderasyon ara\u00e7lar\u0131, h\u0131zl\u0131 sohbetler, dil prati\u011fi veya e\u011flenceli ger\u00e7ek zamanl\u0131 kar\u015f\u0131la\u015fmalar i\u00e7in sa\u011flam bir se\u00e7imdir. \u0130ster rastgele g\u00f6r\u00fcnt\u00fcl\u00fc sohbetlerde yeni olun ister deneyimli bir profesyonel, Rabbit Video Chat hayat\u0131n her kesiminden insanlarla ba\u011flant\u0131 kurman\u0131n rahat ve g\u00fcvenilir bir yolu olarak \u00f6ne \u00e7\u0131k\u0131yor - sadece bir t\u0131k uza\u011f\u0131n\u0131zda.<\/p>","protected":false},"excerpt":{"rendered":"<p>Are you looking for a spirited and spontaneous way to connect with new people online? Rabbit Video Chat delivers a chatroulette-style experience, pairing you with strangers from across the globe for fun face-to-face encounters. Below, we explore Rabbit Video Chat\u2019s standout features, how it differs from other random chat sites, and why it\u2019s a go-to [&hellip;]<\/p>\n","protected":false},"author":6,"featured_media":0,"parent":0,"menu_order":0,"comment_status":"closed","ping_status":"closed","template":"","meta":{"footnotes":""},"class_list":["post-12587","page","type-page","status-publish","hentry"],"yoast_head":"<!-- This site is optimized with the Yoast SEO plugin v27.4 - https:\/\/yoast.com\/product\/yoast-seo-wordpress\/ -->\n<title>Rabbit Video Chat - Free Video Chat Rooms - StrangerCam.com<\/title>\n<meta name=\"description\" content=\"Discover Chamet, the ultimate online platform connecting you to free video chat rooms and live streams. Join Chamet today!\" \/>\n<meta name=\"robots\" content=\"index, follow, max-snippet:-1, max-image-preview:large, max-video-preview:-1\" \/>\n<link rel=\"canonical\" href=\"https:\/\/strangercam.com\/tr\/rabbit-video-chat\/\" \/>\n<meta property=\"og:locale\" content=\"tr_TR\" \/>\n<meta property=\"og:type\" content=\"article\" \/>\n<meta property=\"og:title\" content=\"Rabbit Video Chat - Free Video Chat Rooms - StrangerCam.com\" \/>\n<meta property=\"og:description\" content=\"Discover Chamet, the ultimate online platform connecting you to free video chat rooms and live streams. Join Chamet today!\" \/>\n<meta property=\"og:url\" content=\"https:\/\/strangercam.com\/tr\/rabbit-video-chat\/\" \/>\n<meta property=\"og:site_name\" content=\"Strangercam\" \/>\n<meta property=\"article:publisher\" content=\"https:\/\/www.facebook.com\/strangercam\" \/>\n<meta property=\"article:modified_time\" content=\"2025-02-04T07:36:39+00:00\" \/>\n<meta property=\"og:image\" content=\"https:\/\/strangercam.com\/wp-content\/uploads\/2021\/10\/Untitled-2.png\" \/>\n\t<meta property=\"og:image:width\" content=\"800\" \/>\n\t<meta property=\"og:image:height\" content=\"532\" \/>\n\t<meta property=\"og:image:type\" content=\"image\/png\" \/>\n<meta name=\"twitter:card\" content=\"summary_large_image\" \/>\n<meta name=\"twitter:site\" content=\"@strangercamapp\" \/>\n<meta name=\"twitter:label1\" content=\"Tahmini okuma s\u00fcresi\" \/>\n\t<meta name=\"twitter:data1\" content=\"4 dakika\" \/>\n<script type=\"application\/ld+json\" class=\"yoast-schema-graph\">{\"@context\":\"https:\\\/\\\/schema.org\",\"@graph\":[{\"@type\":\"WebPage\",\"@id\":\"https:\\\/\\\/strangercam.com\\\/rabbit-video-chat\\\/\",\"url\":\"https:\\\/\\\/strangercam.com\\\/rabbit-video-chat\\\/\",\"name\":\"Rabbit Video Chat - Free Video Chat Rooms - StrangerCam.com\",\"isPartOf\":{\"@id\":\"https:\\\/\\\/strangercam.com\\\/#website\"},\"datePublished\":\"2024-11-08T10:02:12+00:00\",\"dateModified\":\"2025-02-04T07:36:39+00:00\",\"description\":\"Discover Chamet, the ultimate online platform connecting you to free video chat rooms and live streams. Join Chamet today!\",\"breadcrumb\":{\"@id\":\"https:\\\/\\\/strangercam.com\\\/rabbit-video-chat\\\/#breadcrumb\"},\"inLanguage\":\"tr\",\"potentialAction\":[{\"@type\":\"ReadAction\",\"target\":[\"https:\\\/\\\/strangercam.com\\\/rabbit-video-chat\\\/\"]}]},{\"@type\":\"BreadcrumbList\",\"@id\":\"https:\\\/\\\/strangercam.com\\\/rabbit-video-chat\\\/#breadcrumb\",\"itemListElement\":[{\"@type\":\"ListItem\",\"position\":1,\"name\":\"Home\",\"item\":\"https:\\\/\\\/strangercam.com\\\/\"},{\"@type\":\"ListItem\",\"position\":2,\"name\":\"Rabbit Video Chat\"}]},{\"@type\":\"WebSite\",\"@id\":\"https:\\\/\\\/strangercam.com\\\/#website\",\"url\":\"https:\\\/\\\/strangercam.com\\\/\",\"name\":\"Strangercam\",\"description\":\"Random Video Chat with Strangers\",\"publisher\":{\"@id\":\"https:\\\/\\\/strangercam.com\\\/#organization\"},\"alternateName\":\"Strangercam.com\",\"potentialAction\":[{\"@type\":\"SearchAction\",\"target\":{\"@type\":\"EntryPoint\",\"urlTemplate\":\"https:\\\/\\\/strangercam.com\\\/?s={search_term_string}\"},\"query-input\":{\"@type\":\"PropertyValueSpecification\",\"valueRequired\":true,\"valueName\":\"search_term_string\"}}],\"inLanguage\":\"tr\"},{\"@type\":\"Organization\",\"@id\":\"https:\\\/\\\/strangercam.com\\\/#organization\",\"name\":\"Strangercam\",\"alternateName\":\"Strangercam.com\",\"url\":\"https:\\\/\\\/strangercam.com\\\/\",\"logo\":{\"@type\":\"ImageObject\",\"inLanguage\":\"tr\",\"@id\":\"https:\\\/\\\/strangercam.com\\\/#\\\/schema\\\/logo\\\/image\\\/\",\"url\":\"https:\\\/\\\/strangercam.com\\\/wp-content\\\/uploads\\\/2020\\\/11\\\/cropped-new-favicon-black.png\",\"contentUrl\":\"https:\\\/\\\/strangercam.com\\\/wp-content\\\/uploads\\\/2020\\\/11\\\/cropped-new-favicon-black.png\",\"width\":512,\"height\":512,\"caption\":\"Strangercam\"},\"image\":{\"@id\":\"https:\\\/\\\/strangercam.com\\\/#\\\/schema\\\/logo\\\/image\\\/\"},\"sameAs\":[\"https:\\\/\\\/www.facebook.com\\\/strangercam\",\"https:\\\/\\\/x.com\\\/strangercamapp\"]}]}<\/script>\n<!-- \/ Yoast SEO plugin. -->","yoast_head_json":{"title":"Tav\u015fan G\u00f6r\u00fcnt\u00fcl\u00fc Sohbet - \u00dccretsiz G\u00f6r\u00fcnt\u00fcl\u00fc Sohbet Odalar\u0131 - StrangerCam.com","description":"Sizi \u00fccretsiz g\u00f6r\u00fcnt\u00fcl\u00fc sohbet odalar\u0131na ve canl\u0131 yay\u0131nlara ba\u011flayan nihai \u00e7evrimi\u00e7i platform olan Chamet'i ke\u015ffedin. Chamet'e bug\u00fcn kat\u0131l\u0131n!","robots":{"index":"index","follow":"follow","max-snippet":"max-snippet:-1","max-image-preview":"max-image-preview:large","max-video-preview":"max-video-preview:-1"},"canonical":"https:\/\/strangercam.com\/tr\/rabbit-video-chat\/","og_locale":"tr_TR","og_type":"article","og_title":"Rabbit Video Chat - Free Video Chat Rooms - StrangerCam.com","og_description":"Discover Chamet, the ultimate online platform connecting you to free video chat rooms and live streams. Join Chamet today!","og_url":"https:\/\/strangercam.com\/tr\/rabbit-video-chat\/","og_site_name":"Strangercam","article_publisher":"https:\/\/www.facebook.com\/strangercam","article_modified_time":"2025-02-04T07:36:39+00:00","og_image":[{"width":800,"height":532,"url":"https:\/\/strangercam.com\/wp-content\/uploads\/2021\/10\/Untitled-2.png","type":"image\/png"}],"twitter_card":"summary_large_image","twitter_site":"@strangercamapp","twitter_misc":{"Tahmini okuma s\u00fcresi":"4 dakika"},"schema":{"@context":"https:\/\/schema.org","@graph":[{"@type":"WebPage","@id":"https:\/\/strangercam.com\/rabbit-video-chat\/","url":"https:\/\/strangercam.com\/rabbit-video-chat\/","name":"Tav\u015fan G\u00f6r\u00fcnt\u00fcl\u00fc Sohbet - \u00dccretsiz G\u00f6r\u00fcnt\u00fcl\u00fc Sohbet Odalar\u0131 - StrangerCam.com","isPartOf":{"@id":"https:\/\/strangercam.com\/#website"},"datePublished":"2024-11-08T10:02:12+00:00","dateModified":"2025-02-04T07:36:39+00:00","description":"Sizi \u00fccretsiz g\u00f6r\u00fcnt\u00fcl\u00fc sohbet odalar\u0131na ve canl\u0131 yay\u0131nlara ba\u011flayan nihai \u00e7evrimi\u00e7i platform olan Chamet'i ke\u015ffedin. Chamet'e bug\u00fcn kat\u0131l\u0131n!","breadcrumb":{"@id":"https:\/\/strangercam.com\/rabbit-video-chat\/#breadcrumb"},"inLanguage":"tr","potentialAction":[{"@type":"ReadAction","target":["https:\/\/strangercam.com\/rabbit-video-chat\/"]}]},{"@type":"BreadcrumbList","@id":"https:\/\/strangercam.com\/rabbit-video-chat\/#breadcrumb","itemListElement":[{"@type":"ListItem","position":1,"name":"Home","item":"https:\/\/strangercam.com\/"},{"@type":"ListItem","position":2,"name":"Rabbit Video Chat"}]},{"@type":"WebSite","@id":"https:\/\/strangercam.com\/#website","url":"https:\/\/strangercam.com\/","name":"Strangercam","description":"Yabanc\u0131larla Rastgele G\u00f6r\u00fcnt\u00fcl\u00fc Sohbet","publisher":{"@id":"https:\/\/strangercam.com\/#organization"},"alternateName":"Strangercam.com","potentialAction":[{"@type":"SearchAction","target":{"@type":"EntryPoint","urlTemplate":"https:\/\/strangercam.com\/?s={search_term_string}"},"query-input":{"@type":"PropertyValueSpecification","valueRequired":true,"valueName":"search_term_string"}}],"inLanguage":"tr"},{"@type":"Organization","@id":"https:\/\/strangercam.com\/#organization","name":"Strangercam","alternateName":"Strangercam.com","url":"https:\/\/strangercam.com\/","logo":{"@type":"ImageObject","inLanguage":"tr","@id":"https:\/\/strangercam.com\/#\/schema\/logo\/image\/","url":"https:\/\/strangercam.com\/wp-content\/uploads\/2020\/11\/cropped-new-favicon-black.png","contentUrl":"https:\/\/strangercam.com\/wp-content\/uploads\/2020\/11\/cropped-new-favicon-black.png","width":512,"height":512,"caption":"Strangercam"},"image":{"@id":"https:\/\/strangercam.com\/#\/schema\/logo\/image\/"},"sameAs":["https:\/\/www.facebook.com\/strangercam","https:\/\/x.com\/strangercamapp"]}]}},"_links":{"self":[{"href":"https:\/\/strangercam.com\/tr\/wp-json\/wp\/v2\/pages\/12587","targetHints":{"allow":["GET"]}}],"collection":[{"href":"https:\/\/strangercam.com\/tr\/wp-json\/wp\/v2\/pages"}],"about":[{"href":"https:\/\/strangercam.com\/tr\/wp-json\/wp\/v2\/types\/page"}],"author":[{"embeddable":true,"href":"https:\/\/strangercam.com\/tr\/wp-json\/wp\/v2\/users\/6"}],"replies":[{"embeddable":true,"href":"https:\/\/strangercam.com\/tr\/wp-json\/wp\/v2\/comments?post=12587"}],"version-history":[{"count":3,"href":"https:\/\/strangercam.com\/tr\/wp-json\/wp\/v2\/pages\/12587\/revisions"}],"predecessor-version":[{"id":12689,"href":"https:\/\/strangercam.com\/tr\/wp-json\/wp\/v2\/pages\/12587\/revisions\/12689"}],"wp:attachment":[{"href":"https:\/\/strangercam.com\/tr\/wp-json\/wp\/v2\/media?parent=12587"}],"curies":[{"name":"wp","href":"https:\/\/api.w.org\/{rel}","templated":true}]}}