{"id":12565,"date":"2024-10-07T10:40:10","date_gmt":"2024-10-07T08:40:10","guid":{"rendered":"https:\/\/strangercam.com\/?page_id=12565"},"modified":"2025-02-04T09:34:08","modified_gmt":"2025-02-04T07:34:08","slug":"chamet","status":"publish","type":"page","link":"https:\/\/strangercam.com\/tr\/chamet\/","title":{"rendered":"Chamet"},"content":{"rendered":"<p>Canl\u0131 bir video mu ar\u0131yorsunuz <a href=\"https:\/\/strangercam.com\/tr\/chatroulette\/\">sohbet<\/a> uygulamas\u0131na <a href=\"https:\/\/strangercam.com\/tr\/coomeet\/\">tan\u0131\u015fmak<\/a> yeni insanlarla tan\u0131\u015fmak, ger\u00e7ek zamanl\u0131 sohbetler yapmak veya sadece yeni k\u00fclt\u00fcrleri ke\u015ffetmek mi istiyorsunuz? Chamet, bire bir video g\u00f6r\u00fc\u015fmeleri, canl\u0131 yay\u0131nlar ve grup sohbetleri i\u00e7in etkile\u015fimli bir platform sunarak kullan\u0131c\u0131lar\u0131 d\u00fcnyan\u0131n d\u00f6rt bir yan\u0131nda bir araya getiriyor. Bu ayr\u0131nt\u0131l\u0131 genel bak\u0131\u015fta, Chamet'nin temel \u00f6zelliklerini, nas\u0131l \u00e7al\u0131\u015ft\u0131\u011f\u0131n\u0131 ve onu di\u011fer platformlardan ay\u0131ran \u00f6zellikleri inceleyece\u011fiz. <a href=\"https:\/\/strangercam.com\/tr\/rabbit-video-chat\/\">g\u00f6r\u00fcnt\u00fcl\u00fc sohbet<\/a> piyasadaki uygulamalar.<\/p>\n<h2>Chamet nedir?<\/h2>\n<p>Chamet bir <strong>g\u00f6r\u00fcnt\u00fcl\u00fc sohbet uygulamas\u0131<\/strong> hem iOS hem de Android cihazlarda kullan\u0131labilir. Birincil odak noktas\u0131 kullan\u0131c\u0131lara yard\u0131mc\u0131 olmakt\u0131r:<\/p>\n<ul>\n<li><strong>Yeni insanlarla tan\u0131\u015f\u0131n<\/strong>: D\u00fcnyan\u0131n d\u00f6rt bir yan\u0131ndan taze y\u00fczleri ke\u015ffedin.<\/li>\n<li><strong>Anlaml\u0131 sohbetlere kat\u0131l\u0131n<\/strong>: Canl\u0131 video g\u00f6r\u00fc\u015fmeleri veya grup oturumlar\u0131 arac\u0131l\u0131\u011f\u0131yla sohbetler ba\u015flat\u0131n.<\/li>\n<li><strong>Ger\u00e7ek zamanl\u0131 \u00e7evirilerin keyfini \u00e7\u0131kar\u0131n<\/strong>: Dil engellerini a\u015f\u0131n ve uluslararas\u0131 bir toplulukla ba\u011flant\u0131 kurun.<\/li>\n<li><strong>Farkl\u0131 k\u00fclt\u00fcrleri ke\u015ffedin<\/strong>: Farkl\u0131 ya\u015fam tarzlar\u0131 ve ge\u00e7mi\u015fler hakk\u0131nda i\u00e7g\u00f6r\u00fc kazan\u0131n.<\/li>\n<\/ul>\n<p>Chamet, genel deneyimi geli\u015ftirmek i\u00e7in rastgele g\u00f6r\u00fcnt\u00fcl\u00fc sohbetin do\u011fall\u0131\u011f\u0131n\u0131 ilgi etiketleri, sanal hediyeler ve uygulama i\u00e7i para birimi gibi kullan\u0131c\u0131 dostu \u00f6zelliklerle birle\u015ftirir.<\/p>\n<h2>Temel \u00d6zellikler<\/h2>\n<h3>1. Canl\u0131 G\u00f6r\u00fcnt\u00fcl\u00fc G\u00f6r\u00fc\u015fmeler<\/h3>\n<p>Chamet'in \u00e7ekirde\u011fi <strong>bire bir g\u00f6r\u00fcnt\u00fcl\u00fc sohbetler<\/strong> yeni insanlarla an\u0131nda ba\u011flant\u0131 kurman\u0131z\u0131 sa\u011flar. Basit bir dokunu\u015fla bir arama ba\u015flatabilir ve konu\u015fma ilginizi \u00e7ekmezse, h\u0131zl\u0131 bir \u015fekilde ba\u015fka bir e\u015fle\u015fme bulmak i\u00e7in devam edebilirsiniz.<\/p>\n<h3>2. K\u00fcresel E\u015fle\u015ftirme<\/h3>\n<p>Chamet sizi \u00e7e\u015fitli \u00fclkelerden kullan\u0131c\u0131larla e\u015fle\u015ftirerek ger\u00e7ek bir <strong>k\u00fcresel toplum<\/strong>. Bu, yeni diller \u00f6\u011frenmek veya farkl\u0131 k\u00fclt\u00fcrleri ilk elden tan\u0131mak isteyen herkes i\u00e7in m\u00fckemmeldir.<\/p>\n<h3>3. Ger\u00e7ek Zamanl\u0131 \u00c7eviri<\/h3>\n<p>Dil engellerini ortadan kald\u0131rmak i\u00e7in Chamet, g\u00f6r\u00fcnt\u00fcl\u00fc aramalar\u0131n\u0131z s\u0131ras\u0131nda mesajlar\u0131 otomatik olarak \u00e7evirebilen yerle\u015fik bir \u00e7evirmen sunar. Bu \u00f6zellik, ana diliniz ne olursa olsun daha ak\u0131c\u0131 konu\u015fmalar yapman\u0131za yard\u0131mc\u0131 olur.<\/p>\n<h3>4. Grup Canl\u0131 Yay\u0131nlar\u0131<\/h3>\n<p>Bire bir aramalara ek olarak Chamet, birden fazla kullan\u0131c\u0131n\u0131n sanal bir \u201codaya\u201d kat\u0131labildi\u011fi grup canl\u0131 yay\u0131nlar\u0131n\u0131 da destekler. Sunucular izleyicileriyle etkile\u015fime ge\u00e7ebilir, bu da onu a\u015fa\u011f\u0131dakiler i\u00e7in ideal hale getirir:<\/p>\n<ul>\n<li><strong>Sanal partiler<\/strong><\/li>\n<li><strong>Soru-Cevap Oturumlar\u0131<\/strong><\/li>\n<li><strong>Dil de\u011fi\u015fim gruplar\u0131<\/strong><\/li>\n<li><strong>Arkada\u015flarla g\u00fcndelik tak\u0131lmalar<\/strong><\/li>\n<\/ul>\n<h3>5. Sanal Hediyeler ve Uygulama \u0130\u00e7i Para Birimi<\/h3>\n<p>Chamet sat\u0131n al\u0131nabilir sanal bir ekonomi i\u00e7erir <strong>madeni paralar<\/strong>. Bu paralar e\u011flence g\u00f6ndermek i\u00e7in kullan\u0131labilir <strong>sanal hedi\u0307yeler<\/strong>-ev sahiplerine veya yeni arkada\u015flara \u00e7\u0131kartmalar ve \u00f6zel efektler gibi. Hediyeler bir etkile\u015fim katman\u0131 ekliyor ve kullan\u0131c\u0131lar\u0131n kalabal\u0131k canl\u0131 yay\u0131nlar s\u0131ras\u0131nda \u00f6ne \u00e7\u0131kmas\u0131na yard\u0131mc\u0131 oluyor.<\/p>\n<h2>Chamet Nas\u0131l \u00c7al\u0131\u015f\u0131r?<\/h2>\n<h3>1. H\u0131zl\u0131 Kay\u0131t<\/h3>\n<p>Kullan\u0131c\u0131lar \u015funlar\u0131 yapabilir <strong>KAYIT OL<\/strong> gibi \u00e7e\u015fitli y\u00f6ntemler arac\u0131l\u0131\u011f\u0131yla:<\/p>\n<ul>\n<li>Telefon numaras\u0131 do\u011frulama<\/li>\n<li>Sosyal medya hesaplar\u0131 (Facebook veya Google gibi)<\/li>\n<\/ul>\n<p>Kaydolduktan sonra k\u0131sa bir profil olu\u015fturabilir ve bunu foto\u011fraflar veya k\u0131sa bir biyografi ile ki\u015fiselle\u015ftirebilirsiniz.<\/p>\n<h3>2. Profil Kurulumu ve E\u015fle\u015ftirme<\/h3>\n<p>Kaydolduktan sonra \u015fu se\u00e7eneklere sahipsiniz:<\/p>\n<ul>\n<li><strong>Tercihleri se\u00e7in<\/strong> (\u00f6rne\u011fin, diller veya ilgi alanlar\u0131)<\/li>\n<li><strong>Konum tabanl\u0131 ke\u015ffi etkinle\u015ftirin<\/strong> daha yerel sohbetler i\u00e7in<\/li>\n<li><strong>\u0130lgi alan\u0131 etiketlerini kullan\u0131n<\/strong> hobilerinizi payla\u015fan kullan\u0131c\u0131larla e\u015fle\u015fmek i\u00e7in<\/li>\n<\/ul>\n<p>Chamet'in algoritmas\u0131 daha sonra kullan\u0131c\u0131larla ger\u00e7ek zamanl\u0131 olarak ba\u011flant\u0131 kurman\u0131za yard\u0131mc\u0131 olur.<\/p>\n<h3>3. Uygulama \u0130\u00e7i G\u00fcvenlik \u00d6nlemleri<\/h3>\n<p>Herhangi bir video oturumu ba\u015flamadan \u00f6nce Chamet, platformdaki kullan\u0131c\u0131lar\u0131n topluluk kurallar\u0131na uymas\u0131n\u0131 sa\u011flamak i\u00e7in temel moderasyon ve do\u011frulama ara\u00e7lar\u0131 sunar.<\/p>\n<h2>G\u00fcvenlik ve \u00d6l\u00e7\u00fcl\u00fcl\u00fck<\/h2>\n<p><a href=\"https:\/\/strangercam.com\/tr\/chathub\/\">Rastgele g\u00f6r\u00fcnt\u00fcl\u00fc sohbet<\/a> uygulamalar bazen uygunsuz veya zararl\u0131 i\u00e7eriklerle kar\u015f\u0131la\u015fabilir. Chamet bunun \u00fcstesinden gelir:<\/p>\n<ul>\n<li><strong>Yapay Zeka Destekli \u0130\u00e7erik Filtreleme<\/strong>: Sistem a\u00e7\u0131k veya sorunlu davran\u0131\u015flar\u0131 otomatik olarak alg\u0131lar.<\/li>\n<li><strong>Raporlama ve Engelleme<\/strong>: Kullan\u0131c\u0131lar ihlalcileri kolayca bildirebilir ve gelecekte ileti\u015fim kurmalar\u0131n\u0131 engelleyebilir.<\/li>\n<li><strong>Topluluk Kurallar\u0131<\/strong>: Chamet, a\u00e7\u0131k veya zararl\u0131 davran\u0131\u015flara kar\u015f\u0131 kurallar\u0131 uygular ve tekrarlanan ihlaller i\u00e7in olas\u0131 hesap ask\u0131ya al\u0131n\u0131r.<\/li>\n<\/ul>\n<h2>Chamet'in Art\u0131lar\u0131 ve Eksileri<\/h2>\n<p>Her platform gibi Chamet'in de avantajlar\u0131 ve dezavantajlar\u0131 vard\u0131r. \u0130\u015fte h\u0131zl\u0131 bir \u00f6zet:<\/p>\n<table>\n<thead>\n<tr>\n<th>Art\u0131lar\u0131<\/th>\n<th>Eksiler<\/th>\n<\/tr>\n<\/thead>\n<tbody>\n<tr>\n<td>\n<ul>\n<li>Dil engellerini ortadan kald\u0131rmak i\u00e7in Ger\u00e7ek Zamanl\u0131 \u00c7eviri<\/li>\n<li>Grup ak\u0131\u015flar\u0131 ve sanal hediyeler de dahil olmak \u00fczere \u00e7e\u015fitli \u00f6zellikler<\/li>\n<li>Birden fazla kay\u0131t se\u00e7ene\u011fi ile kolay kay\u0131t<\/li>\n<li>\u00c7e\u015fitli etkile\u015fimler i\u00e7in g\u00fc\u00e7l\u00fc k\u00fcresel kullan\u0131c\u0131 taban\u0131<\/li>\n<li>Daha g\u00fcvenli sohbetler i\u00e7in yerle\u015fik moderasyon ara\u00e7lar\u0131<\/li>\n<\/ul>\n<\/td>\n<td>\n<ul>\n<li>Baz\u0131 \u00f6zellikler uygulama i\u00e7i sat\u0131n al\u0131mlar\u0131n arkas\u0131nda kilitli<\/li>\n<li>Uygunsuz i\u00e7erikle kar\u015f\u0131la\u015fma potansiyeli (denetlenmi\u015f olsa da)<\/li>\n<li>HD g\u00f6r\u00fcnt\u00fcl\u00fc aramalar i\u00e7in daha y\u00fcksek veri kullan\u0131m\u0131<\/li>\n<li>Madeni paraya dayal\u0131 ekonomi s\u0131k harcamay\u0131 te\u015fvik edebilir<\/li>\n<\/ul>\n<\/td>\n<\/tr>\n<\/tbody>\n<\/table>\n<h2>Chamet'ten En \u0130yi \u015eekilde Yararlanmak \u0130\u00e7in \u0130pu\u00e7lar\u0131<\/h2>\n<h3>1. Profilinizi Tamamlay\u0131n<\/h3>\n<p>Net bir profil resmi ekleyin ve ilgi alanlar\u0131n\u0131z\u0131 veya konu\u015fulan dilleri listeleyin. Bu, sohbetlere kat\u0131lma ve yak\u0131nl\u0131k kurma \u015fans\u0131n\u0131z\u0131 art\u0131r\u0131r.<\/p>\n<h3>2. Ger\u00e7ek Zamanl\u0131 \u00c7eviriyi Ak\u0131ll\u0131ca Kullan\u0131n<\/h3>\n<p>Aktif dinleme prati\u011fi yap\u0131n ve n\u00fcanslar\u0131 anlamak i\u00e7in \u00e7eviri \u00f6zelli\u011fini kullan\u0131n. Bu, g\u00f6r\u00fcnt\u00fcl\u00fc g\u00f6r\u00fc\u015fmelerinizi daha sorunsuz ve daha \u00f6d\u00fcllendirici hale getirir.<\/p>\n<h3>3. Grup Canl\u0131 Yay\u0131nlar\u0131ndan Yararlan\u0131n<\/h3>\n<p>Sevdi\u011finiz bir konu etraf\u0131nda bir grup oturumuna kat\u0131l\u0131n veya ev sahipli\u011fi yap\u0131n. Benzer d\u00fc\u015f\u00fcnen kullan\u0131c\u0131lar\u0131 bulmak ve canl\u0131 tart\u0131\u015fmalar ba\u015flatmak i\u00e7in harika bir yoldur.<\/p>\n<h3>4. \u00c7evrimi\u00e7i G\u00fcvende Kal\u0131n<\/h3>\n<ul>\n<li>Ki\u015fisel bilgilerinizi (adres, finansal bilgiler) herkese a\u00e7\u0131k ak\u0131\u015flarda payla\u015fmaktan ka\u00e7\u0131n\u0131n.<\/li>\n<li>\u015e\u00fcpheli veya sald\u0131rgan davran\u0131\u015flar\u0131 derhal bildirin.<\/li>\n<\/ul>\n<h2>Di\u011fer G\u00f6r\u00fcnt\u00fcl\u00fc Sohbet Uygulamalar\u0131 ile Kar\u015f\u0131la\u015ft\u0131rmalar<\/h2>\n<p>Chamet, pop\u00fcler rastgele g\u00f6r\u00fcnt\u00fcl\u00fc sohbet uygulamalar\u0131yla birlikte kalabal\u0131k bir pazarda rekabet ediyor. Kendini \u015fu \u015fekilde farkl\u0131la\u015ft\u0131r\u0131r:<\/p>\n<ul>\n<li><strong>Ger\u00e7ek Zamanl\u0131 \u00c7eviriler<\/strong>: K\u00fclt\u00fcrler aras\u0131 sohbetleri sorunsuz hale getirin.<\/li>\n<li><strong>Grup Canl\u0131 Yay\u0131nlar\u0131<\/strong>: \u00c7ok kullan\u0131c\u0131l\u0131 etkile\u015fimlere izin verirken, bir\u00e7ok rastgele uygulama bire bir aramalara sad\u0131k kal\u0131r.<\/li>\n<li><strong>\u0130nteraktif Sanal Hediyeler<\/strong>: Takdirinizi g\u00f6stermek veya di\u011fer izleyicilerin aras\u0131ndan s\u0131yr\u0131lmak i\u00e7in e\u011flenceli bir yol sa\u011flar.<\/li>\n<\/ul>\n<h2>Sonu\u00e7<\/h2>\n<p>Chamet g\u00f6r\u00fcnt\u00fcl\u00fc sohbet uygulamas\u0131nda \u00f6ne \u00e7\u0131k\u0131yor <a href=\"https:\/\/strangercam.com\/tr\/mocospace\/\">uzay<\/a> K\u00fcresel bir toplulu\u011fu canl\u0131 \u00e7eviriler, sanal hediyeler ve grup ak\u0131\u015flar\u0131 gibi etkile\u015fimli \u00f6zelliklerle birle\u015ftirerek. \u0130ster k\u0131talar aras\u0131nda arkada\u015f edinmek, ister dil becerilerinizi geli\u015ftirmek ya da sadece yeni bir sosyal etkile\u015fim t\u00fcr\u00fc denemek istiyor olun, Chamet ger\u00e7ek zamanl\u0131 olarak ba\u011flant\u0131 kurmak i\u00e7in birden fazla yol sunar.<br \/>\nG\u00fcvenlik ve e\u011flenceyi vurgulayan Chamet, s\u0131radan sohbet\u00e7ilerden daha ki\u015fisel bir \u00e7evrimi\u00e7i etkile\u015fim bi\u00e7imi arayan sosyal medya merakl\u0131lar\u0131na kadar geni\u015f bir kullan\u0131c\u0131 taban\u0131na hitap ediyor. Yeni dijital arkada\u015fl\u0131klar kurmaya ve d\u00fcnya \u00e7ap\u0131nda sanal k\u00fclt\u00fcrleri ke\u015ffetmeye haz\u0131rsan\u0131z, Chamet'yi deneyin ve bir sonraki video g\u00f6r\u00fc\u015fmenizin di\u011fer ucunda kimlerin bekledi\u011fini g\u00f6r\u00fcn.<\/p>","protected":false},"excerpt":{"rendered":"<p>Are you searching for a lively video chat app to meet new people, engage in real-time conversations, or simply explore new cultures? Chamet offers an interactive platform for one-on-one video calls, live streams, and group chats, bringing users together across the globe. In this detailed overview, we\u2019ll delve into Chamet\u2019s key features, how it works, [&hellip;]<\/p>\n","protected":false},"author":6,"featured_media":0,"parent":0,"menu_order":0,"comment_status":"closed","ping_status":"closed","template":"","meta":{"footnotes":""},"class_list":["post-12565","page","type-page","status-publish","hentry"],"yoast_head":"<!-- This site is optimized with the Yoast SEO plugin v26.9 - https:\/\/yoast.com\/product\/yoast-seo-wordpress\/ -->\n<title>Chamet - Global Video Connections &amp; Chat - StrangerCam.com<\/title>\n<meta name=\"description\" content=\"Discover Chamet, the ultimate online platform connecting you to free video chat rooms and live streams. Join Chamet today!\" \/>\n<meta name=\"robots\" content=\"index, follow, max-snippet:-1, max-image-preview:large, max-video-preview:-1\" \/>\n<link rel=\"canonical\" href=\"https:\/\/strangercam.com\/tr\/chamet\/\" \/>\n<meta property=\"og:locale\" content=\"tr_TR\" \/>\n<meta property=\"og:type\" content=\"article\" \/>\n<meta property=\"og:title\" content=\"Chamet - Global Video Connections &amp; Chat - StrangerCam.com\" \/>\n<meta property=\"og:description\" content=\"Discover Chamet, the ultimate online platform connecting you to free video chat rooms and live streams. Join Chamet today!\" \/>\n<meta property=\"og:url\" content=\"https:\/\/strangercam.com\/tr\/chamet\/\" \/>\n<meta property=\"og:site_name\" content=\"Strangercam\" \/>\n<meta property=\"article:publisher\" content=\"https:\/\/www.facebook.com\/strangercam\" \/>\n<meta property=\"article:modified_time\" content=\"2025-02-04T07:34:08+00:00\" \/>\n<meta property=\"og:image\" content=\"https:\/\/strangercam.com\/wp-content\/uploads\/2021\/10\/Untitled-2.png\" \/>\n\t<meta property=\"og:image:width\" content=\"800\" \/>\n\t<meta property=\"og:image:height\" content=\"532\" \/>\n\t<meta property=\"og:image:type\" content=\"image\/png\" \/>\n<meta name=\"twitter:card\" content=\"summary_large_image\" \/>\n<meta name=\"twitter:site\" content=\"@strangercamapp\" \/>\n<meta name=\"twitter:label1\" content=\"Tahmini okuma s\u00fcresi\" \/>\n\t<meta name=\"twitter:data1\" content=\"4 dakika\" \/>\n<script type=\"application\/ld+json\" class=\"yoast-schema-graph\">{\"@context\":\"https:\/\/schema.org\",\"@graph\":[{\"@type\":\"WebPage\",\"@id\":\"https:\/\/strangercam.com\/chamet\/\",\"url\":\"https:\/\/strangercam.com\/chamet\/\",\"name\":\"Chamet - Global Video Connections & Chat - StrangerCam.com\",\"isPartOf\":{\"@id\":\"https:\/\/strangercam.com\/#website\"},\"datePublished\":\"2024-10-07T08:40:10+00:00\",\"dateModified\":\"2025-02-04T07:34:08+00:00\",\"description\":\"Discover Chamet, the ultimate online platform connecting you to free video chat rooms and live streams. Join Chamet today!\",\"breadcrumb\":{\"@id\":\"https:\/\/strangercam.com\/chamet\/#breadcrumb\"},\"inLanguage\":\"tr\",\"potentialAction\":[{\"@type\":\"ReadAction\",\"target\":[\"https:\/\/strangercam.com\/chamet\/\"]}]},{\"@type\":\"BreadcrumbList\",\"@id\":\"https:\/\/strangercam.com\/chamet\/#breadcrumb\",\"itemListElement\":[{\"@type\":\"ListItem\",\"position\":1,\"name\":\"Home\",\"item\":\"https:\/\/strangercam.com\/\"},{\"@type\":\"ListItem\",\"position\":2,\"name\":\"Chamet\"}]},{\"@type\":\"WebSite\",\"@id\":\"https:\/\/strangercam.com\/#website\",\"url\":\"https:\/\/strangercam.com\/\",\"name\":\"Strangercam\",\"description\":\"Random Video Chat with Strangers\",\"publisher\":{\"@id\":\"https:\/\/strangercam.com\/#organization\"},\"alternateName\":\"Strangercam.com\",\"potentialAction\":[{\"@type\":\"SearchAction\",\"target\":{\"@type\":\"EntryPoint\",\"urlTemplate\":\"https:\/\/strangercam.com\/?s={search_term_string}\"},\"query-input\":{\"@type\":\"PropertyValueSpecification\",\"valueRequired\":true,\"valueName\":\"search_term_string\"}}],\"inLanguage\":\"tr\"},{\"@type\":\"Organization\",\"@id\":\"https:\/\/strangercam.com\/#organization\",\"name\":\"Strangercam\",\"alternateName\":\"Strangercam.com\",\"url\":\"https:\/\/strangercam.com\/\",\"logo\":{\"@type\":\"ImageObject\",\"inLanguage\":\"tr\",\"@id\":\"https:\/\/strangercam.com\/#\/schema\/logo\/image\/\",\"url\":\"https:\/\/strangercam.com\/wp-content\/uploads\/2020\/11\/cropped-new-favicon-black.png\",\"contentUrl\":\"https:\/\/strangercam.com\/wp-content\/uploads\/2020\/11\/cropped-new-favicon-black.png\",\"width\":512,\"height\":512,\"caption\":\"Strangercam\"},\"image\":{\"@id\":\"https:\/\/strangercam.com\/#\/schema\/logo\/image\/\"},\"sameAs\":[\"https:\/\/www.facebook.com\/strangercam\",\"https:\/\/x.com\/strangercamapp\"]}]}<\/script>\n<!-- \/ Yoast SEO plugin. -->","yoast_head_json":{"title":"Chamet - K\u00fcresel G\u00f6r\u00fcnt\u00fcl\u00fc Ba\u011flant\u0131lar ve Sohbet - StrangerCam.com","description":"Sizi \u00fccretsiz g\u00f6r\u00fcnt\u00fcl\u00fc sohbet odalar\u0131na ve canl\u0131 yay\u0131nlara ba\u011flayan nihai \u00e7evrimi\u00e7i platform olan Chamet'i ke\u015ffedin. Chamet'e bug\u00fcn kat\u0131l\u0131n!","robots":{"index":"index","follow":"follow","max-snippet":"max-snippet:-1","max-image-preview":"max-image-preview:large","max-video-preview":"max-video-preview:-1"},"canonical":"https:\/\/strangercam.com\/tr\/chamet\/","og_locale":"tr_TR","og_type":"article","og_title":"Chamet - Global Video Connections & Chat - StrangerCam.com","og_description":"Discover Chamet, the ultimate online platform connecting you to free video chat rooms and live streams. Join Chamet today!","og_url":"https:\/\/strangercam.com\/tr\/chamet\/","og_site_name":"Strangercam","article_publisher":"https:\/\/www.facebook.com\/strangercam","article_modified_time":"2025-02-04T07:34:08+00:00","og_image":[{"width":800,"height":532,"url":"https:\/\/strangercam.com\/wp-content\/uploads\/2021\/10\/Untitled-2.png","type":"image\/png"}],"twitter_card":"summary_large_image","twitter_site":"@strangercamapp","twitter_misc":{"Tahmini okuma s\u00fcresi":"4 dakika"},"schema":{"@context":"https:\/\/schema.org","@graph":[{"@type":"WebPage","@id":"https:\/\/strangercam.com\/chamet\/","url":"https:\/\/strangercam.com\/chamet\/","name":"Chamet - K\u00fcresel G\u00f6r\u00fcnt\u00fcl\u00fc Ba\u011flant\u0131lar ve Sohbet - StrangerCam.com","isPartOf":{"@id":"https:\/\/strangercam.com\/#website"},"datePublished":"2024-10-07T08:40:10+00:00","dateModified":"2025-02-04T07:34:08+00:00","description":"Sizi \u00fccretsiz g\u00f6r\u00fcnt\u00fcl\u00fc sohbet odalar\u0131na ve canl\u0131 yay\u0131nlara ba\u011flayan nihai \u00e7evrimi\u00e7i platform olan Chamet'i ke\u015ffedin. Chamet'e bug\u00fcn kat\u0131l\u0131n!","breadcrumb":{"@id":"https:\/\/strangercam.com\/chamet\/#breadcrumb"},"inLanguage":"tr","potentialAction":[{"@type":"ReadAction","target":["https:\/\/strangercam.com\/chamet\/"]}]},{"@type":"BreadcrumbList","@id":"https:\/\/strangercam.com\/chamet\/#breadcrumb","itemListElement":[{"@type":"ListItem","position":1,"name":"Home","item":"https:\/\/strangercam.com\/"},{"@type":"ListItem","position":2,"name":"Chamet"}]},{"@type":"WebSite","@id":"https:\/\/strangercam.com\/#website","url":"https:\/\/strangercam.com\/","name":"Strangercam","description":"Yabanc\u0131larla Rastgele G\u00f6r\u00fcnt\u00fcl\u00fc Sohbet","publisher":{"@id":"https:\/\/strangercam.com\/#organization"},"alternateName":"Strangercam.com","potentialAction":[{"@type":"SearchAction","target":{"@type":"EntryPoint","urlTemplate":"https:\/\/strangercam.com\/?s={search_term_string}"},"query-input":{"@type":"PropertyValueSpecification","valueRequired":true,"valueName":"search_term_string"}}],"inLanguage":"tr"},{"@type":"Organization","@id":"https:\/\/strangercam.com\/#organization","name":"Strangercam","alternateName":"Strangercam.com","url":"https:\/\/strangercam.com\/","logo":{"@type":"ImageObject","inLanguage":"tr","@id":"https:\/\/strangercam.com\/#\/schema\/logo\/image\/","url":"https:\/\/strangercam.com\/wp-content\/uploads\/2020\/11\/cropped-new-favicon-black.png","contentUrl":"https:\/\/strangercam.com\/wp-content\/uploads\/2020\/11\/cropped-new-favicon-black.png","width":512,"height":512,"caption":"Strangercam"},"image":{"@id":"https:\/\/strangercam.com\/#\/schema\/logo\/image\/"},"sameAs":["https:\/\/www.facebook.com\/strangercam","https:\/\/x.com\/strangercamapp"]}]}},"_links":{"self":[{"href":"https:\/\/strangercam.com\/tr\/wp-json\/wp\/v2\/pages\/12565","targetHints":{"allow":["GET"]}}],"collection":[{"href":"https:\/\/strangercam.com\/tr\/wp-json\/wp\/v2\/pages"}],"about":[{"href":"https:\/\/strangercam.com\/tr\/wp-json\/wp\/v2\/types\/page"}],"author":[{"embeddable":true,"href":"https:\/\/strangercam.com\/tr\/wp-json\/wp\/v2\/users\/6"}],"replies":[{"embeddable":true,"href":"https:\/\/strangercam.com\/tr\/wp-json\/wp\/v2\/comments?post=12565"}],"version-history":[{"count":2,"href":"https:\/\/strangercam.com\/tr\/wp-json\/wp\/v2\/pages\/12565\/revisions"}],"predecessor-version":[{"id":12688,"href":"https:\/\/strangercam.com\/tr\/wp-json\/wp\/v2\/pages\/12565\/revisions\/12688"}],"wp:attachment":[{"href":"https:\/\/strangercam.com\/tr\/wp-json\/wp\/v2\/media?parent=12565"}],"curies":[{"name":"wp","href":"https:\/\/api.w.org\/{rel}","templated":true}]}}