{"id":12559,"date":"2024-09-30T14:05:14","date_gmt":"2024-09-30T12:05:14","guid":{"rendered":"https:\/\/strangercam.com\/?page_id=12559"},"modified":"2025-06-16T13:32:29","modified_gmt":"2025-06-16T11:32:29","slug":"shagle","status":"publish","type":"page","link":"https:\/\/strangercam.com\/tr\/shagle\/","title":{"rendered":"Shagle"},"content":{"rendered":"<p>Giderek daha ba\u011flant\u0131l\u0131 hale gelen bir d\u00fcnyada <a href=\"https:\/\/strangercam.com\/tr\/coomeet\/\">tan\u0131\u015fmak<\/a> yeni insanlarla tan\u0131\u015fmak ve farkl\u0131 k\u00fclt\u00fcrleri deneyimlemek \u00f6nemli \u00f6l\u00e7\u00fcde artm\u0131\u015ft\u0131r. Shagle, kullan\u0131c\u0131lar\u0131 k\u00fcresel olarak rastgele g\u00f6r\u00fcnt\u00fcl\u00fc sohbetler arac\u0131l\u0131\u011f\u0131yla birbirine ba\u011flayan bir platform sa\u011flayarak bu ihtiyac\u0131 kar\u015f\u0131l\u0131yor. Cinsiyet ve konum filtreleri, sanal maskeler ve kullan\u0131c\u0131 dostu bir aray\u00fcz gibi \u00f6zellikler sunan Shagle, ger\u00e7ek zamanl\u0131 olarak spontane etkile\u015fimleri ve k\u00fclt\u00fcrel al\u0131\u015fveri\u015fleri kolayla\u015ft\u0131r\u0131yor. Bu inceleme, Shagle'nin \u00f6zellikleri, kullan\u0131c\u0131 deneyimi, fiyatland\u0131rma se\u00e7enekleri, g\u00fcvenlik \u00f6nlemleri ve rakiplerine g\u00f6re konumunun derinlemesine bir analizini sa\u011flar.<\/p>\n<h2>Shagle'a Genel Bak\u0131\u015f<\/h2>\n<p>2017 y\u0131l\u0131nda piyasaya s\u00fcr\u00fclen Shagle, k\u0131sa s\u00fcrede \u00e7evrimi\u00e7i video d\u00fcnyas\u0131n\u0131n \u00f6nde gelen oyuncular\u0131ndan biri haline geldi <a href=\"https:\/\/strangercam.com\/tr\/chatroulette\/\">sohbet<\/a> platformlar. Kullan\u0131c\u0131lar\u0131n d\u00fcnya \u00e7ap\u0131nda yabanc\u0131larla an\u0131nda ba\u011flant\u0131 kurmas\u0131n\u0131 sa\u011flamak, yeni arkada\u015fl\u0131klar, dil prati\u011fi veya sadece ilgi \u00e7ekici sohbetler arayan bireylerden olu\u015fan k\u00fcresel bir toplulu\u011fu te\u015fvik etmek i\u00e7in olu\u015fturulmu\u015ftur. \u00c7e\u015fitli \u00fclkelerdeki milyonlarca kullan\u0131c\u0131s\u0131yla Shagle, ger\u00e7ek zamanl\u0131 etkile\u015fimler i\u00e7in \u00e7e\u015fitli ve dinamik bir ortam sunuyor.<\/p>\n<h2>Temel \u00d6zellikler<\/h2>\n<h3>Rastgele G\u00f6r\u00fcnt\u00fcl\u00fc Sohbet<\/h3>\n<p>Shagle'\u0131n kalbinde <a href=\"https:\/\/strangercam.com\/tr\/chathub\/\">rastgele g\u00f6r\u00fcnt\u00fcl\u00fc sohbet<\/a> i\u015flevsellik. Kullan\u0131c\u0131lar d\u00fcnyan\u0131n d\u00f6rt bir yan\u0131ndan ba\u015fkalar\u0131yla rastgele e\u015fle\u015ftirilerek spontane ve heyecan verici sohbetlere olanak tan\u0131r. Bu \u00f6zellik, ilgi \u00e7ekici bir deneyim sa\u011flamak i\u00e7in y\u00fcksek kaliteli video ve ses ak\u0131\u015flar\u0131 sa\u011flayarak sorunsuz bir \u015fekilde \u00e7al\u0131\u015f\u0131r.<\/p>\n<h3>Cinsiyet ve Konum Filtreleri<\/h3>\n<p>Shagle, etkile\u015fimleri ki\u015fiselle\u015ftirmek i\u00e7in cinsiyet ve konum filtreleri sunuyor:<\/p>\n<ul>\n<li><strong>Cinsiyet Filtreleri<\/strong>: Kullan\u0131c\u0131lar, belirli bir cinsiyetten ki\u015filerle sohbet etmeyi se\u00e7erek deneyimi tercihlerine g\u00f6re uyarlayabilirler.<\/li>\n<li><strong>Konum Filtreleri<\/strong>: Kullan\u0131c\u0131lar\u0131n belirli \u00fclkelerden insanlarla ba\u011flant\u0131 kurmas\u0131n\u0131 sa\u011flayarak k\u00fclt\u00fcrel al\u0131\u015fveri\u015fi veya dil prati\u011fini kolayla\u015ft\u0131r\u0131r.<\/li>\n<\/ul>\n<p>Bu filtreler e\u015fle\u015fmelerin alaka d\u00fczeyini ve kullan\u0131c\u0131 memnuniyetini art\u0131r\u0131r.<\/p>\n<h3>Sanal Maskeler<\/h3>\n<p>Baz\u0131 kullan\u0131c\u0131lar\u0131n anonimli\u011fi tercih edebilece\u011fini anlayan Shagle, sanal maskeler sa\u011flar:<\/p>\n<ul>\n<li><strong>Anonimlik Se\u00e7enekleri<\/strong>: Kullan\u0131c\u0131lar g\u00f6r\u00fcnt\u00fcl\u00fc sohbetler s\u0131ras\u0131nda y\u00fczlerine dijital maskeler yerle\u015ftirerek bir gizlilik katman\u0131 ekleyebilirler.<\/li>\n<li><strong>E\u011flenceli ve \u0130lgi \u00c7ekici<\/strong>: Maskeler ayr\u0131ca konu\u015fmalar\u0131 daha e\u011flenceli hale getirebilir ve kullan\u0131c\u0131lar\u0131n kendilerini daha rahat hissetmelerine yard\u0131mc\u0131 olabilir.<\/li>\n<\/ul>\n<h3>Metin Sohbeti Se\u00e7ene\u011fi<\/h3>\n<p>Web kameras\u0131na eri\u015fimi olmayan veya video kullanmay\u0131 tercih etmeyen kullan\u0131c\u0131lar i\u00e7in Shagle bir metin sunar <a href=\"https:\/\/strangercam.com\/tr\/chat-alternative\/\">sohbet alternati\u0307fi\u0307<\/a>:<\/p>\n<ul>\n<li><strong>Esneklik<\/strong>: G\u00f6r\u00fcnt\u00fcl\u00fc ve yaz\u0131l\u0131 sohbet modlar\u0131 aras\u0131nda sorunsuzca ge\u00e7i\u015f yap\u0131n.<\/li>\n<li><strong>Eri\u015filebilirlik<\/strong>: Kullan\u0131c\u0131lar\u0131n video olmadan da ba\u011flanabilmesini ve ileti\u015fim kurabilmesini sa\u011flar.<\/li>\n<\/ul>\n<h3>Mobil Uyumluluk<\/h3>\n<p>Shagle, eri\u015filebilirli\u011fin \u00f6nemini kabul eder ve bunu sa\u011flar:<\/p>\n<ul>\n<li><strong>Mobil Uyumlu Web Sitesi<\/strong>: Platform, web taray\u0131c\u0131lar\u0131 arac\u0131l\u0131\u011f\u0131yla ak\u0131ll\u0131 telefonlarda ve tabletlerde kullan\u0131m i\u00e7in optimize edilmi\u015ftir.<\/li>\n<li><strong>Uygulama Gerektirmez<\/strong>: Kullan\u0131c\u0131lar ayr\u0131 bir uygulama indirmeden t\u00fcm \u00f6zelliklere eri\u015febilir.<\/li>\n<\/ul>\n<h2>Kullan\u0131c\u0131 Deneyimi<\/h2>\n<h3>Aray\u00fcz ve Tasar\u0131m<\/h3>\n<p>Shagle temiz ve sezgisel bir aray\u00fcze sahiptir:<\/p>\n<ul>\n<li><strong>Kolay Navigasyon<\/strong>: A\u00e7\u0131k\u00e7a etiketlenmi\u015f \u00f6zelliklere sahip basit d\u00fczen.<\/li>\n<li><strong>H\u0131zl\u0131 Eri\u015fim<\/strong>: Kullan\u0131c\u0131lar sadece birka\u00e7 t\u0131klama ile sohbet etmeye ba\u015flayabilir.<\/li>\n<li><strong>Modern Estetik<\/strong>: Tasar\u0131m \u00e7a\u011fda\u015f ve g\u00f6rsel olarak \u00e7ekici.<\/li>\n<\/ul>\n<h3>Kay\u0131t S\u00fcreci<\/h3>\n<p>Shagle, kullan\u0131c\u0131lar\u0131n zorunlu kay\u0131t olmadan platformu kullanmaya ba\u015flamas\u0131na olanak tan\u0131r:<\/p>\n<ul>\n<li><strong>Kay\u0131t Gerekmiyor<\/strong>: Temel \u00f6zelliklere an\u0131nda eri\u015fim.<\/li>\n<li><strong>\u0130ste\u011fe Ba\u011fl\u0131 Hesap Olu\u015fturma<\/strong>: Kullan\u0131c\u0131lar ek \u00f6zelliklere eri\u015fmek veya tercihlerini kaydetmek i\u00e7in kay\u0131t olabilirler.<\/li>\n<li><strong>Gizlilik Odakl\u0131<\/strong>: Minimum ki\u015fisel bilgi gereklidir, bu da kullan\u0131c\u0131 gizlili\u011fini art\u0131r\u0131r.<\/li>\n<\/ul>\n<h3>Performans ve G\u00fcvenilirlik<\/h3>\n<p>Shagle optimum performans i\u00e7in tasarlanm\u0131\u015ft\u0131r:<\/p>\n<ul>\n<li><strong>Y\u00fcksek Kaliteli Ak\u0131\u015f<\/strong>: G\u00fcvenilir video ve ses kalitesi sa\u011flar.<\/li>\n<li><strong>H\u0131zl\u0131 Ba\u011flant\u0131lar<\/strong>: Di\u011fer kullan\u0131c\u0131larla h\u0131zl\u0131 e\u015fle\u015ftirme bekleme s\u00fcrelerini azalt\u0131r.<\/li>\n<li><strong>Kararl\u0131 Platform<\/strong>: Minimum kesinti s\u00fcresi tutarl\u0131 kullan\u0131labilirlik sa\u011flar.<\/li>\n<\/ul>\n<h2>Fiyatland\u0131rma ve Abonelik Se\u00e7enekleri<\/h2>\n<p>Shagle'\u0131n bir\u00e7ok \u00f6zelli\u011fi \u00fccretsiz olarak sunulsa da, platform \u015fu adla bilinen premium bir abonelik sunuyor <strong>Shagle Plus<\/strong> geli\u015fmi\u015f deneyimler arayan kullan\u0131c\u0131lar i\u00e7in.<\/p>\n<h3>\u00dccretsiz \u00d6zellikler<\/h3>\n<ul>\n<li><strong>Rastgele G\u00f6r\u00fcnt\u00fcl\u00fc Sohbet<\/strong>: Rastgele g\u00f6r\u00fcnt\u00fcl\u00fc sohbetlere s\u0131n\u0131rs\u0131z eri\u015fim.<\/li>\n<li><strong>Cinsiyet Filtresi<\/strong>: Cinsiyet se\u00e7imine temel eri\u015fim.<\/li>\n<li><strong>Sanal Maskeler<\/strong>: Sohbetler s\u0131ras\u0131nda sanal maskelerin kullan\u0131lmas\u0131.<\/li>\n<li><strong>Metin Sohbeti<\/strong>: Metin tabanl\u0131 konu\u015fmalara kat\u0131lma se\u00e7ene\u011fi.<\/li>\n<\/ul>\n<h3>Shagle Plus Avantajlar\u0131<\/h3>\n<p>Shagle Plus'a abone olarak ek \u00f6zelliklerin kilidini a\u00e7abilirsiniz:<\/p>\n<ul>\n<li><strong>Geli\u015fmi\u015f Cinsiyet Filtreleri<\/strong>: Daha hassas se\u00e7im se\u00e7enekleri.<\/li>\n<li><strong>Konum Filtreleri<\/strong>: Ba\u011flant\u0131lar i\u00e7in belirli \u00fclkeleri se\u00e7ebilme.<\/li>\n<li><strong>Reklams\u0131z Deneyim<\/strong>: Kesintisiz sohbet i\u00e7in reklamlar\u0131n kald\u0131r\u0131lmas\u0131.<\/li>\n<li><strong>\u00d6zel Sanal Maskeler<\/strong>: Daha geni\u015f bir maske yelpazesine eri\u015fim.<\/li>\n<li><strong>Yeniden Ba\u011flant\u0131 \u00d6zelli\u011fi<\/strong>: \u00d6nceki kullan\u0131c\u0131larla yeniden ba\u011flant\u0131 kurma se\u00e7ene\u011fi.<\/li>\n<\/ul>\n<h3>Abonelik Planlar\u0131<\/h3>\n<p>Shagle Plus esnek abonelik se\u00e7enekleri sunar:<\/p>\n<ul>\n<li><strong>Haftal\u0131k Plan<\/strong>: K\u0131sa s\u00fcreli kullan\u0131m veya deneme i\u00e7in idealdir.<\/li>\n<li><strong>Ayl\u0131k Plan<\/strong>: D\u00fczenli kullan\u0131c\u0131lar i\u00e7in uygun maliyetli.<\/li>\n<li><strong>Y\u0131ll\u0131k Plan<\/strong>: Uzun vadeli taahh\u00fctler i\u00e7in \u00f6nemli tasarruflar sa\u011flar.<\/li>\n<\/ul>\n<p>Fiyatland\u0131rma rekabet\u00e7idir ve premium \u00f6zelliklerin sa\u011flad\u0131\u011f\u0131 ek de\u011feri yans\u0131t\u0131r.<\/p>\n<h2>Art\u0131lar\u0131 ve Eksileri<\/h2>\n<h3>Art\u0131lar\u0131<\/h3>\n<ul>\n<li><strong>Kullan\u0131c\u0131 Dostu Aray\u00fcz<\/strong>: Basit ve sezgisel tasar\u0131m kullan\u0131labilirli\u011fi art\u0131r\u0131r.<\/li>\n<li><strong>K\u00fcresel Kullan\u0131c\u0131 Taban\u0131<\/strong>: D\u00fcnyan\u0131n her yerinden insanlarla ba\u011flant\u0131 kurun.<\/li>\n<li><strong>Zorunlu Kay\u0131t Yok<\/strong>: Kay\u0131t olmadan temel \u00f6zelliklere an\u0131nda eri\u015fim.<\/li>\n<li><strong>Esnek Filtreler<\/strong>: Cinsiyet ve konum filtreleri deneyimi ki\u015fiselle\u015ftirir.<\/li>\n<li><strong>Anonimlik Se\u00e7enekleri<\/strong>: Sanal maskeler gizlilik ve e\u011flence sa\u011flar.<\/li>\n<\/ul>\n<h3>Eksiler<\/h3>\n<ul>\n<li><strong>S\u0131n\u0131rl\u0131 \u00dccretsiz Filtreler<\/strong>: Geli\u015fmi\u015f filtreler premium abonelerle s\u0131n\u0131rl\u0131d\u0131r.<\/li>\n<li><strong>Reklamlar<\/strong>: \u00dccretsiz s\u00fcr\u00fcm, deneyimi kesintiye u\u011fratabilecek reklamlar i\u00e7erir.<\/li>\n<li><strong>Uygunsuz \u0130\u00e7erik Potansiyeli<\/strong>: Kullan\u0131c\u0131lar, moderasyon \u00e7abalar\u0131na ra\u011fmen uygunsuz davran\u0131\u015flarla kar\u015f\u0131la\u015fabilir.<\/li>\n<li><strong>\u00d6zel Mobil Uygulama Yok<\/strong>: Mobil uygulaman\u0131n olmamas\u0131 baz\u0131 kullan\u0131c\u0131lar i\u00e7in kolayl\u0131\u011f\u0131 etkileyebilir.<\/li>\n<\/ul>\n<h2>Kullan\u0131c\u0131 G\u00fcvenli\u011fi ve Gizlilik<\/h2>\n<h3>Moderasyon Politikalar\u0131<\/h3>\n<p>Shagle g\u00fcvenli bir ortam sa\u011flamay\u0131 taahh\u00fct eder:<\/p>\n<ul>\n<li><strong>Otomatik Moderasyon<\/strong>: Uygunsuz i\u00e7eri\u011fi tespit etmek ve engellemek i\u00e7in teknolojiyi kullan\u0131r.<\/li>\n<li><strong>Kullan\u0131c\u0131 Raporlama<\/strong>: Kullan\u0131c\u0131lar\u0131n suistimal veya ihlalleri bildirmesine olanak tan\u0131r.<\/li>\n<li><strong>Topluluk Kurallar\u0131<\/strong>: Sayg\u0131l\u0131 etkile\u015fimleri te\u015fvik etmek i\u00e7in a\u00e7\u0131k kurallar belirlenmi\u015ftir.<\/li>\n<\/ul>\n<h3>Gizlilik \u00d6nlemleri<\/h3>\n<ul>\n<li><strong>Veri Koruma<\/strong>: Gizlilik yasalar\u0131na uygunluk, kullan\u0131c\u0131 verilerinin g\u00fcvende olmas\u0131n\u0131 sa\u011flar.<\/li>\n<li><strong>Anonim Kullan\u0131m<\/strong>: Kullan\u0131c\u0131lar ki\u015fisel bilgilerini vermeden sohbet edebilirler.<\/li>\n<li><strong>Kontrol \u00d6zellikleri<\/strong>: Di\u011fer kullan\u0131c\u0131lar\u0131n ba\u011flant\u0131s\u0131n\u0131 kesebilme, engelleyebilme veya raporlayabilme.<\/li>\n<\/ul>\n<h3>Kullan\u0131c\u0131lar i\u00e7in G\u00fcvenlik \u0130pu\u00e7lar\u0131<\/h3>\n<ul>\n<li><strong>Ki\u015fisel Bilgileri Koruyun<\/strong>: Hassas ayr\u0131nt\u0131lar\u0131 payla\u015fmaktan ka\u00e7\u0131n\u0131n.<\/li>\n<li><strong>Filtreleri Ak\u0131ll\u0131ca Kullan\u0131n<\/strong>: Ba\u011flant\u0131lar\u0131 tercih edilen demografik \u00f6zelliklere g\u00f6re uyarlay\u0131n.<\/li>\n<li><strong>Temkinli Olun<\/strong>: \u0130\u00e7g\u00fcd\u00fclerinize g\u00fcvenin ve rahats\u0131z edici durumlardan uzak durun.<\/li>\n<li><strong>\u0130hlalleri Bildirin<\/strong>: Sorunlar\u0131 bildirerek g\u00fcvenli bir toplulu\u011fun korunmas\u0131na yard\u0131mc\u0131 olun.<\/li>\n<\/ul>\n<h2>Rakiplerle Kar\u015f\u0131la\u015ft\u0131rma<\/h2>\n<h3>Shagle vs. Omegle<\/h3>\n<ul>\n<li><strong>\u00d6zellikler<\/strong>: Shagle cinsiyet ve konum filtreleri sunarken <a href=\"https:\/\/strangercam.com\/tr\/omegle\/\">Omegle<\/a> s\u0131n\u0131rl\u0131 filtreleme se\u00e7eneklerine sahiptir.<\/li>\n<li><strong>Kullan\u0131c\u0131 Aray\u00fcz\u00fc<\/strong>: Shagle'\u0131n aray\u00fcz\u00fc daha modern ve kullan\u0131c\u0131 dostu.<\/li>\n<li><strong>Anonimlik Se\u00e7enekleri<\/strong>: Her iki platform da anonim sohbete izin verir, ancak Shagle sanal maskeler sa\u011flar.<\/li>\n<\/ul>\n<h3>Shagle vs. Chatroulette<\/h3>\n<ul>\n<li><strong>Moderasyon<\/strong>: Shagle, uygunsuz i\u00e7eri\u011fi azaltmak i\u00e7in daha kat\u0131 moderasyon politikalar\u0131 uygulamaktad\u0131r.<\/li>\n<li><strong>Filtreler<\/strong>: Shagle daha geli\u015fmi\u015f filtreleme se\u00e7enekleri sunar.<\/li>\n<li><strong>Ek \u00d6zellikler<\/strong>: Sanal maskeler ve yaz\u0131l\u0131 sohbet se\u00e7enekleri Shagle'a avantaj sa\u011fl\u0131yor.<\/li>\n<\/ul>\n<h3>Shagle vs. Chatrandom<\/h3>\n<ul>\n<li><strong>Kullan\u0131c\u0131 Taban\u0131<\/strong>: Her ikisi de b\u00fcy\u00fck k\u00fcresel topluluklara sahiptir.<\/li>\n<li><strong>\u00d6zellikler<\/strong>: Chatrandom birden fazla sohbet modu sunarken, Shagle bire bir deneyimi geli\u015ftirmeye odaklan\u0131r.<\/li>\n<li><strong>Premium Se\u00e7enekler<\/strong>: Her ikisi de benzer avantajlara sahip premium abonelikler sunar.<\/li>\n<\/ul>\n<h2>Sonu\u00e7<\/h2>\n<p>Shagle, rastgele g\u00f6r\u00fcnt\u00fcl\u00fc sohbetler yoluyla ba\u015fkalar\u0131yla ba\u011flant\u0131 kurmak isteyen bireyler i\u00e7in ilgi \u00e7ekici bir platform sunuyor. Cinsiyet ve konum filtreleri, sanal maskeler ve kullan\u0131c\u0131 dostu bir aray\u00fcz gibi \u00f6zelliklerle kullan\u0131c\u0131 deneyimine verdi\u011fi \u00f6nem, onu pazarda \u00f6ne \u00e7\u0131kan bir se\u00e7enek haline getiriyor. \u00dccretsiz \u00f6zelliklerin geni\u015fletilmesi ve \u00f6zel bir mobil uygulama geli\u015ftirilmesi gibi iyile\u015ftirilmesi gereken alanlar olsa da Shagle, k\u00fcresel ba\u011flant\u0131lar\u0131 ve k\u00fclt\u00fcrel al\u0131\u015fveri\u015fleri etkili bir \u015fekilde kolayla\u015ft\u0131r\u0131yor. Spontane etkile\u015fimler ve d\u00fcnyan\u0131n farkl\u0131 yerlerinden insanlarla tan\u0131\u015fma f\u0131rsat\u0131 arayan kullan\u0131c\u0131lar Shagle'\u0131 de\u011ferli bir kaynak olarak bulacakt\u0131r.<\/p>","protected":false},"excerpt":{"rendered":"<p>In an increasingly connected world, the desire to meet new people and experience different cultures has grown significantly. Shagle addresses this need by providing a platform that connects users through random video chats globally. Offering features like gender and location filters, virtual masks, and a user-friendly interface, Shagle facilitates spontaneous interactions and cultural exchanges in [&hellip;]<\/p>\n","protected":false},"author":7,"featured_media":0,"parent":0,"menu_order":0,"comment_status":"closed","ping_status":"closed","template":"","meta":{"footnotes":""},"class_list":["post-12559","page","type-page","status-publish","hentry"],"yoast_head":"<!-- This site is optimized with the Yoast SEO plugin v26.9 - https:\/\/yoast.com\/product\/yoast-seo-wordpress\/ -->\n<title>Shagle - Alternatives &amp; Reviews of Chat Sites - StrangerCam<\/title>\n<meta name=\"description\" content=\"Discover the best Video Chat Sites, complete with ratings and reviews. Enjoy free cam chats that let you meet new people.\" \/>\n<meta name=\"robots\" content=\"index, follow, max-snippet:-1, max-image-preview:large, max-video-preview:-1\" \/>\n<link rel=\"canonical\" href=\"https:\/\/strangercam.com\/tr\/shagle\/\" \/>\n<meta property=\"og:locale\" content=\"tr_TR\" \/>\n<meta property=\"og:type\" content=\"article\" \/>\n<meta property=\"og:title\" content=\"Shagle - Alternatives &amp; Reviews of Chat Sites - StrangerCam\" \/>\n<meta property=\"og:description\" content=\"Discover the best Video Chat Sites, complete with ratings and reviews. Enjoy free cam chats that let you meet new people.\" \/>\n<meta property=\"og:url\" content=\"https:\/\/strangercam.com\/tr\/shagle\/\" \/>\n<meta property=\"og:site_name\" content=\"Strangercam\" \/>\n<meta property=\"article:publisher\" content=\"https:\/\/www.facebook.com\/strangercam\" \/>\n<meta property=\"article:modified_time\" content=\"2025-06-16T11:32:29+00:00\" \/>\n<meta property=\"og:image\" content=\"https:\/\/strangercam.com\/wp-content\/uploads\/2021\/10\/Untitled-2.png\" \/>\n\t<meta property=\"og:image:width\" content=\"800\" \/>\n\t<meta property=\"og:image:height\" content=\"532\" \/>\n\t<meta property=\"og:image:type\" content=\"image\/png\" \/>\n<meta name=\"twitter:card\" content=\"summary_large_image\" \/>\n<meta name=\"twitter:site\" content=\"@strangercamapp\" \/>\n<meta name=\"twitter:label1\" content=\"Tahmini okuma s\u00fcresi\" \/>\n\t<meta name=\"twitter:data1\" content=\"5 dakika\" \/>\n<script type=\"application\/ld+json\" class=\"yoast-schema-graph\">{\"@context\":\"https:\/\/schema.org\",\"@graph\":[{\"@type\":\"WebPage\",\"@id\":\"https:\/\/strangercam.com\/shagle\/\",\"url\":\"https:\/\/strangercam.com\/shagle\/\",\"name\":\"Shagle - Alternatives & Reviews of Chat Sites - StrangerCam\",\"isPartOf\":{\"@id\":\"https:\/\/strangercam.com\/#website\"},\"datePublished\":\"2024-09-30T12:05:14+00:00\",\"dateModified\":\"2025-06-16T11:32:29+00:00\",\"description\":\"Discover the best Video Chat Sites, complete with ratings and reviews. Enjoy free cam chats that let you meet new people.\",\"breadcrumb\":{\"@id\":\"https:\/\/strangercam.com\/shagle\/#breadcrumb\"},\"inLanguage\":\"tr\",\"potentialAction\":[{\"@type\":\"ReadAction\",\"target\":[\"https:\/\/strangercam.com\/shagle\/\"]}]},{\"@type\":\"BreadcrumbList\",\"@id\":\"https:\/\/strangercam.com\/shagle\/#breadcrumb\",\"itemListElement\":[{\"@type\":\"ListItem\",\"position\":1,\"name\":\"Home\",\"item\":\"https:\/\/strangercam.com\/\"},{\"@type\":\"ListItem\",\"position\":2,\"name\":\"Shagle\"}]},{\"@type\":\"WebSite\",\"@id\":\"https:\/\/strangercam.com\/#website\",\"url\":\"https:\/\/strangercam.com\/\",\"name\":\"Strangercam\",\"description\":\"Random Video Chat with Strangers\",\"publisher\":{\"@id\":\"https:\/\/strangercam.com\/#organization\"},\"alternateName\":\"Strangercam.com\",\"potentialAction\":[{\"@type\":\"SearchAction\",\"target\":{\"@type\":\"EntryPoint\",\"urlTemplate\":\"https:\/\/strangercam.com\/?s={search_term_string}\"},\"query-input\":{\"@type\":\"PropertyValueSpecification\",\"valueRequired\":true,\"valueName\":\"search_term_string\"}}],\"inLanguage\":\"tr\"},{\"@type\":\"Organization\",\"@id\":\"https:\/\/strangercam.com\/#organization\",\"name\":\"Strangercam\",\"alternateName\":\"Strangercam.com\",\"url\":\"https:\/\/strangercam.com\/\",\"logo\":{\"@type\":\"ImageObject\",\"inLanguage\":\"tr\",\"@id\":\"https:\/\/strangercam.com\/#\/schema\/logo\/image\/\",\"url\":\"https:\/\/strangercam.com\/wp-content\/uploads\/2020\/11\/cropped-new-favicon-black.png\",\"contentUrl\":\"https:\/\/strangercam.com\/wp-content\/uploads\/2020\/11\/cropped-new-favicon-black.png\",\"width\":512,\"height\":512,\"caption\":\"Strangercam\"},\"image\":{\"@id\":\"https:\/\/strangercam.com\/#\/schema\/logo\/image\/\"},\"sameAs\":[\"https:\/\/www.facebook.com\/strangercam\",\"https:\/\/x.com\/strangercamapp\"]}]}<\/script>\n<!-- \/ Yoast SEO plugin. -->","yoast_head_json":{"title":"Shagle - Sohbet Sitelerinin Alternatifleri ve \u0130ncelemeleri - StrangerCam","description":"Derecelendirmeler ve incelemelerle birlikte en iyi G\u00f6r\u00fcnt\u00fcl\u00fc Sohbet Sitelerini ke\u015ffedin. Yeni insanlarla tan\u0131\u015fman\u0131z\u0131 sa\u011flayan \u00fccretsiz kameral\u0131 sohbetlerin keyfini \u00e7\u0131kar\u0131n.","robots":{"index":"index","follow":"follow","max-snippet":"max-snippet:-1","max-image-preview":"max-image-preview:large","max-video-preview":"max-video-preview:-1"},"canonical":"https:\/\/strangercam.com\/tr\/shagle\/","og_locale":"tr_TR","og_type":"article","og_title":"Shagle - Alternatives & Reviews of Chat Sites - StrangerCam","og_description":"Discover the best Video Chat Sites, complete with ratings and reviews. Enjoy free cam chats that let you meet new people.","og_url":"https:\/\/strangercam.com\/tr\/shagle\/","og_site_name":"Strangercam","article_publisher":"https:\/\/www.facebook.com\/strangercam","article_modified_time":"2025-06-16T11:32:29+00:00","og_image":[{"width":800,"height":532,"url":"https:\/\/strangercam.com\/wp-content\/uploads\/2021\/10\/Untitled-2.png","type":"image\/png"}],"twitter_card":"summary_large_image","twitter_site":"@strangercamapp","twitter_misc":{"Tahmini okuma s\u00fcresi":"5 dakika"},"schema":{"@context":"https:\/\/schema.org","@graph":[{"@type":"WebPage","@id":"https:\/\/strangercam.com\/shagle\/","url":"https:\/\/strangercam.com\/shagle\/","name":"Shagle - Sohbet Sitelerinin Alternatifleri ve \u0130ncelemeleri - StrangerCam","isPartOf":{"@id":"https:\/\/strangercam.com\/#website"},"datePublished":"2024-09-30T12:05:14+00:00","dateModified":"2025-06-16T11:32:29+00:00","description":"Derecelendirmeler ve incelemelerle birlikte en iyi G\u00f6r\u00fcnt\u00fcl\u00fc Sohbet Sitelerini ke\u015ffedin. Yeni insanlarla tan\u0131\u015fman\u0131z\u0131 sa\u011flayan \u00fccretsiz kameral\u0131 sohbetlerin keyfini \u00e7\u0131kar\u0131n.","breadcrumb":{"@id":"https:\/\/strangercam.com\/shagle\/#breadcrumb"},"inLanguage":"tr","potentialAction":[{"@type":"ReadAction","target":["https:\/\/strangercam.com\/shagle\/"]}]},{"@type":"BreadcrumbList","@id":"https:\/\/strangercam.com\/shagle\/#breadcrumb","itemListElement":[{"@type":"ListItem","position":1,"name":"Home","item":"https:\/\/strangercam.com\/"},{"@type":"ListItem","position":2,"name":"Shagle"}]},{"@type":"WebSite","@id":"https:\/\/strangercam.com\/#website","url":"https:\/\/strangercam.com\/","name":"Strangercam","description":"Yabanc\u0131larla Rastgele G\u00f6r\u00fcnt\u00fcl\u00fc Sohbet","publisher":{"@id":"https:\/\/strangercam.com\/#organization"},"alternateName":"Strangercam.com","potentialAction":[{"@type":"SearchAction","target":{"@type":"EntryPoint","urlTemplate":"https:\/\/strangercam.com\/?s={search_term_string}"},"query-input":{"@type":"PropertyValueSpecification","valueRequired":true,"valueName":"search_term_string"}}],"inLanguage":"tr"},{"@type":"Organization","@id":"https:\/\/strangercam.com\/#organization","name":"Strangercam","alternateName":"Strangercam.com","url":"https:\/\/strangercam.com\/","logo":{"@type":"ImageObject","inLanguage":"tr","@id":"https:\/\/strangercam.com\/#\/schema\/logo\/image\/","url":"https:\/\/strangercam.com\/wp-content\/uploads\/2020\/11\/cropped-new-favicon-black.png","contentUrl":"https:\/\/strangercam.com\/wp-content\/uploads\/2020\/11\/cropped-new-favicon-black.png","width":512,"height":512,"caption":"Strangercam"},"image":{"@id":"https:\/\/strangercam.com\/#\/schema\/logo\/image\/"},"sameAs":["https:\/\/www.facebook.com\/strangercam","https:\/\/x.com\/strangercamapp"]}]}},"_links":{"self":[{"href":"https:\/\/strangercam.com\/tr\/wp-json\/wp\/v2\/pages\/12559","targetHints":{"allow":["GET"]}}],"collection":[{"href":"https:\/\/strangercam.com\/tr\/wp-json\/wp\/v2\/pages"}],"about":[{"href":"https:\/\/strangercam.com\/tr\/wp-json\/wp\/v2\/types\/page"}],"author":[{"embeddable":true,"href":"https:\/\/strangercam.com\/tr\/wp-json\/wp\/v2\/users\/7"}],"replies":[{"embeddable":true,"href":"https:\/\/strangercam.com\/tr\/wp-json\/wp\/v2\/comments?post=12559"}],"version-history":[{"count":1,"href":"https:\/\/strangercam.com\/tr\/wp-json\/wp\/v2\/pages\/12559\/revisions"}],"predecessor-version":[{"id":12870,"href":"https:\/\/strangercam.com\/tr\/wp-json\/wp\/v2\/pages\/12559\/revisions\/12870"}],"wp:attachment":[{"href":"https:\/\/strangercam.com\/tr\/wp-json\/wp\/v2\/media?parent=12559"}],"curies":[{"name":"wp","href":"https:\/\/api.w.org\/{rel}","templated":true}]}}