{"id":12545,"date":"2024-09-30T13:39:58","date_gmt":"2024-09-30T11:39:58","guid":{"rendered":"https:\/\/strangercam.com\/?page_id=12545"},"modified":"2025-06-16T13:30:39","modified_gmt":"2025-06-16T11:30:39","slug":"flingster","status":"publish","type":"page","link":"https:\/\/strangercam.com\/tr\/flingster\/","title":{"rendered":"Flingster"},"content":{"rendered":"<p>Flingster, h\u0131zla geli\u015fen \u00e7evrimi\u00e7i bulu\u015fma ve g\u00fcndelik kar\u015f\u0131la\u015fmalar ortam\u0131nda, anonimli\u011fi ve basitli\u011fi vurgulayan bir platform olarak ortaya \u00e7\u0131k\u0131yor. Spontane ba\u011flant\u0131lar arayan yeti\u015fkinlere hitap eden Flingster, kullan\u0131c\u0131lar\u0131n an\u0131nda <a href=\"https:\/\/strangercam.com\/tr\/rabbit-video-chat\/\">Video<\/a> ve d\u00fcnya \u00e7ap\u0131nda yabanc\u0131larla yaz\u0131l\u0131 sohbetler. Bu inceleme Flingster'nin \u00f6zellikleri, kullan\u0131c\u0131 deneyimi, fiyatland\u0131rma se\u00e7enekleri, g\u00fcvenlik \u00f6nlemleri ve rakiplerine g\u00f6re konumunun kapsaml\u0131 bir analizini sunmaktad\u0131r.<\/p>\n<h2>Flingster'a Genel Bak\u0131\u015f<\/h2>\n<p>\u00c7evrimi\u00e7i etkile\u015fimleri kolayla\u015ft\u0131rmak i\u00e7in ba\u015flat\u0131lan Flingster, g\u00fcndelik ve anonim etkile\u015fimlerle ilgilenenler i\u00e7in basit bir yakla\u015f\u0131m sunuyor. Platform, ayr\u0131nt\u0131l\u0131 profillere ve uzun kay\u0131t s\u00fcre\u00e7lerine olan ihtiyac\u0131 ortadan kald\u0131rarak gizlili\u011fe ve an\u0131ndal\u0131\u011fa de\u011fer veren kullan\u0131c\u0131lara hitap ediyor. Kullan\u0131c\u0131 dostu tasar\u0131m ve temel \u00f6zelliklere odaklanan Flingster, gereksiz karma\u015f\u0131kl\u0131klar olmadan ba\u011flant\u0131lar\u0131 kolayla\u015ft\u0131r\u0131r.<\/p>\n<h2>Temel \u00d6zellikler<\/h2>\n<h3>Anonim Sohbet<\/h3>\n<p>Flingster, kullan\u0131c\u0131 anonimli\u011fine \u00f6ncelik vererek bireylerin ki\u015fisel bilgilerini if\u015fa etmeden ba\u011flant\u0131 kurmas\u0131na olanak tan\u0131r. Bu \u00f6zellik a\u00e7\u0131k ileti\u015fimi te\u015fvik eder ve gizlili\u011fi tercih eden kullan\u0131c\u0131lar i\u00e7in rahat bir ortam sa\u011flar.<\/p>\n<h3>An\u0131nda E\u015fle\u015ftirme<\/h3>\n<p>Platform, kullan\u0131c\u0131lar\u0131n tek bir t\u0131klamayla sohbet ba\u015flatmas\u0131n\u0131 sa\u011flayan rastgele bir e\u015fle\u015ftirme sistemi kullan\u0131yor. Bu an\u0131ndal\u0131k, bekleme s\u00fcrelerini ortadan kald\u0131r\u0131r ve etkile\u015fimlerin kendili\u011findenli\u011fini art\u0131r\u0131r.<\/p>\n<h3>Cinsiyet Filtreleri<\/h3>\n<p>Kullan\u0131c\u0131 deneyimini uyarlamak i\u00e7in Flingster cinsiyet filtreleri sunar. Kullan\u0131c\u0131lar, ilgi alanlar\u0131na uyan bireylerle ba\u011flant\u0131 kurmak i\u00e7in tercihleri se\u00e7ebilir ve e\u015fle\u015fmelerin alaka d\u00fczeyini art\u0131rabilir.<\/p>\n<h3>Sanal Maskeler<\/h3>\n<p>Flingster, g\u00f6r\u00fcnt\u00fcl\u00fc sohbetler s\u0131ras\u0131nda sanal y\u00fcz maskeleri sunarak bir gizlilik ve e\u011flence katman\u0131 ekliyor. Bu \u00f6zellik, kullan\u0131c\u0131lar\u0131n kimliklerini g\u00f6rsel olarak gizlemelerine olanak tan\u0131yarak anonimlik konusunda endi\u015fe duyanlar i\u00e7in etkile\u015fimleri daha rahat hale getiriyor.<\/p>\n<h3>\u00c7eviri Hizmetleri<\/h3>\n<p>Dil engellerini ortadan kald\u0131ran Flingster, ger\u00e7ek zamanl\u0131 \u00e7eviri hizmetlerini b\u00fcnyesinde bar\u0131nd\u0131r\u0131yor. Kullan\u0131c\u0131lar, farkl\u0131 dil ge\u00e7mi\u015flerine sahip bireylerle sorunsuz bir \u015fekilde ileti\u015fim kurabilir ve potansiyel ba\u011flant\u0131lar\u0131n kapsam\u0131n\u0131 geni\u015fletebilir.<\/p>\n<h2>Kullan\u0131c\u0131 Deneyimi<\/h2>\n<h3>Aray\u00fcz ve Tasar\u0131m<\/h3>\n<p>Platform, i\u015flevselli\u011fe odaklanan minimalist ve sezgisel bir aray\u00fcze sahiptir. Temel \u00f6zelliklere kolayca eri\u015filebilir ve sade tasar\u0131m, kullan\u0131c\u0131lar\u0131n ilk ziyaretlerinde bile kafa kar\u0131\u015f\u0131kl\u0131\u011f\u0131 ya\u015famadan sitede gezinebilmelerini sa\u011flar.<\/p>\n<h3>Kay\u0131t S\u00fcreci<\/h3>\n<p>Flingster, temel kullan\u0131m i\u00e7in minimum kay\u0131t gerektirerek veya hi\u00e7 kay\u0131t gerektirmeyerek kat\u0131l\u0131m s\u00fcrecini basitle\u015ftirir. Kullan\u0131c\u0131lar hemen sohbet etmeye ba\u015flayabilir, bu da eri\u015filebilirli\u011fi art\u0131r\u0131r ve ki\u015fisel bilgilerini payla\u015fmak istemeyenlere hitap eder.<\/p>\n<h3>Mobil Eri\u015filebilirlik<\/h3>\n<p>Flingster \u00f6zel bir mobil uygulama sunmazken, web sitesi mobil taray\u0131c\u0131lar i\u00e7in optimize edilmi\u015ftir. Kullan\u0131c\u0131lar t\u00fcm i\u015flevlere ak\u0131ll\u0131 telefonlardan ve tabletlerden eri\u015febilir ve b\u00f6ylece kullan\u0131c\u0131 deneyiminden \u00f6d\u00fcn vermeden hareket halindeyken ba\u011flant\u0131 kurabilirler.<\/p>\n<h2>Fiyatland\u0131rma ve Abonelik Se\u00e7enekleri<\/h2>\n<h3>\u00dccretsiz \u00d6zellikler<\/h3>\n<ul>\n<li><strong>Anonim G\u00f6r\u00fcnt\u00fcl\u00fc ve Yaz\u0131l\u0131 Sohbetler<\/strong>: Kullan\u0131c\u0131lar herhangi bir \u00fccret \u00f6demeden konu\u015fmalara kat\u0131labilir.<\/li>\n<li><strong>Temel Cinsiyet Filtreleri<\/strong>: Temel cinsiyet tercihi ayarlar\u0131na eri\u015fim.<\/li>\n<li><strong>Sanal Maskeler<\/strong>: Daha fazla gizlilik i\u00e7in g\u00f6r\u00fcnt\u00fcl\u00fc sohbetler s\u0131ras\u0131nda y\u00fcz maskeleri kullanabilme.<\/li>\n<\/ul>\n<h3>Flingster Premium Avantajlar\u0131<\/h3>\n<p>Geli\u015fmi\u015f bir deneyim arayan kullan\u0131c\u0131lar i\u00e7in Flingster Premium ek \u00f6zellikler sunar:<\/p>\n<ul>\n<li><strong>Geli\u015fmi\u015f Cinsiyet Filtreleri<\/strong>: Tercih edilen kullan\u0131c\u0131larla ba\u011flant\u0131 kurmak i\u00e7in daha hassas e\u015fle\u015ftirme se\u00e7enekleri.<\/li>\n<li><strong>Konum Filtreleri<\/strong>: Ba\u011flant\u0131lar i\u00e7in belirli \u00fclkeleri se\u00e7ebilme.<\/li>\n<li><strong>Reklams\u0131z Deneyim<\/strong>: Kesintisiz kullan\u0131m i\u00e7in reklamlar\u0131n kald\u0131r\u0131lmas\u0131.<\/li>\n<li><strong>\u00d6ncelikli M\u00fc\u015fteri Deste\u011fi<\/strong>: Herhangi bir soru veya sorun i\u00e7in destek ekibinden daha h\u0131zl\u0131 yan\u0131t s\u00fcreleri.<\/li>\n<\/ul>\n<h3>Abonelik Planlar\u0131<\/h3>\n<p>Flingster, farkl\u0131 kullan\u0131c\u0131 ihtiya\u00e7lar\u0131n\u0131 kar\u015f\u0131lamak i\u00e7in esnek premium abonelik planlar\u0131 sunar:<\/p>\n<ul>\n<li><strong>Haftal\u0131k Abonelik<\/strong>: Premium \u00f6zelliklere k\u0131sa s\u00fcreli eri\u015fimle ilgilenen kullan\u0131c\u0131lar i\u00e7in uygundur.<\/li>\n<li><strong>Ayl\u0131k Abonelik<\/strong>: D\u00fczenli kullan\u0131c\u0131lar i\u00e7in uygun maliyetli bir se\u00e7enek.<\/li>\n<li><strong>\u00dc\u00e7 Ayl\u0131k Abonelik<\/strong>: Daha uzun s\u00fcreler taahh\u00fct eden kullan\u0131c\u0131lar i\u00e7in tasarruf sa\u011flar.<\/li>\n<\/ul>\n<p>Fiyatland\u0131rma sekt\u00f6r i\u00e7inde rekabet\u00e7idir ve premium \u00f6zelliklerin katt\u0131\u011f\u0131 de\u011feri yans\u0131tmaktad\u0131r.<\/p>\n<h2>Art\u0131lar\u0131 ve Eksileri<\/h2>\n<h3>Art\u0131lar\u0131<\/h3>\n<ul>\n<li><strong>Kullan\u0131m Kolayl\u0131\u011f\u0131<\/strong>: Platformun basit tasar\u0131m\u0131, kay\u0131t engeli olmadan an\u0131nda eri\u015fim sa\u011flar.<\/li>\n<li><strong>Anonimlik<\/strong>: Kullan\u0131c\u0131 gizlili\u011fine yap\u0131lan vurgu, ki\u015fisel bilgileri payla\u015fmadan ba\u011flant\u0131 kurulmas\u0131n\u0131 sa\u011flar.<\/li>\n<li><strong>K\u00fcresel Ba\u011flant\u0131<\/strong>: Kullan\u0131c\u0131lar d\u00fcnyan\u0131n d\u00f6rt bir yan\u0131ndan bireylerle etkile\u015fime girebilir.<\/li>\n<li><strong>Benzersiz \u00d6zellikler<\/strong>: Sanal maskeler ve \u00e7eviri hizmetleri gizlili\u011fi art\u0131r\u0131r ve ileti\u015fim olanaklar\u0131n\u0131 geni\u015fletir.<\/li>\n<\/ul>\n<h3>Eksiler<\/h3>\n<ul>\n<li><strong>S\u0131n\u0131rl\u0131 \u00dccretsiz \u00d6zellikler<\/strong>: Geli\u015fmi\u015f se\u00e7eneklere eri\u015fim i\u00e7in premium abonelik gerekir.<\/li>\n<li><strong>\u00d6zel Mobil Uygulama Yok<\/strong>: Mobil uygulaman\u0131n olmamas\u0131 baz\u0131 kullan\u0131c\u0131lar i\u00e7in kolayl\u0131\u011f\u0131 etkileyebilir.<\/li>\n<li><strong>Moderasyon Zorluklar\u0131<\/strong>: S\u0131n\u0131rl\u0131 i\u00e7erik denetimi nedeniyle uygunsuz i\u00e7eri\u011fe maruz kalma potansiyeli.<\/li>\n<li><strong>Gizlilikle \u0130lgili Hususlar<\/strong>: Kullan\u0131c\u0131lar\u0131n etkile\u015fimler s\u0131ras\u0131nda ki\u015fisel bilgilerini korumak i\u00e7in dikkatli olmalar\u0131 gerekir.<\/li>\n<\/ul>\n<h2>Kullan\u0131c\u0131 G\u00fcvenli\u011fi ve Gizlilik<\/h2>\n<h3>Moderasyon Politikalar\u0131<\/h3>\n<p>Flingster, sayg\u0131l\u0131 bir ortam\u0131 s\u00fcrd\u00fcrmek i\u00e7in moderasyon \u00e7abalar\u0131 uygular. Platform, kullan\u0131c\u0131lar\u0131 topluluk kurallar\u0131na uymaya te\u015fvik ederken, moderasyon k\u0131smen uygunsuz davran\u0131\u015flar\u0131n kullan\u0131c\u0131 raporlar\u0131na dayanmaktad\u0131r.<\/p>\n<h3>Gizlilik \u00d6nlemleri<\/h3>\n<ul>\n<li><strong>Veri Koruma Uyumlulu\u011fu<\/strong>: Veri koruma y\u00f6netmeliklerine ba\u011fl\u0131l\u0131k, kullan\u0131c\u0131 bilgilerinin korunmas\u0131n\u0131 sa\u011flar.<\/li>\n<li><strong>Anonimlik \u00d6zellikleri<\/strong>: Sanal maskeler ve zorunlu ki\u015fisel bilgilerin olmamas\u0131 gibi se\u00e7enekler kullan\u0131c\u0131 gizlili\u011finin korunmas\u0131na yard\u0131mc\u0131 olur.<\/li>\n<li><strong>Kullan\u0131c\u0131 Kontrolleri<\/strong>: Kullan\u0131c\u0131lar konu\u015fmalar\u0131 sonland\u0131rma ve gerekirse di\u011fer kullan\u0131c\u0131lar\u0131 engelleme veya rapor etme olana\u011f\u0131na sahiptir.<\/li>\n<\/ul>\n<h3>Kullan\u0131c\u0131lar i\u00e7in G\u00fcvenlik \u0130pu\u00e7lar\u0131<\/h3>\n<ul>\n<li><strong>Ki\u015fisel Bilgileri Koruyun<\/strong>: Tam adlar, adresler veya finansal bilgiler gibi hassas bilgileri payla\u015fmaktan ka\u00e7\u0131n\u0131n.<\/li>\n<li><strong>Gizlilik \u00d6zelliklerini Kullan\u0131n<\/strong>: Gizlili\u011fi art\u0131rmak i\u00e7in sanal maskeleri ve anonimlik se\u00e7eneklerini kullan\u0131n.<\/li>\n<li><strong>Temkinli Olun<\/strong>: \u0130\u00e7g\u00fcd\u00fclerinize g\u00fcvenin ve kendinizi rahats\u0131z ya da g\u00fcvensiz hissetti\u011finiz her t\u00fcrl\u00fc etkile\u015fimden uzak durun.<\/li>\n<li><strong>\u0130hlalleri Bildirin<\/strong>: G\u00fcvenli bir toplulu\u011fun s\u00fcrd\u00fcr\u00fclmesine yard\u0131mc\u0131 olmak i\u00e7in herhangi bir uygunsuz davran\u0131\u015f\u0131 platforma bildirin.<\/li>\n<\/ul>\n<h2>Rakiplerle Kar\u015f\u0131la\u015ft\u0131rma<\/h2>\n<h3>Flingster vs. Chatroulette<\/h3>\n<ul>\n<li><strong>Anonimlik Oda\u011f\u0131<\/strong>: Flingster, sanal maskeler gibi \u00f6zelliklerle anonimli\u011fe daha g\u00fc\u00e7l\u00fc bir vurgu yapar.<\/li>\n<li><strong>Ek \u00d6zellikler<\/strong>: K\u00fcresel ileti\u015fimi geli\u015ftiren \u00e7eviri hizmetleri sunar. <a href=\"https:\/\/strangercam.com\/tr\/chatroulette\/\">Chatroulette<\/a> sa\u011flamaz.<\/li>\n<li><strong>Kullan\u0131c\u0131 Taban\u0131<\/strong>: Flingster \u00f6zellikle g\u00fcndelik ba\u011flant\u0131lar arayan yeti\u015fkinlere hitap ederken, Chatroulette daha geni\u015f, daha genel bir kitleye sahiptir.<\/li>\n<\/ul>\n<h3>Flingster vs. Chatrandom<\/h3>\n<ul>\n<li><strong><a href=\"https:\/\/strangercam.com\/tr\/chathub\/\">Sohbet<\/a> Modlar<\/strong>: Chatrandom, grup sohbetleri ve temal\u0131 sohbet odalar\u0131 dahil olmak \u00fczere birden fazla sohbet modu sa\u011flar; Flingster bire bir etkile\u015fimlere odaklan\u0131r.<\/li>\n<li><strong>Aray\u00fcz Tasar\u0131m\u0131<\/strong>: Her iki platform da kullan\u0131c\u0131 dostu aray\u00fczlere \u00f6ncelik veriyor, ancak Flingster daha minimalist bir yakla\u015f\u0131m\u0131 tercih ediyor.<\/li>\n<li><strong>Premium \u00d6zellikler<\/strong>: Flingster'\u0131n premium se\u00e7enekleri anonimli\u011fi ve ki\u015fiselle\u015ftirmeyi art\u0131rmaya y\u00f6nelikken, Chatrandom geli\u015fmi\u015f filtreler ve reklams\u0131z deneyimler gibi \u00f6zellikler sunuyor.<\/li>\n<\/ul>\n<h3>Flingster vs. Omegle<\/h3>\n<ul>\n<li><strong>Kullan\u0131c\u0131 Kayd\u0131<\/strong>: Her iki platform da kullan\u0131c\u0131lar\u0131n kay\u0131t olmadan sohbet etmesine izin verir; ancak Flingster ek gizlilik \u00f6zellikleri sunar.<\/li>\n<li><strong>\u00d6zellik Seti<\/strong>: Flingster, sanal maskeler ve \u00e7eviri hizmetleri i\u00e7erir; bunlar <a href=\"https:\/\/strangercam.com\/tr\/omegle\/\">Omegle<\/a>.<\/li>\n<li><strong>G\u00fcvenlik \u00d6nlemleri<\/strong>: Flingster, kullan\u0131c\u0131lar\u0131n deneyimlerini kontrol etmeleri i\u00e7in engelleme ve raporlama i\u015flevleri gibi daha fazla ara\u00e7 sa\u011flar.<\/li>\n<\/ul>\n<h2>Sonu\u00e7<\/h2>\n<p>Flingster, \u00e7evrimi\u00e7i tan\u0131\u015fma ve g\u00fcndelik kar\u015f\u0131la\u015fmalarda benzersiz bir teklif sunuyor <a href=\"https:\/\/strangercam.com\/tr\/mocospace\/\">uzay<\/a> anonimli\u011fi ve kullan\u0131m kolayl\u0131\u011f\u0131n\u0131 vurgulayarak. Sanal maskeler ve ger\u00e7ek zamanl\u0131 \u00e7eviri hizmetleri gibi \u00f6zellikleri, gizlili\u011fe ve sadeli\u011fe de\u011fer veren kullan\u0131c\u0131lara hitap ederek rakiplerinden ayr\u0131l\u0131yor. Platform, i\u00e7erik denetimi ve \u00f6zel bir mobil uygulama geli\u015ftirme gibi alanlarda geli\u015febilirken, spontane ve gizli ba\u011flant\u0131lar arayan yeti\u015fkinler i\u00e7in de\u011ferli bir hizmet sunuyor. Kullan\u0131c\u0131lar\u0131n platformdaki deneyimlerini geli\u015ftirmek i\u00e7in standart \u00e7evrimi\u00e7i g\u00fcvenlik uygulamalar\u0131n\u0131 kullanmalar\u0131 tavsiye edilir.<\/p>","protected":false},"excerpt":{"rendered":"<p>In the rapidly evolving landscape of online dating and casual encounters, Flingster emerges as a platform that emphasizes anonymity and simplicity. Catering to adults seeking spontaneous connections, Flingster allows users to engage in instant video and text chats with strangers worldwide. This review provides a comprehensive analysis of Flingster&#8217;s features, user experience, pricing options, safety [&hellip;]<\/p>\n","protected":false},"author":7,"featured_media":0,"parent":0,"menu_order":0,"comment_status":"closed","ping_status":"closed","template":"","meta":{"footnotes":""},"class_list":["post-12545","page","type-page","status-publish","hentry"],"yoast_head":"<!-- This site is optimized with the Yoast SEO plugin v26.9 - https:\/\/yoast.com\/product\/yoast-seo-wordpress\/ -->\n<title>Flingster - Alternatives &amp; Reviews of Chat Sites - StrangerCam<\/title>\n<meta name=\"description\" content=\"Discover the best Video Chat Sites, complete with ratings and reviews. Enjoy free cam chats that let you meet new people.\" \/>\n<meta name=\"robots\" content=\"index, follow, max-snippet:-1, max-image-preview:large, max-video-preview:-1\" \/>\n<link rel=\"canonical\" href=\"https:\/\/strangercam.com\/tr\/flingster\/\" \/>\n<meta property=\"og:locale\" content=\"tr_TR\" \/>\n<meta property=\"og:type\" content=\"article\" \/>\n<meta property=\"og:title\" content=\"Flingster - Alternatives &amp; Reviews of Chat Sites - StrangerCam\" \/>\n<meta property=\"og:description\" content=\"Discover the best Video Chat Sites, complete with ratings and reviews. Enjoy free cam chats that let you meet new people.\" \/>\n<meta property=\"og:url\" content=\"https:\/\/strangercam.com\/tr\/flingster\/\" \/>\n<meta property=\"og:site_name\" content=\"Strangercam\" \/>\n<meta property=\"article:publisher\" content=\"https:\/\/www.facebook.com\/strangercam\" \/>\n<meta property=\"article:modified_time\" content=\"2025-06-16T11:30:39+00:00\" \/>\n<meta property=\"og:image\" content=\"https:\/\/strangercam.com\/wp-content\/uploads\/2021\/10\/Untitled-2.png\" \/>\n\t<meta property=\"og:image:width\" content=\"800\" \/>\n\t<meta property=\"og:image:height\" content=\"532\" \/>\n\t<meta property=\"og:image:type\" content=\"image\/png\" \/>\n<meta name=\"twitter:card\" content=\"summary_large_image\" \/>\n<meta name=\"twitter:site\" content=\"@strangercamapp\" \/>\n<meta name=\"twitter:label1\" content=\"Tahmini okuma s\u00fcresi\" \/>\n\t<meta name=\"twitter:data1\" content=\"5 dakika\" \/>\n<script type=\"application\/ld+json\" class=\"yoast-schema-graph\">{\"@context\":\"https:\/\/schema.org\",\"@graph\":[{\"@type\":\"WebPage\",\"@id\":\"https:\/\/strangercam.com\/flingster\/\",\"url\":\"https:\/\/strangercam.com\/flingster\/\",\"name\":\"Flingster - Alternatives & Reviews of Chat Sites - StrangerCam\",\"isPartOf\":{\"@id\":\"https:\/\/strangercam.com\/#website\"},\"datePublished\":\"2024-09-30T11:39:58+00:00\",\"dateModified\":\"2025-06-16T11:30:39+00:00\",\"description\":\"Discover the best Video Chat Sites, complete with ratings and reviews. Enjoy free cam chats that let you meet new people.\",\"breadcrumb\":{\"@id\":\"https:\/\/strangercam.com\/flingster\/#breadcrumb\"},\"inLanguage\":\"tr\",\"potentialAction\":[{\"@type\":\"ReadAction\",\"target\":[\"https:\/\/strangercam.com\/flingster\/\"]}]},{\"@type\":\"BreadcrumbList\",\"@id\":\"https:\/\/strangercam.com\/flingster\/#breadcrumb\",\"itemListElement\":[{\"@type\":\"ListItem\",\"position\":1,\"name\":\"Home\",\"item\":\"https:\/\/strangercam.com\/\"},{\"@type\":\"ListItem\",\"position\":2,\"name\":\"Flingster\"}]},{\"@type\":\"WebSite\",\"@id\":\"https:\/\/strangercam.com\/#website\",\"url\":\"https:\/\/strangercam.com\/\",\"name\":\"Strangercam\",\"description\":\"Random Video Chat with Strangers\",\"publisher\":{\"@id\":\"https:\/\/strangercam.com\/#organization\"},\"alternateName\":\"Strangercam.com\",\"potentialAction\":[{\"@type\":\"SearchAction\",\"target\":{\"@type\":\"EntryPoint\",\"urlTemplate\":\"https:\/\/strangercam.com\/?s={search_term_string}\"},\"query-input\":{\"@type\":\"PropertyValueSpecification\",\"valueRequired\":true,\"valueName\":\"search_term_string\"}}],\"inLanguage\":\"tr\"},{\"@type\":\"Organization\",\"@id\":\"https:\/\/strangercam.com\/#organization\",\"name\":\"Strangercam\",\"alternateName\":\"Strangercam.com\",\"url\":\"https:\/\/strangercam.com\/\",\"logo\":{\"@type\":\"ImageObject\",\"inLanguage\":\"tr\",\"@id\":\"https:\/\/strangercam.com\/#\/schema\/logo\/image\/\",\"url\":\"https:\/\/strangercam.com\/wp-content\/uploads\/2020\/11\/cropped-new-favicon-black.png\",\"contentUrl\":\"https:\/\/strangercam.com\/wp-content\/uploads\/2020\/11\/cropped-new-favicon-black.png\",\"width\":512,\"height\":512,\"caption\":\"Strangercam\"},\"image\":{\"@id\":\"https:\/\/strangercam.com\/#\/schema\/logo\/image\/\"},\"sameAs\":[\"https:\/\/www.facebook.com\/strangercam\",\"https:\/\/x.com\/strangercamapp\"]}]}<\/script>\n<!-- \/ Yoast SEO plugin. -->","yoast_head_json":{"title":"Flingster - Sohbet Sitelerinin Alternatifleri ve \u0130ncelemeleri - StrangerCam","description":"Derecelendirmeler ve incelemelerle birlikte en iyi G\u00f6r\u00fcnt\u00fcl\u00fc Sohbet Sitelerini ke\u015ffedin. Yeni insanlarla tan\u0131\u015fman\u0131z\u0131 sa\u011flayan \u00fccretsiz kameral\u0131 sohbetlerin keyfini \u00e7\u0131kar\u0131n.","robots":{"index":"index","follow":"follow","max-snippet":"max-snippet:-1","max-image-preview":"max-image-preview:large","max-video-preview":"max-video-preview:-1"},"canonical":"https:\/\/strangercam.com\/tr\/flingster\/","og_locale":"tr_TR","og_type":"article","og_title":"Flingster - Alternatives & Reviews of Chat Sites - StrangerCam","og_description":"Discover the best Video Chat Sites, complete with ratings and reviews. Enjoy free cam chats that let you meet new people.","og_url":"https:\/\/strangercam.com\/tr\/flingster\/","og_site_name":"Strangercam","article_publisher":"https:\/\/www.facebook.com\/strangercam","article_modified_time":"2025-06-16T11:30:39+00:00","og_image":[{"width":800,"height":532,"url":"https:\/\/strangercam.com\/wp-content\/uploads\/2021\/10\/Untitled-2.png","type":"image\/png"}],"twitter_card":"summary_large_image","twitter_site":"@strangercamapp","twitter_misc":{"Tahmini okuma s\u00fcresi":"5 dakika"},"schema":{"@context":"https:\/\/schema.org","@graph":[{"@type":"WebPage","@id":"https:\/\/strangercam.com\/flingster\/","url":"https:\/\/strangercam.com\/flingster\/","name":"Flingster - Sohbet Sitelerinin Alternatifleri ve \u0130ncelemeleri - StrangerCam","isPartOf":{"@id":"https:\/\/strangercam.com\/#website"},"datePublished":"2024-09-30T11:39:58+00:00","dateModified":"2025-06-16T11:30:39+00:00","description":"Derecelendirmeler ve incelemelerle birlikte en iyi G\u00f6r\u00fcnt\u00fcl\u00fc Sohbet Sitelerini ke\u015ffedin. Yeni insanlarla tan\u0131\u015fman\u0131z\u0131 sa\u011flayan \u00fccretsiz kameral\u0131 sohbetlerin keyfini \u00e7\u0131kar\u0131n.","breadcrumb":{"@id":"https:\/\/strangercam.com\/flingster\/#breadcrumb"},"inLanguage":"tr","potentialAction":[{"@type":"ReadAction","target":["https:\/\/strangercam.com\/flingster\/"]}]},{"@type":"BreadcrumbList","@id":"https:\/\/strangercam.com\/flingster\/#breadcrumb","itemListElement":[{"@type":"ListItem","position":1,"name":"Home","item":"https:\/\/strangercam.com\/"},{"@type":"ListItem","position":2,"name":"Flingster"}]},{"@type":"WebSite","@id":"https:\/\/strangercam.com\/#website","url":"https:\/\/strangercam.com\/","name":"Strangercam","description":"Yabanc\u0131larla Rastgele G\u00f6r\u00fcnt\u00fcl\u00fc Sohbet","publisher":{"@id":"https:\/\/strangercam.com\/#organization"},"alternateName":"Strangercam.com","potentialAction":[{"@type":"SearchAction","target":{"@type":"EntryPoint","urlTemplate":"https:\/\/strangercam.com\/?s={search_term_string}"},"query-input":{"@type":"PropertyValueSpecification","valueRequired":true,"valueName":"search_term_string"}}],"inLanguage":"tr"},{"@type":"Organization","@id":"https:\/\/strangercam.com\/#organization","name":"Strangercam","alternateName":"Strangercam.com","url":"https:\/\/strangercam.com\/","logo":{"@type":"ImageObject","inLanguage":"tr","@id":"https:\/\/strangercam.com\/#\/schema\/logo\/image\/","url":"https:\/\/strangercam.com\/wp-content\/uploads\/2020\/11\/cropped-new-favicon-black.png","contentUrl":"https:\/\/strangercam.com\/wp-content\/uploads\/2020\/11\/cropped-new-favicon-black.png","width":512,"height":512,"caption":"Strangercam"},"image":{"@id":"https:\/\/strangercam.com\/#\/schema\/logo\/image\/"},"sameAs":["https:\/\/www.facebook.com\/strangercam","https:\/\/x.com\/strangercamapp"]}]}},"_links":{"self":[{"href":"https:\/\/strangercam.com\/tr\/wp-json\/wp\/v2\/pages\/12545","targetHints":{"allow":["GET"]}}],"collection":[{"href":"https:\/\/strangercam.com\/tr\/wp-json\/wp\/v2\/pages"}],"about":[{"href":"https:\/\/strangercam.com\/tr\/wp-json\/wp\/v2\/types\/page"}],"author":[{"embeddable":true,"href":"https:\/\/strangercam.com\/tr\/wp-json\/wp\/v2\/users\/7"}],"replies":[{"embeddable":true,"href":"https:\/\/strangercam.com\/tr\/wp-json\/wp\/v2\/comments?post=12545"}],"version-history":[{"count":1,"href":"https:\/\/strangercam.com\/tr\/wp-json\/wp\/v2\/pages\/12545\/revisions"}],"predecessor-version":[{"id":12868,"href":"https:\/\/strangercam.com\/tr\/wp-json\/wp\/v2\/pages\/12545\/revisions\/12868"}],"wp:attachment":[{"href":"https:\/\/strangercam.com\/tr\/wp-json\/wp\/v2\/media?parent=12545"}],"curies":[{"name":"wp","href":"https:\/\/api.w.org\/{rel}","templated":true}]}}