{"id":12485,"date":"2024-09-30T12:13:20","date_gmt":"2024-09-30T10:13:20","guid":{"rendered":"https:\/\/strangercam.com\/?page_id=12485"},"modified":"2025-06-16T13:29:26","modified_gmt":"2025-06-16T11:29:26","slug":"chatrandom","status":"publish","type":"page","link":"https:\/\/strangercam.com\/tr\/chatrandom\/","title":{"rendered":"Chatrandom"},"content":{"rendered":"<p>Chatrandom, kullan\u0131c\u0131lar\u0131n d\u00fcnya \u00e7ap\u0131nda yabanc\u0131larla rastgele g\u00f6r\u00fcnt\u00fcl\u00fc sohbetler yapmas\u0131n\u0131 sa\u011flayan, yeni insanlarla tan\u0131\u015fmaya ve farkl\u0131 k\u00fclt\u00fcrleri deneyimlemeye y\u00f6nelik artan ilgiye hitap eden bir platformdur. Bu inceleme Chatrandom'un \u00f6zellikleri, kullan\u0131c\u0131 deneyimi, fiyatland\u0131rma se\u00e7enekleri, g\u00fcvenlik \u00f6nlemleri ve rakipleriyle kar\u015f\u0131la\u015ft\u0131r\u0131lmas\u0131 gibi \u00e7e\u015fitli y\u00f6nlerini incelemektedir.<\/p>\n<h2>Chatrandom'a Genel Bak\u0131\u015f<\/h2>\n<p>2011 y\u0131l\u0131nda kurulan Chatrandom, k\u0131sa s\u00fcrede rastgele video alan\u0131nda \u00f6nde gelen bir oyuncu haline geldi <a href=\"https:\/\/strangercam.com\/tr\/chatroulette\/\">sohbet<\/a> platformlar. \u00c7evrimi\u00e7i ortamda spontane ger\u00e7ek hayat etkile\u015fimlerini taklit etmek, co\u011frafi engelleri y\u0131kmak ve insanlar\u0131 bir araya getirmek i\u00e7in yarat\u0131lm\u0131\u015ft\u0131r. D\u00fcnya \u00e7ap\u0131nda milyonlarca kullan\u0131c\u0131s\u0131 olan Chatrandom, bireylerin ba\u011flant\u0131 kurmas\u0131, ileti\u015fim kurmas\u0131 ve farkl\u0131 bak\u0131\u015f a\u00e7\u0131lar\u0131n\u0131 ke\u015ffetmesi i\u00e7in eri\u015filebilir bir yol sa\u011flar.<\/p>\n<h2>Temel \u00d6zellikler<\/h2>\n<h3>Rastgele G\u00f6r\u00fcnt\u00fcl\u00fc Sohbet<\/h3>\n<p>Chatrandom'un temel \u00f6zelli\u011fi Rastgele <a href=\"https:\/\/strangercam.com\/tr\/coomeet\/\">G\u00f6r\u00fcnt\u00fcl\u00fc Sohbet<\/a>, Bu \u00f6zellik, kullan\u0131c\u0131lar\u0131 bire bir g\u00f6r\u00fcnt\u00fcl\u00fc konu\u015fmalar i\u00e7in yabanc\u0131larla e\u015fle\u015ftirir. Bu \u00f6zellik basitlik ve kullan\u0131m kolayl\u0131\u011f\u0131 i\u00e7in tasarlanm\u0131\u015ft\u0131r; kullan\u0131c\u0131lar kay\u0131t olmaya gerek kalmadan tek bir t\u0131klamayla sohbete ba\u015flayabilir.<\/p>\n<h3>Cinsiyet ve Konum Filtreleri<\/h3>\n<p>Ki\u015fiselle\u015ftirmeyi geli\u015ftirmek i\u00e7in Chatrandom, kullan\u0131c\u0131lar\u0131n ba\u011flant\u0131 kurmak istedikleri ki\u015filerin cinsiyetini ve konumunu belirtmelerine olanak tan\u0131yan filtreler sunar. Bu filtreler \u00f6zellikle yeni bir dil prati\u011fi yapmak veya belirli bir b\u00f6lgeden insanlarla ba\u011flant\u0131 kurmak isteyenler i\u00e7in kullan\u0131\u015fl\u0131d\u0131r.<\/p>\n<h3>\u00c7oklu Sohbet Modlar\u0131<\/h3>\n<p>Chatrandom, farkl\u0131 tercihlere hitap etmek i\u00e7in \u00e7e\u015fitli sohbet modlar\u0131 sunar:<\/p>\n<ul>\n<li><strong>Cam4 Sohbet<\/strong>: Ayn\u0131 anda d\u00f6rt kullan\u0131c\u0131ya kadar grup g\u00f6r\u00fcnt\u00fcl\u00fc sohbetlerine olanak tan\u0131yarak daha ortak bir atmosfer yarat\u0131r.<\/li>\n<li><strong>Gay Sohbet<\/strong>: LGBTQ+ toplulu\u011fu i\u00e7in g\u00fcvenli ve s\u0131cak bir ortam sa\u011flayarak e\u015fcinsel erkeklerin ba\u011flant\u0131 kurmas\u0131 i\u00e7in \u00f6zel bir b\u00f6l\u00fcm.<\/li>\n<li><strong>Sohbet Odalar\u0131<\/strong>: Kullan\u0131c\u0131lar\u0131n ortak ilgi alanlar\u0131na veya konulara dayal\u0131 grup tart\u0131\u015fmalar\u0131na kat\u0131labilecekleri temal\u0131 sohbet odalar\u0131.<\/li>\n<li><strong>Metin Sohbeti<\/strong>: Video \u00fczerinden mesajla\u015fmay\u0131 tercih eden kullan\u0131c\u0131lar i\u00e7in web kameras\u0131 olmadan anonim konu\u015fmalara izin veren bir se\u00e7enek.<\/li>\n<\/ul>\n<h3>Mobil Uyumluluk<\/h3>\n<p>Mobilitenin \u00f6neminin fark\u0131nda olan Chatrandom, hem iOS hem de Android cihazlarla uyumlu bir mobil uygulama sunuyor. Uygulama, masa\u00fcst\u00fc s\u00fcr\u00fcm\u00fcn\u00fcn t\u00fcm i\u015flevlerini koruyarak kullan\u0131c\u0131lar\u0131n istedikleri zaman istedikleri yerden ba\u011flanabilmelerini sa\u011fl\u0131yor.<\/p>\n<h3>Dil Deste\u011fi<\/h3>\n<p>Chatrandom birden fazla dili destekleyerek platformu k\u00fcresel bir kitle i\u00e7in eri\u015filebilir k\u0131lmaktad\u0131r. Kullan\u0131c\u0131lar tercih ettikleri dili se\u00e7ebilir, bu da kullan\u0131labilirli\u011fi art\u0131r\u0131r ve platformun cazibesini geni\u015fletir.<\/p>\n<h2>Kullan\u0131c\u0131 Deneyimi<\/h2>\n<h3>Aray\u00fcz ve Tasar\u0131m<\/h3>\n<p>Chatrandom temiz ve sezgisel bir aray\u00fcze sahiptir. D\u00fczen basittir ve temel \u00f6zelliklere ana ekrandan kolayca eri\u015filebilir. Bu basitlik, ilk kez kullananlar\u0131n bile platformda herhangi bir zorluk ya\u015famadan gezinebilmelerini sa\u011flar.<\/p>\n<h3>Kay\u0131t ve Eri\u015filebilirlik<\/h3>\n<p>Platformun g\u00fc\u00e7l\u00fc y\u00f6nlerinden biri de eri\u015filebilirli\u011fidir. Kullan\u0131c\u0131lar kay\u0131t olmadan temel \u00f6zellikleri kullanmaya ba\u015flayarak giri\u015f engellerini ortadan kald\u0131rabilir. Geli\u015fmi\u015f \u00f6zellikler veya ki\u015fiselle\u015ftirme ile ilgilenenler i\u00e7in kay\u0131t s\u00fcreci h\u0131zl\u0131d\u0131r ve minimum bilgi gerektirir.<\/p>\n<h3>Performans ve G\u00fcvenilirlik<\/h3>\n<p>Chatrandom performans i\u00e7in optimize edilmi\u015ftir ve minimum gecikme ile y\u00fcksek kaliteli video ak\u0131\u015f\u0131 sunar. Platformun sunucular\u0131 sa\u011flamd\u0131r ve \u00f6nemli bir kesinti veya performans sorunu olmadan \u00e7ok say\u0131da e\u015fzamanl\u0131 kullan\u0131c\u0131y\u0131 idare edebilir.<\/p>\n<h2>Fiyatland\u0131rma ve Abonelik Se\u00e7enekleri<\/h2>\n<p>Chatrandom'un bir\u00e7ok \u00f6zelli\u011fi \u00fccretsiz olarak kullan\u0131labilirken, platform \u015fu adla bir premium abonelik sunuyor <strong>Chatrandom Plus<\/strong> geli\u015fmi\u015f bir deneyim arayan kullan\u0131c\u0131lar i\u00e7in.<\/p>\n<h3>Chatrandom Plus Avantajlar\u0131<\/h3>\n<ul>\n<li><strong>Geli\u015fmi\u015f Filtreler<\/strong>: Birden fazla \u00fclke se\u00e7me olana\u011f\u0131 da dahil olmak \u00fczere daha spesifik cinsiyet ve konum filtrelerine eri\u015fim.<\/li>\n<li><strong>Reklams\u0131z Deneyim<\/strong>: T\u00fcm reklamlar\u0131 kald\u0131rarak kesintisiz kullan\u0131m sa\u011flar.<\/li>\n<li><strong>VIP Rozeti<\/strong>: Kullan\u0131c\u0131n\u0131n topluluk i\u00e7indeki premium stat\u00fcs\u00fcn\u00fc vurgulayan ay\u0131rt edici bir rozet.<\/li>\n<li><strong>\u00d6ncelikli Destek<\/strong>: M\u00fc\u015fteri destek ekibinden daha h\u0131zl\u0131 yan\u0131t s\u00fcreleri.<\/li>\n<\/ul>\n<h3>Abonelik Planlar\u0131<\/h3>\n<p>Chatrandom Plus esnek abonelik se\u00e7enekleri sunar:<\/p>\n<ul>\n<li><strong>Ayl\u0131k Plan<\/strong>: Uzun vadeli bir taahh\u00fctte bulunmadan premium \u00f6zellikleri denemek isteyen kullan\u0131c\u0131lar i\u00e7in idealdir.<\/li>\n<li><strong>\u00dc\u00e7 Ayl\u0131k Plan<\/strong>: Ayl\u0131k plana k\u0131yasla indirimli bir fiyat sunar.<\/li>\n<li><strong>Y\u0131ll\u0131k Plan<\/strong>: Ayl\u0131k \u00fccret \u00fczerinden \u00f6nemli tasarruflar sa\u011flayarak uzun s\u00fcreli kullan\u0131c\u0131lar i\u00e7in en iyi de\u011feri sunar.<\/li>\n<\/ul>\n<p>Fiyatland\u0131rma rekabet\u00e7idir ve premium \u00f6zelliklerin sa\u011flad\u0131\u011f\u0131 ek de\u011feri yans\u0131t\u0131r.<\/p>\n<h2>Art\u0131lar\u0131 ve Eksileri<\/h2>\n<h3>Art\u0131lar\u0131<\/h3>\n<ul>\n<li><strong>Kullan\u0131c\u0131 Dostu Aray\u00fcz<\/strong>: Basit tasar\u0131m t\u00fcm kullan\u0131c\u0131lar i\u00e7in kullan\u0131m kolayl\u0131\u011f\u0131 sa\u011flar.<\/li>\n<li><strong>Zorunlu Kay\u0131t Yok<\/strong>: Bir hesaba ihtiya\u00e7 duymadan temel \u00f6zelliklere an\u0131nda eri\u015fim.<\/li>\n<li><strong>K\u00fcresel Ba\u011flant\u0131<\/strong>: D\u00fcnya \u00e7ap\u0131ndaki kullan\u0131c\u0131lar\u0131 birbirine ba\u011flayarak k\u00fclt\u00fcrel al\u0131\u015fveri\u015fi ve \u00e7e\u015fitli etkile\u015fimleri te\u015fvik eder.<\/li>\n<li><strong>\u00c7e\u015fitli Sohbet Modlar\u0131<\/strong>: Grup sohbetleri ve metin mesajla\u015fma dahil olmak \u00fczere farkl\u0131 tercihlere hitap eden \u00e7oklu se\u00e7enekler.<\/li>\n<li><strong>Mobil Uygulama Kullan\u0131labilirli\u011fi<\/strong>: Mobil cihazlarda tam i\u015flevsellik eri\u015filebilirli\u011fi art\u0131r\u0131r.<\/li>\n<\/ul>\n<h3>Eksiler<\/h3>\n<ul>\n<li><strong>\u00dccretsiz Kullan\u0131c\u0131lar i\u00e7in S\u0131n\u0131rl\u0131 \u00d6zellikler<\/strong>: Geli\u015fmi\u015f filtreler ve baz\u0131 sohbet modlar\u0131 premium abonelik gerektirir.<\/li>\n<li><strong>Tutars\u0131z Moderasyon<\/strong>: \u00c7abalara ra\u011fmen, baz\u0131 uygunsuz i\u00e7erik veya davran\u0131\u015flar g\u00f6zden ka\u00e7abilir.<\/li>\n<li><strong>\u00dccretsiz S\u00fcr\u00fcmdeki Reklamlar<\/strong>: Reklamlar m\u00fcdahaleci olabilir ve kullan\u0131c\u0131 deneyimini bozabilir.<\/li>\n<li><strong>Potansiyel Gizlilik Endi\u015feleri<\/strong>: T\u00fcm \u00e7evrimi\u00e7i platformlarda oldu\u011fu gibi, kullan\u0131c\u0131lar ki\u015fisel bilgilerini payla\u015fma konusunda dikkatli olmal\u0131d\u0131r.<\/li>\n<\/ul>\n<h2>Kullan\u0131c\u0131 G\u00fcvenli\u011fi ve Gizlilik<\/h2>\n<h3>Moderasyon Politikalar\u0131<\/h3>\n<p>Chatrandom, platformu uygunsuz i\u00e7erik ve davran\u0131\u015flara kar\u015f\u0131 izlemek i\u00e7in bir moderat\u00f6r ekibi ve otomatik sistemler kullan\u0131r. Kullan\u0131c\u0131lar ihlalleri bildirebilir ve g\u00fcvenli bir ortam sa\u011flamak i\u00e7in genellikle h\u0131zl\u0131 bir \u015fekilde harekete ge\u00e7ilir.<\/p>\n<h3>Gizlilik \u00d6nlemleri<\/h3>\n<ul>\n<li><strong>Anonim Sohbet<\/strong>: Kullan\u0131c\u0131lar\u0131n temel \u00f6zellikleri kullanmak i\u00e7in ki\u015fisel bilgi vermeleri gerekmez.<\/li>\n<li><strong>Veri Koruma<\/strong>: Chatrandom gizlilik yasalar\u0131na ve y\u00f6netmeliklerine ba\u011fl\u0131 kalarak kullan\u0131c\u0131 verilerinin korunmas\u0131n\u0131 sa\u011flar.<\/li>\n<li><strong>Engelleme ve Raporlama<\/strong>: Kullan\u0131c\u0131lar ba\u015fkalar\u0131n\u0131 engelleme ve herhangi bir suistimali do\u011frudan platform arac\u0131l\u0131\u011f\u0131yla bildirme olana\u011f\u0131na sahiptir.<\/li>\n<\/ul>\n<h3>Kullan\u0131c\u0131lar i\u00e7in \u0130pu\u00e7lar\u0131<\/h3>\n<ul>\n<li><strong>Ki\u015fisel Bilgileri Koruyun<\/strong>: Tam ad, adres veya finansal bilgiler gibi hassas ayr\u0131nt\u0131lar\u0131 payla\u015fmaktan ka\u00e7\u0131n\u0131n.<\/li>\n<li><strong>Filtreleri Ak\u0131ll\u0131ca Kullan\u0131n<\/strong>: Tercihlerinize uyan kullan\u0131c\u0131larla ba\u011flant\u0131 kurmak i\u00e7in mevcut filtreleri kullan\u0131n, bu da g\u00fcvenli\u011fi art\u0131rabilir.<\/li>\n<li><strong>Temkinli Olun<\/strong>: \u0130\u00e7g\u00fcd\u00fclerinize g\u00fcvenin ve sizi rahats\u0131z eden her t\u00fcrl\u00fc konu\u015fmadan uzakla\u015f\u0131n.<\/li>\n<\/ul>\n<h2>Rakiplerle Kar\u015f\u0131la\u015ft\u0131rma<\/h2>\n<h3>Chatrandom vs. Omegle<\/h3>\n<ul>\n<li><strong>\u00d6zellikler<\/strong>: Chatrandom \u00e7oklu sohbet modlar\u0131 ve geli\u015fmi\u015f filtreler gibi daha fazla \u00f6zellik sunarken <a href=\"https:\/\/strangercam.com\/tr\/omegle\/\">Omegle<\/a> \u00f6ncelikle temel rastgele sohbetlere odaklan\u0131r.<\/li>\n<li><strong>Kullan\u0131c\u0131 Aray\u00fcz\u00fc<\/strong>: Chatrandom'un aray\u00fcz\u00fc, Omegle'nin minimalist tasar\u0131m\u0131na k\u0131yasla daha modern ve kullan\u0131c\u0131 dostu.<\/li>\n<li><strong>Mobil Uygulama<\/strong>: Chatrandom daha fazla eri\u015filebilirlik sunan bir mobil uygulama sa\u011flarken, Omegle web taray\u0131c\u0131lar\u0131yla s\u0131n\u0131rl\u0131d\u0131r.<\/li>\n<\/ul>\n<h3>Chatrandom vs. Chatroulette<\/h3>\n<ul>\n<li><strong>Topluluk B\u00fcy\u00fckl\u00fc\u011f\u00fc<\/strong>: Her iki platform da geni\u015f kullan\u0131c\u0131 tabanlar\u0131na sahiptir, ancak Chatrandom genellikle herhangi bir zamanda daha fazla say\u0131da aktif kullan\u0131c\u0131ya sahiptir.<\/li>\n<li><strong>G\u00fcvenlik \u00d6nlemleri<\/strong>: Chatrandom daha sa\u011flam moderasyon ve raporlama sistemlerine sahiptir.<\/li>\n<li><strong>Ek \u00d6zellikler<\/strong>: Chatrandom'un \u00e7oklu sohbet modlar\u0131 ve filtreleri, Chatroulette'nin basit rastgele sohbet teklifine k\u0131yasla daha \u00f6zel bir deneyim sa\u011flar.<\/li>\n<\/ul>\n<h3>Chatrandom vs. Tinychat<\/h3>\n<ul>\n<li><strong>Sohbet Modlar\u0131<\/strong>: <a href=\"https:\/\/strangercam.com\/tr\/tinychat\/\">Tinychat<\/a> grup video sohbetlerine ve canl\u0131 ak\u0131\u015fa odaklan\u0131rken, Chatrandom hem bire bir hem de grup sohbet se\u00e7enekleri sunar.<\/li>\n<li><strong>Kullan\u0131c\u0131 Taban\u0131<\/strong>: Chatrandom daha \u00e7e\u015fitli bir k\u00fcresel kullan\u0131c\u0131 taban\u0131na sahiptir ve uluslararas\u0131 ba\u011flant\u0131lar i\u00e7in f\u0131rsat\u0131 art\u0131r\u0131r.<\/li>\n<li><strong>Kullan\u0131m Kolayl\u0131\u011f\u0131<\/strong>: Chatrandom'un temel \u00f6zellikler i\u00e7in kay\u0131t tutmama politikas\u0131, onu yeni kullan\u0131c\u0131lar i\u00e7in daha eri\u015filebilir k\u0131l\u0131yor.<\/li>\n<\/ul>\n<h2>Sonu\u00e7<\/h2>\n<p>Chatrandom kalabal\u0131k bir alanda \u00f6ne \u00e7\u0131k\u0131yor <a href=\"https:\/\/strangercam.com\/tr\/chathub\/\">rastgele g\u00f6r\u00fcnt\u00fcl\u00fc sohbet<\/a> kullan\u0131c\u0131 dostu bir aray\u00fcz, \u00e7e\u015fitli sohbet modlar\u0131 ve farkl\u0131 bir kitleye hitap eden \u00f6zellikler sunarak platformlar. \u0130nsanlar\u0131 k\u00fcresel olarak birbirine ba\u011flama konusundaki kararl\u0131l\u0131\u011f\u0131, dil deste\u011fi ve geni\u015f kullan\u0131c\u0131 taban\u0131 ile a\u00e7\u0131k\u00e7a g\u00f6r\u00fclmektedir. \u00d6zellikle moderasyon ve \u00fccretsiz \u00f6zelliklerin geni\u015fletilmesi gibi iyile\u015ftirilmesi gereken alanlar olsa da, Chatrandom spontane sohbetler yapmak ve ufuklar\u0131n\u0131 geni\u015fletmek isteyenler i\u00e7in de\u011ferli bir hizmet sunuyor. \u0130ster yeni arkada\u015fl\u0131klar, ister dil prati\u011fi ya da sadece zaman ge\u00e7irmek i\u00e7in e\u011flenceli bir yol ar\u0131yor olun, Chatrandom ke\u015ffetmeye de\u011fer bir platform sunuyor.<\/p>","protected":false},"excerpt":{"rendered":"<p>Chatrandom is a platform that enables users to engage in random video chats with strangers worldwide, addressing the growing interest in meeting new people and experiencing diverse cultures. This review examines various aspects of Chatrandom, including its features, user experience, pricing options, safety measures, and comparison with competitors. Overview of Chatrandom Established in 2011, Chatrandom [&hellip;]<\/p>\n","protected":false},"author":7,"featured_media":0,"parent":0,"menu_order":0,"comment_status":"closed","ping_status":"closed","template":"","meta":{"footnotes":""},"class_list":["post-12485","page","type-page","status-publish","hentry"],"yoast_head":"<!-- This site is optimized with the Yoast SEO plugin v27.4 - https:\/\/yoast.com\/product\/yoast-seo-wordpress\/ -->\n<title>Chatrandom - Alternatives &amp; Reviews of Chat Sites - StrangerCam<\/title>\n<meta name=\"description\" content=\"Discover the best Video Chat Sites, complete with ratings and reviews. Enjoy free cam chats that let you meet new people.\" \/>\n<meta name=\"robots\" content=\"index, follow, max-snippet:-1, max-image-preview:large, max-video-preview:-1\" \/>\n<link rel=\"canonical\" href=\"https:\/\/strangercam.com\/tr\/chatrandom\/\" \/>\n<meta property=\"og:locale\" content=\"tr_TR\" \/>\n<meta property=\"og:type\" content=\"article\" \/>\n<meta property=\"og:title\" content=\"Chatrandom - Alternatives &amp; Reviews of Chat Sites - StrangerCam\" \/>\n<meta property=\"og:description\" content=\"Discover the best Video Chat Sites, complete with ratings and reviews. Enjoy free cam chats that let you meet new people.\" \/>\n<meta property=\"og:url\" content=\"https:\/\/strangercam.com\/tr\/chatrandom\/\" \/>\n<meta property=\"og:site_name\" content=\"Strangercam\" \/>\n<meta property=\"article:publisher\" content=\"https:\/\/www.facebook.com\/strangercam\" \/>\n<meta property=\"article:modified_time\" content=\"2025-06-16T11:29:26+00:00\" \/>\n<meta property=\"og:image\" content=\"https:\/\/strangercam.com\/wp-content\/uploads\/2021\/10\/Untitled-2.png\" \/>\n\t<meta property=\"og:image:width\" content=\"800\" \/>\n\t<meta property=\"og:image:height\" content=\"532\" \/>\n\t<meta property=\"og:image:type\" content=\"image\/png\" \/>\n<meta name=\"twitter:card\" content=\"summary_large_image\" \/>\n<meta name=\"twitter:site\" content=\"@strangercamapp\" \/>\n<meta name=\"twitter:label1\" content=\"Tahmini okuma s\u00fcresi\" \/>\n\t<meta name=\"twitter:data1\" content=\"6 dakika\" \/>\n<script type=\"application\/ld+json\" class=\"yoast-schema-graph\">{\"@context\":\"https:\\\/\\\/schema.org\",\"@graph\":[{\"@type\":\"WebPage\",\"@id\":\"https:\\\/\\\/strangercam.com\\\/chatrandom\\\/\",\"url\":\"https:\\\/\\\/strangercam.com\\\/chatrandom\\\/\",\"name\":\"Chatrandom - Alternatives & Reviews of Chat Sites - StrangerCam\",\"isPartOf\":{\"@id\":\"https:\\\/\\\/strangercam.com\\\/#website\"},\"datePublished\":\"2024-09-30T10:13:20+00:00\",\"dateModified\":\"2025-06-16T11:29:26+00:00\",\"description\":\"Discover the best Video Chat Sites, complete with ratings and reviews. Enjoy free cam chats that let you meet new people.\",\"breadcrumb\":{\"@id\":\"https:\\\/\\\/strangercam.com\\\/chatrandom\\\/#breadcrumb\"},\"inLanguage\":\"tr\",\"potentialAction\":[{\"@type\":\"ReadAction\",\"target\":[\"https:\\\/\\\/strangercam.com\\\/chatrandom\\\/\"]}]},{\"@type\":\"BreadcrumbList\",\"@id\":\"https:\\\/\\\/strangercam.com\\\/chatrandom\\\/#breadcrumb\",\"itemListElement\":[{\"@type\":\"ListItem\",\"position\":1,\"name\":\"Home\",\"item\":\"https:\\\/\\\/strangercam.com\\\/\"},{\"@type\":\"ListItem\",\"position\":2,\"name\":\"Chatrandom\"}]},{\"@type\":\"WebSite\",\"@id\":\"https:\\\/\\\/strangercam.com\\\/#website\",\"url\":\"https:\\\/\\\/strangercam.com\\\/\",\"name\":\"Strangercam\",\"description\":\"Random Video Chat with Strangers\",\"publisher\":{\"@id\":\"https:\\\/\\\/strangercam.com\\\/#organization\"},\"alternateName\":\"Strangercam.com\",\"potentialAction\":[{\"@type\":\"SearchAction\",\"target\":{\"@type\":\"EntryPoint\",\"urlTemplate\":\"https:\\\/\\\/strangercam.com\\\/?s={search_term_string}\"},\"query-input\":{\"@type\":\"PropertyValueSpecification\",\"valueRequired\":true,\"valueName\":\"search_term_string\"}}],\"inLanguage\":\"tr\"},{\"@type\":\"Organization\",\"@id\":\"https:\\\/\\\/strangercam.com\\\/#organization\",\"name\":\"Strangercam\",\"alternateName\":\"Strangercam.com\",\"url\":\"https:\\\/\\\/strangercam.com\\\/\",\"logo\":{\"@type\":\"ImageObject\",\"inLanguage\":\"tr\",\"@id\":\"https:\\\/\\\/strangercam.com\\\/#\\\/schema\\\/logo\\\/image\\\/\",\"url\":\"https:\\\/\\\/strangercam.com\\\/wp-content\\\/uploads\\\/2020\\\/11\\\/cropped-new-favicon-black.png\",\"contentUrl\":\"https:\\\/\\\/strangercam.com\\\/wp-content\\\/uploads\\\/2020\\\/11\\\/cropped-new-favicon-black.png\",\"width\":512,\"height\":512,\"caption\":\"Strangercam\"},\"image\":{\"@id\":\"https:\\\/\\\/strangercam.com\\\/#\\\/schema\\\/logo\\\/image\\\/\"},\"sameAs\":[\"https:\\\/\\\/www.facebook.com\\\/strangercam\",\"https:\\\/\\\/x.com\\\/strangercamapp\"]}]}<\/script>\n<!-- \/ Yoast SEO plugin. -->","yoast_head_json":{"title":"Chatrandom - Sohbet Sitelerinin Alternatifleri ve \u0130ncelemeleri - StrangerCam","description":"Derecelendirmeler ve incelemelerle birlikte en iyi G\u00f6r\u00fcnt\u00fcl\u00fc Sohbet Sitelerini ke\u015ffedin. Yeni insanlarla tan\u0131\u015fman\u0131z\u0131 sa\u011flayan \u00fccretsiz kameral\u0131 sohbetlerin keyfini \u00e7\u0131kar\u0131n.","robots":{"index":"index","follow":"follow","max-snippet":"max-snippet:-1","max-image-preview":"max-image-preview:large","max-video-preview":"max-video-preview:-1"},"canonical":"https:\/\/strangercam.com\/tr\/chatrandom\/","og_locale":"tr_TR","og_type":"article","og_title":"Chatrandom - Alternatives & Reviews of Chat Sites - StrangerCam","og_description":"Discover the best Video Chat Sites, complete with ratings and reviews. Enjoy free cam chats that let you meet new people.","og_url":"https:\/\/strangercam.com\/tr\/chatrandom\/","og_site_name":"Strangercam","article_publisher":"https:\/\/www.facebook.com\/strangercam","article_modified_time":"2025-06-16T11:29:26+00:00","og_image":[{"width":800,"height":532,"url":"https:\/\/strangercam.com\/wp-content\/uploads\/2021\/10\/Untitled-2.png","type":"image\/png"}],"twitter_card":"summary_large_image","twitter_site":"@strangercamapp","twitter_misc":{"Tahmini okuma s\u00fcresi":"6 dakika"},"schema":{"@context":"https:\/\/schema.org","@graph":[{"@type":"WebPage","@id":"https:\/\/strangercam.com\/chatrandom\/","url":"https:\/\/strangercam.com\/chatrandom\/","name":"Chatrandom - Sohbet Sitelerinin Alternatifleri ve \u0130ncelemeleri - StrangerCam","isPartOf":{"@id":"https:\/\/strangercam.com\/#website"},"datePublished":"2024-09-30T10:13:20+00:00","dateModified":"2025-06-16T11:29:26+00:00","description":"Derecelendirmeler ve incelemelerle birlikte en iyi G\u00f6r\u00fcnt\u00fcl\u00fc Sohbet Sitelerini ke\u015ffedin. Yeni insanlarla tan\u0131\u015fman\u0131z\u0131 sa\u011flayan \u00fccretsiz kameral\u0131 sohbetlerin keyfini \u00e7\u0131kar\u0131n.","breadcrumb":{"@id":"https:\/\/strangercam.com\/chatrandom\/#breadcrumb"},"inLanguage":"tr","potentialAction":[{"@type":"ReadAction","target":["https:\/\/strangercam.com\/chatrandom\/"]}]},{"@type":"BreadcrumbList","@id":"https:\/\/strangercam.com\/chatrandom\/#breadcrumb","itemListElement":[{"@type":"ListItem","position":1,"name":"Home","item":"https:\/\/strangercam.com\/"},{"@type":"ListItem","position":2,"name":"Chatrandom"}]},{"@type":"WebSite","@id":"https:\/\/strangercam.com\/#website","url":"https:\/\/strangercam.com\/","name":"Strangercam","description":"Yabanc\u0131larla Rastgele G\u00f6r\u00fcnt\u00fcl\u00fc Sohbet","publisher":{"@id":"https:\/\/strangercam.com\/#organization"},"alternateName":"Strangercam.com","potentialAction":[{"@type":"SearchAction","target":{"@type":"EntryPoint","urlTemplate":"https:\/\/strangercam.com\/?s={search_term_string}"},"query-input":{"@type":"PropertyValueSpecification","valueRequired":true,"valueName":"search_term_string"}}],"inLanguage":"tr"},{"@type":"Organization","@id":"https:\/\/strangercam.com\/#organization","name":"Strangercam","alternateName":"Strangercam.com","url":"https:\/\/strangercam.com\/","logo":{"@type":"ImageObject","inLanguage":"tr","@id":"https:\/\/strangercam.com\/#\/schema\/logo\/image\/","url":"https:\/\/strangercam.com\/wp-content\/uploads\/2020\/11\/cropped-new-favicon-black.png","contentUrl":"https:\/\/strangercam.com\/wp-content\/uploads\/2020\/11\/cropped-new-favicon-black.png","width":512,"height":512,"caption":"Strangercam"},"image":{"@id":"https:\/\/strangercam.com\/#\/schema\/logo\/image\/"},"sameAs":["https:\/\/www.facebook.com\/strangercam","https:\/\/x.com\/strangercamapp"]}]}},"_links":{"self":[{"href":"https:\/\/strangercam.com\/tr\/wp-json\/wp\/v2\/pages\/12485","targetHints":{"allow":["GET"]}}],"collection":[{"href":"https:\/\/strangercam.com\/tr\/wp-json\/wp\/v2\/pages"}],"about":[{"href":"https:\/\/strangercam.com\/tr\/wp-json\/wp\/v2\/types\/page"}],"author":[{"embeddable":true,"href":"https:\/\/strangercam.com\/tr\/wp-json\/wp\/v2\/users\/7"}],"replies":[{"embeddable":true,"href":"https:\/\/strangercam.com\/tr\/wp-json\/wp\/v2\/comments?post=12485"}],"version-history":[{"count":1,"href":"https:\/\/strangercam.com\/tr\/wp-json\/wp\/v2\/pages\/12485\/revisions"}],"predecessor-version":[{"id":12865,"href":"https:\/\/strangercam.com\/tr\/wp-json\/wp\/v2\/pages\/12485\/revisions\/12865"}],"wp:attachment":[{"href":"https:\/\/strangercam.com\/tr\/wp-json\/wp\/v2\/media?parent=12485"}],"curies":[{"name":"wp","href":"https:\/\/api.w.org\/{rel}","templated":true}]}}