{"id":12414,"date":"2024-06-10T14:11:20","date_gmt":"2024-06-10T12:11:20","guid":{"rendered":"https:\/\/strangercam.com\/?page_id=12414"},"modified":"2024-06-10T14:11:59","modified_gmt":"2024-06-10T12:11:59","slug":"chatbychance","status":"publish","type":"page","link":"https:\/\/strangercam.com\/tr\/chatbychance\/","title":{"rendered":"ChatbyChance"},"content":{"rendered":"<p data-pm-slice=\"1 1 []\">Yeni insanlarla \u00e7evrimi\u00e7i ba\u011flant\u0131 kurman\u0131n heyecan verici bir yolunu mu ar\u0131yorsunuz? Her konu\u015fman\u0131n ger\u00e7ekle\u015fmeyi bekleyen bir s\u00fcrpriz oldu\u011fu ChatbyChance d\u00fcnyas\u0131na dal\u0131n. Di\u011fer rastgele videolara benzer <a href=\"https:\/\/strangercam.com\/tr\/chatroulette\/\">sohbet<\/a> Strangercam ve Chatrandom gibi platformlar gibi ChatbyChance de spontane etkile\u015fim arayanlar i\u00e7in heyecan verici bir deneyim sunuyor.<\/p>\n<p>ChatbyChance'de, beklenmedik ba\u011flant\u0131lar\u0131n heyecan\u0131na ve d\u00fcnyan\u0131n d\u00f6rt bir yan\u0131ndan yabanc\u0131larla tan\u0131\u015fman\u0131n sevincine inan\u0131yoruz. \u0130ster yeni arkada\u015flar edinmek, ister ilgi \u00e7ekici sohbetler yapmak veya sadece rastgele sohbetlerle zaman ge\u00e7irmek isteyin, ChatbyChance sonsuz olas\u0131l\u0131klara a\u00e7\u0131lan kap\u0131n\u0131zd\u0131r.<\/p>\n<p>Her t\u0131klaman\u0131n sizi yeni bir macerayla y\u00fcz y\u00fcze getirdi\u011fi ChatbyChance'nin dinamik d\u00fcnyas\u0131n\u0131 ke\u015ffederken bize Join. Daha \u00f6nce hi\u00e7 olmad\u0131\u011f\u0131 gibi rastgele g\u00f6r\u00fcnt\u00fcl\u00fc sohbetlerin heyecan\u0131n\u0131 ya\u015famaya haz\u0131r olun.<\/p>\n<h2 id=\"overview-of-chatbychance\">ChatbyChance'e Genel Bak\u0131\u015f<\/h2>\n<h3 id=\"what-is-chatbychance\">ChatbyChance Nedir?<\/h3>\n<p>ChatbyChance, StrangerCam, Chatrandom, EmeraldChat ve di\u011ferleri gibi pop\u00fcler platformlar aras\u0131nda yer al\u0131yor ve \u015funlar\u0131 sunuyor <a href=\"https:\/\/strangercam.com\/tr\/chathub\/\">rastgele g\u00f6r\u00fcnt\u00fcl\u00fc sohbet<\/a> hizmetler. Kullan\u0131c\u0131lar g\u00f6r\u00fcnt\u00fcl\u00fc sohbetler arac\u0131l\u0131\u011f\u0131yla d\u00fcnya \u00e7ap\u0131nda yabanc\u0131larla ba\u011flant\u0131 kurabilir, spontane etkile\u015fimler ve yeni arkada\u015flar edinmek i\u00e7in bir yol yaratabilir. Platformun temelinde, \u00f6ng\u00f6r\u00fclemeyen ve heyecan verici bir \u015fekilde \u00e7evrimi\u00e7i olarak yeni insanlarla tan\u0131\u015fman\u0131n heyecan\u0131 yat\u0131yor.<\/p>\n<h3 id=\"key-features-and-functionalities\">Temel \u00d6zellikler ve \u0130\u015flevler<\/h3>\n<p>Di\u011fer rastgele g\u00f6r\u00fcnt\u00fcl\u00fc sohbet web sitelerine benzer \u015fekilde, ChatbyChance kullan\u0131c\u0131lara a\u015fa\u011f\u0131daki temel \u00f6zellikleri ve i\u015flevleri sa\u011flar:<\/p>\n<ul class=\"list-disc list-outside leading-3 -mt-2 tight\" data-tight=\"true\">\n<li class=\"leading-normal -mb-2\">Rastgele g\u00f6r\u00fcnt\u00fcl\u00fc sohbetler i\u00e7in yabanc\u0131larla an\u0131nda ba\u011flant\u0131lar.<\/li>\n<li class=\"leading-normal -mb-2\">Ki\u015fisel bilgileri if\u015fa etmeden ba\u015fkalar\u0131yla etkile\u015fim kurmak i\u00e7in anonimlik.<\/li>\n<li class=\"leading-normal -mb-2\">K\u00fcresel eri\u015fim, kullan\u0131c\u0131lar\u0131n farkl\u0131 \u00fclkelerden insanlarla ba\u011flant\u0131 kurmas\u0131na olanak tan\u0131r.<\/li>\n<li class=\"leading-normal -mb-2\">Sorunsuz bir sohbet deneyimi i\u00e7in kullan\u0131c\u0131 dostu aray\u00fcz.<\/li>\n<li class=\"leading-normal -mb-2\">Cinsiyet veya konum gibi tercihlere g\u00f6re ba\u011flant\u0131lar\u0131 filtreleme se\u00e7enekleri.<\/li>\n<li class=\"leading-normal -mb-2\">Farkl\u0131 kullan\u0131c\u0131larla \u00e7e\u015fitli etkile\u015fimleri deneyimlemek i\u00e7in rastgele e\u015fle\u015ftirme.<\/li>\n<\/ul>\n<p>ChatbyChance, benzerleri gibi, yeni deneyimler arayan ve spontane g\u00f6r\u00fcnt\u00fcl\u00fc sohbetler arac\u0131l\u0131\u011f\u0131yla farkl\u0131 bireylerle \u00e7evrimi\u00e7i etkile\u015fim kurmak isteyen bireylere hitap ediyor.<\/p>\n<h2 id=\"user-experience-on-chatbychance\">ChatbyChance'de Kullan\u0131c\u0131 Deneyimi<\/h2>\n<h3 id=\"user-interface-and-design\">Kullan\u0131c\u0131 Aray\u00fcz\u00fc ve Tasar\u0131m\u0131<\/h3>\n<p>ChatbyChance'nin kullan\u0131c\u0131 aray\u00fcz\u00fc ve tasar\u0131m\u0131 s\u00f6z konusu oldu\u011funda, StrangerCam, Chatrandom gibi di\u011fer pop\u00fcler rastgele g\u00f6r\u00fcnt\u00fcl\u00fc sohbet platformlar\u0131yla benzerlikler payla\u015f\u0131r ve <a href=\"https:\/\/strangercam.com\/tr\/emerald-chat\/\">Z\u00fcmr\u00fct<\/a> Sohbet. D\u00fczen tipik olarak sezgisel ve anla\u015f\u0131l\u0131rd\u0131r, kullan\u0131c\u0131lar\u0131n web sitesinde kolayca gezinmesine ve yabanc\u0131larla zahmetsizce rastgele g\u00f6r\u00fcnt\u00fcl\u00fc sohbetler ba\u015flatmas\u0131na olanak tan\u0131r. Tasar\u0131m genellikle basitli\u011fe odaklan\u0131r ve kullan\u0131c\u0131lar\u0131n bir sohbet oturumunu nas\u0131l ba\u015flatacaklar\u0131n\u0131 veya sonland\u0131racaklar\u0131n\u0131, ayarlar\u0131 nas\u0131l yapacaklar\u0131n\u0131 veya platform taraf\u0131ndan sunulan di\u011fer \u00f6zelliklerle nas\u0131l etkile\u015fime ge\u00e7eceklerini h\u0131zl\u0131 bir \u015fekilde anlamalar\u0131n\u0131 sa\u011flar.<\/p>\n<h3 id=\"real-user-reviews-and-feedback\">Ger\u00e7ek Kullan\u0131c\u0131 Yorumlar\u0131 ve Geri Bildirimleri<\/h3>\n<p>Ger\u00e7ek kullan\u0131c\u0131 incelemeleri ve geri bildirimleri, ChatbyChance gibi platformlar\u0131n \u00e7evrimi\u00e7i topluluk i\u00e7indeki alg\u0131s\u0131n\u0131 \u015fekillendirmede \u00f6nemli bir rol oynamaktad\u0131r. Di\u011fer rastgele g\u00f6r\u00fcnt\u00fcl\u00fc sohbet web sitelerine benzer \u015fekilde, ChatbyChance d\u00fcnya \u00e7ap\u0131ndaki kullan\u0131c\u0131lardan \u00e7ok \u00e7e\u015fitli yorumlar almaktad\u0131r. Baz\u0131 kullan\u0131c\u0131lar, platformun kendili\u011findenli\u011fini ve heyecan\u0131n\u0131 vurgulayarak yeni insanlarla tan\u0131\u015fman\u0131n ve ilgi \u00e7ekici sohbetler yapman\u0131n heyecan\u0131n\u0131 vurguluyor. Di\u011ferleri ba\u011flant\u0131 kalitesi, kar\u015f\u0131la\u015f\u0131lan bireylerin \u00e7e\u015fitlili\u011fi veya genel kullan\u0131c\u0131 deneyimi gibi hususlardan bahsedebilir.<\/p>\n<p>Genel olarak, ger\u00e7ek kullan\u0131c\u0131 incelemeleri ve geri bildirimleri, ChatbyChance'nin g\u00fc\u00e7l\u00fc y\u00f6nleri ve iyile\u015ftirme alanlar\u0131 hakk\u0131nda de\u011ferli bilgiler sa\u011flayarak, potansiyel kullan\u0131c\u0131lar\u0131n rastgele g\u00f6r\u00fcnt\u00fcl\u00fc sohbet ihtiya\u00e7lar\u0131 i\u00e7in platformla etkile\u015fim kurma konusunda bilin\u00e7li kararlar vermelerine yard\u0131mc\u0131 olur.<\/p>\n<h2 id=\"safety-and-security-measures\">Emniyet ve G\u00fcvenlik \u00d6nlemleri<\/h2>\n<h3 id=\"privacy-concerns-and-user-safety\">Gizlilik Endi\u015feleri ve Kullan\u0131c\u0131 G\u00fcvenli\u011fi<\/h3>\n<p>ChatbyChance gibi rastgele g\u00f6r\u00fcnt\u00fcl\u00fc sohbet web siteleri s\u00f6z konusu oldu\u011funda, kullan\u0131c\u0131 gizlili\u011fini ve g\u00fcvenli\u011fini korumak \u00e7ok \u00f6nemlidir. StrangerCam ve Chatrandom dahil olmak \u00fczere bu platformlar, kullan\u0131c\u0131lar\u0131n\u0131n spontane \u00e7evrimi\u00e7i ba\u011flant\u0131lara kat\u0131lmalar\u0131 i\u00e7in g\u00fcvenli bir ortam yaratmaya \u00f6ncelik verir.<\/p>\n<p>Kullan\u0131c\u0131 g\u00fcvenli\u011fi, sohbet izleme, uygunsuz davran\u0131\u015flar i\u00e7in raporlama sistemleri ve kullan\u0131c\u0131lar\u0131n s\u0131k\u0131 bir \u015fekilde uymas\u0131 beklenen topluluk y\u00f6nergeleri gibi \u00e7e\u015fitli \u00f6nlemlerle sa\u011flan\u0131r. Bu platformlar, kullan\u0131c\u0131lar\u0131 \u015f\u00fcpheli veya taciz edici davran\u0131\u015flar\u0131 bildirmeye te\u015fvik ederek endi\u015feleri gidermek ve olumlu bir kullan\u0131c\u0131 deneyimini s\u00fcrd\u00fcrmek i\u00e7in h\u0131zl\u0131 bir \u015fekilde harekete ge\u00e7ilmesini sa\u011flar.<\/p>\n<h3 id=\"data-protection-policies\">Veri Koruma Politikalar\u0131<\/h3>\n<p>Rastgele g\u00f6r\u00fcnt\u00fcl\u00fc sohbet web siteleri, kullan\u0131c\u0131 bilgilerini korumak i\u00e7in sa\u011flam veri koruma politikalar\u0131na sahiptir. ChatbyChance, StrangerCam ve Chatrandom gibi platformlar, g\u00f6r\u00fcnt\u00fcl\u00fc sohbetler s\u0131ras\u0131nda veri aktar\u0131m\u0131n\u0131 g\u00fcvence alt\u0131na almak i\u00e7in \u015fifreleme protokolleri uygular. Ayr\u0131ca, kullan\u0131c\u0131 gizlili\u011fini korumak i\u00e7in kullan\u0131c\u0131 verilerinin toplanmas\u0131, depolanmas\u0131 ve payla\u015f\u0131lmas\u0131yla ilgili kat\u0131 politikalara sahiptirler.<\/p>\n<p>S\u0131k\u0131 veri koruma d\u00fczenlemelerine ba\u011fl\u0131 kalarak ve g\u00fcvenlik \u00f6nlemlerini d\u00fczenli olarak g\u00fcncelleyerek, bu platformlar kullan\u0131c\u0131 bilgilerinin gizli ve g\u00fcvenli kalmas\u0131n\u0131 sa\u011flar. Kullan\u0131c\u0131lar, verilerinin korundu\u011funu ve gizliliklerine sayg\u0131 duyuldu\u011funu bilerek g\u00f6n\u00fcl rahatl\u0131\u011f\u0131yla rastgele g\u00f6r\u00fcnt\u00fcl\u00fc sohbetlere kat\u0131labilirler.<\/p>\n<h2 id=\"comparing-chatbychance-to-other-chat-platforms\">ChatbyChance'i Di\u011fer Sohbet Platformlar\u0131yla Kar\u015f\u0131la\u015ft\u0131rma<\/h2>\n<h3 id=\"unique-selling-propositions\">Benzersiz Sat\u0131\u015f \u00d6nerileri<\/h3>\n<p>ChatbyChance'yi StrangerCam, Chatrandom ve EmeraldChat gibi di\u011fer sohbet platformlar\u0131yla kar\u015f\u0131la\u015ft\u0131r\u0131rken, hepsinin rastgele g\u00f6r\u00fcnt\u00fcl\u00fc sohbet web siteleri olarak benzer \u00f6zellikler sundu\u011funu g\u00f6r\u00fcyoruz. Bu platformlar kullan\u0131c\u0131lara a\u015fa\u011f\u0131dakiler i\u00e7in heyecan verici bir f\u0131rsat sunar <a href=\"https:\/\/strangercam.com\/tr\/coomeet\/\">tan\u0131\u015fmak<\/a> Spontane video sohbetleri arac\u0131l\u0131\u011f\u0131yla d\u00fcnyan\u0131n d\u00f6rt bir yan\u0131ndan yabanc\u0131lar. Cazibesi, bu kar\u015f\u0131la\u015fmalar\u0131n \u00f6ng\u00f6r\u00fclemezli\u011finde ve \u00e7evrimi\u00e7i bir ortamda yeni ba\u011flant\u0131lar kurma \u015fans\u0131nda yatmaktad\u0131r.<\/p>\n<h3 id=\"limitations-and-drawbacks\">S\u0131n\u0131rlamalar ve Dezavantajlar<\/h3>\n<p>ChatbyChance di\u011fer rastgele g\u00f6r\u00fcnt\u00fcl\u00fc sohbet platformlar\u0131yla benzerlikler ta\u015f\u0131sa da, bu t\u00fcr hizmetlerin do\u011fas\u0131nda bulunan ortak s\u0131n\u0131rlamalar ve dezavantajlarla da kar\u015f\u0131 kar\u015f\u0131yad\u0131r. En \u00f6nemli dezavantajlardan biri, kullan\u0131c\u0131lar\u0131n rastgele g\u00f6r\u00fcnt\u00fcl\u00fc sohbetleri s\u0131ras\u0131nda kimlerle kar\u015f\u0131la\u015fabilecekleri konusunda kontrol eksikli\u011fi olup, bu durum bazen ho\u015f olmayan etkile\u015fimlere veya uygunsuz i\u00e7erikle kar\u015f\u0131la\u015fmalara yol a\u00e7abilmektedir. Ayr\u0131ca, bu platformlar taraf\u0131ndan sunulan anonimlik, kullan\u0131c\u0131lar sohbet ettikleri ki\u015filerin ger\u00e7ek kimliklerini her zaman bilemeyebilece\u011finden, kullan\u0131c\u0131 g\u00fcvenli\u011fi ve gizlili\u011fi i\u00e7in risk olu\u015fturabilir.<\/p>\n<p>Bu s\u0131n\u0131rlamalar, kullan\u0131c\u0131lar\u0131n ChatbyChance gibi platformlarda rastgele g\u00f6r\u00fcnt\u00fcl\u00fc sohbetlere kat\u0131l\u0131rken dikkatli ve sa\u011fduyulu davranmalar\u0131 gerekti\u011fini vurgulamaktad\u0131r. Yabanc\u0131larla \u00e7evrimi\u00e7i etkile\u015fimde bulunman\u0131n i\u00e7erdi\u011fi potansiyel risklerin fark\u0131nda olmak ve bu hizmetleri kullan\u0131rken ki\u015fisel g\u00fcvenlik ve gizlili\u011fe \u00f6ncelik vermek \u00e7ok \u00f6nemlidir.<\/p>\n<h2 id=\"conclusion\">Sonu\u00e7<\/h2>\n<p>Ba\u011flant\u0131lar\u0131n her zamankinden daha \u00f6nemli oldu\u011fu bir d\u00fcnyada, ChatbyChance gibi platformlar spontane etkile\u015fimler i\u00e7in bir yol sa\u011fl\u0131yor. ChatbyChance'yi benzerlerinden ay\u0131ran benzersiz \u00f6zellikleri ve kullan\u0131c\u0131 deneyimlerini ara\u015ft\u0131rd\u0131k. D\u00fcnya \u00e7ap\u0131nda yeni insanlarla tan\u0131\u015fman\u0131n cazibesi yads\u0131namaz olsa da, bu platformlarda dikkatli bir \u015fekilde gezinmek \u00e7ok \u00f6nemlidir. G\u00f6rd\u00fc\u011f\u00fcm\u00fcz gibi, kullan\u0131c\u0131 g\u00fcvenli\u011fi ve gizlilik rastgele g\u00f6r\u00fcnt\u00fcl\u00fc sohbetler alan\u0131nda \u00f6nemli hususlar olmaya devam ediyor. Kullan\u0131c\u0131lar, beklenmedik kar\u015f\u0131la\u015fmalar\u0131n heyecan\u0131n\u0131 ki\u015fisel g\u00fcvenlik konusunda dikkatli bir yakla\u015f\u0131mla dengeleyerek ChatbyChance ve benzeri platformlar\u0131n sunduklar\u0131ndan en iyi \u015fekilde faydalanabilirler. Bilinmeyenin heyecan\u0131n\u0131 kucaklay\u0131n, ancak \u015fans ba\u011flant\u0131lar\u0131n\u0131n dijital ortam\u0131nda her zaman sa\u011fl\u0131\u011f\u0131n\u0131za \u00f6ncelik verin.<\/p>\n<h2 id=\"frequently-asked-questions\">S\u0131k\u00e7a Sorulan Sorular<\/h2>\n<h3 id=\"what-is-chatbychance\">ChatbyChance nedir?<\/h3>\n<p>ChatbyChance, rastgele g\u00f6r\u00fcnt\u00fcl\u00fc sohbetler yoluyla spontane \u00e7evrimi\u00e7i ba\u011flant\u0131lar i\u00e7in bir platformdur. Kullan\u0131c\u0131lar\u0131n an\u0131nda ve anonim olarak yeni insanlarla tan\u0131\u015fmas\u0131n\u0131 sa\u011flar.<\/p>\n<h3 id=\"how-does-chatbychance-differ-from-other-platforms-like-strangercam-and-chatrandom\">ChatbyChance'in StrangerCam ve Chatrandom gibi di\u011fer platformlardan fark\u0131 nedir?<\/h3>\n<p>ChatbyChance, anl\u0131k ba\u011flant\u0131lara, k\u00fcresel eri\u015fime, anonimli\u011fe ve kullan\u0131c\u0131 dostu aray\u00fcze verdi\u011fi \u00f6nemle \u00f6ne \u00e7\u0131k\u0131yor. Yabanc\u0131larla h\u0131zl\u0131 bir \u015fekilde tan\u0131\u015fman\u0131n heyecan verici bir deneyimini sunar.<\/p>\n<h3 id=\"what-do-user-reviews-say-about-chatbychance\">Kullan\u0131c\u0131 yorumlar\u0131 ChatbyChance hakk\u0131nda ne diyor?<\/h3>\n<p>Kullan\u0131c\u0131 yorumlar\u0131 ChatbyChance'de yeni insanlarla tan\u0131\u015fman\u0131n heyecan\u0131n\u0131 vurguluyor. Platformun ger\u00e7ek kullan\u0131c\u0131lar\u0131, spontane ba\u011flant\u0131lar\u0131n heyecan\u0131n\u0131 payla\u015farak alg\u0131s\u0131n\u0131 \u015fekillendiriyor.<\/p>\n<h3 id=\"what-are-the-pros-and-cons-of-using-platforms-like-chatbychance\">ChatbyChance gibi platformlar\u0131 kullanman\u0131n art\u0131lar\u0131 ve eksileri nelerdir?<\/h3>\n<p>ChatbyChance gibi platformlar k\u00fcresel olarak yabanc\u0131larla tan\u0131\u015fmak i\u00e7in heyecan verici f\u0131rsatlar sunarken, kar\u015f\u0131la\u015fmalar \u00fczerinde kontrol sahibi de\u011fildir. Kullan\u0131c\u0131lar ki\u015fisel g\u00fcvenlik ve gizlili\u011fe \u00f6ncelik vermelidir.<\/p>","protected":false},"excerpt":{"rendered":"<p>Looking for an exciting way to connect with new people online? Dive into the world of ChatbyChance, where every conversation is a surprise waiting to happen. Similar to other random video chat platforms like Strangercam and Chatrandom, ChatbyChance offers a thrilling experience for those seeking spontaneous interactions. At ChatbyChance, we believe in the thrill of [&hellip;]<\/p>\n","protected":false},"author":6,"featured_media":12415,"parent":0,"menu_order":0,"comment_status":"closed","ping_status":"closed","template":"","meta":{"footnotes":""},"class_list":["post-12414","page","type-page","status-publish","has-post-thumbnail","hentry"],"yoast_head":"<!-- This site is optimized with the Yoast SEO plugin v26.9 - https:\/\/yoast.com\/product\/yoast-seo-wordpress\/ -->\n<title>ChatbyChance Random Video Chat - StrangerCam.com<\/title>\n<meta name=\"description\" content=\"Like ChatbyChance? Come chat with more than 5.000.000 strangers on Stranger Cam for Free! Turn on your cam and find new friends &amp; maby a match!\" \/>\n<meta name=\"robots\" content=\"index, follow, max-snippet:-1, max-image-preview:large, max-video-preview:-1\" \/>\n<link rel=\"canonical\" href=\"https:\/\/strangercam.com\/tr\/chatbychance\/\" \/>\n<meta property=\"og:locale\" content=\"tr_TR\" \/>\n<meta property=\"og:type\" content=\"article\" \/>\n<meta property=\"og:title\" content=\"ChatbyChance Random Video Chat - StrangerCam.com\" \/>\n<meta property=\"og:description\" content=\"Like ChatbyChance? Come chat with more than 5.000.000 strangers on Stranger Cam for Free! Turn on your cam and find new friends &amp; maby a match!\" \/>\n<meta property=\"og:url\" content=\"https:\/\/strangercam.com\/tr\/chatbychance\/\" \/>\n<meta property=\"og:site_name\" content=\"Strangercam\" \/>\n<meta property=\"article:publisher\" content=\"https:\/\/www.facebook.com\/strangercam\" \/>\n<meta property=\"article:modified_time\" content=\"2024-06-10T12:11:59+00:00\" \/>\n<meta property=\"og:image\" content=\"https:\/\/strangercam.com\/wp-content\/uploads\/2021\/10\/Untitled-2.png\" \/>\n\t<meta property=\"og:image:width\" content=\"800\" \/>\n\t<meta property=\"og:image:height\" content=\"532\" \/>\n\t<meta property=\"og:image:type\" content=\"image\/png\" \/>\n<meta name=\"twitter:card\" content=\"summary_large_image\" \/>\n<meta name=\"twitter:site\" content=\"@strangercamapp\" \/>\n<meta name=\"twitter:label1\" content=\"Tahmini okuma s\u00fcresi\" \/>\n\t<meta name=\"twitter:data1\" content=\"1 dakika\" \/>\n<script type=\"application\/ld+json\" class=\"yoast-schema-graph\">{\"@context\":\"https:\/\/schema.org\",\"@graph\":[{\"@type\":\"WebPage\",\"@id\":\"https:\/\/strangercam.com\/chatbychance\/\",\"url\":\"https:\/\/strangercam.com\/chatbychance\/\",\"name\":\"ChatbyChance Random Video Chat - StrangerCam.com\",\"isPartOf\":{\"@id\":\"https:\/\/strangercam.com\/#website\"},\"primaryImageOfPage\":{\"@id\":\"https:\/\/strangercam.com\/chatbychance\/#primaryimage\"},\"image\":{\"@id\":\"https:\/\/strangercam.com\/chatbychance\/#primaryimage\"},\"thumbnailUrl\":\"https:\/\/strangercam.com\/wp-content\/uploads\/2024\/06\/ChatbyChance.avif\",\"datePublished\":\"2024-06-10T12:11:20+00:00\",\"dateModified\":\"2024-06-10T12:11:59+00:00\",\"description\":\"Like ChatbyChance? Come chat with more than 5.000.000 strangers on Stranger Cam for Free! Turn on your cam and find new friends & maby a match!\",\"breadcrumb\":{\"@id\":\"https:\/\/strangercam.com\/chatbychance\/#breadcrumb\"},\"inLanguage\":\"tr\",\"potentialAction\":[{\"@type\":\"ReadAction\",\"target\":[\"https:\/\/strangercam.com\/chatbychance\/\"]}]},{\"@type\":\"ImageObject\",\"inLanguage\":\"tr\",\"@id\":\"https:\/\/strangercam.com\/chatbychance\/#primaryimage\",\"url\":\"https:\/\/strangercam.com\/wp-content\/uploads\/2024\/06\/ChatbyChance.avif\",\"contentUrl\":\"https:\/\/strangercam.com\/wp-content\/uploads\/2024\/06\/ChatbyChance.avif\",\"width\":1876,\"height\":878},{\"@type\":\"BreadcrumbList\",\"@id\":\"https:\/\/strangercam.com\/chatbychance\/#breadcrumb\",\"itemListElement\":[{\"@type\":\"ListItem\",\"position\":1,\"name\":\"Home\",\"item\":\"https:\/\/strangercam.com\/\"},{\"@type\":\"ListItem\",\"position\":2,\"name\":\"ChatbyChance\"}]},{\"@type\":\"WebSite\",\"@id\":\"https:\/\/strangercam.com\/#website\",\"url\":\"https:\/\/strangercam.com\/\",\"name\":\"Strangercam\",\"description\":\"Random Video Chat with Strangers\",\"publisher\":{\"@id\":\"https:\/\/strangercam.com\/#organization\"},\"alternateName\":\"Strangercam.com\",\"potentialAction\":[{\"@type\":\"SearchAction\",\"target\":{\"@type\":\"EntryPoint\",\"urlTemplate\":\"https:\/\/strangercam.com\/?s={search_term_string}\"},\"query-input\":{\"@type\":\"PropertyValueSpecification\",\"valueRequired\":true,\"valueName\":\"search_term_string\"}}],\"inLanguage\":\"tr\"},{\"@type\":\"Organization\",\"@id\":\"https:\/\/strangercam.com\/#organization\",\"name\":\"Strangercam\",\"alternateName\":\"Strangercam.com\",\"url\":\"https:\/\/strangercam.com\/\",\"logo\":{\"@type\":\"ImageObject\",\"inLanguage\":\"tr\",\"@id\":\"https:\/\/strangercam.com\/#\/schema\/logo\/image\/\",\"url\":\"https:\/\/strangercam.com\/wp-content\/uploads\/2020\/11\/cropped-new-favicon-black.png\",\"contentUrl\":\"https:\/\/strangercam.com\/wp-content\/uploads\/2020\/11\/cropped-new-favicon-black.png\",\"width\":512,\"height\":512,\"caption\":\"Strangercam\"},\"image\":{\"@id\":\"https:\/\/strangercam.com\/#\/schema\/logo\/image\/\"},\"sameAs\":[\"https:\/\/www.facebook.com\/strangercam\",\"https:\/\/x.com\/strangercamapp\"]}]}<\/script>\n<!-- \/ Yoast SEO plugin. -->","yoast_head_json":{"title":"ChatbyChance Rastgele G\u00f6r\u00fcnt\u00fcl\u00fc Sohbet - StrangerCam.com","description":"ChatbyChance'i be\u011fendiniz mi? Gelin Stranger Cam'de 5.000.000'dan fazla yabanc\u0131yla \u00dccretsiz sohbet edin! Kameran\u0131z\u0131 a\u00e7\u0131n ve yeni arkada\u015flar ve belki bir e\u015fle\u015fme bulun!","robots":{"index":"index","follow":"follow","max-snippet":"max-snippet:-1","max-image-preview":"max-image-preview:large","max-video-preview":"max-video-preview:-1"},"canonical":"https:\/\/strangercam.com\/tr\/chatbychance\/","og_locale":"tr_TR","og_type":"article","og_title":"ChatbyChance Random Video Chat - StrangerCam.com","og_description":"Like ChatbyChance? Come chat with more than 5.000.000 strangers on Stranger Cam for Free! Turn on your cam and find new friends & maby a match!","og_url":"https:\/\/strangercam.com\/tr\/chatbychance\/","og_site_name":"Strangercam","article_publisher":"https:\/\/www.facebook.com\/strangercam","article_modified_time":"2024-06-10T12:11:59+00:00","og_image":[{"width":800,"height":532,"url":"https:\/\/strangercam.com\/wp-content\/uploads\/2021\/10\/Untitled-2.png","type":"image\/png"}],"twitter_card":"summary_large_image","twitter_site":"@strangercamapp","twitter_misc":{"Tahmini okuma s\u00fcresi":"1 dakika"},"schema":{"@context":"https:\/\/schema.org","@graph":[{"@type":"WebPage","@id":"https:\/\/strangercam.com\/chatbychance\/","url":"https:\/\/strangercam.com\/chatbychance\/","name":"ChatbyChance Rastgele G\u00f6r\u00fcnt\u00fcl\u00fc Sohbet - StrangerCam.com","isPartOf":{"@id":"https:\/\/strangercam.com\/#website"},"primaryImageOfPage":{"@id":"https:\/\/strangercam.com\/chatbychance\/#primaryimage"},"image":{"@id":"https:\/\/strangercam.com\/chatbychance\/#primaryimage"},"thumbnailUrl":"https:\/\/strangercam.com\/wp-content\/uploads\/2024\/06\/ChatbyChance.avif","datePublished":"2024-06-10T12:11:20+00:00","dateModified":"2024-06-10T12:11:59+00:00","description":"ChatbyChance'i be\u011fendiniz mi? Gelin Stranger Cam'de 5.000.000'dan fazla yabanc\u0131yla \u00dccretsiz sohbet edin! Kameran\u0131z\u0131 a\u00e7\u0131n ve yeni arkada\u015flar ve belki bir e\u015fle\u015fme bulun!","breadcrumb":{"@id":"https:\/\/strangercam.com\/chatbychance\/#breadcrumb"},"inLanguage":"tr","potentialAction":[{"@type":"ReadAction","target":["https:\/\/strangercam.com\/chatbychance\/"]}]},{"@type":"ImageObject","inLanguage":"tr","@id":"https:\/\/strangercam.com\/chatbychance\/#primaryimage","url":"https:\/\/strangercam.com\/wp-content\/uploads\/2024\/06\/ChatbyChance.avif","contentUrl":"https:\/\/strangercam.com\/wp-content\/uploads\/2024\/06\/ChatbyChance.avif","width":1876,"height":878},{"@type":"BreadcrumbList","@id":"https:\/\/strangercam.com\/chatbychance\/#breadcrumb","itemListElement":[{"@type":"ListItem","position":1,"name":"Home","item":"https:\/\/strangercam.com\/"},{"@type":"ListItem","position":2,"name":"ChatbyChance"}]},{"@type":"WebSite","@id":"https:\/\/strangercam.com\/#website","url":"https:\/\/strangercam.com\/","name":"Strangercam","description":"Yabanc\u0131larla Rastgele G\u00f6r\u00fcnt\u00fcl\u00fc Sohbet","publisher":{"@id":"https:\/\/strangercam.com\/#organization"},"alternateName":"Strangercam.com","potentialAction":[{"@type":"SearchAction","target":{"@type":"EntryPoint","urlTemplate":"https:\/\/strangercam.com\/?s={search_term_string}"},"query-input":{"@type":"PropertyValueSpecification","valueRequired":true,"valueName":"search_term_string"}}],"inLanguage":"tr"},{"@type":"Organization","@id":"https:\/\/strangercam.com\/#organization","name":"Strangercam","alternateName":"Strangercam.com","url":"https:\/\/strangercam.com\/","logo":{"@type":"ImageObject","inLanguage":"tr","@id":"https:\/\/strangercam.com\/#\/schema\/logo\/image\/","url":"https:\/\/strangercam.com\/wp-content\/uploads\/2020\/11\/cropped-new-favicon-black.png","contentUrl":"https:\/\/strangercam.com\/wp-content\/uploads\/2020\/11\/cropped-new-favicon-black.png","width":512,"height":512,"caption":"Strangercam"},"image":{"@id":"https:\/\/strangercam.com\/#\/schema\/logo\/image\/"},"sameAs":["https:\/\/www.facebook.com\/strangercam","https:\/\/x.com\/strangercamapp"]}]}},"_links":{"self":[{"href":"https:\/\/strangercam.com\/tr\/wp-json\/wp\/v2\/pages\/12414","targetHints":{"allow":["GET"]}}],"collection":[{"href":"https:\/\/strangercam.com\/tr\/wp-json\/wp\/v2\/pages"}],"about":[{"href":"https:\/\/strangercam.com\/tr\/wp-json\/wp\/v2\/types\/page"}],"author":[{"embeddable":true,"href":"https:\/\/strangercam.com\/tr\/wp-json\/wp\/v2\/users\/6"}],"replies":[{"embeddable":true,"href":"https:\/\/strangercam.com\/tr\/wp-json\/wp\/v2\/comments?post=12414"}],"version-history":[{"count":0,"href":"https:\/\/strangercam.com\/tr\/wp-json\/wp\/v2\/pages\/12414\/revisions"}],"wp:featuredmedia":[{"embeddable":true,"href":"https:\/\/strangercam.com\/tr\/wp-json\/wp\/v2\/media\/12415"}],"wp:attachment":[{"href":"https:\/\/strangercam.com\/tr\/wp-json\/wp\/v2\/media?parent=12414"}],"curies":[{"name":"wp","href":"https:\/\/api.w.org\/{rel}","templated":true}]}}