{"id":12254,"date":"2025-09-29T10:09:11","date_gmt":"2025-09-29T08:09:11","guid":{"rendered":"https:\/\/strangercam.com\/?page_id=12254"},"modified":"2025-09-29T12:07:57","modified_gmt":"2025-09-29T10:07:57","slug":"amerikan-rastgele-goruntulu-arama","status":"publish","type":"page","link":"https:\/\/strangercam.com\/tr\/american-random-video-call\/","title":{"rendered":"Amerikan Rastgele G\u00f6r\u00fcnt\u00fcl\u00fc Arama"},"content":{"rendered":"<p>Amerikan rastgele g\u00f6r\u00fcnt\u00fcl\u00fc arama platformu mu ar\u0131yorsunuz? Do\u011fru yerdesiniz. 2025 y\u0131l\u0131nda binlerce insan, yeni arkada\u015flar edinmek, g\u00fcndelik sohbetlerin tad\u0131n\u0131 \u00e7\u0131karmak veya sadece Amerikan k\u00fclt\u00fcr\u00fcn\u00fc \u00e7evrimi\u00e7i ke\u015ffetmek i\u00e7in Amerika Birle\u015fik Devletleri'ndeki yabanc\u0131larla an\u0131nda ba\u011flant\u0131 kurman\u0131n yollar\u0131n\u0131 ar\u0131yor. Geleneksel arkada\u015fl\u0131k uygulamalar\u0131n\u0131n veya sosyal a\u011flar\u0131n aksine, rastgele g\u00f6r\u00fcnt\u00fcl\u00fc arama platformlar\u0131 ger\u00e7ek insanlarla saniyeler i\u00e7inde y\u00fcz y\u00fcze g\u00f6r\u00fc\u015fmenizi sa\u011flar.<\/p>\n<p>StrangerCam gibi hizmetlerle hemen \u015fimdi rastgele bir Amerikan g\u00f6r\u00fcnt\u00fcl\u00fc g\u00f6r\u00fc\u015fmesine kat\u0131labilirsiniz. Kay\u0131t yok, \u00fccret yok, beklemek yok - sadece ABD ve \u00f6tesindeki insanlarla an\u0131nda g\u00f6r\u00fcnt\u00fcl\u00fc konu\u015fmalar.<\/p>\n<p>Bu k\u0131lavuz bilmeniz gereken her \u015feyi a\u00e7\u0131klayacakt\u0131r: Amerikan rastgele g\u00f6r\u00fcnt\u00fcl\u00fc aramalar\u0131n\u0131n ne oldu\u011fu, neden pop\u00fcler olduklar\u0131, nas\u0131l \u00e7al\u0131\u015ft\u0131klar\u0131, hangi \u00f6zellikleri arayacaklar\u0131, en iyi platformlar\u0131n kar\u015f\u0131la\u015ft\u0131rmas\u0131, g\u00fcvenlik ipu\u00e7lar\u0131 ve StrangerCam'in neden bug\u00fcn en iyi se\u00e7eneklerden biri oldu\u011fu.<\/p>\n<h2>Amerikan Rastgele G\u00f6r\u00fcnt\u00fcl\u00fc G\u00f6r\u00fc\u015fmesi Nedir?<\/h2>\n<p>Amerikan rastgele video g\u00f6r\u00fc\u015fmesi, bire bir \u00e7evrimi\u00e7i video g\u00f6r\u00fc\u015fmesidir <a href=\"https:\/\/strangercam.com\/tr\/chathub\/\">sohbet<\/a> sizi Amerika Birle\u015fik Devletleri'ndeki yabanc\u0131larla bulu\u015fturuyor. Deneyim basittir:<\/p>\n<ul>\n<li>Bir d\u00fc\u011fmeye t\u0131kl\u0131yorsunuz.<\/li>\n<li>ABD'de yeni biriyle an\u0131nda e\u015fle\u015firsiniz.<\/li>\n<li>Web kameran\u0131z\u0131 ve mikrofonunuzu kullanarak y\u00fcz y\u00fcze konu\u015fabilirsiniz.<\/li>\n<li>E\u015fle\u015fmeyi be\u011fenmediniz mi? Devam etmek i\u00e7in \u0130leri'ye t\u0131klay\u0131n.<\/li>\n<\/ul>\n<p>Arkada\u015fl\u0131k uygulamalar\u0131n\u0131n aksine, e\u015fle\u015fmeleri beklemek veya uzun biyografiler yazmak yoktur. Do\u011frudan, e\u011flenceli ve \u00f6ng\u00f6r\u00fclemez.<\/p>\n<h2>\u0130nsanlar Amerikan Rastgele G\u00f6r\u00fcnt\u00fcl\u00fc G\u00f6r\u00fc\u015fmesini Neden Seviyor?<\/h2>\n<p>ABD'de yabanc\u0131larla ba\u011flant\u0131 kurman\u0131n cazibesi a\u00e7\u0131kt\u0131r:<\/p>\n<ul>\n<li>K\u00fclt\u00fcrel Merak: Farkl\u0131 eyaletlerden, ge\u00e7mi\u015flerden ve ya\u015fam tarzlar\u0131ndan Amerikal\u0131larla tan\u0131\u015f\u0131n.<\/li>\n<li>\u0130ngilizce pratik yap\u0131n: Bir\u00e7ok uluslararas\u0131 kullan\u0131c\u0131, dil becerilerini geli\u015ftirmek i\u00e7in Amerikan rastgele g\u00f6r\u00fcnt\u00fcl\u00fc aramalar\u0131n\u0131 kullan\u0131r.<\/li>\n<li>Arkada\u015fl\u0131k ve Fl\u00f6rt: \u0130ster g\u00fcndelik sohbet ister e\u011flenceli fl\u00f6rt etmek isteyin, rastgele sohbet m\u00fckemmeldir.<\/li>\n<li>Spontanl\u0131k: Her g\u00f6r\u00fc\u015fme farkl\u0131d\u0131r - bir sonraki g\u00f6r\u00fc\u015fmenizde kiminle kar\u015f\u0131la\u015faca\u011f\u0131n\u0131z\u0131 asla bilemezsiniz.<\/li>\n<li>Eri\u015filebilirlik: \u00dccretsiz, an\u0131nda ve kay\u0131t gerektirmiyor.<\/li>\n<\/ul>\n<h2>Amerikan Rastgele G\u00f6r\u00fcnt\u00fcl\u00fc Arama Nas\u0131l \u00c7al\u0131\u015f\u0131r?<\/h2>\n<p>Sadece birka\u00e7 ad\u0131m s\u00fcrer:<\/p>\n<ol>\n<li>Platformu a\u00e7\u0131n (StrangerCam gibi).<\/li>\n<li>Kamera ve mikrofon eri\u015fimine izin verin.<\/li>\n<li>\"G\u00f6r\u00fcnt\u00fcl\u00fc Arama Ba\u015flat \"a t\u0131klay\u0131n.<\/li>\n<li>Amerika'daki bir yabanc\u0131yla an\u0131nda e\u015fle\u015fin.<\/li>\n<li>Yeni biriyle tan\u0131\u015fmak i\u00e7in istedi\u011finiz zaman \"\u0130leri \"ye t\u0131klay\u0131n.<\/li>\n<\/ol>\n<p>\u0130\u015fte bu kadar - h\u0131zl\u0131, kolay ve her zaman \u00fccretsiz.<\/p>\n<h2>Amerikan Rastgele G\u00f6r\u00fcnt\u00fcl\u00fc Arama Platformunda Aranacak \u00d6zellikler<\/h2>\n<p>T\u00fcm platformlar ayn\u0131 deneyimi sunmaz. \u0130\u015fte en \u00f6nemli \u015fey:<\/p>\n<ul>\n<li>Konum Filtreleri: \u00d6zellikle ABD'deki kullan\u0131c\u0131larla e\u015fle\u015ftirme yapabilme.<\/li>\n<li>\u00dccretsiz Eri\u015fim: Gizli \u00f6deme duvarlar\u0131 olmadan s\u0131n\u0131rs\u0131z kullan\u0131m.<\/li>\n<li>Kay\u0131t Yok: Hesaps\u0131z an\u0131nda sohbet.<\/li>\n<li>Mobil Dostu: iOS ve Android'de sorunsuz \u00e7al\u0131\u015f\u0131r.<\/li>\n<li>G\u00fcvenli Moderasyon: Botlara ve uygunsuz i\u00e7eri\u011fe kar\u015f\u0131 koruma.<\/li>\n<li>Video Kalitesi: Ger\u00e7ek ba\u011flant\u0131lar i\u00e7in net video ve ses.<\/li>\n<\/ul>\n<h2>2025'in En \u0130yi Amerikan Rastgele G\u00f6r\u00fcnt\u00fcl\u00fc G\u00f6r\u00fc\u015fme Platformlar\u0131<\/h2>\n<p>\u0130\u015fte g\u00fcn\u00fcm\u00fcz\u00fcn en pop\u00fcler hizmetlerinin kar\u015f\u0131la\u015ft\u0131rmas\u0131:<\/p>\n<table>\n<thead>\n<tr>\n<th>Platform<\/th>\n<th align=\"center\">\u00dccretsiz Eri\u015fim<\/th>\n<th align=\"center\">ABD Konum Filtresi<\/th>\n<th align=\"center\">Kay\u0131t Gerekli<\/th>\n<th align=\"center\">Mobil Destek<\/th>\n<th align=\"center\">Moderasyon<\/th>\n<th>Notlar<\/th>\n<\/tr>\n<\/thead>\n<tbody>\n<tr>\n<td>StrangerCam<\/td>\n<td align=\"center\">\u2705<\/td>\n<td align=\"center\">\u2705 (\u00dccretsiz)<\/td>\n<td align=\"center\">\u274c<\/td>\n<td align=\"center\">\u2705<\/td>\n<td align=\"center\">\u2705<\/td>\n<td>Genel olarak en iyisi: \u00fccretsiz, ABD odakl\u0131<\/td>\n<\/tr>\n<tr>\n<td><a href=\"https:\/\/strangercam.com\/tr\/chatroulette\/\">Chatroulette<\/a><\/td>\n<td align=\"center\">\u2705<\/td>\n<td align=\"center\">\u274c<\/td>\n<td align=\"center\">\u274c<\/td>\n<td align=\"center\">\u2705<\/td>\n<td align=\"center\">\u2705<\/td>\n<td>Klasik, sadece rastgele<\/td>\n<\/tr>\n<tr>\n<td>Chatrandom<\/td>\n<td align=\"center\">\u2705<\/td>\n<td align=\"center\">\u2705 (\u00dccretli)<\/td>\n<td align=\"center\">\u274c<\/td>\n<td align=\"center\">\u2705<\/td>\n<td align=\"center\">\u2705<\/td>\n<td>Pop\u00fcler, ancak y\u00fckseltmeler maliyetli<\/td>\n<\/tr>\n<tr>\n<td><a href=\"https:\/\/strangercam.com\/tr\/ometv\/\">OmeTV<\/a><\/td>\n<td align=\"center\">\u2705<\/td>\n<td align=\"center\">\u274c<\/td>\n<td align=\"center\">\u274c<\/td>\n<td align=\"center\">\u2705<\/td>\n<td align=\"center\">\u2705<\/td>\n<td>Uygulama tabanl\u0131, k\u00fcresel odakl\u0131<\/td>\n<\/tr>\n<tr>\n<td>Shagle<\/td>\n<td align=\"center\">\u2705<\/td>\n<td align=\"center\">\u2705 (\u00dccretli)<\/td>\n<td align=\"center\">\u274c<\/td>\n<td align=\"center\">\u2705<\/td>\n<td align=\"center\">\u2705<\/td>\n<td>Premium \u00f6zellikler kilitli<\/td>\n<\/tr>\n<tr>\n<td><a href=\"https:\/\/strangercam.com\/tr\/coomeet\/\">CooMeet<\/a><\/td>\n<td align=\"center\">\u274c (Deneme)<\/td>\n<td align=\"center\">\u2705<\/td>\n<td align=\"center\">\u2705<\/td>\n<td align=\"center\">\u2705<\/td>\n<td align=\"center\">\u2705<\/td>\n<td>\u00dccretli, kad\u0131nlarla tan\u0131\u015fan erkeklere odakl\u0131<\/td>\n<\/tr>\n<\/tbody>\n<\/table>\n<p>StrangerCam, kay\u0131t olmadan ve s\u0131n\u0131rs\u0131z kullan\u0131mla \u00f6zellikle Amerikal\u0131larla \u00fccretsiz rastgele video g\u00f6r\u00fc\u015fmeleri sunan tek platformlardan biridir.<\/p>\n<h2>StrangerCam Neden En \u0130yi Se\u00e7imdir?<\/h2>\n<p>\u0130\u015fte StrangerCam'in \"Amerikan rastgele g\u00f6r\u00fcnt\u00fcl\u00fc arama\" arayan herkes i\u00e7in m\u00fckemmel olmas\u0131n\u0131n nedeni:<\/p>\n<ul>\n<li>Tamamen \u00dccretsiz ve S\u0131n\u0131rs\u0131z - Deneme veya kredi sistemi yok.<\/li>\n<li>ABD Konum E\u015fle\u015ftirme - Amerika Birle\u015fik Devletleri'ndeki ger\u00e7ek insanlarla tan\u0131\u015f\u0131n.<\/li>\n<li>Kay\u0131t Olman\u0131za Gerek Yok - Anonim kal\u0131n ve an\u0131nda ba\u015flay\u0131n.<\/li>\n<li>G\u00fcvenli ve Il\u0131ml\u0131 - Eski Omegle tarz\u0131 platformlara g\u00f6re daha g\u00fc\u00e7l\u00fc g\u00fcvenlik.<\/li>\n<li>Mobil ve Masa\u00fcst\u00fc Haz\u0131r - Her yerde, her zaman \u00e7al\u0131\u015f\u0131r.<\/li>\n<li>\u00c7e\u015fitli Kullan\u0131c\u0131 Taban\u0131 - K\u0131y\u0131dan k\u0131y\u0131ya Amerikal\u0131larla tan\u0131\u015f\u0131n.<\/li>\n<\/ul>\n<h2>Ger\u00e7ek Kullan\u0131c\u0131 G\u00f6r\u00fc\u015fleri<\/h2>\n<blockquote><p>\"\u0130ngilizce pratik yapmak istedim ve Amerikal\u0131 rastgele g\u00f6r\u00fcnt\u00fcl\u00fc aramalar arad\u0131m. StrangerCam beni New York ve Kaliforniya'dan insanlarla dakikalar i\u00e7inde bulu\u015fturdu.\"<br \/>\n- Daniel, 24 (\u0130spanya)<\/p><\/blockquote>\n<blockquote><p>\"Rastgele Amerikal\u0131larla tan\u0131\u015fmak \u00e7ok e\u011flenceli - bazen s\u0131radan, bazen fl\u00f6rt\u00f6z, her zaman heyecan verici.\"<br \/>\n- Sophia, 21 (Kanada)<\/p><\/blockquote>\n<blockquote><p>\"Di\u011fer sitelerin aksine, bu site ger\u00e7ekten \u00fccretsiz. Kay\u0131t yok, hile yok.\"<br \/>\n- Ryan, 29 (ABD)<\/p><\/blockquote>\n<blockquote><p>\"\u015eimdiden Teksas, Florida ve Chicago'dan insanlarla harika sohbetler yapt\u0131m. Ger\u00e7ek ve g\u00fcvenli hissettiriyor.\"<br \/>\n- Leah, 20 (Almanya)<\/p><\/blockquote>\n<h2>Amerikan Rastgele G\u00f6r\u00fcnt\u00fcl\u00fc G\u00f6r\u00fc\u015fmeleri i\u00e7in G\u00fcvenlik \u0130pu\u00e7lar\u0131<\/h2>\n<p>ABD'de yabanc\u0131larla sohbet etmek e\u011flenceli olsa da, her zaman g\u00fcvende kal\u0131n:<\/p>\n<ul>\n<li>Asla ki\u015fisel bilgilerinizi (telefon, adres, i\u015f yeri) payla\u015fmay\u0131n.<\/li>\n<li>Sohbetler s\u0131ras\u0131nda \u015f\u00fcpheli ba\u011flant\u0131lardan ka\u00e7\u0131n\u0131n.<\/li>\n<li>Biri sizi rahats\u0131z ediyorsa Skip\/Block'u kullan\u0131n.<\/li>\n<li>Web kameran\u0131z\u0131 a\u00e7madan \u00f6nce arka plan\u0131n\u0131z\u0131 kontrol edin.<\/li>\n<li>Ger\u00e7ek ad\u0131n\u0131z yerine bir takma ad kullan\u0131n.<\/li>\n<li>Platform ya\u015f kurallar\u0131na sayg\u0131 g\u00f6sterin - 18 ya\u015f\u0131n alt\u0131ndaysan\u0131z, yeti\u015fkin sohbetini kullanmay\u0131n.<\/li>\n<\/ul>\n<h2>Nas\u0131l Ba\u015flan\u0131r - Ad\u0131m Ad\u0131m<\/h2>\n<p>\u0130lk Amerikan rastgele g\u00f6r\u00fcnt\u00fcl\u00fc araman\u0131za nas\u0131l ba\u015flayaca\u011f\u0131n\u0131z\u0131 a\u015fa\u011f\u0131da bulabilirsiniz:<\/p>\n<ol>\n<li>StrangerCam'i taray\u0131c\u0131n\u0131zda veya mobil cihaz\u0131n\u0131zda a\u00e7\u0131n.<\/li>\n<li>Kamera ve mikrofon eri\u015fimine izin verin.<\/li>\n<li>ABD filtresini se\u00e7in (varsa).<\/li>\n<li>Sohbeti Ba\u015flat'a t\u0131klay\u0131n.<\/li>\n<li>An\u0131nda Amerikal\u0131 bir yabanc\u0131yla tan\u0131\u015f\u0131n.<\/li>\n<li>Yeni biriyle tan\u0131\u015fmak i\u00e7in istedi\u011finiz zaman \u0130leri'ye bas\u0131n.<\/li>\n<\/ol>\n<p>2025 y\u0131l\u0131nda, Amerikan rastgele g\u00f6r\u00fcnt\u00fcl\u00fc aramalar\u0131na olan talep hi\u00e7 bu kadar y\u00fcksek olmam\u0131\u015ft\u0131. D\u00fcnyan\u0131n d\u00f6rt bir yan\u0131ndaki insanlar arkada\u015fl\u0131k, e\u011flence ve k\u00fclt\u00fcrel al\u0131\u015fveri\u015f i\u00e7in Amerikal\u0131larla ba\u011flant\u0131 kurmay\u0131 merak ediyor.<\/p>\n<p>StrangerCam gibi platformlar bunu kolayla\u015ft\u0131r\u0131yor: ABD'deki ger\u00e7ek insanlarla \u00fccretsiz, an\u0131nda ve g\u00fcvenli video g\u00f6r\u00fc\u015fmeleri. Kay\u0131t yok, gizli \u00fccretler yok - sadece bir d\u00fc\u011fmeye t\u0131klayarak Amerikal\u0131larla spontane ba\u011flant\u0131lar.<\/p>\n<p>Yeni biriyle tan\u0131\u015fmaya haz\u0131r m\u0131s\u0131n\u0131z? Amerikan rastgele g\u00f6r\u00fcnt\u00fcl\u00fc araman\u0131z\u0131 bug\u00fcn ba\u015flat\u0131n ve bir sonraki kiminle ba\u011flant\u0131 kuraca\u011f\u0131n\u0131z\u0131 g\u00f6r\u00fcn.<\/p>","protected":false},"excerpt":{"rendered":"<p>Looking for an American random video call platform? You\u2019re in the right place. In 2025, thousands of people search for ways to connect instantly with strangers in the United States\u2014whether to make new friends, enjoy casual conversations, or simply explore American culture online. Unlike traditional dating apps or social networks, random video call platforms let [&hellip;]<\/p>\n","protected":false},"author":8,"featured_media":0,"parent":0,"menu_order":0,"comment_status":"closed","ping_status":"closed","template":"","meta":{"footnotes":""},"class_list":["post-12254","page","type-page","status-publish","hentry"],"yoast_head":"<!-- This site is optimized with the Yoast SEO plugin v27.4 - https:\/\/yoast.com\/product\/yoast-seo-wordpress\/ -->\n<title>American Random Video Call with Video Chat on Strangercam.com<\/title>\n<meta name=\"description\" content=\"Liking American Random Video Call? Join millions on StrangerCam.com! Start a random video chat, turn on your cam, and meet strangers instantly.\" \/>\n<meta name=\"robots\" content=\"index, follow, max-snippet:-1, max-image-preview:large, max-video-preview:-1\" \/>\n<link rel=\"canonical\" href=\"https:\/\/strangercam.com\/tr\/amerikan-rastgele-goruntulu-arama\/\" \/>\n<meta property=\"og:locale\" content=\"tr_TR\" \/>\n<meta property=\"og:type\" content=\"article\" \/>\n<meta property=\"og:title\" content=\"American Random Video Call with Video Chat on Strangercam.com\" \/>\n<meta property=\"og:description\" content=\"Liking American Random Video Call? Join millions on StrangerCam.com! Start a random video chat, turn on your cam, and meet strangers instantly.\" \/>\n<meta property=\"og:url\" content=\"https:\/\/strangercam.com\/tr\/amerikan-rastgele-goruntulu-arama\/\" \/>\n<meta property=\"og:site_name\" content=\"Strangercam\" \/>\n<meta property=\"article:publisher\" content=\"https:\/\/www.facebook.com\/strangercam\" \/>\n<meta property=\"article:modified_time\" content=\"2025-09-29T10:07:57+00:00\" \/>\n<meta property=\"og:image\" content=\"https:\/\/strangercam.com\/wp-content\/uploads\/2021\/10\/Untitled-2.png\" \/>\n\t<meta property=\"og:image:width\" content=\"800\" \/>\n\t<meta property=\"og:image:height\" content=\"532\" \/>\n\t<meta property=\"og:image:type\" content=\"image\/png\" \/>\n<meta name=\"twitter:card\" content=\"summary_large_image\" \/>\n<meta name=\"twitter:site\" content=\"@strangercamapp\" \/>\n<meta name=\"twitter:label1\" content=\"Tahmini okuma s\u00fcresi\" \/>\n\t<meta name=\"twitter:data1\" content=\"4 dakika\" \/>\n<script type=\"application\/ld+json\" class=\"yoast-schema-graph\">{\"@context\":\"https:\\\/\\\/schema.org\",\"@graph\":[{\"@type\":\"WebPage\",\"@id\":\"https:\\\/\\\/strangercam.com\\\/american-random-video-call\\\/\",\"url\":\"https:\\\/\\\/strangercam.com\\\/american-random-video-call\\\/\",\"name\":\"American Random Video Call with Video Chat on Strangercam.com\",\"isPartOf\":{\"@id\":\"https:\\\/\\\/strangercam.com\\\/#website\"},\"datePublished\":\"2025-09-29T08:09:11+00:00\",\"dateModified\":\"2025-09-29T10:07:57+00:00\",\"description\":\"Liking American Random Video Call? Join millions on StrangerCam.com! Start a random video chat, turn on your cam, and meet strangers instantly.\",\"breadcrumb\":{\"@id\":\"https:\\\/\\\/strangercam.com\\\/american-random-video-call\\\/#breadcrumb\"},\"inLanguage\":\"tr\",\"potentialAction\":[{\"@type\":\"ReadAction\",\"target\":[\"https:\\\/\\\/strangercam.com\\\/american-random-video-call\\\/\"]}]},{\"@type\":\"BreadcrumbList\",\"@id\":\"https:\\\/\\\/strangercam.com\\\/american-random-video-call\\\/#breadcrumb\",\"itemListElement\":[{\"@type\":\"ListItem\",\"position\":1,\"name\":\"Home\",\"item\":\"https:\\\/\\\/strangercam.com\\\/\"},{\"@type\":\"ListItem\",\"position\":2,\"name\":\"American Random Video Call\"}]},{\"@type\":\"WebSite\",\"@id\":\"https:\\\/\\\/strangercam.com\\\/#website\",\"url\":\"https:\\\/\\\/strangercam.com\\\/\",\"name\":\"Strangercam\",\"description\":\"Random Video Chat with Strangers\",\"publisher\":{\"@id\":\"https:\\\/\\\/strangercam.com\\\/#organization\"},\"alternateName\":\"Strangercam.com\",\"potentialAction\":[{\"@type\":\"SearchAction\",\"target\":{\"@type\":\"EntryPoint\",\"urlTemplate\":\"https:\\\/\\\/strangercam.com\\\/?s={search_term_string}\"},\"query-input\":{\"@type\":\"PropertyValueSpecification\",\"valueRequired\":true,\"valueName\":\"search_term_string\"}}],\"inLanguage\":\"tr\"},{\"@type\":\"Organization\",\"@id\":\"https:\\\/\\\/strangercam.com\\\/#organization\",\"name\":\"Strangercam\",\"alternateName\":\"Strangercam.com\",\"url\":\"https:\\\/\\\/strangercam.com\\\/\",\"logo\":{\"@type\":\"ImageObject\",\"inLanguage\":\"tr\",\"@id\":\"https:\\\/\\\/strangercam.com\\\/#\\\/schema\\\/logo\\\/image\\\/\",\"url\":\"https:\\\/\\\/strangercam.com\\\/wp-content\\\/uploads\\\/2020\\\/11\\\/cropped-new-favicon-black.png\",\"contentUrl\":\"https:\\\/\\\/strangercam.com\\\/wp-content\\\/uploads\\\/2020\\\/11\\\/cropped-new-favicon-black.png\",\"width\":512,\"height\":512,\"caption\":\"Strangercam\"},\"image\":{\"@id\":\"https:\\\/\\\/strangercam.com\\\/#\\\/schema\\\/logo\\\/image\\\/\"},\"sameAs\":[\"https:\\\/\\\/www.facebook.com\\\/strangercam\",\"https:\\\/\\\/x.com\\\/strangercamapp\"]}]}<\/script>\n<!-- \/ Yoast SEO plugin. -->","yoast_head_json":{"title":"Strangercam.com'da G\u00f6r\u00fcnt\u00fcl\u00fc Sohbet ile Amerikan Rastgele G\u00f6r\u00fcnt\u00fcl\u00fc G\u00f6r\u00fc\u015fme","description":"Amerikan Rastgele G\u00f6r\u00fcnt\u00fcl\u00fc G\u00f6r\u00fc\u015fmesini Be\u011fendiniz mi? StrangerCam.com'da Join milyonlarca! Rastgele bir g\u00f6r\u00fcnt\u00fcl\u00fc sohbet ba\u015flat\u0131n, kameran\u0131z\u0131 a\u00e7\u0131n ve yabanc\u0131larla an\u0131nda tan\u0131\u015f\u0131n.","robots":{"index":"index","follow":"follow","max-snippet":"max-snippet:-1","max-image-preview":"max-image-preview:large","max-video-preview":"max-video-preview:-1"},"canonical":"https:\/\/strangercam.com\/tr\/amerikan-rastgele-goruntulu-arama\/","og_locale":"tr_TR","og_type":"article","og_title":"American Random Video Call with Video Chat on Strangercam.com","og_description":"Liking American Random Video Call? Join millions on StrangerCam.com! Start a random video chat, turn on your cam, and meet strangers instantly.","og_url":"https:\/\/strangercam.com\/tr\/amerikan-rastgele-goruntulu-arama\/","og_site_name":"Strangercam","article_publisher":"https:\/\/www.facebook.com\/strangercam","article_modified_time":"2025-09-29T10:07:57+00:00","og_image":[{"width":800,"height":532,"url":"https:\/\/strangercam.com\/wp-content\/uploads\/2021\/10\/Untitled-2.png","type":"image\/png"}],"twitter_card":"summary_large_image","twitter_site":"@strangercamapp","twitter_misc":{"Tahmini okuma s\u00fcresi":"4 dakika"},"schema":{"@context":"https:\/\/schema.org","@graph":[{"@type":"WebPage","@id":"https:\/\/strangercam.com\/american-random-video-call\/","url":"https:\/\/strangercam.com\/american-random-video-call\/","name":"Strangercam.com'da G\u00f6r\u00fcnt\u00fcl\u00fc Sohbet ile Amerikan Rastgele G\u00f6r\u00fcnt\u00fcl\u00fc G\u00f6r\u00fc\u015fme","isPartOf":{"@id":"https:\/\/strangercam.com\/#website"},"datePublished":"2025-09-29T08:09:11+00:00","dateModified":"2025-09-29T10:07:57+00:00","description":"Amerikan Rastgele G\u00f6r\u00fcnt\u00fcl\u00fc G\u00f6r\u00fc\u015fmesini Be\u011fendiniz mi? StrangerCam.com'da Join milyonlarca! Rastgele bir g\u00f6r\u00fcnt\u00fcl\u00fc sohbet ba\u015flat\u0131n, kameran\u0131z\u0131 a\u00e7\u0131n ve yabanc\u0131larla an\u0131nda tan\u0131\u015f\u0131n.","breadcrumb":{"@id":"https:\/\/strangercam.com\/american-random-video-call\/#breadcrumb"},"inLanguage":"tr","potentialAction":[{"@type":"ReadAction","target":["https:\/\/strangercam.com\/american-random-video-call\/"]}]},{"@type":"BreadcrumbList","@id":"https:\/\/strangercam.com\/american-random-video-call\/#breadcrumb","itemListElement":[{"@type":"ListItem","position":1,"name":"Home","item":"https:\/\/strangercam.com\/"},{"@type":"ListItem","position":2,"name":"American Random Video Call"}]},{"@type":"WebSite","@id":"https:\/\/strangercam.com\/#website","url":"https:\/\/strangercam.com\/","name":"Strangercam","description":"Yabanc\u0131larla Rastgele G\u00f6r\u00fcnt\u00fcl\u00fc Sohbet","publisher":{"@id":"https:\/\/strangercam.com\/#organization"},"alternateName":"Strangercam.com","potentialAction":[{"@type":"SearchAction","target":{"@type":"EntryPoint","urlTemplate":"https:\/\/strangercam.com\/?s={search_term_string}"},"query-input":{"@type":"PropertyValueSpecification","valueRequired":true,"valueName":"search_term_string"}}],"inLanguage":"tr"},{"@type":"Organization","@id":"https:\/\/strangercam.com\/#organization","name":"Strangercam","alternateName":"Strangercam.com","url":"https:\/\/strangercam.com\/","logo":{"@type":"ImageObject","inLanguage":"tr","@id":"https:\/\/strangercam.com\/#\/schema\/logo\/image\/","url":"https:\/\/strangercam.com\/wp-content\/uploads\/2020\/11\/cropped-new-favicon-black.png","contentUrl":"https:\/\/strangercam.com\/wp-content\/uploads\/2020\/11\/cropped-new-favicon-black.png","width":512,"height":512,"caption":"Strangercam"},"image":{"@id":"https:\/\/strangercam.com\/#\/schema\/logo\/image\/"},"sameAs":["https:\/\/www.facebook.com\/strangercam","https:\/\/x.com\/strangercamapp"]}]}},"_links":{"self":[{"href":"https:\/\/strangercam.com\/tr\/wp-json\/wp\/v2\/pages\/12254","targetHints":{"allow":["GET"]}}],"collection":[{"href":"https:\/\/strangercam.com\/tr\/wp-json\/wp\/v2\/pages"}],"about":[{"href":"https:\/\/strangercam.com\/tr\/wp-json\/wp\/v2\/types\/page"}],"author":[{"embeddable":true,"href":"https:\/\/strangercam.com\/tr\/wp-json\/wp\/v2\/users\/8"}],"replies":[{"embeddable":true,"href":"https:\/\/strangercam.com\/tr\/wp-json\/wp\/v2\/comments?post=12254"}],"version-history":[{"count":2,"href":"https:\/\/strangercam.com\/tr\/wp-json\/wp\/v2\/pages\/12254\/revisions"}],"predecessor-version":[{"id":13051,"href":"https:\/\/strangercam.com\/tr\/wp-json\/wp\/v2\/pages\/12254\/revisions\/13051"}],"wp:attachment":[{"href":"https:\/\/strangercam.com\/tr\/wp-json\/wp\/v2\/media?parent=12254"}],"curies":[{"name":"wp","href":"https:\/\/api.w.org\/{rel}","templated":true}]}}