{"id":11954,"date":"2025-07-24T09:21:22","date_gmt":"2025-07-24T07:21:22","guid":{"rendered":"https:\/\/strangercam.com\/?page_id=11954"},"modified":"2025-07-24T09:26:04","modified_gmt":"2025-07-24T07:26:04","slug":"luckycrush","status":"publish","type":"page","link":"https:\/\/strangercam.com\/tr\/luckycrush\/","title":{"rendered":"LuckyCrush"},"content":{"rendered":"<p>Sonsuz kayd\u0131rma ve s\u0131\u011f metin sohbetleri d\u00fcnyas\u0131nda LuckyCrush gibi platformlar, kar\u015f\u0131 cinsten yabanc\u0131larla canl\u0131, bire bir ba\u011flant\u0131lara odaklanarak \u00e7evrimi\u00e7i bulu\u015fma ve rastgele g\u00f6r\u00fcnt\u00fcl\u00fc sohbeti sars\u0131yor. LuckyCrush sadece ba\u015fka bir <a href=\"https:\/\/strangercam.com\/tr\/bazoocam\/\">cam<\/a> sohbet sitesi - d\u00fcnyan\u0131n d\u00f6rt bir yan\u0131ndan erkekleri kad\u0131nlarla (ve tam tersi) e\u015fle\u015ftirmek i\u00e7in tasarlanm\u0131\u015f benzersiz, oyunla\u015ft\u0131r\u0131lm\u0131\u015f bir platformdur ve genellikle h\u0131zl\u0131 bulu\u015fma ile fl\u00f6rt kameras\u0131 aras\u0131ndaki \u00e7izgileri bulan\u0131kla\u015ft\u0131ran anl\u0131k, \u00f6zel g\u00f6r\u00fcnt\u00fcl\u00fc konu\u015fmalar yapar. <a href=\"https:\/\/strangercam.com\/tr\/chatroulette\/\">rulet<\/a>.<\/p>\n<p>Ama LuckyCrush ger\u00e7ek bir anla\u015fma m\u0131? Nas\u0131l \u00e7al\u0131\u015f\u0131r, kimin i\u00e7indir ve zaman\u0131n\u0131za ve paran\u0131za de\u011fer mi? Bu derinlemesine inceleme, 2025 y\u0131l\u0131nda LuckyCrush hakk\u0131nda bilmeniz gereken her \u015feyi kapsar: \u00f6zellikleri, kullan\u0131c\u0131 taban\u0131, fiyatland\u0131rma, g\u00fcvenlik ve b\u00fcy\u00fcyen g\u00f6r\u00fcnt\u00fcl\u00fc sohbet siteleri kalabal\u0131\u011f\u0131na kar\u015f\u0131 nas\u0131l y\u0131\u011f\u0131ld\u0131\u011f\u0131.<\/p>\n<h2>LuckyCrush nedir?<\/h2>\n<p>LuckyCrush, erkekleri ve kad\u0131nlar\u0131 canl\u0131, \u00f6zel, bire bir g\u00f6r\u00fcnt\u00fcl\u00fc g\u00f6r\u00fc\u015fmelerde bulu\u015fturan yenilik\u00e7i bir rastgele g\u00f6r\u00fcnt\u00fcl\u00fc sohbet web sitesidir. Herkesi herkesle e\u015fle\u015ftiren \u00e7o\u011fu rastgele sohbet platformunun aksine, LuckyCrush yaln\u0131zca erkekleri kad\u0131nlarla ve kad\u0131nlar\u0131 erkeklerle bulu\u015fturarak fl\u00f6rt, fl\u00f6rt ve e\u011flenceye e\u015fit bir ortam yarat\u0131r.<\/p>\n<p>Platform taray\u0131c\u0131 tabanl\u0131d\u0131r, k\u00fcresel olarak \u00e7al\u0131\u015f\u0131r ve an\u0131nda eri\u015fim vaat eder - uzun kay\u0131t, kayd\u0131rma ve doldurulacak profil yoktur. \u0130ster h\u0131zl\u0131 bir fl\u00f6rt, ister yeni bir arkada\u015f, hatta dijital bir romantizm ar\u0131yor olun, LuckyCrush ger\u00e7ek zamanl\u0131 video ile h\u0131zl\u0131 bulu\u015fmaya modern bir bak\u0131\u015f a\u00e7\u0131s\u0131 sunuyor.<\/p>\n<h2>LuckyCrush'\u0131n Amac\u0131 Nedir?<\/h2>\n<p>LuckyCrush, \u00e7evrimi\u00e7i sohbet ve fl\u00f6rt d\u00fcnyas\u0131ndaki iki b\u00fcy\u00fck bo\u015flu\u011fu gidermek i\u00e7in olu\u015fturuldu:<\/p>\n<ul>\n<li>\u00c7o\u011fu rastgele sohbet sitesinde ger\u00e7ek erkek-kad\u0131n e\u015fle\u015fmesinin olmamas\u0131<\/li>\n<li>Spontane, senaryosuz ve ki\u015fisel video etkile\u015fimlerine olan talep<\/li>\n<\/ul>\n<p>Misyonu, h\u0131zl\u0131 bulu\u015fma ve orijinal sohbet ruleti aras\u0131nda bir ge\u00e7i\u015f gibi hissettiren bir formatta, d\u00fcnya \u00e7ap\u0131nda bekarlarla tan\u0131\u015fmay\u0131 ve fl\u00f6rt etmeyi h\u0131zl\u0131 ve zahmetsiz hale getirmektir - ancak sadece g\u00fcndelik sohbet de\u011fil, kimya arayan insanlar i\u00e7in uyarlanm\u0131\u015ft\u0131r.<\/p>\n<p>\u0130ster e\u011flenmek, fl\u00f6rt etmek, ba\u015fka bir dil prati\u011fi yapmak veya farkl\u0131 k\u00fclt\u00fcrlerden yeni ba\u011flant\u0131lar kurmak isteyin, LuckyCrush bunu saniyeler i\u00e7inde m\u00fcmk\u00fcn k\u0131lar.<\/p>\n<h2>Temel \u00d6zellikler<\/h2>\n<p>1. Bire Bir G\u00f6r\u00fcnt\u00fcl\u00fc Sohbet, Her Zaman Kad\u0131n-Erkek<br \/>\nLuckyCrush'\u0131n temel \u00f6zelli\u011fi cinsiyet e\u015fle\u015ftirme algoritmas\u0131d\u0131r: erkekler her zaman kad\u0131nlarla e\u015fle\u015ftirilir ve bunun tersi de ge\u00e7erlidir. Bu benzersiz bir \u00f6zelliktir <a href=\"https:\/\/strangercam.com\/tr\/kameradan-kameraya-sohbet\/\">kameral\u0131 sohbet<\/a> platformlarda denge ve ba\u011fl\u0131l\u0131\u011f\u0131n korunmas\u0131na yard\u0131mc\u0131 olur.<\/p>\n<p>2. An\u0131nda E\u015fle\u015ftirme, Kay\u0131t Gerektirmez<br \/>\nCinsiyetinizi se\u00e7tikten hemen sonra sohbete ba\u015flayabilirsiniz. \u0130\u015flem an\u0131nda ve anonimdir - uzun bir kay\u0131t veya do\u011frulama gerekmez.<\/p>\n<p>3. H\u0131zl\u0131 Atlama ve Rastgele E\u015fle\u015ftirme<br \/>\nE\u015fle\u015fmenizle uyu\u015fmuyorsan\u0131z, yeni bir ba\u011flant\u0131 i\u00e7in \"\u0130leri \"ye t\u0131klaman\u0131z yeterlidir. Atlama i\u00e7in ceza yok ve kuyrukta beklemek yok.<\/p>\n<p>4. K\u00fcresel Eri\u015fim<br \/>\nLuckyCrush ger\u00e7ekten uluslararas\u0131d\u0131r ve 100'den fazla \u00fclkeden insanlar\u0131 birbirine ba\u011flar. Bu, buray\u0131 k\u00fclt\u00fcrler aras\u0131 sohbetler, dil de\u011fi\u015fimi veya sadece d\u00fcnyan\u0131n di\u011fer b\u00f6lgelerinde fl\u00f6rt etmenin nas\u0131l bir \u015fey oldu\u011funu g\u00f6rmek i\u00e7in harika bir yer yapar.<\/p>\n<p>5. Yerle\u015fik Metin Sohbeti<br \/>\nVideonun yan\u0131 s\u0131ra, sohbet penceresi i\u00e7inde metin mesajlar\u0131 da g\u00f6nderebilirsiniz. Bu, buzlar\u0131 k\u0131rmak, ba\u011flant\u0131lar\u0131 payla\u015fmak veya ba\u015fka bir dilde ileti\u015fim kurmak i\u00e7in kullan\u0131\u015fl\u0131d\u0131r.<\/p>\n<p>6. Anonimlik ve Gizlilik<br \/>\nHi\u00e7bir zaman ger\u00e7ek ad\u0131n\u0131z\u0131, e-postan\u0131z\u0131 veya ki\u015fisel bilgilerinizi vermeniz gerekmez. Yaln\u0131zca web kameran\u0131z gereklidir ve daha fazlas\u0131n\u0131 payla\u015fmay\u0131 se\u00e7ene kadar anonim kal\u0131rs\u0131n\u0131z.<\/p>\n<p>7. \u00dccretli ve \u00dccretsiz Se\u00e7enekler<br \/>\nYeni kullan\u0131c\u0131lar platformu test etmek i\u00e7in \u00fccretsiz deneme dakikalar\u0131 al\u0131rlar. Bundan sonra, sohbete devam etmek i\u00e7in kredi veya dakika sat\u0131n almak gerekir, bu da LuckyCrush'\u0131 ilk denemeden sonra dakika ba\u015f\u0131na \u00f6deme yapan bir hizmet haline getirir.<\/p>\n<h2>LuckyCrush \u00dccretsiz mi?<\/h2>\n<p>LuckyCrush'\u0131 denemek \u00fccretsizdir - t\u00fcm yeni kullan\u0131c\u0131lar platformu deneyimlemek i\u00e7in birka\u00e7 dakikal\u0131k \u00fccretsiz sohbet s\u00fcresi al\u0131r. Ancak, deneme s\u00fcresinin \u00f6tesinde sohbete devam etmek i\u00e7in, kullan\u0131c\u0131lar\u0131n g\u00f6r\u00fcnt\u00fcl\u00fc sohbetler s\u0131ras\u0131nda dakika ba\u015f\u0131na harcanan kredi sat\u0131n almalar\u0131 gerekir.<\/p>\n<p>Platformun fiyatland\u0131rma modeli ger\u00e7ek kullan\u0131c\u0131lar sa\u011flar ve botlar\u0131, spam'i ve trollemeyi cayd\u0131r\u0131r. \u00dccretli \u00f6zellikler \u015funlar\u0131 i\u00e7erir:<\/p>\n<ul>\n<li>Deneme s\u00fcresinden sonra devam eden g\u00f6r\u00fcnt\u00fcl\u00fc sohbet<\/li>\n<li>Yeni ma\u00e7lara s\u0131n\u0131rs\u0131z eri\u015fim<\/li>\n<li>Daha y\u00fcksek \u00f6ncelikli e\u015fle\u015ftirme<\/li>\n<\/ul>\n<p>Fiyatlar sekt\u00f6r i\u00e7in rekabet\u00e7idir ve sitede a\u00e7\u0131k\u00e7a g\u00f6sterilmektedir. Ekstra de\u011fer i\u00e7in genellikle bonus paketler ve sezonluk f\u0131rsatlar vard\u0131r.<\/p>\n<h2>LuckyCrush'\u0131 Kimler Kullan\u0131yor?<\/h2>\n<p>LuckyCrush, h\u0131zla \u00e7e\u015fitli, uluslararas\u0131 bir kullan\u0131c\u0131 taban\u0131na sahip oldu:<\/p>\n<ul>\n<li>Erkekler ve kad\u0131nlar, 18-40 ya\u015f aras\u0131 (\u00e7o\u011funluk 18-35 ya\u015f aras\u0131)<\/li>\n<li>Kuzey Amerika, Avrupa, G\u00fcney Amerika, Hindistan, T\u00fcrkiye, G\u00fcneydo\u011fu Asya ve daha bir\u00e7ok \u00fclkeden kullan\u0131c\u0131lar<\/li>\n<li>E\u011flenceli, \u00e7apk\u0131n ve hatta romantik video kar\u015f\u0131la\u015fmalar\u0131 arayan ki\u015filer<\/li>\n<li>Dil \u00f6\u011frenenler, gezginler ve di\u011fer k\u00fclt\u00fcrleri merak edenler<\/li>\n<\/ul>\n<p>LuckyCrush \u00f6zellikle bekarlara, gurbet\u00e7ilere ve h\u0131zl\u0131 bulu\u015fma ile rastgele, canl\u0131 etkile\u015fimin heyecan\u0131n\u0131 harmanlayan bir deneyim arayan insanlara hitap ediyor. Erkekler ve kad\u0131nlar her zaman birlikte e\u015fle\u015ftirildi\u011finden, cinsiyet oran\u0131 \u00e7o\u011fu rastgele kamera sitesine g\u00f6re daha dengelidir.<\/p>\n<h2>G\u00fcvenlik, Gizlilik ve Moderasyon<\/h2>\n<p>LuckyCrush, canl\u0131 bir kamera platformu i\u00e7in olabildi\u011fince g\u00fcvenli ve \u00f6zel olacak \u015fekilde tasarlanm\u0131\u015ft\u0131r:<\/p>\n<h3>Gizlilik<\/h3>\n<ul>\n<li>\u0130sim, e-posta veya sosyal hesap gerekmez<\/li>\n<li>Sohbet etmek i\u00e7in yaln\u0131zca web kameras\u0131\/mikrofon eri\u015fimi gereklidir<\/li>\n<li>E\u015fle\u015fmeleri kaydetmek istemedi\u011finiz s\u00fcrece profil olu\u015fturulmaz<\/li>\n<\/ul>\n<h3>Moderasyon<\/h3>\n<ul>\n<li>Rapor ve engelleme ara\u00e7lar\u0131 her zaman kullan\u0131labilir<\/li>\n<li>\u0130nsan moderasyonu k\u00f6t\u00fc niyetli, spam veya sahte kullan\u0131c\u0131lar\u0131n kald\u0131r\u0131lmas\u0131na yard\u0131mc\u0131 olur<\/li>\n<li>Topluluk kurallar\u0131 sayg\u0131l\u0131 fl\u00f6rtle\u015fmeyi ve olumlu davran\u0131\u015flar\u0131 te\u015fvik eder<\/li>\n<li>\u00d6zellikle kad\u0131n kullan\u0131c\u0131lar tacizi engellemek veya bildirmek i\u00e7in ekstra g\u00fcvenlik ara\u00e7lar\u0131ndan yararlan\u0131r<\/li>\n<\/ul>\n<h3>Kullan\u0131c\u0131 Kontrol\u00fc<\/h3>\n<ul>\n<li>Bir sohbeti an\u0131nda atlay\u0131n veya sonland\u0131r\u0131n<\/li>\n<li>\u0130stedi\u011finiz kadar \u00e7ok veya az ki\u015fisel bilgi payla\u015f\u0131n<\/li>\n<li>Kamera ve mikrofon izinlerini her zaman kontrol edin<\/li>\n<\/ul>\n<p>LuckyCrush yaln\u0131zca yeti\u015fkinler i\u00e7indir (18+) ve kullan\u0131c\u0131lar\u0131n rahat olana kadar asla hassas bilgileri payla\u015fmamalar\u0131 veya ba\u015fka platformlara ge\u00e7memeleri \u00f6nerilir.<\/p>\n<h2>Kullan\u0131c\u0131 Deneyimi ve Tasar\u0131m<\/h2>\n<p>LuckyCrush, en g\u00f6steri\u015fli ve kullan\u0131c\u0131 dostu rastgele g\u00f6r\u00fcnt\u00fcl\u00fc sohbet sitelerinden biridir:<\/p>\n<ul>\n<li>Ana sayfada net bir ba\u015flat d\u00fc\u011fmesi ve cinsiyet se\u00e7imi bulunuyor<\/li>\n<li>G\u00f6r\u00fcnt\u00fcl\u00fc sohbet pencereleri b\u00fcy\u00fck ve duyarl\u0131 olup hem masa\u00fcst\u00fc hem de mobil taray\u0131c\u0131larda \u00e7al\u0131\u015f\u0131r<\/li>\n<li>Sohbetleri atlama, sessize alma, raporlama ve sonland\u0131rma kontrolleri sezgiseldir ve bulunmas\u0131 kolayd\u0131r<\/li>\n<li>Minimum y\u00fckleme s\u00fcreleri ve kullan\u0131c\u0131lar aras\u0131nda neredeyse an\u0131nda e\u015fle\u015fme<\/li>\n<li>Net fiyat bilgisi ve yard\u0131m kaynaklar\u0131 ile basit, d\u00fczenli d\u00fczen<\/li>\n<\/ul>\n<p>Site h\u0131z ve gizlilik i\u00e7in optimize edilmi\u015ftir ve sizi yava\u015flatacak can s\u0131k\u0131c\u0131 reklamlar veya a\u00e7\u0131l\u0131r pencereler yoktur.<\/p>\n<h2>LuckyCrush vs Di\u011fer G\u00f6r\u00fcnt\u00fcl\u00fc Sohbet Siteleri<\/h2>\n<p>LuckyCrush, di\u011fer en iyi kameral\u0131 sohbet ve rastgele g\u00f6r\u00fcnt\u00fcl\u00fc tan\u0131\u015fma siteleriyle nas\u0131l kar\u015f\u0131la\u015ft\u0131r\u0131l\u0131r?<\/p>\n<table>\n<thead>\n<tr>\n<th>\u00d6zellik<\/th>\n<th>LuckyCrush<\/th>\n<th><a href=\"https:\/\/strangercam.com\/tr\/omegle\/\">Omegle<\/a> (kapal\u0131)<\/th>\n<th>Chatrandom<\/th>\n<th><a href=\"https:\/\/strangercam.com\/tr\/coomeet\/\">CooMeet<\/a><\/th>\n<th>Chatspin<\/th>\n<\/tr>\n<\/thead>\n<tbody>\n<tr>\n<td>Cinsiyet E\u015fle\u015ftirme<\/td>\n<td>Evet<\/td>\n<td>Hay\u0131r<\/td>\n<td>Hay\u0131r<\/td>\n<td>Evet<\/td>\n<td>Evet<\/td>\n<\/tr>\n<tr>\n<td>Kay\u0131t Gerekli<\/td>\n<td>Hay\u0131r<\/td>\n<td>Hay\u0131r<\/td>\n<td>Opsiyonel<\/td>\n<td>Evet<\/td>\n<td>Opsiyonel<\/td>\n<\/tr>\n<tr>\n<td>\u00dccretsiz Kullan\u0131m<\/td>\n<td>Sadece Deneme<\/td>\n<td>Evet<\/td>\n<td>Evet\/\u00d6dendi<\/td>\n<td>Sadece Deneme<\/td>\n<td>Evet\/\u00d6dendi<\/td>\n<\/tr>\n<tr>\n<td>Bire Bir G\u00f6r\u00fcnt\u00fcl\u00fc Sohbet<\/td>\n<td>Evet<\/td>\n<td>Evet<\/td>\n<td>Evet<\/td>\n<td>Evet<\/td>\n<td>Evet<\/td>\n<\/tr>\n<tr>\n<td>Uluslararas\u0131 Kapsam<\/td>\n<td>Evet<\/td>\n<td>Evet<\/td>\n<td>Evet<\/td>\n<td>Evet<\/td>\n<td>Evet<\/td>\n<\/tr>\n<tr>\n<td>\u00dccretli Y\u00fckseltmeler<\/td>\n<td>Evet<\/td>\n<td>Hay\u0131r<\/td>\n<td>Evet<\/td>\n<td>Evet<\/td>\n<td>Evet<\/td>\n<\/tr>\n<tr>\n<td>Moderasyon Ara\u00e7lar\u0131<\/td>\n<td>G\u00fc\u00e7l\u00fc<\/td>\n<td>Temel<\/td>\n<td>Orta d\u00fczeyde<\/td>\n<td>G\u00fc\u00e7l\u00fc<\/td>\n<td>Orta d\u00fczeyde<\/td>\n<\/tr>\n<\/tbody>\n<\/table>\n<p>\u00d6zet: LuckyCrush, erkek-kad\u0131n video e\u015fle\u015ftirmesi, dakika ba\u015f\u0131na \u00f6deme yap\u0131s\u0131 ve premium seviye tasar\u0131m\u0131yla \u00f6ne \u00e7\u0131k\u0131yor ve herkesi herkesle bulu\u015fturan sitelerden farkl\u0131 bir deneyim sunuyor.<\/p>\n<h2>Art\u0131lar\u0131 ve Eksileri<\/h2>\n<p>Art\u0131lar\u0131:<\/p>\n<ul>\n<li>Erkek-kad\u0131n g\u00f6r\u00fcnt\u00fcl\u00fc sohbet e\u015fle\u015ftirmesi, fl\u00f6rt i\u00e7in harika<\/li>\n<li>Platformu test etmek i\u00e7in \u00fccretsiz deneme<\/li>\n<li>Farkl\u0131 kullan\u0131c\u0131larla k\u00fcresel eri\u015fim<\/li>\n<li>Kay\u0131t veya ki\u015fisel veri gerekmez<\/li>\n<li>Masa\u00fcst\u00fc ve mobil cihazlar i\u00e7in modern, duyarl\u0131 tasar\u0131m<\/li>\n<li>G\u00fc\u00e7l\u00fc g\u00fcvenlik ve raporlama \u00f6zellikleri<\/li>\n<\/ul>\n<p>Eksiler:<\/p>\n<ul>\n<li>S\u00fcrekli kullan\u0131m i\u00e7in \u00fccretli kredi (dakika ba\u015f\u0131na \u00f6deme) gerekir<\/li>\n<li>Ayn\u0131 cinsiyetten e\u015fle\u015fme yok (\u015fu anda sadece erkek-kad\u0131n)<\/li>\n<li>Takip i\u00e7in profil veya arkada\u015f listesi yok<\/li>\n<li>Baz\u0131 kullan\u0131c\u0131lar sohbetlerden h\u0131zla ayr\u0131labilir veya s\u0131k s\u0131k atlayabilir<\/li>\n<li>Kat\u0131lmak i\u00e7in 18 ya\u015f\u0131ndan b\u00fcy\u00fck olmak gerekir<\/li>\n<\/ul>\n<h2>\u0130deal Kullan\u0131m \u00d6rnekleri<\/h2>\n<p>LuckyCrush a\u015fa\u011f\u0131dakiler i\u00e7in m\u00fckemmeldir:<\/p>\n<ul>\n<li>An\u0131nda g\u00f6r\u00fcnt\u00fcl\u00fc h\u0131zl\u0131 bulu\u015fma veya fl\u00f6rt arayan bekarlar<\/li>\n<li>Di\u011fer k\u00fclt\u00fcrlerden insanlarla ger\u00e7ek zamanl\u0131 olarak tan\u0131\u015fmak isteyen yeti\u015fkinler<\/li>\n<li>Dil \u00f6\u011frenenler ve k\u00fcresel sohbetle ilgilenen gezginler<\/li>\n<li>Gizlili\u011fe, spontanl\u0131\u011fa ve canl\u0131 insan ba\u011flant\u0131s\u0131na de\u011fer veren kullan\u0131c\u0131lar<\/li>\n<\/ul>\n<p>Daha az ideal:<\/p>\n<ul>\n<li>Tamamen \u00fccretsiz, s\u0131n\u0131rs\u0131z sohbet arayan insanlar<\/li>\n<li>Video veya kamera kar\u015f\u0131s\u0131nda olmaktan rahats\u0131z olan kullan\u0131c\u0131lar<\/li>\n<li>Uzun s\u00fcreli, profil tabanl\u0131 fl\u00f6rt arayanlar<\/li>\n<li>18 ya\u015f\u0131ndan k\u00fc\u00e7\u00fck kullan\u0131c\u0131lar (sadece yeti\u015fkinler)<\/li>\n<\/ul>\n<p>LuckyCrush, h\u0131z, gizlilik ve ger\u00e7ek fl\u00f6rt\u00fcn benzersiz bir kar\u0131\u015f\u0131m\u0131n\u0131 sunan rastgele g\u00f6r\u00fcnt\u00fcl\u00fc sohbet ve fl\u00f6rt alan\u0131nda \u00f6ne \u00e7\u0131kan bir platformdur. Erkek-kad\u0131n e\u015fle\u015fmesine odaklanarak ve g\u00f6steri\u015fli, g\u00fcvenli bir kullan\u0131c\u0131 deneyimi sunarak, bir\u00e7ok genel kameral\u0131 sohbet platformunun yetersiz kald\u0131\u011f\u0131 yerlerde ba\u015far\u0131l\u0131 olur.<\/p>\n<p>An\u0131nda eri\u015fim, k\u00fcresel kapsama alan\u0131 ve adil bir deneme sistemi ile LuckyCrush, 2025'te h\u0131zl\u0131, fl\u00f6rt\u00f6z ve otantik \u00e7evrimi\u00e7i ba\u011flant\u0131larla ilgilenen herkes i\u00e7in kesinlikle denemeye de\u011fer. Sonsuz kayd\u0131rmalardan b\u0131kt\u0131ysan\u0131z ve ger\u00e7ek kimyay\u0131 y\u00fcz y\u00fcze deneyimlemek istiyorsan\u0131z, bu bug\u00fcn mevcut olan en iyi platformlardan biridir.<\/p>","protected":false},"excerpt":{"rendered":"<p>In a world of endless swiping and shallow text chats, platforms like LuckyCrush are shaking up online dating and random video chat by focusing on live, one-on-one connections with strangers of the opposite sex. LuckyCrush isn\u2019t just another cam chat site\u2014it\u2019s a unique, gamified platform designed to pair men with women (and vice versa) from [&hellip;]<\/p>\n","protected":false},"author":6,"featured_media":0,"parent":0,"menu_order":0,"comment_status":"closed","ping_status":"closed","template":"","meta":{"footnotes":""},"class_list":["post-11954","page","type-page","status-publish","hentry"],"yoast_head":"<!-- This site is optimized with the Yoast SEO plugin v26.9 - https:\/\/yoast.com\/product\/yoast-seo-wordpress\/ -->\n<title>LuckyCrush - Live Video Chat with Random People - StrangerCam<\/title>\n<meta name=\"description\" content=\"Like LuckyCrush? Come chat with more than 5.000.000 strangers on Stranger Cam for Free! Turn on your cam and find new friends &amp; maby a match!\" \/>\n<meta name=\"robots\" content=\"index, follow, max-snippet:-1, max-image-preview:large, max-video-preview:-1\" \/>\n<link rel=\"canonical\" href=\"https:\/\/strangercam.com\/tr\/luckycrush\/\" \/>\n<meta property=\"og:locale\" content=\"tr_TR\" \/>\n<meta property=\"og:type\" content=\"article\" \/>\n<meta property=\"og:title\" content=\"LuckyCrush - Live Video Chat with Random People - StrangerCam\" \/>\n<meta property=\"og:description\" content=\"Like LuckyCrush? Come chat with more than 5.000.000 strangers on Stranger Cam for Free! Turn on your cam and find new friends &amp; maby a match!\" \/>\n<meta property=\"og:url\" content=\"https:\/\/strangercam.com\/tr\/luckycrush\/\" \/>\n<meta property=\"og:site_name\" content=\"Strangercam\" \/>\n<meta property=\"article:publisher\" content=\"https:\/\/www.facebook.com\/strangercam\" \/>\n<meta property=\"article:modified_time\" content=\"2025-07-24T07:26:04+00:00\" \/>\n<meta property=\"og:image\" content=\"https:\/\/strangercam.com\/wp-content\/uploads\/2021\/10\/Untitled-2.png\" \/>\n\t<meta property=\"og:image:width\" content=\"800\" \/>\n\t<meta property=\"og:image:height\" content=\"532\" \/>\n\t<meta property=\"og:image:type\" content=\"image\/png\" \/>\n<meta name=\"twitter:card\" content=\"summary_large_image\" \/>\n<meta name=\"twitter:site\" content=\"@strangercamapp\" \/>\n<meta name=\"twitter:label1\" content=\"Tahmini okuma s\u00fcresi\" \/>\n\t<meta name=\"twitter:data1\" content=\"6 dakika\" \/>\n<script type=\"application\/ld+json\" class=\"yoast-schema-graph\">{\"@context\":\"https:\/\/schema.org\",\"@graph\":[{\"@type\":\"WebPage\",\"@id\":\"https:\/\/strangercam.com\/luckycrush\/\",\"url\":\"https:\/\/strangercam.com\/luckycrush\/\",\"name\":\"LuckyCrush - Live Video Chat with Random People - StrangerCam\",\"isPartOf\":{\"@id\":\"https:\/\/strangercam.com\/#website\"},\"datePublished\":\"2025-07-24T07:21:22+00:00\",\"dateModified\":\"2025-07-24T07:26:04+00:00\",\"description\":\"Like LuckyCrush? Come chat with more than 5.000.000 strangers on Stranger Cam for Free! Turn on your cam and find new friends & maby a match!\",\"breadcrumb\":{\"@id\":\"https:\/\/strangercam.com\/luckycrush\/#breadcrumb\"},\"inLanguage\":\"tr\",\"potentialAction\":[{\"@type\":\"ReadAction\",\"target\":[\"https:\/\/strangercam.com\/luckycrush\/\"]}]},{\"@type\":\"BreadcrumbList\",\"@id\":\"https:\/\/strangercam.com\/luckycrush\/#breadcrumb\",\"itemListElement\":[{\"@type\":\"ListItem\",\"position\":1,\"name\":\"Home\",\"item\":\"https:\/\/strangercam.com\/\"},{\"@type\":\"ListItem\",\"position\":2,\"name\":\"LuckyCrush\"}]},{\"@type\":\"WebSite\",\"@id\":\"https:\/\/strangercam.com\/#website\",\"url\":\"https:\/\/strangercam.com\/\",\"name\":\"Strangercam\",\"description\":\"Random Video Chat with Strangers\",\"publisher\":{\"@id\":\"https:\/\/strangercam.com\/#organization\"},\"alternateName\":\"Strangercam.com\",\"potentialAction\":[{\"@type\":\"SearchAction\",\"target\":{\"@type\":\"EntryPoint\",\"urlTemplate\":\"https:\/\/strangercam.com\/?s={search_term_string}\"},\"query-input\":{\"@type\":\"PropertyValueSpecification\",\"valueRequired\":true,\"valueName\":\"search_term_string\"}}],\"inLanguage\":\"tr\"},{\"@type\":\"Organization\",\"@id\":\"https:\/\/strangercam.com\/#organization\",\"name\":\"Strangercam\",\"alternateName\":\"Strangercam.com\",\"url\":\"https:\/\/strangercam.com\/\",\"logo\":{\"@type\":\"ImageObject\",\"inLanguage\":\"tr\",\"@id\":\"https:\/\/strangercam.com\/#\/schema\/logo\/image\/\",\"url\":\"https:\/\/strangercam.com\/wp-content\/uploads\/2020\/11\/cropped-new-favicon-black.png\",\"contentUrl\":\"https:\/\/strangercam.com\/wp-content\/uploads\/2020\/11\/cropped-new-favicon-black.png\",\"width\":512,\"height\":512,\"caption\":\"Strangercam\"},\"image\":{\"@id\":\"https:\/\/strangercam.com\/#\/schema\/logo\/image\/\"},\"sameAs\":[\"https:\/\/www.facebook.com\/strangercam\",\"https:\/\/x.com\/strangercamapp\"]}]}<\/script>\n<!-- \/ Yoast SEO plugin. -->","yoast_head_json":{"title":"LuckyCrush - Rastgele \u0130nsanlarla Canl\u0131 G\u00f6r\u00fcnt\u00fcl\u00fc Sohbet - StrangerCam","description":"LuckyCrush'\u0131 be\u011fendiniz mi? Gelin Stranger Cam'de 5.000.000'dan fazla yabanc\u0131yla \u00dccretsiz sohbet edin! Kameran\u0131z\u0131 a\u00e7\u0131n ve yeni arkada\u015flar ve belki bir e\u015fle\u015fme bulun!","robots":{"index":"index","follow":"follow","max-snippet":"max-snippet:-1","max-image-preview":"max-image-preview:large","max-video-preview":"max-video-preview:-1"},"canonical":"https:\/\/strangercam.com\/tr\/luckycrush\/","og_locale":"tr_TR","og_type":"article","og_title":"LuckyCrush - Live Video Chat with Random People - StrangerCam","og_description":"Like LuckyCrush? Come chat with more than 5.000.000 strangers on Stranger Cam for Free! Turn on your cam and find new friends & maby a match!","og_url":"https:\/\/strangercam.com\/tr\/luckycrush\/","og_site_name":"Strangercam","article_publisher":"https:\/\/www.facebook.com\/strangercam","article_modified_time":"2025-07-24T07:26:04+00:00","og_image":[{"width":800,"height":532,"url":"https:\/\/strangercam.com\/wp-content\/uploads\/2021\/10\/Untitled-2.png","type":"image\/png"}],"twitter_card":"summary_large_image","twitter_site":"@strangercamapp","twitter_misc":{"Tahmini okuma s\u00fcresi":"6 dakika"},"schema":{"@context":"https:\/\/schema.org","@graph":[{"@type":"WebPage","@id":"https:\/\/strangercam.com\/luckycrush\/","url":"https:\/\/strangercam.com\/luckycrush\/","name":"LuckyCrush - Rastgele \u0130nsanlarla Canl\u0131 G\u00f6r\u00fcnt\u00fcl\u00fc Sohbet - StrangerCam","isPartOf":{"@id":"https:\/\/strangercam.com\/#website"},"datePublished":"2025-07-24T07:21:22+00:00","dateModified":"2025-07-24T07:26:04+00:00","description":"LuckyCrush'\u0131 be\u011fendiniz mi? Gelin Stranger Cam'de 5.000.000'dan fazla yabanc\u0131yla \u00dccretsiz sohbet edin! Kameran\u0131z\u0131 a\u00e7\u0131n ve yeni arkada\u015flar ve belki bir e\u015fle\u015fme bulun!","breadcrumb":{"@id":"https:\/\/strangercam.com\/luckycrush\/#breadcrumb"},"inLanguage":"tr","potentialAction":[{"@type":"ReadAction","target":["https:\/\/strangercam.com\/luckycrush\/"]}]},{"@type":"BreadcrumbList","@id":"https:\/\/strangercam.com\/luckycrush\/#breadcrumb","itemListElement":[{"@type":"ListItem","position":1,"name":"Home","item":"https:\/\/strangercam.com\/"},{"@type":"ListItem","position":2,"name":"LuckyCrush"}]},{"@type":"WebSite","@id":"https:\/\/strangercam.com\/#website","url":"https:\/\/strangercam.com\/","name":"Strangercam","description":"Yabanc\u0131larla Rastgele G\u00f6r\u00fcnt\u00fcl\u00fc Sohbet","publisher":{"@id":"https:\/\/strangercam.com\/#organization"},"alternateName":"Strangercam.com","potentialAction":[{"@type":"SearchAction","target":{"@type":"EntryPoint","urlTemplate":"https:\/\/strangercam.com\/?s={search_term_string}"},"query-input":{"@type":"PropertyValueSpecification","valueRequired":true,"valueName":"search_term_string"}}],"inLanguage":"tr"},{"@type":"Organization","@id":"https:\/\/strangercam.com\/#organization","name":"Strangercam","alternateName":"Strangercam.com","url":"https:\/\/strangercam.com\/","logo":{"@type":"ImageObject","inLanguage":"tr","@id":"https:\/\/strangercam.com\/#\/schema\/logo\/image\/","url":"https:\/\/strangercam.com\/wp-content\/uploads\/2020\/11\/cropped-new-favicon-black.png","contentUrl":"https:\/\/strangercam.com\/wp-content\/uploads\/2020\/11\/cropped-new-favicon-black.png","width":512,"height":512,"caption":"Strangercam"},"image":{"@id":"https:\/\/strangercam.com\/#\/schema\/logo\/image\/"},"sameAs":["https:\/\/www.facebook.com\/strangercam","https:\/\/x.com\/strangercamapp"]}]}},"_links":{"self":[{"href":"https:\/\/strangercam.com\/tr\/wp-json\/wp\/v2\/pages\/11954","targetHints":{"allow":["GET"]}}],"collection":[{"href":"https:\/\/strangercam.com\/tr\/wp-json\/wp\/v2\/pages"}],"about":[{"href":"https:\/\/strangercam.com\/tr\/wp-json\/wp\/v2\/types\/page"}],"author":[{"embeddable":true,"href":"https:\/\/strangercam.com\/tr\/wp-json\/wp\/v2\/users\/6"}],"replies":[{"embeddable":true,"href":"https:\/\/strangercam.com\/tr\/wp-json\/wp\/v2\/comments?post=11954"}],"version-history":[{"count":1,"href":"https:\/\/strangercam.com\/tr\/wp-json\/wp\/v2\/pages\/11954\/revisions"}],"predecessor-version":[{"id":12919,"href":"https:\/\/strangercam.com\/tr\/wp-json\/wp\/v2\/pages\/11954\/revisions\/12919"}],"wp:attachment":[{"href":"https:\/\/strangercam.com\/tr\/wp-json\/wp\/v2\/media?parent=11954"}],"curies":[{"name":"wp","href":"https:\/\/api.w.org\/{rel}","templated":true}]}}