{"id":11922,"date":"2023-10-23T10:00:20","date_gmt":"2023-10-23T08:00:20","guid":{"rendered":"https:\/\/strangercam.com\/?page_id=11922"},"modified":"2023-10-23T12:31:54","modified_gmt":"2023-10-23T10:31:54","slug":"strangermeetup","status":"publish","type":"page","link":"https:\/\/strangercam.com\/tr\/strangermeetup\/","title":{"rendered":"StrangerMeetup"},"content":{"rendered":"<p>StrangerMeetup, kalabal\u0131k \u00e7evrimi\u00e7i ortamda kendini konumland\u0131rd\u0131 <a href=\"https:\/\/strangercam.com\/tr\/chatroulette\/\">sohbet<\/a> anonim sohbetler yapmak isteyenler i\u00e7in pop\u00fcler bir se\u00e7im olarak platformlar. Ki\u015fisel profillerin, ge\u00e7mi\u015flerin ve resimlerin bask\u0131n oldu\u011fu bir\u00e7ok sosyal medya platformunun aksine, StrangerMeetup yeni bir bak\u0131\u015f a\u00e7\u0131s\u0131 sunuyor. Burada, kimlik y\u00fck\u00fc olmadan ger\u00e7ek zamanl\u0131 etkile\u015fime vurgu yap\u0131l\u0131yor ve bu da onu \u00e7ekici k\u0131l\u0131yor <a href=\"https:\/\/strangercam.com\/tr\/mocospace\/\">uzay<\/a> Gizlili\u011fe \u00f6ncelik verenler veya sadece ola\u011fan \u00e7evrimi\u00e7i dinamiklerden bir mola vermek isteyenler i\u00e7in.<\/p>\n<p>Platform, \u00f6z\u00fcnde farkl\u0131 ge\u00e7mi\u015flerden gelen insanlar aras\u0131nda ger\u00e7ek ba\u011flant\u0131lar kurulmas\u0131n\u0131 kolayla\u015ft\u0131rmak i\u00e7in tasarlanm\u0131\u015ft\u0131r. Kullan\u0131c\u0131 dostu aray\u00fcz\u00fc ve anonimli\u011fe odaklanmas\u0131, kat\u0131l\u0131mc\u0131lar\u0131n genellikle dijital etkile\u015fimlerle ili\u015fkilendirilen endi\u015feler olmadan sohbetlere dalabilecekleri anlam\u0131na gelir. Cazibesi a\u00e7\u0131k: anonimli\u011fin rahatlat\u0131c\u0131 pelerinine sar\u0131lm\u0131\u015fken ufku geni\u015fletmek, ba\u015fkalar\u0131ndan \u00f6\u011frenmek ve hatta sadece s\u0131radan bir sohbetin tad\u0131n\u0131 \u00e7\u0131karmak i\u00e7in bir f\u0131rsat.<\/p>\n<p>Ancak, t\u00fcm platformlar gibi StrangerMeetup'\u0131n da tuhafl\u0131klar\u0131 ve \u00f6zellikleri yok de\u011fildir. Platformda yeni olanlar veya denemeyi d\u00fc\u015f\u00fcnenler i\u00e7in, n\u00fcanslar\u0131n\u0131, faydalar\u0131n\u0131 ve potansiyel dezavantajlar\u0131n\u0131 anlamak \u00e7ok \u00f6nemlidir. Dijital \u00e7a\u011f, ileti\u015fim kurman\u0131n say\u0131s\u0131z yolunu ortaya \u00e7\u0131kard\u0131 ve StrangerMeetup, basitlik ve anonimlik kar\u0131\u015f\u0131m\u0131yla kesinlikle iz b\u0131rak\u0131yor.<\/p>\n<h2>StrangerMeetup nedir?<\/h2>\n<p>StrangerMeetup, kullan\u0131c\u0131lara d\u00fcnyan\u0131n \u00e7e\u015fitli yerlerinden bireylerle anonim sohbetler yapabilecekleri bir alan sa\u011flayan \u00e7evrimi\u00e7i bir sohbet platformudur. Ki\u015fisel detaylar\u0131n, foto\u011fraflar\u0131n ve ge\u00e7mi\u015flerin genellikle \u00f6n planda oldu\u011fu geleneksel sosyal medya platformlar\u0131ndan farkl\u0131 olarak StrangerMeetup, ki\u015fisel kimlik i\u015faretlerinden yoksun ger\u00e7ek zamanl\u0131 etkile\u015fimlere odaklanmaktad\u0131r. Anonimli\u011fe yap\u0131lan bu vurgu, kullan\u0131c\u0131lar\u0131n ger\u00e7ek d\u00fcnyadaki ki\u015filiklerine ba\u011fl\u0131 geleneksel engeller veya endi\u015feler olmadan ileti\u015fim kurmalar\u0131na olanak tan\u0131yan benzersiz bir dijital ortam haline getiriyor.<\/p>\n<p>Platformun tasar\u0131m\u0131 spontane ve ger\u00e7ek ba\u011flant\u0131lar\u0131 te\u015fvik eder. Kullan\u0131c\u0131 dostu bir aray\u00fcz sayesinde kat\u0131l\u0131mc\u0131lar teknik becerilerinden ba\u011f\u0131ms\u0131z olarak kolayca sohbet ba\u015flatabilir ve s\u00fcrd\u00fcrebilirler. Bu, oda\u011f\u0131n fikir al\u0131\u015fveri\u015fi, hikayeler veya g\u00fcndelik sohbetlerde kalmas\u0131n\u0131 sa\u011flayarak hem ayd\u0131nlat\u0131c\u0131 hem de e\u011flenceli olabilecek zengin bir etkile\u015fim dokusuna olanak tan\u0131r.<\/p>\n<p>\u00d6z\u00fcnde StrangerMeetup, yeni biriyle tan\u0131\u015fman\u0131n heyecan\u0131n\u0131n \u00e7evrimi\u00e7i bir ortam\u0131n g\u00fcvenli\u011fi ve gizlili\u011fi ile birle\u015ftirildi\u011fi modern bir dijital randevu olarak hizmet vermektedir. \u0130ster yeni arkada\u015fl\u0131klar, ister g\u00fcndelik sohbetler ya da farkl\u0131 bak\u0131\u015f a\u00e7\u0131lar\u0131na a\u00e7\u0131lan bir pencere arayan kullan\u0131c\u0131lar, anonimlik ve ger\u00e7ek insan ba\u011flant\u0131s\u0131n\u0131n benzersiz kar\u0131\u015f\u0131m\u0131 i\u00e7in StrangerMeetup'a ak\u0131n ediyor.<\/p>\n<h2>StrangerMeetup'\u0131n \u00d6zellikleri<\/h2>\n<p>StrangerMeetup, \u00e7evrimi\u00e7i sohbet platformlar\u0131 alan\u0131ndaki farkl\u0131 konumuyla, onu rakiplerinden ay\u0131ran \u00e7e\u015fitli \u00f6zellikler sunar. Bu \u00f6zellikler, anonimlik ve kullan\u0131m kolayl\u0131\u011f\u0131na \u00f6ncelik verirken kullan\u0131c\u0131 deneyimini geli\u015ftirmek i\u00e7in \u00f6zenle tasarlanm\u0131\u015ft\u0131r.<\/p>\n<ol>\n<li><strong>Kullan\u0131c\u0131 Anonimli\u011fi:<\/strong> StrangerMeetup'\u0131n kalbinde kullan\u0131c\u0131 anonimli\u011fine olan ba\u011fl\u0131l\u0131\u011f\u0131 yatmaktad\u0131r. Di\u011fer bir\u00e7ok platformun aksine, kullan\u0131c\u0131lar\u0131n ki\u015fisel bilgilerini veya foto\u011fraflar\u0131n\u0131 vermelerini gerektirmez. Bu, konu\u015fmalar\u0131n gizli kalmas\u0131n\u0131 ve kimliklerin korunmas\u0131n\u0131 sa\u011flar.<\/li>\n<li><strong>Ger\u00e7ek Zamanl\u0131 Sohbet:<\/strong> Platform, sorunsuz bir ger\u00e7ek zamanl\u0131 sohbet sistemine sahiptir. Kullan\u0131c\u0131lar gecikme olmadan konu\u015fmalara dalabilir, tart\u0131\u015fmalar\u0131n ak\u0131\u015f\u0131n\u0131n sorunsuz ve anl\u0131k olmas\u0131n\u0131 sa\u011flar.<\/li>\n<li><strong>K\u00fcresel Kullan\u0131c\u0131 Taban\u0131:<\/strong> StrangerMeetup, d\u00fcnyan\u0131n her yerinden insanlarla ba\u011flant\u0131 kurma f\u0131rsat\u0131 sunar. Bu uluslararas\u0131 eri\u015fim, kullan\u0131c\u0131lar\u0131n farkl\u0131 k\u00fclt\u00fcrler, gelenekler ve bak\u0131\u015f a\u00e7\u0131lar\u0131 hakk\u0131nda fikir edinmelerini sa\u011flar.<\/li>\n<li><strong>Kullan\u0131c\u0131 dostu aray\u00fcz:<\/strong> StrangerMeetup'\u0131n tasar\u0131m\u0131 sezgiseldir ve teknoloji merakl\u0131s\u0131 olmayanlar\u0131n bile platformda gezinmesini ve platformu kolayl\u0131kla kullanmas\u0131n\u0131 sa\u011flar.<\/li>\n<li><strong>G\u00fcvenlik \u00d6nlemleri:<\/strong> Platform \u00e7e\u015fitli g\u00fcvenlik \u00f6zelliklerini uygulamaya koymu\u015ftur. Kullan\u0131c\u0131lar, uygunsuz davran\u0131\u015flar sergileyen di\u011fer ki\u015fileri bildirebilir veya engelleyebilir, b\u00f6ylece sohbet ortam\u0131n\u0131n sayg\u0131l\u0131 ve g\u00fcvenli kalmas\u0131n\u0131 sa\u011flar.<\/li>\n<li><strong>\u00d6zel Sohbet Odalar\u0131:<\/strong> Rastgele sohbet e\u015fle\u015ftirmelerinin yan\u0131 s\u0131ra, StrangerMeetup ayr\u0131ca \u00f6zel sohbet odalar\u0131 da sunar. Bu \u00f6zellik, kullan\u0131c\u0131lar\u0131n kesinti olmadan daha odakl\u0131 tart\u0131\u015fmalara girmelerini sa\u011flar.<\/li>\n<li><strong>Mobil Uyumluluk:<\/strong> Hareket halindeyken eri\u015filebilirli\u011fin \u00f6neminin fark\u0131nda olan StrangerMeetup, mobil cihazlarla uyumludur ve kullan\u0131c\u0131lar\u0131n her yerden, her zaman sohbet edebilmelerini sa\u011flar.<\/li>\n<\/ol>\n<table>\n<thead>\n<tr>\n<th>\u00d6zellik<\/th>\n<th>A\u00e7\u0131klama<\/th>\n<\/tr>\n<\/thead>\n<tbody>\n<tr>\n<td>Kullan\u0131c\u0131 Anonimli\u011fi<\/td>\n<td>Ki\u015fisel detaylara veya foto\u011fraflara gerek yok; \u00f6zel konu\u015fmalar ve korunan kimlikler sa\u011flar.<\/td>\n<\/tr>\n<tr>\n<td>Ger\u00e7ek Zamanl\u0131 Sohbet<\/td>\n<td>Sorunsuz tart\u0131\u015fmalar i\u00e7in kesintisiz ve anl\u0131k sohbet sistemi.<\/td>\n<\/tr>\n<tr>\n<td>K\u00fcresel Kullan\u0131c\u0131 Taban\u0131<\/td>\n<td>Farkl\u0131 ge\u00e7mi\u015flerden ve k\u00fclt\u00fcrlerden gelen insanlarla ba\u011flant\u0131 kurun.<\/td>\n<\/tr>\n<tr>\n<td>Kullan\u0131c\u0131 Dostu Aray\u00fcz<\/td>\n<td>Kolay gezinme ve kullan\u0131m i\u00e7in sezgisel tasar\u0131m.<\/td>\n<\/tr>\n<tr>\n<td>G\u00fcvenlik \u00d6nlemleri<\/td>\n<td>Uygunsuz davran\u0131\u015flar\u0131 bildirme veya engelleme se\u00e7enekleri, g\u00fcvenli bir sohbet ortam\u0131 sa\u011flar.<\/td>\n<\/tr>\n<tr>\n<td>\u00d6zel Sohbet Odalar\u0131<\/td>\n<td>\u00d6zel sohbet ortamlar\u0131nda odaklanm\u0131\u015f tart\u0131\u015fmalara kat\u0131l\u0131n.<\/td>\n<\/tr>\n<tr>\n<td>Mobil Uyumluluk<\/td>\n<td>\u00c7e\u015fitli mobil cihazlarla uyumluluk sayesinde hareket halindeyken sohbet edin.<\/td>\n<\/tr>\n<\/tbody>\n<\/table>\n<h2>StrangerMeetup'\u0131 G\u00fcvenle Kullanmak \u0130\u00e7in \u0130pu\u00e7lar\u0131<\/h2>\n<p>StrangerMeetup gibi \u00e7evrimi\u00e7i sohbet platformlar\u0131n\u0131n dijital ortam\u0131nda gezinmek hem merak hem de dikkat gerektirir. Platform anonimli\u011fe \u00f6ncelik verirken ve kullan\u0131c\u0131 g\u00fcvenli\u011fini art\u0131racak \u00f6zellikler sunarken, bireyler de kendi g\u00fcvenliklerini ve refahlar\u0131n\u0131 sa\u011flamak i\u00e7in ki\u015fisel \u00f6nlemler almal\u0131d\u0131r. \u0130\u015fte StrangerMeetup'yi g\u00fcvenli bir \u015fekilde kullan\u0131rken ak\u0131lda tutulmas\u0131 gereken baz\u0131 ipu\u00e7lar\u0131:<\/p>\n<ol>\n<li><strong>Ki\u015fisel Bilgileri Koruyun:<\/strong> Anonimli\u011fin cazibesi bazen gard\u0131n d\u00fc\u015fmesine neden olabilir. Dikkatli olmak ve ger\u00e7ek isimler, adresler, telefon numaralar\u0131 veya finansal bilgiler gibi ki\u015fisel ayr\u0131nt\u0131lar\u0131 payla\u015fmaktan ka\u00e7\u0131nmak \u00e7ok \u00f6nemlidir.<\/li>\n<li><strong>Benzersiz Bir Kullan\u0131c\u0131 Ad\u0131 Kullan\u0131n:<\/strong> Di\u011fer platformlarda kullanmad\u0131\u011f\u0131n\u0131z bir kullan\u0131c\u0131 ad\u0131 se\u00e7in. Bu, birisinin \u00e7evrimi\u00e7i etkinliklerinizi izlemesini veya StrangerMeetup kimli\u011finizi di\u011fer \u00e7evrimi\u00e7i profillerle ili\u015fkilendirmesini zorla\u015ft\u0131r\u0131r.<\/li>\n<li><strong>\u0130\u00e7g\u00fcd\u00fclerinize G\u00fcvenin:<\/strong> Bir sohbet rahats\u0131z edici geliyorsa veya birinin davran\u0131\u015f\u0131 \u015f\u00fcpheli g\u00f6r\u00fcn\u00fcyorsa, i\u00e7g\u00fcd\u00fclerinize g\u00fcvenin. Huzursuz hissediyorsan\u0131z bir sohbeti sonland\u0131rmak veya bir kullan\u0131c\u0131y\u0131 engellemek her zaman sorun de\u011fildir.<\/li>\n<li><strong>Rapor \u00d6zelli\u011fini Kullan\u0131n:<\/strong> Uygunsuz bir davran\u0131\u015fla kar\u015f\u0131la\u015f\u0131rsan\u0131z, platformun raporlama \u00f6zelli\u011fini kullan\u0131n. Bu sadece size yard\u0131mc\u0131 olmakla kalmaz, ayn\u0131 zamanda potansiyel sorunlar\u0131 i\u015faretleyerek toplulu\u011fa da yard\u0131mc\u0131 olur.<\/li>\n<li><strong>Bilinmeyen Ba\u011flant\u0131lara T\u0131klamaktan Ka\u00e7\u0131n\u0131n:<\/strong> K\u00f6t\u00fc ama\u00e7l\u0131 ba\u011flant\u0131lar bazen sohbet odalar\u0131nda payla\u015f\u0131labilir. Zararl\u0131 sitelere y\u00f6nlendirebilece\u011finden veya cihaz\u0131n\u0131za k\u00f6t\u00fc ama\u00e7l\u0131 yaz\u0131l\u0131m indirebilece\u011finden, yabanc\u0131lardan gelen ba\u011flant\u0131lara t\u0131klamaktan ka\u00e7\u0131nmak ak\u0131ll\u0131ca olacakt\u0131r.<\/li>\n<li><strong>Ger\u00e7ek Hayatta Toplant\u0131lar:<\/strong> E\u011fer herhangi bir sebepten dolay\u0131 <a href=\"https:\/\/strangercam.com\/tr\/coomeet\/\">tan\u0131\u015fmak<\/a> StrangerMeetup'tan biriyle ger\u00e7ek hayatta bulu\u015fmak istiyorsan\u0131z, her zaman halka a\u00e7\u0131k bir yer se\u00e7in, g\u00fcvendi\u011finiz birine bulu\u015fma hakk\u0131nda bilgi verin ve \u00f6nce kendi g\u00fcvenli\u011finizi sa\u011flay\u0131n.<\/li>\n<li><strong>Kendinizi E\u011fitin:<\/strong> StrangerMeetup'\u0131n y\u00f6nergelerini ve g\u00fcvenlik \u00f6nlemlerini \u00f6\u011frenin. Platformun politikalar\u0131 hakk\u0131nda ne kadar \u00e7ok \u015fey bilirseniz, g\u00fcvenli bir \u015fekilde gezinmek i\u00e7in o kadar iyi donan\u0131ml\u0131 olursunuz.<\/li>\n<li><strong>G\u00fcncel kal\u0131n:<\/strong> StrangerMeetup'\u0131n mobil veya masa\u00fcst\u00fc uygulama s\u00fcr\u00fcm\u00fcn\u00fc kullan\u0131yorsan\u0131z, her zaman en son s\u00fcr\u00fcme g\u00fcncellendi\u011finden emin olun. G\u00fcncellemeler genellikle g\u00fcvenlik geli\u015ftirmeleri i\u00e7erir.<\/li>\n<\/ol>\n<p>\u00d6z\u00fcnde, StrangerMeetup anonim sohbetler i\u00e7in benzersiz bir alan sa\u011flarken, kullan\u0131c\u0131lar\u0131n platformun g\u00fcvenlik \u00f6zelliklerini ki\u015fisel dikkatle birle\u015ftirmeleri hayati \u00f6nem ta\u015f\u0131maktad\u0131r. Yeni insanlarla tan\u0131\u015fman\u0131n heyecan\u0131n\u0131 dijital g\u00fcvenlik bilinciyle dengelemek, olumlu ve g\u00fcvenli bir deneyim sa\u011flayacakt\u0131r.<\/p>\n<h2>Sonu\u00e7<\/h2>\n<p>StrangerMeetup, dijital \u00e7a\u011fda insan etkile\u015fiminin geli\u015fen do\u011fas\u0131n\u0131n dikkate de\u011fer bir kan\u0131t\u0131 olarak duruyor. Sunan bir <a href=\"https:\/\/strangercam.com\/tr\/chat-avenue\/\">CADDE<\/a> anonim, ger\u00e7ek zamanl\u0131 sohbetler i\u00e7in d\u00fcnyan\u0131n d\u00f6rt bir yan\u0131ndan k\u00fclt\u00fcrler, ideolojiler ve ki\u015fisel deneyimler aras\u0131ndaki bo\u015flu\u011fu dolduruyor. Ancak, t\u00fcm dijital platformlarda oldu\u011fu gibi bu platform da bir yandan g\u00fcvenli\u011fi sa\u011flarken di\u011fer yandan da internetin \u00f6z\u00fcn\u00fc korumak gibi ikili zorluklarla i\u00e7 i\u00e7e ge\u00e7mi\u015f durumda. <a href=\"https:\/\/strangercam.com\/tr\/chat4free\/\">\u00fccretsiz<\/a> ileti\u015fim. Platformun do\u011fu\u015ftan gelen g\u00fcvenlik \u00f6zelliklerini ki\u015fisel \u00f6nlemlerle birle\u015ftiren kullan\u0131c\u0131lar, farkl\u0131 etkile\u015fimlerden olu\u015fan bir d\u00fcnyaya girebilir, aksi takdirde par\u00e7alanm\u0131\u015f bir dijital d\u00fcnyada ba\u011flant\u0131lar\u0131 ve anlay\u0131\u015f\u0131 te\u015fvik edebilir. \u00d6zetle, StrangerMeetup sadece k\u00fcreselle\u015fen d\u00fcnyam\u0131z\u0131n birbirine ba\u011fl\u0131l\u0131\u011f\u0131n\u0131n bir yans\u0131mas\u0131 olarak hizmet etmekle kalm\u0131yor, ayn\u0131 zamanda \u00e7evrimi\u00e7i etkile\u015fimlerin geni\u015f aleminde s\u00fcrekli ihtiyat ihtiyac\u0131n\u0131n alt\u0131n\u0131 \u00e7iziyor.<\/p>","protected":false},"excerpt":{"rendered":"<p>StrangerMeetup has positioned itself in the crowded realm of online chat platforms as a popular choice for those looking to engage in anonymous conversations. Unlike many social media platforms where personal profiles, histories, and pictures dominate, StrangerMeetup offers a fresh perspective. Here, the emphasis is on real-time interaction without the baggage of identity, making it [&hellip;]<\/p>\n","protected":false},"author":6,"featured_media":559,"parent":0,"menu_order":0,"comment_status":"closed","ping_status":"closed","template":"","meta":{"footnotes":""},"class_list":["post-11922","page","type-page","status-publish","has-post-thumbnail","hentry"],"yoast_head":"<!-- This site is optimized with the Yoast SEO plugin v26.9 - https:\/\/yoast.com\/product\/yoast-seo-wordpress\/ -->\n<title>StrangerMeetup - Chat with strangers on StrangerCam.com<\/title>\n<meta name=\"description\" content=\"Like StrangerMeetup? Come chat with more than 5.000.000 strangers on Stranger Cam for Free! Turn on your cam and find new friends &amp; maby a match!\" \/>\n<meta name=\"robots\" content=\"index, follow, max-snippet:-1, max-image-preview:large, max-video-preview:-1\" \/>\n<link rel=\"canonical\" href=\"https:\/\/strangercam.com\/tr\/strangermeetup\/\" \/>\n<meta property=\"og:locale\" content=\"tr_TR\" \/>\n<meta property=\"og:type\" content=\"article\" \/>\n<meta property=\"og:title\" content=\"StrangerMeetup - Chat with strangers on StrangerCam.com\" \/>\n<meta property=\"og:description\" content=\"Like StrangerMeetup? Come chat with more than 5.000.000 strangers on Stranger Cam for Free! Turn on your cam and find new friends &amp; maby a match!\" \/>\n<meta property=\"og:url\" content=\"https:\/\/strangercam.com\/tr\/strangermeetup\/\" \/>\n<meta property=\"og:site_name\" content=\"Strangercam\" \/>\n<meta property=\"article:publisher\" content=\"https:\/\/www.facebook.com\/strangercam\" \/>\n<meta property=\"article:modified_time\" content=\"2023-10-23T10:31:54+00:00\" \/>\n<meta property=\"og:image\" content=\"https:\/\/strangercam.com\/wp-content\/uploads\/2020\/11\/stranger-cam-1.png\" \/>\n\t<meta property=\"og:image:width\" content=\"800\" \/>\n\t<meta property=\"og:image:height\" content=\"800\" \/>\n\t<meta property=\"og:image:type\" content=\"image\/png\" \/>\n<meta name=\"twitter:card\" content=\"summary_large_image\" \/>\n<meta name=\"twitter:site\" content=\"@strangercamapp\" \/>\n<meta name=\"twitter:label1\" content=\"Tahmini okuma s\u00fcresi\" \/>\n\t<meta name=\"twitter:data1\" content=\"6 dakika\" \/>\n<script type=\"application\/ld+json\" class=\"yoast-schema-graph\">{\"@context\":\"https:\/\/schema.org\",\"@graph\":[{\"@type\":\"WebPage\",\"@id\":\"https:\/\/strangercam.com\/strangermeetup\/\",\"url\":\"https:\/\/strangercam.com\/strangermeetup\/\",\"name\":\"StrangerMeetup - Chat with strangers on StrangerCam.com\",\"isPartOf\":{\"@id\":\"https:\/\/strangercam.com\/#website\"},\"primaryImageOfPage\":{\"@id\":\"https:\/\/strangercam.com\/strangermeetup\/#primaryimage\"},\"image\":{\"@id\":\"https:\/\/strangercam.com\/strangermeetup\/#primaryimage\"},\"thumbnailUrl\":\"https:\/\/strangercam.com\/wp-content\/uploads\/2020\/11\/stranger-cam-1.png\",\"datePublished\":\"2023-10-23T08:00:20+00:00\",\"dateModified\":\"2023-10-23T10:31:54+00:00\",\"description\":\"Like StrangerMeetup? Come chat with more than 5.000.000 strangers on Stranger Cam for Free! Turn on your cam and find new friends & maby a match!\",\"breadcrumb\":{\"@id\":\"https:\/\/strangercam.com\/strangermeetup\/#breadcrumb\"},\"inLanguage\":\"tr\",\"potentialAction\":[{\"@type\":\"ReadAction\",\"target\":[\"https:\/\/strangercam.com\/strangermeetup\/\"]}]},{\"@type\":\"ImageObject\",\"inLanguage\":\"tr\",\"@id\":\"https:\/\/strangercam.com\/strangermeetup\/#primaryimage\",\"url\":\"https:\/\/strangercam.com\/wp-content\/uploads\/2020\/11\/stranger-cam-1.png\",\"contentUrl\":\"https:\/\/strangercam.com\/wp-content\/uploads\/2020\/11\/stranger-cam-1.png\",\"width\":800,\"height\":800,\"caption\":\"stranger cam random video chat\"},{\"@type\":\"BreadcrumbList\",\"@id\":\"https:\/\/strangercam.com\/strangermeetup\/#breadcrumb\",\"itemListElement\":[{\"@type\":\"ListItem\",\"position\":1,\"name\":\"Home\",\"item\":\"https:\/\/strangercam.com\/\"},{\"@type\":\"ListItem\",\"position\":2,\"name\":\"StrangerMeetup\"}]},{\"@type\":\"WebSite\",\"@id\":\"https:\/\/strangercam.com\/#website\",\"url\":\"https:\/\/strangercam.com\/\",\"name\":\"Strangercam\",\"description\":\"Random Video Chat with Strangers\",\"publisher\":{\"@id\":\"https:\/\/strangercam.com\/#organization\"},\"alternateName\":\"Strangercam.com\",\"potentialAction\":[{\"@type\":\"SearchAction\",\"target\":{\"@type\":\"EntryPoint\",\"urlTemplate\":\"https:\/\/strangercam.com\/?s={search_term_string}\"},\"query-input\":{\"@type\":\"PropertyValueSpecification\",\"valueRequired\":true,\"valueName\":\"search_term_string\"}}],\"inLanguage\":\"tr\"},{\"@type\":\"Organization\",\"@id\":\"https:\/\/strangercam.com\/#organization\",\"name\":\"Strangercam\",\"alternateName\":\"Strangercam.com\",\"url\":\"https:\/\/strangercam.com\/\",\"logo\":{\"@type\":\"ImageObject\",\"inLanguage\":\"tr\",\"@id\":\"https:\/\/strangercam.com\/#\/schema\/logo\/image\/\",\"url\":\"https:\/\/strangercam.com\/wp-content\/uploads\/2020\/11\/cropped-new-favicon-black.png\",\"contentUrl\":\"https:\/\/strangercam.com\/wp-content\/uploads\/2020\/11\/cropped-new-favicon-black.png\",\"width\":512,\"height\":512,\"caption\":\"Strangercam\"},\"image\":{\"@id\":\"https:\/\/strangercam.com\/#\/schema\/logo\/image\/\"},\"sameAs\":[\"https:\/\/www.facebook.com\/strangercam\",\"https:\/\/x.com\/strangercamapp\"]}]}<\/script>\n<!-- \/ Yoast SEO plugin. -->","yoast_head_json":{"title":"StrangerMeetup - StrangerCam.com'da yabanc\u0131larla sohbet edin","description":"StrangerMeetup'\u0131 be\u011fendiniz mi? Gelin Stranger Cam'de 5.000.000'dan fazla yabanc\u0131yla \u00dccretsiz sohbet edin! Kameran\u0131z\u0131 a\u00e7\u0131n ve yeni arkada\u015flar ve belki bir e\u015fle\u015fme bulun!","robots":{"index":"index","follow":"follow","max-snippet":"max-snippet:-1","max-image-preview":"max-image-preview:large","max-video-preview":"max-video-preview:-1"},"canonical":"https:\/\/strangercam.com\/tr\/strangermeetup\/","og_locale":"tr_TR","og_type":"article","og_title":"StrangerMeetup - Chat with strangers on StrangerCam.com","og_description":"Like StrangerMeetup? Come chat with more than 5.000.000 strangers on Stranger Cam for Free! Turn on your cam and find new friends & maby a match!","og_url":"https:\/\/strangercam.com\/tr\/strangermeetup\/","og_site_name":"Strangercam","article_publisher":"https:\/\/www.facebook.com\/strangercam","article_modified_time":"2023-10-23T10:31:54+00:00","og_image":[{"width":800,"height":800,"url":"https:\/\/strangercam.com\/wp-content\/uploads\/2020\/11\/stranger-cam-1.png","type":"image\/png"}],"twitter_card":"summary_large_image","twitter_site":"@strangercamapp","twitter_misc":{"Tahmini okuma s\u00fcresi":"6 dakika"},"schema":{"@context":"https:\/\/schema.org","@graph":[{"@type":"WebPage","@id":"https:\/\/strangercam.com\/strangermeetup\/","url":"https:\/\/strangercam.com\/strangermeetup\/","name":"StrangerMeetup - StrangerCam.com'da yabanc\u0131larla sohbet edin","isPartOf":{"@id":"https:\/\/strangercam.com\/#website"},"primaryImageOfPage":{"@id":"https:\/\/strangercam.com\/strangermeetup\/#primaryimage"},"image":{"@id":"https:\/\/strangercam.com\/strangermeetup\/#primaryimage"},"thumbnailUrl":"https:\/\/strangercam.com\/wp-content\/uploads\/2020\/11\/stranger-cam-1.png","datePublished":"2023-10-23T08:00:20+00:00","dateModified":"2023-10-23T10:31:54+00:00","description":"StrangerMeetup'\u0131 be\u011fendiniz mi? Gelin Stranger Cam'de 5.000.000'dan fazla yabanc\u0131yla \u00dccretsiz sohbet edin! Kameran\u0131z\u0131 a\u00e7\u0131n ve yeni arkada\u015flar ve belki bir e\u015fle\u015fme bulun!","breadcrumb":{"@id":"https:\/\/strangercam.com\/strangermeetup\/#breadcrumb"},"inLanguage":"tr","potentialAction":[{"@type":"ReadAction","target":["https:\/\/strangercam.com\/strangermeetup\/"]}]},{"@type":"ImageObject","inLanguage":"tr","@id":"https:\/\/strangercam.com\/strangermeetup\/#primaryimage","url":"https:\/\/strangercam.com\/wp-content\/uploads\/2020\/11\/stranger-cam-1.png","contentUrl":"https:\/\/strangercam.com\/wp-content\/uploads\/2020\/11\/stranger-cam-1.png","width":800,"height":800,"caption":"stranger cam random video chat"},{"@type":"BreadcrumbList","@id":"https:\/\/strangercam.com\/strangermeetup\/#breadcrumb","itemListElement":[{"@type":"ListItem","position":1,"name":"Home","item":"https:\/\/strangercam.com\/"},{"@type":"ListItem","position":2,"name":"StrangerMeetup"}]},{"@type":"WebSite","@id":"https:\/\/strangercam.com\/#website","url":"https:\/\/strangercam.com\/","name":"Strangercam","description":"Yabanc\u0131larla Rastgele G\u00f6r\u00fcnt\u00fcl\u00fc Sohbet","publisher":{"@id":"https:\/\/strangercam.com\/#organization"},"alternateName":"Strangercam.com","potentialAction":[{"@type":"SearchAction","target":{"@type":"EntryPoint","urlTemplate":"https:\/\/strangercam.com\/?s={search_term_string}"},"query-input":{"@type":"PropertyValueSpecification","valueRequired":true,"valueName":"search_term_string"}}],"inLanguage":"tr"},{"@type":"Organization","@id":"https:\/\/strangercam.com\/#organization","name":"Strangercam","alternateName":"Strangercam.com","url":"https:\/\/strangercam.com\/","logo":{"@type":"ImageObject","inLanguage":"tr","@id":"https:\/\/strangercam.com\/#\/schema\/logo\/image\/","url":"https:\/\/strangercam.com\/wp-content\/uploads\/2020\/11\/cropped-new-favicon-black.png","contentUrl":"https:\/\/strangercam.com\/wp-content\/uploads\/2020\/11\/cropped-new-favicon-black.png","width":512,"height":512,"caption":"Strangercam"},"image":{"@id":"https:\/\/strangercam.com\/#\/schema\/logo\/image\/"},"sameAs":["https:\/\/www.facebook.com\/strangercam","https:\/\/x.com\/strangercamapp"]}]}},"_links":{"self":[{"href":"https:\/\/strangercam.com\/tr\/wp-json\/wp\/v2\/pages\/11922","targetHints":{"allow":["GET"]}}],"collection":[{"href":"https:\/\/strangercam.com\/tr\/wp-json\/wp\/v2\/pages"}],"about":[{"href":"https:\/\/strangercam.com\/tr\/wp-json\/wp\/v2\/types\/page"}],"author":[{"embeddable":true,"href":"https:\/\/strangercam.com\/tr\/wp-json\/wp\/v2\/users\/6"}],"replies":[{"embeddable":true,"href":"https:\/\/strangercam.com\/tr\/wp-json\/wp\/v2\/comments?post=11922"}],"version-history":[{"count":0,"href":"https:\/\/strangercam.com\/tr\/wp-json\/wp\/v2\/pages\/11922\/revisions"}],"wp:featuredmedia":[{"embeddable":true,"href":"https:\/\/strangercam.com\/tr\/wp-json\/wp\/v2\/media\/559"}],"wp:attachment":[{"href":"https:\/\/strangercam.com\/tr\/wp-json\/wp\/v2\/media?parent=11922"}],"curies":[{"name":"wp","href":"https:\/\/api.w.org\/{rel}","templated":true}]}}