{"id":11273,"date":"2022-08-11T20:04:37","date_gmt":"2022-08-11T18:04:37","guid":{"rendered":"https:\/\/strangercam.com\/?page_id=11273"},"modified":"2023-08-21T11:40:07","modified_gmt":"2023-08-21T09:40:07","slug":"321chat","status":"publish","type":"page","link":"https:\/\/strangercam.com\/tr\/321chat\/","title":{"rendered":"321chat"},"content":{"rendered":"<p>Hepimiz sosyal bir ortamda bulundu\u011fumuzda ve kimseyi tan\u0131mad\u0131\u011f\u0131m\u0131zda hissetti\u011fimiz o gariplik duygusunu biliriz. Etrafta ba\u015fka insanlar olsa bile, odada sadece biz varm\u0131\u015f\u0131z gibi hissedebiliriz. Peki ya yabanc\u0131larla konu\u015fman\u0131n gariplik ya da stres i\u00e7ermeyen bir yolu olsayd\u0131?<\/p>\n<p>Giri\u015f <a href=\"https:\/\/strangercam.com\/tr\/strangermeetup\/\">321chat<\/a>, a <a href=\"https:\/\/strangercam.com\/tr\/chatroulette\/\">sohbet<\/a> d\u00fcnyan\u0131n her yerinden insanlarla ba\u011flant\u0131 kurman\u0131z\u0131 sa\u011flayan bir site. \u0130ster yeni bir arkada\u015f ar\u0131yor olun, ister sadece hobileriniz hakk\u0131nda sohbet etmek istiyor olun, 321chat sizin i\u00e7in m\u00fckemmel bir yer.<\/p>\n<h2>321chat nedir?<\/h2>\n<p>321chat, insanlar\u0131n yabanc\u0131larla sohbet etmeleri i\u00e7in bir platform sa\u011flayan bir web sitesidir. Web sitesi, iki ki\u015fi aras\u0131ndaki anonim konu\u015fmalar\u0131 kolayla\u015ft\u0131rmak i\u00e7in tasarlanm\u0131\u015ft\u0131r.<\/p>\n<p>321chat herhangi bir kay\u0131t veya ki\u015fisel bilgi gerektirmez. Tek yapman\u0131z gereken bir kullan\u0131c\u0131 ad\u0131 se\u00e7mek ve sohbete ba\u015flamak.<\/p>\n<p>321chat'deki konu\u015fmalar tamamen anonimdir. Bu, yarg\u0131lanma endi\u015fesi duymadan istedi\u011finizi s\u00f6yleyebilece\u011finiz anlam\u0131na gelir.<\/p>\n<p>321chat her \u015fey hakk\u0131nda konu\u015fmak i\u00e7in harika bir yer. G\u00fcn\u00fcn\u00fcz, hobileriniz, d\u00fc\u015f\u00fcnceleriniz ve konu\u015fmak istedi\u011finiz di\u011fer her \u015fey hakk\u0131nda konu\u015fabilirsiniz.<\/p>\n<p>Kendinizi yaln\u0131z hissediyorsan\u0131z veya sadece konu\u015facak birini ar\u0131yorsan\u0131z, 321chat sizin i\u00e7in m\u00fckemmel bir yerdir. \u0130lgi alanlar\u0131n\u0131z\u0131 payla\u015fan insanlar\u0131 bulabilir ve yeni ili\u015fkiler kurabilirsiniz.<\/p>\n<h2>321chat nas\u0131l \u00e7al\u0131\u015f\u0131r?<\/h2>\n<p>321chat, d\u00fcnyan\u0131n her yerinden yabanc\u0131larla sohbet etmenizi sa\u011flayan bir web sitesidir.<\/p>\n<p>Ad\u0131n\u0131z\u0131 girerek ve bir sohbet odas\u0131 se\u00e7erek sohbete ba\u015flayabilirsiniz. Sohbet odas\u0131na girdi\u011finizde, odadaki di\u011fer kullan\u0131c\u0131lar\u0131 g\u00f6rebilir ve onlarla sohbet etmeye ba\u015flayabilirsiniz.<\/p>\n<p>321chat'deki konu\u015fmalar anonimdir, bu da yarg\u0131lanma endi\u015fesi olmadan istedi\u011finizi s\u00f6yleyebilece\u011finiz anlam\u0131na gelir.<\/p>\n<p>321chat a\u015fa\u011f\u0131dakiler i\u00e7in harika bir yoldur <a href=\"https:\/\/strangercam.com\/tr\/coomeet\/\">tan\u0131\u015fmak<\/a> yeni insanlar ve yeni arkada\u015flar edinin. Ayr\u0131ca di\u011fer k\u00fclt\u00fcrler hakk\u0131nda bilgi edinmek ve \u0130ngilizce becerilerinizi geli\u015ftirmek i\u00e7in de harika bir yoldur.<\/p>\n<h2>321chat'te bir konu\u015fma nas\u0131l ba\u015flat\u0131l\u0131r<\/h2>\n<p>Nas\u0131l yakla\u015faca\u011f\u0131n\u0131z\u0131 biliyorsan\u0131z 321chat'de bir sohbet ba\u015flatmak kolay olabilir. \u00d6nemli olan kendiniz olmak ve soru sormaktan korkmamakt\u0131r.<\/p>\n<p>Biriyle ilk kez sohbet etmeye ba\u015flad\u0131\u011f\u0131n\u0131zda, kendinizi tan\u0131tman\u0131z \u00f6nemlidir. Bu, di\u011fer ki\u015finin sizinle konu\u015furken daha rahat hissetmesine yard\u0131mc\u0131 olacakt\u0131r. Kendinizi tan\u0131tt\u0131ktan sonra, di\u011fer ki\u015fi hakk\u0131nda sorular sormaya ba\u015flayabilirsiniz.<\/p>\n<p>Biriyle sohbet ederken aktif bir dinleyici olmak da \u00f6nemlidir. Bu, di\u011fer ki\u015finin ne s\u00f6yledi\u011fine dikkat etmeniz ve sohbete kat\u0131lmaya \u00e7al\u0131\u015fman\u0131z gerekti\u011fi anlam\u0131na gelir. Sadece konu\u015fma s\u0131ras\u0131n\u0131n size gelmesini beklemeyin!<\/p>\n<p>S\u00f6yleyecek bir \u015feyler bulmakta zorlan\u0131yorsan\u0131z, kar\u015f\u0131n\u0131zdaki ki\u015fiye her zaman hobilerini veya ilgi alanlar\u0131n\u0131 sorabilirsiniz. \u0130nsanlar kendileri hakk\u0131nda konu\u015fmay\u0131 severler, bu y\u00fczden bu sohbeti ba\u015flatmak i\u00e7in harika bir yoldur.<\/p>\n<p>Son olarak, e\u011flenmeyi unutmay\u0131n! Yabanc\u0131larla sohbet etmek yeni arkada\u015flar edinmek i\u00e7in harika bir yol olabilir, bu y\u00fczden e\u011flenin ve kendiniz olmaktan korkmay\u0131n.<\/p>\n<h2>321chat'te utanga\u00e7 hissediyorsan\u0131z ne yapmal\u0131s\u0131n\u0131z?<\/h2>\n<p>E\u011fer 321chat'de utanga\u00e7 hissediyorsan\u0131z, endi\u015felenmeyin! Deneyimi daha keyifli hale getirmek i\u00e7in yapabilece\u011finiz pek \u00e7ok \u015fey var.<\/p>\n<p>\u00d6ncelikle derin bir nefes al\u0131n ve rahatlay\u0131n. Herkesin sadece sohbet etmek ve e\u011flenmek i\u00e7in burada oldu\u011funu hat\u0131rlamak \u00f6nemlidir. Gergin olman\u0131za gerek yok.<\/p>\n<p>\u0130kinci olarak, sizinle ayn\u0131 odada bulunan ki\u015filerle sohbet ederek ba\u015flay\u0131n. Bu \u015fekilde, \u00f6zel sohbetlere ge\u00e7meden \u00f6nce onlar\u0131 biraz tan\u0131yabilirsiniz.<\/p>\n<p>\u00dc\u00e7\u00fcnc\u00fcs\u00fc, kendiniz olmaya \u00e7al\u0131\u015f\u0131n! Arkada\u015f canl\u0131s\u0131 ve a\u00e7\u0131k olun, insanlar da size ayn\u0131 \u015fekilde kar\u015f\u0131l\u0131k verecektir. Soru sormaktan veya sohbet ba\u015flatmaktan korkmay\u0131n.<\/p>\n<p>D\u00f6rd\u00fcnc\u00fcs\u00fc, e\u011fer kendinizi rahats\u0131z hissederseniz, her zaman sohbet odas\u0131n\u0131 terk edebilirsiniz. E\u011fer e\u011flenmiyorsan\u0131z kimse sizi kalman\u0131z i\u00e7in zorlamayacakt\u0131r.<\/p>\n<p>\u00d6yleyse devam edin ve 321chat'yi deneyin! \u0130yi vakit ge\u00e7irece\u011finize s\u00f6z veriyoruz.<\/p>\n<h2>321chat'te yabanc\u0131larla konu\u015fman\u0131n faydalar\u0131 nelerdir?<\/h2>\n<p>Hepimiz kendimizi kimseyi tan\u0131mad\u0131\u011f\u0131m\u0131z bir sosyal ortamda buldu\u011fumuzda hissetti\u011fimiz o rahats\u0131zl\u0131k duygusunu biliriz. Ba\u015fkalar\u0131yla ba\u011flant\u0131 kurmak istemek insan\u0131n do\u011fas\u0131nda vard\u0131r ve bazen bunu yapman\u0131n en iyi yolu yabanc\u0131larla konu\u015fmakt\u0131r.<\/p>\n<p>321chat'de yabanc\u0131larla konu\u015fman\u0131n asl\u0131nda pek \u00e7ok faydas\u0131 vard\u0131r. Birincisi, sosyal becerilerinizi geli\u015ftirmenize yard\u0131mc\u0131 olabilir. Utanga\u00e7 veya i\u00e7e d\u00f6n\u00fck biriyseniz, yabanc\u0131larla konu\u015fmak \u00f6zg\u00fcveninizi art\u0131rmak i\u00e7in harika bir yol olabilir.<\/p>\n<p>Ayr\u0131ca sosyal \u00e7evrenizi geni\u015fletmenize de yard\u0131mc\u0131 olabilir. Asla bilemezsiniz, 321chat'de iyi bir arkada\u015f veya daha fazlas\u0131 olacak biriyle tan\u0131\u015fabilirsiniz.<\/p>\n<p>Yabanc\u0131larla konu\u015fmak, yeni k\u00fclt\u00fcrler ve deneyimler hakk\u0131nda bilgi edinmek i\u00e7in de harika bir yol olabilir. Biriyle sadece birka\u00e7 dakika sohbet ederek onun hakk\u0131nda ne kadar \u00e7ok \u015fey \u00f6\u011frenebilece\u011finize \u015fa\u015f\u0131racaks\u0131n\u0131z.<\/p>\n<p>Bir dahaki sefere kendinizi 321chat'de buldu\u011funuzda, yeni biriyle sohbet etmeye ba\u015flamaktan korkmay\u0131n. Bunun \u015fimdiye kadar verdi\u011finiz en iyi karar oldu\u011funu g\u00f6rebilirsiniz!<\/p>\n<h2>321chat'in Art\u0131lar\u0131 ve Eksileri<\/h2>\n<p>321chat'nin baz\u0131 art\u0131lar\u0131 aras\u0131nda \u00fccretsiz ve g\u00fcvenli bir sohbet sitesi olmas\u0131, geni\u015f bir kullan\u0131c\u0131 taban\u0131na sahip olmas\u0131 ve bir\u00e7ok dilde mevcut olmas\u0131 say\u0131labilir. Ek olarak, 321chat grup sohbeti, VoIP arama ve dosya payla\u015f\u0131m\u0131 gibi \u00f6zellikler sunar.<\/p>\n<p>Bununla birlikte, 321chat'nin baz\u0131 eksileri aras\u0131nda sitede arkada\u015f bulman\u0131n zor olabilece\u011fi ve zaman zaman yava\u015f olabilece\u011fi yer al\u0131yor.<\/p>\n<h2>321chat'ten en iyi \u015fekilde nas\u0131l yararlan\u0131l\u0131r?<\/h2>\n<p>321chat yeni arkada\u015flar edinmek ve d\u00fcnyan\u0131n her yerinden insanlarla ba\u011flant\u0131 kurmak i\u00e7in harika bir yoldur. Ayr\u0131ca yabanc\u0131larla sohbet etmek i\u00e7in de harika bir yoldur, ki bu ger\u00e7ekten e\u011flenceli olabilir!<\/p>\n<p>321chat'den en iyi \u015fekilde yararlanmak i\u00e7in yapabilece\u011finiz birka\u00e7 \u015fey vard\u0131r:<\/p>\n<ol>\n<li>Yabanc\u0131larla g\u00fcndelik sohbetler yapmak i\u00e7in sohbeti kullan\u0131n. Bu, onlar hakk\u0131nda daha fazla bilgi edinmek ve potansiyel olarak bir arkada\u015fl\u0131k ba\u015flatmak i\u00e7in harika bir yoldur.<\/li>\n<li>Bilgi veya tavsiye bulmak i\u00e7in sohbeti kullan\u0131n. Bir konu hakk\u0131nda bilgi ar\u0131yorsan\u0131z, sohbeti kullanmak \u00e7evrimi\u00e7i arama yapmaktan daha h\u0131zl\u0131 ve kolay bir yol olabilir.<\/li>\n<li>Sohbeti, konu\u015fma \u0130ngilizcesi becerilerinizi geli\u015ftirmek i\u00e7in bir f\u0131rsat olarak kullan\u0131n. 321chat d\u0131\u015f\u0131nda bir r\u00f6portajda veya sohbette ne zaman \u0130ngilizce kullanman\u0131z gerekece\u011fini asla bilemezsiniz!<\/li>\n<\/ol>\n<h2>Kullan\u0131m\u0131 g\u00fcvenli mi?<\/h2>\n<p>Sohbette yabanc\u0131larla konu\u015fman\u0131n e\u011flenceli ve heyecan verici bir deneyim oldu\u011funa \u015f\u00fcphe yok. Bununla birlikte, sohbet konu\u015fmalar\u0131na kat\u0131l\u0131rken dikkatli olman\u0131n hala hayati \u00f6nem ta\u015f\u0131d\u0131\u011f\u0131n\u0131 unutmamak \u00f6nemlidir.<\/p>\n<p>Sohbet kullan\u0131rken en b\u00fcy\u00fck g\u00fcvenlik endi\u015felerinden biri siber zorbal\u0131kt\u0131r. Siber zorbal\u0131k, birbirini tan\u0131yan ki\u015filer aras\u0131nda ger\u00e7ekle\u015fen her t\u00fcrl\u00fc \u00e7evrimi\u00e7i veya \u00e7evrimd\u0131\u015f\u0131 tacizi ifade eder. Bu, incitici mesajlar g\u00f6ndermeyi, biriyle dalga ge\u00e7meyi veya utan\u00e7 verici foto\u011fraflar yay\u0131nlamay\u0131 i\u00e7erebilir.<\/p>\n<p>Halka a\u00e7\u0131k bir yerde tan\u0131mad\u0131\u011f\u0131n\u0131z insanlarla muhatap oldu\u011funuzu unutmaman\u0131z \u00f6nemlidir. <a href=\"https:\/\/strangercam.com\/tr\/mocospace\/\">uzay<\/a>. Bu, her an size k\u0131zg\u0131n veya sinirli olabilecekleri anlam\u0131na gelir. Kendinizi rahats\u0131z veya tehdit alt\u0131nda hissediyorsan\u0131z, l\u00fctfen bu ki\u015fiyle ileti\u015fim kurmay\u0131 derhal b\u0131rak\u0131n.<\/p>\n<h2>Rastgele g\u00f6r\u00fcnt\u00fcl\u00fc sohbet kullan\u0131rken \u00f6nleyici tedbirler<\/h2>\n<p>Kullan\u0131rken sald\u0131r\u0131ya u\u011framan\u0131z\u0131 veya taciz edilmenizi \u00f6nlemenin en iyi yollar\u0131ndan biri <a href=\"https:\/\/strangercam.com\/tr\/chathub\/\">rastgele g\u00f6r\u00fcnt\u00fcl\u00fc sohbet<\/a> proaktif \u00f6nlemler almakt\u0131r. \u0130\u015fte takip etmeniz gereken birka\u00e7 ipucu:<\/p>\n<ol>\n<li>Rastgele g\u00f6r\u00fcnt\u00fcl\u00fc sohbet kullan\u0131rken her zaman bir VPN kullan\u0131n. VPN verilerinizi \u015fifreleyecek ve a\u011fdaki herhangi biri taraf\u0131ndan g\u00f6r\u00fclmesini engelleyecektir. Bu, olas\u0131 sald\u0131r\u0131lardan veya tacizlerden ka\u00e7\u0131nman\u0131za yard\u0131mc\u0131 olacakt\u0131r.<\/li>\n<li>Olu\u015fturdu\u011funuz her rastgele g\u00f6r\u00fcnt\u00fcl\u00fc sohbet hesab\u0131 i\u00e7in her zaman farkl\u0131 bir kullan\u0131c\u0131 ad\u0131 ve \u015fifre kullan\u0131n. Bu \u015fekilde, birisi size sald\u0131r\u0131r veya taciz ederse, bu kullan\u0131c\u0131 ad\u0131 ve \u015fifreyle di\u011fer hesaplar\u0131n\u0131za eri\u015femez.<\/li>\n<li>Tam ad\u0131n\u0131z veya adresiniz gibi ki\u015fisel bilgilerinizi rastgele g\u00f6r\u00fcnt\u00fcl\u00fc sohbette yabanc\u0131larla payla\u015fmay\u0131n. Birisi size sald\u0131r\u0131r veya taciz ederse, bu \u015fekilde hakk\u0131n\u0131zda daha fazla bilgi edinebilirler.<\/li>\n<\/ol>\n<p>Bu \u00f6nlemleri takip ederek, rastgele g\u00f6r\u00fcnt\u00fcl\u00fc sohbet kullanarak g\u00fcvenli ve keyifli bir deneyim ya\u015faman\u0131z\u0131 sa\u011flayabilirsiniz<\/p>\n<h2>Sonu\u00e7<\/h2>\n<p>321chat, arkada\u015f edinmek veya yeni arkada\u015flar bulmak isteyen insanlar i\u00e7in harika bir kaynakt\u0131r. Sohbet odas\u0131 7\/24 a\u00e7\u0131kt\u0131r ve \u015fehrinizi veya \u00fclkenizi yaz\u0131p ba\u011flant\u0131ya t\u0131klayarak kat\u0131labilirsiniz. Giri\u015f yapt\u0131ktan sonra, ilgin\u00e7 g\u00f6r\u00fcnen herkesle sohbet etmeye ba\u015flay\u0131n! Bu \u015fekilde ne t\u00fcr arkada\u015fl\u0131klar kurabilece\u011finizi asla bilemezsiniz.<\/p>","protected":false},"excerpt":{"rendered":"<p>We all know that feeling of awkwardness when we&#8217;re in a social situation and we don&#8217;t know anyone. Even if there are other people around, it can feel like we&#8217;re the only ones in the room. But what if there was a way to talk to strangers that didn&#8217;t involve any of the awkwardness or [&hellip;]<\/p>\n","protected":false},"author":6,"featured_media":559,"parent":0,"menu_order":0,"comment_status":"closed","ping_status":"closed","template":"","meta":{"footnotes":""},"class_list":["post-11273","page","type-page","status-publish","has-post-thumbnail","hentry"],"yoast_head":"<!-- This site is optimized with the Yoast SEO plugin v27.4 - https:\/\/yoast.com\/product\/yoast-seo-wordpress\/ -->\n<title>321chat - Chat with strangers on StrangerCam.com<\/title>\n<meta name=\"description\" content=\"Like 321chat? Come chat with more than 5.000.000 strangers on Stranger Cam for Free! Turn on your cam and find new friends &amp; maby a match!\" \/>\n<meta name=\"robots\" content=\"index, follow, max-snippet:-1, max-image-preview:large, max-video-preview:-1\" \/>\n<link rel=\"canonical\" href=\"https:\/\/strangercam.com\/tr\/321chat\/\" \/>\n<meta property=\"og:locale\" content=\"tr_TR\" \/>\n<meta property=\"og:type\" content=\"article\" \/>\n<meta property=\"og:title\" content=\"321chat - Chat with strangers on StrangerCam.com\" \/>\n<meta property=\"og:description\" content=\"Like 321chat? Come chat with more than 5.000.000 strangers on Stranger Cam for Free! Turn on your cam and find new friends &amp; maby a match!\" \/>\n<meta property=\"og:url\" content=\"https:\/\/strangercam.com\/tr\/321chat\/\" \/>\n<meta property=\"og:site_name\" content=\"Strangercam\" \/>\n<meta property=\"article:publisher\" content=\"https:\/\/www.facebook.com\/strangercam\" \/>\n<meta property=\"article:modified_time\" content=\"2023-08-21T09:40:07+00:00\" \/>\n<meta property=\"og:image\" content=\"https:\/\/strangercam.com\/wp-content\/uploads\/2020\/11\/stranger-cam-1.png\" \/>\n\t<meta property=\"og:image:width\" content=\"800\" \/>\n\t<meta property=\"og:image:height\" content=\"800\" \/>\n\t<meta property=\"og:image:type\" content=\"image\/png\" \/>\n<meta name=\"twitter:card\" content=\"summary_large_image\" \/>\n<meta name=\"twitter:site\" content=\"@strangercamapp\" \/>\n<meta name=\"twitter:label1\" content=\"Tahmini okuma s\u00fcresi\" \/>\n\t<meta name=\"twitter:data1\" content=\"7 dakika\" \/>\n<script type=\"application\/ld+json\" class=\"yoast-schema-graph\">{\"@context\":\"https:\\\/\\\/schema.org\",\"@graph\":[{\"@type\":\"WebPage\",\"@id\":\"https:\\\/\\\/strangercam.com\\\/321chat\\\/\",\"url\":\"https:\\\/\\\/strangercam.com\\\/321chat\\\/\",\"name\":\"321chat - Chat with strangers on StrangerCam.com\",\"isPartOf\":{\"@id\":\"https:\\\/\\\/strangercam.com\\\/#website\"},\"primaryImageOfPage\":{\"@id\":\"https:\\\/\\\/strangercam.com\\\/321chat\\\/#primaryimage\"},\"image\":{\"@id\":\"https:\\\/\\\/strangercam.com\\\/321chat\\\/#primaryimage\"},\"thumbnailUrl\":\"https:\\\/\\\/strangercam.com\\\/wp-content\\\/uploads\\\/2020\\\/11\\\/stranger-cam-1.png\",\"datePublished\":\"2022-08-11T18:04:37+00:00\",\"dateModified\":\"2023-08-21T09:40:07+00:00\",\"description\":\"Like 321chat? Come chat with more than 5.000.000 strangers on Stranger Cam for Free! Turn on your cam and find new friends & maby a match!\",\"breadcrumb\":{\"@id\":\"https:\\\/\\\/strangercam.com\\\/321chat\\\/#breadcrumb\"},\"inLanguage\":\"tr\",\"potentialAction\":[{\"@type\":\"ReadAction\",\"target\":[\"https:\\\/\\\/strangercam.com\\\/321chat\\\/\"]}]},{\"@type\":\"ImageObject\",\"inLanguage\":\"tr\",\"@id\":\"https:\\\/\\\/strangercam.com\\\/321chat\\\/#primaryimage\",\"url\":\"https:\\\/\\\/strangercam.com\\\/wp-content\\\/uploads\\\/2020\\\/11\\\/stranger-cam-1.png\",\"contentUrl\":\"https:\\\/\\\/strangercam.com\\\/wp-content\\\/uploads\\\/2020\\\/11\\\/stranger-cam-1.png\",\"width\":800,\"height\":800,\"caption\":\"stranger cam random video chat\"},{\"@type\":\"BreadcrumbList\",\"@id\":\"https:\\\/\\\/strangercam.com\\\/321chat\\\/#breadcrumb\",\"itemListElement\":[{\"@type\":\"ListItem\",\"position\":1,\"name\":\"Home\",\"item\":\"https:\\\/\\\/strangercam.com\\\/\"},{\"@type\":\"ListItem\",\"position\":2,\"name\":\"321chat\"}]},{\"@type\":\"WebSite\",\"@id\":\"https:\\\/\\\/strangercam.com\\\/#website\",\"url\":\"https:\\\/\\\/strangercam.com\\\/\",\"name\":\"Strangercam\",\"description\":\"Random Video Chat with Strangers\",\"publisher\":{\"@id\":\"https:\\\/\\\/strangercam.com\\\/#organization\"},\"alternateName\":\"Strangercam.com\",\"potentialAction\":[{\"@type\":\"SearchAction\",\"target\":{\"@type\":\"EntryPoint\",\"urlTemplate\":\"https:\\\/\\\/strangercam.com\\\/?s={search_term_string}\"},\"query-input\":{\"@type\":\"PropertyValueSpecification\",\"valueRequired\":true,\"valueName\":\"search_term_string\"}}],\"inLanguage\":\"tr\"},{\"@type\":\"Organization\",\"@id\":\"https:\\\/\\\/strangercam.com\\\/#organization\",\"name\":\"Strangercam\",\"alternateName\":\"Strangercam.com\",\"url\":\"https:\\\/\\\/strangercam.com\\\/\",\"logo\":{\"@type\":\"ImageObject\",\"inLanguage\":\"tr\",\"@id\":\"https:\\\/\\\/strangercam.com\\\/#\\\/schema\\\/logo\\\/image\\\/\",\"url\":\"https:\\\/\\\/strangercam.com\\\/wp-content\\\/uploads\\\/2020\\\/11\\\/cropped-new-favicon-black.png\",\"contentUrl\":\"https:\\\/\\\/strangercam.com\\\/wp-content\\\/uploads\\\/2020\\\/11\\\/cropped-new-favicon-black.png\",\"width\":512,\"height\":512,\"caption\":\"Strangercam\"},\"image\":{\"@id\":\"https:\\\/\\\/strangercam.com\\\/#\\\/schema\\\/logo\\\/image\\\/\"},\"sameAs\":[\"https:\\\/\\\/www.facebook.com\\\/strangercam\",\"https:\\\/\\\/x.com\\\/strangercamapp\"]}]}<\/script>\n<!-- \/ Yoast SEO plugin. -->","yoast_head_json":{"title":"321chat - StrangerCam.com'da yabanc\u0131larla sohbet edin","description":"321chat gibi mi? Gelin Stranger Cam'de 5.000.000'dan fazla yabanc\u0131yla \u00dccretsiz sohbet edin! Kameran\u0131z\u0131 a\u00e7\u0131n ve yeni arkada\u015flar ve belki bir e\u015fle\u015fme bulun!","robots":{"index":"index","follow":"follow","max-snippet":"max-snippet:-1","max-image-preview":"max-image-preview:large","max-video-preview":"max-video-preview:-1"},"canonical":"https:\/\/strangercam.com\/tr\/321chat\/","og_locale":"tr_TR","og_type":"article","og_title":"321chat - Chat with strangers on StrangerCam.com","og_description":"Like 321chat? Come chat with more than 5.000.000 strangers on Stranger Cam for Free! Turn on your cam and find new friends & maby a match!","og_url":"https:\/\/strangercam.com\/tr\/321chat\/","og_site_name":"Strangercam","article_publisher":"https:\/\/www.facebook.com\/strangercam","article_modified_time":"2023-08-21T09:40:07+00:00","og_image":[{"width":800,"height":800,"url":"https:\/\/strangercam.com\/wp-content\/uploads\/2020\/11\/stranger-cam-1.png","type":"image\/png"}],"twitter_card":"summary_large_image","twitter_site":"@strangercamapp","twitter_misc":{"Tahmini okuma s\u00fcresi":"7 dakika"},"schema":{"@context":"https:\/\/schema.org","@graph":[{"@type":"WebPage","@id":"https:\/\/strangercam.com\/321chat\/","url":"https:\/\/strangercam.com\/321chat\/","name":"321chat - StrangerCam.com'da yabanc\u0131larla sohbet edin","isPartOf":{"@id":"https:\/\/strangercam.com\/#website"},"primaryImageOfPage":{"@id":"https:\/\/strangercam.com\/321chat\/#primaryimage"},"image":{"@id":"https:\/\/strangercam.com\/321chat\/#primaryimage"},"thumbnailUrl":"https:\/\/strangercam.com\/wp-content\/uploads\/2020\/11\/stranger-cam-1.png","datePublished":"2022-08-11T18:04:37+00:00","dateModified":"2023-08-21T09:40:07+00:00","description":"321chat gibi mi? Gelin Stranger Cam'de 5.000.000'dan fazla yabanc\u0131yla \u00dccretsiz sohbet edin! Kameran\u0131z\u0131 a\u00e7\u0131n ve yeni arkada\u015flar ve belki bir e\u015fle\u015fme bulun!","breadcrumb":{"@id":"https:\/\/strangercam.com\/321chat\/#breadcrumb"},"inLanguage":"tr","potentialAction":[{"@type":"ReadAction","target":["https:\/\/strangercam.com\/321chat\/"]}]},{"@type":"ImageObject","inLanguage":"tr","@id":"https:\/\/strangercam.com\/321chat\/#primaryimage","url":"https:\/\/strangercam.com\/wp-content\/uploads\/2020\/11\/stranger-cam-1.png","contentUrl":"https:\/\/strangercam.com\/wp-content\/uploads\/2020\/11\/stranger-cam-1.png","width":800,"height":800,"caption":"stranger cam random video chat"},{"@type":"BreadcrumbList","@id":"https:\/\/strangercam.com\/321chat\/#breadcrumb","itemListElement":[{"@type":"ListItem","position":1,"name":"Home","item":"https:\/\/strangercam.com\/"},{"@type":"ListItem","position":2,"name":"321chat"}]},{"@type":"WebSite","@id":"https:\/\/strangercam.com\/#website","url":"https:\/\/strangercam.com\/","name":"Strangercam","description":"Yabanc\u0131larla Rastgele G\u00f6r\u00fcnt\u00fcl\u00fc Sohbet","publisher":{"@id":"https:\/\/strangercam.com\/#organization"},"alternateName":"Strangercam.com","potentialAction":[{"@type":"SearchAction","target":{"@type":"EntryPoint","urlTemplate":"https:\/\/strangercam.com\/?s={search_term_string}"},"query-input":{"@type":"PropertyValueSpecification","valueRequired":true,"valueName":"search_term_string"}}],"inLanguage":"tr"},{"@type":"Organization","@id":"https:\/\/strangercam.com\/#organization","name":"Strangercam","alternateName":"Strangercam.com","url":"https:\/\/strangercam.com\/","logo":{"@type":"ImageObject","inLanguage":"tr","@id":"https:\/\/strangercam.com\/#\/schema\/logo\/image\/","url":"https:\/\/strangercam.com\/wp-content\/uploads\/2020\/11\/cropped-new-favicon-black.png","contentUrl":"https:\/\/strangercam.com\/wp-content\/uploads\/2020\/11\/cropped-new-favicon-black.png","width":512,"height":512,"caption":"Strangercam"},"image":{"@id":"https:\/\/strangercam.com\/#\/schema\/logo\/image\/"},"sameAs":["https:\/\/www.facebook.com\/strangercam","https:\/\/x.com\/strangercamapp"]}]}},"_links":{"self":[{"href":"https:\/\/strangercam.com\/tr\/wp-json\/wp\/v2\/pages\/11273","targetHints":{"allow":["GET"]}}],"collection":[{"href":"https:\/\/strangercam.com\/tr\/wp-json\/wp\/v2\/pages"}],"about":[{"href":"https:\/\/strangercam.com\/tr\/wp-json\/wp\/v2\/types\/page"}],"author":[{"embeddable":true,"href":"https:\/\/strangercam.com\/tr\/wp-json\/wp\/v2\/users\/6"}],"replies":[{"embeddable":true,"href":"https:\/\/strangercam.com\/tr\/wp-json\/wp\/v2\/comments?post=11273"}],"version-history":[{"count":0,"href":"https:\/\/strangercam.com\/tr\/wp-json\/wp\/v2\/pages\/11273\/revisions"}],"wp:featuredmedia":[{"embeddable":true,"href":"https:\/\/strangercam.com\/tr\/wp-json\/wp\/v2\/media\/559"}],"wp:attachment":[{"href":"https:\/\/strangercam.com\/tr\/wp-json\/wp\/v2\/media?parent=11273"}],"curies":[{"name":"wp","href":"https:\/\/api.w.org\/{rel}","templated":true}]}}