{"id":11261,"date":"2022-08-11T20:01:47","date_gmt":"2022-08-11T18:01:47","guid":{"rendered":"https:\/\/strangercam.com\/?page_id=11261"},"modified":"2023-08-21T12:47:03","modified_gmt":"2023-08-21T10:47:03","slug":"yesichat","status":"publish","type":"page","link":"https:\/\/strangercam.com\/tr\/yesichat\/","title":{"rendered":"Yesichat"},"content":{"rendered":"<p>E\u011fer bir yer ar\u0131yorsan\u0131z <a href=\"https:\/\/strangercam.com\/tr\/chatroulette\/\">sohbet<\/a> yabanc\u0131larla \u00e7evrimi\u00e7i sohbet etmek istiyorsan, do\u011fru yere geldin! Yesichat, kay\u0131t olman\u0131za gerek kalmadan yabanc\u0131larla sohbet etmenizi sa\u011flayan \u00fccretsiz bir sohbet sitesidir. Sadece bir kullan\u0131c\u0131 ad\u0131 girin ve sohbete ba\u015flay\u0131n!<\/p>\n<h2>Yesichat nedir?<\/h2>\n<p>Yesichat, yabanc\u0131larla konu\u015fman\u0131z\u0131 sa\u011flayan bir sohbet sitesidir. Bu harika bir yoldur <a href=\"https:\/\/strangercam.com\/tr\/coomeet\/\">tan\u0131\u015fmak<\/a> yeni insanlar ve yeni arkada\u015flar edinin. Ayr\u0131ca yesichat'i bir tarih bulmak veya sadece ilgilendi\u011finiz biriyle sohbet etmek i\u00e7in de kullanabilirsiniz.<\/p>\n<h2>yesichat nas\u0131l kullan\u0131l\u0131r?<\/h2>\n<p>Yesichat yabanc\u0131larla konu\u015fmak i\u00e7in harika bir platform. Kullan\u0131m\u0131 basit ve kolayd\u0131r ve d\u00fcnyan\u0131n her yerinden insanlarla ba\u011flant\u0131 kurman\u0131n harika bir yoludur. \u0130\u015fte yesichat'\u0131n nas\u0131l kullan\u0131laca\u011f\u0131na dair baz\u0131 ipu\u00e7lar\u0131:<\/p>\n<ol>\n<li>Bir profil olu\u015fturarak ba\u015flay\u0131n. Bu, ilgi alanlar\u0131n\u0131z\u0131 payla\u015fan sohbet edebilece\u011finiz ki\u015fileri bulman\u0131za yard\u0131mc\u0131 olacakt\u0131r.<\/li>\n<li>Profilinizi olu\u015fturduktan sonra, mevcut farkl\u0131 sohbet odalar\u0131na bir g\u00f6z at\u0131n. Herkese a\u00e7\u0131k bir odada veya \u00f6zel bir odada sohbet etmeyi se\u00e7ebilirsiniz.<\/li>\n<li>Sohbet odas\u0131ndayken di\u011fer kullan\u0131c\u0131lara kar\u015f\u0131 sayg\u0131l\u0131 olun. Oday\u0131 mesajlarla doldurmay\u0131n ve kaba veya sald\u0131rgan olmay\u0131n.<\/li>\n<li>Yesichat yeni insanlarla tan\u0131\u015fmak ve yeni arkada\u015flar edinmek i\u00e7in harika bir yerdir. Bu y\u00fczden sitede ge\u00e7irdi\u011finiz zaman\u0131n tad\u0131n\u0131 \u00e7\u0131kar\u0131n ve sohbet etmek isterseniz birine ula\u015fmaktan \u00e7ekinmeyin!<\/li>\n<\/ol>\n<h2>Yesichat kullanman\u0131n avantajlar\u0131<\/h2>\n<p>Yabanc\u0131larla \u00e7evrimi\u00e7i konu\u015fmak istedi\u011finizde yesichat'\u0131 kullanmak i\u00e7in pek \u00e7ok neden var. Birincisi, d\u00fcnyan\u0131n her yerinden yeni insanlarla tan\u0131\u015fmak i\u00e7in harika bir yoldur. Ayr\u0131ca yesichat'i yeni arkada\u015flar ve hatta potansiyel tarihler bulmak i\u00e7in de kullanabilirsiniz.<\/p>\n<p>yesichat'\u0131n bir di\u011fer b\u00fcy\u00fck avantaj\u0131 ise kullan\u0131m\u0131n\u0131n tamamen \u00fccretsiz olmas\u0131d\u0131r. Herhangi bir \u00fccret veya ayl\u0131k abonelik \u00f6deme konusunda endi\u015felenmenize gerek yok. Herhangi bir ko\u015ful olmadan yabanc\u0131larla sohbet etmenin tad\u0131n\u0131 \u00e7\u0131karabilirsiniz.<\/p>\n<p>Son olarak, yesichat ili\u015fki kurmak i\u00e7in harika bir platformdur. \u0130ster arkada\u015fl\u0131k ister a\u015fk ar\u0131yor olun, yesichat'ta bulaca\u011f\u0131n\u0131zdan emin olabilirsiniz. \u00d6yleyse neden bug\u00fcn denemiyorsunuz?<\/p>\n<h2>Yesichat kullanman\u0131n dezavantajlar\u0131<\/h2>\n<p>Yabanc\u0131larla kullanmak i\u00e7in bir sohbet uygulamas\u0131 ar\u0131yorsan\u0131z, yesichat'\u0131 kullanma konusunda iki kez d\u00fc\u015f\u00fcnmek isteyebilirsiniz. Uygulama avantajl\u0131 olabilecek baz\u0131 \u00f6zelliklere sahip olsa da, fark\u0131nda olman\u0131z gereken birka\u00e7 dezavantaj da vard\u0131r.<\/p>\n<p>Yesichat'\u0131n en b\u00fcy\u00fck dezavantajlar\u0131ndan biri \u00e7ok g\u00fcvenli olmamas\u0131d\u0131r. Uygulama, kullan\u0131c\u0131lar\u0131n bir hesap olu\u015fturmas\u0131n\u0131 veya giri\u015f yapmas\u0131n\u0131 gerektirmez, bu da herkesin bir sohbet odas\u0131na kat\u0131labilece\u011fi ve sohbete ba\u015flayabilece\u011fi anlam\u0131na gelir. Kimli\u011finizi gizli tutmaya \u00e7al\u0131\u015f\u0131yorsan\u0131z veya insanlar\u0131n sizinle ilgili ki\u015fisel bilgileri \u00f6\u011frenebilece\u011finden endi\u015feleniyorsan\u0131z bu sorun yaratabilir.<\/p>\n<p>Yesichat'\u0131n bir di\u011fer dezavantaj\u0131 da \u00e7ok \u00f6zel olmamas\u0131d\u0131r. Uygulamadaki t\u00fcm konu\u015fmalar herkese a\u00e7\u0131kt\u0131r ve sohbet odas\u0131na kat\u0131lan herkes taraf\u0131ndan g\u00f6r\u00fclebilir. Bu, iyi tan\u0131mad\u0131\u011f\u0131n\u0131z ve sizden faydalanabilecek ki\u015filerle hassas konu\u015fmalar yapabilece\u011finiz anlam\u0131na gelir.<\/p>\n<p>Son olarak, yesichat olduk\u00e7a hatal\u0131 ve g\u00fcvenilmez olabilir. Uygulaman\u0131n konu\u015fmalar\u0131n ortas\u0131nda \u00e7\u00f6kt\u00fc\u011f\u00fc bilinmektedir, bu da \u00f6nemli biriyle sohbet etmeye \u00e7al\u0131\u015f\u0131yorsan\u0131z veya hararetli bir tart\u0131\u015fman\u0131n ortas\u0131ndaysan\u0131z sinir bozucu olabilir.<\/p>\n<p>Genel olarak, yesichat harika bir<\/p>\n<h2>Yesichat'tan en iyi \u015fekilde nas\u0131l yararlan\u0131l\u0131r<\/h2>\n<p>Yeni ve ilgin\u00e7 insanlarla ba\u011flant\u0131 kurman\u0131n bir yolunu ar\u0131yorsan\u0131z, yesichat harika bir se\u00e7enektir. D\u00fcnya \u00e7ap\u0131nda bir milyondan fazla kullan\u0131c\u0131s\u0131 olan platform, d\u00fcnyan\u0131n her yerinden yabanc\u0131larla sohbet etmek i\u00e7in g\u00fcvenli ve e\u011flenceli bir ortam sunuyor.<\/p>\n<p>\u0130\u015fte yesichat deneyiminizden en iyi \u015fekilde yararlanman\u0131za yard\u0131mc\u0131 olacak baz\u0131 ipu\u00e7lar\u0131:<\/p>\n<ol>\n<li>Sayg\u0131l\u0131 ve kibar olun. Bu, her sohbet ortam\u0131nda \u00f6nemlidir, ancak \u00f6zellikle yabanc\u0131larla konu\u015furken \u00f6nemlidir.<\/li>\n<li>Sorular sorun ve merakl\u0131 olun. \"En sevdi\u011fin...\" veya \"bana...\" gibi sohbet ba\u015flat\u0131c\u0131lar buzlar\u0131 k\u0131rmaya ve i\u015fleri ilgin\u00e7 tutmaya yard\u0131mc\u0131 olabilir.<\/li>\n<li>Kendiniz hakk\u0131nda biraz bilgi payla\u015f\u0131n. Kim oldu\u011funuz konusunda a\u00e7\u0131k ve d\u00fcr\u00fcst olman\u0131zda sorun yok, ancak \u00e7ok fazla ki\u015fisel bilgi vermeyin.<\/li>\n<li>Sab\u0131rl\u0131 ve anlay\u0131\u015fl\u0131 olun. Yabanc\u0131larla sohbet s\u00f6z konusu oldu\u011funda herkesin farkl\u0131 konfor seviyeleri vard\u0131r. S\u0131n\u0131rlar\u0131na sayg\u0131 g\u00f6sterin ve bilgi veya yak\u0131nl\u0131k i\u00e7in \u00e7ok fazla zorlamay\u0131n.<\/li>\n<li>\u0130yi e\u011flenceler! Yesichat yeni insanlarla tan\u0131\u015fmak ve yeni arkada\u015flar edinmek i\u00e7in harika bir yerdir. Bu y\u00fczden rahatlay\u0131n, e\u011flenin ve sohbetin sizi nereye g\u00f6t\u00fcrece\u011fini g\u00f6r\u00fcn!<\/li>\n<\/ol>\n<h2>Yesichat neden bu kadar pop\u00fcler rastgele g\u00f6r\u00fcnt\u00fcl\u00fc sohbet platformu?<\/h2>\n<p>Yesichat, birka\u00e7 nedenden dolay\u0131 pop\u00fcler bir rastgele g\u00f6r\u00fcnt\u00fcl\u00fc sohbet platformudur. \u0130lk olarak, platformun kullan\u0131m\u0131 tamamen \u00fccretsizdir. \u0130kinci olarak, herhangi bir kay\u0131t veya kay\u0131t gereksinimi yoktur - sadece se\u00e7ti\u011finiz bir kullan\u0131c\u0131 ad\u0131n\u0131 girin ve sohbete ba\u015flay\u0131n. \u00dc\u00e7\u00fcnc\u00fcs\u00fc, aray\u00fcz son derece kullan\u0131c\u0131 dostudur ve gezinmesi kolayd\u0131r. D\u00f6rd\u00fcnc\u00fcs\u00fc, yesichat, sohbet odalar\u0131 olu\u015fturma, \u00f6zel mesajlar g\u00f6nderme ve medya dosyalar\u0131n\u0131 payla\u015fma gibi kullan\u0131c\u0131 deneyimini geli\u015ftiren \u00e7ok \u00e7e\u015fitli \u00f6zellikler sunar. Son olarak, platform geni\u015f ve aktif bir kullan\u0131c\u0131 toplulu\u011funa sahiptir, bu da sohbet edecek insanlar\u0131 bulmay\u0131 kolayla\u015ft\u0131r\u0131r.<\/p>\n<h2>Kullan\u0131m\u0131 g\u00fcvenli mi?<\/h2>\n<p>Talk With Strangers, hem \u00f6zel hem de grup sohbetlerine sahip pop\u00fcler bir \u00e7evrimi\u00e7i sohbet uygulamas\u0131d\u0131r. Uygulama Android ve iOS cihazlarda mevcuttur ve kullan\u0131m\u0131 \u00fccretsizdir. Ancak, uygulamay\u0131 kullanmadan \u00f6nce alman\u0131z gereken baz\u0131 \u00f6nlemler vard\u0131r.<\/p>\n<p>Her \u015feyden \u00f6nce, Talk With Strangers bir sosyal medya platformudur. Bu nedenle, bir sohbet odas\u0131nda s\u00f6ylediklerinizin, sohbetin ger\u00e7ekle\u015fti\u011fi sayfay\u0131 veya uygulamay\u0131 ziyaret eden herkes taraf\u0131ndan g\u00f6r\u00fclebilece\u011fini ak\u0131lda tutmak \u00f6nemlidir. Ek olarak, Talk With Strangers \u015fifreli de\u011fildir, bu nedenle konu\u015fmalar\u0131n\u0131z izlenebilir veya hatta ele ge\u00e7irilebilir. Son olarak, Talk With Strangers'in y\u00fcr\u00fcrl\u00fckte bir gizlilik politikas\u0131 yoktur, bu nedenle \u015firket konu\u015fmalar\u0131n\u0131z\u0131n gizli kalaca\u011f\u0131n\u0131 garanti edemez.<\/p>\n<p>Bu nedenle, Talk With Strangers arkada\u015flar\u0131n\u0131z ve ailenizle ileti\u015fim kurman\u0131n e\u011flenceli ve kullan\u0131\u015fl\u0131 bir yolu olsa da, uygulamay\u0131 kullan\u0131rken dikkatli olun.<\/p>\n<h2>Rastgele g\u00f6r\u00fcnt\u00fcl\u00fc sohbet kullan\u0131rken \u00f6nleyici tedbirler<\/h2>\n<p>Kullan\u0131rken <a href=\"https:\/\/strangercam.com\/tr\/chathub\/\">rastgele g\u00f6r\u00fcnt\u00fcl\u00fc sohbet<\/a>ma\u011fdur olmamak i\u00e7in \u00f6nleyici tedbirler almak \u00f6nemlidir. \u0130\u015fte sizi g\u00fcvende tutacak d\u00f6rt ipucu:<\/p>\n<ol>\n<li>Rastgele g\u00f6r\u00fcnt\u00fcl\u00fc sohbetlere ba\u011flan\u0131rken bir VPN kullan\u0131n. VPN, trafi\u011finizi \u015fifreleyerek ve konumunuzu gizleyerek gizlili\u011finizi korumaya yard\u0131mc\u0131 olacakt\u0131r. VPN'ler \u00fccretsizdir ve hem masa\u00fcst\u00fc hem de mobil cihazlarda kullan\u0131labilir.<\/li>\n<li>Rastgele hareketlerde bulunurken sa\u011fduyulu olun <a href=\"https:\/\/strangercam.com\/tr\/rabbit-video-chat\/\">g\u00f6r\u00fcnt\u00fcl\u00fc sohbet<\/a>. E\u011fer bir \u015fey ger\u00e7ek olamayacak kadar iyi g\u00f6r\u00fcn\u00fcyorsa, muhtemelen \u00f6yledir. Daha \u00f6nce tan\u0131\u015ft\u0131\u011f\u0131n\u0131z biriyle bulu\u015furken her zaman dikkatli olun. <a href=\"https:\/\/strangercam.com\/tr\/chamet\/\">met<\/a> rastgele bir g\u00f6r\u00fcnt\u00fcl\u00fc sohbet servisi arac\u0131l\u0131\u011f\u0131yla \u00e7evrimi\u00e7i.<\/li>\n<li>Rastgele g\u00f6r\u00fcnt\u00fcl\u00fc sohbeti kullan\u0131rken her zaman \u00e7evrenizin fark\u0131nda olun. Rastgele g\u00f6r\u00fcnt\u00fcl\u00fc sohbet hizmeti arac\u0131l\u0131\u011f\u0131yla tan\u0131\u015ft\u0131\u011f\u0131n\u0131z ki\u015filerle adresiniz veya telefon numaran\u0131z gibi ki\u015fisel bilgilerinizi payla\u015fmay\u0131n. ki\u015fisel bilgilerinizi \u00e7evrimi\u00e7i olarak verirken her zaman dikkatli olun.<\/li>\n<li>Herhangi bir \u015f\u00fcpheli faaliyeti derhal yetkililere bildirin. Rastgele g\u00f6r\u00fcnt\u00fcl\u00fc sohbet kullan\u0131rken herhangi bir \u015fekilde tehdit edildi\u011finizi veya taciz edildi\u011finizi d\u00fc\u015f\u00fcn\u00fcyorsan\u0131z, l\u00fctfen bunu en k\u0131sa s\u00fcrede yetkililere bildirin!<\/li>\n<\/ol>\n<h2>Sonu\u00e7<\/h2>\n<p>Yeni arkada\u015flar edinmek ve biraz e\u011flenmekle ilgileniyorsan\u0131z, yesichat tam size g\u00f6re bir site! yesichat'ta, d\u00fcnyan\u0131n her yerinden yabanc\u0131larla g\u00fcvenli ve kullan\u0131c\u0131 dostu bir ortamda sohbet edebilirsiniz. Aralar\u0131ndan se\u00e7im yapabilece\u011finiz tonlarca sohbet odas\u0131yla, ilgi alanlar\u0131n\u0131za uygun bir tane olaca\u011f\u0131ndan emin olabilirsiniz. \u00d6yleyse ne bekliyorsunuz? \u015eimdi kaydolun ve harika insanlarla sohbet etmeye ba\u015flay\u0131n!<\/p>","protected":false},"excerpt":{"rendered":"<p>If you&#8217;re looking for a place to chat with strangers online, you&#8217;ve come to the right place! Yesichat is a free chat site that allows you to chat with strangers without having to register. Simply enter a username and start chatting! What is yesichat? Yesichat is a chat website that allows you to talk with [&hellip;]<\/p>\n","protected":false},"author":6,"featured_media":559,"parent":0,"menu_order":0,"comment_status":"closed","ping_status":"closed","template":"","meta":{"footnotes":""},"class_list":["post-11261","page","type-page","status-publish","has-post-thumbnail","hentry"],"yoast_head":"<!-- This site is optimized with the Yoast SEO plugin v27.4 - https:\/\/yoast.com\/product\/yoast-seo-wordpress\/ -->\n<title>Yesichat - Chat with strangers on StrangerCam.com<\/title>\n<meta name=\"description\" content=\"Like Yesichat? Come chat with more than 5.000.000 strangers on Stranger Cam for Free! Turn on your cam and find new friends &amp; maby a match!\" \/>\n<meta name=\"robots\" content=\"index, follow, max-snippet:-1, max-image-preview:large, max-video-preview:-1\" \/>\n<link rel=\"canonical\" href=\"https:\/\/strangercam.com\/tr\/yesichat\/\" \/>\n<meta property=\"og:locale\" content=\"tr_TR\" \/>\n<meta property=\"og:type\" content=\"article\" \/>\n<meta property=\"og:title\" content=\"Yesichat - Chat with strangers on StrangerCam.com\" \/>\n<meta property=\"og:description\" content=\"Like Yesichat? Come chat with more than 5.000.000 strangers on Stranger Cam for Free! Turn on your cam and find new friends &amp; maby a match!\" \/>\n<meta property=\"og:url\" content=\"https:\/\/strangercam.com\/tr\/yesichat\/\" \/>\n<meta property=\"og:site_name\" content=\"Strangercam\" \/>\n<meta property=\"article:publisher\" content=\"https:\/\/www.facebook.com\/strangercam\" \/>\n<meta property=\"article:modified_time\" content=\"2023-08-21T10:47:03+00:00\" \/>\n<meta property=\"og:image\" content=\"https:\/\/strangercam.com\/wp-content\/uploads\/2020\/11\/stranger-cam-1.png\" \/>\n\t<meta property=\"og:image:width\" content=\"800\" \/>\n\t<meta property=\"og:image:height\" content=\"800\" \/>\n\t<meta property=\"og:image:type\" content=\"image\/png\" \/>\n<meta name=\"twitter:card\" content=\"summary_large_image\" \/>\n<meta name=\"twitter:site\" content=\"@strangercamapp\" \/>\n<meta name=\"twitter:label1\" content=\"Tahmini okuma s\u00fcresi\" \/>\n\t<meta name=\"twitter:data1\" content=\"6 dakika\" \/>\n<script type=\"application\/ld+json\" class=\"yoast-schema-graph\">{\"@context\":\"https:\\\/\\\/schema.org\",\"@graph\":[{\"@type\":\"WebPage\",\"@id\":\"https:\\\/\\\/strangercam.com\\\/yesichat\\\/\",\"url\":\"https:\\\/\\\/strangercam.com\\\/yesichat\\\/\",\"name\":\"Yesichat - Chat with strangers on StrangerCam.com\",\"isPartOf\":{\"@id\":\"https:\\\/\\\/strangercam.com\\\/#website\"},\"primaryImageOfPage\":{\"@id\":\"https:\\\/\\\/strangercam.com\\\/yesichat\\\/#primaryimage\"},\"image\":{\"@id\":\"https:\\\/\\\/strangercam.com\\\/yesichat\\\/#primaryimage\"},\"thumbnailUrl\":\"https:\\\/\\\/strangercam.com\\\/wp-content\\\/uploads\\\/2020\\\/11\\\/stranger-cam-1.png\",\"datePublished\":\"2022-08-11T18:01:47+00:00\",\"dateModified\":\"2023-08-21T10:47:03+00:00\",\"description\":\"Like Yesichat? Come chat with more than 5.000.000 strangers on Stranger Cam for Free! Turn on your cam and find new friends & maby a match!\",\"breadcrumb\":{\"@id\":\"https:\\\/\\\/strangercam.com\\\/yesichat\\\/#breadcrumb\"},\"inLanguage\":\"tr\",\"potentialAction\":[{\"@type\":\"ReadAction\",\"target\":[\"https:\\\/\\\/strangercam.com\\\/yesichat\\\/\"]}]},{\"@type\":\"ImageObject\",\"inLanguage\":\"tr\",\"@id\":\"https:\\\/\\\/strangercam.com\\\/yesichat\\\/#primaryimage\",\"url\":\"https:\\\/\\\/strangercam.com\\\/wp-content\\\/uploads\\\/2020\\\/11\\\/stranger-cam-1.png\",\"contentUrl\":\"https:\\\/\\\/strangercam.com\\\/wp-content\\\/uploads\\\/2020\\\/11\\\/stranger-cam-1.png\",\"width\":800,\"height\":800,\"caption\":\"stranger cam random video chat\"},{\"@type\":\"BreadcrumbList\",\"@id\":\"https:\\\/\\\/strangercam.com\\\/yesichat\\\/#breadcrumb\",\"itemListElement\":[{\"@type\":\"ListItem\",\"position\":1,\"name\":\"Home\",\"item\":\"https:\\\/\\\/strangercam.com\\\/\"},{\"@type\":\"ListItem\",\"position\":2,\"name\":\"Yesichat\"}]},{\"@type\":\"WebSite\",\"@id\":\"https:\\\/\\\/strangercam.com\\\/#website\",\"url\":\"https:\\\/\\\/strangercam.com\\\/\",\"name\":\"Strangercam\",\"description\":\"Random Video Chat with Strangers\",\"publisher\":{\"@id\":\"https:\\\/\\\/strangercam.com\\\/#organization\"},\"alternateName\":\"Strangercam.com\",\"potentialAction\":[{\"@type\":\"SearchAction\",\"target\":{\"@type\":\"EntryPoint\",\"urlTemplate\":\"https:\\\/\\\/strangercam.com\\\/?s={search_term_string}\"},\"query-input\":{\"@type\":\"PropertyValueSpecification\",\"valueRequired\":true,\"valueName\":\"search_term_string\"}}],\"inLanguage\":\"tr\"},{\"@type\":\"Organization\",\"@id\":\"https:\\\/\\\/strangercam.com\\\/#organization\",\"name\":\"Strangercam\",\"alternateName\":\"Strangercam.com\",\"url\":\"https:\\\/\\\/strangercam.com\\\/\",\"logo\":{\"@type\":\"ImageObject\",\"inLanguage\":\"tr\",\"@id\":\"https:\\\/\\\/strangercam.com\\\/#\\\/schema\\\/logo\\\/image\\\/\",\"url\":\"https:\\\/\\\/strangercam.com\\\/wp-content\\\/uploads\\\/2020\\\/11\\\/cropped-new-favicon-black.png\",\"contentUrl\":\"https:\\\/\\\/strangercam.com\\\/wp-content\\\/uploads\\\/2020\\\/11\\\/cropped-new-favicon-black.png\",\"width\":512,\"height\":512,\"caption\":\"Strangercam\"},\"image\":{\"@id\":\"https:\\\/\\\/strangercam.com\\\/#\\\/schema\\\/logo\\\/image\\\/\"},\"sameAs\":[\"https:\\\/\\\/www.facebook.com\\\/strangercam\",\"https:\\\/\\\/x.com\\\/strangercamapp\"]}]}<\/script>\n<!-- \/ Yoast SEO plugin. -->","yoast_head_json":{"title":"Yesichat - StrangerCam.com'da yabanc\u0131larla sohbet edin","description":"Yesichat'\u0131 be\u011fendin mi? Gelin Stranger Cam'de 5.000.000'dan fazla yabanc\u0131yla \u00dccretsiz sohbet edin! Kameran\u0131z\u0131 a\u00e7\u0131n ve yeni arkada\u015flar ve belki bir e\u015fle\u015fme bulun!","robots":{"index":"index","follow":"follow","max-snippet":"max-snippet:-1","max-image-preview":"max-image-preview:large","max-video-preview":"max-video-preview:-1"},"canonical":"https:\/\/strangercam.com\/tr\/yesichat\/","og_locale":"tr_TR","og_type":"article","og_title":"Yesichat - Chat with strangers on StrangerCam.com","og_description":"Like Yesichat? Come chat with more than 5.000.000 strangers on Stranger Cam for Free! Turn on your cam and find new friends & maby a match!","og_url":"https:\/\/strangercam.com\/tr\/yesichat\/","og_site_name":"Strangercam","article_publisher":"https:\/\/www.facebook.com\/strangercam","article_modified_time":"2023-08-21T10:47:03+00:00","og_image":[{"width":800,"height":800,"url":"https:\/\/strangercam.com\/wp-content\/uploads\/2020\/11\/stranger-cam-1.png","type":"image\/png"}],"twitter_card":"summary_large_image","twitter_site":"@strangercamapp","twitter_misc":{"Tahmini okuma s\u00fcresi":"6 dakika"},"schema":{"@context":"https:\/\/schema.org","@graph":[{"@type":"WebPage","@id":"https:\/\/strangercam.com\/yesichat\/","url":"https:\/\/strangercam.com\/yesichat\/","name":"Yesichat - StrangerCam.com'da yabanc\u0131larla sohbet edin","isPartOf":{"@id":"https:\/\/strangercam.com\/#website"},"primaryImageOfPage":{"@id":"https:\/\/strangercam.com\/yesichat\/#primaryimage"},"image":{"@id":"https:\/\/strangercam.com\/yesichat\/#primaryimage"},"thumbnailUrl":"https:\/\/strangercam.com\/wp-content\/uploads\/2020\/11\/stranger-cam-1.png","datePublished":"2022-08-11T18:01:47+00:00","dateModified":"2023-08-21T10:47:03+00:00","description":"Yesichat'\u0131 be\u011fendin mi? Gelin Stranger Cam'de 5.000.000'dan fazla yabanc\u0131yla \u00dccretsiz sohbet edin! Kameran\u0131z\u0131 a\u00e7\u0131n ve yeni arkada\u015flar ve belki bir e\u015fle\u015fme bulun!","breadcrumb":{"@id":"https:\/\/strangercam.com\/yesichat\/#breadcrumb"},"inLanguage":"tr","potentialAction":[{"@type":"ReadAction","target":["https:\/\/strangercam.com\/yesichat\/"]}]},{"@type":"ImageObject","inLanguage":"tr","@id":"https:\/\/strangercam.com\/yesichat\/#primaryimage","url":"https:\/\/strangercam.com\/wp-content\/uploads\/2020\/11\/stranger-cam-1.png","contentUrl":"https:\/\/strangercam.com\/wp-content\/uploads\/2020\/11\/stranger-cam-1.png","width":800,"height":800,"caption":"stranger cam random video chat"},{"@type":"BreadcrumbList","@id":"https:\/\/strangercam.com\/yesichat\/#breadcrumb","itemListElement":[{"@type":"ListItem","position":1,"name":"Home","item":"https:\/\/strangercam.com\/"},{"@type":"ListItem","position":2,"name":"Yesichat"}]},{"@type":"WebSite","@id":"https:\/\/strangercam.com\/#website","url":"https:\/\/strangercam.com\/","name":"Strangercam","description":"Yabanc\u0131larla Rastgele G\u00f6r\u00fcnt\u00fcl\u00fc Sohbet","publisher":{"@id":"https:\/\/strangercam.com\/#organization"},"alternateName":"Strangercam.com","potentialAction":[{"@type":"SearchAction","target":{"@type":"EntryPoint","urlTemplate":"https:\/\/strangercam.com\/?s={search_term_string}"},"query-input":{"@type":"PropertyValueSpecification","valueRequired":true,"valueName":"search_term_string"}}],"inLanguage":"tr"},{"@type":"Organization","@id":"https:\/\/strangercam.com\/#organization","name":"Strangercam","alternateName":"Strangercam.com","url":"https:\/\/strangercam.com\/","logo":{"@type":"ImageObject","inLanguage":"tr","@id":"https:\/\/strangercam.com\/#\/schema\/logo\/image\/","url":"https:\/\/strangercam.com\/wp-content\/uploads\/2020\/11\/cropped-new-favicon-black.png","contentUrl":"https:\/\/strangercam.com\/wp-content\/uploads\/2020\/11\/cropped-new-favicon-black.png","width":512,"height":512,"caption":"Strangercam"},"image":{"@id":"https:\/\/strangercam.com\/#\/schema\/logo\/image\/"},"sameAs":["https:\/\/www.facebook.com\/strangercam","https:\/\/x.com\/strangercamapp"]}]}},"_links":{"self":[{"href":"https:\/\/strangercam.com\/tr\/wp-json\/wp\/v2\/pages\/11261","targetHints":{"allow":["GET"]}}],"collection":[{"href":"https:\/\/strangercam.com\/tr\/wp-json\/wp\/v2\/pages"}],"about":[{"href":"https:\/\/strangercam.com\/tr\/wp-json\/wp\/v2\/types\/page"}],"author":[{"embeddable":true,"href":"https:\/\/strangercam.com\/tr\/wp-json\/wp\/v2\/users\/6"}],"replies":[{"embeddable":true,"href":"https:\/\/strangercam.com\/tr\/wp-json\/wp\/v2\/comments?post=11261"}],"version-history":[{"count":0,"href":"https:\/\/strangercam.com\/tr\/wp-json\/wp\/v2\/pages\/11261\/revisions"}],"wp:featuredmedia":[{"embeddable":true,"href":"https:\/\/strangercam.com\/tr\/wp-json\/wp\/v2\/media\/559"}],"wp:attachment":[{"href":"https:\/\/strangercam.com\/tr\/wp-json\/wp\/v2\/media?parent=11261"}],"curies":[{"name":"wp","href":"https:\/\/api.w.org\/{rel}","templated":true}]}}