{"id":11248,"date":"2022-08-11T19:57:16","date_gmt":"2022-08-11T17:57:16","guid":{"rendered":"https:\/\/strangercam.com\/?page_id=11248"},"modified":"2023-08-21T12:38:41","modified_gmt":"2023-08-21T10:38:41","slug":"spinchat","status":"publish","type":"page","link":"https:\/\/strangercam.com\/tr\/spinchat\/","title":{"rendered":"Spinchat"},"content":{"rendered":"<p>Kendinizi yaln\u0131z hissediyorsan\u0131z veya sadece biriyle konu\u015fmak istiyorsan\u0131z, SpinChat bunu yapmak i\u00e7in harika bir yerdir. Bu <a href=\"https:\/\/strangercam.com\/tr\/chatroulette\/\">sohbet<\/a> sitesi, d\u00fcnyan\u0131n her yerinden yabanc\u0131larla konu\u015fman\u0131za olanak tan\u0131r ve kiminle konu\u015fabilece\u011finizi asla bilemezsiniz. <a href=\"https:\/\/strangercam.com\/tr\/coomeet\/\">tan\u0131\u015fmak<\/a>. Yeni bir arkada\u015f edinebilir, hatta ruh e\u015finizi bulabilirsiniz. \u00d6yleyse neden denemiyorsunuz?<\/p>\n<h2>Spinchat nedir?<\/h2>\n<p>SpinChat bir <a href=\"https:\/\/strangercam.com\/tr\/chathub\/\">rastgele g\u00f6r\u00fcnt\u00fcl\u00fc sohbet<\/a> d\u00fcnyan\u0131n her yerinden yabanc\u0131larla sohbet etmenizi sa\u011flayan bir site. Yeni insanlarla tan\u0131\u015fmak ve yeni arkada\u015flar edinmek i\u00e7in harika bir yoldur. SpinChat'i a\u015fk\u0131 bulmak veya sadece biraz e\u011flenmek i\u00e7in de kullanabilirsiniz.<\/p>\n<h2>Spinchat nas\u0131l kullan\u0131l\u0131r?<\/h2>\n<p>Yeni insanlarla tan\u0131\u015fmak i\u00e7in e\u011flenceli ve kolay bir yol ar\u0131yorsan\u0131z, spinchat'i denemelisiniz! \u0130\u015fte nas\u0131l kullan\u0131laca\u011f\u0131:<\/p>\n<ul>\n<li style=\"font-weight: 400;\" aria-level=\"1\">Spinchat web sitesine gidin ve bir hesap olu\u015fturun.<\/li>\n<li style=\"font-weight: 400;\" aria-level=\"1\">Giri\u015f yapt\u0131ktan sonra, mevcut t\u00fcm sohbet odalar\u0131n\u0131n bir listesini g\u00f6rebileceksiniz.<\/li>\n<li style=\"font-weight: 400;\" aria-level=\"1\">\u0130lginizi \u00e7eken oday\u0131 se\u00e7in ve sohbete ba\u015flay\u0131n!<\/li>\n<li style=\"font-weight: 400;\" aria-level=\"1\">\u0130\u015fleri daha ilgin\u00e7 hale getirmek i\u00e7in anonim modu kullanmay\u0131 deneyin, b\u00f6ylece kimli\u011finiz gizlenir.<\/li>\n<li style=\"font-weight: 400;\" aria-level=\"1\">E\u011flenin ve yeni arkada\u015flar edinin!<\/li>\n<\/ul>\n<h2>Spinchat kullanman\u0131n faydalar\u0131<\/h2>\n<p>D\u00fcnyan\u0131n her yerinden insanlarla ba\u011flant\u0131 kurma yetene\u011fi de dahil olmak \u00fczere spinchat kullanman\u0131n bir\u00e7ok faydas\u0131 vard\u0131r. Spinchat ile yabanc\u0131larla g\u00fcvenli ve emniyetli bir ortamda konu\u015fabilirsiniz. Bu, yeni arkada\u015flar edinmek ve hatta romantik bir partner bulmak i\u00e7in harika bir yol olabilir. Ayr\u0131ca, spinchat di\u011fer k\u00fclt\u00fcrler hakk\u0131nda bilgi edinmek ve d\u00fcnyan\u0131n farkl\u0131 b\u00f6lgeleri hakk\u0131nda fikir edinmek i\u00e7in harika bir yoldur.<\/p>\n<h2>Spinchat kullanman\u0131n tehlikeleri<\/h2>\n<p>Kullan\u0131c\u0131lar\u0131n yabanc\u0131larla ileti\u015fim kurmas\u0131na olanak tan\u0131yan bir sosyal a\u011f sitesi olan spinchat'i kullanman\u0131n bir\u00e7ok tehlikesi vard\u0131r. Bu tehlikelerden baz\u0131lar\u0131 \u015funlard\u0131r:<\/p>\n<ul>\n<li style=\"font-weight: 400;\" aria-level=\"1\">Y\u0131rt\u0131c\u0131lar: \u00c7ocuklar\u0131 ve savunmas\u0131z yeti\u015fkinleri avlamak i\u00e7in spinchat kullanan y\u0131rt\u0131c\u0131lar vard\u0131r. G\u00fcveninizi kazanmak i\u00e7in olmad\u0131klar\u0131 biri gibi davranabilir, ard\u0131ndan sizi duygusal veya cinsel olarak istismar edebilirler.<\/li>\n<li style=\"font-weight: 400;\" aria-level=\"1\">Siber zorbal\u0131k: Sizden ho\u015flanmayan veya sizinle ayn\u0131 fikirde olmayan biri taraf\u0131ndan spinchat'te siber zorbal\u0131\u011fa maruz kalabilirsiniz. Bu \u00e7ok incitici olabilir ve kendinizi yaln\u0131z hissetmenize neden olabilir.<\/li>\n<li style=\"font-weight: 400;\" aria-level=\"1\">Doland\u0131r\u0131c\u0131l\u0131k ve sahtekarl\u0131k: Spinchat'te kendilerine para veya ki\u015fisel bilgi vermeniz i\u00e7in sizi kand\u0131rmaya \u00e7al\u0131\u015facak doland\u0131r\u0131c\u0131lar da vard\u0131r. G\u00fcveninizi kazanmak i\u00e7in ba\u015fka biri gibi davranabilir ve sonra sizden \u00e7alabilirler.<\/li>\n<li style=\"font-weight: 400;\" aria-level=\"1\">Vir\u00fcsler ve k\u00f6t\u00fc ama\u00e7l\u0131 yaz\u0131l\u0131mlar: Spinchat'i kullan\u0131rken yanl\u0131\u015fl\u0131kla bilgisayar\u0131n\u0131za vir\u00fcs veya k\u00f6t\u00fc ama\u00e7l\u0131 yaz\u0131l\u0131m indirebilirsiniz. Bunlar bilgisayar\u0131n\u0131za zarar verebilir ve ki\u015fisel bilgilerinizi riske atabilir.<\/li>\n<li style=\"font-weight: 400;\" aria-level=\"1\">Ba\u011f\u0131ml\u0131l\u0131k: Baz\u0131 insanlar spinchat ba\u011f\u0131ml\u0131s\u0131 olur ve daha \u00fcretken \u015feyler yapmak yerine t\u00fcm zamanlar\u0131n\u0131 yabanc\u0131larla sohbet ederek ge\u00e7irirler. Bu, ger\u00e7ek hayatta i\u015f f\u0131rsatlar\u0131n\u0131 kaybetmek veya arkada\u015flar\u0131n\u0131 ve aile \u00fcyelerini ihmal etmek gibi sorunlara yol a\u00e7abilir.<\/li>\n<\/ul>\n<h2>Spinchat'in Art\u0131lar\u0131 ve Eksileri<\/h2>\n<p>D\u00fcnyan\u0131n her yerinden insanlarla ba\u011flant\u0131 kurman\u0131n bir yolunu ar\u0131yorsan\u0131z, SpinChat'in sizin i\u00e7in do\u011fru platform olup olmad\u0131\u011f\u0131n\u0131 merak ediyor olabilirsiniz. Bu blog yaz\u0131s\u0131nda, SpinChat'i kullanman\u0131n art\u0131lar\u0131na ve eksilerine bir g\u00f6z ataca\u011f\u0131z, b\u00f6ylece sizin i\u00e7in do\u011fru olup olmad\u0131\u011f\u0131na kendiniz karar verebilirsiniz.<\/p>\n<p>Art\u0131 taraf\u0131, SpinChat d\u00fcnyan\u0131n her k\u00f6\u015fesinden insanlarla ba\u011flant\u0131 kurmak i\u00e7in harika bir yol sa\u011flar. \u00c7e\u015fitli konularda sohbet odalar\u0131na kat\u0131labilir veya kendi sohbet odan\u0131z\u0131 ba\u015flatabilir ve insanlar\u0131 size kat\u0131lmaya davet edebilirsiniz. Ayr\u0131ca platformdaki di\u011fer kullan\u0131c\u0131lara \u00f6zel mesajlar da g\u00f6nderebilirsiniz.<\/p>\n<p>SpinChat'in bir ba\u015fka avantaj\u0131 da kullan\u0131m\u0131 \u00fccretsiz bir platform olmas\u0131d\u0131r. Kaydolmak veya sitenin \u00f6zelliklerini kullanmak i\u00e7in herhangi bir \u00f6deme yapman\u0131za gerek yoktur.<\/p>\n<p>Ancak, SpinChat kullanman\u0131n baz\u0131 dezavantajlar\u0131 da vard\u0131r. Bir dezavantaj\u0131, sitenin konu\u015ftu\u011funuz ki\u015fileri incelemenize yard\u0131mc\u0131 olacak herhangi bir \u00f6zelli\u011fe sahip olmamas\u0131d\u0131r. Bu, s\u00f6yledikleri ki\u015fi olmayan veya k\u00f6t\u00fc niyetli biriyle konu\u015fabilece\u011finiz anlam\u0131na gelir.<\/p>\n<p>Bir di\u011fer potansiyel dezavantaj ise SpinChat'in herhangi bir aktif m\u00fc\u015fteri deste\u011fine sahip olmamas\u0131d\u0131r.<\/p>\n<h2>Spinchat'ten en iyi \u015fekilde nas\u0131l yararlan\u0131l\u0131r?<\/h2>\n<p>Yabanc\u0131larla konu\u015fmak ve yeni arkada\u015flar edinmek istiyorsan\u0131z, spinchat ba\u015flamak i\u00e7in harika bir yerdir. \u0130\u015fte deneyiminizden en iyi \u015fekilde yararlanman\u0131za yard\u0131mc\u0131 olacak birka\u00e7 ipucu:<\/p>\n<ul>\n<li style=\"font-weight: 400;\" aria-level=\"1\">Kendiniz olun - bir ki\u015fili\u011fe b\u00fcr\u00fcnmenize veya olmad\u0131\u011f\u0131n\u0131z biri gibi davranman\u0131za gerek yok. Sadece kendiniz olun ve ba\u015fkalar\u0131yla ba\u011flant\u0131 kurman\u0131n \u00e7ok daha kolay oldu\u011funu g\u00f6receksiniz.<\/li>\n<li style=\"font-weight: 400;\" aria-level=\"1\">Sorular sorun - insanlar kendileri hakk\u0131nda konu\u015fmay\u0131 severler, bu nedenle sohbetin ak\u0131\u015f\u0131n\u0131 sa\u011flamak i\u00e7in bol bol soru sorun.<\/li>\n<li style=\"font-weight: 400;\" aria-level=\"1\">Sayg\u0131l\u0131 olun - sohbet etti\u011finiz herkesin t\u0131pk\u0131 sizin gibi ger\u00e7ek bir insan oldu\u011funu unutmay\u0131n, bu nedenle onlara sayg\u0131l\u0131 ve nazik davran\u0131n.<\/li>\n<li style=\"font-weight: 400;\" aria-level=\"1\">\u00a0\u0130yi e\u011flenceler! - Yeni insanlarla sohbet etmek keyifli olabilir, bu y\u00fczden rahatlay\u0131n ve e\u011flenin!<\/li>\n<\/ul>\n<h2>G\u00f6r\u00fcnt\u00fcl\u00fc sohbette yabanc\u0131larla ne konu\u015fulur?<\/h2>\n<p>G\u00fcn\u00fcm\u00fcz d\u00fcnyas\u0131nda, ba\u011flant\u0131s\u0131z ve yaln\u0131z hissetmek \u00e7ok kolay. Parmaklar\u0131m\u0131z\u0131n ucunda olan t\u00fcm teknolojiyle, hi\u00e7 kimseyle daha derin bir d\u00fczeyde ger\u00e7ekten ba\u011flant\u0131 kurmadan hayattan ge\u00e7mek kolayd\u0131r. Bu nedenle g\u00f6r\u00fcnt\u00fcl\u00fc sohbet ba\u015fkalar\u0131yla ba\u011flant\u0131 kurmak i\u00e7in harika bir yol olabilir.<\/p>\n<p>Yabanc\u0131larla konu\u015furken <a href=\"https:\/\/strangercam.com\/tr\/rabbit-video-chat\/\">g\u00f6r\u00fcnt\u00fcl\u00fc sohbet<\/a>'de ilgin\u00e7 sohbetler i\u00e7in sonsuz olas\u0131l\u0131k vard\u0131r. \u0130ster g\u00fcncel olaylar, ister pop\u00fcler k\u00fclt\u00fcr veya sadece g\u00fcnl\u00fck hayat\u0131n\u0131z hakk\u0131nda konu\u015fmak isteyin, konu\u015facak bir \u015feyler mutlaka vard\u0131r. Ve kim bilir? Belki de bu s\u00fcre\u00e7te yeni bir arkada\u015f edinirsiniz.<\/p>\n<h2>Spinchat neden bu kadar pop\u00fcler rastgele g\u00f6r\u00fcnt\u00fcl\u00fc sohbet platformudur?<\/h2>\n<p>Spinchat'in bu kadar pop\u00fcler bir rastgele g\u00f6r\u00fcnt\u00fcl\u00fc sohbet platformu olmas\u0131n\u0131n bir\u00e7ok nedeni var. Bunun bir nedeni, kullan\u0131m\u0131n\u0131n \u00fccretsiz olmas\u0131d\u0131r. Di\u011fer bir neden ise kullan\u0131m\u0131n\u0131n kolay olmas\u0131 ve herhangi bir kay\u0131t gerektirmemesidir. Son olarak, kullan\u0131c\u0131lara yeni insanlarla tan\u0131\u015fmak ve yeni arkada\u015flar edinmek i\u00e7in harika bir yol sa\u011flar.<\/p>\n<h2>Spinchat'te nas\u0131l g\u00fcvende kal\u0131n\u0131r?<\/h2>\n<p>Spinchat yeni insanlarla tan\u0131\u015fmak ve arkada\u015f edinmek i\u00e7in harika bir platformdur. Ancak, yabanc\u0131larla \u00e7evrimi\u00e7i konu\u015furken g\u00fcvende kalmak \u00f6nemlidir. \u0130\u015fte spinchat'te g\u00fcvende kalman\u0131za yard\u0131mc\u0131 olacak birka\u00e7 ipucu:<\/p>\n<ul>\n<li style=\"font-weight: 400;\" aria-level=\"1\">Ki\u015fisel bilgilerinizi vermeyin. Buna tam ad\u0131n\u0131z, adresiniz, telefon numaran\u0131z vb. dahildir.<\/li>\n<li style=\"font-weight: 400;\" aria-level=\"1\">Birisi sizi rahats\u0131z ediyorsa, onu engelleyin ve moderat\u00f6rlere bildirin.<\/li>\n<li style=\"font-weight: 400;\" aria-level=\"1\">Daha \u00f6nce tan\u0131\u015ft\u0131\u011f\u0131n biriyle bulu\u015fma. <a href=\"https:\/\/strangercam.com\/tr\/chamet\/\">met<\/a> online olarak \u015fahsen.<\/li>\n<li style=\"font-weight: 400;\" aria-level=\"1\">Tan\u0131d\u0131\u011f\u0131n\u0131z ve g\u00fcvendi\u011finiz ki\u015filerle konu\u015fmak i\u00e7in \u00f6zel mesajla\u015fma \u00f6zelli\u011fini kullan\u0131n.<\/li>\n<\/ul>\n<p>Bu basit g\u00fcvenlik ipu\u00e7lar\u0131n\u0131 takip ederek, g\u00fcvende kal\u0131rken spinchat'te harika zaman ge\u00e7irebilirsiniz.<\/p>\n<h2>Sonu\u00e7<\/h2>\n<p>Sosyal medyan\u0131n en iyi yanlar\u0131ndan biri, d\u00fcnyan\u0131n her yerinden benzer d\u00fc\u015f\u00fcnen insanlarla ba\u011flant\u0131 kurabilmektir. \u0130ster arkada\u015fl\u0131k, ister profesyonel tavsiye ya da sadece sohbet edecek birini ar\u0131yor olun, ihtiya\u00e7lar\u0131n\u0131z\u0131 kar\u015f\u0131layacak \u00e7ok say\u0131da topluluk var. Harika bir \u00f6rnek, kullan\u0131c\u0131lar\u0131n yabanc\u0131larla g\u00f6r\u00fcnt\u00fcl\u00fc sohbet yoluyla konu\u015fmas\u0131na olanak tan\u0131yan bir platform olan spinchat'tir. Kendinizi kaybolmu\u015f hissediyorsan\u0131z ve nereye ba\u015fvuraca\u011f\u0131n\u0131z\u0131 bilmiyorsan\u0131z, spinchat'i deneyin!<\/p>","protected":false},"excerpt":{"rendered":"<p>If you&#8217;re feeling lonely or just want to talk to someone, SpinChat is a great place to do it. This chat site lets you talk to strangers all over the world, and you never know who you might meet. You might make a new friend, or even find your soulmate. So why not give it [&hellip;]<\/p>\n","protected":false},"author":6,"featured_media":559,"parent":0,"menu_order":0,"comment_status":"closed","ping_status":"closed","template":"","meta":{"footnotes":""},"class_list":["post-11248","page","type-page","status-publish","has-post-thumbnail","hentry"],"yoast_head":"<!-- This site is optimized with the Yoast SEO plugin v26.9 - https:\/\/yoast.com\/product\/yoast-seo-wordpress\/ -->\n<title>Spinchat - Chat with strangers on StrangerCam.com<\/title>\n<meta name=\"description\" content=\"Like Spinchat? Come chat with more than 5.000.000 strangers on Stranger Cam for Free! Turn on your cam and find new friends &amp; maby a match!\" \/>\n<meta name=\"robots\" content=\"index, follow, max-snippet:-1, max-image-preview:large, max-video-preview:-1\" \/>\n<link rel=\"canonical\" href=\"https:\/\/strangercam.com\/tr\/spinchat\/\" \/>\n<meta property=\"og:locale\" content=\"tr_TR\" \/>\n<meta property=\"og:type\" content=\"article\" \/>\n<meta property=\"og:title\" content=\"Spinchat - Chat with strangers on StrangerCam.com\" \/>\n<meta property=\"og:description\" content=\"Like Spinchat? Come chat with more than 5.000.000 strangers on Stranger Cam for Free! Turn on your cam and find new friends &amp; maby a match!\" \/>\n<meta property=\"og:url\" content=\"https:\/\/strangercam.com\/tr\/spinchat\/\" \/>\n<meta property=\"og:site_name\" content=\"Strangercam\" \/>\n<meta property=\"article:publisher\" content=\"https:\/\/www.facebook.com\/strangercam\" \/>\n<meta property=\"article:modified_time\" content=\"2023-08-21T10:38:41+00:00\" \/>\n<meta property=\"og:image\" content=\"https:\/\/strangercam.com\/wp-content\/uploads\/2020\/11\/stranger-cam-1.png\" \/>\n\t<meta property=\"og:image:width\" content=\"800\" \/>\n\t<meta property=\"og:image:height\" content=\"800\" \/>\n\t<meta property=\"og:image:type\" content=\"image\/png\" \/>\n<meta name=\"twitter:card\" content=\"summary_large_image\" \/>\n<meta name=\"twitter:site\" content=\"@strangercamapp\" \/>\n<meta name=\"twitter:label1\" content=\"Tahmini okuma s\u00fcresi\" \/>\n\t<meta name=\"twitter:data1\" content=\"6 dakika\" \/>\n<script type=\"application\/ld+json\" class=\"yoast-schema-graph\">{\"@context\":\"https:\/\/schema.org\",\"@graph\":[{\"@type\":\"WebPage\",\"@id\":\"https:\/\/strangercam.com\/spinchat\/\",\"url\":\"https:\/\/strangercam.com\/spinchat\/\",\"name\":\"Spinchat - Chat with strangers on StrangerCam.com\",\"isPartOf\":{\"@id\":\"https:\/\/strangercam.com\/#website\"},\"primaryImageOfPage\":{\"@id\":\"https:\/\/strangercam.com\/spinchat\/#primaryimage\"},\"image\":{\"@id\":\"https:\/\/strangercam.com\/spinchat\/#primaryimage\"},\"thumbnailUrl\":\"https:\/\/strangercam.com\/wp-content\/uploads\/2020\/11\/stranger-cam-1.png\",\"datePublished\":\"2022-08-11T17:57:16+00:00\",\"dateModified\":\"2023-08-21T10:38:41+00:00\",\"description\":\"Like Spinchat? Come chat with more than 5.000.000 strangers on Stranger Cam for Free! Turn on your cam and find new friends & maby a match!\",\"breadcrumb\":{\"@id\":\"https:\/\/strangercam.com\/spinchat\/#breadcrumb\"},\"inLanguage\":\"tr\",\"potentialAction\":[{\"@type\":\"ReadAction\",\"target\":[\"https:\/\/strangercam.com\/spinchat\/\"]}]},{\"@type\":\"ImageObject\",\"inLanguage\":\"tr\",\"@id\":\"https:\/\/strangercam.com\/spinchat\/#primaryimage\",\"url\":\"https:\/\/strangercam.com\/wp-content\/uploads\/2020\/11\/stranger-cam-1.png\",\"contentUrl\":\"https:\/\/strangercam.com\/wp-content\/uploads\/2020\/11\/stranger-cam-1.png\",\"width\":800,\"height\":800,\"caption\":\"stranger cam random video chat\"},{\"@type\":\"BreadcrumbList\",\"@id\":\"https:\/\/strangercam.com\/spinchat\/#breadcrumb\",\"itemListElement\":[{\"@type\":\"ListItem\",\"position\":1,\"name\":\"Home\",\"item\":\"https:\/\/strangercam.com\/\"},{\"@type\":\"ListItem\",\"position\":2,\"name\":\"Spinchat\"}]},{\"@type\":\"WebSite\",\"@id\":\"https:\/\/strangercam.com\/#website\",\"url\":\"https:\/\/strangercam.com\/\",\"name\":\"Strangercam\",\"description\":\"Random Video Chat with Strangers\",\"publisher\":{\"@id\":\"https:\/\/strangercam.com\/#organization\"},\"alternateName\":\"Strangercam.com\",\"potentialAction\":[{\"@type\":\"SearchAction\",\"target\":{\"@type\":\"EntryPoint\",\"urlTemplate\":\"https:\/\/strangercam.com\/?s={search_term_string}\"},\"query-input\":{\"@type\":\"PropertyValueSpecification\",\"valueRequired\":true,\"valueName\":\"search_term_string\"}}],\"inLanguage\":\"tr\"},{\"@type\":\"Organization\",\"@id\":\"https:\/\/strangercam.com\/#organization\",\"name\":\"Strangercam\",\"alternateName\":\"Strangercam.com\",\"url\":\"https:\/\/strangercam.com\/\",\"logo\":{\"@type\":\"ImageObject\",\"inLanguage\":\"tr\",\"@id\":\"https:\/\/strangercam.com\/#\/schema\/logo\/image\/\",\"url\":\"https:\/\/strangercam.com\/wp-content\/uploads\/2020\/11\/cropped-new-favicon-black.png\",\"contentUrl\":\"https:\/\/strangercam.com\/wp-content\/uploads\/2020\/11\/cropped-new-favicon-black.png\",\"width\":512,\"height\":512,\"caption\":\"Strangercam\"},\"image\":{\"@id\":\"https:\/\/strangercam.com\/#\/schema\/logo\/image\/\"},\"sameAs\":[\"https:\/\/www.facebook.com\/strangercam\",\"https:\/\/x.com\/strangercamapp\"]}]}<\/script>\n<!-- \/ Yoast SEO plugin. -->","yoast_head_json":{"title":"Spinchat - StrangerCam.com'da yabanc\u0131larla sohbet edin","description":"Spinchat'yi be\u011fendiniz mi? Gelin Stranger Cam'de 5.000.000'dan fazla yabanc\u0131yla \u00dccretsiz sohbet edin! Kameran\u0131z\u0131 a\u00e7\u0131n ve yeni arkada\u015flar ve belki bir e\u015fle\u015fme bulun!","robots":{"index":"index","follow":"follow","max-snippet":"max-snippet:-1","max-image-preview":"max-image-preview:large","max-video-preview":"max-video-preview:-1"},"canonical":"https:\/\/strangercam.com\/tr\/spinchat\/","og_locale":"tr_TR","og_type":"article","og_title":"Spinchat - Chat with strangers on StrangerCam.com","og_description":"Like Spinchat? Come chat with more than 5.000.000 strangers on Stranger Cam for Free! Turn on your cam and find new friends & maby a match!","og_url":"https:\/\/strangercam.com\/tr\/spinchat\/","og_site_name":"Strangercam","article_publisher":"https:\/\/www.facebook.com\/strangercam","article_modified_time":"2023-08-21T10:38:41+00:00","og_image":[{"width":800,"height":800,"url":"https:\/\/strangercam.com\/wp-content\/uploads\/2020\/11\/stranger-cam-1.png","type":"image\/png"}],"twitter_card":"summary_large_image","twitter_site":"@strangercamapp","twitter_misc":{"Tahmini okuma s\u00fcresi":"6 dakika"},"schema":{"@context":"https:\/\/schema.org","@graph":[{"@type":"WebPage","@id":"https:\/\/strangercam.com\/spinchat\/","url":"https:\/\/strangercam.com\/spinchat\/","name":"Spinchat - StrangerCam.com'da yabanc\u0131larla sohbet edin","isPartOf":{"@id":"https:\/\/strangercam.com\/#website"},"primaryImageOfPage":{"@id":"https:\/\/strangercam.com\/spinchat\/#primaryimage"},"image":{"@id":"https:\/\/strangercam.com\/spinchat\/#primaryimage"},"thumbnailUrl":"https:\/\/strangercam.com\/wp-content\/uploads\/2020\/11\/stranger-cam-1.png","datePublished":"2022-08-11T17:57:16+00:00","dateModified":"2023-08-21T10:38:41+00:00","description":"Spinchat'yi be\u011fendiniz mi? Gelin Stranger Cam'de 5.000.000'dan fazla yabanc\u0131yla \u00dccretsiz sohbet edin! Kameran\u0131z\u0131 a\u00e7\u0131n ve yeni arkada\u015flar ve belki bir e\u015fle\u015fme bulun!","breadcrumb":{"@id":"https:\/\/strangercam.com\/spinchat\/#breadcrumb"},"inLanguage":"tr","potentialAction":[{"@type":"ReadAction","target":["https:\/\/strangercam.com\/spinchat\/"]}]},{"@type":"ImageObject","inLanguage":"tr","@id":"https:\/\/strangercam.com\/spinchat\/#primaryimage","url":"https:\/\/strangercam.com\/wp-content\/uploads\/2020\/11\/stranger-cam-1.png","contentUrl":"https:\/\/strangercam.com\/wp-content\/uploads\/2020\/11\/stranger-cam-1.png","width":800,"height":800,"caption":"stranger cam random video chat"},{"@type":"BreadcrumbList","@id":"https:\/\/strangercam.com\/spinchat\/#breadcrumb","itemListElement":[{"@type":"ListItem","position":1,"name":"Home","item":"https:\/\/strangercam.com\/"},{"@type":"ListItem","position":2,"name":"Spinchat"}]},{"@type":"WebSite","@id":"https:\/\/strangercam.com\/#website","url":"https:\/\/strangercam.com\/","name":"Strangercam","description":"Yabanc\u0131larla Rastgele G\u00f6r\u00fcnt\u00fcl\u00fc Sohbet","publisher":{"@id":"https:\/\/strangercam.com\/#organization"},"alternateName":"Strangercam.com","potentialAction":[{"@type":"SearchAction","target":{"@type":"EntryPoint","urlTemplate":"https:\/\/strangercam.com\/?s={search_term_string}"},"query-input":{"@type":"PropertyValueSpecification","valueRequired":true,"valueName":"search_term_string"}}],"inLanguage":"tr"},{"@type":"Organization","@id":"https:\/\/strangercam.com\/#organization","name":"Strangercam","alternateName":"Strangercam.com","url":"https:\/\/strangercam.com\/","logo":{"@type":"ImageObject","inLanguage":"tr","@id":"https:\/\/strangercam.com\/#\/schema\/logo\/image\/","url":"https:\/\/strangercam.com\/wp-content\/uploads\/2020\/11\/cropped-new-favicon-black.png","contentUrl":"https:\/\/strangercam.com\/wp-content\/uploads\/2020\/11\/cropped-new-favicon-black.png","width":512,"height":512,"caption":"Strangercam"},"image":{"@id":"https:\/\/strangercam.com\/#\/schema\/logo\/image\/"},"sameAs":["https:\/\/www.facebook.com\/strangercam","https:\/\/x.com\/strangercamapp"]}]}},"_links":{"self":[{"href":"https:\/\/strangercam.com\/tr\/wp-json\/wp\/v2\/pages\/11248","targetHints":{"allow":["GET"]}}],"collection":[{"href":"https:\/\/strangercam.com\/tr\/wp-json\/wp\/v2\/pages"}],"about":[{"href":"https:\/\/strangercam.com\/tr\/wp-json\/wp\/v2\/types\/page"}],"author":[{"embeddable":true,"href":"https:\/\/strangercam.com\/tr\/wp-json\/wp\/v2\/users\/6"}],"replies":[{"embeddable":true,"href":"https:\/\/strangercam.com\/tr\/wp-json\/wp\/v2\/comments?post=11248"}],"version-history":[{"count":0,"href":"https:\/\/strangercam.com\/tr\/wp-json\/wp\/v2\/pages\/11248\/revisions"}],"wp:featuredmedia":[{"embeddable":true,"href":"https:\/\/strangercam.com\/tr\/wp-json\/wp\/v2\/media\/559"}],"wp:attachment":[{"href":"https:\/\/strangercam.com\/tr\/wp-json\/wp\/v2\/media?parent=11248"}],"curies":[{"name":"wp","href":"https:\/\/api.w.org\/{rel}","templated":true}]}}