{"id":11235,"date":"2022-08-11T19:54:01","date_gmt":"2022-08-11T17:54:01","guid":{"rendered":"https:\/\/strangercam.com\/?page_id=11235"},"modified":"2023-10-23T09:41:42","modified_gmt":"2023-10-23T07:41:42","slug":"dateway","status":"publish","type":"page","link":"https:\/\/strangercam.com\/tr\/dateway\/","title":{"rendered":"Dateway"},"content":{"rendered":"<p>G\u00fcn\u00fcm\u00fcz d\u00fcnyas\u0131nda, her \u015feyi <a href=\"https:\/\/strangercam.com\/tr\/coomeet\/\">tan\u0131\u015fmak<\/a> yeni insanlar tan\u0131y\u0131n ve ba\u011flant\u0131lar kurun. Herkesin program\u0131 \u00e7ok yo\u011fun oldu\u011fundan, d\u0131\u015far\u0131 \u00e7\u0131k\u0131p sosyalle\u015fmek i\u00e7in zaman bulmak zor. Neyse ki art\u0131k Dateway gibi bu konuda yard\u0131mc\u0131 olabilecek \u00e7evrimi\u00e7i platformlar var.<\/p>\n<p>Dateway a\u015fa\u011f\u0131dakileri yapman\u0131z\u0131 sa\u011flayan bir uygulamad\u0131r <a href=\"https:\/\/strangercam.com\/tr\/chatroulette\/\">sohbet<\/a> d\u00fcnyan\u0131n her yerinden gelen yabanc\u0131larla. Yeni insanlarla tan\u0131\u015fmak ve farkl\u0131 k\u00fclt\u00fcrler hakk\u0131nda bilgi edinmek i\u00e7in harika bir yoldur. Dateway'de kiminle tan\u0131\u015fabilece\u011finizi asla bilemezsiniz - \u00f6yleyse ne bekliyorsunuz? Bug\u00fcn bir deneyin!<\/p>\n<h2>Dateway nedir?<\/h2>\n<p>Dateway, kullan\u0131c\u0131lar\u0131n d\u00fcnyan\u0131n her yerinden insanlarla ba\u011flant\u0131 kurmas\u0131n\u0131 sa\u011flayan bir sosyal medya platformudur. Platform, kullan\u0131c\u0131lar\u0131n birbirleriyle ileti\u015fim kurmalar\u0131 i\u00e7in g\u00fcvenli ve emniyetli bir ortam sa\u011flar. Dateway ayr\u0131ca g\u00f6r\u00fcnt\u00fcl\u00fc sohbet ve mesajla\u015fma gibi kullan\u0131c\u0131lar\u0131n birbirleriyle ba\u011flant\u0131 kurmas\u0131n\u0131 kolayla\u015ft\u0131ran \u00e7e\u015fitli \u00f6zellikler sunar.<\/p>\n<h2>Dateway'de yabanc\u0131larla konu\u015fman\u0131n faydalar\u0131 nelerdir?<\/h2>\n<p>Dateway'de yabanc\u0131larla konu\u015fman\u0131n bir\u00e7ok faydas\u0131 vard\u0131r. Yeni insanlarla tan\u0131\u015fman\u0131za, yeni arkada\u015flar edinmenize ve farkl\u0131 k\u00fclt\u00fcrler ve ya\u015fam tarzlar\u0131 hakk\u0131nda bilgi edinmenize yard\u0131mc\u0131 olabilir. Ayr\u0131ca ileti\u015fim becerilerinizi geli\u015ftirmenize ve \u00f6zg\u00fcveninizi art\u0131rman\u0131za da yard\u0131mc\u0131 olabilir. Yabanc\u0131larla konu\u015fmak, kendiniz ve \u00e7evrenizdeki d\u00fcnya hakk\u0131nda daha fazla \u015fey \u00f6\u011frenmenin harika bir yolu olabilir.<\/p>\n<h2>Dateway'de bir konu\u015fma nas\u0131l ba\u015flat\u0131l\u0131r?<\/h2>\n<p>Dateway'de bir sohbet ba\u015flatman\u0131n yollar\u0131n\u0131 ar\u0131yorsan\u0131z, do\u011fru yere geldiniz. Buzlar\u0131 nas\u0131l eritece\u011finiz ve sohbetin ak\u0131\u015f\u0131n\u0131 nas\u0131l sa\u011flayaca\u011f\u0131n\u0131z konusunda size baz\u0131 ipu\u00e7lar\u0131 verece\u011fiz.<\/p>\n<p>\u00d6ncelikle, ki\u015finin profiline bir g\u00f6z at\u0131n ve ilginizi \u00e7eken bir \u015fey olup olmad\u0131\u011f\u0131na bak\u0131n. Ortak bir noktan\u0131z oldu\u011funu g\u00f6r\u00fcrseniz, a\u00e7\u0131l\u0131\u015f mesaj\u0131n\u0131zda bundan bahsedin. \u00d6rne\u011fin, \"The Beatles hayran\u0131 oldu\u011funu g\u00f6rd\u00fcm. Ben de b\u00fcy\u00fck bir hayran\u0131y\u0131m!\" Bu, bir sohbete ba\u015flamak i\u00e7in harika bir yoldur \u00e7\u00fcnk\u00fc ortak bir noktan\u0131z oldu\u011funu g\u00f6sterir.<\/p>\n<p>Sohbet ba\u015flatman\u0131n bir ba\u015fka harika yolu da soru sormakt\u0131r. Bu, merak etti\u011finiz herhangi bir \u015fey hakk\u0131nda olabilir. \u00d6rne\u011fin, \"Acaba fl\u00f6rt \u00fczerine iyi bir kitap \u00f6nerebilir misiniz?\" Bu, di\u011fer ki\u015fiyi tan\u0131makla ilgilendi\u011finizi ve bir tart\u0131\u015fmaya girmeye istekli oldu\u011funuzu g\u00f6sterir.<\/p>\n<p>Son olarak, kendiniz olmaktan korkmay\u0131n! Olabilecek en k\u00f6t\u00fc \u015fey, kar\u015f\u0131n\u0131zdaki ki\u015finin yan\u0131t vermemesidir. Ancak, bu olsa bile, d\u00fcnyan\u0131n sonu de\u011fildir. Sizinle konu\u015fmak isteyen ba\u015fka birini bulacaks\u0131n\u0131z. \u00d6yleyse, d\u0131\u015far\u0131 \u00e7\u0131k\u0131n ve ba\u015flay\u0131n<\/p>\n<h2>Randevu yolunda konu\u015fulacak baz\u0131 \u015feyler nelerdir?<\/h2>\n<p>\u00c7evrimi\u00e7i bulu\u015fma s\u00f6z konusu oldu\u011funda, Dateway'de konu\u015fabilece\u011finiz pek \u00e7ok \u015fey vard\u0131r. \u00d6nemli olan konu\u015fmay\u0131 ak\u0131c\u0131 tutmak ve garip sessizliklerden ka\u00e7\u0131nmakt\u0131r. \u0130\u015fte Dateway'de konu\u015fabilece\u011finiz baz\u0131 \u015feyler:<\/p>\n<p>Hobileriniz ve ilgi alanlar\u0131n\u0131z: Bu, kar\u015f\u0131n\u0131zdaki ki\u015fiyle ortak ilgi alanlar\u0131n\u0131z olup olmad\u0131\u011f\u0131n\u0131 \u00f6\u011frenmenin harika bir yoludur. Hobileriniz ve ilgi alanlar\u0131n\u0131z hakk\u0131nda konu\u015fmak buzlar\u0131 k\u0131rmaya ve sohbeti ba\u015flatmaya da yard\u0131mc\u0131 olabilir.<\/p>\n<p>\u0130\u015finiz veya \u00e7al\u0131\u015fmalar\u0131n\u0131z: Bu, Dateway'de konu\u015fulacak bir ba\u015fka harika konudur. Kar\u015f\u0131n\u0131zdaki ki\u015fiyle herhangi bir ortak noktan\u0131z olup olmad\u0131\u011f\u0131n\u0131 \u00f6\u011frenmenize yard\u0131mc\u0131 olabilir. \u0130\u015finiz veya \u00e7al\u0131\u015fmalar\u0131n\u0131z hakk\u0131nda konu\u015fmak da sohbetin ak\u0131c\u0131 olmas\u0131na yard\u0131mc\u0131 olabilir.<\/p>\n<p>Aileniz ve arkada\u015flar\u0131n\u0131z: Bu, di\u011fer ki\u015fiyi daha iyi tan\u0131man\u0131n harika bir yoludur. Aileniz ve arkada\u015flar\u0131n\u0131z hakk\u0131nda konu\u015fmak kar\u015f\u0131n\u0131zdaki ki\u015fiyle bir ba\u011f kurman\u0131za yard\u0131mc\u0131 olabilir.<\/p>\n<p>Hayalleriniz ve istekleriniz: Bu, kar\u015f\u0131n\u0131zdaki ki\u015fiyi motive etmek ve ona ilham vermek i\u00e7in harika bir yoldur. Hayalleriniz ve \u00f6zlemleriniz hakk\u0131nda konu\u015fmak da sohbetin ak\u0131\u015f\u0131n\u0131 sa\u011flamaya yard\u0131mc\u0131 olabilir.<\/p>\n<h2>Dateway'de bir konu\u015fma nas\u0131l sonland\u0131r\u0131l\u0131r?<\/h2>\n<p>Dateway'deyseniz ve bir sohbeti sonland\u0131rmak istiyorsan\u0131z, yapabilece\u011finiz birka\u00e7 \u015fey vard\u0131r. \u0130lk olarak, ba\u015fka sohbet davetlerini reddetmeyi deneyebilirsiniz. E\u011fer kar\u015f\u0131n\u0131zdaki ki\u015fi \u0131srar ederse, do\u011frudan konu\u015fmak istemedi\u011finizi s\u00f6yleyebilirsiniz. \u00c7ok \u0131srarc\u0131 olursa ki\u015fiyi engelleyebilirsiniz de.<\/p>\n<h2>Dateway'de yabanc\u0131larla konu\u015fmak i\u00e7in yap\u0131lmas\u0131 ve yap\u0131lmamas\u0131 gerekenler nelerdir?<\/h2>\n<p>Dateway'de yabanc\u0131larla konu\u015furken, baz\u0131 temel yap\u0131lmas\u0131 ve yap\u0131lmamas\u0131 gerekenlerin fark\u0131nda olmak \u00f6nemlidir. \u00d6ncelikle, konu\u015ftu\u011funuz ki\u015fiyle ki\u015fisel bilgilerinizi payla\u015fmayarak g\u00fcvende oldu\u011funuzdan emin olun. \u0130kinci olarak, di\u011fer ki\u015fiye ve onun ki\u015fisel s\u0131n\u0131rlar\u0131na sayg\u0131l\u0131 olun. Son olarak, e\u011fer konu\u015fma iyi gidiyorsa, \u00e7ok g\u00fc\u00e7l\u00fc olmamak i\u00e7in i\u015fleri olduk\u00e7a yava\u015f bir h\u0131zda g\u00f6t\u00fcr\u00fcn.<\/p>\n<h2>Dateway neden bu kadar pop\u00fcler rastgele g\u00f6r\u00fcnt\u00fcl\u00fc sohbet platformu?<\/h2>\n<p>Bunun bir\u00e7ok nedeni vard\u0131r <a href=\"https:\/\/strangercam.com\/tr\/echat\/\">EChat<\/a> bu kadar pop\u00fcler bir rastgele g\u00f6r\u00fcnt\u00fcl\u00fc sohbet platformudur. Birincisi, kullan\u0131m\u0131 tamamen \u00fccretsizdir. Bir hesap veya bunun gibi bir \u015fey i\u00e7in kaydolman\u0131za gerek yok. Sadece uygulamay\u0131 a\u00e7\u0131n ve sohbete ba\u015flay\u0131n. Di\u011fer bir neden ise kullan\u0131m\u0131n\u0131n \u00e7ok kolay olmas\u0131d\u0131r. Aray\u00fcz basit ve anla\u015f\u0131l\u0131rd\u0131r. Son olarak, herhangi bir zamanda her zaman \u00e7evrimi\u00e7i olan binlerce insan vard\u0131r, bu y\u00fczden asla s\u0131k\u0131lmayacaks\u0131n\u0131z.<\/p>\n<h2>Dateway nas\u0131l \u00e7al\u0131\u015f\u0131r?<\/h2>\n<p>Dateway bir\u00e7ok farkl\u0131 \u015fekilde kullan\u0131labildi\u011fi i\u00e7in bu sorunun belirli bir cevab\u0131 yoktur. Baz\u0131 insanlar bunu yeni insanlarla tan\u0131\u015fmak ve arkada\u015f edinmek i\u00e7in kullan\u0131rken, di\u011ferleri potansiyel romantik partnerler bulmak i\u00e7in kullan\u0131r. Nas\u0131l kullan\u0131rsan\u0131z kullan\u0131n, Dateway ilgi alanlar\u0131n\u0131z\u0131 ve de\u011ferlerinizi payla\u015fan di\u011fer ki\u015filerle ba\u011flant\u0131 kurman\u0131za yard\u0131mc\u0131 olmak i\u00e7in tasarlanm\u0131\u015ft\u0131r.<\/p>\n<h2>Herhangi bir rastgele g\u00f6r\u00fcnt\u00fcl\u00fc sohbet platformunu kullan\u0131rken nas\u0131l g\u00fcvende kalabilirsiniz?<\/h2>\n<p>\u00c7evrimi\u00e7i g\u00fcvenlik s\u00f6z konusu oldu\u011funda, hat\u0131rlanmas\u0131 gereken en \u00f6nemli \u015feylerden biri, asla biriyle bulu\u015fmamakt\u0131r. <a href=\"https:\/\/strangercam.com\/tr\/chamet\/\">met<\/a> \u015fahsen \u00e7evrimi\u00e7i. \u0130nternet kullan\u0131rken g\u00fcvende kalman\u0131n pek \u00e7ok yolu olsa da <a href=\"https:\/\/strangercam.com\/tr\/chathub\/\">rastgele g\u00f6r\u00fcnt\u00fcl\u00fc sohbet<\/a> Dateway gibi platformlarda da baz\u0131 riskler s\u00f6z konusudur.<\/p>\n<p>Herhangi bir rastgele g\u00f6r\u00fcnt\u00fcl\u00fc sohbet platformunu kullan\u0131rken g\u00fcvende kalman\u0131n en iyi yolu, ki\u015fisel bilgilerinizi asla kimseye vermedi\u011finizden emin olmakt\u0131r. Buna tam ad\u0131n\u0131z, adresiniz, telefon numaran\u0131z ve hatta sosyal medya hesaplar\u0131n\u0131z dahildir. \u0130nternette tan\u0131\u015ft\u0131\u011f\u0131n\u0131z biriyle \u015fahsen bulu\u015fmay\u0131 asla kabul etmemeniz de \u00f6nemlidir.<\/p>\n<p>\u0130nternette tan\u0131\u015ft\u0131\u011f\u0131n\u0131z biriyle bulu\u015fmaya karar verirseniz, bunu halka a\u00e7\u0131k bir yerde yapt\u0131\u011f\u0131n\u0131zdan ve nereye gitti\u011finizi bir arkada\u015f\u0131n\u0131za veya aile \u00fcyenize s\u00f6yledi\u011finizden emin olun. Asla yaln\u0131z gitmeyin ve kendinizi g\u00fcvende hissetmezseniz her zaman bir \u00e7\u0131k\u0131\u015f plan\u0131n\u0131z olsun.<\/p>\n<p>Rastgele g\u00f6r\u00fcnt\u00fcl\u00fc sohbet platformlar\u0131 \u00e7ok e\u011flenceli olabilir, ancak g\u00fcvenli\u011finizi her zaman \u00f6n planda tutmak \u00f6nemlidir. Bu basit ipu\u00e7lar\u0131n\u0131 takip ederek g\u00fcvenli ve keyifli bir deneyim ya\u015faman\u0131z\u0131 sa\u011flayabilirsiniz.<\/p>\n<h2>Sonu\u00e7<\/h2>\n<p>Yeni insanlarla tan\u0131\u015fmak i\u00e7in e\u011flenceli ve kolay bir yol ar\u0131yorsan\u0131z, Dateway uygulamas\u0131n\u0131 kullanman\u0131z\u0131 tavsiye ederim. D\u00fcnyan\u0131n her yerinden insanlarla ba\u011flant\u0131 kurman\u0131n harika bir yoludur ve kiminle tan\u0131\u015fabilece\u011finizi asla bilemezsiniz. \u00d6yleyse devam edin ve uygulamay\u0131 indirin, bir profil olu\u015fturun ve bug\u00fcn baz\u0131 yabanc\u0131larla sohbet etmeye ba\u015flay\u0131n!<\/p>","protected":false},"excerpt":{"rendered":"<p>In today&#8217;s world, it can be difficult to meet new people and form connections. With everyone&#8217;s schedules being so busy, it&#8217;s hard to find the time to go out and socialize. Thankfully, there are now online platforms that can help with this, such as Dateway. Dateway is a app that allows you to chat with [&hellip;]<\/p>\n","protected":false},"author":6,"featured_media":559,"parent":0,"menu_order":0,"comment_status":"closed","ping_status":"closed","template":"","meta":{"footnotes":""},"class_list":["post-11235","page","type-page","status-publish","has-post-thumbnail","hentry"],"yoast_head":"<!-- This site is optimized with the Yoast SEO plugin v26.9 - https:\/\/yoast.com\/product\/yoast-seo-wordpress\/ -->\n<title>Dateway - Chat with strangers on StrangerCam.com<\/title>\n<meta name=\"description\" content=\"Like Dateway? Come chat with more than 5.000.000 strangers on Stranger Cam for Free! Turn on your cam and find new friends &amp; maby a match!\" \/>\n<meta name=\"robots\" content=\"index, follow, max-snippet:-1, max-image-preview:large, max-video-preview:-1\" \/>\n<link rel=\"canonical\" href=\"https:\/\/strangercam.com\/tr\/dateway\/\" \/>\n<meta property=\"og:locale\" content=\"tr_TR\" \/>\n<meta property=\"og:type\" content=\"article\" \/>\n<meta property=\"og:title\" content=\"Dateway - Chat with strangers on StrangerCam.com\" \/>\n<meta property=\"og:description\" content=\"Like Dateway? Come chat with more than 5.000.000 strangers on Stranger Cam for Free! Turn on your cam and find new friends &amp; maby a match!\" \/>\n<meta property=\"og:url\" content=\"https:\/\/strangercam.com\/tr\/dateway\/\" \/>\n<meta property=\"og:site_name\" content=\"Strangercam\" \/>\n<meta property=\"article:publisher\" content=\"https:\/\/www.facebook.com\/strangercam\" \/>\n<meta property=\"article:modified_time\" content=\"2023-10-23T07:41:42+00:00\" \/>\n<meta property=\"og:image\" content=\"https:\/\/strangercam.com\/wp-content\/uploads\/2020\/11\/stranger-cam-1.png\" \/>\n\t<meta property=\"og:image:width\" content=\"800\" \/>\n\t<meta property=\"og:image:height\" content=\"800\" \/>\n\t<meta property=\"og:image:type\" content=\"image\/png\" \/>\n<meta name=\"twitter:card\" content=\"summary_large_image\" \/>\n<meta name=\"twitter:site\" content=\"@strangercamapp\" \/>\n<meta name=\"twitter:label1\" content=\"Tahmini okuma s\u00fcresi\" \/>\n\t<meta name=\"twitter:data1\" content=\"6 dakika\" \/>\n<script type=\"application\/ld+json\" class=\"yoast-schema-graph\">{\"@context\":\"https:\/\/schema.org\",\"@graph\":[{\"@type\":\"WebPage\",\"@id\":\"https:\/\/strangercam.com\/dateway\/\",\"url\":\"https:\/\/strangercam.com\/dateway\/\",\"name\":\"Dateway - Chat with strangers on StrangerCam.com\",\"isPartOf\":{\"@id\":\"https:\/\/strangercam.com\/#website\"},\"primaryImageOfPage\":{\"@id\":\"https:\/\/strangercam.com\/dateway\/#primaryimage\"},\"image\":{\"@id\":\"https:\/\/strangercam.com\/dateway\/#primaryimage\"},\"thumbnailUrl\":\"https:\/\/strangercam.com\/wp-content\/uploads\/2020\/11\/stranger-cam-1.png\",\"datePublished\":\"2022-08-11T17:54:01+00:00\",\"dateModified\":\"2023-10-23T07:41:42+00:00\",\"description\":\"Like Dateway? Come chat with more than 5.000.000 strangers on Stranger Cam for Free! Turn on your cam and find new friends & maby a match!\",\"breadcrumb\":{\"@id\":\"https:\/\/strangercam.com\/dateway\/#breadcrumb\"},\"inLanguage\":\"tr\",\"potentialAction\":[{\"@type\":\"ReadAction\",\"target\":[\"https:\/\/strangercam.com\/dateway\/\"]}]},{\"@type\":\"ImageObject\",\"inLanguage\":\"tr\",\"@id\":\"https:\/\/strangercam.com\/dateway\/#primaryimage\",\"url\":\"https:\/\/strangercam.com\/wp-content\/uploads\/2020\/11\/stranger-cam-1.png\",\"contentUrl\":\"https:\/\/strangercam.com\/wp-content\/uploads\/2020\/11\/stranger-cam-1.png\",\"width\":800,\"height\":800,\"caption\":\"stranger cam random video chat\"},{\"@type\":\"BreadcrumbList\",\"@id\":\"https:\/\/strangercam.com\/dateway\/#breadcrumb\",\"itemListElement\":[{\"@type\":\"ListItem\",\"position\":1,\"name\":\"Home\",\"item\":\"https:\/\/strangercam.com\/\"},{\"@type\":\"ListItem\",\"position\":2,\"name\":\"Dateway\"}]},{\"@type\":\"WebSite\",\"@id\":\"https:\/\/strangercam.com\/#website\",\"url\":\"https:\/\/strangercam.com\/\",\"name\":\"Strangercam\",\"description\":\"Random Video Chat with Strangers\",\"publisher\":{\"@id\":\"https:\/\/strangercam.com\/#organization\"},\"alternateName\":\"Strangercam.com\",\"potentialAction\":[{\"@type\":\"SearchAction\",\"target\":{\"@type\":\"EntryPoint\",\"urlTemplate\":\"https:\/\/strangercam.com\/?s={search_term_string}\"},\"query-input\":{\"@type\":\"PropertyValueSpecification\",\"valueRequired\":true,\"valueName\":\"search_term_string\"}}],\"inLanguage\":\"tr\"},{\"@type\":\"Organization\",\"@id\":\"https:\/\/strangercam.com\/#organization\",\"name\":\"Strangercam\",\"alternateName\":\"Strangercam.com\",\"url\":\"https:\/\/strangercam.com\/\",\"logo\":{\"@type\":\"ImageObject\",\"inLanguage\":\"tr\",\"@id\":\"https:\/\/strangercam.com\/#\/schema\/logo\/image\/\",\"url\":\"https:\/\/strangercam.com\/wp-content\/uploads\/2020\/11\/cropped-new-favicon-black.png\",\"contentUrl\":\"https:\/\/strangercam.com\/wp-content\/uploads\/2020\/11\/cropped-new-favicon-black.png\",\"width\":512,\"height\":512,\"caption\":\"Strangercam\"},\"image\":{\"@id\":\"https:\/\/strangercam.com\/#\/schema\/logo\/image\/\"},\"sameAs\":[\"https:\/\/www.facebook.com\/strangercam\",\"https:\/\/x.com\/strangercamapp\"]}]}<\/script>\n<!-- \/ Yoast SEO plugin. -->","yoast_head_json":{"title":"Dateway - StrangerCam.com'da yabanc\u0131larla sohbet edin","description":"Dateway'yi be\u011fendiniz mi? Gelin Stranger Cam'de 5.000.000'dan fazla yabanc\u0131yla \u00dccretsiz sohbet edin! Kameran\u0131z\u0131 a\u00e7\u0131n ve yeni arkada\u015flar ve belki bir e\u015fle\u015fme bulun!","robots":{"index":"index","follow":"follow","max-snippet":"max-snippet:-1","max-image-preview":"max-image-preview:large","max-video-preview":"max-video-preview:-1"},"canonical":"https:\/\/strangercam.com\/tr\/dateway\/","og_locale":"tr_TR","og_type":"article","og_title":"Dateway - Chat with strangers on StrangerCam.com","og_description":"Like Dateway? Come chat with more than 5.000.000 strangers on Stranger Cam for Free! Turn on your cam and find new friends & maby a match!","og_url":"https:\/\/strangercam.com\/tr\/dateway\/","og_site_name":"Strangercam","article_publisher":"https:\/\/www.facebook.com\/strangercam","article_modified_time":"2023-10-23T07:41:42+00:00","og_image":[{"width":800,"height":800,"url":"https:\/\/strangercam.com\/wp-content\/uploads\/2020\/11\/stranger-cam-1.png","type":"image\/png"}],"twitter_card":"summary_large_image","twitter_site":"@strangercamapp","twitter_misc":{"Tahmini okuma s\u00fcresi":"6 dakika"},"schema":{"@context":"https:\/\/schema.org","@graph":[{"@type":"WebPage","@id":"https:\/\/strangercam.com\/dateway\/","url":"https:\/\/strangercam.com\/dateway\/","name":"Dateway - StrangerCam.com'da yabanc\u0131larla sohbet edin","isPartOf":{"@id":"https:\/\/strangercam.com\/#website"},"primaryImageOfPage":{"@id":"https:\/\/strangercam.com\/dateway\/#primaryimage"},"image":{"@id":"https:\/\/strangercam.com\/dateway\/#primaryimage"},"thumbnailUrl":"https:\/\/strangercam.com\/wp-content\/uploads\/2020\/11\/stranger-cam-1.png","datePublished":"2022-08-11T17:54:01+00:00","dateModified":"2023-10-23T07:41:42+00:00","description":"Dateway'yi be\u011fendiniz mi? Gelin Stranger Cam'de 5.000.000'dan fazla yabanc\u0131yla \u00dccretsiz sohbet edin! Kameran\u0131z\u0131 a\u00e7\u0131n ve yeni arkada\u015flar ve belki bir e\u015fle\u015fme bulun!","breadcrumb":{"@id":"https:\/\/strangercam.com\/dateway\/#breadcrumb"},"inLanguage":"tr","potentialAction":[{"@type":"ReadAction","target":["https:\/\/strangercam.com\/dateway\/"]}]},{"@type":"ImageObject","inLanguage":"tr","@id":"https:\/\/strangercam.com\/dateway\/#primaryimage","url":"https:\/\/strangercam.com\/wp-content\/uploads\/2020\/11\/stranger-cam-1.png","contentUrl":"https:\/\/strangercam.com\/wp-content\/uploads\/2020\/11\/stranger-cam-1.png","width":800,"height":800,"caption":"stranger cam random video chat"},{"@type":"BreadcrumbList","@id":"https:\/\/strangercam.com\/dateway\/#breadcrumb","itemListElement":[{"@type":"ListItem","position":1,"name":"Home","item":"https:\/\/strangercam.com\/"},{"@type":"ListItem","position":2,"name":"Dateway"}]},{"@type":"WebSite","@id":"https:\/\/strangercam.com\/#website","url":"https:\/\/strangercam.com\/","name":"Strangercam","description":"Yabanc\u0131larla Rastgele G\u00f6r\u00fcnt\u00fcl\u00fc Sohbet","publisher":{"@id":"https:\/\/strangercam.com\/#organization"},"alternateName":"Strangercam.com","potentialAction":[{"@type":"SearchAction","target":{"@type":"EntryPoint","urlTemplate":"https:\/\/strangercam.com\/?s={search_term_string}"},"query-input":{"@type":"PropertyValueSpecification","valueRequired":true,"valueName":"search_term_string"}}],"inLanguage":"tr"},{"@type":"Organization","@id":"https:\/\/strangercam.com\/#organization","name":"Strangercam","alternateName":"Strangercam.com","url":"https:\/\/strangercam.com\/","logo":{"@type":"ImageObject","inLanguage":"tr","@id":"https:\/\/strangercam.com\/#\/schema\/logo\/image\/","url":"https:\/\/strangercam.com\/wp-content\/uploads\/2020\/11\/cropped-new-favicon-black.png","contentUrl":"https:\/\/strangercam.com\/wp-content\/uploads\/2020\/11\/cropped-new-favicon-black.png","width":512,"height":512,"caption":"Strangercam"},"image":{"@id":"https:\/\/strangercam.com\/#\/schema\/logo\/image\/"},"sameAs":["https:\/\/www.facebook.com\/strangercam","https:\/\/x.com\/strangercamapp"]}]}},"_links":{"self":[{"href":"https:\/\/strangercam.com\/tr\/wp-json\/wp\/v2\/pages\/11235","targetHints":{"allow":["GET"]}}],"collection":[{"href":"https:\/\/strangercam.com\/tr\/wp-json\/wp\/v2\/pages"}],"about":[{"href":"https:\/\/strangercam.com\/tr\/wp-json\/wp\/v2\/types\/page"}],"author":[{"embeddable":true,"href":"https:\/\/strangercam.com\/tr\/wp-json\/wp\/v2\/users\/6"}],"replies":[{"embeddable":true,"href":"https:\/\/strangercam.com\/tr\/wp-json\/wp\/v2\/comments?post=11235"}],"version-history":[{"count":0,"href":"https:\/\/strangercam.com\/tr\/wp-json\/wp\/v2\/pages\/11235\/revisions"}],"wp:featuredmedia":[{"embeddable":true,"href":"https:\/\/strangercam.com\/tr\/wp-json\/wp\/v2\/media\/559"}],"wp:attachment":[{"href":"https:\/\/strangercam.com\/tr\/wp-json\/wp\/v2\/media?parent=11235"}],"curies":[{"name":"wp","href":"https:\/\/api.w.org\/{rel}","templated":true}]}}