{"id":11221,"date":"2022-08-11T16:07:53","date_gmt":"2022-08-11T14:07:53","guid":{"rendered":"https:\/\/strangercam.com\/?page_id=11221"},"modified":"2023-08-21T12:24:42","modified_gmt":"2023-08-21T10:24:42","slug":"meetme","status":"publish","type":"page","link":"https:\/\/strangercam.com\/tr\/meetme\/","title":{"rendered":"Meetme"},"content":{"rendered":"<p>E\u011fer yeni bir yol ar\u0131yorsan\u0131z <a href=\"https:\/\/strangercam.com\/tr\/coomeet\/\">tan\u0131\u015fmak<\/a> insanlar ve <a href=\"https:\/\/strangercam.com\/tr\/flingster\/\">fl\u00f6rt<\/a> yabanc\u0131larla, o zaman meetme'ye g\u00f6z atmal\u0131s\u0131n\u0131z. Bu uygulama, yak\u0131n\u0131n\u0131zda yeni arkada\u015flar veya romantik bir partner arayan ki\u015filerle ba\u011flant\u0131 kurman\u0131z\u0131 sa\u011flar. Yapabilirsin <a href=\"https:\/\/strangercam.com\/tr\/chatroulette\/\">sohbet<\/a> onlarla foto\u011fraf ve ilgi alanlar\u0131n\u0131z\u0131 payla\u015f\u0131n ve hatta ikiniz de ilgileniyorsan\u0131z y\u00fcz y\u00fcze g\u00f6r\u00fc\u015f\u00fcn. \u00d6yleyse neden denemiyorsunuz? Kiminle tan\u0131\u015fabilece\u011finizi asla bilemezsiniz!<\/p>\n<h2>Meetme nedir?<\/h2>\n<p>Meetme bir <a href=\"https:\/\/strangercam.com\/tr\/chathub\/\">rastgele g\u00f6r\u00fcnt\u00fcl\u00fc sohbet<\/a> yeni insanlarla tan\u0131\u015fman\u0131za ve yabanc\u0131larla fl\u00f6rt etmenize olanak tan\u0131yan site. Yeni arkada\u015flar veya potansiyel partnerlerle tan\u0131\u015fmak i\u00e7in harika bir yoldur. Benzer ilgi alanlar\u0131na sahip ki\u015fileri bulmak veya ilgilendi\u011finiz biriyle sohbet ba\u015flatmak i\u00e7in de meetme'yi kullanabilirsiniz.<\/p>\n<h2>meetme nas\u0131l kullan\u0131l\u0131r<\/h2>\n<p>\u0130nsanlarla tan\u0131\u015fmak ve yabanc\u0131larla fl\u00f6rt etmek i\u00e7in yeni bir yol ar\u0131yorsan\u0131z, meetme'ye g\u00f6z atmal\u0131s\u0131n\u0131z. Yeni insanlarla ba\u011flant\u0131 kurmak ve potansiyel olarak a\u015fk\u0131 bulmak i\u00e7in harika bir yoldur. \u0130\u015fte meetme'yi nas\u0131l kullanaca\u011f\u0131n\u0131z:<\/p>\n<ul>\n<li style=\"font-weight: 400;\" aria-level=\"1\">\u00d6ncelikle, e-posta adresinizle kaydolarak veya Facebook hesab\u0131n\u0131z\u0131 ba\u011flayarak bir profil olu\u015fturun. \u0130nsanlar\u0131n sizi tan\u0131yabilmesi i\u00e7in bir foto\u011fraf ve kendiniz hakk\u0131nda baz\u0131 temel bilgiler ekledi\u011finizden emin olun.<\/li>\n<li style=\"font-weight: 400;\" aria-level=\"1\">Bir profiliniz oldu\u011funda, di\u011fer kullan\u0131c\u0131lar\u0131n profillerine g\u00f6z atmaya ba\u015flay\u0131n. \u0130lgilendi\u011finiz birini buldu\u011funuzda, ona bir mesaj g\u00f6nderin ve sohbet etmek isteyip istemedi\u011fine bak\u0131n.<\/li>\n<li style=\"font-weight: 400;\" aria-level=\"1\">E\u011fer birinden ho\u015fland\u0131ysan\u0131z, onunla fl\u00f6rt etmeye ba\u015flayabilirsiniz. Bu, iltifat g\u00f6ndermekten e\u011flenceli \u015fakalara kadar her \u015fey olabilir. Sadece e\u011flenin ve i\u015flerin nereye gitti\u011fini g\u00f6r\u00fcn!<\/li>\n<li style=\"font-weight: 400;\" aria-level=\"1\">E\u011fer i\u015fler yolunda gidiyor gibi g\u00f6r\u00fcn\u00fcyorsa, o ki\u015fiye \u00e7\u0131kma teklif edebilirsiniz. Y\u00fcz y\u00fcze bulu\u015fmadan \u00f6nce ikinizin de ne arad\u0131\u011f\u0131n\u0131z konusunda ayn\u0131 fikirde oldu\u011funuzdan emin olun.<\/li>\n<li style=\"font-weight: 400;\" aria-level=\"1\">Ve i\u015fte bu kadar! Yeni insanlarla tan\u0131\u015fmak ve yabanc\u0131larla g\u00fcvenli ve e\u011flenceli bir ortamda fl\u00f6rt etmek i\u00e7in meetme'yi kullan\u0131n.<\/li>\n<\/ul>\n<h2>Bulu\u015fman\u0131n art\u0131lar\u0131 ve eksileri<\/h2>\n<p>Meetme uygulamas\u0131 hakk\u0131nda hem iyi hem de k\u00f6t\u00fc \u015feyler var. Bir yandan, yeni insanlarla tan\u0131\u015fmak ve yeni arkada\u015flar edinmek i\u00e7in harika bir yol olabilir. \u00d6te yandan, tehlikeli yabanc\u0131larla tan\u0131\u015fma potansiyeli de vard\u0131r. Bu uygulamay\u0131 kullanmadan \u00f6nce hem art\u0131lar\u0131n hem de eksilerin fark\u0131nda olmak \u00f6nemlidir.<\/p>\n<p>Meetme ile ilgili iyi olan \u015fey, d\u00fcnyan\u0131n her yerinden insanlarla konu\u015fabilmenizdir. Bu size farkl\u0131 k\u00fclt\u00fcrler hakk\u0131nda bilgi edinme ve yeni arkada\u015flar edinme f\u0131rsat\u0131 verir. Ayr\u0131ca meetme'deki insanlarla fl\u00f6rt edebilirsiniz, bu da bekarsan\u0131z ve bir tarih ar\u0131yorsan\u0131z e\u011flenceli olabilir.<\/p>\n<p>Meetme'nin dezavantaj\u0131, potansiyel olarak tehlikeli yabanc\u0131larla tan\u0131\u015fabilmenizdir. Tan\u0131mad\u0131\u011f\u0131n\u0131z insanlarla konu\u015ftu\u011funuz i\u00e7in, hangi bilgileri payla\u015ft\u0131\u011f\u0131n\u0131z konusunda dikkatli olman\u0131z \u00f6nemlidir. G\u00fcvende olduklar\u0131ndan kesinlikle emin olmad\u0131\u011f\u0131n\u0131z s\u00fcrece asla ki\u015fisel bilgilerinizi vermemeli veya biriyle y\u00fcz y\u00fcze g\u00f6r\u00fc\u015fmeyi kabul etmemelisiniz.<\/p>\n<p>Genel olarak, meetme yeni insanlarla tan\u0131\u015fmak ve biraz e\u011flenmek i\u00e7in harika bir yol olabilir. Ancak, bu uygulamay\u0131 kullanmadan \u00f6nce risklerin fark\u0131nda olmak \u00f6nemlidir.<\/p>\n<h2>Meetme neden bu kadar pop\u00fcler rastgele g\u00f6r\u00fcnt\u00fcl\u00fc sohbet platformu?<\/h2>\n<p>Meetme'nin bu kadar pop\u00fcler bir rastgele g\u00f6r\u00fcnt\u00fcl\u00fc sohbet platformu olmas\u0131n\u0131n bir\u00e7ok nedeni var. Birincisi, kullan\u0131m\u0131 inan\u0131lmaz derecede kolay. Bir hesap veya bunun gibi bir \u015fey i\u00e7in kaydolman\u0131za gerek yok. Sadece uygulamay\u0131 a\u00e7\u0131n ve d\u00fcnyan\u0131n her yerinden insanlarla sohbet etmeye ba\u015flay\u0131n.<\/p>\n<p>Meetme'nin bu kadar pop\u00fcler olmas\u0131n\u0131n bir ba\u015fka nedeni de anonim olmas\u0131d\u0131r. Kullan\u0131rken ad\u0131n\u0131z\u0131 veya herhangi bir ki\u015fisel bilginizi vermek zorunda de\u011filsiniz. Bu, kendileri hakk\u0131nda \u00e7ok fazla bilgi vermeden yabanc\u0131larla sohbet etmek isteyen insanlar i\u00e7in harika bir platform haline getirir.<\/p>\n<p>Son olarak, meetme pop\u00fclerdir \u00e7\u00fcnk\u00fc yeni insanlarla tan\u0131\u015fmak ve yeni arkada\u015flar edinmek i\u00e7in harika bir yoldur. D\u00fcnyan\u0131n her yerinden insanlarla sohbet edebilir ve onlar\u0131 daha iyi tan\u0131yabilirsiniz. \u0130ster yeni bir arkada\u015f ister potansiyel bir romantik partner ar\u0131yor olun, meetme ba\u015flamak i\u00e7in harika bir yerdir.<\/p>\n<h2>Meetme'den en iyi \u015fekilde nas\u0131l yararlan\u0131l\u0131r?<\/h2>\n<p>E\u011fer a\u015fk ya da sadece iyi bir zaman ar\u0131yorsan\u0131z, meetme ile yanl\u0131\u015f gidemezsiniz. Bu sosyal a\u011f sitesi, g\u00fcvenli ve e\u011flenceli bir ortamda yeni insanlarla tan\u0131\u015fman\u0131za ve yabanc\u0131larla fl\u00f6rt etmenize olanak tan\u0131r. \u0130\u015fte meetme deneyiminizden en iyi \u015fekilde yararlanman\u0131za yard\u0131mc\u0131 olacak baz\u0131 ipu\u00e7lar\u0131:<\/p>\n<ol>\n<li style=\"font-weight: 400;\" aria-level=\"1\">Profilinizi tamamlay\u0131n. Kendiniz hakk\u0131nda ne kadar \u00e7ok bilgi verirseniz, ba\u015fkalar\u0131n\u0131n sizi bulmas\u0131 ve sizinle ba\u011flant\u0131 kurmas\u0131 o kadar kolay olacakt\u0131r. \u0130nsanlar\u0131n neye benzedi\u011finizi g\u00f6rebilmesi i\u00e7in yeni bir foto\u011fraf ekledi\u011finizden emin olun.<\/li>\n<li style=\"font-weight: 400;\" aria-level=\"1\">Arama \u00f6zelli\u011fini kullan\u0131n. meetme, ilgi alanlar\u0131n\u0131z\u0131 payla\u015fan ve yak\u0131n\u0131n\u0131zda ya\u015fayan ki\u015fileri bulman\u0131z\u0131 sa\u011flayan harika bir arama \u00f6zelli\u011fine sahiptir. Potansiyel e\u015fle\u015fmeleri bulmak ve onlarla sohbet etmeye ba\u015flamak i\u00e7in arama \u00f6zelli\u011fini kullan\u0131n.<\/li>\n<li style=\"font-weight: 400;\" aria-level=\"1\">Fl\u00f6rt etmekten korkmay\u0131n. Fl\u00f6rt etmek birini daha iyi tan\u0131mak i\u00e7in harika bir yoldur. Kendinizi cesur hissediyorsan\u0131z, \u00f6zel mesaj g\u00f6ndermeyi veya herkese a\u00e7\u0131k sohbet odalar\u0131nda biriyle fl\u00f6rt etmeyi deneyin. Sadece g\u00f6rg\u00fc kurallar\u0131na dikkat etti\u011finizden ve kimsenin rahats\u0131z hissetmemesi i\u00e7in i\u015fleri g\u00f6n\u00fcls\u00fcz tuttu\u011funuzdan emin olun.<\/li>\n<li style=\"font-weight: 400;\" aria-level=\"1\">Y\u00fcz y\u00fcze tan\u0131\u015f\u0131n. Birini \u00e7evrimi\u00e7i olarak olduk\u00e7a iyi tan\u0131d\u0131ktan sonra, i\u015fleri \u00e7evrimd\u0131\u015f\u0131 hale getirmenin ve y\u00fcz y\u00fcze g\u00f6r\u00fc\u015fmenin zaman\u0131 gelmi\u015ftir. Bulu\u015fma<\/li>\n<\/ol>\n<h2>Rastgele bir g\u00f6r\u00fcnt\u00fcl\u00fc sohbet platformu kullan\u0131rken ne beklemeli?<\/h2>\n<p>Meetme gibi rastgele bir g\u00f6r\u00fcnt\u00fcl\u00fc sohbet platformu kullan\u0131rken, d\u00fcnyan\u0131n her yerinden yeni insanlarla tan\u0131\u015fmay\u0131 bekleyebilirsiniz. Onlarla sohbet edebilecek ve onlar\u0131 daha iyi tan\u0131yabileceksiniz. Hatta kendinizi onlarla fl\u00f6rt ederken bile bulabilirsiniz!<\/p>\n<h2>Rastgele g\u00f6r\u00fcnt\u00fcl\u00fc sohbet kullanman\u0131n avantajlar\u0131<\/h2>\n<p>Meetme gibi rastgele bir g\u00f6r\u00fcnt\u00fcl\u00fc sohbet hizmeti kullanman\u0131n pek \u00e7ok avantaj\u0131 vard\u0131r. Birincisi, d\u00fcnyan\u0131n her yerinden yeni insanlarla tan\u0131\u015fmak i\u00e7in harika bir yoldur. Kiminle tan\u0131\u015faca\u011f\u0131n\u0131z\u0131 veya nereden geldiklerini asla bilemezsiniz, bu da baz\u0131 ilgin\u00e7 konu\u015fmalar yapabilir.<\/p>\n<p>Bir di\u011fer avantaj\u0131 da sosyal becerilerinizi geli\u015ftirmek i\u00e7in harika bir yol olmas\u0131d\u0131r. Utanga\u00e7san\u0131z veya insanlarla konu\u015fma konusunda \u00e7ok iyi de\u011filseniz, rastgele bir g\u00f6r\u00fcnt\u00fcl\u00fc sohbet pratik yapmak i\u00e7in harika bir yol olabilir. Ayr\u0131ca v\u00fccut dili ve di\u011fer insanlarla \u00e7evrimi\u00e7i sohbet ederek onlar\u0131 nas\u0131l okuyaca\u011f\u0131n\u0131z hakk\u0131nda daha fazla bilgi edinebilirsiniz.<\/p>\n<p>Son olarak, rastgele bir g\u00f6r\u00fcnt\u00fcl\u00fc sohbet \u00e7ok e\u011flenceli olabilir. Zaman \u00f6ld\u00fcrmek ve yeni ve ilgin\u00e7 insanlarla tan\u0131\u015fmak i\u00e7in harika bir yoldur. E\u011fer yapacak bir \u015feyler ar\u0131yorsan\u0131z, neden denemiyorsunuz?<\/p>\n<h2>Kullan\u0131m\u0131 g\u00fcvenli mi?<\/h2>\n<p>D\u0131\u015far\u0131da a\u015fk, arkada\u015fl\u0131k ve hatta sadece bir ba\u011flant\u0131 arayan bir\u00e7ok insan var. Ancak \u00e7evrimi\u00e7i biriyle tan\u0131\u015fmak ve onunla fl\u00f6rt etmek ger\u00e7ekten g\u00fcvenli mi? \u00c7evrimi\u00e7i biriyle tan\u0131\u015fman\u0131n pek \u00e7ok riski vard\u0131r, ancak ayn\u0131 zamanda pek \u00e7ok \u00f6d\u00fcl\u00fc de vard\u0131r. Sadece dikkatli olman\u0131z ve en iyi muhakemenizi kullanman\u0131z gerekir.<\/p>\n<p>E\u011fer a\u015fk\u0131 ar\u0131yorsan\u0131z, internetten biriyle tan\u0131\u015fmak ruh e\u015finizi bulmak i\u00e7in harika bir yol olabilir. Ancak kiminle konu\u015ftu\u011funuz ve kendiniz hakk\u0131nda ne kadar bilgi verdi\u011finiz konusunda dikkatli olman\u0131z gerekir. Herkesin internette oldu\u011funu s\u00f6yledi\u011fi ki\u015fi olmad\u0131\u011f\u0131n\u0131 unutmamak \u00f6nemlidir. D\u0131\u015far\u0131da insanlardan faydalanmak isteyen \u00e7ok say\u0131da avc\u0131 var. Bu nedenle, kiminle konu\u015ftu\u011funuz konusunda dikkatli olman\u0131z ve kendiniz hakk\u0131nda \u00e7ok fazla bilgi vermedi\u011finizden emin olman\u0131z gerekir.<\/p>\n<p>Sadece bir ili\u015fki ar\u0131yorsan\u0131z, \u00e7evrimi\u00e7i biriyle tan\u0131\u015fmak istedi\u011finizi elde etmenin harika bir yolu olabilir. Ancak yine de kiminle konu\u015ftu\u011funuz ve kendiniz hakk\u0131nda ne kadar bilgi verdi\u011finiz konusunda dikkatli olman\u0131z gerekir.<\/p>\n<h2>Meetme'de nas\u0131l g\u00fcvende kal\u0131n\u0131r?<\/h2>\n<p>Yeni insanlarla tan\u0131\u015fmak ve hatta baz\u0131 yabanc\u0131larla fl\u00f6rt etmek istiyorsan\u0131z, meetme harika bir se\u00e7enektir. Ancak, bu veya ba\u015fka bir tan\u0131\u015fma uygulamas\u0131n\u0131 kullan\u0131rken g\u00fcvende kalmak \u00f6nemlidir. \u0130\u015fte meetme kullan\u0131rken g\u00fcvende kalman\u0131za yard\u0131mc\u0131 olacak baz\u0131 ipu\u00e7lar\u0131:<\/p>\n<ul>\n<li style=\"font-weight: 400;\" aria-level=\"1\">\u00c7ok fazla ki\u015fisel bilgi vermeyin. Birini ilk kez tan\u0131maya ba\u015flad\u0131\u011f\u0131n\u0131zda, adresiniz ve telefon numaran\u0131z gibi \u015feyleri gizli tutmak en iyisidir.<\/li>\n<li style=\"font-weight: 400;\" aria-level=\"1\">Y\u00fcz y\u00fcze tan\u0131\u015ft\u0131\u011f\u0131n\u0131z ki\u015filer konusunda dikkatli olun. Meetme'den biriyle \u015fahsen bulu\u015fmaya karar verirseniz, bunu halka a\u00e7\u0131k bir yerde yapt\u0131\u011f\u0131n\u0131zdan ve bir arkada\u015f\u0131n\u0131za veya aile \u00fcyenize nerede olaca\u011f\u0131n\u0131z\u0131 bildirdi\u011finizden emin olun.<\/li>\n<li style=\"font-weight: 400;\" aria-level=\"1\">Daha \u00f6nce tan\u0131\u015ft\u0131\u011f\u0131n\u0131z birine para ya da hediye g\u00f6ndermeyin. <a href=\"https:\/\/strangercam.com\/tr\/chamet\/\">met<\/a> Onlar\u0131 ne kadar iyi tan\u0131d\u0131\u011f\u0131n\u0131z\u0131 d\u00fc\u015f\u00fcn\u00fcrseniz d\u00fc\u015f\u00fcn\u00fcn.<\/li>\n<li style=\"font-weight: 400;\" aria-level=\"1\">\u0130\u00e7g\u00fcd\u00fclerinize g\u00fcvenin. Bir \u015feyler do\u011fru gelmiyorsa, kullan\u0131c\u0131y\u0131 engellemekten veya rapor etmekten \u00e7ekinmeyin.<\/li>\n<\/ul>\n<h2>Sonu\u00e7<\/h2>\n<p>\u0130nsanlarla tan\u0131\u015fmak ve yabanc\u0131larla fl\u00f6rt etmek i\u00e7in yeni bir yol ar\u0131yorsan\u0131z, MeetMe tam size g\u00f6re bir uygulama olabilir. Kullan\u0131m\u0131 kolay aray\u00fcz\u00fc ve harika \u00f6zellikleriyle kesinlikle g\u00f6z atmaya de\u011fer. Kim bilir, bir sonraki randevunuzu veya ba\u011flant\u0131n\u0131z\u0131 MeetMe'de bulabilirsiniz!<\/p>","protected":false},"excerpt":{"rendered":"<p>If you&#8217;re looking for a new way to meet people and flirt with strangers, then you should check out meetme. This app allows you to connect with people near you who are also looking for new friends or a romantic partner. You can chat with them, share photos and interests, and even meet up in [&hellip;]<\/p>\n","protected":false},"author":6,"featured_media":559,"parent":0,"menu_order":0,"comment_status":"closed","ping_status":"closed","template":"","meta":{"footnotes":""},"class_list":["post-11221","page","type-page","status-publish","has-post-thumbnail","hentry"],"yoast_head":"<!-- This site is optimized with the Yoast SEO plugin v26.9 - https:\/\/yoast.com\/product\/yoast-seo-wordpress\/ -->\n<title>Meetme - Chat with strangers on StrangerCam.com<\/title>\n<meta name=\"description\" content=\"Like Meetme? Come chat with more than 5.000.000 strangers on Stranger Cam for Free! Turn on your cam and find new friends &amp; maby a match!\" \/>\n<meta name=\"robots\" content=\"index, follow, max-snippet:-1, max-image-preview:large, max-video-preview:-1\" \/>\n<link rel=\"canonical\" href=\"https:\/\/strangercam.com\/tr\/meetme\/\" \/>\n<meta property=\"og:locale\" content=\"tr_TR\" \/>\n<meta property=\"og:type\" content=\"article\" \/>\n<meta property=\"og:title\" content=\"Meetme - Chat with strangers on StrangerCam.com\" \/>\n<meta property=\"og:description\" content=\"Like Meetme? Come chat with more than 5.000.000 strangers on Stranger Cam for Free! Turn on your cam and find new friends &amp; maby a match!\" \/>\n<meta property=\"og:url\" content=\"https:\/\/strangercam.com\/tr\/meetme\/\" \/>\n<meta property=\"og:site_name\" content=\"Strangercam\" \/>\n<meta property=\"article:publisher\" content=\"https:\/\/www.facebook.com\/strangercam\" \/>\n<meta property=\"article:modified_time\" content=\"2023-08-21T10:24:42+00:00\" \/>\n<meta property=\"og:image\" content=\"https:\/\/strangercam.com\/wp-content\/uploads\/2020\/11\/stranger-cam-1.png\" \/>\n\t<meta property=\"og:image:width\" content=\"800\" \/>\n\t<meta property=\"og:image:height\" content=\"800\" \/>\n\t<meta property=\"og:image:type\" content=\"image\/png\" \/>\n<meta name=\"twitter:card\" content=\"summary_large_image\" \/>\n<meta name=\"twitter:site\" content=\"@strangercamapp\" \/>\n<meta name=\"twitter:label1\" content=\"Tahmini okuma s\u00fcresi\" \/>\n\t<meta name=\"twitter:data1\" content=\"7 dakika\" \/>\n<script type=\"application\/ld+json\" class=\"yoast-schema-graph\">{\"@context\":\"https:\/\/schema.org\",\"@graph\":[{\"@type\":\"WebPage\",\"@id\":\"https:\/\/strangercam.com\/meetme\/\",\"url\":\"https:\/\/strangercam.com\/meetme\/\",\"name\":\"Meetme - Chat with strangers on StrangerCam.com\",\"isPartOf\":{\"@id\":\"https:\/\/strangercam.com\/#website\"},\"primaryImageOfPage\":{\"@id\":\"https:\/\/strangercam.com\/meetme\/#primaryimage\"},\"image\":{\"@id\":\"https:\/\/strangercam.com\/meetme\/#primaryimage\"},\"thumbnailUrl\":\"https:\/\/strangercam.com\/wp-content\/uploads\/2020\/11\/stranger-cam-1.png\",\"datePublished\":\"2022-08-11T14:07:53+00:00\",\"dateModified\":\"2023-08-21T10:24:42+00:00\",\"description\":\"Like Meetme? Come chat with more than 5.000.000 strangers on Stranger Cam for Free! Turn on your cam and find new friends & maby a match!\",\"breadcrumb\":{\"@id\":\"https:\/\/strangercam.com\/meetme\/#breadcrumb\"},\"inLanguage\":\"tr\",\"potentialAction\":[{\"@type\":\"ReadAction\",\"target\":[\"https:\/\/strangercam.com\/meetme\/\"]}]},{\"@type\":\"ImageObject\",\"inLanguage\":\"tr\",\"@id\":\"https:\/\/strangercam.com\/meetme\/#primaryimage\",\"url\":\"https:\/\/strangercam.com\/wp-content\/uploads\/2020\/11\/stranger-cam-1.png\",\"contentUrl\":\"https:\/\/strangercam.com\/wp-content\/uploads\/2020\/11\/stranger-cam-1.png\",\"width\":800,\"height\":800,\"caption\":\"stranger cam random video chat\"},{\"@type\":\"BreadcrumbList\",\"@id\":\"https:\/\/strangercam.com\/meetme\/#breadcrumb\",\"itemListElement\":[{\"@type\":\"ListItem\",\"position\":1,\"name\":\"Home\",\"item\":\"https:\/\/strangercam.com\/\"},{\"@type\":\"ListItem\",\"position\":2,\"name\":\"Meetme\"}]},{\"@type\":\"WebSite\",\"@id\":\"https:\/\/strangercam.com\/#website\",\"url\":\"https:\/\/strangercam.com\/\",\"name\":\"Strangercam\",\"description\":\"Random Video Chat with Strangers\",\"publisher\":{\"@id\":\"https:\/\/strangercam.com\/#organization\"},\"alternateName\":\"Strangercam.com\",\"potentialAction\":[{\"@type\":\"SearchAction\",\"target\":{\"@type\":\"EntryPoint\",\"urlTemplate\":\"https:\/\/strangercam.com\/?s={search_term_string}\"},\"query-input\":{\"@type\":\"PropertyValueSpecification\",\"valueRequired\":true,\"valueName\":\"search_term_string\"}}],\"inLanguage\":\"tr\"},{\"@type\":\"Organization\",\"@id\":\"https:\/\/strangercam.com\/#organization\",\"name\":\"Strangercam\",\"alternateName\":\"Strangercam.com\",\"url\":\"https:\/\/strangercam.com\/\",\"logo\":{\"@type\":\"ImageObject\",\"inLanguage\":\"tr\",\"@id\":\"https:\/\/strangercam.com\/#\/schema\/logo\/image\/\",\"url\":\"https:\/\/strangercam.com\/wp-content\/uploads\/2020\/11\/cropped-new-favicon-black.png\",\"contentUrl\":\"https:\/\/strangercam.com\/wp-content\/uploads\/2020\/11\/cropped-new-favicon-black.png\",\"width\":512,\"height\":512,\"caption\":\"Strangercam\"},\"image\":{\"@id\":\"https:\/\/strangercam.com\/#\/schema\/logo\/image\/\"},\"sameAs\":[\"https:\/\/www.facebook.com\/strangercam\",\"https:\/\/x.com\/strangercamapp\"]}]}<\/script>\n<!-- \/ Yoast SEO plugin. -->","yoast_head_json":{"title":"Meetme - StrangerCam.com'da yabanc\u0131larla sohbet edin","description":"Meetme'yi be\u011fendiniz mi? Gelin Stranger Cam'de 5.000.000'dan fazla yabanc\u0131yla \u00dccretsiz sohbet edin! Kameran\u0131z\u0131 a\u00e7\u0131n ve yeni arkada\u015flar ve belki bir e\u015fle\u015fme bulun!","robots":{"index":"index","follow":"follow","max-snippet":"max-snippet:-1","max-image-preview":"max-image-preview:large","max-video-preview":"max-video-preview:-1"},"canonical":"https:\/\/strangercam.com\/tr\/meetme\/","og_locale":"tr_TR","og_type":"article","og_title":"Meetme - Chat with strangers on StrangerCam.com","og_description":"Like Meetme? Come chat with more than 5.000.000 strangers on Stranger Cam for Free! Turn on your cam and find new friends & maby a match!","og_url":"https:\/\/strangercam.com\/tr\/meetme\/","og_site_name":"Strangercam","article_publisher":"https:\/\/www.facebook.com\/strangercam","article_modified_time":"2023-08-21T10:24:42+00:00","og_image":[{"width":800,"height":800,"url":"https:\/\/strangercam.com\/wp-content\/uploads\/2020\/11\/stranger-cam-1.png","type":"image\/png"}],"twitter_card":"summary_large_image","twitter_site":"@strangercamapp","twitter_misc":{"Tahmini okuma s\u00fcresi":"7 dakika"},"schema":{"@context":"https:\/\/schema.org","@graph":[{"@type":"WebPage","@id":"https:\/\/strangercam.com\/meetme\/","url":"https:\/\/strangercam.com\/meetme\/","name":"Meetme - StrangerCam.com'da yabanc\u0131larla sohbet edin","isPartOf":{"@id":"https:\/\/strangercam.com\/#website"},"primaryImageOfPage":{"@id":"https:\/\/strangercam.com\/meetme\/#primaryimage"},"image":{"@id":"https:\/\/strangercam.com\/meetme\/#primaryimage"},"thumbnailUrl":"https:\/\/strangercam.com\/wp-content\/uploads\/2020\/11\/stranger-cam-1.png","datePublished":"2022-08-11T14:07:53+00:00","dateModified":"2023-08-21T10:24:42+00:00","description":"Meetme'yi be\u011fendiniz mi? Gelin Stranger Cam'de 5.000.000'dan fazla yabanc\u0131yla \u00dccretsiz sohbet edin! Kameran\u0131z\u0131 a\u00e7\u0131n ve yeni arkada\u015flar ve belki bir e\u015fle\u015fme bulun!","breadcrumb":{"@id":"https:\/\/strangercam.com\/meetme\/#breadcrumb"},"inLanguage":"tr","potentialAction":[{"@type":"ReadAction","target":["https:\/\/strangercam.com\/meetme\/"]}]},{"@type":"ImageObject","inLanguage":"tr","@id":"https:\/\/strangercam.com\/meetme\/#primaryimage","url":"https:\/\/strangercam.com\/wp-content\/uploads\/2020\/11\/stranger-cam-1.png","contentUrl":"https:\/\/strangercam.com\/wp-content\/uploads\/2020\/11\/stranger-cam-1.png","width":800,"height":800,"caption":"stranger cam random video chat"},{"@type":"BreadcrumbList","@id":"https:\/\/strangercam.com\/meetme\/#breadcrumb","itemListElement":[{"@type":"ListItem","position":1,"name":"Home","item":"https:\/\/strangercam.com\/"},{"@type":"ListItem","position":2,"name":"Meetme"}]},{"@type":"WebSite","@id":"https:\/\/strangercam.com\/#website","url":"https:\/\/strangercam.com\/","name":"Strangercam","description":"Yabanc\u0131larla Rastgele G\u00f6r\u00fcnt\u00fcl\u00fc Sohbet","publisher":{"@id":"https:\/\/strangercam.com\/#organization"},"alternateName":"Strangercam.com","potentialAction":[{"@type":"SearchAction","target":{"@type":"EntryPoint","urlTemplate":"https:\/\/strangercam.com\/?s={search_term_string}"},"query-input":{"@type":"PropertyValueSpecification","valueRequired":true,"valueName":"search_term_string"}}],"inLanguage":"tr"},{"@type":"Organization","@id":"https:\/\/strangercam.com\/#organization","name":"Strangercam","alternateName":"Strangercam.com","url":"https:\/\/strangercam.com\/","logo":{"@type":"ImageObject","inLanguage":"tr","@id":"https:\/\/strangercam.com\/#\/schema\/logo\/image\/","url":"https:\/\/strangercam.com\/wp-content\/uploads\/2020\/11\/cropped-new-favicon-black.png","contentUrl":"https:\/\/strangercam.com\/wp-content\/uploads\/2020\/11\/cropped-new-favicon-black.png","width":512,"height":512,"caption":"Strangercam"},"image":{"@id":"https:\/\/strangercam.com\/#\/schema\/logo\/image\/"},"sameAs":["https:\/\/www.facebook.com\/strangercam","https:\/\/x.com\/strangercamapp"]}]}},"_links":{"self":[{"href":"https:\/\/strangercam.com\/tr\/wp-json\/wp\/v2\/pages\/11221","targetHints":{"allow":["GET"]}}],"collection":[{"href":"https:\/\/strangercam.com\/tr\/wp-json\/wp\/v2\/pages"}],"about":[{"href":"https:\/\/strangercam.com\/tr\/wp-json\/wp\/v2\/types\/page"}],"author":[{"embeddable":true,"href":"https:\/\/strangercam.com\/tr\/wp-json\/wp\/v2\/users\/6"}],"replies":[{"embeddable":true,"href":"https:\/\/strangercam.com\/tr\/wp-json\/wp\/v2\/comments?post=11221"}],"version-history":[{"count":0,"href":"https:\/\/strangercam.com\/tr\/wp-json\/wp\/v2\/pages\/11221\/revisions"}],"wp:featuredmedia":[{"embeddable":true,"href":"https:\/\/strangercam.com\/tr\/wp-json\/wp\/v2\/media\/559"}],"wp:attachment":[{"href":"https:\/\/strangercam.com\/tr\/wp-json\/wp\/v2\/media?parent=11221"}],"curies":[{"name":"wp","href":"https:\/\/api.w.org\/{rel}","templated":true}]}}