{"id":11208,"date":"2022-08-11T16:02:32","date_gmt":"2022-08-11T14:02:32","guid":{"rendered":"https:\/\/strangercam.com\/?page_id=11208"},"modified":"2023-08-21T12:24:41","modified_gmt":"2023-08-21T10:24:41","slug":"epikchat","status":"publish","type":"page","link":"https:\/\/strangercam.com\/tr\/epikchat\/","title":{"rendered":"Epikchat"},"content":{"rendered":"<p>Epikchat yeni bir sosyal a\u011f ve arkada\u015fl\u0131k uygulamas\u0131d\u0131r. <a href=\"https:\/\/strangercam.com\/tr\/coomeet\/\">tan\u0131\u015fmak<\/a> yeni insanlar ve yabanc\u0131larla fl\u00f6rt edin. Uygulama \u015fu anda iOS ve Android cihazlar i\u00e7in kullan\u0131labilir.<\/p>\n<h2>Epikchat nedir?<\/h2>\n<p>Epikchat canl\u0131 bir video <a href=\"https:\/\/strangercam.com\/tr\/chathub\/\">sohbet<\/a> kullan\u0131c\u0131lar\u0131n birbirleriyle ger\u00e7ek zamanl\u0131 olarak ba\u011flant\u0131 kurmalar\u0131n\u0131 sa\u011flayan platform. Epikchat, insanlar\u0131n birbirleriyle ileti\u015fim kurmalar\u0131 ve zamanlar\u0131n\u0131n tad\u0131n\u0131 \u00e7\u0131karmalar\u0131 i\u00e7in benzersiz ve kullan\u0131\u015fl\u0131 bir yol sa\u011flar.<\/p>\n<h2>Epikchat nas\u0131l kullan\u0131l\u0131r<\/h2>\n<p>\u0130lk ad\u0131m Epikchat'de bir hesap olu\u015fturmakt\u0131r. Bunu web sitelerine gidip \"Kaydol\" d\u00fc\u011fmesine t\u0131klayarak yapabilirsiniz. Bir hesap olu\u015fturduktan sonra, e-posta adresinizi do\u011frulaman\u0131z gerekecektir. E-posta adresiniz do\u011fruland\u0131ktan sonra hesab\u0131n\u0131za giri\u015f yapabileceksiniz.<\/p>\n<p>Giri\u015f yapt\u0131ktan sonra, mevcut t\u00fcm sohbet odalar\u0131n\u0131n bir listesini g\u00f6rebileceksiniz. Bu sohbet odalar\u0131ndan herhangi birine kat\u0131lmay\u0131 se\u00e7ebilir veya kendi sohbet odan\u0131z\u0131 olu\u015fturabilirsiniz. Kendi sohbet odan\u0131z\u0131 olu\u015fturmaya karar verirseniz, odan\u0131z i\u00e7in bir isim ve bir \u015fifre se\u00e7meniz gerekecektir. Odan\u0131z i\u00e7in bir ad ve parola se\u00e7tikten sonra, di\u011fer ki\u015fileri odan\u0131za kat\u0131lmaya davet edebileceksiniz<\/p>\n<h2>Epikchat kullanman\u0131n Art\u0131lar\u0131 ve Eksileri<\/h2>\n<p>\u0130nsanlar\u0131nEpikchat'yi kullanmas\u0131n\u0131n bir\u00e7ok nedeni vard\u0131r. Baz\u0131 insanlar bunu yeni arkada\u015flarla tan\u0131\u015fmak i\u00e7in, baz\u0131lar\u0131 yabanc\u0131larla fl\u00f6rt etmek i\u00e7in ve baz\u0131lar\u0131 da bir tarih bulmak i\u00e7in kullan\u0131r. Bununla birlikte, Epikchat kullanman\u0131n baz\u0131 dezavantajlar\u0131 da vard\u0131r. \u0130\u015fte Epikchat kullanman\u0131n baz\u0131 art\u0131lar\u0131 ve eksileri:<\/p>\n<h4>Art\u0131lar\u0131:<\/h4>\n<ul>\n<li style=\"font-weight: 400;\" aria-level=\"1\">D\u00fcnyan\u0131n her yerinden yeni insanlarla tan\u0131\u015fabilirsiniz.<\/li>\n<li style=\"font-weight: 400;\" aria-level=\"1\">Fl\u00f6rt becerilerinizi geli\u015ftirmek i\u00e7in harika bir yoldur.<\/li>\n<li style=\"font-weight: 400;\" aria-level=\"1\">Farkl\u0131 \u00fclkelerden insanlarla sohbet ederek di\u011fer k\u00fclt\u00fcrler hakk\u0131nda bilgi edinebilirsiniz.<\/li>\n<li style=\"font-weight: 400;\" aria-level=\"1\">Yeni arkada\u015flar edinmek i\u00e7in harika bir yoldur.<\/li>\n<\/ul>\n<h4>Eksiler:<\/h4>\n<ul>\n<li style=\"font-weight: 400;\" aria-level=\"1\">Baz\u0131 insanlar Epikchat'yi siber zorbal\u0131k i\u00e7in kullan\u0131yor.<\/li>\n<li style=\"font-weight: 400;\" aria-level=\"1\">Yabanc\u0131larla sohbet ederken uygunsuz i\u00e7eriklerle kar\u015f\u0131la\u015fabilirsiniz.<\/li>\n<li style=\"font-weight: 400;\" aria-level=\"1\">Gizlilik ayarlar\u0131n\u0131 do\u011fru kullanmazsan\u0131z ki\u015fisel bilgileriniz risk alt\u0131nda olabilir.<\/li>\n<\/ul>\n<h2>Epikchat kullan\u0131rken ne beklemelisiniz?<\/h2>\n<p>Epikchat, yeni insanlarla tan\u0131\u015fman\u0131za ve onlarla fl\u00f6rt etmenize olanak tan\u0131yan yeni bir sosyal a\u011f sitesidir. Yeni arkada\u015flar edinmek ve hatta belki de a\u015fk\u0131 bulmak i\u00e7in harika bir yoldur. Ancak, bu siteyi kullan\u0131rken beklemeniz gereken baz\u0131 \u015feyler var.<\/p>\n<p>\u00d6ncelikle bir profil olu\u015fturman\u0131z gerekecek. Bu profil ad\u0131n\u0131z\u0131, ya\u015f\u0131n\u0131z\u0131, cinsiyetinizi ve ilgi alanlar\u0131n\u0131z\u0131 i\u00e7erecektir. Ayr\u0131ca bir foto\u011fraf\u0131n\u0131z\u0131 da y\u00fckleyebilirsiniz. Profilinizi olu\u015fturduktan sonra, di\u011fer \u00fcyeleri aramaya ba\u015flayabilirsiniz.<\/p>\n<p>\u00dcyeleri konumlar\u0131na, ya\u015flar\u0131na veya ilgi alanlar\u0131na g\u00f6re arayabilirsiniz. Sohbet etmek istedi\u011finiz birini buldu\u011funuzda, ona bir mesaj g\u00f6nderebilirsiniz. E\u011fer \u00e7evrimi\u00e7i iseler, onlarla ger\u00e7ek zamanl\u0131 olarak sohbet edebilirsiniz. \u00c7evrimi\u00e7i de\u011fillerse, onlara yine de mesaj g\u00f6nderebilirsiniz, ancak tekrar giri\u015f yapana kadar cevap veremezler.<\/p>\n<p>Epikchat yeni insanlarla tan\u0131\u015fmak ve onlarla fl\u00f6rt etmek i\u00e7in harika bir yoldur. Ancak, bu siteyi kullan\u0131rken beklemeniz gereken baz\u0131 \u015feyler var. \u00d6yleyse devam edin ve bug\u00fcn bir profil olu\u015fturun ve baz\u0131 yeni arkada\u015flarla sohbet etmeye ba\u015flay\u0131n!<\/p>\n<h2>Epikchat neden bu kadar pop\u00fcler rastgele g\u00f6r\u00fcnt\u00fcl\u00fc sohbet platformudur?<\/h2>\n<p>Epikchat, birka\u00e7 nedenden dolay\u0131 pop\u00fcler bir rastgele g\u00f6r\u00fcnt\u00fcl\u00fc sohbet platformudur. \u0130lk olarak, kullan\u0131m\u0131 inan\u0131lmaz derecede kolayd\u0131r. \u0130htiyac\u0131n\u0131z olan tek \u015fey bir web kameras\u0131 ve internet ba\u011flant\u0131s\u0131d\u0131r ve d\u00fcnyan\u0131n her yerinden yabanc\u0131larla sohbet etmeye ba\u015flayabilirsiniz. \u0130kincisi, site her zaman yeni insanlarla sohbet etmekten ve fl\u00f6rt etmekten mutlu olan \u00e7ok aktif bir kullan\u0131c\u0131 toplulu\u011funa sahiptir. Son olarak, Epikchat'nin kullan\u0131m\u0131 tamamen \u00fccretsizdir, b\u00f6ylece herhangi bir \u00fccret konusunda endi\u015felenmenize gerek kalmadan istedi\u011finiz kadar sohbet edebilirsiniz.<\/p>\n<h2>Epikchat vs di\u011fer rastgele g\u00f6r\u00fcnt\u00fcl\u00fc sohbet platformu<\/h2>\n<p>Epikchat, h\u0131zla pop\u00fclerlik kazanan yeni bir rastgele g\u00f6r\u00fcnt\u00fcl\u00fc sohbet platformudur. D\u0131\u015far\u0131da ba\u015fka bir\u00e7ok benzer platform olsa da, Epikchat onu rakiplerinden ay\u0131ran birka\u00e7 \u00f6zelli\u011fe sahiptir.<\/p>\n<p>Her \u015feyden \u00f6nce, Epikchat'nin kullan\u0131m\u0131 tamamen \u00fccretsizdir. T\u00fcm \u00f6zelliklere eri\u015fmek i\u00e7in hi\u00e7bir gizli \u00fccret veya \u00fccretli \u00fcyelik gerekmez. Bu, b\u00fct\u00e7e dostu bir se\u00e7enek arayan kullan\u0131c\u0131lar i\u00e7in \u00e7ok \u00e7ekici hale getirir.<\/p>\n<p>\u0130kinci olarak, Epikchat di\u011fer sohbet platformlar\u0131n\u0131n \u00e7o\u011fundan \u00e7ok daha temiz ve kullan\u0131c\u0131 dostu bir aray\u00fcze sahiptir. Tasar\u0131m \u015f\u0131k ve moderndir ve navigasyonun anla\u015f\u0131lmas\u0131 kolayd\u0131r. Bu, sorunsuz bir deneyim isteyen kullan\u0131c\u0131lar i\u00e7in idealdir.<\/p>\n<p>Son olarak, Epikchat, kullan\u0131c\u0131lar\u0131n yabanc\u0131lara anonim olarak fl\u00f6rt mesajlar\u0131 g\u00f6ndermelerine olanak tan\u0131yan benzersiz bir \"fl\u00f6rt\" \u00f6zelli\u011fi sunar. Al\u0131c\u0131 sohbetten ho\u015flan\u0131rsa, kimli\u011fini a\u00e7\u0131klamay\u0131 se\u00e7ebilir. Bu, baz\u0131 e\u011flenceli ve ilgin\u00e7 etkile\u015fimlere yol a\u00e7abilir!<\/p>\n<h2>Herhangi bir rastgele g\u00f6r\u00fcnt\u00fcl\u00fc sohbet platformunu kullanman\u0131n faydalar\u0131<\/h2>\n<p>Herhangi bir rastgele g\u00f6r\u00fcnt\u00fcl\u00fc sohbet platformunu kullanman\u0131n bir\u00e7ok faydas\u0131 vard\u0131r. En \u00f6nemli faydas\u0131, d\u00fcnyan\u0131n her yerinden insanlarla ba\u011flant\u0131 kurman\u0131za yard\u0131mc\u0131 olmas\u0131d\u0131r. Bu platformlarda yeni arkada\u015flar edinebilir, yeni k\u00fclt\u00fcrler ve diller \u00f6\u011frenebilir ve hatta a\u015fk\u0131 bulabilirsiniz.<\/p>\n<p>Bir ba\u015fka b\u00fcy\u00fck fayda da bu platformlarda \u00e7ok e\u011flenebilmenizdir. Oyun oynayabilir, foto\u011fraf ve video payla\u015fabilir ve genel olarak iyi vakit ge\u00e7irebilirsiniz. Ayr\u0131ca bu platformlarda yeni insanlarla tan\u0131\u015fmak ve onlarla fl\u00f6rt etmek i\u00e7in bir\u00e7ok f\u0131rsat var. Dolay\u0131s\u0131yla, yeni insanlarla tan\u0131\u015fman\u0131n e\u011flenceli ve kolay bir yolunu ar\u0131yorsan\u0131z, kesinlikle herhangi bir rastgele g\u00f6r\u00fcnt\u00fcl\u00fc sohbet platformuna g\u00f6z atmal\u0131s\u0131n\u0131z.<\/p>\n<h2>Epikchat kullan\u0131rken nas\u0131l g\u00fcvende kal\u0131n\u0131r?<\/h2>\n<p>Yeni insanlarla tan\u0131\u015fmak ve yabanc\u0131larla fl\u00f6rt etmek istiyorsan\u0131z, Epikchat harika bir se\u00e7enektir. Ancak, uygulamay\u0131 kullan\u0131rken g\u00fcvende kalmak i\u00e7in akl\u0131n\u0131zda bulundurman\u0131z gereken baz\u0131 \u015feyler var.<\/p>\n<p>Her \u015feyden \u00f6nce, tan\u0131mad\u0131\u011f\u0131n\u0131z birine asla ki\u015fisel bilgilerinizi vermeyin. Buna tam ad\u0131n\u0131z, adresiniz, telefon numaran\u0131z, e-posta adresiniz veya di\u011fer hassas bilgileriniz dahildir. Ayr\u0131ca kimli\u011finizi tespit etmek i\u00e7in kullan\u0131labilecek herhangi bir foto\u011fraf veya video payla\u015fmaktan da ka\u00e7\u0131nmal\u0131s\u0131n\u0131z.<\/p>\n<p>Bir di\u011fer \u00f6nemli g\u00fcvenlik ipucu da internette tan\u0131\u015ft\u0131\u011f\u0131n\u0131z biriyle asla y\u00fcz y\u00fcze bulu\u015fmamakt\u0131r. Biriyle bulu\u015fmaya karar verirseniz, bunu halka a\u00e7\u0131k bir yerde yapt\u0131\u011f\u0131n\u0131zdan ve yan\u0131n\u0131zda bir arkada\u015f\u0131n\u0131z\u0131 veya aile \u00fcyenizi getirdi\u011finizden emin olun. Tan\u0131mad\u0131\u011f\u0131n\u0131z biriyle asla yaln\u0131z gitmeyin.<\/p>\n<p>Son olarak, Epikchat'yi kullan\u0131rken kendinizi rahats\u0131z veya g\u00fcvensiz hissederseniz, kullan\u0131c\u0131y\u0131 uygulaman\u0131n moderat\u00f6rlerine bildirdi\u011finizden emin olun. Sizi g\u00fcvende tutmak i\u00e7in uygun \u00f6nlemleri alacaklard\u0131r.<\/p>\n<p>Bu basit g\u00fcvenlik ipu\u00e7lar\u0131n\u0131 takip ederek, kendinizi riske atmadan Epikchat'yi kullanarak harika zaman ge\u00e7irebilirsiniz.<\/p>\n<h2>Epikchat'nin Alternatifleri<\/h2>\n<p>Epikchat'ye alternatif ar\u0131yorsan\u0131z, piyasada pek \u00e7ok se\u00e7enek var. \u0130\u015fte bizim favorilerimizden birka\u00e7\u0131:<\/p>\n<ol>\n<li><a href=\"https:\/\/strangercam.com\/tr\/chatroulette\/\">Chatroulette<\/a>: Bu site Epikchat'ye \u00e7ok benzer ve d\u00fcnyan\u0131n her yerinden rastgele yabanc\u0131larla sohbet etmenize olanak tan\u0131r. Bununla birlikte, sonu\u00e7lar\u0131n\u0131z\u0131 \u00fclkeye veya cinsiyete g\u00f6re filtreleme yetene\u011fi gibi baz\u0131 ek \u00f6zelliklere de sahiptir.<\/li>\n<li><a href=\"https:\/\/strangercam.com\/tr\/omegle\/\">Omegle<\/a>: Omegle, Epikchat'ye benzer bir deneyim sunan bir ba\u015fka pop\u00fcler sohbet sitesidir. Ancak, bu sitenin benzersiz \u00f6zelliklerinden biri, g\u00f6r\u00fcnt\u00fcl\u00fc sohbetin yan\u0131 s\u0131ra metin tabanl\u0131 sohbet i\u00e7in de bir b\u00f6l\u00fcme sahip olmas\u0131d\u0131r.<\/li>\n<li>TinyChat: TinyChat son y\u0131llarda olduk\u00e7a pop\u00fcler hale gelen daha yeni bir se\u00e7enektir. Basit bir aray\u00fcz sunar ve 12 ki\u015fiye kadar grup sohbetleri i\u00e7in \u201codalar\u201d olu\u015fturman\u0131za olanak tan\u0131r. Yeni insanlarla tan\u0131\u015fmak i\u00e7in TinyChat'teki herkese a\u00e7\u0131k odalara da kat\u0131labilirsiniz.<\/li>\n<\/ol>\n<h2>Sonu\u00e7<\/h2>\n<p>Epikchat yeni insanlarla tan\u0131\u015fmak ve yabanc\u0131larla fl\u00f6rt etmek i\u00e7in harika bir yoldur. Kullan\u0131m\u0131 kolayd\u0131r ve d\u00fcnyan\u0131n her yerinden insanlarla ba\u011flant\u0131 kurabilirsiniz. Yeni insanlarla tan\u0131\u015fmak i\u00e7in e\u011flenceli bir yol ar\u0131yorsan\u0131z, Epikchat kesinlikle g\u00f6z atmaya de\u011fer.<\/p>","protected":false},"excerpt":{"rendered":"<p>Epikchat is a new social networking and dating app that lets you meet new people and flirt with strangers. The app is currently available for iOS and Android devices. What is Epikchat? Epikchat is a live video chat platform that allows users to connect with each other in real time. Epikchat provides a unique and [&hellip;]<\/p>\n","protected":false},"author":6,"featured_media":559,"parent":0,"menu_order":0,"comment_status":"closed","ping_status":"closed","template":"","meta":{"footnotes":""},"class_list":["post-11208","page","type-page","status-publish","has-post-thumbnail","hentry"],"yoast_head":"<!-- This site is optimized with the Yoast SEO plugin v27.4 - https:\/\/yoast.com\/product\/yoast-seo-wordpress\/ -->\n<title>Epikchat - Chat with strangers on StrangerCam.com<\/title>\n<meta name=\"description\" content=\"Like Epikchat? Come chat with more than 5.000.000 strangers on Stranger Cam for Free! Turn on your cam and find new friends &amp; maby a match!\" \/>\n<meta name=\"robots\" content=\"index, follow, max-snippet:-1, max-image-preview:large, max-video-preview:-1\" \/>\n<link rel=\"canonical\" href=\"https:\/\/strangercam.com\/tr\/epikchat\/\" \/>\n<meta property=\"og:locale\" content=\"tr_TR\" \/>\n<meta property=\"og:type\" content=\"article\" \/>\n<meta property=\"og:title\" content=\"Epikchat - Chat with strangers on StrangerCam.com\" \/>\n<meta property=\"og:description\" content=\"Like Epikchat? Come chat with more than 5.000.000 strangers on Stranger Cam for Free! Turn on your cam and find new friends &amp; maby a match!\" \/>\n<meta property=\"og:url\" content=\"https:\/\/strangercam.com\/tr\/epikchat\/\" \/>\n<meta property=\"og:site_name\" content=\"Strangercam\" \/>\n<meta property=\"article:publisher\" content=\"https:\/\/www.facebook.com\/strangercam\" \/>\n<meta property=\"article:modified_time\" content=\"2023-08-21T10:24:41+00:00\" \/>\n<meta property=\"og:image\" content=\"https:\/\/strangercam.com\/wp-content\/uploads\/2020\/11\/stranger-cam-1.png\" \/>\n\t<meta property=\"og:image:width\" content=\"800\" \/>\n\t<meta property=\"og:image:height\" content=\"800\" \/>\n\t<meta property=\"og:image:type\" content=\"image\/png\" \/>\n<meta name=\"twitter:card\" content=\"summary_large_image\" \/>\n<meta name=\"twitter:site\" content=\"@strangercamapp\" \/>\n<meta name=\"twitter:label1\" content=\"Tahmini okuma s\u00fcresi\" \/>\n\t<meta name=\"twitter:data1\" content=\"6 dakika\" \/>\n<script type=\"application\/ld+json\" class=\"yoast-schema-graph\">{\"@context\":\"https:\\\/\\\/schema.org\",\"@graph\":[{\"@type\":\"WebPage\",\"@id\":\"https:\\\/\\\/strangercam.com\\\/epikchat\\\/\",\"url\":\"https:\\\/\\\/strangercam.com\\\/epikchat\\\/\",\"name\":\"Epikchat - Chat with strangers on StrangerCam.com\",\"isPartOf\":{\"@id\":\"https:\\\/\\\/strangercam.com\\\/#website\"},\"primaryImageOfPage\":{\"@id\":\"https:\\\/\\\/strangercam.com\\\/epikchat\\\/#primaryimage\"},\"image\":{\"@id\":\"https:\\\/\\\/strangercam.com\\\/epikchat\\\/#primaryimage\"},\"thumbnailUrl\":\"https:\\\/\\\/strangercam.com\\\/wp-content\\\/uploads\\\/2020\\\/11\\\/stranger-cam-1.png\",\"datePublished\":\"2022-08-11T14:02:32+00:00\",\"dateModified\":\"2023-08-21T10:24:41+00:00\",\"description\":\"Like Epikchat? Come chat with more than 5.000.000 strangers on Stranger Cam for Free! Turn on your cam and find new friends & maby a match!\",\"breadcrumb\":{\"@id\":\"https:\\\/\\\/strangercam.com\\\/epikchat\\\/#breadcrumb\"},\"inLanguage\":\"tr\",\"potentialAction\":[{\"@type\":\"ReadAction\",\"target\":[\"https:\\\/\\\/strangercam.com\\\/epikchat\\\/\"]}]},{\"@type\":\"ImageObject\",\"inLanguage\":\"tr\",\"@id\":\"https:\\\/\\\/strangercam.com\\\/epikchat\\\/#primaryimage\",\"url\":\"https:\\\/\\\/strangercam.com\\\/wp-content\\\/uploads\\\/2020\\\/11\\\/stranger-cam-1.png\",\"contentUrl\":\"https:\\\/\\\/strangercam.com\\\/wp-content\\\/uploads\\\/2020\\\/11\\\/stranger-cam-1.png\",\"width\":800,\"height\":800,\"caption\":\"stranger cam random video chat\"},{\"@type\":\"BreadcrumbList\",\"@id\":\"https:\\\/\\\/strangercam.com\\\/epikchat\\\/#breadcrumb\",\"itemListElement\":[{\"@type\":\"ListItem\",\"position\":1,\"name\":\"Home\",\"item\":\"https:\\\/\\\/strangercam.com\\\/\"},{\"@type\":\"ListItem\",\"position\":2,\"name\":\"Epikchat\"}]},{\"@type\":\"WebSite\",\"@id\":\"https:\\\/\\\/strangercam.com\\\/#website\",\"url\":\"https:\\\/\\\/strangercam.com\\\/\",\"name\":\"Strangercam\",\"description\":\"Random Video Chat with Strangers\",\"publisher\":{\"@id\":\"https:\\\/\\\/strangercam.com\\\/#organization\"},\"alternateName\":\"Strangercam.com\",\"potentialAction\":[{\"@type\":\"SearchAction\",\"target\":{\"@type\":\"EntryPoint\",\"urlTemplate\":\"https:\\\/\\\/strangercam.com\\\/?s={search_term_string}\"},\"query-input\":{\"@type\":\"PropertyValueSpecification\",\"valueRequired\":true,\"valueName\":\"search_term_string\"}}],\"inLanguage\":\"tr\"},{\"@type\":\"Organization\",\"@id\":\"https:\\\/\\\/strangercam.com\\\/#organization\",\"name\":\"Strangercam\",\"alternateName\":\"Strangercam.com\",\"url\":\"https:\\\/\\\/strangercam.com\\\/\",\"logo\":{\"@type\":\"ImageObject\",\"inLanguage\":\"tr\",\"@id\":\"https:\\\/\\\/strangercam.com\\\/#\\\/schema\\\/logo\\\/image\\\/\",\"url\":\"https:\\\/\\\/strangercam.com\\\/wp-content\\\/uploads\\\/2020\\\/11\\\/cropped-new-favicon-black.png\",\"contentUrl\":\"https:\\\/\\\/strangercam.com\\\/wp-content\\\/uploads\\\/2020\\\/11\\\/cropped-new-favicon-black.png\",\"width\":512,\"height\":512,\"caption\":\"Strangercam\"},\"image\":{\"@id\":\"https:\\\/\\\/strangercam.com\\\/#\\\/schema\\\/logo\\\/image\\\/\"},\"sameAs\":[\"https:\\\/\\\/www.facebook.com\\\/strangercam\",\"https:\\\/\\\/x.com\\\/strangercamapp\"]}]}<\/script>\n<!-- \/ Yoast SEO plugin. -->","yoast_head_json":{"title":"Epikchat - StrangerCam.com'da yabanc\u0131larla sohbet edin","description":"Epikchat'yi be\u011fendiniz mi? Gelin Stranger Cam'de 5.000.000'dan fazla yabanc\u0131yla \u00dccretsiz sohbet edin! Kameran\u0131z\u0131 a\u00e7\u0131n ve yeni arkada\u015flar ve belki bir e\u015fle\u015fme bulun!","robots":{"index":"index","follow":"follow","max-snippet":"max-snippet:-1","max-image-preview":"max-image-preview:large","max-video-preview":"max-video-preview:-1"},"canonical":"https:\/\/strangercam.com\/tr\/epikchat\/","og_locale":"tr_TR","og_type":"article","og_title":"Epikchat - Chat with strangers on StrangerCam.com","og_description":"Like Epikchat? Come chat with more than 5.000.000 strangers on Stranger Cam for Free! Turn on your cam and find new friends & maby a match!","og_url":"https:\/\/strangercam.com\/tr\/epikchat\/","og_site_name":"Strangercam","article_publisher":"https:\/\/www.facebook.com\/strangercam","article_modified_time":"2023-08-21T10:24:41+00:00","og_image":[{"width":800,"height":800,"url":"https:\/\/strangercam.com\/wp-content\/uploads\/2020\/11\/stranger-cam-1.png","type":"image\/png"}],"twitter_card":"summary_large_image","twitter_site":"@strangercamapp","twitter_misc":{"Tahmini okuma s\u00fcresi":"6 dakika"},"schema":{"@context":"https:\/\/schema.org","@graph":[{"@type":"WebPage","@id":"https:\/\/strangercam.com\/epikchat\/","url":"https:\/\/strangercam.com\/epikchat\/","name":"Epikchat - StrangerCam.com'da yabanc\u0131larla sohbet edin","isPartOf":{"@id":"https:\/\/strangercam.com\/#website"},"primaryImageOfPage":{"@id":"https:\/\/strangercam.com\/epikchat\/#primaryimage"},"image":{"@id":"https:\/\/strangercam.com\/epikchat\/#primaryimage"},"thumbnailUrl":"https:\/\/strangercam.com\/wp-content\/uploads\/2020\/11\/stranger-cam-1.png","datePublished":"2022-08-11T14:02:32+00:00","dateModified":"2023-08-21T10:24:41+00:00","description":"Epikchat'yi be\u011fendiniz mi? Gelin Stranger Cam'de 5.000.000'dan fazla yabanc\u0131yla \u00dccretsiz sohbet edin! Kameran\u0131z\u0131 a\u00e7\u0131n ve yeni arkada\u015flar ve belki bir e\u015fle\u015fme bulun!","breadcrumb":{"@id":"https:\/\/strangercam.com\/epikchat\/#breadcrumb"},"inLanguage":"tr","potentialAction":[{"@type":"ReadAction","target":["https:\/\/strangercam.com\/epikchat\/"]}]},{"@type":"ImageObject","inLanguage":"tr","@id":"https:\/\/strangercam.com\/epikchat\/#primaryimage","url":"https:\/\/strangercam.com\/wp-content\/uploads\/2020\/11\/stranger-cam-1.png","contentUrl":"https:\/\/strangercam.com\/wp-content\/uploads\/2020\/11\/stranger-cam-1.png","width":800,"height":800,"caption":"stranger cam random video chat"},{"@type":"BreadcrumbList","@id":"https:\/\/strangercam.com\/epikchat\/#breadcrumb","itemListElement":[{"@type":"ListItem","position":1,"name":"Home","item":"https:\/\/strangercam.com\/"},{"@type":"ListItem","position":2,"name":"Epikchat"}]},{"@type":"WebSite","@id":"https:\/\/strangercam.com\/#website","url":"https:\/\/strangercam.com\/","name":"Strangercam","description":"Yabanc\u0131larla Rastgele G\u00f6r\u00fcnt\u00fcl\u00fc Sohbet","publisher":{"@id":"https:\/\/strangercam.com\/#organization"},"alternateName":"Strangercam.com","potentialAction":[{"@type":"SearchAction","target":{"@type":"EntryPoint","urlTemplate":"https:\/\/strangercam.com\/?s={search_term_string}"},"query-input":{"@type":"PropertyValueSpecification","valueRequired":true,"valueName":"search_term_string"}}],"inLanguage":"tr"},{"@type":"Organization","@id":"https:\/\/strangercam.com\/#organization","name":"Strangercam","alternateName":"Strangercam.com","url":"https:\/\/strangercam.com\/","logo":{"@type":"ImageObject","inLanguage":"tr","@id":"https:\/\/strangercam.com\/#\/schema\/logo\/image\/","url":"https:\/\/strangercam.com\/wp-content\/uploads\/2020\/11\/cropped-new-favicon-black.png","contentUrl":"https:\/\/strangercam.com\/wp-content\/uploads\/2020\/11\/cropped-new-favicon-black.png","width":512,"height":512,"caption":"Strangercam"},"image":{"@id":"https:\/\/strangercam.com\/#\/schema\/logo\/image\/"},"sameAs":["https:\/\/www.facebook.com\/strangercam","https:\/\/x.com\/strangercamapp"]}]}},"_links":{"self":[{"href":"https:\/\/strangercam.com\/tr\/wp-json\/wp\/v2\/pages\/11208","targetHints":{"allow":["GET"]}}],"collection":[{"href":"https:\/\/strangercam.com\/tr\/wp-json\/wp\/v2\/pages"}],"about":[{"href":"https:\/\/strangercam.com\/tr\/wp-json\/wp\/v2\/types\/page"}],"author":[{"embeddable":true,"href":"https:\/\/strangercam.com\/tr\/wp-json\/wp\/v2\/users\/6"}],"replies":[{"embeddable":true,"href":"https:\/\/strangercam.com\/tr\/wp-json\/wp\/v2\/comments?post=11208"}],"version-history":[{"count":0,"href":"https:\/\/strangercam.com\/tr\/wp-json\/wp\/v2\/pages\/11208\/revisions"}],"wp:featuredmedia":[{"embeddable":true,"href":"https:\/\/strangercam.com\/tr\/wp-json\/wp\/v2\/media\/559"}],"wp:attachment":[{"href":"https:\/\/strangercam.com\/tr\/wp-json\/wp\/v2\/media?parent=11208"}],"curies":[{"name":"wp","href":"https:\/\/api.w.org\/{rel}","templated":true}]}}