{"id":11194,"date":"2022-08-11T15:50:53","date_gmt":"2022-08-11T13:50:53","guid":{"rendered":"https:\/\/strangercam.com\/?page_id=11194"},"modified":"2023-08-21T11:40:39","modified_gmt":"2023-08-21T09:40:39","slug":"camskip","status":"publish","type":"page","link":"https:\/\/strangercam.com\/tr\/camskip\/","title":{"rendered":"Camskip"},"content":{"rendered":"<p>Hi\u00e7 havadan sudan konu\u015fmalar\u0131 atlay\u0131p yeni insanlarla tan\u0131\u015fman\u0131n e\u011flenceli k\u0131sm\u0131na ge\u00e7ebilmeyi dilediniz mi? \u0130\u015fte \u015fimdi bunun i\u00e7in bir uygulama var! Camskip tam da bunu yapman\u0131za olanak tan\u0131yan yeni bir tan\u0131\u015fma uygulamas\u0131 - <a href=\"https:\/\/strangercam.com\/tr\/coomeet\/\">tan\u0131\u015fmak<\/a> yeni insanlar ve <a href=\"https:\/\/strangercam.com\/tr\/flingster\/\">fl\u00f6rt<\/a> yabanc\u0131larla, t\u00fcm g\u00fc\u00e7l\u00fckler olmadan.<\/p>\n<h2>Camskip nedir?<\/h2>\n<p>camskip yeni bir rastgele <a href=\"https:\/\/strangercam.com\/tr\/chatroulette\/\">sohbet<\/a> yeni insanlarla tan\u0131\u015fman\u0131za ve yabanc\u0131larla fl\u00f6rt etmenize olanak tan\u0131yan platform. Platform kullan\u0131c\u0131lar aras\u0131nda pop\u00fclerlik kazan\u0131yor. Platformun konsepti basit: mevcut bir sohbet odas\u0131na kat\u0131labilir veya kendinizinkini olu\u015fturabilir ve insanlar\u0131 kat\u0131lmaya davet edebilirsiniz. Bir sohbet odas\u0131na girdikten sonra, di\u011fer kullan\u0131c\u0131larla fl\u00f6rt etmeye ba\u015flayabilirsiniz. Birisi ilginizi \u00e7ekerse, onu arkada\u015f listenize ekleyebilir ve onunla sohbet etmeye devam edebilirsiniz.<\/p>\n<h2>Camskip nas\u0131l kullan\u0131l\u0131r<\/h2>\n<p>Yeni insanlarla tan\u0131\u015fmak ve yabanc\u0131larla fl\u00f6rt etmek istiyorsan\u0131z, camskip sizin i\u00e7in m\u00fckemmel bir platformdur. \u0130\u015fte camskip'in nas\u0131l kullan\u0131laca\u011f\u0131na dair h\u0131zl\u0131 bir rehber:<\/p>\n<ol>\n<li>\u00dccretsiz bir hesap i\u00e7in kaydolun. Ge\u00e7erli bir e-posta adresi vermeniz ve bir kullan\u0131c\u0131 ad\u0131 ve \u015fifre olu\u015fturman\u0131z gerekir.<\/li>\n<li>Giri\u015f yapt\u0131ktan sonra, \u00e7evrimi\u00e7i olan herkesle sohbet etmeye ba\u015flayabilirsiniz. Bunu yapmak i\u00e7in sayfan\u0131n \u00fcst k\u0131sm\u0131ndaki \"Sohbet\" d\u00fc\u011fmesine t\u0131klaman\u0131z yeterlidir.<\/li>\n<li>Be\u011fendi\u011finiz birini g\u00f6r\u00fcrseniz, \"Mesaj\" d\u00fc\u011fmesine t\u0131klayarak ona \u00f6zel bir mesaj g\u00f6nderebilirsiniz.<\/li>\n<li>Biriyle fl\u00f6rt etmek i\u00e7in \u201cFl\u00f6rt Et\u201d d\u00fc\u011fmesine t\u0131klay\u0131n. Bu, onlara kabul edebilecekleri veya reddedebilecekleri fl\u00f6rt mesaj\u0131 g\u00f6nderecektir.<\/li>\n<li>\u0130\u015fleri bir sonraki seviyeye ta\u015f\u0131mak istiyorsan\u0131z, \u201cArkada\u015f Ekle\u201d d\u00fc\u011fmesine t\u0131klayarak onlar\u0131 \u201cArkada\u015flar\u201d listenize ekleyebilirsiniz. Bu \u015fekilde, \u00e7evrimi\u00e7i olduklar\u0131 her an onlarla sohbet edebilirsiniz.<\/li>\n<\/ol>\n<h2>Camskip'in art\u0131lar\u0131 ve eksileri<\/h2>\n<p>Kameramanl\u0131\u011f\u0131n hem art\u0131lar\u0131 hem de eksileri vard\u0131r. Olumlu y\u00f6nleri aras\u0131nda evden para kazanma, istedi\u011finiz zaman \u00e7al\u0131\u015fma esnekli\u011fi ve d\u00fcnyan\u0131n her yerinden insanlarla ba\u011flant\u0131 kurma yetene\u011fi say\u0131labilir. Olumsuz yanlar\u0131 ise, kameramanl\u0131k olduk\u00e7a ba\u011f\u0131ml\u0131l\u0131k yapabilir ve dikkatli bir \u015fekilde y\u00f6netilmezse finansal zorluklara yol a\u00e7abilir.<\/p>\n<p>Camskip'nin di\u011fer \u00e7evrimi\u00e7i ileti\u015fim y\u00f6ntemlerine g\u00f6re bir dizi avantaj\u0131 vard\u0131r. Belki de en belirgin avantaj\u0131, kullan\u0131m\u0131n\u0131n \u00fccretsiz olmas\u0131d\u0131r. Bu, internet ba\u011flant\u0131s\u0131 olan herkesin herhangi bir \u00fccret \u00f6demek zorunda kalmadan camskip'i kullanabilece\u011fi anlam\u0131na gelir.<\/p>\n<p>Camskip'in bir di\u011fer avantaj\u0131, kullan\u0131c\u0131lara sohbet odalar\u0131 veya forumlar gibi di\u011fer y\u00f6ntemlerden daha samimi bir ileti\u015fim bi\u00e7imi sa\u011flamas\u0131d\u0131r. Bunun nedeni, kullan\u0131c\u0131lar\u0131n konu\u015furken birbirlerinin y\u00fczlerini g\u00f6rebilmeleridir. Bu, kullan\u0131c\u0131lar aras\u0131nda g\u00fcven ve uyum olu\u015fturmaya yard\u0131mc\u0131 olabilir.<\/p>\n<p>Bununla birlikte, camskip ile ilgili baz\u0131 dezavantajlar da vard\u0131r. Bunlardan biri, camskip'te konu\u015fmak istedi\u011finiz ki\u015fileri bulman\u0131n olduk\u00e7a zor olabilece\u011fidir. Bunun nedeni, sitenin kullan\u0131c\u0131lar\u0131n birbirlerini anahtar kelimeler ve etiketler arac\u0131l\u0131\u011f\u0131yla bulmas\u0131na dayanmas\u0131d\u0131r. Sonu\u00e7 olarak, camskip'te ilgi alanlar\u0131n\u0131z\u0131 payla\u015fan birini bulmak olduk\u00e7a zor olabilir.<\/p>\n<h2>Camskip kullan\u0131rken ne beklemelisiniz?<\/h2>\n<p>Camskip kullan\u0131rken, d\u00fcnyan\u0131n her yerinden yeni insanlarla tan\u0131\u015fmay\u0131 bekleyebilirsiniz. Onlarla sohbet edebilecek ve onlarla fl\u00f6rt edebileceksiniz. Hatta kendinizi camskip'te tan\u0131\u015ft\u0131\u011f\u0131n\u0131z biriyle bir ili\u015fki i\u00e7inde bulabilirsiniz.<\/p>\n<h2>Camskip neden bu kadar pop\u00fcler rastgele g\u00f6r\u00fcnt\u00fcl\u00fc sohbet platformudur?<\/h2>\n<p>2020'nin ba\u015flar\u0131nda piyasaya s\u00fcr\u00fclmesinden bu yana, camskip internetteki en pop\u00fcler rastgele g\u00f6r\u00fcnt\u00fcl\u00fc sohbet platformlar\u0131ndan biri haline geldi. Camskip'in bu kadar pop\u00fcler olmas\u0131n\u0131n birka\u00e7 temel nedeni var:<\/p>\n<ul>\n<li style=\"font-weight: 400;\" aria-level=\"1\">Camskip'nin kullan\u0131m\u0131 tamamen \u00fccretsizdir - hi\u00e7bir gizli \u00fccret veya masraf yoktur.<\/li>\n<li style=\"font-weight: 400;\" aria-level=\"1\">Camskip'nin kullan\u0131m\u0131 son derece kolayd\u0131r - tek ihtiyac\u0131n\u0131z olan bir web kameras\u0131 ve internet ba\u011flant\u0131s\u0131d\u0131r.<\/li>\n<li style=\"font-weight: 400;\" aria-level=\"1\">Camskip, yeni insanlarla tan\u0131\u015fma ve yabanc\u0131larla fl\u00f6rt etme yetene\u011fi de dahil olmak \u00fczere \u00e7ok \u00e7e\u015fitli \u00f6zellikler sunar.<\/li>\n<li style=\"font-weight: 400;\" aria-level=\"1\">Camskip birden fazla dilde mevcuttur, b\u00f6ylece d\u00fcnyan\u0131n her yerinden kullan\u0131c\u0131lar keyfini \u00e7\u0131karabilir.<\/li>\n<li style=\"font-weight: 400;\" aria-level=\"1\">Camskip s\u00fcrekli olarak yeni \u00f6zellikler eklemekte ve kullan\u0131c\u0131 deneyimini geli\u015ftirmektedir.<\/li>\n<\/ul>\n<p>Yeni insanlarla tan\u0131\u015fmak ve yabanc\u0131larla fl\u00f6rt etmek i\u00e7in e\u011flenceli ve kolay bir yol ar\u0131yorsan\u0131z, camskip kesinlikle g\u00f6z atmaya de\u011fer!<\/p>\n<h2>Camskip'ten en iyi \u015fekilde nas\u0131l yararlan\u0131l\u0131r<\/h2>\n<p>Hi\u00e7 \u015f\u00fcphe yok ki camskip yeni insanlarla tan\u0131\u015fmak ve yabanc\u0131larla fl\u00f6rt etmek i\u00e7in harika bir yoldur. Ancak bu sosyal a\u011f sitesinden ger\u00e7ekten en iyi \u015fekilde yararlanmak istiyorsan\u0131z, akl\u0131n\u0131zda bulundurman\u0131z gereken birka\u00e7 \u015fey var.<\/p>\n<p>\u00d6ncelikle, g\u00fcvende olmay\u0131 unutmay\u0131n. Tan\u0131mad\u0131\u011f\u0131n\u0131z hi\u00e7 kimseye ki\u015fisel bilgilerinizi vermeyin ve sohbet odalar\u0131nda s\u00f6yledikleriniz konusunda dikkatli olun. Di\u011fer u\u00e7ta kimin pusuya yatm\u0131\u015f olabilece\u011fini asla bilemezsiniz.<\/p>\n<p>\u0130kinci olarak, camskip'in sundu\u011fu t\u00fcm \u00f6zelliklerden yararlan\u0131n. Benzer ilgi alanlar\u0131na sahip ki\u015fileri bulmak, gruplara kat\u0131lmak ve tart\u0131\u015fmalara kat\u0131lmak i\u00e7in arama i\u015flevini kullan\u0131n. Ba\u015fkalar\u0131yla ne kadar \u00e7ok etkile\u015fime girerseniz, \u00f6zel birini bulma olas\u0131l\u0131\u011f\u0131n\u0131z o kadar artar.<\/p>\n<p>Son olarak, e\u011flenin! Fl\u00f6rt etmek ve yeni insanlarla tan\u0131\u015fmak \u00e7ok e\u011flenceli olabilir, bu y\u00fczden kendinizi \u00e7ok ciddiye almay\u0131n. Rahatlay\u0131n ve deneyimin tad\u0131n\u0131 \u00e7\u0131kar\u0131n, iyi vakit ge\u00e7irece\u011finizden emin olabilirsiniz.<\/p>\n<h2>Herhangi bir rastgele g\u00f6r\u00fcnt\u00fcl\u00fc sohbet platformunda ne t\u00fcr insanlar bekleyebilirsiniz?<\/h2>\n<p>Herhangi bir yerde kar\u015f\u0131la\u015faca\u011f\u0131n\u0131z insanlar <a href=\"https:\/\/strangercam.com\/tr\/chathub\/\">rastgele g\u00f6r\u00fcnt\u00fcl\u00fc sohbet<\/a> platform kar\u0131\u015f\u0131k bir \u00e7anta olacakt\u0131r. Baz\u0131lar\u0131 arkada\u015f canl\u0131s\u0131 ve a\u00e7\u0131k olurken, di\u011ferleri daha \u00e7ekingen olacakt\u0131r. Ayr\u0131ca, farkl\u0131 k\u00fclt\u00fcrler ve ge\u00e7mi\u015fler de dahil olmak \u00fczere hayat\u0131n her kesiminden insanlarla kar\u015f\u0131la\u015fabilirsiniz.<\/p>\n<p>A\u015fk ya da sadece biraz e\u011flence ar\u0131yorsan\u0131z, bunu kesinlikle camskip gibi rastgele bir g\u00f6r\u00fcnt\u00fcl\u00fc sohbet platformunda bulacaks\u0131n\u0131z. Bu platformlarda kiminle tan\u0131\u015faca\u011f\u0131n\u0131z\u0131 asla bilemezsiniz - d\u00fcnyan\u0131n herhangi bir yerinden tamamen yabanc\u0131 biri olabilir. Ancak kesin olan bir \u015fey var: camskip'te yeni insanlarla fl\u00f6rt etmek ve sohbet etmek \u00e7ok e\u011flenceli olacak.<\/p>\n<h2>Kullan\u0131m\u0131 G\u00fcvenli mi?<\/h2>\n<p>Yeni insanlarla tan\u0131\u015fmak ve yabanc\u0131larla fl\u00f6rt etmek i\u00e7in CamSkip'i kullanmay\u0131 d\u00fc\u015f\u00fcn\u00fcyorsan\u0131z, kullan\u0131m\u0131n\u0131n g\u00fcvenli olup olmad\u0131\u011f\u0131n\u0131 merak ediyor olabilirsiniz. Siteyi kullanarak olumlu bir deneyim ya\u015fayaca\u011f\u0131n\u0131z\u0131n garantisi olmasa da, g\u00fcvenli\u011finizi sa\u011flamaya yard\u0131mc\u0131 olmak i\u00e7in yapabilece\u011finiz baz\u0131 \u015feyler vard\u0131r. \u00d6ncelikle, sitenin g\u00fcvenlik ipu\u00e7lar\u0131n\u0131 okumak i\u00e7in biraz zaman ay\u0131r\u0131n. Bu ipu\u00e7lar\u0131, potansiyel tehlike alanlar\u0131ndan ka\u00e7\u0131nman\u0131za ve siteyi kullan\u0131rken nas\u0131l g\u00fcvende kalaca\u011f\u0131n\u0131z\u0131n fark\u0131nda olman\u0131za yard\u0131mc\u0131 olabilir. Ayr\u0131ca, yabanc\u0131larla yaln\u0131zca halka a\u00e7\u0131k yerlerde sohbet etti\u011finizden emin olun. Bu, istedi\u011finiz kadar g\u00fcvenilir olmayabilecek biriyle tan\u0131\u015fma riskini azaltmaya yard\u0131mc\u0131 olacakt\u0131r. Son olarak, i\u00e7g\u00fcd\u00fclerinize g\u00fcvenin. Sohbet etti\u011finiz bir ki\u015fide bir \u015feyler ters gidiyorsa, muhtemelen en iyisi ba\u015fka birine ge\u00e7mektir. Bu basit g\u00fcvenlik ipu\u00e7lar\u0131n\u0131 takip ederek CamSkip kullanma deneyiminizin olumlu olmas\u0131n\u0131 sa\u011flayabilirsiniz.<\/p>\n<h2>Rastgele g\u00f6r\u00fcnt\u00fcl\u00fc sohbet kullan\u0131rken \u00f6nleyici tedbirler<\/h2>\n<p>Rastgele g\u00f6r\u00fcnt\u00fcl\u00fc sohbet kullan\u0131rken, herhangi bir olumsuz deneyimi \u00f6nlemek i\u00e7in alabilece\u011finiz baz\u0131 \u00f6nlemler vard\u0131r. \u00d6ncelikle, yaln\u0131zca tan\u0131d\u0131\u011f\u0131n\u0131z ve g\u00fcvendi\u011finiz ki\u015filerle ba\u011flant\u0131 kurdu\u011funuzdan emin olun. Ba\u011fland\u0131\u011f\u0131n\u0131z ki\u015fiyi tan\u0131m\u0131yorsan\u0131z, \u00f6nce ara\u015ft\u0131rman\u0131z\u0131 yapt\u0131\u011f\u0131n\u0131zdan emin olun. \u0130kinci olarak, herhangi bir ki\u015fisel bilgiyi payla\u015fmaktan veya kimlik h\u0131rs\u0131zl\u0131\u011f\u0131na veya doland\u0131r\u0131c\u0131l\u0131\u011fa yol a\u00e7abilecek herhangi bir faaliyette bulunmaktan ka\u00e7\u0131n\u0131n. Son olarak, biriyle ilk kez y\u00fcz y\u00fcze tan\u0131\u015f\u0131rken her zaman dikkatli olun. M\u00fcmk\u00fcnse halka a\u00e7\u0131k bir yerde bulu\u015fun ve yan\u0131n\u0131za birini al\u0131n. Bu basit ipu\u00e7lar\u0131n\u0131 takip ederek, rastgele g\u00f6r\u00fcnt\u00fcl\u00fc sohbet deneyiminizin olumlu olmas\u0131n\u0131 sa\u011flayabilirsiniz.<\/p>\n<h2>Camskip'e alternatif<\/h2>\n<p>D\u0131\u015far\u0131da camskip i\u00e7in bir\u00e7ok alternatif var. \u0130ster daha fl\u00f6rt\u00f6z bir deneyim ar\u0131yor olun, ister sadece yeni insanlarla tan\u0131\u015fmak istiyor olun, sizin i\u00e7in bir se\u00e7enek var. \u0130\u015fte camskip'e en iyi alternatiflerden baz\u0131lar\u0131:<\/p>\n<ol>\n<li><a href=\"https:\/\/strangercam.com\/tr\/omegle\/\">Omegle<\/a>: Bu site, yabanc\u0131larla sohbet etmenize izin vermesi a\u00e7\u0131s\u0131ndan camskip'e benzer. Bununla birlikte, insanlarla fl\u00f6rt edebilece\u011finiz bir b\u00f6l\u00fcm\u00fc de vard\u0131r. Bu, daha fl\u00f6rt\u00f6z bir deneyim arayanlar i\u00e7in harika k\u0131lar.<\/li>\n<li>Chatrandom: Bu site, yabanc\u0131larla sohbet etmenize izin vermesi a\u00e7\u0131s\u0131ndan camskip'e benzer. Bununla birlikte, insanlarla fl\u00f6rt edebilece\u011finiz bir b\u00f6l\u00fcm\u00fc de vard\u0131r. Bu, daha fl\u00f6rt\u00f6z bir deneyim arayanlar i\u00e7in harika k\u0131lar.<\/li>\n<li>DirtyRoulette: Bu site, yabanc\u0131larla sohbet etmenize izin vermesi a\u00e7\u0131s\u0131ndan camskip'e benzer. Bununla birlikte, insanlarla fl\u00f6rt edebilece\u011finiz bir b\u00f6l\u00fcm\u00fc de vard\u0131r. Bu, daha fl\u00f6rt\u00f6z bir deneyim arayanlar i\u00e7in harika k\u0131lar.<\/li>\n<\/ol>\n<h2>Sonu\u00e7<\/h2>\n<p>\u0130nsanlarla tan\u0131\u015fmak ve yabanc\u0131larla fl\u00f6rt etmek i\u00e7in yeni bir yol ar\u0131yorsan\u0131z, camskip kesinlikle g\u00f6z atmaya de\u011fer. Kullan\u0131m\u0131 \u00fccretsiz ve gezinmesi kolay olan uygulama, \u00e7evrimi\u00e7i bulu\u015fmay\u0131 merak eden veya sadece d\u00fcnyan\u0131n her yerinden insanlarla sohbet etmek isteyen herkes i\u00e7in harika bir se\u00e7enektir. \u0130ster arkada\u015fl\u0131k ister daha fazlas\u0131n\u0131 ar\u0131yor olun, camskip g\u00fcvenli ve e\u011flenceli bir ortamda benzer d\u00fc\u015f\u00fcnen insanlarla ba\u011flant\u0131 kurman\u0131za yard\u0131mc\u0131 olabilir. \u00d6yleyse neden bug\u00fcn denemiyorsunuz?<\/p>","protected":false},"excerpt":{"rendered":"<p>Have you ever wished you could just skip past all the small talk and get to the fun part of meeting new people? Well, now there&#8217;s an app for that! Camskip is a new dating app that allows you to do just that &#8211; meet new people and flirt with strangers, without all the hassle. [&hellip;]<\/p>\n","protected":false},"author":6,"featured_media":559,"parent":0,"menu_order":0,"comment_status":"closed","ping_status":"closed","template":"","meta":{"footnotes":""},"class_list":["post-11194","page","type-page","status-publish","has-post-thumbnail","hentry"],"yoast_head":"<!-- This site is optimized with the Yoast SEO plugin v27.4 - https:\/\/yoast.com\/product\/yoast-seo-wordpress\/ -->\n<title>Camskip - Chat with strangers on StrangerCam.com<\/title>\n<meta name=\"description\" content=\"Like Camskip? Come chat with more than 5.000.000 strangers on Stranger Cam for Free! Turn on your cam and find new friends &amp; maby a match!\" \/>\n<meta name=\"robots\" content=\"index, follow, max-snippet:-1, max-image-preview:large, max-video-preview:-1\" \/>\n<link rel=\"canonical\" href=\"https:\/\/strangercam.com\/tr\/camskip\/\" \/>\n<meta property=\"og:locale\" content=\"tr_TR\" \/>\n<meta property=\"og:type\" content=\"article\" \/>\n<meta property=\"og:title\" content=\"Camskip - Chat with strangers on StrangerCam.com\" \/>\n<meta property=\"og:description\" content=\"Like Camskip? Come chat with more than 5.000.000 strangers on Stranger Cam for Free! Turn on your cam and find new friends &amp; maby a match!\" \/>\n<meta property=\"og:url\" content=\"https:\/\/strangercam.com\/tr\/camskip\/\" \/>\n<meta property=\"og:site_name\" content=\"Strangercam\" \/>\n<meta property=\"article:publisher\" content=\"https:\/\/www.facebook.com\/strangercam\" \/>\n<meta property=\"article:modified_time\" content=\"2023-08-21T09:40:39+00:00\" \/>\n<meta property=\"og:image\" content=\"https:\/\/strangercam.com\/wp-content\/uploads\/2020\/11\/stranger-cam-1.png\" \/>\n\t<meta property=\"og:image:width\" content=\"800\" \/>\n\t<meta property=\"og:image:height\" content=\"800\" \/>\n\t<meta property=\"og:image:type\" content=\"image\/png\" \/>\n<meta name=\"twitter:card\" content=\"summary_large_image\" \/>\n<meta name=\"twitter:site\" content=\"@strangercamapp\" \/>\n<meta name=\"twitter:label1\" content=\"Tahmini okuma s\u00fcresi\" \/>\n\t<meta name=\"twitter:data1\" content=\"7 dakika\" \/>\n<script type=\"application\/ld+json\" class=\"yoast-schema-graph\">{\"@context\":\"https:\\\/\\\/schema.org\",\"@graph\":[{\"@type\":\"WebPage\",\"@id\":\"https:\\\/\\\/strangercam.com\\\/camskip\\\/\",\"url\":\"https:\\\/\\\/strangercam.com\\\/camskip\\\/\",\"name\":\"Camskip - Chat with strangers on StrangerCam.com\",\"isPartOf\":{\"@id\":\"https:\\\/\\\/strangercam.com\\\/#website\"},\"primaryImageOfPage\":{\"@id\":\"https:\\\/\\\/strangercam.com\\\/camskip\\\/#primaryimage\"},\"image\":{\"@id\":\"https:\\\/\\\/strangercam.com\\\/camskip\\\/#primaryimage\"},\"thumbnailUrl\":\"https:\\\/\\\/strangercam.com\\\/wp-content\\\/uploads\\\/2020\\\/11\\\/stranger-cam-1.png\",\"datePublished\":\"2022-08-11T13:50:53+00:00\",\"dateModified\":\"2023-08-21T09:40:39+00:00\",\"description\":\"Like Camskip? Come chat with more than 5.000.000 strangers on Stranger Cam for Free! Turn on your cam and find new friends & maby a match!\",\"breadcrumb\":{\"@id\":\"https:\\\/\\\/strangercam.com\\\/camskip\\\/#breadcrumb\"},\"inLanguage\":\"tr\",\"potentialAction\":[{\"@type\":\"ReadAction\",\"target\":[\"https:\\\/\\\/strangercam.com\\\/camskip\\\/\"]}]},{\"@type\":\"ImageObject\",\"inLanguage\":\"tr\",\"@id\":\"https:\\\/\\\/strangercam.com\\\/camskip\\\/#primaryimage\",\"url\":\"https:\\\/\\\/strangercam.com\\\/wp-content\\\/uploads\\\/2020\\\/11\\\/stranger-cam-1.png\",\"contentUrl\":\"https:\\\/\\\/strangercam.com\\\/wp-content\\\/uploads\\\/2020\\\/11\\\/stranger-cam-1.png\",\"width\":800,\"height\":800,\"caption\":\"stranger cam random video chat\"},{\"@type\":\"BreadcrumbList\",\"@id\":\"https:\\\/\\\/strangercam.com\\\/camskip\\\/#breadcrumb\",\"itemListElement\":[{\"@type\":\"ListItem\",\"position\":1,\"name\":\"Home\",\"item\":\"https:\\\/\\\/strangercam.com\\\/\"},{\"@type\":\"ListItem\",\"position\":2,\"name\":\"Camskip\"}]},{\"@type\":\"WebSite\",\"@id\":\"https:\\\/\\\/strangercam.com\\\/#website\",\"url\":\"https:\\\/\\\/strangercam.com\\\/\",\"name\":\"Strangercam\",\"description\":\"Random Video Chat with Strangers\",\"publisher\":{\"@id\":\"https:\\\/\\\/strangercam.com\\\/#organization\"},\"alternateName\":\"Strangercam.com\",\"potentialAction\":[{\"@type\":\"SearchAction\",\"target\":{\"@type\":\"EntryPoint\",\"urlTemplate\":\"https:\\\/\\\/strangercam.com\\\/?s={search_term_string}\"},\"query-input\":{\"@type\":\"PropertyValueSpecification\",\"valueRequired\":true,\"valueName\":\"search_term_string\"}}],\"inLanguage\":\"tr\"},{\"@type\":\"Organization\",\"@id\":\"https:\\\/\\\/strangercam.com\\\/#organization\",\"name\":\"Strangercam\",\"alternateName\":\"Strangercam.com\",\"url\":\"https:\\\/\\\/strangercam.com\\\/\",\"logo\":{\"@type\":\"ImageObject\",\"inLanguage\":\"tr\",\"@id\":\"https:\\\/\\\/strangercam.com\\\/#\\\/schema\\\/logo\\\/image\\\/\",\"url\":\"https:\\\/\\\/strangercam.com\\\/wp-content\\\/uploads\\\/2020\\\/11\\\/cropped-new-favicon-black.png\",\"contentUrl\":\"https:\\\/\\\/strangercam.com\\\/wp-content\\\/uploads\\\/2020\\\/11\\\/cropped-new-favicon-black.png\",\"width\":512,\"height\":512,\"caption\":\"Strangercam\"},\"image\":{\"@id\":\"https:\\\/\\\/strangercam.com\\\/#\\\/schema\\\/logo\\\/image\\\/\"},\"sameAs\":[\"https:\\\/\\\/www.facebook.com\\\/strangercam\",\"https:\\\/\\\/x.com\\\/strangercamapp\"]}]}<\/script>\n<!-- \/ Yoast SEO plugin. -->","yoast_head_json":{"title":"Camskip - StrangerCam.com'da yabanc\u0131larla sohbet edin","description":"Camskip'yi be\u011fendiniz mi? Gelin Stranger Cam'de 5.000.000'dan fazla yabanc\u0131yla \u00dccretsiz sohbet edin! Kameran\u0131z\u0131 a\u00e7\u0131n ve yeni arkada\u015flar ve belki bir e\u015fle\u015fme bulun!","robots":{"index":"index","follow":"follow","max-snippet":"max-snippet:-1","max-image-preview":"max-image-preview:large","max-video-preview":"max-video-preview:-1"},"canonical":"https:\/\/strangercam.com\/tr\/camskip\/","og_locale":"tr_TR","og_type":"article","og_title":"Camskip - Chat with strangers on StrangerCam.com","og_description":"Like Camskip? Come chat with more than 5.000.000 strangers on Stranger Cam for Free! Turn on your cam and find new friends & maby a match!","og_url":"https:\/\/strangercam.com\/tr\/camskip\/","og_site_name":"Strangercam","article_publisher":"https:\/\/www.facebook.com\/strangercam","article_modified_time":"2023-08-21T09:40:39+00:00","og_image":[{"width":800,"height":800,"url":"https:\/\/strangercam.com\/wp-content\/uploads\/2020\/11\/stranger-cam-1.png","type":"image\/png"}],"twitter_card":"summary_large_image","twitter_site":"@strangercamapp","twitter_misc":{"Tahmini okuma s\u00fcresi":"7 dakika"},"schema":{"@context":"https:\/\/schema.org","@graph":[{"@type":"WebPage","@id":"https:\/\/strangercam.com\/camskip\/","url":"https:\/\/strangercam.com\/camskip\/","name":"Camskip - StrangerCam.com'da yabanc\u0131larla sohbet edin","isPartOf":{"@id":"https:\/\/strangercam.com\/#website"},"primaryImageOfPage":{"@id":"https:\/\/strangercam.com\/camskip\/#primaryimage"},"image":{"@id":"https:\/\/strangercam.com\/camskip\/#primaryimage"},"thumbnailUrl":"https:\/\/strangercam.com\/wp-content\/uploads\/2020\/11\/stranger-cam-1.png","datePublished":"2022-08-11T13:50:53+00:00","dateModified":"2023-08-21T09:40:39+00:00","description":"Camskip'yi be\u011fendiniz mi? Gelin Stranger Cam'de 5.000.000'dan fazla yabanc\u0131yla \u00dccretsiz sohbet edin! Kameran\u0131z\u0131 a\u00e7\u0131n ve yeni arkada\u015flar ve belki bir e\u015fle\u015fme bulun!","breadcrumb":{"@id":"https:\/\/strangercam.com\/camskip\/#breadcrumb"},"inLanguage":"tr","potentialAction":[{"@type":"ReadAction","target":["https:\/\/strangercam.com\/camskip\/"]}]},{"@type":"ImageObject","inLanguage":"tr","@id":"https:\/\/strangercam.com\/camskip\/#primaryimage","url":"https:\/\/strangercam.com\/wp-content\/uploads\/2020\/11\/stranger-cam-1.png","contentUrl":"https:\/\/strangercam.com\/wp-content\/uploads\/2020\/11\/stranger-cam-1.png","width":800,"height":800,"caption":"stranger cam random video chat"},{"@type":"BreadcrumbList","@id":"https:\/\/strangercam.com\/camskip\/#breadcrumb","itemListElement":[{"@type":"ListItem","position":1,"name":"Home","item":"https:\/\/strangercam.com\/"},{"@type":"ListItem","position":2,"name":"Camskip"}]},{"@type":"WebSite","@id":"https:\/\/strangercam.com\/#website","url":"https:\/\/strangercam.com\/","name":"Strangercam","description":"Yabanc\u0131larla Rastgele G\u00f6r\u00fcnt\u00fcl\u00fc Sohbet","publisher":{"@id":"https:\/\/strangercam.com\/#organization"},"alternateName":"Strangercam.com","potentialAction":[{"@type":"SearchAction","target":{"@type":"EntryPoint","urlTemplate":"https:\/\/strangercam.com\/?s={search_term_string}"},"query-input":{"@type":"PropertyValueSpecification","valueRequired":true,"valueName":"search_term_string"}}],"inLanguage":"tr"},{"@type":"Organization","@id":"https:\/\/strangercam.com\/#organization","name":"Strangercam","alternateName":"Strangercam.com","url":"https:\/\/strangercam.com\/","logo":{"@type":"ImageObject","inLanguage":"tr","@id":"https:\/\/strangercam.com\/#\/schema\/logo\/image\/","url":"https:\/\/strangercam.com\/wp-content\/uploads\/2020\/11\/cropped-new-favicon-black.png","contentUrl":"https:\/\/strangercam.com\/wp-content\/uploads\/2020\/11\/cropped-new-favicon-black.png","width":512,"height":512,"caption":"Strangercam"},"image":{"@id":"https:\/\/strangercam.com\/#\/schema\/logo\/image\/"},"sameAs":["https:\/\/www.facebook.com\/strangercam","https:\/\/x.com\/strangercamapp"]}]}},"_links":{"self":[{"href":"https:\/\/strangercam.com\/tr\/wp-json\/wp\/v2\/pages\/11194","targetHints":{"allow":["GET"]}}],"collection":[{"href":"https:\/\/strangercam.com\/tr\/wp-json\/wp\/v2\/pages"}],"about":[{"href":"https:\/\/strangercam.com\/tr\/wp-json\/wp\/v2\/types\/page"}],"author":[{"embeddable":true,"href":"https:\/\/strangercam.com\/tr\/wp-json\/wp\/v2\/users\/6"}],"replies":[{"embeddable":true,"href":"https:\/\/strangercam.com\/tr\/wp-json\/wp\/v2\/comments?post=11194"}],"version-history":[{"count":0,"href":"https:\/\/strangercam.com\/tr\/wp-json\/wp\/v2\/pages\/11194\/revisions"}],"wp:featuredmedia":[{"embeddable":true,"href":"https:\/\/strangercam.com\/tr\/wp-json\/wp\/v2\/media\/559"}],"wp:attachment":[{"href":"https:\/\/strangercam.com\/tr\/wp-json\/wp\/v2\/media?parent=11194"}],"curies":[{"name":"wp","href":"https:\/\/api.w.org\/{rel}","templated":true}]}}