{"id":11180,"date":"2022-08-11T15:28:24","date_gmt":"2022-08-11T13:28:24","guid":{"rendered":"https:\/\/strangercam.com\/?page_id=11180"},"modified":"2023-08-21T12:46:37","modified_gmt":"2023-08-21T10:46:37","slug":"randomskip","status":"publish","type":"page","link":"https:\/\/strangercam.com\/tr\/randomskip\/","title":{"rendered":"Randomskip"},"content":{"rendered":"<p>Bir \u00e7ok insan, bir \u00e7ok \u015fey yapman\u0131n yollar\u0131n\u0131 ar\u0131yor. <a href=\"https:\/\/strangercam.com\/tr\/coomeet\/\">tan\u0131\u015fmak<\/a> yeni insanlar ve <a href=\"https:\/\/strangercam.com\/tr\/flingster\/\">fl\u00f6rt<\/a> yabanc\u0131larla. Bu konuda size yard\u0131mc\u0131 olabilecek bir\u00e7ok web sitesi ve uygulama var, ancak hepsinin kendi kurallar\u0131 ve d\u00fczenlemeleri var. Randomskip ile yeni insanlarla tan\u0131\u015fabilir ve herhangi bir k\u0131s\u0131tlama olmadan yabanc\u0131larla fl\u00f6rt edebilirsiniz!<\/p>\n<h2>Randomskip nedir?<\/h2>\n<p>Randomskip, yeni insanlarla tan\u0131\u015fman\u0131za ve yabanc\u0131larla fl\u00f6rt etmenize olanak tan\u0131yan yeni bir web sitesidir. Siteyi kullanmak \u00fccretsizdir ve yeni insanlarla tan\u0131\u015fmak i\u00e7in kendi profilinizi olu\u015fturabilirsiniz.<\/p>\n<h2>randomskip Nas\u0131l Kullan\u0131l\u0131r<\/h2>\n<p>Yeni insanlarla tan\u0131\u015fmak ve yabanc\u0131larla fl\u00f6rt etmek istiyorsan\u0131z, randomskip sizin i\u00e7in m\u00fckemmel bir site! \u0130\u015fte sitemizi kendi yarar\u0131n\u0131za nas\u0131l kullanaca\u011f\u0131n\u0131z.<\/p>\n<p>\u00d6ncelikle, kendiniz hakk\u0131nda baz\u0131 temel bilgileri i\u00e7eren bir profil olu\u015fturun. Di\u011fer kullan\u0131c\u0131lar\u0131n neye benzedi\u011finizi g\u00f6rebilmesi i\u00e7in bir foto\u011fraf ekledi\u011finizden emin olun. Ard\u0131ndan sohbete ba\u015flayabilirsiniz, Randomskip size bir e\u015fle\u015fme bulacakt\u0131r.<\/p>\n<h2>Randomskip'te yabanc\u0131larla fl\u00f6rt edin<\/h2>\n<p>Hayat\u0131n\u0131za biraz heyecan katmak m\u0131 istiyorsunuz? Neden randomskip'te baz\u0131 yabanc\u0131larla fl\u00f6rt etmiyorsunuz? Yeni insanlarla tan\u0131\u015fmak ve biraz e\u011flenmek i\u00e7in harika bir yoldur. Ayr\u0131ca, sizi nereye g\u00f6t\u00fcrece\u011fini asla bilemezsiniz. \u00d6yleyse devam edin ve bir deneyin. Kim bilir, belki de m\u00fckemmel e\u015finizi bulursunuz.<\/p>\n<h2>Randomskip'in Art\u0131lar\u0131 ve Eksileri<\/h2>\n<p>Yeni insanlarla tan\u0131\u015fman\u0131n ve yabanc\u0131larla fl\u00f6rt etmenin pek \u00e7ok yolu var, ancak bunlar\u0131n hepsi e\u015fit yarat\u0131lmad\u0131. Randomskip, kullan\u0131c\u0131lar\u0131n bir e\u015fle\u015fme bulana kadar profilleri atlamas\u0131na izin vererek s\u00fcreci daha e\u011flenceli ve verimli hale getirmeye \u00e7al\u0131\u015fan yeni bir uygulamad\u0131r. Ama ger\u00e7ekten i\u015fe yar\u0131yor mu? Randomskip kullanman\u0131n art\u0131lar\u0131na ve eksilerine bir g\u00f6z atal\u0131m.<\/p>\n<h4>ARTILARI:<\/h4>\n<ul>\n<li style=\"font-weight: 400;\" aria-level=\"1\">K\u0131sa s\u00fcrede \u00e7ok say\u0131da yeni insanla tan\u0131\u015fabilirsiniz.<\/li>\n<li style=\"font-weight: 400;\" aria-level=\"1\">Fl\u00f6rt becerilerinizi geli\u015ftirmek i\u00e7in harika bir yoldur.<\/li>\n<li style=\"font-weight: 400;\" aria-level=\"1\">Kullan\u0131m\u0131 \u00fccretsizdir.<\/li>\n<\/ul>\n<h4>CONS:<\/h4>\n<ul>\n<li style=\"font-weight: 400;\" aria-level=\"1\">Baz\u0131 insanlar bu kavram\u0131 y\u00fczeysel veya \u00e7ocuk\u00e7a bulabilir.<\/li>\n<li style=\"font-weight: 400;\" aria-level=\"1\">Birini atlay\u0131p atlamayaca\u011f\u0131n\u0131za karar verirken yaln\u0131zca s\u0131n\u0131rl\u0131 miktarda bilgiye sahipsiniz.<\/li>\n<\/ul>\n<h2>Randomskip'ten en iyi \u015fekilde nas\u0131l yararlan\u0131l\u0131r?<\/h2>\n<p>Yeni insanlarla tan\u0131\u015fmak ve yabanc\u0131larla fl\u00f6rt etmek istiyorsan\u0131z, randomskip sizin i\u00e7in m\u00fckemmel bir yer! \u0130\u015fte deneyiminizden en iyi \u015fekilde nas\u0131l yararlanabilece\u011finize dair baz\u0131 ipu\u00e7lar\u0131:<\/p>\n<ul>\n<li style=\"font-weight: 400;\" aria-level=\"1\">A\u00e7\u0131k ve arkada\u015f canl\u0131s\u0131 olun. Tan\u0131mad\u0131\u011f\u0131n\u0131z biriyle sohbet ba\u015flatmaktan korkmay\u0131n.<\/li>\n<li style=\"font-weight: 400;\" aria-level=\"1\">Kendiniz olun. Ki\u015fili\u011finizin parlamas\u0131na izin verin ve dikkatleri \u00fczerinize \u00e7ekece\u011finizden emin olun.<\/li>\n<li style=\"font-weight: 400;\" aria-level=\"1\">Kullan\u0131n <a href=\"https:\/\/strangercam.com\/tr\/chatroulette\/\">sohbet<\/a> insanlar\u0131 daha iyi tan\u0131ma \u00f6zelli\u011fi. Fl\u00f6rt etmek e\u011flencelidir, ancak fl\u00f6rt etti\u011finiz ki\u015fiyle ger\u00e7ekten sohbet edebildi\u011finizde daha da e\u011flencelidir!<\/li>\n<li style=\"font-weight: 400;\" aria-level=\"1\">\u0130yi e\u011flenceler! Bunun e\u011flenceli bir deneyim olmas\u0131 gerekiyor, bu y\u00fczden keyfinize bak\u0131n!<\/li>\n<\/ul>\n<h2>Randomskip neden bu kadar pop\u00fcler rastgele g\u00f6r\u00fcnt\u00fcl\u00fc sohbet platformudur?<\/h2>\n<p>Randomskip'in bu kadar pop\u00fcler bir rastgele g\u00f6r\u00fcnt\u00fcl\u00fc sohbet platformu haline gelmesinin birka\u00e7 nedeni var. Birincisi ve en \u00f6nemlisi, kullan\u0131m\u0131 inan\u0131lmaz derecede kolayd\u0131r. \u0130htiyac\u0131n\u0131z olan tek \u015fey bir web kameras\u0131 ve bir internet ba\u011flant\u0131s\u0131 ve gitmeye haz\u0131rs\u0131n\u0131z.<\/p>\n<p>Pop\u00fclerli\u011finin bir ba\u015fka nedeni de yeni insanlarla tan\u0131\u015fmak ve yabanc\u0131larla fl\u00f6rt etmek i\u00e7in e\u015fsiz bir f\u0131rsat sunmas\u0131d\u0131r. Randomskip'te kiminle tan\u0131\u015faca\u011f\u0131n\u0131z\u0131 asla bilemezsiniz, bu da onu daha heyecanl\u0131 hale getirir.<\/p>\n<p>Son olarak, platformun kullan\u0131m\u0131 tamamen \u00fccretsizdir. Herhangi bir \u00fccret veya abonelik \u00f6deme konusunda endi\u015felenmenize gerek yok; sadece d\u00fcnyan\u0131n her yerinden yeni insanlarla tan\u0131\u015fma deneyiminin tad\u0131n\u0131 \u00e7\u0131kar\u0131n.<\/p>\n<h2>Kullan\u0131m\u0131 g\u00fcvenli mi?<\/h2>\n<p>Yeni insanlarla tan\u0131\u015fmak ve yabanc\u0131larla fl\u00f6rt etmek i\u00e7in randomskip uygulamas\u0131n\u0131 kullanmay\u0131 d\u00fc\u015f\u00fcn\u00fcyorsan\u0131z, kullan\u0131m\u0131n\u0131n g\u00fcvenli olup olmad\u0131\u011f\u0131n\u0131 merak ediyor olabilirsiniz. Uygulamay\u0131 kullan\u0131rken herhangi bir tehlikeyle kar\u015f\u0131la\u015fmayaca\u011f\u0131n\u0131z\u0131n garantisi olmasa da, g\u00fcvenli\u011finizi sa\u011flamaya yard\u0131mc\u0131 olmak i\u00e7in alabilece\u011finiz baz\u0131 \u00f6nlemler vard\u0131r. \u00d6ncelikle, yaln\u0131zca kendinizi rahat hissetti\u011finiz ve g\u00fcvendi\u011finiz ki\u015filerle sohbet edin. E\u011fer birisi sizi rahats\u0131z ederse, onu engelleyin ve uygulama y\u00f6neticilerine bildirin. Ayr\u0131ca, uygulamadan insanlarla ne zaman ve nerede bulu\u015faca\u011f\u0131n\u0131z\u0131 bir arkada\u015f\u0131n\u0131za veya aile \u00fcyenize bildirdi\u011finizden emin olun. Bu \u00f6nlemleri alarak, randomskip kullanma deneyiminizin g\u00fcvenli ve olumlu bir deneyim olmas\u0131n\u0131 sa\u011flayabilirsiniz.<\/p>\n<h2>Rondomskip'in alternatifleri<\/h2>\n<p>Rondomskip'e bir alternatif ar\u0131yorsan\u0131z, yeni insanlarla tan\u0131\u015fman\u0131n ve yabanc\u0131larla fl\u00f6rt etmenin bir\u00e7ok ba\u015fka yolu vard\u0131r. \u0130\u015fte favorilerimizden birka\u00e7\u0131:<\/p>\n<ol>\n<li>Chatrandom<\/li>\n<\/ol>\n<p>Chatrandom internetteki en pop\u00fcler sohbet sitelerinden biridir ve yeni insanlarla tan\u0131\u015fmak ve yabanc\u0131larla fl\u00f6rt etmek i\u00e7in m\u00fckemmeldir. Sitenin d\u00fcnyan\u0131n her yerinden milyonlarca kullan\u0131c\u0131s\u0131 vard\u0131r, bu nedenle nerede olursan\u0131z olun sohbet edecek birini bulaca\u011f\u0131n\u0131zdan emin olabilirsiniz.<\/p>\n<ol start=\"2\">\n<li><a href=\"https:\/\/strangercam.com\/tr\/omegle\/\">Omegle<\/a><\/li>\n<\/ol>\n<p>Omegle, yeni insanlarla tan\u0131\u015fmak ve yabanc\u0131larla fl\u00f6rt etmek i\u00e7in m\u00fckemmel olan bir ba\u015fka pop\u00fcler sohbet sitesidir. Sitenin d\u00fcnyan\u0131n her yerinden milyonlarca kullan\u0131c\u0131s\u0131 vard\u0131r, bu nedenle nerede olursan\u0131z olun sohbet edecek birini bulaca\u011f\u0131n\u0131zdan emin olabilirsiniz.<\/p>\n<ol start=\"3\">\n<li><a href=\"https:\/\/strangercam.com\/tr\/camsurf\/\">Camsurf<\/a><\/li>\n<\/ol>\n<p>Camsurf, yeni insanlarla tan\u0131\u015fmak ve yabanc\u0131larla fl\u00f6rt etmek i\u00e7in m\u00fckemmel olan web kameras\u0131 tabanl\u0131 bir sohbet sitesidir. Sitenin d\u00fcnyan\u0131n her yerinden milyonlarca kullan\u0131c\u0131s\u0131 vard\u0131r, bu nedenle nerede olursan\u0131z olun sohbet edecek birini bulaca\u011f\u0131n\u0131zdan emin olabilirsiniz.<\/p>\n<h2>Sonu\u00e7<\/h2>\n<p>Yeni insanlarla tan\u0131\u015fmak ve yabanc\u0131larla fl\u00f6rt etmek istiyorsan\u0131z, bunu yapmak i\u00e7in randomskip.com'dan daha iyi bir yer yoktur. Herhangi bir zamanda \u00e7evrimi\u00e7i olan binlerce kullan\u0131c\u0131yla, ilgi alanlar\u0131n\u0131z ne olursa olsun, sohbet etmek i\u00e7in ilgin\u00e7 birini bulaca\u011f\u0131n\u0131zdan emin olabilirsiniz. \u00d6yleyse ne bekliyorsunuz? Bug\u00fcn kaydolun ve yeni insanlarla tan\u0131\u015fmaya ba\u015flay\u0131n!<\/p>","protected":false},"excerpt":{"rendered":"<p>There are many people who are looking for ways to meet new people and flirt with strangers. There are a lot of websites and apps that can help you with this, but they all have their own set of rules and regulations. With randomskip, you can meet new people and flirt with strangers without any [&hellip;]<\/p>\n","protected":false},"author":6,"featured_media":559,"parent":0,"menu_order":0,"comment_status":"closed","ping_status":"closed","template":"","meta":{"footnotes":""},"class_list":["post-11180","page","type-page","status-publish","has-post-thumbnail","hentry"],"yoast_head":"<!-- This site is optimized with the Yoast SEO plugin v26.9 - https:\/\/yoast.com\/product\/yoast-seo-wordpress\/ -->\n<title>Randomskip - Chat with strangers on StrangerCam.com<\/title>\n<meta name=\"description\" content=\"Like Randomskip? Come chat with more than 5.000.000 strangers on Stranger Cam for Free! Turn on your cam and find new friends &amp; maby a match!\" \/>\n<meta name=\"robots\" content=\"index, follow, max-snippet:-1, max-image-preview:large, max-video-preview:-1\" \/>\n<link rel=\"canonical\" href=\"https:\/\/strangercam.com\/tr\/randomskip\/\" \/>\n<meta property=\"og:locale\" content=\"tr_TR\" \/>\n<meta property=\"og:type\" content=\"article\" \/>\n<meta property=\"og:title\" content=\"Randomskip - Chat with strangers on StrangerCam.com\" \/>\n<meta property=\"og:description\" content=\"Like Randomskip? Come chat with more than 5.000.000 strangers on Stranger Cam for Free! Turn on your cam and find new friends &amp; maby a match!\" \/>\n<meta property=\"og:url\" content=\"https:\/\/strangercam.com\/tr\/randomskip\/\" \/>\n<meta property=\"og:site_name\" content=\"Strangercam\" \/>\n<meta property=\"article:publisher\" content=\"https:\/\/www.facebook.com\/strangercam\" \/>\n<meta property=\"article:modified_time\" content=\"2023-08-21T10:46:37+00:00\" \/>\n<meta property=\"og:image\" content=\"https:\/\/strangercam.com\/wp-content\/uploads\/2020\/11\/stranger-cam-1.png\" \/>\n\t<meta property=\"og:image:width\" content=\"800\" \/>\n\t<meta property=\"og:image:height\" content=\"800\" \/>\n\t<meta property=\"og:image:type\" content=\"image\/png\" \/>\n<meta name=\"twitter:card\" content=\"summary_large_image\" \/>\n<meta name=\"twitter:site\" content=\"@strangercamapp\" \/>\n<meta name=\"twitter:label1\" content=\"Tahmini okuma s\u00fcresi\" \/>\n\t<meta name=\"twitter:data1\" content=\"5 dakika\" \/>\n<script type=\"application\/ld+json\" class=\"yoast-schema-graph\">{\"@context\":\"https:\/\/schema.org\",\"@graph\":[{\"@type\":\"WebPage\",\"@id\":\"https:\/\/strangercam.com\/randomskip\/\",\"url\":\"https:\/\/strangercam.com\/randomskip\/\",\"name\":\"Randomskip - Chat with strangers on StrangerCam.com\",\"isPartOf\":{\"@id\":\"https:\/\/strangercam.com\/#website\"},\"primaryImageOfPage\":{\"@id\":\"https:\/\/strangercam.com\/randomskip\/#primaryimage\"},\"image\":{\"@id\":\"https:\/\/strangercam.com\/randomskip\/#primaryimage\"},\"thumbnailUrl\":\"https:\/\/strangercam.com\/wp-content\/uploads\/2020\/11\/stranger-cam-1.png\",\"datePublished\":\"2022-08-11T13:28:24+00:00\",\"dateModified\":\"2023-08-21T10:46:37+00:00\",\"description\":\"Like Randomskip? Come chat with more than 5.000.000 strangers on Stranger Cam for Free! Turn on your cam and find new friends & maby a match!\",\"breadcrumb\":{\"@id\":\"https:\/\/strangercam.com\/randomskip\/#breadcrumb\"},\"inLanguage\":\"tr\",\"potentialAction\":[{\"@type\":\"ReadAction\",\"target\":[\"https:\/\/strangercam.com\/randomskip\/\"]}]},{\"@type\":\"ImageObject\",\"inLanguage\":\"tr\",\"@id\":\"https:\/\/strangercam.com\/randomskip\/#primaryimage\",\"url\":\"https:\/\/strangercam.com\/wp-content\/uploads\/2020\/11\/stranger-cam-1.png\",\"contentUrl\":\"https:\/\/strangercam.com\/wp-content\/uploads\/2020\/11\/stranger-cam-1.png\",\"width\":800,\"height\":800,\"caption\":\"stranger cam random video chat\"},{\"@type\":\"BreadcrumbList\",\"@id\":\"https:\/\/strangercam.com\/randomskip\/#breadcrumb\",\"itemListElement\":[{\"@type\":\"ListItem\",\"position\":1,\"name\":\"Home\",\"item\":\"https:\/\/strangercam.com\/\"},{\"@type\":\"ListItem\",\"position\":2,\"name\":\"Randomskip\"}]},{\"@type\":\"WebSite\",\"@id\":\"https:\/\/strangercam.com\/#website\",\"url\":\"https:\/\/strangercam.com\/\",\"name\":\"Strangercam\",\"description\":\"Random Video Chat with Strangers\",\"publisher\":{\"@id\":\"https:\/\/strangercam.com\/#organization\"},\"alternateName\":\"Strangercam.com\",\"potentialAction\":[{\"@type\":\"SearchAction\",\"target\":{\"@type\":\"EntryPoint\",\"urlTemplate\":\"https:\/\/strangercam.com\/?s={search_term_string}\"},\"query-input\":{\"@type\":\"PropertyValueSpecification\",\"valueRequired\":true,\"valueName\":\"search_term_string\"}}],\"inLanguage\":\"tr\"},{\"@type\":\"Organization\",\"@id\":\"https:\/\/strangercam.com\/#organization\",\"name\":\"Strangercam\",\"alternateName\":\"Strangercam.com\",\"url\":\"https:\/\/strangercam.com\/\",\"logo\":{\"@type\":\"ImageObject\",\"inLanguage\":\"tr\",\"@id\":\"https:\/\/strangercam.com\/#\/schema\/logo\/image\/\",\"url\":\"https:\/\/strangercam.com\/wp-content\/uploads\/2020\/11\/cropped-new-favicon-black.png\",\"contentUrl\":\"https:\/\/strangercam.com\/wp-content\/uploads\/2020\/11\/cropped-new-favicon-black.png\",\"width\":512,\"height\":512,\"caption\":\"Strangercam\"},\"image\":{\"@id\":\"https:\/\/strangercam.com\/#\/schema\/logo\/image\/\"},\"sameAs\":[\"https:\/\/www.facebook.com\/strangercam\",\"https:\/\/x.com\/strangercamapp\"]}]}<\/script>\n<!-- \/ Yoast SEO plugin. -->","yoast_head_json":{"title":"Randomskip - StrangerCam.com'da yabanc\u0131larla sohbet edin","description":"Randomskip'yi be\u011fendiniz mi? Gelin Stranger Cam'de 5.000.000'dan fazla yabanc\u0131yla \u00dccretsiz sohbet edin! Kameran\u0131z\u0131 a\u00e7\u0131n ve yeni arkada\u015flar ve belki bir e\u015fle\u015fme bulun!","robots":{"index":"index","follow":"follow","max-snippet":"max-snippet:-1","max-image-preview":"max-image-preview:large","max-video-preview":"max-video-preview:-1"},"canonical":"https:\/\/strangercam.com\/tr\/randomskip\/","og_locale":"tr_TR","og_type":"article","og_title":"Randomskip - Chat with strangers on StrangerCam.com","og_description":"Like Randomskip? Come chat with more than 5.000.000 strangers on Stranger Cam for Free! Turn on your cam and find new friends & maby a match!","og_url":"https:\/\/strangercam.com\/tr\/randomskip\/","og_site_name":"Strangercam","article_publisher":"https:\/\/www.facebook.com\/strangercam","article_modified_time":"2023-08-21T10:46:37+00:00","og_image":[{"width":800,"height":800,"url":"https:\/\/strangercam.com\/wp-content\/uploads\/2020\/11\/stranger-cam-1.png","type":"image\/png"}],"twitter_card":"summary_large_image","twitter_site":"@strangercamapp","twitter_misc":{"Tahmini okuma s\u00fcresi":"5 dakika"},"schema":{"@context":"https:\/\/schema.org","@graph":[{"@type":"WebPage","@id":"https:\/\/strangercam.com\/randomskip\/","url":"https:\/\/strangercam.com\/randomskip\/","name":"Randomskip - StrangerCam.com'da yabanc\u0131larla sohbet edin","isPartOf":{"@id":"https:\/\/strangercam.com\/#website"},"primaryImageOfPage":{"@id":"https:\/\/strangercam.com\/randomskip\/#primaryimage"},"image":{"@id":"https:\/\/strangercam.com\/randomskip\/#primaryimage"},"thumbnailUrl":"https:\/\/strangercam.com\/wp-content\/uploads\/2020\/11\/stranger-cam-1.png","datePublished":"2022-08-11T13:28:24+00:00","dateModified":"2023-08-21T10:46:37+00:00","description":"Randomskip'yi be\u011fendiniz mi? Gelin Stranger Cam'de 5.000.000'dan fazla yabanc\u0131yla \u00dccretsiz sohbet edin! Kameran\u0131z\u0131 a\u00e7\u0131n ve yeni arkada\u015flar ve belki bir e\u015fle\u015fme bulun!","breadcrumb":{"@id":"https:\/\/strangercam.com\/randomskip\/#breadcrumb"},"inLanguage":"tr","potentialAction":[{"@type":"ReadAction","target":["https:\/\/strangercam.com\/randomskip\/"]}]},{"@type":"ImageObject","inLanguage":"tr","@id":"https:\/\/strangercam.com\/randomskip\/#primaryimage","url":"https:\/\/strangercam.com\/wp-content\/uploads\/2020\/11\/stranger-cam-1.png","contentUrl":"https:\/\/strangercam.com\/wp-content\/uploads\/2020\/11\/stranger-cam-1.png","width":800,"height":800,"caption":"stranger cam random video chat"},{"@type":"BreadcrumbList","@id":"https:\/\/strangercam.com\/randomskip\/#breadcrumb","itemListElement":[{"@type":"ListItem","position":1,"name":"Home","item":"https:\/\/strangercam.com\/"},{"@type":"ListItem","position":2,"name":"Randomskip"}]},{"@type":"WebSite","@id":"https:\/\/strangercam.com\/#website","url":"https:\/\/strangercam.com\/","name":"Strangercam","description":"Yabanc\u0131larla Rastgele G\u00f6r\u00fcnt\u00fcl\u00fc Sohbet","publisher":{"@id":"https:\/\/strangercam.com\/#organization"},"alternateName":"Strangercam.com","potentialAction":[{"@type":"SearchAction","target":{"@type":"EntryPoint","urlTemplate":"https:\/\/strangercam.com\/?s={search_term_string}"},"query-input":{"@type":"PropertyValueSpecification","valueRequired":true,"valueName":"search_term_string"}}],"inLanguage":"tr"},{"@type":"Organization","@id":"https:\/\/strangercam.com\/#organization","name":"Strangercam","alternateName":"Strangercam.com","url":"https:\/\/strangercam.com\/","logo":{"@type":"ImageObject","inLanguage":"tr","@id":"https:\/\/strangercam.com\/#\/schema\/logo\/image\/","url":"https:\/\/strangercam.com\/wp-content\/uploads\/2020\/11\/cropped-new-favicon-black.png","contentUrl":"https:\/\/strangercam.com\/wp-content\/uploads\/2020\/11\/cropped-new-favicon-black.png","width":512,"height":512,"caption":"Strangercam"},"image":{"@id":"https:\/\/strangercam.com\/#\/schema\/logo\/image\/"},"sameAs":["https:\/\/www.facebook.com\/strangercam","https:\/\/x.com\/strangercamapp"]}]}},"_links":{"self":[{"href":"https:\/\/strangercam.com\/tr\/wp-json\/wp\/v2\/pages\/11180","targetHints":{"allow":["GET"]}}],"collection":[{"href":"https:\/\/strangercam.com\/tr\/wp-json\/wp\/v2\/pages"}],"about":[{"href":"https:\/\/strangercam.com\/tr\/wp-json\/wp\/v2\/types\/page"}],"author":[{"embeddable":true,"href":"https:\/\/strangercam.com\/tr\/wp-json\/wp\/v2\/users\/6"}],"replies":[{"embeddable":true,"href":"https:\/\/strangercam.com\/tr\/wp-json\/wp\/v2\/comments?post=11180"}],"version-history":[{"count":0,"href":"https:\/\/strangercam.com\/tr\/wp-json\/wp\/v2\/pages\/11180\/revisions"}],"wp:featuredmedia":[{"embeddable":true,"href":"https:\/\/strangercam.com\/tr\/wp-json\/wp\/v2\/media\/559"}],"wp:attachment":[{"href":"https:\/\/strangercam.com\/tr\/wp-json\/wp\/v2\/media?parent=11180"}],"curies":[{"name":"wp","href":"https:\/\/api.w.org\/{rel}","templated":true}]}}