{"id":11167,"date":"2022-08-11T15:18:17","date_gmt":"2022-08-11T13:18:17","guid":{"rendered":"https:\/\/strangercam.com\/?page_id=11167"},"modified":"2023-08-21T12:48:49","modified_gmt":"2023-08-21T10:48:49","slug":"ulive-sohbet","status":"publish","type":"page","link":"https:\/\/strangercam.com\/tr\/ulive-chat\/","title":{"rendered":"Ulive Chat"},"content":{"rendered":"<p>Sosyal mesafenin artt\u0131\u011f\u0131 bu g\u00fcnlerde, ba\u015fkalar\u0131yla ba\u011flant\u0131 kurman\u0131n yollar\u0131n\u0131 bulmak zor olabilir. Ancak yabanc\u0131larla konu\u015fmak i\u00e7in her zaman gidebilece\u011finiz bir yer var: ulive-chat. ulive-chat'te \u015funlar\u0131 yapabilirsiniz <a href=\"https:\/\/strangercam.com\/tr\/chatroulette\/\">sohbet<\/a> d\u00fcnyan\u0131n d\u00f6rt bir yan\u0131ndan gelen insanlarla her \u015fey ve her \u015fey hakk\u0131nda. \u00d6yleyse gelin ve ba\u015flay\u0131n <a href=\"https:\/\/strangercam.com\/tr\/chatingly\/\">sohbet<\/a>!<\/p>\n<h2>Ulive chat nedir?<\/h2>\n<p>ulive-chat, kullan\u0131c\u0131lar\u0131n 10 saniyelik k\u0131sa mesajlarla birbirleriyle ba\u011flant\u0131 kurmalar\u0131n\u0131 sa\u011flayan yeni bir sosyal medya platformudur. <a href=\"https:\/\/strangercam.com\/tr\/rabbit-video-chat\/\">Video<\/a> sohbetler. Bu harika bir yol <a href=\"https:\/\/strangercam.com\/tr\/coomeet\/\">tan\u0131\u015fmak<\/a> yeni insanlar ve d\u00fcnyan\u0131n her yerinden arkada\u015flar edinin. En sevdi\u011finiz TV program\u0131, en son haberler veya sadece akl\u0131n\u0131zdan ge\u00e7enler olsun, istedi\u011finiz her \u015fey hakk\u0131nda konu\u015fmak i\u00e7in ulive-chat'i kullanabilirsiniz.<\/p>\n<h2>Ulive chat'te sohbet nas\u0131l ba\u015flat\u0131l\u0131r<\/h2>\n<p>Kendinizi yaln\u0131z hissediyorsan\u0131z ve biriyle konu\u015fmak istiyorsan\u0131z, ulive-chat harika bir se\u00e7enektir. Sizi d\u00fcnyan\u0131n her yerinden insanlarla bulu\u015fturan bir sohbet hizmetidir, b\u00f6ylece yeni arkada\u015flar edinebilir ve yeni k\u00fclt\u00fcrler hakk\u0131nda bilgi edinebilirsiniz. \u0130\u015fte ulive-chat'te nas\u0131l sohbet ba\u015flat\u0131laca\u011f\u0131:<\/p>\n<ol>\n<li>ulive-chat web sitesine gidin ve bir hesap olu\u015fturun.<\/li>\n<li>Giri\u015f yapt\u0131ktan sonra, \"Sohbete Ba\u015fla\" d\u00fc\u011fmesine t\u0131klay\u0131n.<\/li>\n<li>\u015eu anda \u00e7evrimi\u00e7i olan ki\u015filerin bir listesi g\u00f6r\u00fcnecektir. Sohbet etmek istedi\u011finiz ki\u015fiyi se\u00e7in ve ad\u0131na t\u0131klay\u0131n.<\/li>\n<li>Yeni bir sohbet penceresi a\u00e7\u0131lacakt\u0131r. Yeni arkada\u015f\u0131n\u0131zla sohbete ba\u015flay\u0131n!<\/li>\n<\/ol>\n<h2>Ulive chat'te yabanc\u0131larla ne konu\u015fulur?<\/h2>\n<p>E\u011fer ulive-chat'te yabanc\u0131larla konu\u015facak bir \u015feyler ar\u0131yorsan\u0131z, i\u015fte size baz\u0131 fikirler:<\/p>\n<ul>\n<li style=\"font-weight: 400;\" aria-level=\"1\">Kendinizi tan\u0131t\u0131n ve kar\u015f\u0131n\u0131zdaki ki\u015fiye ad\u0131n\u0131n ne oldu\u011funu sorun?<\/li>\n<li style=\"font-weight: 400;\" aria-level=\"1\">Nereliler?<\/li>\n<li style=\"font-weight: 400;\" aria-level=\"1\">Ne i\u015f yap\u0131yorlar?<\/li>\n<li style=\"font-weight: 400;\" aria-level=\"1\">Hobileri nelerdir?<\/li>\n<li style=\"font-weight: 400;\" aria-level=\"1\">Evcil hayvanlar\u0131 var m\u0131?<\/li>\n<li style=\"font-weight: 400;\" aria-level=\"1\">En sevdikleri m\u00fczik\/film\/tv program\u0131 nedir?<\/li>\n<li style=\"font-weight: 400;\" aria-level=\"1\">Hayatlar\u0131ndaki en g\u00fczel g\u00fcn hangisiydi?<\/li>\n<li style=\"font-weight: 400;\" aria-level=\"1\">En b\u00fcy\u00fck korkular\u0131 nedir?<\/li>\n<li style=\"font-weight: 400;\" aria-level=\"1\">En b\u00fcy\u00fck ba\u015far\u0131lar\u0131 nedir?<\/li>\n<li style=\"font-weight: 400;\" aria-level=\"1\">Tuhaf yetenekleri var m\u0131?<\/li>\n<li style=\"font-weight: 400;\" aria-level=\"1\">\u015eimdiye kadar ald\u0131klar\u0131 en iyi tavsiye nedir?<\/li>\n<\/ul>\n<h2>Canl\u0131 sohbetin art\u0131lar\u0131 ve eksileri<\/h2>\n<p>ulive-chat, kullan\u0131c\u0131lar\u0131n birbirleriyle ger\u00e7ek zamanl\u0131 olarak ileti\u015fim kurmalar\u0131n\u0131 sa\u011flayan bir sosyal a\u011f sitesidir. Site birka\u00e7 y\u0131ld\u0131r varl\u0131\u011f\u0131n\u0131 s\u00fcrd\u00fcrmektedir ve sad\u0131k bir kullan\u0131c\u0131 kitlesi kazanm\u0131\u015ft\u0131r. Ancak, t\u00fcm sosyal a\u011f sitelerinde oldu\u011fu gibi, ulive-chat kullanman\u0131n art\u0131lar\u0131 ve eksileri vard\u0131r.<\/p>\n<p>Ulive-chat kullanman\u0131n art\u0131lar\u0131 aras\u0131nda \u015funlar yer al\u0131r:<\/p>\n<ul>\n<li style=\"font-weight: 400;\" aria-level=\"1\">Sitenin kullan\u0131m\u0131 ve gezinmesi kolayd\u0131r.<\/li>\n<li style=\"font-weight: 400;\" aria-level=\"1\">Kullan\u0131c\u0131lar birbirleriyle ger\u00e7ek zamanl\u0131 olarak ileti\u015fim kurabilir.<\/li>\n<li style=\"font-weight: 400;\" aria-level=\"1\">Site, sad\u0131k bir kullan\u0131c\u0131 kitlesine sahiptir.<\/li>\n<li style=\"font-weight: 400;\" aria-level=\"1\">Site \u015fu \u015fekildedir <a href=\"https:\/\/strangercam.com\/tr\/chat4free\/\">\u00fccretsiz<\/a> kullanmak i\u00e7in.<\/li>\n<\/ul>\n<p>Ulive-chat kullanman\u0131n dezavantajlar\u0131 aras\u0131nda a\u015fa\u011f\u0131dakiler yer al\u0131r:<\/p>\n<ul>\n<li style=\"font-weight: 400;\" aria-level=\"1\">Baz\u0131 kullan\u0131c\u0131lar sitenin zaman zaman aksad\u0131\u011f\u0131n\u0131 ve yava\u015f oldu\u011funu bildirmi\u015ftir.<\/li>\n<li style=\"font-weight: 400;\" aria-level=\"1\">Di\u011fer kullan\u0131c\u0131lar\u0131n kimli\u011fini do\u011frulaman\u0131n bir yolu yoktur, bu nedenle doland\u0131r\u0131c\u0131l\u0131k veya sahtekarl\u0131k potansiyeli vard\u0131r.<\/li>\n<li style=\"font-weight: 400;\" aria-level=\"1\">Baz\u0131 kullan\u0131c\u0131lar sitenin aray\u00fcz\u00fcn\u00fcn olabildi\u011fince kullan\u0131c\u0131 dostu olmad\u0131\u011f\u0131ndan \u015fikayet\u00e7i.<\/li>\n<\/ul>\n<h2>Neden ulive chat bu kadar pop\u00fcler rastgele g\u00f6r\u00fcnt\u00fcl\u00fc sohbet platformudur?<\/h2>\n<p>ulive-chat, birka\u00e7 nedenden dolay\u0131 pop\u00fcler bir rastgele g\u00f6r\u00fcnt\u00fcl\u00fc sohbet platformudur. \u0130lk olarak, kullan\u0131m\u0131 kolayd\u0131r ve herhangi bir kay\u0131t gerektirmez. \u0130kincisi, kullan\u0131c\u0131lar\u0131n deneyimlerini \u00f6zelle\u015ftirmelerine olanak tan\u0131yan \u00e7ok \u00e7e\u015fitli \u00f6zellikler sunar. Son olarak, her zaman yeni ba\u015flayanlara yard\u0131m etmeye istekli olan g\u00fc\u00e7l\u00fc bir kullan\u0131c\u0131 toplulu\u011funa sahiptir.<\/p>\n<h2>Ulive chat'te bir sohbet nas\u0131l sonland\u0131r\u0131l\u0131r<\/h2>\n<p>ulive-chat'te biriyle konu\u015fman\u0131z bittiyse, \"sohbeti sonland\u0131r\" d\u00fc\u011fmesine t\u0131klaman\u0131z yeterlidir. Bu, sohbeti sonland\u0131racak ve sizi ana ulive-chat sayfas\u0131na geri g\u00f6t\u00fcrecektir.<\/p>\n<h2>Ulive chat'te yabanc\u0131larla konu\u015fman\u0131n faydalar\u0131<\/h2>\n<p>\"Yabanc\u0131larla konu\u015fmak iyidir\" s\u00f6z\u00fcn\u00fc hepimiz biliriz. Ve bunda \u00e7ok fazla do\u011fruluk pay\u0131 vard\u0131r. Yabanc\u0131larla konu\u015fmak, konfor alan\u0131n\u0131zdan \u00e7\u0131kmak ve yeni insanlarla tan\u0131\u015fmak i\u00e7in harika bir yol olabilir. Peki ya bir yabanc\u0131yla sohbete nas\u0131l ba\u015flayaca\u011f\u0131n\u0131zdan emin de\u011filseniz? \u0130\u015fte ulive-chat burada devreye giriyor.<\/p>\n<p>ulive-chat, d\u00fcnyan\u0131n her yerinden yabanc\u0131larla sohbet etmenizi sa\u011flayan bir web sitesidir. Sosyal becerilerinizi geli\u015ftirmek ve farkl\u0131 k\u00fclt\u00fcrlerden insanlar\u0131 tan\u0131mak i\u00e7in harika bir yoldur. Ve hepsinden iyisi, tamamen \u00fccretsiz!<\/p>\n<p>\u00d6yleyse neden denemiyorsunuz? Yabanc\u0131larla konu\u015fman\u0131n d\u00fc\u015f\u00fcnd\u00fc\u011f\u00fcn\u00fczden daha e\u011flenceli oldu\u011funu fark edebilirsiniz!<\/p>\n<h2>Canl\u0131 sohbetten en iyi \u015fekilde nas\u0131l yararlan\u0131l\u0131r?<\/h2>\n<p>ulive-chat yabanc\u0131larla konu\u015fmak ve yeni arkada\u015flar edinmek i\u00e7in harika bir platformdur. \u0130\u015fte ulive-chat deneyiminizden en iyi \u015fekilde yararlanman\u0131z i\u00e7in baz\u0131 ipu\u00e7lar\u0131:<\/p>\n<ol>\n<li>A\u00e7\u0131k ve arkada\u015f canl\u0131s\u0131 olun. Kimse huysuz biriyle konu\u015fmak istemez, bu y\u00fczden y\u00fcz\u00fcn\u00fcze bir g\u00fcl\u00fcmseme yerle\u015ftirin ve sohbet etmeye haz\u0131r olun.<\/li>\n<li>Sohbeti ba\u015flatmaktan korkmay\u0131n. Aradaki buzlar\u0131 eritmek zor olabilir, ancak di\u011fer herkesin de ayn\u0131 gemide oldu\u011funu unutmay\u0131n. Sadece merhaba deyin ve sohbetin sizi nereye g\u00f6t\u00fcrece\u011fini g\u00f6r\u00fcn.<\/li>\n<li>Sorular sorun. \u0130nsanlar kendileri hakk\u0131nda konu\u015fmay\u0131 severler, bu nedenle kar\u015f\u0131n\u0131zdakini konu\u015fturmak i\u00e7in bol bol soru sorun. Bu \u015fekilde onlar hakk\u0131nda her t\u00fcrl\u00fc ilgin\u00e7 \u015feyi \u00f6\u011freneceksiniz.<\/li>\n<li>Aktif bir dinleyici olun. Kar\u015f\u0131n\u0131zdaki ki\u015finin s\u00f6ylediklerine ger\u00e7ekten dikkat edin ve onunla h\u0131zl\u0131 bir \u015fekilde yak\u0131nl\u0131k kurun.<\/li>\n<li>Keyfinize bak\u0131n! Yabanc\u0131larla konu\u015fmak \u00e7ok e\u011flenceli olabilir, bu y\u00fczden rahatlay\u0131n ve deneyimin tad\u0131n\u0131 \u00e7\u0131kar\u0131n.<\/li>\n<\/ol>\n<h2>Ulive chat'te yabanc\u0131larla konu\u015fman\u0131n riskleri<\/h2>\n<p>Canl\u0131 sohbette biriyle konu\u015furken, onun kim oldu\u011fundan asla tam olarak emin olamazs\u0131n\u0131z. D\u00fcnyan\u0131n herhangi bir yerinden herhangi biri olabilirler ve niyetlerinin ne oldu\u011funu bilemezsiniz. Yeni insanlarla tan\u0131\u015fmak ve e\u011flenceli sohbetler yapmak harika olsa da, yabanc\u0131larla \u00e7evrimi\u00e7i konu\u015fman\u0131n i\u00e7erdi\u011fi risklerin fark\u0131nda olman\u0131z gerekir. \u0130\u015fte ak\u0131lda tutulmas\u0131 gereken baz\u0131 \u015feyler:<\/p>\n<ol>\n<li>Kim olduklar\u0131n\u0131 bilmiyorsunuz. Konu\u015ftu\u011funuz ki\u015fi kimli\u011fi hakk\u0131nda yalan s\u00f6yl\u00fcyor olabilir. Olmad\u0131klar\u0131 biri gibi davran\u0131yor olabilirler veya sahte bir profil resmi kullan\u0131yor olabilirler. Tan\u0131mad\u0131\u011f\u0131n\u0131z biriyle ki\u015fisel bilgilerinizi payla\u015fma konusunda dikkatli olun.<\/li>\n<li>Sizi doland\u0131rmaya \u00e7al\u0131\u015f\u0131yor olabilirler. Ne yaz\u0131k ki, ba\u015fkalar\u0131n\u0131 para g\u00f6ndermeleri veya ki\u015fisel bilgilerini payla\u015fmalar\u0131 i\u00e7in kand\u0131rarak onlardan yararlanmaya \u00e7al\u0131\u015fan insanlar var. E\u011fer ulive-chat'te birisi sizden para veya kredi kart\u0131 numaran\u0131z\u0131 isterse, dikkatli olun!<\/li>\n<li>Kendiniz hakk\u0131nda \u00e7ok fazla \u015fey anlat\u0131yor olabilirsiniz. Tan\u0131mad\u0131\u011f\u0131n\u0131z biriyle konu\u015furken, kendinizi sohbete kapt\u0131rmak ve ama\u00e7lad\u0131\u011f\u0131n\u0131zdan daha fazlas\u0131n\u0131 a\u00e7\u0131klamak kolayd\u0131r. Ne payla\u015ft\u0131\u011f\u0131n\u0131za dikkat edin ve kendinizi ele vermeyin.<\/li>\n<\/ol>\n<h2>Kullan\u0131m\u0131 g\u00fcvenli mi?<\/h2>\n<p>Yabanc\u0131larla konu\u015fmak i\u00e7in ulive-chat'i kullanman\u0131n g\u00fcvenli olup olmad\u0131\u011f\u0131n\u0131 merak ediyorsan\u0131z, cevap: de\u011fi\u015fir. ulive-chat, yaln\u0131zca 18 ya\u015f\u0131n \u00fczerindeki kullan\u0131c\u0131lar\u0131n siteyi kullanmas\u0131na izin vermek gibi baz\u0131 g\u00fcvenlik \u00f6nlemlerine sahip olsa da, \u00e7evrimi\u00e7i olarak tan\u0131mad\u0131\u011f\u0131n\u0131z ki\u015filerle konu\u015furken her zaman bir risk vard\u0131r.<\/p>\n<p>Bununla birlikte, sa\u011fduyulu davran\u0131rsan\u0131z ve ki\u015fisel bilgilerinizi payla\u015fmamak veya yabanc\u0131larla y\u00fcz y\u00fcze g\u00f6r\u00fc\u015fmemek gibi baz\u0131 temel \u00f6nlemleri al\u0131rsan\u0131z, g\u00fcvende olursunuz. Risklerin fark\u0131nda oldu\u011funuz s\u00fcrece, yabanc\u0131larla konu\u015fmak i\u00e7in ulive-chat kullanmak e\u011flenceli ve ilgin\u00e7 bir deneyim olabilir.<\/p>\n<h2>Sonu\u00e7<\/h2>\n<p>Yeni insanlarla ba\u011flant\u0131 kurman\u0131n e\u011flenceli ve kolay bir yolunu ar\u0131yorsan\u0131z, ulive-chat kesinlikle g\u00f6z atmaya de\u011fer. Bunun en iyi yan\u0131, ulive-chat'te yabanc\u0131lar\u0131n olmamas\u0131d\u0131r - herkes sohbet etmek ve iyi vakit ge\u00e7irmek i\u00e7in oradad\u0131r. \u00d6yleyse devam edin ve bir deneyin - kendinizi yeni arkada\u015flar edinirken bulabilirsiniz.<\/p>","protected":false},"excerpt":{"rendered":"<p>In these days of social distancing, it can be hard to find ways to connect with others. But there&#8217;s one place you can always go to talk with strangers: ulive-chat. On ulive-chat, you can chat with people from all over the world about anything and everything. So come on in and start chatting! What is [&hellip;]<\/p>\n","protected":false},"author":6,"featured_media":559,"parent":0,"menu_order":0,"comment_status":"closed","ping_status":"closed","template":"","meta":{"footnotes":""},"class_list":["post-11167","page","type-page","status-publish","has-post-thumbnail","hentry"],"yoast_head":"<!-- This site is optimized with the Yoast SEO plugin v27.4 - https:\/\/yoast.com\/product\/yoast-seo-wordpress\/ -->\n<title>Ulive Chat - Chat with strangers on StrangerCam.com<\/title>\n<meta name=\"description\" content=\"Like Ulive Chat? Come chat with more than 5.000.000 strangers on Stranger Cam for Free! Turn on your cam and find new friends &amp; maby a match!\" \/>\n<meta name=\"robots\" content=\"index, follow, max-snippet:-1, max-image-preview:large, max-video-preview:-1\" \/>\n<link rel=\"canonical\" href=\"https:\/\/strangercam.com\/tr\/ulive-sohbet\/\" \/>\n<meta property=\"og:locale\" content=\"tr_TR\" \/>\n<meta property=\"og:type\" content=\"article\" \/>\n<meta property=\"og:title\" content=\"Ulive Chat - Chat with strangers on StrangerCam.com\" \/>\n<meta property=\"og:description\" content=\"Like Ulive Chat? Come chat with more than 5.000.000 strangers on Stranger Cam for Free! Turn on your cam and find new friends &amp; maby a match!\" \/>\n<meta property=\"og:url\" content=\"https:\/\/strangercam.com\/tr\/ulive-sohbet\/\" \/>\n<meta property=\"og:site_name\" content=\"Strangercam\" \/>\n<meta property=\"article:publisher\" content=\"https:\/\/www.facebook.com\/strangercam\" \/>\n<meta property=\"article:modified_time\" content=\"2023-08-21T10:48:49+00:00\" \/>\n<meta property=\"og:image\" content=\"https:\/\/strangercam.com\/wp-content\/uploads\/2020\/11\/stranger-cam-1.png\" \/>\n\t<meta property=\"og:image:width\" content=\"800\" \/>\n\t<meta property=\"og:image:height\" content=\"800\" \/>\n\t<meta property=\"og:image:type\" content=\"image\/png\" \/>\n<meta name=\"twitter:card\" content=\"summary_large_image\" \/>\n<meta name=\"twitter:site\" content=\"@strangercamapp\" \/>\n<meta name=\"twitter:label1\" content=\"Tahmini okuma s\u00fcresi\" \/>\n\t<meta name=\"twitter:data1\" content=\"6 dakika\" \/>\n<script type=\"application\/ld+json\" class=\"yoast-schema-graph\">{\"@context\":\"https:\\\/\\\/schema.org\",\"@graph\":[{\"@type\":\"WebPage\",\"@id\":\"https:\\\/\\\/strangercam.com\\\/ulive-chat\\\/\",\"url\":\"https:\\\/\\\/strangercam.com\\\/ulive-chat\\\/\",\"name\":\"Ulive Chat - Chat with strangers on StrangerCam.com\",\"isPartOf\":{\"@id\":\"https:\\\/\\\/strangercam.com\\\/#website\"},\"primaryImageOfPage\":{\"@id\":\"https:\\\/\\\/strangercam.com\\\/ulive-chat\\\/#primaryimage\"},\"image\":{\"@id\":\"https:\\\/\\\/strangercam.com\\\/ulive-chat\\\/#primaryimage\"},\"thumbnailUrl\":\"https:\\\/\\\/strangercam.com\\\/wp-content\\\/uploads\\\/2020\\\/11\\\/stranger-cam-1.png\",\"datePublished\":\"2022-08-11T13:18:17+00:00\",\"dateModified\":\"2023-08-21T10:48:49+00:00\",\"description\":\"Like Ulive Chat? Come chat with more than 5.000.000 strangers on Stranger Cam for Free! Turn on your cam and find new friends & maby a match!\",\"breadcrumb\":{\"@id\":\"https:\\\/\\\/strangercam.com\\\/ulive-chat\\\/#breadcrumb\"},\"inLanguage\":\"tr\",\"potentialAction\":[{\"@type\":\"ReadAction\",\"target\":[\"https:\\\/\\\/strangercam.com\\\/ulive-chat\\\/\"]}]},{\"@type\":\"ImageObject\",\"inLanguage\":\"tr\",\"@id\":\"https:\\\/\\\/strangercam.com\\\/ulive-chat\\\/#primaryimage\",\"url\":\"https:\\\/\\\/strangercam.com\\\/wp-content\\\/uploads\\\/2020\\\/11\\\/stranger-cam-1.png\",\"contentUrl\":\"https:\\\/\\\/strangercam.com\\\/wp-content\\\/uploads\\\/2020\\\/11\\\/stranger-cam-1.png\",\"width\":800,\"height\":800,\"caption\":\"stranger cam random video chat\"},{\"@type\":\"BreadcrumbList\",\"@id\":\"https:\\\/\\\/strangercam.com\\\/ulive-chat\\\/#breadcrumb\",\"itemListElement\":[{\"@type\":\"ListItem\",\"position\":1,\"name\":\"Home\",\"item\":\"https:\\\/\\\/strangercam.com\\\/\"},{\"@type\":\"ListItem\",\"position\":2,\"name\":\"Ulive Chat\"}]},{\"@type\":\"WebSite\",\"@id\":\"https:\\\/\\\/strangercam.com\\\/#website\",\"url\":\"https:\\\/\\\/strangercam.com\\\/\",\"name\":\"Strangercam\",\"description\":\"Random Video Chat with Strangers\",\"publisher\":{\"@id\":\"https:\\\/\\\/strangercam.com\\\/#organization\"},\"alternateName\":\"Strangercam.com\",\"potentialAction\":[{\"@type\":\"SearchAction\",\"target\":{\"@type\":\"EntryPoint\",\"urlTemplate\":\"https:\\\/\\\/strangercam.com\\\/?s={search_term_string}\"},\"query-input\":{\"@type\":\"PropertyValueSpecification\",\"valueRequired\":true,\"valueName\":\"search_term_string\"}}],\"inLanguage\":\"tr\"},{\"@type\":\"Organization\",\"@id\":\"https:\\\/\\\/strangercam.com\\\/#organization\",\"name\":\"Strangercam\",\"alternateName\":\"Strangercam.com\",\"url\":\"https:\\\/\\\/strangercam.com\\\/\",\"logo\":{\"@type\":\"ImageObject\",\"inLanguage\":\"tr\",\"@id\":\"https:\\\/\\\/strangercam.com\\\/#\\\/schema\\\/logo\\\/image\\\/\",\"url\":\"https:\\\/\\\/strangercam.com\\\/wp-content\\\/uploads\\\/2020\\\/11\\\/cropped-new-favicon-black.png\",\"contentUrl\":\"https:\\\/\\\/strangercam.com\\\/wp-content\\\/uploads\\\/2020\\\/11\\\/cropped-new-favicon-black.png\",\"width\":512,\"height\":512,\"caption\":\"Strangercam\"},\"image\":{\"@id\":\"https:\\\/\\\/strangercam.com\\\/#\\\/schema\\\/logo\\\/image\\\/\"},\"sameAs\":[\"https:\\\/\\\/www.facebook.com\\\/strangercam\",\"https:\\\/\\\/x.com\\\/strangercamapp\"]}]}<\/script>\n<!-- \/ Yoast SEO plugin. -->","yoast_head_json":{"title":"Ulive Chat - StrangerCam.com'da yabanc\u0131larla sohbet edin","description":"Ulive Chat'yi be\u011fendiniz mi? Gelin Stranger Cam'de 5.000.000'dan fazla yabanc\u0131yla \u00dccretsiz sohbet edin! Kameran\u0131z\u0131 a\u00e7\u0131n ve yeni arkada\u015flar ve belki bir e\u015fle\u015fme bulun!","robots":{"index":"index","follow":"follow","max-snippet":"max-snippet:-1","max-image-preview":"max-image-preview:large","max-video-preview":"max-video-preview:-1"},"canonical":"https:\/\/strangercam.com\/tr\/ulive-sohbet\/","og_locale":"tr_TR","og_type":"article","og_title":"Ulive Chat - Chat with strangers on StrangerCam.com","og_description":"Like Ulive Chat? Come chat with more than 5.000.000 strangers on Stranger Cam for Free! Turn on your cam and find new friends & maby a match!","og_url":"https:\/\/strangercam.com\/tr\/ulive-sohbet\/","og_site_name":"Strangercam","article_publisher":"https:\/\/www.facebook.com\/strangercam","article_modified_time":"2023-08-21T10:48:49+00:00","og_image":[{"width":800,"height":800,"url":"https:\/\/strangercam.com\/wp-content\/uploads\/2020\/11\/stranger-cam-1.png","type":"image\/png"}],"twitter_card":"summary_large_image","twitter_site":"@strangercamapp","twitter_misc":{"Tahmini okuma s\u00fcresi":"6 dakika"},"schema":{"@context":"https:\/\/schema.org","@graph":[{"@type":"WebPage","@id":"https:\/\/strangercam.com\/ulive-chat\/","url":"https:\/\/strangercam.com\/ulive-chat\/","name":"Ulive Chat - StrangerCam.com'da yabanc\u0131larla sohbet edin","isPartOf":{"@id":"https:\/\/strangercam.com\/#website"},"primaryImageOfPage":{"@id":"https:\/\/strangercam.com\/ulive-chat\/#primaryimage"},"image":{"@id":"https:\/\/strangercam.com\/ulive-chat\/#primaryimage"},"thumbnailUrl":"https:\/\/strangercam.com\/wp-content\/uploads\/2020\/11\/stranger-cam-1.png","datePublished":"2022-08-11T13:18:17+00:00","dateModified":"2023-08-21T10:48:49+00:00","description":"Ulive Chat'yi be\u011fendiniz mi? Gelin Stranger Cam'de 5.000.000'dan fazla yabanc\u0131yla \u00dccretsiz sohbet edin! Kameran\u0131z\u0131 a\u00e7\u0131n ve yeni arkada\u015flar ve belki bir e\u015fle\u015fme bulun!","breadcrumb":{"@id":"https:\/\/strangercam.com\/ulive-chat\/#breadcrumb"},"inLanguage":"tr","potentialAction":[{"@type":"ReadAction","target":["https:\/\/strangercam.com\/ulive-chat\/"]}]},{"@type":"ImageObject","inLanguage":"tr","@id":"https:\/\/strangercam.com\/ulive-chat\/#primaryimage","url":"https:\/\/strangercam.com\/wp-content\/uploads\/2020\/11\/stranger-cam-1.png","contentUrl":"https:\/\/strangercam.com\/wp-content\/uploads\/2020\/11\/stranger-cam-1.png","width":800,"height":800,"caption":"stranger cam random video chat"},{"@type":"BreadcrumbList","@id":"https:\/\/strangercam.com\/ulive-chat\/#breadcrumb","itemListElement":[{"@type":"ListItem","position":1,"name":"Home","item":"https:\/\/strangercam.com\/"},{"@type":"ListItem","position":2,"name":"Ulive Chat"}]},{"@type":"WebSite","@id":"https:\/\/strangercam.com\/#website","url":"https:\/\/strangercam.com\/","name":"Strangercam","description":"Yabanc\u0131larla Rastgele G\u00f6r\u00fcnt\u00fcl\u00fc Sohbet","publisher":{"@id":"https:\/\/strangercam.com\/#organization"},"alternateName":"Strangercam.com","potentialAction":[{"@type":"SearchAction","target":{"@type":"EntryPoint","urlTemplate":"https:\/\/strangercam.com\/?s={search_term_string}"},"query-input":{"@type":"PropertyValueSpecification","valueRequired":true,"valueName":"search_term_string"}}],"inLanguage":"tr"},{"@type":"Organization","@id":"https:\/\/strangercam.com\/#organization","name":"Strangercam","alternateName":"Strangercam.com","url":"https:\/\/strangercam.com\/","logo":{"@type":"ImageObject","inLanguage":"tr","@id":"https:\/\/strangercam.com\/#\/schema\/logo\/image\/","url":"https:\/\/strangercam.com\/wp-content\/uploads\/2020\/11\/cropped-new-favicon-black.png","contentUrl":"https:\/\/strangercam.com\/wp-content\/uploads\/2020\/11\/cropped-new-favicon-black.png","width":512,"height":512,"caption":"Strangercam"},"image":{"@id":"https:\/\/strangercam.com\/#\/schema\/logo\/image\/"},"sameAs":["https:\/\/www.facebook.com\/strangercam","https:\/\/x.com\/strangercamapp"]}]}},"_links":{"self":[{"href":"https:\/\/strangercam.com\/tr\/wp-json\/wp\/v2\/pages\/11167","targetHints":{"allow":["GET"]}}],"collection":[{"href":"https:\/\/strangercam.com\/tr\/wp-json\/wp\/v2\/pages"}],"about":[{"href":"https:\/\/strangercam.com\/tr\/wp-json\/wp\/v2\/types\/page"}],"author":[{"embeddable":true,"href":"https:\/\/strangercam.com\/tr\/wp-json\/wp\/v2\/users\/6"}],"replies":[{"embeddable":true,"href":"https:\/\/strangercam.com\/tr\/wp-json\/wp\/v2\/comments?post=11167"}],"version-history":[{"count":0,"href":"https:\/\/strangercam.com\/tr\/wp-json\/wp\/v2\/pages\/11167\/revisions"}],"wp:featuredmedia":[{"embeddable":true,"href":"https:\/\/strangercam.com\/tr\/wp-json\/wp\/v2\/media\/559"}],"wp:attachment":[{"href":"https:\/\/strangercam.com\/tr\/wp-json\/wp\/v2\/media?parent=11167"}],"curies":[{"name":"wp","href":"https:\/\/api.w.org\/{rel}","templated":true}]}}