{"id":11154,"date":"2022-08-11T15:12:40","date_gmt":"2022-08-11T13:12:40","guid":{"rendered":"https:\/\/strangercam.com\/?page_id=11154"},"modified":"2023-08-21T12:24:41","modified_gmt":"2023-08-21T10:24:41","slug":"chatride","status":"publish","type":"page","link":"https:\/\/strangercam.com\/tr\/chatride\/","title":{"rendered":"Chatride"},"content":{"rendered":"<p>Rastgele video <a href=\"https:\/\/strangercam.com\/tr\/chatroulette\/\">sohbet<\/a> yeni trend ve Chatride en pop\u00fcler rastgele g\u00f6r\u00fcnt\u00fcl\u00fc sohbet platformlar\u0131ndan biridir. Chatride ile ilgili t\u00fcm detaylar\u0131 \u00f6\u011frenmek istiyorsan\u0131z okumaya devam edin, \u0130\u015fte bu yaz\u0131da bu platformu kullanmadan \u00f6nce bilmeniz gereken t\u00fcm detaylar\u0131 ele alaca\u011f\u0131z.<\/p>\n<h2>Chatride nedir?<\/h2>\n<p>Chatride, arkada\u015flar\u0131n\u0131z ve ailenizle sohbet etmenin yeni bir yoludur. \u0130ster yak\u0131n ister uzakta olun, sevdiklerinizle ba\u011flant\u0131da kalman\u0131n harika bir yoludur. \u0130nternet ba\u011flant\u0131s\u0131 oldu\u011fu s\u00fcrece d\u00fcnyadaki herhangi biriyle sohbet etmek i\u00e7in Chatride'yi kullanabilirsiniz. Tek ihtiyac\u0131n\u0131z olan bir web taray\u0131c\u0131s\u0131 ve Chatride'de bir hesap. Chatride'ye giri\u015f yapt\u0131ktan sonra hemen sohbete ba\u015flayabilirsiniz. Sadece mesaj\u0131n\u0131z\u0131 yaz\u0131n ve g\u00f6nder tu\u015funa bas\u0131n. Mesaj\u0131n\u0131z herkesin g\u00f6rebilmesi i\u00e7in sohbet penceresinde g\u00f6r\u00fcnecektir. Sohbete kat\u0131labilmeleri i\u00e7in arkada\u015flar\u0131n\u0131z\u0131 ve ailenizi de sohbetinize ekleyebilirsiniz. \u00d6yleyse ne bekliyorsunuz? Bug\u00fcn sevdiklerinizle sohbet etmeye ba\u015flay\u0131n!<\/p>\n<h2>Chatride'\u0131n faydalar\u0131 nelerdir?<\/h2>\n<p>Chatride'nin baz\u0131 avantajlar\u0131 \u015funlard\u0131r:<\/p>\n<ul>\n<li style=\"font-weight: 400;\" aria-level=\"1\">Bu harika bir yoldur <a href=\"https:\/\/strangercam.com\/tr\/coomeet\/\">tan\u0131\u015fmak<\/a> d\u00fcnyan\u0131n her yerinden yeni insanlar.<\/li>\n<li style=\"font-weight: 400;\" aria-level=\"1\">Farkl\u0131 k\u00fclt\u00fcrler ve ya\u015fam tarzlar\u0131 hakk\u0131nda bilgi edinebilirsiniz.<\/li>\n<li style=\"font-weight: 400;\" aria-level=\"1\">Dil becerilerinizi ana dili \u0130ngilizce olan ki\u015filerle pratik yapabilirsiniz.<\/li>\n<li style=\"font-weight: 400;\" aria-level=\"1\">Yeni arkada\u015flar edinmenin e\u011flenceli ve kolay bir yoludur.<\/li>\n<\/ul>\n<h2>Chatride nas\u0131l kullan\u0131l\u0131r?<\/h2>\n<p>Chatride, d\u00fcnyan\u0131n her yerinden rastgele insanlarla sohbet etmenin yeni ve devrimci bir yoludur. \u0130\u015fte Chatride'nin nas\u0131l kullan\u0131laca\u011f\u0131na dair h\u0131zl\u0131 bir k\u0131lavuz:<\/p>\n<ul>\n<li style=\"font-weight: 400;\" aria-level=\"1\">\u00d6ncelikle, uygulamay\u0131 uygulama ma\u011fazan\u0131zdan indirin (hem iPhone hem de Android i\u00e7in mevcuttur).<\/li>\n<li style=\"font-weight: 400;\" aria-level=\"1\">Uygulamay\u0131 y\u00fckledikten sonra a\u00e7\u0131n ve bir hesap olu\u015fturun. Ad\u0131n\u0131z\u0131, e-posta adresinizi ve bir parola girmeniz gerekecektir.<\/li>\n<li style=\"font-weight: 400;\" aria-level=\"1\">Giri\u015f yapt\u0131ktan sonra, rastgele insanlarla sohbet etmeye ba\u015flayabileceksiniz. Chatride size en iyi e\u015fle\u015fmeyi a\u015fa\u011f\u0131dakilere g\u00f6re bulacakt\u0131r<\/li>\n<\/ul>\n<h2>Chatride'a ba\u015flamak i\u00e7in ipu\u00e7lar\u0131?<\/h2>\n<p>\u0130\u015fte ba\u015flamak i\u00e7in baz\u0131 ipu\u00e7lar\u0131:<\/p>\n<ol>\n<li style=\"font-weight: 400;\" aria-level=\"1\">Arama \u00e7ubu\u011funu kullan\u0131n: Arama \u00e7ubu\u011fu Chatride'deki en iyi arkada\u015f\u0131n\u0131zd\u0131r. Sizinle benzer ilgi alanlar\u0131na sahip ki\u015fileri bulmak veya ilgilendi\u011finiz konular\u0131 bulmak i\u00e7in kullanabilirsiniz.<\/li>\n<li style=\"font-weight: 400;\" aria-level=\"1\">\u0130nsanlarla ba\u011flant\u0131 kurun: Chatride tamamen insanlarla ba\u011flant\u0131 kurmakla ilgilidir. bu y\u00fczden utanmay\u0131n, uzan\u0131n ve biriyle sohbet etmeye ba\u015flay\u0131n. Kiminle tan\u0131\u015faca\u011f\u0131n\u0131z\u0131 asla bilemezsiniz!<\/li>\n<li style=\"font-weight: 400;\" aria-level=\"1\">Gruplara kat\u0131l\u0131n: Gruplar yeni insanlarla tan\u0131\u015fmak ve benzer d\u00fc\u015f\u00fcnen bireyler bulmak i\u00e7in harika bir yoldur. E\u011fer ilginizi \u00e7eken bir grup varsa, ona kat\u0131l\u0131n ve sohbet etmeye ba\u015flay\u0131n!<\/li>\n<li style=\"font-weight: 400;\" aria-level=\"1\">Sohbet odalar\u0131n\u0131 kullan\u0131n: Chatride'deki sohbet odalar\u0131 yeni insanlarla tan\u0131\u015fmak ve e\u011flenceli sohbetler etmek i\u00e7in harika yerlerdir. \u00d6yleyse devam edin ve dal\u0131n!<\/li>\n<li style=\"font-weight: 400;\" aria-level=\"1\">E\u011flenin! Bu en \u00f6nemli ipucudur.<\/li>\n<\/ol>\n<h2>Chatride'\u0131n Art\u0131lar\u0131 ve Eksileri<\/h2>\n<h4>Art\u0131lar\u0131:<\/h4>\n<ul>\n<li style=\"font-weight: 400;\" aria-level=\"1\">\u0130ndirmesi ve kullanmas\u0131 \u00fccretsiz<\/li>\n<li style=\"font-weight: 400;\" aria-level=\"1\">D\u00fcnyan\u0131n her yerinden insanlarla ba\u011flant\u0131 kurabilir<\/li>\n<li style=\"font-weight: 400;\" aria-level=\"1\">Video ve ses kalitesi iyi<\/li>\n<li style=\"font-weight: 400;\" aria-level=\"1\">Metin, ses ve g\u00f6r\u00fcnt\u00fc gibi \u00e7e\u015fitli \u00f6zelliklere sahiptir. <a href=\"https:\/\/strangercam.com\/tr\/amerikan-rastgele-goruntulu-arama\/\">g\u00f6r\u00fcnt\u00fcl\u00fc arama<\/a>, grup sohbeti vb.<\/li>\n<\/ul>\n<h4>Eksiler:<\/h4>\n<ol>\n<li style=\"font-weight: 400;\" aria-level=\"1\">Uygulama zaman zaman hatal\u0131 olabiliyor<\/li>\n<li style=\"font-weight: 400;\" aria-level=\"1\">Ba\u011flant\u0131 kolayca kaybolabilir<\/li>\n<\/ol>\n<h2>Chatride ve di\u011fer ileti\u015fim platformlar\u0131<\/h2>\n<p>Piyasada pek \u00e7ok ileti\u015fim platformu var, ancak Chatride kesinlikle en iyilerinden biri. \u0130\u015fte nedeni:<\/p>\n<ul>\n<li style=\"font-weight: 400;\" aria-level=\"1\">Chatride inan\u0131lmaz derecede kullan\u0131c\u0131 dostudur. Kullanmak i\u00e7in bir teknoloji uzman\u0131 olman\u0131za gerek yok - herkes onu al\u0131p dakikalar i\u00e7inde sohbet etmeye ba\u015flayabilir.<\/li>\n<li style=\"font-weight: 400;\" aria-level=\"1\">Chatride'nin kullan\u0131m\u0131 tamamen \u00fccretsizdir. Hi\u00e7bir gizli maliyet veya abonelik \u00fccreti yoktur - c\u00fczdan\u0131n\u0131z i\u00e7in endi\u015felenmeden istedi\u011finiz kadar sohbet edebilirsiniz.<\/li>\n<li style=\"font-weight: 400;\" aria-level=\"1\">Chatride son derece h\u0131zl\u0131 ve g\u00fcvenilirdir. Chatride kullan\u0131rken asla gecikme veya ba\u011flant\u0131 sorunlar\u0131 hakk\u0131nda endi\u015felenmenize gerek kalmayacak.<\/li>\n<li style=\"font-weight: 400;\" aria-level=\"1\">Chatride \u00e7ok \u00e7e\u015fitli \u00f6zellikler ve se\u00e7enekler sunar. \u0130ster grup sohbeti ister \u00f6zel mesajla\u015fma ar\u0131yor olun, Chatride sizi korur.<\/li>\n<li style=\"font-weight: 400;\" aria-level=\"1\">Chatride s\u00fcrekli olarak yeni \u00f6zellikler ve iyile\u015ftirmelerle g\u00fcncellenmektedir. Chatride'nin arkas\u0131ndaki ekip, platformun olabilece\u011finin en iyisi oldu\u011fundan emin olmak i\u00e7in her zaman \u00e7ok \u00e7al\u0131\u015f\u0131yor.<\/li>\n<\/ul>\n<p>T\u00fcm kutular\u0131 i\u015faretleyen bir ileti\u015fim platformu ar\u0131yorsan\u0131z, Chatride'den ba\u015fkas\u0131na bakmay\u0131n!<\/p>\n<h2>Chatride neden bu kadar pop\u00fcler rastgele g\u00f6r\u00fcnt\u00fcl\u00fc sohbet platformudur?<\/h2>\n<p>Chatride'nin bu kadar pop\u00fcler bir rastgele g\u00f6r\u00fcnt\u00fcl\u00fc sohbet platformu olmas\u0131n\u0131n bir\u00e7ok nedeni var. Birincisi, kullan\u0131m\u0131 tamamen \u00fccretsizdir. Sohbete ba\u015flamak i\u00e7in bir hesaba kaydolman\u0131za veya herhangi bir \u00fccret \u00f6demenize gerek yoktur.<\/p>\n<p>Bir ba\u015fka neden de Chatride'nin kullan\u0131m\u0131n\u0131n inan\u0131lmaz derecede kolay olmas\u0131d\u0131r. Tek yapman\u0131z gereken web sitesine gitmek ve \"sohbete ba\u015fla\" d\u00fc\u011fmesine t\u0131klamak. D\u00fcnyan\u0131n herhangi bir yerinden rastgele bir yabanc\u0131yla an\u0131nda ba\u011flant\u0131 kuracaks\u0131n\u0131z.<\/p>\n<p>Sohbet aray\u00fcz\u00fc de olduk\u00e7a kullan\u0131c\u0131 dostu. Mesaj yazmak ve hatta emojiler ve \u00e7\u0131kartmalar g\u00f6ndermek kolayd\u0131r. Konu\u015ftu\u011funuz ki\u015fiyi g\u00f6rmek istiyorsan\u0131z, sadece birka\u00e7 t\u0131klama ile web kameras\u0131 \u00f6zelli\u011fini etkinle\u015ftirebilirsiniz.<\/p>\n<p>Son olarak, Chatride en pop\u00fcler rastgele sohbet platformlar\u0131ndan biridir \u00e7\u00fcnk\u00fc \u00e7ok \u00e7e\u015fitli \u00f6zellikler sunar. Metne ek olarak ve <a href=\"https:\/\/strangercam.com\/tr\/rabbit-video-chat\/\">g\u00f6r\u00fcnt\u00fcl\u00fc sohbet<\/a>, Ayr\u0131ca oyun oynayabilir, foto\u011fraf payla\u015fabilir ve hatta sesli sohbeti kullanabilirsiniz. Chatride'de herkes i\u00e7in bir \u015feyler var!<\/p>\n<h2>Kullan\u0131m\u0131 g\u00fcvenli mi?<\/h2>\n<p>\u00c7evrimi\u00e7i sohbet s\u00f6z konusu oldu\u011funda, g\u00fcvenli ve emniyetli bir platform kulland\u0131\u011f\u0131n\u0131zdan emin olmak istersiniz. Chatride, \u00e7evrimi\u00e7i sohbet etmenin g\u00fcvenli ve emniyetli bir yolunu arayanlar i\u00e7in harika bir se\u00e7enektir. Site, bilgilerinizi korumak i\u00e7in SSL \u015fifrelemesi kullan\u0131r ve t\u00fcm sohbet odalar\u0131 personel taraf\u0131ndan y\u00f6netilir. Ayr\u0131ca, yaln\u0131zca tan\u0131d\u0131\u011f\u0131n\u0131z ki\u015filerin sizinle ileti\u015fim kurabilmesi i\u00e7in ki\u015fisel bir profil de olu\u015fturabilirsiniz.<\/p>\n<h2>Herhangi bir rastgele g\u00f6r\u00fcnt\u00fcl\u00fc sohbet platformunu kullan\u0131rken nas\u0131l g\u00fcvende olunur?<\/h2>\n<p>\u00c7o\u011fu <a href=\"https:\/\/strangercam.com\/tr\/chathub\/\">rastgele g\u00f6r\u00fcnt\u00fcl\u00fc sohbet<\/a> platformlar\u0131n kullan\u0131m\u0131 g\u00fcvenlidir. Ancak, bu platformlar\u0131 kullan\u0131rken g\u00fcvenli\u011finizi sa\u011flamak i\u00e7in yapabilece\u011finiz birka\u00e7 \u015fey vard\u0131r. \u0130\u015fte birka\u00e7 ipucu:<\/p>\n<ul>\n<li style=\"font-weight: 400;\" aria-level=\"1\">Rastgele bir g\u00f6r\u00fcnt\u00fcl\u00fc sohbet platformunda tan\u0131\u015ft\u0131\u011f\u0131n\u0131z herhangi biriyle ki\u015fisel bilgilerinizi payla\u015fmaktan ka\u00e7\u0131n\u0131n. Buna tam ad\u0131n\u0131z, adresiniz, telefon numaran\u0131z, e-posta adresiniz vb. dahildir.<\/li>\n<li style=\"font-weight: 400;\" aria-level=\"1\">Rastgele bir g\u00f6r\u00fcnt\u00fcl\u00fc sohbet platformunda tan\u0131\u015ft\u0131\u011f\u0131n\u0131z biri ki\u015fisel bilgilerinizi isterse, onlara bu bilgileri vermeyin.<\/li>\n<li style=\"font-weight: 400;\" aria-level=\"1\">Rastgele bir g\u00f6r\u00fcnt\u00fcl\u00fc sohbet platformunda tan\u0131\u015ft\u0131\u011f\u0131n\u0131z kimseyle y\u00fcz y\u00fcze g\u00f6r\u00fc\u015fmeyin.<\/li>\n<li style=\"font-weight: 400;\" aria-level=\"1\">Rastgele bir g\u00f6r\u00fcnt\u00fcl\u00fc sohbet platformunda tan\u0131\u015ft\u0131\u011f\u0131n\u0131z hi\u00e7 kimseye para g\u00f6ndermeyin.<\/li>\n<li style=\"font-weight: 400;\" aria-level=\"1\">Rastgele bir g\u00f6r\u00fcnt\u00fcl\u00fc sohbet platformunda tan\u0131\u015ft\u0131\u011f\u0131n\u0131z biri para isterse, ona para vermeyin.<\/li>\n<\/ul>\n<h2>Sonu\u00e7<\/h2>\n<p>Genel olarak, Chatride d\u00fcnyan\u0131n her yerindeki arkada\u015flar\u0131n\u0131z ve ailenizle ba\u011flant\u0131da kalmak i\u00e7in harika bir yoldur. Bunun en iyi yan\u0131, kullan\u0131m\u0131n\u0131n \u00fccretsiz olmas\u0131d\u0131r, bu nedenle herhangi bir para harcama konusunda endi\u015felenmenize gerek yoktur. Ayn\u0131 anda birden fazla ki\u015fiyle ileti\u015fim halinde kalabilmek i\u00e7in grup sohbetleri de olu\u015fturabilirsiniz. \u00d6yleyse ne bekliyorsunuz? Devam edin ve Chatride'yi bug\u00fcn indirin!<\/p>","protected":false},"excerpt":{"rendered":"<p>Random video chat is the new trend, and Chatride is one of the most popular random video chatting platform. If you want to know all the details about Chatride keep on reading, Here in this article we are going to cover the all details which you need to know before using this platform. What is [&hellip;]<\/p>\n","protected":false},"author":6,"featured_media":559,"parent":0,"menu_order":0,"comment_status":"closed","ping_status":"closed","template":"","meta":{"footnotes":""},"class_list":["post-11154","page","type-page","status-publish","has-post-thumbnail","hentry"],"yoast_head":"<!-- This site is optimized with the Yoast SEO plugin v26.9 - https:\/\/yoast.com\/product\/yoast-seo-wordpress\/ -->\n<title>Chatride - Chat with strangers on StrangerCam.com<\/title>\n<meta name=\"description\" content=\"Like Chatride? Come chat with more than 5.000.000 strangers on Stranger Cam for Free! Turn on your cam and find new friends &amp; maby a match!\" \/>\n<meta name=\"robots\" content=\"index, follow, max-snippet:-1, max-image-preview:large, max-video-preview:-1\" \/>\n<link rel=\"canonical\" href=\"https:\/\/strangercam.com\/tr\/chatride\/\" \/>\n<meta property=\"og:locale\" content=\"tr_TR\" \/>\n<meta property=\"og:type\" content=\"article\" \/>\n<meta property=\"og:title\" content=\"Chatride - Chat with strangers on StrangerCam.com\" \/>\n<meta property=\"og:description\" content=\"Like Chatride? Come chat with more than 5.000.000 strangers on Stranger Cam for Free! Turn on your cam and find new friends &amp; maby a match!\" \/>\n<meta property=\"og:url\" content=\"https:\/\/strangercam.com\/tr\/chatride\/\" \/>\n<meta property=\"og:site_name\" content=\"Strangercam\" \/>\n<meta property=\"article:publisher\" content=\"https:\/\/www.facebook.com\/strangercam\" \/>\n<meta property=\"article:modified_time\" content=\"2023-08-21T10:24:41+00:00\" \/>\n<meta property=\"og:image\" content=\"https:\/\/strangercam.com\/wp-content\/uploads\/2020\/11\/stranger-cam-1.png\" \/>\n\t<meta property=\"og:image:width\" content=\"800\" \/>\n\t<meta property=\"og:image:height\" content=\"800\" \/>\n\t<meta property=\"og:image:type\" content=\"image\/png\" \/>\n<meta name=\"twitter:card\" content=\"summary_large_image\" \/>\n<meta name=\"twitter:site\" content=\"@strangercamapp\" \/>\n<meta name=\"twitter:label1\" content=\"Tahmini okuma s\u00fcresi\" \/>\n\t<meta name=\"twitter:data1\" content=\"5 dakika\" \/>\n<script type=\"application\/ld+json\" class=\"yoast-schema-graph\">{\"@context\":\"https:\/\/schema.org\",\"@graph\":[{\"@type\":\"WebPage\",\"@id\":\"https:\/\/strangercam.com\/chatride\/\",\"url\":\"https:\/\/strangercam.com\/chatride\/\",\"name\":\"Chatride - Chat with strangers on StrangerCam.com\",\"isPartOf\":{\"@id\":\"https:\/\/strangercam.com\/#website\"},\"primaryImageOfPage\":{\"@id\":\"https:\/\/strangercam.com\/chatride\/#primaryimage\"},\"image\":{\"@id\":\"https:\/\/strangercam.com\/chatride\/#primaryimage\"},\"thumbnailUrl\":\"https:\/\/strangercam.com\/wp-content\/uploads\/2020\/11\/stranger-cam-1.png\",\"datePublished\":\"2022-08-11T13:12:40+00:00\",\"dateModified\":\"2023-08-21T10:24:41+00:00\",\"description\":\"Like Chatride? Come chat with more than 5.000.000 strangers on Stranger Cam for Free! Turn on your cam and find new friends & maby a match!\",\"breadcrumb\":{\"@id\":\"https:\/\/strangercam.com\/chatride\/#breadcrumb\"},\"inLanguage\":\"tr\",\"potentialAction\":[{\"@type\":\"ReadAction\",\"target\":[\"https:\/\/strangercam.com\/chatride\/\"]}]},{\"@type\":\"ImageObject\",\"inLanguage\":\"tr\",\"@id\":\"https:\/\/strangercam.com\/chatride\/#primaryimage\",\"url\":\"https:\/\/strangercam.com\/wp-content\/uploads\/2020\/11\/stranger-cam-1.png\",\"contentUrl\":\"https:\/\/strangercam.com\/wp-content\/uploads\/2020\/11\/stranger-cam-1.png\",\"width\":800,\"height\":800,\"caption\":\"stranger cam random video chat\"},{\"@type\":\"BreadcrumbList\",\"@id\":\"https:\/\/strangercam.com\/chatride\/#breadcrumb\",\"itemListElement\":[{\"@type\":\"ListItem\",\"position\":1,\"name\":\"Home\",\"item\":\"https:\/\/strangercam.com\/\"},{\"@type\":\"ListItem\",\"position\":2,\"name\":\"Chatride\"}]},{\"@type\":\"WebSite\",\"@id\":\"https:\/\/strangercam.com\/#website\",\"url\":\"https:\/\/strangercam.com\/\",\"name\":\"Strangercam\",\"description\":\"Random Video Chat with Strangers\",\"publisher\":{\"@id\":\"https:\/\/strangercam.com\/#organization\"},\"alternateName\":\"Strangercam.com\",\"potentialAction\":[{\"@type\":\"SearchAction\",\"target\":{\"@type\":\"EntryPoint\",\"urlTemplate\":\"https:\/\/strangercam.com\/?s={search_term_string}\"},\"query-input\":{\"@type\":\"PropertyValueSpecification\",\"valueRequired\":true,\"valueName\":\"search_term_string\"}}],\"inLanguage\":\"tr\"},{\"@type\":\"Organization\",\"@id\":\"https:\/\/strangercam.com\/#organization\",\"name\":\"Strangercam\",\"alternateName\":\"Strangercam.com\",\"url\":\"https:\/\/strangercam.com\/\",\"logo\":{\"@type\":\"ImageObject\",\"inLanguage\":\"tr\",\"@id\":\"https:\/\/strangercam.com\/#\/schema\/logo\/image\/\",\"url\":\"https:\/\/strangercam.com\/wp-content\/uploads\/2020\/11\/cropped-new-favicon-black.png\",\"contentUrl\":\"https:\/\/strangercam.com\/wp-content\/uploads\/2020\/11\/cropped-new-favicon-black.png\",\"width\":512,\"height\":512,\"caption\":\"Strangercam\"},\"image\":{\"@id\":\"https:\/\/strangercam.com\/#\/schema\/logo\/image\/\"},\"sameAs\":[\"https:\/\/www.facebook.com\/strangercam\",\"https:\/\/x.com\/strangercamapp\"]}]}<\/script>\n<!-- \/ Yoast SEO plugin. -->","yoast_head_json":{"title":"Chatride - StrangerCam.com'da yabanc\u0131larla sohbet edin","description":"Chatride'yi be\u011fendiniz mi? Gelin Stranger Cam'de 5.000.000'dan fazla yabanc\u0131yla \u00dccretsiz sohbet edin! Kameran\u0131z\u0131 a\u00e7\u0131n ve yeni arkada\u015flar ve belki bir e\u015fle\u015fme bulun!","robots":{"index":"index","follow":"follow","max-snippet":"max-snippet:-1","max-image-preview":"max-image-preview:large","max-video-preview":"max-video-preview:-1"},"canonical":"https:\/\/strangercam.com\/tr\/chatride\/","og_locale":"tr_TR","og_type":"article","og_title":"Chatride - Chat with strangers on StrangerCam.com","og_description":"Like Chatride? Come chat with more than 5.000.000 strangers on Stranger Cam for Free! Turn on your cam and find new friends & maby a match!","og_url":"https:\/\/strangercam.com\/tr\/chatride\/","og_site_name":"Strangercam","article_publisher":"https:\/\/www.facebook.com\/strangercam","article_modified_time":"2023-08-21T10:24:41+00:00","og_image":[{"width":800,"height":800,"url":"https:\/\/strangercam.com\/wp-content\/uploads\/2020\/11\/stranger-cam-1.png","type":"image\/png"}],"twitter_card":"summary_large_image","twitter_site":"@strangercamapp","twitter_misc":{"Tahmini okuma s\u00fcresi":"5 dakika"},"schema":{"@context":"https:\/\/schema.org","@graph":[{"@type":"WebPage","@id":"https:\/\/strangercam.com\/chatride\/","url":"https:\/\/strangercam.com\/chatride\/","name":"Chatride - StrangerCam.com'da yabanc\u0131larla sohbet edin","isPartOf":{"@id":"https:\/\/strangercam.com\/#website"},"primaryImageOfPage":{"@id":"https:\/\/strangercam.com\/chatride\/#primaryimage"},"image":{"@id":"https:\/\/strangercam.com\/chatride\/#primaryimage"},"thumbnailUrl":"https:\/\/strangercam.com\/wp-content\/uploads\/2020\/11\/stranger-cam-1.png","datePublished":"2022-08-11T13:12:40+00:00","dateModified":"2023-08-21T10:24:41+00:00","description":"Chatride'yi be\u011fendiniz mi? Gelin Stranger Cam'de 5.000.000'dan fazla yabanc\u0131yla \u00dccretsiz sohbet edin! Kameran\u0131z\u0131 a\u00e7\u0131n ve yeni arkada\u015flar ve belki bir e\u015fle\u015fme bulun!","breadcrumb":{"@id":"https:\/\/strangercam.com\/chatride\/#breadcrumb"},"inLanguage":"tr","potentialAction":[{"@type":"ReadAction","target":["https:\/\/strangercam.com\/chatride\/"]}]},{"@type":"ImageObject","inLanguage":"tr","@id":"https:\/\/strangercam.com\/chatride\/#primaryimage","url":"https:\/\/strangercam.com\/wp-content\/uploads\/2020\/11\/stranger-cam-1.png","contentUrl":"https:\/\/strangercam.com\/wp-content\/uploads\/2020\/11\/stranger-cam-1.png","width":800,"height":800,"caption":"stranger cam random video chat"},{"@type":"BreadcrumbList","@id":"https:\/\/strangercam.com\/chatride\/#breadcrumb","itemListElement":[{"@type":"ListItem","position":1,"name":"Home","item":"https:\/\/strangercam.com\/"},{"@type":"ListItem","position":2,"name":"Chatride"}]},{"@type":"WebSite","@id":"https:\/\/strangercam.com\/#website","url":"https:\/\/strangercam.com\/","name":"Strangercam","description":"Yabanc\u0131larla Rastgele G\u00f6r\u00fcnt\u00fcl\u00fc Sohbet","publisher":{"@id":"https:\/\/strangercam.com\/#organization"},"alternateName":"Strangercam.com","potentialAction":[{"@type":"SearchAction","target":{"@type":"EntryPoint","urlTemplate":"https:\/\/strangercam.com\/?s={search_term_string}"},"query-input":{"@type":"PropertyValueSpecification","valueRequired":true,"valueName":"search_term_string"}}],"inLanguage":"tr"},{"@type":"Organization","@id":"https:\/\/strangercam.com\/#organization","name":"Strangercam","alternateName":"Strangercam.com","url":"https:\/\/strangercam.com\/","logo":{"@type":"ImageObject","inLanguage":"tr","@id":"https:\/\/strangercam.com\/#\/schema\/logo\/image\/","url":"https:\/\/strangercam.com\/wp-content\/uploads\/2020\/11\/cropped-new-favicon-black.png","contentUrl":"https:\/\/strangercam.com\/wp-content\/uploads\/2020\/11\/cropped-new-favicon-black.png","width":512,"height":512,"caption":"Strangercam"},"image":{"@id":"https:\/\/strangercam.com\/#\/schema\/logo\/image\/"},"sameAs":["https:\/\/www.facebook.com\/strangercam","https:\/\/x.com\/strangercamapp"]}]}},"_links":{"self":[{"href":"https:\/\/strangercam.com\/tr\/wp-json\/wp\/v2\/pages\/11154","targetHints":{"allow":["GET"]}}],"collection":[{"href":"https:\/\/strangercam.com\/tr\/wp-json\/wp\/v2\/pages"}],"about":[{"href":"https:\/\/strangercam.com\/tr\/wp-json\/wp\/v2\/types\/page"}],"author":[{"embeddable":true,"href":"https:\/\/strangercam.com\/tr\/wp-json\/wp\/v2\/users\/6"}],"replies":[{"embeddable":true,"href":"https:\/\/strangercam.com\/tr\/wp-json\/wp\/v2\/comments?post=11154"}],"version-history":[{"count":0,"href":"https:\/\/strangercam.com\/tr\/wp-json\/wp\/v2\/pages\/11154\/revisions"}],"wp:featuredmedia":[{"embeddable":true,"href":"https:\/\/strangercam.com\/tr\/wp-json\/wp\/v2\/media\/559"}],"wp:attachment":[{"href":"https:\/\/strangercam.com\/tr\/wp-json\/wp\/v2\/media?parent=11154"}],"curies":[{"name":"wp","href":"https:\/\/api.w.org\/{rel}","templated":true}]}}