{"id":11142,"date":"2022-08-11T15:06:21","date_gmt":"2022-08-11T13:06:21","guid":{"rendered":"https:\/\/strangercam.com\/?page_id=11142"},"modified":"2023-08-21T11:40:39","modified_gmt":"2023-08-21T09:40:39","slug":"camki","status":"publish","type":"page","link":"https:\/\/strangercam.com\/tr\/camki\/","title":{"rendered":"Camki"},"content":{"rendered":"<p>Bug\u00fcn mevcut bir\u00e7ok \u00e7evrimi\u00e7i sohbet platformu var. Bunlar aras\u0131nda Camki, kullan\u0131c\u0131lar\u0131na \u00e7e\u015fitli \u00f6zellikler sunan g\u00fcvenilir bir \u00e7evrimi\u00e7i sohbet platformudur. Bu \u00f6zelliklerden baz\u0131lar\u0131 sesli ve g\u00f6r\u00fcnt\u00fcl\u00fc arama deste\u011fi, anl\u0131k mesajla\u015fma, dosya payla\u015f\u0131m\u0131 vb.<\/p>\n<h2>Camki nedir?<\/h2>\n<p>Camki, son zamanlarda pop\u00fclerlik kazanan yeni bir \u00e7evrimi\u00e7i sohbet platformudur. Kullan\u0131c\u0131lar\u0131na bir\u00e7ok \u00f6zellik sunan g\u00fcvenilir ve kullan\u0131c\u0131 dostu bir platformdur. Camki, arkada\u015flar\u0131n\u0131zla ve aile \u00fcyelerinizle ba\u011flant\u0131 kurmak i\u00e7in harika bir yerdir. <a href=\"https:\/\/strangercam.com\/tr\/coomeet\/\">tan\u0131\u015fmak<\/a> d\u00fcnyan\u0131n her yerinden yeni insanlar. Platform, m\u00fc\u015fteriler ve m\u00fc\u015fterilerle ger\u00e7ek zamanl\u0131 olarak ileti\u015fim kurmalar\u0131na olanak tan\u0131d\u0131\u011f\u0131 i\u00e7in i\u015fletmeler i\u00e7in de m\u00fckemmeldir.<\/p>\n<h2>Camki nas\u0131l kullan\u0131l\u0131r?<\/h2>\n<p>G\u00fcvenilir bir \u00e7evrimi\u00e7i sohbet platformu ar\u0131yorsan\u0131z, Camki m\u00fckemmel bir se\u00e7imdir. Camki'nin kullan\u0131m\u0131 kolayd\u0131r ve onu \u00e7evrimi\u00e7i sohbet i\u00e7in m\u00fckemmel bir se\u00e7im haline getiren \u00e7e\u015fitli \u00f6zellikler sunar. \u0130\u015fte Camki'nin nas\u0131l kullan\u0131laca\u011f\u0131na dair baz\u0131 ipu\u00e7lar\u0131:<\/p>\n<ul>\n<li style=\"font-weight: 400;\" aria-level=\"1\">Camki'yi kullanmaya ba\u015flamak i\u00e7in \u00fccretsiz bir hesap a\u00e7\u0131n. Ad\u0131n\u0131z\u0131, e-posta adresinizi girmeniz ve bir \u015fifre olu\u015fturman\u0131z gerekecektir.<\/li>\n<li style=\"font-weight: 400;\" aria-level=\"1\">Hesab\u0131n\u0131z\u0131 olu\u015fturduktan sonra giri\u015f yap\u0131n ve \"Oda Olu\u015ftur\" d\u00fc\u011fmesine t\u0131klay\u0131n.<\/li>\n<li style=\"font-weight: 400;\" aria-level=\"1\">Bir oda ad\u0131 ve parola girin (iste\u011fe ba\u011fl\u0131).<\/li>\n<li style=\"font-weight: 400;\" aria-level=\"1\">Sohbete ba\u015flamak i\u00e7in \"Sohbete Ba\u015fla\" d\u00fc\u011fmesine t\u0131klay\u0131n. Ayr\u0131caCamki web uygulamas\u0131n\u0131 kullanarak <a href=\"https:\/\/strangercam.com\/tr\/chathub\/\">sohbet<\/a> rastgele yabanc\u0131larla.<\/li>\n<\/ul>\n<h2>Camki kullanman\u0131n avantajlar\u0131<\/h2>\n<p>\u00c7evrimi\u00e7i sohbet platformunuz olarak Camki'yi kullanman\u0131n bir\u00e7ok avantaj\u0131 vard\u0131r. \u0130\u015fte Camki'nin sizin i\u00e7in en iyi se\u00e7im olmas\u0131n\u0131n nedenlerinden sadece birka\u00e7\u0131:<\/p>\n<ol>\n<li style=\"font-weight: 400;\" aria-level=\"1\">Camki inan\u0131lmaz derecede kullan\u0131c\u0131 dostu ve kullan\u0131m\u0131 kolayd\u0131r. Ba\u015flamak i\u00e7in herhangi bir \u00f6zel teknik beceriye ihtiyac\u0131n\u0131z yok - sadece giri\u015f yap\u0131n ve sohbete ba\u015flay\u0131n!<\/li>\n<li style=\"font-weight: 400;\" aria-level=\"1\">Camki tamamen g\u00fcvenli ve gizlidir. T\u00fcm konu\u015fmalar\u0131n\u0131z \u00f6zeldir ve asla ba\u015fkalar\u0131yla payla\u015f\u0131lmayacakt\u0131r.<\/li>\n<li style=\"font-weight: 400;\" aria-level=\"1\">Camki'yi kullanmak tamamen \u00fccretsizdir. Hi\u00e7bir gizli maliyet veya \u00fccret yoktur - bir kuru\u015f bile harcamadan istedi\u011finiz kadar sohbet edebilirsiniz.<\/li>\n<li style=\"font-weight: 400;\" aria-level=\"1\">Camki \u00e7ok \u00e7e\u015fitli \u00f6zellikler ve se\u00e7enekler sunar, b\u00f6ylece sohbet deneyiminizi ihtiya\u00e7lar\u0131n\u0131za g\u00f6re \u00f6zelle\u015ftirebilirsiniz. \u00c7e\u015fitli avatarlar, arka planlar ve yaz\u0131 tipleri aras\u0131ndan se\u00e7im yapabilir ve hatta sohbetlerinize \u00f6zel efektler ekleyebilirsiniz.<\/li>\n<li style=\"font-weight: 400;\" aria-level=\"1\">Camki her zaman geni\u015fliyor ve geli\u015fiyor. Kullan\u0131c\u0131lar\u0131m\u0131zdan gelen geri bildirimlere dayanarak s\u00fcrekli yeni \u00f6zellikler ekliyor ve iyile\u015ftirmeler yap\u0131yoruz. B\u00f6ylece Camki'nin her zaman m\u00fcmk\u00fcn olan en iyi sohbet deneyimini sa\u011flayaca\u011f\u0131ndan emin olabilirsiniz.<\/li>\n<\/ol>\n<h2>Camki kullanman\u0131n dezavantajlar\u0131<\/h2>\n<p>Camki kullanman\u0131n kullan\u0131c\u0131lar\u0131n bilmesi gereken birka\u00e7 dezavantaj\u0131 vard\u0131r. \u0130lk olarak, platform di\u011fer se\u00e7eneklerden baz\u0131lar\u0131 kadar g\u00fcvenli de\u011fildir. Bu, konu\u015fmalar\u0131n\u0131z\u0131n sald\u0131r\u0131ya veya ele ge\u00e7irilmeye kar\u015f\u0131 savunmas\u0131z olabilece\u011fi anlam\u0131na gelir. Ek olarak, Camki di\u011fer platformlara k\u0131yasla \u00e7ok fazla \u00f6zelli\u011fe sahip de\u011fildir, bu nedenle kendinizi yapabileceklerinizle s\u0131n\u0131rl\u0131 bulabilirsiniz.<\/p>\n<h2>Camki'nin \u00f6nemli \u00f6zellikleri<\/h2>\n<p>G\u00fcvenilir bir \u00e7evrimi\u00e7i sohbet platformu ar\u0131yorsan\u0131z, Camki m\u00fckemmel bir se\u00e7imdir. Di\u011fer sohbet platformlar\u0131ndan farkl\u0131 olmas\u0131n\u0131 sa\u011flayan \u00e7e\u015fitli \u00f6zellikler sunar. \u0130\u015fte Camki'nin en \u00f6nemli \u00f6zelliklerinden baz\u0131lar\u0131:<\/p>\n<ul>\n<li style=\"font-weight: 400;\" aria-level=\"1\">Camki inan\u0131lmaz derecede kullan\u0131c\u0131 dostu ve kullan\u0131m\u0131 kolayd\u0131r. Sohbet platformlar\u0131na a\u015fina olmasan\u0131z bile, Camki'yi nas\u0131l kullanaca\u011f\u0131n\u0131z\u0131 birka\u00e7 dakika i\u00e7inde anlayabileceksiniz.<\/li>\n<li style=\"font-weight: 400;\" aria-level=\"1\">Camki y\u00fcksek seviyede g\u00fcvenlik ve gizlilik sunar. T\u00fcm konu\u015fmalar\u0131n\u0131z ve sohbetleriniz korunur ve siz izin vermedi\u011finiz s\u00fcrece kimse bunlara eri\u015femez.<\/li>\n<li style=\"font-weight: 400;\" aria-level=\"1\">Camki, a\u011f olu\u015fturmak ve yeni insanlarla tan\u0131\u015fmak i\u00e7in harika bir platformdur. Sizinle benzer ilgi alanlar\u0131na sahip ki\u015fileri bulabilir ve onlarla kolayca ba\u011flant\u0131 kurabilirsiniz.<\/li>\n<li style=\"font-weight: 400;\" aria-level=\"1\">Camki ayr\u0131ca sohbet deneyiminizi \u00f6zelle\u015ftirmenize olanak tan\u0131yan \u00e7e\u015fitli \u00f6zellikler sunar. \u00d6rne\u011fin, daha ki\u015fisel hale getirmek i\u00e7in sohbet pencerenizin yaz\u0131 tipi boyutunu, rengini ve arka plan\u0131n\u0131 de\u011fi\u015ftirebilirsiniz.<\/li>\n<\/ul>\n<p>G\u00fcvenilir ve zengin \u00f6zelliklere sahip bir \u00e7evrimi\u00e7i sohbet platformu ar\u0131yorsan\u0131z, Camki m\u00fckemmel bir se\u00e7imdir!<\/p>\n<h2>Camki'den en iyi \u015fekilde nas\u0131l yararlan\u0131l\u0131r?<\/h2>\n<p>G\u00fcvenilir bir \u00e7evrimi\u00e7i sohbet platformu ar\u0131yorsan\u0131z, Camki kesinlikle g\u00f6z atmaya de\u011fer. Kullan\u0131m\u0131 kolay aray\u00fcz\u00fc ve geni\u015f \u00f6zellik yelpazesi ile Camki, d\u00fcnyan\u0131n neresinde olurlarsa olsunlar arkada\u015flar\u0131n\u0131z ve aile \u00fcyelerinizle ba\u011flant\u0131da kalman\u0131z\u0131 kolayla\u015ft\u0131r\u0131r. \u0130\u015fte Camki'den en iyi \u015fekilde nas\u0131l yararlanabilece\u011finize dair baz\u0131 ipu\u00e7lar\u0131:<\/p>\n<ol>\n<li style=\"font-weight: 400;\" aria-level=\"1\">Tan\u0131d\u0131\u011f\u0131n\u0131z veya tan\u0131\u015fmak istedi\u011finiz ki\u015fileri bulmak i\u00e7in arama i\u015flevini kullan\u0131n. Ki\u015fileri kullan\u0131c\u0131 adlar\u0131na, e-posta adreslerine ve hatta konumlar\u0131na g\u00f6re arayabilirsiniz.<\/li>\n<li style=\"font-weight: 400;\" aria-level=\"1\">Sohbet etmek istedi\u011finiz birini buldu\u011funuzda, sadece ismine t\u0131klay\u0131n ve sohbete ba\u015flay\u0131n. Camki ayr\u0131ca g\u00f6r\u00fcnt\u00fcl\u00fc arama yapman\u0131za da olanak tan\u0131r, b\u00f6ylece nerede olursan\u0131z olun ger\u00e7ekten y\u00fcz y\u00fcze konu\u015fuyormu\u015f gibi hissedebilirsiniz.<\/li>\n<li style=\"font-weight: 400;\" aria-level=\"1\">Camki'nin grup sohbeti ve dosya payla\u015f\u0131m\u0131 gibi di\u011fer \u00f6zelliklerinden yararlanmay\u0131 unutmay\u0131n. Bunlar, arkada\u015flar\u0131n\u0131zla bir proje \u00fczerinde \u00e7al\u0131\u015f\u0131rken veya b\u00fcy\u00fck bir dosyay\u0131 h\u0131zl\u0131 ve kolay bir \u015fekilde payla\u015fman\u0131z gerekti\u011finde kullan\u0131\u015fl\u0131 olabilir.<\/li>\n<li style=\"font-weight: 400;\" aria-level=\"1\">Ve son olarak, keyfinize bak\u0131n! Camki, de\u011fer verdi\u011finiz insanlarla ba\u011flant\u0131da kalman\u0131n harika bir yoludur, bu nedenle kullan\u0131rken e\u011flendi\u011finizden emin olun<\/li>\n<\/ol>\n<h2>Kullan\u0131m\u0131 g\u00fcvenli mi?<\/h2>\n<p>\u00c7evrimi\u00e7i sohbet platformlar\u0131 s\u00f6z konusu oldu\u011funda, her zaman g\u00fcvenlik sorunu vard\u0131r. Camki kullanmak g\u00fcvenli mi? Cevap evet! Camki, g\u00fcvenlik ve gizlili\u011fi ciddiye alan g\u00fcvenilir bir \u00e7evrimi\u00e7i sohbet platformudur. Camki'deki t\u00fcm sohbetler u\u00e7tan uca \u015fifrelenir, yani mesajlar\u0131 yaln\u0131zca g\u00f6nderen ve al\u0131c\u0131 okuyabilir. Ayr\u0131ca, Camki herhangi bir kullan\u0131c\u0131 verisi toplamaz veya saklamaz. B\u00f6ylece konu\u015fmalar\u0131n\u0131z\u0131n \u00f6zel ve g\u00fcvenli oldu\u011fundan emin olabilirsiniz.<\/p>\n<h2>Camki kullan\u0131rken \u00f6nleyici tedbirler<\/h2>\n<p>Sosyal medya ve di\u011fer \u00e7evrimi\u00e7i platformlar\u0131 kullan\u0131rken dikkatli olman\u0131n \u00f6nemini hepimiz biliyoruz. Ayn\u0131 \u015fey \u00e7evrimi\u00e7i bir sohbet platformu olan Camki i\u00e7in de ge\u00e7erli. \u0130\u015fte Camki kullan\u0131rken alman\u0131z gereken baz\u0131 \u00f6nleyici tedbirler:<\/p>\n<ol>\n<li style=\"font-weight: 400;\" aria-level=\"1\">Ki\u015fisel bilgilerinizi Camki'de kimseyle payla\u015fmay\u0131n. Buna tam ad\u0131n\u0131z, adresiniz, telefon numaran\u0131z, e-posta adresiniz vb. dahildir.<\/li>\n<li style=\"font-weight: 400;\" aria-level=\"1\">Camki'yi kullan\u0131rken t\u0131klad\u0131\u011f\u0131n\u0131z ba\u011flant\u0131lar konusunda dikkatli olun. Baz\u0131 ba\u011flant\u0131lar k\u00f6t\u00fc ama\u00e7l\u0131 olabilir ve sizi kimlik av\u0131 web sitelerine y\u00f6nlendirebilir veya cihaz\u0131n\u0131za k\u00f6t\u00fc ama\u00e7l\u0131 yaz\u0131l\u0131m indirebilir.<\/li>\n<li style=\"font-weight: 400;\" aria-level=\"1\">Camki \u00fczerinde herhangi bir yasa d\u0131\u015f\u0131 faaliyette bulunmay\u0131n. Buna telif hakk\u0131yla korunan materyalleri payla\u015fmak veya siber zorbal\u0131k yapmak da dahildir.<\/li>\n<li style=\"font-weight: 400;\" aria-level=\"1\">Camki'de herhangi bir \u015f\u00fcpheli faaliyetle kar\u015f\u0131la\u015f\u0131rsan\u0131z, bunu derhal platformun y\u00f6neticilerine bildirin.<\/li>\n<\/ol>\n<p>Bu basit y\u00f6nergeleri izleyerek, Camki'yi kullan\u0131rken g\u00fcvenli ve keyifli bir deneyim ya\u015fayabilirsiniz!<\/p>\n<h2>Camki'ye alternatifler<\/h2>\n<p>\u00c7evrimi\u00e7i rastgele g\u00f6r\u00fcnt\u00fcl\u00fc sohbet platformlar\u0131 s\u00f6z konusu oldu\u011funda, Camki piyasadaki en g\u00fcvenilir se\u00e7eneklerden biridir. Bununla birlikte, benzer \u00f6zellikler ve i\u015flevsellik sunan ba\u015fka platformlar da mevcuttur. \u0130\u015fte Camki'ye d\u00fc\u015f\u00fcnmek isteyebilece\u011finiz baz\u0131 alternatifler:<\/p>\n<p><a href=\"https:\/\/strangercam.com\/tr\/omegle\/\">Omegle<\/a>: Omegle, en iyi bilinen rastgele g\u00f6r\u00fcnt\u00fcl\u00fc sohbet platformlar\u0131ndan biridir. Metin ve g\u00f6r\u00fcnt\u00fcl\u00fc sohbet dahil olmak \u00fczere \u00e7e\u015fitli \u00f6zellikler sunar ve \u00e7e\u015fitli cihazlarda kullan\u0131labilir.<\/p>\n<p><a href=\"https:\/\/strangercam.com\/tr\/chatroulette\/\">Chatroulette<\/a>: Chatroulette, d\u00fcnyan\u0131n her yerinden insanlarla ba\u011flant\u0131 kurman\u0131za olanak tan\u0131yan bir ba\u015fka pop\u00fcler g\u00f6r\u00fcnt\u00fcl\u00fc sohbet platformudur. Belirli \u00fclkelerden insanlarla sohbet etme yetene\u011fi de dahil olmak \u00fczere \u00e7e\u015fitli \u00f6zellikler sunar.<\/p>\n<p><a href=\"https:\/\/strangercam.com\/tr\/bazoocam\/\">Bazoocam<\/a>: Bazoocam, belirli \u00fclkelerden insanlarla sohbet etme yetene\u011fi de dahil olmak \u00fczere \u00e7e\u015fitli \u00f6zellikler sunan ba\u015fka bir rastgele g\u00f6r\u00fcnt\u00fcl\u00fc sohbet platformudur.<\/p>\n<h2>Sonu\u00e7<\/h2>\n<p>Umar\u0131z g\u00fcvenilir bir \u00e7evrimi\u00e7i sohbet platformu olan Camki hakk\u0131ndaki makalemizi be\u011fenmi\u015fsinizdir. \u0130ster arkada\u015flar\u0131n\u0131zla ileti\u015fim kurmak i\u00e7in yeni bir yol ar\u0131yor olun, ister sadece Camki'nin neler sunabilece\u011fini merak ediyor olun, \u00f6zelliklerinden etkilenece\u011finizi d\u00fc\u015f\u00fcn\u00fcyoruz. Herhangi bir sorunuz veya yorumunuz varsa, l\u00fctfen bunlar\u0131 a\u015fa\u011f\u0131daki b\u00f6l\u00fcmde b\u0131rakmaktan \u00e7ekinmeyin.<\/p>","protected":false},"excerpt":{"rendered":"<p>There are many online chatting platforms available today. Among them, Camki is a reliable online chatting platform that offers various features to its users. Some of these features include audio and video call support, instant messaging, file sharing, etc. What is Camki? Camki is a new online chatting platform that has been gaining popularity lately. [&hellip;]<\/p>\n","protected":false},"author":6,"featured_media":559,"parent":0,"menu_order":0,"comment_status":"closed","ping_status":"closed","template":"","meta":{"footnotes":""},"class_list":["post-11142","page","type-page","status-publish","has-post-thumbnail","hentry"],"yoast_head":"<!-- This site is optimized with the Yoast SEO plugin v27.4 - https:\/\/yoast.com\/product\/yoast-seo-wordpress\/ -->\n<title>Camki - Chat with strangers on StrangerCam.com<\/title>\n<meta name=\"description\" content=\"Like Camki? Come chat with more than 5.000.000 strangers on Stranger Cam for Free! Turn on your cam and find new friends &amp; maby a match!\" \/>\n<meta name=\"robots\" content=\"index, follow, max-snippet:-1, max-image-preview:large, max-video-preview:-1\" \/>\n<link rel=\"canonical\" href=\"https:\/\/strangercam.com\/tr\/camki\/\" \/>\n<meta property=\"og:locale\" content=\"tr_TR\" \/>\n<meta property=\"og:type\" content=\"article\" \/>\n<meta property=\"og:title\" content=\"Camki - Chat with strangers on StrangerCam.com\" \/>\n<meta property=\"og:description\" content=\"Like Camki? Come chat with more than 5.000.000 strangers on Stranger Cam for Free! Turn on your cam and find new friends &amp; maby a match!\" \/>\n<meta property=\"og:url\" content=\"https:\/\/strangercam.com\/tr\/camki\/\" \/>\n<meta property=\"og:site_name\" content=\"Strangercam\" \/>\n<meta property=\"article:publisher\" content=\"https:\/\/www.facebook.com\/strangercam\" \/>\n<meta property=\"article:modified_time\" content=\"2023-08-21T09:40:39+00:00\" \/>\n<meta property=\"og:image\" content=\"https:\/\/strangercam.com\/wp-content\/uploads\/2020\/11\/stranger-cam-1.png\" \/>\n\t<meta property=\"og:image:width\" content=\"800\" \/>\n\t<meta property=\"og:image:height\" content=\"800\" \/>\n\t<meta property=\"og:image:type\" content=\"image\/png\" \/>\n<meta name=\"twitter:card\" content=\"summary_large_image\" \/>\n<meta name=\"twitter:site\" content=\"@strangercamapp\" \/>\n<meta name=\"twitter:label1\" content=\"Tahmini okuma s\u00fcresi\" \/>\n\t<meta name=\"twitter:data1\" content=\"6 dakika\" \/>\n<script type=\"application\/ld+json\" class=\"yoast-schema-graph\">{\"@context\":\"https:\\\/\\\/schema.org\",\"@graph\":[{\"@type\":\"WebPage\",\"@id\":\"https:\\\/\\\/strangercam.com\\\/camki\\\/\",\"url\":\"https:\\\/\\\/strangercam.com\\\/camki\\\/\",\"name\":\"Camki - Chat with strangers on StrangerCam.com\",\"isPartOf\":{\"@id\":\"https:\\\/\\\/strangercam.com\\\/#website\"},\"primaryImageOfPage\":{\"@id\":\"https:\\\/\\\/strangercam.com\\\/camki\\\/#primaryimage\"},\"image\":{\"@id\":\"https:\\\/\\\/strangercam.com\\\/camki\\\/#primaryimage\"},\"thumbnailUrl\":\"https:\\\/\\\/strangercam.com\\\/wp-content\\\/uploads\\\/2020\\\/11\\\/stranger-cam-1.png\",\"datePublished\":\"2022-08-11T13:06:21+00:00\",\"dateModified\":\"2023-08-21T09:40:39+00:00\",\"description\":\"Like Camki? Come chat with more than 5.000.000 strangers on Stranger Cam for Free! Turn on your cam and find new friends & maby a match!\",\"breadcrumb\":{\"@id\":\"https:\\\/\\\/strangercam.com\\\/camki\\\/#breadcrumb\"},\"inLanguage\":\"tr\",\"potentialAction\":[{\"@type\":\"ReadAction\",\"target\":[\"https:\\\/\\\/strangercam.com\\\/camki\\\/\"]}]},{\"@type\":\"ImageObject\",\"inLanguage\":\"tr\",\"@id\":\"https:\\\/\\\/strangercam.com\\\/camki\\\/#primaryimage\",\"url\":\"https:\\\/\\\/strangercam.com\\\/wp-content\\\/uploads\\\/2020\\\/11\\\/stranger-cam-1.png\",\"contentUrl\":\"https:\\\/\\\/strangercam.com\\\/wp-content\\\/uploads\\\/2020\\\/11\\\/stranger-cam-1.png\",\"width\":800,\"height\":800,\"caption\":\"stranger cam random video chat\"},{\"@type\":\"BreadcrumbList\",\"@id\":\"https:\\\/\\\/strangercam.com\\\/camki\\\/#breadcrumb\",\"itemListElement\":[{\"@type\":\"ListItem\",\"position\":1,\"name\":\"Home\",\"item\":\"https:\\\/\\\/strangercam.com\\\/\"},{\"@type\":\"ListItem\",\"position\":2,\"name\":\"Camki\"}]},{\"@type\":\"WebSite\",\"@id\":\"https:\\\/\\\/strangercam.com\\\/#website\",\"url\":\"https:\\\/\\\/strangercam.com\\\/\",\"name\":\"Strangercam\",\"description\":\"Random Video Chat with Strangers\",\"publisher\":{\"@id\":\"https:\\\/\\\/strangercam.com\\\/#organization\"},\"alternateName\":\"Strangercam.com\",\"potentialAction\":[{\"@type\":\"SearchAction\",\"target\":{\"@type\":\"EntryPoint\",\"urlTemplate\":\"https:\\\/\\\/strangercam.com\\\/?s={search_term_string}\"},\"query-input\":{\"@type\":\"PropertyValueSpecification\",\"valueRequired\":true,\"valueName\":\"search_term_string\"}}],\"inLanguage\":\"tr\"},{\"@type\":\"Organization\",\"@id\":\"https:\\\/\\\/strangercam.com\\\/#organization\",\"name\":\"Strangercam\",\"alternateName\":\"Strangercam.com\",\"url\":\"https:\\\/\\\/strangercam.com\\\/\",\"logo\":{\"@type\":\"ImageObject\",\"inLanguage\":\"tr\",\"@id\":\"https:\\\/\\\/strangercam.com\\\/#\\\/schema\\\/logo\\\/image\\\/\",\"url\":\"https:\\\/\\\/strangercam.com\\\/wp-content\\\/uploads\\\/2020\\\/11\\\/cropped-new-favicon-black.png\",\"contentUrl\":\"https:\\\/\\\/strangercam.com\\\/wp-content\\\/uploads\\\/2020\\\/11\\\/cropped-new-favicon-black.png\",\"width\":512,\"height\":512,\"caption\":\"Strangercam\"},\"image\":{\"@id\":\"https:\\\/\\\/strangercam.com\\\/#\\\/schema\\\/logo\\\/image\\\/\"},\"sameAs\":[\"https:\\\/\\\/www.facebook.com\\\/strangercam\",\"https:\\\/\\\/x.com\\\/strangercamapp\"]}]}<\/script>\n<!-- \/ Yoast SEO plugin. -->","yoast_head_json":{"title":"Camki - StrangerCam.com'da yabanc\u0131larla sohbet edin","description":"Camki'yi be\u011fendiniz mi? Gelin Stranger Cam'de 5.000.000'dan fazla yabanc\u0131yla \u00dccretsiz sohbet edin! Kameran\u0131z\u0131 a\u00e7\u0131n ve yeni arkada\u015flar ve belki bir e\u015fle\u015fme bulun!","robots":{"index":"index","follow":"follow","max-snippet":"max-snippet:-1","max-image-preview":"max-image-preview:large","max-video-preview":"max-video-preview:-1"},"canonical":"https:\/\/strangercam.com\/tr\/camki\/","og_locale":"tr_TR","og_type":"article","og_title":"Camki - Chat with strangers on StrangerCam.com","og_description":"Like Camki? Come chat with more than 5.000.000 strangers on Stranger Cam for Free! Turn on your cam and find new friends & maby a match!","og_url":"https:\/\/strangercam.com\/tr\/camki\/","og_site_name":"Strangercam","article_publisher":"https:\/\/www.facebook.com\/strangercam","article_modified_time":"2023-08-21T09:40:39+00:00","og_image":[{"width":800,"height":800,"url":"https:\/\/strangercam.com\/wp-content\/uploads\/2020\/11\/stranger-cam-1.png","type":"image\/png"}],"twitter_card":"summary_large_image","twitter_site":"@strangercamapp","twitter_misc":{"Tahmini okuma s\u00fcresi":"6 dakika"},"schema":{"@context":"https:\/\/schema.org","@graph":[{"@type":"WebPage","@id":"https:\/\/strangercam.com\/camki\/","url":"https:\/\/strangercam.com\/camki\/","name":"Camki - StrangerCam.com'da yabanc\u0131larla sohbet edin","isPartOf":{"@id":"https:\/\/strangercam.com\/#website"},"primaryImageOfPage":{"@id":"https:\/\/strangercam.com\/camki\/#primaryimage"},"image":{"@id":"https:\/\/strangercam.com\/camki\/#primaryimage"},"thumbnailUrl":"https:\/\/strangercam.com\/wp-content\/uploads\/2020\/11\/stranger-cam-1.png","datePublished":"2022-08-11T13:06:21+00:00","dateModified":"2023-08-21T09:40:39+00:00","description":"Camki'yi be\u011fendiniz mi? Gelin Stranger Cam'de 5.000.000'dan fazla yabanc\u0131yla \u00dccretsiz sohbet edin! Kameran\u0131z\u0131 a\u00e7\u0131n ve yeni arkada\u015flar ve belki bir e\u015fle\u015fme bulun!","breadcrumb":{"@id":"https:\/\/strangercam.com\/camki\/#breadcrumb"},"inLanguage":"tr","potentialAction":[{"@type":"ReadAction","target":["https:\/\/strangercam.com\/camki\/"]}]},{"@type":"ImageObject","inLanguage":"tr","@id":"https:\/\/strangercam.com\/camki\/#primaryimage","url":"https:\/\/strangercam.com\/wp-content\/uploads\/2020\/11\/stranger-cam-1.png","contentUrl":"https:\/\/strangercam.com\/wp-content\/uploads\/2020\/11\/stranger-cam-1.png","width":800,"height":800,"caption":"stranger cam random video chat"},{"@type":"BreadcrumbList","@id":"https:\/\/strangercam.com\/camki\/#breadcrumb","itemListElement":[{"@type":"ListItem","position":1,"name":"Home","item":"https:\/\/strangercam.com\/"},{"@type":"ListItem","position":2,"name":"Camki"}]},{"@type":"WebSite","@id":"https:\/\/strangercam.com\/#website","url":"https:\/\/strangercam.com\/","name":"Strangercam","description":"Yabanc\u0131larla Rastgele G\u00f6r\u00fcnt\u00fcl\u00fc Sohbet","publisher":{"@id":"https:\/\/strangercam.com\/#organization"},"alternateName":"Strangercam.com","potentialAction":[{"@type":"SearchAction","target":{"@type":"EntryPoint","urlTemplate":"https:\/\/strangercam.com\/?s={search_term_string}"},"query-input":{"@type":"PropertyValueSpecification","valueRequired":true,"valueName":"search_term_string"}}],"inLanguage":"tr"},{"@type":"Organization","@id":"https:\/\/strangercam.com\/#organization","name":"Strangercam","alternateName":"Strangercam.com","url":"https:\/\/strangercam.com\/","logo":{"@type":"ImageObject","inLanguage":"tr","@id":"https:\/\/strangercam.com\/#\/schema\/logo\/image\/","url":"https:\/\/strangercam.com\/wp-content\/uploads\/2020\/11\/cropped-new-favicon-black.png","contentUrl":"https:\/\/strangercam.com\/wp-content\/uploads\/2020\/11\/cropped-new-favicon-black.png","width":512,"height":512,"caption":"Strangercam"},"image":{"@id":"https:\/\/strangercam.com\/#\/schema\/logo\/image\/"},"sameAs":["https:\/\/www.facebook.com\/strangercam","https:\/\/x.com\/strangercamapp"]}]}},"_links":{"self":[{"href":"https:\/\/strangercam.com\/tr\/wp-json\/wp\/v2\/pages\/11142","targetHints":{"allow":["GET"]}}],"collection":[{"href":"https:\/\/strangercam.com\/tr\/wp-json\/wp\/v2\/pages"}],"about":[{"href":"https:\/\/strangercam.com\/tr\/wp-json\/wp\/v2\/types\/page"}],"author":[{"embeddable":true,"href":"https:\/\/strangercam.com\/tr\/wp-json\/wp\/v2\/users\/6"}],"replies":[{"embeddable":true,"href":"https:\/\/strangercam.com\/tr\/wp-json\/wp\/v2\/comments?post=11142"}],"version-history":[{"count":0,"href":"https:\/\/strangercam.com\/tr\/wp-json\/wp\/v2\/pages\/11142\/revisions"}],"wp:featuredmedia":[{"embeddable":true,"href":"https:\/\/strangercam.com\/tr\/wp-json\/wp\/v2\/media\/559"}],"wp:attachment":[{"href":"https:\/\/strangercam.com\/tr\/wp-json\/wp\/v2\/media?parent=11142"}],"curies":[{"name":"wp","href":"https:\/\/api.w.org\/{rel}","templated":true}]}}