{"id":11129,"date":"2022-08-11T14:56:49","date_gmt":"2022-08-11T12:56:49","guid":{"rendered":"https:\/\/strangercam.com\/?page_id=11129"},"modified":"2023-08-21T12:38:21","modified_gmt":"2023-08-21T10:38:21","slug":"roulette-chat","status":"publish","type":"page","link":"https:\/\/strangercam.com\/tr\/roulette-chat\/","title":{"rendered":"Roulette Chat"},"content":{"rendered":"<p><a href=\"https:\/\/strangercam.com\/tr\/chathub\/\">Sohbet<\/a> roulette, d\u00fcnyan\u0131n her yerinden insanlarla ba\u011flant\u0131 kurman\u0131z\u0131 sa\u011flayan benzersiz bir sohbet hizmetidir. Hizmet tamamen \u00fccretsizdir ve hi\u00e7bir gizli \u00fccret veya masraf yoktur. Hizmeti yabanc\u0131larla sohbet etmek, yeni arkada\u015flar edinmek ve hatta bir tarih bulmak i\u00e7in kullanabilirsiniz!<\/p>\n<h2>Rulet sohbeti nedir?<\/h2>\n<p>Rulet-sohbet, kullan\u0131c\u0131lar\u0131n ba\u015fkalar\u0131yla rastgele ba\u011flant\u0131 kurmas\u0131na olanak tan\u0131yan bir \u00e7evrimi\u00e7i sohbet t\u00fcr\u00fcd\u00fcr. Geleneksel bir sohbet odas\u0131na benzer, ancak konu\u015ftu\u011funuz ki\u015fiyi g\u00f6rebilme unsuru eklenmi\u015ftir. Bu, a\u015fa\u011f\u0131dakiler i\u00e7in harika bir yol olabilir <a href=\"https:\/\/strangercam.com\/tr\/coomeet\/\">tan\u0131\u015fmak<\/a> Yeni insanlar tan\u0131mak ya da normalde konu\u015fmad\u0131\u011f\u0131n\u0131z biriyle sohbet etmek i\u00e7in.<\/p>\n<h2>Rulet sohbetinin faydalar\u0131<\/h2>\n<p>Rulet-chat-roulette'in bir\u00e7ok faydas\u0131 vard\u0131r. Yeni ba\u015flayanlar i\u00e7in, d\u00fcnyan\u0131n her yerinden yeni insanlarla tan\u0131\u015fmak i\u00e7in harika bir yoldur. Farkl\u0131 \u00fclkelerden insanlarla sohbet ederek farkl\u0131 k\u00fclt\u00fcrler ve ya\u015fam tarzlar\u0131 hakk\u0131nda da bilgi edinebilirsiniz. Ayr\u0131ca, yeni arkada\u015flar edinmek ve hatta a\u015fk\u0131 bulmak i\u00e7in harika bir yoldur.<\/p>\n<h2>En iyi rulet sohbet odas\u0131 nas\u0131l bulunur<\/h2>\n<p>En iyi rulet-sohbet odas\u0131n\u0131 bulmak istiyorsan\u0131z, akl\u0131n\u0131zda bulundurman\u0131z gereken birka\u00e7 \u015fey var. Her \u015feyden \u00f6nce, sohbet odas\u0131n\u0131n iyi y\u00f6netildi\u011finden emin olun. Bu, konu\u015fmalar\u0131n sayg\u0131l\u0131 ve medeni olmas\u0131n\u0131 sa\u011flayacakt\u0131r. \u0130kinci olarak, iyi bir \u00fcne sahip bir sohbet odas\u0131 aray\u0131n. Bu, yorumlar\u0131 okuyarak veya di\u011fer sohbet odalar\u0131na sorarak belirlenebilir. Son olarak, se\u00e7ti\u011finiz sohbet odas\u0131n\u0131n iyi bir oyun ve \u00f6zellik yelpazesine sahip oldu\u011fundan emin olun. Bu, yapacak \u00e7ok \u015feyiniz olmas\u0131n\u0131 ve s\u0131k\u0131lmaman\u0131z\u0131 sa\u011flayacakt\u0131r.<\/p>\n<h2>Rulet sohbetinden en iyi \u015fekilde nas\u0131l yararlan\u0131l\u0131r<\/h2>\n<p>Rulet sohbetinin tad\u0131n\u0131 \u00e7\u0131karman\u0131n ve bundan en iyi \u015fekilde yararlanman\u0131n bir\u00e7ok yolu vard\u0131r. \u0130\u015fte birka\u00e7 ipucu:<\/p>\n<ol>\n<li style=\"font-weight: 400;\" aria-level=\"1\">Di\u011fer kullan\u0131c\u0131lar\u0131 tan\u0131y\u0131n. Di\u011fer kullan\u0131c\u0131lar\u0131n profillerine g\u00f6z atmak ve onlar hakk\u0131nda biraz bilgi edinmek i\u00e7in biraz zaman ay\u0131r\u0131n. Bu, bir sohbet ba\u015flatmay\u0131 kolayla\u015ft\u0131racakt\u0131r.<\/li>\n<li style=\"font-weight: 400;\" aria-level=\"1\">Arkada\u015f canl\u0131s\u0131 ve cana yak\u0131n olun. Biriyle sohbet etmeye ba\u015flamaktan korkmay\u0131n. Herkes sohbet etmek ve e\u011flenmek i\u00e7in burada, bu y\u00fczden sadece kendiniz olun!<\/li>\n<li style=\"font-weight: 400;\" aria-level=\"1\">Sohbet \u00f6zelliklerini kullan\u0131n. Rulet-sohbet, deneyiminizi daha keyifli hale getirebilecek bir\u00e7ok \u00f6zellik sunar. Bunlar\u0131 kullan\u0131n!<\/li>\n<li style=\"font-weight: 400;\" aria-level=\"1\">Buralarda tak\u0131l\u0131n ve bir s\u00fcre sohbet edin. Ne kadar \u00e7ok sohbet ederseniz, di\u011fer kullan\u0131c\u0131lar\u0131 o kadar \u00e7ok tan\u0131yacak ve o kadar \u00e7ok e\u011fleneceksiniz.<\/li>\n<li style=\"font-weight: 400;\" aria-level=\"1\">\u0130yi e\u011flenceler! Rulet sohbetinin amac\u0131 budur, bu y\u00fczden rahatlay\u0131n ve keyfinize bak\u0131n!<\/li>\n<\/ol>\n<h2>Rulet-chat neden bu kadar pop\u00fcler rastgele g\u00f6r\u00fcnt\u00fcl\u00fc sohbet platformudur?<\/h2>\n<p>Rulet-chat'in rastgele bir g\u00f6r\u00fcnt\u00fcl\u00fc sohbet platformu olarak bu kadar pop\u00fcler olmas\u0131n\u0131n bir\u00e7ok nedeni vard\u0131r. \u0130lk olarak, kullan\u0131m\u0131 inan\u0131lmaz derecede kolayd\u0131r. Bir hesap i\u00e7in kaydolman\u0131za veya herhangi bir yaz\u0131l\u0131m indirmenize gerek yoktur. Sadece web sitesini a\u00e7\u0131n ve sohbete ba\u015flay\u0131n.<\/p>\n<p>\u0130kincisi, rulet-sohbet tamamen \u00fccretsizdir. Rastgele yabanc\u0131larla sohbet etmek i\u00e7in hi\u00e7bir \u015fey \u00f6demenize gerek yok. Gizli \u00fccretler veya abonelik planlar\u0131 yoktur.<\/p>\n<p>\u00dc\u00e7\u00fcnc\u00fc olarak <a href=\"https:\/\/strangercam.com\/tr\/chatroulette\/\">chatroulette<\/a> \u00f6zelli\u011fi \u00e7ok benzersiz ve ilgin\u00e7tir. Di\u011fer sohbet platformlar\u0131ndan farkl\u0131d\u0131r \u00e7\u00fcnk\u00fc bir sonraki ad\u0131mda kiminle konu\u015faca\u011f\u0131n\u0131z\u0131 asla bilemezsiniz. Bu s\u00fcrpriz unsuru, deneyimi daha heyecanl\u0131 ve e\u011flenceli hale getiriyor.<\/p>\n<p>D\u00f6rd\u00fcnc\u00fcs\u00fc, rulet-sohbet geni\u015f bir kullan\u0131c\u0131 taban\u0131na sahiptir. Herhangi bir zamanda her zaman binlerce \u00e7evrimi\u00e7i insan vard\u0131r, bu nedenle ne zaman oturum a\u00e7arsan\u0131z a\u00e7\u0131n sohbet edecek birini bulaca\u011f\u0131n\u0131zdan emin olabilirsiniz.<\/p>\n<p>Son olarak, rulet-chat bir\u00e7ok farkl\u0131 dilde mevcuttur. Bu, onu d\u00fcnyan\u0131n her yerinden insanlar i\u00e7in eri\u015filebilir k\u0131lar. Hangi dili konu\u015fursan\u0131z konu\u015fun, rulet-chat'te sohbet edecek birini bulabileceksiniz.<\/p>\n<h2>Kullan\u0131m\u0131 g\u00fcvenli mi?<\/h2>\n<p>Rulet sohbetini kullanman\u0131n g\u00fcvenli olup olmad\u0131\u011f\u0131n\u0131 merak ediyorsan\u0131z, sayg\u0131n bir site kulland\u0131\u011f\u0131n\u0131z s\u00fcrece cevab\u0131m\u0131z evettir. Bununla birlikte, herhangi bir \u00e7evrimi\u00e7i etkinlikle ili\u015fkili riskler her zaman vard\u0131r, bu nedenle bunlar\u0131n fark\u0131nda olmak ve kendinizi korumak i\u00e7in ad\u0131mlar atmak \u00f6nemlidir. Rulet sohbeti s\u00f6z konusu oldu\u011funda, ana riskler kimlik h\u0131rs\u0131zl\u0131\u011f\u0131 ve doland\u0131r\u0131c\u0131l\u0131kla ilgilidir. Kimlik h\u0131rs\u0131zl\u0131\u011f\u0131, birisinin ad\u0131n\u0131z, adresiniz ve do\u011fum tarihiniz gibi ki\u015fisel bilgilerinize eri\u015fmesi durumunda ger\u00e7ekle\u015febilir. Doland\u0131r\u0131c\u0131l\u0131k, finansal bilgilerinizi vermeniz veya tan\u0131mad\u0131\u011f\u0131n\u0131z birine para g\u00f6ndermeniz i\u00e7in kand\u0131r\u0131lman\u0131z durumunda ortaya \u00e7\u0131kabilir.<\/p>\n<h2>Rastgele g\u00f6r\u00fcnt\u00fcl\u00fc sohbet uygulamas\u0131n\u0131 kullan\u0131rken nas\u0131l g\u00fcvende olunur?<\/h2>\n<p>Her t\u00fcrl\u00fc rastgele g\u00f6r\u00fcnt\u00fcl\u00fc sohbet uygulamas\u0131n\u0131 kullan\u0131rken, kendinizi korumak i\u00e7in alman\u0131z gereken baz\u0131 g\u00fcvenlik \u00f6nlemleri vard\u0131r. \u0130\u015fte rulet-sohbet kullan\u0131rken nas\u0131l g\u00fcvende olaca\u011f\u0131n\u0131za dair birka\u00e7 ipucu:<\/p>\n<ol>\n<li style=\"font-weight: 400;\" aria-level=\"1\">Tan\u0131mad\u0131\u011f\u0131n\u0131z birine asla ki\u015fisel bilgilerinizi vermeyin. Buna tam ad\u0131n\u0131z, adresiniz, telefon numaran\u0131z, e-posta adresiniz vb. dahildir.<\/li>\n<li style=\"font-weight: 400;\" aria-level=\"1\">Birisi sizden para veya ki\u015fisel finansal bilgilerinizi isterse, g\u00f6r\u00fc\u015fmeyi derhal sonland\u0131r\u0131n ve bu ki\u015fiyi uygulaman\u0131n moderat\u00f6rlerine bildirin.<\/li>\n<li style=\"font-weight: 400;\" aria-level=\"1\">Olmad\u0131klar\u0131 biri gibi davranarak insanlar\u0131 kand\u0131rmaya \u00e7al\u0131\u015fan doland\u0131r\u0131c\u0131lara ve oltac\u0131lara kar\u015f\u0131 dikkatli olun. E\u011fer birisi ger\u00e7ek olamayacak kadar iyi g\u00f6r\u00fcn\u00fcyorsa, muhtemelen \u00f6yledir.<\/li>\n<li style=\"font-weight: 400;\" aria-level=\"1\">Gizlilik ayarlar\u0131n\u0131z\u0131 g\u00fcncel tutun ve m\u00fcmk\u00fcn olan en y\u00fcksek seviyeye ayarlay\u0131n. Bu, yabanc\u0131lar\u0131n ki\u015fisel bilgilerinize eri\u015fmesini \u00f6nlemeye yard\u0131mc\u0131 olacakt\u0131r.<\/li>\n<li style=\"font-weight: 400;\" aria-level=\"1\">Her zaman kullan\u0131c\u0131lar\u0131n\u0131 korumak i\u00e7in s\u0131k\u0131 g\u00fcvenlik \u00f6nlemleri olan Roulette-Chat gibi sayg\u0131n ve g\u00fcvenilir bir rastgele g\u00f6r\u00fcnt\u00fcl\u00fc sohbet uygulamas\u0131 kullan\u0131n.<\/li>\n<\/ol>\n<h2>Rulet sohbetine alternatifler<\/h2>\n<p>\u0130nternette rulet-sohbet i\u00e7in bir\u00e7ok alternatif mevcuttur. Bu alternatiflerden baz\u0131lar\u0131 \u015funlard\u0131r:<\/p>\n<ol>\n<li style=\"font-weight: 400;\" aria-level=\"1\"><a href=\"https:\/\/strangercam.com\/tr\/omegle\/\">Omegle<\/a>: Bu, milyonlarca kullan\u0131c\u0131s\u0131 olan pop\u00fcler bir chatroulette sitesidir. Kullan\u0131m\u0131 \u00fccretsizdir ve d\u00fcnyan\u0131n her yerinden yabanc\u0131larla sohbet edebilirsiniz.<\/li>\n<li style=\"font-weight: 400;\" aria-level=\"1\">Chatrandom: Bu site Omegle'ye benzer ve ayr\u0131ca milyonlarca kullan\u0131c\u0131s\u0131 vard\u0131r. Ayr\u0131ca kullan\u0131m\u0131 \u00fccretsizdir ve d\u00fcnyan\u0131n her yerinden yabanc\u0131larla sohbet edebilirsiniz.<\/li>\n<li style=\"font-weight: 400;\" aria-level=\"1\"><a href=\"https:\/\/strangercam.com\/tr\/bazoocam\/\">Bazoocam<\/a>: Bu, binlerce kullan\u0131c\u0131s\u0131 olan bir Frans\u0131z chatroulette sitesidir. Kullan\u0131m\u0131 \u00fccretsizdir ve Fransa'dan ve di\u011fer Frans\u0131zca konu\u015fulan \u00fclkelerden yabanc\u0131larla sohbet edebilirsiniz.<\/li>\n<li style=\"font-weight: 400;\" aria-level=\"1\">Camsurf: Bu, d\u00fcnyan\u0131n her yerinden milyonlarca kullan\u0131c\u0131s\u0131 olan pop\u00fcler bir chatroulette sitesidir. Kullan\u0131m\u0131 \u00fccretsizdir ve d\u00fcnyan\u0131n her yerinden yabanc\u0131larla sohbet edebilirsiniz.<\/li>\n<li style=\"font-weight: 400;\" aria-level=\"1\">Tinychat: Bu site chatroulette'e benzer ve d\u00fcnyan\u0131n her yerinden binlerce kullan\u0131c\u0131s\u0131 vard\u0131r. Kullan\u0131m\u0131 \u00fccretsizdir ve d\u00fcnyan\u0131n her yerinden yabanc\u0131larla sohbet edebilirsiniz.<\/li>\n<\/ol>\n<h2>Sonu\u00e7<\/h2>\n<p>Rulet sohbeti yeni insanlarla tan\u0131\u015fmak ve biraz e\u011flenmek i\u00e7in harika bir yoldur. Ba\u015flamak kolayd\u0131r ve sohbet edilecek \u00e7ok say\u0131da insan vard\u0131r. \u0130ster ciddi bir ili\u015fki ister sadece s\u0131radan bir e\u011flence ar\u0131yor olun, rulet sohbeti harika bir se\u00e7enektir.<\/p>","protected":false},"excerpt":{"rendered":"<p>Chat roulette is a unique chat service that allows you to connect with people from all over the world. The service is completely free, and there are no hidden fees or charges. You can use the service to chat with strangers, make new friends, or even find a date! What is roulette chat? Roulette-chat is [&hellip;]<\/p>\n","protected":false},"author":6,"featured_media":559,"parent":0,"menu_order":0,"comment_status":"closed","ping_status":"closed","template":"","meta":{"footnotes":""},"class_list":["post-11129","page","type-page","status-publish","has-post-thumbnail","hentry"],"yoast_head":"<!-- This site is optimized with the Yoast SEO plugin v26.9 - https:\/\/yoast.com\/product\/yoast-seo-wordpress\/ -->\n<title>Roulette Chat - Chat with strangers on StrangerCam.com<\/title>\n<meta name=\"description\" content=\"Like Roulette Chat? Come chat with more than 5.000.000 strangers on Stranger Cam for Free! Turn on your cam and find new friends &amp; maby a match!\" \/>\n<meta name=\"robots\" content=\"index, follow, max-snippet:-1, max-image-preview:large, max-video-preview:-1\" \/>\n<link rel=\"canonical\" href=\"https:\/\/strangercam.com\/tr\/roulette-chat\/\" \/>\n<meta property=\"og:locale\" content=\"tr_TR\" \/>\n<meta property=\"og:type\" content=\"article\" \/>\n<meta property=\"og:title\" content=\"Roulette Chat - Chat with strangers on StrangerCam.com\" \/>\n<meta property=\"og:description\" content=\"Like Roulette Chat? Come chat with more than 5.000.000 strangers on Stranger Cam for Free! Turn on your cam and find new friends &amp; maby a match!\" \/>\n<meta property=\"og:url\" content=\"https:\/\/strangercam.com\/tr\/roulette-chat\/\" \/>\n<meta property=\"og:site_name\" content=\"Strangercam\" \/>\n<meta property=\"article:publisher\" content=\"https:\/\/www.facebook.com\/strangercam\" \/>\n<meta property=\"article:modified_time\" content=\"2023-08-21T10:38:21+00:00\" \/>\n<meta property=\"og:image\" content=\"https:\/\/strangercam.com\/wp-content\/uploads\/2020\/11\/stranger-cam-1.png\" \/>\n\t<meta property=\"og:image:width\" content=\"800\" \/>\n\t<meta property=\"og:image:height\" content=\"800\" \/>\n\t<meta property=\"og:image:type\" content=\"image\/png\" \/>\n<meta name=\"twitter:card\" content=\"summary_large_image\" \/>\n<meta name=\"twitter:site\" content=\"@strangercamapp\" \/>\n<meta name=\"twitter:label1\" content=\"Tahmini okuma s\u00fcresi\" \/>\n\t<meta name=\"twitter:data1\" content=\"5 dakika\" \/>\n<script type=\"application\/ld+json\" class=\"yoast-schema-graph\">{\"@context\":\"https:\/\/schema.org\",\"@graph\":[{\"@type\":\"WebPage\",\"@id\":\"https:\/\/strangercam.com\/roulette-chat\/\",\"url\":\"https:\/\/strangercam.com\/roulette-chat\/\",\"name\":\"Roulette Chat - Chat with strangers on StrangerCam.com\",\"isPartOf\":{\"@id\":\"https:\/\/strangercam.com\/#website\"},\"primaryImageOfPage\":{\"@id\":\"https:\/\/strangercam.com\/roulette-chat\/#primaryimage\"},\"image\":{\"@id\":\"https:\/\/strangercam.com\/roulette-chat\/#primaryimage\"},\"thumbnailUrl\":\"https:\/\/strangercam.com\/wp-content\/uploads\/2020\/11\/stranger-cam-1.png\",\"datePublished\":\"2022-08-11T12:56:49+00:00\",\"dateModified\":\"2023-08-21T10:38:21+00:00\",\"description\":\"Like Roulette Chat? Come chat with more than 5.000.000 strangers on Stranger Cam for Free! Turn on your cam and find new friends & maby a match!\",\"breadcrumb\":{\"@id\":\"https:\/\/strangercam.com\/roulette-chat\/#breadcrumb\"},\"inLanguage\":\"tr\",\"potentialAction\":[{\"@type\":\"ReadAction\",\"target\":[\"https:\/\/strangercam.com\/roulette-chat\/\"]}]},{\"@type\":\"ImageObject\",\"inLanguage\":\"tr\",\"@id\":\"https:\/\/strangercam.com\/roulette-chat\/#primaryimage\",\"url\":\"https:\/\/strangercam.com\/wp-content\/uploads\/2020\/11\/stranger-cam-1.png\",\"contentUrl\":\"https:\/\/strangercam.com\/wp-content\/uploads\/2020\/11\/stranger-cam-1.png\",\"width\":800,\"height\":800,\"caption\":\"stranger cam random video chat\"},{\"@type\":\"BreadcrumbList\",\"@id\":\"https:\/\/strangercam.com\/roulette-chat\/#breadcrumb\",\"itemListElement\":[{\"@type\":\"ListItem\",\"position\":1,\"name\":\"Home\",\"item\":\"https:\/\/strangercam.com\/\"},{\"@type\":\"ListItem\",\"position\":2,\"name\":\"Roulette Chat\"}]},{\"@type\":\"WebSite\",\"@id\":\"https:\/\/strangercam.com\/#website\",\"url\":\"https:\/\/strangercam.com\/\",\"name\":\"Strangercam\",\"description\":\"Random Video Chat with Strangers\",\"publisher\":{\"@id\":\"https:\/\/strangercam.com\/#organization\"},\"alternateName\":\"Strangercam.com\",\"potentialAction\":[{\"@type\":\"SearchAction\",\"target\":{\"@type\":\"EntryPoint\",\"urlTemplate\":\"https:\/\/strangercam.com\/?s={search_term_string}\"},\"query-input\":{\"@type\":\"PropertyValueSpecification\",\"valueRequired\":true,\"valueName\":\"search_term_string\"}}],\"inLanguage\":\"tr\"},{\"@type\":\"Organization\",\"@id\":\"https:\/\/strangercam.com\/#organization\",\"name\":\"Strangercam\",\"alternateName\":\"Strangercam.com\",\"url\":\"https:\/\/strangercam.com\/\",\"logo\":{\"@type\":\"ImageObject\",\"inLanguage\":\"tr\",\"@id\":\"https:\/\/strangercam.com\/#\/schema\/logo\/image\/\",\"url\":\"https:\/\/strangercam.com\/wp-content\/uploads\/2020\/11\/cropped-new-favicon-black.png\",\"contentUrl\":\"https:\/\/strangercam.com\/wp-content\/uploads\/2020\/11\/cropped-new-favicon-black.png\",\"width\":512,\"height\":512,\"caption\":\"Strangercam\"},\"image\":{\"@id\":\"https:\/\/strangercam.com\/#\/schema\/logo\/image\/\"},\"sameAs\":[\"https:\/\/www.facebook.com\/strangercam\",\"https:\/\/x.com\/strangercamapp\"]}]}<\/script>\n<!-- \/ Yoast SEO plugin. -->","yoast_head_json":{"title":"Roulette Chat - StrangerCam.com'da yabanc\u0131larla sohbet edin","description":"Roulette Chat'yi be\u011fendiniz mi? Gelin Stranger Cam'de 5.000.000'dan fazla yabanc\u0131yla \u00dccretsiz sohbet edin! Kameran\u0131z\u0131 a\u00e7\u0131n ve yeni arkada\u015flar ve belki bir e\u015fle\u015fme bulun!","robots":{"index":"index","follow":"follow","max-snippet":"max-snippet:-1","max-image-preview":"max-image-preview:large","max-video-preview":"max-video-preview:-1"},"canonical":"https:\/\/strangercam.com\/tr\/roulette-chat\/","og_locale":"tr_TR","og_type":"article","og_title":"Roulette Chat - Chat with strangers on StrangerCam.com","og_description":"Like Roulette Chat? Come chat with more than 5.000.000 strangers on Stranger Cam for Free! Turn on your cam and find new friends & maby a match!","og_url":"https:\/\/strangercam.com\/tr\/roulette-chat\/","og_site_name":"Strangercam","article_publisher":"https:\/\/www.facebook.com\/strangercam","article_modified_time":"2023-08-21T10:38:21+00:00","og_image":[{"width":800,"height":800,"url":"https:\/\/strangercam.com\/wp-content\/uploads\/2020\/11\/stranger-cam-1.png","type":"image\/png"}],"twitter_card":"summary_large_image","twitter_site":"@strangercamapp","twitter_misc":{"Tahmini okuma s\u00fcresi":"5 dakika"},"schema":{"@context":"https:\/\/schema.org","@graph":[{"@type":"WebPage","@id":"https:\/\/strangercam.com\/roulette-chat\/","url":"https:\/\/strangercam.com\/roulette-chat\/","name":"Roulette Chat - StrangerCam.com'da yabanc\u0131larla sohbet edin","isPartOf":{"@id":"https:\/\/strangercam.com\/#website"},"primaryImageOfPage":{"@id":"https:\/\/strangercam.com\/roulette-chat\/#primaryimage"},"image":{"@id":"https:\/\/strangercam.com\/roulette-chat\/#primaryimage"},"thumbnailUrl":"https:\/\/strangercam.com\/wp-content\/uploads\/2020\/11\/stranger-cam-1.png","datePublished":"2022-08-11T12:56:49+00:00","dateModified":"2023-08-21T10:38:21+00:00","description":"Roulette Chat'yi be\u011fendiniz mi? Gelin Stranger Cam'de 5.000.000'dan fazla yabanc\u0131yla \u00dccretsiz sohbet edin! Kameran\u0131z\u0131 a\u00e7\u0131n ve yeni arkada\u015flar ve belki bir e\u015fle\u015fme bulun!","breadcrumb":{"@id":"https:\/\/strangercam.com\/roulette-chat\/#breadcrumb"},"inLanguage":"tr","potentialAction":[{"@type":"ReadAction","target":["https:\/\/strangercam.com\/roulette-chat\/"]}]},{"@type":"ImageObject","inLanguage":"tr","@id":"https:\/\/strangercam.com\/roulette-chat\/#primaryimage","url":"https:\/\/strangercam.com\/wp-content\/uploads\/2020\/11\/stranger-cam-1.png","contentUrl":"https:\/\/strangercam.com\/wp-content\/uploads\/2020\/11\/stranger-cam-1.png","width":800,"height":800,"caption":"stranger cam random video chat"},{"@type":"BreadcrumbList","@id":"https:\/\/strangercam.com\/roulette-chat\/#breadcrumb","itemListElement":[{"@type":"ListItem","position":1,"name":"Home","item":"https:\/\/strangercam.com\/"},{"@type":"ListItem","position":2,"name":"Roulette Chat"}]},{"@type":"WebSite","@id":"https:\/\/strangercam.com\/#website","url":"https:\/\/strangercam.com\/","name":"Strangercam","description":"Yabanc\u0131larla Rastgele G\u00f6r\u00fcnt\u00fcl\u00fc Sohbet","publisher":{"@id":"https:\/\/strangercam.com\/#organization"},"alternateName":"Strangercam.com","potentialAction":[{"@type":"SearchAction","target":{"@type":"EntryPoint","urlTemplate":"https:\/\/strangercam.com\/?s={search_term_string}"},"query-input":{"@type":"PropertyValueSpecification","valueRequired":true,"valueName":"search_term_string"}}],"inLanguage":"tr"},{"@type":"Organization","@id":"https:\/\/strangercam.com\/#organization","name":"Strangercam","alternateName":"Strangercam.com","url":"https:\/\/strangercam.com\/","logo":{"@type":"ImageObject","inLanguage":"tr","@id":"https:\/\/strangercam.com\/#\/schema\/logo\/image\/","url":"https:\/\/strangercam.com\/wp-content\/uploads\/2020\/11\/cropped-new-favicon-black.png","contentUrl":"https:\/\/strangercam.com\/wp-content\/uploads\/2020\/11\/cropped-new-favicon-black.png","width":512,"height":512,"caption":"Strangercam"},"image":{"@id":"https:\/\/strangercam.com\/#\/schema\/logo\/image\/"},"sameAs":["https:\/\/www.facebook.com\/strangercam","https:\/\/x.com\/strangercamapp"]}]}},"_links":{"self":[{"href":"https:\/\/strangercam.com\/tr\/wp-json\/wp\/v2\/pages\/11129","targetHints":{"allow":["GET"]}}],"collection":[{"href":"https:\/\/strangercam.com\/tr\/wp-json\/wp\/v2\/pages"}],"about":[{"href":"https:\/\/strangercam.com\/tr\/wp-json\/wp\/v2\/types\/page"}],"author":[{"embeddable":true,"href":"https:\/\/strangercam.com\/tr\/wp-json\/wp\/v2\/users\/6"}],"replies":[{"embeddable":true,"href":"https:\/\/strangercam.com\/tr\/wp-json\/wp\/v2\/comments?post=11129"}],"version-history":[{"count":0,"href":"https:\/\/strangercam.com\/tr\/wp-json\/wp\/v2\/pages\/11129\/revisions"}],"wp:featuredmedia":[{"embeddable":true,"href":"https:\/\/strangercam.com\/tr\/wp-json\/wp\/v2\/media\/559"}],"wp:attachment":[{"href":"https:\/\/strangercam.com\/tr\/wp-json\/wp\/v2\/media?parent=11129"}],"curies":[{"name":"wp","href":"https:\/\/api.w.org\/{rel}","templated":true}]}}